{"id":9434,"date":"2023-04-03T14:56:00","date_gmt":"2023-04-03T14:56:00","guid":{"rendered":"http:\/\/talkpal.ai\/tietoja\/"},"modified":"2026-03-06T16:35:07","modified_gmt":"2026-03-06T16:35:07","slug":"tietoja","status":"publish","type":"page","link":"https:\/\/talkpal.ai\/fi\/tietoja\/","title":{"rendered":"Tietoja"},"content":{"rendered":"\n<p id=\"h-\"><a href=\"https:\/\/talkpal.ai\/ko\/ai-%ec%96%b8%ec%96%b4-%ea%b5%90%ec%82%ac\/\">Talkpal<\/a>, Inc. on teko\u00e4lypohjainen kieltenopiskeluyritys, jonka tavoitteena on tehd\u00e4 mink\u00e4 tahansa kielen puhuminen kaikkien ulottuville, kaikkialla. Talkpal kehitt\u00e4\u00e4 yht\u00e4 maailman edistyneimmist\u00e4 teko\u00e4lykielen opetusalustoista, joka auttaa miljoonia oppijoita harjoittelemaan oikeita keskusteluja varmuudella.<\/p>\n\n<p>Talkpal perustettiin vuonna 2023, ja sen perustana on yksinkertainen mutta voimakas uskomus: kielten oppimisen ei pit\u00e4isi olla etuoikeus, vaan sen pit\u00e4isi olla kaikkien saatavilla. Yhdist\u00e4m\u00e4ll\u00e4 huippuluokan teko\u00e4ly\u00e4 kielelliseen asiantuntemukseen ja tutkimukseen Talkpal poistaa perinteiset esteet, kuten kustannukset, ajan ja puhumisen pelon, ja korvaa ne henkil\u00f6kohtaisella, paineettomalla harjoittelulla, joka on saatavilla 24\/7 useilla alustoilla.<\/p>\n\n<p>Nyky\u00e4\u00e4n Talkpal tukee yli 80 kielt\u00e4, palvelee miljoonia oppijoita yli 180 maassa ja on saatavilla verkossa, <a href=\"https:\/\/talkpal.ai\/es\/descargar-la-aplicacion-talkpal-para-android-e-ios\/\">iOS<\/a>:ss\u00e4 ja Androidissa.<\/p>\n\n<h2 class=\"wp-block-heading\" id=\"h-our-mission\">Teht\u00e4v\u00e4mme<\/h2>\n\n<p>Missiomme on mullistaa <a href=\"https:\/\/talkpal.ai\/fi\/paras-tapa-oppia\/\">kielten oppiminen<\/a> tarjoamalla mukaansatempaava, interaktiivinen ja yksil\u00f6llinen teko\u00e4lypohjainen kieltenopetuskokemus.<br\/><br\/>Pyrimme murtamaan kielimuurit, edist\u00e4m\u00e4\u00e4n maailmanlaajuisia yhteyksi\u00e4 ja luomaan intohimoisten oppijoiden yhteis\u00f6n, joka antaa heille mahdollisuuden kommunikoida itsevarmasti ja sujuvasti valitsemallaan kielell\u00e4.<\/p>\n\n<h2 class=\"wp-block-heading\" id=\"h-our-vision\">Visiomme<\/h2>\n\n<p>Visiomme on tulla maailman johtavaksi teko\u00e4lykielenopettajaksi, joka muuttaa tapaa, jolla ihmiset oppivat kieli\u00e4 immersiivisten, kontekstil\u00e4ht\u00f6isten keskustelujen ja mukautuvan oppimisteknologian avulla.<br\/><br\/>Tavoitteenamme on innostaa ja kasvattaa rakkautta kielten oppimiseen, rohkaista kulttuurivaihtoa ja kuroa umpeen viestint\u00e4kuilua rajojen yli, jotta voimme viime k\u00e4dess\u00e4 luoda entist\u00e4 verkottuneemman ja ymm\u00e4rt\u00e4v\u00e4isemm\u00e4n maailman.<\/p>\n\n<h2 class=\"wp-block-heading\" id=\"h-our-story\">Tarinamme<\/h2>\n\n<p>Talkpalin perustivat <a href=\"https:\/\/talkpal.ai\/locations\/language-courses-in-david\/\">David<\/a> Gegechkori (kuvassa vasemmalla) ja Dimitri Dekanozishvili (kuvassa oikealla), koska he olivat yhdess\u00e4 turhautuneita perinteisiin kieltenopiskelumenetelmiin, jotka eiv\u00e4t useinkaan valmistele oppijoita todellisessa maailmassa puhumiseen.<\/p>\n\n<div class=\"wp-block-columns is-layout-flex wp-container-core-columns-is-layout-9d6595d7 wp-block-columns-is-layout-flex\">\n<div class=\"wp-block-column is-layout-flow wp-block-column-is-layout-flow\" style=\"flex-basis:50%\"><div class=\"wp-block-image\">\n<figure class=\"alignleft size-large\"><img decoding=\"async\" width=\"1024\" height=\"683\" src=\"https:\/\/talkpal.ai\/wp-content\/uploads\/2025\/12\/Talkpal-Entrepreneur-1024x683.jpg\" alt=\"\" class=\"wp-image-1557444\" style=\"aspect-ratio:1.4992888417882142\" srcset=\"https:\/\/talkpal.ai\/wp-content\/uploads\/2025\/12\/Talkpal-Entrepreneur-1024x683.jpg 1024w, https:\/\/talkpal.ai\/wp-content\/uploads\/2025\/12\/Talkpal-Entrepreneur-300x200.jpg 300w, https:\/\/talkpal.ai\/wp-content\/uploads\/2025\/12\/Talkpal-Entrepreneur-768x512.jpg 768w, https:\/\/talkpal.ai\/wp-content\/uploads\/2025\/12\/Talkpal-Entrepreneur.jpg 1344w\" sizes=\"(max-width: 1024px) 100vw, 1024px\" \/><\/figure>\n<\/div><\/div>\n\n\n\n<div class=\"wp-block-column is-layout-flow wp-block-column-is-layout-flow\" style=\"flex-basis:50%\">\n<p>Alusta alkaen tavoite oli selke\u00e4: rakentaa teko\u00e4lykielinen kielikaveri, joka ei tunnu niink\u00e4\u00e4n oppikirjalta vaan enemm\u00e4nkin tukevalta keskustelukumppanilta. Nimi &#8221;Talkpal&#8221; kuvastaa t\u00e4t\u00e4 filosofiaa &#8211; yst\u00e4v\u00e4llinen, aina saatavilla oleva kumppani, joka rohkaisee oppijoita harjoittelemaan puhumista ilman pelkoa tuomitsemisesta.<\/p>\n\n\n\n<p>Talkpal aloitti verkkopohjaisena tuotteena, mutta laajeni nopeasti mobiilialustoille ja kokosi maailmanlaajuisen tiimin teko\u00e4lyinsin\u00f6\u00f6rej\u00e4, kielitieteilij\u00f6it\u00e4, opettajia, markkinoijia ja tuotesuunnittelijoita. Jatkuvan iteraation, tutkimuksen ja k\u00e4ytt\u00e4j\u00e4palautteen avulla Talkpal kehittyi kattavaksi teko\u00e4lyn kielenoppimisalustaksi, johon miljoonat ihmiset ymp\u00e4ri maailmaa luottavat.<\/p>\n<\/div>\n<\/div>\n\n<h2 class=\"wp-block-heading\" id=\"h-what-we-do\">Mit\u00e4 me teemme<\/h2>\n\n<p>Talkpal tarjoaa <a href=\"https:\/\/talkpal.ai\/fi\/word-tila-tekoalylla\/\">teko\u00e4lyll\u00e4<\/a> toimivia teksti- ja \u00e4\u00e4nioppimiskokemuksia, jotka on suunniteltu simuloimaan todellista inhimillist\u00e4 vuorovaikutusta. Alustamme mukautuu dynaamisesti kunkin oppijan tasoon, tavoitteisiin ja oppimistyyliin.<\/p>\n\n<p>T\u00e4rkeimpi\u00e4 ominaisuuksia ovat:<\/p>\n\n<ul class=\"wp-block-list\">\n<li>Luonnolliset teko\u00e4lykeskustelut puhumisen harjoittelua varten<\/li>\n\n\n\n<li>Reaaliaikainen <a href=\"https:\/\/talkpal.ai\/contact\/\">palaute<\/a> \u00e4\u00e4nt\u00e4misest\u00e4, kieliopista ja sujuvuudesta.<\/li>\n\n\n\n<li>Tukea aloittelijoille ja edistyneille oppijoille<\/li>\n\n\n\n<li>Oppitunteja yli 80 kielell\u00e4, mukaan lukien <a href=\"https:\/\/talkpal.ai\/learn-english-with-ai\/\">englanti<\/a>, <a href=\"https:\/\/talkpal.ai\/learn-spanish\/\">espanja<\/a>, saksa, ranska, <a href=\"https:\/\/talkpal.ai\/learn-italian\/\">italia<\/a>, japani, kiina, korea, arabia, hollanti, portugali, ruotsi, heprea, kreikka, turkki, suomi, afrikaans, albania, armenia, assami, azerbaid\u017ean, baskia, valkoven\u00e4j\u00e4n kieli, bengali, bosnian kieli, bulgaria, burmanin kieli, kantoninkielinen kieli, katalonialainen kieli, kroaatin kieli, t\u0161ekin kieli, tanskalainen kieli, virolainen kieli, galicialainen kieli, georgian kieli, gujarati kieli, hindi, unkari, islanti, indonesia, irlanti, jaavalainen, kannada, kazakki, khmer, laos, latvia, liettua, makedonialainen, malaiji, malajalam, malta, maori, marathi, mongoli, nepalilainen, norja, odia, Pashto, persia, puola, pand\u017eabi, romania, ven\u00e4j\u00e4, serbia, sinhala, slovakki, sloveeni, somali, swahili, tagalog, tamil, telugu, thai, ukraina, urdu, uzbekki, vietnam, walesin kieli, zulu ja muut.<\/li>\n\n\n\n<li>Freemium-malli, jossa on joustavat tilausratkaisut<\/li>\n\n\n\n<li>Yritysratkaisut yliopistoille, kielikouluille, yrityksille ja muille organisaatioille.<\/li>\n<\/ul>\n\n<p>Sis\u00e4lt\u00f6\u00e4 ja j\u00e4rjestelmi\u00e4 kehitet\u00e4\u00e4n yhteisty\u00f6ss\u00e4 kieliasiantuntijoiden ja teko\u00e4lytutkijoiden kanssa, mik\u00e4 takaa sek\u00e4 pedagogisen j\u00e4rkevyyden ett\u00e4 teknisen huippuosaamisen.<\/p>\n\n<h2 class=\"wp-block-heading\" id=\"h-research-backed-learning\">Tutkimukseen perustuva oppiminen<\/h2>\n\n<p>Talkpalin tehokkuutta on tutkittu useissa akateemisissa tutkimuksissa erityisesti kieltenopettajien ja kieltenopettajien yhteyksiss\u00e4. Tutkimukset ovat osoittaneet, ett\u00e4 oppijoiden puheen sujuvuus, \u00e4\u00e4nt\u00e4minen, kielioppi ja itseluottamus paranevat tilastollisesti merkitt\u00e4v\u00e4sti, kun he k\u00e4ytt\u00e4v\u00e4t Talkpalin kaltaisia teko\u00e4lyyn perustuvia keskusteluty\u00f6kaluja.<\/p>\n\n<p>T\u00e4m\u00e4 tutkimusl\u00e4ht\u00f6inen l\u00e4hestymistapa tukee sitoumustamme rakentaa innovatiivisen teknologian lis\u00e4ksi my\u00f6s mitattavasti tehokkaita kielten oppimiskokemuksia.<\/p>\n\n<h2 class=\"wp-block-heading\" id=\"h-trusted-by-learners-worldwide\">Oppijoiden luottamus maailmanlaajuisesti<\/h2>\n\n<p>Talkpal luottavat miljoonat k\u00e4ytt\u00e4j\u00e4t maailmanlaajuisesti, ja se saa jatkuvasti hyvi\u00e4 arvosanoja sovelluskaupoissa ja arvosteluymp\u00e4rist\u00f6iss\u00e4. Oppijat korostavat usein:<\/p>\n\n<ul class=\"wp-block-list\">\n<li>Paineeton ymp\u00e4rist\u00f6 puheharjoittelua varten<\/li>\n\n\n\n<li>V\u00e4lit\u00f6n, toimintakelpoinen palaute<\/li>\n\n\n\n<li>Joustavuus oppia milloin ja miss\u00e4 tahansa<\/li>\n\n\n\n<li>Mahdollisuus harjoitella ilman ihmiskielipartneria.<\/li>\n<\/ul>\n\n<h2 class=\"wp-block-heading\" id=\"h-our-commitment\">Sitoumuksemme<\/h2>\n\n<p>Talkpalissa olemme sitoutuneet:<\/p>\n\n<ul class=\"wp-block-list\">\n<li><strong>Innovaatio &#8211;<\/strong> jatkuva kehitys teko\u00e4lyn ja koulutusteknologian alalla<\/li>\n\n\n\n<li><strong>Laatu &#8211;<\/strong> tutkimukseen perustuvat oppimiskokemukset<\/li>\n\n\n\n<li><strong>Saavutettavuus &#8211;<\/strong> kohtuuhintainen, osallistava kieltenopiskelu kaikille<\/li>\n\n\n\n<li><strong>Maailmanlaajuinen vaikutus &#8211;<\/strong> kulttuurienv\u00e4lisen viestinn\u00e4n vahvistaminen<\/li>\n<\/ul>\n\n<p>Uskomme, ett\u00e4 kielell\u00e4 on voima muuttaa el\u00e4m\u00e4\u00e4 &#8211; ja teko\u00e4lyn avulla t\u00e4m\u00e4 voima voi tavoittaa kaikki.<\/p>\n\n<p><\/p>\n","protected":false},"excerpt":{"rendered":"<p>Talkpal, Inc. on teko\u00e4lypohjainen kieltenopiskeluyritys, jonka tavoitteena on tehd\u00e4 mink\u00e4 tahansa kielen puhuminen kaikkien ulottuville, kaikkialla. Talkpal kehitt\u00e4\u00e4 yht\u00e4 maailman edistyneimmist\u00e4 teko\u00e4lykielen opetusalustoista, joka auttaa miljoonia oppijoita harjoittelemaan oikeita keskusteluja varmuudella. Talkpal perustettiin vuonna 2023, ja sen perustana on yksinkertainen mutta voimakas uskomus: kielten oppimisen ei pit\u00e4isi olla etuoikeus, vaan sen pit\u00e4isi olla kaikkien saatavilla. [&hellip;]<\/p>\n","protected":false},"author":1,"featured_media":197953,"parent":0,"menu_order":0,"comment_status":"closed","ping_status":"closed","template":"","meta":{"_acf_changed":false,"footnotes":""},"class_list":["post-9434","page","type-page","status-publish","has-post-thumbnail","hentry"],"acf":[],"yoast_head":"<!-- This site is optimized with the Yoast SEO Premium plugin v27.2 (Yoast SEO v27.2) - https:\/\/yoast.com\/product\/yoast-seo-premium-wordpress\/ -->\n<title>Tietoja - Talkpal<\/title>\n<meta name=\"description\" content=\"Talkpal on GPT-pohjainen teko\u00e4lykielten opettaja, joka perustettiin uskomaan, ett\u00e4 kielten oppimisen tulisi olla kaikkien saatavilla.\" \/>\n<meta name=\"robots\" content=\"index, follow, max-snippet:-1, max-image-preview:large, max-video-preview:-1\" \/>\n<link rel=\"canonical\" href=\"https:\/\/talkpal.ai\/fi\/tietoja\/\" \/>\n<meta property=\"og:locale\" content=\"fi_FI\" \/>\n<meta property=\"og:type\" content=\"article\" \/>\n<meta property=\"og:title\" content=\"Tietoja\" \/>\n<meta property=\"og:description\" content=\"Talkpal, Inc. on teko\u00e4lypohjainen kieltenopiskeluyritys, jonka tavoitteena on tehd\u00e4 mink\u00e4 tahansa kielen puhuminen kaikkien ulottuville, kaikkialla.\" \/>\n<meta property=\"og:url\" content=\"https:\/\/talkpal.ai\/fi\/tietoja\/\" \/>\n<meta property=\"og:site_name\" content=\"Talkpal\" \/>\n<meta property=\"article:publisher\" content=\"https:\/\/www.facebook.com\/profile.php?id=100090733639311\" \/>\n<meta property=\"article:modified_time\" content=\"2026-03-06T16:35:07+00:00\" \/>\n<meta property=\"og:image\" content=\"https:\/\/talkpal.ai\/wp-content\/uploads\/2024\/03\/Talkpal-Logo-Icon.png\" \/>\n\t<meta property=\"og:image:width\" content=\"5000\" \/>\n\t<meta property=\"og:image:height\" content=\"5000\" \/>\n\t<meta property=\"og:image:type\" content=\"image\/png\" \/>\n<meta name=\"twitter:card\" content=\"summary_large_image\" \/>\n<meta name=\"twitter:site\" content=\"@talkpalai\" \/>\n<meta name=\"twitter:label1\" content=\"Arvioitu lukuaika\" \/>\n\t<meta name=\"twitter:data1\" content=\"3 minuuttia\" \/>\n<script type=\"application\/ld+json\" class=\"yoast-schema-graph\">{\"@context\":\"https:\/\/schema.org\",\"@graph\":[{\"@type\":\"WebPage\",\"@id\":\"https:\/\/talkpal.ai\/fi\/tietoja\/\",\"url\":\"https:\/\/talkpal.ai\/fi\/tietoja\/\",\"name\":\"Tietoja - Talkpal\",\"isPartOf\":{\"@id\":\"https:\/\/talkpal.ai\/fi\/#website\"},\"primaryImageOfPage\":{\"@id\":\"https:\/\/talkpal.ai\/fi\/tietoja\/#primaryimage\"},\"image\":{\"@id\":\"https:\/\/talkpal.ai\/fi\/tietoja\/#primaryimage\"},\"thumbnailUrl\":\"https:\/\/talkpal.ai\/wp-content\/uploads\/2024\/03\/Talkpal-Logo-Icon.png\",\"datePublished\":\"2023-04-03T14:56:00+00:00\",\"dateModified\":\"2026-03-06T16:35:07+00:00\",\"description\":\"Talkpal on GPT-pohjainen teko\u00e4lykielten opettaja, joka perustettiin uskomaan, ett\u00e4 kielten oppimisen tulisi olla kaikkien saatavilla.\",\"breadcrumb\":{\"@id\":\"https:\/\/talkpal.ai\/fi\/tietoja\/#breadcrumb\"},\"inLanguage\":\"fi\",\"potentialAction\":[{\"@type\":\"ReadAction\",\"target\":[\"https:\/\/talkpal.ai\/fi\/tietoja\/\"]}]},{\"@type\":\"ImageObject\",\"inLanguage\":\"fi\",\"@id\":\"https:\/\/talkpal.ai\/fi\/tietoja\/#primaryimage\",\"url\":\"https:\/\/talkpal.ai\/wp-content\/uploads\/2024\/03\/Talkpal-Logo-Icon.png\",\"contentUrl\":\"https:\/\/talkpal.ai\/wp-content\/uploads\/2024\/03\/Talkpal-Logo-Icon.png\",\"width\":5000,\"height\":5000,\"caption\":\"Talkpal-logo\"},{\"@type\":\"BreadcrumbList\",\"@id\":\"https:\/\/talkpal.ai\/fi\/tietoja\/#breadcrumb\",\"itemListElement\":[{\"@type\":\"ListItem\",\"position\":1,\"name\":\"Homepage\",\"item\":\"https:\/\/talkpal.ai\/fi\/\"},{\"@type\":\"ListItem\",\"position\":2,\"name\":\"Tietoja\"}]},{\"@type\":\"WebSite\",\"@id\":\"https:\/\/talkpal.ai\/fi\/#website\",\"url\":\"https:\/\/talkpal.ai\/fi\/\",\"name\":\"Talkpal\",\"description\":\"AI Language Learning\",\"publisher\":{\"@id\":\"https:\/\/talkpal.ai\/fi\/#organization\"},\"alternateName\":\"Talkpal AI\",\"potentialAction\":[{\"@type\":\"SearchAction\",\"target\":{\"@type\":\"EntryPoint\",\"urlTemplate\":\"https:\/\/talkpal.ai\/fi\/?s={search_term_string}\"},\"query-input\":{\"@type\":\"PropertyValueSpecification\",\"valueRequired\":true,\"valueName\":\"search_term_string\"}}],\"inLanguage\":\"fi\"},{\"@type\":\"Organization\",\"@id\":\"https:\/\/talkpal.ai\/fi\/#organization\",\"name\":\"Talkpal, Inc.\",\"alternateName\":\"Talkpal AI\",\"url\":\"https:\/\/talkpal.ai\/fi\/\",\"logo\":{\"@type\":\"ImageObject\",\"inLanguage\":\"fi\",\"@id\":\"https:\/\/talkpal.ai\/fi\/#\/schema\/logo\/image\/\",\"url\":\"https:\/\/talkpal.ai\/wp-content\/uploads\/2024\/03\/Talkpal-Logo-Icon.png\",\"contentUrl\":\"https:\/\/talkpal.ai\/wp-content\/uploads\/2024\/03\/Talkpal-Logo-Icon.png\",\"width\":2880,\"height\":2880,\"caption\":\"Talkpal, Inc.\"},\"image\":{\"@id\":\"https:\/\/talkpal.ai\/fi\/#\/schema\/logo\/image\/\"},\"sameAs\":[\"https:\/\/www.facebook.com\/profile.php?id=100090733639311\",\"https:\/\/x.com\/talkpalai\",\"https:\/\/www.linkedin.com\/company\/talkpal\/\",\"https:\/\/www.youtube.com\/@TalkPal\/\",\"https:\/\/www.tiktok.com\/@talkpal\",\"https:\/\/www.instagram.com\/talkpal_ai\/\",\"https:\/\/www.crunchbase.com\/organization\/talkpal-9cde\",\"https:\/\/www.g2.com\/products\/talkpal-for-business\/\",\"https:\/\/www.trustpilot.com\/review\/talkpal.ai\",\"https:\/\/www.capterra.com\/p\/10006800\/TalkPal\/\"],\"description\":\"Talkpal is a language learning web and mobile education app, powered by the latest AI technologies, that provides engaging experiences to its customers in many different languages to help them improve their language skills. Users can chat about unlimited amount of topics with the app and use other modes to practice their language learning.\",\"email\":\"support@talkpal.ai\",\"legalName\":\"Talkpal, Inc.\",\"foundingDate\":\"2023-04-03\",\"duns\":\"118989042\",\"numberOfEmployees\":{\"@type\":\"QuantitativeValue\",\"minValue\":\"11\",\"maxValue\":\"50\"},\"publishingPrinciples\":\"https:\/\/talkpal.ai\/publishing-principles\/\",\"actionableFeedbackPolicy\":\"https:\/\/talkpal.ai\/actionable-feedback-policy\/\",\"correctionsPolicy\":\"https:\/\/talkpal.ai\/corrections-policy\/\",\"ethicsPolicy\":\"https:\/\/talkpal.ai\/ethics-policy\/\",\"diversityPolicy\":\"https:\/\/talkpal.ai\/diversity-policy\/\",\"diversityStaffingReport\":\"https:\/\/talkpal.ai\/diversity-policy\/\"}]}<\/script>\n<!-- \/ Yoast SEO Premium plugin. -->","yoast_head_json":{"title":"Tietoja - Talkpal","description":"Talkpal on GPT-pohjainen teko\u00e4lykielten opettaja, joka perustettiin uskomaan, ett\u00e4 kielten oppimisen tulisi olla kaikkien saatavilla.","robots":{"index":"index","follow":"follow","max-snippet":"max-snippet:-1","max-image-preview":"max-image-preview:large","max-video-preview":"max-video-preview:-1"},"canonical":"https:\/\/talkpal.ai\/fi\/tietoja\/","og_locale":"fi_FI","og_type":"article","og_title":"Tietoja","og_description":"Talkpal, Inc. on teko\u00e4lypohjainen kieltenopiskeluyritys, jonka tavoitteena on tehd\u00e4 mink\u00e4 tahansa kielen puhuminen kaikkien ulottuville, kaikkialla.","og_url":"https:\/\/talkpal.ai\/fi\/tietoja\/","og_site_name":"Talkpal","article_publisher":"https:\/\/www.facebook.com\/profile.php?id=100090733639311","article_modified_time":"2026-03-06T16:35:07+00:00","og_image":[{"width":5000,"height":5000,"url":"https:\/\/talkpal.ai\/wp-content\/uploads\/2024\/03\/Talkpal-Logo-Icon.png","type":"image\/png"}],"twitter_card":"summary_large_image","twitter_site":"@talkpalai","twitter_misc":{"Arvioitu lukuaika":"3 minuuttia"},"schema":{"@context":"https:\/\/schema.org","@graph":[{"@type":"WebPage","@id":"https:\/\/talkpal.ai\/fi\/tietoja\/","url":"https:\/\/talkpal.ai\/fi\/tietoja\/","name":"Tietoja - Talkpal","isPartOf":{"@id":"https:\/\/talkpal.ai\/fi\/#website"},"primaryImageOfPage":{"@id":"https:\/\/talkpal.ai\/fi\/tietoja\/#primaryimage"},"image":{"@id":"https:\/\/talkpal.ai\/fi\/tietoja\/#primaryimage"},"thumbnailUrl":"https:\/\/talkpal.ai\/wp-content\/uploads\/2024\/03\/Talkpal-Logo-Icon.png","datePublished":"2023-04-03T14:56:00+00:00","dateModified":"2026-03-06T16:35:07+00:00","description":"Talkpal on GPT-pohjainen teko\u00e4lykielten opettaja, joka perustettiin uskomaan, ett\u00e4 kielten oppimisen tulisi olla kaikkien saatavilla.","breadcrumb":{"@id":"https:\/\/talkpal.ai\/fi\/tietoja\/#breadcrumb"},"inLanguage":"fi","potentialAction":[{"@type":"ReadAction","target":["https:\/\/talkpal.ai\/fi\/tietoja\/"]}]},{"@type":"ImageObject","inLanguage":"fi","@id":"https:\/\/talkpal.ai\/fi\/tietoja\/#primaryimage","url":"https:\/\/talkpal.ai\/wp-content\/uploads\/2024\/03\/Talkpal-Logo-Icon.png","contentUrl":"https:\/\/talkpal.ai\/wp-content\/uploads\/2024\/03\/Talkpal-Logo-Icon.png","width":5000,"height":5000,"caption":"Talkpal-logo"},{"@type":"BreadcrumbList","@id":"https:\/\/talkpal.ai\/fi\/tietoja\/#breadcrumb","itemListElement":[{"@type":"ListItem","position":1,"name":"Homepage","item":"https:\/\/talkpal.ai\/fi\/"},{"@type":"ListItem","position":2,"name":"Tietoja"}]},{"@type":"WebSite","@id":"https:\/\/talkpal.ai\/fi\/#website","url":"https:\/\/talkpal.ai\/fi\/","name":"Talkpal","description":"AI Language Learning","publisher":{"@id":"https:\/\/talkpal.ai\/fi\/#organization"},"alternateName":"Talkpal AI","potentialAction":[{"@type":"SearchAction","target":{"@type":"EntryPoint","urlTemplate":"https:\/\/talkpal.ai\/fi\/?s={search_term_string}"},"query-input":{"@type":"PropertyValueSpecification","valueRequired":true,"valueName":"search_term_string"}}],"inLanguage":"fi"},{"@type":"Organization","@id":"https:\/\/talkpal.ai\/fi\/#organization","name":"Talkpal, Inc.","alternateName":"Talkpal AI","url":"https:\/\/talkpal.ai\/fi\/","logo":{"@type":"ImageObject","inLanguage":"fi","@id":"https:\/\/talkpal.ai\/fi\/#\/schema\/logo\/image\/","url":"https:\/\/talkpal.ai\/wp-content\/uploads\/2024\/03\/Talkpal-Logo-Icon.png","contentUrl":"https:\/\/talkpal.ai\/wp-content\/uploads\/2024\/03\/Talkpal-Logo-Icon.png","width":2880,"height":2880,"caption":"Talkpal, Inc."},"image":{"@id":"https:\/\/talkpal.ai\/fi\/#\/schema\/logo\/image\/"},"sameAs":["https:\/\/www.facebook.com\/profile.php?id=100090733639311","https:\/\/x.com\/talkpalai","https:\/\/www.linkedin.com\/company\/talkpal\/","https:\/\/www.youtube.com\/@TalkPal\/","https:\/\/www.tiktok.com\/@talkpal","https:\/\/www.instagram.com\/talkpal_ai\/","https:\/\/www.crunchbase.com\/organization\/talkpal-9cde","https:\/\/www.g2.com\/products\/talkpal-for-business\/","https:\/\/www.trustpilot.com\/review\/talkpal.ai","https:\/\/www.capterra.com\/p\/10006800\/TalkPal\/"],"description":"Talkpal is a language learning web and mobile education app, powered by the latest AI technologies, that provides engaging experiences to its customers in many different languages to help them improve their language skills. Users can chat about unlimited amount of topics with the app and use other modes to practice their language learning.","email":"support@talkpal.ai","legalName":"Talkpal, Inc.","foundingDate":"2023-04-03","duns":"118989042","numberOfEmployees":{"@type":"QuantitativeValue","minValue":"11","maxValue":"50"},"publishingPrinciples":"https:\/\/talkpal.ai\/publishing-principles\/","actionableFeedbackPolicy":"https:\/\/talkpal.ai\/actionable-feedback-policy\/","correctionsPolicy":"https:\/\/talkpal.ai\/corrections-policy\/","ethicsPolicy":"https:\/\/talkpal.ai\/ethics-policy\/","diversityPolicy":"https:\/\/talkpal.ai\/diversity-policy\/","diversityStaffingReport":"https:\/\/talkpal.ai\/diversity-policy\/"}]}},"_links":{"self":[{"href":"https:\/\/talkpal.ai\/fi\/wp-json\/wp\/v2\/pages\/9434","targetHints":{"allow":["GET"]}}],"collection":[{"href":"https:\/\/talkpal.ai\/fi\/wp-json\/wp\/v2\/pages"}],"about":[{"href":"https:\/\/talkpal.ai\/fi\/wp-json\/wp\/v2\/types\/page"}],"author":[{"embeddable":true,"href":"https:\/\/talkpal.ai\/fi\/wp-json\/wp\/v2\/users\/1"}],"replies":[{"embeddable":true,"href":"https:\/\/talkpal.ai\/fi\/wp-json\/wp\/v2\/comments?post=9434"}],"version-history":[{"count":0,"href":"https:\/\/talkpal.ai\/fi\/wp-json\/wp\/v2\/pages\/9434\/revisions"}],"wp:featuredmedia":[{"embeddable":true,"href":"https:\/\/talkpal.ai\/fi\/wp-json\/wp\/v2\/media\/197953"}],"wp:attachment":[{"href":"https:\/\/talkpal.ai\/fi\/wp-json\/wp\/v2\/media?parent=9434"}],"curies":[{"name":"wp","href":"https:\/\/api.w.org\/{rel}","templated":true}]}}