{"id":91693,"date":"2023-06-15T07:00:21","date_gmt":"2023-06-15T07:00:21","guid":{"rendered":"http:\/\/talkpal.ai\/espanjan-kielioppiharjoitukset\/"},"modified":"2025-12-17T16:37:46","modified_gmt":"2025-12-17T16:37:46","slug":"espanjan-kielioppiharjoitukset","status":"publish","type":"page","link":"https:\/\/talkpal.ai\/fi\/espanjan-kielioppiharjoitukset\/","title":{"rendered":"Espanjan kielioppiharjoitukset"},"content":{"rendered":"\r\n\r\n\r\n<section class=\"languageChallengeSection\">\r\n    <div class=\"languageInfoWrapper\">\r\n        \r\n        <h1>Espanjan kielioppiharjoitukset<\/h1>\r\n        <p>Oletko valmis parantamaan espanjaasi? Kielioppiharjoitukset ovat hyv\u00e4 tapa hallita lauserakennetta, verbien taivutuksia ja espanjan kielen ainutlaatuisia malleja. Aloita espanjan kieliopin harjoittelu jo t\u00e4n\u00e4\u00e4n ja n\u00e4e itseluottamuksesi ja sujuvuutesi kasvavan jokaisen harjoituksen my\u00f6t\u00e4!\n\n<\/p>\r\n\r\n                            <a class=\"getStartedHidden\" href=\"https:\/\/app.talkpal.ai\/fi\/signup?lng=\">Aloita<\/a>\r\n        \r\n    <\/div>\r\n\r\n    <figure>\r\n    <img decoding=\"async\" width=\"768\" height=\"768\" src=\"https:\/\/talkpal.ai\/wp-content\/uploads\/2023\/06\/Spanish-768x768.png\" class=\"languageImage no-lazy\" alt=\"Default alt text\" fetchpriority=\"high\" sizes=\"(max-width: 768px) 150px, 768px\" srcset=\"https:\/\/talkpal.ai\/wp-content\/uploads\/2023\/06\/Spanish-768x768.png 768w, https:\/\/talkpal.ai\/wp-content\/uploads\/2023\/06\/Spanish-300x300.png 300w\" \/>\r\n    \r\n\r\n    <\/figure>\r\n\r\n            <a class=\"getStartedVisible\" href=\"https:\/\/app.talkpal.ai\/fi\/signup?lng=\">Aloita<\/a>\r\n    \r\n<\/section>\r\n\r\n\r\n<!-- <section class=\"grammarSection\">\r\n    <div class=\"grammarLinks\">\r\n        <a href=\"https:\/\/talkpal.ai\/fi\/exercise_language\/adjektiivit-fi-3\/\">Adjektiivit <\/a><a href=\"https:\/\/talkpal.ai\/fi\/exercise_language\/adverbit-fi-3\/\">Adverbit <\/a><a href=\"https:\/\/talkpal.ai\/fi\/exercise_language\/tensien-subjunktiivi\/\">Aikamuodot Konjunktiivi <\/a><a href=\"https:\/\/talkpal.ai\/fi\/exercise_language\/aikamuotojen-vertailu-espanjan-kielioppi\/\">Aikamuotojen vertailu <\/a><a href=\"https:\/\/talkpal.ai\/fi\/exercise_language\/artikkelit-fi-2\/\">Artikkelit <\/a><a href=\"https:\/\/talkpal.ai\/fi\/exercise_language\/tensi-fi-2\/\">Indikatiiviset aikamuodot <\/a><a href=\"https:\/\/talkpal.ai\/fi\/exercise_language\/lause-rakenne-fi-2\/\">Lauserakenne <\/a><a href=\"https:\/\/talkpal.ai\/fi\/exercise_language\/prepositiot-fi-3\/\">Prepositiot <\/a><a href=\"https:\/\/talkpal.ai\/fi\/exercise_language\/pronominit-fi\/\">Pronominit <\/a><a href=\"https:\/\/talkpal.ai\/fi\/exercise_language\/substantiivit-fi-2\/\">Substantiivit <\/a><a href=\"https:\/\/talkpal.ai\/fi\/exercise_language\/verbit-fi-3\/\">Verbit <\/a>    <\/div>\r\n<\/section> -->\r\n\r\n\r\n\r\n\r\n        <section class=\"grammarSection\">\r\n            <div class=\"grammarLinks\">\r\n                <a href=\"https:\/\/talkpal.ai\/fi\/exercise_language\/adjektiivit-fi-3\/\">Adjektiivit <\/a><a href=\"https:\/\/talkpal.ai\/fi\/exercise_language\/adverbit-fi-3\/\">Adverbit <\/a><a href=\"https:\/\/talkpal.ai\/fi\/exercise_language\/tensien-subjunktiivi\/\">Aikamuodot Konjunktiivi <\/a><a href=\"https:\/\/talkpal.ai\/fi\/exercise_language\/aikamuotojen-vertailu-espanjan-kielioppi\/\">Aikamuotojen vertailu <\/a><a href=\"https:\/\/talkpal.ai\/fi\/exercise_language\/artikkelit-fi-2\/\">Artikkelit <\/a><a href=\"https:\/\/talkpal.ai\/fi\/exercise_language\/tensi-fi-2\/\">Indikatiiviset aikamuodot <\/a><a href=\"https:\/\/talkpal.ai\/fi\/exercise_language\/lause-rakenne-fi-2\/\">Lauserakenne <\/a><a href=\"https:\/\/talkpal.ai\/fi\/exercise_language\/prepositiot-fi-3\/\">Prepositiot <\/a><a href=\"https:\/\/talkpal.ai\/fi\/exercise_language\/pronominit-fi\/\">Pronominit <\/a><a href=\"https:\/\/talkpal.ai\/fi\/exercise_language\/substantiivit-fi-2\/\">Substantiivit <\/a><a href=\"https:\/\/talkpal.ai\/fi\/exercise_language\/verbit-fi-3\/\">Verbit <\/a>            <\/div>\r\n        <\/section>\r\n<section class=\"promotionalBanner\">\r\n    <p class=\"promotionalText\">Tehokkain tapa oppia kielt\u00e4<\/p>\r\n    <a class=\"promotionalLink\" href=\"https:\/\/app.talkpal.ai\/fi\/signup?lng=\">Kokeile Talkpal ilmaiseksi<\/a>\r\n<\/section>\n<div class=\"wp-block-group pageContainerStyle\"><div class=\"wp-block-group__inner-container is-layout-constrained wp-block-group-is-layout-constrained\">\n<h2 class=\"wp-block-heading\" id=\"h-spanish-grammar-topics\">Espanjan kieliopin aiheet<\/h2>\n\n\n\n<p>Uuden <a href=\"https:\/\/talkpal.ai\/fi\/paras-tapa-oppia-2\/\">kielen oppiminen<\/a> voi olla j\u00e4nnitt\u00e4v\u00e4 ja palkitseva yritys, eik\u00e4 <a href=\"https:\/\/talkpal.ai\/learn-spanish\/\">espanja<\/a> ole poikkeus. Maailman toiseksi puhutuimpana kielen\u00e4 se voi avata uusia mahdollisuuksia matkustamiseen, ty\u00f6h\u00f6n ja kulttuurivaihtoon. Olitpa t\u00e4ysin aloittelija <a href=\"https:\/\/talkpal.ai\/learn-thai\/\">tai<\/a> haluat parantaa olemassa olevia taitojasi, espanjan kieliopin ymm\u00e4rt\u00e4minen ja hallitseminen on v\u00e4ltt\u00e4m\u00e4t\u00f6nt\u00e4. Aikamuodoista ja verbeist\u00e4 lauserakenteeseen ja prepositioihin, jokaisella kielen osa-alueella on ratkaiseva rooli kyvyss\u00e4si kommunikoida tehokkaasti. T\u00e4ss\u00e4 oppaassa tutkimme t\u00e4rkeit\u00e4 espanjan kielioppiaiheita ja esittelemme ne loogisessa j\u00e4rjestyksess\u00e4, jotta voit oppia kielt\u00e4 helposti.<\/p>\n\n\n\n<h3 class=\"wp-block-heading\" id=\"h-1-nouns-and-articles\">1. Substantiivit ja artikkelit:<\/h3>\n\n\n\n<p>Aloita tutustumalla espanjalaisiin substantiiveihin ja niiden sukupuoleen sek\u00e4 tarkkoihin ja m\u00e4\u00e4rittelem\u00e4tt\u00f6miin artikkeleihin. N\u00e4m\u00e4 perusrakennuspalikat auttavat sinua ymm\u00e4rt\u00e4m\u00e4\u00e4n ja muodostamaan yksinkertaisia lauseita ja lauseita.<\/p>\n\n\n\n<h3 class=\"wp-block-heading\" id=\"h-2-adjectives\">2. Adjektiivit:<\/h3>\n\n\n\n<p>Adjektiivit ovat v\u00e4ltt\u00e4m\u00e4tt\u00f6mi\u00e4 substantiivien kuvaamisessa, ja espanjaksi niiden on oltava sukupuoleltaan ja lukum\u00e4\u00e4r\u00e4lt\u00e4\u00e4n samaa mielt\u00e4 muokkaamansa substantiivin kanssa. Adjektiivien sijoittelua ja sopimista koskevien s\u00e4\u00e4nt\u00f6jen oppiminen parantaa huomattavasti kyky\u00e4si ilmaista itse\u00e4si espanjaksi.<\/p>\n\n\n\n<h3 class=\"wp-block-heading\" id=\"h-3-pronouns\">3. Pronominit:<\/h3>\n\n\n\n<p>Pronominit korvaavat substantiivit ja ovat elint\u00e4rkeit\u00e4, jotta keskustelu olisi sujuvampaa ja luonnollisempaa. Keskity subjektipronomineihin, suoriin ja ep\u00e4suoriin objektipronomineihin sek\u00e4 refleksiivipronomineihin varmistaen, ett\u00e4 ymm\u00e4rr\u00e4t niiden k\u00e4yt\u00f6n ja sijoittelun lauseissa.<\/p>\n\n\n\n<h3 class=\"wp-block-heading\" id=\"h-4-verbs\">4. Verbit:<\/h3>\n\n\n\n<p>Verbit ovat mink\u00e4 tahansa kielen selk\u00e4ranka, eik\u00e4 espanja ole erilainen. Aloita oppimalla yleisimm\u00e4t s\u00e4\u00e4nn\u00f6lliset ja <a href=\"https:\/\/talkpal.ai\/fi\/grammar\/epasaannolliset-verbit-azerbaidzanin-kielioppissa\/\">ep\u00e4s\u00e4\u00e4nn\u00f6lliset verbit<\/a> sek\u00e4 niiden taivutukset nykyisess\u00e4 j\u00e4nnittyneess\u00e4 indikatiivisessa tunnelmassa.<\/p>\n\n\n\n<h3 class=\"wp-block-heading\" id=\"h-5-tenses-indicative\">5. Aikamuodot ohjeellisia:<\/h3>\n\n\n\n<p>Kun olet oppinut verbien taivutuksen perusteet, laajenna tiet\u00e4myst\u00e4si sis\u00e4lt\u00e4m\u00e4\u00e4n muita indikatiivisia aikamuotoja, kuten preterite, imperfekti, futuuri ja konditionaali. N\u00e4in voit ilmaista toimintoja ja tapahtumia eri aikav\u00e4leill\u00e4.<\/p>\n\n\n\n<h3 class=\"wp-block-heading\" id=\"h-6-adverbs\">6. Adverbit:<\/h3>\n\n\n\n<p><a href=\"https:\/\/talkpal.ai\/fi\/grammar\/paikan-tsekin-kielioppi-adverbit\/\">Adverbit<\/a> antavat lis\u00e4tietoja verbeist\u00e4, adjektiiveista tai muista adverbeista. Opi erityyppisi\u00e4 adverbeja ja niiden sijoittamista lauseisiin lis\u00e4t\u00e4ksesi puheesi yksityiskohtia ja vivahteita.<\/p>\n\n\n\n<h3 class=\"wp-block-heading\" id=\"h-7-prepositions\">7. Prepositiot:<\/h3>\n\n\n\n<p><a href=\"https:\/\/talkpal.ai\/fi\/grammar\/kohdan-kannadan-kieliopissa-prepositiot\/\">Prepositiot<\/a> ovat v\u00e4ltt\u00e4m\u00e4tt\u00f6mi\u00e4 sanojen v\u00e4listen suhteiden, kuten sijainnin, suunnan tai ajan, ilmaisemiseksi. Tutustu yleisimpiin espanjalaisiin prepositioihin ja niiden k\u00e4ytt\u00f6\u00f6n eri yhteyksiss\u00e4.<\/p>\n\n\n\n<h3 class=\"wp-block-heading\" id=\"h-8-tenses-subjunctive\">8. Aikamuodot subjunktiivinen:<\/h3>\n\n\n\n<p>Subjunktiivista mielialaa k\u00e4ytet\u00e4\u00e4n ilmaisemaan ep\u00e4ilyksi\u00e4, ep\u00e4varmuutta tai hypoteettisia tilanteita. Tutki s\u00e4\u00e4nn\u00f6llisten ja ep\u00e4s\u00e4\u00e4nn\u00f6llisten verbien taivutuss\u00e4\u00e4nt\u00f6j\u00e4 nykyisess\u00e4, menneess\u00e4 ja tulevassa subjunktiivisessa aikamuodossa laajentaaksesi ilmaisukyky\u00e4si.<\/p>\n\n\n\n<h3 class=\"wp-block-heading\" id=\"h-9-tense-comparison\">9. Aikamuotojen vertailu:<\/h3>\n\n\n\n<p>Eri aikamuotojen ja tunnelmien v\u00e4listen vivahteiden ymm\u00e4rt\u00e4minen auttaa sinua valitsemaan sopivan muodon aiotun merkityksen v\u00e4litt\u00e4miseksi. Harjoittele indikatiivisten ja subjunktiivisten aikamuotojen sek\u00e4 erilaisten menneiden aikamuotojen vertailua ja vastakkainasettelua saadaksesi paremman kielihallinnan.<\/p>\n\n\n\n<h3 class=\"wp-block-heading\" id=\"h-10-sentence-structure\">10. Lauseen rakenne:<\/h3>\n\n\n\n<p>Tutustu lopuksi erilaisiin lauserakenteisiin, mukaan lukien yksinkertaiset, yhdistetyt ja monimutkaiset lauseet. Opi k\u00e4ytt\u00e4m\u00e4\u00e4n koordinoivia ja alisteisia konjunktioita monimutkaisempien ideoiden luomiseen ja kehitt\u00e4m\u00e4\u00e4n kyky\u00e4si kommunikoida tehokkaasti espanjaksi.<\/p>\n<\/div><\/div>\n\r\n<section class=\"learnNavigationSection\">\r\n            \r\n        <a href=\"https:\/\/talkpal.ai\/fi\/opi-espanjaa\/\">\r\n            <div class=\"learnNavigationWrapper\">\r\n                <div class=\"learnNavigationContent\">\r\n                    <img decoding=\"async\" src=\"https:\/\/talkpal.ai\/wp-content\/uploads\/2024\/08\/Spanish.jpg\" alt=\"Spanish Flag\">\r\n                    <div>\r\n                        <h4>Tietoa espanjan oppimisesta<\/h4>\r\n                        <p>Tutustu espanjan kielioppiin.<\/p>\r\n                    <\/div>\r\n                <\/div>\r\n            <\/div>\r\n        <\/a>\r\n\r\n        \r\n        <a href=\"https:\/\/talkpal.ai\/fi\/espanjan-kielioppi\/\">\r\n            <div class=\"learnNavigationWrapper\">\r\n                <div class=\"learnNavigationContent\">\r\n                    <img decoding=\"async\" src=\"https:\/\/talkpal.ai\/wp-content\/uploads\/2024\/08\/Spanish.jpg\" alt=\"Spanish Flag\">\r\n                    <div>\r\n                        <h4>Espanjan kielioppitunnit<\/h4>\r\n                        <p>Harjoittele espanjan kielioppia.<\/p>\r\n                    <\/div>\r\n                <\/div>\r\n            <\/div>\r\n        <\/a>\r\n\r\n        \r\n        <a href=\"https:\/\/talkpal.ai\/vocabulary_language\/spanish\/\">\r\n            <div class=\"learnNavigationWrapper\">\r\n                <div class=\"learnNavigationContent\">\r\n                    <img decoding=\"async\" src=\"https:\/\/talkpal.ai\/wp-content\/uploads\/2024\/08\/Spanish.jpg\" alt=\"Spanish Flag\">\r\n                    <div>\r\n                        <h4>Espanjan sanastoa<\/h4>\r\n                        <p>Laajenna espanjan kielen sanavarastoasi.<\/p>\r\n                    <\/div>\r\n                <\/div>\r\n            <\/div>\r\n        <\/a>\r\n\r\n            <\/section>","protected":false},"excerpt":{"rendered":"<p>Espanjan kieliopin aiheet Uuden kielen oppiminen voi olla j\u00e4nnitt\u00e4v\u00e4 ja palkitseva yritys, eik\u00e4 espanja ole poikkeus. Maailman toiseksi puhutuimpana kielen\u00e4 se voi avata uusia mahdollisuuksia matkustamiseen, ty\u00f6h\u00f6n ja kulttuurivaihtoon. Olitpa t\u00e4ysin aloittelija tai haluat parantaa olemassa olevia taitojasi, espanjan kieliopin ymm\u00e4rt\u00e4minen ja hallitseminen on v\u00e4ltt\u00e4m\u00e4t\u00f6nt\u00e4. Aikamuodoista ja verbeist\u00e4 lauserakenteeseen ja prepositioihin, jokaisella kielen osa-alueella on [&hellip;]<\/p>\n","protected":false},"author":1,"featured_media":6260,"parent":0,"menu_order":0,"comment_status":"closed","ping_status":"closed","template":"LearningContentPage.php","meta":{"_acf_changed":false,"footnotes":""},"class_list":["post-91693","page","type-page","status-publish","has-post-thumbnail","hentry"],"acf":[],"yoast_head":"<!-- This site is optimized with the Yoast SEO Premium plugin v27.2 (Yoast SEO v27.2) - https:\/\/yoast.com\/product\/yoast-seo-premium-wordpress\/ -->\n<title>Espanjan kielioppiharjoitukset - Talkpal<\/title>\n<meta name=\"description\" content=\"Paranna espanjan kielioppia interaktiivisilla harjoituksilla, jotka on suunniteltu kaikille taitotasoille. Harjoittele verbej\u00e4, lauserakennetta, sanastoa ja paljon muuta!\" \/>\n<meta name=\"robots\" content=\"index, follow, max-snippet:-1, max-image-preview:large, max-video-preview:-1\" \/>\n<link rel=\"canonical\" href=\"https:\/\/talkpal.ai\/fi\/espanjan-kielioppiharjoitukset\/\" \/>\n<meta property=\"og:locale\" content=\"fi_FI\" \/>\n<meta property=\"og:type\" content=\"article\" \/>\n<meta property=\"og:title\" content=\"Espanjan kielioppiharjoitukset\" \/>\n<meta property=\"og:description\" content=\"Espanjan kieliopin aiheet Uuden kielen oppiminen voi olla j\u00e4nnitt\u00e4v\u00e4 ja palkitseva yritys, eik\u00e4 espanja ole poikkeus. Maailman toiseksi puhutuimpana\" \/>\n<meta property=\"og:url\" content=\"https:\/\/talkpal.ai\/fi\/espanjan-kielioppiharjoitukset\/\" \/>\n<meta property=\"og:site_name\" content=\"Talkpal\" \/>\n<meta property=\"article:publisher\" content=\"https:\/\/www.facebook.com\/profile.php?id=100090733639311\" \/>\n<meta property=\"article:modified_time\" content=\"2025-12-17T16:37:46+00:00\" \/>\n<meta property=\"og:image\" content=\"https:\/\/talkpal.ai\/wp-content\/uploads\/2023\/03\/spain.png\" \/>\n\t<meta property=\"og:image:width\" content=\"512\" \/>\n\t<meta property=\"og:image:height\" content=\"512\" \/>\n\t<meta property=\"og:image:type\" content=\"image\/png\" \/>\n<meta name=\"twitter:card\" content=\"summary_large_image\" \/>\n<meta name=\"twitter:site\" content=\"@talkpalai\" \/>\n<meta name=\"twitter:label1\" content=\"Arvioitu lukuaika\" \/>\n\t<meta name=\"twitter:data1\" content=\"2 minuuttia\" \/>\n<script type=\"application\/ld+json\" class=\"yoast-schema-graph\">{\"@context\":\"https:\/\/schema.org\",\"@graph\":[{\"@type\":\"WebPage\",\"@id\":\"https:\/\/talkpal.ai\/fi\/espanjan-kielioppiharjoitukset\/\",\"url\":\"https:\/\/talkpal.ai\/fi\/espanjan-kielioppiharjoitukset\/\",\"name\":\"Espanjan kielioppiharjoitukset - Talkpal\",\"isPartOf\":{\"@id\":\"https:\/\/talkpal.ai\/fi\/#website\"},\"primaryImageOfPage\":{\"@id\":\"https:\/\/talkpal.ai\/fi\/espanjan-kielioppiharjoitukset\/#primaryimage\"},\"image\":{\"@id\":\"https:\/\/talkpal.ai\/fi\/espanjan-kielioppiharjoitukset\/#primaryimage\"},\"thumbnailUrl\":\"https:\/\/talkpal.ai\/wp-content\/uploads\/2023\/03\/spain.png\",\"datePublished\":\"2023-06-15T07:00:21+00:00\",\"dateModified\":\"2025-12-17T16:37:46+00:00\",\"description\":\"Paranna espanjan kielioppia interaktiivisilla harjoituksilla, jotka on suunniteltu kaikille taitotasoille. Harjoittele verbej\u00e4, lauserakennetta, sanastoa ja paljon muuta!\",\"breadcrumb\":{\"@id\":\"https:\/\/talkpal.ai\/fi\/espanjan-kielioppiharjoitukset\/#breadcrumb\"},\"inLanguage\":\"fi\",\"potentialAction\":[{\"@type\":\"ReadAction\",\"target\":[\"https:\/\/talkpal.ai\/fi\/espanjan-kielioppiharjoitukset\/\"]}]},{\"@type\":\"ImageObject\",\"inLanguage\":\"fi\",\"@id\":\"https:\/\/talkpal.ai\/fi\/espanjan-kielioppiharjoitukset\/#primaryimage\",\"url\":\"https:\/\/talkpal.ai\/wp-content\/uploads\/2023\/03\/spain.png\",\"contentUrl\":\"https:\/\/talkpal.ai\/wp-content\/uploads\/2023\/03\/spain.png\",\"width\":512,\"height\":512,\"caption\":\"TalkPal AI learn Spanish\"},{\"@type\":\"BreadcrumbList\",\"@id\":\"https:\/\/talkpal.ai\/fi\/espanjan-kielioppiharjoitukset\/#breadcrumb\",\"itemListElement\":[{\"@type\":\"ListItem\",\"position\":1,\"name\":\"Homepage\",\"item\":\"https:\/\/talkpal.ai\/fi\/\"},{\"@type\":\"ListItem\",\"position\":2,\"name\":\"Espanjan kielioppiharjoitukset\"}]},{\"@type\":\"WebSite\",\"@id\":\"https:\/\/talkpal.ai\/fi\/#website\",\"url\":\"https:\/\/talkpal.ai\/fi\/\",\"name\":\"Talkpal\",\"description\":\"AI Language Learning\",\"publisher\":{\"@id\":\"https:\/\/talkpal.ai\/fi\/#organization\"},\"alternateName\":\"Talkpal AI\",\"potentialAction\":[{\"@type\":\"SearchAction\",\"target\":{\"@type\":\"EntryPoint\",\"urlTemplate\":\"https:\/\/talkpal.ai\/fi\/?s={search_term_string}\"},\"query-input\":{\"@type\":\"PropertyValueSpecification\",\"valueRequired\":true,\"valueName\":\"search_term_string\"}}],\"inLanguage\":\"fi\"},{\"@type\":\"Organization\",\"@id\":\"https:\/\/talkpal.ai\/fi\/#organization\",\"name\":\"Talkpal, Inc.\",\"alternateName\":\"Talkpal AI\",\"url\":\"https:\/\/talkpal.ai\/fi\/\",\"logo\":{\"@type\":\"ImageObject\",\"inLanguage\":\"fi\",\"@id\":\"https:\/\/talkpal.ai\/fi\/#\/schema\/logo\/image\/\",\"url\":\"https:\/\/talkpal.ai\/wp-content\/uploads\/2024\/03\/Talkpal-Logo-Icon.png\",\"contentUrl\":\"https:\/\/talkpal.ai\/wp-content\/uploads\/2024\/03\/Talkpal-Logo-Icon.png\",\"width\":2880,\"height\":2880,\"caption\":\"Talkpal, Inc.\"},\"image\":{\"@id\":\"https:\/\/talkpal.ai\/fi\/#\/schema\/logo\/image\/\"},\"sameAs\":[\"https:\/\/www.facebook.com\/profile.php?id=100090733639311\",\"https:\/\/x.com\/talkpalai\",\"https:\/\/www.linkedin.com\/company\/talkpal\/\",\"https:\/\/www.youtube.com\/@TalkPal\/\",\"https:\/\/www.tiktok.com\/@talkpal\",\"https:\/\/www.instagram.com\/talkpal_ai\/\",\"https:\/\/www.crunchbase.com\/organization\/talkpal-9cde\",\"https:\/\/www.g2.com\/products\/talkpal-for-business\/\",\"https:\/\/www.trustpilot.com\/review\/talkpal.ai\",\"https:\/\/www.capterra.com\/p\/10006800\/TalkPal\/\"],\"description\":\"Talkpal is a language learning web and mobile education app, powered by the latest AI technologies, that provides engaging experiences to its customers in many different languages to help them improve their language skills. Users can chat about unlimited amount of topics with the app and use other modes to practice their language learning.\",\"email\":\"support@talkpal.ai\",\"legalName\":\"Talkpal, Inc.\",\"foundingDate\":\"2023-04-03\",\"duns\":\"118989042\",\"numberOfEmployees\":{\"@type\":\"QuantitativeValue\",\"minValue\":\"11\",\"maxValue\":\"50\"},\"publishingPrinciples\":\"https:\/\/talkpal.ai\/publishing-principles\/\",\"actionableFeedbackPolicy\":\"https:\/\/talkpal.ai\/actionable-feedback-policy\/\",\"correctionsPolicy\":\"https:\/\/talkpal.ai\/corrections-policy\/\",\"ethicsPolicy\":\"https:\/\/talkpal.ai\/ethics-policy\/\",\"diversityPolicy\":\"https:\/\/talkpal.ai\/diversity-policy\/\",\"diversityStaffingReport\":\"https:\/\/talkpal.ai\/diversity-policy\/\"}]}<\/script>\n<!-- \/ Yoast SEO Premium plugin. -->","yoast_head_json":{"title":"Espanjan kielioppiharjoitukset - Talkpal","description":"Paranna espanjan kielioppia interaktiivisilla harjoituksilla, jotka on suunniteltu kaikille taitotasoille. Harjoittele verbej\u00e4, lauserakennetta, sanastoa ja paljon muuta!","robots":{"index":"index","follow":"follow","max-snippet":"max-snippet:-1","max-image-preview":"max-image-preview:large","max-video-preview":"max-video-preview:-1"},"canonical":"https:\/\/talkpal.ai\/fi\/espanjan-kielioppiharjoitukset\/","og_locale":"fi_FI","og_type":"article","og_title":"Espanjan kielioppiharjoitukset","og_description":"Espanjan kieliopin aiheet Uuden kielen oppiminen voi olla j\u00e4nnitt\u00e4v\u00e4 ja palkitseva yritys, eik\u00e4 espanja ole poikkeus. Maailman toiseksi puhutuimpana","og_url":"https:\/\/talkpal.ai\/fi\/espanjan-kielioppiharjoitukset\/","og_site_name":"Talkpal","article_publisher":"https:\/\/www.facebook.com\/profile.php?id=100090733639311","article_modified_time":"2025-12-17T16:37:46+00:00","og_image":[{"width":512,"height":512,"url":"https:\/\/talkpal.ai\/wp-content\/uploads\/2023\/03\/spain.png","type":"image\/png"}],"twitter_card":"summary_large_image","twitter_site":"@talkpalai","twitter_misc":{"Arvioitu lukuaika":"2 minuuttia"},"schema":{"@context":"https:\/\/schema.org","@graph":[{"@type":"WebPage","@id":"https:\/\/talkpal.ai\/fi\/espanjan-kielioppiharjoitukset\/","url":"https:\/\/talkpal.ai\/fi\/espanjan-kielioppiharjoitukset\/","name":"Espanjan kielioppiharjoitukset - Talkpal","isPartOf":{"@id":"https:\/\/talkpal.ai\/fi\/#website"},"primaryImageOfPage":{"@id":"https:\/\/talkpal.ai\/fi\/espanjan-kielioppiharjoitukset\/#primaryimage"},"image":{"@id":"https:\/\/talkpal.ai\/fi\/espanjan-kielioppiharjoitukset\/#primaryimage"},"thumbnailUrl":"https:\/\/talkpal.ai\/wp-content\/uploads\/2023\/03\/spain.png","datePublished":"2023-06-15T07:00:21+00:00","dateModified":"2025-12-17T16:37:46+00:00","description":"Paranna espanjan kielioppia interaktiivisilla harjoituksilla, jotka on suunniteltu kaikille taitotasoille. Harjoittele verbej\u00e4, lauserakennetta, sanastoa ja paljon muuta!","breadcrumb":{"@id":"https:\/\/talkpal.ai\/fi\/espanjan-kielioppiharjoitukset\/#breadcrumb"},"inLanguage":"fi","potentialAction":[{"@type":"ReadAction","target":["https:\/\/talkpal.ai\/fi\/espanjan-kielioppiharjoitukset\/"]}]},{"@type":"ImageObject","inLanguage":"fi","@id":"https:\/\/talkpal.ai\/fi\/espanjan-kielioppiharjoitukset\/#primaryimage","url":"https:\/\/talkpal.ai\/wp-content\/uploads\/2023\/03\/spain.png","contentUrl":"https:\/\/talkpal.ai\/wp-content\/uploads\/2023\/03\/spain.png","width":512,"height":512,"caption":"TalkPal AI learn Spanish"},{"@type":"BreadcrumbList","@id":"https:\/\/talkpal.ai\/fi\/espanjan-kielioppiharjoitukset\/#breadcrumb","itemListElement":[{"@type":"ListItem","position":1,"name":"Homepage","item":"https:\/\/talkpal.ai\/fi\/"},{"@type":"ListItem","position":2,"name":"Espanjan kielioppiharjoitukset"}]},{"@type":"WebSite","@id":"https:\/\/talkpal.ai\/fi\/#website","url":"https:\/\/talkpal.ai\/fi\/","name":"Talkpal","description":"AI Language Learning","publisher":{"@id":"https:\/\/talkpal.ai\/fi\/#organization"},"alternateName":"Talkpal AI","potentialAction":[{"@type":"SearchAction","target":{"@type":"EntryPoint","urlTemplate":"https:\/\/talkpal.ai\/fi\/?s={search_term_string}"},"query-input":{"@type":"PropertyValueSpecification","valueRequired":true,"valueName":"search_term_string"}}],"inLanguage":"fi"},{"@type":"Organization","@id":"https:\/\/talkpal.ai\/fi\/#organization","name":"Talkpal, Inc.","alternateName":"Talkpal AI","url":"https:\/\/talkpal.ai\/fi\/","logo":{"@type":"ImageObject","inLanguage":"fi","@id":"https:\/\/talkpal.ai\/fi\/#\/schema\/logo\/image\/","url":"https:\/\/talkpal.ai\/wp-content\/uploads\/2024\/03\/Talkpal-Logo-Icon.png","contentUrl":"https:\/\/talkpal.ai\/wp-content\/uploads\/2024\/03\/Talkpal-Logo-Icon.png","width":2880,"height":2880,"caption":"Talkpal, Inc."},"image":{"@id":"https:\/\/talkpal.ai\/fi\/#\/schema\/logo\/image\/"},"sameAs":["https:\/\/www.facebook.com\/profile.php?id=100090733639311","https:\/\/x.com\/talkpalai","https:\/\/www.linkedin.com\/company\/talkpal\/","https:\/\/www.youtube.com\/@TalkPal\/","https:\/\/www.tiktok.com\/@talkpal","https:\/\/www.instagram.com\/talkpal_ai\/","https:\/\/www.crunchbase.com\/organization\/talkpal-9cde","https:\/\/www.g2.com\/products\/talkpal-for-business\/","https:\/\/www.trustpilot.com\/review\/talkpal.ai","https:\/\/www.capterra.com\/p\/10006800\/TalkPal\/"],"description":"Talkpal is a language learning web and mobile education app, powered by the latest AI technologies, that provides engaging experiences to its customers in many different languages to help them improve their language skills. Users can chat about unlimited amount of topics with the app and use other modes to practice their language learning.","email":"support@talkpal.ai","legalName":"Talkpal, Inc.","foundingDate":"2023-04-03","duns":"118989042","numberOfEmployees":{"@type":"QuantitativeValue","minValue":"11","maxValue":"50"},"publishingPrinciples":"https:\/\/talkpal.ai\/publishing-principles\/","actionableFeedbackPolicy":"https:\/\/talkpal.ai\/actionable-feedback-policy\/","correctionsPolicy":"https:\/\/talkpal.ai\/corrections-policy\/","ethicsPolicy":"https:\/\/talkpal.ai\/ethics-policy\/","diversityPolicy":"https:\/\/talkpal.ai\/diversity-policy\/","diversityStaffingReport":"https:\/\/talkpal.ai\/diversity-policy\/"}]}},"_links":{"self":[{"href":"https:\/\/talkpal.ai\/fi\/wp-json\/wp\/v2\/pages\/91693","targetHints":{"allow":["GET"]}}],"collection":[{"href":"https:\/\/talkpal.ai\/fi\/wp-json\/wp\/v2\/pages"}],"about":[{"href":"https:\/\/talkpal.ai\/fi\/wp-json\/wp\/v2\/types\/page"}],"author":[{"embeddable":true,"href":"https:\/\/talkpal.ai\/fi\/wp-json\/wp\/v2\/users\/1"}],"replies":[{"embeddable":true,"href":"https:\/\/talkpal.ai\/fi\/wp-json\/wp\/v2\/comments?post=91693"}],"version-history":[{"count":0,"href":"https:\/\/talkpal.ai\/fi\/wp-json\/wp\/v2\/pages\/91693\/revisions"}],"wp:featuredmedia":[{"embeddable":true,"href":"https:\/\/talkpal.ai\/fi\/wp-json\/wp\/v2\/media\/6260"}],"wp:attachment":[{"href":"https:\/\/talkpal.ai\/fi\/wp-json\/wp\/v2\/media?parent=91693"}],"curies":[{"name":"wp","href":"https:\/\/api.w.org\/{rel}","templated":true}]}}