{"id":91672,"date":"2023-06-16T08:35:52","date_gmt":"2023-06-16T08:35:52","guid":{"rendered":"http:\/\/talkpal.ai\/ranskan-kielioppiharjoitukset\/"},"modified":"2025-12-17T16:47:51","modified_gmt":"2025-12-17T16:47:51","slug":"ranskan-kielioppiharjoitukset","status":"publish","type":"page","link":"https:\/\/talkpal.ai\/fi\/ranskan-kielioppiharjoitukset\/","title":{"rendered":"Ranskan kielioppiharjoitukset"},"content":{"rendered":"\r\n\r\n\r\n<section class=\"languageChallengeSection\">\r\n    <div class=\"languageInfoWrapper\">\r\n        \r\n        <h1>Ranskan kielioppiharjoitukset<\/h1>\r\n        <p>Haluatko oppia ranskaa? Kielioppiharjoitukset ovat loistava tapa ymm\u00e4rt\u00e4\u00e4 lauserakennetta, verbien taivutuksia ja ranskan kielen ainutlaatuisia malleja. Aloita ranskan kieliopin harjoittelu jo t\u00e4n\u00e4\u00e4n ja katso, kuinka itseluottamuksesi ja sujuvuutesi kasvavat jokaisen harjoituksen my\u00f6t\u00e4!\n\n<\/p>\r\n\r\n                            <a class=\"getStartedHidden\" href=\"https:\/\/app.talkpal.ai\/fi\/signup?lng=\">Aloita<\/a>\r\n        \r\n    <\/div>\r\n\r\n    <figure>\r\n    <img decoding=\"async\" width=\"768\" height=\"768\" src=\"https:\/\/talkpal.ai\/wp-content\/uploads\/2023\/06\/french-768x768.png\" class=\"languageImage no-lazy\" alt=\"Default alt text\" fetchpriority=\"high\" sizes=\"(max-width: 768px) 150px, 768px\" srcset=\"https:\/\/talkpal.ai\/wp-content\/uploads\/2023\/06\/french-768x768.png 768w, https:\/\/talkpal.ai\/wp-content\/uploads\/2023\/06\/french-300x300.png 300w\" \/>\r\n    \r\n\r\n    <\/figure>\r\n\r\n            <a class=\"getStartedVisible\" href=\"https:\/\/app.talkpal.ai\/fi\/signup?lng=\">Aloita<\/a>\r\n    \r\n<\/section>\r\n\r\n\r\n<!-- <section class=\"grammarSection\">\r\n    <div class=\"grammarLinks\">\r\n        <a href=\"https:\/\/talkpal.ai\/fi\/exercise_language\/adjektiivit-fi-2\/\">Adjektiivit <\/a><a href=\"https:\/\/talkpal.ai\/fi\/exercise_language\/adverbit-fi-2\/\">Adverbit <\/a><a href=\"https:\/\/talkpal.ai\/fi\/exercise_language\/tenssit-ohjeellinen\/\">Aikamuodot <\/a><a href=\"https:\/\/talkpal.ai\/fi\/exercise_language\/artikkelit-fi\/\">Artikkelit <\/a><a href=\"https:\/\/talkpal.ai\/fi\/exercise_language\/lause-rakenne-fi\/\">Lauserakenne <\/a><a href=\"https:\/\/talkpal.ai\/fi\/exercise_language\/prepositiot-fi-2\/\">Prepositiot <\/a><a href=\"https:\/\/talkpal.ai\/fi\/exercise_language\/pronominit-ja-maarittajat\/\">Pronominit ja m\u00e4\u00e4ritteet <\/a><a href=\"https:\/\/talkpal.ai\/fi\/exercise_language\/substantiivit-fi\/\">Substantiivit <\/a><a href=\"https:\/\/talkpal.ai\/fi\/exercise_language\/verbit-fi-2\/\">Verbit <\/a>    <\/div>\r\n<\/section> -->\r\n\r\n\r\n\r\n\r\n        <section class=\"grammarSection\">\r\n            <div class=\"grammarLinks\">\r\n                <a href=\"https:\/\/talkpal.ai\/fi\/exercise_language\/adjektiivit-fi-2\/\">Adjektiivit <\/a><a href=\"https:\/\/talkpal.ai\/fi\/exercise_language\/adverbit-fi-2\/\">Adverbit <\/a><a href=\"https:\/\/talkpal.ai\/fi\/exercise_language\/tenssit-ohjeellinen\/\">Aikamuodot <\/a><a href=\"https:\/\/talkpal.ai\/fi\/exercise_language\/artikkelit-fi\/\">Artikkelit <\/a><a href=\"https:\/\/talkpal.ai\/fi\/exercise_language\/lause-rakenne-fi\/\">Lauserakenne <\/a><a href=\"https:\/\/talkpal.ai\/fi\/exercise_language\/prepositiot-fi-2\/\">Prepositiot <\/a><a href=\"https:\/\/talkpal.ai\/fi\/exercise_language\/pronominit-ja-maarittajat\/\">Pronominit ja m\u00e4\u00e4ritteet <\/a><a href=\"https:\/\/talkpal.ai\/fi\/exercise_language\/substantiivit-fi\/\">Substantiivit <\/a><a href=\"https:\/\/talkpal.ai\/fi\/exercise_language\/verbit-fi-2\/\">Verbit <\/a>            <\/div>\r\n        <\/section>\r\n<section class=\"promotionalBanner\">\r\n    <p class=\"promotionalText\">Tehokkain tapa oppia kielt\u00e4<\/p>\r\n    <a class=\"promotionalLink\" href=\"https:\/\/app.talkpal.ai\/fi\/signup?lng=\">Kokeile Talkpal ilmaiseksi<\/a>\r\n<\/section>\n<div class=\"wp-block-group pageContainerStyle\"><div class=\"wp-block-group__inner-container is-layout-constrained wp-block-group-is-layout-constrained\">\n<h2 class=\"wp-block-heading\" id=\"h-french-grammar-topics\">Ranskan kieliopin aiheet<\/h2>\n\n\n\n<p><a href=\"https:\/\/talkpal.ai\/fi\/miten-oppia-ranskaa\/\">Ranskan oppiminen<\/a> voi olla j\u00e4nnitt\u00e4v\u00e4 ja palkitseva kokemus. Historiaa ja kulttuuria rikkaana kielen\u00e4 ranska tarjoaa ainutlaatuisen n\u00e4k\u00f6kulman maailmaan ja on olennainen viestint\u00e4v\u00e4line eri aloilla. Ranskan kielen tehokkaaksi oppimiseksi on ratkaisevan t\u00e4rke\u00e4\u00e4 ymm\u00e4rt\u00e4\u00e4 hyvin sen kielioppi, joka on mink\u00e4 tahansa kielen perusta. Seuraava ranskan kieliopin aiheiden j\u00e4rjestys, mukaan lukien adjektiivit, <a href=\"https:\/\/talkpal.ai\/fi\/grammar\/paikan-tsekin-kielioppi-adverbit\/\">adverbit<\/a>, artikkelit, substantiivit, <a href=\"https:\/\/talkpal.ai\/fi\/grammar\/kohdan-kannadan-kieliopissa-prepositiot\/\">prepositiot<\/a>, pronominit ja m\u00e4\u00e4ritteet, lauserakenne, aikamuodot &#8211; ohjeellinen ja verbit, auttavat sinua matkallasi kielen hallintaan.<\/p>\n\n\n\n<h3 class=\"wp-block-heading\" id=\"h-1-nouns\">1. Substantiivit:<\/h3>\n\n\n\n<p>Substantiivit ovat mink\u00e4 tahansa kielen t\u00e4rkeimm\u00e4t rakennuspalikat, koska ne edustavat ihmisi\u00e4, paikkoja, asioita <a href=\"https:\/\/talkpal.ai\/learn-thai\/\">tai<\/a> ideoita. Ranskan kieless\u00e4 substantiiveilla on sukupuoli (maskuliininen tai feminiininen) ja ne voivat olla yksikk\u00f6 tai monikko. Substantiivien sukupuolen ja lukum\u00e4\u00e4r\u00e4n ymm\u00e4rt\u00e4minen on elint\u00e4rke\u00e4\u00e4, koska se vaikuttaa lauseen muiden sanojen muotoihin, kuten adjektiiveihin, artikkeleihin ja pronomineihin.<\/p>\n\n\n\n<h3 class=\"wp-block-heading\" id=\"h-2-articles\">2. Artiklat:<\/h3>\n\n\n\n<p>Artikkelit ovat olennaisia ranskan kieliopissa, koska ne antavat tietoa substantiivin sukupuolesta ja numerosta. Ranskaksi on kolmenlaisia artikkeleita: m\u00e4\u00e4r\u00e4inen (le, la, les), ep\u00e4m\u00e4\u00e4r\u00e4inen (un, une, des) ja partitiivi (du, de la, des). Sopivan artikkelin k\u00e4ytt\u00e4minen auttaa v\u00e4litt\u00e4m\u00e4\u00e4n lauseen aiotun merkityksen.<\/p>\n\n\n\n<h3 class=\"wp-block-heading\" id=\"h-3-adjectives\">3. Adjektiivit:<\/h3>\n\n\n\n<p>Adjektiiveja k\u00e4ytet\u00e4\u00e4n substantiivien kuvaamiseen tai muokkaamiseen. Ranskan kieless\u00e4 adjektiivien on oltava sopusoinnussa substantiivin kanssa, jota ne muuttavat sukupuolen ja lukum\u00e4\u00e4r\u00e4n suhteen. Lis\u00e4ksi adjektiivien sijainti lauseessa voi vaihdella, vaikka useimmat adjektiivit seuraavat kuvaamaansa substantiivia.<\/p>\n\n\n\n<h3 class=\"wp-block-heading\" id=\"h-4-pronouns-and-determiners\">4. Pronominit ja m\u00e4\u00e4ritteet:<\/h3>\n\n\n\n<p>Pronominit korvaavat substantiivit toiston v\u00e4ltt\u00e4miseksi, kun taas m\u00e4\u00e4ritteet m\u00e4\u00e4ritt\u00e4v\u00e4t tai kvantifioivat substantiiveja. Sek\u00e4 pronominien ett\u00e4 m\u00e4\u00e4ritteiden on oltava samaa mielt\u00e4 substantiivin kanssa, jonka ne korvaavat tai joihin ne liittyv\u00e4t sukupuolessa ja numerossa. Ranskan pronominit sis\u00e4lt\u00e4v\u00e4t subjektipronominit (je, tu, il jne.), objektipronominit (me, te, lui jne.) ja refleksiivipronominit (me, te, se jne.). Determinaattoreita ovat possessiiviadjektiivit (mon, ma, mes, jne.) ja <a href=\"https:\/\/talkpal.ai\/fi\/grammar\/demonstratiiviset-adjektiivit-valkovenajan-kielioppissa\/\">demonstratiiviset adjektiivit<\/a> (ce, cette, ces jne.).<\/p>\n\n\n\n<h3 class=\"wp-block-heading\" id=\"h-5-verbs\">5. Verbit:<\/h3>\n\n\n\n<p>Verbit ilmaisevat tekoja, tiloja tai tapahtumia. Ranskan kieless\u00e4 verbit taivutetaan sopimaan subjektin kanssa persoonassa ja numerossa sek\u00e4 ilmaisemaan erilaisia aikamuotoja ja tunnelmia. <a href=\"https:\/\/talkpal.ai\/fi\/grammar\/saannolliset-verbit-makedonian-kielioppissa\/\">S\u00e4\u00e4nn\u00f6lliset verbit<\/a> noudattavat ennustettavaa mallia, kun taas <a href=\"https:\/\/talkpal.ai\/fi\/grammar\/epasaannolliset-verbit-azerbaidzanin-kielioppissa\/\">ep\u00e4s\u00e4\u00e4nn\u00f6lliset verbit<\/a> vaativat muistamista.<\/p>\n\n\n\n<h3 class=\"wp-block-heading\" id=\"h-6-tenses-indicative\">6. Aikamuodot &#8211; indikatiivi:<\/h3>\n\n\n\n<p>Ohjeellista tunnelmaa k\u00e4ytet\u00e4\u00e4n ilmaisemaan tosiasioita ja objektiivisia lausuntoja. Ranskan indikatiivissa on kahdeksan aikamuotoa: nykyisyys, tulevaisuus, imperfekti, <a href=\"https:\/\/talkpal.ai\/fi\/grammar\/yksinkertainen-menneisyys-azerbaidzanin-kielioppissa\/\">yksinkertainen menneisyys<\/a>, pluperfekti, tulevaisuus t\u00e4ydellinen, mennyt konditionaali ja menneisyys t\u00e4ydellinen. N\u00e4iden aikamuotojen ymm\u00e4rt\u00e4minen ja hallitseminen on ratkaisevan t\u00e4rke\u00e4\u00e4 ajan ja j\u00e4rjestyksen ilmaisemiseksi ranskaksi.<\/p>\n\n\n\n<h3 class=\"wp-block-heading\" id=\"h-7-adverbs\">7. Adverbit:<\/h3>\n\n\n\n<p><a href=\"https:\/\/talkpal.ai\/fi\/grammar\/paikan-tsekin-kielioppi-adverbit\/\">Adverbit<\/a> muokkaavat verbej\u00e4, adjektiiveja tai muita adverbeja ja antavat lis\u00e4tietoja toiminnosta, tilasta tai laadusta. Ranskan kieless\u00e4 useimmat adverbit muodostetaan lis\u00e4\u00e4m\u00e4ll\u00e4 -ment adjektiivin feminiiniseen muotoon. Adverbit seuraavat yleens\u00e4 verbi\u00e4, jota ne muokkaavat.<\/p>\n\n\n\n<h3 class=\"wp-block-heading\" id=\"h-8-prepositions\">8. Prepositiot:<\/h3>\n\n\n\n<p>Prepositiot linkitt\u00e4v\u00e4t sanoja tai sanaryhmi\u00e4 ja ilmaisevat suhteita, kuten sijaintia, suuntaa, aikaa tai syyt\u00e4. Yleisi\u00e4 ranskalaisia prepositioita ovat \u00e0 (at, to), de (of, from), en (in, on) ja pour (for). Prepositioiden oppiminen ja niiden k\u00e4ytt\u00f6 on v\u00e4ltt\u00e4m\u00e4t\u00f6nt\u00e4 johdonmukaisten lauseiden rakentamiseksi.<\/p>\n\n\n\n<h3 class=\"wp-block-heading\" id=\"h-9-sentence-structure\">9. Lauseen rakenne:<\/h3>\n\n\n\n<p>Ranskankieliset lauseet noudattavat subjekti-verbi-objekti (SVO) -rakennetta, joka on samanlainen kuin englanti. Sanaj\u00e4rjestys voi kuitenkin vaihdella pronominien k\u00e4yt\u00f6n, negaation ja painotuksen mukaan. Lauserakenteen ymm\u00e4rt\u00e4minen on elint\u00e4rke\u00e4\u00e4 selkeiden ja tarkkojen lausuntojen ja kysymysten muodostamiseksi ranskaksi.<\/p>\n<\/div><\/div>\n\r\n<section class=\"learnNavigationSection\">\r\n            \r\n        <a href=\"https:\/\/talkpal.ai\/fi\/opi-ranskaa\/\">\r\n            <div class=\"learnNavigationWrapper\">\r\n                <div class=\"learnNavigationContent\">\r\n                    <img decoding=\"async\" src=\"https:\/\/talkpal.ai\/wp-content\/uploads\/2024\/08\/French.jpg\" alt=\"French Flag\">\r\n                    <div>\r\n                        <h4>Tietoja ranskan oppimisesta<\/h4>\r\n                        <p>Tutustu ranskan kielioppiin.<\/p>\r\n                    <\/div>\r\n                <\/div>\r\n            <\/div>\r\n        <\/a>\r\n\r\n        \r\n        <a href=\"https:\/\/talkpal.ai\/fi\/ranskan-kielioppi\/\">\r\n            <div class=\"learnNavigationWrapper\">\r\n                <div class=\"learnNavigationContent\">\r\n                    <img decoding=\"async\" src=\"https:\/\/talkpal.ai\/wp-content\/uploads\/2024\/08\/French.jpg\" alt=\"French Flag\">\r\n                    <div>\r\n                        <h4>Ranskan kielioppitunnit<\/h4>\r\n                        <p>Harjoittele ranskan kielioppia.<\/p>\r\n                    <\/div>\r\n                <\/div>\r\n            <\/div>\r\n        <\/a>\r\n\r\n        \r\n        <a href=\"https:\/\/talkpal.ai\/vocabulary_language\/french\/\">\r\n            <div class=\"learnNavigationWrapper\">\r\n                <div class=\"learnNavigationContent\">\r\n                    <img decoding=\"async\" src=\"https:\/\/talkpal.ai\/wp-content\/uploads\/2024\/08\/French.jpg\" alt=\"French Flag\">\r\n                    <div>\r\n                        <h4>Ranskan sanastoa<\/h4>\r\n                        <p>Laajenna ranskan kielen sanavarastoasi.<\/p>\r\n                    <\/div>\r\n                <\/div>\r\n            <\/div>\r\n        <\/a>\r\n\r\n            <\/section>","protected":false},"excerpt":{"rendered":"<p>Ranskan kieliopin aiheet Ranskan oppiminen voi olla j\u00e4nnitt\u00e4v\u00e4 ja palkitseva kokemus. Historiaa ja kulttuuria rikkaana kielen\u00e4 ranska tarjoaa ainutlaatuisen n\u00e4k\u00f6kulman maailmaan ja on olennainen viestint\u00e4v\u00e4line eri aloilla. Ranskan kielen tehokkaaksi oppimiseksi on ratkaisevan t\u00e4rke\u00e4\u00e4 ymm\u00e4rt\u00e4\u00e4 hyvin sen kielioppi, joka on mink\u00e4 tahansa kielen perusta. Seuraava ranskan kieliopin aiheiden j\u00e4rjestys, mukaan lukien adjektiivit, adverbit, artikkelit, substantiivit, [&hellip;]<\/p>\n","protected":false},"author":6,"featured_media":6254,"parent":0,"menu_order":0,"comment_status":"closed","ping_status":"closed","template":"LearningContentPage.php","meta":{"_acf_changed":false,"footnotes":""},"class_list":["post-91672","page","type-page","status-publish","has-post-thumbnail","hentry"],"acf":[],"yoast_head":"<!-- This site is optimized with the Yoast SEO Premium plugin v27.2 (Yoast SEO v27.2) - https:\/\/yoast.com\/product\/yoast-seo-premium-wordpress\/ -->\n<title>Ranskan kielioppiharjoitukset - Talkpal<\/title>\n<meta name=\"description\" content=\"Harjoittele ja paranna ranskan kielioppitaitojasi interaktiivisten harjoitusten avulla, jotka on suunniteltu kaikille tasoille. Paranna kielitaitoasi!\" \/>\n<meta name=\"robots\" content=\"index, follow, max-snippet:-1, max-image-preview:large, max-video-preview:-1\" \/>\n<link rel=\"canonical\" href=\"https:\/\/talkpal.ai\/fi\/ranskan-kielioppiharjoitukset\/\" \/>\n<meta property=\"og:locale\" content=\"fi_FI\" \/>\n<meta property=\"og:type\" content=\"article\" \/>\n<meta property=\"og:title\" content=\"Ranskan kielioppiharjoitukset\" \/>\n<meta property=\"og:description\" content=\"Ranskan kieliopin aiheet Ranskan oppiminen voi olla j\u00e4nnitt\u00e4v\u00e4 ja palkitseva kokemus. Historiaa ja kulttuuria rikkaana kielen\u00e4 ranska tarjoaa\" \/>\n<meta property=\"og:url\" content=\"https:\/\/talkpal.ai\/fi\/ranskan-kielioppiharjoitukset\/\" \/>\n<meta property=\"og:site_name\" content=\"Talkpal\" \/>\n<meta property=\"article:publisher\" content=\"https:\/\/www.facebook.com\/profile.php?id=100090733639311\" \/>\n<meta property=\"article:modified_time\" content=\"2025-12-17T16:47:51+00:00\" \/>\n<meta property=\"og:image\" content=\"https:\/\/talkpal.ai\/wp-content\/uploads\/2023\/03\/france.png\" \/>\n\t<meta property=\"og:image:width\" content=\"512\" \/>\n\t<meta property=\"og:image:height\" content=\"512\" \/>\n\t<meta property=\"og:image:type\" content=\"image\/png\" \/>\n<meta name=\"twitter:card\" content=\"summary_large_image\" \/>\n<meta name=\"twitter:site\" content=\"@talkpalai\" \/>\n<meta name=\"twitter:label1\" content=\"Arvioitu lukuaika\" \/>\n\t<meta name=\"twitter:data1\" content=\"3 minuuttia\" \/>\n<script type=\"application\/ld+json\" class=\"yoast-schema-graph\">{\"@context\":\"https:\/\/schema.org\",\"@graph\":[{\"@type\":\"WebPage\",\"@id\":\"https:\/\/talkpal.ai\/fi\/ranskan-kielioppiharjoitukset\/\",\"url\":\"https:\/\/talkpal.ai\/fi\/ranskan-kielioppiharjoitukset\/\",\"name\":\"Ranskan kielioppiharjoitukset - Talkpal\",\"isPartOf\":{\"@id\":\"https:\/\/talkpal.ai\/fi\/#website\"},\"primaryImageOfPage\":{\"@id\":\"https:\/\/talkpal.ai\/fi\/ranskan-kielioppiharjoitukset\/#primaryimage\"},\"image\":{\"@id\":\"https:\/\/talkpal.ai\/fi\/ranskan-kielioppiharjoitukset\/#primaryimage\"},\"thumbnailUrl\":\"https:\/\/talkpal.ai\/wp-content\/uploads\/2023\/03\/france.png\",\"datePublished\":\"2023-06-16T08:35:52+00:00\",\"dateModified\":\"2025-12-17T16:47:51+00:00\",\"description\":\"Harjoittele ja paranna ranskan kielioppitaitojasi interaktiivisten harjoitusten avulla, jotka on suunniteltu kaikille tasoille. Paranna kielitaitoasi!\",\"breadcrumb\":{\"@id\":\"https:\/\/talkpal.ai\/fi\/ranskan-kielioppiharjoitukset\/#breadcrumb\"},\"inLanguage\":\"fi\",\"potentialAction\":[{\"@type\":\"ReadAction\",\"target\":[\"https:\/\/talkpal.ai\/fi\/ranskan-kielioppiharjoitukset\/\"]}]},{\"@type\":\"ImageObject\",\"inLanguage\":\"fi\",\"@id\":\"https:\/\/talkpal.ai\/fi\/ranskan-kielioppiharjoitukset\/#primaryimage\",\"url\":\"https:\/\/talkpal.ai\/wp-content\/uploads\/2023\/03\/france.png\",\"contentUrl\":\"https:\/\/talkpal.ai\/wp-content\/uploads\/2023\/03\/france.png\",\"width\":512,\"height\":512,\"caption\":\"TalkPal AI learn French\"},{\"@type\":\"BreadcrumbList\",\"@id\":\"https:\/\/talkpal.ai\/fi\/ranskan-kielioppiharjoitukset\/#breadcrumb\",\"itemListElement\":[{\"@type\":\"ListItem\",\"position\":1,\"name\":\"Homepage\",\"item\":\"https:\/\/talkpal.ai\/fi\/\"},{\"@type\":\"ListItem\",\"position\":2,\"name\":\"Ranskan kielioppiharjoitukset\"}]},{\"@type\":\"WebSite\",\"@id\":\"https:\/\/talkpal.ai\/fi\/#website\",\"url\":\"https:\/\/talkpal.ai\/fi\/\",\"name\":\"Talkpal\",\"description\":\"AI Language Learning\",\"publisher\":{\"@id\":\"https:\/\/talkpal.ai\/fi\/#organization\"},\"alternateName\":\"Talkpal AI\",\"potentialAction\":[{\"@type\":\"SearchAction\",\"target\":{\"@type\":\"EntryPoint\",\"urlTemplate\":\"https:\/\/talkpal.ai\/fi\/?s={search_term_string}\"},\"query-input\":{\"@type\":\"PropertyValueSpecification\",\"valueRequired\":true,\"valueName\":\"search_term_string\"}}],\"inLanguage\":\"fi\"},{\"@type\":\"Organization\",\"@id\":\"https:\/\/talkpal.ai\/fi\/#organization\",\"name\":\"Talkpal, Inc.\",\"alternateName\":\"Talkpal AI\",\"url\":\"https:\/\/talkpal.ai\/fi\/\",\"logo\":{\"@type\":\"ImageObject\",\"inLanguage\":\"fi\",\"@id\":\"https:\/\/talkpal.ai\/fi\/#\/schema\/logo\/image\/\",\"url\":\"https:\/\/talkpal.ai\/wp-content\/uploads\/2024\/03\/Talkpal-Logo-Icon.png\",\"contentUrl\":\"https:\/\/talkpal.ai\/wp-content\/uploads\/2024\/03\/Talkpal-Logo-Icon.png\",\"width\":2880,\"height\":2880,\"caption\":\"Talkpal, Inc.\"},\"image\":{\"@id\":\"https:\/\/talkpal.ai\/fi\/#\/schema\/logo\/image\/\"},\"sameAs\":[\"https:\/\/www.facebook.com\/profile.php?id=100090733639311\",\"https:\/\/x.com\/talkpalai\",\"https:\/\/www.linkedin.com\/company\/talkpal\/\",\"https:\/\/www.youtube.com\/@TalkPal\/\",\"https:\/\/www.tiktok.com\/@talkpal\",\"https:\/\/www.instagram.com\/talkpal_ai\/\",\"https:\/\/www.crunchbase.com\/organization\/talkpal-9cde\",\"https:\/\/www.g2.com\/products\/talkpal-for-business\/\",\"https:\/\/www.trustpilot.com\/review\/talkpal.ai\",\"https:\/\/www.capterra.com\/p\/10006800\/TalkPal\/\"],\"description\":\"Talkpal is a language learning web and mobile education app, powered by the latest AI technologies, that provides engaging experiences to its customers in many different languages to help them improve their language skills. Users can chat about unlimited amount of topics with the app and use other modes to practice their language learning.\",\"email\":\"support@talkpal.ai\",\"legalName\":\"Talkpal, Inc.\",\"foundingDate\":\"2023-04-03\",\"duns\":\"118989042\",\"numberOfEmployees\":{\"@type\":\"QuantitativeValue\",\"minValue\":\"11\",\"maxValue\":\"50\"},\"publishingPrinciples\":\"https:\/\/talkpal.ai\/publishing-principles\/\",\"actionableFeedbackPolicy\":\"https:\/\/talkpal.ai\/actionable-feedback-policy\/\",\"correctionsPolicy\":\"https:\/\/talkpal.ai\/corrections-policy\/\",\"ethicsPolicy\":\"https:\/\/talkpal.ai\/ethics-policy\/\",\"diversityPolicy\":\"https:\/\/talkpal.ai\/diversity-policy\/\",\"diversityStaffingReport\":\"https:\/\/talkpal.ai\/diversity-policy\/\"}]}<\/script>\n<!-- \/ Yoast SEO Premium plugin. -->","yoast_head_json":{"title":"Ranskan kielioppiharjoitukset - Talkpal","description":"Harjoittele ja paranna ranskan kielioppitaitojasi interaktiivisten harjoitusten avulla, jotka on suunniteltu kaikille tasoille. Paranna kielitaitoasi!","robots":{"index":"index","follow":"follow","max-snippet":"max-snippet:-1","max-image-preview":"max-image-preview:large","max-video-preview":"max-video-preview:-1"},"canonical":"https:\/\/talkpal.ai\/fi\/ranskan-kielioppiharjoitukset\/","og_locale":"fi_FI","og_type":"article","og_title":"Ranskan kielioppiharjoitukset","og_description":"Ranskan kieliopin aiheet Ranskan oppiminen voi olla j\u00e4nnitt\u00e4v\u00e4 ja palkitseva kokemus. Historiaa ja kulttuuria rikkaana kielen\u00e4 ranska tarjoaa","og_url":"https:\/\/talkpal.ai\/fi\/ranskan-kielioppiharjoitukset\/","og_site_name":"Talkpal","article_publisher":"https:\/\/www.facebook.com\/profile.php?id=100090733639311","article_modified_time":"2025-12-17T16:47:51+00:00","og_image":[{"width":512,"height":512,"url":"https:\/\/talkpal.ai\/wp-content\/uploads\/2023\/03\/france.png","type":"image\/png"}],"twitter_card":"summary_large_image","twitter_site":"@talkpalai","twitter_misc":{"Arvioitu lukuaika":"3 minuuttia"},"schema":{"@context":"https:\/\/schema.org","@graph":[{"@type":"WebPage","@id":"https:\/\/talkpal.ai\/fi\/ranskan-kielioppiharjoitukset\/","url":"https:\/\/talkpal.ai\/fi\/ranskan-kielioppiharjoitukset\/","name":"Ranskan kielioppiharjoitukset - Talkpal","isPartOf":{"@id":"https:\/\/talkpal.ai\/fi\/#website"},"primaryImageOfPage":{"@id":"https:\/\/talkpal.ai\/fi\/ranskan-kielioppiharjoitukset\/#primaryimage"},"image":{"@id":"https:\/\/talkpal.ai\/fi\/ranskan-kielioppiharjoitukset\/#primaryimage"},"thumbnailUrl":"https:\/\/talkpal.ai\/wp-content\/uploads\/2023\/03\/france.png","datePublished":"2023-06-16T08:35:52+00:00","dateModified":"2025-12-17T16:47:51+00:00","description":"Harjoittele ja paranna ranskan kielioppitaitojasi interaktiivisten harjoitusten avulla, jotka on suunniteltu kaikille tasoille. Paranna kielitaitoasi!","breadcrumb":{"@id":"https:\/\/talkpal.ai\/fi\/ranskan-kielioppiharjoitukset\/#breadcrumb"},"inLanguage":"fi","potentialAction":[{"@type":"ReadAction","target":["https:\/\/talkpal.ai\/fi\/ranskan-kielioppiharjoitukset\/"]}]},{"@type":"ImageObject","inLanguage":"fi","@id":"https:\/\/talkpal.ai\/fi\/ranskan-kielioppiharjoitukset\/#primaryimage","url":"https:\/\/talkpal.ai\/wp-content\/uploads\/2023\/03\/france.png","contentUrl":"https:\/\/talkpal.ai\/wp-content\/uploads\/2023\/03\/france.png","width":512,"height":512,"caption":"TalkPal AI learn French"},{"@type":"BreadcrumbList","@id":"https:\/\/talkpal.ai\/fi\/ranskan-kielioppiharjoitukset\/#breadcrumb","itemListElement":[{"@type":"ListItem","position":1,"name":"Homepage","item":"https:\/\/talkpal.ai\/fi\/"},{"@type":"ListItem","position":2,"name":"Ranskan kielioppiharjoitukset"}]},{"@type":"WebSite","@id":"https:\/\/talkpal.ai\/fi\/#website","url":"https:\/\/talkpal.ai\/fi\/","name":"Talkpal","description":"AI Language Learning","publisher":{"@id":"https:\/\/talkpal.ai\/fi\/#organization"},"alternateName":"Talkpal AI","potentialAction":[{"@type":"SearchAction","target":{"@type":"EntryPoint","urlTemplate":"https:\/\/talkpal.ai\/fi\/?s={search_term_string}"},"query-input":{"@type":"PropertyValueSpecification","valueRequired":true,"valueName":"search_term_string"}}],"inLanguage":"fi"},{"@type":"Organization","@id":"https:\/\/talkpal.ai\/fi\/#organization","name":"Talkpal, Inc.","alternateName":"Talkpal AI","url":"https:\/\/talkpal.ai\/fi\/","logo":{"@type":"ImageObject","inLanguage":"fi","@id":"https:\/\/talkpal.ai\/fi\/#\/schema\/logo\/image\/","url":"https:\/\/talkpal.ai\/wp-content\/uploads\/2024\/03\/Talkpal-Logo-Icon.png","contentUrl":"https:\/\/talkpal.ai\/wp-content\/uploads\/2024\/03\/Talkpal-Logo-Icon.png","width":2880,"height":2880,"caption":"Talkpal, Inc."},"image":{"@id":"https:\/\/talkpal.ai\/fi\/#\/schema\/logo\/image\/"},"sameAs":["https:\/\/www.facebook.com\/profile.php?id=100090733639311","https:\/\/x.com\/talkpalai","https:\/\/www.linkedin.com\/company\/talkpal\/","https:\/\/www.youtube.com\/@TalkPal\/","https:\/\/www.tiktok.com\/@talkpal","https:\/\/www.instagram.com\/talkpal_ai\/","https:\/\/www.crunchbase.com\/organization\/talkpal-9cde","https:\/\/www.g2.com\/products\/talkpal-for-business\/","https:\/\/www.trustpilot.com\/review\/talkpal.ai","https:\/\/www.capterra.com\/p\/10006800\/TalkPal\/"],"description":"Talkpal is a language learning web and mobile education app, powered by the latest AI technologies, that provides engaging experiences to its customers in many different languages to help them improve their language skills. Users can chat about unlimited amount of topics with the app and use other modes to practice their language learning.","email":"support@talkpal.ai","legalName":"Talkpal, Inc.","foundingDate":"2023-04-03","duns":"118989042","numberOfEmployees":{"@type":"QuantitativeValue","minValue":"11","maxValue":"50"},"publishingPrinciples":"https:\/\/talkpal.ai\/publishing-principles\/","actionableFeedbackPolicy":"https:\/\/talkpal.ai\/actionable-feedback-policy\/","correctionsPolicy":"https:\/\/talkpal.ai\/corrections-policy\/","ethicsPolicy":"https:\/\/talkpal.ai\/ethics-policy\/","diversityPolicy":"https:\/\/talkpal.ai\/diversity-policy\/","diversityStaffingReport":"https:\/\/talkpal.ai\/diversity-policy\/"}]}},"_links":{"self":[{"href":"https:\/\/talkpal.ai\/fi\/wp-json\/wp\/v2\/pages\/91672","targetHints":{"allow":["GET"]}}],"collection":[{"href":"https:\/\/talkpal.ai\/fi\/wp-json\/wp\/v2\/pages"}],"about":[{"href":"https:\/\/talkpal.ai\/fi\/wp-json\/wp\/v2\/types\/page"}],"author":[{"embeddable":true,"href":"https:\/\/talkpal.ai\/fi\/wp-json\/wp\/v2\/users\/6"}],"replies":[{"embeddable":true,"href":"https:\/\/talkpal.ai\/fi\/wp-json\/wp\/v2\/comments?post=91672"}],"version-history":[{"count":0,"href":"https:\/\/talkpal.ai\/fi\/wp-json\/wp\/v2\/pages\/91672\/revisions"}],"wp:featuredmedia":[{"embeddable":true,"href":"https:\/\/talkpal.ai\/fi\/wp-json\/wp\/v2\/media\/6254"}],"wp:attachment":[{"href":"https:\/\/talkpal.ai\/fi\/wp-json\/wp\/v2\/media?parent=91672"}],"curies":[{"name":"wp","href":"https:\/\/api.w.org\/{rel}","templated":true}]}}