{"id":91670,"date":"2023-06-16T09:22:36","date_gmt":"2023-06-16T09:22:36","guid":{"rendered":"http:\/\/talkpal.ai\/italian-kielioppiharjoitukset\/"},"modified":"2025-12-17T16:14:43","modified_gmt":"2025-12-17T16:14:43","slug":"italian-kielioppiharjoitukset","status":"publish","type":"page","link":"https:\/\/talkpal.ai\/fi\/italian-kielioppiharjoitukset\/","title":{"rendered":"Italian kielioppiharjoitukset"},"content":{"rendered":"\r\n\r\n\r\n<section class=\"languageChallengeSection\">\r\n    <div class=\"languageInfoWrapper\">\r\n        \r\n        <h1>Italian kielioppiharjoitukset<\/h1>\r\n        <p>Oletko valmis rakentamaan itsevarmuuttasi <a href=\"https:\/\/talkpal.ai\/learn-italian\/\">italian<\/a> kieless\u00e4? Kieliopin harjoittelu on paras tapa hallita lauserakennetta, verbien taivutuksia ja <a href=\"https:\/\/talkpal.ai\/fi\/italian-kielen-oppimisen-vallankumous-tekoalyn-avulla\/\">italian kielen<\/a> erityispiirteit\u00e4. Aloita italian kieliopin ty\u00f6st\u00e4minen jo t\u00e4n\u00e4\u00e4n ja n\u00e4e taitojesi ja sujuvuutesi paranevan joka askeleella!\n\n<\/p>\r\n\r\n                            <a class=\"getStartedHidden\" href=\"https:\/\/app.talkpal.ai\/fi\/signup?lng=\">Aloita<\/a>\r\n        \r\n    <\/div>\r\n\r\n    <figure>\r\n    <img decoding=\"async\" width=\"768\" height=\"768\" src=\"https:\/\/talkpal.ai\/wp-content\/uploads\/2023\/06\/italian-768x768.png\" class=\"languageImage no-lazy\" alt=\"Default alt text\" fetchpriority=\"high\" sizes=\"(max-width: 768px) 150px, 768px\" srcset=\"https:\/\/talkpal.ai\/wp-content\/uploads\/2023\/06\/italian-768x768.png 768w, https:\/\/talkpal.ai\/wp-content\/uploads\/2023\/06\/italian-300x300.png 300w\" \/>\r\n    \r\n\r\n    <\/figure>\r\n\r\n            <a class=\"getStartedVisible\" href=\"https:\/\/app.talkpal.ai\/fi\/signup?lng=\">Aloita<\/a>\r\n    \r\n<\/section>\r\n\r\n\r\n<!-- <section class=\"grammarSection\">\r\n    <div class=\"grammarLinks\">\r\n        <a href=\"https:\/\/talkpal.ai\/fi\/exercise_language\/adjektiivit-fi-4\/\">Adjektiivit <\/a><a href=\"https:\/\/talkpal.ai\/fi\/exercise_language\/adverbit-fi-4\/\">Adverbit <\/a><a href=\"https:\/\/talkpal.ai\/fi\/exercise_language\/tensien-subjunktiivi-fi\/\">Aikamuodot Konjunktiivi <\/a><a href=\"https:\/\/talkpal.ai\/fi\/exercise_language\/kirea-vertailu-fi\/\">Aikamuotojen vertailu <\/a><a href=\"https:\/\/talkpal.ai\/fi\/exercise_language\/artikkelit-fi-3\/\">Artikkelit <\/a><a href=\"https:\/\/talkpal.ai\/fi\/exercise_language\/tensi-fi-3\/\">Indikatiiviset aikamuodot <\/a><a href=\"https:\/\/talkpal.ai\/fi\/exercise_language\/kirea-vertailu-fi-2\/\">Kire\u00e4 Vertailu<\/a><a href=\"https:\/\/talkpal.ai\/fi\/exercise_language\/lause-rakenne-fi-3\/\">Lauserakenne <\/a><a href=\"https:\/\/talkpal.ai\/fi\/exercise_language\/prepositiot-fi-4\/\">Prepositiot <\/a><a href=\"https:\/\/talkpal.ai\/fi\/exercise_language\/pronominit-fi-2\/\">Pronominit <\/a><a href=\"https:\/\/talkpal.ai\/fi\/exercise_language\/substantiivit-fi-3\/\">Substantiivit <\/a><a href=\"https:\/\/talkpal.ai\/fi\/exercise_language\/verbit-fi-4\/\">Verbit <\/a>    <\/div>\r\n<\/section> -->\r\n\r\n\r\n\r\n\r\n        <section class=\"grammarSection\">\r\n            <div class=\"grammarLinks\">\r\n                <a href=\"https:\/\/talkpal.ai\/fi\/exercise_language\/adjektiivit-fi-4\/\">Adjektiivit <\/a><a href=\"https:\/\/talkpal.ai\/fi\/exercise_language\/adverbit-fi-4\/\">Adverbit <\/a><a href=\"https:\/\/talkpal.ai\/fi\/exercise_language\/tensien-subjunktiivi-fi\/\">Aikamuodot Konjunktiivi <\/a><a href=\"https:\/\/talkpal.ai\/fi\/exercise_language\/kirea-vertailu-fi\/\">Aikamuotojen vertailu <\/a><a href=\"https:\/\/talkpal.ai\/fi\/exercise_language\/artikkelit-fi-3\/\">Artikkelit <\/a><a href=\"https:\/\/talkpal.ai\/fi\/exercise_language\/tensi-fi-3\/\">Indikatiiviset aikamuodot <\/a><a href=\"https:\/\/talkpal.ai\/fi\/exercise_language\/kirea-vertailu-fi-2\/\">Kire\u00e4 Vertailu<\/a><a href=\"https:\/\/talkpal.ai\/fi\/exercise_language\/lause-rakenne-fi-3\/\">Lauserakenne <\/a><a href=\"https:\/\/talkpal.ai\/fi\/exercise_language\/prepositiot-fi-4\/\">Prepositiot <\/a><a href=\"https:\/\/talkpal.ai\/fi\/exercise_language\/pronominit-fi-2\/\">Pronominit <\/a><a href=\"https:\/\/talkpal.ai\/fi\/exercise_language\/substantiivit-fi-3\/\">Substantiivit <\/a><a href=\"https:\/\/talkpal.ai\/fi\/exercise_language\/verbit-fi-4\/\">Verbit <\/a>            <\/div>\r\n        <\/section>\r\n<section class=\"promotionalBanner\">\r\n    <p class=\"promotionalText\">Tehokkain tapa oppia kielt\u00e4<\/p>\r\n    <a class=\"promotionalLink\" href=\"https:\/\/app.talkpal.ai\/fi\/signup?lng=\">Kokeile Talkpal ilmaiseksi<\/a>\r\n<\/section>\n<div class=\"wp-block-group pageContainerStyle\"><div class=\"wp-block-group__inner-container is-layout-constrained wp-block-group-is-layout-constrained\">\n<h2 class=\"wp-block-heading\" id=\"h-italian-grammar-topics\">Italian kieliopin aiheet<\/h2>\n\n\n\n<p>Uuden <a href=\"https:\/\/talkpal.ai\/fi\/paras-tapa-oppia-2\/\">kielen oppiminen<\/a> on j\u00e4nnitt\u00e4v\u00e4 matka, joka avaa uusia mahdollisuuksia ja kulttuurikokemuksia. Yksi kauneimmista ja laajimmin puhutuista kielist\u00e4 on <a href=\"https:\/\/talkpal.ai\/learn-italian\/\">italia<\/a>, joka tunnetaan musikaalisuudestaan, ilmeikkyydest\u00e4\u00e4n ja rikkaasta historiastaan. Italian kielen tehokkaaksi oppimiseksi on ratkaisevan t\u00e4rke\u00e4\u00e4 ymm\u00e4rt\u00e4\u00e4 selke\u00e4sti sen kielioppi, joka toimii kielitaidon rakentamisen perustana. T\u00e4h\u00e4n sis\u00e4ltyy eri n\u00e4k\u00f6kohtien, kuten aikamuotojen, verbien, substantiivien, artikkeleiden ja muiden, hallitseminen. T\u00e4ss\u00e4 oppaassa tutkimme kielioppiaiheita, jotka auttavat sinua oppimaan italiaa organisoidusti ja tehokkaasti.<\/p>\n\n\n\n<h3 class=\"wp-block-heading\" id=\"h-1-nouns-and-articles\">1. Substantiivit ja artikkelit:<\/h3>\n\n\n\n<p>Aloita italian oppimismatkasi substantiiveilla ja artikkeleilla, koska ne ovat mink\u00e4 tahansa lauseen perusrakennuspalikoita. Substantiivit ovat sanoja, jotka edustavat ihmisi\u00e4, paikkoja, asioita <a href=\"https:\/\/talkpal.ai\/learn-thai\/\">tai<\/a> ideoita. Italian kieless\u00e4 substantiiveilla on sukupuoli (maskuliininen ja feminiininen) ja numerot (yksikk\u00f6 ja monikko). Artikkelit ovat sanoja, jotka liittyv\u00e4t substantiiveihin, ja niill\u00e4 on my\u00f6s sukupuoli ja numero. Tutustu m\u00e4\u00e4r\u00e4isiin (il, la jne.) ja ep\u00e4m\u00e4\u00e4r\u00e4isiin artikkeleihin (un, una jne.) muodostaaksesi yksinkertaisia lauseita.<\/p>\n\n\n\n<h3 class=\"wp-block-heading\" id=\"h-2-adjectives\">2. Adjektiivit:<\/h3>\n\n\n\n<p>Adjektiivit antavat tietoja substantiiveista, kuten v\u00e4rist\u00e4, koosta tai laadusta. Italian kieless\u00e4 adjektiivit sopivat sukupuoleltaan ja lukum\u00e4\u00e4r\u00e4lt\u00e4\u00e4n kuvaamansa substantiivin kanssa. Opi adjektiivien sijoittelua ja sopimista koskevat s\u00e4\u00e4nn\u00f6t parantaaksesi kuvailevaa kielitaitoasi.<\/p>\n\n\n\n<h3 class=\"wp-block-heading\" id=\"h-3-pronouns\">3. Pronominit:<\/h3>\n\n\n\n<p>Pronominit korvaavat lauseiden substantiivit toiston v\u00e4ltt\u00e4miseksi. Tutki subjektipronomineja (io, tu, lui jne.), suoria ja ep\u00e4suoria objektipronomineja (lo, la, gli jne.) ja possessiivipronomineja (mio, tuo, suo jne.) lis\u00e4t\u00e4ksesi puheesi vaihtelua.<\/p>\n\n\n\n<h3 class=\"wp-block-heading\" id=\"h-4-verbs-and-tenses-indicative\">4. Verbit ja aikamuodot ohjeellisia:<\/h3>\n\n\n\n<p>Verbit ilmaisevat tekoja, tiloja tai tapahtumia. Italian verbeill\u00e4 on erilaiset taivutukset subjektin, aikamuodon ja mielialan mukaan. Aloita s\u00e4\u00e4nn\u00f6llisill\u00e4 verbeill\u00e4 preesensiss\u00e4, kuten parlare (puhua), ja opi v\u00e4hitellen muita aikamuotoja, kuten menneisyytt\u00e4 (<a href=\"https:\/\/talkpal.ai\/ar\/grammar_exercises\/passato-prossimo-%d8%aa%d9%85%d8%a7%d8%b1%d9%8a%d9%86-%d9%84%d9%84%d9%82%d9%88%d8%a7%d8%b9%d8%af-%d8%a7%d9%84%d8%a5%d9%8a%d8%b7%d8%a7%d9%84%d9%8a%d8%a9\/\">passato prossimo<\/a>) ja tulevaisuutta (<a href=\"https:\/\/talkpal.ai\/ar\/grammar_exercises\/futuro-semplice-%d8%aa%d9%85%d8%a7%d8%b1%d9%8a%d9%86-%d9%84%d9%84%d9%82%d9%88%d8%a7%d8%b9%d8%af-%d8%a7%d9%84%d8%a5%d9%8a%d8%b7%d8%a7%d9%84%d9%8a%d8%a9\/\">futuro semplice<\/a>).<\/p>\n\n\n\n<h3 class=\"wp-block-heading\" id=\"h-5-tenses-subjunctive\">5. Aikamuodot subjunktiivinen:<\/h3>\n\n\n\n<p>Subjunktiivinen mieliala ilmaisee ep\u00e4ilyksi\u00e4, ep\u00e4varmuutta tai henkil\u00f6kohtaisia mielipiteit\u00e4. Opi nelj\u00e4 subjunktiivia (nykyinen, mennyt, ep\u00e4t\u00e4ydellinen ja mennyt t\u00e4ydellinen) ja niiden k\u00e4ytt\u00f6 halujen, toiveiden ja hypoteettisten tilanteiden ilmaisemisessa.<\/p>\n\n\n\n<h3 class=\"wp-block-heading\" id=\"h-6-tense-comparison\">6. J\u00e4nnittynyt vertailu:<\/h3>\n\n\n\n<p>Kehit\u00e4 kyky\u00e4si vertailla toimintoja eri aikav\u00e4leill\u00e4 oppimalla k\u00e4ytt\u00e4m\u00e4\u00e4n adjektiivien ja <a href=\"https:\/\/talkpal.ai\/ar\/grammar_exercises\/adverbien-%d8%aa%d9%85%d8%a7%d8%b1%d9%8a%d9%86-%d9%84%d9%84%d9%82%d9%88%d8%a7%d8%b9%d8%af-%d8%a7%d9%84%d8%a3%d9%84%d9%85%d8%a7%d9%86%d9%8a%d8%a9\/\">adverbien<\/a> vertailevia ja superlatiivisia muotoja. T\u00e4m\u00e4n avulla voit tehd\u00e4 vertailuja ihmisten, esineiden tai tilanteiden v\u00e4lill\u00e4.<\/p>\n\n\n\n<h3 class=\"wp-block-heading\" id=\"h-7-adverbs\">7. Adverbit:<\/h3>\n\n\n\n<p><a href=\"https:\/\/talkpal.ai\/fi\/grammar\/paikan-tsekin-kielioppi-adverbit\/\">Adverbit<\/a> muokkaavat verbej\u00e4, adjektiiveja tai muita adverbeja antamalla lis\u00e4tietoja ajasta, tavasta tai asteesta. Opi yleisi\u00e4 italialaisia adverbeja ja niiden sijoittamista lauseisiin sujuvuuden parantamiseksi.<\/p>\n\n\n\n<h3 class=\"wp-block-heading\" id=\"h-8-prepositions\">8. Prepositiot:<\/h3>\n\n\n\n<p>Prepositiot ovat v\u00e4ltt\u00e4m\u00e4tt\u00f6mi\u00e4 sanojen ja lauseiden yhdist\u00e4miseksi, mik\u00e4 osoittaa suhteita, kuten sijainti, aika tai syy. Hallitse yleiset italialaiset prepositiot (di, a, da jne.) ja niiden k\u00e4ytt\u00f6 eri yhteyksiss\u00e4.<\/p>\n\n\n\n<h3 class=\"wp-block-heading\" id=\"h-9-sentence-structure\">9. Lauseen rakenne:<\/h3>\n\n\n\n<p>Lopuksi tuo kaikki kieliopin komponentit yhteen opiskelemalla italialaista lauserakennetta. Opi subjekti-verbi-objekti-j\u00e4rjestyksest\u00e4, negaatiosta ja kysymysten muodostamisesta tarkkojen ja merkityksellisten lauseiden luomiseksi.<\/p>\n\n\n\n<p>Seuraamalla t\u00e4t\u00e4 kielioppiaiheiden j\u00e4rjestyst\u00e4 ja omistamalla aikaa harjoitteluun ja kertaamiseen, olet hyv\u00e4ll\u00e4 tiell\u00e4 hallitsemaan italiaa ja nauttimaan sen tarjoamista rikkaista kielellisist\u00e4 ja kulttuurisista kokemuksista.<\/p>\n<\/div><\/div>\n\r\n<section class=\"learnNavigationSection\">\r\n            \r\n        <a href=\"https:\/\/talkpal.ai\/fi\/opi-italiaa\/\">\r\n            <div class=\"learnNavigationWrapper\">\r\n                <div class=\"learnNavigationContent\">\r\n                    <img decoding=\"async\" src=\"https:\/\/talkpal.ai\/wp-content\/uploads\/2024\/08\/Italian.jpg\" alt=\"Italian Flag\">\r\n                    <div>\r\n                        <h4>Tietoa italian kielen oppimisesta<\/h4>\r\n                        <p>Tutustu italian kielioppiin.<\/p>\r\n                    <\/div>\r\n                <\/div>\r\n            <\/div>\r\n        <\/a>\r\n\r\n        \r\n        <a href=\"https:\/\/talkpal.ai\/fi\/italian-kielioppi\/\">\r\n            <div class=\"learnNavigationWrapper\">\r\n                <div class=\"learnNavigationContent\">\r\n                    <img decoding=\"async\" src=\"https:\/\/talkpal.ai\/wp-content\/uploads\/2024\/08\/Italian.jpg\" alt=\"Italian Flag\">\r\n                    <div>\r\n                        <h4>Italian kielioppitunnit<\/h4>\r\n                        <p>Harjoittele italian kielioppia.<\/p>\r\n                    <\/div>\r\n                <\/div>\r\n            <\/div>\r\n        <\/a>\r\n\r\n        \r\n        <a href=\"https:\/\/talkpal.ai\/vocabulary_language\/italian\/\">\r\n            <div class=\"learnNavigationWrapper\">\r\n                <div class=\"learnNavigationContent\">\r\n                    <img decoding=\"async\" src=\"https:\/\/talkpal.ai\/wp-content\/uploads\/2024\/08\/Italian.jpg\" alt=\"Italian Flag\">\r\n                    <div>\r\n                        <h4>Italian sanastoa<\/h4>\r\n                        <p>Laajenna italian kielen sanavarastoasi.<\/p>\r\n                    <\/div>\r\n                <\/div>\r\n            <\/div>\r\n        <\/a>\r\n\r\n            <\/section>","protected":false},"excerpt":{"rendered":"<p>Italian kieliopin aiheet Uuden kielen oppiminen on j\u00e4nnitt\u00e4v\u00e4 matka, joka avaa uusia mahdollisuuksia ja kulttuurikokemuksia. Yksi kauneimmista ja laajimmin puhutuista kielist\u00e4 on italia, joka tunnetaan musikaalisuudestaan, ilmeikkyydest\u00e4\u00e4n ja rikkaasta historiastaan. Italian kielen tehokkaaksi oppimiseksi on ratkaisevan t\u00e4rke\u00e4\u00e4 ymm\u00e4rt\u00e4\u00e4 selke\u00e4sti sen kielioppi, joka toimii kielitaidon rakentamisen perustana. T\u00e4h\u00e4n sis\u00e4ltyy eri n\u00e4k\u00f6kohtien, kuten aikamuotojen, verbien, substantiivien, artikkeleiden [&hellip;]<\/p>\n","protected":false},"author":6,"featured_media":6258,"parent":0,"menu_order":0,"comment_status":"closed","ping_status":"closed","template":"LearningContentPage.php","meta":{"_acf_changed":false,"footnotes":""},"class_list":["post-91670","page","type-page","status-publish","has-post-thumbnail","hentry"],"acf":[],"yoast_head":"<!-- This site is optimized with the Yoast SEO Premium plugin v27.2 (Yoast SEO v27.2) - https:\/\/yoast.com\/product\/yoast-seo-premium-wordpress\/ -->\n<title>Italian kielioppiharjoitukset - Talkpal<\/title>\n<meta name=\"description\" content=\"Vahvista italian kielioppia tehokkaasti - paranna taitojasi k\u00e4yt\u00e4nn\u00f6n harjoitusten, vuorovaikutteisen harjoittelun ja v\u00e4litt\u00f6m\u00e4n palautteen avulla.\" \/>\n<meta name=\"robots\" content=\"index, follow, max-snippet:-1, max-image-preview:large, max-video-preview:-1\" \/>\n<link rel=\"canonical\" href=\"https:\/\/talkpal.ai\/fi\/italian-kielioppiharjoitukset\/\" \/>\n<meta property=\"og:locale\" content=\"fi_FI\" \/>\n<meta property=\"og:type\" content=\"article\" \/>\n<meta property=\"og:title\" content=\"Italian kielioppiharjoitukset\" \/>\n<meta property=\"og:description\" content=\"Italian kieliopin aiheet Uuden kielen oppiminen on j\u00e4nnitt\u00e4v\u00e4 matka, joka avaa uusia mahdollisuuksia ja kulttuurikokemuksia. Yksi kauneimmista ja\" \/>\n<meta property=\"og:url\" content=\"https:\/\/talkpal.ai\/fi\/italian-kielioppiharjoitukset\/\" \/>\n<meta property=\"og:site_name\" content=\"Talkpal\" \/>\n<meta property=\"article:publisher\" content=\"https:\/\/www.facebook.com\/profile.php?id=100090733639311\" \/>\n<meta property=\"article:modified_time\" content=\"2025-12-17T16:14:43+00:00\" \/>\n<meta property=\"og:image\" content=\"https:\/\/talkpal.ai\/wp-content\/uploads\/2023\/03\/italy.png\" \/>\n\t<meta property=\"og:image:width\" content=\"512\" \/>\n\t<meta property=\"og:image:height\" content=\"512\" \/>\n\t<meta property=\"og:image:type\" content=\"image\/png\" \/>\n<meta name=\"twitter:card\" content=\"summary_large_image\" \/>\n<meta name=\"twitter:site\" content=\"@talkpalai\" \/>\n<meta name=\"twitter:label1\" content=\"Arvioitu lukuaika\" \/>\n\t<meta name=\"twitter:data1\" content=\"2 minuuttia\" \/>\n<script type=\"application\/ld+json\" class=\"yoast-schema-graph\">{\"@context\":\"https:\/\/schema.org\",\"@graph\":[{\"@type\":\"WebPage\",\"@id\":\"https:\/\/talkpal.ai\/fi\/italian-kielioppiharjoitukset\/\",\"url\":\"https:\/\/talkpal.ai\/fi\/italian-kielioppiharjoitukset\/\",\"name\":\"Italian kielioppiharjoitukset - Talkpal\",\"isPartOf\":{\"@id\":\"https:\/\/talkpal.ai\/fi\/#website\"},\"primaryImageOfPage\":{\"@id\":\"https:\/\/talkpal.ai\/fi\/italian-kielioppiharjoitukset\/#primaryimage\"},\"image\":{\"@id\":\"https:\/\/talkpal.ai\/fi\/italian-kielioppiharjoitukset\/#primaryimage\"},\"thumbnailUrl\":\"https:\/\/talkpal.ai\/wp-content\/uploads\/2023\/03\/italy.png\",\"datePublished\":\"2023-06-16T09:22:36+00:00\",\"dateModified\":\"2025-12-17T16:14:43+00:00\",\"description\":\"Vahvista italian kielioppia tehokkaasti - paranna taitojasi k\u00e4yt\u00e4nn\u00f6n harjoitusten, vuorovaikutteisen harjoittelun ja v\u00e4litt\u00f6m\u00e4n palautteen avulla.\",\"breadcrumb\":{\"@id\":\"https:\/\/talkpal.ai\/fi\/italian-kielioppiharjoitukset\/#breadcrumb\"},\"inLanguage\":\"fi\",\"potentialAction\":[{\"@type\":\"ReadAction\",\"target\":[\"https:\/\/talkpal.ai\/fi\/italian-kielioppiharjoitukset\/\"]}]},{\"@type\":\"ImageObject\",\"inLanguage\":\"fi\",\"@id\":\"https:\/\/talkpal.ai\/fi\/italian-kielioppiharjoitukset\/#primaryimage\",\"url\":\"https:\/\/talkpal.ai\/wp-content\/uploads\/2023\/03\/italy.png\",\"contentUrl\":\"https:\/\/talkpal.ai\/wp-content\/uploads\/2023\/03\/italy.png\",\"width\":512,\"height\":512,\"caption\":\"TalkPal AI learn Italian\"},{\"@type\":\"BreadcrumbList\",\"@id\":\"https:\/\/talkpal.ai\/fi\/italian-kielioppiharjoitukset\/#breadcrumb\",\"itemListElement\":[{\"@type\":\"ListItem\",\"position\":1,\"name\":\"Homepage\",\"item\":\"https:\/\/talkpal.ai\/fi\/\"},{\"@type\":\"ListItem\",\"position\":2,\"name\":\"Italian kielioppiharjoitukset\"}]},{\"@type\":\"WebSite\",\"@id\":\"https:\/\/talkpal.ai\/fi\/#website\",\"url\":\"https:\/\/talkpal.ai\/fi\/\",\"name\":\"Talkpal\",\"description\":\"AI Language Learning\",\"publisher\":{\"@id\":\"https:\/\/talkpal.ai\/fi\/#organization\"},\"alternateName\":\"Talkpal AI\",\"potentialAction\":[{\"@type\":\"SearchAction\",\"target\":{\"@type\":\"EntryPoint\",\"urlTemplate\":\"https:\/\/talkpal.ai\/fi\/?s={search_term_string}\"},\"query-input\":{\"@type\":\"PropertyValueSpecification\",\"valueRequired\":true,\"valueName\":\"search_term_string\"}}],\"inLanguage\":\"fi\"},{\"@type\":\"Organization\",\"@id\":\"https:\/\/talkpal.ai\/fi\/#organization\",\"name\":\"Talkpal, Inc.\",\"alternateName\":\"Talkpal AI\",\"url\":\"https:\/\/talkpal.ai\/fi\/\",\"logo\":{\"@type\":\"ImageObject\",\"inLanguage\":\"fi\",\"@id\":\"https:\/\/talkpal.ai\/fi\/#\/schema\/logo\/image\/\",\"url\":\"https:\/\/talkpal.ai\/wp-content\/uploads\/2024\/03\/Talkpal-Logo-Icon.png\",\"contentUrl\":\"https:\/\/talkpal.ai\/wp-content\/uploads\/2024\/03\/Talkpal-Logo-Icon.png\",\"width\":2880,\"height\":2880,\"caption\":\"Talkpal, Inc.\"},\"image\":{\"@id\":\"https:\/\/talkpal.ai\/fi\/#\/schema\/logo\/image\/\"},\"sameAs\":[\"https:\/\/www.facebook.com\/profile.php?id=100090733639311\",\"https:\/\/x.com\/talkpalai\",\"https:\/\/www.linkedin.com\/company\/talkpal\/\",\"https:\/\/www.youtube.com\/@TalkPal\/\",\"https:\/\/www.tiktok.com\/@talkpal\",\"https:\/\/www.instagram.com\/talkpal_ai\/\",\"https:\/\/www.crunchbase.com\/organization\/talkpal-9cde\",\"https:\/\/www.g2.com\/products\/talkpal-for-business\/\",\"https:\/\/www.trustpilot.com\/review\/talkpal.ai\",\"https:\/\/www.capterra.com\/p\/10006800\/TalkPal\/\"],\"description\":\"Talkpal is a language learning web and mobile education app, powered by the latest AI technologies, that provides engaging experiences to its customers in many different languages to help them improve their language skills. Users can chat about unlimited amount of topics with the app and use other modes to practice their language learning.\",\"email\":\"support@talkpal.ai\",\"legalName\":\"Talkpal, Inc.\",\"foundingDate\":\"2023-04-03\",\"duns\":\"118989042\",\"numberOfEmployees\":{\"@type\":\"QuantitativeValue\",\"minValue\":\"11\",\"maxValue\":\"50\"},\"publishingPrinciples\":\"https:\/\/talkpal.ai\/publishing-principles\/\",\"actionableFeedbackPolicy\":\"https:\/\/talkpal.ai\/actionable-feedback-policy\/\",\"correctionsPolicy\":\"https:\/\/talkpal.ai\/corrections-policy\/\",\"ethicsPolicy\":\"https:\/\/talkpal.ai\/ethics-policy\/\",\"diversityPolicy\":\"https:\/\/talkpal.ai\/diversity-policy\/\",\"diversityStaffingReport\":\"https:\/\/talkpal.ai\/diversity-policy\/\"}]}<\/script>\n<!-- \/ Yoast SEO Premium plugin. -->","yoast_head_json":{"title":"Italian kielioppiharjoitukset - Talkpal","description":"Vahvista italian kielioppia tehokkaasti - paranna taitojasi k\u00e4yt\u00e4nn\u00f6n harjoitusten, vuorovaikutteisen harjoittelun ja v\u00e4litt\u00f6m\u00e4n palautteen avulla.","robots":{"index":"index","follow":"follow","max-snippet":"max-snippet:-1","max-image-preview":"max-image-preview:large","max-video-preview":"max-video-preview:-1"},"canonical":"https:\/\/talkpal.ai\/fi\/italian-kielioppiharjoitukset\/","og_locale":"fi_FI","og_type":"article","og_title":"Italian kielioppiharjoitukset","og_description":"Italian kieliopin aiheet Uuden kielen oppiminen on j\u00e4nnitt\u00e4v\u00e4 matka, joka avaa uusia mahdollisuuksia ja kulttuurikokemuksia. Yksi kauneimmista ja","og_url":"https:\/\/talkpal.ai\/fi\/italian-kielioppiharjoitukset\/","og_site_name":"Talkpal","article_publisher":"https:\/\/www.facebook.com\/profile.php?id=100090733639311","article_modified_time":"2025-12-17T16:14:43+00:00","og_image":[{"width":512,"height":512,"url":"https:\/\/talkpal.ai\/wp-content\/uploads\/2023\/03\/italy.png","type":"image\/png"}],"twitter_card":"summary_large_image","twitter_site":"@talkpalai","twitter_misc":{"Arvioitu lukuaika":"2 minuuttia"},"schema":{"@context":"https:\/\/schema.org","@graph":[{"@type":"WebPage","@id":"https:\/\/talkpal.ai\/fi\/italian-kielioppiharjoitukset\/","url":"https:\/\/talkpal.ai\/fi\/italian-kielioppiharjoitukset\/","name":"Italian kielioppiharjoitukset - Talkpal","isPartOf":{"@id":"https:\/\/talkpal.ai\/fi\/#website"},"primaryImageOfPage":{"@id":"https:\/\/talkpal.ai\/fi\/italian-kielioppiharjoitukset\/#primaryimage"},"image":{"@id":"https:\/\/talkpal.ai\/fi\/italian-kielioppiharjoitukset\/#primaryimage"},"thumbnailUrl":"https:\/\/talkpal.ai\/wp-content\/uploads\/2023\/03\/italy.png","datePublished":"2023-06-16T09:22:36+00:00","dateModified":"2025-12-17T16:14:43+00:00","description":"Vahvista italian kielioppia tehokkaasti - paranna taitojasi k\u00e4yt\u00e4nn\u00f6n harjoitusten, vuorovaikutteisen harjoittelun ja v\u00e4litt\u00f6m\u00e4n palautteen avulla.","breadcrumb":{"@id":"https:\/\/talkpal.ai\/fi\/italian-kielioppiharjoitukset\/#breadcrumb"},"inLanguage":"fi","potentialAction":[{"@type":"ReadAction","target":["https:\/\/talkpal.ai\/fi\/italian-kielioppiharjoitukset\/"]}]},{"@type":"ImageObject","inLanguage":"fi","@id":"https:\/\/talkpal.ai\/fi\/italian-kielioppiharjoitukset\/#primaryimage","url":"https:\/\/talkpal.ai\/wp-content\/uploads\/2023\/03\/italy.png","contentUrl":"https:\/\/talkpal.ai\/wp-content\/uploads\/2023\/03\/italy.png","width":512,"height":512,"caption":"TalkPal AI learn Italian"},{"@type":"BreadcrumbList","@id":"https:\/\/talkpal.ai\/fi\/italian-kielioppiharjoitukset\/#breadcrumb","itemListElement":[{"@type":"ListItem","position":1,"name":"Homepage","item":"https:\/\/talkpal.ai\/fi\/"},{"@type":"ListItem","position":2,"name":"Italian kielioppiharjoitukset"}]},{"@type":"WebSite","@id":"https:\/\/talkpal.ai\/fi\/#website","url":"https:\/\/talkpal.ai\/fi\/","name":"Talkpal","description":"AI Language Learning","publisher":{"@id":"https:\/\/talkpal.ai\/fi\/#organization"},"alternateName":"Talkpal AI","potentialAction":[{"@type":"SearchAction","target":{"@type":"EntryPoint","urlTemplate":"https:\/\/talkpal.ai\/fi\/?s={search_term_string}"},"query-input":{"@type":"PropertyValueSpecification","valueRequired":true,"valueName":"search_term_string"}}],"inLanguage":"fi"},{"@type":"Organization","@id":"https:\/\/talkpal.ai\/fi\/#organization","name":"Talkpal, Inc.","alternateName":"Talkpal AI","url":"https:\/\/talkpal.ai\/fi\/","logo":{"@type":"ImageObject","inLanguage":"fi","@id":"https:\/\/talkpal.ai\/fi\/#\/schema\/logo\/image\/","url":"https:\/\/talkpal.ai\/wp-content\/uploads\/2024\/03\/Talkpal-Logo-Icon.png","contentUrl":"https:\/\/talkpal.ai\/wp-content\/uploads\/2024\/03\/Talkpal-Logo-Icon.png","width":2880,"height":2880,"caption":"Talkpal, Inc."},"image":{"@id":"https:\/\/talkpal.ai\/fi\/#\/schema\/logo\/image\/"},"sameAs":["https:\/\/www.facebook.com\/profile.php?id=100090733639311","https:\/\/x.com\/talkpalai","https:\/\/www.linkedin.com\/company\/talkpal\/","https:\/\/www.youtube.com\/@TalkPal\/","https:\/\/www.tiktok.com\/@talkpal","https:\/\/www.instagram.com\/talkpal_ai\/","https:\/\/www.crunchbase.com\/organization\/talkpal-9cde","https:\/\/www.g2.com\/products\/talkpal-for-business\/","https:\/\/www.trustpilot.com\/review\/talkpal.ai","https:\/\/www.capterra.com\/p\/10006800\/TalkPal\/"],"description":"Talkpal is a language learning web and mobile education app, powered by the latest AI technologies, that provides engaging experiences to its customers in many different languages to help them improve their language skills. Users can chat about unlimited amount of topics with the app and use other modes to practice their language learning.","email":"support@talkpal.ai","legalName":"Talkpal, Inc.","foundingDate":"2023-04-03","duns":"118989042","numberOfEmployees":{"@type":"QuantitativeValue","minValue":"11","maxValue":"50"},"publishingPrinciples":"https:\/\/talkpal.ai\/publishing-principles\/","actionableFeedbackPolicy":"https:\/\/talkpal.ai\/actionable-feedback-policy\/","correctionsPolicy":"https:\/\/talkpal.ai\/corrections-policy\/","ethicsPolicy":"https:\/\/talkpal.ai\/ethics-policy\/","diversityPolicy":"https:\/\/talkpal.ai\/diversity-policy\/","diversityStaffingReport":"https:\/\/talkpal.ai\/diversity-policy\/"}]}},"_links":{"self":[{"href":"https:\/\/talkpal.ai\/fi\/wp-json\/wp\/v2\/pages\/91670","targetHints":{"allow":["GET"]}}],"collection":[{"href":"https:\/\/talkpal.ai\/fi\/wp-json\/wp\/v2\/pages"}],"about":[{"href":"https:\/\/talkpal.ai\/fi\/wp-json\/wp\/v2\/types\/page"}],"author":[{"embeddable":true,"href":"https:\/\/talkpal.ai\/fi\/wp-json\/wp\/v2\/users\/6"}],"replies":[{"embeddable":true,"href":"https:\/\/talkpal.ai\/fi\/wp-json\/wp\/v2\/comments?post=91670"}],"version-history":[{"count":0,"href":"https:\/\/talkpal.ai\/fi\/wp-json\/wp\/v2\/pages\/91670\/revisions"}],"wp:featuredmedia":[{"embeddable":true,"href":"https:\/\/talkpal.ai\/fi\/wp-json\/wp\/v2\/media\/6258"}],"wp:attachment":[{"href":"https:\/\/talkpal.ai\/fi\/wp-json\/wp\/v2\/media?parent=91670"}],"curies":[{"name":"wp","href":"https:\/\/api.w.org\/{rel}","templated":true}]}}