{"id":91431,"date":"2023-03-26T12:27:22","date_gmt":"2023-03-26T12:27:22","guid":{"rendered":"http:\/\/talkpal.ai\/italian-kielioppi\/"},"modified":"2025-05-22T18:44:31","modified_gmt":"2025-05-22T18:44:31","slug":"italian-kielioppi","status":"publish","type":"page","link":"https:\/\/talkpal.ai\/fi\/italian-kielioppi\/","title":{"rendered":"Italian kielioppi"},"content":{"rendered":"\r\n\r\n\r\n<section class=\"languageChallengeSection\">\r\n    <div class=\"languageInfoWrapper\">\r\n        \r\n        <h1>Italian kielioppi<\/h1>\r\n        <p>Tutustu <a href=\"https:\/\/talkpal.ai\/learn-italian\/\">italian<\/a> kielen perusteisiin oppimalla sen keskeiset kielioppis\u00e4\u00e4nn\u00f6t. <a href=\"https:\/\/talkpal.ai\/learn-italian\/\">Italian<\/a> kieliopin hallitseminen auttaa sinua ilmaisemaan itse\u00e4si itsevarmasti ja luomaan syvemm\u00e4n yhteyden Italian rikkaaseen kulttuuriin. Aloita italian kieliopin opiskelu jo t\u00e4n\u00e4\u00e4n ja ota ensimm\u00e4inen askel kohti sujuvuutta!<\/p>\r\n\r\n                            <a class=\"getStartedHidden\" href=\"https:\/\/app.talkpal.ai\/fi\/signup?lng=\">Aloita<\/a>\r\n        \r\n    <\/div>\r\n\r\n    <figure>\r\n    <img decoding=\"async\" width=\"768\" height=\"768\" src=\"https:\/\/talkpal.ai\/wp-content\/uploads\/2023\/06\/italian-768x768.png\" class=\"languageImage no-lazy\" alt=\"Default alt text\" fetchpriority=\"high\" sizes=\"(max-width: 768px) 150px, 768px\" srcset=\"https:\/\/talkpal.ai\/wp-content\/uploads\/2023\/06\/italian-768x768.png 768w, https:\/\/talkpal.ai\/wp-content\/uploads\/2023\/06\/italian-300x300.png 300w\" \/>\r\n    \r\n\r\n    <\/figure>\r\n\r\n            <a class=\"getStartedVisible\" href=\"https:\/\/app.talkpal.ai\/fi\/signup?lng=\">Aloita<\/a>\r\n    \r\n<\/section>\r\n        <section class=\"grammarSection\">\r\n            <div class=\"grammarLinks\">\r\n                <a href=\"https:\/\/talkpal.ai\/fi\/language\/adjektiivit-italian-kielioppi\/\">Adjektiivit <\/a><a href=\"https:\/\/talkpal.ai\/fi\/language\/adverbit-italian-kielioppi\/\">Adverbit <\/a><a href=\"https:\/\/talkpal.ai\/fi\/language\/konjunktiot-italian-kielioppi\/\">Konjunktiot <\/a><a href=\"https:\/\/talkpal.ai\/fi\/language\/negaatio-ja-kuulustelu-italian-kielioppi\/\">Negaatio ja kuulustelu <\/a><a href=\"https:\/\/talkpal.ai\/fi\/language\/prepositiot-italian-kielioppi\/\">Prepositiot <\/a><a href=\"https:\/\/talkpal.ai\/fi\/language\/pronominit-italian-kielioppi\/\">Pronominit <\/a><a href=\"https:\/\/talkpal.ai\/fi\/language\/substantiivit-italian-kielioppi\/\">Substantiivit <\/a><a href=\"https:\/\/talkpal.ai\/fi\/language\/syntaksi-ja-lauserakenne-italian-kielioppi\/\">Syntaksi ja lauserakenne <\/a><a href=\"https:\/\/talkpal.ai\/fi\/language\/verbit-italian-kielioppi\/\">Verbit <\/a>            <\/div>\r\n        <\/section>\r\n    <section class=\"promotionalBanner\">\r\n    <p class=\"promotionalText\">Tehokkain tapa oppia kielt\u00e4<\/p>\r\n    <a class=\"promotionalLink\" href=\"https:\/\/app.talkpal.ai\/fi\/signup?lng=\">Kokeile Talkpal ilmaiseksi<\/a>\r\n<\/section>\n<div class=\"wp-block-group pageContainerStyle\"><div class=\"wp-block-group__inner-container is-layout-constrained wp-block-group-is-layout-constrained\">\n<h2 class=\"wp-block-heading\" id=\"h-mastering-the-art-of-italian-grammar-your-ultimate-guide\">Italian kieliopin taiteen hallitseminen: lopullinen opas<\/h2>\n\n\n\n<p>Ciao, kielten harrastajat! Oletko valmis sukeltamaan p\u00e4\u00e4 edell\u00e4 italian kieliopin maailmaan? Olet tullut oikeaan paikkaan. T\u00e4m\u00e4 artikkeli on t\u00e4ynn\u00e4 helposti omaksuttavaa ja keskustelevaan s\u00e4vyyn kirjoitettua tietoa, ja se opastaa sinut italian kieliopin kiehtovaan (ja joskus hankalaan) maailmaan, jotta voit rakentaa lauseita ja k\u00e4yd\u00e4 mielekk\u00e4it\u00e4 keskusteluja \u00e4idinkielen puhujien kanssa. Kiinnit\u00e4 siis turvavy\u00f6si, ja aloitetaan!<\/p>\n\n\n\n<h3 class=\"wp-block-heading\" id=\"h-but-first-why-italian-grammar\">Mutta ensin, miksi italian kielioppi?<\/h3>\n\n\n\n<p>Jos opiskelet italiaa, vahva kieliopin perusta on ratkaisevan t\u00e4rke\u00e4, jotta voit puhua, lukea ja kirjoittaa sujuvasti. <a href=\"https:\/\/talkpal.ai\/italian-grammar\/\">Italian kielioppi<\/a> voi aluksi vaikuttaa monimutkaiselta, mutta se on suhteellisen yksinkertaista, kun sen jakaa pienempiin, helpommin hallittaviin osiin. Aloitetaan siis matkasi kohti italian kieliopin hallintaa!<\/p>\n\n\n\n<h3 class=\"wp-block-heading\" id=\"h-1-nouns-articles-and-gender\">1. Substantiivit, artikkelit ja sukupuoli<\/h3>\n\n\n\n<p>Italian substantiiveja on kahta sukupuolta: maskuliinisia ja naisellisia. Toisin kuin englannissa, jossa substantiivin sukupuolella ei ole merkityst\u00e4, italia vaatii oikean sukupuolen oikean lauseenrakenteen varmistamiseksi. Osaatko arvata sellaisten substantiivien kuin &#8221;tavolo&#8221; (p\u00f6yt\u00e4) <a href=\"https:\/\/talkpal.ai\/learn-thai\/\">tai<\/a> &#8221;casa&#8221; (talo) sukupuolen? Jos arvasit &#8221;tavolo&#8221;:n olevan maskuliininen ja &#8221;casa&#8221;:n feminiininen, bravo!<\/p>\n\n\n\n<p>Italian kieless\u00e4 substantiivit p\u00e4\u00e4ttyv\u00e4t tavallisesti &#8221;-o&#8221; maskuliiniseen ja &#8221;-a&#8221; feminiiniseen muotoon. On olemassa poikkeuksia &#8211; jotkut sanat p\u00e4\u00e4ttyv\u00e4t &#8221;-e&#8221; &#8211; ja voivat olla kumpaakin sukupuolta &#8211; mutta nyt pidet\u00e4\u00e4n t\u00e4m\u00e4 perusperiaate mieless\u00e4.<\/p>\n\n\n\n<p>Puhutaanpa nyt artikkeleista. Aivan kuten englannissa, tarvitsemme artikkeleita ennen substantiiveja. Italian kieless\u00e4 on m\u00e4\u00e4r\u00e4isi\u00e4 (il, lo, la, i, gli, le) ja ep\u00e4m\u00e4\u00e4r\u00e4isi\u00e4 artikkeleita (un, uno, una).<\/p>\n\n\n\n<p>Joten miten valitsemme, mit\u00e4 tietty\u00e4 artikkelia k\u00e4yt\u00e4mme?<\/p>\n\n\n\n<p>&#8211; &#8221;il&#8221; ja &#8221;i&#8221; maskuliinisille substantiiveille, jotka alkavat konsonantilla, esim. il libro (kirja), i libri (kirjat).<br\/>&#8211; &#8221;lo&#8221; ja &#8221;gli&#8221; maskuliinisille substantiiveille, jotka alkavat &#8221;s&#8221;-merkill\u00e4, jota seuraa konsonantti, vokaali (paitsi &#8221;u&#8221;) tai &#8221;z&#8221;, esim. lo <a href=\"https:\/\/talkpal.ai\/talkpal-discount-for-students\/\">studente<\/a> (opiskelija), gli <a href=\"https:\/\/talkpal.ai\/talkpal-discount-for-students\/\">studenti<\/a> (opiskelijat).<br\/>&#8211; &#8221;la&#8221; ja &#8221;le&#8221; feminiinisille substantiiveille, esim. la casa (talo), le case (talot).<\/p>\n\n\n\n<h3 class=\"wp-block-heading\" id=\"h-2-adjectives-and-agreement\">2. Adjektiivit ja sopimus<\/h3>\n\n\n\n<p><a href=\"https:\/\/talkpal.ai\/fi\/italian-kielen-oppimisen-vallankumous-tekoalyn-avulla\/\">Italian kielen<\/a> adjektiivien on oltava sopusoinnussa substantiivin kanssa, jota ne muuttavat sukupuolen ja lukum\u00e4\u00e4r\u00e4n suhteen. Jos esimerkiksi haluat kuvailla herkullista pizzaa, sanot &#8221;una pizza deliziosa&#8221; etk\u00e4 &#8221;delizioso&#8221;. Muista, ett\u00e4 adjektiivi seuraa yleens\u00e4 substantiivia italiaksi.<\/p>\n\n\n\n<h3 class=\"wp-block-heading\" id=\"h-3-verbs-tense-and-conjugation\">3. Verbit, aikamuoto ja taivutus<\/h3>\n\n\n\n<p>Italian verbit ovat t\u00e4rke\u00e4 osa kielioppia. Verbiluokkia on kolme (-are, -ere ja -ire) ja paljon ep\u00e4s\u00e4\u00e4nn\u00f6llisi\u00e4 verbej\u00e4, joten meill\u00e4 on ty\u00f6mme valmiina! Jotta saisit nopean yleiskatsauksen, k\u00e4sitell\u00e4\u00e4n seuraavaksi tavallisten verbien preesens.<\/p>\n\n\n\n<p>&#8211; &#8221;-are&#8221;-verbit: esim. parlare (puhua): io parlo, tu parli, lui\/lei <a href=\"https:\/\/talkpal.ai\/locations\/language-courses-in-parla\/\">parla<\/a>, noi parliamo, voi parlate, loro parlano.<br\/>&#8211; &#8221;-ere&#8221;-verbit: esim. leggere (lukea): io leggo, tu leggi, lui\/lei legge, noi leggiamo, voi leggete, loro leggono.<br\/>&#8211; &#8221;-ire&#8221;-verbit: esim. finire (lopettaa): io finisco, tu finisci, lui\/lei finisce, noi finiamo, voi finite, loro finiscono.<\/p>\n\n\n\n<p>Muista, ett\u00e4 t\u00e4m\u00e4 on vain j\u00e4\u00e4vuoren huippu! Opittavia on monia muita aikamuotoja ja ep\u00e4s\u00e4\u00e4nn\u00f6llisi\u00e4 verbej\u00e4, mutta jokainen matka alkaa yhdell\u00e4 askeleella.<\/p>\n\n\n\n<h3 class=\"wp-block-heading\" id=\"h-4-prepositions-pronouns-and-more\">4. Prepositiot, pronominit ja paljon muuta!<\/h3>\n\n\n\n<p>Italian kieliopissa on monia muita komponentteja, kuten prepositiot (di, a, da, in, su jne.), pronominit (io, tu, lui\/lei jne.), refleksiiviset verbit ja idiomaattiset lausekkeet. Jokainen komponentti on avain sujuvuutesi avaamiseen, joten ota se askel kerrallaan.<\/p>\n\n\n\n<p>Yhteenvetona voidaan todeta, ett\u00e4 italian kieliopin hallintaan ei ole oikotiet\u00e4. Se vaatii sinnikkyytt\u00e4, harjoittelua ja k\u00e4rsiv\u00e4llisyytt\u00e4. Mutta kun opit sen, voit kokea italian kielen keskustelun kauneuden, tutustua sen rikkaaseen kulttuuriin ja historiaan ja syvent\u00e4\u00e4 kielen arvostusta. Buona fortuna!<\/p>\n<\/div><\/div>\n\r\n<section class=\"learnNavigationSection\">\r\n            \r\n        <a href=\"https:\/\/talkpal.ai\/fi\/opi-italiaa\/\">\r\n            <div class=\"learnNavigationWrapper\">\r\n                <div class=\"learnNavigationContent\">\r\n                    <img decoding=\"async\" src=\"https:\/\/talkpal.ai\/wp-content\/uploads\/2024\/08\/Italian.jpg\" alt=\"Italian Flag\">\r\n                    <div>\r\n                        <h4>Tietoa italian kielen oppimisesta<\/h4>\r\n                        <p>Tutustu italian kielioppiin.<\/p>\r\n                    <\/div>\r\n                <\/div>\r\n            <\/div>\r\n        <\/a>\r\n\r\n        \r\n        <a href=\"https:\/\/talkpal.ai\/fi\/italian-kielioppiharjoitukset\/\">\r\n            <div class=\"learnNavigationWrapper\">\r\n                <div class=\"learnNavigationContent\">\r\n                    <img decoding=\"async\" src=\"https:\/\/talkpal.ai\/wp-content\/uploads\/2024\/08\/Italian.jpg\" alt=\"Italian Flag\">\r\n                    <div>\r\n                        <h4>Italian kielioppiharjoitus<\/h4>\r\n                        <p>Harjoittele italian kielioppia.<\/p>\r\n                    <\/div>\r\n                <\/div>\r\n            <\/div>\r\n        <\/a>\r\n\r\n        \r\n        <a href=\"https:\/\/talkpal.ai\/vocabulary_language\/italian\/\">\r\n            <div class=\"learnNavigationWrapper\">\r\n                <div class=\"learnNavigationContent\">\r\n                    <img decoding=\"async\" src=\"https:\/\/talkpal.ai\/wp-content\/uploads\/2024\/08\/Italian.jpg\" alt=\"Italian Flag\">\r\n                    <div>\r\n                        <h4>Italian sanastoa<\/h4>\r\n                        <p>Laajenna italian kielen sanavarastoasi.<\/p>\r\n                    <\/div>\r\n                <\/div>\r\n            <\/div>\r\n        <\/a>\r\n\r\n            <\/section>","protected":false},"excerpt":{"rendered":"<p>Italian kieliopin taiteen hallitseminen: lopullinen opas Ciao, kielten harrastajat! Oletko valmis sukeltamaan p\u00e4\u00e4 edell\u00e4 italian kieliopin maailmaan? Olet tullut oikeaan paikkaan. T\u00e4m\u00e4 artikkeli on t\u00e4ynn\u00e4 helposti omaksuttavaa ja keskustelevaan s\u00e4vyyn kirjoitettua tietoa, ja se opastaa sinut italian kieliopin kiehtovaan (ja joskus hankalaan) maailmaan, jotta voit rakentaa lauseita ja k\u00e4yd\u00e4 mielekk\u00e4it\u00e4 keskusteluja \u00e4idinkielen puhujien kanssa. Kiinnit\u00e4 [&hellip;]<\/p>\n","protected":false},"author":1,"featured_media":6258,"parent":0,"menu_order":0,"comment_status":"closed","ping_status":"closed","template":"LearningContentPage.php","meta":{"_acf_changed":false,"footnotes":""},"class_list":["post-91431","page","type-page","status-publish","has-post-thumbnail","hentry"],"acf":[],"yoast_head":"<!-- This site is optimized with the Yoast SEO Premium plugin v27.2 (Yoast SEO v27.2) - https:\/\/yoast.com\/product\/yoast-seo-premium-wordpress\/ -->\n<title>Italian kielioppi - Talkpal<\/title>\n<meta name=\"description\" content=\"Opettele italian kielioppi helposti - harjoittele selke\u00e4sti, ymm\u00e4rr\u00e4 s\u00e4\u00e4nt\u00f6j\u00e4 ja puhu paremmin yksinkertaisen opastuksen avulla. Talkpal AI.\" \/>\n<meta name=\"robots\" content=\"index, follow, max-snippet:-1, max-image-preview:large, max-video-preview:-1\" \/>\n<link rel=\"canonical\" href=\"https:\/\/talkpal.ai\/fi\/italian-kielioppi\/\" \/>\n<meta property=\"og:locale\" content=\"fi_FI\" \/>\n<meta property=\"og:type\" content=\"article\" \/>\n<meta property=\"og:title\" content=\"Italian kielioppi\" \/>\n<meta property=\"og:description\" content=\"Italian kieliopin taiteen hallitseminen: lopullinen opas Ciao, kielten harrastajat! Oletko valmis sukeltamaan p\u00e4\u00e4 edell\u00e4 italian kieliopin maailmaan? Olet\" \/>\n<meta property=\"og:url\" content=\"https:\/\/talkpal.ai\/fi\/italian-kielioppi\/\" \/>\n<meta property=\"og:site_name\" content=\"Talkpal\" \/>\n<meta property=\"article:publisher\" content=\"https:\/\/www.facebook.com\/profile.php?id=100090733639311\" \/>\n<meta property=\"article:modified_time\" content=\"2025-05-22T18:44:31+00:00\" \/>\n<meta property=\"og:image\" content=\"https:\/\/talkpal.ai\/wp-content\/uploads\/2023\/03\/italy.png\" \/>\n\t<meta property=\"og:image:width\" content=\"512\" \/>\n\t<meta property=\"og:image:height\" content=\"512\" \/>\n\t<meta property=\"og:image:type\" content=\"image\/png\" \/>\n<meta name=\"twitter:card\" content=\"summary_large_image\" \/>\n<meta name=\"twitter:site\" content=\"@talkpalai\" \/>\n<meta name=\"twitter:label1\" content=\"Arvioitu lukuaika\" \/>\n\t<meta name=\"twitter:data1\" content=\"3 minuuttia\" \/>\n<script type=\"application\/ld+json\" class=\"yoast-schema-graph\">{\"@context\":\"https:\/\/schema.org\",\"@graph\":[{\"@type\":\"WebPage\",\"@id\":\"https:\/\/talkpal.ai\/fi\/italian-kielioppi\/\",\"url\":\"https:\/\/talkpal.ai\/fi\/italian-kielioppi\/\",\"name\":\"Italian kielioppi - Talkpal\",\"isPartOf\":{\"@id\":\"https:\/\/talkpal.ai\/fi\/#website\"},\"primaryImageOfPage\":{\"@id\":\"https:\/\/talkpal.ai\/fi\/italian-kielioppi\/#primaryimage\"},\"image\":{\"@id\":\"https:\/\/talkpal.ai\/fi\/italian-kielioppi\/#primaryimage\"},\"thumbnailUrl\":\"https:\/\/talkpal.ai\/wp-content\/uploads\/2023\/03\/italy.png\",\"datePublished\":\"2023-03-26T12:27:22+00:00\",\"dateModified\":\"2025-05-22T18:44:31+00:00\",\"description\":\"Opettele italian kielioppi helposti - harjoittele selke\u00e4sti, ymm\u00e4rr\u00e4 s\u00e4\u00e4nt\u00f6j\u00e4 ja puhu paremmin yksinkertaisen opastuksen avulla. Talkpal AI.\",\"breadcrumb\":{\"@id\":\"https:\/\/talkpal.ai\/fi\/italian-kielioppi\/#breadcrumb\"},\"inLanguage\":\"fi\",\"potentialAction\":[{\"@type\":\"ReadAction\",\"target\":[\"https:\/\/talkpal.ai\/fi\/italian-kielioppi\/\"]}]},{\"@type\":\"ImageObject\",\"inLanguage\":\"fi\",\"@id\":\"https:\/\/talkpal.ai\/fi\/italian-kielioppi\/#primaryimage\",\"url\":\"https:\/\/talkpal.ai\/wp-content\/uploads\/2023\/03\/italy.png\",\"contentUrl\":\"https:\/\/talkpal.ai\/wp-content\/uploads\/2023\/03\/italy.png\",\"width\":512,\"height\":512,\"caption\":\"TalkPal AI learn Italian\"},{\"@type\":\"BreadcrumbList\",\"@id\":\"https:\/\/talkpal.ai\/fi\/italian-kielioppi\/#breadcrumb\",\"itemListElement\":[{\"@type\":\"ListItem\",\"position\":1,\"name\":\"Homepage\",\"item\":\"https:\/\/talkpal.ai\/fi\/\"},{\"@type\":\"ListItem\",\"position\":2,\"name\":\"Italian kielioppi\"}]},{\"@type\":\"WebSite\",\"@id\":\"https:\/\/talkpal.ai\/fi\/#website\",\"url\":\"https:\/\/talkpal.ai\/fi\/\",\"name\":\"Talkpal\",\"description\":\"AI Language Learning\",\"publisher\":{\"@id\":\"https:\/\/talkpal.ai\/fi\/#organization\"},\"alternateName\":\"Talkpal AI\",\"potentialAction\":[{\"@type\":\"SearchAction\",\"target\":{\"@type\":\"EntryPoint\",\"urlTemplate\":\"https:\/\/talkpal.ai\/fi\/?s={search_term_string}\"},\"query-input\":{\"@type\":\"PropertyValueSpecification\",\"valueRequired\":true,\"valueName\":\"search_term_string\"}}],\"inLanguage\":\"fi\"},{\"@type\":\"Organization\",\"@id\":\"https:\/\/talkpal.ai\/fi\/#organization\",\"name\":\"Talkpal, Inc.\",\"alternateName\":\"Talkpal AI\",\"url\":\"https:\/\/talkpal.ai\/fi\/\",\"logo\":{\"@type\":\"ImageObject\",\"inLanguage\":\"fi\",\"@id\":\"https:\/\/talkpal.ai\/fi\/#\/schema\/logo\/image\/\",\"url\":\"https:\/\/talkpal.ai\/wp-content\/uploads\/2024\/03\/Talkpal-Logo-Icon.png\",\"contentUrl\":\"https:\/\/talkpal.ai\/wp-content\/uploads\/2024\/03\/Talkpal-Logo-Icon.png\",\"width\":2880,\"height\":2880,\"caption\":\"Talkpal, Inc.\"},\"image\":{\"@id\":\"https:\/\/talkpal.ai\/fi\/#\/schema\/logo\/image\/\"},\"sameAs\":[\"https:\/\/www.facebook.com\/profile.php?id=100090733639311\",\"https:\/\/x.com\/talkpalai\",\"https:\/\/www.linkedin.com\/company\/talkpal\/\",\"https:\/\/www.youtube.com\/@TalkPal\/\",\"https:\/\/www.tiktok.com\/@talkpal\",\"https:\/\/www.instagram.com\/talkpal_ai\/\",\"https:\/\/www.crunchbase.com\/organization\/talkpal-9cde\",\"https:\/\/www.g2.com\/products\/talkpal-for-business\/\",\"https:\/\/www.trustpilot.com\/review\/talkpal.ai\",\"https:\/\/www.capterra.com\/p\/10006800\/TalkPal\/\"],\"description\":\"Talkpal is a language learning web and mobile education app, powered by the latest AI technologies, that provides engaging experiences to its customers in many different languages to help them improve their language skills. Users can chat about unlimited amount of topics with the app and use other modes to practice their language learning.\",\"email\":\"support@talkpal.ai\",\"legalName\":\"Talkpal, Inc.\",\"foundingDate\":\"2023-04-03\",\"duns\":\"118989042\",\"numberOfEmployees\":{\"@type\":\"QuantitativeValue\",\"minValue\":\"11\",\"maxValue\":\"50\"},\"publishingPrinciples\":\"https:\/\/talkpal.ai\/publishing-principles\/\",\"actionableFeedbackPolicy\":\"https:\/\/talkpal.ai\/actionable-feedback-policy\/\",\"correctionsPolicy\":\"https:\/\/talkpal.ai\/corrections-policy\/\",\"ethicsPolicy\":\"https:\/\/talkpal.ai\/ethics-policy\/\",\"diversityPolicy\":\"https:\/\/talkpal.ai\/diversity-policy\/\",\"diversityStaffingReport\":\"https:\/\/talkpal.ai\/diversity-policy\/\"}]}<\/script>\n<!-- \/ Yoast SEO Premium plugin. -->","yoast_head_json":{"title":"Italian kielioppi - Talkpal","description":"Opettele italian kielioppi helposti - harjoittele selke\u00e4sti, ymm\u00e4rr\u00e4 s\u00e4\u00e4nt\u00f6j\u00e4 ja puhu paremmin yksinkertaisen opastuksen avulla. Talkpal AI.","robots":{"index":"index","follow":"follow","max-snippet":"max-snippet:-1","max-image-preview":"max-image-preview:large","max-video-preview":"max-video-preview:-1"},"canonical":"https:\/\/talkpal.ai\/fi\/italian-kielioppi\/","og_locale":"fi_FI","og_type":"article","og_title":"Italian kielioppi","og_description":"Italian kieliopin taiteen hallitseminen: lopullinen opas Ciao, kielten harrastajat! Oletko valmis sukeltamaan p\u00e4\u00e4 edell\u00e4 italian kieliopin maailmaan? Olet","og_url":"https:\/\/talkpal.ai\/fi\/italian-kielioppi\/","og_site_name":"Talkpal","article_publisher":"https:\/\/www.facebook.com\/profile.php?id=100090733639311","article_modified_time":"2025-05-22T18:44:31+00:00","og_image":[{"width":512,"height":512,"url":"https:\/\/talkpal.ai\/wp-content\/uploads\/2023\/03\/italy.png","type":"image\/png"}],"twitter_card":"summary_large_image","twitter_site":"@talkpalai","twitter_misc":{"Arvioitu lukuaika":"3 minuuttia"},"schema":{"@context":"https:\/\/schema.org","@graph":[{"@type":"WebPage","@id":"https:\/\/talkpal.ai\/fi\/italian-kielioppi\/","url":"https:\/\/talkpal.ai\/fi\/italian-kielioppi\/","name":"Italian kielioppi - Talkpal","isPartOf":{"@id":"https:\/\/talkpal.ai\/fi\/#website"},"primaryImageOfPage":{"@id":"https:\/\/talkpal.ai\/fi\/italian-kielioppi\/#primaryimage"},"image":{"@id":"https:\/\/talkpal.ai\/fi\/italian-kielioppi\/#primaryimage"},"thumbnailUrl":"https:\/\/talkpal.ai\/wp-content\/uploads\/2023\/03\/italy.png","datePublished":"2023-03-26T12:27:22+00:00","dateModified":"2025-05-22T18:44:31+00:00","description":"Opettele italian kielioppi helposti - harjoittele selke\u00e4sti, ymm\u00e4rr\u00e4 s\u00e4\u00e4nt\u00f6j\u00e4 ja puhu paremmin yksinkertaisen opastuksen avulla. Talkpal AI.","breadcrumb":{"@id":"https:\/\/talkpal.ai\/fi\/italian-kielioppi\/#breadcrumb"},"inLanguage":"fi","potentialAction":[{"@type":"ReadAction","target":["https:\/\/talkpal.ai\/fi\/italian-kielioppi\/"]}]},{"@type":"ImageObject","inLanguage":"fi","@id":"https:\/\/talkpal.ai\/fi\/italian-kielioppi\/#primaryimage","url":"https:\/\/talkpal.ai\/wp-content\/uploads\/2023\/03\/italy.png","contentUrl":"https:\/\/talkpal.ai\/wp-content\/uploads\/2023\/03\/italy.png","width":512,"height":512,"caption":"TalkPal AI learn Italian"},{"@type":"BreadcrumbList","@id":"https:\/\/talkpal.ai\/fi\/italian-kielioppi\/#breadcrumb","itemListElement":[{"@type":"ListItem","position":1,"name":"Homepage","item":"https:\/\/talkpal.ai\/fi\/"},{"@type":"ListItem","position":2,"name":"Italian kielioppi"}]},{"@type":"WebSite","@id":"https:\/\/talkpal.ai\/fi\/#website","url":"https:\/\/talkpal.ai\/fi\/","name":"Talkpal","description":"AI Language Learning","publisher":{"@id":"https:\/\/talkpal.ai\/fi\/#organization"},"alternateName":"Talkpal AI","potentialAction":[{"@type":"SearchAction","target":{"@type":"EntryPoint","urlTemplate":"https:\/\/talkpal.ai\/fi\/?s={search_term_string}"},"query-input":{"@type":"PropertyValueSpecification","valueRequired":true,"valueName":"search_term_string"}}],"inLanguage":"fi"},{"@type":"Organization","@id":"https:\/\/talkpal.ai\/fi\/#organization","name":"Talkpal, Inc.","alternateName":"Talkpal AI","url":"https:\/\/talkpal.ai\/fi\/","logo":{"@type":"ImageObject","inLanguage":"fi","@id":"https:\/\/talkpal.ai\/fi\/#\/schema\/logo\/image\/","url":"https:\/\/talkpal.ai\/wp-content\/uploads\/2024\/03\/Talkpal-Logo-Icon.png","contentUrl":"https:\/\/talkpal.ai\/wp-content\/uploads\/2024\/03\/Talkpal-Logo-Icon.png","width":2880,"height":2880,"caption":"Talkpal, Inc."},"image":{"@id":"https:\/\/talkpal.ai\/fi\/#\/schema\/logo\/image\/"},"sameAs":["https:\/\/www.facebook.com\/profile.php?id=100090733639311","https:\/\/x.com\/talkpalai","https:\/\/www.linkedin.com\/company\/talkpal\/","https:\/\/www.youtube.com\/@TalkPal\/","https:\/\/www.tiktok.com\/@talkpal","https:\/\/www.instagram.com\/talkpal_ai\/","https:\/\/www.crunchbase.com\/organization\/talkpal-9cde","https:\/\/www.g2.com\/products\/talkpal-for-business\/","https:\/\/www.trustpilot.com\/review\/talkpal.ai","https:\/\/www.capterra.com\/p\/10006800\/TalkPal\/"],"description":"Talkpal is a language learning web and mobile education app, powered by the latest AI technologies, that provides engaging experiences to its customers in many different languages to help them improve their language skills. Users can chat about unlimited amount of topics with the app and use other modes to practice their language learning.","email":"support@talkpal.ai","legalName":"Talkpal, Inc.","foundingDate":"2023-04-03","duns":"118989042","numberOfEmployees":{"@type":"QuantitativeValue","minValue":"11","maxValue":"50"},"publishingPrinciples":"https:\/\/talkpal.ai\/publishing-principles\/","actionableFeedbackPolicy":"https:\/\/talkpal.ai\/actionable-feedback-policy\/","correctionsPolicy":"https:\/\/talkpal.ai\/corrections-policy\/","ethicsPolicy":"https:\/\/talkpal.ai\/ethics-policy\/","diversityPolicy":"https:\/\/talkpal.ai\/diversity-policy\/","diversityStaffingReport":"https:\/\/talkpal.ai\/diversity-policy\/"}]}},"_links":{"self":[{"href":"https:\/\/talkpal.ai\/fi\/wp-json\/wp\/v2\/pages\/91431","targetHints":{"allow":["GET"]}}],"collection":[{"href":"https:\/\/talkpal.ai\/fi\/wp-json\/wp\/v2\/pages"}],"about":[{"href":"https:\/\/talkpal.ai\/fi\/wp-json\/wp\/v2\/types\/page"}],"author":[{"embeddable":true,"href":"https:\/\/talkpal.ai\/fi\/wp-json\/wp\/v2\/users\/1"}],"replies":[{"embeddable":true,"href":"https:\/\/talkpal.ai\/fi\/wp-json\/wp\/v2\/comments?post=91431"}],"version-history":[{"count":0,"href":"https:\/\/talkpal.ai\/fi\/wp-json\/wp\/v2\/pages\/91431\/revisions"}],"wp:featuredmedia":[{"embeddable":true,"href":"https:\/\/talkpal.ai\/fi\/wp-json\/wp\/v2\/media\/6258"}],"wp:attachment":[{"href":"https:\/\/talkpal.ai\/fi\/wp-json\/wp\/v2\/media?parent=91431"}],"curies":[{"name":"wp","href":"https:\/\/api.w.org\/{rel}","templated":true}]}}