{"id":91422,"date":"2023-03-26T11:55:54","date_gmt":"2023-03-26T11:55:54","guid":{"rendered":"http:\/\/talkpal.ai\/espanjan-kielioppi\/"},"modified":"2025-05-22T18:51:14","modified_gmt":"2025-05-22T18:51:14","slug":"espanjan-kielioppi","status":"publish","type":"page","link":"https:\/\/talkpal.ai\/fi\/espanjan-kielioppi\/","title":{"rendered":"Espanjan kielioppi"},"content":{"rendered":"\r\n\r\n\r\n<section class=\"languageChallengeSection\">\r\n    <div class=\"languageInfoWrapper\">\r\n        \r\n        <h1>Espanjan kielioppi<\/h1>\r\n        <p>Sukella espanjan kielen vilkkaaseen maailmaan hallitsemalla sen keskeiset kielioppis\u00e4\u00e4nn\u00f6t. Espanjan kieliopin ymm\u00e4rt\u00e4minen auttaa sinua kommunikoimaan itsevarmasti ja luomaan uusia yhteyksi\u00e4 miljoonien espanjankielisten kanssa ymp\u00e4ri maailmaa. Aloita espanjan kieliopin opiskelu jo t\u00e4n\u00e4\u00e4n ja ota ensimm\u00e4inen askel kohti sujuvuutta!<\/p>\r\n\r\n                            <a class=\"getStartedHidden\" href=\"https:\/\/app.talkpal.ai\/fi\/signup?lng=\">Aloita<\/a>\r\n        \r\n    <\/div>\r\n\r\n    <figure>\r\n    <img decoding=\"async\" width=\"768\" height=\"768\" src=\"https:\/\/talkpal.ai\/wp-content\/uploads\/2023\/06\/Spanish-768x768.png\" class=\"languageImage no-lazy\" alt=\"Default alt text\" fetchpriority=\"high\" sizes=\"(max-width: 768px) 150px, 768px\" srcset=\"https:\/\/talkpal.ai\/wp-content\/uploads\/2023\/06\/Spanish-768x768.png 768w, https:\/\/talkpal.ai\/wp-content\/uploads\/2023\/06\/Spanish-300x300.png 300w\" \/>\r\n    \r\n\r\n    <\/figure>\r\n\r\n            <a class=\"getStartedVisible\" href=\"https:\/\/app.talkpal.ai\/fi\/signup?lng=\">Aloita<\/a>\r\n    \r\n<\/section>\r\n        <section class=\"grammarSection\">\r\n            <div class=\"grammarLinks\">\r\n                <a href=\"https:\/\/talkpal.ai\/fi\/language\/adjektiivit-espanjan-kielioppi\/\">Adjektiivit <\/a><a href=\"https:\/\/talkpal.ai\/fi\/language\/adverbit-espanjan-kielioppi\/\">Adverbit <\/a><a href=\"https:\/\/talkpal.ai\/fi\/language\/aikamuodot-konjunktiivi-espanjan-kielioppi\/\">Aikamuodot Konjunktiivi <\/a><a href=\"https:\/\/talkpal.ai\/fi\/language\/artikkelit-espanjan-kielioppi\/\">Artikkelit <\/a><a href=\"https:\/\/talkpal.ai\/fi\/language\/indikatiiviset-aikamuodot-espanjan-kielioppi\/\">Indikatiiviset aikamuodot <\/a><a href=\"https:\/\/talkpal.ai\/fi\/language\/lauserakenne-espanjan-kielioppi\/\">Lauserakenne <\/a><a href=\"https:\/\/talkpal.ai\/fi\/language\/prepositiot-espanjan-kielioppi\/\">Prepositiot <\/a><a href=\"https:\/\/talkpal.ai\/fi\/language\/pronominit-espanjan-kielioppi\/\">Pronominit <\/a><a href=\"https:\/\/talkpal.ai\/fi\/language\/substantiivit-espanjan-kielioppi\/\">Substantiivit <\/a><a href=\"https:\/\/talkpal.ai\/fi\/language\/verbit-espanjan-kielioppi\/\">Verbit <\/a>            <\/div>\r\n        <\/section>\r\n    <section class=\"promotionalBanner\">\r\n    <p class=\"promotionalText\"><\/p>\r\n    <a class=\"promotionalLink\" href=\"https:\/\/app.talkpal.ai\/fi\/signup?lng=\"><\/a>\r\n<\/section>\n<div class=\"wp-block-group pageContainerStyle\"><div class=\"wp-block-group__inner-container is-layout-constrained wp-block-group-is-layout-constrained\">\n<h2 class=\"wp-block-heading\" id=\"h-a-quick-guide-to-learning-spanish-grammar\">Pikaopas espanjan kieliopin oppimiseen<\/h2>\n\n\n\n<p>Jos olet joskus ajatellut uuden kielen opiskelua, <a href=\"https:\/\/talkpal.ai\/learn-spanish\/\">espanja<\/a> on todenn\u00e4k\u00f6isesti tullut mieleesi. <a href=\"https:\/\/talkpal.ai\/learn-spanish\/\">Espanja<\/a> on yksi maailman puhutuimmista kielist\u00e4, ja se tarjoaa lukuisia etuja henkil\u00f6kohtaiseen ja ammatilliseen kasvuun. Espanjan oppiminen ei vain anna sinulle p\u00e4\u00e4sy\u00e4 uusiin kulttuureihin, vaan my\u00f6s parantaa viestint\u00e4taitojasi. Vaikka monet ihmiset pelk\u00e4\u00e4v\u00e4t sotkeutua kielioppis\u00e4\u00e4nt\u00f6ihin, voit huokaista helpotuksesta, koska <a href=\"https:\/\/talkpal.ai\/fi\/grammar_exercises\/preposiciones-espanjan-kieliopin-harjoitukset\/\">espanjan kielioppi<\/a> on suhteellisen yksinkertainen. T\u00e4ss\u00e4 artikkelissa annamme sinulle pikaoppaan, joka auttaa sinua navigoimaan espanjan kieliopin j\u00e4nnitt\u00e4v\u00e4ss\u00e4 maailmassa kuin ammattilainen!<\/p>\n\n\n\n<h3 class=\"wp-block-heading\" id=\"h-1-understanding-spanish-nouns-and-articles\">1. Espanjan substantiivien ja artikkeleiden ymm\u00e4rt\u00e4minen<\/h3>\n\n\n\n<p>Espanjan substantiiveja, kuten englantia, k\u00e4ytet\u00e4\u00e4n ihmisten, paikkojen, esineiden, ideoiden ja tunteiden tunnistamiseen. Ensimm\u00e4inen s\u00e4\u00e4nt\u00f6, joka on muistettava espanjalaisista substantiiveista, on, ett\u00e4 heill\u00e4 on sukupuoli. Espanjan substantiivit ovat joko maskuliinisia <a href=\"https:\/\/talkpal.ai\/learn-thai\/\">tai<\/a> feminiinisi\u00e4. Esimerkiksi &#8217;libro&#8217; (kirja) on maskuliini ja &#8217;casa&#8217; (talo) feminiini. Usein o-p\u00e4\u00e4tteiset substantiivit ovat maskuliinisia, kun taas a-p\u00e4\u00e4tteiset ovat feminiinisi\u00e4.<\/p>\n\n\n\n<p>Espanjankieliset artikkelit ovat samanlaisia kuin englanninkieliset &#8217;the&#8217;, &#8217;a&#8217; tai &#8217;an&#8217;. Ne ovat t\u00e4rke\u00e4 osa kielt\u00e4, koska niiden on oltava samaa mielt\u00e4 kuvaamansa substantiivin sukupuolen ja numeron kanssa. Espanjankielisi\u00e4 artikkeleita on nelj\u00e4nlaisia:<\/p>\n\n\n\n<p>&#8211; <strong>M\u00e4\u00e4ritelm\u00e4artikkelit:<\/strong> el (maskuliininen yksikk\u00f6), la (feminiininen yksikk\u00f6), los (maskuliininen monikko) ja las (feminiininen monikko).<br\/>&#8211; <strong>M\u00e4\u00e4r\u00e4\u00e4m\u00e4tt\u00f6m\u00e4t artikkelit:<\/strong> un (a\/an maskuliininen yksikk\u00f6), una (a\/an feminiininen yksikk\u00f6), unos (jotkut maskuliiniset monikossa) ja unas (jotkut feminiiniset monikossa).<\/p>\n\n\n\n<h3 class=\"wp-block-heading\" id=\"h-2-slaying-spanish-verbs-conjugation-and-tenses\">2. Espanjan verbien tappaminen: taivutus ja aikamuodot<\/h3>\n\n\n\n<p>Yksi t\u00e4rkeimmist\u00e4 espanjan kieliopin oppimisen n\u00e4k\u00f6kohdista on verbitaivuttajan ymm\u00e4rt\u00e4minen. Konjugointi tarkoittaa yksinkertaisesti verbin kantamuodon muuttamista sen subjektin ja aikamuodon mukaiseksi. Esimerkiksi espanjaksi sanotaan &#8221;Yo como&#8221; (min\u00e4 sy\u00f6n) ja &#8221;\u00e9l come&#8221; (h\u00e4n sy\u00f6). Huomaa, ett\u00e4 verbi comer (sy\u00f6d\u00e4) muuttaa muotoaan, kun vaihdat aihetta.<\/p>\n\n\n\n<p><strong>Joitakin yleisi\u00e4 s\u00e4\u00e4nn\u00f6llisi\u00e4 verbej\u00e4 espanjaksi ovat:<\/strong><\/p>\n\n\n\n<p>&#8211; AR-verbit: hablar (puhua), amar (rakastaa) ja bailar (tanssia).<br\/>&#8211; ER-verbit: comer (sy\u00f6d\u00e4), aprender (oppia) ja vender (myyd\u00e4).<br\/>&#8211; IR-verbit: vivir (el\u00e4\u00e4), escribir (kirjoittaa) ja descubrir (l\u00f6yt\u00e4\u00e4).<\/p>\n\n\n\n<p>Aivan kuten englannissa, espanjassa on useita verbien aikamuotoja, jotka merkitsev\u00e4t aikaa, jolloin toiminta tapahtuu. T\u00e4rkeimm\u00e4t ovat:<\/p>\n\n\n\n<p><strong>&#8211; L\u00e4sn\u00e4<\/strong><br\/><strong>&#8211; Preteriitti<\/strong><br\/><strong>&#8211; Ep\u00e4t\u00e4ydellinen<\/strong><br\/><strong>&#8211; Tulevaisuus<\/strong><br\/><strong>&#8211; Ehdollinen<\/strong><br\/><strong>&#8211; Konjunktiivin preesens<\/strong><br\/><strong>&#8211; Imperfektin konjunktiivi<\/strong><\/p>\n\n\n\n<p>\u00c4l\u00e4 stressaa kaikkien verbien aikamuotojen oppimisesta kerralla. K\u00e4sittele niit\u00e4 yksi kerrallaan ja harjoittele, kunnes niiden k\u00e4ytt\u00f6 sujuu mukavasti.<\/p>\n\n\n\n<h3 class=\"wp-block-heading\" id=\"h-3-creating-sentences-with-spanish-adjectives-and-adverbs\">3. Lauseiden luominen espanjalaisilla adjektiiveilla ja adverbeilla<\/h3>\n\n\n\n<p>Adjektiiveilla ja adverbeilla on olennainen rooli espanjankielisten lauseiden maustamisessa. Adjektiivit kuvaavat substantiivien ominaisuuksia tai ominaisuuksia, kun taas <a href=\"https:\/\/talkpal.ai\/fi\/grammar\/paikan-tsekin-kielioppi-adverbit\/\">adverbit<\/a> kuvaavat toimia tai verbej\u00e4. Espanjassa adjektiivien on oltava sopusoinnussa kuvaamansa substantiivin kanssa sek\u00e4 sukupuolen ett\u00e4 lukum\u00e4\u00e4r\u00e4n suhteen.<\/p>\n\n\n\n<p>Yksi keskeinen ero espanjan ja englannin v\u00e4lill\u00e4 on adjektiivij\u00e4rjestys. Espanjankieliset adjektiivit tulevat yleens\u00e4 substantiivin j\u00e4lkeen, esimerkiksi &#8217;un coche rojo&#8217; (punainen auto).<\/p>\n\n\n\n<p>Espanjalaiset adverbit sen sijaan eiv\u00e4t koskaan muutu sukupuolen tai lukum\u00e4\u00e4r\u00e4n mukaan. Aivan kuten englannissa, adverbit tulevat yleens\u00e4 sen verbin j\u00e4lkeen, jota ne muokkaavat, esimerkiksi: &#8221;Ella habla r\u00e1pidamente&#8221; (H\u00e4n puhuu nopeasti).<\/p>\n\n\n\n<h3 class=\"wp-block-heading\" id=\"h-conclusion\">P\u00e4\u00e4telm\u00e4<\/h3>\n\n\n\n<p>Espanjan kieliopin ei pit\u00e4isi pelottaa sinua! My\u00f6nnett\u00e4k\u00f6\u00f6n, ett\u00e4 se vaatii harjoittelua, mutta noudattamalla n\u00e4it\u00e4 yksinkertaisia ohjeita sinusta voi tulla poikkeuksellinen espanjan puhuja. Muista aina osallistua kieleen hauskalla ja keskustelevalla tavalla, kun tutkit substantiiveja, verbej\u00e4, adjektiiveja ja adverbeja. Jatka harjoittelua, omaksu kulttuuri ja anna espanjalaisen matkasi kehitty\u00e4. \u00a1Buena suerte!<\/p>\n<\/div><\/div>\n\r\n<section class=\"learnNavigationSection\">\r\n            \r\n        <a href=\"https:\/\/talkpal.ai\/fi\/opi-espanjaa\/\">\r\n            <div class=\"learnNavigationWrapper\">\r\n                <div class=\"learnNavigationContent\">\r\n                    <img decoding=\"async\" src=\"https:\/\/talkpal.ai\/wp-content\/uploads\/2024\/08\/Spanish.jpg\" alt=\"Spanish Flag\">\r\n                    <div>\r\n                        <h4>Tietoa espanjan oppimisesta<\/h4>\r\n                        <p>Tutustu espanjan kielioppiin.<\/p>\r\n                    <\/div>\r\n                <\/div>\r\n            <\/div>\r\n        <\/a>\r\n\r\n        \r\n        <a href=\"https:\/\/talkpal.ai\/fi\/espanjan-kielioppiharjoitukset\/\">\r\n            <div class=\"learnNavigationWrapper\">\r\n                <div class=\"learnNavigationContent\">\r\n                    <img decoding=\"async\" src=\"https:\/\/talkpal.ai\/wp-content\/uploads\/2024\/08\/Spanish.jpg\" alt=\"Spanish Flag\">\r\n                    <div>\r\n                        <h4>Espanjan kielioppiharjoitus<\/h4>\r\n                        <p>Harjoittele espanjan kielioppia.<\/p>\r\n                    <\/div>\r\n                <\/div>\r\n            <\/div>\r\n        <\/a>\r\n\r\n        \r\n        <a href=\"https:\/\/talkpal.ai\/vocabulary_language\/spanish\/\">\r\n            <div class=\"learnNavigationWrapper\">\r\n                <div class=\"learnNavigationContent\">\r\n                    <img decoding=\"async\" src=\"https:\/\/talkpal.ai\/wp-content\/uploads\/2024\/08\/Spanish.jpg\" alt=\"Spanish Flag\">\r\n                    <div>\r\n                        <h4>Espanjan sanastoa<\/h4>\r\n                        <p>Laajenna espanjan kielen sanavarastoasi.<\/p>\r\n                    <\/div>\r\n                <\/div>\r\n            <\/div>\r\n        <\/a>\r\n\r\n            <\/section>","protected":false},"excerpt":{"rendered":"<p>Pikaopas espanjan kieliopin oppimiseen Jos olet joskus ajatellut uuden kielen opiskelua, espanja on todenn\u00e4k\u00f6isesti tullut mieleesi. Espanja on yksi maailman puhutuimmista kielist\u00e4, ja se tarjoaa lukuisia etuja henkil\u00f6kohtaiseen ja ammatilliseen kasvuun. Espanjan oppiminen ei vain anna sinulle p\u00e4\u00e4sy\u00e4 uusiin kulttuureihin, vaan my\u00f6s parantaa viestint\u00e4taitojasi. Vaikka monet ihmiset pelk\u00e4\u00e4v\u00e4t sotkeutua kielioppis\u00e4\u00e4nt\u00f6ihin, voit huokaista helpotuksesta, koska espanjan [&hellip;]<\/p>\n","protected":false},"author":1,"featured_media":6260,"parent":0,"menu_order":0,"comment_status":"closed","ping_status":"closed","template":"LearningContentPage.php","meta":{"_acf_changed":false,"footnotes":""},"class_list":["post-91422","page","type-page","status-publish","has-post-thumbnail","hentry"],"acf":[],"yoast_head":"<!-- This site is optimized with the Yoast SEO Premium plugin v27.2 (Yoast SEO v27.2) - https:\/\/yoast.com\/product\/yoast-seo-premium-wordpress\/ -->\n<title>Espanjan kielioppi - Talkpal<\/title>\n<meta name=\"description\" content=\"Paranna espanjan kielioppitaitojasi interaktiivisilla harjoituksilla, jotka on suunniteltu kaikille taitotasoille. Harjoittele espanjaa tehokkaasti!\" \/>\n<meta name=\"robots\" content=\"index, follow, max-snippet:-1, max-image-preview:large, max-video-preview:-1\" \/>\n<link rel=\"canonical\" href=\"https:\/\/talkpal.ai\/fi\/espanjan-kielioppi\/\" \/>\n<meta property=\"og:locale\" content=\"fi_FI\" \/>\n<meta property=\"og:type\" content=\"article\" \/>\n<meta property=\"og:title\" content=\"Espanjan kielioppi\" \/>\n<meta property=\"og:description\" content=\"Pikaopas espanjan kieliopin oppimiseen Jos olet joskus ajatellut uuden kielen opiskelua, espanja on todenn\u00e4k\u00f6isesti tullut mieleesi. Espanja on yksi\" \/>\n<meta property=\"og:url\" content=\"https:\/\/talkpal.ai\/fi\/espanjan-kielioppi\/\" \/>\n<meta property=\"og:site_name\" content=\"Talkpal\" \/>\n<meta property=\"article:publisher\" content=\"https:\/\/www.facebook.com\/profile.php?id=100090733639311\" \/>\n<meta property=\"article:modified_time\" content=\"2025-05-22T18:51:14+00:00\" \/>\n<meta property=\"og:image\" content=\"https:\/\/talkpal.ai\/wp-content\/uploads\/2023\/03\/spain.png\" \/>\n\t<meta property=\"og:image:width\" content=\"512\" \/>\n\t<meta property=\"og:image:height\" content=\"512\" \/>\n\t<meta property=\"og:image:type\" content=\"image\/png\" \/>\n<meta name=\"twitter:card\" content=\"summary_large_image\" \/>\n<meta name=\"twitter:site\" content=\"@talkpalai\" \/>\n<meta name=\"twitter:label1\" content=\"Arvioitu lukuaika\" \/>\n\t<meta name=\"twitter:data1\" content=\"3 minuuttia\" \/>\n<script type=\"application\/ld+json\" class=\"yoast-schema-graph\">{\"@context\":\"https:\/\/schema.org\",\"@graph\":[{\"@type\":\"WebPage\",\"@id\":\"https:\/\/talkpal.ai\/fi\/espanjan-kielioppi\/\",\"url\":\"https:\/\/talkpal.ai\/fi\/espanjan-kielioppi\/\",\"name\":\"Espanjan kielioppi - Talkpal\",\"isPartOf\":{\"@id\":\"https:\/\/talkpal.ai\/fi\/#website\"},\"primaryImageOfPage\":{\"@id\":\"https:\/\/talkpal.ai\/fi\/espanjan-kielioppi\/#primaryimage\"},\"image\":{\"@id\":\"https:\/\/talkpal.ai\/fi\/espanjan-kielioppi\/#primaryimage\"},\"thumbnailUrl\":\"https:\/\/talkpal.ai\/wp-content\/uploads\/2023\/03\/spain.png\",\"datePublished\":\"2023-03-26T11:55:54+00:00\",\"dateModified\":\"2025-05-22T18:51:14+00:00\",\"description\":\"Paranna espanjan kielioppitaitojasi interaktiivisilla harjoituksilla, jotka on suunniteltu kaikille taitotasoille. Harjoittele espanjaa tehokkaasti!\",\"breadcrumb\":{\"@id\":\"https:\/\/talkpal.ai\/fi\/espanjan-kielioppi\/#breadcrumb\"},\"inLanguage\":\"fi\",\"potentialAction\":[{\"@type\":\"ReadAction\",\"target\":[\"https:\/\/talkpal.ai\/fi\/espanjan-kielioppi\/\"]}]},{\"@type\":\"ImageObject\",\"inLanguage\":\"fi\",\"@id\":\"https:\/\/talkpal.ai\/fi\/espanjan-kielioppi\/#primaryimage\",\"url\":\"https:\/\/talkpal.ai\/wp-content\/uploads\/2023\/03\/spain.png\",\"contentUrl\":\"https:\/\/talkpal.ai\/wp-content\/uploads\/2023\/03\/spain.png\",\"width\":512,\"height\":512,\"caption\":\"TalkPal AI learn Spanish\"},{\"@type\":\"BreadcrumbList\",\"@id\":\"https:\/\/talkpal.ai\/fi\/espanjan-kielioppi\/#breadcrumb\",\"itemListElement\":[{\"@type\":\"ListItem\",\"position\":1,\"name\":\"Homepage\",\"item\":\"https:\/\/talkpal.ai\/fi\/\"},{\"@type\":\"ListItem\",\"position\":2,\"name\":\"Espanjan kielioppi\"}]},{\"@type\":\"WebSite\",\"@id\":\"https:\/\/talkpal.ai\/fi\/#website\",\"url\":\"https:\/\/talkpal.ai\/fi\/\",\"name\":\"Talkpal\",\"description\":\"AI Language Learning\",\"publisher\":{\"@id\":\"https:\/\/talkpal.ai\/fi\/#organization\"},\"alternateName\":\"Talkpal AI\",\"potentialAction\":[{\"@type\":\"SearchAction\",\"target\":{\"@type\":\"EntryPoint\",\"urlTemplate\":\"https:\/\/talkpal.ai\/fi\/?s={search_term_string}\"},\"query-input\":{\"@type\":\"PropertyValueSpecification\",\"valueRequired\":true,\"valueName\":\"search_term_string\"}}],\"inLanguage\":\"fi\"},{\"@type\":\"Organization\",\"@id\":\"https:\/\/talkpal.ai\/fi\/#organization\",\"name\":\"Talkpal, Inc.\",\"alternateName\":\"Talkpal AI\",\"url\":\"https:\/\/talkpal.ai\/fi\/\",\"logo\":{\"@type\":\"ImageObject\",\"inLanguage\":\"fi\",\"@id\":\"https:\/\/talkpal.ai\/fi\/#\/schema\/logo\/image\/\",\"url\":\"https:\/\/talkpal.ai\/wp-content\/uploads\/2024\/03\/Talkpal-Logo-Icon.png\",\"contentUrl\":\"https:\/\/talkpal.ai\/wp-content\/uploads\/2024\/03\/Talkpal-Logo-Icon.png\",\"width\":2880,\"height\":2880,\"caption\":\"Talkpal, Inc.\"},\"image\":{\"@id\":\"https:\/\/talkpal.ai\/fi\/#\/schema\/logo\/image\/\"},\"sameAs\":[\"https:\/\/www.facebook.com\/profile.php?id=100090733639311\",\"https:\/\/x.com\/talkpalai\",\"https:\/\/www.linkedin.com\/company\/talkpal\/\",\"https:\/\/www.youtube.com\/@TalkPal\/\",\"https:\/\/www.tiktok.com\/@talkpal\",\"https:\/\/www.instagram.com\/talkpal_ai\/\",\"https:\/\/www.crunchbase.com\/organization\/talkpal-9cde\",\"https:\/\/www.g2.com\/products\/talkpal-for-business\/\",\"https:\/\/www.trustpilot.com\/review\/talkpal.ai\",\"https:\/\/www.capterra.com\/p\/10006800\/TalkPal\/\"],\"description\":\"Talkpal is a language learning web and mobile education app, powered by the latest AI technologies, that provides engaging experiences to its customers in many different languages to help them improve their language skills. Users can chat about unlimited amount of topics with the app and use other modes to practice their language learning.\",\"email\":\"support@talkpal.ai\",\"legalName\":\"Talkpal, Inc.\",\"foundingDate\":\"2023-04-03\",\"duns\":\"118989042\",\"numberOfEmployees\":{\"@type\":\"QuantitativeValue\",\"minValue\":\"11\",\"maxValue\":\"50\"},\"publishingPrinciples\":\"https:\/\/talkpal.ai\/publishing-principles\/\",\"actionableFeedbackPolicy\":\"https:\/\/talkpal.ai\/actionable-feedback-policy\/\",\"correctionsPolicy\":\"https:\/\/talkpal.ai\/corrections-policy\/\",\"ethicsPolicy\":\"https:\/\/talkpal.ai\/ethics-policy\/\",\"diversityPolicy\":\"https:\/\/talkpal.ai\/diversity-policy\/\",\"diversityStaffingReport\":\"https:\/\/talkpal.ai\/diversity-policy\/\"}]}<\/script>\n<!-- \/ Yoast SEO Premium plugin. -->","yoast_head_json":{"title":"Espanjan kielioppi - Talkpal","description":"Paranna espanjan kielioppitaitojasi interaktiivisilla harjoituksilla, jotka on suunniteltu kaikille taitotasoille. Harjoittele espanjaa tehokkaasti!","robots":{"index":"index","follow":"follow","max-snippet":"max-snippet:-1","max-image-preview":"max-image-preview:large","max-video-preview":"max-video-preview:-1"},"canonical":"https:\/\/talkpal.ai\/fi\/espanjan-kielioppi\/","og_locale":"fi_FI","og_type":"article","og_title":"Espanjan kielioppi","og_description":"Pikaopas espanjan kieliopin oppimiseen Jos olet joskus ajatellut uuden kielen opiskelua, espanja on todenn\u00e4k\u00f6isesti tullut mieleesi. Espanja on yksi","og_url":"https:\/\/talkpal.ai\/fi\/espanjan-kielioppi\/","og_site_name":"Talkpal","article_publisher":"https:\/\/www.facebook.com\/profile.php?id=100090733639311","article_modified_time":"2025-05-22T18:51:14+00:00","og_image":[{"width":512,"height":512,"url":"https:\/\/talkpal.ai\/wp-content\/uploads\/2023\/03\/spain.png","type":"image\/png"}],"twitter_card":"summary_large_image","twitter_site":"@talkpalai","twitter_misc":{"Arvioitu lukuaika":"3 minuuttia"},"schema":{"@context":"https:\/\/schema.org","@graph":[{"@type":"WebPage","@id":"https:\/\/talkpal.ai\/fi\/espanjan-kielioppi\/","url":"https:\/\/talkpal.ai\/fi\/espanjan-kielioppi\/","name":"Espanjan kielioppi - Talkpal","isPartOf":{"@id":"https:\/\/talkpal.ai\/fi\/#website"},"primaryImageOfPage":{"@id":"https:\/\/talkpal.ai\/fi\/espanjan-kielioppi\/#primaryimage"},"image":{"@id":"https:\/\/talkpal.ai\/fi\/espanjan-kielioppi\/#primaryimage"},"thumbnailUrl":"https:\/\/talkpal.ai\/wp-content\/uploads\/2023\/03\/spain.png","datePublished":"2023-03-26T11:55:54+00:00","dateModified":"2025-05-22T18:51:14+00:00","description":"Paranna espanjan kielioppitaitojasi interaktiivisilla harjoituksilla, jotka on suunniteltu kaikille taitotasoille. Harjoittele espanjaa tehokkaasti!","breadcrumb":{"@id":"https:\/\/talkpal.ai\/fi\/espanjan-kielioppi\/#breadcrumb"},"inLanguage":"fi","potentialAction":[{"@type":"ReadAction","target":["https:\/\/talkpal.ai\/fi\/espanjan-kielioppi\/"]}]},{"@type":"ImageObject","inLanguage":"fi","@id":"https:\/\/talkpal.ai\/fi\/espanjan-kielioppi\/#primaryimage","url":"https:\/\/talkpal.ai\/wp-content\/uploads\/2023\/03\/spain.png","contentUrl":"https:\/\/talkpal.ai\/wp-content\/uploads\/2023\/03\/spain.png","width":512,"height":512,"caption":"TalkPal AI learn Spanish"},{"@type":"BreadcrumbList","@id":"https:\/\/talkpal.ai\/fi\/espanjan-kielioppi\/#breadcrumb","itemListElement":[{"@type":"ListItem","position":1,"name":"Homepage","item":"https:\/\/talkpal.ai\/fi\/"},{"@type":"ListItem","position":2,"name":"Espanjan kielioppi"}]},{"@type":"WebSite","@id":"https:\/\/talkpal.ai\/fi\/#website","url":"https:\/\/talkpal.ai\/fi\/","name":"Talkpal","description":"AI Language Learning","publisher":{"@id":"https:\/\/talkpal.ai\/fi\/#organization"},"alternateName":"Talkpal AI","potentialAction":[{"@type":"SearchAction","target":{"@type":"EntryPoint","urlTemplate":"https:\/\/talkpal.ai\/fi\/?s={search_term_string}"},"query-input":{"@type":"PropertyValueSpecification","valueRequired":true,"valueName":"search_term_string"}}],"inLanguage":"fi"},{"@type":"Organization","@id":"https:\/\/talkpal.ai\/fi\/#organization","name":"Talkpal, Inc.","alternateName":"Talkpal AI","url":"https:\/\/talkpal.ai\/fi\/","logo":{"@type":"ImageObject","inLanguage":"fi","@id":"https:\/\/talkpal.ai\/fi\/#\/schema\/logo\/image\/","url":"https:\/\/talkpal.ai\/wp-content\/uploads\/2024\/03\/Talkpal-Logo-Icon.png","contentUrl":"https:\/\/talkpal.ai\/wp-content\/uploads\/2024\/03\/Talkpal-Logo-Icon.png","width":2880,"height":2880,"caption":"Talkpal, Inc."},"image":{"@id":"https:\/\/talkpal.ai\/fi\/#\/schema\/logo\/image\/"},"sameAs":["https:\/\/www.facebook.com\/profile.php?id=100090733639311","https:\/\/x.com\/talkpalai","https:\/\/www.linkedin.com\/company\/talkpal\/","https:\/\/www.youtube.com\/@TalkPal\/","https:\/\/www.tiktok.com\/@talkpal","https:\/\/www.instagram.com\/talkpal_ai\/","https:\/\/www.crunchbase.com\/organization\/talkpal-9cde","https:\/\/www.g2.com\/products\/talkpal-for-business\/","https:\/\/www.trustpilot.com\/review\/talkpal.ai","https:\/\/www.capterra.com\/p\/10006800\/TalkPal\/"],"description":"Talkpal is a language learning web and mobile education app, powered by the latest AI technologies, that provides engaging experiences to its customers in many different languages to help them improve their language skills. Users can chat about unlimited amount of topics with the app and use other modes to practice their language learning.","email":"support@talkpal.ai","legalName":"Talkpal, Inc.","foundingDate":"2023-04-03","duns":"118989042","numberOfEmployees":{"@type":"QuantitativeValue","minValue":"11","maxValue":"50"},"publishingPrinciples":"https:\/\/talkpal.ai\/publishing-principles\/","actionableFeedbackPolicy":"https:\/\/talkpal.ai\/actionable-feedback-policy\/","correctionsPolicy":"https:\/\/talkpal.ai\/corrections-policy\/","ethicsPolicy":"https:\/\/talkpal.ai\/ethics-policy\/","diversityPolicy":"https:\/\/talkpal.ai\/diversity-policy\/","diversityStaffingReport":"https:\/\/talkpal.ai\/diversity-policy\/"}]}},"_links":{"self":[{"href":"https:\/\/talkpal.ai\/fi\/wp-json\/wp\/v2\/pages\/91422","targetHints":{"allow":["GET"]}}],"collection":[{"href":"https:\/\/talkpal.ai\/fi\/wp-json\/wp\/v2\/pages"}],"about":[{"href":"https:\/\/talkpal.ai\/fi\/wp-json\/wp\/v2\/types\/page"}],"author":[{"embeddable":true,"href":"https:\/\/talkpal.ai\/fi\/wp-json\/wp\/v2\/users\/1"}],"replies":[{"embeddable":true,"href":"https:\/\/talkpal.ai\/fi\/wp-json\/wp\/v2\/comments?post=91422"}],"version-history":[{"count":0,"href":"https:\/\/talkpal.ai\/fi\/wp-json\/wp\/v2\/pages\/91422\/revisions"}],"wp:featuredmedia":[{"embeddable":true,"href":"https:\/\/talkpal.ai\/fi\/wp-json\/wp\/v2\/media\/6260"}],"wp:attachment":[{"href":"https:\/\/talkpal.ai\/fi\/wp-json\/wp\/v2\/media?parent=91422"}],"curies":[{"name":"wp","href":"https:\/\/api.w.org\/{rel}","templated":true}]}}