{"id":91329,"date":"2023-03-26T11:45:19","date_gmt":"2023-03-26T11:45:19","guid":{"rendered":"http:\/\/talkpal.ai\/ranskan-kielioppi\/"},"modified":"2025-05-22T18:47:32","modified_gmt":"2025-05-22T18:47:32","slug":"ranskan-kielioppi","status":"publish","type":"page","link":"https:\/\/talkpal.ai\/fi\/ranskan-kielioppi\/","title":{"rendered":"Ranskan kielioppi"},"content":{"rendered":"\r\n\r\n\r\n<section class=\"languageChallengeSection\">\r\n    <div class=\"languageInfoWrapper\">\r\n        \r\n        <h1>Ranskan kielioppi<\/h1>\r\n        <p>Avaa ranskan kielen eleganssi hallitsemalla sen keskeiset kielioppis\u00e4\u00e4nn\u00f6t. Ranskan kieliopin vankka ymm\u00e4rt\u00e4minen auttaa sinua kommunikoimaan helposti ja arvostamaan ranskalaisen kulttuurin rikkautta. Aloita ranskan kieliopin opiskelu jo t\u00e4n\u00e4\u00e4n ja aloita matkasi kohti sujuvuutta!<\/p>\r\n\r\n                            <a class=\"getStartedHidden\" href=\"https:\/\/app.talkpal.ai\/fi\/signup?lng=\">Aloita<\/a>\r\n        \r\n    <\/div>\r\n\r\n    <figure>\r\n    <img decoding=\"async\" width=\"768\" height=\"768\" src=\"https:\/\/talkpal.ai\/wp-content\/uploads\/2023\/06\/french-768x768.png\" class=\"languageImage no-lazy\" alt=\"Default alt text\" fetchpriority=\"high\" sizes=\"(max-width: 768px) 150px, 768px\" srcset=\"https:\/\/talkpal.ai\/wp-content\/uploads\/2023\/06\/french-768x768.png 768w, https:\/\/talkpal.ai\/wp-content\/uploads\/2023\/06\/french-300x300.png 300w\" \/>\r\n    \r\n\r\n    <\/figure>\r\n\r\n            <a class=\"getStartedVisible\" href=\"https:\/\/app.talkpal.ai\/fi\/signup?lng=\">Aloita<\/a>\r\n    \r\n<\/section>\r\n        <section class=\"grammarSection\">\r\n            <div class=\"grammarLinks\">\r\n                <a href=\"https:\/\/talkpal.ai\/fi\/language\/adjektiivit-ranskan-kielioppi\/\">Adjektiivit <\/a><a href=\"https:\/\/talkpal.ai\/fi\/language\/adverbit-ranskan-kielioppi\/\">Adverbit <\/a><a href=\"https:\/\/talkpal.ai\/fi\/language\/artikkelit-ranskan-kielioppi\/\">Artikkelit <\/a><a href=\"https:\/\/talkpal.ai\/fi\/language\/indikatiiviset-aikamuodot-ranskan-kielioppi\/\">Indikatiiviset aikamuodot <\/a><a href=\"https:\/\/talkpal.ai\/fi\/language\/lauserakenne-ranskan-kielioppi\/\">Lauserakenne <\/a><a href=\"https:\/\/talkpal.ai\/fi\/language\/prepositiot-ranskan-kielioppi\/\">Prepositiot <\/a><a href=\"https:\/\/talkpal.ai\/fi\/language\/pronominit-ja-maaritteet-ranskan-kielioppi\/\">Pronominit ja m\u00e4\u00e4ritteet <\/a><a href=\"https:\/\/talkpal.ai\/fi\/language\/substantiivit-ranskan-kielioppi\/\">Substantiivit <\/a><a href=\"https:\/\/talkpal.ai\/fi\/language\/verbit-ranskan-kielioppi\/\">Verbit <\/a>            <\/div>\r\n        <\/section>\r\n    <section class=\"promotionalBanner\">\r\n    <p class=\"promotionalText\"><\/p>\r\n    <a class=\"promotionalLink\" href=\"https:\/\/app.talkpal.ai\/fi\/signup?lng=\"><\/a>\r\n<\/section>\n<div class=\"wp-block-group pageContainerStyle\"><div class=\"wp-block-group__inner-container is-layout-constrained wp-block-group-is-layout-constrained\">\n<h2 class=\"wp-block-heading\" id=\"h-a-beginner-s-guide-to-french-grammar\">Aloittelijan opas ranskan kielioppiin<\/h2>\n\n\n\n<p><a href=\"https:\/\/talkpal.ai\/fi\/miten-oppia-ranskaa\/\">Ranskan oppiminen<\/a> voi olla j\u00e4nnitt\u00e4v\u00e4 ja palkitseva kokemus. Ranskan kieliopin hallitseminen voi kuitenkin olla haastavaa jopa niille, jotka osaavat englantia. T\u00e4ss\u00e4 artikkelissa k\u00e4sittelemme joitakin t\u00e4rkeit\u00e4 ranskan kielioppivinkkej\u00e4, joiden avulla voit parantaa kielitaitoasi. Kun tutustut n\u00e4ihin s\u00e4\u00e4nt\u00f6ihin ja harjoittelet niit\u00e4 s\u00e4\u00e4nn\u00f6llisesti, olet hyv\u00e4ss\u00e4 vauhdissa tulossa ranskan kieliopin asiantuntijaksi.<\/p>\n\n\n\n<h3 class=\"wp-block-heading\" id=\"h-1-the-importance-of-gender-in-french-nouns\">1. Sukupuolen merkitys ranskalaisissa substantiiveissa<\/h3>\n\n\n\n<p>Yksi merkitt\u00e4vimmist\u00e4 eroista ranskan ja englannin kieliopin v\u00e4lill\u00e4 on sukupuolen k\u00e4site. Kaikki ranskalaiset substantiivit ovat joko maskuliinisia <a href=\"https:\/\/talkpal.ai\/learn-thai\/\">tai<\/a> feminiinisi\u00e4, mik\u00e4 vaikuttaa niiden kanssa k\u00e4ytettyihin artikkeleihin ja adjektiiveihin. Esimerkiksi &#8221;le&#8221; ja &#8221;la&#8221; ovat maskuliinisten ja feminiinisten substantiivien m\u00e4\u00e4r\u00e4isi\u00e4 artikkeleita. Kun kohtaat uuden substantiivin, on t\u00e4rke\u00e4\u00e4 muistaa sen sukupuoli, jotta v\u00e4lt\u00e4t kielioppivirheet.<\/p>\n\n\n\n<h3 class=\"wp-block-heading\" id=\"h-2-mastering-verb-conjugations\">2. Verbitaivutusten hallitseminen<\/h3>\n\n\n\n<p>Ranskan verbeill\u00e4 on lukuisia taivutuksia, jotka perustuvat aika-, mieliala- ja subjektipronomineihin. T\u00e4m\u00e4 saattaa tuntua ylivoimaiselta, mutta on olemassa malleja ja pikakuvakkeita, joiden avulla voit yksinkertaistaa prosessia. <a href=\"https:\/\/talkpal.ai\/fi\/grammar\/saannolliset-verbit-makedonian-kielioppissa\/\">S\u00e4\u00e4nn\u00f6lliset verbit<\/a> kuuluvat yhteen kolmesta ryhm\u00e4st\u00e4 niiden infinitiivip\u00e4\u00e4tteiden (-er, -ir ja -re) perusteella, ja jokaisella ryhm\u00e4ll\u00e4 on omat taivutuss\u00e4\u00e4nt\u00f6ns\u00e4. Kun olet oppinut n\u00e4m\u00e4 s\u00e4\u00e4nn\u00f6t, voit helposti taivuttaa huomattavan m\u00e4\u00e4r\u00e4n ranskan verbej\u00e4.<\/p>\n\n\n\n<h3 class=\"wp-block-heading\" id=\"h-3-the-partitive-article-du-de-la-and-de-l\">3. Partitiivin artikkeli: du, de la ja de l&#8217;.<\/h3>\n\n\n\n<p>Kun puhut jostakin osasta tai m\u00e4\u00e4rittelem\u00e4tt\u00f6m\u00e4st\u00e4 m\u00e4\u00e4r\u00e4st\u00e4, sinun on k\u00e4ytett\u00e4v\u00e4 partitiivin artikkelia. Partitiivin artikkeli vaihtuu sen mukaan, mik\u00e4 on substantiivin sukupuoli ja alkaako se vokaalilla vai konsonantilla. K\u00e4yt\u00e4 maskuliinisista substantiiveista &#8221;du&#8221;, feminiinisist\u00e4 substantiiveista &#8221;de la&#8221; ja vokaalilla tai \u00e4\u00e4nett\u00f6m\u00e4ll\u00e4 &#8221;h&#8221; alkavista substantiiveista &#8221;de l&#8221;.<\/p>\n\n\n\n<h3 class=\"wp-block-heading\" id=\"h-4-adjective-agreement-and-placement\">4. Adjektiivisopimus ja sijoitus<\/h3>\n\n\n\n<p>Ranskan kieliopissa adjektiivien on oltava sopusoinnussa sen substantiivin kanssa, jota ne muuttavat sukupuolen ja lukum\u00e4\u00e4r\u00e4n suhteen. T\u00e4m\u00e4 tarkoittaa usein sit\u00e4, ett\u00e4 adjektiiviin on lis\u00e4tt\u00e4v\u00e4 e-kirjain, jotta se olisi feminiininen, ja s-kirjain, jotta se olisi monikossa. Lis\u00e4ksi adjektiivit seuraavat yleens\u00e4 substantiivia, jota ne muuttavat, joitakin poikkeuksia lukuun ottamatta lyhyit\u00e4 ja yleisi\u00e4 adjektiiveja, kuten &#8221;beau&#8221;, &#8221;vieil&#8221; ja &#8221;grand&#8221;.<\/p>\n\n\n\n<p>Esimerkkej\u00e4:<br\/>&#8211; Un chat noir (Musta kissa)<br\/>&#8211; Une voiture noire (Musta auto)<br\/>&#8211; Deux chats noirs (Kaksi mustaa kissaa)<\/p>\n\n\n\n<h3 class=\"wp-block-heading\" id=\"h-5-passe-compose-past-tense-made-easy\">5. Passe Compose &#8211; Past Tense Made Easy<\/h3>\n\n\n\n<p>Vaikka on monia tapoja ilmaista mennytt\u00e4 aikamuotoa ranskaksi, pass\u00e8 compos\u00e9 on yksi hy\u00f6dyllisimmist\u00e4 ja helpoimmista oppia. <a href=\"https:\/\/talkpal.ai\/ar\/grammar_exercises\/passe-compose-%d8%aa%d9%85%d8%a7%d8%b1%d9%8a%d9%86-%d9%84%d9%84%d9%82%d9%88%d8%a7%d8%b9%d8%af-%d8%a7%d9%84%d9%81%d8%b1%d9%86%d8%b3%d9%8a%d8%a9\/\">Pass\u00e9 compos\u00e9<\/a> -verbin muodostamiseen tarvitset apuverbin &#8221;avoir&#8221; tai &#8221;\u00eatre&#8221; nykyhetken, jota seuraa p\u00e4\u00e4verbin menneen ajan partisiippi. Useimmissa verbeiss\u00e4 k\u00e4ytet\u00e4\u00e4n apuverbin\u00e4 &#8221;avoir&#8221;, kun taas joissakin verbeiss\u00e4, jotka liittyv\u00e4t useimmiten liikkeisiin ja refleksiiviverbeihin, k\u00e4ytet\u00e4\u00e4n &#8221;\u00eatre&#8221;.<\/p>\n\n\n\n<p>Esimerkki:<br\/>&#8211; J&#8217;ai mang\u00e9 (s\u00f6in)<br\/>&#8211; Nous sommes all\u00e9s (Me menimme)<\/p>\n\n\n\n<h3 class=\"wp-block-heading\" id=\"h-6-engaging-with-the-language\">6. Sitoutuminen kieleen<\/h3>\n\n\n\n<p>Yksi parhaista tavoista parantaa ranskan kielioppia on olla tekemisiss\u00e4 kielen kanssa s\u00e4\u00e4nn\u00f6llisesti. Olipa kyse sitten ranskalaisten sanomalehtien lukemisesta, ranskalaisten elokuvien katsomisesta tai \u00e4idinkielisen puhujan kanssa puhumisesta, altistuminen kielelle eri yhteyksiss\u00e4 auttaa vahvistamaan kieliopin ymm\u00e4rryst\u00e4si ja laajentamaan sanavarastoasi.<\/p>\n\n\n\n<h3 class=\"wp-block-heading\" id=\"h-conclusion\">P\u00e4\u00e4telm\u00e4<\/h3>\n\n\n\n<p>Ranskan kieliopin hallitseminen saattaa tuntua pelottavalta, mutta johdonmukaisella harjoittelulla ja omistautumisella voit tulla sujuvaksi t\u00e4ll\u00e4 kauniilla kielell\u00e4. Keskittym\u00e4ll\u00e4 edell\u00e4 kuvattuihin olennaisiin s\u00e4\u00e4nt\u00f6ihin ja osallistumalla kieleen eri yhteyksiss\u00e4 ranskan kielioppitaitosi paranevat nopeasti. Bonne mahdollisuus matkallasi ranskan kieliopin hallitsemiseen!<\/p>\n<\/div><\/div>\n\r\n<section class=\"learnNavigationSection\">\r\n            \r\n        <a href=\"https:\/\/talkpal.ai\/fi\/opi-ranskaa\/\">\r\n            <div class=\"learnNavigationWrapper\">\r\n                <div class=\"learnNavigationContent\">\r\n                    <img decoding=\"async\" src=\"https:\/\/talkpal.ai\/wp-content\/uploads\/2024\/08\/French.jpg\" alt=\"French Flag\">\r\n                    <div>\r\n                        <h4>Tietoja ranskan oppimisesta<\/h4>\r\n                        <p>Tutustu ranskan kielioppiin.<\/p>\r\n                    <\/div>\r\n                <\/div>\r\n            <\/div>\r\n        <\/a>\r\n\r\n        \r\n        <a href=\"https:\/\/talkpal.ai\/fi\/ranskan-kielioppiharjoitukset\/\">\r\n            <div class=\"learnNavigationWrapper\">\r\n                <div class=\"learnNavigationContent\">\r\n                    <img decoding=\"async\" src=\"https:\/\/talkpal.ai\/wp-content\/uploads\/2024\/08\/French.jpg\" alt=\"French Flag\">\r\n                    <div>\r\n                        <h4>Ranskan kielioppi Harjoitus<\/h4>\r\n                        <p>Harjoittele ranskan kielioppia.<\/p>\r\n                    <\/div>\r\n                <\/div>\r\n            <\/div>\r\n        <\/a>\r\n\r\n        \r\n        <a href=\"https:\/\/talkpal.ai\/vocabulary_language\/french\/\">\r\n            <div class=\"learnNavigationWrapper\">\r\n                <div class=\"learnNavigationContent\">\r\n                    <img decoding=\"async\" src=\"https:\/\/talkpal.ai\/wp-content\/uploads\/2024\/08\/French.jpg\" alt=\"French Flag\">\r\n                    <div>\r\n                        <h4>Ranskan sanastoa<\/h4>\r\n                        <p>Laajenna ranskan kielen sanavarastoasi.<\/p>\r\n                    <\/div>\r\n                <\/div>\r\n            <\/div>\r\n        <\/a>\r\n\r\n            <\/section>","protected":false},"excerpt":{"rendered":"<p>Aloittelijan opas ranskan kielioppiin Ranskan oppiminen voi olla j\u00e4nnitt\u00e4v\u00e4 ja palkitseva kokemus. Ranskan kieliopin hallitseminen voi kuitenkin olla haastavaa jopa niille, jotka osaavat englantia. T\u00e4ss\u00e4 artikkelissa k\u00e4sittelemme joitakin t\u00e4rkeit\u00e4 ranskan kielioppivinkkej\u00e4, joiden avulla voit parantaa kielitaitoasi. Kun tutustut n\u00e4ihin s\u00e4\u00e4nt\u00f6ihin ja harjoittelet niit\u00e4 s\u00e4\u00e4nn\u00f6llisesti, olet hyv\u00e4ss\u00e4 vauhdissa tulossa ranskan kieliopin asiantuntijaksi. 1. Sukupuolen merkitys ranskalaisissa [&hellip;]<\/p>\n","protected":false},"author":1,"featured_media":6254,"parent":0,"menu_order":0,"comment_status":"closed","ping_status":"closed","template":"LearningContentPage.php","meta":{"_acf_changed":false,"footnotes":""},"class_list":["post-91329","page","type-page","status-publish","has-post-thumbnail","hentry"],"acf":[],"yoast_head":"<!-- This site is optimized with the Yoast SEO Premium plugin v27.2 (Yoast SEO v27.2) - https:\/\/yoast.com\/product\/yoast-seo-premium-wordpress\/ -->\n<title>Ranskan kielioppi - Talkpal<\/title>\n<meta name=\"description\" content=\"Opit ranskan kieliopin keskeiset k\u00e4sitteet, jotka kattavat verbit, taivutukset, aikamuodot, substantiivit, artikkelit, adjektiivit, pronominit ja lauserakenteen.\" \/>\n<meta name=\"robots\" content=\"index, follow, max-snippet:-1, max-image-preview:large, max-video-preview:-1\" \/>\n<link rel=\"canonical\" href=\"https:\/\/talkpal.ai\/fi\/ranskan-kielioppi\/\" \/>\n<meta property=\"og:locale\" content=\"fi_FI\" \/>\n<meta property=\"og:type\" content=\"article\" \/>\n<meta property=\"og:title\" content=\"Ranskan kielioppi\" \/>\n<meta property=\"og:description\" content=\"Aloittelijan opas ranskan kielioppiin Ranskan oppiminen voi olla j\u00e4nnitt\u00e4v\u00e4 ja palkitseva kokemus. Ranskan kieliopin hallitseminen voi kuitenkin olla\" \/>\n<meta property=\"og:url\" content=\"https:\/\/talkpal.ai\/fi\/ranskan-kielioppi\/\" \/>\n<meta property=\"og:site_name\" content=\"Talkpal\" \/>\n<meta property=\"article:publisher\" content=\"https:\/\/www.facebook.com\/profile.php?id=100090733639311\" \/>\n<meta property=\"article:modified_time\" content=\"2025-05-22T18:47:32+00:00\" \/>\n<meta property=\"og:image\" content=\"https:\/\/talkpal.ai\/wp-content\/uploads\/2023\/03\/france.png\" \/>\n\t<meta property=\"og:image:width\" content=\"512\" \/>\n\t<meta property=\"og:image:height\" content=\"512\" \/>\n\t<meta property=\"og:image:type\" content=\"image\/png\" \/>\n<meta name=\"twitter:card\" content=\"summary_large_image\" \/>\n<meta name=\"twitter:site\" content=\"@talkpalai\" \/>\n<meta name=\"twitter:label1\" content=\"Arvioitu lukuaika\" \/>\n\t<meta name=\"twitter:data1\" content=\"3 minuuttia\" \/>\n<script type=\"application\/ld+json\" class=\"yoast-schema-graph\">{\"@context\":\"https:\/\/schema.org\",\"@graph\":[{\"@type\":\"WebPage\",\"@id\":\"https:\/\/talkpal.ai\/fi\/ranskan-kielioppi\/\",\"url\":\"https:\/\/talkpal.ai\/fi\/ranskan-kielioppi\/\",\"name\":\"Ranskan kielioppi - Talkpal\",\"isPartOf\":{\"@id\":\"https:\/\/talkpal.ai\/fi\/#website\"},\"primaryImageOfPage\":{\"@id\":\"https:\/\/talkpal.ai\/fi\/ranskan-kielioppi\/#primaryimage\"},\"image\":{\"@id\":\"https:\/\/talkpal.ai\/fi\/ranskan-kielioppi\/#primaryimage\"},\"thumbnailUrl\":\"https:\/\/talkpal.ai\/wp-content\/uploads\/2023\/03\/france.png\",\"datePublished\":\"2023-03-26T11:45:19+00:00\",\"dateModified\":\"2025-05-22T18:47:32+00:00\",\"description\":\"Opit ranskan kieliopin keskeiset k\u00e4sitteet, jotka kattavat verbit, taivutukset, aikamuodot, substantiivit, artikkelit, adjektiivit, pronominit ja lauserakenteen.\",\"breadcrumb\":{\"@id\":\"https:\/\/talkpal.ai\/fi\/ranskan-kielioppi\/#breadcrumb\"},\"inLanguage\":\"fi\",\"potentialAction\":[{\"@type\":\"ReadAction\",\"target\":[\"https:\/\/talkpal.ai\/fi\/ranskan-kielioppi\/\"]}]},{\"@type\":\"ImageObject\",\"inLanguage\":\"fi\",\"@id\":\"https:\/\/talkpal.ai\/fi\/ranskan-kielioppi\/#primaryimage\",\"url\":\"https:\/\/talkpal.ai\/wp-content\/uploads\/2023\/03\/france.png\",\"contentUrl\":\"https:\/\/talkpal.ai\/wp-content\/uploads\/2023\/03\/france.png\",\"width\":512,\"height\":512,\"caption\":\"TalkPal AI learn French\"},{\"@type\":\"BreadcrumbList\",\"@id\":\"https:\/\/talkpal.ai\/fi\/ranskan-kielioppi\/#breadcrumb\",\"itemListElement\":[{\"@type\":\"ListItem\",\"position\":1,\"name\":\"Homepage\",\"item\":\"https:\/\/talkpal.ai\/fi\/\"},{\"@type\":\"ListItem\",\"position\":2,\"name\":\"Ranskan kielioppi\"}]},{\"@type\":\"WebSite\",\"@id\":\"https:\/\/talkpal.ai\/fi\/#website\",\"url\":\"https:\/\/talkpal.ai\/fi\/\",\"name\":\"Talkpal\",\"description\":\"AI Language Learning\",\"publisher\":{\"@id\":\"https:\/\/talkpal.ai\/fi\/#organization\"},\"alternateName\":\"Talkpal AI\",\"potentialAction\":[{\"@type\":\"SearchAction\",\"target\":{\"@type\":\"EntryPoint\",\"urlTemplate\":\"https:\/\/talkpal.ai\/fi\/?s={search_term_string}\"},\"query-input\":{\"@type\":\"PropertyValueSpecification\",\"valueRequired\":true,\"valueName\":\"search_term_string\"}}],\"inLanguage\":\"fi\"},{\"@type\":\"Organization\",\"@id\":\"https:\/\/talkpal.ai\/fi\/#organization\",\"name\":\"Talkpal, Inc.\",\"alternateName\":\"Talkpal AI\",\"url\":\"https:\/\/talkpal.ai\/fi\/\",\"logo\":{\"@type\":\"ImageObject\",\"inLanguage\":\"fi\",\"@id\":\"https:\/\/talkpal.ai\/fi\/#\/schema\/logo\/image\/\",\"url\":\"https:\/\/talkpal.ai\/wp-content\/uploads\/2024\/03\/Talkpal-Logo-Icon.png\",\"contentUrl\":\"https:\/\/talkpal.ai\/wp-content\/uploads\/2024\/03\/Talkpal-Logo-Icon.png\",\"width\":2880,\"height\":2880,\"caption\":\"Talkpal, Inc.\"},\"image\":{\"@id\":\"https:\/\/talkpal.ai\/fi\/#\/schema\/logo\/image\/\"},\"sameAs\":[\"https:\/\/www.facebook.com\/profile.php?id=100090733639311\",\"https:\/\/x.com\/talkpalai\",\"https:\/\/www.linkedin.com\/company\/talkpal\/\",\"https:\/\/www.youtube.com\/@TalkPal\/\",\"https:\/\/www.tiktok.com\/@talkpal\",\"https:\/\/www.instagram.com\/talkpal_ai\/\",\"https:\/\/www.crunchbase.com\/organization\/talkpal-9cde\",\"https:\/\/www.g2.com\/products\/talkpal-for-business\/\",\"https:\/\/www.trustpilot.com\/review\/talkpal.ai\",\"https:\/\/www.capterra.com\/p\/10006800\/TalkPal\/\"],\"description\":\"Talkpal is a language learning web and mobile education app, powered by the latest AI technologies, that provides engaging experiences to its customers in many different languages to help them improve their language skills. Users can chat about unlimited amount of topics with the app and use other modes to practice their language learning.\",\"email\":\"support@talkpal.ai\",\"legalName\":\"Talkpal, Inc.\",\"foundingDate\":\"2023-04-03\",\"duns\":\"118989042\",\"numberOfEmployees\":{\"@type\":\"QuantitativeValue\",\"minValue\":\"11\",\"maxValue\":\"50\"},\"publishingPrinciples\":\"https:\/\/talkpal.ai\/publishing-principles\/\",\"actionableFeedbackPolicy\":\"https:\/\/talkpal.ai\/actionable-feedback-policy\/\",\"correctionsPolicy\":\"https:\/\/talkpal.ai\/corrections-policy\/\",\"ethicsPolicy\":\"https:\/\/talkpal.ai\/ethics-policy\/\",\"diversityPolicy\":\"https:\/\/talkpal.ai\/diversity-policy\/\",\"diversityStaffingReport\":\"https:\/\/talkpal.ai\/diversity-policy\/\"}]}<\/script>\n<!-- \/ Yoast SEO Premium plugin. -->","yoast_head_json":{"title":"Ranskan kielioppi - Talkpal","description":"Opit ranskan kieliopin keskeiset k\u00e4sitteet, jotka kattavat verbit, taivutukset, aikamuodot, substantiivit, artikkelit, adjektiivit, pronominit ja lauserakenteen.","robots":{"index":"index","follow":"follow","max-snippet":"max-snippet:-1","max-image-preview":"max-image-preview:large","max-video-preview":"max-video-preview:-1"},"canonical":"https:\/\/talkpal.ai\/fi\/ranskan-kielioppi\/","og_locale":"fi_FI","og_type":"article","og_title":"Ranskan kielioppi","og_description":"Aloittelijan opas ranskan kielioppiin Ranskan oppiminen voi olla j\u00e4nnitt\u00e4v\u00e4 ja palkitseva kokemus. Ranskan kieliopin hallitseminen voi kuitenkin olla","og_url":"https:\/\/talkpal.ai\/fi\/ranskan-kielioppi\/","og_site_name":"Talkpal","article_publisher":"https:\/\/www.facebook.com\/profile.php?id=100090733639311","article_modified_time":"2025-05-22T18:47:32+00:00","og_image":[{"width":512,"height":512,"url":"https:\/\/talkpal.ai\/wp-content\/uploads\/2023\/03\/france.png","type":"image\/png"}],"twitter_card":"summary_large_image","twitter_site":"@talkpalai","twitter_misc":{"Arvioitu lukuaika":"3 minuuttia"},"schema":{"@context":"https:\/\/schema.org","@graph":[{"@type":"WebPage","@id":"https:\/\/talkpal.ai\/fi\/ranskan-kielioppi\/","url":"https:\/\/talkpal.ai\/fi\/ranskan-kielioppi\/","name":"Ranskan kielioppi - Talkpal","isPartOf":{"@id":"https:\/\/talkpal.ai\/fi\/#website"},"primaryImageOfPage":{"@id":"https:\/\/talkpal.ai\/fi\/ranskan-kielioppi\/#primaryimage"},"image":{"@id":"https:\/\/talkpal.ai\/fi\/ranskan-kielioppi\/#primaryimage"},"thumbnailUrl":"https:\/\/talkpal.ai\/wp-content\/uploads\/2023\/03\/france.png","datePublished":"2023-03-26T11:45:19+00:00","dateModified":"2025-05-22T18:47:32+00:00","description":"Opit ranskan kieliopin keskeiset k\u00e4sitteet, jotka kattavat verbit, taivutukset, aikamuodot, substantiivit, artikkelit, adjektiivit, pronominit ja lauserakenteen.","breadcrumb":{"@id":"https:\/\/talkpal.ai\/fi\/ranskan-kielioppi\/#breadcrumb"},"inLanguage":"fi","potentialAction":[{"@type":"ReadAction","target":["https:\/\/talkpal.ai\/fi\/ranskan-kielioppi\/"]}]},{"@type":"ImageObject","inLanguage":"fi","@id":"https:\/\/talkpal.ai\/fi\/ranskan-kielioppi\/#primaryimage","url":"https:\/\/talkpal.ai\/wp-content\/uploads\/2023\/03\/france.png","contentUrl":"https:\/\/talkpal.ai\/wp-content\/uploads\/2023\/03\/france.png","width":512,"height":512,"caption":"TalkPal AI learn French"},{"@type":"BreadcrumbList","@id":"https:\/\/talkpal.ai\/fi\/ranskan-kielioppi\/#breadcrumb","itemListElement":[{"@type":"ListItem","position":1,"name":"Homepage","item":"https:\/\/talkpal.ai\/fi\/"},{"@type":"ListItem","position":2,"name":"Ranskan kielioppi"}]},{"@type":"WebSite","@id":"https:\/\/talkpal.ai\/fi\/#website","url":"https:\/\/talkpal.ai\/fi\/","name":"Talkpal","description":"AI Language Learning","publisher":{"@id":"https:\/\/talkpal.ai\/fi\/#organization"},"alternateName":"Talkpal AI","potentialAction":[{"@type":"SearchAction","target":{"@type":"EntryPoint","urlTemplate":"https:\/\/talkpal.ai\/fi\/?s={search_term_string}"},"query-input":{"@type":"PropertyValueSpecification","valueRequired":true,"valueName":"search_term_string"}}],"inLanguage":"fi"},{"@type":"Organization","@id":"https:\/\/talkpal.ai\/fi\/#organization","name":"Talkpal, Inc.","alternateName":"Talkpal AI","url":"https:\/\/talkpal.ai\/fi\/","logo":{"@type":"ImageObject","inLanguage":"fi","@id":"https:\/\/talkpal.ai\/fi\/#\/schema\/logo\/image\/","url":"https:\/\/talkpal.ai\/wp-content\/uploads\/2024\/03\/Talkpal-Logo-Icon.png","contentUrl":"https:\/\/talkpal.ai\/wp-content\/uploads\/2024\/03\/Talkpal-Logo-Icon.png","width":2880,"height":2880,"caption":"Talkpal, Inc."},"image":{"@id":"https:\/\/talkpal.ai\/fi\/#\/schema\/logo\/image\/"},"sameAs":["https:\/\/www.facebook.com\/profile.php?id=100090733639311","https:\/\/x.com\/talkpalai","https:\/\/www.linkedin.com\/company\/talkpal\/","https:\/\/www.youtube.com\/@TalkPal\/","https:\/\/www.tiktok.com\/@talkpal","https:\/\/www.instagram.com\/talkpal_ai\/","https:\/\/www.crunchbase.com\/organization\/talkpal-9cde","https:\/\/www.g2.com\/products\/talkpal-for-business\/","https:\/\/www.trustpilot.com\/review\/talkpal.ai","https:\/\/www.capterra.com\/p\/10006800\/TalkPal\/"],"description":"Talkpal is a language learning web and mobile education app, powered by the latest AI technologies, that provides engaging experiences to its customers in many different languages to help them improve their language skills. Users can chat about unlimited amount of topics with the app and use other modes to practice their language learning.","email":"support@talkpal.ai","legalName":"Talkpal, Inc.","foundingDate":"2023-04-03","duns":"118989042","numberOfEmployees":{"@type":"QuantitativeValue","minValue":"11","maxValue":"50"},"publishingPrinciples":"https:\/\/talkpal.ai\/publishing-principles\/","actionableFeedbackPolicy":"https:\/\/talkpal.ai\/actionable-feedback-policy\/","correctionsPolicy":"https:\/\/talkpal.ai\/corrections-policy\/","ethicsPolicy":"https:\/\/talkpal.ai\/ethics-policy\/","diversityPolicy":"https:\/\/talkpal.ai\/diversity-policy\/","diversityStaffingReport":"https:\/\/talkpal.ai\/diversity-policy\/"}]}},"_links":{"self":[{"href":"https:\/\/talkpal.ai\/fi\/wp-json\/wp\/v2\/pages\/91329","targetHints":{"allow":["GET"]}}],"collection":[{"href":"https:\/\/talkpal.ai\/fi\/wp-json\/wp\/v2\/pages"}],"about":[{"href":"https:\/\/talkpal.ai\/fi\/wp-json\/wp\/v2\/types\/page"}],"author":[{"embeddable":true,"href":"https:\/\/talkpal.ai\/fi\/wp-json\/wp\/v2\/users\/1"}],"replies":[{"embeddable":true,"href":"https:\/\/talkpal.ai\/fi\/wp-json\/wp\/v2\/comments?post=91329"}],"version-history":[{"count":0,"href":"https:\/\/talkpal.ai\/fi\/wp-json\/wp\/v2\/pages\/91329\/revisions"}],"wp:featuredmedia":[{"embeddable":true,"href":"https:\/\/talkpal.ai\/fi\/wp-json\/wp\/v2\/media\/6254"}],"wp:attachment":[{"href":"https:\/\/talkpal.ai\/fi\/wp-json\/wp\/v2\/media?parent=91329"}],"curies":[{"name":"wp","href":"https:\/\/api.w.org\/{rel}","templated":true}]}}