{"id":91279,"date":"2023-03-26T11:40:15","date_gmt":"2023-03-26T11:40:15","guid":{"rendered":"http:\/\/talkpal.ai\/saksan-kielioppi\/"},"modified":"2025-05-22T19:21:22","modified_gmt":"2025-05-22T19:21:22","slug":"saksan-kielioppi","status":"publish","type":"page","link":"https:\/\/talkpal.ai\/fi\/saksan-kielioppi\/","title":{"rendered":"Saksan kielioppi"},"content":{"rendered":"\r\n\r\n\r\n<section class=\"languageChallengeSection\">\r\n    <div class=\"languageInfoWrapper\">\r\n        \r\n        <h1>Saksan kielioppi<\/h1>\r\n        <p>Avaa saksan kielen rakenne hallitsemalla sen keskeiset kielioppis\u00e4\u00e4nn\u00f6t. Saksan kieliopin ymm\u00e4rt\u00e4minen auttaa sinua kommunikoimaan itsevarmasti ja arvostamaan saksankielisten kulttuurien rikkautta. Aloita saksan kieliopin opiskelu jo t\u00e4n\u00e4\u00e4n ja ota ensimm\u00e4inen askel kohti sujuvuutta!\n\n<\/p>\r\n\r\n                            <a class=\"getStartedHidden\" href=\"https:\/\/app.talkpal.ai\/fi\/signup?lng=\">Aloita<\/a>\r\n        \r\n    <\/div>\r\n\r\n    <figure>\r\n    <img decoding=\"async\" width=\"768\" height=\"768\" src=\"https:\/\/talkpal.ai\/wp-content\/uploads\/2023\/06\/german-768x768.png\" class=\"languageImage no-lazy\" alt=\"Default alt text\" fetchpriority=\"high\" sizes=\"(max-width: 768px) 150px, 768px\" srcset=\"https:\/\/talkpal.ai\/wp-content\/uploads\/2023\/06\/german-768x768.png 768w, https:\/\/talkpal.ai\/wp-content\/uploads\/2023\/06\/german-300x300.png 300w\" \/>\r\n    \r\n\r\n    <\/figure>\r\n\r\n            <a class=\"getStartedVisible\" href=\"https:\/\/app.talkpal.ai\/fi\/signup?lng=\">Aloita<\/a>\r\n    \r\n<\/section>\r\n        <section class=\"grammarSection\">\r\n            <div class=\"grammarLinks\">\r\n                <a href=\"https:\/\/talkpal.ai\/fi\/language\/adjektiivit-saksan-kielioppi\/\">Adjektiivit <\/a><a href=\"https:\/\/talkpal.ai\/fi\/language\/adverbit-saksan-kielioppi\/\">Adverbit <\/a><a href=\"https:\/\/talkpal.ai\/fi\/language\/aikamuodot-saksan-kielioppi\/\">Aikamuodot <\/a><a href=\"https:\/\/talkpal.ai\/fi\/language\/lauserakenne-saksan-kielioppi\/\">Lauserakenne <\/a><a href=\"https:\/\/talkpal.ai\/fi\/language\/prepositiot-saksan-kielioppi\/\">Prepositiot <\/a><a href=\"https:\/\/talkpal.ai\/fi\/language\/pronominit-saksan-kielioppi\/\">Pronominit <\/a><a href=\"https:\/\/talkpal.ai\/fi\/language\/substantiivit-ja-artikkelit-saksan-kielioppi\/\">Substantiivit ja artikkelit <\/a><a href=\"https:\/\/talkpal.ai\/fi\/language\/taivutus-saksan-kielioppi\/\">Taivutus <\/a><a href=\"https:\/\/talkpal.ai\/fi\/language\/verbit-saksan-kielioppi\/\">Verbit <\/a>            <\/div>\r\n        <\/section>\r\n    <section class=\"promotionalBanner\">\r\n    <p class=\"promotionalText\">Tehokkain tapa oppia kielt\u00e4<\/p>\r\n    <a class=\"promotionalLink\" href=\"https:\/\/app.talkpal.ai\/fi\/signup?lng=\">Kokeile Talkpal ilmaiseksi<\/a>\r\n<\/section>\n<div class=\"wp-block-group pageContainerStyle\"><div class=\"wp-block-group__inner-container is-layout-constrained wp-block-group-is-layout-constrained\">\n<h2 class=\"wp-block-heading\" id=\"h-unraveling-the-intricacies-of-german-grammar\">Saksan kieliopin monimutkaisuuksien selvitt\u00e4minen<\/h2>\n\n\n\n<p>Saksan oppiminen voi olla j\u00e4nnitt\u00e4v\u00e4 ja palkitseva yritys. Sen lis\u00e4ksi, ett\u00e4 voit puhua yli 130 miljoonan ihmisen kanssa ymp\u00e4ri maailmaa, sinulla on my\u00f6s mahdollisuus tutustua kirjallisuuteen, musiikkiin ja kulttuurihistoriaan. Kuten mink\u00e4 tahansa kielen kohdalla, saksan kielen hallitseminen vaatii omistautumista ja k\u00e4rsiv\u00e4llisyytt\u00e4 \u2013 erityisesti kieliopin suhteen. Hyv\u00e4 uutinen on, ett\u00e4 monet saksan kieliopin n\u00e4k\u00f6kohdat ovat melko samanlaisia kuin <a href=\"https:\/\/talkpal.ai\/english-grammar\/\">englannin kielioppi<\/a>, mik\u00e4 helpottaa englannin puhujien p\u00e4\u00e4n k\u00e4\u00e4rimist\u00e4. T\u00e4ss\u00e4 artikkelissa tarkastelemme joitakin saksan kieliopin keskeisi\u00e4 piirteit\u00e4 ja annamme hy\u00f6dyllisi\u00e4 vinkkej\u00e4 ja niksej\u00e4, joiden avulla voit hallita t\u00e4t\u00e4 kaunista ja monimutkaista kielt\u00e4.<\/p>\n\n\n\n<h3 class=\"wp-block-heading\" id=\"h-1-nouns-and-articles-get-your-cases-right\">1. Substantiivit ja artikkelit &#8211; Hanki tapauksesi oikein!<\/h3>\n\n\n\n<p>Yksi ensimm\u00e4isist\u00e4 esteist\u00e4 englannin puhujien saksan oppimiselle on nelj\u00e4n tapauksen ymm\u00e4rt\u00e4minen: nominatiivi, akkusatiivi, datiivi ja genetiivi. Jokainen tapaus merkitsee lauseen substantiivin erilaista teht\u00e4v\u00e4\u00e4, kuten subjektia, suoraa objektia <a href=\"https:\/\/talkpal.ai\/learn-thai\/\">tai<\/a> ep\u00e4suoraa objektia. Lis\u00e4ksi saksassa on kolme kieliopillista sukupuolta (maskuliininen, feminiininen ja neutri), ja kunkin sukupuolen artikkelit muuttuvat tapauksesta riippuen. Kuulostaako h\u00e4mment\u00e4v\u00e4lt\u00e4? Ei h\u00e4t\u00e4\u00e4! Kun tutustut saksan kieleen paremmin, alat tunnistaa malleja ja ennakoida, mit\u00e4 sijamuotoa ja sukua k\u00e4ytet\u00e4\u00e4n.<\/p>\n\n\n\n<p>Vihje: Tee kaavio m\u00e4\u00e4r\u00e4isist\u00e4 artikkeleista (der, die, das) ja ep\u00e4m\u00e4\u00e4r\u00e4isist\u00e4 artikkeleista (ein, eine, ein) kullekin sukupuolelle ja tapaukselle. Muista n\u00e4m\u00e4 ensin, koska ne toimivat perustana saksalaisen lauserakenteen ymm\u00e4rt\u00e4miselle.<\/p>\n\n\n\n<h3 class=\"wp-block-heading\" id=\"h-2-verbs-conjugate-and-dominate\">2. Verbit \u2013 Konjugoidaan ja dominoidaan!<\/h3>\n\n\n\n<p>Saksan kieless\u00e4 verbit ovat v\u00e4ltt\u00e4m\u00e4tt\u00f6mi\u00e4 paitsi toiminnan ilmaisemisessa my\u00f6s j\u00e4nnityksen ja mielialan ilmaisemisessa. Aivan kuten <a href=\"https:\/\/talkpal.ai\/learn-english-with-ai\/\">englanti<\/a>, saksan verbit on taivutettava vastaamaan lauseen aihetta. On kuitenkin joitakin keskeisi\u00e4 eroja, kuten s\u00e4\u00e4nn\u00f6llisten (heikkojen) ja ep\u00e4s\u00e4\u00e4nn\u00f6llisten (vahvojen) verbien k\u00e4ytt\u00f6 sek\u00e4 auttamisverbien k\u00e4ytt\u00f6 tietyiss\u00e4 aikoina. Hyv\u00e4 uutinen on se, ett\u00e4 saksan verbien taivutus on joiltain osin yksinkertaisempaa kuin englannin kieless\u00e4, kuten esimerkiksi se, ett\u00e4 &#8221;do&#8221; ei ole v\u00e4ltt\u00e4m\u00e4t\u00f6n kysymyksiss\u00e4 tai negaatioissa.<\/p>\n\n\n\n<p>Vihje: Aloita opettelemalla tavallinen verbitaivutus ja k\u00e4sittele sitten yleisimpi\u00e4 ep\u00e4s\u00e4\u00e4nn\u00f6llisi\u00e4 verbej\u00e4. Harjoittele k\u00e4ytt\u00e4m\u00e4\u00e4n auttavia verbej\u00e4 menneess\u00e4 ja tulevassa aikamuodossa, ja pian pystyt rakentamaan monimutkaisempia lauseita.<\/p>\n\n\n\n<h3 class=\"wp-block-heading\" id=\"h-3-adjectives-show-your-agreement\">3. Adjektiivit \u2013 N\u00e4yt\u00e4 suostumuksesi!<\/h3>\n\n\n\n<p>Kun k\u00e4yt\u00e4t adjektiiveja substantiivien kuvailuun saksaksi, on t\u00e4rke\u00e4\u00e4 ymm\u00e4rt\u00e4\u00e4 adjektiivien yhteisymm\u00e4rrys. T\u00e4m\u00e4 tarkoittaa sit\u00e4, ett\u00e4 adjektiivien on oltava yht\u00e4pit\u00e4vi\u00e4 substantiivin sukupuolen ja sijamuodon kanssa. Joissakin tapauksissa t\u00e4m\u00e4 edellytt\u00e4\u00e4 adjektiivin p\u00e4\u00e4tteen lis\u00e4\u00e4mist\u00e4 substantiivin artikkelin ja tapauksen perusteella.<\/p>\n\n\n\n<p>Vihje: K\u00e4yt\u00e4 aiempaa artikkelikaaviota, jotta muistat oikeat adjektiivip\u00e4\u00e4tteet. Kun harjoittelet adjektiivien k\u00e4ytt\u00f6\u00e4 lauseissa, tee mieless\u00e4si muistiin loppukuviot ja miten ne liittyv\u00e4t substantiivin sukupuoleen ja tapaukseen.<\/p>\n\n\n\n<h3 class=\"wp-block-heading\" id=\"h-4-word-order-embrace-the-flexibility\">4. Sanaj\u00e4rjestys &#8211; Hy\u00f6dynn\u00e4 joustavuus!<\/h3>\n\n\n\n<p>Yksi saksan kieliopin monista iloista on sen joustava sanaj\u00e4rjestys. Toisin kuin englanti, joka yleens\u00e4 noudattaa tiukkaa subjekti-verbi-objekti-mallia, saksankielisten lauseiden rakenne voi vaihdella. T\u00e4rkeint\u00e4 on ymm\u00e4rt\u00e4\u00e4 verbin aseman merkitys, sill\u00e4 se on yleens\u00e4 p\u00e4\u00e4lauseessa toisena ja sivulauseessa viimeisen\u00e4.<\/p>\n\n\n\n<p>Vihje: Jos haluat tutustua erilaisiin sanaj\u00e4rjestysmalleihin, yrit\u00e4 k\u00e4\u00e4nt\u00e4\u00e4 yksinkertaisia englanninkielisi\u00e4 lauseita saksaksi ja j\u00e4rjest\u00e4 lause uudelleen pit\u00e4en verbi oikealla paikallaan. T\u00e4m\u00e4 auttaa sinua tulemaan taitavammaksi muotoilemaan vivahteikkaita ja ilmeikk\u00e4it\u00e4 lauseita saksaksi.<\/p>\n\n\n\n<h3 class=\"wp-block-heading\" id=\"h-5-prepositions-think-in-german\">5. Prepositiot &#8211; ajattele saksaksi!<\/h3>\n\n\n\n<p>Luultavasti hankalin osa saksan kieliopin oppimista on prepositioiden hallitseminen. Vaikka <a href=\"https:\/\/talkpal.ai\/fi\/grammar\/kohdan-kannadan-kieliopissa-prepositiot\/\">prepositiot<\/a> ovat olemassa englanniksi ja niill\u00e4 on samanlainen tarkoitus, niiden k\u00e4ytt\u00f6 saksaksi on erilaista ja vaatii usein &#8221;saksankielist\u00e4 ajattelua&#8221; oikean preposition valitsemiseksi. Esimerkiksi englanninkielinen prepositio &#8221;in&#8221; voidaan k\u00e4\u00e4nt\u00e4\u00e4 saksaksi &#8221;in&#8221;, &#8221;an&#8221; tai &#8221;auf&#8221;, riippuen asiayhteydest\u00e4.<\/p>\n\n\n\n<p>Vinkki: Luo muistikortteja, joissa on yleisi\u00e4 prepositioita ja niiden englanninkielisi\u00e4 vastineita. Harjoittele niiden k\u00e4ytt\u00f6\u00e4 lauseissa ja keskity erityisiin konteksteihin, joissa kutakin prepositiota k\u00e4ytet\u00e4\u00e4n.<\/p>\n\n\n\n<h3 class=\"wp-block-heading\" id=\"h-conclusion\">Johtop\u00e4\u00e4t\u00f6kset:<\/h3>\n\n\n\n<p><a href=\"https:\/\/talkpal.ai\/fi\/grammar\/suku-saksan-kielioppissa\/\">Saksan kielioppi<\/a> saattaa aluksi tuntua pelottavalta, mutta kun harjoittelet, olet k\u00e4rsiv\u00e4llinen ja keskityt peruss\u00e4\u00e4nt\u00f6jen ja -mallien ymm\u00e4rt\u00e4miseen, pystyt pian rakentamaan hienostuneita lauseita helposti. Ymm\u00e4rt\u00e4m\u00e4ll\u00e4 saksan kieliopin monimutkaisuudet englanninkieliset puhujat eiv\u00e4t vain paranna kielitaitoaan, vaan my\u00f6s kehitt\u00e4v\u00e4t uuden arvostuksen t\u00e4t\u00e4 kaunista ja monimutkaista kielt\u00e4 kohtaan. Nyt, auf geht&#8217;s! On aika sukeltaa saksan kieliopin maailmaan ja vapauttaa koko kieltenoppimispotentiaalisi.<\/p>\n<\/div><\/div>\n\r\n<section class=\"learnNavigationSection\">\r\n            \r\n        <a href=\"https:\/\/talkpal.ai\/fi\/opi-saksaa\/\">\r\n            <div class=\"learnNavigationWrapper\">\r\n                <div class=\"learnNavigationContent\">\r\n                    <img decoding=\"async\" src=\"https:\/\/talkpal.ai\/wp-content\/uploads\/2024\/08\/German.jpg\" alt=\"German Flag\">\r\n                    <div>\r\n                        <h4>Tietoa saksan kielen oppimisesta<\/h4>\r\n                        <p>Tutustu saksan kielioppiin.<\/p>\r\n                    <\/div>\r\n                <\/div>\r\n            <\/div>\r\n        <\/a>\r\n\r\n        \r\n        <a href=\"https:\/\/talkpal.ai\/fi\/saksan-kielioppiharjoitukset\/\">\r\n            <div class=\"learnNavigationWrapper\">\r\n                <div class=\"learnNavigationContent\">\r\n                    <img decoding=\"async\" src=\"https:\/\/talkpal.ai\/wp-content\/uploads\/2024\/08\/German.jpg\" alt=\"German Flag\">\r\n                    <div>\r\n                        <h4>Saksan kielioppiharjoitus<\/h4>\r\n                        <p>Harjoittele saksan kielioppia.<\/p>\r\n                    <\/div>\r\n                <\/div>\r\n            <\/div>\r\n        <\/a>\r\n\r\n        \r\n        <a href=\"https:\/\/talkpal.ai\/vocabulary_language\/german\/\">\r\n            <div class=\"learnNavigationWrapper\">\r\n                <div class=\"learnNavigationContent\">\r\n                    <img decoding=\"async\" src=\"https:\/\/talkpal.ai\/wp-content\/uploads\/2024\/08\/German.jpg\" alt=\"German Flag\">\r\n                    <div>\r\n                        <h4>Saksan sanasto<\/h4>\r\n                        <p>Laajenna saksan kielen sanavarastoasi.<\/p>\r\n                    <\/div>\r\n                <\/div>\r\n            <\/div>\r\n        <\/a>\r\n\r\n            <\/section>","protected":false},"excerpt":{"rendered":"<p>Saksan kieliopin monimutkaisuuksien selvitt\u00e4minen Saksan oppiminen voi olla j\u00e4nnitt\u00e4v\u00e4 ja palkitseva yritys. Sen lis\u00e4ksi, ett\u00e4 voit puhua yli 130 miljoonan ihmisen kanssa ymp\u00e4ri maailmaa, sinulla on my\u00f6s mahdollisuus tutustua kirjallisuuteen, musiikkiin ja kulttuurihistoriaan. Kuten mink\u00e4 tahansa kielen kohdalla, saksan kielen hallitseminen vaatii omistautumista ja k\u00e4rsiv\u00e4llisyytt\u00e4 \u2013 erityisesti kieliopin suhteen. Hyv\u00e4 uutinen on, ett\u00e4 monet saksan [&hellip;]<\/p>\n","protected":false},"author":1,"featured_media":6256,"parent":0,"menu_order":0,"comment_status":"closed","ping_status":"closed","template":"LearningContentPage.php","meta":{"_acf_changed":false,"footnotes":""},"class_list":["post-91279","page","type-page","status-publish","has-post-thumbnail","hentry"],"acf":[],"yoast_head":"<!-- This site is optimized with the Yoast SEO Premium plugin v27.2 (Yoast SEO v27.2) - https:\/\/yoast.com\/product\/yoast-seo-premium-wordpress\/ -->\n<title>Saksan kielioppi - Talkpal<\/title>\n<meta name=\"description\" content=\"Opi saksan kielioppi helposti - ymm\u00e4rr\u00e4 keskeiset s\u00e4\u00e4nn\u00f6t, harjoittele lauseiden rakentamista ja puhu selke\u00e4sti... Talkpalteko\u00e4lyavusteisen tuen avulla.\" \/>\n<meta name=\"robots\" content=\"index, follow, max-snippet:-1, max-image-preview:large, max-video-preview:-1\" \/>\n<link rel=\"canonical\" href=\"https:\/\/talkpal.ai\/fi\/saksan-kielioppi\/\" \/>\n<meta property=\"og:locale\" content=\"fi_FI\" \/>\n<meta property=\"og:type\" content=\"article\" \/>\n<meta property=\"og:title\" content=\"Saksan kielioppi\" \/>\n<meta property=\"og:description\" content=\"Saksan kieliopin monimutkaisuuksien selvitt\u00e4minen Saksan oppiminen voi olla j\u00e4nnitt\u00e4v\u00e4 ja palkitseva yritys. Sen lis\u00e4ksi, ett\u00e4 voit puhua yli 130\" \/>\n<meta property=\"og:url\" content=\"https:\/\/talkpal.ai\/fi\/saksan-kielioppi\/\" \/>\n<meta property=\"og:site_name\" content=\"Talkpal\" \/>\n<meta property=\"article:publisher\" content=\"https:\/\/www.facebook.com\/profile.php?id=100090733639311\" \/>\n<meta property=\"article:modified_time\" content=\"2025-05-22T19:21:22+00:00\" \/>\n<meta property=\"og:image\" content=\"https:\/\/talkpal.ai\/wp-content\/uploads\/2023\/03\/germany.png\" \/>\n\t<meta property=\"og:image:width\" content=\"512\" \/>\n\t<meta property=\"og:image:height\" content=\"512\" \/>\n\t<meta property=\"og:image:type\" content=\"image\/png\" \/>\n<meta name=\"twitter:card\" content=\"summary_large_image\" \/>\n<meta name=\"twitter:site\" content=\"@talkpalai\" \/>\n<meta name=\"twitter:label1\" content=\"Arvioitu lukuaika\" \/>\n\t<meta name=\"twitter:data1\" content=\"3 minuuttia\" \/>\n<script type=\"application\/ld+json\" class=\"yoast-schema-graph\">{\"@context\":\"https:\/\/schema.org\",\"@graph\":[{\"@type\":\"WebPage\",\"@id\":\"https:\/\/talkpal.ai\/fi\/saksan-kielioppi\/\",\"url\":\"https:\/\/talkpal.ai\/fi\/saksan-kielioppi\/\",\"name\":\"Saksan kielioppi - Talkpal\",\"isPartOf\":{\"@id\":\"https:\/\/talkpal.ai\/fi\/#website\"},\"primaryImageOfPage\":{\"@id\":\"https:\/\/talkpal.ai\/fi\/saksan-kielioppi\/#primaryimage\"},\"image\":{\"@id\":\"https:\/\/talkpal.ai\/fi\/saksan-kielioppi\/#primaryimage\"},\"thumbnailUrl\":\"https:\/\/talkpal.ai\/wp-content\/uploads\/2023\/03\/germany.png\",\"datePublished\":\"2023-03-26T11:40:15+00:00\",\"dateModified\":\"2025-05-22T19:21:22+00:00\",\"description\":\"Opi saksan kielioppi helposti - ymm\u00e4rr\u00e4 keskeiset s\u00e4\u00e4nn\u00f6t, harjoittele lauseiden rakentamista ja puhu selke\u00e4sti... Talkpalteko\u00e4lyavusteisen tuen avulla.\",\"breadcrumb\":{\"@id\":\"https:\/\/talkpal.ai\/fi\/saksan-kielioppi\/#breadcrumb\"},\"inLanguage\":\"fi\",\"potentialAction\":[{\"@type\":\"ReadAction\",\"target\":[\"https:\/\/talkpal.ai\/fi\/saksan-kielioppi\/\"]}]},{\"@type\":\"ImageObject\",\"inLanguage\":\"fi\",\"@id\":\"https:\/\/talkpal.ai\/fi\/saksan-kielioppi\/#primaryimage\",\"url\":\"https:\/\/talkpal.ai\/wp-content\/uploads\/2023\/03\/germany.png\",\"contentUrl\":\"https:\/\/talkpal.ai\/wp-content\/uploads\/2023\/03\/germany.png\",\"width\":512,\"height\":512,\"caption\":\"TalkPal AI learn German\"},{\"@type\":\"BreadcrumbList\",\"@id\":\"https:\/\/talkpal.ai\/fi\/saksan-kielioppi\/#breadcrumb\",\"itemListElement\":[{\"@type\":\"ListItem\",\"position\":1,\"name\":\"Homepage\",\"item\":\"https:\/\/talkpal.ai\/fi\/\"},{\"@type\":\"ListItem\",\"position\":2,\"name\":\"Saksan kielioppi\"}]},{\"@type\":\"WebSite\",\"@id\":\"https:\/\/talkpal.ai\/fi\/#website\",\"url\":\"https:\/\/talkpal.ai\/fi\/\",\"name\":\"Talkpal\",\"description\":\"AI Language Learning\",\"publisher\":{\"@id\":\"https:\/\/talkpal.ai\/fi\/#organization\"},\"alternateName\":\"Talkpal AI\",\"potentialAction\":[{\"@type\":\"SearchAction\",\"target\":{\"@type\":\"EntryPoint\",\"urlTemplate\":\"https:\/\/talkpal.ai\/fi\/?s={search_term_string}\"},\"query-input\":{\"@type\":\"PropertyValueSpecification\",\"valueRequired\":true,\"valueName\":\"search_term_string\"}}],\"inLanguage\":\"fi\"},{\"@type\":\"Organization\",\"@id\":\"https:\/\/talkpal.ai\/fi\/#organization\",\"name\":\"Talkpal, Inc.\",\"alternateName\":\"Talkpal AI\",\"url\":\"https:\/\/talkpal.ai\/fi\/\",\"logo\":{\"@type\":\"ImageObject\",\"inLanguage\":\"fi\",\"@id\":\"https:\/\/talkpal.ai\/fi\/#\/schema\/logo\/image\/\",\"url\":\"https:\/\/talkpal.ai\/wp-content\/uploads\/2024\/03\/Talkpal-Logo-Icon.png\",\"contentUrl\":\"https:\/\/talkpal.ai\/wp-content\/uploads\/2024\/03\/Talkpal-Logo-Icon.png\",\"width\":2880,\"height\":2880,\"caption\":\"Talkpal, Inc.\"},\"image\":{\"@id\":\"https:\/\/talkpal.ai\/fi\/#\/schema\/logo\/image\/\"},\"sameAs\":[\"https:\/\/www.facebook.com\/profile.php?id=100090733639311\",\"https:\/\/x.com\/talkpalai\",\"https:\/\/www.linkedin.com\/company\/talkpal\/\",\"https:\/\/www.youtube.com\/@TalkPal\/\",\"https:\/\/www.tiktok.com\/@talkpal\",\"https:\/\/www.instagram.com\/talkpal_ai\/\",\"https:\/\/www.crunchbase.com\/organization\/talkpal-9cde\",\"https:\/\/www.g2.com\/products\/talkpal-for-business\/\",\"https:\/\/www.trustpilot.com\/review\/talkpal.ai\",\"https:\/\/www.capterra.com\/p\/10006800\/TalkPal\/\"],\"description\":\"Talkpal is a language learning web and mobile education app, powered by the latest AI technologies, that provides engaging experiences to its customers in many different languages to help them improve their language skills. Users can chat about unlimited amount of topics with the app and use other modes to practice their language learning.\",\"email\":\"support@talkpal.ai\",\"legalName\":\"Talkpal, Inc.\",\"foundingDate\":\"2023-04-03\",\"duns\":\"118989042\",\"numberOfEmployees\":{\"@type\":\"QuantitativeValue\",\"minValue\":\"11\",\"maxValue\":\"50\"},\"publishingPrinciples\":\"https:\/\/talkpal.ai\/publishing-principles\/\",\"actionableFeedbackPolicy\":\"https:\/\/talkpal.ai\/actionable-feedback-policy\/\",\"correctionsPolicy\":\"https:\/\/talkpal.ai\/corrections-policy\/\",\"ethicsPolicy\":\"https:\/\/talkpal.ai\/ethics-policy\/\",\"diversityPolicy\":\"https:\/\/talkpal.ai\/diversity-policy\/\",\"diversityStaffingReport\":\"https:\/\/talkpal.ai\/diversity-policy\/\"}]}<\/script>\n<!-- \/ Yoast SEO Premium plugin. -->","yoast_head_json":{"title":"Saksan kielioppi - Talkpal","description":"Opi saksan kielioppi helposti - ymm\u00e4rr\u00e4 keskeiset s\u00e4\u00e4nn\u00f6t, harjoittele lauseiden rakentamista ja puhu selke\u00e4sti... Talkpalteko\u00e4lyavusteisen tuen avulla.","robots":{"index":"index","follow":"follow","max-snippet":"max-snippet:-1","max-image-preview":"max-image-preview:large","max-video-preview":"max-video-preview:-1"},"canonical":"https:\/\/talkpal.ai\/fi\/saksan-kielioppi\/","og_locale":"fi_FI","og_type":"article","og_title":"Saksan kielioppi","og_description":"Saksan kieliopin monimutkaisuuksien selvitt\u00e4minen Saksan oppiminen voi olla j\u00e4nnitt\u00e4v\u00e4 ja palkitseva yritys. Sen lis\u00e4ksi, ett\u00e4 voit puhua yli 130","og_url":"https:\/\/talkpal.ai\/fi\/saksan-kielioppi\/","og_site_name":"Talkpal","article_publisher":"https:\/\/www.facebook.com\/profile.php?id=100090733639311","article_modified_time":"2025-05-22T19:21:22+00:00","og_image":[{"width":512,"height":512,"url":"https:\/\/talkpal.ai\/wp-content\/uploads\/2023\/03\/germany.png","type":"image\/png"}],"twitter_card":"summary_large_image","twitter_site":"@talkpalai","twitter_misc":{"Arvioitu lukuaika":"3 minuuttia"},"schema":{"@context":"https:\/\/schema.org","@graph":[{"@type":"WebPage","@id":"https:\/\/talkpal.ai\/fi\/saksan-kielioppi\/","url":"https:\/\/talkpal.ai\/fi\/saksan-kielioppi\/","name":"Saksan kielioppi - Talkpal","isPartOf":{"@id":"https:\/\/talkpal.ai\/fi\/#website"},"primaryImageOfPage":{"@id":"https:\/\/talkpal.ai\/fi\/saksan-kielioppi\/#primaryimage"},"image":{"@id":"https:\/\/talkpal.ai\/fi\/saksan-kielioppi\/#primaryimage"},"thumbnailUrl":"https:\/\/talkpal.ai\/wp-content\/uploads\/2023\/03\/germany.png","datePublished":"2023-03-26T11:40:15+00:00","dateModified":"2025-05-22T19:21:22+00:00","description":"Opi saksan kielioppi helposti - ymm\u00e4rr\u00e4 keskeiset s\u00e4\u00e4nn\u00f6t, harjoittele lauseiden rakentamista ja puhu selke\u00e4sti... Talkpalteko\u00e4lyavusteisen tuen avulla.","breadcrumb":{"@id":"https:\/\/talkpal.ai\/fi\/saksan-kielioppi\/#breadcrumb"},"inLanguage":"fi","potentialAction":[{"@type":"ReadAction","target":["https:\/\/talkpal.ai\/fi\/saksan-kielioppi\/"]}]},{"@type":"ImageObject","inLanguage":"fi","@id":"https:\/\/talkpal.ai\/fi\/saksan-kielioppi\/#primaryimage","url":"https:\/\/talkpal.ai\/wp-content\/uploads\/2023\/03\/germany.png","contentUrl":"https:\/\/talkpal.ai\/wp-content\/uploads\/2023\/03\/germany.png","width":512,"height":512,"caption":"TalkPal AI learn German"},{"@type":"BreadcrumbList","@id":"https:\/\/talkpal.ai\/fi\/saksan-kielioppi\/#breadcrumb","itemListElement":[{"@type":"ListItem","position":1,"name":"Homepage","item":"https:\/\/talkpal.ai\/fi\/"},{"@type":"ListItem","position":2,"name":"Saksan kielioppi"}]},{"@type":"WebSite","@id":"https:\/\/talkpal.ai\/fi\/#website","url":"https:\/\/talkpal.ai\/fi\/","name":"Talkpal","description":"AI Language Learning","publisher":{"@id":"https:\/\/talkpal.ai\/fi\/#organization"},"alternateName":"Talkpal AI","potentialAction":[{"@type":"SearchAction","target":{"@type":"EntryPoint","urlTemplate":"https:\/\/talkpal.ai\/fi\/?s={search_term_string}"},"query-input":{"@type":"PropertyValueSpecification","valueRequired":true,"valueName":"search_term_string"}}],"inLanguage":"fi"},{"@type":"Organization","@id":"https:\/\/talkpal.ai\/fi\/#organization","name":"Talkpal, Inc.","alternateName":"Talkpal AI","url":"https:\/\/talkpal.ai\/fi\/","logo":{"@type":"ImageObject","inLanguage":"fi","@id":"https:\/\/talkpal.ai\/fi\/#\/schema\/logo\/image\/","url":"https:\/\/talkpal.ai\/wp-content\/uploads\/2024\/03\/Talkpal-Logo-Icon.png","contentUrl":"https:\/\/talkpal.ai\/wp-content\/uploads\/2024\/03\/Talkpal-Logo-Icon.png","width":2880,"height":2880,"caption":"Talkpal, Inc."},"image":{"@id":"https:\/\/talkpal.ai\/fi\/#\/schema\/logo\/image\/"},"sameAs":["https:\/\/www.facebook.com\/profile.php?id=100090733639311","https:\/\/x.com\/talkpalai","https:\/\/www.linkedin.com\/company\/talkpal\/","https:\/\/www.youtube.com\/@TalkPal\/","https:\/\/www.tiktok.com\/@talkpal","https:\/\/www.instagram.com\/talkpal_ai\/","https:\/\/www.crunchbase.com\/organization\/talkpal-9cde","https:\/\/www.g2.com\/products\/talkpal-for-business\/","https:\/\/www.trustpilot.com\/review\/talkpal.ai","https:\/\/www.capterra.com\/p\/10006800\/TalkPal\/"],"description":"Talkpal is a language learning web and mobile education app, powered by the latest AI technologies, that provides engaging experiences to its customers in many different languages to help them improve their language skills. Users can chat about unlimited amount of topics with the app and use other modes to practice their language learning.","email":"support@talkpal.ai","legalName":"Talkpal, Inc.","foundingDate":"2023-04-03","duns":"118989042","numberOfEmployees":{"@type":"QuantitativeValue","minValue":"11","maxValue":"50"},"publishingPrinciples":"https:\/\/talkpal.ai\/publishing-principles\/","actionableFeedbackPolicy":"https:\/\/talkpal.ai\/actionable-feedback-policy\/","correctionsPolicy":"https:\/\/talkpal.ai\/corrections-policy\/","ethicsPolicy":"https:\/\/talkpal.ai\/ethics-policy\/","diversityPolicy":"https:\/\/talkpal.ai\/diversity-policy\/","diversityStaffingReport":"https:\/\/talkpal.ai\/diversity-policy\/"}]}},"_links":{"self":[{"href":"https:\/\/talkpal.ai\/fi\/wp-json\/wp\/v2\/pages\/91279","targetHints":{"allow":["GET"]}}],"collection":[{"href":"https:\/\/talkpal.ai\/fi\/wp-json\/wp\/v2\/pages"}],"about":[{"href":"https:\/\/talkpal.ai\/fi\/wp-json\/wp\/v2\/types\/page"}],"author":[{"embeddable":true,"href":"https:\/\/talkpal.ai\/fi\/wp-json\/wp\/v2\/users\/1"}],"replies":[{"embeddable":true,"href":"https:\/\/talkpal.ai\/fi\/wp-json\/wp\/v2\/comments?post=91279"}],"version-history":[{"count":0,"href":"https:\/\/talkpal.ai\/fi\/wp-json\/wp\/v2\/pages\/91279\/revisions"}],"wp:featuredmedia":[{"embeddable":true,"href":"https:\/\/talkpal.ai\/fi\/wp-json\/wp\/v2\/media\/6256"}],"wp:attachment":[{"href":"https:\/\/talkpal.ai\/fi\/wp-json\/wp\/v2\/media?parent=91279"}],"curies":[{"name":"wp","href":"https:\/\/api.w.org\/{rel}","templated":true}]}}