{"id":91249,"date":"2023-06-16T09:14:18","date_gmt":"2023-06-16T09:14:18","guid":{"rendered":"http:\/\/talkpal.ai\/saksan-kielioppiharjoitukset\/"},"modified":"2025-12-17T16:12:27","modified_gmt":"2025-12-17T16:12:27","slug":"saksan-kielioppiharjoitukset","status":"publish","type":"page","link":"https:\/\/talkpal.ai\/fi\/saksan-kielioppiharjoitukset\/","title":{"rendered":"Saksan kielioppiharjoitukset"},"content":{"rendered":"\r\n\r\n\r\n<section class=\"languageChallengeSection\">\r\n    <div class=\"languageInfoWrapper\">\r\n        \r\n        <h1>Saksan kielioppiharjoitukset<\/h1>\r\n        <p>Oletko valmis vahvistamaan saksan kielioppia? Kielioppiharjoitukset ovat t\u00e4ydellinen tapa hallita saksan kielt\u00e4. Aloita ty\u00f6skentely jo t\u00e4n\u00e4\u00e4n ja n\u00e4e itseluottamuksesi ja sujuvuutesi kasvavan jokaisen harjoituksen my\u00f6t\u00e4!\n\n<\/p>\r\n\r\n                            <a class=\"getStartedHidden\" href=\"https:\/\/app.talkpal.ai\/fi\/signup?lng=\">Aloita<\/a>\r\n        \r\n    <\/div>\r\n\r\n    <figure>\r\n    <img decoding=\"async\" width=\"768\" height=\"768\" src=\"https:\/\/talkpal.ai\/wp-content\/uploads\/2023\/06\/german-768x768.png\" class=\"languageImage no-lazy\" alt=\"Default alt text\" fetchpriority=\"high\" sizes=\"(max-width: 768px) 150px, 768px\" srcset=\"https:\/\/talkpal.ai\/wp-content\/uploads\/2023\/06\/german-768x768.png 768w, https:\/\/talkpal.ai\/wp-content\/uploads\/2023\/06\/german-300x300.png 300w\" \/>\r\n    \r\n\r\n    <\/figure>\r\n\r\n            <a class=\"getStartedVisible\" href=\"https:\/\/app.talkpal.ai\/fi\/signup?lng=\">Aloita<\/a>\r\n    \r\n<\/section>\r\n\r\n\r\n<!-- <section class=\"grammarSection\">\r\n    <div class=\"grammarLinks\">\r\n        <a href=\"https:\/\/talkpal.ai\/fi\/exercise_language\/adjektiivit-fi\/\">Adjektiivit <\/a><a href=\"https:\/\/talkpal.ai\/fi\/exercise_language\/adverbit-fi\/\">Adverbit <\/a><a href=\"https:\/\/talkpal.ai\/fi\/exercise_language\/tensi-fi\/\">Aikamuodot <\/a><a href=\"https:\/\/talkpal.ai\/fi\/exercise_language\/lause-rakenne\/\">Lauserakenne <\/a><a href=\"https:\/\/talkpal.ai\/fi\/exercise_language\/prepositiot-fi\/\">Prepositiot <\/a><a href=\"https:\/\/talkpal.ai\/fi\/exercise_language\/pronominit\/\">Pronominit <\/a><a href=\"https:\/\/talkpal.ai\/fi\/exercise_language\/substantiivit-ja-artikkelit\/\">Substantiivit ja artikkelit <\/a><a href=\"https:\/\/talkpal.ai\/fi\/exercise_language\/deklenssi\/\">Taivutus <\/a><a href=\"https:\/\/talkpal.ai\/fi\/exercise_language\/verbit-fi\/\">Verbit <\/a>    <\/div>\r\n<\/section> -->\r\n\r\n\r\n\r\n\r\n        <section class=\"grammarSection\">\r\n            <div class=\"grammarLinks\">\r\n                <a href=\"https:\/\/talkpal.ai\/fi\/exercise_language\/adjektiivit-fi\/\">Adjektiivit <\/a><a href=\"https:\/\/talkpal.ai\/fi\/exercise_language\/adverbit-fi\/\">Adverbit <\/a><a href=\"https:\/\/talkpal.ai\/fi\/exercise_language\/tensi-fi\/\">Aikamuodot <\/a><a href=\"https:\/\/talkpal.ai\/fi\/exercise_language\/lause-rakenne\/\">Lauserakenne <\/a><a href=\"https:\/\/talkpal.ai\/fi\/exercise_language\/prepositiot-fi\/\">Prepositiot <\/a><a href=\"https:\/\/talkpal.ai\/fi\/exercise_language\/pronominit\/\">Pronominit <\/a><a href=\"https:\/\/talkpal.ai\/fi\/exercise_language\/substantiivit-ja-artikkelit\/\">Substantiivit ja artikkelit <\/a><a href=\"https:\/\/talkpal.ai\/fi\/exercise_language\/deklenssi\/\">Taivutus <\/a><a href=\"https:\/\/talkpal.ai\/fi\/exercise_language\/verbit-fi\/\">Verbit <\/a>            <\/div>\r\n        <\/section>\r\n<section class=\"promotionalBanner\">\r\n    <p class=\"promotionalText\">Tehokkain tapa oppia kielt\u00e4<\/p>\r\n    <a class=\"promotionalLink\" href=\"https:\/\/app.talkpal.ai\/fi\/signup?lng=\">Kokeile Talkpal ilmaiseksi<\/a>\r\n<\/section>\n<div class=\"wp-block-group pageContainerStyle\"><div class=\"wp-block-group__inner-container is-layout-constrained wp-block-group-is-layout-constrained\">\n<h2 class=\"wp-block-heading\" id=\"h-german-grammar-topics\">Saksan kieliopin aiheet<\/h2>\n\n\n\n<p>Uuden <a href=\"https:\/\/talkpal.ai\/fi\/paras-tapa-oppia-2\/\">kielen oppiminen<\/a> voi olla pelottava teht\u00e4v\u00e4, mutta oikealla l\u00e4hestymistavalla se voi olla j\u00e4nnitt\u00e4v\u00e4 ja palkitseva kokemus. Saksa on eritt\u00e4in j\u00e4sennelty ja looginen kieli, mik\u00e4 helpottaa oppimista, jos sinulla on selke\u00e4 k\u00e4sitys sen kielioppis\u00e4\u00e4nn\u00f6ist\u00e4. T\u00e4m\u00e4 opas auttaa sinua ymm\u00e4rt\u00e4m\u00e4\u00e4n saksan kieliopin keskeisi\u00e4 n\u00e4k\u00f6kohtia, kuten aikamuotoja, verbej\u00e4, substantiiveja ja artikkeleita, pronomineja, adjektiiveja, julistusta, adverbeja, prepositioita ja lauserakennetta. Seuraamalla t\u00e4t\u00e4 j\u00e4rjestyst\u00e4 voit edet\u00e4 saksan kielen oppimismatkallasi tehokkaasti ja tehokkaasti.<\/p>\n\n\n\n<h3 class=\"wp-block-heading\" id=\"h-1-nouns-and-articles\">1. Substantiivit ja artikkelit:<\/h3>\n\n\n\n<p>Aloita oppimalla saksalaisten substantiivien perusteet ja niihin liittyv\u00e4t artikkelit. Saksan kieless\u00e4 on kolme sukupuolta (maskuliininen, feminiininen ja neutri) ja nelj\u00e4 tapausta (nominatiivi, akkusatiivi, datiivi ja genetiivi). N\u00e4iden s\u00e4\u00e4nt\u00f6jen ymm\u00e4rt\u00e4minen auttaa sinua m\u00e4\u00e4ritt\u00e4m\u00e4\u00e4n oikean artikkelin jokaiselle substantiiville ja luomaan perustan saksan kielioppiosaamisellesi.<\/p>\n\n\n\n<h3 class=\"wp-block-heading\" id=\"h-2-pronouns\">2. Pronominit:<\/h3>\n\n\n\n<p>Pronominit korvaavat lauseen substantiivit ja niill\u00e4 on eri muodot sukupuolen, numeron ja tapauksen mukaan. Tutustu saksalaisiin pronomineihin, kuten henkil\u00f6kohtaisiin, omistushaluisiin, refleksiivisiin ja suhteellisiin pronomineihin, luodaksesi monimutkaisempia lauseita ja ilmaistaksesi ajatuksiasi tarkemmin.<\/p>\n\n\n\n<h3 class=\"wp-block-heading\" id=\"h-3-verbs\">3. Verbit:<\/h3>\n\n\n\n<p>Verbit ovat ratkaisevia lauseiden muodostamisessa, koska ne ilmaisevat toimia ja tiloja. Opi erityyppiset saksan verbit, kuten s\u00e4\u00e4nn\u00f6lliset, ep\u00e4s\u00e4\u00e4nn\u00f6lliset, modaaliset ja <a href=\"https:\/\/talkpal.ai\/fi\/grammar\/refleksiiviset-verbit-suomen-kieliopissa\/\">refleksiiviset verbit<\/a>, sek\u00e4 niiden taivutukset nykyisess\u00e4, menneess\u00e4 ja tulevassa aikamuodossa. N\u00e4in voit kommunikoida tehokkaasti eri tilanteissa.<\/p>\n\n\n\n<h3 class=\"wp-block-heading\" id=\"h-4-tenses\">4. Aikamuodot:<\/h3>\n\n\n\n<p>Aikamuodot ilmaisevat ajankohdan, jolloin toiminto tapahtuu. Saksan kieless\u00e4 on kuusi aikamuotoa: nykyhetki, <a href=\"https:\/\/talkpal.ai\/fi\/grammar\/yksinkertainen-menneisyys-azerbaidzanin-kielioppissa\/\">yksinkertainen menneisyys<\/a>, preesens t\u00e4ydellinen, mennyt perfekti, tulevaisuus ja tulevaisuus perfekti. N\u00e4iden aikamuotojen s\u00e4\u00e4nt\u00f6jen ja k\u00e4yt\u00f6n ymm\u00e4rt\u00e4minen auttaa sinua ilmaisemaan itse\u00e4si selke\u00e4sti ja tarkasti.<\/p>\n\n\n\n<h3 class=\"wp-block-heading\" id=\"h-5-adjectives\">5. Adjektiivit:<\/h3>\n\n\n\n<p>Adjektiivit kuvaavat substantiivien ja pronominien ominaisuuksia ja sopivat sukupuoleltaan, lukum\u00e4\u00e4r\u00e4lt\u00e4\u00e4n ja sijaltaan muokkaamaansa substantiiviin. Opi adjektiivin julistuksen s\u00e4\u00e4nn\u00f6t sek\u00e4 vertailevat ja superlatiivimuodot, jotta voit parantaa kuvauksiasi ja tehd\u00e4 puheestasi v\u00e4rikk\u00e4\u00e4mm\u00e4n.<\/p>\n\n\n\n<h3 class=\"wp-block-heading\" id=\"h-6-declension\">6. Julistus:<\/h3>\n\n\n\n<p>Declension on prosessi, jossa substantiiveja, pronomineja ja adjektiiveja muutetaan osoittamaan niiden kieliopillista teht\u00e4v\u00e4\u00e4 lauseessa. Tutustu nelj\u00e4\u00e4n saksalaiseen tapaukseen ja siihen, miten ne vaikuttavat sanojen p\u00e4\u00e4tteisiin, joiden avulla voit rakentaa kieliopillisesti oikeita lauseita.<\/p>\n\n\n\n<h3 class=\"wp-block-heading\" id=\"h-7-adverbs\">7. Adverbit:<\/h3>\n\n\n\n<p><a href=\"https:\/\/talkpal.ai\/fi\/grammar\/paikan-tsekin-kielioppi-adverbit\/\">Adverbit<\/a> antavat lis\u00e4tietoja verbeist\u00e4, adjektiiveista <a href=\"https:\/\/talkpal.ai\/learn-thai\/\">tai<\/a> muista adverbeista. Opi erityyppiset saksalaiset adverbit, kuten aikaa, tapaa ja paikkaa ilmaisevat, ja miten voit k\u00e4ytt\u00e4\u00e4 niit\u00e4 tehokkaasti lis\u00e4t\u00e4ksesi vivahteita ja tarkkuutta puheeseesi.<\/p>\n\n\n\n<h3 class=\"wp-block-heading\" id=\"h-8-prepositions\">8. Prepositiot:<\/h3>\n\n\n\n<p>Prepositioita k\u00e4ytet\u00e4\u00e4n osoittamaan substantiivien tai nimimerkkien ja muiden lauseen elementtien v\u00e4list\u00e4 suhdetta. Tutki erilaisia saksalaisia prepositioita ja niiden k\u00e4ytt\u00f6\u00e4 eri tapauksissa saadaksesi paremman k\u00e4sityksen lauseiden rakenteesta.<\/p>\n\n\n\n<h3 class=\"wp-block-heading\" id=\"h-9-sentence-structure\">9. Lauseen rakenne:<\/h3>\n\n\n\n<p>Tutustu lopuksi saksalaiseen lauserakenteeseen, mukaan lukien sanaj\u00e4rjestys, sivulauseet ja <a href=\"https:\/\/talkpal.ai\/fi\/grammar\/konjunktiot-hindin-kielioppi\/\">konjunktiot<\/a>. N\u00e4iden s\u00e4\u00e4nt\u00f6jen ymm\u00e4rt\u00e4minen auttaa sinua luomaan johdonmukaisia ja hyvin j\u00e4senneltyj\u00e4 lauseita, joiden avulla voit ilmaista ajatuksesi selke\u00e4sti ja tehokkaasti saksaksi.<\/p>\n<\/div><\/div>\n\r\n<section class=\"learnNavigationSection\">\r\n            \r\n        <a href=\"https:\/\/talkpal.ai\/fi\/opi-saksaa\/\">\r\n            <div class=\"learnNavigationWrapper\">\r\n                <div class=\"learnNavigationContent\">\r\n                    <img decoding=\"async\" src=\"https:\/\/talkpal.ai\/wp-content\/uploads\/2024\/08\/German.jpg\" alt=\"German Flag\">\r\n                    <div>\r\n                        <h4>Tietoa saksan kielen oppimisesta<\/h4>\r\n                        <p>Tutustu saksan kielioppiin.<\/p>\r\n                    <\/div>\r\n                <\/div>\r\n            <\/div>\r\n        <\/a>\r\n\r\n        \r\n        <a href=\"https:\/\/talkpal.ai\/fi\/saksan-kielioppi\/\">\r\n            <div class=\"learnNavigationWrapper\">\r\n                <div class=\"learnNavigationContent\">\r\n                    <img decoding=\"async\" src=\"https:\/\/talkpal.ai\/wp-content\/uploads\/2024\/08\/German.jpg\" alt=\"German Flag\">\r\n                    <div>\r\n                        <h4>Saksan kielioppitunnit<\/h4>\r\n                        <p>Harjoittele saksan kielioppia.<\/p>\r\n                    <\/div>\r\n                <\/div>\r\n            <\/div>\r\n        <\/a>\r\n\r\n        \r\n        <a href=\"https:\/\/talkpal.ai\/vocabulary_language\/german\/\">\r\n            <div class=\"learnNavigationWrapper\">\r\n                <div class=\"learnNavigationContent\">\r\n                    <img decoding=\"async\" src=\"https:\/\/talkpal.ai\/wp-content\/uploads\/2024\/08\/German.jpg\" alt=\"German Flag\">\r\n                    <div>\r\n                        <h4>Saksan sanasto<\/h4>\r\n                        <p>Laajenna saksan kielen sanavarastoasi.<\/p>\r\n                    <\/div>\r\n                <\/div>\r\n            <\/div>\r\n        <\/a>\r\n\r\n            <\/section>","protected":false},"excerpt":{"rendered":"<p>Saksan kieliopin aiheet Uuden kielen oppiminen voi olla pelottava teht\u00e4v\u00e4, mutta oikealla l\u00e4hestymistavalla se voi olla j\u00e4nnitt\u00e4v\u00e4 ja palkitseva kokemus. Saksa on eritt\u00e4in j\u00e4sennelty ja looginen kieli, mik\u00e4 helpottaa oppimista, jos sinulla on selke\u00e4 k\u00e4sitys sen kielioppis\u00e4\u00e4nn\u00f6ist\u00e4. T\u00e4m\u00e4 opas auttaa sinua ymm\u00e4rt\u00e4m\u00e4\u00e4n saksan kieliopin keskeisi\u00e4 n\u00e4k\u00f6kohtia, kuten aikamuotoja, verbej\u00e4, substantiiveja ja artikkeleita, pronomineja, adjektiiveja, julistusta, [&hellip;]<\/p>\n","protected":false},"author":6,"featured_media":6256,"parent":0,"menu_order":0,"comment_status":"closed","ping_status":"closed","template":"LearningContentPage.php","meta":{"_acf_changed":false,"footnotes":""},"class_list":["post-91249","page","type-page","status-publish","has-post-thumbnail","hentry"],"acf":[],"yoast_head":"<!-- This site is optimized with the Yoast SEO Premium plugin v27.2 (Yoast SEO v27.2) - https:\/\/yoast.com\/product\/yoast-seo-premium-wordpress\/ -->\n<title>Saksan kielioppiharjoitukset - Talkpal<\/title>\n<meta name=\"description\" content=\"Paranna saksan kielioppia k\u00e4yt\u00e4nn\u00f6n harjoituksilla - paranna nopeasti, harjoittele vuorovaikutteisesti ja hanki kielellist\u00e4 varmuutta k\u00e4ytt\u00e4m\u00e4ll\u00e4 Talkpal AI.\" \/>\n<meta name=\"robots\" content=\"index, follow, max-snippet:-1, max-image-preview:large, max-video-preview:-1\" \/>\n<link rel=\"canonical\" href=\"https:\/\/talkpal.ai\/fi\/saksan-kielioppiharjoitukset\/\" \/>\n<meta property=\"og:locale\" content=\"fi_FI\" \/>\n<meta property=\"og:type\" content=\"article\" \/>\n<meta property=\"og:title\" content=\"Saksan kielioppiharjoitukset\" \/>\n<meta property=\"og:description\" content=\"Saksan kieliopin aiheet Uuden kielen oppiminen voi olla pelottava teht\u00e4v\u00e4, mutta oikealla l\u00e4hestymistavalla se voi olla j\u00e4nnitt\u00e4v\u00e4 ja palkitseva kokemus.\" \/>\n<meta property=\"og:url\" content=\"https:\/\/talkpal.ai\/fi\/saksan-kielioppiharjoitukset\/\" \/>\n<meta property=\"og:site_name\" content=\"Talkpal\" \/>\n<meta property=\"article:publisher\" content=\"https:\/\/www.facebook.com\/profile.php?id=100090733639311\" \/>\n<meta property=\"article:modified_time\" content=\"2025-12-17T16:12:27+00:00\" \/>\n<meta property=\"og:image\" content=\"https:\/\/talkpal.ai\/wp-content\/uploads\/2023\/03\/germany.png\" \/>\n\t<meta property=\"og:image:width\" content=\"512\" \/>\n\t<meta property=\"og:image:height\" content=\"512\" \/>\n\t<meta property=\"og:image:type\" content=\"image\/png\" \/>\n<meta name=\"twitter:card\" content=\"summary_large_image\" \/>\n<meta name=\"twitter:site\" content=\"@talkpalai\" \/>\n<meta name=\"twitter:label1\" content=\"Arvioitu lukuaika\" \/>\n\t<meta name=\"twitter:data1\" content=\"2 minuuttia\" \/>\n<script type=\"application\/ld+json\" class=\"yoast-schema-graph\">{\"@context\":\"https:\/\/schema.org\",\"@graph\":[{\"@type\":\"WebPage\",\"@id\":\"https:\/\/talkpal.ai\/fi\/saksan-kielioppiharjoitukset\/\",\"url\":\"https:\/\/talkpal.ai\/fi\/saksan-kielioppiharjoitukset\/\",\"name\":\"Saksan kielioppiharjoitukset - Talkpal\",\"isPartOf\":{\"@id\":\"https:\/\/talkpal.ai\/fi\/#website\"},\"primaryImageOfPage\":{\"@id\":\"https:\/\/talkpal.ai\/fi\/saksan-kielioppiharjoitukset\/#primaryimage\"},\"image\":{\"@id\":\"https:\/\/talkpal.ai\/fi\/saksan-kielioppiharjoitukset\/#primaryimage\"},\"thumbnailUrl\":\"https:\/\/talkpal.ai\/wp-content\/uploads\/2023\/03\/germany.png\",\"datePublished\":\"2023-06-16T09:14:18+00:00\",\"dateModified\":\"2025-12-17T16:12:27+00:00\",\"description\":\"Paranna saksan kielioppia k\u00e4yt\u00e4nn\u00f6n harjoituksilla - paranna nopeasti, harjoittele vuorovaikutteisesti ja hanki kielellist\u00e4 varmuutta k\u00e4ytt\u00e4m\u00e4ll\u00e4 Talkpal AI.\",\"breadcrumb\":{\"@id\":\"https:\/\/talkpal.ai\/fi\/saksan-kielioppiharjoitukset\/#breadcrumb\"},\"inLanguage\":\"fi\",\"potentialAction\":[{\"@type\":\"ReadAction\",\"target\":[\"https:\/\/talkpal.ai\/fi\/saksan-kielioppiharjoitukset\/\"]}]},{\"@type\":\"ImageObject\",\"inLanguage\":\"fi\",\"@id\":\"https:\/\/talkpal.ai\/fi\/saksan-kielioppiharjoitukset\/#primaryimage\",\"url\":\"https:\/\/talkpal.ai\/wp-content\/uploads\/2023\/03\/germany.png\",\"contentUrl\":\"https:\/\/talkpal.ai\/wp-content\/uploads\/2023\/03\/germany.png\",\"width\":512,\"height\":512,\"caption\":\"TalkPal AI learn German\"},{\"@type\":\"BreadcrumbList\",\"@id\":\"https:\/\/talkpal.ai\/fi\/saksan-kielioppiharjoitukset\/#breadcrumb\",\"itemListElement\":[{\"@type\":\"ListItem\",\"position\":1,\"name\":\"Homepage\",\"item\":\"https:\/\/talkpal.ai\/fi\/\"},{\"@type\":\"ListItem\",\"position\":2,\"name\":\"Saksan kielioppiharjoitukset\"}]},{\"@type\":\"WebSite\",\"@id\":\"https:\/\/talkpal.ai\/fi\/#website\",\"url\":\"https:\/\/talkpal.ai\/fi\/\",\"name\":\"Talkpal\",\"description\":\"AI Language Learning\",\"publisher\":{\"@id\":\"https:\/\/talkpal.ai\/fi\/#organization\"},\"alternateName\":\"Talkpal AI\",\"potentialAction\":[{\"@type\":\"SearchAction\",\"target\":{\"@type\":\"EntryPoint\",\"urlTemplate\":\"https:\/\/talkpal.ai\/fi\/?s={search_term_string}\"},\"query-input\":{\"@type\":\"PropertyValueSpecification\",\"valueRequired\":true,\"valueName\":\"search_term_string\"}}],\"inLanguage\":\"fi\"},{\"@type\":\"Organization\",\"@id\":\"https:\/\/talkpal.ai\/fi\/#organization\",\"name\":\"Talkpal, Inc.\",\"alternateName\":\"Talkpal AI\",\"url\":\"https:\/\/talkpal.ai\/fi\/\",\"logo\":{\"@type\":\"ImageObject\",\"inLanguage\":\"fi\",\"@id\":\"https:\/\/talkpal.ai\/fi\/#\/schema\/logo\/image\/\",\"url\":\"https:\/\/talkpal.ai\/wp-content\/uploads\/2024\/03\/Talkpal-Logo-Icon.png\",\"contentUrl\":\"https:\/\/talkpal.ai\/wp-content\/uploads\/2024\/03\/Talkpal-Logo-Icon.png\",\"width\":2880,\"height\":2880,\"caption\":\"Talkpal, Inc.\"},\"image\":{\"@id\":\"https:\/\/talkpal.ai\/fi\/#\/schema\/logo\/image\/\"},\"sameAs\":[\"https:\/\/www.facebook.com\/profile.php?id=100090733639311\",\"https:\/\/x.com\/talkpalai\",\"https:\/\/www.linkedin.com\/company\/talkpal\/\",\"https:\/\/www.youtube.com\/@TalkPal\/\",\"https:\/\/www.tiktok.com\/@talkpal\",\"https:\/\/www.instagram.com\/talkpal_ai\/\",\"https:\/\/www.crunchbase.com\/organization\/talkpal-9cde\",\"https:\/\/www.g2.com\/products\/talkpal-for-business\/\",\"https:\/\/www.trustpilot.com\/review\/talkpal.ai\",\"https:\/\/www.capterra.com\/p\/10006800\/TalkPal\/\"],\"description\":\"Talkpal is a language learning web and mobile education app, powered by the latest AI technologies, that provides engaging experiences to its customers in many different languages to help them improve their language skills. Users can chat about unlimited amount of topics with the app and use other modes to practice their language learning.\",\"email\":\"support@talkpal.ai\",\"legalName\":\"Talkpal, Inc.\",\"foundingDate\":\"2023-04-03\",\"duns\":\"118989042\",\"numberOfEmployees\":{\"@type\":\"QuantitativeValue\",\"minValue\":\"11\",\"maxValue\":\"50\"},\"publishingPrinciples\":\"https:\/\/talkpal.ai\/publishing-principles\/\",\"actionableFeedbackPolicy\":\"https:\/\/talkpal.ai\/actionable-feedback-policy\/\",\"correctionsPolicy\":\"https:\/\/talkpal.ai\/corrections-policy\/\",\"ethicsPolicy\":\"https:\/\/talkpal.ai\/ethics-policy\/\",\"diversityPolicy\":\"https:\/\/talkpal.ai\/diversity-policy\/\",\"diversityStaffingReport\":\"https:\/\/talkpal.ai\/diversity-policy\/\"}]}<\/script>\n<!-- \/ Yoast SEO Premium plugin. -->","yoast_head_json":{"title":"Saksan kielioppiharjoitukset - Talkpal","description":"Paranna saksan kielioppia k\u00e4yt\u00e4nn\u00f6n harjoituksilla - paranna nopeasti, harjoittele vuorovaikutteisesti ja hanki kielellist\u00e4 varmuutta k\u00e4ytt\u00e4m\u00e4ll\u00e4 Talkpal AI.","robots":{"index":"index","follow":"follow","max-snippet":"max-snippet:-1","max-image-preview":"max-image-preview:large","max-video-preview":"max-video-preview:-1"},"canonical":"https:\/\/talkpal.ai\/fi\/saksan-kielioppiharjoitukset\/","og_locale":"fi_FI","og_type":"article","og_title":"Saksan kielioppiharjoitukset","og_description":"Saksan kieliopin aiheet Uuden kielen oppiminen voi olla pelottava teht\u00e4v\u00e4, mutta oikealla l\u00e4hestymistavalla se voi olla j\u00e4nnitt\u00e4v\u00e4 ja palkitseva kokemus.","og_url":"https:\/\/talkpal.ai\/fi\/saksan-kielioppiharjoitukset\/","og_site_name":"Talkpal","article_publisher":"https:\/\/www.facebook.com\/profile.php?id=100090733639311","article_modified_time":"2025-12-17T16:12:27+00:00","og_image":[{"width":512,"height":512,"url":"https:\/\/talkpal.ai\/wp-content\/uploads\/2023\/03\/germany.png","type":"image\/png"}],"twitter_card":"summary_large_image","twitter_site":"@talkpalai","twitter_misc":{"Arvioitu lukuaika":"2 minuuttia"},"schema":{"@context":"https:\/\/schema.org","@graph":[{"@type":"WebPage","@id":"https:\/\/talkpal.ai\/fi\/saksan-kielioppiharjoitukset\/","url":"https:\/\/talkpal.ai\/fi\/saksan-kielioppiharjoitukset\/","name":"Saksan kielioppiharjoitukset - Talkpal","isPartOf":{"@id":"https:\/\/talkpal.ai\/fi\/#website"},"primaryImageOfPage":{"@id":"https:\/\/talkpal.ai\/fi\/saksan-kielioppiharjoitukset\/#primaryimage"},"image":{"@id":"https:\/\/talkpal.ai\/fi\/saksan-kielioppiharjoitukset\/#primaryimage"},"thumbnailUrl":"https:\/\/talkpal.ai\/wp-content\/uploads\/2023\/03\/germany.png","datePublished":"2023-06-16T09:14:18+00:00","dateModified":"2025-12-17T16:12:27+00:00","description":"Paranna saksan kielioppia k\u00e4yt\u00e4nn\u00f6n harjoituksilla - paranna nopeasti, harjoittele vuorovaikutteisesti ja hanki kielellist\u00e4 varmuutta k\u00e4ytt\u00e4m\u00e4ll\u00e4 Talkpal AI.","breadcrumb":{"@id":"https:\/\/talkpal.ai\/fi\/saksan-kielioppiharjoitukset\/#breadcrumb"},"inLanguage":"fi","potentialAction":[{"@type":"ReadAction","target":["https:\/\/talkpal.ai\/fi\/saksan-kielioppiharjoitukset\/"]}]},{"@type":"ImageObject","inLanguage":"fi","@id":"https:\/\/talkpal.ai\/fi\/saksan-kielioppiharjoitukset\/#primaryimage","url":"https:\/\/talkpal.ai\/wp-content\/uploads\/2023\/03\/germany.png","contentUrl":"https:\/\/talkpal.ai\/wp-content\/uploads\/2023\/03\/germany.png","width":512,"height":512,"caption":"TalkPal AI learn German"},{"@type":"BreadcrumbList","@id":"https:\/\/talkpal.ai\/fi\/saksan-kielioppiharjoitukset\/#breadcrumb","itemListElement":[{"@type":"ListItem","position":1,"name":"Homepage","item":"https:\/\/talkpal.ai\/fi\/"},{"@type":"ListItem","position":2,"name":"Saksan kielioppiharjoitukset"}]},{"@type":"WebSite","@id":"https:\/\/talkpal.ai\/fi\/#website","url":"https:\/\/talkpal.ai\/fi\/","name":"Talkpal","description":"AI Language Learning","publisher":{"@id":"https:\/\/talkpal.ai\/fi\/#organization"},"alternateName":"Talkpal AI","potentialAction":[{"@type":"SearchAction","target":{"@type":"EntryPoint","urlTemplate":"https:\/\/talkpal.ai\/fi\/?s={search_term_string}"},"query-input":{"@type":"PropertyValueSpecification","valueRequired":true,"valueName":"search_term_string"}}],"inLanguage":"fi"},{"@type":"Organization","@id":"https:\/\/talkpal.ai\/fi\/#organization","name":"Talkpal, Inc.","alternateName":"Talkpal AI","url":"https:\/\/talkpal.ai\/fi\/","logo":{"@type":"ImageObject","inLanguage":"fi","@id":"https:\/\/talkpal.ai\/fi\/#\/schema\/logo\/image\/","url":"https:\/\/talkpal.ai\/wp-content\/uploads\/2024\/03\/Talkpal-Logo-Icon.png","contentUrl":"https:\/\/talkpal.ai\/wp-content\/uploads\/2024\/03\/Talkpal-Logo-Icon.png","width":2880,"height":2880,"caption":"Talkpal, Inc."},"image":{"@id":"https:\/\/talkpal.ai\/fi\/#\/schema\/logo\/image\/"},"sameAs":["https:\/\/www.facebook.com\/profile.php?id=100090733639311","https:\/\/x.com\/talkpalai","https:\/\/www.linkedin.com\/company\/talkpal\/","https:\/\/www.youtube.com\/@TalkPal\/","https:\/\/www.tiktok.com\/@talkpal","https:\/\/www.instagram.com\/talkpal_ai\/","https:\/\/www.crunchbase.com\/organization\/talkpal-9cde","https:\/\/www.g2.com\/products\/talkpal-for-business\/","https:\/\/www.trustpilot.com\/review\/talkpal.ai","https:\/\/www.capterra.com\/p\/10006800\/TalkPal\/"],"description":"Talkpal is a language learning web and mobile education app, powered by the latest AI technologies, that provides engaging experiences to its customers in many different languages to help them improve their language skills. Users can chat about unlimited amount of topics with the app and use other modes to practice their language learning.","email":"support@talkpal.ai","legalName":"Talkpal, Inc.","foundingDate":"2023-04-03","duns":"118989042","numberOfEmployees":{"@type":"QuantitativeValue","minValue":"11","maxValue":"50"},"publishingPrinciples":"https:\/\/talkpal.ai\/publishing-principles\/","actionableFeedbackPolicy":"https:\/\/talkpal.ai\/actionable-feedback-policy\/","correctionsPolicy":"https:\/\/talkpal.ai\/corrections-policy\/","ethicsPolicy":"https:\/\/talkpal.ai\/ethics-policy\/","diversityPolicy":"https:\/\/talkpal.ai\/diversity-policy\/","diversityStaffingReport":"https:\/\/talkpal.ai\/diversity-policy\/"}]}},"_links":{"self":[{"href":"https:\/\/talkpal.ai\/fi\/wp-json\/wp\/v2\/pages\/91249","targetHints":{"allow":["GET"]}}],"collection":[{"href":"https:\/\/talkpal.ai\/fi\/wp-json\/wp\/v2\/pages"}],"about":[{"href":"https:\/\/talkpal.ai\/fi\/wp-json\/wp\/v2\/types\/page"}],"author":[{"embeddable":true,"href":"https:\/\/talkpal.ai\/fi\/wp-json\/wp\/v2\/users\/6"}],"replies":[{"embeddable":true,"href":"https:\/\/talkpal.ai\/fi\/wp-json\/wp\/v2\/comments?post=91249"}],"version-history":[{"count":0,"href":"https:\/\/talkpal.ai\/fi\/wp-json\/wp\/v2\/pages\/91249\/revisions"}],"wp:featuredmedia":[{"embeddable":true,"href":"https:\/\/talkpal.ai\/fi\/wp-json\/wp\/v2\/media\/6256"}],"wp:attachment":[{"href":"https:\/\/talkpal.ai\/fi\/wp-json\/wp\/v2\/media?parent=91249"}],"curies":[{"name":"wp","href":"https:\/\/api.w.org\/{rel}","templated":true}]}}