{"id":74996,"date":"2023-05-14T13:50:21","date_gmt":"2023-05-14T13:50:21","guid":{"rendered":"http:\/\/talkpal.ai\/suomen-kielioppi\/"},"modified":"2025-12-11T17:00:56","modified_gmt":"2025-12-11T17:00:56","slug":"suomen-kielioppi","status":"publish","type":"page","link":"https:\/\/talkpal.ai\/fi\/suomen-kielioppi\/","title":{"rendered":"Suomen kielioppi"},"content":{"rendered":"\r\n\r\n\r\n<section class=\"languageChallengeSection\">\r\n    <div class=\"languageInfoWrapper\">\r\n        \r\n        <h1>Suomen kielioppi<\/h1>\r\n        <p>Oletko valmis tutustumaan <a href=\"https:\/\/talkpal.ai\/learn-finnish\/\">suomen<\/a> kielen salaisuuksiin? Sukella suomen kielioppiin, joka on kuuluisa loogisesta rakenteestaan, vokaaliharmoniastaan ja vaikuttavasta tapausten kirjosta. Aloita opiskelu jo t\u00e4n\u00e4\u00e4n &#8211; suomen kieliopin hallitseminen antaa sinulle itsevarmuutta puhua ja keskustella ja avaa samalla oven Suomen rikkaaseen kulttuuriin ja perinteisiin!<\/p>\r\n\r\n                            <a class=\"getStartedHidden\" href=\"https:\/\/app.talkpal.ai\/fi\/signup?lng=\">Aloita<\/a>\r\n        \r\n    <\/div>\r\n\r\n    <figure>\r\n    <img decoding=\"async\" width=\"768\" height=\"768\" src=\"https:\/\/talkpal.ai\/wp-content\/uploads\/2023\/06\/Finnish-768x768.png\" class=\"languageImage no-lazy\" alt=\"Default alt text\" fetchpriority=\"high\" sizes=\"(max-width: 768px) 150px, 768px\" srcset=\"https:\/\/talkpal.ai\/wp-content\/uploads\/2023\/06\/Finnish-768x768.png 768w, https:\/\/talkpal.ai\/wp-content\/uploads\/2023\/06\/Finnish-300x300.png 300w\" \/>\r\n    \r\n\r\n    <\/figure>\r\n\r\n            <a class=\"getStartedVisible\" href=\"https:\/\/app.talkpal.ai\/fi\/signup?lng=\">Aloita<\/a>\r\n    \r\n<\/section>\r\n        <section class=\"grammarSection\">\r\n            <div class=\"grammarLinks\">\r\n                <a href=\"https:\/\/talkpal.ai\/fi\/language\/adjektiivit-suomen-kielioppi\/\">Adjektiivit <\/a><a href=\"https:\/\/talkpal.ai\/fi\/language\/adverbit-suomen-kielioppi\/\">Adverbit <\/a><a href=\"https:\/\/talkpal.ai\/fi\/language\/aikamuodot-imperatiivi-suomen-kielioppi\/\">Aikamuodot Imperatiivi <\/a><a href=\"https:\/\/talkpal.ai\/fi\/language\/aikamuotojen-potentiaali-suomen-kielioppi\/\">Aikamuotojen potentiaali <\/a><a href=\"https:\/\/talkpal.ai\/fi\/language\/aikamuotojen-vertailu-suomen-kielioppi\/\">Aikamuotojen vertailu <\/a><a href=\"https:\/\/talkpal.ai\/fi\/language\/artikkelit-suomen-kielioppi\/\">Artikkelit <\/a><a href=\"https:\/\/talkpal.ai\/fi\/language\/indikatiiviset-aikamuodot-suomen-kielioppi\/\">Indikatiiviset aikamuodot <\/a><a href=\"https:\/\/talkpal.ai\/fi\/language\/lauserakenne-suomen-kielioppi\/\">Lauserakenne <\/a><a href=\"https:\/\/talkpal.ai\/fi\/language\/postpositiot-suomen-kielioppi\/\">Postpositiot <\/a><a href=\"https:\/\/talkpal.ai\/fi\/language\/substantiivit-suomen-kielioppi\/\">Substantiivit <\/a><a href=\"https:\/\/talkpal.ai\/fi\/language\/verbit-suomen-kielioppi\/\">Verbit <\/a>            <\/div>\r\n        <\/section>\r\n    <section class=\"promotionalBanner\">\r\n    <p class=\"promotionalText\">Tehokkain tapa oppia kielt\u00e4<\/p>\r\n    <a class=\"promotionalLink\" href=\"https:\/\/app.talkpal.ai\/fi\/signup?lng=\">Kokeile Talkpal ilmaiseksi<\/a>\r\n<\/section>\n<div class=\"wp-block-group pageContainerStyle\"><div class=\"wp-block-group__inner-container is-layout-constrained wp-block-group-is-layout-constrained\">\n<h2 class=\"wp-block-heading\" id=\"h-finnish-grammar-a-guide-to-mastering-the-complexities-of-the-finnish-language\">Suomen kielioppi: opas suomen kielen monimutkaisuuden hallintaan<\/h2>\n\n\n\n<p><a href=\"https:\/\/talkpal.ai\/learn-finnish\/\">Suomi<\/a>, ainutlaatuinen ja kiehtova kieli, jota puhuu noin 5 miljoonaa ihmist\u00e4, tunnetaan monimutkaisuudestaan ja erottuvasta kielioppij\u00e4rjestelm\u00e4st\u00e4. Ensi silm\u00e4yksell\u00e4 suomen kieliopin s\u00e4\u00e4nn\u00f6t ja rakenteet saattavat vaikuttaa pelottavilta, mutta \u00e4l\u00e4 pelk\u00e4\u00e4! K\u00e4rsiv\u00e4llisyydell\u00e4, harjoittelulla ja opastuksella voit paljastaa suomen kieliopin mysteerej\u00e4 ja parantaa kielitaitoasi. T\u00e4ss\u00e4 artikkelissa luomme yleiskatsauksen suomen kielen kielioppiin ja annamme vinkkej\u00e4, joiden avulla oppimismatkasi sujuu helpommin.<\/p>\n\n\n\n<h3 class=\"wp-block-heading\" id=\"h-the-basics-of-finnish-grammar\">Suomen kieliopin perusteet:<\/h3>\n\n\n\n<p>Suomen kieliopille, joka eroaa huomattavasti englannin kieliopista, on ominaista runsas kirjainten k\u00e4ytt\u00f6, kieliopillisen sukupuolen puute ja ainutlaatuinen verbitaivutusj\u00e4rjestelm\u00e4. T\u00e4ss\u00e4 on joitain suomen kieliopin olennaisia n\u00e4k\u00f6kohtia, jotka sinun tulisi tuntea:<\/p>\n\n\n\n<p>1. Substantiivitapaukset: Suomen kieless\u00e4 on 15 substantiivitapausta, jotka tarkoittavat <strong>substantiivin<\/strong> ja lauseen muiden osien v\u00e4list\u00e4 suhdetta. Jokaisella substantiivitapauksella on tietty loppu, joka liitet\u00e4\u00e4n substantiivin vartaloon. Muutamia esimerkkej\u00e4 substantiivitapauksista ovat nominatiivi, genetiivi, akkusatiivi ja partitiivi.<\/p>\n\n\n\n<p><strong>2. Ei kieliopillista<\/strong> sukupuolta: Toisin kuin monissa kieliss\u00e4, suomessa substantiiveille ei anneta sukupuolta. Sen sijaan kieless\u00e4 k\u00e4ytet\u00e4\u00e4n yht\u00e4 sanaa &#8211; h\u00e4n &#8211; viittaamaan sek\u00e4 &#8221;h\u00e4neen&#8221; ett\u00e4 &#8221;naiseen&#8221;. T\u00e4m\u00e4 ominaisuus helpottaa suomen kielen oppimista ja poistaa tarpeen opetella ulkoa sukupuolittuneita artikkeleita <a href=\"https:\/\/talkpal.ai\/learn-thai\/\">tai<\/a> pronominimuotoja.<\/p>\n\n\n\n<p><strong>3. Verbitaivutus:<\/strong> Suomen verbit taivutetaan aikamuodon, mielialan ja \u00e4\u00e4nen perusteella. Suomen kieless\u00e4 on nelj\u00e4 verbien aikamuotoa: preesens, mennyt, perfekti ja pluperfekti. Lis\u00e4ksi suomen verbeiss\u00e4 on viisi tunnelmaa: indikatiivi, konditionaali, potentiaalinen, imperatiivi ja eventiivi.<\/p>\n\n\n\n<p><strong>4. Vokaaliharmonia<\/strong> : Suomen kieless\u00e4 vokaalit jaetaan kolmeen ryhm\u00e4\u00e4n: edess\u00e4 (\u00e4, \u00f6, y), takana (a, o, u) ja neutraalissa (i, e). Vokaaliharmonian vuoksi etu- ja takavokaalit eiv\u00e4t yleens\u00e4 voi esiinty\u00e4 samassa sanassa, lukuun ottamatta yhdyssanoja ja joitakin lainasanoja.<\/p>\n\n\n\n<h3 class=\"wp-block-heading\" id=\"h-strategies-for-learning-finnish-grammar\">Strategioita suomen kieliopin oppimiseen:<\/h3>\n\n\n\n<p>Suomen kielen kieliopin ymm\u00e4rt\u00e4minen voi tuntua ylivoimaiselta, mutta oikealla asenteella ja oppimisstrategioilla p\u00e4\u00e4set siit\u00e4 jyv\u00e4lle. T\u00e4ss\u00e4 on muutamia hy\u00f6dyllisi\u00e4 vinkkej\u00e4 tutkimuksesi ohjaamiseksi:<\/p>\n\n\n\n<p><strong>1. Ota pieni\u00e4 askeleita:<\/strong> Aloita suomen kieliopin perusteista, kuten substantiivien alkumuodoista ja verbitaivutuksesta. Jakamalla monimutkaiset s\u00e4\u00e4nn\u00f6t pienempiin, helposti omaksuttaviin osiin voit edet\u00e4 tasaisesti ja rakentaa vahvan perustan.<\/p>\n\n\n\n<p><strong>2. Harjoittele s\u00e4\u00e4nn\u00f6llisesti:<\/strong> Johdonmukaisuus on avainasemassa kielen oppimisessa. Varaa joka p\u00e4iv\u00e4 tai viikko aikaa kieliopin harjoitteluun harjoittelemalla, lukemalla ja kirjoittamalla suomeksi.<\/p>\n\n\n\n<p><strong>3. K\u00e4yt\u00e4 natiiviresursseja:<\/strong> Saadaksesi paremman k\u00e4sityksen suomen kieliopista kontekstissa, uppoudu natiivimateriaaleihin, kuten kirjallisuuteen, uutisartikkeleihin ja podcasteihin. T\u00e4m\u00e4 auttaa sinua sis\u00e4ist\u00e4m\u00e4\u00e4n s\u00e4\u00e4nn\u00f6t ja parantamaan kuuntelu- ja lukutaitojasi.<\/p>\n\n\n\n<p><strong>4. Pid\u00e4 yhteytt\u00e4 syntyper\u00e4isiin puhujiin: Keskustelu syntyper\u00e4isten<\/strong> suomenkielisten kanssa on erinomainen tapa harjoitella kielioppia ja saada arvokasta palautetta. Harkitse liittymist\u00e4 kielenvaihtoryhmiin tai online-foorumeihin, joissa voit olla yhteydess\u00e4 suomea puhuviin ihmisiin.<\/p>\n\n\n\n<p><strong>5. Ole k\u00e4rsiv\u00e4llinen ja sinnik\u00e4s:<\/strong> K\u00e4rsiv\u00e4llisyydell\u00e4 ja omistautumisella voit kuitenkin avata sen koukerot ja oppia kielen taidokkaasti.<\/p>\n\n\n\n<h3 class=\"wp-block-heading\" id=\"h-conclusion\">Johtop\u00e4\u00e4t\u00f6kset:<\/h3>\n\n\n\n<p>Suomen kieliopin maailma, vaikkakin monimutkainen, on kiehtova maailma, joka voidaan purkaa p\u00e4\u00e4tt\u00e4v\u00e4isyydell\u00e4 ja harjoittelulla. Tutustumalla suomen kielen kieliopin keskeisiin elementteihin ja noudattamalla oppimisstrategioitamme, tasoitat tiet\u00e4 kohti sujuvuutta ja t\u00e4m\u00e4n kiehtovan kielen syvemp\u00e4\u00e4 arvostusta. Sukella siis suomen kieliopin kiemuroihin positiivisella asenteella, ja ennen kuin huomaatkaan, navigoit itsevarmasti suomen kielen kielimaisemissa!<\/p>\n<\/div><\/div>\n\r\n<section class=\"learnNavigationSection\">\r\n            \r\n        <a href=\"https:\/\/talkpal.ai\/fi\/opi-suomea\/\">\r\n            <div class=\"learnNavigationWrapper\">\r\n                <div class=\"learnNavigationContent\">\r\n                    <img decoding=\"async\" src=\"https:\/\/talkpal.ai\/wp-content\/uploads\/2024\/08\/Finnish.jpg\" alt=\"Finnish Flag\">\r\n                    <div>\r\n                        <h4>Tietoa suomalaisesta oppimisesta<\/h4>\r\n                        <p>Tutustu suomen kielioppiin.<\/p>\r\n                    <\/div>\r\n                <\/div>\r\n            <\/div>\r\n        <\/a>\r\n\r\n        \r\n        <a href=\"https:\/\/talkpal.ai\/fi\/suomen-kielioppiharjoituksia\/\">\r\n            <div class=\"learnNavigationWrapper\">\r\n                <div class=\"learnNavigationContent\">\r\n                    <img decoding=\"async\" src=\"https:\/\/talkpal.ai\/wp-content\/uploads\/2024\/08\/Finnish.jpg\" alt=\"Finnish Flag\">\r\n                    <div>\r\n                        <h4>Suomen kielioppiharjoitus<\/h4>\r\n                        <p>Harjoittele suomen kielioppia.<\/p>\r\n                    <\/div>\r\n                <\/div>\r\n            <\/div>\r\n        <\/a>\r\n\r\n        \r\n        <a href=\"https:\/\/talkpal.ai\/vocabulary_language\/finnish\/\">\r\n            <div class=\"learnNavigationWrapper\">\r\n                <div class=\"learnNavigationContent\">\r\n                    <img decoding=\"async\" src=\"https:\/\/talkpal.ai\/wp-content\/uploads\/2024\/08\/Finnish.jpg\" alt=\"Finnish Flag\">\r\n                    <div>\r\n                        <h4>Suomen sanasto<\/h4>\r\n                        <p>Laajenna suomen kielen sanavarastoasi.<\/p>\r\n                    <\/div>\r\n                <\/div>\r\n            <\/div>\r\n        <\/a>\r\n\r\n            <\/section>","protected":false},"excerpt":{"rendered":"<p>Suomen kielioppi: opas suomen kielen monimutkaisuuden hallintaan Suomi, ainutlaatuinen ja kiehtova kieli, jota puhuu noin 5 miljoonaa ihmist\u00e4, tunnetaan monimutkaisuudestaan ja erottuvasta kielioppij\u00e4rjestelm\u00e4st\u00e4. Ensi silm\u00e4yksell\u00e4 suomen kieliopin s\u00e4\u00e4nn\u00f6t ja rakenteet saattavat vaikuttaa pelottavilta, mutta \u00e4l\u00e4 pelk\u00e4\u00e4! K\u00e4rsiv\u00e4llisyydell\u00e4, harjoittelulla ja opastuksella voit paljastaa suomen kieliopin mysteerej\u00e4 ja parantaa kielitaitoasi. T\u00e4ss\u00e4 artikkelissa luomme yleiskatsauksen suomen kielen kielioppiin [&hellip;]<\/p>\n","protected":false},"author":1,"featured_media":11564,"parent":0,"menu_order":0,"comment_status":"closed","ping_status":"closed","template":"LearningContentPage.php","meta":{"_acf_changed":false,"footnotes":""},"class_list":["post-74996","page","type-page","status-publish","has-post-thumbnail","hentry"],"acf":[],"yoast_head":"<!-- This site is optimized with the Yoast SEO Premium plugin v27.2 (Yoast SEO v27.2) - https:\/\/yoast.com\/product\/yoast-seo-premium-wordpress\/ -->\n<title>Suomen kielioppi - Talkpal<\/title>\n<meta name=\"description\" content=\"Opi suomen kielen kieliopin keskeiset osat, kuten tapaukset, verbit, lauserakenne ja \u00e4\u00e4nt\u00e4misvinkkej\u00e4 suomen kielen hallitsemiseksi.\" \/>\n<meta name=\"robots\" content=\"index, follow, max-snippet:-1, max-image-preview:large, max-video-preview:-1\" \/>\n<link rel=\"canonical\" href=\"https:\/\/talkpal.ai\/fi\/suomen-kielioppi\/\" \/>\n<meta property=\"og:locale\" content=\"fi_FI\" \/>\n<meta property=\"og:type\" content=\"article\" \/>\n<meta property=\"og:title\" content=\"Suomen kielioppi\" \/>\n<meta property=\"og:description\" content=\"Suomen kielioppi: opas suomen kielen monimutkaisuuden hallintaan Suomi, ainutlaatuinen ja kiehtova kieli, jota puhuu noin 5 miljoonaa ihmist\u00e4, tunnetaan\" \/>\n<meta property=\"og:url\" content=\"https:\/\/talkpal.ai\/fi\/suomen-kielioppi\/\" \/>\n<meta property=\"og:site_name\" content=\"Talkpal\" \/>\n<meta property=\"article:publisher\" content=\"https:\/\/www.facebook.com\/profile.php?id=100090733639311\" \/>\n<meta property=\"article:modified_time\" content=\"2025-12-11T17:00:56+00:00\" \/>\n<meta property=\"og:image\" content=\"https:\/\/talkpal.ai\/wp-content\/uploads\/2023\/04\/finland.png\" \/>\n\t<meta property=\"og:image:width\" content=\"512\" \/>\n\t<meta property=\"og:image:height\" content=\"512\" \/>\n\t<meta property=\"og:image:type\" content=\"image\/png\" \/>\n<meta name=\"twitter:card\" content=\"summary_large_image\" \/>\n<meta name=\"twitter:site\" content=\"@talkpalai\" \/>\n<meta name=\"twitter:label1\" content=\"Arvioitu lukuaika\" \/>\n\t<meta name=\"twitter:data1\" content=\"2 minuuttia\" \/>\n<script type=\"application\/ld+json\" class=\"yoast-schema-graph\">{\"@context\":\"https:\/\/schema.org\",\"@graph\":[{\"@type\":\"WebPage\",\"@id\":\"https:\/\/talkpal.ai\/fi\/suomen-kielioppi\/\",\"url\":\"https:\/\/talkpal.ai\/fi\/suomen-kielioppi\/\",\"name\":\"Suomen kielioppi - Talkpal\",\"isPartOf\":{\"@id\":\"https:\/\/talkpal.ai\/fi\/#website\"},\"primaryImageOfPage\":{\"@id\":\"https:\/\/talkpal.ai\/fi\/suomen-kielioppi\/#primaryimage\"},\"image\":{\"@id\":\"https:\/\/talkpal.ai\/fi\/suomen-kielioppi\/#primaryimage\"},\"thumbnailUrl\":\"https:\/\/talkpal.ai\/wp-content\/uploads\/2023\/04\/finland.png\",\"datePublished\":\"2023-05-14T13:50:21+00:00\",\"dateModified\":\"2025-12-11T17:00:56+00:00\",\"description\":\"Opi suomen kielen kieliopin keskeiset osat, kuten tapaukset, verbit, lauserakenne ja \u00e4\u00e4nt\u00e4misvinkkej\u00e4 suomen kielen hallitsemiseksi.\",\"breadcrumb\":{\"@id\":\"https:\/\/talkpal.ai\/fi\/suomen-kielioppi\/#breadcrumb\"},\"inLanguage\":\"fi\",\"potentialAction\":[{\"@type\":\"ReadAction\",\"target\":[\"https:\/\/talkpal.ai\/fi\/suomen-kielioppi\/\"]}]},{\"@type\":\"ImageObject\",\"inLanguage\":\"fi\",\"@id\":\"https:\/\/talkpal.ai\/fi\/suomen-kielioppi\/#primaryimage\",\"url\":\"https:\/\/talkpal.ai\/wp-content\/uploads\/2023\/04\/finland.png\",\"contentUrl\":\"https:\/\/talkpal.ai\/wp-content\/uploads\/2023\/04\/finland.png\",\"width\":512,\"height\":512,\"caption\":\"TalkPal finland Flag\"},{\"@type\":\"BreadcrumbList\",\"@id\":\"https:\/\/talkpal.ai\/fi\/suomen-kielioppi\/#breadcrumb\",\"itemListElement\":[{\"@type\":\"ListItem\",\"position\":1,\"name\":\"Homepage\",\"item\":\"https:\/\/talkpal.ai\/fi\/\"},{\"@type\":\"ListItem\",\"position\":2,\"name\":\"Suomen kielioppi\"}]},{\"@type\":\"WebSite\",\"@id\":\"https:\/\/talkpal.ai\/fi\/#website\",\"url\":\"https:\/\/talkpal.ai\/fi\/\",\"name\":\"Talkpal\",\"description\":\"AI Language Learning\",\"publisher\":{\"@id\":\"https:\/\/talkpal.ai\/fi\/#organization\"},\"alternateName\":\"Talkpal AI\",\"potentialAction\":[{\"@type\":\"SearchAction\",\"target\":{\"@type\":\"EntryPoint\",\"urlTemplate\":\"https:\/\/talkpal.ai\/fi\/?s={search_term_string}\"},\"query-input\":{\"@type\":\"PropertyValueSpecification\",\"valueRequired\":true,\"valueName\":\"search_term_string\"}}],\"inLanguage\":\"fi\"},{\"@type\":\"Organization\",\"@id\":\"https:\/\/talkpal.ai\/fi\/#organization\",\"name\":\"Talkpal, Inc.\",\"alternateName\":\"Talkpal AI\",\"url\":\"https:\/\/talkpal.ai\/fi\/\",\"logo\":{\"@type\":\"ImageObject\",\"inLanguage\":\"fi\",\"@id\":\"https:\/\/talkpal.ai\/fi\/#\/schema\/logo\/image\/\",\"url\":\"https:\/\/talkpal.ai\/wp-content\/uploads\/2024\/03\/Talkpal-Logo-Icon.png\",\"contentUrl\":\"https:\/\/talkpal.ai\/wp-content\/uploads\/2024\/03\/Talkpal-Logo-Icon.png\",\"width\":2880,\"height\":2880,\"caption\":\"Talkpal, Inc.\"},\"image\":{\"@id\":\"https:\/\/talkpal.ai\/fi\/#\/schema\/logo\/image\/\"},\"sameAs\":[\"https:\/\/www.facebook.com\/profile.php?id=100090733639311\",\"https:\/\/x.com\/talkpalai\",\"https:\/\/www.linkedin.com\/company\/talkpal\/\",\"https:\/\/www.youtube.com\/@TalkPal\/\",\"https:\/\/www.tiktok.com\/@talkpal\",\"https:\/\/www.instagram.com\/talkpal_ai\/\",\"https:\/\/www.crunchbase.com\/organization\/talkpal-9cde\",\"https:\/\/www.g2.com\/products\/talkpal-for-business\/\",\"https:\/\/www.trustpilot.com\/review\/talkpal.ai\",\"https:\/\/www.capterra.com\/p\/10006800\/TalkPal\/\"],\"description\":\"Talkpal is a language learning web and mobile education app, powered by the latest AI technologies, that provides engaging experiences to its customers in many different languages to help them improve their language skills. Users can chat about unlimited amount of topics with the app and use other modes to practice their language learning.\",\"email\":\"support@talkpal.ai\",\"legalName\":\"Talkpal, Inc.\",\"foundingDate\":\"2023-04-03\",\"duns\":\"118989042\",\"numberOfEmployees\":{\"@type\":\"QuantitativeValue\",\"minValue\":\"11\",\"maxValue\":\"50\"},\"publishingPrinciples\":\"https:\/\/talkpal.ai\/publishing-principles\/\",\"actionableFeedbackPolicy\":\"https:\/\/talkpal.ai\/actionable-feedback-policy\/\",\"correctionsPolicy\":\"https:\/\/talkpal.ai\/corrections-policy\/\",\"ethicsPolicy\":\"https:\/\/talkpal.ai\/ethics-policy\/\",\"diversityPolicy\":\"https:\/\/talkpal.ai\/diversity-policy\/\",\"diversityStaffingReport\":\"https:\/\/talkpal.ai\/diversity-policy\/\"}]}<\/script>\n<!-- \/ Yoast SEO Premium plugin. -->","yoast_head_json":{"title":"Suomen kielioppi - Talkpal","description":"Opi suomen kielen kieliopin keskeiset osat, kuten tapaukset, verbit, lauserakenne ja \u00e4\u00e4nt\u00e4misvinkkej\u00e4 suomen kielen hallitsemiseksi.","robots":{"index":"index","follow":"follow","max-snippet":"max-snippet:-1","max-image-preview":"max-image-preview:large","max-video-preview":"max-video-preview:-1"},"canonical":"https:\/\/talkpal.ai\/fi\/suomen-kielioppi\/","og_locale":"fi_FI","og_type":"article","og_title":"Suomen kielioppi","og_description":"Suomen kielioppi: opas suomen kielen monimutkaisuuden hallintaan Suomi, ainutlaatuinen ja kiehtova kieli, jota puhuu noin 5 miljoonaa ihmist\u00e4, tunnetaan","og_url":"https:\/\/talkpal.ai\/fi\/suomen-kielioppi\/","og_site_name":"Talkpal","article_publisher":"https:\/\/www.facebook.com\/profile.php?id=100090733639311","article_modified_time":"2025-12-11T17:00:56+00:00","og_image":[{"width":512,"height":512,"url":"https:\/\/talkpal.ai\/wp-content\/uploads\/2023\/04\/finland.png","type":"image\/png"}],"twitter_card":"summary_large_image","twitter_site":"@talkpalai","twitter_misc":{"Arvioitu lukuaika":"2 minuuttia"},"schema":{"@context":"https:\/\/schema.org","@graph":[{"@type":"WebPage","@id":"https:\/\/talkpal.ai\/fi\/suomen-kielioppi\/","url":"https:\/\/talkpal.ai\/fi\/suomen-kielioppi\/","name":"Suomen kielioppi - Talkpal","isPartOf":{"@id":"https:\/\/talkpal.ai\/fi\/#website"},"primaryImageOfPage":{"@id":"https:\/\/talkpal.ai\/fi\/suomen-kielioppi\/#primaryimage"},"image":{"@id":"https:\/\/talkpal.ai\/fi\/suomen-kielioppi\/#primaryimage"},"thumbnailUrl":"https:\/\/talkpal.ai\/wp-content\/uploads\/2023\/04\/finland.png","datePublished":"2023-05-14T13:50:21+00:00","dateModified":"2025-12-11T17:00:56+00:00","description":"Opi suomen kielen kieliopin keskeiset osat, kuten tapaukset, verbit, lauserakenne ja \u00e4\u00e4nt\u00e4misvinkkej\u00e4 suomen kielen hallitsemiseksi.","breadcrumb":{"@id":"https:\/\/talkpal.ai\/fi\/suomen-kielioppi\/#breadcrumb"},"inLanguage":"fi","potentialAction":[{"@type":"ReadAction","target":["https:\/\/talkpal.ai\/fi\/suomen-kielioppi\/"]}]},{"@type":"ImageObject","inLanguage":"fi","@id":"https:\/\/talkpal.ai\/fi\/suomen-kielioppi\/#primaryimage","url":"https:\/\/talkpal.ai\/wp-content\/uploads\/2023\/04\/finland.png","contentUrl":"https:\/\/talkpal.ai\/wp-content\/uploads\/2023\/04\/finland.png","width":512,"height":512,"caption":"TalkPal finland Flag"},{"@type":"BreadcrumbList","@id":"https:\/\/talkpal.ai\/fi\/suomen-kielioppi\/#breadcrumb","itemListElement":[{"@type":"ListItem","position":1,"name":"Homepage","item":"https:\/\/talkpal.ai\/fi\/"},{"@type":"ListItem","position":2,"name":"Suomen kielioppi"}]},{"@type":"WebSite","@id":"https:\/\/talkpal.ai\/fi\/#website","url":"https:\/\/talkpal.ai\/fi\/","name":"Talkpal","description":"AI Language Learning","publisher":{"@id":"https:\/\/talkpal.ai\/fi\/#organization"},"alternateName":"Talkpal AI","potentialAction":[{"@type":"SearchAction","target":{"@type":"EntryPoint","urlTemplate":"https:\/\/talkpal.ai\/fi\/?s={search_term_string}"},"query-input":{"@type":"PropertyValueSpecification","valueRequired":true,"valueName":"search_term_string"}}],"inLanguage":"fi"},{"@type":"Organization","@id":"https:\/\/talkpal.ai\/fi\/#organization","name":"Talkpal, Inc.","alternateName":"Talkpal AI","url":"https:\/\/talkpal.ai\/fi\/","logo":{"@type":"ImageObject","inLanguage":"fi","@id":"https:\/\/talkpal.ai\/fi\/#\/schema\/logo\/image\/","url":"https:\/\/talkpal.ai\/wp-content\/uploads\/2024\/03\/Talkpal-Logo-Icon.png","contentUrl":"https:\/\/talkpal.ai\/wp-content\/uploads\/2024\/03\/Talkpal-Logo-Icon.png","width":2880,"height":2880,"caption":"Talkpal, Inc."},"image":{"@id":"https:\/\/talkpal.ai\/fi\/#\/schema\/logo\/image\/"},"sameAs":["https:\/\/www.facebook.com\/profile.php?id=100090733639311","https:\/\/x.com\/talkpalai","https:\/\/www.linkedin.com\/company\/talkpal\/","https:\/\/www.youtube.com\/@TalkPal\/","https:\/\/www.tiktok.com\/@talkpal","https:\/\/www.instagram.com\/talkpal_ai\/","https:\/\/www.crunchbase.com\/organization\/talkpal-9cde","https:\/\/www.g2.com\/products\/talkpal-for-business\/","https:\/\/www.trustpilot.com\/review\/talkpal.ai","https:\/\/www.capterra.com\/p\/10006800\/TalkPal\/"],"description":"Talkpal is a language learning web and mobile education app, powered by the latest AI technologies, that provides engaging experiences to its customers in many different languages to help them improve their language skills. Users can chat about unlimited amount of topics with the app and use other modes to practice their language learning.","email":"support@talkpal.ai","legalName":"Talkpal, Inc.","foundingDate":"2023-04-03","duns":"118989042","numberOfEmployees":{"@type":"QuantitativeValue","minValue":"11","maxValue":"50"},"publishingPrinciples":"https:\/\/talkpal.ai\/publishing-principles\/","actionableFeedbackPolicy":"https:\/\/talkpal.ai\/actionable-feedback-policy\/","correctionsPolicy":"https:\/\/talkpal.ai\/corrections-policy\/","ethicsPolicy":"https:\/\/talkpal.ai\/ethics-policy\/","diversityPolicy":"https:\/\/talkpal.ai\/diversity-policy\/","diversityStaffingReport":"https:\/\/talkpal.ai\/diversity-policy\/"}]}},"_links":{"self":[{"href":"https:\/\/talkpal.ai\/fi\/wp-json\/wp\/v2\/pages\/74996","targetHints":{"allow":["GET"]}}],"collection":[{"href":"https:\/\/talkpal.ai\/fi\/wp-json\/wp\/v2\/pages"}],"about":[{"href":"https:\/\/talkpal.ai\/fi\/wp-json\/wp\/v2\/types\/page"}],"author":[{"embeddable":true,"href":"https:\/\/talkpal.ai\/fi\/wp-json\/wp\/v2\/users\/1"}],"replies":[{"embeddable":true,"href":"https:\/\/talkpal.ai\/fi\/wp-json\/wp\/v2\/comments?post=74996"}],"version-history":[{"count":0,"href":"https:\/\/talkpal.ai\/fi\/wp-json\/wp\/v2\/pages\/74996\/revisions"}],"wp:featuredmedia":[{"embeddable":true,"href":"https:\/\/talkpal.ai\/fi\/wp-json\/wp\/v2\/media\/11564"}],"wp:attachment":[{"href":"https:\/\/talkpal.ai\/fi\/wp-json\/wp\/v2\/media?parent=74996"}],"curies":[{"name":"wp","href":"https:\/\/api.w.org\/{rel}","templated":true}]}}