{"id":74993,"date":"2023-06-16T10:07:13","date_gmt":"2023-06-16T10:07:13","guid":{"rendered":"http:\/\/talkpal.ai\/suomen-kielioppiharjoituksia\/"},"modified":"2025-12-17T15:33:07","modified_gmt":"2025-12-17T15:33:07","slug":"suomen-kielioppiharjoituksia","status":"publish","type":"page","link":"https:\/\/talkpal.ai\/fi\/suomen-kielioppiharjoituksia\/","title":{"rendered":"Suomen kielioppiharjoituksia"},"content":{"rendered":"\r\n\r\n\r\n<section class=\"languageChallengeSection\">\r\n    <div class=\"languageInfoWrapper\">\r\n        \r\n        <h1>Suomen kielioppiharjoituksia<\/h1>\r\n        <p>Oletko valmis tarttumaan <a href=\"https:\/\/talkpal.ai\/learn-finnish\/\">suomen<\/a> kielen ainutlaatuiseen rakenteeseen? Kielioppiharjoitusten tekeminen on hyv\u00e4 tapa tutustua sanojen p\u00e4\u00e4tteisiin, tapauksiin ja lausemalleihin, jotka tekev\u00e4t <a href=\"https:\/\/talkpal.ai\/learn-finnish\/\">suomen<\/a> kielest\u00e4 erityisen. Sukella suomen kielen kielioppiin jo t\u00e4n\u00e4\u00e4n ja n\u00e4e taitojesi ja itseluottamuksesi kasvavan jokaisen harjoituksen my\u00f6t\u00e4!<\/p>\r\n\r\n                            <a class=\"getStartedHidden\" href=\"https:\/\/app.talkpal.ai\/fi\/signup?lng=\">Aloita<\/a>\r\n        \r\n    <\/div>\r\n\r\n    <figure>\r\n    <img decoding=\"async\" width=\"768\" height=\"768\" src=\"https:\/\/talkpal.ai\/wp-content\/uploads\/2023\/06\/Finnish-768x768.png\" class=\"languageImage no-lazy\" alt=\"Default alt text\" fetchpriority=\"high\" sizes=\"(max-width: 768px) 150px, 768px\" srcset=\"https:\/\/talkpal.ai\/wp-content\/uploads\/2023\/06\/Finnish-768x768.png 768w, https:\/\/talkpal.ai\/wp-content\/uploads\/2023\/06\/Finnish-300x300.png 300w\" \/>\r\n    \r\n\r\n    <\/figure>\r\n\r\n            <a class=\"getStartedVisible\" href=\"https:\/\/app.talkpal.ai\/fi\/signup?lng=\">Aloita<\/a>\r\n    \r\n<\/section>\r\n\r\n\r\n<!-- <section class=\"grammarSection\">\r\n    <div class=\"grammarLinks\">\r\n        <a href=\"https:\/\/talkpal.ai\/fi\/exercise_language\/adjektiivit-suomen-kielioppi\/\">Adjektiivit <\/a><a href=\"https:\/\/talkpal.ai\/fi\/exercise_language\/adverbit-suomen-kielioppi\/\">Adverbit <\/a><a href=\"https:\/\/talkpal.ai\/fi\/exercise_language\/aikamuodot-imperatiivi-suomen-kielioppi\/\">Aikamuodot Imperatiivi <\/a><a href=\"https:\/\/talkpal.ai\/fi\/exercise_language\/aikamuotojen-potentiaali-suomen-kielioppi\/\">Aikamuotojen potentiaali <\/a><a href=\"https:\/\/talkpal.ai\/fi\/exercise_language\/aikamuotojen-vertailu-suomen-kielioppi\/\">Aikamuotojen vertailu <\/a><a href=\"https:\/\/talkpal.ai\/fi\/exercise_language\/artikkelit-suomen-kielioppi\/\">Artikkelit <\/a><a href=\"https:\/\/talkpal.ai\/fi\/exercise_language\/indikatiiviset-aikamuodot-suomen-kielioppi\/\">Indikatiiviset aikamuodot <\/a><a href=\"https:\/\/talkpal.ai\/fi\/exercise_language\/lauserakenne-suomen-kielioppi\/\">Lauserakenne <\/a><a href=\"https:\/\/talkpal.ai\/fi\/exercise_language\/postpositiot-suomen-kielioppi\/\">Postpositiot <\/a><a href=\"https:\/\/talkpal.ai\/fi\/exercise_language\/substantiivit-suomen-kielioppi\/\">Substantiivit <\/a><a href=\"https:\/\/talkpal.ai\/fi\/exercise_language\/verbit-suomen-kielioppi\/\">Verbit <\/a>    <\/div>\r\n<\/section> -->\r\n\r\n\r\n\r\n\r\n        <section class=\"grammarSection\">\r\n            <div class=\"grammarLinks\">\r\n                <a href=\"https:\/\/talkpal.ai\/fi\/exercise_language\/adjektiivit-suomen-kielioppi\/\">Adjektiivit <\/a><a href=\"https:\/\/talkpal.ai\/fi\/exercise_language\/adverbit-suomen-kielioppi\/\">Adverbit <\/a><a href=\"https:\/\/talkpal.ai\/fi\/exercise_language\/aikamuodot-imperatiivi-suomen-kielioppi\/\">Aikamuodot Imperatiivi <\/a><a href=\"https:\/\/talkpal.ai\/fi\/exercise_language\/aikamuotojen-potentiaali-suomen-kielioppi\/\">Aikamuotojen potentiaali <\/a><a href=\"https:\/\/talkpal.ai\/fi\/exercise_language\/aikamuotojen-vertailu-suomen-kielioppi\/\">Aikamuotojen vertailu <\/a><a href=\"https:\/\/talkpal.ai\/fi\/exercise_language\/artikkelit-suomen-kielioppi\/\">Artikkelit <\/a><a href=\"https:\/\/talkpal.ai\/fi\/exercise_language\/indikatiiviset-aikamuodot-suomen-kielioppi\/\">Indikatiiviset aikamuodot <\/a><a href=\"https:\/\/talkpal.ai\/fi\/exercise_language\/lauserakenne-suomen-kielioppi\/\">Lauserakenne <\/a><a href=\"https:\/\/talkpal.ai\/fi\/exercise_language\/postpositiot-suomen-kielioppi\/\">Postpositiot <\/a><a href=\"https:\/\/talkpal.ai\/fi\/exercise_language\/substantiivit-suomen-kielioppi\/\">Substantiivit <\/a><a href=\"https:\/\/talkpal.ai\/fi\/exercise_language\/verbit-suomen-kielioppi\/\">Verbit <\/a>            <\/div>\r\n        <\/section>\r\n<section class=\"promotionalBanner\">\r\n    <p class=\"promotionalText\">Tehokkain tapa oppia kielt\u00e4<\/p>\r\n    <a class=\"promotionalLink\" href=\"https:\/\/app.talkpal.ai\/fi\/signup?lng=\">Kokeile Talkpal ilmaiseksi<\/a>\r\n<\/section>\n<div class=\"wp-block-group pageContainerStyle\"><div class=\"wp-block-group__inner-container is-layout-constrained wp-block-group-is-layout-constrained\">\n<h2 class=\"wp-block-heading\" id=\"h-finnish-grammar-topics\">Suomen kieliopin aiheet<\/h2>\n\n\n\n<p><a href=\"https:\/\/talkpal.ai\/fi\/paras-tapa-oppia-suomea-nopeasti-ja-tehokkaasti-vuonna-2025\/\">Suomen kielen oppiminen<\/a> voi olla palkitseva kokemus kielten harrastajalle, koska se on ainutlaatuinen ja kiehtova kieli, jolla on rikas kulttuurihistoria. <a href=\"https:\/\/talkpal.ai\/fi\/grammar\/nykyinen-suomen-kieliopissa\/\">Suomen kielioppi<\/a> voi tuntua aluksi haastavalta, mutta systemaattisella l\u00e4hestymistavalla ja keskittym\u00e4ll\u00e4 olennaisiin aiheisiin voit edisty\u00e4 tasaisesti ja lopulta tulla sujuvaksi t\u00e4ll\u00e4 kauniilla kielell\u00e4. T\u00e4ss\u00e4 oppaassa k\u00e4sittelemme suomen kieliopin aiheita j\u00e4rjestyksess\u00e4, joka auttaa sinua oppimaan kielt\u00e4 tehokkaasti, kattaen aikamuodot, verbit, substantiivit, artikkelit, adjektiivit, <a href=\"https:\/\/talkpal.ai\/fi\/grammar\/paikan-tsekin-kielioppi-adverbit\/\">adverbit<\/a>, postpositiot ja lauserakenteen.<\/p>\n\n\n\n<h3 class=\"wp-block-heading\" id=\"h-1-nouns\">1. Substantiivit:<\/h3>\n\n\n\n<p>Aloita opettelemalla suomalaisia substantiiveja, sill\u00e4 ne muodostavat lauseiden rakentamisen perustan. Suomalaisissa substantiiveissa on 15 tapausta, jotka ovat v\u00e4ltt\u00e4m\u00e4tt\u00f6mi\u00e4 kielen rakenteen ymm\u00e4rt\u00e4miseksi. Tutustu erilaisiin substantiivitapauksiin ja niiden rooleihin lauseessa.<\/p>\n\n\n\n<h3 class=\"wp-block-heading\" id=\"h-2-articles\">2. Artiklat:<\/h3>\n\n\n\n<p>Suomen kieless\u00e4 ei ole artikkeleita kuten englannissa &#8221;the&#8221; <a href=\"https:\/\/talkpal.ai\/learn-thai\/\">tai<\/a> &#8221;a&#8221;, mik\u00e4 helpottaa oppimista. Sen sijaan substantiivin merkitys m\u00e4\u00e4r\u00e4ytyy kontekstin ja tapausp\u00e4\u00e4tteiden mukaan.<\/p>\n\n\n\n<h3 class=\"wp-block-heading\" id=\"h-3-adjectives\">3. Adjektiivit:<\/h3>\n\n\n\n<p>Adjektiivit kuvaavat substantiiveja ja sopivat niiden kanssa tapauksessa ja numerossa. Opi muodostamaan ja k\u00e4ytt\u00e4m\u00e4\u00e4n adjektiiveja, jotta lauseesi olisivat kuvaavampia ja ilmeikk\u00e4\u00e4mpi\u00e4.<\/p>\n\n\n\n<h3 class=\"wp-block-heading\" id=\"h-4-verbs\">4. Verbit:<\/h3>\n\n\n\n<p>Suomen verbit ovat keskeisi\u00e4 tekojen ja tilojen ilmaisemisessa. Tutustu verbien taivutuksen perusmalleihin ja yleisimpiin ep\u00e4s\u00e4\u00e4nn\u00f6llisiin verbeihin.<\/p>\n\n\n\n<h3 class=\"wp-block-heading\" id=\"h-5-tenses-indicative\">5. Aikamuodot ohjeellisia:<\/h3>\n\n\n\n<p>Ymm\u00e4rr\u00e4 viitteellinen tunnelma, jota k\u00e4ytet\u00e4\u00e4n ilmaisemaan lausuntoja, tosiasioita ja mielipiteit\u00e4. Suomen kielen indikatiivisessa tunnelmassa on nelj\u00e4 p\u00e4\u00e4aikamuotoa: nykyhetki, mennyt (ep\u00e4t\u00e4ydellinen), t\u00e4ydellinen ja pluperfekti. Opi muodostamaan ja k\u00e4ytt\u00e4m\u00e4\u00e4n n\u00e4it\u00e4 aikamuotoja oikein.<\/p>\n\n\n\n<h3 class=\"wp-block-heading\" id=\"h-6-tenses-potential\">6. Aikamuodot potentiaali:<\/h3>\n\n\n\n<p>Potentiaalista mielialaa k\u00e4ytet\u00e4\u00e4n ilmaisemaan mahdollisuutta, todenn\u00e4k\u00f6isyytt\u00e4 tai ep\u00e4ilyst\u00e4. Sill\u00e4 on kaksi aikamuotoa: nykyinen potentiaali ja menneisyyden potentiaali. Opi muodostamaan ja k\u00e4ytt\u00e4m\u00e4\u00e4n n\u00e4it\u00e4 aikamuotoja lis\u00e4t\u00e4ksesi vivahteita lauseisiisi.<\/p>\n\n\n\n<h3 class=\"wp-block-heading\" id=\"h-7-tenses-imperative\">7. Aikamuodot ovat v\u00e4ltt\u00e4m\u00e4tt\u00f6mi\u00e4:<\/h3>\n\n\n\n<p>Pakollista tunnelmaa k\u00e4ytet\u00e4\u00e4n komentojen antamiseen ja pyynt\u00f6jen tekemiseen. Opi muodostamaan imperatiivi suomen kielell\u00e4 ja k\u00e4ytt\u00e4m\u00e4\u00e4n sit\u00e4 tarkoituksenmukaisesti eri tilanteissa.<\/p>\n\n\n\n<h3 class=\"wp-block-heading\" id=\"h-8-tense-comparison\">8. J\u00e4nnittynyt vertailu:<\/h3>\n\n\n\n<p>Ymm\u00e4rr\u00e4t vertailla erilaisia aikamuotoja ja tunnelmia suomeksi. T\u00e4m\u00e4n taidon avulla voit ilmaista monimutkaisia ideoita ja tapahtumien v\u00e4lisi\u00e4 suhteita.<\/p>\n\n\n\n<h3 class=\"wp-block-heading\" id=\"h-9-adverbs\">9. Adverbit:<\/h3>\n\n\n\n<p><a href=\"https:\/\/talkpal.ai\/fi\/grammar\/paikan-tsekin-kielioppi-adverbit\/\">Adverbit<\/a> muokkaavat verbej\u00e4, adjektiiveja tai muita adverbeja ja antavat lis\u00e4tietoja toiminnoista tai ominaisuuksista. Opi erityyppisi\u00e4 adverbeja ja kuinka k\u00e4ytt\u00e4\u00e4 niit\u00e4 tehokkaasti lauseissasi.<\/p>\n\n\n\n<h3 class=\"wp-block-heading\" id=\"h-10-postpositions\">10. Postpositiot:<\/h3>\n\n\n\n<p>Suomen kieless\u00e4 k\u00e4ytet\u00e4\u00e4n prepositioiden sijaan postpositioita ilmaisemaan sanojen v\u00e4lisi\u00e4 suhteita. Opi yleisimm\u00e4t postpositiot ja miten ne toimivat lauseessa.<\/p>\n\n\n\n<h3 class=\"wp-block-heading\" id=\"h-11-sentence-structure\">11. Lauseen rakenne:<\/h3>\n\n\n\n<p>Tutki lopuksi suomen kielen peruslauserakennetta, joka noudattaa subjekti-verbi-objekti (SVO) -mallia. Opi luomaan yksinkertaisia ja monimutkaisia lauseita oppimiesi kielioppiaiheiden avulla ja harjoittele niiden yhdist\u00e4mist\u00e4 ilmaisemaan ajatuksiasi tarkasti ja sujuvasti.<\/p>\n<\/div><\/div>\n\r\n<section class=\"learnNavigationSection\">\r\n            \r\n        <a href=\"https:\/\/talkpal.ai\/fi\/opi-suomea\/\">\r\n            <div class=\"learnNavigationWrapper\">\r\n                <div class=\"learnNavigationContent\">\r\n                    <img decoding=\"async\" src=\"https:\/\/talkpal.ai\/wp-content\/uploads\/2024\/08\/Finnish.jpg\" alt=\"Finnish Flag\">\r\n                    <div>\r\n                        <h4>Tietoa suomalaisesta oppimisesta<\/h4>\r\n                        <p>Tutustu suomen kielioppiin.<\/p>\r\n                    <\/div>\r\n                <\/div>\r\n            <\/div>\r\n        <\/a>\r\n\r\n        \r\n        <a href=\"https:\/\/talkpal.ai\/fi\/suomen-kielioppi\/\">\r\n            <div class=\"learnNavigationWrapper\">\r\n                <div class=\"learnNavigationContent\">\r\n                    <img decoding=\"async\" src=\"https:\/\/talkpal.ai\/wp-content\/uploads\/2024\/08\/Finnish.jpg\" alt=\"Finnish Flag\">\r\n                    <div>\r\n                        <h4>Suomen kieliopin oppitunnit<\/h4>\r\n                        <p>Harjoittele suomen kielioppia.<\/p>\r\n                    <\/div>\r\n                <\/div>\r\n            <\/div>\r\n        <\/a>\r\n\r\n        \r\n        <a href=\"https:\/\/talkpal.ai\/vocabulary_language\/finnish\/\">\r\n            <div class=\"learnNavigationWrapper\">\r\n                <div class=\"learnNavigationContent\">\r\n                    <img decoding=\"async\" src=\"https:\/\/talkpal.ai\/wp-content\/uploads\/2024\/08\/Finnish.jpg\" alt=\"Finnish Flag\">\r\n                    <div>\r\n                        <h4>Suomen sanasto<\/h4>\r\n                        <p>Laajenna suomen kielen sanavarastoasi.<\/p>\r\n                    <\/div>\r\n                <\/div>\r\n            <\/div>\r\n        <\/a>\r\n\r\n            <\/section>\n<p><\/p>\n","protected":false},"excerpt":{"rendered":"<p>Suomen kieliopin aiheet Suomen kielen oppiminen voi olla palkitseva kokemus kielten harrastajalle, koska se on ainutlaatuinen ja kiehtova kieli, jolla on rikas kulttuurihistoria. Suomen kielioppi voi tuntua aluksi haastavalta, mutta systemaattisella l\u00e4hestymistavalla ja keskittym\u00e4ll\u00e4 olennaisiin aiheisiin voit edisty\u00e4 tasaisesti ja lopulta tulla sujuvaksi t\u00e4ll\u00e4 kauniilla kielell\u00e4. T\u00e4ss\u00e4 oppaassa k\u00e4sittelemme suomen kieliopin aiheita j\u00e4rjestyksess\u00e4, joka auttaa [&hellip;]<\/p>\n","protected":false},"author":6,"featured_media":11564,"parent":0,"menu_order":0,"comment_status":"closed","ping_status":"closed","template":"LearningContentPage.php","meta":{"_acf_changed":false,"footnotes":""},"class_list":["post-74993","page","type-page","status-publish","has-post-thumbnail","hentry"],"acf":[],"yoast_head":"<!-- This site is optimized with the Yoast SEO Premium plugin v27.2 (Yoast SEO v27.2) - https:\/\/yoast.com\/product\/yoast-seo-premium-wordpress\/ -->\n<title>Suomen kielioppiharjoituksia - Talkpal<\/title>\n<meta name=\"description\" content=\"Harjoittele ja paranna suomen kielen kielioppitaitojasi n\u00e4iden interaktiivisten ja tehokkaiden harjoitusten avulla. Sopii kaikille oppimistasoille.\" \/>\n<meta name=\"robots\" content=\"index, follow, max-snippet:-1, max-image-preview:large, max-video-preview:-1\" \/>\n<link rel=\"canonical\" href=\"https:\/\/talkpal.ai\/fi\/suomen-kielioppiharjoituksia\/\" \/>\n<meta property=\"og:locale\" content=\"fi_FI\" \/>\n<meta property=\"og:type\" content=\"article\" \/>\n<meta property=\"og:title\" content=\"Suomen kielioppiharjoituksia\" \/>\n<meta property=\"og:description\" content=\"Suomen kieliopin aiheet Suomen kielen oppiminen voi olla palkitseva kokemus kielten harrastajalle, koska se on ainutlaatuinen ja kiehtova kieli, jolla on\" \/>\n<meta property=\"og:url\" content=\"https:\/\/talkpal.ai\/fi\/suomen-kielioppiharjoituksia\/\" \/>\n<meta property=\"og:site_name\" content=\"Talkpal\" \/>\n<meta property=\"article:publisher\" content=\"https:\/\/www.facebook.com\/profile.php?id=100090733639311\" \/>\n<meta property=\"article:modified_time\" content=\"2025-12-17T15:33:07+00:00\" \/>\n<meta property=\"og:image\" content=\"https:\/\/talkpal.ai\/wp-content\/uploads\/2023\/04\/finland.png\" \/>\n\t<meta property=\"og:image:width\" content=\"512\" \/>\n\t<meta property=\"og:image:height\" content=\"512\" \/>\n\t<meta property=\"og:image:type\" content=\"image\/png\" \/>\n<meta name=\"twitter:card\" content=\"summary_large_image\" \/>\n<meta name=\"twitter:site\" content=\"@talkpalai\" \/>\n<meta name=\"twitter:label1\" content=\"Arvioitu lukuaika\" \/>\n\t<meta name=\"twitter:data1\" content=\"2 minuuttia\" \/>\n<script type=\"application\/ld+json\" class=\"yoast-schema-graph\">{\"@context\":\"https:\/\/schema.org\",\"@graph\":[{\"@type\":\"WebPage\",\"@id\":\"https:\/\/talkpal.ai\/fi\/suomen-kielioppiharjoituksia\/\",\"url\":\"https:\/\/talkpal.ai\/fi\/suomen-kielioppiharjoituksia\/\",\"name\":\"Suomen kielioppiharjoituksia - Talkpal\",\"isPartOf\":{\"@id\":\"https:\/\/talkpal.ai\/fi\/#website\"},\"primaryImageOfPage\":{\"@id\":\"https:\/\/talkpal.ai\/fi\/suomen-kielioppiharjoituksia\/#primaryimage\"},\"image\":{\"@id\":\"https:\/\/talkpal.ai\/fi\/suomen-kielioppiharjoituksia\/#primaryimage\"},\"thumbnailUrl\":\"https:\/\/talkpal.ai\/wp-content\/uploads\/2023\/04\/finland.png\",\"datePublished\":\"2023-06-16T10:07:13+00:00\",\"dateModified\":\"2025-12-17T15:33:07+00:00\",\"description\":\"Harjoittele ja paranna suomen kielen kielioppitaitojasi n\u00e4iden interaktiivisten ja tehokkaiden harjoitusten avulla. Sopii kaikille oppimistasoille.\",\"breadcrumb\":{\"@id\":\"https:\/\/talkpal.ai\/fi\/suomen-kielioppiharjoituksia\/#breadcrumb\"},\"inLanguage\":\"fi\",\"potentialAction\":[{\"@type\":\"ReadAction\",\"target\":[\"https:\/\/talkpal.ai\/fi\/suomen-kielioppiharjoituksia\/\"]}]},{\"@type\":\"ImageObject\",\"inLanguage\":\"fi\",\"@id\":\"https:\/\/talkpal.ai\/fi\/suomen-kielioppiharjoituksia\/#primaryimage\",\"url\":\"https:\/\/talkpal.ai\/wp-content\/uploads\/2023\/04\/finland.png\",\"contentUrl\":\"https:\/\/talkpal.ai\/wp-content\/uploads\/2023\/04\/finland.png\",\"width\":512,\"height\":512,\"caption\":\"TalkPal finland Flag\"},{\"@type\":\"BreadcrumbList\",\"@id\":\"https:\/\/talkpal.ai\/fi\/suomen-kielioppiharjoituksia\/#breadcrumb\",\"itemListElement\":[{\"@type\":\"ListItem\",\"position\":1,\"name\":\"Homepage\",\"item\":\"https:\/\/talkpal.ai\/fi\/\"},{\"@type\":\"ListItem\",\"position\":2,\"name\":\"Suomen kielioppiharjoituksia\"}]},{\"@type\":\"WebSite\",\"@id\":\"https:\/\/talkpal.ai\/fi\/#website\",\"url\":\"https:\/\/talkpal.ai\/fi\/\",\"name\":\"Talkpal\",\"description\":\"AI Language Learning\",\"publisher\":{\"@id\":\"https:\/\/talkpal.ai\/fi\/#organization\"},\"alternateName\":\"Talkpal AI\",\"potentialAction\":[{\"@type\":\"SearchAction\",\"target\":{\"@type\":\"EntryPoint\",\"urlTemplate\":\"https:\/\/talkpal.ai\/fi\/?s={search_term_string}\"},\"query-input\":{\"@type\":\"PropertyValueSpecification\",\"valueRequired\":true,\"valueName\":\"search_term_string\"}}],\"inLanguage\":\"fi\"},{\"@type\":\"Organization\",\"@id\":\"https:\/\/talkpal.ai\/fi\/#organization\",\"name\":\"Talkpal, Inc.\",\"alternateName\":\"Talkpal AI\",\"url\":\"https:\/\/talkpal.ai\/fi\/\",\"logo\":{\"@type\":\"ImageObject\",\"inLanguage\":\"fi\",\"@id\":\"https:\/\/talkpal.ai\/fi\/#\/schema\/logo\/image\/\",\"url\":\"https:\/\/talkpal.ai\/wp-content\/uploads\/2024\/03\/Talkpal-Logo-Icon.png\",\"contentUrl\":\"https:\/\/talkpal.ai\/wp-content\/uploads\/2024\/03\/Talkpal-Logo-Icon.png\",\"width\":2880,\"height\":2880,\"caption\":\"Talkpal, Inc.\"},\"image\":{\"@id\":\"https:\/\/talkpal.ai\/fi\/#\/schema\/logo\/image\/\"},\"sameAs\":[\"https:\/\/www.facebook.com\/profile.php?id=100090733639311\",\"https:\/\/x.com\/talkpalai\",\"https:\/\/www.linkedin.com\/company\/talkpal\/\",\"https:\/\/www.youtube.com\/@TalkPal\/\",\"https:\/\/www.tiktok.com\/@talkpal\",\"https:\/\/www.instagram.com\/talkpal_ai\/\",\"https:\/\/www.crunchbase.com\/organization\/talkpal-9cde\",\"https:\/\/www.g2.com\/products\/talkpal-for-business\/\",\"https:\/\/www.trustpilot.com\/review\/talkpal.ai\",\"https:\/\/www.capterra.com\/p\/10006800\/TalkPal\/\"],\"description\":\"Talkpal is a language learning web and mobile education app, powered by the latest AI technologies, that provides engaging experiences to its customers in many different languages to help them improve their language skills. Users can chat about unlimited amount of topics with the app and use other modes to practice their language learning.\",\"email\":\"support@talkpal.ai\",\"legalName\":\"Talkpal, Inc.\",\"foundingDate\":\"2023-04-03\",\"duns\":\"118989042\",\"numberOfEmployees\":{\"@type\":\"QuantitativeValue\",\"minValue\":\"11\",\"maxValue\":\"50\"},\"publishingPrinciples\":\"https:\/\/talkpal.ai\/publishing-principles\/\",\"actionableFeedbackPolicy\":\"https:\/\/talkpal.ai\/actionable-feedback-policy\/\",\"correctionsPolicy\":\"https:\/\/talkpal.ai\/corrections-policy\/\",\"ethicsPolicy\":\"https:\/\/talkpal.ai\/ethics-policy\/\",\"diversityPolicy\":\"https:\/\/talkpal.ai\/diversity-policy\/\",\"diversityStaffingReport\":\"https:\/\/talkpal.ai\/diversity-policy\/\"}]}<\/script>\n<!-- \/ Yoast SEO Premium plugin. -->","yoast_head_json":{"title":"Suomen kielioppiharjoituksia - Talkpal","description":"Harjoittele ja paranna suomen kielen kielioppitaitojasi n\u00e4iden interaktiivisten ja tehokkaiden harjoitusten avulla. Sopii kaikille oppimistasoille.","robots":{"index":"index","follow":"follow","max-snippet":"max-snippet:-1","max-image-preview":"max-image-preview:large","max-video-preview":"max-video-preview:-1"},"canonical":"https:\/\/talkpal.ai\/fi\/suomen-kielioppiharjoituksia\/","og_locale":"fi_FI","og_type":"article","og_title":"Suomen kielioppiharjoituksia","og_description":"Suomen kieliopin aiheet Suomen kielen oppiminen voi olla palkitseva kokemus kielten harrastajalle, koska se on ainutlaatuinen ja kiehtova kieli, jolla on","og_url":"https:\/\/talkpal.ai\/fi\/suomen-kielioppiharjoituksia\/","og_site_name":"Talkpal","article_publisher":"https:\/\/www.facebook.com\/profile.php?id=100090733639311","article_modified_time":"2025-12-17T15:33:07+00:00","og_image":[{"width":512,"height":512,"url":"https:\/\/talkpal.ai\/wp-content\/uploads\/2023\/04\/finland.png","type":"image\/png"}],"twitter_card":"summary_large_image","twitter_site":"@talkpalai","twitter_misc":{"Arvioitu lukuaika":"2 minuuttia"},"schema":{"@context":"https:\/\/schema.org","@graph":[{"@type":"WebPage","@id":"https:\/\/talkpal.ai\/fi\/suomen-kielioppiharjoituksia\/","url":"https:\/\/talkpal.ai\/fi\/suomen-kielioppiharjoituksia\/","name":"Suomen kielioppiharjoituksia - Talkpal","isPartOf":{"@id":"https:\/\/talkpal.ai\/fi\/#website"},"primaryImageOfPage":{"@id":"https:\/\/talkpal.ai\/fi\/suomen-kielioppiharjoituksia\/#primaryimage"},"image":{"@id":"https:\/\/talkpal.ai\/fi\/suomen-kielioppiharjoituksia\/#primaryimage"},"thumbnailUrl":"https:\/\/talkpal.ai\/wp-content\/uploads\/2023\/04\/finland.png","datePublished":"2023-06-16T10:07:13+00:00","dateModified":"2025-12-17T15:33:07+00:00","description":"Harjoittele ja paranna suomen kielen kielioppitaitojasi n\u00e4iden interaktiivisten ja tehokkaiden harjoitusten avulla. Sopii kaikille oppimistasoille.","breadcrumb":{"@id":"https:\/\/talkpal.ai\/fi\/suomen-kielioppiharjoituksia\/#breadcrumb"},"inLanguage":"fi","potentialAction":[{"@type":"ReadAction","target":["https:\/\/talkpal.ai\/fi\/suomen-kielioppiharjoituksia\/"]}]},{"@type":"ImageObject","inLanguage":"fi","@id":"https:\/\/talkpal.ai\/fi\/suomen-kielioppiharjoituksia\/#primaryimage","url":"https:\/\/talkpal.ai\/wp-content\/uploads\/2023\/04\/finland.png","contentUrl":"https:\/\/talkpal.ai\/wp-content\/uploads\/2023\/04\/finland.png","width":512,"height":512,"caption":"TalkPal finland Flag"},{"@type":"BreadcrumbList","@id":"https:\/\/talkpal.ai\/fi\/suomen-kielioppiharjoituksia\/#breadcrumb","itemListElement":[{"@type":"ListItem","position":1,"name":"Homepage","item":"https:\/\/talkpal.ai\/fi\/"},{"@type":"ListItem","position":2,"name":"Suomen kielioppiharjoituksia"}]},{"@type":"WebSite","@id":"https:\/\/talkpal.ai\/fi\/#website","url":"https:\/\/talkpal.ai\/fi\/","name":"Talkpal","description":"AI Language Learning","publisher":{"@id":"https:\/\/talkpal.ai\/fi\/#organization"},"alternateName":"Talkpal AI","potentialAction":[{"@type":"SearchAction","target":{"@type":"EntryPoint","urlTemplate":"https:\/\/talkpal.ai\/fi\/?s={search_term_string}"},"query-input":{"@type":"PropertyValueSpecification","valueRequired":true,"valueName":"search_term_string"}}],"inLanguage":"fi"},{"@type":"Organization","@id":"https:\/\/talkpal.ai\/fi\/#organization","name":"Talkpal, Inc.","alternateName":"Talkpal AI","url":"https:\/\/talkpal.ai\/fi\/","logo":{"@type":"ImageObject","inLanguage":"fi","@id":"https:\/\/talkpal.ai\/fi\/#\/schema\/logo\/image\/","url":"https:\/\/talkpal.ai\/wp-content\/uploads\/2024\/03\/Talkpal-Logo-Icon.png","contentUrl":"https:\/\/talkpal.ai\/wp-content\/uploads\/2024\/03\/Talkpal-Logo-Icon.png","width":2880,"height":2880,"caption":"Talkpal, Inc."},"image":{"@id":"https:\/\/talkpal.ai\/fi\/#\/schema\/logo\/image\/"},"sameAs":["https:\/\/www.facebook.com\/profile.php?id=100090733639311","https:\/\/x.com\/talkpalai","https:\/\/www.linkedin.com\/company\/talkpal\/","https:\/\/www.youtube.com\/@TalkPal\/","https:\/\/www.tiktok.com\/@talkpal","https:\/\/www.instagram.com\/talkpal_ai\/","https:\/\/www.crunchbase.com\/organization\/talkpal-9cde","https:\/\/www.g2.com\/products\/talkpal-for-business\/","https:\/\/www.trustpilot.com\/review\/talkpal.ai","https:\/\/www.capterra.com\/p\/10006800\/TalkPal\/"],"description":"Talkpal is a language learning web and mobile education app, powered by the latest AI technologies, that provides engaging experiences to its customers in many different languages to help them improve their language skills. Users can chat about unlimited amount of topics with the app and use other modes to practice their language learning.","email":"support@talkpal.ai","legalName":"Talkpal, Inc.","foundingDate":"2023-04-03","duns":"118989042","numberOfEmployees":{"@type":"QuantitativeValue","minValue":"11","maxValue":"50"},"publishingPrinciples":"https:\/\/talkpal.ai\/publishing-principles\/","actionableFeedbackPolicy":"https:\/\/talkpal.ai\/actionable-feedback-policy\/","correctionsPolicy":"https:\/\/talkpal.ai\/corrections-policy\/","ethicsPolicy":"https:\/\/talkpal.ai\/ethics-policy\/","diversityPolicy":"https:\/\/talkpal.ai\/diversity-policy\/","diversityStaffingReport":"https:\/\/talkpal.ai\/diversity-policy\/"}]}},"_links":{"self":[{"href":"https:\/\/talkpal.ai\/fi\/wp-json\/wp\/v2\/pages\/74993","targetHints":{"allow":["GET"]}}],"collection":[{"href":"https:\/\/talkpal.ai\/fi\/wp-json\/wp\/v2\/pages"}],"about":[{"href":"https:\/\/talkpal.ai\/fi\/wp-json\/wp\/v2\/types\/page"}],"author":[{"embeddable":true,"href":"https:\/\/talkpal.ai\/fi\/wp-json\/wp\/v2\/users\/6"}],"replies":[{"embeddable":true,"href":"https:\/\/talkpal.ai\/fi\/wp-json\/wp\/v2\/comments?post=74993"}],"version-history":[{"count":0,"href":"https:\/\/talkpal.ai\/fi\/wp-json\/wp\/v2\/pages\/74993\/revisions"}],"wp:featuredmedia":[{"embeddable":true,"href":"https:\/\/talkpal.ai\/fi\/wp-json\/wp\/v2\/media\/11564"}],"wp:attachment":[{"href":"https:\/\/talkpal.ai\/fi\/wp-json\/wp\/v2\/media?parent=74993"}],"curies":[{"name":"wp","href":"https:\/\/api.w.org\/{rel}","templated":true}]}}