{"id":60065,"date":"2023-03-25T16:57:06","date_gmt":"2023-03-25T16:57:06","guid":{"rendered":"http:\/\/talkpal.ai\/englannin-kielioppi\/"},"modified":"2025-05-22T19:28:00","modified_gmt":"2025-05-22T19:28:00","slug":"englannin-kielioppi","status":"publish","type":"page","link":"https:\/\/talkpal.ai\/fi\/englannin-kielioppi\/","title":{"rendered":"Englannin kielioppi"},"content":{"rendered":"\r\n\r\n\r\n<section class=\"languageChallengeSection\">\r\n    <div class=\"languageInfoWrapper\">\r\n        \r\n        <h1>Englannin kielioppi<\/h1>\r\n        <p>Oletko valmis aloittamaan englannin opiskelun? Kun osaat vain v\u00e4h\u00e4n kielioppia ja k\u00e4yt\u00e4t uusia sanoja, voit keskustella ja olla yhteydess\u00e4 ihmisiin ymp\u00e4ri maailmaa hetkess\u00e4. Sukella mukaan ja tehd\u00e4\u00e4n englannin oppimisesta hauskaa ja helppoa &#8211; matkasi sujuvuuteen alkaa t\u00e4n\u00e4\u00e4n!\n\n<\/p>\r\n\r\n                            <a class=\"getStartedHidden\" href=\"https:\/\/app.talkpal.ai\/fi\/signup?lng=\">Aloita<\/a>\r\n        \r\n    <\/div>\r\n\r\n    <figure>\r\n    <img decoding=\"async\" width=\"768\" height=\"768\" src=\"https:\/\/talkpal.ai\/wp-content\/uploads\/2023\/06\/English-768x768.png\" class=\"languageImage no-lazy\" alt=\"Default alt text\" fetchpriority=\"high\" sizes=\"(max-width: 768px) 150px, 768px\" srcset=\"https:\/\/talkpal.ai\/wp-content\/uploads\/2023\/06\/English-768x768.png 768w, https:\/\/talkpal.ai\/wp-content\/uploads\/2023\/06\/English-300x300.png 300w\" \/>\r\n    \r\n\r\n    <\/figure>\r\n\r\n            <a class=\"getStartedVisible\" href=\"https:\/\/app.talkpal.ai\/fi\/signup?lng=\">Aloita<\/a>\r\n    \r\n<\/section>\r\n        <section class=\"grammarSection\">\r\n            <div class=\"grammarLinks\">\r\n                <a href=\"https:\/\/talkpal.ai\/fi\/language\/adjektiivit\/\">Adjektiivit <\/a><a href=\"https:\/\/talkpal.ai\/fi\/language\/adverbit\/\">Adverbit <\/a><a href=\"https:\/\/talkpal.ai\/fi\/language\/tensi\/\">Aikamuodot <\/a><a href=\"https:\/\/talkpal.ai\/fi\/language\/artikkelit\/\">Artikkelit <\/a><a href=\"https:\/\/talkpal.ai\/fi\/language\/ehdolliset\/\">Konditionaalit <\/a><a href=\"https:\/\/talkpal.ai\/fi\/language\/rangaistus\/\">Lauseet <\/a><a href=\"https:\/\/talkpal.ai\/fi\/language\/prepositiot\/\">Prepositiot <\/a><a href=\"https:\/\/talkpal.ai\/fi\/language\/pronominit-maarittajat\/\">Pronominit\/Determinerit <\/a><a href=\"https:\/\/talkpal.ai\/fi\/language\/substantiivit\/\">Substantiivit <\/a><a href=\"https:\/\/talkpal.ai\/fi\/language\/verbit\/\">Verbit <\/a>            <\/div>\r\n        <\/section>\r\n    <section class=\"promotionalBanner\">\r\n    <p class=\"promotionalText\">Tehokkain tapa oppia kielt\u00e4<\/p>\r\n    <a class=\"promotionalLink\" href=\"https:\/\/app.talkpal.ai\/fi\/signup?lng=\">Kokeile Talkpal ilmaiseksi<\/a>\r\n<\/section>\n<div class=\"wp-block-group pageContainerStyle\"><div class=\"wp-block-group__inner-container is-layout-constrained wp-block-group-is-layout-constrained\">\n<h2 class=\"wp-block-heading\" id=\"h-the-importance-of-english-grammar-a-guide-to-mastering-the-rules-and-principles\">Englannin kieliopin merkitys: opas s\u00e4\u00e4nt\u00f6jen ja periaatteiden hallintaan<\/h2>\n\n\n\n<p>Koska <a href=\"https:\/\/talkpal.ai\/learn-english-with-ai\/\">englanti<\/a> on yksi merkitt\u00e4vimmist\u00e4 kielist\u00e4, joita puhutaan ymp\u00e4ri maailmaa, ei ole mik\u00e4\u00e4n yll\u00e4tys, ett\u00e4 ihmiset ovat innokkaita parantamaan kielitaitoaan ja sen hallintaa. Englannin kielen hallitseminen edellytt\u00e4\u00e4 sen kieliopin ymm\u00e4rt\u00e4mist\u00e4. Mutta miksi kielioppi on niin t\u00e4rke\u00e4\u00e4 ja miten voimme oppia sit\u00e4 tehokkaasti? T\u00e4ss\u00e4 artikkelissa perehdymme englannin kieliopin merkitykseen, keskustelemme sen keskeisist\u00e4 periaatteista ja jaamme k\u00e4tevi\u00e4 vinkkej\u00e4, joiden avulla voit parantaa taitojasi.<\/p>\n\n\n\n<h3 class=\"wp-block-heading\" id=\"h-the-role-of-grammar-in-the-english-language\">Kieliopin rooli englannin kieless\u00e4:<\/h3>\n\n\n\n<p>Mik\u00e4 kielioppi on niin t\u00e4rke\u00e4\u00e4? Kielioppi on pohjimmiltaan kielen rakennuspalikoita &#8211; se on joukko s\u00e4\u00e4nt\u00f6j\u00e4 ja periaatteita, jotka ohjaavat sit\u00e4, miten k\u00e4yt\u00e4mme sanoja muodostaaksemme merkityksellisi\u00e4 lauseita. Noudattamalla n\u00e4it\u00e4 s\u00e4\u00e4nt\u00f6j\u00e4 voimme varmistaa selke\u00e4n viestinn\u00e4n ja v\u00e4ltt\u00e4\u00e4 v\u00e4\u00e4rink\u00e4sityksi\u00e4. Kuvittele, ett\u00e4 yrit\u00e4t kokata aterian noudattamatta resepti\u00e4 &#8211; lopputulos voi olla ep\u00e4miellytt\u00e4v\u00e4! Samoin kieliopin laiminly\u00f6nti p\u00e4ivitt\u00e4isess\u00e4 puheessa ja kirjoittamisessa voi johtaa sekaannuksiin ja v\u00e4\u00e4rintulkintoihin.<\/p>\n\n\n\n<h3 class=\"wp-block-heading\" id=\"h-key-principles-of-english-grammar\">Englannin kieliopin keskeiset periaatteet:<\/h3>\n\n\n\n<p>Vaikka <a href=\"https:\/\/talkpal.ai\/english-grammar\/\">englannin kielioppi<\/a> k\u00e4sitt\u00e4\u00e4 valtavan m\u00e4\u00e4r\u00e4n s\u00e4\u00e4nt\u00f6j\u00e4, on olemassa joitakin keskeisi\u00e4 periaatteita, jotka sinun on hyv\u00e4 tiedostaa:<\/p>\n\n\n\n<p><strong>1. Puheen osat:<\/strong> N\u00e4m\u00e4 ovat sanojen rooleja lauseessa. Teht\u00e4v\u00e4ns\u00e4 mukaan sanat voidaan luokitella substantiiveiksi, pronomineiksi, verbeiksi, adjektiiveiksi, adverbeiksi, prepositioiksi, konjunktioiksi <a href=\"https:\/\/talkpal.ai\/learn-thai\/\">tai<\/a> interjektioiksi.<\/p>\n\n\n\n<p><strong>2. Aikamuodot:<\/strong> Aikamuodot ilmaisevat toimien tai olotilojen ajankohdan. Ne luokitellaan menneisyyteen, nykyhetkeen ja tulevaisuuteen, ja kussakin aikamuodossa on nelj\u00e4 aspektia &#8211; yksinkertainen, progressiivinen, perfekti ja perfekti progressiivinen.<\/p>\n\n\n\n<p><strong>3. Subjekti-verbisopimus:<\/strong> Lauseen subjektin (substantiivi tai pronomini) ja verbin lukum\u00e4\u00e4r\u00e4n on oltava <a href=\"https:\/\/talkpal.ai\/locations\/language-courses-in-sama\/\">sama<\/a> &#8211; yksik\u00f6ss\u00e4 tai monikossa. Esimerkiksi &#8221;H\u00e4n lukee kirjaa&#8221; ja &#8221;He lukevat kirjoja&#8221; ovat molemmat kieliopillisesti oikein.<\/p>\n\n\n\n<p><strong>4. Lauserakenne:<\/strong> Hyvin j\u00e4sennelty lause koostuu subjektista, verbist\u00e4 ja usein my\u00f6s objektista. Lauseet voivat olla yksinkertaisia (yksi itsen\u00e4inen lauseke), koostettuja (kaksi tai useampia itsen\u00e4isi\u00e4 lausekkeita) tai monimutkaisia (yksi itsen\u00e4inen lauseke ja yksi tai useampi riippuvainen lauseke).<\/p>\n\n\n\n<p><strong>5. V\u00e4limerkit:<\/strong> V\u00e4limerkit, kuten pilkut, pisteet ja puolipisteet, ovat ratkaisevan t\u00e4rkeit\u00e4 kirjoitetun kielen j\u00e4rjest\u00e4misess\u00e4 ja selvent\u00e4misess\u00e4. Oikea v\u00e4limerkkien k\u00e4ytt\u00f6 varmistaa, ett\u00e4 ajatuksesi v\u00e4littyv\u00e4t t\u00e4sm\u00e4llisesti ja johdonmukaisesti.<\/p>\n\n\n\n<h3 class=\"wp-block-heading\" id=\"h-tips-to-improve-your-english-grammar\">Vinkkej\u00e4 englannin kieliopin parantamiseen:<\/h3>\n\n\n\n<p>Nyt kun olemme k\u00e4sitelleet englannin kieliopin perusteita, katsotaanpa muutamia tehokkaita tapoja hioa taitojasi:<\/p>\n\n\n\n<p><strong>1. Lue s\u00e4\u00e4nn\u00f6llisesti:<\/strong> Lukeminen on erinomainen tapa sis\u00e4ist\u00e4\u00e4 oikea kielioppi. Mit\u00e4 enemm\u00e4n tutustut hyvin kirjoitettuihin artikkeleihin, kirjoihin tai esseisiin, sit\u00e4 paremmin ymm\u00e4rr\u00e4t s\u00e4\u00e4nn\u00f6t ja rakenteet.<\/p>\n\n\n\n<p><strong>2. Harjoittele kirjoittamista:<\/strong> Kirjoittamalla s\u00e4\u00e4nn\u00f6llisesti voit soveltaa kielioppitietojasi ja tunnistaa alueet, joilla tarvitset parannusta. Harkitse p\u00e4iv\u00e4kirjan pit\u00e4mist\u00e4 tai blogin perustamista kirjoitustaitojesi kehitt\u00e4miseksi.<\/p>\n\n\n\n<p><strong>3. Tutustu kielioppiresursseihin:<\/strong> Hanki k\u00e4siisi arvostettuja kielioppikirjoja, verkkosivuja tai sovelluksia, joilla voit syvent\u00e4\u00e4 s\u00e4\u00e4nt\u00f6jesi ymm\u00e4rryst\u00e4. N\u00e4iden materiaalien s\u00e4\u00e4nn\u00f6llinen l\u00e4pik\u00e4yminen auttaa vahvistamaan tiet\u00e4myst\u00e4si.<\/p>\n\n\n\n<p><strong>4. Pyyd\u00e4 palautetta:<\/strong> Keskustele muiden kanssa saadaksesi rakentavaa kritiikki\u00e4 kirjoitetusta ja puhutusta englannista. T\u00e4m\u00e4 voi tapahtua nettifoorumien, kielivaihtoryhmien tai englantia osaavien yst\u00e4vien ja kollegoiden kautta.<\/p>\n\n\n\n<p><strong>5. Ole k\u00e4rsiv\u00e4llinen ja sinnik\u00e4s:<\/strong> Kieliopin oppiminen on asteittainen prosessi, joka vaatii aikaa ja vaivaa. Pysy sitoutuneena, jatka harjoittelua ja juhli edistymist\u00e4si.<\/p>\n\n\n\n<h3 class=\"wp-block-heading\" id=\"h-conclusion\">Johtop\u00e4\u00e4t\u00f6kset:<\/h3>\n\n\n\n<p>Englannin kieliopin hallitseminen on olennainen askel matkalla kohti sujuvaa kielenk\u00e4ytt\u00f6\u00e4. Ymm\u00e4rt\u00e4m\u00e4ll\u00e4 sen merkityksen, tutustumalla sen keskeisiin periaatteisiin ja harjoittelemalla sit\u00e4 aktiivisesti, hallitset kielen pian hyvin. Muista, ett\u00e4 Roomaa ei rakennettu p\u00e4iv\u00e4ss\u00e4 &#8211; joten ole k\u00e4rsiv\u00e4llinen, pid\u00e4 hauskaa ja nauti matkasta kohti moitteetonta kielioppia!<\/p>\n<\/div><\/div>\n\r\n<section class=\"learnNavigationSection\">\r\n            \r\n        <a href=\"https:\/\/talkpal.ai\/fi\/opi-englantia\/\">\r\n            <div class=\"learnNavigationWrapper\">\r\n                <div class=\"learnNavigationContent\">\r\n                    <img decoding=\"async\" src=\"https:\/\/talkpal.ai\/wp-content\/uploads\/2024\/08\/English.jpg\" alt=\"English Flag\">\r\n                    <div>\r\n                        <h4>Tietoa englannin oppimisesta<\/h4>\r\n                        <p>Tutustu englannin kielioppiin.<\/p>\r\n                    <\/div>\r\n                <\/div>\r\n            <\/div>\r\n        <\/a>\r\n\r\n        \r\n        <a href=\"https:\/\/talkpal.ai\/fi\/englannin-kielioppiharjoitukset\/\">\r\n            <div class=\"learnNavigationWrapper\">\r\n                <div class=\"learnNavigationContent\">\r\n                    <img decoding=\"async\" src=\"https:\/\/talkpal.ai\/wp-content\/uploads\/2024\/08\/English.jpg\" alt=\"English Flag\">\r\n                    <div>\r\n                        <h4>Englannin kielioppiharjoitukset<\/h4>\r\n                        <p>Harjoittele englannin kielioppia.<\/p>\r\n                    <\/div>\r\n                <\/div>\r\n            <\/div>\r\n        <\/a>\r\n\r\n        \r\n        <a href=\"https:\/\/talkpal.ai\/vocabulary_language\/english\/\">\r\n            <div class=\"learnNavigationWrapper\">\r\n                <div class=\"learnNavigationContent\">\r\n                    <img decoding=\"async\" src=\"https:\/\/talkpal.ai\/wp-content\/uploads\/2024\/08\/English.jpg\" alt=\"English Flag\">\r\n                    <div>\r\n                        <h4>Englannin sanasto<\/h4>\r\n                        <p>Laajenna englanninkielist\u00e4 sanavarastoasi.<\/p>\r\n                    <\/div>\r\n                <\/div>\r\n            <\/div>\r\n        <\/a>\r\n\r\n            <\/section>","protected":false},"excerpt":{"rendered":"<p>Englannin kieliopin merkitys: opas s\u00e4\u00e4nt\u00f6jen ja periaatteiden hallintaan Koska englanti on yksi merkitt\u00e4vimmist\u00e4 kielist\u00e4, joita puhutaan ymp\u00e4ri maailmaa, ei ole mik\u00e4\u00e4n yll\u00e4tys, ett\u00e4 ihmiset ovat innokkaita parantamaan kielitaitoaan ja sen hallintaa. Englannin kielen hallitseminen edellytt\u00e4\u00e4 sen kieliopin ymm\u00e4rt\u00e4mist\u00e4. Mutta miksi kielioppi on niin t\u00e4rke\u00e4\u00e4 ja miten voimme oppia sit\u00e4 tehokkaasti? T\u00e4ss\u00e4 artikkelissa perehdymme englannin kieliopin [&hellip;]<\/p>\n","protected":false},"author":1,"featured_media":6252,"parent":0,"menu_order":0,"comment_status":"closed","ping_status":"closed","template":"LearningContentPage.php","meta":{"_acf_changed":false,"footnotes":""},"class_list":["post-60065","page","type-page","status-publish","has-post-thumbnail","hentry"],"acf":[],"yoast_head":"<!-- This site is optimized with the Yoast SEO Premium plugin v27.2 (Yoast SEO v27.2) - https:\/\/yoast.com\/product\/yoast-seo-premium-wordpress\/ -->\n<title>Englannin kielioppi - Talkpal<\/title>\n<meta name=\"description\" content=\"Paranna englannin kielioppitaitojasi vaivattomasti k\u00e4ytt\u00e4m\u00e4ll\u00e4 Talkpalteko\u00e4lypohjaisella kielenoppimissovelluksella.\" \/>\n<meta name=\"robots\" content=\"index, follow, max-snippet:-1, max-image-preview:large, max-video-preview:-1\" \/>\n<link rel=\"canonical\" href=\"https:\/\/talkpal.ai\/fi\/englannin-kielioppi\/\" \/>\n<meta property=\"og:locale\" content=\"fi_FI\" \/>\n<meta property=\"og:type\" content=\"article\" \/>\n<meta property=\"og:title\" content=\"Englannin kielioppi\" \/>\n<meta property=\"og:description\" content=\"Englannin kieliopin merkitys: opas s\u00e4\u00e4nt\u00f6jen ja periaatteiden hallintaan Koska englanti on yksi merkitt\u00e4vimmist\u00e4 kielist\u00e4, joita puhutaan ymp\u00e4ri maailmaa,\" \/>\n<meta property=\"og:url\" content=\"https:\/\/talkpal.ai\/fi\/englannin-kielioppi\/\" \/>\n<meta property=\"og:site_name\" content=\"Talkpal\" \/>\n<meta property=\"article:publisher\" content=\"https:\/\/www.facebook.com\/profile.php?id=100090733639311\" \/>\n<meta property=\"article:modified_time\" content=\"2025-05-22T19:28:00+00:00\" \/>\n<meta property=\"og:image\" content=\"https:\/\/talkpal.ai\/wp-content\/uploads\/2023\/03\/united-kingdom.png\" \/>\n\t<meta property=\"og:image:width\" content=\"512\" \/>\n\t<meta property=\"og:image:height\" content=\"512\" \/>\n\t<meta property=\"og:image:type\" content=\"image\/png\" \/>\n<meta name=\"twitter:card\" content=\"summary_large_image\" \/>\n<meta name=\"twitter:site\" content=\"@talkpalai\" \/>\n<meta name=\"twitter:label1\" content=\"Arvioitu lukuaika\" \/>\n\t<meta name=\"twitter:data1\" content=\"3 minuuttia\" \/>\n<script type=\"application\/ld+json\" class=\"yoast-schema-graph\">{\"@context\":\"https:\/\/schema.org\",\"@graph\":[{\"@type\":\"WebPage\",\"@id\":\"https:\/\/talkpal.ai\/fi\/englannin-kielioppi\/\",\"url\":\"https:\/\/talkpal.ai\/fi\/englannin-kielioppi\/\",\"name\":\"Englannin kielioppi - Talkpal\",\"isPartOf\":{\"@id\":\"https:\/\/talkpal.ai\/fi\/#website\"},\"primaryImageOfPage\":{\"@id\":\"https:\/\/talkpal.ai\/fi\/englannin-kielioppi\/#primaryimage\"},\"image\":{\"@id\":\"https:\/\/talkpal.ai\/fi\/englannin-kielioppi\/#primaryimage\"},\"thumbnailUrl\":\"https:\/\/talkpal.ai\/wp-content\/uploads\/2023\/03\/united-kingdom.png\",\"datePublished\":\"2023-03-25T16:57:06+00:00\",\"dateModified\":\"2025-05-22T19:28:00+00:00\",\"description\":\"Paranna englannin kielioppitaitojasi vaivattomasti k\u00e4ytt\u00e4m\u00e4ll\u00e4 Talkpalteko\u00e4lypohjaisella kielenoppimissovelluksella.\",\"breadcrumb\":{\"@id\":\"https:\/\/talkpal.ai\/fi\/englannin-kielioppi\/#breadcrumb\"},\"inLanguage\":\"fi\",\"potentialAction\":[{\"@type\":\"ReadAction\",\"target\":[\"https:\/\/talkpal.ai\/fi\/englannin-kielioppi\/\"]}]},{\"@type\":\"ImageObject\",\"inLanguage\":\"fi\",\"@id\":\"https:\/\/talkpal.ai\/fi\/englannin-kielioppi\/#primaryimage\",\"url\":\"https:\/\/talkpal.ai\/wp-content\/uploads\/2023\/03\/united-kingdom.png\",\"contentUrl\":\"https:\/\/talkpal.ai\/wp-content\/uploads\/2023\/03\/united-kingdom.png\",\"width\":512,\"height\":512,\"caption\":\"TalkPal AI learn English\"},{\"@type\":\"BreadcrumbList\",\"@id\":\"https:\/\/talkpal.ai\/fi\/englannin-kielioppi\/#breadcrumb\",\"itemListElement\":[{\"@type\":\"ListItem\",\"position\":1,\"name\":\"Homepage\",\"item\":\"https:\/\/talkpal.ai\/fi\/\"},{\"@type\":\"ListItem\",\"position\":2,\"name\":\"Englannin kielioppi\"}]},{\"@type\":\"WebSite\",\"@id\":\"https:\/\/talkpal.ai\/fi\/#website\",\"url\":\"https:\/\/talkpal.ai\/fi\/\",\"name\":\"Talkpal\",\"description\":\"AI Language Learning\",\"publisher\":{\"@id\":\"https:\/\/talkpal.ai\/fi\/#organization\"},\"alternateName\":\"Talkpal AI\",\"potentialAction\":[{\"@type\":\"SearchAction\",\"target\":{\"@type\":\"EntryPoint\",\"urlTemplate\":\"https:\/\/talkpal.ai\/fi\/?s={search_term_string}\"},\"query-input\":{\"@type\":\"PropertyValueSpecification\",\"valueRequired\":true,\"valueName\":\"search_term_string\"}}],\"inLanguage\":\"fi\"},{\"@type\":\"Organization\",\"@id\":\"https:\/\/talkpal.ai\/fi\/#organization\",\"name\":\"Talkpal, Inc.\",\"alternateName\":\"Talkpal AI\",\"url\":\"https:\/\/talkpal.ai\/fi\/\",\"logo\":{\"@type\":\"ImageObject\",\"inLanguage\":\"fi\",\"@id\":\"https:\/\/talkpal.ai\/fi\/#\/schema\/logo\/image\/\",\"url\":\"https:\/\/talkpal.ai\/wp-content\/uploads\/2024\/03\/Talkpal-Logo-Icon.png\",\"contentUrl\":\"https:\/\/talkpal.ai\/wp-content\/uploads\/2024\/03\/Talkpal-Logo-Icon.png\",\"width\":2880,\"height\":2880,\"caption\":\"Talkpal, Inc.\"},\"image\":{\"@id\":\"https:\/\/talkpal.ai\/fi\/#\/schema\/logo\/image\/\"},\"sameAs\":[\"https:\/\/www.facebook.com\/profile.php?id=100090733639311\",\"https:\/\/x.com\/talkpalai\",\"https:\/\/www.linkedin.com\/company\/talkpal\/\",\"https:\/\/www.youtube.com\/@TalkPal\/\",\"https:\/\/www.tiktok.com\/@talkpal\",\"https:\/\/www.instagram.com\/talkpal_ai\/\",\"https:\/\/www.crunchbase.com\/organization\/talkpal-9cde\",\"https:\/\/www.g2.com\/products\/talkpal-for-business\/\",\"https:\/\/www.trustpilot.com\/review\/talkpal.ai\",\"https:\/\/www.capterra.com\/p\/10006800\/TalkPal\/\"],\"description\":\"Talkpal is a language learning web and mobile education app, powered by the latest AI technologies, that provides engaging experiences to its customers in many different languages to help them improve their language skills. Users can chat about unlimited amount of topics with the app and use other modes to practice their language learning.\",\"email\":\"support@talkpal.ai\",\"legalName\":\"Talkpal, Inc.\",\"foundingDate\":\"2023-04-03\",\"duns\":\"118989042\",\"numberOfEmployees\":{\"@type\":\"QuantitativeValue\",\"minValue\":\"11\",\"maxValue\":\"50\"},\"publishingPrinciples\":\"https:\/\/talkpal.ai\/publishing-principles\/\",\"actionableFeedbackPolicy\":\"https:\/\/talkpal.ai\/actionable-feedback-policy\/\",\"correctionsPolicy\":\"https:\/\/talkpal.ai\/corrections-policy\/\",\"ethicsPolicy\":\"https:\/\/talkpal.ai\/ethics-policy\/\",\"diversityPolicy\":\"https:\/\/talkpal.ai\/diversity-policy\/\",\"diversityStaffingReport\":\"https:\/\/talkpal.ai\/diversity-policy\/\"}]}<\/script>\n<!-- \/ Yoast SEO Premium plugin. -->","yoast_head_json":{"title":"Englannin kielioppi - Talkpal","description":"Paranna englannin kielioppitaitojasi vaivattomasti k\u00e4ytt\u00e4m\u00e4ll\u00e4 Talkpalteko\u00e4lypohjaisella kielenoppimissovelluksella.","robots":{"index":"index","follow":"follow","max-snippet":"max-snippet:-1","max-image-preview":"max-image-preview:large","max-video-preview":"max-video-preview:-1"},"canonical":"https:\/\/talkpal.ai\/fi\/englannin-kielioppi\/","og_locale":"fi_FI","og_type":"article","og_title":"Englannin kielioppi","og_description":"Englannin kieliopin merkitys: opas s\u00e4\u00e4nt\u00f6jen ja periaatteiden hallintaan Koska englanti on yksi merkitt\u00e4vimmist\u00e4 kielist\u00e4, joita puhutaan ymp\u00e4ri maailmaa,","og_url":"https:\/\/talkpal.ai\/fi\/englannin-kielioppi\/","og_site_name":"Talkpal","article_publisher":"https:\/\/www.facebook.com\/profile.php?id=100090733639311","article_modified_time":"2025-05-22T19:28:00+00:00","og_image":[{"width":512,"height":512,"url":"https:\/\/talkpal.ai\/wp-content\/uploads\/2023\/03\/united-kingdom.png","type":"image\/png"}],"twitter_card":"summary_large_image","twitter_site":"@talkpalai","twitter_misc":{"Arvioitu lukuaika":"3 minuuttia"},"schema":{"@context":"https:\/\/schema.org","@graph":[{"@type":"WebPage","@id":"https:\/\/talkpal.ai\/fi\/englannin-kielioppi\/","url":"https:\/\/talkpal.ai\/fi\/englannin-kielioppi\/","name":"Englannin kielioppi - Talkpal","isPartOf":{"@id":"https:\/\/talkpal.ai\/fi\/#website"},"primaryImageOfPage":{"@id":"https:\/\/talkpal.ai\/fi\/englannin-kielioppi\/#primaryimage"},"image":{"@id":"https:\/\/talkpal.ai\/fi\/englannin-kielioppi\/#primaryimage"},"thumbnailUrl":"https:\/\/talkpal.ai\/wp-content\/uploads\/2023\/03\/united-kingdom.png","datePublished":"2023-03-25T16:57:06+00:00","dateModified":"2025-05-22T19:28:00+00:00","description":"Paranna englannin kielioppitaitojasi vaivattomasti k\u00e4ytt\u00e4m\u00e4ll\u00e4 Talkpalteko\u00e4lypohjaisella kielenoppimissovelluksella.","breadcrumb":{"@id":"https:\/\/talkpal.ai\/fi\/englannin-kielioppi\/#breadcrumb"},"inLanguage":"fi","potentialAction":[{"@type":"ReadAction","target":["https:\/\/talkpal.ai\/fi\/englannin-kielioppi\/"]}]},{"@type":"ImageObject","inLanguage":"fi","@id":"https:\/\/talkpal.ai\/fi\/englannin-kielioppi\/#primaryimage","url":"https:\/\/talkpal.ai\/wp-content\/uploads\/2023\/03\/united-kingdom.png","contentUrl":"https:\/\/talkpal.ai\/wp-content\/uploads\/2023\/03\/united-kingdom.png","width":512,"height":512,"caption":"TalkPal AI learn English"},{"@type":"BreadcrumbList","@id":"https:\/\/talkpal.ai\/fi\/englannin-kielioppi\/#breadcrumb","itemListElement":[{"@type":"ListItem","position":1,"name":"Homepage","item":"https:\/\/talkpal.ai\/fi\/"},{"@type":"ListItem","position":2,"name":"Englannin kielioppi"}]},{"@type":"WebSite","@id":"https:\/\/talkpal.ai\/fi\/#website","url":"https:\/\/talkpal.ai\/fi\/","name":"Talkpal","description":"AI Language Learning","publisher":{"@id":"https:\/\/talkpal.ai\/fi\/#organization"},"alternateName":"Talkpal AI","potentialAction":[{"@type":"SearchAction","target":{"@type":"EntryPoint","urlTemplate":"https:\/\/talkpal.ai\/fi\/?s={search_term_string}"},"query-input":{"@type":"PropertyValueSpecification","valueRequired":true,"valueName":"search_term_string"}}],"inLanguage":"fi"},{"@type":"Organization","@id":"https:\/\/talkpal.ai\/fi\/#organization","name":"Talkpal, Inc.","alternateName":"Talkpal AI","url":"https:\/\/talkpal.ai\/fi\/","logo":{"@type":"ImageObject","inLanguage":"fi","@id":"https:\/\/talkpal.ai\/fi\/#\/schema\/logo\/image\/","url":"https:\/\/talkpal.ai\/wp-content\/uploads\/2024\/03\/Talkpal-Logo-Icon.png","contentUrl":"https:\/\/talkpal.ai\/wp-content\/uploads\/2024\/03\/Talkpal-Logo-Icon.png","width":2880,"height":2880,"caption":"Talkpal, Inc."},"image":{"@id":"https:\/\/talkpal.ai\/fi\/#\/schema\/logo\/image\/"},"sameAs":["https:\/\/www.facebook.com\/profile.php?id=100090733639311","https:\/\/x.com\/talkpalai","https:\/\/www.linkedin.com\/company\/talkpal\/","https:\/\/www.youtube.com\/@TalkPal\/","https:\/\/www.tiktok.com\/@talkpal","https:\/\/www.instagram.com\/talkpal_ai\/","https:\/\/www.crunchbase.com\/organization\/talkpal-9cde","https:\/\/www.g2.com\/products\/talkpal-for-business\/","https:\/\/www.trustpilot.com\/review\/talkpal.ai","https:\/\/www.capterra.com\/p\/10006800\/TalkPal\/"],"description":"Talkpal is a language learning web and mobile education app, powered by the latest AI technologies, that provides engaging experiences to its customers in many different languages to help them improve their language skills. Users can chat about unlimited amount of topics with the app and use other modes to practice their language learning.","email":"support@talkpal.ai","legalName":"Talkpal, Inc.","foundingDate":"2023-04-03","duns":"118989042","numberOfEmployees":{"@type":"QuantitativeValue","minValue":"11","maxValue":"50"},"publishingPrinciples":"https:\/\/talkpal.ai\/publishing-principles\/","actionableFeedbackPolicy":"https:\/\/talkpal.ai\/actionable-feedback-policy\/","correctionsPolicy":"https:\/\/talkpal.ai\/corrections-policy\/","ethicsPolicy":"https:\/\/talkpal.ai\/ethics-policy\/","diversityPolicy":"https:\/\/talkpal.ai\/diversity-policy\/","diversityStaffingReport":"https:\/\/talkpal.ai\/diversity-policy\/"}]}},"_links":{"self":[{"href":"https:\/\/talkpal.ai\/fi\/wp-json\/wp\/v2\/pages\/60065","targetHints":{"allow":["GET"]}}],"collection":[{"href":"https:\/\/talkpal.ai\/fi\/wp-json\/wp\/v2\/pages"}],"about":[{"href":"https:\/\/talkpal.ai\/fi\/wp-json\/wp\/v2\/types\/page"}],"author":[{"embeddable":true,"href":"https:\/\/talkpal.ai\/fi\/wp-json\/wp\/v2\/users\/1"}],"replies":[{"embeddable":true,"href":"https:\/\/talkpal.ai\/fi\/wp-json\/wp\/v2\/comments?post=60065"}],"version-history":[{"count":0,"href":"https:\/\/talkpal.ai\/fi\/wp-json\/wp\/v2\/pages\/60065\/revisions"}],"wp:featuredmedia":[{"embeddable":true,"href":"https:\/\/talkpal.ai\/fi\/wp-json\/wp\/v2\/media\/6252"}],"wp:attachment":[{"href":"https:\/\/talkpal.ai\/fi\/wp-json\/wp\/v2\/media?parent=60065"}],"curies":[{"name":"wp","href":"https:\/\/api.w.org\/{rel}","templated":true}]}}