{"id":166575,"date":"2023-06-16T10:58:35","date_gmt":"2023-06-16T10:58:35","guid":{"rendered":"http:\/\/talkpal.ai\/venajan-kielioppiharjoitukset\/"},"modified":"2025-12-17T16:24:48","modified_gmt":"2025-12-17T16:24:48","slug":"venajan-kielioppiharjoitukset","status":"publish","type":"page","link":"https:\/\/talkpal.ai\/fi\/venajan-kielioppiharjoitukset\/","title":{"rendered":"Ven\u00e4j\u00e4n kielioppiharjoitukset"},"content":{"rendered":"\r\n\r\n\r\n<section class=\"languageChallengeSection\">\r\n    <div class=\"languageInfoWrapper\">\r\n        \r\n        <h1>Ven\u00e4j\u00e4n kielioppiharjoitukset<\/h1>\r\n        <p>Oletko valmis vahvistamaan ven\u00e4j\u00e4n taitojasi? Kielioppiharjoitukset ovat yksi parhaista tavoista hallita lauserakennetta, verbien taivutuksia ja ven\u00e4j\u00e4n kielen ainutlaatuisia s\u00e4\u00e4nt\u00f6j\u00e4. Aloita ven\u00e4j\u00e4n kieliopin tutkiminen jo t\u00e4n\u00e4\u00e4n ja katso, kuinka ymm\u00e4rryksesi ja sujuvuutesi kasvavat jokaisen harjoituksen my\u00f6t\u00e4!<\/p>\r\n\r\n                            <a class=\"getStartedHidden\" href=\"https:\/\/app.talkpal.ai\/fi\/signup?lng=\">Aloita<\/a>\r\n        \r\n    <\/div>\r\n\r\n    <figure>\r\n    <img decoding=\"async\" width=\"768\" height=\"768\" src=\"https:\/\/talkpal.ai\/wp-content\/uploads\/2023\/06\/russian-768x768.png\" class=\"languageImage no-lazy\" alt=\"Default alt text\" fetchpriority=\"high\" sizes=\"(max-width: 768px) 150px, 768px\" srcset=\"https:\/\/talkpal.ai\/wp-content\/uploads\/2023\/06\/russian-768x768.png 768w, https:\/\/talkpal.ai\/wp-content\/uploads\/2023\/06\/russian-300x300.png 300w\" \/>\r\n    \r\n\r\n    <\/figure>\r\n\r\n            <a class=\"getStartedVisible\" href=\"https:\/\/app.talkpal.ai\/fi\/signup?lng=\">Aloita<\/a>\r\n    \r\n<\/section>\r\n\r\n\r\n<!-- <section class=\"grammarSection\">\r\n    <div class=\"grammarLinks\">\r\n        <a href=\"https:\/\/talkpal.ai\/fi\/exercise_language\/adjektiivit-venajan-kielioppi\/\">Adjektiivit <\/a><a href=\"https:\/\/talkpal.ai\/fi\/exercise_language\/adverbit-venajan-kielioppi\/\">Adverbit <\/a><a href=\"https:\/\/talkpal.ai\/fi\/exercise_language\/aikamuodot-konjunktiivi-venajan-kielioppi\/\">Aikamuodot Konjunktiivi <\/a><a href=\"https:\/\/talkpal.ai\/fi\/exercise_language\/aikamuotojen-vertailu-venajan-kielioppi\/\">Aikamuotojen vertailu <\/a><a href=\"https:\/\/talkpal.ai\/fi\/exercise_language\/artikkelit-venajan-kielioppi\/\">Artikkelit <\/a><a href=\"https:\/\/talkpal.ai\/fi\/exercise_language\/indikatiiviset-aikamuodot-venajan-kielioppi\/\">Indikatiiviset aikamuodot <\/a><a href=\"https:\/\/talkpal.ai\/fi\/exercise_language\/lauserakenne-venajan-kielioppi\/\">Lauserakenne <\/a><a href=\"https:\/\/talkpal.ai\/fi\/exercise_language\/prepositiot-venajan-kielioppi\/\">Prepositiot <\/a><a href=\"https:\/\/talkpal.ai\/fi\/exercise_language\/pronominit-venajan-kielioppi\/\">Pronominit <\/a><a href=\"https:\/\/talkpal.ai\/fi\/exercise_language\/substantiivit-venajan-kielioppi\/\">Substantiivit <\/a><a href=\"https:\/\/talkpal.ai\/fi\/exercise_language\/verbit-venajan-kielioppi\/\">Verbit <\/a>    <\/div>\r\n<\/section> -->\r\n\r\n\r\n\r\n\r\n        <section class=\"grammarSection\">\r\n            <div class=\"grammarLinks\">\r\n                <a href=\"https:\/\/talkpal.ai\/fi\/exercise_language\/adjektiivit-venajan-kielioppi\/\">Adjektiivit <\/a><a href=\"https:\/\/talkpal.ai\/fi\/exercise_language\/adverbit-venajan-kielioppi\/\">Adverbit <\/a><a href=\"https:\/\/talkpal.ai\/fi\/exercise_language\/aikamuodot-konjunktiivi-venajan-kielioppi\/\">Aikamuodot Konjunktiivi <\/a><a href=\"https:\/\/talkpal.ai\/fi\/exercise_language\/aikamuotojen-vertailu-venajan-kielioppi\/\">Aikamuotojen vertailu <\/a><a href=\"https:\/\/talkpal.ai\/fi\/exercise_language\/artikkelit-venajan-kielioppi\/\">Artikkelit <\/a><a href=\"https:\/\/talkpal.ai\/fi\/exercise_language\/indikatiiviset-aikamuodot-venajan-kielioppi\/\">Indikatiiviset aikamuodot <\/a><a href=\"https:\/\/talkpal.ai\/fi\/exercise_language\/lauserakenne-venajan-kielioppi\/\">Lauserakenne <\/a><a href=\"https:\/\/talkpal.ai\/fi\/exercise_language\/prepositiot-venajan-kielioppi\/\">Prepositiot <\/a><a href=\"https:\/\/talkpal.ai\/fi\/exercise_language\/pronominit-venajan-kielioppi\/\">Pronominit <\/a><a href=\"https:\/\/talkpal.ai\/fi\/exercise_language\/substantiivit-venajan-kielioppi\/\">Substantiivit <\/a><a href=\"https:\/\/talkpal.ai\/fi\/exercise_language\/verbit-venajan-kielioppi\/\">Verbit <\/a>            <\/div>\r\n        <\/section>\r\n<section class=\"promotionalBanner\">\r\n    <p class=\"promotionalText\">Tehokkain tapa oppia kielt\u00e4<\/p>\r\n    <a class=\"promotionalLink\" href=\"https:\/\/app.talkpal.ai\/fi\/signup?lng=\">Kokeile Talkpal ilmaiseksi<\/a>\r\n<\/section>\n<div class=\"wp-block-group pageContainerStyle\"><div class=\"wp-block-group__inner-container is-layout-constrained wp-block-group-is-layout-constrained\">\n<h2 class=\"wp-block-heading\" id=\"h-russian-grammar-topics\">Ven\u00e4j\u00e4n kieliopin aiheet<\/h2>\n\n\n\n<p>Ven\u00e4j\u00e4n oppiminen voi olla uskomattoman palkitseva ja \u00e4lyllisesti stimuloiva kokemus. Ven\u00e4j\u00e4n kieli ei ole vain runsaasti sanastoa ja ilmaisuvoimaa, vaan se tarjoaa my\u00f6s ikkunan Ven\u00e4j\u00e4n ja entisen Neuvostoliiton kiehtovaan kulttuuriin, historiaan ja kirjallisuuteen. Kun aloitat matkan ven\u00e4j\u00e4n oppimiseen, on t\u00e4rke\u00e4\u00e4 tutustua erilaisiin kielioppiaiheisiin, jotka muodostavat kielitaitosi perustan. T\u00e4ss\u00e4 oppaassa annamme yleiskatsauksen ven\u00e4j\u00e4n kieliopin keskeisist\u00e4 aiheista, mukaan lukien aikamuodot, verbit, substantiivit, artikkelit, pronominit, adjektiivit, <a href=\"https:\/\/talkpal.ai\/fi\/grammar\/paikan-tsekin-kielioppi-adverbit\/\">adverbit<\/a>, <a href=\"https:\/\/talkpal.ai\/fi\/grammar\/kohdan-kannadan-kieliopissa-prepositiot\/\">prepositiot<\/a> ja lauserakenne. Kun hallitset n\u00e4m\u00e4 perusasiat, olet hyv\u00e4ll\u00e4 tiell\u00e4 kohti sujuvaa ven\u00e4j\u00e4n kielen taitoa.<\/p>\n\n\n\n<h3 class=\"wp-block-heading\" id=\"h-1-nouns\">1. Substantiivit:<\/h3>\n\n\n\n<p>Aloita oppimalla ven\u00e4l\u00e4isi\u00e4 substantiiveja, koska ne ovat kielen perusrakennuspalikoita. Ven\u00e4j\u00e4n substantiiveilla on kolme sukupuolta (maskuliininen, feminiininen ja neutri) ja kuusi tapausta (nominatiivi, genetiivi, datiivi, akkusatiivi, instrumentaali ja prepositionaalinen). Sukupuolen ja tapausj\u00e4rjestelm\u00e4n ymm\u00e4rt\u00e4minen on ratkaisevan t\u00e4rke\u00e4\u00e4, jotta substantiiveja voidaan k\u00e4ytt\u00e4\u00e4 oikein lauseissa.<\/p>\n\n\n\n<h3 class=\"wp-block-heading\" id=\"h-2-pronouns\">2. Pronominit:<\/h3>\n\n\n\n<p>Kun substantiivit ovat tuttuja, siirry pronomineihin, jotka korvaavat substantiivit lauseissa toiston v\u00e4ltt\u00e4miseksi. Pronomineilla on my\u00f6s sukupuolet ja tapaukset, ja on t\u00e4rke\u00e4\u00e4 oppia niiden muodot ja k\u00e4ytt\u00f6.<\/p>\n\n\n\n<h3 class=\"wp-block-heading\" id=\"h-3-adjectives\">3. Adjektiivit:<\/h3>\n\n\n\n<p>Adjektiivit kuvaavat <a href=\"https:\/\/talkpal.ai\/learn-thai\/\">tai<\/a> muokkaavat substantiiveja ja pronomineja. He ovat samaa mielt\u00e4 substantiiveista, joita he muokkaavat sukupuolen, numeron ja tapauksen mukaan. Opi adjektiivien eri muodot ja p\u00e4\u00e4tteet k\u00e4ytt\u00e4m\u00e4\u00e4n niit\u00e4 oikein.<\/p>\n\n\n\n<h3 class=\"wp-block-heading\" id=\"h-4-verbs\">4. Verbit:<\/h3>\n\n\n\n<p>Verbit ovat mink\u00e4 tahansa lauseen selk\u00e4ranka, koska ne ilmaisevat tekoja, tiloja tai tapahtumia. Ven\u00e4j\u00e4n kielell\u00e4 verbeill\u00e4 on kaksi n\u00e4k\u00f6kohtaa (t\u00e4ydellinen ja imperfektiivinen) ja konjugoidaan henkil\u00f6n, numeron ja j\u00e4nnityksen mukaan. Tutustu taivutusmuotoihin ja aspekteihin tarkkojen verbimuotojen muodostamiseksi.<\/p>\n\n\n\n<h3 class=\"wp-block-heading\" id=\"h-5-tenses-indicative\">5. Aikamuodot ohjeellisia:<\/h3>\n\n\n\n<p>Ven\u00e4j\u00e4ll\u00e4 on kolme indikatiivista aikamuotoa: menneisyys, nykyisyys ja tulevaisuus. Opi muodostamaan ja k\u00e4ytt\u00e4m\u00e4\u00e4n n\u00e4it\u00e4 aikamuotoja ilmaisemaan toimia ja tapahtumia eri aikav\u00e4leill\u00e4.<\/p>\n\n\n\n<h3 class=\"wp-block-heading\" id=\"h-6-tenses-subjunctive\">6. Aikamuodot subjunktiivinen:<\/h3>\n\n\n\n<p>Subjunktiivinen mieliala ilmaisee hypoteettisia tilanteita, toiveita tai ep\u00e4realistisia olosuhteita. Opi muodostamaan subjunktiivi ven\u00e4j\u00e4n kielell\u00e4 ja milloin sit\u00e4 k\u00e4ytet\u00e4\u00e4n lauseissa.<\/p>\n\n\n\n<h3 class=\"wp-block-heading\" id=\"h-7-tense-comparison\">7. J\u00e4nnittynyt vertailu:<\/h3>\n\n\n\n<p>Selke\u00e4n viestinn\u00e4n kannalta on v\u00e4ltt\u00e4m\u00e4t\u00f6nt\u00e4 ymm\u00e4rt\u00e4\u00e4, miten eri aikamuodoissa olevia toimintoja voidaan verrata ja verrata. Harjoittele eri aikamuotojen k\u00e4ytt\u00e4mist\u00e4 yhdess\u00e4 ilmaistaksesi monimutkaisia ajatuksia ja ideoita.<\/p>\n\n\n\n<h3 class=\"wp-block-heading\" id=\"h-8-adverbs\">8. Adverbit:<\/h3>\n\n\n\n<p><a href=\"https:\/\/talkpal.ai\/fi\/grammar\/paikan-tsekin-kielioppi-adverbit\/\">Adverbit<\/a> muokkaavat verbej\u00e4, adjektiiveja tai muita adverbeja ja antavat tietoa siit\u00e4, miten, milloin, miss\u00e4 tai miss\u00e4 m\u00e4\u00e4rin toiminta tapahtuu. Opi yleisi\u00e4 ven\u00e4l\u00e4isi\u00e4 adverbeja ja niiden k\u00e4ytt\u00f6\u00e4 lauseiden parantamiseksi.<\/p>\n\n\n\n<h3 class=\"wp-block-heading\" id=\"h-9-prepositions\">9. Prepositiot:<\/h3>\n\n\n\n<p><a href=\"https:\/\/talkpal.ai\/fi\/grammar\/kohdan-kannadan-kieliopissa-prepositiot\/\">Prepositiot<\/a> yhdist\u00e4v\u00e4t substantiivit, pronominit tai lauseet lauseen muihin sanoihin osoittaen suhteita, kuten sijaintia, suuntaa, aikaa tai tarkoitusta. Tutustu ven\u00e4l\u00e4isiin prepositioihin ja niit\u00e4 vastaaviin tapauksiin kieliopillisesti oikeiden lauseiden rakentamiseksi.<\/p>\n\n\n\n<h3 class=\"wp-block-heading\" id=\"h-10-sentence-structure\">10. Lauseen rakenne:<\/h3>\n\n\n\n<p>Lopuksi opi ven\u00e4l\u00e4isen lauserakenteen perusteet, mukaan lukien sanaj\u00e4rjestys, kielto ja kysymysten muodostaminen. Lauseiden oikean rakentamisen ymm\u00e4rt\u00e4minen varmistaa, ett\u00e4 puhuttu ja kirjoitettu <a href=\"https:\/\/talkpal.ai\/learn-russian\/\">ven\u00e4j\u00e4<\/a> on selke\u00e4 ja ymm\u00e4rrett\u00e4v\u00e4.<\/p>\n\n\n\n<p>Seuraamalla t\u00e4t\u00e4 j\u00e4rjestyst\u00e4 ja omistamalla aikaa jokaiselle kielioppiaiheelle kehit\u00e4t vahvan perustan ven\u00e4j\u00e4n kielell\u00e4, jolloin voit kommunikoida tehokkaasti ja arvostaa kielen kauneutta ja syvyytt\u00e4.<\/p>\n<\/div><\/div>\n\r\n<section class=\"learnNavigationSection\">\r\n            \r\n        <a href=\"https:\/\/talkpal.ai\/fi\/opi-venajaa\/\">\r\n            <div class=\"learnNavigationWrapper\">\r\n                <div class=\"learnNavigationContent\">\r\n                    <img decoding=\"async\" src=\"https:\/\/talkpal.ai\/wp-content\/uploads\/2024\/08\/Russian.jpg\" alt=\"Russian Flag\">\r\n                    <div>\r\n                        <h4>Tietoa ven\u00e4j\u00e4n kielen oppimisesta<\/h4>\r\n                        <p>Tutustu ven\u00e4j\u00e4n kielioppiin.<\/p>\r\n                    <\/div>\r\n                <\/div>\r\n            <\/div>\r\n        <\/a>\r\n\r\n        \r\n        <a href=\"https:\/\/talkpal.ai\/fi\/venajan-kielioppi\/\">\r\n            <div class=\"learnNavigationWrapper\">\r\n                <div class=\"learnNavigationContent\">\r\n                    <img decoding=\"async\" src=\"https:\/\/talkpal.ai\/wp-content\/uploads\/2024\/08\/Russian.jpg\" alt=\"Russian Flag\">\r\n                    <div>\r\n                        <h4>Ven\u00e4j\u00e4n kielioppi oppitunteja<\/h4>\r\n                        <p>Harjoittele ven\u00e4j\u00e4n kielioppia.<\/p>\r\n                    <\/div>\r\n                <\/div>\r\n            <\/div>\r\n        <\/a>\r\n\r\n        \r\n        <a href=\"https:\/\/talkpal.ai\/vocabulary_language\/russian\/\">\r\n            <div class=\"learnNavigationWrapper\">\r\n                <div class=\"learnNavigationContent\">\r\n                    <img decoding=\"async\" src=\"https:\/\/talkpal.ai\/wp-content\/uploads\/2024\/08\/Russian.jpg\" alt=\"Russian Flag\">\r\n                    <div>\r\n                        <h4>Ven\u00e4j\u00e4n sanastoa<\/h4>\r\n                        <p>Laajenna ven\u00e4j\u00e4n kielen sanavarastoasi.<\/p>\r\n                    <\/div>\r\n                <\/div>\r\n            <\/div>\r\n        <\/a>\r\n\r\n            <\/section>","protected":false},"excerpt":{"rendered":"<p>Ven\u00e4j\u00e4n kieliopin aiheet Ven\u00e4j\u00e4n oppiminen voi olla uskomattoman palkitseva ja \u00e4lyllisesti stimuloiva kokemus. Ven\u00e4j\u00e4n kieli ei ole vain runsaasti sanastoa ja ilmaisuvoimaa, vaan se tarjoaa my\u00f6s ikkunan Ven\u00e4j\u00e4n ja entisen Neuvostoliiton kiehtovaan kulttuuriin, historiaan ja kirjallisuuteen. Kun aloitat matkan ven\u00e4j\u00e4n oppimiseen, on t\u00e4rke\u00e4\u00e4 tutustua erilaisiin kielioppiaiheisiin, jotka muodostavat kielitaitosi perustan. T\u00e4ss\u00e4 oppaassa annamme yleiskatsauksen ven\u00e4j\u00e4n [&hellip;]<\/p>\n","protected":false},"author":6,"featured_media":11599,"parent":0,"menu_order":0,"comment_status":"closed","ping_status":"closed","template":"LearningContentPage.php","meta":{"_acf_changed":false,"footnotes":""},"class_list":["post-166575","page","type-page","status-publish","has-post-thumbnail","hentry"],"acf":[],"yoast_head":"<!-- This site is optimized with the Yoast SEO Premium plugin v27.2 (Yoast SEO v27.2) - https:\/\/yoast.com\/product\/yoast-seo-premium-wordpress\/ -->\n<title>Ven\u00e4j\u00e4n kielioppiharjoitukset - Talkpal<\/title>\n<meta name=\"description\" content=\"Tutustu keskeisiin ven\u00e4j\u00e4n kielen kielioppiharjoituksiin, joilla vahvistat kielitaitoasi ja saavutat sujuvan ven\u00e4j\u00e4n kielen taidon.\" \/>\n<meta name=\"robots\" content=\"index, follow, max-snippet:-1, max-image-preview:large, max-video-preview:-1\" \/>\n<link rel=\"canonical\" href=\"https:\/\/talkpal.ai\/fi\/venajan-kielioppiharjoitukset\/\" \/>\n<meta property=\"og:locale\" content=\"fi_FI\" \/>\n<meta property=\"og:type\" content=\"article\" \/>\n<meta property=\"og:title\" content=\"Ven\u00e4j\u00e4n kielioppiharjoitukset\" \/>\n<meta property=\"og:description\" content=\"Ven\u00e4j\u00e4n kieliopin aiheet Ven\u00e4j\u00e4n oppiminen voi olla uskomattoman palkitseva ja \u00e4lyllisesti stimuloiva kokemus. Ven\u00e4j\u00e4n kieli ei ole vain runsaasti\" \/>\n<meta property=\"og:url\" content=\"https:\/\/talkpal.ai\/fi\/venajan-kielioppiharjoitukset\/\" \/>\n<meta property=\"og:site_name\" content=\"Talkpal\" \/>\n<meta property=\"article:publisher\" content=\"https:\/\/www.facebook.com\/profile.php?id=100090733639311\" \/>\n<meta property=\"article:modified_time\" content=\"2025-12-17T16:24:48+00:00\" \/>\n<meta property=\"og:image\" content=\"https:\/\/talkpal.ai\/wp-content\/uploads\/2023\/04\/rusia.png\" \/>\n\t<meta property=\"og:image:width\" content=\"512\" \/>\n\t<meta property=\"og:image:height\" content=\"512\" \/>\n\t<meta property=\"og:image:type\" content=\"image\/png\" \/>\n<meta name=\"twitter:card\" content=\"summary_large_image\" \/>\n<meta name=\"twitter:site\" content=\"@talkpalai\" \/>\n<meta name=\"twitter:label1\" content=\"Arvioitu lukuaika\" \/>\n\t<meta name=\"twitter:data1\" content=\"2 minuuttia\" \/>\n<script type=\"application\/ld+json\" class=\"yoast-schema-graph\">{\"@context\":\"https:\/\/schema.org\",\"@graph\":[{\"@type\":\"WebPage\",\"@id\":\"https:\/\/talkpal.ai\/fi\/venajan-kielioppiharjoitukset\/\",\"url\":\"https:\/\/talkpal.ai\/fi\/venajan-kielioppiharjoitukset\/\",\"name\":\"Ven\u00e4j\u00e4n kielioppiharjoitukset - Talkpal\",\"isPartOf\":{\"@id\":\"https:\/\/talkpal.ai\/fi\/#website\"},\"primaryImageOfPage\":{\"@id\":\"https:\/\/talkpal.ai\/fi\/venajan-kielioppiharjoitukset\/#primaryimage\"},\"image\":{\"@id\":\"https:\/\/talkpal.ai\/fi\/venajan-kielioppiharjoitukset\/#primaryimage\"},\"thumbnailUrl\":\"https:\/\/talkpal.ai\/wp-content\/uploads\/2023\/04\/rusia.png\",\"datePublished\":\"2023-06-16T10:58:35+00:00\",\"dateModified\":\"2025-12-17T16:24:48+00:00\",\"description\":\"Tutustu keskeisiin ven\u00e4j\u00e4n kielen kielioppiharjoituksiin, joilla vahvistat kielitaitoasi ja saavutat sujuvan ven\u00e4j\u00e4n kielen taidon.\",\"breadcrumb\":{\"@id\":\"https:\/\/talkpal.ai\/fi\/venajan-kielioppiharjoitukset\/#breadcrumb\"},\"inLanguage\":\"fi\",\"potentialAction\":[{\"@type\":\"ReadAction\",\"target\":[\"https:\/\/talkpal.ai\/fi\/venajan-kielioppiharjoitukset\/\"]}]},{\"@type\":\"ImageObject\",\"inLanguage\":\"fi\",\"@id\":\"https:\/\/talkpal.ai\/fi\/venajan-kielioppiharjoitukset\/#primaryimage\",\"url\":\"https:\/\/talkpal.ai\/wp-content\/uploads\/2023\/04\/rusia.png\",\"contentUrl\":\"https:\/\/talkpal.ai\/wp-content\/uploads\/2023\/04\/rusia.png\",\"width\":512,\"height\":512},{\"@type\":\"BreadcrumbList\",\"@id\":\"https:\/\/talkpal.ai\/fi\/venajan-kielioppiharjoitukset\/#breadcrumb\",\"itemListElement\":[{\"@type\":\"ListItem\",\"position\":1,\"name\":\"Homepage\",\"item\":\"https:\/\/talkpal.ai\/fi\/\"},{\"@type\":\"ListItem\",\"position\":2,\"name\":\"Ven\u00e4j\u00e4n kielioppiharjoitukset\"}]},{\"@type\":\"WebSite\",\"@id\":\"https:\/\/talkpal.ai\/fi\/#website\",\"url\":\"https:\/\/talkpal.ai\/fi\/\",\"name\":\"Talkpal\",\"description\":\"AI Language Learning\",\"publisher\":{\"@id\":\"https:\/\/talkpal.ai\/fi\/#organization\"},\"alternateName\":\"Talkpal AI\",\"potentialAction\":[{\"@type\":\"SearchAction\",\"target\":{\"@type\":\"EntryPoint\",\"urlTemplate\":\"https:\/\/talkpal.ai\/fi\/?s={search_term_string}\"},\"query-input\":{\"@type\":\"PropertyValueSpecification\",\"valueRequired\":true,\"valueName\":\"search_term_string\"}}],\"inLanguage\":\"fi\"},{\"@type\":\"Organization\",\"@id\":\"https:\/\/talkpal.ai\/fi\/#organization\",\"name\":\"Talkpal, Inc.\",\"alternateName\":\"Talkpal AI\",\"url\":\"https:\/\/talkpal.ai\/fi\/\",\"logo\":{\"@type\":\"ImageObject\",\"inLanguage\":\"fi\",\"@id\":\"https:\/\/talkpal.ai\/fi\/#\/schema\/logo\/image\/\",\"url\":\"https:\/\/talkpal.ai\/wp-content\/uploads\/2024\/03\/Talkpal-Logo-Icon.png\",\"contentUrl\":\"https:\/\/talkpal.ai\/wp-content\/uploads\/2024\/03\/Talkpal-Logo-Icon.png\",\"width\":2880,\"height\":2880,\"caption\":\"Talkpal, Inc.\"},\"image\":{\"@id\":\"https:\/\/talkpal.ai\/fi\/#\/schema\/logo\/image\/\"},\"sameAs\":[\"https:\/\/www.facebook.com\/profile.php?id=100090733639311\",\"https:\/\/x.com\/talkpalai\",\"https:\/\/www.linkedin.com\/company\/talkpal\/\",\"https:\/\/www.youtube.com\/@TalkPal\/\",\"https:\/\/www.tiktok.com\/@talkpal\",\"https:\/\/www.instagram.com\/talkpal_ai\/\",\"https:\/\/www.crunchbase.com\/organization\/talkpal-9cde\",\"https:\/\/www.g2.com\/products\/talkpal-for-business\/\",\"https:\/\/www.trustpilot.com\/review\/talkpal.ai\",\"https:\/\/www.capterra.com\/p\/10006800\/TalkPal\/\"],\"description\":\"Talkpal is a language learning web and mobile education app, powered by the latest AI technologies, that provides engaging experiences to its customers in many different languages to help them improve their language skills. Users can chat about unlimited amount of topics with the app and use other modes to practice their language learning.\",\"email\":\"support@talkpal.ai\",\"legalName\":\"Talkpal, Inc.\",\"foundingDate\":\"2023-04-03\",\"duns\":\"118989042\",\"numberOfEmployees\":{\"@type\":\"QuantitativeValue\",\"minValue\":\"11\",\"maxValue\":\"50\"},\"publishingPrinciples\":\"https:\/\/talkpal.ai\/publishing-principles\/\",\"actionableFeedbackPolicy\":\"https:\/\/talkpal.ai\/actionable-feedback-policy\/\",\"correctionsPolicy\":\"https:\/\/talkpal.ai\/corrections-policy\/\",\"ethicsPolicy\":\"https:\/\/talkpal.ai\/ethics-policy\/\",\"diversityPolicy\":\"https:\/\/talkpal.ai\/diversity-policy\/\",\"diversityStaffingReport\":\"https:\/\/talkpal.ai\/diversity-policy\/\"}]}<\/script>\n<!-- \/ Yoast SEO Premium plugin. -->","yoast_head_json":{"title":"Ven\u00e4j\u00e4n kielioppiharjoitukset - Talkpal","description":"Tutustu keskeisiin ven\u00e4j\u00e4n kielen kielioppiharjoituksiin, joilla vahvistat kielitaitoasi ja saavutat sujuvan ven\u00e4j\u00e4n kielen taidon.","robots":{"index":"index","follow":"follow","max-snippet":"max-snippet:-1","max-image-preview":"max-image-preview:large","max-video-preview":"max-video-preview:-1"},"canonical":"https:\/\/talkpal.ai\/fi\/venajan-kielioppiharjoitukset\/","og_locale":"fi_FI","og_type":"article","og_title":"Ven\u00e4j\u00e4n kielioppiharjoitukset","og_description":"Ven\u00e4j\u00e4n kieliopin aiheet Ven\u00e4j\u00e4n oppiminen voi olla uskomattoman palkitseva ja \u00e4lyllisesti stimuloiva kokemus. Ven\u00e4j\u00e4n kieli ei ole vain runsaasti","og_url":"https:\/\/talkpal.ai\/fi\/venajan-kielioppiharjoitukset\/","og_site_name":"Talkpal","article_publisher":"https:\/\/www.facebook.com\/profile.php?id=100090733639311","article_modified_time":"2025-12-17T16:24:48+00:00","og_image":[{"width":512,"height":512,"url":"https:\/\/talkpal.ai\/wp-content\/uploads\/2023\/04\/rusia.png","type":"image\/png"}],"twitter_card":"summary_large_image","twitter_site":"@talkpalai","twitter_misc":{"Arvioitu lukuaika":"2 minuuttia"},"schema":{"@context":"https:\/\/schema.org","@graph":[{"@type":"WebPage","@id":"https:\/\/talkpal.ai\/fi\/venajan-kielioppiharjoitukset\/","url":"https:\/\/talkpal.ai\/fi\/venajan-kielioppiharjoitukset\/","name":"Ven\u00e4j\u00e4n kielioppiharjoitukset - Talkpal","isPartOf":{"@id":"https:\/\/talkpal.ai\/fi\/#website"},"primaryImageOfPage":{"@id":"https:\/\/talkpal.ai\/fi\/venajan-kielioppiharjoitukset\/#primaryimage"},"image":{"@id":"https:\/\/talkpal.ai\/fi\/venajan-kielioppiharjoitukset\/#primaryimage"},"thumbnailUrl":"https:\/\/talkpal.ai\/wp-content\/uploads\/2023\/04\/rusia.png","datePublished":"2023-06-16T10:58:35+00:00","dateModified":"2025-12-17T16:24:48+00:00","description":"Tutustu keskeisiin ven\u00e4j\u00e4n kielen kielioppiharjoituksiin, joilla vahvistat kielitaitoasi ja saavutat sujuvan ven\u00e4j\u00e4n kielen taidon.","breadcrumb":{"@id":"https:\/\/talkpal.ai\/fi\/venajan-kielioppiharjoitukset\/#breadcrumb"},"inLanguage":"fi","potentialAction":[{"@type":"ReadAction","target":["https:\/\/talkpal.ai\/fi\/venajan-kielioppiharjoitukset\/"]}]},{"@type":"ImageObject","inLanguage":"fi","@id":"https:\/\/talkpal.ai\/fi\/venajan-kielioppiharjoitukset\/#primaryimage","url":"https:\/\/talkpal.ai\/wp-content\/uploads\/2023\/04\/rusia.png","contentUrl":"https:\/\/talkpal.ai\/wp-content\/uploads\/2023\/04\/rusia.png","width":512,"height":512},{"@type":"BreadcrumbList","@id":"https:\/\/talkpal.ai\/fi\/venajan-kielioppiharjoitukset\/#breadcrumb","itemListElement":[{"@type":"ListItem","position":1,"name":"Homepage","item":"https:\/\/talkpal.ai\/fi\/"},{"@type":"ListItem","position":2,"name":"Ven\u00e4j\u00e4n kielioppiharjoitukset"}]},{"@type":"WebSite","@id":"https:\/\/talkpal.ai\/fi\/#website","url":"https:\/\/talkpal.ai\/fi\/","name":"Talkpal","description":"AI Language Learning","publisher":{"@id":"https:\/\/talkpal.ai\/fi\/#organization"},"alternateName":"Talkpal AI","potentialAction":[{"@type":"SearchAction","target":{"@type":"EntryPoint","urlTemplate":"https:\/\/talkpal.ai\/fi\/?s={search_term_string}"},"query-input":{"@type":"PropertyValueSpecification","valueRequired":true,"valueName":"search_term_string"}}],"inLanguage":"fi"},{"@type":"Organization","@id":"https:\/\/talkpal.ai\/fi\/#organization","name":"Talkpal, Inc.","alternateName":"Talkpal AI","url":"https:\/\/talkpal.ai\/fi\/","logo":{"@type":"ImageObject","inLanguage":"fi","@id":"https:\/\/talkpal.ai\/fi\/#\/schema\/logo\/image\/","url":"https:\/\/talkpal.ai\/wp-content\/uploads\/2024\/03\/Talkpal-Logo-Icon.png","contentUrl":"https:\/\/talkpal.ai\/wp-content\/uploads\/2024\/03\/Talkpal-Logo-Icon.png","width":2880,"height":2880,"caption":"Talkpal, Inc."},"image":{"@id":"https:\/\/talkpal.ai\/fi\/#\/schema\/logo\/image\/"},"sameAs":["https:\/\/www.facebook.com\/profile.php?id=100090733639311","https:\/\/x.com\/talkpalai","https:\/\/www.linkedin.com\/company\/talkpal\/","https:\/\/www.youtube.com\/@TalkPal\/","https:\/\/www.tiktok.com\/@talkpal","https:\/\/www.instagram.com\/talkpal_ai\/","https:\/\/www.crunchbase.com\/organization\/talkpal-9cde","https:\/\/www.g2.com\/products\/talkpal-for-business\/","https:\/\/www.trustpilot.com\/review\/talkpal.ai","https:\/\/www.capterra.com\/p\/10006800\/TalkPal\/"],"description":"Talkpal is a language learning web and mobile education app, powered by the latest AI technologies, that provides engaging experiences to its customers in many different languages to help them improve their language skills. Users can chat about unlimited amount of topics with the app and use other modes to practice their language learning.","email":"support@talkpal.ai","legalName":"Talkpal, Inc.","foundingDate":"2023-04-03","duns":"118989042","numberOfEmployees":{"@type":"QuantitativeValue","minValue":"11","maxValue":"50"},"publishingPrinciples":"https:\/\/talkpal.ai\/publishing-principles\/","actionableFeedbackPolicy":"https:\/\/talkpal.ai\/actionable-feedback-policy\/","correctionsPolicy":"https:\/\/talkpal.ai\/corrections-policy\/","ethicsPolicy":"https:\/\/talkpal.ai\/ethics-policy\/","diversityPolicy":"https:\/\/talkpal.ai\/diversity-policy\/","diversityStaffingReport":"https:\/\/talkpal.ai\/diversity-policy\/"}]}},"_links":{"self":[{"href":"https:\/\/talkpal.ai\/fi\/wp-json\/wp\/v2\/pages\/166575","targetHints":{"allow":["GET"]}}],"collection":[{"href":"https:\/\/talkpal.ai\/fi\/wp-json\/wp\/v2\/pages"}],"about":[{"href":"https:\/\/talkpal.ai\/fi\/wp-json\/wp\/v2\/types\/page"}],"author":[{"embeddable":true,"href":"https:\/\/talkpal.ai\/fi\/wp-json\/wp\/v2\/users\/6"}],"replies":[{"embeddable":true,"href":"https:\/\/talkpal.ai\/fi\/wp-json\/wp\/v2\/comments?post=166575"}],"version-history":[{"count":0,"href":"https:\/\/talkpal.ai\/fi\/wp-json\/wp\/v2\/pages\/166575\/revisions"}],"wp:featuredmedia":[{"embeddable":true,"href":"https:\/\/talkpal.ai\/fi\/wp-json\/wp\/v2\/media\/11599"}],"wp:attachment":[{"href":"https:\/\/talkpal.ai\/fi\/wp-json\/wp\/v2\/media?parent=166575"}],"curies":[{"name":"wp","href":"https:\/\/api.w.org\/{rel}","templated":true}]}}