{"id":165645,"date":"2023-06-16T11:55:18","date_gmt":"2023-06-16T11:55:18","guid":{"rendered":"http:\/\/talkpal.ai\/valkovenajan-kielioppiharjoitukset\/"},"modified":"2025-05-23T11:31:44","modified_gmt":"2025-05-23T11:31:44","slug":"valkovenajan-kielioppiharjoitukset","status":"publish","type":"page","link":"https:\/\/talkpal.ai\/fi\/valkovenajan-kielioppiharjoitukset\/","title":{"rendered":"Valkoven\u00e4j\u00e4n kielioppiharjoitukset"},"content":{"rendered":"\r\n\r\n\r\n<section class=\"languageChallengeSection\">\r\n    <div class=\"languageInfoWrapper\">\r\n        \r\n        <h1>Valkoven\u00e4j\u00e4n kielioppiharjoitukset<\/h1>\r\n        <p>Haluatko parantaa valkoven\u00e4j\u00e4n kielen taitojasi? Kielioppiharjoitukset ovat hyv\u00e4 tapa hallita lauserakennetta, verbimuotoja ja valkoven\u00e4j\u00e4n kielen erityispiirteit\u00e4. Aloita valkoven\u00e4j\u00e4n kieliopin tutkiminen jo t\u00e4n\u00e4\u00e4n ja katso, kuinka ymm\u00e4rryksesi ja sujuvuutesi kasvavat jokaisen harjoituksen my\u00f6t\u00e4!<\/p>\r\n\r\n                            <a class=\"getStartedHidden\" href=\"https:\/\/app.talkpal.ai\/fi\/signup?lng=\">Aloita<\/a>\r\n        \r\n    <\/div>\r\n\r\n    <figure>\r\n    <img decoding=\"async\" width=\"768\" height=\"768\" src=\"https:\/\/talkpal.ai\/wp-content\/uploads\/2023\/06\/belarusian-768x768.png\" class=\"languageImage no-lazy\" alt=\"Default alt text\" fetchpriority=\"high\" sizes=\"(max-width: 768px) 150px, 768px\" srcset=\"https:\/\/talkpal.ai\/wp-content\/uploads\/2023\/06\/belarusian-768x768.png 768w, https:\/\/talkpal.ai\/wp-content\/uploads\/2023\/06\/belarusian-300x300.png 300w\" \/>\r\n    \r\n\r\n    <\/figure>\r\n\r\n            <a class=\"getStartedVisible\" href=\"https:\/\/app.talkpal.ai\/fi\/signup?lng=\">Aloita<\/a>\r\n    \r\n<\/section>\r\n\r\n\r\n<!-- <section class=\"grammarSection\">\r\n    <div class=\"grammarLinks\">\r\n        <a href=\"https:\/\/talkpal.ai\/fi\/exercise_language\/adjektiivit-valkovenajan-kielioppi\/\">Adjektiivit <\/a><a href=\"https:\/\/talkpal.ai\/fi\/exercise_language\/adverbit-valkovenajan-kielioppi\/\">Adverbit <\/a><a href=\"https:\/\/talkpal.ai\/fi\/exercise_language\/aikamuodot-valkovenajan-kielioppi\/\">Aikamuodot <\/a><a href=\"https:\/\/talkpal.ai\/fi\/exercise_language\/aikamuotojen-vertailu-valkovenajan-kielioppi\/\">Aikamuotojen vertailu <\/a><a href=\"https:\/\/talkpal.ai\/fi\/exercise_language\/artikkelit-valkovenajan-kielioppi\/\">Artikkelit <\/a><a href=\"https:\/\/talkpal.ai\/fi\/exercise_language\/konditionaalit-valkovenajan-kielioppi\/\">Konditionaalit <\/a><a href=\"https:\/\/talkpal.ai\/fi\/exercise_language\/lauseet-valkovenajan-kielioppi\/\">Lauseet <\/a><a href=\"https:\/\/talkpal.ai\/fi\/exercise_language\/prepositiot-valkovenajan-kielioppi\/\">Prepositiot <\/a><a href=\"https:\/\/talkpal.ai\/fi\/exercise_language\/progressiivinen-valkovenajan-kielioppi\/\">Progressiivinen <\/a><a href=\"https:\/\/talkpal.ai\/fi\/exercise_language\/pronominit-determinerit-valkovenajan-kielioppi\/\">Pronominit\/Determinerit <\/a><a href=\"https:\/\/talkpal.ai\/fi\/exercise_language\/substantiivit-valkovenajan-kielioppi\/\">Substantiivit <\/a><a href=\"https:\/\/talkpal.ai\/fi\/exercise_language\/taydellinen-progressiivinen-valkovenajan-kielioppi\/\">T\u00e4ydellinen progressiivinen <\/a><a href=\"https:\/\/talkpal.ai\/fi\/exercise_language\/verbit-valkovenajan-kielioppi\/\">Verbit <\/a>    <\/div>\r\n<\/section> -->\r\n\r\n\r\n\r\n\r\n        <section class=\"grammarSection\">\r\n            <div class=\"grammarLinks\">\r\n                <a href=\"https:\/\/talkpal.ai\/fi\/exercise_language\/adjektiivit-valkovenajan-kielioppi\/\">Adjektiivit <\/a><a href=\"https:\/\/talkpal.ai\/fi\/exercise_language\/adverbit-valkovenajan-kielioppi\/\">Adverbit <\/a><a href=\"https:\/\/talkpal.ai\/fi\/exercise_language\/aikamuodot-valkovenajan-kielioppi\/\">Aikamuodot <\/a><a href=\"https:\/\/talkpal.ai\/fi\/exercise_language\/aikamuotojen-vertailu-valkovenajan-kielioppi\/\">Aikamuotojen vertailu <\/a><a href=\"https:\/\/talkpal.ai\/fi\/exercise_language\/artikkelit-valkovenajan-kielioppi\/\">Artikkelit <\/a><a href=\"https:\/\/talkpal.ai\/fi\/exercise_language\/konditionaalit-valkovenajan-kielioppi\/\">Konditionaalit <\/a><a href=\"https:\/\/talkpal.ai\/fi\/exercise_language\/lauseet-valkovenajan-kielioppi\/\">Lauseet <\/a><a href=\"https:\/\/talkpal.ai\/fi\/exercise_language\/prepositiot-valkovenajan-kielioppi\/\">Prepositiot <\/a><a href=\"https:\/\/talkpal.ai\/fi\/exercise_language\/progressiivinen-valkovenajan-kielioppi\/\">Progressiivinen <\/a><a href=\"https:\/\/talkpal.ai\/fi\/exercise_language\/pronominit-determinerit-valkovenajan-kielioppi\/\">Pronominit\/Determinerit <\/a><a href=\"https:\/\/talkpal.ai\/fi\/exercise_language\/substantiivit-valkovenajan-kielioppi\/\">Substantiivit <\/a><a href=\"https:\/\/talkpal.ai\/fi\/exercise_language\/taydellinen-progressiivinen-valkovenajan-kielioppi\/\">T\u00e4ydellinen progressiivinen <\/a><a href=\"https:\/\/talkpal.ai\/fi\/exercise_language\/verbit-valkovenajan-kielioppi\/\">Verbit <\/a>            <\/div>\r\n        <\/section>\r\n<section class=\"promotionalBanner\">\r\n    <p class=\"promotionalText\">Tehokkain tapa oppia kielt\u00e4<\/p>\r\n    <a class=\"promotionalLink\" href=\"https:\/\/app.talkpal.ai\/fi\/signup?lng=\">Kokeile Talkpal ilmaiseksi<\/a>\r\n<\/section>\n<div class=\"wp-block-group pageContainerStyle\"><div class=\"wp-block-group__inner-container is-layout-constrained wp-block-group-is-layout-constrained\">\n<h2 class=\"wp-block-heading\" id=\"h-belarusian-grammar-topics\">Valkoven\u00e4j\u00e4n kieliopin aiheet<\/h2>\n\n\n\n<p>Valkoven\u00e4j\u00e4 on it\u00e4slaavilainen kieli, jota puhuu Valko-Ven\u00e4j\u00e4ll\u00e4 p\u00e4\u00e4asiassa noin 70 prosenttia v\u00e4est\u00f6st\u00e4. Slaavilaisena kielen\u00e4 sill\u00e4 on yht\u00e4l\u00e4isyyksi\u00e4 ven\u00e4j\u00e4n ja ukrainan kanssa, mik\u00e4 helpottaa n\u00e4iden kielten puhujien oppimista valkoven\u00e4j\u00e4\u00e4. Sill\u00e4 on kuitenkin ainutlaatuiset piirteens\u00e4, ja sen kieliopin oppiminen voi olla palkitseva kokemus kielten harrastajille. T\u00e4ss\u00e4 artikkelissa tutkimme keskeisi\u00e4 valkoven\u00e4j\u00e4n kieliopin aiheita j\u00e4rjestyksess\u00e4, joka auttaa sinua oppimaan kielt\u00e4 tehokkaammin.<\/p>\n\n\n\n<h3 class=\"wp-block-heading\" id=\"h-1-nouns\">1. Substantiivit:<\/h3>\n\n\n\n<p>Aloita oppimalla valkoven\u00e4l\u00e4isi\u00e4 substantiiveja, jotka voivat olla maskuliinisia, naisellisia <a href=\"https:\/\/talkpal.ai\/learn-thai\/\">tai<\/a> neutrisia. Niill\u00e4 on kuusi tapausta: nominatiivi, akkusatiivi, genetiivi, datiivi, instrumentaali ja prepositio, jotka m\u00e4\u00e4rittelev\u00e4t substantiivin funktion lauseessa. Kiinnit\u00e4 huomiota substantiivip\u00e4\u00e4tteisiin ja taivutusmalleihin, koska ne auttavat sinua ymm\u00e4rt\u00e4m\u00e4\u00e4n, miten substantiivit muuttuvat eri tapauksissa.<\/p>\n\n\n\n<h3 class=\"wp-block-heading\" id=\"h-2-articles\">2. Artiklat:<\/h3>\n\n\n\n<p>Toisin kuin englanniksi, valkoven\u00e4j\u00e4ll\u00e4 ei ole artikkeleita. Siksi voit keskitty\u00e4 kielen muiden n\u00e4k\u00f6kohtien oppimiseen huolimatta t\u00e4st\u00e4 aiheesta.<\/p>\n\n\n\n<h3 class=\"wp-block-heading\" id=\"h-3-pronouns-determiners\">3. Pronominit\/m\u00e4\u00e4ritteet:<\/h3>\n\n\n\n<p>Seuraavaksi opi nimimerkit ja m\u00e4\u00e4ritteet, jotka toimivat samalla tavalla kuin niiden englanninkieliset vastineet. Ne korvaavat substantiivit ja v\u00e4litt\u00e4v\u00e4t tietoa hallussapidosta, m\u00e4\u00e4r\u00e4st\u00e4 tai identiteetist\u00e4. Valkoven\u00e4j\u00e4ksi on henkil\u00f6kohtaisia, omistus-, demonstratiivisia, kysely- ja suhteellisia nimimerkkej\u00e4, ja sinun t\u00e4ytyy muistaa niiden muodot ja k\u00e4ytt\u00f6.<\/p>\n\n\n\n<h3 class=\"wp-block-heading\" id=\"h-4-adjectives\">4. Adjektiivit:<\/h3>\n\n\n\n<p>Valkoven\u00e4j\u00e4nkieliset adjektiivit sopivat substantiiviin, jota ne muuttavat sukupuolen, numeron ja tapauksen mukaan. Opi adjektiivip\u00e4\u00e4tteet ja kuinka muodostaa vertailevia ja superlatiivisia asteita ilmaisemaan vertailun eri tasoja.<\/p>\n\n\n\n<h3 class=\"wp-block-heading\" id=\"h-5-verbs\">5. Verbit:<\/h3>\n\n\n\n<p>Verbit ovat ratkaisevan t\u00e4rkeit\u00e4 valkoven\u00e4j\u00e4ksi, koska ne v\u00e4litt\u00e4v\u00e4t toimia, tiloja ja tapahtumia. Tutustu verbien taivutukseen, joka koostuu kahdesta ryhm\u00e4st\u00e4: ensimm\u00e4isest\u00e4 taivutuksesta (enimm\u00e4kseen maskuliiniset verbit) ja toisesta taivutuksesta (enimm\u00e4kseen feminiiniset verbit). Tutki my\u00f6s pakollisia ja subjunktiivisia tunnelmia ja niiden muodostamista.<\/p>\n\n\n\n<h3 class=\"wp-block-heading\" id=\"h-6-tenses\">6. Aikamuodot:<\/h3>\n\n\n\n<p>Valkoven\u00e4j\u00e4ll\u00e4 on kolme p\u00e4\u00e4muotoa: menneisyys, nykyisyys ja tulevaisuus. Opi muodostamaan ja k\u00e4ytt\u00e4m\u00e4\u00e4n n\u00e4it\u00e4 aikamuotoja puhuaksesi tapahtumista ja toimista eri aikoina.<\/p>\n\n\n\n<h3 class=\"wp-block-heading\" id=\"h-7-tense-comparison\">7. J\u00e4nnittynyt vertailu:<\/h3>\n\n\n\n<p>Valkoven\u00e4j\u00e4n aikamuotojen vertailu on v\u00e4ltt\u00e4m\u00e4t\u00f6nt\u00e4 menneiden, nykyisten ja tulevien tapahtumien v\u00e4lisen suhteen ymm\u00e4rt\u00e4miseksi. Tutki aikojen j\u00e4rjestyst\u00e4 ja miten niit\u00e4 k\u00e4ytet\u00e4\u00e4n monimutkaisissa lauseissa.<\/p>\n\n\n\n<h3 class=\"wp-block-heading\" id=\"h-8-progressive\">8. Progressiivinen:<\/h3>\n\n\n\n<p>Valko-<a href=\"https:\/\/talkpal.ai\/learn-russian\/\">Ven\u00e4j\u00e4<\/a> k\u00e4ytt\u00e4\u00e4 progressiivista muotoa ilmaistakseen k\u00e4ynniss\u00e4 olevia toimia. Opi muodostamaan t\u00e4m\u00e4 n\u00e4k\u00f6kohta sopivilla verbitaivuttimilla ja apuverbeill\u00e4.<\/p>\n\n\n\n<h3 class=\"wp-block-heading\" id=\"h-9-perfect-progressive\">9. T\u00e4ydellinen progressiivinen:<\/h3>\n\n\n\n<p><a href=\"https:\/\/talkpal.ai\/learn-belarusian\/\">Valko-Ven\u00e4j\u00e4n<\/a> t\u00e4ydellinen progressiivinen n\u00e4k\u00f6kohta yhdist\u00e4\u00e4 valmistumisen ja keston k\u00e4sitteet. Opi muodostamaan t\u00e4m\u00e4 n\u00e4k\u00f6kohta apuverbien ja oikeiden verbimuotojen avulla.<\/p>\n\n\n\n<h3 class=\"wp-block-heading\" id=\"h-10-adverbs\">10. Sananlaskut:<\/h3>\n\n\n\n<p><a href=\"https:\/\/talkpal.ai\/fi\/grammar\/paikan-tsekin-kielioppi-adverbit\/\">Adverbit<\/a> muokkaavat verbej\u00e4, adjektiiveja ja muita adverbeja lis\u00e4\u00e4m\u00e4ll\u00e4 lauseeseen lis\u00e4tietoja. Opi erilaisia adverbeja Valko-Ven\u00e4j\u00e4ll\u00e4, niiden muodostumista ja sijoittamista lauseeseen.<\/p>\n\n\n\n<h3 class=\"wp-block-heading\" id=\"h-11-prepositions\">11. Prepositiot:<\/h3>\n\n\n\n<p><a href=\"https:\/\/talkpal.ai\/fi\/grammar\/kohdan-kannadan-kieliopissa-prepositiot\/\">Prepositiot<\/a> ovat v\u00e4ltt\u00e4m\u00e4tt\u00f6mi\u00e4 lauseen sanojen v\u00e4listen suhteiden ilmaisemiseksi. Opi yleisimm\u00e4t valkoven\u00e4l\u00e4iset prepositiot, niiden tapaukset ja niiden k\u00e4ytt\u00f6 substantiivien ja pronominien kanssa.<\/p>\n\n\n\n<h3 class=\"wp-block-heading\" id=\"h-12-conditionals\">12. Konditionaalit:<\/h3>\n\n\n\n<p>Konditionaalit ilmaisevat hypoteettisia tilanteita ja niiden seurauksia. Tutki Valko-Ven\u00e4j\u00e4n kolmenlaisia konditionaaleja: todellisia, ep\u00e4realistisia ja sekoitettuja sek\u00e4 niit\u00e4 vastaavia verbimuotoja.<\/p>\n\n\n\n<h3 class=\"wp-block-heading\" id=\"h-13-sentences\">13. Lauseet:<\/h3>\n\n\n\n<p>Lopuksi tutustu valkoven\u00e4l\u00e4isiin lauserakenteisiin, kuten yksinkertaisiin, yhdistettyihin ja monimutkaisiin lauseisiin. Harjoittele eri kielioppielementtien yhdist\u00e4mist\u00e4 lauseiden rakentamiseksi ja yleisen kielitaitosi parantamiseksi.<\/p>\n<\/div><\/div>\n\r\n<section class=\"learnNavigationSection\">\r\n            \r\n        <a href=\"https:\/\/talkpal.ai\/fi\/opi-valkovenajaa\/\">\r\n            <div class=\"learnNavigationWrapper\">\r\n                <div class=\"learnNavigationContent\">\r\n                    <img decoding=\"async\" src=\"https:\/\/talkpal.ai\/wp-content\/uploads\/2024\/08\/Belarusian.jpg\" alt=\"Belarusian Flag\">\r\n                    <div>\r\n                        <h4>Tietoa Valko-Ven\u00e4j\u00e4n oppimisesta<\/h4>\r\n                        <p>Lue kaikki Valko-Ven\u00e4j\u00e4n kieliopista.<\/p>\r\n                    <\/div>\r\n                <\/div>\r\n            <\/div>\r\n        <\/a>\r\n\r\n        \r\n        <a href=\"https:\/\/talkpal.ai\/fi\/valkovenajan-kielioppi\/\">\r\n            <div class=\"learnNavigationWrapper\">\r\n                <div class=\"learnNavigationContent\">\r\n                    <img decoding=\"async\" src=\"https:\/\/talkpal.ai\/wp-content\/uploads\/2024\/08\/Belarusian.jpg\" alt=\"Belarusian Flag\">\r\n                    <div>\r\n                        <h4>Valkoven\u00e4j\u00e4n kieliopin oppitunnit<\/h4>\r\n                        <p>Harjoittele Valko-Ven\u00e4j\u00e4n kielioppia.<\/p>\r\n                    <\/div>\r\n                <\/div>\r\n            <\/div>\r\n        <\/a>\r\n\r\n        \r\n        <a href=\"https:\/\/talkpal.ai\/vocabulary_language\/belarusian\/\">\r\n            <div class=\"learnNavigationWrapper\">\r\n                <div class=\"learnNavigationContent\">\r\n                    <img decoding=\"async\" src=\"https:\/\/talkpal.ai\/wp-content\/uploads\/2024\/08\/Belarusian.jpg\" alt=\"Belarusian Flag\">\r\n                    <div>\r\n                        <h4>Valkoven\u00e4j\u00e4n sanasto<\/h4>\r\n                        <p>Laajenna valkoven\u00e4j\u00e4n kielen sanavarastoasi.<\/p>\r\n                    <\/div>\r\n                <\/div>\r\n            <\/div>\r\n        <\/a>\r\n\r\n            <\/section>","protected":false},"excerpt":{"rendered":"<p>Valkoven\u00e4j\u00e4n kieliopin aiheet Valkoven\u00e4j\u00e4 on it\u00e4slaavilainen kieli, jota puhuu Valko-Ven\u00e4j\u00e4ll\u00e4 p\u00e4\u00e4asiassa noin 70 prosenttia v\u00e4est\u00f6st\u00e4. Slaavilaisena kielen\u00e4 sill\u00e4 on yht\u00e4l\u00e4isyyksi\u00e4 ven\u00e4j\u00e4n ja ukrainan kanssa, mik\u00e4 helpottaa n\u00e4iden kielten puhujien oppimista valkoven\u00e4j\u00e4\u00e4. Sill\u00e4 on kuitenkin ainutlaatuiset piirteens\u00e4, ja sen kieliopin oppiminen voi olla palkitseva kokemus kielten harrastajille. T\u00e4ss\u00e4 artikkelissa tutkimme keskeisi\u00e4 valkoven\u00e4j\u00e4n kieliopin aiheita j\u00e4rjestyksess\u00e4, joka [&hellip;]<\/p>\n","protected":false},"author":6,"featured_media":28187,"parent":0,"menu_order":0,"comment_status":"closed","ping_status":"closed","template":"LearningContentPage.php","meta":{"_acf_changed":false,"footnotes":""},"class_list":["post-165645","page","type-page","status-publish","has-post-thumbnail","hentry"],"acf":[],"yoast_head":"<!-- This site is optimized with the Yoast SEO Premium plugin v27.2 (Yoast SEO v27.2) - https:\/\/yoast.com\/product\/yoast-seo-premium-wordpress\/ -->\n<title>Valkoven\u00e4j\u00e4n kielioppiharjoitukset - Talkpal<\/title>\n<meta name=\"description\" content=\"Vahvista valkoven\u00e4j\u00e4n kielen taitojasi interaktiivisilla valkoven\u00e4j\u00e4n kielen kielioppiharjoituksilla osoitteesta Talkpal, teko\u00e4lyavusteinen kieltenopettajasi.\" \/>\n<meta name=\"robots\" content=\"index, follow, max-snippet:-1, max-image-preview:large, max-video-preview:-1\" \/>\n<link rel=\"canonical\" href=\"https:\/\/talkpal.ai\/fi\/valkovenajan-kielioppiharjoitukset\/\" \/>\n<meta property=\"og:locale\" content=\"fi_FI\" \/>\n<meta property=\"og:type\" content=\"article\" \/>\n<meta property=\"og:title\" content=\"Valkoven\u00e4j\u00e4n kielioppiharjoitukset\" \/>\n<meta property=\"og:description\" content=\"Valkoven\u00e4j\u00e4n kieliopin aiheet Valkoven\u00e4j\u00e4 on it\u00e4slaavilainen kieli, jota puhuu Valko-Ven\u00e4j\u00e4ll\u00e4 p\u00e4\u00e4asiassa noin 70 prosenttia v\u00e4est\u00f6st\u00e4. Slaavilaisena\" \/>\n<meta property=\"og:url\" content=\"https:\/\/talkpal.ai\/fi\/valkovenajan-kielioppiharjoitukset\/\" \/>\n<meta property=\"og:site_name\" content=\"Talkpal\" \/>\n<meta property=\"article:publisher\" content=\"https:\/\/www.facebook.com\/profile.php?id=100090733639311\" \/>\n<meta property=\"article:modified_time\" content=\"2025-05-23T11:31:44+00:00\" \/>\n<meta property=\"og:image\" content=\"https:\/\/talkpal.ai\/wp-content\/uploads\/2023\/05\/belarus.png\" \/>\n\t<meta property=\"og:image:width\" content=\"512\" \/>\n\t<meta property=\"og:image:height\" content=\"512\" \/>\n\t<meta property=\"og:image:type\" content=\"image\/png\" \/>\n<meta name=\"twitter:card\" content=\"summary_large_image\" \/>\n<meta name=\"twitter:site\" content=\"@talkpalai\" \/>\n<meta name=\"twitter:label1\" content=\"Arvioitu lukuaika\" \/>\n\t<meta name=\"twitter:data1\" content=\"3 minuuttia\" \/>\n<script type=\"application\/ld+json\" class=\"yoast-schema-graph\">{\"@context\":\"https:\/\/schema.org\",\"@graph\":[{\"@type\":\"WebPage\",\"@id\":\"https:\/\/talkpal.ai\/fi\/valkovenajan-kielioppiharjoitukset\/\",\"url\":\"https:\/\/talkpal.ai\/fi\/valkovenajan-kielioppiharjoitukset\/\",\"name\":\"Valkoven\u00e4j\u00e4n kielioppiharjoitukset - Talkpal\",\"isPartOf\":{\"@id\":\"https:\/\/talkpal.ai\/fi\/#website\"},\"primaryImageOfPage\":{\"@id\":\"https:\/\/talkpal.ai\/fi\/valkovenajan-kielioppiharjoitukset\/#primaryimage\"},\"image\":{\"@id\":\"https:\/\/talkpal.ai\/fi\/valkovenajan-kielioppiharjoitukset\/#primaryimage\"},\"thumbnailUrl\":\"https:\/\/talkpal.ai\/wp-content\/uploads\/2023\/05\/belarus.png\",\"datePublished\":\"2023-06-16T11:55:18+00:00\",\"dateModified\":\"2025-05-23T11:31:44+00:00\",\"description\":\"Vahvista valkoven\u00e4j\u00e4n kielen taitojasi interaktiivisilla valkoven\u00e4j\u00e4n kielen kielioppiharjoituksilla osoitteesta Talkpal, teko\u00e4lyavusteinen kieltenopettajasi.\",\"breadcrumb\":{\"@id\":\"https:\/\/talkpal.ai\/fi\/valkovenajan-kielioppiharjoitukset\/#breadcrumb\"},\"inLanguage\":\"fi\",\"potentialAction\":[{\"@type\":\"ReadAction\",\"target\":[\"https:\/\/talkpal.ai\/fi\/valkovenajan-kielioppiharjoitukset\/\"]}]},{\"@type\":\"ImageObject\",\"inLanguage\":\"fi\",\"@id\":\"https:\/\/talkpal.ai\/fi\/valkovenajan-kielioppiharjoitukset\/#primaryimage\",\"url\":\"https:\/\/talkpal.ai\/wp-content\/uploads\/2023\/05\/belarus.png\",\"contentUrl\":\"https:\/\/talkpal.ai\/wp-content\/uploads\/2023\/05\/belarus.png\",\"width\":512,\"height\":512},{\"@type\":\"BreadcrumbList\",\"@id\":\"https:\/\/talkpal.ai\/fi\/valkovenajan-kielioppiharjoitukset\/#breadcrumb\",\"itemListElement\":[{\"@type\":\"ListItem\",\"position\":1,\"name\":\"Homepage\",\"item\":\"https:\/\/talkpal.ai\/fi\/\"},{\"@type\":\"ListItem\",\"position\":2,\"name\":\"Valkoven\u00e4j\u00e4n kielioppiharjoitukset\"}]},{\"@type\":\"WebSite\",\"@id\":\"https:\/\/talkpal.ai\/fi\/#website\",\"url\":\"https:\/\/talkpal.ai\/fi\/\",\"name\":\"Talkpal\",\"description\":\"AI Language Learning\",\"publisher\":{\"@id\":\"https:\/\/talkpal.ai\/fi\/#organization\"},\"alternateName\":\"Talkpal AI\",\"potentialAction\":[{\"@type\":\"SearchAction\",\"target\":{\"@type\":\"EntryPoint\",\"urlTemplate\":\"https:\/\/talkpal.ai\/fi\/?s={search_term_string}\"},\"query-input\":{\"@type\":\"PropertyValueSpecification\",\"valueRequired\":true,\"valueName\":\"search_term_string\"}}],\"inLanguage\":\"fi\"},{\"@type\":\"Organization\",\"@id\":\"https:\/\/talkpal.ai\/fi\/#organization\",\"name\":\"Talkpal, Inc.\",\"alternateName\":\"Talkpal AI\",\"url\":\"https:\/\/talkpal.ai\/fi\/\",\"logo\":{\"@type\":\"ImageObject\",\"inLanguage\":\"fi\",\"@id\":\"https:\/\/talkpal.ai\/fi\/#\/schema\/logo\/image\/\",\"url\":\"https:\/\/talkpal.ai\/wp-content\/uploads\/2024\/03\/Talkpal-Logo-Icon.png\",\"contentUrl\":\"https:\/\/talkpal.ai\/wp-content\/uploads\/2024\/03\/Talkpal-Logo-Icon.png\",\"width\":2880,\"height\":2880,\"caption\":\"Talkpal, Inc.\"},\"image\":{\"@id\":\"https:\/\/talkpal.ai\/fi\/#\/schema\/logo\/image\/\"},\"sameAs\":[\"https:\/\/www.facebook.com\/profile.php?id=100090733639311\",\"https:\/\/x.com\/talkpalai\",\"https:\/\/www.linkedin.com\/company\/talkpal\/\",\"https:\/\/www.youtube.com\/@TalkPal\/\",\"https:\/\/www.tiktok.com\/@talkpal\",\"https:\/\/www.instagram.com\/talkpal_ai\/\",\"https:\/\/www.crunchbase.com\/organization\/talkpal-9cde\",\"https:\/\/www.g2.com\/products\/talkpal-for-business\/\",\"https:\/\/www.trustpilot.com\/review\/talkpal.ai\",\"https:\/\/www.capterra.com\/p\/10006800\/TalkPal\/\"],\"description\":\"Talkpal is a language learning web and mobile education app, powered by the latest AI technologies, that provides engaging experiences to its customers in many different languages to help them improve their language skills. Users can chat about unlimited amount of topics with the app and use other modes to practice their language learning.\",\"email\":\"support@talkpal.ai\",\"legalName\":\"Talkpal, Inc.\",\"foundingDate\":\"2023-04-03\",\"duns\":\"118989042\",\"numberOfEmployees\":{\"@type\":\"QuantitativeValue\",\"minValue\":\"11\",\"maxValue\":\"50\"},\"publishingPrinciples\":\"https:\/\/talkpal.ai\/publishing-principles\/\",\"actionableFeedbackPolicy\":\"https:\/\/talkpal.ai\/actionable-feedback-policy\/\",\"correctionsPolicy\":\"https:\/\/talkpal.ai\/corrections-policy\/\",\"ethicsPolicy\":\"https:\/\/talkpal.ai\/ethics-policy\/\",\"diversityPolicy\":\"https:\/\/talkpal.ai\/diversity-policy\/\",\"diversityStaffingReport\":\"https:\/\/talkpal.ai\/diversity-policy\/\"}]}<\/script>\n<!-- \/ Yoast SEO Premium plugin. -->","yoast_head_json":{"title":"Valkoven\u00e4j\u00e4n kielioppiharjoitukset - Talkpal","description":"Vahvista valkoven\u00e4j\u00e4n kielen taitojasi interaktiivisilla valkoven\u00e4j\u00e4n kielen kielioppiharjoituksilla osoitteesta Talkpal, teko\u00e4lyavusteinen kieltenopettajasi.","robots":{"index":"index","follow":"follow","max-snippet":"max-snippet:-1","max-image-preview":"max-image-preview:large","max-video-preview":"max-video-preview:-1"},"canonical":"https:\/\/talkpal.ai\/fi\/valkovenajan-kielioppiharjoitukset\/","og_locale":"fi_FI","og_type":"article","og_title":"Valkoven\u00e4j\u00e4n kielioppiharjoitukset","og_description":"Valkoven\u00e4j\u00e4n kieliopin aiheet Valkoven\u00e4j\u00e4 on it\u00e4slaavilainen kieli, jota puhuu Valko-Ven\u00e4j\u00e4ll\u00e4 p\u00e4\u00e4asiassa noin 70 prosenttia v\u00e4est\u00f6st\u00e4. Slaavilaisena","og_url":"https:\/\/talkpal.ai\/fi\/valkovenajan-kielioppiharjoitukset\/","og_site_name":"Talkpal","article_publisher":"https:\/\/www.facebook.com\/profile.php?id=100090733639311","article_modified_time":"2025-05-23T11:31:44+00:00","og_image":[{"width":512,"height":512,"url":"https:\/\/talkpal.ai\/wp-content\/uploads\/2023\/05\/belarus.png","type":"image\/png"}],"twitter_card":"summary_large_image","twitter_site":"@talkpalai","twitter_misc":{"Arvioitu lukuaika":"3 minuuttia"},"schema":{"@context":"https:\/\/schema.org","@graph":[{"@type":"WebPage","@id":"https:\/\/talkpal.ai\/fi\/valkovenajan-kielioppiharjoitukset\/","url":"https:\/\/talkpal.ai\/fi\/valkovenajan-kielioppiharjoitukset\/","name":"Valkoven\u00e4j\u00e4n kielioppiharjoitukset - Talkpal","isPartOf":{"@id":"https:\/\/talkpal.ai\/fi\/#website"},"primaryImageOfPage":{"@id":"https:\/\/talkpal.ai\/fi\/valkovenajan-kielioppiharjoitukset\/#primaryimage"},"image":{"@id":"https:\/\/talkpal.ai\/fi\/valkovenajan-kielioppiharjoitukset\/#primaryimage"},"thumbnailUrl":"https:\/\/talkpal.ai\/wp-content\/uploads\/2023\/05\/belarus.png","datePublished":"2023-06-16T11:55:18+00:00","dateModified":"2025-05-23T11:31:44+00:00","description":"Vahvista valkoven\u00e4j\u00e4n kielen taitojasi interaktiivisilla valkoven\u00e4j\u00e4n kielen kielioppiharjoituksilla osoitteesta Talkpal, teko\u00e4lyavusteinen kieltenopettajasi.","breadcrumb":{"@id":"https:\/\/talkpal.ai\/fi\/valkovenajan-kielioppiharjoitukset\/#breadcrumb"},"inLanguage":"fi","potentialAction":[{"@type":"ReadAction","target":["https:\/\/talkpal.ai\/fi\/valkovenajan-kielioppiharjoitukset\/"]}]},{"@type":"ImageObject","inLanguage":"fi","@id":"https:\/\/talkpal.ai\/fi\/valkovenajan-kielioppiharjoitukset\/#primaryimage","url":"https:\/\/talkpal.ai\/wp-content\/uploads\/2023\/05\/belarus.png","contentUrl":"https:\/\/talkpal.ai\/wp-content\/uploads\/2023\/05\/belarus.png","width":512,"height":512},{"@type":"BreadcrumbList","@id":"https:\/\/talkpal.ai\/fi\/valkovenajan-kielioppiharjoitukset\/#breadcrumb","itemListElement":[{"@type":"ListItem","position":1,"name":"Homepage","item":"https:\/\/talkpal.ai\/fi\/"},{"@type":"ListItem","position":2,"name":"Valkoven\u00e4j\u00e4n kielioppiharjoitukset"}]},{"@type":"WebSite","@id":"https:\/\/talkpal.ai\/fi\/#website","url":"https:\/\/talkpal.ai\/fi\/","name":"Talkpal","description":"AI Language Learning","publisher":{"@id":"https:\/\/talkpal.ai\/fi\/#organization"},"alternateName":"Talkpal AI","potentialAction":[{"@type":"SearchAction","target":{"@type":"EntryPoint","urlTemplate":"https:\/\/talkpal.ai\/fi\/?s={search_term_string}"},"query-input":{"@type":"PropertyValueSpecification","valueRequired":true,"valueName":"search_term_string"}}],"inLanguage":"fi"},{"@type":"Organization","@id":"https:\/\/talkpal.ai\/fi\/#organization","name":"Talkpal, Inc.","alternateName":"Talkpal AI","url":"https:\/\/talkpal.ai\/fi\/","logo":{"@type":"ImageObject","inLanguage":"fi","@id":"https:\/\/talkpal.ai\/fi\/#\/schema\/logo\/image\/","url":"https:\/\/talkpal.ai\/wp-content\/uploads\/2024\/03\/Talkpal-Logo-Icon.png","contentUrl":"https:\/\/talkpal.ai\/wp-content\/uploads\/2024\/03\/Talkpal-Logo-Icon.png","width":2880,"height":2880,"caption":"Talkpal, Inc."},"image":{"@id":"https:\/\/talkpal.ai\/fi\/#\/schema\/logo\/image\/"},"sameAs":["https:\/\/www.facebook.com\/profile.php?id=100090733639311","https:\/\/x.com\/talkpalai","https:\/\/www.linkedin.com\/company\/talkpal\/","https:\/\/www.youtube.com\/@TalkPal\/","https:\/\/www.tiktok.com\/@talkpal","https:\/\/www.instagram.com\/talkpal_ai\/","https:\/\/www.crunchbase.com\/organization\/talkpal-9cde","https:\/\/www.g2.com\/products\/talkpal-for-business\/","https:\/\/www.trustpilot.com\/review\/talkpal.ai","https:\/\/www.capterra.com\/p\/10006800\/TalkPal\/"],"description":"Talkpal is a language learning web and mobile education app, powered by the latest AI technologies, that provides engaging experiences to its customers in many different languages to help them improve their language skills. Users can chat about unlimited amount of topics with the app and use other modes to practice their language learning.","email":"support@talkpal.ai","legalName":"Talkpal, Inc.","foundingDate":"2023-04-03","duns":"118989042","numberOfEmployees":{"@type":"QuantitativeValue","minValue":"11","maxValue":"50"},"publishingPrinciples":"https:\/\/talkpal.ai\/publishing-principles\/","actionableFeedbackPolicy":"https:\/\/talkpal.ai\/actionable-feedback-policy\/","correctionsPolicy":"https:\/\/talkpal.ai\/corrections-policy\/","ethicsPolicy":"https:\/\/talkpal.ai\/ethics-policy\/","diversityPolicy":"https:\/\/talkpal.ai\/diversity-policy\/","diversityStaffingReport":"https:\/\/talkpal.ai\/diversity-policy\/"}]}},"_links":{"self":[{"href":"https:\/\/talkpal.ai\/fi\/wp-json\/wp\/v2\/pages\/165645","targetHints":{"allow":["GET"]}}],"collection":[{"href":"https:\/\/talkpal.ai\/fi\/wp-json\/wp\/v2\/pages"}],"about":[{"href":"https:\/\/talkpal.ai\/fi\/wp-json\/wp\/v2\/types\/page"}],"author":[{"embeddable":true,"href":"https:\/\/talkpal.ai\/fi\/wp-json\/wp\/v2\/users\/6"}],"replies":[{"embeddable":true,"href":"https:\/\/talkpal.ai\/fi\/wp-json\/wp\/v2\/comments?post=165645"}],"version-history":[{"count":0,"href":"https:\/\/talkpal.ai\/fi\/wp-json\/wp\/v2\/pages\/165645\/revisions"}],"wp:featuredmedia":[{"embeddable":true,"href":"https:\/\/talkpal.ai\/fi\/wp-json\/wp\/v2\/media\/28187"}],"wp:attachment":[{"href":"https:\/\/talkpal.ai\/fi\/wp-json\/wp\/v2\/media?parent=165645"}],"curies":[{"name":"wp","href":"https:\/\/api.w.org\/{rel}","templated":true}]}}