{"id":165006,"date":"2023-06-16T12:01:29","date_gmt":"2023-06-16T12:01:29","guid":{"rendered":"http:\/\/talkpal.ai\/bosnian-kielioppiharjoitukset\/"},"modified":"2025-05-23T12:05:29","modified_gmt":"2025-05-23T12:05:29","slug":"bosnian-kielioppiharjoitukset","status":"publish","type":"page","link":"https:\/\/talkpal.ai\/fi\/bosnian-kielioppiharjoitukset\/","title":{"rendered":"Bosnian kielioppiharjoitukset"},"content":{"rendered":"\r\n\r\n\r\n<section class=\"languageChallengeSection\">\r\n    <div class=\"languageInfoWrapper\">\r\n        \r\n        <h1>Bosnian kielioppiharjoitukset<\/h1>\r\n        <p>Oletko valmis parantamaan itsevarmuutta <a href=\"https:\/\/talkpal.ai\/learn-bosnian\/\">bosnian<\/a> kieless\u00e4? Kielioppiharjoitukset ovat hyv\u00e4 tapa hallita lauserakennetta, verbimuotoja ja bosnian kielen erityispiirteit\u00e4. Aloita bosnian kieliopin harjoittelu jo t\u00e4n\u00e4\u00e4n ja n\u00e4e ymm\u00e4rryksesi ja sujuvuutesi kasvavan jokaisen harjoituksen my\u00f6t\u00e4!\n\n<\/p>\r\n\r\n                            <a class=\"getStartedHidden\" href=\"https:\/\/app.talkpal.ai\/fi\/signup?lng=\">Aloita<\/a>\r\n        \r\n    <\/div>\r\n\r\n    <figure>\r\n    <img decoding=\"async\" width=\"768\" height=\"768\" src=\"https:\/\/talkpal.ai\/wp-content\/uploads\/2023\/06\/bosinian-768x768.png\" class=\"languageImage no-lazy\" alt=\"Default alt text\" fetchpriority=\"high\" sizes=\"(max-width: 768px) 150px, 768px\" srcset=\"https:\/\/talkpal.ai\/wp-content\/uploads\/2023\/06\/bosinian-768x768.png 768w, https:\/\/talkpal.ai\/wp-content\/uploads\/2023\/06\/bosinian-300x300.png 300w\" \/>\r\n    \r\n\r\n    <\/figure>\r\n\r\n            <a class=\"getStartedVisible\" href=\"https:\/\/app.talkpal.ai\/fi\/signup?lng=\">Aloita<\/a>\r\n    \r\n<\/section>\r\n\r\n\r\n<!-- <section class=\"grammarSection\">\r\n    <div class=\"grammarLinks\">\r\n        <a href=\"https:\/\/talkpal.ai\/fi\/exercise_language\/adjektiivit-bosnian-kielioppi\/\">Adjektiivit <\/a><a href=\"https:\/\/talkpal.ai\/fi\/exercise_language\/adverbit-bosnian-kielioppi\/\">Adverbit <\/a><a href=\"https:\/\/talkpal.ai\/fi\/exercise_language\/aikamuodot-bosnian-kielioppi\/\">Aikamuodot <\/a><a href=\"https:\/\/talkpal.ai\/fi\/exercise_language\/aikamuotojen-vertailu-bosnian-kielioppi\/\">Aikamuotojen vertailu <\/a><a href=\"https:\/\/talkpal.ai\/fi\/exercise_language\/artikkelit-bosnian-kielioppi\/\">Artikkelit \u2013 Bosnian kielioppi<\/a><a href=\"https:\/\/talkpal.ai\/fi\/exercise_language\/konditionaalit-bosnian-kielioppi\/\">Konditionaalit \u2013 bosnian kielioppi<\/a><a href=\"https:\/\/talkpal.ai\/fi\/exercise_language\/lauseet-bosnian-kielioppi\/\">Lauseet \u2013 bosnian kielioppi<\/a><a href=\"https:\/\/talkpal.ai\/fi\/exercise_language\/prepositiot-bosnian-kielioppi\/\">Prepositiot \u2013 bosnian kielioppi<\/a><a href=\"https:\/\/talkpal.ai\/fi\/exercise_language\/progressiivinen-bosnian-kielioppi\/\">Progressiivinen \u2013 bosnian kielioppi<\/a><a href=\"https:\/\/talkpal.ai\/fi\/exercise_language\/pronominit-determinerit-bosnian-kielioppi\/\">Pronominit\/Determinerit \u2013 Bosnian kielioppi<\/a><a href=\"https:\/\/talkpal.ai\/fi\/exercise_language\/substantiivit-bosnian-kielioppi\/\">Substantiivit \u2013 bosnian kielioppi<\/a><a href=\"https:\/\/talkpal.ai\/fi\/exercise_language\/taydellinen-progressiivinen-bosnian-kielioppi\/\">T\u00e4ydellinen progressiivinen \u2013 bosnian kielioppi<\/a><a href=\"https:\/\/talkpal.ai\/fi\/exercise_language\/verbit-bosnian-kielioppi\/\">Verbit <\/a>    <\/div>\r\n<\/section> -->\r\n\r\n\r\n\r\n\r\n        <section class=\"grammarSection\">\r\n            <div class=\"grammarLinks\">\r\n                <a href=\"https:\/\/talkpal.ai\/fi\/exercise_language\/adjektiivit-bosnian-kielioppi\/\">Adjektiivit <\/a><a href=\"https:\/\/talkpal.ai\/fi\/exercise_language\/adverbit-bosnian-kielioppi\/\">Adverbit <\/a><a href=\"https:\/\/talkpal.ai\/fi\/exercise_language\/aikamuodot-bosnian-kielioppi\/\">Aikamuodot <\/a><a href=\"https:\/\/talkpal.ai\/fi\/exercise_language\/aikamuotojen-vertailu-bosnian-kielioppi\/\">Aikamuotojen vertailu <\/a><a href=\"https:\/\/talkpal.ai\/fi\/exercise_language\/artikkelit-bosnian-kielioppi\/\">Artikkelit \u2013 Bosnian kielioppi<\/a><a href=\"https:\/\/talkpal.ai\/fi\/exercise_language\/konditionaalit-bosnian-kielioppi\/\">Konditionaalit \u2013 bosnian kielioppi<\/a><a href=\"https:\/\/talkpal.ai\/fi\/exercise_language\/lauseet-bosnian-kielioppi\/\">Lauseet \u2013 bosnian kielioppi<\/a><a href=\"https:\/\/talkpal.ai\/fi\/exercise_language\/prepositiot-bosnian-kielioppi\/\">Prepositiot \u2013 bosnian kielioppi<\/a><a href=\"https:\/\/talkpal.ai\/fi\/exercise_language\/progressiivinen-bosnian-kielioppi\/\">Progressiivinen \u2013 bosnian kielioppi<\/a><a href=\"https:\/\/talkpal.ai\/fi\/exercise_language\/pronominit-determinerit-bosnian-kielioppi\/\">Pronominit\/Determinerit \u2013 Bosnian kielioppi<\/a><a href=\"https:\/\/talkpal.ai\/fi\/exercise_language\/substantiivit-bosnian-kielioppi\/\">Substantiivit \u2013 bosnian kielioppi<\/a><a href=\"https:\/\/talkpal.ai\/fi\/exercise_language\/taydellinen-progressiivinen-bosnian-kielioppi\/\">T\u00e4ydellinen progressiivinen \u2013 bosnian kielioppi<\/a><a href=\"https:\/\/talkpal.ai\/fi\/exercise_language\/verbit-bosnian-kielioppi\/\">Verbit <\/a>            <\/div>\r\n        <\/section>\r\n<section class=\"promotionalBanner\">\r\n    <p class=\"promotionalText\">Tehokkain tapa oppia kielt\u00e4<\/p>\r\n    <a class=\"promotionalLink\" href=\"https:\/\/app.talkpal.ai\/fi\/signup?lng=\">Kokeile Talkpal ilmaiseksi<\/a>\r\n<\/section>\n<div class=\"wp-block-group pageContainerStyle\"><div class=\"wp-block-group__inner-container is-layout-constrained wp-block-group-is-layout-constrained\">\n<h2 class=\"wp-block-heading\" id=\"h-bosnian-grammar-topics\">Bosnian kieliopin aiheet<\/h2>\n\n\n\n<p><a href=\"https:\/\/talkpal.ai\/learn-bosnian\/\">Bosnia<\/a> on etel\u00e4slaavilainen kieli, jota puhutaan p\u00e4\u00e4asiassa Bosnia ja Hertsegovinassa, Serbiassa, Montenegrossa ja Kroatiassa. Se on ymm\u00e4rrett\u00e4viss\u00e4 <a href=\"https:\/\/talkpal.ai\/learn-serbian\/\">serbian<\/a> ja kroatian kanssa ja on osa standardoitua serbokroatian kielt\u00e4. Bosnian oppiminen voi olla kiehtova ja palkitseva kokemus, koska se antaa k\u00e4sityksen Balkanin alueen rikkaasta historiasta, kulttuurista ja perinteist\u00e4. Bosnian kielen tehokkaaksi oppimiseksi on v\u00e4ltt\u00e4m\u00e4t\u00f6nt\u00e4 ymm\u00e4rt\u00e4\u00e4 sen kielioppij\u00e4rjestelm\u00e4, joka sis\u00e4lt\u00e4\u00e4 erilaisia aikamuotoja, substantiivi- ja adjektiivimuotoja sek\u00e4 lauserakenteita. T\u00e4ss\u00e4 oppaassa tutkimme Bosnian kielioppiaiheiden j\u00e4rjestyst\u00e4, jotta voit hallita kielt\u00e4 tehokkaasti.<\/p>\n\n\n\n<h3 class=\"wp-block-heading\" id=\"h-1-nouns-and-articles\">1. Substantiivit ja artikkelit:<\/h3>\n\n\n\n<p>Aloita oppimalla substantiivit, jotka on jaettu kolmeen sukupuoleen (maskuliininen, feminiininen, neutri) ja joilla on yksikk\u00f6- ja monikkomuodot. Bosnian kieless\u00e4 ei ole artikkeleita kuten englannissa, mutta siin\u00e4 k\u00e4ytet\u00e4\u00e4n demonstratiivipronomineja osoittamaan erityisyytt\u00e4.<\/p>\n\n\n\n<h3 class=\"wp-block-heading\" id=\"h-2-adjectives\">2. Adjektiivit:<\/h3>\n\n\n\n<p>Adjektiivit sopivat yhteen sukupuolen, numeron ja tapauksen substantiivien kanssa. Opi muodostamaan ja k\u00e4ytt\u00e4m\u00e4\u00e4n adjektiiveja kuvaamaan substantiiveja tarkasti.<\/p>\n\n\n\n<h3 class=\"wp-block-heading\" id=\"h-3-pronouns-determiners\">3. Pronominit\/m\u00e4\u00e4ritteet:<\/h3>\n\n\n\n<p>Bosnian pronominit ja m\u00e4\u00e4ritteet sopivat my\u00f6s sukupuolen, numeron ja kirjainkoon substantiivien kanssa. Opiskele henkil\u00f6kohtaisia, omistus-, demonstratiivisia ja kyselypronomineja parantaaksesi viestint\u00e4taitojasi.<\/p>\n\n\n\n<h3 class=\"wp-block-heading\" id=\"h-4-verbs\">4. Verbit:<\/h3>\n\n\n\n<p>Tutustu s\u00e4\u00e4nn\u00f6llisiin ja ep\u00e4s\u00e4\u00e4nn\u00f6llisiin verbeihin, niiden taivutusmalleihin sek\u00e4 perfektiivisen ja imperfektiivisen aspektin eroon.<\/p>\n\n\n\n<h3 class=\"wp-block-heading\" id=\"h-5-tenses\">5. Aikamuodot:<\/h3>\n\n\n\n<p>Bosnian kieless\u00e4 on kolme aikamuotoa: menneisyys, nykyisyys ja tulevaisuus. Opi muodostamaan ja k\u00e4ytt\u00e4m\u00e4\u00e4n n\u00e4it\u00e4 aikamuotoja ilmaisemaan toimia ja tapahtumia eri aikav\u00e4leill\u00e4.<\/p>\n\n\n\n<h3 class=\"wp-block-heading\" id=\"h-6-tense-comparison\">6. J\u00e4nnittynyt vertailu:<\/h3>\n\n\n\n<p>Ymm\u00e4rr\u00e4 aikamuotojen erot ja yht\u00e4l\u00e4isyydet keskittyen niiden k\u00e4ytt\u00f6\u00f6n eri yhteyksiss\u00e4.<\/p>\n\n\n\n<h3 class=\"wp-block-heading\" id=\"h-7-progressive-and-perfect-progressive\">7. Progressiivinen ja t\u00e4ydellinen progressiivinen:<\/h3>\n\n\n\n<p>Bosnian kielell\u00e4 ei ole suoraa vastinetta englannin progressiivisille ja t\u00e4ydellisille progressiivisille aikamuodoille. Se k\u00e4ytt\u00e4\u00e4 kuitenkin sanallista aspektia (perfektiivist\u00e4 ja imperfektiivist\u00e4) v\u00e4litt\u00e4\u00e4kseen samanlaisia merkityksi\u00e4.<\/p>\n\n\n\n<h3 class=\"wp-block-heading\" id=\"h-8-adverbs\">8. Adverbit:<\/h3>\n\n\n\n<p>Tutki adverbeja ja niiden sijoittamista lauseisiin ilmaisemaan aikaa, tapaa ja astetta.<\/p>\n\n\n\n<h3 class=\"wp-block-heading\" id=\"h-9-conditionals\">9. Konditionaalit:<\/h3>\n\n\n\n<p>Opi muodostamaan ja k\u00e4ytt\u00e4m\u00e4\u00e4n ehdollisia lauseita (todellisia ja ep\u00e4realistisia) ilmaisemaan hypoteettisia tilanteita ja niiden seurauksia.<\/p>\n\n\n\n<h3 class=\"wp-block-heading\" id=\"h-10-prepositions\">10. Prepositiot:<\/h3>\n\n\n\n<p><a href=\"https:\/\/talkpal.ai\/fi\/grammar\/kohdan-kannadan-kieliopissa-prepositiot\/\">Prepositiot<\/a> ovat v\u00e4ltt\u00e4m\u00e4tt\u00f6mi\u00e4 sanojen ja lauseiden v\u00e4listen suhteiden osoittamiseksi. Opi k\u00e4ytt\u00e4m\u00e4\u00e4n niit\u00e4 tarkasti eri yhteyksiss\u00e4.<\/p>\n\n\n\n<h3 class=\"wp-block-heading\" id=\"h-11-sentences\">11. Lauseet:<\/h3>\n\n\n\n<p>Lopuksi harjoittele yksinkertaisten ja monimutkaisten lauseiden rakentamista k\u00e4ytt\u00e4m\u00e4ll\u00e4 kaikkia oppimiasi kielioppielementtej\u00e4. T\u00e4m\u00e4 auttaa sinua kehitt\u00e4m\u00e4\u00e4n vahvan perustan bosniassa ja antaa sinulle mahdollisuuden kommunikoida tehokkaasti \u00e4idinkielen\u00e4\u00e4n puhuvien kanssa.<\/p>\n<\/div><\/div>\n\r\n<section class=\"learnNavigationSection\">\r\n            \r\n        <a href=\"https:\/\/talkpal.ai\/fi\/opi-bosnian-kielta\/\">\r\n            <div class=\"learnNavigationWrapper\">\r\n                <div class=\"learnNavigationContent\">\r\n                    <img decoding=\"async\" src=\"https:\/\/talkpal.ai\/wp-content\/uploads\/2024\/08\/Bosnian.jpg\" alt=\"Bosnian Flag\">\r\n                    <div>\r\n                        <h4>Tietoa Bosnian Learningista<\/h4>\r\n                        <p>Lue kaikki Bosnian kieliopista.<\/p>\r\n                    <\/div>\r\n                <\/div>\r\n            <\/div>\r\n        <\/a>\r\n\r\n        \r\n        <a href=\"https:\/\/talkpal.ai\/fi\/bosnian-kielioppi\/\">\r\n            <div class=\"learnNavigationWrapper\">\r\n                <div class=\"learnNavigationContent\">\r\n                    <img decoding=\"async\" src=\"https:\/\/talkpal.ai\/wp-content\/uploads\/2024\/08\/Bosnian.jpg\" alt=\"Bosnian Flag\">\r\n                    <div>\r\n                        <h4>Bosnian kieliopin oppitunnit<\/h4>\r\n                        <p>Harjoittele bosnian kielioppia.<\/p>\r\n                    <\/div>\r\n                <\/div>\r\n            <\/div>\r\n        <\/a>\r\n\r\n        \r\n        <a href=\"https:\/\/talkpal.ai\/vocabulary_language\/bosnian\/\">\r\n            <div class=\"learnNavigationWrapper\">\r\n                <div class=\"learnNavigationContent\">\r\n                    <img decoding=\"async\" src=\"https:\/\/talkpal.ai\/wp-content\/uploads\/2024\/08\/Bosnian.jpg\" alt=\"Bosnian Flag\">\r\n                    <div>\r\n                        <h4>Bosnian sanasto<\/h4>\r\n                        <p>Laajenna bosnian kielen sanavarastoasi.<\/p>\r\n                    <\/div>\r\n                <\/div>\r\n            <\/div>\r\n        <\/a>\r\n\r\n            <\/section>","protected":false},"excerpt":{"rendered":"<p>Bosnian kieliopin aiheet Bosnia on etel\u00e4slaavilainen kieli, jota puhutaan p\u00e4\u00e4asiassa Bosnia ja Hertsegovinassa, Serbiassa, Montenegrossa ja Kroatiassa. Se on ymm\u00e4rrett\u00e4viss\u00e4 serbian ja kroatian kanssa ja on osa standardoitua serbokroatian kielt\u00e4. Bosnian oppiminen voi olla kiehtova ja palkitseva kokemus, koska se antaa k\u00e4sityksen Balkanin alueen rikkaasta historiasta, kulttuurista ja perinteist\u00e4. Bosnian kielen tehokkaaksi oppimiseksi on v\u00e4ltt\u00e4m\u00e4t\u00f6nt\u00e4 [&hellip;]<\/p>\n","protected":false},"author":6,"featured_media":28203,"parent":0,"menu_order":0,"comment_status":"closed","ping_status":"closed","template":"LearningContentPage.php","meta":{"_acf_changed":false,"footnotes":""},"class_list":["post-165006","page","type-page","status-publish","has-post-thumbnail","hentry"],"acf":[],"yoast_head":"<!-- This site is optimized with the Yoast SEO Premium plugin v27.2 (Yoast SEO v27.2) - https:\/\/yoast.com\/product\/yoast-seo-premium-wordpress\/ -->\n<title>Bosnian kielioppiharjoitukset - Talkpal<\/title>\n<meta name=\"description\" content=\"Opettele bosnian kielioppia kiinnostavien bosnian kielioppiharjoitusten avulla, jotka on suunniteltu parantamaan ymm\u00e4rryst\u00e4si lauserakenteista ja aikamuodoista.\" \/>\n<meta name=\"robots\" content=\"index, follow, max-snippet:-1, max-image-preview:large, max-video-preview:-1\" \/>\n<link rel=\"canonical\" href=\"https:\/\/talkpal.ai\/fi\/bosnian-kielioppiharjoitukset\/\" \/>\n<meta property=\"og:locale\" content=\"fi_FI\" \/>\n<meta property=\"og:type\" content=\"article\" \/>\n<meta property=\"og:title\" content=\"Bosnian kielioppiharjoitukset\" \/>\n<meta property=\"og:description\" content=\"Bosnian kieliopin aiheet Bosnia on etel\u00e4slaavilainen kieli, jota puhutaan p\u00e4\u00e4asiassa Bosnia ja Hertsegovinassa, Serbiassa, Montenegrossa ja Kroatiassa. Se\" \/>\n<meta property=\"og:url\" content=\"https:\/\/talkpal.ai\/fi\/bosnian-kielioppiharjoitukset\/\" \/>\n<meta property=\"og:site_name\" content=\"Talkpal\" \/>\n<meta property=\"article:publisher\" content=\"https:\/\/www.facebook.com\/profile.php?id=100090733639311\" \/>\n<meta property=\"article:modified_time\" content=\"2025-05-23T12:05:29+00:00\" \/>\n<meta property=\"og:image\" content=\"https:\/\/talkpal.ai\/wp-content\/uploads\/2023\/05\/bosnia-and-herzegovina.png\" \/>\n\t<meta property=\"og:image:width\" content=\"512\" \/>\n\t<meta property=\"og:image:height\" content=\"512\" \/>\n\t<meta property=\"og:image:type\" content=\"image\/png\" \/>\n<meta name=\"twitter:card\" content=\"summary_large_image\" \/>\n<meta name=\"twitter:site\" content=\"@talkpalai\" \/>\n<meta name=\"twitter:label1\" content=\"Arvioitu lukuaika\" \/>\n\t<meta name=\"twitter:data1\" content=\"2 minuuttia\" \/>\n<script type=\"application\/ld+json\" class=\"yoast-schema-graph\">{\"@context\":\"https:\/\/schema.org\",\"@graph\":[{\"@type\":\"WebPage\",\"@id\":\"https:\/\/talkpal.ai\/fi\/bosnian-kielioppiharjoitukset\/\",\"url\":\"https:\/\/talkpal.ai\/fi\/bosnian-kielioppiharjoitukset\/\",\"name\":\"Bosnian kielioppiharjoitukset - Talkpal\",\"isPartOf\":{\"@id\":\"https:\/\/talkpal.ai\/fi\/#website\"},\"primaryImageOfPage\":{\"@id\":\"https:\/\/talkpal.ai\/fi\/bosnian-kielioppiharjoitukset\/#primaryimage\"},\"image\":{\"@id\":\"https:\/\/talkpal.ai\/fi\/bosnian-kielioppiharjoitukset\/#primaryimage\"},\"thumbnailUrl\":\"https:\/\/talkpal.ai\/wp-content\/uploads\/2023\/05\/bosnia-and-herzegovina.png\",\"datePublished\":\"2023-06-16T12:01:29+00:00\",\"dateModified\":\"2025-05-23T12:05:29+00:00\",\"description\":\"Opettele bosnian kielioppia kiinnostavien bosnian kielioppiharjoitusten avulla, jotka on suunniteltu parantamaan ymm\u00e4rryst\u00e4si lauserakenteista ja aikamuodoista.\",\"breadcrumb\":{\"@id\":\"https:\/\/talkpal.ai\/fi\/bosnian-kielioppiharjoitukset\/#breadcrumb\"},\"inLanguage\":\"fi\",\"potentialAction\":[{\"@type\":\"ReadAction\",\"target\":[\"https:\/\/talkpal.ai\/fi\/bosnian-kielioppiharjoitukset\/\"]}]},{\"@type\":\"ImageObject\",\"inLanguage\":\"fi\",\"@id\":\"https:\/\/talkpal.ai\/fi\/bosnian-kielioppiharjoitukset\/#primaryimage\",\"url\":\"https:\/\/talkpal.ai\/wp-content\/uploads\/2023\/05\/bosnia-and-herzegovina.png\",\"contentUrl\":\"https:\/\/talkpal.ai\/wp-content\/uploads\/2023\/05\/bosnia-and-herzegovina.png\",\"width\":512,\"height\":512},{\"@type\":\"BreadcrumbList\",\"@id\":\"https:\/\/talkpal.ai\/fi\/bosnian-kielioppiharjoitukset\/#breadcrumb\",\"itemListElement\":[{\"@type\":\"ListItem\",\"position\":1,\"name\":\"Homepage\",\"item\":\"https:\/\/talkpal.ai\/fi\/\"},{\"@type\":\"ListItem\",\"position\":2,\"name\":\"Bosnian kielioppiharjoitukset\"}]},{\"@type\":\"WebSite\",\"@id\":\"https:\/\/talkpal.ai\/fi\/#website\",\"url\":\"https:\/\/talkpal.ai\/fi\/\",\"name\":\"Talkpal\",\"description\":\"AI Language Learning\",\"publisher\":{\"@id\":\"https:\/\/talkpal.ai\/fi\/#organization\"},\"alternateName\":\"Talkpal AI\",\"potentialAction\":[{\"@type\":\"SearchAction\",\"target\":{\"@type\":\"EntryPoint\",\"urlTemplate\":\"https:\/\/talkpal.ai\/fi\/?s={search_term_string}\"},\"query-input\":{\"@type\":\"PropertyValueSpecification\",\"valueRequired\":true,\"valueName\":\"search_term_string\"}}],\"inLanguage\":\"fi\"},{\"@type\":\"Organization\",\"@id\":\"https:\/\/talkpal.ai\/fi\/#organization\",\"name\":\"Talkpal, Inc.\",\"alternateName\":\"Talkpal AI\",\"url\":\"https:\/\/talkpal.ai\/fi\/\",\"logo\":{\"@type\":\"ImageObject\",\"inLanguage\":\"fi\",\"@id\":\"https:\/\/talkpal.ai\/fi\/#\/schema\/logo\/image\/\",\"url\":\"https:\/\/talkpal.ai\/wp-content\/uploads\/2024\/03\/Talkpal-Logo-Icon.png\",\"contentUrl\":\"https:\/\/talkpal.ai\/wp-content\/uploads\/2024\/03\/Talkpal-Logo-Icon.png\",\"width\":2880,\"height\":2880,\"caption\":\"Talkpal, Inc.\"},\"image\":{\"@id\":\"https:\/\/talkpal.ai\/fi\/#\/schema\/logo\/image\/\"},\"sameAs\":[\"https:\/\/www.facebook.com\/profile.php?id=100090733639311\",\"https:\/\/x.com\/talkpalai\",\"https:\/\/www.linkedin.com\/company\/talkpal\/\",\"https:\/\/www.youtube.com\/@TalkPal\/\",\"https:\/\/www.tiktok.com\/@talkpal\",\"https:\/\/www.instagram.com\/talkpal_ai\/\",\"https:\/\/www.crunchbase.com\/organization\/talkpal-9cde\",\"https:\/\/www.g2.com\/products\/talkpal-for-business\/\",\"https:\/\/www.trustpilot.com\/review\/talkpal.ai\",\"https:\/\/www.capterra.com\/p\/10006800\/TalkPal\/\"],\"description\":\"Talkpal is a language learning web and mobile education app, powered by the latest AI technologies, that provides engaging experiences to its customers in many different languages to help them improve their language skills. Users can chat about unlimited amount of topics with the app and use other modes to practice their language learning.\",\"email\":\"support@talkpal.ai\",\"legalName\":\"Talkpal, Inc.\",\"foundingDate\":\"2023-04-03\",\"duns\":\"118989042\",\"numberOfEmployees\":{\"@type\":\"QuantitativeValue\",\"minValue\":\"11\",\"maxValue\":\"50\"},\"publishingPrinciples\":\"https:\/\/talkpal.ai\/publishing-principles\/\",\"actionableFeedbackPolicy\":\"https:\/\/talkpal.ai\/actionable-feedback-policy\/\",\"correctionsPolicy\":\"https:\/\/talkpal.ai\/corrections-policy\/\",\"ethicsPolicy\":\"https:\/\/talkpal.ai\/ethics-policy\/\",\"diversityPolicy\":\"https:\/\/talkpal.ai\/diversity-policy\/\",\"diversityStaffingReport\":\"https:\/\/talkpal.ai\/diversity-policy\/\"}]}<\/script>\n<!-- \/ Yoast SEO Premium plugin. -->","yoast_head_json":{"title":"Bosnian kielioppiharjoitukset - Talkpal","description":"Opettele bosnian kielioppia kiinnostavien bosnian kielioppiharjoitusten avulla, jotka on suunniteltu parantamaan ymm\u00e4rryst\u00e4si lauserakenteista ja aikamuodoista.","robots":{"index":"index","follow":"follow","max-snippet":"max-snippet:-1","max-image-preview":"max-image-preview:large","max-video-preview":"max-video-preview:-1"},"canonical":"https:\/\/talkpal.ai\/fi\/bosnian-kielioppiharjoitukset\/","og_locale":"fi_FI","og_type":"article","og_title":"Bosnian kielioppiharjoitukset","og_description":"Bosnian kieliopin aiheet Bosnia on etel\u00e4slaavilainen kieli, jota puhutaan p\u00e4\u00e4asiassa Bosnia ja Hertsegovinassa, Serbiassa, Montenegrossa ja Kroatiassa. Se","og_url":"https:\/\/talkpal.ai\/fi\/bosnian-kielioppiharjoitukset\/","og_site_name":"Talkpal","article_publisher":"https:\/\/www.facebook.com\/profile.php?id=100090733639311","article_modified_time":"2025-05-23T12:05:29+00:00","og_image":[{"width":512,"height":512,"url":"https:\/\/talkpal.ai\/wp-content\/uploads\/2023\/05\/bosnia-and-herzegovina.png","type":"image\/png"}],"twitter_card":"summary_large_image","twitter_site":"@talkpalai","twitter_misc":{"Arvioitu lukuaika":"2 minuuttia"},"schema":{"@context":"https:\/\/schema.org","@graph":[{"@type":"WebPage","@id":"https:\/\/talkpal.ai\/fi\/bosnian-kielioppiharjoitukset\/","url":"https:\/\/talkpal.ai\/fi\/bosnian-kielioppiharjoitukset\/","name":"Bosnian kielioppiharjoitukset - Talkpal","isPartOf":{"@id":"https:\/\/talkpal.ai\/fi\/#website"},"primaryImageOfPage":{"@id":"https:\/\/talkpal.ai\/fi\/bosnian-kielioppiharjoitukset\/#primaryimage"},"image":{"@id":"https:\/\/talkpal.ai\/fi\/bosnian-kielioppiharjoitukset\/#primaryimage"},"thumbnailUrl":"https:\/\/talkpal.ai\/wp-content\/uploads\/2023\/05\/bosnia-and-herzegovina.png","datePublished":"2023-06-16T12:01:29+00:00","dateModified":"2025-05-23T12:05:29+00:00","description":"Opettele bosnian kielioppia kiinnostavien bosnian kielioppiharjoitusten avulla, jotka on suunniteltu parantamaan ymm\u00e4rryst\u00e4si lauserakenteista ja aikamuodoista.","breadcrumb":{"@id":"https:\/\/talkpal.ai\/fi\/bosnian-kielioppiharjoitukset\/#breadcrumb"},"inLanguage":"fi","potentialAction":[{"@type":"ReadAction","target":["https:\/\/talkpal.ai\/fi\/bosnian-kielioppiharjoitukset\/"]}]},{"@type":"ImageObject","inLanguage":"fi","@id":"https:\/\/talkpal.ai\/fi\/bosnian-kielioppiharjoitukset\/#primaryimage","url":"https:\/\/talkpal.ai\/wp-content\/uploads\/2023\/05\/bosnia-and-herzegovina.png","contentUrl":"https:\/\/talkpal.ai\/wp-content\/uploads\/2023\/05\/bosnia-and-herzegovina.png","width":512,"height":512},{"@type":"BreadcrumbList","@id":"https:\/\/talkpal.ai\/fi\/bosnian-kielioppiharjoitukset\/#breadcrumb","itemListElement":[{"@type":"ListItem","position":1,"name":"Homepage","item":"https:\/\/talkpal.ai\/fi\/"},{"@type":"ListItem","position":2,"name":"Bosnian kielioppiharjoitukset"}]},{"@type":"WebSite","@id":"https:\/\/talkpal.ai\/fi\/#website","url":"https:\/\/talkpal.ai\/fi\/","name":"Talkpal","description":"AI Language Learning","publisher":{"@id":"https:\/\/talkpal.ai\/fi\/#organization"},"alternateName":"Talkpal AI","potentialAction":[{"@type":"SearchAction","target":{"@type":"EntryPoint","urlTemplate":"https:\/\/talkpal.ai\/fi\/?s={search_term_string}"},"query-input":{"@type":"PropertyValueSpecification","valueRequired":true,"valueName":"search_term_string"}}],"inLanguage":"fi"},{"@type":"Organization","@id":"https:\/\/talkpal.ai\/fi\/#organization","name":"Talkpal, Inc.","alternateName":"Talkpal AI","url":"https:\/\/talkpal.ai\/fi\/","logo":{"@type":"ImageObject","inLanguage":"fi","@id":"https:\/\/talkpal.ai\/fi\/#\/schema\/logo\/image\/","url":"https:\/\/talkpal.ai\/wp-content\/uploads\/2024\/03\/Talkpal-Logo-Icon.png","contentUrl":"https:\/\/talkpal.ai\/wp-content\/uploads\/2024\/03\/Talkpal-Logo-Icon.png","width":2880,"height":2880,"caption":"Talkpal, Inc."},"image":{"@id":"https:\/\/talkpal.ai\/fi\/#\/schema\/logo\/image\/"},"sameAs":["https:\/\/www.facebook.com\/profile.php?id=100090733639311","https:\/\/x.com\/talkpalai","https:\/\/www.linkedin.com\/company\/talkpal\/","https:\/\/www.youtube.com\/@TalkPal\/","https:\/\/www.tiktok.com\/@talkpal","https:\/\/www.instagram.com\/talkpal_ai\/","https:\/\/www.crunchbase.com\/organization\/talkpal-9cde","https:\/\/www.g2.com\/products\/talkpal-for-business\/","https:\/\/www.trustpilot.com\/review\/talkpal.ai","https:\/\/www.capterra.com\/p\/10006800\/TalkPal\/"],"description":"Talkpal is a language learning web and mobile education app, powered by the latest AI technologies, that provides engaging experiences to its customers in many different languages to help them improve their language skills. Users can chat about unlimited amount of topics with the app and use other modes to practice their language learning.","email":"support@talkpal.ai","legalName":"Talkpal, Inc.","foundingDate":"2023-04-03","duns":"118989042","numberOfEmployees":{"@type":"QuantitativeValue","minValue":"11","maxValue":"50"},"publishingPrinciples":"https:\/\/talkpal.ai\/publishing-principles\/","actionableFeedbackPolicy":"https:\/\/talkpal.ai\/actionable-feedback-policy\/","correctionsPolicy":"https:\/\/talkpal.ai\/corrections-policy\/","ethicsPolicy":"https:\/\/talkpal.ai\/ethics-policy\/","diversityPolicy":"https:\/\/talkpal.ai\/diversity-policy\/","diversityStaffingReport":"https:\/\/talkpal.ai\/diversity-policy\/"}]}},"_links":{"self":[{"href":"https:\/\/talkpal.ai\/fi\/wp-json\/wp\/v2\/pages\/165006","targetHints":{"allow":["GET"]}}],"collection":[{"href":"https:\/\/talkpal.ai\/fi\/wp-json\/wp\/v2\/pages"}],"about":[{"href":"https:\/\/talkpal.ai\/fi\/wp-json\/wp\/v2\/types\/page"}],"author":[{"embeddable":true,"href":"https:\/\/talkpal.ai\/fi\/wp-json\/wp\/v2\/users\/6"}],"replies":[{"embeddable":true,"href":"https:\/\/talkpal.ai\/fi\/wp-json\/wp\/v2\/comments?post=165006"}],"version-history":[{"count":0,"href":"https:\/\/talkpal.ai\/fi\/wp-json\/wp\/v2\/pages\/165006\/revisions"}],"wp:featuredmedia":[{"embeddable":true,"href":"https:\/\/talkpal.ai\/fi\/wp-json\/wp\/v2\/media\/28203"}],"wp:attachment":[{"href":"https:\/\/talkpal.ai\/fi\/wp-json\/wp\/v2\/media?parent=165006"}],"curies":[{"name":"wp","href":"https:\/\/api.w.org\/{rel}","templated":true}]}}