{"id":164639,"date":"2023-06-16T12:39:48","date_gmt":"2023-06-16T12:39:48","guid":{"rendered":"http:\/\/talkpal.ai\/bulgarian-kielioppiharjoitukset\/"},"modified":"2025-05-23T12:00:26","modified_gmt":"2025-05-23T12:00:26","slug":"bulgarian-kielioppiharjoitukset","status":"publish","type":"page","link":"https:\/\/talkpal.ai\/fi\/bulgarian-kielioppiharjoitukset\/","title":{"rendered":"Bulgarian kielioppiharjoitukset"},"content":{"rendered":"\r\n\r\n\r\n<section class=\"languageChallengeSection\">\r\n    <div class=\"languageInfoWrapper\">\r\n        \r\n        <h1>Bulgarian kielioppiharjoitukset<\/h1>\r\n        <p>Haluatko parantaa <a href=\"https:\/\/talkpal.ai\/learn-bulgarian\/\">bulgarian<\/a> kielen taitojasi? Kielioppiharjoitukset ovat erinomainen tapa hallita lauserakennetta, verbimuotoja ja bulgarian kielen ainutlaatuisia malleja. Aloita bulgarian kieliopin harjoittelu jo t\u00e4n\u00e4\u00e4n ja katso, kuinka itseluottamuksesi ja sujuvuutesi kasvavat jokaisen harjoituksen my\u00f6t\u00e4!<\/p>\r\n\r\n                            <a class=\"getStartedHidden\" href=\"https:\/\/app.talkpal.ai\/fi\/signup?lng=\">Aloita<\/a>\r\n        \r\n    <\/div>\r\n\r\n    <figure>\r\n    <img decoding=\"async\" width=\"768\" height=\"768\" src=\"https:\/\/talkpal.ai\/wp-content\/uploads\/2023\/06\/bulgarian-768x768.png\" class=\"languageImage no-lazy\" alt=\"Default alt text\" fetchpriority=\"high\" sizes=\"(max-width: 768px) 150px, 768px\" srcset=\"https:\/\/talkpal.ai\/wp-content\/uploads\/2023\/06\/bulgarian-768x768.png 768w, https:\/\/talkpal.ai\/wp-content\/uploads\/2023\/06\/bulgarian-300x300.png 300w\" \/>\r\n    \r\n\r\n    <\/figure>\r\n\r\n            <a class=\"getStartedVisible\" href=\"https:\/\/app.talkpal.ai\/fi\/signup?lng=\">Aloita<\/a>\r\n    \r\n<\/section>\r\n\r\n\r\n<!-- <section class=\"grammarSection\">\r\n    <div class=\"grammarLinks\">\r\n        <a href=\"https:\/\/talkpal.ai\/fi\/exercise_language\/adjektiivit-bulgarian-kielioppi\/\">Adjektiivit <\/a><a href=\"https:\/\/talkpal.ai\/fi\/exercise_language\/adverbit-bulgarian-kielioppi\/\">Adverbit <\/a><a href=\"https:\/\/talkpal.ai\/fi\/exercise_language\/aikamuodot-bulgarian-kielioppi\/\">Aikamuodot <\/a><a href=\"https:\/\/talkpal.ai\/fi\/exercise_language\/aikamuotojen-vertailu-bulgarian-kielioppi\/\">Aikamuotojen vertailu <\/a><a href=\"https:\/\/talkpal.ai\/fi\/exercise_language\/artikkelit-bulgarian-kielioppi\/\">Artikkelit <\/a><a href=\"https:\/\/talkpal.ai\/fi\/exercise_language\/konditionaalit-bulgarian-kielioppi\/\">Konditionaalit <\/a><a href=\"https:\/\/talkpal.ai\/fi\/exercise_language\/lakkeet-bulgarian-kielioppi\/\">Lakkeet <\/a><a href=\"https:\/\/talkpal.ai\/fi\/exercise_language\/prepositiot-bulgarian-kielioppi\/\">Prepositiot <\/a><a href=\"https:\/\/talkpal.ai\/fi\/exercise_language\/progressiivinen-bulgarian-kielioppi\/\">Progressiivinen <\/a><a href=\"https:\/\/talkpal.ai\/fi\/exercise_language\/pronominit-determinerit-bulgarian-kielioppi\/\">Pronominit\/Determinerit <\/a><a href=\"https:\/\/talkpal.ai\/fi\/exercise_language\/substantiivit-bulgarian-kielioppi\/\">Substantiivit <\/a><a href=\"https:\/\/talkpal.ai\/fi\/exercise_language\/taydellinen-progressiivinen-bulgarian-kielioppi\/\">T\u00e4ydellinen progressiivinen <\/a><a href=\"https:\/\/talkpal.ai\/fi\/exercise_language\/verbit-bulgarian-kielioppi\/\">Verbit <\/a>    <\/div>\r\n<\/section> -->\r\n\r\n\r\n\r\n\r\n        <section class=\"grammarSection\">\r\n            <div class=\"grammarLinks\">\r\n                <a href=\"https:\/\/talkpal.ai\/fi\/exercise_language\/adjektiivit-bulgarian-kielioppi\/\">Adjektiivit <\/a><a href=\"https:\/\/talkpal.ai\/fi\/exercise_language\/adverbit-bulgarian-kielioppi\/\">Adverbit <\/a><a href=\"https:\/\/talkpal.ai\/fi\/exercise_language\/aikamuodot-bulgarian-kielioppi\/\">Aikamuodot <\/a><a href=\"https:\/\/talkpal.ai\/fi\/exercise_language\/aikamuotojen-vertailu-bulgarian-kielioppi\/\">Aikamuotojen vertailu <\/a><a href=\"https:\/\/talkpal.ai\/fi\/exercise_language\/artikkelit-bulgarian-kielioppi\/\">Artikkelit <\/a><a href=\"https:\/\/talkpal.ai\/fi\/exercise_language\/konditionaalit-bulgarian-kielioppi\/\">Konditionaalit <\/a><a href=\"https:\/\/talkpal.ai\/fi\/exercise_language\/lakkeet-bulgarian-kielioppi\/\">Lakkeet <\/a><a href=\"https:\/\/talkpal.ai\/fi\/exercise_language\/prepositiot-bulgarian-kielioppi\/\">Prepositiot <\/a><a href=\"https:\/\/talkpal.ai\/fi\/exercise_language\/progressiivinen-bulgarian-kielioppi\/\">Progressiivinen <\/a><a href=\"https:\/\/talkpal.ai\/fi\/exercise_language\/pronominit-determinerit-bulgarian-kielioppi\/\">Pronominit\/Determinerit <\/a><a href=\"https:\/\/talkpal.ai\/fi\/exercise_language\/substantiivit-bulgarian-kielioppi\/\">Substantiivit <\/a><a href=\"https:\/\/talkpal.ai\/fi\/exercise_language\/taydellinen-progressiivinen-bulgarian-kielioppi\/\">T\u00e4ydellinen progressiivinen <\/a><a href=\"https:\/\/talkpal.ai\/fi\/exercise_language\/verbit-bulgarian-kielioppi\/\">Verbit <\/a>            <\/div>\r\n        <\/section>\r\n<section class=\"promotionalBanner\">\r\n    <p class=\"promotionalText\">Tehokkain tapa oppia kielt\u00e4<\/p>\r\n    <a class=\"promotionalLink\" href=\"https:\/\/app.talkpal.ai\/fi\/signup?lng=\">Kokeile Talkpal ilmaiseksi<\/a>\r\n<\/section>\n<div class=\"wp-block-group pageContainerStyle\"><div class=\"wp-block-group__inner-container is-layout-constrained wp-block-group-is-layout-constrained\">\n<h2 class=\"wp-block-heading\" id=\"h-bulgarian-grammar-topics\">Bulgarian kieliopin aiheet<\/h2>\n\n\n\n<p><a href=\"https:\/\/talkpal.ai\/locations\/language-courses-in-bulgaria\/\">Bulgaria<\/a> on etel\u00e4slaavilainen kieli, jota puhutaan p\u00e4\u00e4asiassa Bulgariassa ja bulgarialaisyhteis\u00f6iss\u00e4 naapurimaissa. Bulgarian virallisena kielen\u00e4 sill\u00e4 on t\u00e4rke\u00e4 rooli maan kulttuurissa, historiassa ja jokap\u00e4iv\u00e4isess\u00e4 el\u00e4m\u00e4ss\u00e4. Bulgarian oppiminen voi olla palkitseva kokemus, koska sen avulla voit tutustua maan rikkaaseen kirjallisuuteen, kauniisiin maisemiin ja maukkaisiin ruokiin. Bulgarian hallitsemiseksi on v\u00e4ltt\u00e4m\u00e4t\u00f6nt\u00e4 ymm\u00e4rt\u00e4\u00e4 sen kielioppi, jolla on ainutlaatuiset piirteens\u00e4 ja rakenteensa. T\u00e4ss\u00e4 oppaassa tutkimme t\u00e4rkeit\u00e4 bulgarian kielioppiaiheita, jotka sinun tulisi oppia per\u00e4kk\u00e4in saavuttaaksesi vankan perustan kielelle.<\/p>\n\n\n\n<h3 class=\"wp-block-heading\" id=\"h-1-nouns\">1. Substantiivit:<\/h3>\n\n\n\n<p>Bulgarialaisilla substantiiveilla on sukupuoli (maskuliininen, feminiininen ja neutri), mik\u00e4 on t\u00e4rke\u00e4\u00e4 tiet\u00e4\u00e4, koska se vaikuttaa lauseen muiden sanojen, kuten adjektiivien ja artikkeleiden, muotoon. Niill\u00e4 on my\u00f6s yksikk\u00f6- ja monikkomuotoja, mutta toisin kuin englannissa, tapauksia ei ole.<\/p>\n\n\n\n<h3 class=\"wp-block-heading\" id=\"h-2-articles\">2. Artiklat:<\/h3>\n\n\n\n<p>Bulgariassa artikkelit liitet\u00e4\u00e4n muokkaamansa substantiivin loppuun. On olemassa tarkkoja ja m\u00e4\u00e4rittelem\u00e4tt\u00f6mi\u00e4 artikkeleita, ja ne muuttuvat substantiivin sukupuolen ja numeron mukaan.<\/p>\n\n\n\n<h3 class=\"wp-block-heading\" id=\"h-3-pronouns-determiners\">3. Pronominit\/m\u00e4\u00e4ritteet:<\/h3>\n\n\n\n<p>Bulgarialla on henkil\u00f6kohtaisia, omistus-, demonstratiivisia, kysely- ja relatiivipronomineja. He sopivat sukupuoleltaan ja lukum\u00e4\u00e4r\u00e4lt\u00e4\u00e4n substantiivin kanssa, jonka he korvaavat <a href=\"https:\/\/talkpal.ai\/learn-thai\/\">tai<\/a> muuttavat. Determinaattoreita k\u00e4ytet\u00e4\u00e4n substantiivien m\u00e4\u00e4ritt\u00e4miseen tai kvantifiointiin.<\/p>\n\n\n\n<h3 class=\"wp-block-heading\" id=\"h-4-adjectives\">4. Adjektiivit:<\/h3>\n\n\n\n<p>Bulgarian adjektiivit sopivat sukupuoleltaan, lukum\u00e4\u00e4r\u00e4lt\u00e4\u00e4n ja m\u00e4\u00e4r\u00e4isyydelt\u00e4\u00e4n muokkaamaansa substantiiviin. Niill\u00e4 on kolme vertailuastetta &#8211; positiivinen, komparatiivinen ja superlatiivinen.<\/p>\n\n\n\n<h3 class=\"wp-block-heading\" id=\"h-5-adverbs\">5. Adverbit:<\/h3>\n\n\n\n<p><a href=\"https:\/\/talkpal.ai\/fi\/grammar\/paikan-tsekin-kielioppi-adverbit\/\">Adverbit<\/a> muokkaavat verbej\u00e4, adjektiiveja tai muita adverbeja. Ne eiv\u00e4t muutu muodoltaan, ja ne ovat v\u00e4ltt\u00e4m\u00e4tt\u00f6mi\u00e4 ajan, paikan, tavan ja asteen ilmaisemisessa.<\/p>\n\n\n\n<h3 class=\"wp-block-heading\" id=\"h-6-verbs\">6. Verbit:<\/h3>\n\n\n\n<p>Bulgarian verbeill\u00e4 on kolme p\u00e4\u00e4taivutusta, ja niit\u00e4 taivutetaan henkil\u00f6n, numeron, aikamuodon, mielialan ja \u00e4\u00e4nen mukaan. Oikean taivutuksen oppiminen ja verbien eri n\u00e4k\u00f6kohtien ymm\u00e4rt\u00e4minen on ratkaisevan t\u00e4rke\u00e4\u00e4 oikean viestinn\u00e4n kannalta.<\/p>\n\n\n\n<h3 class=\"wp-block-heading\" id=\"h-7-tenses\">7. Aikamuodot:<\/h3>\n\n\n\n<p>Bulgariassa on kolme p\u00e4\u00e4aikamuotoa &#8211; mennyt, nykyhetki ja tulevaisuus. N\u00e4iden aikamuotojen muodostamisen ja k\u00e4yt\u00f6n oppiminen on v\u00e4ltt\u00e4m\u00e4t\u00f6nt\u00e4 bulgarian kielen ymm\u00e4rt\u00e4miseksi ja ilmaisemiseksi.<\/p>\n\n\n\n<h3 class=\"wp-block-heading\" id=\"h-8-tense-comparison\">8. J\u00e4nnittynyt vertailu:<\/h3>\n\n\n\n<p>Kyky vertailla eri aikamuotoja on t\u00e4rke\u00e4\u00e4 monimutkaisten lauseiden ymm\u00e4rt\u00e4miseksi ja erilaisten aikasuhteiden ilmaisemiseksi bulgariaksi.<\/p>\n\n\n\n<h3 class=\"wp-block-heading\" id=\"h-9-progressive\">9. Progressiivinen:<\/h3>\n\n\n\n<p>Bulgarian kielen progressiivista n\u00e4k\u00f6kulmaa k\u00e4ytet\u00e4\u00e4n kuvaamaan k\u00e4ynniss\u00e4 olevia toimia. Se voidaan muodostaa apuverbeill\u00e4 ja p\u00e4\u00e4verbin nykyisell\u00e4 osallistujalla.<\/p>\n\n\n\n<h3 class=\"wp-block-heading\" id=\"h-10-perfect-progressive\">10. T\u00e4ydellinen progressiivinen:<\/h3>\n\n\n\n<p>T\u00e4ydellinen progressiivinen aspekti yhdist\u00e4\u00e4 t\u00e4ydelliset ja edistykselliset aspektit ilmaisemaan toimia, jotka alkoivat menneisyydess\u00e4, jatkuvat nykyisyydess\u00e4 ja voivat jatkua tulevaisuudessa.<\/p>\n\n\n\n<h3 class=\"wp-block-heading\" id=\"h-11-conditionals\">11. Ehdolliset lausekkeet:<\/h3>\n\n\n\n<p>Bulgarian kieless\u00e4 on kolmenlaisia ehdollisia lauseita &#8211; todellisia, ep\u00e4todellisia ja mahdollisia. Niit\u00e4 k\u00e4ytet\u00e4\u00e4n ilmaisemaan hypoteettisia tai tosiasioiden vastaisia tilanteita sek\u00e4 tekem\u00e4\u00e4n ennusteita tai antamaan neuvoja.<\/p>\n\n\n\n<h3 class=\"wp-block-heading\" id=\"h-12-prepositions\">12. Prepositiot:<\/h3>\n\n\n\n<p><a href=\"https:\/\/talkpal.ai\/fi\/grammar\/kohdan-kannadan-kieliopissa-prepositiot\/\">Prepositiot<\/a> ovat v\u00e4ltt\u00e4m\u00e4tt\u00f6mi\u00e4 lauseen sanojen v\u00e4listen suhteiden ilmaisemiseksi. Niit\u00e4 k\u00e4ytet\u00e4\u00e4n osoittamaan sijaintia, aikaa, suuntaa, syyt\u00e4 ja muita suhteita.<\/p>\n\n\n\n<h3 class=\"wp-block-heading\" id=\"h-13-sentences\">13. Lauseet:<\/h3>\n\n\n\n<p>Oppiminen muodostamaan yksinkertaisia ja monimutkaisia lauseita bulgariaksi on ratkaisevan t\u00e4rke\u00e4\u00e4 tehokkaan viestinn\u00e4n kannalta. T\u00e4h\u00e4n sis\u00e4ltyy oikean sanaj\u00e4rjestyksen, subjekti-verbisopimuksen ymm\u00e4rt\u00e4minen sek\u00e4 konjunktioiden ja muiden lauserakenteiden k\u00e4ytt\u00f6.<\/p>\n<\/div><\/div>\n\r\n<section class=\"learnNavigationSection\">\r\n            \r\n        <a href=\"https:\/\/talkpal.ai\/fi\/opi-bulgariaa\/\">\r\n            <div class=\"learnNavigationWrapper\">\r\n                <div class=\"learnNavigationContent\">\r\n                    <img decoding=\"async\" src=\"https:\/\/talkpal.ai\/wp-content\/uploads\/2024\/08\/Bulgarian.jpg\" alt=\"Bulgarian Flag\">\r\n                    <div>\r\n                        <h4>Tietoja Bulgarian oppimisesta<\/h4>\r\n                        <p>Tutustu bulgarian kielioppiin.<\/p>\r\n                    <\/div>\r\n                <\/div>\r\n            <\/div>\r\n        <\/a>\r\n\r\n        \r\n        <a href=\"https:\/\/talkpal.ai\/fi\/bulgarian-kielioppi\/\">\r\n            <div class=\"learnNavigationWrapper\">\r\n                <div class=\"learnNavigationContent\">\r\n                    <img decoding=\"async\" src=\"https:\/\/talkpal.ai\/wp-content\/uploads\/2024\/08\/Bulgarian.jpg\" alt=\"Bulgarian Flag\">\r\n                    <div>\r\n                        <h4>Bulgarian kielioppitunnit<\/h4>\r\n                        <p>Harjoittele bulgarian kielioppia.<\/p>\r\n                    <\/div>\r\n                <\/div>\r\n            <\/div>\r\n        <\/a>\r\n\r\n        \r\n        <a href=\"https:\/\/talkpal.ai\/vocabulary_language\/bulgarian\/\">\r\n            <div class=\"learnNavigationWrapper\">\r\n                <div class=\"learnNavigationContent\">\r\n                    <img decoding=\"async\" src=\"https:\/\/talkpal.ai\/wp-content\/uploads\/2024\/08\/Bulgarian.jpg\" alt=\"Bulgarian Flag\">\r\n                    <div>\r\n                        <h4>Bulgarian sanastoa<\/h4>\r\n                        <p>Laajenna bulgarian kielen sanastoa.<\/p>\r\n                    <\/div>\r\n                <\/div>\r\n            <\/div>\r\n        <\/a>\r\n\r\n            <\/section>","protected":false},"excerpt":{"rendered":"<p>Bulgarian kieliopin aiheet Bulgaria on etel\u00e4slaavilainen kieli, jota puhutaan p\u00e4\u00e4asiassa Bulgariassa ja bulgarialaisyhteis\u00f6iss\u00e4 naapurimaissa. Bulgarian virallisena kielen\u00e4 sill\u00e4 on t\u00e4rke\u00e4 rooli maan kulttuurissa, historiassa ja jokap\u00e4iv\u00e4isess\u00e4 el\u00e4m\u00e4ss\u00e4. Bulgarian oppiminen voi olla palkitseva kokemus, koska sen avulla voit tutustua maan rikkaaseen kirjallisuuteen, kauniisiin maisemiin ja maukkaisiin ruokiin. Bulgarian hallitsemiseksi on v\u00e4ltt\u00e4m\u00e4t\u00f6nt\u00e4 ymm\u00e4rt\u00e4\u00e4 sen kielioppi, jolla on [&hellip;]<\/p>\n","protected":false},"author":6,"featured_media":28219,"parent":0,"menu_order":0,"comment_status":"closed","ping_status":"closed","template":"LearningContentPage.php","meta":{"_acf_changed":false,"footnotes":""},"class_list":["post-164639","page","type-page","status-publish","has-post-thumbnail","hentry"],"acf":[],"yoast_head":"<!-- This site is optimized with the Yoast SEO Premium plugin v27.2 (Yoast SEO v27.2) - https:\/\/yoast.com\/product\/yoast-seo-premium-wordpress\/ -->\n<title>Bulgarian kielioppiharjoitukset - Talkpal<\/title>\n<meta name=\"description\" content=\"Paranna kielitaitoasi bulgarian kielioppiharjoitusten avulla. Hallitse kielioppi, jotta saat vankan perustan bulgarian kielelle.\" \/>\n<meta name=\"robots\" content=\"index, follow, max-snippet:-1, max-image-preview:large, max-video-preview:-1\" \/>\n<link rel=\"canonical\" href=\"https:\/\/talkpal.ai\/fi\/bulgarian-kielioppiharjoitukset\/\" \/>\n<meta property=\"og:locale\" content=\"fi_FI\" \/>\n<meta property=\"og:type\" content=\"article\" \/>\n<meta property=\"og:title\" content=\"Bulgarian kielioppiharjoitukset\" \/>\n<meta property=\"og:description\" content=\"Bulgarian kieliopin aiheet Bulgaria on etel\u00e4slaavilainen kieli, jota puhutaan p\u00e4\u00e4asiassa Bulgariassa ja bulgarialaisyhteis\u00f6iss\u00e4 naapurimaissa. Bulgarian\" \/>\n<meta property=\"og:url\" content=\"https:\/\/talkpal.ai\/fi\/bulgarian-kielioppiharjoitukset\/\" \/>\n<meta property=\"og:site_name\" content=\"Talkpal\" \/>\n<meta property=\"article:publisher\" content=\"https:\/\/www.facebook.com\/profile.php?id=100090733639311\" \/>\n<meta property=\"article:modified_time\" content=\"2025-05-23T12:00:26+00:00\" \/>\n<meta property=\"og:image\" content=\"https:\/\/talkpal.ai\/wp-content\/uploads\/2023\/05\/bulgaria.png\" \/>\n\t<meta property=\"og:image:width\" content=\"512\" \/>\n\t<meta property=\"og:image:height\" content=\"512\" \/>\n\t<meta property=\"og:image:type\" content=\"image\/png\" \/>\n<meta name=\"twitter:card\" content=\"summary_large_image\" \/>\n<meta name=\"twitter:site\" content=\"@talkpalai\" \/>\n<meta name=\"twitter:label1\" content=\"Arvioitu lukuaika\" \/>\n\t<meta name=\"twitter:data1\" content=\"2 minuuttia\" \/>\n<script type=\"application\/ld+json\" class=\"yoast-schema-graph\">{\"@context\":\"https:\/\/schema.org\",\"@graph\":[{\"@type\":\"WebPage\",\"@id\":\"https:\/\/talkpal.ai\/fi\/bulgarian-kielioppiharjoitukset\/\",\"url\":\"https:\/\/talkpal.ai\/fi\/bulgarian-kielioppiharjoitukset\/\",\"name\":\"Bulgarian kielioppiharjoitukset - Talkpal\",\"isPartOf\":{\"@id\":\"https:\/\/talkpal.ai\/fi\/#website\"},\"primaryImageOfPage\":{\"@id\":\"https:\/\/talkpal.ai\/fi\/bulgarian-kielioppiharjoitukset\/#primaryimage\"},\"image\":{\"@id\":\"https:\/\/talkpal.ai\/fi\/bulgarian-kielioppiharjoitukset\/#primaryimage\"},\"thumbnailUrl\":\"https:\/\/talkpal.ai\/wp-content\/uploads\/2023\/05\/bulgaria.png\",\"datePublished\":\"2023-06-16T12:39:48+00:00\",\"dateModified\":\"2025-05-23T12:00:26+00:00\",\"description\":\"Paranna kielitaitoasi bulgarian kielioppiharjoitusten avulla. Hallitse kielioppi, jotta saat vankan perustan bulgarian kielelle.\",\"breadcrumb\":{\"@id\":\"https:\/\/talkpal.ai\/fi\/bulgarian-kielioppiharjoitukset\/#breadcrumb\"},\"inLanguage\":\"fi\",\"potentialAction\":[{\"@type\":\"ReadAction\",\"target\":[\"https:\/\/talkpal.ai\/fi\/bulgarian-kielioppiharjoitukset\/\"]}]},{\"@type\":\"ImageObject\",\"inLanguage\":\"fi\",\"@id\":\"https:\/\/talkpal.ai\/fi\/bulgarian-kielioppiharjoitukset\/#primaryimage\",\"url\":\"https:\/\/talkpal.ai\/wp-content\/uploads\/2023\/05\/bulgaria.png\",\"contentUrl\":\"https:\/\/talkpal.ai\/wp-content\/uploads\/2023\/05\/bulgaria.png\",\"width\":512,\"height\":512},{\"@type\":\"BreadcrumbList\",\"@id\":\"https:\/\/talkpal.ai\/fi\/bulgarian-kielioppiharjoitukset\/#breadcrumb\",\"itemListElement\":[{\"@type\":\"ListItem\",\"position\":1,\"name\":\"Homepage\",\"item\":\"https:\/\/talkpal.ai\/fi\/\"},{\"@type\":\"ListItem\",\"position\":2,\"name\":\"Bulgarian kielioppiharjoitukset\"}]},{\"@type\":\"WebSite\",\"@id\":\"https:\/\/talkpal.ai\/fi\/#website\",\"url\":\"https:\/\/talkpal.ai\/fi\/\",\"name\":\"Talkpal\",\"description\":\"AI Language Learning\",\"publisher\":{\"@id\":\"https:\/\/talkpal.ai\/fi\/#organization\"},\"alternateName\":\"Talkpal AI\",\"potentialAction\":[{\"@type\":\"SearchAction\",\"target\":{\"@type\":\"EntryPoint\",\"urlTemplate\":\"https:\/\/talkpal.ai\/fi\/?s={search_term_string}\"},\"query-input\":{\"@type\":\"PropertyValueSpecification\",\"valueRequired\":true,\"valueName\":\"search_term_string\"}}],\"inLanguage\":\"fi\"},{\"@type\":\"Organization\",\"@id\":\"https:\/\/talkpal.ai\/fi\/#organization\",\"name\":\"Talkpal, Inc.\",\"alternateName\":\"Talkpal AI\",\"url\":\"https:\/\/talkpal.ai\/fi\/\",\"logo\":{\"@type\":\"ImageObject\",\"inLanguage\":\"fi\",\"@id\":\"https:\/\/talkpal.ai\/fi\/#\/schema\/logo\/image\/\",\"url\":\"https:\/\/talkpal.ai\/wp-content\/uploads\/2024\/03\/Talkpal-Logo-Icon.png\",\"contentUrl\":\"https:\/\/talkpal.ai\/wp-content\/uploads\/2024\/03\/Talkpal-Logo-Icon.png\",\"width\":2880,\"height\":2880,\"caption\":\"Talkpal, Inc.\"},\"image\":{\"@id\":\"https:\/\/talkpal.ai\/fi\/#\/schema\/logo\/image\/\"},\"sameAs\":[\"https:\/\/www.facebook.com\/profile.php?id=100090733639311\",\"https:\/\/x.com\/talkpalai\",\"https:\/\/www.linkedin.com\/company\/talkpal\/\",\"https:\/\/www.youtube.com\/@TalkPal\/\",\"https:\/\/www.tiktok.com\/@talkpal\",\"https:\/\/www.instagram.com\/talkpal_ai\/\",\"https:\/\/www.crunchbase.com\/organization\/talkpal-9cde\",\"https:\/\/www.g2.com\/products\/talkpal-for-business\/\",\"https:\/\/www.trustpilot.com\/review\/talkpal.ai\",\"https:\/\/www.capterra.com\/p\/10006800\/TalkPal\/\"],\"description\":\"Talkpal is a language learning web and mobile education app, powered by the latest AI technologies, that provides engaging experiences to its customers in many different languages to help them improve their language skills. Users can chat about unlimited amount of topics with the app and use other modes to practice their language learning.\",\"email\":\"support@talkpal.ai\",\"legalName\":\"Talkpal, Inc.\",\"foundingDate\":\"2023-04-03\",\"duns\":\"118989042\",\"numberOfEmployees\":{\"@type\":\"QuantitativeValue\",\"minValue\":\"11\",\"maxValue\":\"50\"},\"publishingPrinciples\":\"https:\/\/talkpal.ai\/publishing-principles\/\",\"actionableFeedbackPolicy\":\"https:\/\/talkpal.ai\/actionable-feedback-policy\/\",\"correctionsPolicy\":\"https:\/\/talkpal.ai\/corrections-policy\/\",\"ethicsPolicy\":\"https:\/\/talkpal.ai\/ethics-policy\/\",\"diversityPolicy\":\"https:\/\/talkpal.ai\/diversity-policy\/\",\"diversityStaffingReport\":\"https:\/\/talkpal.ai\/diversity-policy\/\"}]}<\/script>\n<!-- \/ Yoast SEO Premium plugin. -->","yoast_head_json":{"title":"Bulgarian kielioppiharjoitukset - Talkpal","description":"Paranna kielitaitoasi bulgarian kielioppiharjoitusten avulla. Hallitse kielioppi, jotta saat vankan perustan bulgarian kielelle.","robots":{"index":"index","follow":"follow","max-snippet":"max-snippet:-1","max-image-preview":"max-image-preview:large","max-video-preview":"max-video-preview:-1"},"canonical":"https:\/\/talkpal.ai\/fi\/bulgarian-kielioppiharjoitukset\/","og_locale":"fi_FI","og_type":"article","og_title":"Bulgarian kielioppiharjoitukset","og_description":"Bulgarian kieliopin aiheet Bulgaria on etel\u00e4slaavilainen kieli, jota puhutaan p\u00e4\u00e4asiassa Bulgariassa ja bulgarialaisyhteis\u00f6iss\u00e4 naapurimaissa. Bulgarian","og_url":"https:\/\/talkpal.ai\/fi\/bulgarian-kielioppiharjoitukset\/","og_site_name":"Talkpal","article_publisher":"https:\/\/www.facebook.com\/profile.php?id=100090733639311","article_modified_time":"2025-05-23T12:00:26+00:00","og_image":[{"width":512,"height":512,"url":"https:\/\/talkpal.ai\/wp-content\/uploads\/2023\/05\/bulgaria.png","type":"image\/png"}],"twitter_card":"summary_large_image","twitter_site":"@talkpalai","twitter_misc":{"Arvioitu lukuaika":"2 minuuttia"},"schema":{"@context":"https:\/\/schema.org","@graph":[{"@type":"WebPage","@id":"https:\/\/talkpal.ai\/fi\/bulgarian-kielioppiharjoitukset\/","url":"https:\/\/talkpal.ai\/fi\/bulgarian-kielioppiharjoitukset\/","name":"Bulgarian kielioppiharjoitukset - Talkpal","isPartOf":{"@id":"https:\/\/talkpal.ai\/fi\/#website"},"primaryImageOfPage":{"@id":"https:\/\/talkpal.ai\/fi\/bulgarian-kielioppiharjoitukset\/#primaryimage"},"image":{"@id":"https:\/\/talkpal.ai\/fi\/bulgarian-kielioppiharjoitukset\/#primaryimage"},"thumbnailUrl":"https:\/\/talkpal.ai\/wp-content\/uploads\/2023\/05\/bulgaria.png","datePublished":"2023-06-16T12:39:48+00:00","dateModified":"2025-05-23T12:00:26+00:00","description":"Paranna kielitaitoasi bulgarian kielioppiharjoitusten avulla. Hallitse kielioppi, jotta saat vankan perustan bulgarian kielelle.","breadcrumb":{"@id":"https:\/\/talkpal.ai\/fi\/bulgarian-kielioppiharjoitukset\/#breadcrumb"},"inLanguage":"fi","potentialAction":[{"@type":"ReadAction","target":["https:\/\/talkpal.ai\/fi\/bulgarian-kielioppiharjoitukset\/"]}]},{"@type":"ImageObject","inLanguage":"fi","@id":"https:\/\/talkpal.ai\/fi\/bulgarian-kielioppiharjoitukset\/#primaryimage","url":"https:\/\/talkpal.ai\/wp-content\/uploads\/2023\/05\/bulgaria.png","contentUrl":"https:\/\/talkpal.ai\/wp-content\/uploads\/2023\/05\/bulgaria.png","width":512,"height":512},{"@type":"BreadcrumbList","@id":"https:\/\/talkpal.ai\/fi\/bulgarian-kielioppiharjoitukset\/#breadcrumb","itemListElement":[{"@type":"ListItem","position":1,"name":"Homepage","item":"https:\/\/talkpal.ai\/fi\/"},{"@type":"ListItem","position":2,"name":"Bulgarian kielioppiharjoitukset"}]},{"@type":"WebSite","@id":"https:\/\/talkpal.ai\/fi\/#website","url":"https:\/\/talkpal.ai\/fi\/","name":"Talkpal","description":"AI Language Learning","publisher":{"@id":"https:\/\/talkpal.ai\/fi\/#organization"},"alternateName":"Talkpal AI","potentialAction":[{"@type":"SearchAction","target":{"@type":"EntryPoint","urlTemplate":"https:\/\/talkpal.ai\/fi\/?s={search_term_string}"},"query-input":{"@type":"PropertyValueSpecification","valueRequired":true,"valueName":"search_term_string"}}],"inLanguage":"fi"},{"@type":"Organization","@id":"https:\/\/talkpal.ai\/fi\/#organization","name":"Talkpal, Inc.","alternateName":"Talkpal AI","url":"https:\/\/talkpal.ai\/fi\/","logo":{"@type":"ImageObject","inLanguage":"fi","@id":"https:\/\/talkpal.ai\/fi\/#\/schema\/logo\/image\/","url":"https:\/\/talkpal.ai\/wp-content\/uploads\/2024\/03\/Talkpal-Logo-Icon.png","contentUrl":"https:\/\/talkpal.ai\/wp-content\/uploads\/2024\/03\/Talkpal-Logo-Icon.png","width":2880,"height":2880,"caption":"Talkpal, Inc."},"image":{"@id":"https:\/\/talkpal.ai\/fi\/#\/schema\/logo\/image\/"},"sameAs":["https:\/\/www.facebook.com\/profile.php?id=100090733639311","https:\/\/x.com\/talkpalai","https:\/\/www.linkedin.com\/company\/talkpal\/","https:\/\/www.youtube.com\/@TalkPal\/","https:\/\/www.tiktok.com\/@talkpal","https:\/\/www.instagram.com\/talkpal_ai\/","https:\/\/www.crunchbase.com\/organization\/talkpal-9cde","https:\/\/www.g2.com\/products\/talkpal-for-business\/","https:\/\/www.trustpilot.com\/review\/talkpal.ai","https:\/\/www.capterra.com\/p\/10006800\/TalkPal\/"],"description":"Talkpal is a language learning web and mobile education app, powered by the latest AI technologies, that provides engaging experiences to its customers in many different languages to help them improve their language skills. Users can chat about unlimited amount of topics with the app and use other modes to practice their language learning.","email":"support@talkpal.ai","legalName":"Talkpal, Inc.","foundingDate":"2023-04-03","duns":"118989042","numberOfEmployees":{"@type":"QuantitativeValue","minValue":"11","maxValue":"50"},"publishingPrinciples":"https:\/\/talkpal.ai\/publishing-principles\/","actionableFeedbackPolicy":"https:\/\/talkpal.ai\/actionable-feedback-policy\/","correctionsPolicy":"https:\/\/talkpal.ai\/corrections-policy\/","ethicsPolicy":"https:\/\/talkpal.ai\/ethics-policy\/","diversityPolicy":"https:\/\/talkpal.ai\/diversity-policy\/","diversityStaffingReport":"https:\/\/talkpal.ai\/diversity-policy\/"}]}},"_links":{"self":[{"href":"https:\/\/talkpal.ai\/fi\/wp-json\/wp\/v2\/pages\/164639","targetHints":{"allow":["GET"]}}],"collection":[{"href":"https:\/\/talkpal.ai\/fi\/wp-json\/wp\/v2\/pages"}],"about":[{"href":"https:\/\/talkpal.ai\/fi\/wp-json\/wp\/v2\/types\/page"}],"author":[{"embeddable":true,"href":"https:\/\/talkpal.ai\/fi\/wp-json\/wp\/v2\/users\/6"}],"replies":[{"embeddable":true,"href":"https:\/\/talkpal.ai\/fi\/wp-json\/wp\/v2\/comments?post=164639"}],"version-history":[{"count":0,"href":"https:\/\/talkpal.ai\/fi\/wp-json\/wp\/v2\/pages\/164639\/revisions"}],"wp:featuredmedia":[{"embeddable":true,"href":"https:\/\/talkpal.ai\/fi\/wp-json\/wp\/v2\/media\/28219"}],"wp:attachment":[{"href":"https:\/\/talkpal.ai\/fi\/wp-json\/wp\/v2\/media?parent=164639"}],"curies":[{"name":"wp","href":"https:\/\/api.w.org\/{rel}","templated":true}]}}