{"id":164347,"date":"2023-06-16T12:49:04","date_gmt":"2023-06-16T12:49:04","guid":{"rendered":"http:\/\/talkpal.ai\/katalonian-kielioppiharjoitukset\/"},"modified":"2025-05-23T13:32:51","modified_gmt":"2025-05-23T13:32:51","slug":"katalonian-kielioppiharjoitukset","status":"publish","type":"page","link":"https:\/\/talkpal.ai\/fi\/katalonian-kielioppiharjoitukset\/","title":{"rendered":"Katalonian kielioppiharjoitukset"},"content":{"rendered":"\r\n\r\n\r\n<section class=\"languageChallengeSection\">\r\n    <div class=\"languageInfoWrapper\">\r\n        \r\n        <h1>Katalonian kielioppiharjoitukset<\/h1>\r\n        <p>Haluatko oppia itsevarmemmin katalaania? Kielioppiharjoitukset ovat hyv\u00e4 tapa hallita lauserakennetta, verbimuotoja ja katalaanin kielen erityispiirteit\u00e4. Aloita katalaanin kieliopin ty\u00f6st\u00e4minen t\u00e4n\u00e4\u00e4n ja katso, kuinka ymm\u00e4rryksesi ja sujuvuutesi kasvavat jokaisen harjoituksen my\u00f6t\u00e4!<\/p>\r\n\r\n                            <a class=\"getStartedHidden\" href=\"https:\/\/app.talkpal.ai\/fi\/signup?lng=\">Aloita<\/a>\r\n        \r\n    <\/div>\r\n\r\n    <figure>\r\n    <img decoding=\"async\" width=\"768\" height=\"768\" src=\"https:\/\/talkpal.ai\/wp-content\/uploads\/2023\/06\/catalan-768x768.png\" class=\"languageImage no-lazy\" alt=\"Default alt text\" fetchpriority=\"high\" sizes=\"(max-width: 768px) 150px, 768px\" srcset=\"https:\/\/talkpal.ai\/wp-content\/uploads\/2023\/06\/catalan-768x768.png 768w, https:\/\/talkpal.ai\/wp-content\/uploads\/2023\/06\/catalan-300x300.png 300w\" \/>\r\n    \r\n\r\n    <\/figure>\r\n\r\n            <a class=\"getStartedVisible\" href=\"https:\/\/app.talkpal.ai\/fi\/signup?lng=\">Aloita<\/a>\r\n    \r\n<\/section>\r\n\r\n\r\n<!-- <section class=\"grammarSection\">\r\n    <div class=\"grammarLinks\">\r\n        <a href=\"https:\/\/talkpal.ai\/fi\/exercise_language\/adjektiivit-katalonian-kielioppi\/\">Adjektiivit <\/a><a href=\"https:\/\/talkpal.ai\/fi\/exercise_language\/adverbit-katalonian-kielioppi\/\">Adverbit <\/a><a href=\"https:\/\/talkpal.ai\/fi\/exercise_language\/aikamuodot-katalonian-kielioppi\/\">Aikamuodot <\/a><a href=\"https:\/\/talkpal.ai\/fi\/exercise_language\/aikamuotojen-vertailu-katalonian-kielioppi\/\">Aikamuotojen vertailu <\/a><a href=\"https:\/\/talkpal.ai\/fi\/exercise_language\/artikkelit-katalonian-kielioppi\/\">Artikkelit <\/a><a href=\"https:\/\/talkpal.ai\/fi\/exercise_language\/konditionaalit-katalonian-kielioppi\/\">Konditionaalit <\/a><a href=\"https:\/\/talkpal.ai\/fi\/exercise_language\/lauseet-katalonian-kielioppi\/\">Lauseet <\/a><a href=\"https:\/\/talkpal.ai\/fi\/exercise_language\/prepositiot-katalonian-kielioppi\/\">Prepositiot <\/a><a href=\"https:\/\/talkpal.ai\/fi\/exercise_language\/progressiivinen-katalonian-kielioppi\/\">Progressiivinen \u2013 Katalonian kielioppi<\/a><a href=\"https:\/\/talkpal.ai\/fi\/exercise_language\/pronominit-determinerit-katalonian-kielioppi\/\">Pronominit\/Determinerit <\/a><a href=\"https:\/\/talkpal.ai\/fi\/exercise_language\/substantiivit-katalaanin-kielioppi\/\">Substantiivit <\/a><a href=\"https:\/\/talkpal.ai\/fi\/exercise_language\/taydellinen-progressiivinen-katalonian-kielioppi\/\">T\u00e4ydellinen progressiivinen <\/a><a href=\"https:\/\/talkpal.ai\/fi\/exercise_language\/verbit-katalonian-kielioppi\/\">Verbit <\/a>    <\/div>\r\n<\/section> -->\r\n\r\n\r\n\r\n\r\n        <section class=\"grammarSection\">\r\n            <div class=\"grammarLinks\">\r\n                <a href=\"https:\/\/talkpal.ai\/fi\/exercise_language\/adjektiivit-katalonian-kielioppi\/\">Adjektiivit <\/a><a href=\"https:\/\/talkpal.ai\/fi\/exercise_language\/adverbit-katalonian-kielioppi\/\">Adverbit <\/a><a href=\"https:\/\/talkpal.ai\/fi\/exercise_language\/aikamuodot-katalonian-kielioppi\/\">Aikamuodot <\/a><a href=\"https:\/\/talkpal.ai\/fi\/exercise_language\/aikamuotojen-vertailu-katalonian-kielioppi\/\">Aikamuotojen vertailu <\/a><a href=\"https:\/\/talkpal.ai\/fi\/exercise_language\/artikkelit-katalonian-kielioppi\/\">Artikkelit <\/a><a href=\"https:\/\/talkpal.ai\/fi\/exercise_language\/konditionaalit-katalonian-kielioppi\/\">Konditionaalit <\/a><a href=\"https:\/\/talkpal.ai\/fi\/exercise_language\/lauseet-katalonian-kielioppi\/\">Lauseet <\/a><a href=\"https:\/\/talkpal.ai\/fi\/exercise_language\/prepositiot-katalonian-kielioppi\/\">Prepositiot <\/a><a href=\"https:\/\/talkpal.ai\/fi\/exercise_language\/progressiivinen-katalonian-kielioppi\/\">Progressiivinen \u2013 Katalonian kielioppi<\/a><a href=\"https:\/\/talkpal.ai\/fi\/exercise_language\/pronominit-determinerit-katalonian-kielioppi\/\">Pronominit\/Determinerit <\/a><a href=\"https:\/\/talkpal.ai\/fi\/exercise_language\/substantiivit-katalaanin-kielioppi\/\">Substantiivit <\/a><a href=\"https:\/\/talkpal.ai\/fi\/exercise_language\/taydellinen-progressiivinen-katalonian-kielioppi\/\">T\u00e4ydellinen progressiivinen <\/a><a href=\"https:\/\/talkpal.ai\/fi\/exercise_language\/verbit-katalonian-kielioppi\/\">Verbit <\/a>            <\/div>\r\n        <\/section>\r\n<section class=\"promotionalBanner\">\r\n    <p class=\"promotionalText\">Tehokkain tapa oppia kielt\u00e4<\/p>\r\n    <a class=\"promotionalLink\" href=\"https:\/\/app.talkpal.ai\/fi\/signup?lng=\">Kokeile Talkpal ilmaiseksi<\/a>\r\n<\/section>\n<div class=\"wp-block-group pageContainerStyle\"><div class=\"wp-block-group__inner-container is-layout-constrained wp-block-group-is-layout-constrained\">\n<h2 class=\"wp-block-heading\" id=\"h-catalan-grammar-topics\">Katalaanin kieliopin aiheet<\/h2>\n\n\n\n<p><a href=\"https:\/\/talkpal.ai\/learn-catalan\/\">Katalaani<\/a>, romaaninen kieli, jota puhuvat miljoonat Espanjan Katalonian alueella ja osissa Italiaa ja Ranskaa, on kaunis ja elinvoimainen kieli, jolla on rikas historia. Katalaanin oppiminen voi olla nautinnollinen ja palkitseva kokemus, joka avaa uusia kulttuurisia ja kielellisi\u00e4 n\u00e4k\u00f6aloja. T\u00e4m\u00e4n kielen oppimiseksi oikein sen kieliopin hallitseminen on v\u00e4ltt\u00e4m\u00e4t\u00f6nt\u00e4. <a href=\"https:\/\/talkpal.ai\/catalan-grammar\/\">Katalaanin kielioppi<\/a>, kuten mink\u00e4 tahansa muun kielen, on lauseiden ja lauseiden rakentamista koskevien s\u00e4\u00e4nt\u00f6jen j\u00e4rjestelm\u00e4. T\u00e4ss\u00e4 artikkelissa tutkimme katalaanin kieliopin keskeisi\u00e4 n\u00e4k\u00f6kohtia loogisessa j\u00e4rjestyksess\u00e4, mik\u00e4 tarjoaa vankan perustan kieltenoppimismatkallesi.<\/p>\n\n\n\n<h3 class=\"wp-block-heading\" id=\"h-1-nouns-and-articles\">1. Substantiivit ja artikkelit:<\/h3>\n\n\n\n<p>Aloita oppimalla katalaanin substantiiveja, joilla on sukupuoli (maskuliininen <a href=\"https:\/\/talkpal.ai\/learn-thai\/\">tai<\/a> feminiininen) ja numerot (yksikk\u00f6 tai monikko). Katalaaninkieliset m\u00e4\u00e4r\u00e4iset ja <a href=\"https:\/\/talkpal.ai\/fi\/grammar\/epamaaraiset-artikkelit-ruotsin-kielioppissa\/\">ep\u00e4m\u00e4\u00e4r\u00e4iset artikkelit<\/a> muuttuvat my\u00f6s sukupuolen ja lukum\u00e4\u00e4r\u00e4n mukaan, mik\u00e4 tekee niist\u00e4 olennaisen l\u00e4ht\u00f6kohdan lauseiden rakentamiselle.<\/p>\n\n\n\n<h3 class=\"wp-block-heading\" id=\"h-2-adjectives\">2. Adjektiivit:<\/h3>\n\n\n\n<p>Katalaanin adjektiivit sopivat yhteen substantiivien kanssa, joita ne muuttavat sukupuolen ja lukum\u00e4\u00e4r\u00e4n mukaan. Opi muodostamaan ja sijoittamaan adjektiiveja kuvaamaan substantiivien ominaisuuksia tarkasti.<\/p>\n\n\n\n<h3 class=\"wp-block-heading\" id=\"h-3-pronouns-determiners\">3. Pronominit\/m\u00e4\u00e4ritteet:<\/h3>\n\n\n\n<p>Pronominit korvaavat substantiivit toiston v\u00e4ltt\u00e4miseksi, kun taas m\u00e4\u00e4ritteet m\u00e4\u00e4ritt\u00e4v\u00e4t tai kvantifioivat ne. Hallitse erityyppiset pronominit (subjekti, objekti, refleksiivinen) ja determinaattorit (demonstratiivinen, possessiivinen, kysely) lis\u00e4t\u00e4ksesi vaihtelua lauseisiisi.<\/p>\n\n\n\n<h3 class=\"wp-block-heading\" id=\"h-4-verbs-and-tenses\">4. Verbit ja aikamuodot:<\/h3>\n\n\n\n<p>Katalaanin verbit taivutetaan niiden aikamuodon, mielialan ja persoonan mukaan. Opi s\u00e4\u00e4nn\u00f6lliset ja ep\u00e4s\u00e4\u00e4nn\u00f6lliset verbimuodot nykyisess\u00e4, menneess\u00e4 ja tulevassa aikamuodossa sek\u00e4 komentojen antamisen pakottava mieliala.<\/p>\n\n\n\n<h3 class=\"wp-block-heading\" id=\"h-5-tense-comparison\">5. J\u00e4nnittynyt vertailu:<\/h3>\n\n\n\n<p>Ymm\u00e4rr\u00e4, miten voit verrata katalaanin eri aikamuotoja ilmaisemaan eri aikoina tapahtuvia toimia tai tiloja.<\/p>\n\n\n\n<h3 class=\"wp-block-heading\" id=\"h-6-progressive-and-perfect-progressive\">6. Progressiivinen ja t\u00e4ydellinen progressiivinen:<\/h3>\n\n\n\n<p>Progressiivinen muoto osoittaa jatkuvaa toimintaa, kun taas t\u00e4ydellinen progressiivinen yhdist\u00e4\u00e4 progressiiviset ja t\u00e4ydelliset n\u00e4k\u00f6kohdat. Opi muodostamaan ja k\u00e4ytt\u00e4m\u00e4\u00e4n n\u00e4it\u00e4 rakenteita ilmaisemaan k\u00e4ynniss\u00e4 olevia toimintoja tai suoritettuja toimintoja, joilla on jatkuvaa merkityst\u00e4.<\/p>\n\n\n\n<h3 class=\"wp-block-heading\" id=\"h-7-adverbs\">7. Adverbit:<\/h3>\n\n\n\n<p><a href=\"https:\/\/talkpal.ai\/fi\/grammar\/paikan-tsekin-kielioppi-adverbit\/\">Adverbit<\/a> muokkaavat verbej\u00e4, adjektiiveja tai muita adverbeja antaakseen lis\u00e4tietoja toiminnoista tai ominaisuuksista. Opi erilaisia adverbeja ja niiden sijoittamista lauseisiin.<\/p>\n\n\n\n<h3 class=\"wp-block-heading\" id=\"h-8-prepositions\">8. Prepositiot:<\/h3>\n\n\n\n<p><a href=\"https:\/\/talkpal.ai\/fi\/grammar\/kohdan-kannadan-kieliopissa-prepositiot\/\">Prepositiot<\/a> linkitt\u00e4v\u00e4t substantiiveja, pronomineja tai muita lauseen elementtej\u00e4 osoittamaan suhteita, kuten sijaintia, aikaa tai suuntaa. Tutustu yleisimpiin katalaaniprepositioihin ja niiden k\u00e4ytt\u00f6\u00f6n.<\/p>\n\n\n\n<h3 class=\"wp-block-heading\" id=\"h-9-conditionals\">9. Konditionaalit:<\/h3>\n\n\n\n<p>Konditionaalit ilmaisevat hypoteettisia tilanteita tai olosuhteita ja niiden seurauksia. Opi erityyppisi\u00e4 ehdollisia (nolla, ensimm\u00e4inen, toinen, kolmas) ja miten niit\u00e4 muodostetaan ja k\u00e4ytet\u00e4\u00e4n oikein.<\/p>\n\n\n\n<h3 class=\"wp-block-heading\" id=\"h-10-sentences\">10. Lauseet:<\/h3>\n\n\n\n<p>Harjoittele lopuksi kaikkien oppimiesi elementtien yhdist\u00e4mist\u00e4 t\u00e4ydellisiksi, yhten\u00e4isiksi lauseiksi katalaaniksi. Kokeile erilaisia lauserakenteita ja harjoittele erityyppisten lauseiden, kuten julistavan, kysyv\u00e4n ja huudahtavan, luomista.<\/p>\n\n\n\n<p>Oppimalla n\u00e4m\u00e4 aiheet ehdotetussa j\u00e4rjestyksess\u00e4 kehit\u00e4t vahvan perustan Katalonian kieliopille, jonka avulla voit kommunikoida tehokkaasti ja luottavaisesti t\u00e4ll\u00e4 kiehtovalla kielell\u00e4.<\/p>\n<\/div><\/div>\n\r\n<section class=\"learnNavigationSection\">\r\n            \r\n        <a href=\"https:\/\/talkpal.ai\/fi\/opi-katalaania\/\">\r\n            <div class=\"learnNavigationWrapper\">\r\n                <div class=\"learnNavigationContent\">\r\n                    <img decoding=\"async\" src=\"https:\/\/talkpal.ai\/wp-content\/uploads\/2024\/08\/Catalan.jpg\" alt=\"Catalan Flag\">\r\n                    <div>\r\n                        <h4>Tietoa Catalan Learningista<\/h4>\r\n                        <p>Tutustu katalaanin kielioppiin.<\/p>\r\n                    <\/div>\r\n                <\/div>\r\n            <\/div>\r\n        <\/a>\r\n\r\n        \r\n        <a href=\"https:\/\/talkpal.ai\/fi\/katalaanin-kielioppi\/\">\r\n            <div class=\"learnNavigationWrapper\">\r\n                <div class=\"learnNavigationContent\">\r\n                    <img decoding=\"async\" src=\"https:\/\/talkpal.ai\/wp-content\/uploads\/2024\/08\/Catalan.jpg\" alt=\"Catalan Flag\">\r\n                    <div>\r\n                        <h4>Katalonian kielioppitunnit<\/h4>\r\n                        <p>Harjoittele katalaanin kielioppia.<\/p>\r\n                    <\/div>\r\n                <\/div>\r\n            <\/div>\r\n        <\/a>\r\n\r\n        \r\n        <a href=\"https:\/\/talkpal.ai\/vocabulary_language\/catalan\/\">\r\n            <div class=\"learnNavigationWrapper\">\r\n                <div class=\"learnNavigationContent\">\r\n                    <img decoding=\"async\" src=\"https:\/\/talkpal.ai\/wp-content\/uploads\/2024\/08\/Catalan.jpg\" alt=\"Catalan Flag\">\r\n                    <div>\r\n                        <h4>Katalonian sanasto<\/h4>\r\n                        <p>Laajenna katalaanin kielen sanavarastoasi.<\/p>\r\n                    <\/div>\r\n                <\/div>\r\n            <\/div>\r\n        <\/a>\r\n\r\n            <\/section>","protected":false},"excerpt":{"rendered":"<p>Katalaanin kieliopin aiheet Katalaani, romaaninen kieli, jota puhuvat miljoonat Espanjan Katalonian alueella ja osissa Italiaa ja Ranskaa, on kaunis ja elinvoimainen kieli, jolla on rikas historia. Katalaanin oppiminen voi olla nautinnollinen ja palkitseva kokemus, joka avaa uusia kulttuurisia ja kielellisi\u00e4 n\u00e4k\u00f6aloja. T\u00e4m\u00e4n kielen oppimiseksi oikein sen kieliopin hallitseminen on v\u00e4ltt\u00e4m\u00e4t\u00f6nt\u00e4. Katalaanin kielioppi, kuten mink\u00e4 tahansa [&hellip;]<\/p>\n","protected":false},"author":6,"featured_media":56827,"parent":0,"menu_order":0,"comment_status":"closed","ping_status":"closed","template":"LearningContentPage.php","meta":{"_acf_changed":false,"footnotes":""},"class_list":["post-164347","page","type-page","status-publish","has-post-thumbnail","hentry"],"acf":[],"yoast_head":"<!-- This site is optimized with the Yoast SEO Premium plugin v27.2 (Yoast SEO v27.2) - https:\/\/yoast.com\/product\/yoast-seo-premium-wordpress\/ -->\n<title>Katalonian kielioppiharjoitukset - Talkpal<\/title>\n<meta name=\"description\" content=\"Tutustu katalaanin kielen kielioppiharjoituksiin, jotta ymm\u00e4rr\u00e4t paremmin t\u00e4t\u00e4 kaunista kielt\u00e4 ja sen rakennetta.\" \/>\n<meta name=\"robots\" content=\"index, follow, max-snippet:-1, max-image-preview:large, max-video-preview:-1\" \/>\n<link rel=\"canonical\" href=\"https:\/\/talkpal.ai\/fi\/katalonian-kielioppiharjoitukset\/\" \/>\n<meta property=\"og:locale\" content=\"fi_FI\" \/>\n<meta property=\"og:type\" content=\"article\" \/>\n<meta property=\"og:title\" content=\"Katalonian kielioppiharjoitukset\" \/>\n<meta property=\"og:description\" content=\"Katalaanin kieliopin aiheet Katalaani, romaaninen kieli, jota puhuvat miljoonat Espanjan Katalonian alueella ja osissa Italiaa ja Ranskaa, on kaunis ja\" \/>\n<meta property=\"og:url\" content=\"https:\/\/talkpal.ai\/fi\/katalonian-kielioppiharjoitukset\/\" \/>\n<meta property=\"og:site_name\" content=\"Talkpal\" \/>\n<meta property=\"article:publisher\" content=\"https:\/\/www.facebook.com\/profile.php?id=100090733639311\" \/>\n<meta property=\"article:modified_time\" content=\"2025-05-23T13:32:51+00:00\" \/>\n<meta property=\"og:image\" content=\"https:\/\/talkpal.ai\/wp-content\/uploads\/2023\/08\/Catalan.png\" \/>\n\t<meta property=\"og:image:width\" content=\"479\" \/>\n\t<meta property=\"og:image:height\" content=\"479\" \/>\n\t<meta property=\"og:image:type\" content=\"image\/png\" \/>\n<meta name=\"twitter:card\" content=\"summary_large_image\" \/>\n<meta name=\"twitter:site\" content=\"@talkpalai\" \/>\n<meta name=\"twitter:label1\" content=\"Arvioitu lukuaika\" \/>\n\t<meta name=\"twitter:data1\" content=\"2 minuuttia\" \/>\n<script type=\"application\/ld+json\" class=\"yoast-schema-graph\">{\"@context\":\"https:\/\/schema.org\",\"@graph\":[{\"@type\":\"WebPage\",\"@id\":\"https:\/\/talkpal.ai\/fi\/katalonian-kielioppiharjoitukset\/\",\"url\":\"https:\/\/talkpal.ai\/fi\/katalonian-kielioppiharjoitukset\/\",\"name\":\"Katalonian kielioppiharjoitukset - Talkpal\",\"isPartOf\":{\"@id\":\"https:\/\/talkpal.ai\/fi\/#website\"},\"primaryImageOfPage\":{\"@id\":\"https:\/\/talkpal.ai\/fi\/katalonian-kielioppiharjoitukset\/#primaryimage\"},\"image\":{\"@id\":\"https:\/\/talkpal.ai\/fi\/katalonian-kielioppiharjoitukset\/#primaryimage\"},\"thumbnailUrl\":\"https:\/\/talkpal.ai\/wp-content\/uploads\/2023\/08\/Catalan.png\",\"datePublished\":\"2023-06-16T12:49:04+00:00\",\"dateModified\":\"2025-05-23T13:32:51+00:00\",\"description\":\"Tutustu katalaanin kielen kielioppiharjoituksiin, jotta ymm\u00e4rr\u00e4t paremmin t\u00e4t\u00e4 kaunista kielt\u00e4 ja sen rakennetta.\",\"breadcrumb\":{\"@id\":\"https:\/\/talkpal.ai\/fi\/katalonian-kielioppiharjoitukset\/#breadcrumb\"},\"inLanguage\":\"fi\",\"potentialAction\":[{\"@type\":\"ReadAction\",\"target\":[\"https:\/\/talkpal.ai\/fi\/katalonian-kielioppiharjoitukset\/\"]}]},{\"@type\":\"ImageObject\",\"inLanguage\":\"fi\",\"@id\":\"https:\/\/talkpal.ai\/fi\/katalonian-kielioppiharjoitukset\/#primaryimage\",\"url\":\"https:\/\/talkpal.ai\/wp-content\/uploads\/2023\/08\/Catalan.png\",\"contentUrl\":\"https:\/\/talkpal.ai\/wp-content\/uploads\/2023\/08\/Catalan.png\",\"width\":479,\"height\":479},{\"@type\":\"BreadcrumbList\",\"@id\":\"https:\/\/talkpal.ai\/fi\/katalonian-kielioppiharjoitukset\/#breadcrumb\",\"itemListElement\":[{\"@type\":\"ListItem\",\"position\":1,\"name\":\"Homepage\",\"item\":\"https:\/\/talkpal.ai\/fi\/\"},{\"@type\":\"ListItem\",\"position\":2,\"name\":\"Katalonian kielioppiharjoitukset\"}]},{\"@type\":\"WebSite\",\"@id\":\"https:\/\/talkpal.ai\/fi\/#website\",\"url\":\"https:\/\/talkpal.ai\/fi\/\",\"name\":\"Talkpal\",\"description\":\"AI Language Learning\",\"publisher\":{\"@id\":\"https:\/\/talkpal.ai\/fi\/#organization\"},\"alternateName\":\"Talkpal AI\",\"potentialAction\":[{\"@type\":\"SearchAction\",\"target\":{\"@type\":\"EntryPoint\",\"urlTemplate\":\"https:\/\/talkpal.ai\/fi\/?s={search_term_string}\"},\"query-input\":{\"@type\":\"PropertyValueSpecification\",\"valueRequired\":true,\"valueName\":\"search_term_string\"}}],\"inLanguage\":\"fi\"},{\"@type\":\"Organization\",\"@id\":\"https:\/\/talkpal.ai\/fi\/#organization\",\"name\":\"Talkpal, Inc.\",\"alternateName\":\"Talkpal AI\",\"url\":\"https:\/\/talkpal.ai\/fi\/\",\"logo\":{\"@type\":\"ImageObject\",\"inLanguage\":\"fi\",\"@id\":\"https:\/\/talkpal.ai\/fi\/#\/schema\/logo\/image\/\",\"url\":\"https:\/\/talkpal.ai\/wp-content\/uploads\/2024\/03\/Talkpal-Logo-Icon.png\",\"contentUrl\":\"https:\/\/talkpal.ai\/wp-content\/uploads\/2024\/03\/Talkpal-Logo-Icon.png\",\"width\":2880,\"height\":2880,\"caption\":\"Talkpal, Inc.\"},\"image\":{\"@id\":\"https:\/\/talkpal.ai\/fi\/#\/schema\/logo\/image\/\"},\"sameAs\":[\"https:\/\/www.facebook.com\/profile.php?id=100090733639311\",\"https:\/\/x.com\/talkpalai\",\"https:\/\/www.linkedin.com\/company\/talkpal\/\",\"https:\/\/www.youtube.com\/@TalkPal\/\",\"https:\/\/www.tiktok.com\/@talkpal\",\"https:\/\/www.instagram.com\/talkpal_ai\/\",\"https:\/\/www.crunchbase.com\/organization\/talkpal-9cde\",\"https:\/\/www.g2.com\/products\/talkpal-for-business\/\",\"https:\/\/www.trustpilot.com\/review\/talkpal.ai\",\"https:\/\/www.capterra.com\/p\/10006800\/TalkPal\/\"],\"description\":\"Talkpal is a language learning web and mobile education app, powered by the latest AI technologies, that provides engaging experiences to its customers in many different languages to help them improve their language skills. Users can chat about unlimited amount of topics with the app and use other modes to practice their language learning.\",\"email\":\"support@talkpal.ai\",\"legalName\":\"Talkpal, Inc.\",\"foundingDate\":\"2023-04-03\",\"duns\":\"118989042\",\"numberOfEmployees\":{\"@type\":\"QuantitativeValue\",\"minValue\":\"11\",\"maxValue\":\"50\"},\"publishingPrinciples\":\"https:\/\/talkpal.ai\/publishing-principles\/\",\"actionableFeedbackPolicy\":\"https:\/\/talkpal.ai\/actionable-feedback-policy\/\",\"correctionsPolicy\":\"https:\/\/talkpal.ai\/corrections-policy\/\",\"ethicsPolicy\":\"https:\/\/talkpal.ai\/ethics-policy\/\",\"diversityPolicy\":\"https:\/\/talkpal.ai\/diversity-policy\/\",\"diversityStaffingReport\":\"https:\/\/talkpal.ai\/diversity-policy\/\"}]}<\/script>\n<!-- \/ Yoast SEO Premium plugin. -->","yoast_head_json":{"title":"Katalonian kielioppiharjoitukset - Talkpal","description":"Tutustu katalaanin kielen kielioppiharjoituksiin, jotta ymm\u00e4rr\u00e4t paremmin t\u00e4t\u00e4 kaunista kielt\u00e4 ja sen rakennetta.","robots":{"index":"index","follow":"follow","max-snippet":"max-snippet:-1","max-image-preview":"max-image-preview:large","max-video-preview":"max-video-preview:-1"},"canonical":"https:\/\/talkpal.ai\/fi\/katalonian-kielioppiharjoitukset\/","og_locale":"fi_FI","og_type":"article","og_title":"Katalonian kielioppiharjoitukset","og_description":"Katalaanin kieliopin aiheet Katalaani, romaaninen kieli, jota puhuvat miljoonat Espanjan Katalonian alueella ja osissa Italiaa ja Ranskaa, on kaunis ja","og_url":"https:\/\/talkpal.ai\/fi\/katalonian-kielioppiharjoitukset\/","og_site_name":"Talkpal","article_publisher":"https:\/\/www.facebook.com\/profile.php?id=100090733639311","article_modified_time":"2025-05-23T13:32:51+00:00","og_image":[{"width":479,"height":479,"url":"https:\/\/talkpal.ai\/wp-content\/uploads\/2023\/08\/Catalan.png","type":"image\/png"}],"twitter_card":"summary_large_image","twitter_site":"@talkpalai","twitter_misc":{"Arvioitu lukuaika":"2 minuuttia"},"schema":{"@context":"https:\/\/schema.org","@graph":[{"@type":"WebPage","@id":"https:\/\/talkpal.ai\/fi\/katalonian-kielioppiharjoitukset\/","url":"https:\/\/talkpal.ai\/fi\/katalonian-kielioppiharjoitukset\/","name":"Katalonian kielioppiharjoitukset - Talkpal","isPartOf":{"@id":"https:\/\/talkpal.ai\/fi\/#website"},"primaryImageOfPage":{"@id":"https:\/\/talkpal.ai\/fi\/katalonian-kielioppiharjoitukset\/#primaryimage"},"image":{"@id":"https:\/\/talkpal.ai\/fi\/katalonian-kielioppiharjoitukset\/#primaryimage"},"thumbnailUrl":"https:\/\/talkpal.ai\/wp-content\/uploads\/2023\/08\/Catalan.png","datePublished":"2023-06-16T12:49:04+00:00","dateModified":"2025-05-23T13:32:51+00:00","description":"Tutustu katalaanin kielen kielioppiharjoituksiin, jotta ymm\u00e4rr\u00e4t paremmin t\u00e4t\u00e4 kaunista kielt\u00e4 ja sen rakennetta.","breadcrumb":{"@id":"https:\/\/talkpal.ai\/fi\/katalonian-kielioppiharjoitukset\/#breadcrumb"},"inLanguage":"fi","potentialAction":[{"@type":"ReadAction","target":["https:\/\/talkpal.ai\/fi\/katalonian-kielioppiharjoitukset\/"]}]},{"@type":"ImageObject","inLanguage":"fi","@id":"https:\/\/talkpal.ai\/fi\/katalonian-kielioppiharjoitukset\/#primaryimage","url":"https:\/\/talkpal.ai\/wp-content\/uploads\/2023\/08\/Catalan.png","contentUrl":"https:\/\/talkpal.ai\/wp-content\/uploads\/2023\/08\/Catalan.png","width":479,"height":479},{"@type":"BreadcrumbList","@id":"https:\/\/talkpal.ai\/fi\/katalonian-kielioppiharjoitukset\/#breadcrumb","itemListElement":[{"@type":"ListItem","position":1,"name":"Homepage","item":"https:\/\/talkpal.ai\/fi\/"},{"@type":"ListItem","position":2,"name":"Katalonian kielioppiharjoitukset"}]},{"@type":"WebSite","@id":"https:\/\/talkpal.ai\/fi\/#website","url":"https:\/\/talkpal.ai\/fi\/","name":"Talkpal","description":"AI Language Learning","publisher":{"@id":"https:\/\/talkpal.ai\/fi\/#organization"},"alternateName":"Talkpal AI","potentialAction":[{"@type":"SearchAction","target":{"@type":"EntryPoint","urlTemplate":"https:\/\/talkpal.ai\/fi\/?s={search_term_string}"},"query-input":{"@type":"PropertyValueSpecification","valueRequired":true,"valueName":"search_term_string"}}],"inLanguage":"fi"},{"@type":"Organization","@id":"https:\/\/talkpal.ai\/fi\/#organization","name":"Talkpal, Inc.","alternateName":"Talkpal AI","url":"https:\/\/talkpal.ai\/fi\/","logo":{"@type":"ImageObject","inLanguage":"fi","@id":"https:\/\/talkpal.ai\/fi\/#\/schema\/logo\/image\/","url":"https:\/\/talkpal.ai\/wp-content\/uploads\/2024\/03\/Talkpal-Logo-Icon.png","contentUrl":"https:\/\/talkpal.ai\/wp-content\/uploads\/2024\/03\/Talkpal-Logo-Icon.png","width":2880,"height":2880,"caption":"Talkpal, Inc."},"image":{"@id":"https:\/\/talkpal.ai\/fi\/#\/schema\/logo\/image\/"},"sameAs":["https:\/\/www.facebook.com\/profile.php?id=100090733639311","https:\/\/x.com\/talkpalai","https:\/\/www.linkedin.com\/company\/talkpal\/","https:\/\/www.youtube.com\/@TalkPal\/","https:\/\/www.tiktok.com\/@talkpal","https:\/\/www.instagram.com\/talkpal_ai\/","https:\/\/www.crunchbase.com\/organization\/talkpal-9cde","https:\/\/www.g2.com\/products\/talkpal-for-business\/","https:\/\/www.trustpilot.com\/review\/talkpal.ai","https:\/\/www.capterra.com\/p\/10006800\/TalkPal\/"],"description":"Talkpal is a language learning web and mobile education app, powered by the latest AI technologies, that provides engaging experiences to its customers in many different languages to help them improve their language skills. Users can chat about unlimited amount of topics with the app and use other modes to practice their language learning.","email":"support@talkpal.ai","legalName":"Talkpal, Inc.","foundingDate":"2023-04-03","duns":"118989042","numberOfEmployees":{"@type":"QuantitativeValue","minValue":"11","maxValue":"50"},"publishingPrinciples":"https:\/\/talkpal.ai\/publishing-principles\/","actionableFeedbackPolicy":"https:\/\/talkpal.ai\/actionable-feedback-policy\/","correctionsPolicy":"https:\/\/talkpal.ai\/corrections-policy\/","ethicsPolicy":"https:\/\/talkpal.ai\/ethics-policy\/","diversityPolicy":"https:\/\/talkpal.ai\/diversity-policy\/","diversityStaffingReport":"https:\/\/talkpal.ai\/diversity-policy\/"}]}},"_links":{"self":[{"href":"https:\/\/talkpal.ai\/fi\/wp-json\/wp\/v2\/pages\/164347","targetHints":{"allow":["GET"]}}],"collection":[{"href":"https:\/\/talkpal.ai\/fi\/wp-json\/wp\/v2\/pages"}],"about":[{"href":"https:\/\/talkpal.ai\/fi\/wp-json\/wp\/v2\/types\/page"}],"author":[{"embeddable":true,"href":"https:\/\/talkpal.ai\/fi\/wp-json\/wp\/v2\/users\/6"}],"replies":[{"embeddable":true,"href":"https:\/\/talkpal.ai\/fi\/wp-json\/wp\/v2\/comments?post=164347"}],"version-history":[{"count":0,"href":"https:\/\/talkpal.ai\/fi\/wp-json\/wp\/v2\/pages\/164347\/revisions"}],"wp:featuredmedia":[{"embeddable":true,"href":"https:\/\/talkpal.ai\/fi\/wp-json\/wp\/v2\/media\/56827"}],"wp:attachment":[{"href":"https:\/\/talkpal.ai\/fi\/wp-json\/wp\/v2\/media?parent=164347"}],"curies":[{"name":"wp","href":"https:\/\/api.w.org\/{rel}","templated":true}]}}