{"id":163996,"date":"2023-06-16T13:02:09","date_gmt":"2023-06-16T13:02:09","guid":{"rendered":"http:\/\/talkpal.ai\/kroatian-kielioppiharjoitukset\/"},"modified":"2025-12-17T16:27:04","modified_gmt":"2025-12-17T16:27:04","slug":"kroatian-kielioppiharjoitukset","status":"publish","type":"page","link":"https:\/\/talkpal.ai\/fi\/kroatian-kielioppiharjoitukset\/","title":{"rendered":"Kroatian kielioppiharjoitukset"},"content":{"rendered":"\r\n\r\n\r\n<section class=\"languageChallengeSection\">\r\n    <div class=\"languageInfoWrapper\">\r\n        \r\n        <h1>Kroatian kielioppiharjoitukset<\/h1>\r\n        <p>Haluatko oppia itsevarmemmin kroatiaa? Kielioppiharjoitukset auttavat sinua hallitsemaan lauserakenteet, verbimuodot ja kroaatin kielen erityispiirteet. Aloita kroatian kieliopin tutkiminen jo t\u00e4n\u00e4\u00e4n ja seuraa, kuinka taitosi ja sujuvuutesi paranevat jokaisen uuden harjoituksen my\u00f6t\u00e4!\n\n<\/p>\r\n\r\n                            <a class=\"getStartedHidden\" href=\"https:\/\/app.talkpal.ai\/fi\/signup?lng=\">Aloita<\/a>\r\n        \r\n    <\/div>\r\n\r\n    <figure>\r\n    <img decoding=\"async\" width=\"768\" height=\"768\" src=\"https:\/\/talkpal.ai\/wp-content\/uploads\/2023\/06\/croatian-768x768.png\" class=\"languageImage no-lazy\" alt=\"Default alt text\" fetchpriority=\"high\" sizes=\"(max-width: 768px) 150px, 768px\" srcset=\"https:\/\/talkpal.ai\/wp-content\/uploads\/2023\/06\/croatian-768x768.png 768w, https:\/\/talkpal.ai\/wp-content\/uploads\/2023\/06\/croatian-300x300.png 300w\" \/>\r\n    \r\n\r\n    <\/figure>\r\n\r\n            <a class=\"getStartedVisible\" href=\"https:\/\/app.talkpal.ai\/fi\/signup?lng=\">Aloita<\/a>\r\n    \r\n<\/section>\r\n\r\n\r\n<!-- <section class=\"grammarSection\">\r\n    <div class=\"grammarLinks\">\r\n        <a href=\"https:\/\/talkpal.ai\/fi\/exercise_language\/adjektiivit-kroatian-kielioppi\/\">Adjektiivit <\/a><a href=\"https:\/\/talkpal.ai\/fi\/exercise_language\/adverbit-kroatian-kielioppi\/\">Adverbit \u2013 Kroatian kielioppi<\/a><a href=\"https:\/\/talkpal.ai\/fi\/exercise_language\/aikamuodot-kroatian-kielioppi\/\">Aikamuodot <\/a><a href=\"https:\/\/talkpal.ai\/fi\/exercise_language\/aikamuotojen-vertailu-kroatian-kielioppi\/\">Aikamuotojen vertailu \u2013 Kroatian kielioppi<\/a><a href=\"https:\/\/talkpal.ai\/fi\/exercise_language\/artikkelit-kroatian-kielioppi\/\">Artikkelit \u2013 Kroatian kielioppi<\/a><a href=\"https:\/\/talkpal.ai\/fi\/exercise_language\/konditionaalit-kroatian-kielioppi\/\">Konditionaalit \u2013 Kroatian kielioppi<\/a><a href=\"https:\/\/talkpal.ai\/fi\/exercise_language\/lauseet-kroatian-kielioppi\/\">Lauseet \u2013 Kroatian kielioppi<\/a><a href=\"https:\/\/talkpal.ai\/fi\/exercise_language\/prepositiot-kroatian-kielioppi\/\">Prepositiot \u2013 Kroatian kielioppi<\/a><a href=\"https:\/\/talkpal.ai\/fi\/exercise_language\/progressiivinen-kroatian-kielioppi\/\">Progressiivinen <\/a><a href=\"https:\/\/talkpal.ai\/fi\/exercise_language\/pronominit-determinerit-kroatian-kielioppi\/\">Pronominit\/Determinerit <\/a><a href=\"https:\/\/talkpal.ai\/fi\/exercise_language\/substantiivit-kroatian-kielioppi\/\">Substantiivit \u2013 Kroatian kielioppi<\/a><a href=\"https:\/\/talkpal.ai\/fi\/exercise_language\/taydellinen-progressiivinen-kroatian-kielioppi\/\">T\u00e4ydellinen progressiivinen \u2013 Kroatian kielioppi<\/a><a href=\"https:\/\/talkpal.ai\/fi\/exercise_language\/verbit-kroatian-kielioppi\/\">Verbit <\/a>    <\/div>\r\n<\/section> -->\r\n\r\n\r\n\r\n\r\n        <section class=\"grammarSection\">\r\n            <div class=\"grammarLinks\">\r\n                <a href=\"https:\/\/talkpal.ai\/fi\/exercise_language\/adjektiivit-kroatian-kielioppi\/\">Adjektiivit <\/a><a href=\"https:\/\/talkpal.ai\/fi\/exercise_language\/adverbit-kroatian-kielioppi\/\">Adverbit \u2013 Kroatian kielioppi<\/a><a href=\"https:\/\/talkpal.ai\/fi\/exercise_language\/aikamuodot-kroatian-kielioppi\/\">Aikamuodot <\/a><a href=\"https:\/\/talkpal.ai\/fi\/exercise_language\/aikamuotojen-vertailu-kroatian-kielioppi\/\">Aikamuotojen vertailu \u2013 Kroatian kielioppi<\/a><a href=\"https:\/\/talkpal.ai\/fi\/exercise_language\/artikkelit-kroatian-kielioppi\/\">Artikkelit \u2013 Kroatian kielioppi<\/a><a href=\"https:\/\/talkpal.ai\/fi\/exercise_language\/konditionaalit-kroatian-kielioppi\/\">Konditionaalit \u2013 Kroatian kielioppi<\/a><a href=\"https:\/\/talkpal.ai\/fi\/exercise_language\/lauseet-kroatian-kielioppi\/\">Lauseet \u2013 Kroatian kielioppi<\/a><a href=\"https:\/\/talkpal.ai\/fi\/exercise_language\/prepositiot-kroatian-kielioppi\/\">Prepositiot \u2013 Kroatian kielioppi<\/a><a href=\"https:\/\/talkpal.ai\/fi\/exercise_language\/progressiivinen-kroatian-kielioppi\/\">Progressiivinen <\/a><a href=\"https:\/\/talkpal.ai\/fi\/exercise_language\/pronominit-determinerit-kroatian-kielioppi\/\">Pronominit\/Determinerit <\/a><a href=\"https:\/\/talkpal.ai\/fi\/exercise_language\/substantiivit-kroatian-kielioppi\/\">Substantiivit \u2013 Kroatian kielioppi<\/a><a href=\"https:\/\/talkpal.ai\/fi\/exercise_language\/taydellinen-progressiivinen-kroatian-kielioppi\/\">T\u00e4ydellinen progressiivinen \u2013 Kroatian kielioppi<\/a><a href=\"https:\/\/talkpal.ai\/fi\/exercise_language\/verbit-kroatian-kielioppi\/\">Verbit <\/a>            <\/div>\r\n        <\/section>\r\n<section class=\"promotionalBanner\">\r\n    <p class=\"promotionalText\">Tehokkain tapa oppia kielt\u00e4<\/p>\r\n    <a class=\"promotionalLink\" href=\"https:\/\/app.talkpal.ai\/fi\/signup?lng=\">Kokeile Talkpal ilmaiseksi<\/a>\r\n<\/section>\n<div class=\"wp-block-group pageContainerStyle\"><div class=\"wp-block-group__inner-container is-layout-constrained wp-block-group-is-layout-constrained\">\n<h2 class=\"wp-block-heading\" id=\"h-croatian-grammar-topics\">Kroatian kieliopin aiheet<\/h2>\n\n\n\n<p><a href=\"https:\/\/talkpal.ai\/learn-croatian\/\">Kroatia<\/a>, etel\u00e4slaavilainen kieli, on Kroatian virallinen kieli ja yksi <a href=\"https:\/\/talkpal.ai\/learn-bosnian\/\">Bosnia<\/a> ja Hertsegovinan virallisista kielist\u00e4. Se on monimutkainen ja rikas kieli, jolla on pitk\u00e4 historia ja ainutlaatuinen kielioppij\u00e4rjestelm\u00e4. Oppijoille on v\u00e4ltt\u00e4m\u00e4t\u00f6nt\u00e4 ymm\u00e4rt\u00e4\u00e4 kroatian kieliopin perusn\u00e4k\u00f6kohdat kielen hallitsemiseksi. T\u00e4m\u00e4 opas auttaa sinua navigoimaan t\u00e4rkeimpien kielioppiaiheiden, kuten aikamuotojen, verbien, substantiivien ja muiden, l\u00e4pi j\u00e4rjestyksess\u00e4, joka helpottaa oppimisprosessiasi ja tarjoaa vahvan perustan t\u00e4m\u00e4n kauniin kielen hallitsemiselle.<\/p>\n\n\n\n<h3 class=\"wp-block-heading\" id=\"h-1-nouns\">1. Substantiivit:<\/h3>\n\n\n\n<p>Substantiivit ovat mink\u00e4 tahansa kielen ensimm\u00e4inen rakennuspalikka, ja kroatian kielen substantiiveilla on kolme sukupuolta &#8211; maskuliini, feminiini ja neutri, jotka vaikuttavat deklinaatioon ja sopimukseen adjektiivien ja pronominien kanssa. Tutustu eri sukupuoliin ja niiden loppuihin.<\/p>\n\n\n\n<h3 class=\"wp-block-heading\" id=\"h-2-articles\">2. Artiklat:<\/h3>\n\n\n\n<p>Kroatian kieless\u00e4 ei ole artikkeleita kuten englannin kieless\u00e4 &#8221;the&#8221; <a href=\"https:\/\/talkpal.ai\/learn-thai\/\">tai<\/a> &#8221;a&#8221;, joten aloittelijoiden on helpompi <a href=\"https:\/\/talkpal.ai\/ko\/ai-%ec%96%b8%ec%96%b4-%ea%b5%90%ec%82%ac\/\">aloittaa<\/a> yksinkertaisten lauseiden rakentaminen ilman huolta artikkelien k\u00e4yt\u00f6st\u00e4.<\/p>\n\n\n\n<h3 class=\"wp-block-heading\" id=\"h-3-pronouns-determiners\">3. Pronominit\/m\u00e4\u00e4ritteet:<\/h3>\n\n\n\n<p>Pronomineja k\u00e4ytet\u00e4\u00e4n korvaamaan substantiivit lauseissa, kun taas m\u00e4\u00e4ritteet osoittavat substantiivin spesifisyyden. Opi erityyppiset pronominit (henkil\u00f6kohtainen, possessiivinen, demonstratiivinen jne.) ja niiden taipumus sukupuolen, lukum\u00e4\u00e4r\u00e4n ja kirjainkoon mukaan.<\/p>\n\n\n\n<h3 class=\"wp-block-heading\" id=\"h-4-adjectives\">4. Adjektiivit:<\/h3>\n\n\n\n<p>Adjektiivit kuvaavat substantiivien ominaisuuksia, ja ne sopivat yhteen muokkaamansa substantiivin sukupuolen, lukum\u00e4\u00e4r\u00e4n ja tapauksen kanssa. Opi adjektiivien perusmuodot ja taivutusmallit.<\/p>\n\n\n\n<h3 class=\"wp-block-heading\" id=\"h-5-verbs\">5. Verbit:<\/h3>\n\n\n\n<p>Verbit ovat mink\u00e4 tahansa lauseen ydin, joka ilmaisee toimia tai tiloja. Kroatian verbit taivutetaan aikamuodon, mielialan, \u00e4\u00e4nen ja henkil\u00f6n mukaan. Aloita yleisimmist\u00e4 s\u00e4\u00e4nn\u00f6llisist\u00e4 verbeist\u00e4 ja niiden taivutusmalleista preesensiss\u00e4.<\/p>\n\n\n\n<h3 class=\"wp-block-heading\" id=\"h-6-tenses\">6. Aikamuodot:<\/h3>\n\n\n\n<p>Kroatian kieless\u00e4 on seitsem\u00e4n aikamuotoa &#8211; preesens, futuuri I, futuuri II, menneisyys, pluperfekti, aoristi ja imperfekti. Aloita preesensist\u00e4 ja siirry sitten menneisiin ja tuleviin aikamuotoihin oppimalla kummankin taivutusmallit.<\/p>\n\n\n\n<h3 class=\"wp-block-heading\" id=\"h-7-tense-comparison\">7. J\u00e4nnittynyt vertailu:<\/h3>\n\n\n\n<p>Aikamuotojen erojen ja yht\u00e4l\u00e4isyyksien ymm\u00e4rt\u00e4minen on ratkaisevan t\u00e4rke\u00e4\u00e4 kroatian hallitsemisessa. Vertaa aikamuotoja ja harjoittele niiden k\u00e4ytt\u00f6\u00e4 kontekstissa.<\/p>\n\n\n\n<h3 class=\"wp-block-heading\" id=\"h-8-progressive\">8. Progressiivinen:<\/h3>\n\n\n\n<p>Progressiivinen n\u00e4k\u00f6kohta ilmaisee toimia, jotka ovat jatkuvia tai jatkuvia. Kroatian kielell\u00e4 ei ole erillist\u00e4 progressiivista muotoa, kuten englannilla, mutta voit v\u00e4litt\u00e4\u00e4 progressiivisen merkityksen k\u00e4ytt\u00e4m\u00e4ll\u00e4 tiettyj\u00e4 verbimuotoja, adverbeja tai rakenteita.<\/p>\n\n\n\n<h3 class=\"wp-block-heading\" id=\"h-9-perfect-progressive\">9. T\u00e4ydellinen progressiivinen:<\/h3>\n\n\n\n<p>T\u00e4m\u00e4 n\u00e4k\u00f6kohta yhdist\u00e4\u00e4 t\u00e4ydelliset ja progressiiviset merkitykset. Kroatian kieless\u00e4 se ilmaistaan k\u00e4ytt\u00e4m\u00e4ll\u00e4 t\u00e4ydellist\u00e4 j\u00e4nnityst\u00e4 tietyll\u00e4 verbimuodolla tai rakenteella, joka osoittaa jatkuvaa toimintaa.<\/p>\n\n\n\n<h3 class=\"wp-block-heading\" id=\"h-10-adverbs\">10. Sananlaskut:<\/h3>\n\n\n\n<p><a href=\"https:\/\/talkpal.ai\/fi\/grammar\/paikan-tsekin-kielioppi-adverbit\/\">Adverbit<\/a> muokkaavat verbej\u00e4, adjektiiveja tai muita adverbeja, ja ne ilmaisevat yleens\u00e4 tapaa, paikkaa, aikaa tai astetta. Opi yleisimm\u00e4t kroatialaiset <a href=\"https:\/\/talkpal.ai\/fi\/grammar\/paikan-tsekin-kielioppi-adverbit\/\">adverbit<\/a> ja niiden sijoittaminen lauseisiin.<\/p>\n\n\n\n<h3 class=\"wp-block-heading\" id=\"h-11-prepositions\">11. Prepositiot:<\/h3>\n\n\n\n<p>Prepositioita k\u00e4ytet\u00e4\u00e4n ilmaisemaan sanojen v\u00e4lisi\u00e4 suhteita, kuten sijainti, suunta, aika tai hallussapito. Opi yleisimm\u00e4t kroatialaiset <a href=\"https:\/\/talkpal.ai\/fi\/grammar\/kohdan-kannadan-kieliopissa-prepositiot\/\">prepositiot<\/a> ja niiden hallitsemat tapaukset.<\/p>\n\n\n\n<h3 class=\"wp-block-heading\" id=\"h-12-conditionals\">12. Konditionaalit:<\/h3>\n\n\n\n<p>Konditionaalit ilmaisevat hypoteettisia tilanteita tai olosuhteita ja niiden seurauksia. Kroatian kieless\u00e4 on kolmenlaisia ehdollisuuksia &#8211; todellisia, ep\u00e4todellisia ja sekamuotoisia. Opi kunkin tyypin muodostuminen ja k\u00e4ytt\u00f6.<\/p>\n\n\n\n<h3 class=\"wp-block-heading\" id=\"h-13-sentences\">13. Lauseet:<\/h3>\n\n\n\n<p>Harjoittele lopuksi kaikkien oppimiesi kieliopillisten elementtien yhdist\u00e4mist\u00e4 yksinkertaisten ja monimutkaisten lauseiden rakentamiseksi kroatiaksi. T\u00e4m\u00e4 auttaa sinua kehitt\u00e4m\u00e4\u00e4n kielen sujuvuutta ja ymm\u00e4rryst\u00e4 kroatian kieliopista kokonaisuutena.<\/p>\n<\/div><\/div>\n\r\n<section class=\"learnNavigationSection\">\r\n            \r\n        <a href=\"https:\/\/talkpal.ai\/fi\/opi-kroatiaa\/\">\r\n            <div class=\"learnNavigationWrapper\">\r\n                <div class=\"learnNavigationContent\">\r\n                    <img decoding=\"async\" src=\"https:\/\/talkpal.ai\/wp-content\/uploads\/2024\/08\/Croatian.jpg\" alt=\"Croatian Flag\">\r\n                    <div>\r\n                        <h4>Kroatian kielen oppimisesta<\/h4>\r\n                        <p>Lue kaikki Kroatian kieliopista.<\/p>\r\n                    <\/div>\r\n                <\/div>\r\n            <\/div>\r\n        <\/a>\r\n\r\n        \r\n        <a href=\"https:\/\/talkpal.ai\/fi\/kroatian-kielioppi\/\">\r\n            <div class=\"learnNavigationWrapper\">\r\n                <div class=\"learnNavigationContent\">\r\n                    <img decoding=\"async\" src=\"https:\/\/talkpal.ai\/wp-content\/uploads\/2024\/08\/Croatian.jpg\" alt=\"Croatian Flag\">\r\n                    <div>\r\n                        <h4>Kroatian kielioppitunnit<\/h4>\r\n                        <p>Harjoittele kroatian kielioppia.<\/p>\r\n                    <\/div>\r\n                <\/div>\r\n            <\/div>\r\n        <\/a>\r\n\r\n        \r\n        <a href=\"https:\/\/talkpal.ai\/vocabulary_language\/croatian\/\">\r\n            <div class=\"learnNavigationWrapper\">\r\n                <div class=\"learnNavigationContent\">\r\n                    <img decoding=\"async\" src=\"https:\/\/talkpal.ai\/wp-content\/uploads\/2024\/08\/Croatian.jpg\" alt=\"Croatian Flag\">\r\n                    <div>\r\n                        <h4>Kroatian sanasto<\/h4>\r\n                        <p>Laajenna kroatian kielen sanavarastoasi.<\/p>\r\n                    <\/div>\r\n                <\/div>\r\n            <\/div>\r\n        <\/a>\r\n\r\n            <\/section>","protected":false},"excerpt":{"rendered":"<p>Kroatian kieliopin aiheet Kroatia, etel\u00e4slaavilainen kieli, on Kroatian virallinen kieli ja yksi Bosnia ja Hertsegovinan virallisista kielist\u00e4. Se on monimutkainen ja rikas kieli, jolla on pitk\u00e4 historia ja ainutlaatuinen kielioppij\u00e4rjestelm\u00e4. Oppijoille on v\u00e4ltt\u00e4m\u00e4t\u00f6nt\u00e4 ymm\u00e4rt\u00e4\u00e4 kroatian kieliopin perusn\u00e4k\u00f6kohdat kielen hallitsemiseksi. T\u00e4m\u00e4 opas auttaa sinua navigoimaan t\u00e4rkeimpien kielioppiaiheiden, kuten aikamuotojen, verbien, substantiivien ja muiden, l\u00e4pi j\u00e4rjestyksess\u00e4, joka [&hellip;]<\/p>\n","protected":false},"author":6,"featured_media":28251,"parent":0,"menu_order":0,"comment_status":"closed","ping_status":"closed","template":"LearningContentPage.php","meta":{"_acf_changed":false,"footnotes":""},"class_list":["post-163996","page","type-page","status-publish","has-post-thumbnail","hentry"],"acf":[],"yoast_head":"<!-- This site is optimized with the Yoast SEO Premium plugin v27.2 (Yoast SEO v27.2) - https:\/\/yoast.com\/product\/yoast-seo-premium-wordpress\/ -->\n<title>Kroatian kielioppiharjoitukset - Talkpal<\/title>\n<meta name=\"description\" content=\"Opettele kroatiaa tehokkaiden kroatian kielioppiharjoitusten avulla, jotka yksinkertaistavat aikamuotojen, verbien ja substantiivien oppimista k\u00e4ytt\u00e4jille.\" \/>\n<meta name=\"robots\" content=\"index, follow, max-snippet:-1, max-image-preview:large, max-video-preview:-1\" \/>\n<link rel=\"canonical\" href=\"https:\/\/talkpal.ai\/fi\/kroatian-kielioppiharjoitukset\/\" \/>\n<meta property=\"og:locale\" content=\"fi_FI\" \/>\n<meta property=\"og:type\" content=\"article\" \/>\n<meta property=\"og:title\" content=\"Kroatian kielioppiharjoitukset\" \/>\n<meta property=\"og:description\" content=\"Kroatian kieliopin aiheet Kroatia, etel\u00e4slaavilainen kieli, on Kroatian virallinen kieli ja yksi Bosnia ja Hertsegovinan virallisista kielist\u00e4. Se on\" \/>\n<meta property=\"og:url\" content=\"https:\/\/talkpal.ai\/fi\/kroatian-kielioppiharjoitukset\/\" \/>\n<meta property=\"og:site_name\" content=\"Talkpal\" \/>\n<meta property=\"article:publisher\" content=\"https:\/\/www.facebook.com\/profile.php?id=100090733639311\" \/>\n<meta property=\"article:modified_time\" content=\"2025-12-17T16:27:04+00:00\" \/>\n<meta property=\"og:image\" content=\"https:\/\/talkpal.ai\/wp-content\/uploads\/2023\/05\/croatia.png\" \/>\n\t<meta property=\"og:image:width\" content=\"512\" \/>\n\t<meta property=\"og:image:height\" content=\"512\" \/>\n\t<meta property=\"og:image:type\" content=\"image\/png\" \/>\n<meta name=\"twitter:card\" content=\"summary_large_image\" \/>\n<meta name=\"twitter:site\" content=\"@talkpalai\" \/>\n<meta name=\"twitter:label1\" content=\"Arvioitu lukuaika\" \/>\n\t<meta name=\"twitter:data1\" content=\"2 minuuttia\" \/>\n<script type=\"application\/ld+json\" class=\"yoast-schema-graph\">{\"@context\":\"https:\/\/schema.org\",\"@graph\":[{\"@type\":\"WebPage\",\"@id\":\"https:\/\/talkpal.ai\/fi\/kroatian-kielioppiharjoitukset\/\",\"url\":\"https:\/\/talkpal.ai\/fi\/kroatian-kielioppiharjoitukset\/\",\"name\":\"Kroatian kielioppiharjoitukset - Talkpal\",\"isPartOf\":{\"@id\":\"https:\/\/talkpal.ai\/fi\/#website\"},\"primaryImageOfPage\":{\"@id\":\"https:\/\/talkpal.ai\/fi\/kroatian-kielioppiharjoitukset\/#primaryimage\"},\"image\":{\"@id\":\"https:\/\/talkpal.ai\/fi\/kroatian-kielioppiharjoitukset\/#primaryimage\"},\"thumbnailUrl\":\"https:\/\/talkpal.ai\/wp-content\/uploads\/2023\/05\/croatia.png\",\"datePublished\":\"2023-06-16T13:02:09+00:00\",\"dateModified\":\"2025-12-17T16:27:04+00:00\",\"description\":\"Opettele kroatiaa tehokkaiden kroatian kielioppiharjoitusten avulla, jotka yksinkertaistavat aikamuotojen, verbien ja substantiivien oppimista k\u00e4ytt\u00e4jille.\",\"breadcrumb\":{\"@id\":\"https:\/\/talkpal.ai\/fi\/kroatian-kielioppiharjoitukset\/#breadcrumb\"},\"inLanguage\":\"fi\",\"potentialAction\":[{\"@type\":\"ReadAction\",\"target\":[\"https:\/\/talkpal.ai\/fi\/kroatian-kielioppiharjoitukset\/\"]}]},{\"@type\":\"ImageObject\",\"inLanguage\":\"fi\",\"@id\":\"https:\/\/talkpal.ai\/fi\/kroatian-kielioppiharjoitukset\/#primaryimage\",\"url\":\"https:\/\/talkpal.ai\/wp-content\/uploads\/2023\/05\/croatia.png\",\"contentUrl\":\"https:\/\/talkpal.ai\/wp-content\/uploads\/2023\/05\/croatia.png\",\"width\":512,\"height\":512},{\"@type\":\"BreadcrumbList\",\"@id\":\"https:\/\/talkpal.ai\/fi\/kroatian-kielioppiharjoitukset\/#breadcrumb\",\"itemListElement\":[{\"@type\":\"ListItem\",\"position\":1,\"name\":\"Homepage\",\"item\":\"https:\/\/talkpal.ai\/fi\/\"},{\"@type\":\"ListItem\",\"position\":2,\"name\":\"Kroatian kielioppiharjoitukset\"}]},{\"@type\":\"WebSite\",\"@id\":\"https:\/\/talkpal.ai\/fi\/#website\",\"url\":\"https:\/\/talkpal.ai\/fi\/\",\"name\":\"Talkpal\",\"description\":\"AI Language Learning\",\"publisher\":{\"@id\":\"https:\/\/talkpal.ai\/fi\/#organization\"},\"alternateName\":\"Talkpal AI\",\"potentialAction\":[{\"@type\":\"SearchAction\",\"target\":{\"@type\":\"EntryPoint\",\"urlTemplate\":\"https:\/\/talkpal.ai\/fi\/?s={search_term_string}\"},\"query-input\":{\"@type\":\"PropertyValueSpecification\",\"valueRequired\":true,\"valueName\":\"search_term_string\"}}],\"inLanguage\":\"fi\"},{\"@type\":\"Organization\",\"@id\":\"https:\/\/talkpal.ai\/fi\/#organization\",\"name\":\"Talkpal, Inc.\",\"alternateName\":\"Talkpal AI\",\"url\":\"https:\/\/talkpal.ai\/fi\/\",\"logo\":{\"@type\":\"ImageObject\",\"inLanguage\":\"fi\",\"@id\":\"https:\/\/talkpal.ai\/fi\/#\/schema\/logo\/image\/\",\"url\":\"https:\/\/talkpal.ai\/wp-content\/uploads\/2024\/03\/Talkpal-Logo-Icon.png\",\"contentUrl\":\"https:\/\/talkpal.ai\/wp-content\/uploads\/2024\/03\/Talkpal-Logo-Icon.png\",\"width\":2880,\"height\":2880,\"caption\":\"Talkpal, Inc.\"},\"image\":{\"@id\":\"https:\/\/talkpal.ai\/fi\/#\/schema\/logo\/image\/\"},\"sameAs\":[\"https:\/\/www.facebook.com\/profile.php?id=100090733639311\",\"https:\/\/x.com\/talkpalai\",\"https:\/\/www.linkedin.com\/company\/talkpal\/\",\"https:\/\/www.youtube.com\/@TalkPal\/\",\"https:\/\/www.tiktok.com\/@talkpal\",\"https:\/\/www.instagram.com\/talkpal_ai\/\",\"https:\/\/www.crunchbase.com\/organization\/talkpal-9cde\",\"https:\/\/www.g2.com\/products\/talkpal-for-business\/\",\"https:\/\/www.trustpilot.com\/review\/talkpal.ai\",\"https:\/\/www.capterra.com\/p\/10006800\/TalkPal\/\"],\"description\":\"Talkpal is a language learning web and mobile education app, powered by the latest AI technologies, that provides engaging experiences to its customers in many different languages to help them improve their language skills. Users can chat about unlimited amount of topics with the app and use other modes to practice their language learning.\",\"email\":\"support@talkpal.ai\",\"legalName\":\"Talkpal, Inc.\",\"foundingDate\":\"2023-04-03\",\"duns\":\"118989042\",\"numberOfEmployees\":{\"@type\":\"QuantitativeValue\",\"minValue\":\"11\",\"maxValue\":\"50\"},\"publishingPrinciples\":\"https:\/\/talkpal.ai\/publishing-principles\/\",\"actionableFeedbackPolicy\":\"https:\/\/talkpal.ai\/actionable-feedback-policy\/\",\"correctionsPolicy\":\"https:\/\/talkpal.ai\/corrections-policy\/\",\"ethicsPolicy\":\"https:\/\/talkpal.ai\/ethics-policy\/\",\"diversityPolicy\":\"https:\/\/talkpal.ai\/diversity-policy\/\",\"diversityStaffingReport\":\"https:\/\/talkpal.ai\/diversity-policy\/\"}]}<\/script>\n<!-- \/ Yoast SEO Premium plugin. -->","yoast_head_json":{"title":"Kroatian kielioppiharjoitukset - Talkpal","description":"Opettele kroatiaa tehokkaiden kroatian kielioppiharjoitusten avulla, jotka yksinkertaistavat aikamuotojen, verbien ja substantiivien oppimista k\u00e4ytt\u00e4jille.","robots":{"index":"index","follow":"follow","max-snippet":"max-snippet:-1","max-image-preview":"max-image-preview:large","max-video-preview":"max-video-preview:-1"},"canonical":"https:\/\/talkpal.ai\/fi\/kroatian-kielioppiharjoitukset\/","og_locale":"fi_FI","og_type":"article","og_title":"Kroatian kielioppiharjoitukset","og_description":"Kroatian kieliopin aiheet Kroatia, etel\u00e4slaavilainen kieli, on Kroatian virallinen kieli ja yksi Bosnia ja Hertsegovinan virallisista kielist\u00e4. Se on","og_url":"https:\/\/talkpal.ai\/fi\/kroatian-kielioppiharjoitukset\/","og_site_name":"Talkpal","article_publisher":"https:\/\/www.facebook.com\/profile.php?id=100090733639311","article_modified_time":"2025-12-17T16:27:04+00:00","og_image":[{"width":512,"height":512,"url":"https:\/\/talkpal.ai\/wp-content\/uploads\/2023\/05\/croatia.png","type":"image\/png"}],"twitter_card":"summary_large_image","twitter_site":"@talkpalai","twitter_misc":{"Arvioitu lukuaika":"2 minuuttia"},"schema":{"@context":"https:\/\/schema.org","@graph":[{"@type":"WebPage","@id":"https:\/\/talkpal.ai\/fi\/kroatian-kielioppiharjoitukset\/","url":"https:\/\/talkpal.ai\/fi\/kroatian-kielioppiharjoitukset\/","name":"Kroatian kielioppiharjoitukset - Talkpal","isPartOf":{"@id":"https:\/\/talkpal.ai\/fi\/#website"},"primaryImageOfPage":{"@id":"https:\/\/talkpal.ai\/fi\/kroatian-kielioppiharjoitukset\/#primaryimage"},"image":{"@id":"https:\/\/talkpal.ai\/fi\/kroatian-kielioppiharjoitukset\/#primaryimage"},"thumbnailUrl":"https:\/\/talkpal.ai\/wp-content\/uploads\/2023\/05\/croatia.png","datePublished":"2023-06-16T13:02:09+00:00","dateModified":"2025-12-17T16:27:04+00:00","description":"Opettele kroatiaa tehokkaiden kroatian kielioppiharjoitusten avulla, jotka yksinkertaistavat aikamuotojen, verbien ja substantiivien oppimista k\u00e4ytt\u00e4jille.","breadcrumb":{"@id":"https:\/\/talkpal.ai\/fi\/kroatian-kielioppiharjoitukset\/#breadcrumb"},"inLanguage":"fi","potentialAction":[{"@type":"ReadAction","target":["https:\/\/talkpal.ai\/fi\/kroatian-kielioppiharjoitukset\/"]}]},{"@type":"ImageObject","inLanguage":"fi","@id":"https:\/\/talkpal.ai\/fi\/kroatian-kielioppiharjoitukset\/#primaryimage","url":"https:\/\/talkpal.ai\/wp-content\/uploads\/2023\/05\/croatia.png","contentUrl":"https:\/\/talkpal.ai\/wp-content\/uploads\/2023\/05\/croatia.png","width":512,"height":512},{"@type":"BreadcrumbList","@id":"https:\/\/talkpal.ai\/fi\/kroatian-kielioppiharjoitukset\/#breadcrumb","itemListElement":[{"@type":"ListItem","position":1,"name":"Homepage","item":"https:\/\/talkpal.ai\/fi\/"},{"@type":"ListItem","position":2,"name":"Kroatian kielioppiharjoitukset"}]},{"@type":"WebSite","@id":"https:\/\/talkpal.ai\/fi\/#website","url":"https:\/\/talkpal.ai\/fi\/","name":"Talkpal","description":"AI Language Learning","publisher":{"@id":"https:\/\/talkpal.ai\/fi\/#organization"},"alternateName":"Talkpal AI","potentialAction":[{"@type":"SearchAction","target":{"@type":"EntryPoint","urlTemplate":"https:\/\/talkpal.ai\/fi\/?s={search_term_string}"},"query-input":{"@type":"PropertyValueSpecification","valueRequired":true,"valueName":"search_term_string"}}],"inLanguage":"fi"},{"@type":"Organization","@id":"https:\/\/talkpal.ai\/fi\/#organization","name":"Talkpal, Inc.","alternateName":"Talkpal AI","url":"https:\/\/talkpal.ai\/fi\/","logo":{"@type":"ImageObject","inLanguage":"fi","@id":"https:\/\/talkpal.ai\/fi\/#\/schema\/logo\/image\/","url":"https:\/\/talkpal.ai\/wp-content\/uploads\/2024\/03\/Talkpal-Logo-Icon.png","contentUrl":"https:\/\/talkpal.ai\/wp-content\/uploads\/2024\/03\/Talkpal-Logo-Icon.png","width":2880,"height":2880,"caption":"Talkpal, Inc."},"image":{"@id":"https:\/\/talkpal.ai\/fi\/#\/schema\/logo\/image\/"},"sameAs":["https:\/\/www.facebook.com\/profile.php?id=100090733639311","https:\/\/x.com\/talkpalai","https:\/\/www.linkedin.com\/company\/talkpal\/","https:\/\/www.youtube.com\/@TalkPal\/","https:\/\/www.tiktok.com\/@talkpal","https:\/\/www.instagram.com\/talkpal_ai\/","https:\/\/www.crunchbase.com\/organization\/talkpal-9cde","https:\/\/www.g2.com\/products\/talkpal-for-business\/","https:\/\/www.trustpilot.com\/review\/talkpal.ai","https:\/\/www.capterra.com\/p\/10006800\/TalkPal\/"],"description":"Talkpal is a language learning web and mobile education app, powered by the latest AI technologies, that provides engaging experiences to its customers in many different languages to help them improve their language skills. Users can chat about unlimited amount of topics with the app and use other modes to practice their language learning.","email":"support@talkpal.ai","legalName":"Talkpal, Inc.","foundingDate":"2023-04-03","duns":"118989042","numberOfEmployees":{"@type":"QuantitativeValue","minValue":"11","maxValue":"50"},"publishingPrinciples":"https:\/\/talkpal.ai\/publishing-principles\/","actionableFeedbackPolicy":"https:\/\/talkpal.ai\/actionable-feedback-policy\/","correctionsPolicy":"https:\/\/talkpal.ai\/corrections-policy\/","ethicsPolicy":"https:\/\/talkpal.ai\/ethics-policy\/","diversityPolicy":"https:\/\/talkpal.ai\/diversity-policy\/","diversityStaffingReport":"https:\/\/talkpal.ai\/diversity-policy\/"}]}},"_links":{"self":[{"href":"https:\/\/talkpal.ai\/fi\/wp-json\/wp\/v2\/pages\/163996","targetHints":{"allow":["GET"]}}],"collection":[{"href":"https:\/\/talkpal.ai\/fi\/wp-json\/wp\/v2\/pages"}],"about":[{"href":"https:\/\/talkpal.ai\/fi\/wp-json\/wp\/v2\/types\/page"}],"author":[{"embeddable":true,"href":"https:\/\/talkpal.ai\/fi\/wp-json\/wp\/v2\/users\/6"}],"replies":[{"embeddable":true,"href":"https:\/\/talkpal.ai\/fi\/wp-json\/wp\/v2\/comments?post=163996"}],"version-history":[{"count":0,"href":"https:\/\/talkpal.ai\/fi\/wp-json\/wp\/v2\/pages\/163996\/revisions"}],"wp:featuredmedia":[{"embeddable":true,"href":"https:\/\/talkpal.ai\/fi\/wp-json\/wp\/v2\/media\/28251"}],"wp:attachment":[{"href":"https:\/\/talkpal.ai\/fi\/wp-json\/wp\/v2\/media?parent=163996"}],"curies":[{"name":"wp","href":"https:\/\/api.w.org\/{rel}","templated":true}]}}