{"id":163651,"date":"2023-06-16T13:10:39","date_gmt":"2023-06-16T13:10:39","guid":{"rendered":"http:\/\/talkpal.ai\/tsekin-kielioppiharjoitukset\/"},"modified":"2025-12-17T16:29:12","modified_gmt":"2025-12-17T16:29:12","slug":"tsekin-kielioppiharjoitukset","status":"publish","type":"page","link":"https:\/\/talkpal.ai\/fi\/tsekin-kielioppiharjoitukset\/","title":{"rendered":"T\u0161ekin kielioppiharjoitukset"},"content":{"rendered":"\r\n\r\n\r\n<section class=\"languageChallengeSection\">\r\n    <div class=\"languageInfoWrapper\">\r\n        \r\n        <h1>T\u0161ekin kielioppiharjoitukset<\/h1>\r\n        <p>Oletko valmis ter\u00e4v\u00f6itt\u00e4m\u00e4\u00e4n t\u0161ekkitaitojasi? Kielioppiharjoitukset ovat t\u00e4ydellinen tapa hallita lauserakennetta, verbien p\u00e4\u00e4tteit\u00e4 ja t\u0161ekin kielen erityispiirteit\u00e4. Aloita t\u0161ekin kieliopin harjoittelu jo t\u00e4n\u00e4\u00e4n ja katso, kuinka itseluottamuksesi ja sujuvuutesi kasvavat jokaisen harjoituksen my\u00f6t\u00e4!\n\n<\/p>\r\n\r\n                            <a class=\"getStartedHidden\" href=\"https:\/\/app.talkpal.ai\/fi\/signup?lng=\">Aloita<\/a>\r\n        \r\n    <\/div>\r\n\r\n    <figure>\r\n    <img decoding=\"async\" width=\"768\" height=\"768\" src=\"https:\/\/talkpal.ai\/wp-content\/uploads\/2023\/06\/Czech-768x768.png\" class=\"languageImage no-lazy\" alt=\"Default alt text\" fetchpriority=\"high\" sizes=\"(max-width: 768px) 150px, 768px\" srcset=\"https:\/\/talkpal.ai\/wp-content\/uploads\/2023\/06\/Czech-768x768.png 768w, https:\/\/talkpal.ai\/wp-content\/uploads\/2023\/06\/Czech-300x300.png 300w\" \/>\r\n    \r\n\r\n    <\/figure>\r\n\r\n            <a class=\"getStartedVisible\" href=\"https:\/\/app.talkpal.ai\/fi\/signup?lng=\">Aloita<\/a>\r\n    \r\n<\/section>\r\n\r\n\r\n<!-- <section class=\"grammarSection\">\r\n    <div class=\"grammarLinks\">\r\n        <a href=\"https:\/\/talkpal.ai\/fi\/exercise_language\/adjektiivit-tsekin-kielioppi\/\">Adjektiivit <\/a><a href=\"https:\/\/talkpal.ai\/fi\/exercise_language\/adverbit-tsekin-kielioppi\/\">Adverbit <\/a><a href=\"https:\/\/talkpal.ai\/fi\/exercise_language\/aikamuodot-tsekin-kielioppi\/\">Aikamuodot \u2013 t\u0161ekin kielioppi<\/a><a href=\"https:\/\/talkpal.ai\/fi\/exercise_language\/aikamuotojen-vertailu-tsekin-kielioppi\/\">Aikamuotojen vertailu \u2013 t\u0161ekin kielioppi<\/a><a href=\"https:\/\/talkpal.ai\/fi\/exercise_language\/artikkelit-tsekin-kielioppi\/\">Artikkelit <\/a><a href=\"https:\/\/talkpal.ai\/fi\/exercise_language\/konditionaalit-tsekin-kielioppi\/\">Konditionaalit <\/a><a href=\"https:\/\/talkpal.ai\/fi\/exercise_language\/lauseet-tsekin-kielioppi\/\">Lauseet \u2013 T\u0161ekin kielioppi<\/a><a href=\"https:\/\/talkpal.ai\/fi\/exercise_language\/prepositiot-tsekin-kielioppi\/\">Prepositiot <\/a><a href=\"https:\/\/talkpal.ai\/fi\/exercise_language\/progressiivinen-tsekin-kielioppi\/\">Progressiivinen \u2013 t\u0161ekin kielioppi<\/a><a href=\"https:\/\/talkpal.ai\/fi\/exercise_language\/pronominit-maaritteet-tsekin-kielioppi\/\">Pronominit\/m\u00e4\u00e4ritteet \u2013 t\u0161ekin kielioppi<\/a><a href=\"https:\/\/talkpal.ai\/fi\/exercise_language\/substantiivit-tsekin-kielioppi\/\">Substantiivit <\/a><a href=\"https:\/\/talkpal.ai\/fi\/exercise_language\/taydellinen-progressiivinen-tsekin-kielioppi\/\">T\u00e4ydellinen progressiivinen <\/a><a href=\"https:\/\/talkpal.ai\/fi\/exercise_language\/verbit-tsekin-kielioppi\/\">Verbit \u2013 t\u0161ekin kielioppi<\/a>    <\/div>\r\n<\/section> -->\r\n\r\n\r\n\r\n\r\n        <section class=\"grammarSection\">\r\n            <div class=\"grammarLinks\">\r\n                <a href=\"https:\/\/talkpal.ai\/fi\/exercise_language\/adjektiivit-tsekin-kielioppi\/\">Adjektiivit <\/a><a href=\"https:\/\/talkpal.ai\/fi\/exercise_language\/adverbit-tsekin-kielioppi\/\">Adverbit <\/a><a href=\"https:\/\/talkpal.ai\/fi\/exercise_language\/aikamuodot-tsekin-kielioppi\/\">Aikamuodot \u2013 t\u0161ekin kielioppi<\/a><a href=\"https:\/\/talkpal.ai\/fi\/exercise_language\/aikamuotojen-vertailu-tsekin-kielioppi\/\">Aikamuotojen vertailu \u2013 t\u0161ekin kielioppi<\/a><a href=\"https:\/\/talkpal.ai\/fi\/exercise_language\/artikkelit-tsekin-kielioppi\/\">Artikkelit <\/a><a href=\"https:\/\/talkpal.ai\/fi\/exercise_language\/konditionaalit-tsekin-kielioppi\/\">Konditionaalit <\/a><a href=\"https:\/\/talkpal.ai\/fi\/exercise_language\/lauseet-tsekin-kielioppi\/\">Lauseet \u2013 T\u0161ekin kielioppi<\/a><a href=\"https:\/\/talkpal.ai\/fi\/exercise_language\/prepositiot-tsekin-kielioppi\/\">Prepositiot <\/a><a href=\"https:\/\/talkpal.ai\/fi\/exercise_language\/progressiivinen-tsekin-kielioppi\/\">Progressiivinen \u2013 t\u0161ekin kielioppi<\/a><a href=\"https:\/\/talkpal.ai\/fi\/exercise_language\/pronominit-maaritteet-tsekin-kielioppi\/\">Pronominit\/m\u00e4\u00e4ritteet \u2013 t\u0161ekin kielioppi<\/a><a href=\"https:\/\/talkpal.ai\/fi\/exercise_language\/substantiivit-tsekin-kielioppi\/\">Substantiivit <\/a><a href=\"https:\/\/talkpal.ai\/fi\/exercise_language\/taydellinen-progressiivinen-tsekin-kielioppi\/\">T\u00e4ydellinen progressiivinen <\/a><a href=\"https:\/\/talkpal.ai\/fi\/exercise_language\/verbit-tsekin-kielioppi\/\">Verbit \u2013 t\u0161ekin kielioppi<\/a>            <\/div>\r\n        <\/section>\r\n<section class=\"promotionalBanner\">\r\n    <p class=\"promotionalText\">Tehokkain tapa oppia kielt\u00e4<\/p>\r\n    <a class=\"promotionalLink\" href=\"https:\/\/app.talkpal.ai\/fi\/signup?lng=\">Kokeile Talkpal ilmaiseksi<\/a>\r\n<\/section>\n<div class=\"wp-block-group pageContainerStyle\"><div class=\"wp-block-group__inner-container is-layout-constrained wp-block-group-is-layout-constrained\">\n<h2 class=\"wp-block-heading\" id=\"h-czech-grammar-topics\">T\u0161ekin kieliopin aiheet<\/h2>\n\n\n\n<p>Uuden <a href=\"https:\/\/talkpal.ai\/fi\/paras-tapa-oppia-2\/\">kielen oppiminen<\/a> voi olla j\u00e4nnitt\u00e4v\u00e4 ja rikastuttava kokemus, eik\u00e4 t\u0161ekin kieli ole poikkeus. Rikkaan historiansa ja ainutlaatuisen slaavilaisen vieh\u00e4tyksens\u00e4 ansiosta t\u0161ekin kieli tarjoaa oppijoille portin Keski-Euroopan syd\u00e4meen. Jotta t\u0161ekin kielimatkastasi saisit kaiken irti, on t\u00e4rke\u00e4\u00e4 ymm\u00e4rt\u00e4\u00e4 ja hallita <a href=\"https:\/\/talkpal.ai\/fi\/grammar\/asia-tsekin-kielioppi\/\">t\u0161ekin kielioppi<\/a>, joka on kaikkien kielten selk\u00e4ranka. Aikamuodoista ja verbeist\u00e4 adjektiiveihin ja prepositioihin, n\u00e4iden kielioppiaiheiden tunteminen auttaa sinua kommunikoimaan tehokkaasti ja luottavaisesti. T\u00e4ss\u00e4 oppaassa k\u00e4ymme l\u00e4pi keskeiset t\u0161ekin kieliopin aiheet, jotka on ryhmitelty j\u00e4rjestykseen, joka helpottaa kielen oppimista ja ymm\u00e4rt\u00e4mist\u00e4.<\/p>\n\n\n\n<h3 class=\"wp-block-heading\" id=\"h-1-nouns\">1. Substantiivit:<\/h3>\n\n\n\n<p>Aloita oppiminen t\u0161ekkil\u00e4isill\u00e4 substantiiveilla, koska ne ovat kielen perusta. T\u0161ekkil\u00e4isill\u00e4 substantiiveilla on kolme sukupuolta (maskuliininen, feminiininen ja neutri) ja seitsem\u00e4n tapausta (nominatiivi, genetiivi, datiivi, akkusatiivi, vokatiivi, lokatiivi ja instrumentaali). Sukupuolen ja tapausj\u00e4rjestelm\u00e4n ymm\u00e4rt\u00e4minen on ratkaisevan t\u00e4rke\u00e4\u00e4 oikean lauseenmuodostuksen kannalta.<\/p>\n\n\n\n<h3 class=\"wp-block-heading\" id=\"h-2-articles\">2. Artiklat:<\/h3>\n\n\n\n<p>t\u0161ekin kieless\u00e4 ei ole m\u00e4\u00e4rittelem\u00e4tt\u00f6mi\u00e4 artikkeleita (a, an), ja m\u00e4\u00e4r\u00e4ist\u00e4 artikkelia (the) k\u00e4ytet\u00e4\u00e4n vain tietyiss\u00e4 erityistilanteissa. Lue, milloin ja miten voit k\u00e4ytt\u00e4\u00e4 m\u00e4\u00e4r\u00e4ist\u00e4 artikkelia parantaaksesi ymm\u00e4rryst\u00e4si t\u0161ekin kieliopista.<\/p>\n\n\n\n<h3 class=\"wp-block-heading\" id=\"h-3-pronouns-determiners\">3. Pronominit\/m\u00e4\u00e4ritteet:<\/h3>\n\n\n\n<p>Pronominit korvaavat substantiivit lauseissa, kun taas m\u00e4\u00e4ritteet m\u00e4\u00e4ritt\u00e4v\u00e4t <a href=\"https:\/\/talkpal.ai\/learn-thai\/\">tai<\/a> muokkaavat substantiiveja. Tutustu t\u0161ekkil\u00e4isiin henkil\u00f6kohtaisiin, omistusoikeudellisiin, demonstratiivisiin, refleksiivisiin ja kyselypronomineihin sek\u00e4 m\u00e4\u00e4ritteisiin luodaksesi monimutkaisempia lauseita.<\/p>\n\n\n\n<h3 class=\"wp-block-heading\" id=\"h-4-adjectives\">4. Adjektiivit:<\/h3>\n\n\n\n<p>Adjektiivit kuvaavat tai muokkaavat substantiiveja t\u0161ekiss\u00e4. Opi k\u00e4ytt\u00e4m\u00e4\u00e4n niit\u00e4 oikeassa sukupuolessa, numerossa ja kirjainkoossa sopimaan niiden kuvaamaan substantiiviin.<\/p>\n\n\n\n<h3 class=\"wp-block-heading\" id=\"h-5-adverbs\">5. Adverbit:<\/h3>\n\n\n\n<p><a href=\"https:\/\/talkpal.ai\/fi\/grammar\/paikan-tsekin-kielioppi-adverbit\/\">Adverbit<\/a> muokkaavat verbej\u00e4, adjektiiveja tai muita adverbeja. Ne antavat lis\u00e4tietoja toiminnosta, kuten tavan, ajan tai paikan. T\u0161ekkil\u00e4isten <a href=\"https:\/\/talkpal.ai\/ar\/grammar_exercises\/adverbien-%d8%aa%d9%85%d8%a7%d8%b1%d9%8a%d9%86-%d9%84%d9%84%d9%82%d9%88%d8%a7%d8%b9%d8%af-%d8%a7%d9%84%d8%a3%d9%84%d9%85%d8%a7%d9%86%d9%8a%d8%a9\/\">adverbien<\/a> hallitseminen auttaa sinua v\u00e4litt\u00e4m\u00e4\u00e4n viestisi tarkemmin.<\/p>\n\n\n\n<h3 class=\"wp-block-heading\" id=\"h-6-verbs\">6. Verbit:<\/h3>\n\n\n\n<p>T\u0161ekin verbit ovat v\u00e4ltt\u00e4m\u00e4tt\u00f6mi\u00e4 toimintojen, tapahtumien tai tilojen ilmaisemiseksi. Opi taivutusmallit, aikamuodot (menneisyys, nykyisyys ja tulevaisuus) ja aspektit (t\u00e4ydellinen ja ep\u00e4t\u00e4ydellinen) kommunikoidaksesi tehokkaasti.<\/p>\n\n\n\n<h3 class=\"wp-block-heading\" id=\"h-7-tense-comparison\">7. J\u00e4nnittynyt vertailu:<\/h3>\n\n\n\n<p>T\u0161ekin aikamuotojen (menneisyys, nykyisyys ja tulevaisuus) erojen ja k\u00e4yt\u00f6n ymm\u00e4rt\u00e4minen auttaa sinua ilmaisemaan ajatuksesi tarkasti ja v\u00e4ltt\u00e4m\u00e4\u00e4n sekaannusta.<\/p>\n\n\n\n<h3 class=\"wp-block-heading\" id=\"h-8-progressive-and-perfect-progressive\">8. Progressiivinen ja t\u00e4ydellinen progressiivinen:<\/h3>\n\n\n\n<p>T\u0161ekill\u00e4 ei ole suoria vastineita englannin progressiivisille ja t\u00e4ydellisille progressiivisille aikamuodoille. Sen sijaan kieli k\u00e4ytt\u00e4\u00e4 erilaisia verbiaspekteja (perfektiivi ja imperfektiivi) ja rakenteita v\u00e4litt\u00e4\u00e4kseen samanlaisia merkityksi\u00e4. Opi muodostamaan ja k\u00e4ytt\u00e4m\u00e4\u00e4n n\u00e4it\u00e4 rakenteita ilmaisemaan k\u00e4ynniss\u00e4 olevia tai suoritettuja toimintoja.<\/p>\n\n\n\n<h3 class=\"wp-block-heading\" id=\"h-9-conditionals\">9. Konditionaalit:<\/h3>\n\n\n\n<p>Konditionaaleja k\u00e4ytet\u00e4\u00e4n ilmaisemaan hypoteettisia tilanteita tai olosuhteita. Hallitse t\u0161ekkil\u00e4iset ehdolliset lomakkeet keskustellaksesi mahdollisuuksista ja tehd\u00e4ksesi ennusteita.<\/p>\n\n\n\n<h3 class=\"wp-block-heading\" id=\"h-10-prepositions\">10. Prepositiot:<\/h3>\n\n\n\n<p>Prepositioita k\u00e4ytet\u00e4\u00e4n ilmaisemaan sanojen v\u00e4lisi\u00e4 suhteita, kuten sijainti, suunta, aika tai syy. T\u0161ekin prepositioiden oppiminen ja oikea k\u00e4ytt\u00f6 auttaa sinua rakentamaan selkeit\u00e4 ja merkityksellisi\u00e4 lauseita.<\/p>\n\n\n\n<h3 class=\"wp-block-heading\" id=\"h-11-sentences\">11. Lauseet:<\/h3>\n\n\n\n<p>Lopuksi harjoittele t\u0161ekil\u00e4isten lauseiden muodostamista yhdist\u00e4m\u00e4ll\u00e4 oppimasi kielioppielementit. Keskity luomaan yksinkertaisia, yhdistettyj\u00e4, monimutkaisia ja monimutkaisia lauseita parantaaksesi sujuvuuttasi ja viestint\u00e4taitojasi t\u0161ekin kielell\u00e4.<\/p>\n<\/div><\/div>\n\r\n<section class=\"learnNavigationSection\">\r\n            \r\n        <a href=\"https:\/\/talkpal.ai\/fi\/opi-tsekkia\/\">\r\n            <div class=\"learnNavigationWrapper\">\r\n                <div class=\"learnNavigationContent\">\r\n                    <img decoding=\"async\" src=\"https:\/\/talkpal.ai\/wp-content\/uploads\/2024\/08\/Czech.jpg\" alt=\"Czech Flag\">\r\n                    <div>\r\n                        <h4>T\u0161ekin oppimisesta<\/h4>\r\n                        <p>Tutustu t\u0161ekin kielioppiin.<\/p>\r\n                    <\/div>\r\n                <\/div>\r\n            <\/div>\r\n        <\/a>\r\n\r\n        \r\n        <a href=\"https:\/\/talkpal.ai\/fi\/tsekin-kielioppi\/\">\r\n            <div class=\"learnNavigationWrapper\">\r\n                <div class=\"learnNavigationContent\">\r\n                    <img decoding=\"async\" src=\"https:\/\/talkpal.ai\/wp-content\/uploads\/2024\/08\/Czech.jpg\" alt=\"Czech Flag\">\r\n                    <div>\r\n                        <h4>T\u0161ekin kielioppitunnit<\/h4>\r\n                        <p>Harjoittele t\u0161ekin kielioppia.<\/p>\r\n                    <\/div>\r\n                <\/div>\r\n            <\/div>\r\n        <\/a>\r\n\r\n        \r\n        <a href=\"https:\/\/talkpal.ai\/vocabulary_language\/czech\/\">\r\n            <div class=\"learnNavigationWrapper\">\r\n                <div class=\"learnNavigationContent\">\r\n                    <img decoding=\"async\" src=\"https:\/\/talkpal.ai\/wp-content\/uploads\/2024\/08\/Czech.jpg\" alt=\"Czech Flag\">\r\n                    <div>\r\n                        <h4>T\u0161ekin sanasto<\/h4>\r\n                        <p>Laajenna t\u0161ekin kielen sanavarastoasi.<\/p>\r\n                    <\/div>\r\n                <\/div>\r\n            <\/div>\r\n        <\/a>\r\n\r\n            <\/section>","protected":false},"excerpt":{"rendered":"<p>T\u0161ekin kieliopin aiheet Uuden kielen oppiminen voi olla j\u00e4nnitt\u00e4v\u00e4 ja rikastuttava kokemus, eik\u00e4 t\u0161ekin kieli ole poikkeus. Rikkaan historiansa ja ainutlaatuisen slaavilaisen vieh\u00e4tyksens\u00e4 ansiosta t\u0161ekin kieli tarjoaa oppijoille portin Keski-Euroopan syd\u00e4meen. Jotta t\u0161ekin kielimatkastasi saisit kaiken irti, on t\u00e4rke\u00e4\u00e4 ymm\u00e4rt\u00e4\u00e4 ja hallita t\u0161ekin kielioppi, joka on kaikkien kielten selk\u00e4ranka. Aikamuodoista ja verbeist\u00e4 adjektiiveihin ja prepositioihin, [&hellip;]<\/p>\n","protected":false},"author":6,"featured_media":28267,"parent":0,"menu_order":0,"comment_status":"closed","ping_status":"closed","template":"LearningContentPage.php","meta":{"_acf_changed":false,"footnotes":""},"class_list":["post-163651","page","type-page","status-publish","has-post-thumbnail","hentry"],"acf":[],"yoast_head":"<!-- This site is optimized with the Yoast SEO Premium plugin v27.2 (Yoast SEO v27.2) - https:\/\/yoast.com\/product\/yoast-seo-premium-wordpress\/ -->\n<title>T\u0161ekin kielioppiharjoitukset - Talkpal<\/title>\n<meta name=\"description\" content=\"Avaa t\u0161ekin kielen salaisuudet t\u0161ekin kielen kielioppiharjoitusten avulla, jotta voit kommunikoida varmasti.\" \/>\n<meta name=\"robots\" content=\"index, follow, max-snippet:-1, max-image-preview:large, max-video-preview:-1\" \/>\n<link rel=\"canonical\" href=\"https:\/\/talkpal.ai\/fi\/tsekin-kielioppiharjoitukset\/\" \/>\n<meta property=\"og:locale\" content=\"fi_FI\" \/>\n<meta property=\"og:type\" content=\"article\" \/>\n<meta property=\"og:title\" content=\"T\u0161ekin kielioppiharjoitukset\" \/>\n<meta property=\"og:description\" content=\"T\u0161ekin kieliopin aiheet Uuden kielen oppiminen voi olla j\u00e4nnitt\u00e4v\u00e4 ja rikastuttava kokemus, eik\u00e4 t\u0161ekin kieli ole poikkeus. Rikkaan historiansa ja\" \/>\n<meta property=\"og:url\" content=\"https:\/\/talkpal.ai\/fi\/tsekin-kielioppiharjoitukset\/\" \/>\n<meta property=\"og:site_name\" content=\"Talkpal\" \/>\n<meta property=\"article:publisher\" content=\"https:\/\/www.facebook.com\/profile.php?id=100090733639311\" \/>\n<meta property=\"article:modified_time\" content=\"2025-12-17T16:29:12+00:00\" \/>\n<meta property=\"og:image\" content=\"https:\/\/talkpal.ai\/wp-content\/uploads\/2023\/05\/czech-republic.png\" \/>\n\t<meta property=\"og:image:width\" content=\"512\" \/>\n\t<meta property=\"og:image:height\" content=\"512\" \/>\n\t<meta property=\"og:image:type\" content=\"image\/png\" \/>\n<meta name=\"twitter:card\" content=\"summary_large_image\" \/>\n<meta name=\"twitter:site\" content=\"@talkpalai\" \/>\n<meta name=\"twitter:label1\" content=\"Arvioitu lukuaika\" \/>\n\t<meta name=\"twitter:data1\" content=\"2 minuuttia\" \/>\n<script type=\"application\/ld+json\" class=\"yoast-schema-graph\">{\"@context\":\"https:\/\/schema.org\",\"@graph\":[{\"@type\":\"WebPage\",\"@id\":\"https:\/\/talkpal.ai\/fi\/tsekin-kielioppiharjoitukset\/\",\"url\":\"https:\/\/talkpal.ai\/fi\/tsekin-kielioppiharjoitukset\/\",\"name\":\"T\u0161ekin kielioppiharjoitukset - Talkpal\",\"isPartOf\":{\"@id\":\"https:\/\/talkpal.ai\/fi\/#website\"},\"primaryImageOfPage\":{\"@id\":\"https:\/\/talkpal.ai\/fi\/tsekin-kielioppiharjoitukset\/#primaryimage\"},\"image\":{\"@id\":\"https:\/\/talkpal.ai\/fi\/tsekin-kielioppiharjoitukset\/#primaryimage\"},\"thumbnailUrl\":\"https:\/\/talkpal.ai\/wp-content\/uploads\/2023\/05\/czech-republic.png\",\"datePublished\":\"2023-06-16T13:10:39+00:00\",\"dateModified\":\"2025-12-17T16:29:12+00:00\",\"description\":\"Avaa t\u0161ekin kielen salaisuudet t\u0161ekin kielen kielioppiharjoitusten avulla, jotta voit kommunikoida varmasti.\",\"breadcrumb\":{\"@id\":\"https:\/\/talkpal.ai\/fi\/tsekin-kielioppiharjoitukset\/#breadcrumb\"},\"inLanguage\":\"fi\",\"potentialAction\":[{\"@type\":\"ReadAction\",\"target\":[\"https:\/\/talkpal.ai\/fi\/tsekin-kielioppiharjoitukset\/\"]}]},{\"@type\":\"ImageObject\",\"inLanguage\":\"fi\",\"@id\":\"https:\/\/talkpal.ai\/fi\/tsekin-kielioppiharjoitukset\/#primaryimage\",\"url\":\"https:\/\/talkpal.ai\/wp-content\/uploads\/2023\/05\/czech-republic.png\",\"contentUrl\":\"https:\/\/talkpal.ai\/wp-content\/uploads\/2023\/05\/czech-republic.png\",\"width\":512,\"height\":512},{\"@type\":\"BreadcrumbList\",\"@id\":\"https:\/\/talkpal.ai\/fi\/tsekin-kielioppiharjoitukset\/#breadcrumb\",\"itemListElement\":[{\"@type\":\"ListItem\",\"position\":1,\"name\":\"Homepage\",\"item\":\"https:\/\/talkpal.ai\/fi\/\"},{\"@type\":\"ListItem\",\"position\":2,\"name\":\"T\u0161ekin kielioppiharjoitukset\"}]},{\"@type\":\"WebSite\",\"@id\":\"https:\/\/talkpal.ai\/fi\/#website\",\"url\":\"https:\/\/talkpal.ai\/fi\/\",\"name\":\"Talkpal\",\"description\":\"AI Language Learning\",\"publisher\":{\"@id\":\"https:\/\/talkpal.ai\/fi\/#organization\"},\"alternateName\":\"Talkpal AI\",\"potentialAction\":[{\"@type\":\"SearchAction\",\"target\":{\"@type\":\"EntryPoint\",\"urlTemplate\":\"https:\/\/talkpal.ai\/fi\/?s={search_term_string}\"},\"query-input\":{\"@type\":\"PropertyValueSpecification\",\"valueRequired\":true,\"valueName\":\"search_term_string\"}}],\"inLanguage\":\"fi\"},{\"@type\":\"Organization\",\"@id\":\"https:\/\/talkpal.ai\/fi\/#organization\",\"name\":\"Talkpal, Inc.\",\"alternateName\":\"Talkpal AI\",\"url\":\"https:\/\/talkpal.ai\/fi\/\",\"logo\":{\"@type\":\"ImageObject\",\"inLanguage\":\"fi\",\"@id\":\"https:\/\/talkpal.ai\/fi\/#\/schema\/logo\/image\/\",\"url\":\"https:\/\/talkpal.ai\/wp-content\/uploads\/2024\/03\/Talkpal-Logo-Icon.png\",\"contentUrl\":\"https:\/\/talkpal.ai\/wp-content\/uploads\/2024\/03\/Talkpal-Logo-Icon.png\",\"width\":2880,\"height\":2880,\"caption\":\"Talkpal, Inc.\"},\"image\":{\"@id\":\"https:\/\/talkpal.ai\/fi\/#\/schema\/logo\/image\/\"},\"sameAs\":[\"https:\/\/www.facebook.com\/profile.php?id=100090733639311\",\"https:\/\/x.com\/talkpalai\",\"https:\/\/www.linkedin.com\/company\/talkpal\/\",\"https:\/\/www.youtube.com\/@TalkPal\/\",\"https:\/\/www.tiktok.com\/@talkpal\",\"https:\/\/www.instagram.com\/talkpal_ai\/\",\"https:\/\/www.crunchbase.com\/organization\/talkpal-9cde\",\"https:\/\/www.g2.com\/products\/talkpal-for-business\/\",\"https:\/\/www.trustpilot.com\/review\/talkpal.ai\",\"https:\/\/www.capterra.com\/p\/10006800\/TalkPal\/\"],\"description\":\"Talkpal is a language learning web and mobile education app, powered by the latest AI technologies, that provides engaging experiences to its customers in many different languages to help them improve their language skills. Users can chat about unlimited amount of topics with the app and use other modes to practice their language learning.\",\"email\":\"support@talkpal.ai\",\"legalName\":\"Talkpal, Inc.\",\"foundingDate\":\"2023-04-03\",\"duns\":\"118989042\",\"numberOfEmployees\":{\"@type\":\"QuantitativeValue\",\"minValue\":\"11\",\"maxValue\":\"50\"},\"publishingPrinciples\":\"https:\/\/talkpal.ai\/publishing-principles\/\",\"actionableFeedbackPolicy\":\"https:\/\/talkpal.ai\/actionable-feedback-policy\/\",\"correctionsPolicy\":\"https:\/\/talkpal.ai\/corrections-policy\/\",\"ethicsPolicy\":\"https:\/\/talkpal.ai\/ethics-policy\/\",\"diversityPolicy\":\"https:\/\/talkpal.ai\/diversity-policy\/\",\"diversityStaffingReport\":\"https:\/\/talkpal.ai\/diversity-policy\/\"}]}<\/script>\n<!-- \/ Yoast SEO Premium plugin. -->","yoast_head_json":{"title":"T\u0161ekin kielioppiharjoitukset - Talkpal","description":"Avaa t\u0161ekin kielen salaisuudet t\u0161ekin kielen kielioppiharjoitusten avulla, jotta voit kommunikoida varmasti.","robots":{"index":"index","follow":"follow","max-snippet":"max-snippet:-1","max-image-preview":"max-image-preview:large","max-video-preview":"max-video-preview:-1"},"canonical":"https:\/\/talkpal.ai\/fi\/tsekin-kielioppiharjoitukset\/","og_locale":"fi_FI","og_type":"article","og_title":"T\u0161ekin kielioppiharjoitukset","og_description":"T\u0161ekin kieliopin aiheet Uuden kielen oppiminen voi olla j\u00e4nnitt\u00e4v\u00e4 ja rikastuttava kokemus, eik\u00e4 t\u0161ekin kieli ole poikkeus. Rikkaan historiansa ja","og_url":"https:\/\/talkpal.ai\/fi\/tsekin-kielioppiharjoitukset\/","og_site_name":"Talkpal","article_publisher":"https:\/\/www.facebook.com\/profile.php?id=100090733639311","article_modified_time":"2025-12-17T16:29:12+00:00","og_image":[{"width":512,"height":512,"url":"https:\/\/talkpal.ai\/wp-content\/uploads\/2023\/05\/czech-republic.png","type":"image\/png"}],"twitter_card":"summary_large_image","twitter_site":"@talkpalai","twitter_misc":{"Arvioitu lukuaika":"2 minuuttia"},"schema":{"@context":"https:\/\/schema.org","@graph":[{"@type":"WebPage","@id":"https:\/\/talkpal.ai\/fi\/tsekin-kielioppiharjoitukset\/","url":"https:\/\/talkpal.ai\/fi\/tsekin-kielioppiharjoitukset\/","name":"T\u0161ekin kielioppiharjoitukset - Talkpal","isPartOf":{"@id":"https:\/\/talkpal.ai\/fi\/#website"},"primaryImageOfPage":{"@id":"https:\/\/talkpal.ai\/fi\/tsekin-kielioppiharjoitukset\/#primaryimage"},"image":{"@id":"https:\/\/talkpal.ai\/fi\/tsekin-kielioppiharjoitukset\/#primaryimage"},"thumbnailUrl":"https:\/\/talkpal.ai\/wp-content\/uploads\/2023\/05\/czech-republic.png","datePublished":"2023-06-16T13:10:39+00:00","dateModified":"2025-12-17T16:29:12+00:00","description":"Avaa t\u0161ekin kielen salaisuudet t\u0161ekin kielen kielioppiharjoitusten avulla, jotta voit kommunikoida varmasti.","breadcrumb":{"@id":"https:\/\/talkpal.ai\/fi\/tsekin-kielioppiharjoitukset\/#breadcrumb"},"inLanguage":"fi","potentialAction":[{"@type":"ReadAction","target":["https:\/\/talkpal.ai\/fi\/tsekin-kielioppiharjoitukset\/"]}]},{"@type":"ImageObject","inLanguage":"fi","@id":"https:\/\/talkpal.ai\/fi\/tsekin-kielioppiharjoitukset\/#primaryimage","url":"https:\/\/talkpal.ai\/wp-content\/uploads\/2023\/05\/czech-republic.png","contentUrl":"https:\/\/talkpal.ai\/wp-content\/uploads\/2023\/05\/czech-republic.png","width":512,"height":512},{"@type":"BreadcrumbList","@id":"https:\/\/talkpal.ai\/fi\/tsekin-kielioppiharjoitukset\/#breadcrumb","itemListElement":[{"@type":"ListItem","position":1,"name":"Homepage","item":"https:\/\/talkpal.ai\/fi\/"},{"@type":"ListItem","position":2,"name":"T\u0161ekin kielioppiharjoitukset"}]},{"@type":"WebSite","@id":"https:\/\/talkpal.ai\/fi\/#website","url":"https:\/\/talkpal.ai\/fi\/","name":"Talkpal","description":"AI Language Learning","publisher":{"@id":"https:\/\/talkpal.ai\/fi\/#organization"},"alternateName":"Talkpal AI","potentialAction":[{"@type":"SearchAction","target":{"@type":"EntryPoint","urlTemplate":"https:\/\/talkpal.ai\/fi\/?s={search_term_string}"},"query-input":{"@type":"PropertyValueSpecification","valueRequired":true,"valueName":"search_term_string"}}],"inLanguage":"fi"},{"@type":"Organization","@id":"https:\/\/talkpal.ai\/fi\/#organization","name":"Talkpal, Inc.","alternateName":"Talkpal AI","url":"https:\/\/talkpal.ai\/fi\/","logo":{"@type":"ImageObject","inLanguage":"fi","@id":"https:\/\/talkpal.ai\/fi\/#\/schema\/logo\/image\/","url":"https:\/\/talkpal.ai\/wp-content\/uploads\/2024\/03\/Talkpal-Logo-Icon.png","contentUrl":"https:\/\/talkpal.ai\/wp-content\/uploads\/2024\/03\/Talkpal-Logo-Icon.png","width":2880,"height":2880,"caption":"Talkpal, Inc."},"image":{"@id":"https:\/\/talkpal.ai\/fi\/#\/schema\/logo\/image\/"},"sameAs":["https:\/\/www.facebook.com\/profile.php?id=100090733639311","https:\/\/x.com\/talkpalai","https:\/\/www.linkedin.com\/company\/talkpal\/","https:\/\/www.youtube.com\/@TalkPal\/","https:\/\/www.tiktok.com\/@talkpal","https:\/\/www.instagram.com\/talkpal_ai\/","https:\/\/www.crunchbase.com\/organization\/talkpal-9cde","https:\/\/www.g2.com\/products\/talkpal-for-business\/","https:\/\/www.trustpilot.com\/review\/talkpal.ai","https:\/\/www.capterra.com\/p\/10006800\/TalkPal\/"],"description":"Talkpal is a language learning web and mobile education app, powered by the latest AI technologies, that provides engaging experiences to its customers in many different languages to help them improve their language skills. Users can chat about unlimited amount of topics with the app and use other modes to practice their language learning.","email":"support@talkpal.ai","legalName":"Talkpal, Inc.","foundingDate":"2023-04-03","duns":"118989042","numberOfEmployees":{"@type":"QuantitativeValue","minValue":"11","maxValue":"50"},"publishingPrinciples":"https:\/\/talkpal.ai\/publishing-principles\/","actionableFeedbackPolicy":"https:\/\/talkpal.ai\/actionable-feedback-policy\/","correctionsPolicy":"https:\/\/talkpal.ai\/corrections-policy\/","ethicsPolicy":"https:\/\/talkpal.ai\/ethics-policy\/","diversityPolicy":"https:\/\/talkpal.ai\/diversity-policy\/","diversityStaffingReport":"https:\/\/talkpal.ai\/diversity-policy\/"}]}},"_links":{"self":[{"href":"https:\/\/talkpal.ai\/fi\/wp-json\/wp\/v2\/pages\/163651","targetHints":{"allow":["GET"]}}],"collection":[{"href":"https:\/\/talkpal.ai\/fi\/wp-json\/wp\/v2\/pages"}],"about":[{"href":"https:\/\/talkpal.ai\/fi\/wp-json\/wp\/v2\/types\/page"}],"author":[{"embeddable":true,"href":"https:\/\/talkpal.ai\/fi\/wp-json\/wp\/v2\/users\/6"}],"replies":[{"embeddable":true,"href":"https:\/\/talkpal.ai\/fi\/wp-json\/wp\/v2\/comments?post=163651"}],"version-history":[{"count":0,"href":"https:\/\/talkpal.ai\/fi\/wp-json\/wp\/v2\/pages\/163651\/revisions"}],"wp:featuredmedia":[{"embeddable":true,"href":"https:\/\/talkpal.ai\/fi\/wp-json\/wp\/v2\/media\/28267"}],"wp:attachment":[{"href":"https:\/\/talkpal.ai\/fi\/wp-json\/wp\/v2\/media?parent=163651"}],"curies":[{"name":"wp","href":"https:\/\/api.w.org\/{rel}","templated":true}]}}