{"id":161957,"date":"2023-06-21T14:29:48","date_gmt":"2023-06-21T14:29:48","guid":{"rendered":"http:\/\/talkpal.ai\/unkarin-kielioppiharjoitukset\/"},"modified":"2025-12-17T16:07:21","modified_gmt":"2025-12-17T16:07:21","slug":"unkarin-kielioppiharjoitukset","status":"publish","type":"page","link":"https:\/\/talkpal.ai\/fi\/unkarin-kielioppiharjoitukset\/","title":{"rendered":"Unkarin kielioppiharjoitukset"},"content":{"rendered":"\r\n\r\n\r\n<section class=\"languageChallengeSection\">\r\n    <div class=\"languageInfoWrapper\">\r\n        \r\n        <h1>Unkarin kielioppiharjoitukset<\/h1>\r\n        <p>Oletko valmis vahvistamaan unkarin taitojasi? Kielioppiharjoitukset ovat loistava tapa hallita sanaj\u00e4rjestyst\u00e4, verbien p\u00e4\u00e4tteit\u00e4 ja unkarin kielen ainutlaatuista rakennetta. Sukella unkarin kielioppiin jo t\u00e4n\u00e4\u00e4n ja n\u00e4e itsevarmuutesi ja sujuvuutesi kasvavan jokaisen harjoituksen my\u00f6t\u00e4!<\/p>\r\n\r\n                            <a class=\"getStartedHidden\" href=\"https:\/\/app.talkpal.ai\/fi\/signup?lng=\">Aloita<\/a>\r\n        \r\n    <\/div>\r\n\r\n    <figure>\r\n    <img decoding=\"async\" width=\"768\" height=\"768\" src=\"https:\/\/talkpal.ai\/wp-content\/uploads\/2023\/06\/hungarian-768x768.png\" class=\"languageImage no-lazy\" alt=\"Default alt text\" fetchpriority=\"high\" sizes=\"(max-width: 768px) 150px, 768px\" srcset=\"https:\/\/talkpal.ai\/wp-content\/uploads\/2023\/06\/hungarian-768x768.png 768w, https:\/\/talkpal.ai\/wp-content\/uploads\/2023\/06\/hungarian-300x300.png 300w\" \/>\r\n    \r\n\r\n    <\/figure>\r\n\r\n            <a class=\"getStartedVisible\" href=\"https:\/\/app.talkpal.ai\/fi\/signup?lng=\">Aloita<\/a>\r\n    \r\n<\/section>\r\n\r\n\r\n<!-- <section class=\"grammarSection\">\r\n    <div class=\"grammarLinks\">\r\n        <a href=\"https:\/\/talkpal.ai\/fi\/exercise_language\/adjektiivit-unkarin-kielioppi\/\">Adjektiivit <\/a><a href=\"https:\/\/talkpal.ai\/fi\/exercise_language\/adverbit-unkarin-kielioppi\/\">Adverbit <\/a><a href=\"https:\/\/talkpal.ai\/fi\/exercise_language\/aikamuodot-unkarin-kielioppi\/\">Aikamuodot <\/a><a href=\"https:\/\/talkpal.ai\/fi\/exercise_language\/aikamuotojen-vertailu-unkarin-kielioppi\/\">Aikamuotojen vertailu <\/a><a href=\"https:\/\/talkpal.ai\/fi\/exercise_language\/artikkelit-unkarin-kielioppi\/\">Artikkelit <\/a><a href=\"https:\/\/talkpal.ai\/fi\/exercise_language\/konditionaalit-unkarin-kielioppi\/\">Konditionaalit <\/a><a href=\"https:\/\/talkpal.ai\/fi\/exercise_language\/lauseet-unkarin-kielioppi\/\">Lauseet <\/a><a href=\"https:\/\/talkpal.ai\/fi\/exercise_language\/prepositiot-unkarin-kielioppi\/\">Prepositiot <\/a><a href=\"https:\/\/talkpal.ai\/fi\/exercise_language\/progressiivinen-unkarin-kielioppi\/\">Progressiivinen <\/a><a href=\"https:\/\/talkpal.ai\/fi\/exercise_language\/pronominit-determinerit-unkarin-kielioppi\/\">Pronominit\/Determinerit <\/a><a href=\"https:\/\/talkpal.ai\/fi\/exercise_language\/substantiivit-unkarin-kielioppi\/\">Substantiivit <\/a><a href=\"https:\/\/talkpal.ai\/fi\/exercise_language\/taydellinen-progressiivinen-unkarin-kielioppi\/\">T\u00e4ydellinen progressiivinen <\/a><a href=\"https:\/\/talkpal.ai\/fi\/exercise_language\/verbit-unkarin-kielioppi\/\">Verbit <\/a>    <\/div>\r\n<\/section> -->\r\n\r\n\r\n\r\n\r\n        <section class=\"grammarSection\">\r\n            <div class=\"grammarLinks\">\r\n                <a href=\"https:\/\/talkpal.ai\/fi\/exercise_language\/adjektiivit-unkarin-kielioppi\/\">Adjektiivit <\/a><a href=\"https:\/\/talkpal.ai\/fi\/exercise_language\/adverbit-unkarin-kielioppi\/\">Adverbit <\/a><a href=\"https:\/\/talkpal.ai\/fi\/exercise_language\/aikamuodot-unkarin-kielioppi\/\">Aikamuodot <\/a><a href=\"https:\/\/talkpal.ai\/fi\/exercise_language\/aikamuotojen-vertailu-unkarin-kielioppi\/\">Aikamuotojen vertailu <\/a><a href=\"https:\/\/talkpal.ai\/fi\/exercise_language\/artikkelit-unkarin-kielioppi\/\">Artikkelit <\/a><a href=\"https:\/\/talkpal.ai\/fi\/exercise_language\/konditionaalit-unkarin-kielioppi\/\">Konditionaalit <\/a><a href=\"https:\/\/talkpal.ai\/fi\/exercise_language\/lauseet-unkarin-kielioppi\/\">Lauseet <\/a><a href=\"https:\/\/talkpal.ai\/fi\/exercise_language\/prepositiot-unkarin-kielioppi\/\">Prepositiot <\/a><a href=\"https:\/\/talkpal.ai\/fi\/exercise_language\/progressiivinen-unkarin-kielioppi\/\">Progressiivinen <\/a><a href=\"https:\/\/talkpal.ai\/fi\/exercise_language\/pronominit-determinerit-unkarin-kielioppi\/\">Pronominit\/Determinerit <\/a><a href=\"https:\/\/talkpal.ai\/fi\/exercise_language\/substantiivit-unkarin-kielioppi\/\">Substantiivit <\/a><a href=\"https:\/\/talkpal.ai\/fi\/exercise_language\/taydellinen-progressiivinen-unkarin-kielioppi\/\">T\u00e4ydellinen progressiivinen <\/a><a href=\"https:\/\/talkpal.ai\/fi\/exercise_language\/verbit-unkarin-kielioppi\/\">Verbit <\/a>            <\/div>\r\n        <\/section>\r\n<section class=\"promotionalBanner\">\r\n    <p class=\"promotionalText\">Tehokkain tapa oppia kielt\u00e4<\/p>\r\n    <a class=\"promotionalLink\" href=\"https:\/\/app.talkpal.ai\/fi\/signup?lng=\">Kokeile Talkpal ilmaiseksi<\/a>\r\n<\/section>\n<div class=\"wp-block-group pageContainerStyle\"><div class=\"wp-block-group__inner-container is-layout-constrained wp-block-group-is-layout-constrained\">\n<h2 class=\"wp-block-heading\" id=\"h-hungarian-grammar-topics\">Unkarin kieliopin aiheet<\/h2>\n\n\n\n<p>Uuden <a href=\"https:\/\/talkpal.ai\/fi\/paras-tapa-oppia-2\/\">kielen oppiminen<\/a> voi olla j\u00e4nnitt\u00e4v\u00e4 ja palkitseva kokemus. Se voi kuitenkin olla my\u00f6s melko ylivoimainen, varsinkin kun on kyse kielioppiaiheiden ymm\u00e4rt\u00e4misest\u00e4 ja hallitsemisesta. Hyvin j\u00e4sennelty l\u00e4hestymistapa kieliopin oppimiseen on ratkaisevan t\u00e4rke\u00e4\u00e4 uuden kielen oppimisen onnistumiselle. T\u00e4ss\u00e4 oppaassa olemme ryhmitelleet kielioppiaiheet j\u00e4rjestykseen, joka auttaa sinua oppimaan kielt\u00e4 tehokkaammin. Ymm\u00e4rt\u00e4m\u00e4ll\u00e4 ja hallitsemalla n\u00e4m\u00e4 aiheet olet hyv\u00e4ll\u00e4 tiell\u00e4 kohdekielesi hallitsemiseksi.<\/p>\n\n\n\n<h3 class=\"wp-block-heading\" id=\"h-1-nouns-and-articles\">1. Substantiivit ja artikkelit<\/h3>\n\n\n\n<p>Aloita kieltenoppimismatkasi ymm\u00e4rt\u00e4m\u00e4ll\u00e4 substantiivien ja artikkeleiden perusteet. Substantiivit ovat sanoja, jotka edustavat ihmisi\u00e4, paikkoja, asioita <a href=\"https:\/\/talkpal.ai\/learn-thai\/\">tai<\/a> ideoita. Artikkeleita k\u00e4ytet\u00e4\u00e4n osoittamaan substantiivin spesifisyytt\u00e4. N\u00e4iden oppiminen auttaa sinua muodostamaan yksinkertaisia lauseita ja ymm\u00e4rt\u00e4m\u00e4\u00e4n kielen rakennetta.<\/p>\n\n\n\n<h3 class=\"wp-block-heading\" id=\"h-2-pronouns-determiners\">2. Pronominit \/ m\u00e4\u00e4ritteet<\/h3>\n\n\n\n<p>Pronominit korvaavat substantiivit lauseessa ja auttavat v\u00e4ltt\u00e4m\u00e4\u00e4n toistoa, kun taas m\u00e4\u00e4ritteet antavat tietoa substantiivin m\u00e4\u00e4r\u00e4st\u00e4 tai m\u00e4\u00e4r\u00e4llisyydest\u00e4. N\u00e4iden aiheiden hallitseminen parantaa sujuvuutta ja ymm\u00e4rryst\u00e4.<\/p>\n\n\n\n<h3 class=\"wp-block-heading\" id=\"h-3-adjectives-and-adverbs\">3. Adjektiivit ja adverbit<\/h3>\n\n\n\n<p>Adjektiivit kuvaavat substantiiveja, kun taas <a href=\"https:\/\/talkpal.ai\/fi\/grammar\/paikan-tsekin-kielioppi-adverbit\/\">adverbit<\/a> muuttavat verbej\u00e4, adjektiiveja tai muita adverbeja. Oppimalla n\u00e4m\u00e4 voit lis\u00e4t\u00e4 lauseisiin yksityiskohtia ja selkeytt\u00e4, mik\u00e4 tekee kielitaidostasi ilmeikk\u00e4\u00e4mm\u00e4n ja kiinnostavamman.<\/p>\n\n\n\n<h3 class=\"wp-block-heading\" id=\"h-4-verbs-tenses-and-tense-comparison\">4. Verbit, aikamuodot ja aikamuotojen vertailu<\/h3>\n\n\n\n<p>Verbit v\u00e4litt\u00e4v\u00e4t toimia tai olotiloja, ja aikamuodot osoittavat aikaa, jolloin toiminta tapahtuu. J\u00e4nnittyneen vertailun ymm\u00e4rt\u00e4minen antaa sinun keskustella menneist\u00e4, nykyisist\u00e4 ja tulevista toimista tarkasti.<\/p>\n\n\n\n<h3 class=\"wp-block-heading\" id=\"h-5-progressive-and-perfect-progressive\">5. Progressiivinen ja t\u00e4ydellinen progressiivinen<\/h3>\n\n\n\n<p>Progressiivinen aikamuoto keskittyy k\u00e4ynniss\u00e4 oleviin toimiin, kun taas t\u00e4ydellinen progressiivinen j\u00e4nnitys korostaa toiminnan kestoa tiettyyn ajankohtaan <a href=\"https:\/\/talkpal.ai\/locations\/language-courses-in-asti\/\">asti<\/a>. N\u00e4m\u00e4 aikamuodot parantavat kyky\u00e4si ilmaista monimutkaisia ajatuksia ja ideoita kielell\u00e4.<\/p>\n\n\n\n<h3 class=\"wp-block-heading\" id=\"h-6-conditionals\">6. Konditionaalit<\/h3>\n\n\n\n<p>Konditionaalit kuvaavat hypoteettisia tai mahdollisia tilanteita ja niiden seurauksia. Konditionaalien hallitseminen auttaa sinua ilmaisemaan vivahteikkaampia ja yksityiskohtaisempia ajatuksia kohdekielell\u00e4si.<\/p>\n\n\n\n<h3 class=\"wp-block-heading\" id=\"h-7-prepositions\">7. Prepositiot<\/h3>\n\n\n\n<p><a href=\"https:\/\/talkpal.ai\/fi\/grammar\/kohdan-kannadan-kieliopissa-prepositiot\/\">Prepositiot<\/a> n\u00e4ytt\u00e4v\u00e4t lauseen sanojen v\u00e4liset suhteet, kuten sijainnin, suunnan tai ajan. N\u00e4ill\u00e4 pienill\u00e4 sanoilla on merkitt\u00e4v\u00e4 rooli lauseen merkityksen muotoilussa.<\/p>\n\n\n\n<h3 class=\"wp-block-heading\" id=\"h-8-sentences\">8. Lauseet<\/h3>\n\n\n\n<p>Lopuksi lauserakenteen ymm\u00e4rt\u00e4minen ja kyky rakentaa erityyppisi\u00e4 lauseita on v\u00e4ltt\u00e4m\u00e4t\u00f6nt\u00e4 selke\u00e4lle ja tehokkaalle viestinn\u00e4lle mill\u00e4 tahansa kielell\u00e4. Opi muodostamaan yksinkertaisia, yhdistettyj\u00e4 ja monimutkaisia lauseita ja harjoittele erilaisten lauserakenteiden k\u00e4ytt\u00f6\u00e4 ajatustesi v\u00e4litt\u00e4miseksi tarkasti.<\/p>\n<\/div><\/div>\n\r\n<section class=\"learnNavigationSection\">\r\n            \r\n        <a href=\"https:\/\/talkpal.ai\/fi\/opi-unkaria\/\">\r\n            <div class=\"learnNavigationWrapper\">\r\n                <div class=\"learnNavigationContent\">\r\n                    <img decoding=\"async\" src=\"https:\/\/talkpal.ai\/wp-content\/uploads\/2024\/08\/Hungarian.jpg\" alt=\"Hungarian Flag\">\r\n                    <div>\r\n                        <h4>Tietoja unkarilaisesta oppimisesta<\/h4>\r\n                        <p>Tutustu unkarin kielioppiin.<\/p>\r\n                    <\/div>\r\n                <\/div>\r\n            <\/div>\r\n        <\/a>\r\n\r\n        \r\n        <a href=\"https:\/\/talkpal.ai\/fi\/unkarin-kielioppi\/\">\r\n            <div class=\"learnNavigationWrapper\">\r\n                <div class=\"learnNavigationContent\">\r\n                    <img decoding=\"async\" src=\"https:\/\/talkpal.ai\/wp-content\/uploads\/2024\/08\/Hungarian.jpg\" alt=\"Hungarian Flag\">\r\n                    <div>\r\n                        <h4>Unkarin kielioppitunnit<\/h4>\r\n                        <p>Harjoittele unkarin kielioppia.<\/p>\r\n                    <\/div>\r\n                <\/div>\r\n            <\/div>\r\n        <\/a>\r\n\r\n        \r\n        <a href=\"https:\/\/talkpal.ai\/vocabulary_language\/hungarian\/\">\r\n            <div class=\"learnNavigationWrapper\">\r\n                <div class=\"learnNavigationContent\">\r\n                    <img decoding=\"async\" src=\"https:\/\/talkpal.ai\/wp-content\/uploads\/2024\/08\/Hungarian.jpg\" alt=\"Hungarian Flag\">\r\n                    <div>\r\n                        <h4>Unkarin sanastoa<\/h4>\r\n                        <p>Laajenna unkarilaista sanavarastoasi.<\/p>\r\n                    <\/div>\r\n                <\/div>\r\n            <\/div>\r\n        <\/a>\r\n\r\n            <\/section>","protected":false},"excerpt":{"rendered":"<p>Unkarin kieliopin aiheet Uuden kielen oppiminen voi olla j\u00e4nnitt\u00e4v\u00e4 ja palkitseva kokemus. Se voi kuitenkin olla my\u00f6s melko ylivoimainen, varsinkin kun on kyse kielioppiaiheiden ymm\u00e4rt\u00e4misest\u00e4 ja hallitsemisesta. Hyvin j\u00e4sennelty l\u00e4hestymistapa kieliopin oppimiseen on ratkaisevan t\u00e4rke\u00e4\u00e4 uuden kielen oppimisen onnistumiselle. T\u00e4ss\u00e4 oppaassa olemme ryhmitelleet kielioppiaiheet j\u00e4rjestykseen, joka auttaa sinua oppimaan kielt\u00e4 tehokkaammin. Ymm\u00e4rt\u00e4m\u00e4ll\u00e4 ja hallitsemalla n\u00e4m\u00e4 [&hellip;]<\/p>\n","protected":false},"author":6,"featured_media":28347,"parent":0,"menu_order":0,"comment_status":"closed","ping_status":"closed","template":"LearningContentPage.php","meta":{"_acf_changed":false,"footnotes":""},"class_list":["post-161957","page","type-page","status-publish","has-post-thumbnail","hentry"],"acf":[],"yoast_head":"<!-- This site is optimized with the Yoast SEO Premium plugin v27.2 (Yoast SEO v27.2) - https:\/\/yoast.com\/product\/yoast-seo-premium-wordpress\/ -->\n<title>Unkarin kielioppiharjoitukset - Talkpal<\/title>\n<meta name=\"description\" content=\"Paranna unkarin kielioppitaitojasi helposti - suorita k\u00e4yt\u00e4nn\u00f6n harjoituksia, interaktiivista harjoittelua ja saat henkil\u00f6kohtaista palautetta.\" \/>\n<meta name=\"robots\" content=\"index, follow, max-snippet:-1, max-image-preview:large, max-video-preview:-1\" \/>\n<link rel=\"canonical\" href=\"https:\/\/talkpal.ai\/fi\/unkarin-kielioppiharjoitukset\/\" \/>\n<meta property=\"og:locale\" content=\"fi_FI\" \/>\n<meta property=\"og:type\" content=\"article\" \/>\n<meta property=\"og:title\" content=\"Unkarin kielioppiharjoitukset\" \/>\n<meta property=\"og:description\" content=\"Unkarin kieliopin aiheet Uuden kielen oppiminen voi olla j\u00e4nnitt\u00e4v\u00e4 ja palkitseva kokemus. Se voi kuitenkin olla my\u00f6s melko ylivoimainen, varsinkin kun on\" \/>\n<meta property=\"og:url\" content=\"https:\/\/talkpal.ai\/fi\/unkarin-kielioppiharjoitukset\/\" \/>\n<meta property=\"og:site_name\" content=\"Talkpal\" \/>\n<meta property=\"article:publisher\" content=\"https:\/\/www.facebook.com\/profile.php?id=100090733639311\" \/>\n<meta property=\"article:modified_time\" content=\"2025-12-17T16:07:21+00:00\" \/>\n<meta property=\"og:image\" content=\"https:\/\/talkpal.ai\/wp-content\/uploads\/2023\/05\/Hungarian.png\" \/>\n\t<meta property=\"og:image:width\" content=\"512\" \/>\n\t<meta property=\"og:image:height\" content=\"512\" \/>\n\t<meta property=\"og:image:type\" content=\"image\/png\" \/>\n<meta name=\"twitter:card\" content=\"summary_large_image\" \/>\n<meta name=\"twitter:site\" content=\"@talkpalai\" \/>\n<meta name=\"twitter:label1\" content=\"Arvioitu lukuaika\" \/>\n\t<meta name=\"twitter:data1\" content=\"2 minuuttia\" \/>\n<script type=\"application\/ld+json\" class=\"yoast-schema-graph\">{\"@context\":\"https:\/\/schema.org\",\"@graph\":[{\"@type\":\"WebPage\",\"@id\":\"https:\/\/talkpal.ai\/fi\/unkarin-kielioppiharjoitukset\/\",\"url\":\"https:\/\/talkpal.ai\/fi\/unkarin-kielioppiharjoitukset\/\",\"name\":\"Unkarin kielioppiharjoitukset - Talkpal\",\"isPartOf\":{\"@id\":\"https:\/\/talkpal.ai\/fi\/#website\"},\"primaryImageOfPage\":{\"@id\":\"https:\/\/talkpal.ai\/fi\/unkarin-kielioppiharjoitukset\/#primaryimage\"},\"image\":{\"@id\":\"https:\/\/talkpal.ai\/fi\/unkarin-kielioppiharjoitukset\/#primaryimage\"},\"thumbnailUrl\":\"https:\/\/talkpal.ai\/wp-content\/uploads\/2023\/05\/Hungarian.png\",\"datePublished\":\"2023-06-21T14:29:48+00:00\",\"dateModified\":\"2025-12-17T16:07:21+00:00\",\"description\":\"Paranna unkarin kielioppitaitojasi helposti - suorita k\u00e4yt\u00e4nn\u00f6n harjoituksia, interaktiivista harjoittelua ja saat henkil\u00f6kohtaista palautetta.\",\"breadcrumb\":{\"@id\":\"https:\/\/talkpal.ai\/fi\/unkarin-kielioppiharjoitukset\/#breadcrumb\"},\"inLanguage\":\"fi\",\"potentialAction\":[{\"@type\":\"ReadAction\",\"target\":[\"https:\/\/talkpal.ai\/fi\/unkarin-kielioppiharjoitukset\/\"]}]},{\"@type\":\"ImageObject\",\"inLanguage\":\"fi\",\"@id\":\"https:\/\/talkpal.ai\/fi\/unkarin-kielioppiharjoitukset\/#primaryimage\",\"url\":\"https:\/\/talkpal.ai\/wp-content\/uploads\/2023\/05\/Hungarian.png\",\"contentUrl\":\"https:\/\/talkpal.ai\/wp-content\/uploads\/2023\/05\/Hungarian.png\",\"width\":512,\"height\":512},{\"@type\":\"BreadcrumbList\",\"@id\":\"https:\/\/talkpal.ai\/fi\/unkarin-kielioppiharjoitukset\/#breadcrumb\",\"itemListElement\":[{\"@type\":\"ListItem\",\"position\":1,\"name\":\"Homepage\",\"item\":\"https:\/\/talkpal.ai\/fi\/\"},{\"@type\":\"ListItem\",\"position\":2,\"name\":\"Unkarin kielioppiharjoitukset\"}]},{\"@type\":\"WebSite\",\"@id\":\"https:\/\/talkpal.ai\/fi\/#website\",\"url\":\"https:\/\/talkpal.ai\/fi\/\",\"name\":\"Talkpal\",\"description\":\"AI Language Learning\",\"publisher\":{\"@id\":\"https:\/\/talkpal.ai\/fi\/#organization\"},\"alternateName\":\"Talkpal AI\",\"potentialAction\":[{\"@type\":\"SearchAction\",\"target\":{\"@type\":\"EntryPoint\",\"urlTemplate\":\"https:\/\/talkpal.ai\/fi\/?s={search_term_string}\"},\"query-input\":{\"@type\":\"PropertyValueSpecification\",\"valueRequired\":true,\"valueName\":\"search_term_string\"}}],\"inLanguage\":\"fi\"},{\"@type\":\"Organization\",\"@id\":\"https:\/\/talkpal.ai\/fi\/#organization\",\"name\":\"Talkpal, Inc.\",\"alternateName\":\"Talkpal AI\",\"url\":\"https:\/\/talkpal.ai\/fi\/\",\"logo\":{\"@type\":\"ImageObject\",\"inLanguage\":\"fi\",\"@id\":\"https:\/\/talkpal.ai\/fi\/#\/schema\/logo\/image\/\",\"url\":\"https:\/\/talkpal.ai\/wp-content\/uploads\/2024\/03\/Talkpal-Logo-Icon.png\",\"contentUrl\":\"https:\/\/talkpal.ai\/wp-content\/uploads\/2024\/03\/Talkpal-Logo-Icon.png\",\"width\":2880,\"height\":2880,\"caption\":\"Talkpal, Inc.\"},\"image\":{\"@id\":\"https:\/\/talkpal.ai\/fi\/#\/schema\/logo\/image\/\"},\"sameAs\":[\"https:\/\/www.facebook.com\/profile.php?id=100090733639311\",\"https:\/\/x.com\/talkpalai\",\"https:\/\/www.linkedin.com\/company\/talkpal\/\",\"https:\/\/www.youtube.com\/@TalkPal\/\",\"https:\/\/www.tiktok.com\/@talkpal\",\"https:\/\/www.instagram.com\/talkpal_ai\/\",\"https:\/\/www.crunchbase.com\/organization\/talkpal-9cde\",\"https:\/\/www.g2.com\/products\/talkpal-for-business\/\",\"https:\/\/www.trustpilot.com\/review\/talkpal.ai\",\"https:\/\/www.capterra.com\/p\/10006800\/TalkPal\/\"],\"description\":\"Talkpal is a language learning web and mobile education app, powered by the latest AI technologies, that provides engaging experiences to its customers in many different languages to help them improve their language skills. Users can chat about unlimited amount of topics with the app and use other modes to practice their language learning.\",\"email\":\"support@talkpal.ai\",\"legalName\":\"Talkpal, Inc.\",\"foundingDate\":\"2023-04-03\",\"duns\":\"118989042\",\"numberOfEmployees\":{\"@type\":\"QuantitativeValue\",\"minValue\":\"11\",\"maxValue\":\"50\"},\"publishingPrinciples\":\"https:\/\/talkpal.ai\/publishing-principles\/\",\"actionableFeedbackPolicy\":\"https:\/\/talkpal.ai\/actionable-feedback-policy\/\",\"correctionsPolicy\":\"https:\/\/talkpal.ai\/corrections-policy\/\",\"ethicsPolicy\":\"https:\/\/talkpal.ai\/ethics-policy\/\",\"diversityPolicy\":\"https:\/\/talkpal.ai\/diversity-policy\/\",\"diversityStaffingReport\":\"https:\/\/talkpal.ai\/diversity-policy\/\"}]}<\/script>\n<!-- \/ Yoast SEO Premium plugin. -->","yoast_head_json":{"title":"Unkarin kielioppiharjoitukset - Talkpal","description":"Paranna unkarin kielioppitaitojasi helposti - suorita k\u00e4yt\u00e4nn\u00f6n harjoituksia, interaktiivista harjoittelua ja saat henkil\u00f6kohtaista palautetta.","robots":{"index":"index","follow":"follow","max-snippet":"max-snippet:-1","max-image-preview":"max-image-preview:large","max-video-preview":"max-video-preview:-1"},"canonical":"https:\/\/talkpal.ai\/fi\/unkarin-kielioppiharjoitukset\/","og_locale":"fi_FI","og_type":"article","og_title":"Unkarin kielioppiharjoitukset","og_description":"Unkarin kieliopin aiheet Uuden kielen oppiminen voi olla j\u00e4nnitt\u00e4v\u00e4 ja palkitseva kokemus. Se voi kuitenkin olla my\u00f6s melko ylivoimainen, varsinkin kun on","og_url":"https:\/\/talkpal.ai\/fi\/unkarin-kielioppiharjoitukset\/","og_site_name":"Talkpal","article_publisher":"https:\/\/www.facebook.com\/profile.php?id=100090733639311","article_modified_time":"2025-12-17T16:07:21+00:00","og_image":[{"width":512,"height":512,"url":"https:\/\/talkpal.ai\/wp-content\/uploads\/2023\/05\/Hungarian.png","type":"image\/png"}],"twitter_card":"summary_large_image","twitter_site":"@talkpalai","twitter_misc":{"Arvioitu lukuaika":"2 minuuttia"},"schema":{"@context":"https:\/\/schema.org","@graph":[{"@type":"WebPage","@id":"https:\/\/talkpal.ai\/fi\/unkarin-kielioppiharjoitukset\/","url":"https:\/\/talkpal.ai\/fi\/unkarin-kielioppiharjoitukset\/","name":"Unkarin kielioppiharjoitukset - Talkpal","isPartOf":{"@id":"https:\/\/talkpal.ai\/fi\/#website"},"primaryImageOfPage":{"@id":"https:\/\/talkpal.ai\/fi\/unkarin-kielioppiharjoitukset\/#primaryimage"},"image":{"@id":"https:\/\/talkpal.ai\/fi\/unkarin-kielioppiharjoitukset\/#primaryimage"},"thumbnailUrl":"https:\/\/talkpal.ai\/wp-content\/uploads\/2023\/05\/Hungarian.png","datePublished":"2023-06-21T14:29:48+00:00","dateModified":"2025-12-17T16:07:21+00:00","description":"Paranna unkarin kielioppitaitojasi helposti - suorita k\u00e4yt\u00e4nn\u00f6n harjoituksia, interaktiivista harjoittelua ja saat henkil\u00f6kohtaista palautetta.","breadcrumb":{"@id":"https:\/\/talkpal.ai\/fi\/unkarin-kielioppiharjoitukset\/#breadcrumb"},"inLanguage":"fi","potentialAction":[{"@type":"ReadAction","target":["https:\/\/talkpal.ai\/fi\/unkarin-kielioppiharjoitukset\/"]}]},{"@type":"ImageObject","inLanguage":"fi","@id":"https:\/\/talkpal.ai\/fi\/unkarin-kielioppiharjoitukset\/#primaryimage","url":"https:\/\/talkpal.ai\/wp-content\/uploads\/2023\/05\/Hungarian.png","contentUrl":"https:\/\/talkpal.ai\/wp-content\/uploads\/2023\/05\/Hungarian.png","width":512,"height":512},{"@type":"BreadcrumbList","@id":"https:\/\/talkpal.ai\/fi\/unkarin-kielioppiharjoitukset\/#breadcrumb","itemListElement":[{"@type":"ListItem","position":1,"name":"Homepage","item":"https:\/\/talkpal.ai\/fi\/"},{"@type":"ListItem","position":2,"name":"Unkarin kielioppiharjoitukset"}]},{"@type":"WebSite","@id":"https:\/\/talkpal.ai\/fi\/#website","url":"https:\/\/talkpal.ai\/fi\/","name":"Talkpal","description":"AI Language Learning","publisher":{"@id":"https:\/\/talkpal.ai\/fi\/#organization"},"alternateName":"Talkpal AI","potentialAction":[{"@type":"SearchAction","target":{"@type":"EntryPoint","urlTemplate":"https:\/\/talkpal.ai\/fi\/?s={search_term_string}"},"query-input":{"@type":"PropertyValueSpecification","valueRequired":true,"valueName":"search_term_string"}}],"inLanguage":"fi"},{"@type":"Organization","@id":"https:\/\/talkpal.ai\/fi\/#organization","name":"Talkpal, Inc.","alternateName":"Talkpal AI","url":"https:\/\/talkpal.ai\/fi\/","logo":{"@type":"ImageObject","inLanguage":"fi","@id":"https:\/\/talkpal.ai\/fi\/#\/schema\/logo\/image\/","url":"https:\/\/talkpal.ai\/wp-content\/uploads\/2024\/03\/Talkpal-Logo-Icon.png","contentUrl":"https:\/\/talkpal.ai\/wp-content\/uploads\/2024\/03\/Talkpal-Logo-Icon.png","width":2880,"height":2880,"caption":"Talkpal, Inc."},"image":{"@id":"https:\/\/talkpal.ai\/fi\/#\/schema\/logo\/image\/"},"sameAs":["https:\/\/www.facebook.com\/profile.php?id=100090733639311","https:\/\/x.com\/talkpalai","https:\/\/www.linkedin.com\/company\/talkpal\/","https:\/\/www.youtube.com\/@TalkPal\/","https:\/\/www.tiktok.com\/@talkpal","https:\/\/www.instagram.com\/talkpal_ai\/","https:\/\/www.crunchbase.com\/organization\/talkpal-9cde","https:\/\/www.g2.com\/products\/talkpal-for-business\/","https:\/\/www.trustpilot.com\/review\/talkpal.ai","https:\/\/www.capterra.com\/p\/10006800\/TalkPal\/"],"description":"Talkpal is a language learning web and mobile education app, powered by the latest AI technologies, that provides engaging experiences to its customers in many different languages to help them improve their language skills. Users can chat about unlimited amount of topics with the app and use other modes to practice their language learning.","email":"support@talkpal.ai","legalName":"Talkpal, Inc.","foundingDate":"2023-04-03","duns":"118989042","numberOfEmployees":{"@type":"QuantitativeValue","minValue":"11","maxValue":"50"},"publishingPrinciples":"https:\/\/talkpal.ai\/publishing-principles\/","actionableFeedbackPolicy":"https:\/\/talkpal.ai\/actionable-feedback-policy\/","correctionsPolicy":"https:\/\/talkpal.ai\/corrections-policy\/","ethicsPolicy":"https:\/\/talkpal.ai\/ethics-policy\/","diversityPolicy":"https:\/\/talkpal.ai\/diversity-policy\/","diversityStaffingReport":"https:\/\/talkpal.ai\/diversity-policy\/"}]}},"_links":{"self":[{"href":"https:\/\/talkpal.ai\/fi\/wp-json\/wp\/v2\/pages\/161957","targetHints":{"allow":["GET"]}}],"collection":[{"href":"https:\/\/talkpal.ai\/fi\/wp-json\/wp\/v2\/pages"}],"about":[{"href":"https:\/\/talkpal.ai\/fi\/wp-json\/wp\/v2\/types\/page"}],"author":[{"embeddable":true,"href":"https:\/\/talkpal.ai\/fi\/wp-json\/wp\/v2\/users\/6"}],"replies":[{"embeddable":true,"href":"https:\/\/talkpal.ai\/fi\/wp-json\/wp\/v2\/comments?post=161957"}],"version-history":[{"count":0,"href":"https:\/\/talkpal.ai\/fi\/wp-json\/wp\/v2\/pages\/161957\/revisions"}],"wp:featuredmedia":[{"embeddable":true,"href":"https:\/\/talkpal.ai\/fi\/wp-json\/wp\/v2\/media\/28347"}],"wp:attachment":[{"href":"https:\/\/talkpal.ai\/fi\/wp-json\/wp\/v2\/media?parent=161957"}],"curies":[{"name":"wp","href":"https:\/\/api.w.org\/{rel}","templated":true}]}}