{"id":161049,"date":"2023-06-22T07:53:19","date_gmt":"2023-06-22T07:53:19","guid":{"rendered":"http:\/\/talkpal.ai\/kannadan-kielioppiharjoitukset\/"},"modified":"2025-12-17T15:10:49","modified_gmt":"2025-12-17T15:10:49","slug":"kannadan-kielioppiharjoitukset","status":"publish","type":"page","link":"https:\/\/talkpal.ai\/fi\/kannadan-kielioppiharjoitukset\/","title":{"rendered":"Kannadan kielioppiharjoitukset"},"content":{"rendered":"\r\n\r\n\r\n<section class=\"languageChallengeSection\">\r\n    <div class=\"languageInfoWrapper\">\r\n        \r\n        <h1>Kannadan kielioppiharjoitukset<\/h1>\r\n        <p>Haluatko parantaa kannada-taitojasi? Kielioppiharjoitukset ovat hyv\u00e4 tapa oppia lauserakennetta, verbimuotoja ja kannadan kielen erityispiirteit\u00e4. Aloita Kannadan kieliopin harjoittelu jo t\u00e4n\u00e4\u00e4n ja n\u00e4e itsevarmuutesi ja sujuvuutesi kasvavan jokaisen uuden harjoituksen my\u00f6t\u00e4!<\/p>\r\n\r\n                            <a class=\"getStartedHidden\" href=\"https:\/\/app.talkpal.ai\/fi\/signup?lng=\">Aloita<\/a>\r\n        \r\n    <\/div>\r\n\r\n    <figure>\r\n    <img decoding=\"async\" width=\"768\" height=\"768\" src=\"https:\/\/talkpal.ai\/wp-content\/uploads\/2023\/06\/Kannada-768x768.png\" class=\"languageImage no-lazy\" alt=\"Default alt text\" fetchpriority=\"high\" sizes=\"(max-width: 768px) 150px, 768px\" srcset=\"https:\/\/talkpal.ai\/wp-content\/uploads\/2023\/06\/Kannada-768x768.png 768w, https:\/\/talkpal.ai\/wp-content\/uploads\/2023\/06\/Kannada-300x300.png 300w\" \/>\r\n    \r\n\r\n    <\/figure>\r\n\r\n            <a class=\"getStartedVisible\" href=\"https:\/\/app.talkpal.ai\/fi\/signup?lng=\">Aloita<\/a>\r\n    \r\n<\/section>\r\n\r\n\r\n<!-- <section class=\"grammarSection\">\r\n    <div class=\"grammarLinks\">\r\n        <a href=\"https:\/\/talkpal.ai\/fi\/exercise_language\/adjektiivit-kannadan-kielioppi\/\">Adjektiivit <\/a><a href=\"https:\/\/talkpal.ai\/fi\/exercise_language\/adverbit-kannadan-kielioppi\/\">Adverbit <\/a><a href=\"https:\/\/talkpal.ai\/fi\/exercise_language\/aikamuodot-kannadan-kielioppi\/\">Aikamuodot <\/a><a href=\"https:\/\/talkpal.ai\/fi\/exercise_language\/aikamuotojen-vertailu-kannadan-kielioppi\/\">Aikamuotojen vertailu <\/a><a href=\"https:\/\/talkpal.ai\/fi\/exercise_language\/artikkelit-kannadan-kielioppi\/\">Artikkelit <\/a><a href=\"https:\/\/talkpal.ai\/fi\/exercise_language\/konditionaalit-kannadan-kielioppi\/\">Konditionaalit <\/a><a href=\"https:\/\/talkpal.ai\/fi\/exercise_language\/lauseet-kannadan-kielioppi\/\">Lauseet <\/a><a href=\"https:\/\/talkpal.ai\/fi\/exercise_language\/prepositiot-kannadan-kielioppi\/\">Prepositiot <\/a><a href=\"https:\/\/talkpal.ai\/fi\/exercise_language\/progressiivinen-kannadan-kielioppi\/\">Progressiivinen <\/a><a href=\"https:\/\/talkpal.ai\/fi\/exercise_language\/pronominit-determinerit-kannadan-kielioppi\/\">Pronominit\/Determinerit <\/a><a href=\"https:\/\/talkpal.ai\/fi\/exercise_language\/substantiivit-kannadan-kielioppi\/\">Substantiivit <\/a><a href=\"https:\/\/talkpal.ai\/fi\/exercise_language\/taydellinen-progressiivinen-kannadan-kielioppi\/\">T\u00e4ydellinen progressiivinen <\/a><a href=\"https:\/\/talkpal.ai\/fi\/exercise_language\/verbit-kannadan-kielioppi\/\">Verbit <\/a>    <\/div>\r\n<\/section> -->\r\n\r\n\r\n\r\n\r\n        <section class=\"grammarSection\">\r\n            <div class=\"grammarLinks\">\r\n                <a href=\"https:\/\/talkpal.ai\/fi\/exercise_language\/adjektiivit-kannadan-kielioppi\/\">Adjektiivit <\/a><a href=\"https:\/\/talkpal.ai\/fi\/exercise_language\/adverbit-kannadan-kielioppi\/\">Adverbit <\/a><a href=\"https:\/\/talkpal.ai\/fi\/exercise_language\/aikamuodot-kannadan-kielioppi\/\">Aikamuodot <\/a><a href=\"https:\/\/talkpal.ai\/fi\/exercise_language\/aikamuotojen-vertailu-kannadan-kielioppi\/\">Aikamuotojen vertailu <\/a><a href=\"https:\/\/talkpal.ai\/fi\/exercise_language\/artikkelit-kannadan-kielioppi\/\">Artikkelit <\/a><a href=\"https:\/\/talkpal.ai\/fi\/exercise_language\/konditionaalit-kannadan-kielioppi\/\">Konditionaalit <\/a><a href=\"https:\/\/talkpal.ai\/fi\/exercise_language\/lauseet-kannadan-kielioppi\/\">Lauseet <\/a><a href=\"https:\/\/talkpal.ai\/fi\/exercise_language\/prepositiot-kannadan-kielioppi\/\">Prepositiot <\/a><a href=\"https:\/\/talkpal.ai\/fi\/exercise_language\/progressiivinen-kannadan-kielioppi\/\">Progressiivinen <\/a><a href=\"https:\/\/talkpal.ai\/fi\/exercise_language\/pronominit-determinerit-kannadan-kielioppi\/\">Pronominit\/Determinerit <\/a><a href=\"https:\/\/talkpal.ai\/fi\/exercise_language\/substantiivit-kannadan-kielioppi\/\">Substantiivit <\/a><a href=\"https:\/\/talkpal.ai\/fi\/exercise_language\/taydellinen-progressiivinen-kannadan-kielioppi\/\">T\u00e4ydellinen progressiivinen <\/a><a href=\"https:\/\/talkpal.ai\/fi\/exercise_language\/verbit-kannadan-kielioppi\/\">Verbit <\/a>            <\/div>\r\n        <\/section>\r\n<section class=\"promotionalBanner\">\r\n    <p class=\"promotionalText\">Tehokkain tapa oppia kielt\u00e4<\/p>\r\n    <a class=\"promotionalLink\" href=\"https:\/\/app.talkpal.ai\/fi\/signup?lng=\">Kokeile Talkpal ilmaiseksi<\/a>\r\n<\/section>\n<div class=\"wp-block-group pageContainerStyle\"><div class=\"wp-block-group__inner-container is-layout-constrained wp-block-group-is-layout-constrained\">\n<h2 class=\"wp-block-heading\" id=\"h-kannada-grammar-topics\">Kannadan kieliopin aiheet<\/h2>\n\n\n\n<p><a href=\"https:\/\/talkpal.ai\/learn-kannada\/\">Kannada<\/a> on dravidakieli, jota puhuu p\u00e4\u00e4asiassa Intian Karnatakan osavaltiossa noin 44 miljoonaa ihmist\u00e4. Se on yksi Intian 22 suunnitellusta kielest\u00e4 ja Karnatakan osavaltion virallinen kieli. Kannadan oppiminen ei ole v\u00e4ltt\u00e4m\u00e4t\u00f6nt\u00e4 vain Karnatakan rikkaan kulttuurin ja historian ymm\u00e4rt\u00e4miseksi, vaan se auttaa my\u00f6s tehokkaassa viestinn\u00e4ss\u00e4 paikallisen v\u00e4est\u00f6n kanssa. T\u00e4m\u00e4n artikkelin tarkoituksena on tarjota j\u00e4sennelty l\u00e4hestymistapa erilaisten kannada-kielioppiaiheiden oppimiseen, mik\u00e4 auttaa sinua rakentamaan vahvan perustan kielelle.<\/p>\n\n\n\n<h3 class=\"wp-block-heading\" id=\"h-1-nouns\">1. Substantiivit<\/h3>\n\n\n\n<p>Mink\u00e4 tahansa kielen rakennuspalikoina kannadan substantiivit ovat v\u00e4ltt\u00e4m\u00e4tt\u00f6mi\u00e4 oppia ensin. Kannada-substantiiveilla on erilaisia muotoja, jotka perustuvat sukupuoleen, numeroon ja tapaukseen, jotka vaikuttavat substantiivin muotoon. Aloita ymm\u00e4rt\u00e4m\u00e4ll\u00e4 substantiivimuotojen perusk\u00e4sitteet ja niiden k\u00e4ytt\u00f6 kielell\u00e4.<\/p>\n\n\n\n<h3 class=\"wp-block-heading\" id=\"h-2-pronouns-determiners\">2. Pronominit \/ m\u00e4\u00e4ritteet<\/h3>\n\n\n\n<p>Pronominit ovat sanoja, jotka korvaavat substantiivit lauseissa, kun taas m\u00e4\u00e4ritteet muokkaavat substantiiveja. Tutustu kannadan erityyppisiin pronomineihin ja m\u00e4\u00e4ritteisiin, niiden k\u00e4ytt\u00f6\u00f6n ja siihen, miten ne muuttuvat sukupuolen, numeron ja tapauksen mukaan.<\/p>\n\n\n\n<h3 class=\"wp-block-heading\" id=\"h-3-articles\">3. Artikkelit<\/h3>\n\n\n\n<p>Kannadassa ei ole artikkeleita kuten englannissa, mutta siin\u00e4 on samankaltaisia sanoja, jotka auttavat m\u00e4\u00e4rittelem\u00e4\u00e4n substantiivin m\u00e4\u00e4ritteellisyytt\u00e4. Tutustu n\u00e4ihin sanoihin ja niiden k\u00e4ytt\u00f6\u00f6n kannadassa.<\/p>\n\n\n\n<h3 class=\"wp-block-heading\" id=\"h-4-adjectives\">4. Adjektiivit<\/h3>\n\n\n\n<p>Adjektiivit kuvaavat substantiiveja ja antavat niist\u00e4 lis\u00e4tietoja. Opi muodostamaan ja k\u00e4ytt\u00e4m\u00e4\u00e4n adjektiiveja kannadaksi sek\u00e4 niiden sopimuss\u00e4\u00e4nt\u00f6j\u00e4 substantiivien kanssa.<\/p>\n\n\n\n<h3 class=\"wp-block-heading\" id=\"h-5-verbs\">5. Verbit<\/h3>\n\n\n\n<p>Verbit ovat toimintasanoja, jotka osoittavat, mit\u00e4 kohde tekee. Tutustu kannadan erityyppisiin verbeihin, niiden muotoihin ja taivutuss\u00e4\u00e4nt\u00f6ihin, jotka perustuvat aikamuotoon, n\u00e4k\u00f6kulmaan ja mielialaan.<\/p>\n\n\n\n<h3 class=\"wp-block-heading\" id=\"h-6-tenses\">6. J\u00e4nnitykset<\/h3>\n\n\n\n<p>Kannadan j\u00e4nnitykset auttavat ilmaisemaan, milloin toiminta tapahtui. Tutustu kolmeen p\u00e4\u00e4aikamuotoon &#8211; menneeseen, nykyhetkeen ja tulevaan &#8211; ja niiden eri muotoihin.<\/p>\n\n\n\n<h3 class=\"wp-block-heading\" id=\"h-7-tense-comparison\">7. J\u00e4nnittynyt vertailu<\/h3>\n\n\n\n<p>Ymm\u00e4rr\u00e4, miten voit verrata toimia kannadan eri aikoina. T\u00e4m\u00e4 auttaa sinua rakentamaan monimutkaisempia lauseita ja ilmaisemaan ajatuksiasi tarkemmin.<\/p>\n\n\n\n<h3 class=\"wp-block-heading\" id=\"h-8-progressive-and-perfect-progressive\">8. Progressiivinen ja t\u00e4ydellinen progressiivinen<\/h3>\n\n\n\n<p>N\u00e4m\u00e4 kannada-verbien n\u00e4k\u00f6kohdat osoittavat k\u00e4ynniss\u00e4 olevia toimia <a href=\"https:\/\/talkpal.ai\/learn-thai\/\">tai<\/a> toimia, jotka olivat k\u00e4ynniss\u00e4, mutta ovat nyt valmiita. Opi muodostamaan ja k\u00e4ytt\u00e4m\u00e4\u00e4n progressiivisia ja t\u00e4ydellisi\u00e4 progressiivisia verbej\u00e4 kannadassa.<\/p>\n\n\n\n<h3 class=\"wp-block-heading\" id=\"h-9-adverbs\">9. Adverbit<\/h3>\n\n\n\n<p><a href=\"https:\/\/talkpal.ai\/fi\/grammar\/paikan-tsekin-kielioppi-adverbit\/\">Adverbit<\/a> antavat lis\u00e4tietoja verbeist\u00e4, adjektiiveista tai muista adverbeista. Opi kannadan erityyppisi\u00e4 adverbeja ja niiden sijoittamista lauseisiin.<\/p>\n\n\n\n<h3 class=\"wp-block-heading\" id=\"h-10-conditionals\">10. Konditionaalit<\/h3>\n\n\n\n<p>Konditionaalit ovat lauseita, jotka ilmaisevat ehdon ja sen mahdollisen tuloksen. Opi muodostamaan ja k\u00e4ytt\u00e4m\u00e4\u00e4n ehdollisia lauseita kannadassa k\u00e4ytt\u00e4m\u00e4ll\u00e4 sopivia verbimuotoja ja konjunktioita.<\/p>\n\n\n\n<h3 class=\"wp-block-heading\" id=\"h-11-prepositions\">11. Prepositiot<\/h3>\n\n\n\n<p><a href=\"https:\/\/talkpal.ai\/fi\/grammar\/kohdan-kannadan-kieliopissa-prepositiot\/\">Prepositiot<\/a> ovat sanoja, jotka osoittavat substantiivien tai pronominien ja muiden lauseen sanojen v\u00e4lisi\u00e4 suhteita. Opi yleiset kannada-prepositiot ja niiden k\u00e4ytt\u00f6.<\/p>\n\n\n\n<h3 class=\"wp-block-heading\" id=\"h-12-sentences\">12. Lauseet<\/h3>\n\n\n\n<p>Harjoittele lopuksi kaikkien oppimiesi kielioppiasioiden yhdist\u00e4mist\u00e4 t\u00e4ydellisiksi lauseiksi kannadaksi. T\u00e4m\u00e4 auttaa sinua parantamaan yleist\u00e4 kielitaitoasi ja viestint\u00e4taitojasi.<\/p>\n<\/div><\/div>\n\r\n<section class=\"learnNavigationSection\">\r\n            \r\n        <a href=\"https:\/\/talkpal.ai\/fi\/opi-kannada\/\">\r\n            <div class=\"learnNavigationWrapper\">\r\n                <div class=\"learnNavigationContent\">\r\n                    <img decoding=\"async\" src=\"https:\/\/talkpal.ai\/wp-content\/uploads\/2024\/08\/Kannada.jpg\" alt=\"Indian Simplified Flag\">\r\n                    <div>\r\n                        <h4>Tietoa Kannada Learningista<\/h4>\r\n                        <p>Lue kaikki Kannadan kieliopista.<\/p>\r\n                    <\/div>\r\n                <\/div>\r\n            <\/div>\r\n        <\/a>\r\n\r\n        \r\n        <a href=\"https:\/\/talkpal.ai\/fi\/kannadan-kielioppi\/\">\r\n            <div class=\"learnNavigationWrapper\">\r\n                <div class=\"learnNavigationContent\">\r\n                    <img decoding=\"async\" src=\"https:\/\/talkpal.ai\/wp-content\/uploads\/2024\/08\/Kannada.jpg\" alt=\"Indian Simplified Flag\">\r\n                    <div>\r\n                        <h4>Kannadan kielioppitunnit<\/h4>\r\n                        <p>Harjoittele kannadan kielioppia.<\/p>\r\n                    <\/div>\r\n                <\/div>\r\n            <\/div>\r\n        <\/a>\r\n\r\n        \r\n        <a href=\"https:\/\/talkpal.ai\/vocabulary_language\/kannada\/\">\r\n            <div class=\"learnNavigationWrapper\">\r\n                <div class=\"learnNavigationContent\">\r\n                    <img decoding=\"async\" src=\"https:\/\/talkpal.ai\/wp-content\/uploads\/2024\/08\/Kannada.jpg\" alt=\"Indian Simplified Flag\">\r\n                    <div>\r\n                        <h4>Kannadan sanasto<\/h4>\r\n                        <p>Laajenna kannada-sanastoa.<\/p>\r\n                    <\/div>\r\n                <\/div>\r\n            <\/div>\r\n        <\/a>\r\n\r\n            <\/section>","protected":false},"excerpt":{"rendered":"<p>Kannadan kieliopin aiheet Kannada on dravidakieli, jota puhuu p\u00e4\u00e4asiassa Intian Karnatakan osavaltiossa noin 44 miljoonaa ihmist\u00e4. Se on yksi Intian 22 suunnitellusta kielest\u00e4 ja Karnatakan osavaltion virallinen kieli. Kannadan oppiminen ei ole v\u00e4ltt\u00e4m\u00e4t\u00f6nt\u00e4 vain Karnatakan rikkaan kulttuurin ja historian ymm\u00e4rt\u00e4miseksi, vaan se auttaa my\u00f6s tehokkaassa viestinn\u00e4ss\u00e4 paikallisen v\u00e4est\u00f6n kanssa. T\u00e4m\u00e4n artikkelin tarkoituksena on tarjota j\u00e4sennelty [&hellip;]<\/p>\n","protected":false},"author":6,"featured_media":28411,"parent":0,"menu_order":0,"comment_status":"closed","ping_status":"closed","template":"LearningContentPage.php","meta":{"_acf_changed":false,"footnotes":""},"class_list":["post-161049","page","type-page","status-publish","has-post-thumbnail","hentry"],"acf":[],"yoast_head":"<!-- This site is optimized with the Yoast SEO Premium plugin v27.2 (Yoast SEO v27.2) - https:\/\/yoast.com\/product\/yoast-seo-premium-wordpress\/ -->\n<title>Kannadan kielioppiharjoitukset - Talkpal<\/title>\n<meta name=\"description\" content=\"Vahvista kannadan kielioppia - osallistu vuorovaikutteisiin harjoituksiin, hallitse lausemalleja ja paranna sujuvuutta. Talkpalteko\u00e4lyopettajan avulla.\" \/>\n<meta name=\"robots\" content=\"index, follow, max-snippet:-1, max-image-preview:large, max-video-preview:-1\" \/>\n<link rel=\"canonical\" href=\"https:\/\/talkpal.ai\/fi\/kannadan-kielioppiharjoitukset\/\" \/>\n<meta property=\"og:locale\" content=\"fi_FI\" \/>\n<meta property=\"og:type\" content=\"article\" \/>\n<meta property=\"og:title\" content=\"Kannadan kielioppiharjoitukset\" \/>\n<meta property=\"og:description\" content=\"Kannadan kieliopin aiheet Kannada on dravidakieli, jota puhuu p\u00e4\u00e4asiassa Intian Karnatakan osavaltiossa noin 44 miljoonaa ihmist\u00e4. Se on yksi Intian 22\" \/>\n<meta property=\"og:url\" content=\"https:\/\/talkpal.ai\/fi\/kannadan-kielioppiharjoitukset\/\" \/>\n<meta property=\"og:site_name\" content=\"Talkpal\" \/>\n<meta property=\"article:publisher\" content=\"https:\/\/www.facebook.com\/profile.php?id=100090733639311\" \/>\n<meta property=\"article:modified_time\" content=\"2025-12-17T15:10:49+00:00\" \/>\n<meta property=\"og:image\" content=\"https:\/\/talkpal.ai\/wp-content\/uploads\/2023\/05\/Kannada-india.png\" \/>\n\t<meta property=\"og:image:width\" content=\"512\" \/>\n\t<meta property=\"og:image:height\" content=\"512\" \/>\n\t<meta property=\"og:image:type\" content=\"image\/png\" \/>\n<meta name=\"twitter:card\" content=\"summary_large_image\" \/>\n<meta name=\"twitter:site\" content=\"@talkpalai\" \/>\n<meta name=\"twitter:label1\" content=\"Arvioitu lukuaika\" \/>\n\t<meta name=\"twitter:data1\" content=\"2 minuuttia\" \/>\n<script type=\"application\/ld+json\" class=\"yoast-schema-graph\">{\"@context\":\"https:\/\/schema.org\",\"@graph\":[{\"@type\":\"WebPage\",\"@id\":\"https:\/\/talkpal.ai\/fi\/kannadan-kielioppiharjoitukset\/\",\"url\":\"https:\/\/talkpal.ai\/fi\/kannadan-kielioppiharjoitukset\/\",\"name\":\"Kannadan kielioppiharjoitukset - Talkpal\",\"isPartOf\":{\"@id\":\"https:\/\/talkpal.ai\/fi\/#website\"},\"primaryImageOfPage\":{\"@id\":\"https:\/\/talkpal.ai\/fi\/kannadan-kielioppiharjoitukset\/#primaryimage\"},\"image\":{\"@id\":\"https:\/\/talkpal.ai\/fi\/kannadan-kielioppiharjoitukset\/#primaryimage\"},\"thumbnailUrl\":\"https:\/\/talkpal.ai\/wp-content\/uploads\/2023\/05\/Kannada-india.png\",\"datePublished\":\"2023-06-22T07:53:19+00:00\",\"dateModified\":\"2025-12-17T15:10:49+00:00\",\"description\":\"Vahvista kannadan kielioppia - osallistu vuorovaikutteisiin harjoituksiin, hallitse lausemalleja ja paranna sujuvuutta. Talkpalteko\u00e4lyopettajan avulla.\",\"breadcrumb\":{\"@id\":\"https:\/\/talkpal.ai\/fi\/kannadan-kielioppiharjoitukset\/#breadcrumb\"},\"inLanguage\":\"fi\",\"potentialAction\":[{\"@type\":\"ReadAction\",\"target\":[\"https:\/\/talkpal.ai\/fi\/kannadan-kielioppiharjoitukset\/\"]}]},{\"@type\":\"ImageObject\",\"inLanguage\":\"fi\",\"@id\":\"https:\/\/talkpal.ai\/fi\/kannadan-kielioppiharjoitukset\/#primaryimage\",\"url\":\"https:\/\/talkpal.ai\/wp-content\/uploads\/2023\/05\/Kannada-india.png\",\"contentUrl\":\"https:\/\/talkpal.ai\/wp-content\/uploads\/2023\/05\/Kannada-india.png\",\"width\":512,\"height\":512},{\"@type\":\"BreadcrumbList\",\"@id\":\"https:\/\/talkpal.ai\/fi\/kannadan-kielioppiharjoitukset\/#breadcrumb\",\"itemListElement\":[{\"@type\":\"ListItem\",\"position\":1,\"name\":\"Homepage\",\"item\":\"https:\/\/talkpal.ai\/fi\/\"},{\"@type\":\"ListItem\",\"position\":2,\"name\":\"Kannadan kielioppiharjoitukset\"}]},{\"@type\":\"WebSite\",\"@id\":\"https:\/\/talkpal.ai\/fi\/#website\",\"url\":\"https:\/\/talkpal.ai\/fi\/\",\"name\":\"Talkpal\",\"description\":\"AI Language Learning\",\"publisher\":{\"@id\":\"https:\/\/talkpal.ai\/fi\/#organization\"},\"alternateName\":\"Talkpal AI\",\"potentialAction\":[{\"@type\":\"SearchAction\",\"target\":{\"@type\":\"EntryPoint\",\"urlTemplate\":\"https:\/\/talkpal.ai\/fi\/?s={search_term_string}\"},\"query-input\":{\"@type\":\"PropertyValueSpecification\",\"valueRequired\":true,\"valueName\":\"search_term_string\"}}],\"inLanguage\":\"fi\"},{\"@type\":\"Organization\",\"@id\":\"https:\/\/talkpal.ai\/fi\/#organization\",\"name\":\"Talkpal, Inc.\",\"alternateName\":\"Talkpal AI\",\"url\":\"https:\/\/talkpal.ai\/fi\/\",\"logo\":{\"@type\":\"ImageObject\",\"inLanguage\":\"fi\",\"@id\":\"https:\/\/talkpal.ai\/fi\/#\/schema\/logo\/image\/\",\"url\":\"https:\/\/talkpal.ai\/wp-content\/uploads\/2024\/03\/Talkpal-Logo-Icon.png\",\"contentUrl\":\"https:\/\/talkpal.ai\/wp-content\/uploads\/2024\/03\/Talkpal-Logo-Icon.png\",\"width\":2880,\"height\":2880,\"caption\":\"Talkpal, Inc.\"},\"image\":{\"@id\":\"https:\/\/talkpal.ai\/fi\/#\/schema\/logo\/image\/\"},\"sameAs\":[\"https:\/\/www.facebook.com\/profile.php?id=100090733639311\",\"https:\/\/x.com\/talkpalai\",\"https:\/\/www.linkedin.com\/company\/talkpal\/\",\"https:\/\/www.youtube.com\/@TalkPal\/\",\"https:\/\/www.tiktok.com\/@talkpal\",\"https:\/\/www.instagram.com\/talkpal_ai\/\",\"https:\/\/www.crunchbase.com\/organization\/talkpal-9cde\",\"https:\/\/www.g2.com\/products\/talkpal-for-business\/\",\"https:\/\/www.trustpilot.com\/review\/talkpal.ai\",\"https:\/\/www.capterra.com\/p\/10006800\/TalkPal\/\"],\"description\":\"Talkpal is a language learning web and mobile education app, powered by the latest AI technologies, that provides engaging experiences to its customers in many different languages to help them improve their language skills. Users can chat about unlimited amount of topics with the app and use other modes to practice their language learning.\",\"email\":\"support@talkpal.ai\",\"legalName\":\"Talkpal, Inc.\",\"foundingDate\":\"2023-04-03\",\"duns\":\"118989042\",\"numberOfEmployees\":{\"@type\":\"QuantitativeValue\",\"minValue\":\"11\",\"maxValue\":\"50\"},\"publishingPrinciples\":\"https:\/\/talkpal.ai\/publishing-principles\/\",\"actionableFeedbackPolicy\":\"https:\/\/talkpal.ai\/actionable-feedback-policy\/\",\"correctionsPolicy\":\"https:\/\/talkpal.ai\/corrections-policy\/\",\"ethicsPolicy\":\"https:\/\/talkpal.ai\/ethics-policy\/\",\"diversityPolicy\":\"https:\/\/talkpal.ai\/diversity-policy\/\",\"diversityStaffingReport\":\"https:\/\/talkpal.ai\/diversity-policy\/\"}]}<\/script>\n<!-- \/ Yoast SEO Premium plugin. -->","yoast_head_json":{"title":"Kannadan kielioppiharjoitukset - Talkpal","description":"Vahvista kannadan kielioppia - osallistu vuorovaikutteisiin harjoituksiin, hallitse lausemalleja ja paranna sujuvuutta. Talkpalteko\u00e4lyopettajan avulla.","robots":{"index":"index","follow":"follow","max-snippet":"max-snippet:-1","max-image-preview":"max-image-preview:large","max-video-preview":"max-video-preview:-1"},"canonical":"https:\/\/talkpal.ai\/fi\/kannadan-kielioppiharjoitukset\/","og_locale":"fi_FI","og_type":"article","og_title":"Kannadan kielioppiharjoitukset","og_description":"Kannadan kieliopin aiheet Kannada on dravidakieli, jota puhuu p\u00e4\u00e4asiassa Intian Karnatakan osavaltiossa noin 44 miljoonaa ihmist\u00e4. Se on yksi Intian 22","og_url":"https:\/\/talkpal.ai\/fi\/kannadan-kielioppiharjoitukset\/","og_site_name":"Talkpal","article_publisher":"https:\/\/www.facebook.com\/profile.php?id=100090733639311","article_modified_time":"2025-12-17T15:10:49+00:00","og_image":[{"width":512,"height":512,"url":"https:\/\/talkpal.ai\/wp-content\/uploads\/2023\/05\/Kannada-india.png","type":"image\/png"}],"twitter_card":"summary_large_image","twitter_site":"@talkpalai","twitter_misc":{"Arvioitu lukuaika":"2 minuuttia"},"schema":{"@context":"https:\/\/schema.org","@graph":[{"@type":"WebPage","@id":"https:\/\/talkpal.ai\/fi\/kannadan-kielioppiharjoitukset\/","url":"https:\/\/talkpal.ai\/fi\/kannadan-kielioppiharjoitukset\/","name":"Kannadan kielioppiharjoitukset - Talkpal","isPartOf":{"@id":"https:\/\/talkpal.ai\/fi\/#website"},"primaryImageOfPage":{"@id":"https:\/\/talkpal.ai\/fi\/kannadan-kielioppiharjoitukset\/#primaryimage"},"image":{"@id":"https:\/\/talkpal.ai\/fi\/kannadan-kielioppiharjoitukset\/#primaryimage"},"thumbnailUrl":"https:\/\/talkpal.ai\/wp-content\/uploads\/2023\/05\/Kannada-india.png","datePublished":"2023-06-22T07:53:19+00:00","dateModified":"2025-12-17T15:10:49+00:00","description":"Vahvista kannadan kielioppia - osallistu vuorovaikutteisiin harjoituksiin, hallitse lausemalleja ja paranna sujuvuutta. Talkpalteko\u00e4lyopettajan avulla.","breadcrumb":{"@id":"https:\/\/talkpal.ai\/fi\/kannadan-kielioppiharjoitukset\/#breadcrumb"},"inLanguage":"fi","potentialAction":[{"@type":"ReadAction","target":["https:\/\/talkpal.ai\/fi\/kannadan-kielioppiharjoitukset\/"]}]},{"@type":"ImageObject","inLanguage":"fi","@id":"https:\/\/talkpal.ai\/fi\/kannadan-kielioppiharjoitukset\/#primaryimage","url":"https:\/\/talkpal.ai\/wp-content\/uploads\/2023\/05\/Kannada-india.png","contentUrl":"https:\/\/talkpal.ai\/wp-content\/uploads\/2023\/05\/Kannada-india.png","width":512,"height":512},{"@type":"BreadcrumbList","@id":"https:\/\/talkpal.ai\/fi\/kannadan-kielioppiharjoitukset\/#breadcrumb","itemListElement":[{"@type":"ListItem","position":1,"name":"Homepage","item":"https:\/\/talkpal.ai\/fi\/"},{"@type":"ListItem","position":2,"name":"Kannadan kielioppiharjoitukset"}]},{"@type":"WebSite","@id":"https:\/\/talkpal.ai\/fi\/#website","url":"https:\/\/talkpal.ai\/fi\/","name":"Talkpal","description":"AI Language Learning","publisher":{"@id":"https:\/\/talkpal.ai\/fi\/#organization"},"alternateName":"Talkpal AI","potentialAction":[{"@type":"SearchAction","target":{"@type":"EntryPoint","urlTemplate":"https:\/\/talkpal.ai\/fi\/?s={search_term_string}"},"query-input":{"@type":"PropertyValueSpecification","valueRequired":true,"valueName":"search_term_string"}}],"inLanguage":"fi"},{"@type":"Organization","@id":"https:\/\/talkpal.ai\/fi\/#organization","name":"Talkpal, Inc.","alternateName":"Talkpal AI","url":"https:\/\/talkpal.ai\/fi\/","logo":{"@type":"ImageObject","inLanguage":"fi","@id":"https:\/\/talkpal.ai\/fi\/#\/schema\/logo\/image\/","url":"https:\/\/talkpal.ai\/wp-content\/uploads\/2024\/03\/Talkpal-Logo-Icon.png","contentUrl":"https:\/\/talkpal.ai\/wp-content\/uploads\/2024\/03\/Talkpal-Logo-Icon.png","width":2880,"height":2880,"caption":"Talkpal, Inc."},"image":{"@id":"https:\/\/talkpal.ai\/fi\/#\/schema\/logo\/image\/"},"sameAs":["https:\/\/www.facebook.com\/profile.php?id=100090733639311","https:\/\/x.com\/talkpalai","https:\/\/www.linkedin.com\/company\/talkpal\/","https:\/\/www.youtube.com\/@TalkPal\/","https:\/\/www.tiktok.com\/@talkpal","https:\/\/www.instagram.com\/talkpal_ai\/","https:\/\/www.crunchbase.com\/organization\/talkpal-9cde","https:\/\/www.g2.com\/products\/talkpal-for-business\/","https:\/\/www.trustpilot.com\/review\/talkpal.ai","https:\/\/www.capterra.com\/p\/10006800\/TalkPal\/"],"description":"Talkpal is a language learning web and mobile education app, powered by the latest AI technologies, that provides engaging experiences to its customers in many different languages to help them improve their language skills. Users can chat about unlimited amount of topics with the app and use other modes to practice their language learning.","email":"support@talkpal.ai","legalName":"Talkpal, Inc.","foundingDate":"2023-04-03","duns":"118989042","numberOfEmployees":{"@type":"QuantitativeValue","minValue":"11","maxValue":"50"},"publishingPrinciples":"https:\/\/talkpal.ai\/publishing-principles\/","actionableFeedbackPolicy":"https:\/\/talkpal.ai\/actionable-feedback-policy\/","correctionsPolicy":"https:\/\/talkpal.ai\/corrections-policy\/","ethicsPolicy":"https:\/\/talkpal.ai\/ethics-policy\/","diversityPolicy":"https:\/\/talkpal.ai\/diversity-policy\/","diversityStaffingReport":"https:\/\/talkpal.ai\/diversity-policy\/"}]}},"_links":{"self":[{"href":"https:\/\/talkpal.ai\/fi\/wp-json\/wp\/v2\/pages\/161049","targetHints":{"allow":["GET"]}}],"collection":[{"href":"https:\/\/talkpal.ai\/fi\/wp-json\/wp\/v2\/pages"}],"about":[{"href":"https:\/\/talkpal.ai\/fi\/wp-json\/wp\/v2\/types\/page"}],"author":[{"embeddable":true,"href":"https:\/\/talkpal.ai\/fi\/wp-json\/wp\/v2\/users\/6"}],"replies":[{"embeddable":true,"href":"https:\/\/talkpal.ai\/fi\/wp-json\/wp\/v2\/comments?post=161049"}],"version-history":[{"count":0,"href":"https:\/\/talkpal.ai\/fi\/wp-json\/wp\/v2\/pages\/161049\/revisions"}],"wp:featuredmedia":[{"embeddable":true,"href":"https:\/\/talkpal.ai\/fi\/wp-json\/wp\/v2\/media\/28411"}],"wp:attachment":[{"href":"https:\/\/talkpal.ai\/fi\/wp-json\/wp\/v2\/media?parent=161049"}],"curies":[{"name":"wp","href":"https:\/\/api.w.org\/{rel}","templated":true}]}}