{"id":160740,"date":"2023-06-22T08:01:09","date_gmt":"2023-06-22T08:01:09","guid":{"rendered":"http:\/\/talkpal.ai\/kazakstanin-kielioppiharjoitukset\/"},"modified":"2025-12-17T14:56:19","modified_gmt":"2025-12-17T14:56:19","slug":"kazakstanin-kielioppiharjoitukset","status":"publish","type":"page","link":"https:\/\/talkpal.ai\/fi\/kazakstanin-kielioppiharjoitukset\/","title":{"rendered":"Kazakstanin kielioppiharjoitukset"},"content":{"rendered":"\r\n\r\n\r\n<section class=\"languageChallengeSection\">\r\n    <div class=\"languageInfoWrapper\">\r\n        \r\n        <h1>Kazakstanin kielioppiharjoitukset<\/h1>\r\n        <p>Oletko valmis rakentamaan itseluottamustasi kazakstanin kieless\u00e4? Kielioppiharjoituksiin keskittyminen on hyv\u00e4 tapa hallita lauserakennetta, verbimuotoja ja keskeisi\u00e4 kielimuotoja. Aloita Kazakstanin kieliopin harjoittelu jo t\u00e4n\u00e4\u00e4n ja n\u00e4e todellista edistyst\u00e4, kun vahvistat ymm\u00e4rryst\u00e4si askel askeleelta!<\/p>\r\n\r\n                            <a class=\"getStartedHidden\" href=\"https:\/\/app.talkpal.ai\/fi\/signup?lng=\">Aloita<\/a>\r\n        \r\n    <\/div>\r\n\r\n    <figure>\r\n    <img decoding=\"async\" width=\"768\" height=\"768\" src=\"https:\/\/talkpal.ai\/wp-content\/uploads\/2023\/06\/Khazak-768x768.png\" class=\"languageImage no-lazy\" alt=\"Default alt text\" fetchpriority=\"high\" sizes=\"(max-width: 768px) 150px, 768px\" srcset=\"https:\/\/talkpal.ai\/wp-content\/uploads\/2023\/06\/Khazak-768x768.png 768w, https:\/\/talkpal.ai\/wp-content\/uploads\/2023\/06\/Khazak-300x300.png 300w\" \/>\r\n    \r\n\r\n    <\/figure>\r\n\r\n            <a class=\"getStartedVisible\" href=\"https:\/\/app.talkpal.ai\/fi\/signup?lng=\">Aloita<\/a>\r\n    \r\n<\/section>\r\n\r\n\r\n<!-- <section class=\"grammarSection\">\r\n    <div class=\"grammarLinks\">\r\n        <a href=\"https:\/\/talkpal.ai\/fi\/exercise_language\/adjektiivit-kazakstanin-kielioppi\/\">Adjektiivit <\/a><a href=\"https:\/\/talkpal.ai\/fi\/exercise_language\/adverbit-kazakstanin-kielioppi\/\">Adverbit <\/a><a href=\"https:\/\/talkpal.ai\/fi\/exercise_language\/aikamuodot-kazakstanin-kielioppi\/\">Aikamuodot <\/a><a href=\"https:\/\/talkpal.ai\/fi\/exercise_language\/aikamuotojen-vertailu-kazakstanin-kielioppi\/\">Aikamuotojen vertailu <\/a><a href=\"https:\/\/talkpal.ai\/fi\/exercise_language\/artikkelit-kazakstanin-kielioppi\/\">Artikkelit <\/a><a href=\"https:\/\/talkpal.ai\/fi\/exercise_language\/konditionaalit-kazakstanin-kielioppi\/\">Konditionaalit <\/a><a href=\"https:\/\/talkpal.ai\/fi\/exercise_language\/lauseet-kazakstanin-kielioppi\/\">Lauseet <\/a><a href=\"https:\/\/talkpal.ai\/fi\/exercise_language\/prepositiot-kazakstanin-kielioppi\/\">Prepositiot <\/a><a href=\"https:\/\/talkpal.ai\/fi\/exercise_language\/progressiivinen-kazakstanin-kielioppi\/\">Progressiivinen <\/a><a href=\"https:\/\/talkpal.ai\/fi\/exercise_language\/pronominit-determinerit-kazakstanin-kielioppi\/\">Pronominit\/Determinerit <\/a><a href=\"https:\/\/talkpal.ai\/fi\/exercise_language\/substantiivit-kazakstanin-kielioppi\/\">Substantiivit <\/a><a href=\"https:\/\/talkpal.ai\/fi\/exercise_language\/taydellinen-progressiivinen-kazakstanin-kielioppi\/\">T\u00e4ydellinen progressiivinen <\/a><a href=\"https:\/\/talkpal.ai\/fi\/exercise_language\/verbit-kazakstanin-kielioppi\/\">Verbit <\/a>    <\/div>\r\n<\/section> -->\r\n\r\n\r\n\r\n\r\n        <section class=\"grammarSection\">\r\n            <div class=\"grammarLinks\">\r\n                <a href=\"https:\/\/talkpal.ai\/fi\/exercise_language\/adjektiivit-kazakstanin-kielioppi\/\">Adjektiivit <\/a><a href=\"https:\/\/talkpal.ai\/fi\/exercise_language\/adverbit-kazakstanin-kielioppi\/\">Adverbit <\/a><a href=\"https:\/\/talkpal.ai\/fi\/exercise_language\/aikamuodot-kazakstanin-kielioppi\/\">Aikamuodot <\/a><a href=\"https:\/\/talkpal.ai\/fi\/exercise_language\/aikamuotojen-vertailu-kazakstanin-kielioppi\/\">Aikamuotojen vertailu <\/a><a href=\"https:\/\/talkpal.ai\/fi\/exercise_language\/artikkelit-kazakstanin-kielioppi\/\">Artikkelit <\/a><a href=\"https:\/\/talkpal.ai\/fi\/exercise_language\/konditionaalit-kazakstanin-kielioppi\/\">Konditionaalit <\/a><a href=\"https:\/\/talkpal.ai\/fi\/exercise_language\/lauseet-kazakstanin-kielioppi\/\">Lauseet <\/a><a href=\"https:\/\/talkpal.ai\/fi\/exercise_language\/prepositiot-kazakstanin-kielioppi\/\">Prepositiot <\/a><a href=\"https:\/\/talkpal.ai\/fi\/exercise_language\/progressiivinen-kazakstanin-kielioppi\/\">Progressiivinen <\/a><a href=\"https:\/\/talkpal.ai\/fi\/exercise_language\/pronominit-determinerit-kazakstanin-kielioppi\/\">Pronominit\/Determinerit <\/a><a href=\"https:\/\/talkpal.ai\/fi\/exercise_language\/substantiivit-kazakstanin-kielioppi\/\">Substantiivit <\/a><a href=\"https:\/\/talkpal.ai\/fi\/exercise_language\/taydellinen-progressiivinen-kazakstanin-kielioppi\/\">T\u00e4ydellinen progressiivinen <\/a><a href=\"https:\/\/talkpal.ai\/fi\/exercise_language\/verbit-kazakstanin-kielioppi\/\">Verbit <\/a>            <\/div>\r\n        <\/section>\r\n<section class=\"promotionalBanner\">\r\n    <p class=\"promotionalText\">Tehokkain tapa oppia kielt\u00e4<\/p>\r\n    <a class=\"promotionalLink\" href=\"https:\/\/app.talkpal.ai\/fi\/signup?lng=\">Kokeile Talkpal ilmaiseksi<\/a>\r\n<\/section>\n<div class=\"wp-block-group pageContainerStyle\"><div class=\"wp-block-group__inner-container is-layout-constrained wp-block-group-is-layout-constrained\">\n<h2 class=\"wp-block-heading\" id=\"h-kazakh-grammar-topics\">Kazakin kieliopin aiheet<\/h2>\n\n\n\n<p>Uuden <a href=\"https:\/\/talkpal.ai\/fi\/paras-tapa-oppia-2\/\">kielen oppiminen<\/a> voi olla haastava mutta palkitseva kokemus, joka avaa mahdollisuuksia henkil\u00f6kohtaiseen ja ammatilliseen kasvuun. Yksi kielist\u00e4, joka on saamassa suosiota kieltenoppijoiden keskuudessa, on kazakki, <a href=\"https:\/\/talkpal.ai\/learn-turkish\/\">turkkilainen<\/a> kieli, jota puhuvat miljoonat ihmiset Kazakstanissa ja sen l\u00e4hialueilla. <a href=\"https:\/\/talkpal.ai\/kazakh-grammar\/\">Kazakstanin kielioppi<\/a> on ainutlaatuinen, ja siin\u00e4 on rikas rakenne ja erilaiset elementit, jotka edellytt\u00e4v\u00e4t j\u00e4rjestelm\u00e4llist\u00e4 oppimista. T\u00e4ss\u00e4 oppaassa k\u00e4sittelemme useita olennaisia kazakin kielioppiaiheita, mukaan lukien aikamuodot, substantiivit, verbit, artikkelit, pronominit, adjektiivit, <a href=\"https:\/\/talkpal.ai\/fi\/grammar\/paikan-tsekin-kielioppi-adverbit\/\">adverbit<\/a>, konditionaalit, <a href=\"https:\/\/talkpal.ai\/fi\/grammar\/kohdan-kannadan-kieliopissa-prepositiot\/\">prepositiot<\/a> ja lauserakenteet. Ymm\u00e4rt\u00e4m\u00e4ll\u00e4 n\u00e4iden aiheiden oppimisen j\u00e4rjestyksen voit tehokkaasti edet\u00e4 matkallasi Kazakstanin kielen hallintaan.<\/p>\n\n\n\n<h3 class=\"wp-block-heading\" id=\"h-1-nouns\">1. Substantiivit:<\/h3>\n\n\n\n<p>Mink\u00e4 tahansa kielen perusta alkaa sen substantiivien oppimisesta. Kazakstanissa substantiiveilla ei ole sukupuolta, mutta heill\u00e4 on tapauksia. Eri tapausten ja niiden teht\u00e4vien ymm\u00e4rt\u00e4minen on ratkaisevan t\u00e4rke\u00e4\u00e4 sanaston rakentamisessa ja peruslauseiden muodostamisessa.<\/p>\n\n\n\n<h3 class=\"wp-block-heading\" id=\"h-2-articles\">2. Artiklat:<\/h3>\n\n\n\n<p>Artikkeleita ei ole kazakin kielell\u00e4, joten oppijoiden on helpompi keskitty\u00e4 muihin kielioppin\u00e4k\u00f6kohtiin.<\/p>\n\n\n\n<h3 class=\"wp-block-heading\" id=\"h-3-pronouns-determiners\">3. Pronominit\/m\u00e4\u00e4ritteet:<\/h3>\n\n\n\n<p>N\u00e4m\u00e4 ovat v\u00e4ltt\u00e4m\u00e4tt\u00f6mi\u00e4 substantiivien korvaamisessa ja niiden m\u00e4\u00e4r\u00e4n <a href=\"https:\/\/talkpal.ai\/learn-thai\/\">tai<\/a> identiteetin m\u00e4\u00e4ritt\u00e4misess\u00e4. Pronominien ja m\u00e4\u00e4ritteiden oppiminen auttaa sinua luomaan monimutkaisempia lauseita ja parantamaan yleist\u00e4 sujuvuuttasi.<\/p>\n\n\n\n<h3 class=\"wp-block-heading\" id=\"h-4-verbs\">4. Verbit:<\/h3>\n\n\n\n<p>Verbit ovat mink\u00e4 tahansa kielen selk\u00e4ranka, ja niiden taivutusmallien oppiminen on ratkaisevan t\u00e4rke\u00e4\u00e4. Kazakissa verbit taivutetaan j\u00e4nnityksen, mielialan ja \u00e4\u00e4nen perusteella. N\u00e4ihin taivutuksiin tutustuminen antaa sinulle mahdollisuuden ilmaista toimia ja tapahtumia tarkasti.<\/p>\n\n\n\n<h3 class=\"wp-block-heading\" id=\"h-5-tenses\">5. Aikamuodot:<\/h3>\n\n\n\n<p>Kazakstanilla on useita aikamuotoja, mukaan lukien menneisyys, nykyisyys ja tulevaisuus. Oppiminen muodostamaan ja k\u00e4ytt\u00e4m\u00e4\u00e4n n\u00e4it\u00e4 aikamuotoja oikein on v\u00e4ltt\u00e4m\u00e4t\u00f6nt\u00e4 toimintojen ja tapahtumien ajan v\u00e4litt\u00e4miseksi.<\/p>\n\n\n\n<h3 class=\"wp-block-heading\" id=\"h-6-tense-comparison\">6. J\u00e4nnittynyt vertailu:<\/h3>\n\n\n\n<p>Aikamuotojen v\u00e4lisen eron ymm\u00e4rt\u00e4minen ja se, miten ne ovat vuorovaikutuksessa kesken\u00e4\u00e4n, syvent\u00e4\u00e4 ymm\u00e4rryst\u00e4si kazakin kieliopista.<\/p>\n\n\n\n<h3 class=\"wp-block-heading\" id=\"h-7-progressive\">7. Progressiivinen:<\/h3>\n\n\n\n<p>T\u00e4m\u00e4 n\u00e4k\u00f6kohta osoittaa k\u00e4ynniss\u00e4 olevat toimet. Kazakstanin progressiivisen muodon oppiminen auttaa sinua ilmaisemaan toimia, jotka tapahtuvat tai tapahtuivat tietyll\u00e4 hetkell\u00e4.<\/p>\n\n\n\n<h3 class=\"wp-block-heading\" id=\"h-8-perfect-progressive\">8. T\u00e4ydellinen progressiivinen:<\/h3>\n\n\n\n<p>T\u00e4ydellinen progressiivinen yhdist\u00e4\u00e4 t\u00e4ydelliset ja progressiiviset aspektit osoittamaan toimintaa, joka alkoi menneisyydess\u00e4 ja jatkuu edelleen. T\u00e4m\u00e4n n\u00e4k\u00f6kohdan hallitseminen parantaa kyky\u00e4si ilmaista monimutkaisia ideoita Kazakstanissa.<\/p>\n\n\n\n<h3 class=\"wp-block-heading\" id=\"h-9-adjectives\">9. Adjektiivit:<\/h3>\n\n\n\n<p>Adjektiivit kuvaavat substantiivien ominaisuuksia ja ominaisuuksia. Adjektiivien oikean k\u00e4yt\u00f6n oppiminen kazakstanissa rikastuttaa sanastoa ja antaa sinulle mahdollisuuden antaa tarkempia kuvauksia.<\/p>\n\n\n\n<h3 class=\"wp-block-heading\" id=\"h-10-adverbs\">10. Sananlaskut:<\/h3>\n\n\n\n<p><a href=\"https:\/\/talkpal.ai\/fi\/grammar\/paikan-tsekin-kielioppi-adverbit\/\">Adverbit<\/a> muokkaavat verbej\u00e4, adjektiiveja ja muita adverbeja. Kazakstanin <a href=\"https:\/\/talkpal.ai\/ar\/grammar_exercises\/adverbien-%d8%aa%d9%85%d8%a7%d8%b1%d9%8a%d9%86-%d9%84%d9%84%d9%82%d9%88%d8%a7%d8%b9%d8%af-%d8%a7%d9%84%d8%a3%d9%84%d9%85%d8%a7%d9%86%d9%8a%d8%a9\/\">adverbien<\/a> ja niiden k\u00e4yt\u00f6n tuntemus parantaa kyky\u00e4si ilmaista toimia ja tapahtumia tarkemmin.<\/p>\n\n\n\n<h3 class=\"wp-block-heading\" id=\"h-11-conditionals\">11. Ehdolliset lausekkeet:<\/h3>\n\n\n\n<p>Konditionaaleja k\u00e4ytet\u00e4\u00e4n ilmaisemaan hypoteettisia tilanteita ja niiden mahdollisia seurauksia. Konditionaalien k\u00e4yt\u00f6n hallitseminen Kazakstanissa auttaa sinua v\u00e4litt\u00e4m\u00e4\u00e4n monimutkaisia ideoita ja hypoteettisia skenaarioita.<\/p>\n\n\n\n<h3 class=\"wp-block-heading\" id=\"h-12-prepositions\">12. Prepositiot:<\/h3>\n\n\n\n<p>Prepositiot osoittavat lauseen substantiivien v\u00e4lisen suhteen. Kazakstanin prepositioiden ja niiden toimintojen oppiminen mahdollistaa monimutkaisempien lauseiden rakentamisen.<\/p>\n\n\n\n<h3 class=\"wp-block-heading\" id=\"h-13-sentences\">13. Lauseet:<\/h3>\n\n\n\n<p>Lopuksi lauserakenteiden ja eri kielioppielementtien yhdist\u00e4miss\u00e4\u00e4nt\u00f6jen ymm\u00e4rt\u00e4minen on v\u00e4ltt\u00e4m\u00e4t\u00f6nt\u00e4 kazakin kielen hallitsemiseksi. T\u00e4m\u00e4n tiedon avulla voit kommunikoida tehokkaasti ja tarkasti eri tilanteissa.<\/p>\n<\/div><\/div>\n\r\n<section class=\"learnNavigationSection\">\r\n            \r\n        <a href=\"https:\/\/talkpal.ai\/fi\/opi-kazakstanin-kieli\/\">\r\n            <div class=\"learnNavigationWrapper\">\r\n                <div class=\"learnNavigationContent\">\r\n                    <img decoding=\"async\" src=\"https:\/\/talkpal.ai\/wp-content\/uploads\/2024\/08\/Kazakh.jpg\" alt=\"Kazakh Flag\">\r\n                    <div>\r\n                        <h4>Tietoa Kazakstanin oppimisesta<\/h4>\r\n                        <p>Lue kaikki Kazakstanin kieliopista.<\/p>\r\n                    <\/div>\r\n                <\/div>\r\n            <\/div>\r\n        <\/a>\r\n\r\n        \r\n        <a href=\"https:\/\/talkpal.ai\/fi\/kazakin-kielioppi\/\">\r\n            <div class=\"learnNavigationWrapper\">\r\n                <div class=\"learnNavigationContent\">\r\n                    <img decoding=\"async\" src=\"https:\/\/talkpal.ai\/wp-content\/uploads\/2024\/08\/Kazakh.jpg\" alt=\"Kazakh Flag\">\r\n                    <div>\r\n                        <h4>Kazakstanin kielioppitunnit<\/h4>\r\n                        <p>Harjoittele kazakstanin kielioppia.<\/p>\r\n                    <\/div>\r\n                <\/div>\r\n            <\/div>\r\n        <\/a>\r\n\r\n        \r\n        <a href=\"https:\/\/talkpal.ai\/vocabulary_language\/kazakh\/\">\r\n            <div class=\"learnNavigationWrapper\">\r\n                <div class=\"learnNavigationContent\">\r\n                    <img decoding=\"async\" src=\"https:\/\/talkpal.ai\/wp-content\/uploads\/2024\/08\/Kazakh.jpg\" alt=\"Kazakh Flag\">\r\n                    <div>\r\n                        <h4>Kazakstanin sanasto<\/h4>\r\n                        <p>Laajenna kazakstanin sanastoa.<\/p>\r\n                    <\/div>\r\n                <\/div>\r\n            <\/div>\r\n        <\/a>\r\n\r\n            <\/section>","protected":false},"excerpt":{"rendered":"<p>Kazakin kieliopin aiheet Uuden kielen oppiminen voi olla haastava mutta palkitseva kokemus, joka avaa mahdollisuuksia henkil\u00f6kohtaiseen ja ammatilliseen kasvuun. Yksi kielist\u00e4, joka on saamassa suosiota kieltenoppijoiden keskuudessa, on kazakki, turkkilainen kieli, jota puhuvat miljoonat ihmiset Kazakstanissa ja sen l\u00e4hialueilla. Kazakstanin kielioppi on ainutlaatuinen, ja siin\u00e4 on rikas rakenne ja erilaiset elementit, jotka edellytt\u00e4v\u00e4t j\u00e4rjestelm\u00e4llist\u00e4 oppimista. [&hellip;]<\/p>\n","protected":false},"author":6,"featured_media":28427,"parent":0,"menu_order":0,"comment_status":"closed","ping_status":"closed","template":"LearningContentPage.php","meta":{"_acf_changed":false,"footnotes":""},"class_list":["post-160740","page","type-page","status-publish","has-post-thumbnail","hentry"],"acf":[],"yoast_head":"<!-- This site is optimized with the Yoast SEO Premium plugin v27.2 (Yoast SEO v27.2) - https:\/\/yoast.com\/product\/yoast-seo-premium-wordpress\/ -->\n<title>Kazakstanin kielioppiharjoitukset - Talkpal<\/title>\n<meta name=\"description\" content=\"Tehosta kazakstanin kielioppitaitojasi tehokkaasti - paranna tarkkuutta, harjoittele vuorovaikutteisia harjoituksia ja viimeistele k\u00e4ytt\u00f6\u00e4!\" \/>\n<meta name=\"robots\" content=\"index, follow, max-snippet:-1, max-image-preview:large, max-video-preview:-1\" \/>\n<link rel=\"canonical\" href=\"https:\/\/talkpal.ai\/fi\/kazakstanin-kielioppiharjoitukset\/\" \/>\n<meta property=\"og:locale\" content=\"fi_FI\" \/>\n<meta property=\"og:type\" content=\"article\" \/>\n<meta property=\"og:title\" content=\"Kazakstanin kielioppiharjoitukset\" \/>\n<meta property=\"og:description\" content=\"Kazakin kieliopin aiheet Uuden kielen oppiminen voi olla haastava mutta palkitseva kokemus, joka avaa mahdollisuuksia henkil\u00f6kohtaiseen ja ammatilliseen\" \/>\n<meta property=\"og:url\" content=\"https:\/\/talkpal.ai\/fi\/kazakstanin-kielioppiharjoitukset\/\" \/>\n<meta property=\"og:site_name\" content=\"Talkpal\" \/>\n<meta property=\"article:publisher\" content=\"https:\/\/www.facebook.com\/profile.php?id=100090733639311\" \/>\n<meta property=\"article:modified_time\" content=\"2025-12-17T14:56:19+00:00\" \/>\n<meta property=\"og:image\" content=\"https:\/\/talkpal.ai\/wp-content\/uploads\/2023\/05\/kazakhstan.png\" \/>\n\t<meta property=\"og:image:width\" content=\"512\" \/>\n\t<meta property=\"og:image:height\" content=\"512\" \/>\n\t<meta property=\"og:image:type\" content=\"image\/png\" \/>\n<meta name=\"twitter:card\" content=\"summary_large_image\" \/>\n<meta name=\"twitter:site\" content=\"@talkpalai\" \/>\n<meta name=\"twitter:label1\" content=\"Arvioitu lukuaika\" \/>\n\t<meta name=\"twitter:data1\" content=\"2 minuuttia\" \/>\n<script type=\"application\/ld+json\" class=\"yoast-schema-graph\">{\"@context\":\"https:\/\/schema.org\",\"@graph\":[{\"@type\":\"WebPage\",\"@id\":\"https:\/\/talkpal.ai\/fi\/kazakstanin-kielioppiharjoitukset\/\",\"url\":\"https:\/\/talkpal.ai\/fi\/kazakstanin-kielioppiharjoitukset\/\",\"name\":\"Kazakstanin kielioppiharjoitukset - Talkpal\",\"isPartOf\":{\"@id\":\"https:\/\/talkpal.ai\/fi\/#website\"},\"primaryImageOfPage\":{\"@id\":\"https:\/\/talkpal.ai\/fi\/kazakstanin-kielioppiharjoitukset\/#primaryimage\"},\"image\":{\"@id\":\"https:\/\/talkpal.ai\/fi\/kazakstanin-kielioppiharjoitukset\/#primaryimage\"},\"thumbnailUrl\":\"https:\/\/talkpal.ai\/wp-content\/uploads\/2023\/05\/kazakhstan.png\",\"datePublished\":\"2023-06-22T08:01:09+00:00\",\"dateModified\":\"2025-12-17T14:56:19+00:00\",\"description\":\"Tehosta kazakstanin kielioppitaitojasi tehokkaasti - paranna tarkkuutta, harjoittele vuorovaikutteisia harjoituksia ja viimeistele k\u00e4ytt\u00f6\u00e4!\",\"breadcrumb\":{\"@id\":\"https:\/\/talkpal.ai\/fi\/kazakstanin-kielioppiharjoitukset\/#breadcrumb\"},\"inLanguage\":\"fi\",\"potentialAction\":[{\"@type\":\"ReadAction\",\"target\":[\"https:\/\/talkpal.ai\/fi\/kazakstanin-kielioppiharjoitukset\/\"]}]},{\"@type\":\"ImageObject\",\"inLanguage\":\"fi\",\"@id\":\"https:\/\/talkpal.ai\/fi\/kazakstanin-kielioppiharjoitukset\/#primaryimage\",\"url\":\"https:\/\/talkpal.ai\/wp-content\/uploads\/2023\/05\/kazakhstan.png\",\"contentUrl\":\"https:\/\/talkpal.ai\/wp-content\/uploads\/2023\/05\/kazakhstan.png\",\"width\":512,\"height\":512},{\"@type\":\"BreadcrumbList\",\"@id\":\"https:\/\/talkpal.ai\/fi\/kazakstanin-kielioppiharjoitukset\/#breadcrumb\",\"itemListElement\":[{\"@type\":\"ListItem\",\"position\":1,\"name\":\"Homepage\",\"item\":\"https:\/\/talkpal.ai\/fi\/\"},{\"@type\":\"ListItem\",\"position\":2,\"name\":\"Kazakstanin kielioppiharjoitukset\"}]},{\"@type\":\"WebSite\",\"@id\":\"https:\/\/talkpal.ai\/fi\/#website\",\"url\":\"https:\/\/talkpal.ai\/fi\/\",\"name\":\"Talkpal\",\"description\":\"AI Language Learning\",\"publisher\":{\"@id\":\"https:\/\/talkpal.ai\/fi\/#organization\"},\"alternateName\":\"Talkpal AI\",\"potentialAction\":[{\"@type\":\"SearchAction\",\"target\":{\"@type\":\"EntryPoint\",\"urlTemplate\":\"https:\/\/talkpal.ai\/fi\/?s={search_term_string}\"},\"query-input\":{\"@type\":\"PropertyValueSpecification\",\"valueRequired\":true,\"valueName\":\"search_term_string\"}}],\"inLanguage\":\"fi\"},{\"@type\":\"Organization\",\"@id\":\"https:\/\/talkpal.ai\/fi\/#organization\",\"name\":\"Talkpal, Inc.\",\"alternateName\":\"Talkpal AI\",\"url\":\"https:\/\/talkpal.ai\/fi\/\",\"logo\":{\"@type\":\"ImageObject\",\"inLanguage\":\"fi\",\"@id\":\"https:\/\/talkpal.ai\/fi\/#\/schema\/logo\/image\/\",\"url\":\"https:\/\/talkpal.ai\/wp-content\/uploads\/2024\/03\/Talkpal-Logo-Icon.png\",\"contentUrl\":\"https:\/\/talkpal.ai\/wp-content\/uploads\/2024\/03\/Talkpal-Logo-Icon.png\",\"width\":2880,\"height\":2880,\"caption\":\"Talkpal, Inc.\"},\"image\":{\"@id\":\"https:\/\/talkpal.ai\/fi\/#\/schema\/logo\/image\/\"},\"sameAs\":[\"https:\/\/www.facebook.com\/profile.php?id=100090733639311\",\"https:\/\/x.com\/talkpalai\",\"https:\/\/www.linkedin.com\/company\/talkpal\/\",\"https:\/\/www.youtube.com\/@TalkPal\/\",\"https:\/\/www.tiktok.com\/@talkpal\",\"https:\/\/www.instagram.com\/talkpal_ai\/\",\"https:\/\/www.crunchbase.com\/organization\/talkpal-9cde\",\"https:\/\/www.g2.com\/products\/talkpal-for-business\/\",\"https:\/\/www.trustpilot.com\/review\/talkpal.ai\",\"https:\/\/www.capterra.com\/p\/10006800\/TalkPal\/\"],\"description\":\"Talkpal is a language learning web and mobile education app, powered by the latest AI technologies, that provides engaging experiences to its customers in many different languages to help them improve their language skills. Users can chat about unlimited amount of topics with the app and use other modes to practice their language learning.\",\"email\":\"support@talkpal.ai\",\"legalName\":\"Talkpal, Inc.\",\"foundingDate\":\"2023-04-03\",\"duns\":\"118989042\",\"numberOfEmployees\":{\"@type\":\"QuantitativeValue\",\"minValue\":\"11\",\"maxValue\":\"50\"},\"publishingPrinciples\":\"https:\/\/talkpal.ai\/publishing-principles\/\",\"actionableFeedbackPolicy\":\"https:\/\/talkpal.ai\/actionable-feedback-policy\/\",\"correctionsPolicy\":\"https:\/\/talkpal.ai\/corrections-policy\/\",\"ethicsPolicy\":\"https:\/\/talkpal.ai\/ethics-policy\/\",\"diversityPolicy\":\"https:\/\/talkpal.ai\/diversity-policy\/\",\"diversityStaffingReport\":\"https:\/\/talkpal.ai\/diversity-policy\/\"}]}<\/script>\n<!-- \/ Yoast SEO Premium plugin. -->","yoast_head_json":{"title":"Kazakstanin kielioppiharjoitukset - Talkpal","description":"Tehosta kazakstanin kielioppitaitojasi tehokkaasti - paranna tarkkuutta, harjoittele vuorovaikutteisia harjoituksia ja viimeistele k\u00e4ytt\u00f6\u00e4!","robots":{"index":"index","follow":"follow","max-snippet":"max-snippet:-1","max-image-preview":"max-image-preview:large","max-video-preview":"max-video-preview:-1"},"canonical":"https:\/\/talkpal.ai\/fi\/kazakstanin-kielioppiharjoitukset\/","og_locale":"fi_FI","og_type":"article","og_title":"Kazakstanin kielioppiharjoitukset","og_description":"Kazakin kieliopin aiheet Uuden kielen oppiminen voi olla haastava mutta palkitseva kokemus, joka avaa mahdollisuuksia henkil\u00f6kohtaiseen ja ammatilliseen","og_url":"https:\/\/talkpal.ai\/fi\/kazakstanin-kielioppiharjoitukset\/","og_site_name":"Talkpal","article_publisher":"https:\/\/www.facebook.com\/profile.php?id=100090733639311","article_modified_time":"2025-12-17T14:56:19+00:00","og_image":[{"width":512,"height":512,"url":"https:\/\/talkpal.ai\/wp-content\/uploads\/2023\/05\/kazakhstan.png","type":"image\/png"}],"twitter_card":"summary_large_image","twitter_site":"@talkpalai","twitter_misc":{"Arvioitu lukuaika":"2 minuuttia"},"schema":{"@context":"https:\/\/schema.org","@graph":[{"@type":"WebPage","@id":"https:\/\/talkpal.ai\/fi\/kazakstanin-kielioppiharjoitukset\/","url":"https:\/\/talkpal.ai\/fi\/kazakstanin-kielioppiharjoitukset\/","name":"Kazakstanin kielioppiharjoitukset - Talkpal","isPartOf":{"@id":"https:\/\/talkpal.ai\/fi\/#website"},"primaryImageOfPage":{"@id":"https:\/\/talkpal.ai\/fi\/kazakstanin-kielioppiharjoitukset\/#primaryimage"},"image":{"@id":"https:\/\/talkpal.ai\/fi\/kazakstanin-kielioppiharjoitukset\/#primaryimage"},"thumbnailUrl":"https:\/\/talkpal.ai\/wp-content\/uploads\/2023\/05\/kazakhstan.png","datePublished":"2023-06-22T08:01:09+00:00","dateModified":"2025-12-17T14:56:19+00:00","description":"Tehosta kazakstanin kielioppitaitojasi tehokkaasti - paranna tarkkuutta, harjoittele vuorovaikutteisia harjoituksia ja viimeistele k\u00e4ytt\u00f6\u00e4!","breadcrumb":{"@id":"https:\/\/talkpal.ai\/fi\/kazakstanin-kielioppiharjoitukset\/#breadcrumb"},"inLanguage":"fi","potentialAction":[{"@type":"ReadAction","target":["https:\/\/talkpal.ai\/fi\/kazakstanin-kielioppiharjoitukset\/"]}]},{"@type":"ImageObject","inLanguage":"fi","@id":"https:\/\/talkpal.ai\/fi\/kazakstanin-kielioppiharjoitukset\/#primaryimage","url":"https:\/\/talkpal.ai\/wp-content\/uploads\/2023\/05\/kazakhstan.png","contentUrl":"https:\/\/talkpal.ai\/wp-content\/uploads\/2023\/05\/kazakhstan.png","width":512,"height":512},{"@type":"BreadcrumbList","@id":"https:\/\/talkpal.ai\/fi\/kazakstanin-kielioppiharjoitukset\/#breadcrumb","itemListElement":[{"@type":"ListItem","position":1,"name":"Homepage","item":"https:\/\/talkpal.ai\/fi\/"},{"@type":"ListItem","position":2,"name":"Kazakstanin kielioppiharjoitukset"}]},{"@type":"WebSite","@id":"https:\/\/talkpal.ai\/fi\/#website","url":"https:\/\/talkpal.ai\/fi\/","name":"Talkpal","description":"AI Language Learning","publisher":{"@id":"https:\/\/talkpal.ai\/fi\/#organization"},"alternateName":"Talkpal AI","potentialAction":[{"@type":"SearchAction","target":{"@type":"EntryPoint","urlTemplate":"https:\/\/talkpal.ai\/fi\/?s={search_term_string}"},"query-input":{"@type":"PropertyValueSpecification","valueRequired":true,"valueName":"search_term_string"}}],"inLanguage":"fi"},{"@type":"Organization","@id":"https:\/\/talkpal.ai\/fi\/#organization","name":"Talkpal, Inc.","alternateName":"Talkpal AI","url":"https:\/\/talkpal.ai\/fi\/","logo":{"@type":"ImageObject","inLanguage":"fi","@id":"https:\/\/talkpal.ai\/fi\/#\/schema\/logo\/image\/","url":"https:\/\/talkpal.ai\/wp-content\/uploads\/2024\/03\/Talkpal-Logo-Icon.png","contentUrl":"https:\/\/talkpal.ai\/wp-content\/uploads\/2024\/03\/Talkpal-Logo-Icon.png","width":2880,"height":2880,"caption":"Talkpal, Inc."},"image":{"@id":"https:\/\/talkpal.ai\/fi\/#\/schema\/logo\/image\/"},"sameAs":["https:\/\/www.facebook.com\/profile.php?id=100090733639311","https:\/\/x.com\/talkpalai","https:\/\/www.linkedin.com\/company\/talkpal\/","https:\/\/www.youtube.com\/@TalkPal\/","https:\/\/www.tiktok.com\/@talkpal","https:\/\/www.instagram.com\/talkpal_ai\/","https:\/\/www.crunchbase.com\/organization\/talkpal-9cde","https:\/\/www.g2.com\/products\/talkpal-for-business\/","https:\/\/www.trustpilot.com\/review\/talkpal.ai","https:\/\/www.capterra.com\/p\/10006800\/TalkPal\/"],"description":"Talkpal is a language learning web and mobile education app, powered by the latest AI technologies, that provides engaging experiences to its customers in many different languages to help them improve their language skills. Users can chat about unlimited amount of topics with the app and use other modes to practice their language learning.","email":"support@talkpal.ai","legalName":"Talkpal, Inc.","foundingDate":"2023-04-03","duns":"118989042","numberOfEmployees":{"@type":"QuantitativeValue","minValue":"11","maxValue":"50"},"publishingPrinciples":"https:\/\/talkpal.ai\/publishing-principles\/","actionableFeedbackPolicy":"https:\/\/talkpal.ai\/actionable-feedback-policy\/","correctionsPolicy":"https:\/\/talkpal.ai\/corrections-policy\/","ethicsPolicy":"https:\/\/talkpal.ai\/ethics-policy\/","diversityPolicy":"https:\/\/talkpal.ai\/diversity-policy\/","diversityStaffingReport":"https:\/\/talkpal.ai\/diversity-policy\/"}]}},"_links":{"self":[{"href":"https:\/\/talkpal.ai\/fi\/wp-json\/wp\/v2\/pages\/160740","targetHints":{"allow":["GET"]}}],"collection":[{"href":"https:\/\/talkpal.ai\/fi\/wp-json\/wp\/v2\/pages"}],"about":[{"href":"https:\/\/talkpal.ai\/fi\/wp-json\/wp\/v2\/types\/page"}],"author":[{"embeddable":true,"href":"https:\/\/talkpal.ai\/fi\/wp-json\/wp\/v2\/users\/6"}],"replies":[{"embeddable":true,"href":"https:\/\/talkpal.ai\/fi\/wp-json\/wp\/v2\/comments?post=160740"}],"version-history":[{"count":0,"href":"https:\/\/talkpal.ai\/fi\/wp-json\/wp\/v2\/pages\/160740\/revisions"}],"wp:featuredmedia":[{"embeddable":true,"href":"https:\/\/talkpal.ai\/fi\/wp-json\/wp\/v2\/media\/28427"}],"wp:attachment":[{"href":"https:\/\/talkpal.ai\/fi\/wp-json\/wp\/v2\/media?parent=160740"}],"curies":[{"name":"wp","href":"https:\/\/api.w.org\/{rel}","templated":true}]}}