{"id":159854,"date":"2023-06-22T08:24:14","date_gmt":"2023-06-22T08:24:14","guid":{"rendered":"http:\/\/talkpal.ai\/makedonian-kielioppiharjoitukset\/"},"modified":"2025-12-17T15:56:34","modified_gmt":"2025-12-17T15:56:34","slug":"makedonian-kielioppiharjoitukset","status":"publish","type":"page","link":"https:\/\/talkpal.ai\/fi\/makedonian-kielioppiharjoitukset\/","title":{"rendered":"Makedonian kielioppiharjoitukset"},"content":{"rendered":"\r\n\r\n\r\n<section class=\"languageChallengeSection\">\r\n    <div class=\"languageInfoWrapper\">\r\n        \r\n        <h1>Makedonian kielioppiharjoitukset<\/h1>\r\n        <p>Haluatko rakentaa itseluottamusta makedonian kieless\u00e4? Kielioppiharjoitukset ovat hyv\u00e4 tapa ymm\u00e4rt\u00e4\u00e4 lauserakennetta, verbimuotoja ja makedonian kielen erityispiirteit\u00e4. Aloita makedonian kieliopin tutkiminen t\u00e4n\u00e4\u00e4n ja n\u00e4e taitojesi ja sujuvuutesi kasvavan jokaisen harjoituksen my\u00f6t\u00e4!<\/p>\r\n\r\n                            <a class=\"getStartedHidden\" href=\"https:\/\/app.talkpal.ai\/fi\/signup?lng=\">Aloita<\/a>\r\n        \r\n    <\/div>\r\n\r\n    <figure>\r\n    <img decoding=\"async\" width=\"768\" height=\"768\" src=\"https:\/\/talkpal.ai\/wp-content\/uploads\/2023\/06\/macedonian-768x768.png\" class=\"languageImage no-lazy\" alt=\"Default alt text\" fetchpriority=\"high\" sizes=\"(max-width: 768px) 150px, 768px\" srcset=\"https:\/\/talkpal.ai\/wp-content\/uploads\/2023\/06\/macedonian-768x768.png 768w, https:\/\/talkpal.ai\/wp-content\/uploads\/2023\/06\/macedonian-300x300.png 300w\" \/>\r\n    \r\n\r\n    <\/figure>\r\n\r\n            <a class=\"getStartedVisible\" href=\"https:\/\/app.talkpal.ai\/fi\/signup?lng=\">Aloita<\/a>\r\n    \r\n<\/section>\r\n\r\n\r\n<!-- <section class=\"grammarSection\">\r\n    <div class=\"grammarLinks\">\r\n        <a href=\"https:\/\/talkpal.ai\/fi\/exercise_language\/adjektiivit-makedonian-kielioppi\/\">Adjektiivit <\/a><a href=\"https:\/\/talkpal.ai\/fi\/exercise_language\/adverbit-makedonian-kielioppi\/\">Adverbit <\/a><a href=\"https:\/\/talkpal.ai\/fi\/exercise_language\/aikamuodot-makedonian-kielioppi\/\">Aikamuodot <\/a><a href=\"https:\/\/talkpal.ai\/fi\/exercise_language\/aikamuotojen-vertailu-makedonian-kielioppi\/\">Aikamuotojen vertailu <\/a><a href=\"https:\/\/talkpal.ai\/fi\/exercise_language\/artikkelit-makedonian-kielioppi\/\">Artikkelit <\/a><a href=\"https:\/\/talkpal.ai\/fi\/exercise_language\/konditionaalit-makedonian-kielioppi\/\">Konditionaalit <\/a><a href=\"https:\/\/talkpal.ai\/fi\/exercise_language\/lauseet-makedonian-kielioppi\/\">Lauseet <\/a><a href=\"https:\/\/talkpal.ai\/fi\/exercise_language\/prepositiot-makedonian-kielioppi\/\">Prepositiot <\/a><a href=\"https:\/\/talkpal.ai\/fi\/exercise_language\/progressiivinen-makedonian-kielioppi\/\">Progressiivinen <\/a><a href=\"https:\/\/talkpal.ai\/fi\/exercise_language\/pronominit-determinerit-makedonian-kielioppi\/\">Pronominit\/Determinerit <\/a><a href=\"https:\/\/talkpal.ai\/fi\/exercise_language\/substantiivit-makedonian-kielioppi\/\">Substantiivit <\/a><a href=\"https:\/\/talkpal.ai\/fi\/exercise_language\/taydellinen-progressiivinen-makedonian-kielioppi\/\">T\u00e4ydellinen progressiivinen <\/a><a href=\"https:\/\/talkpal.ai\/fi\/exercise_language\/verbit-makedonian-kielioppi\/\">Verbit <\/a>    <\/div>\r\n<\/section> -->\r\n\r\n\r\n\r\n\r\n        <section class=\"grammarSection\">\r\n            <div class=\"grammarLinks\">\r\n                <a href=\"https:\/\/talkpal.ai\/fi\/exercise_language\/adjektiivit-makedonian-kielioppi\/\">Adjektiivit <\/a><a href=\"https:\/\/talkpal.ai\/fi\/exercise_language\/adverbit-makedonian-kielioppi\/\">Adverbit <\/a><a href=\"https:\/\/talkpal.ai\/fi\/exercise_language\/aikamuodot-makedonian-kielioppi\/\">Aikamuodot <\/a><a href=\"https:\/\/talkpal.ai\/fi\/exercise_language\/aikamuotojen-vertailu-makedonian-kielioppi\/\">Aikamuotojen vertailu <\/a><a href=\"https:\/\/talkpal.ai\/fi\/exercise_language\/artikkelit-makedonian-kielioppi\/\">Artikkelit <\/a><a href=\"https:\/\/talkpal.ai\/fi\/exercise_language\/konditionaalit-makedonian-kielioppi\/\">Konditionaalit <\/a><a href=\"https:\/\/talkpal.ai\/fi\/exercise_language\/lauseet-makedonian-kielioppi\/\">Lauseet <\/a><a href=\"https:\/\/talkpal.ai\/fi\/exercise_language\/prepositiot-makedonian-kielioppi\/\">Prepositiot <\/a><a href=\"https:\/\/talkpal.ai\/fi\/exercise_language\/progressiivinen-makedonian-kielioppi\/\">Progressiivinen <\/a><a href=\"https:\/\/talkpal.ai\/fi\/exercise_language\/pronominit-determinerit-makedonian-kielioppi\/\">Pronominit\/Determinerit <\/a><a href=\"https:\/\/talkpal.ai\/fi\/exercise_language\/substantiivit-makedonian-kielioppi\/\">Substantiivit <\/a><a href=\"https:\/\/talkpal.ai\/fi\/exercise_language\/taydellinen-progressiivinen-makedonian-kielioppi\/\">T\u00e4ydellinen progressiivinen <\/a><a href=\"https:\/\/talkpal.ai\/fi\/exercise_language\/verbit-makedonian-kielioppi\/\">Verbit <\/a>            <\/div>\r\n        <\/section>\r\n<section class=\"promotionalBanner\">\r\n    <p class=\"promotionalText\">Tehokkain tapa oppia kielt\u00e4<\/p>\r\n    <a class=\"promotionalLink\" href=\"https:\/\/app.talkpal.ai\/fi\/signup?lng=\">Kokeile Talkpal ilmaiseksi<\/a>\r\n<\/section>\n<div class=\"wp-block-group pageContainerStyle\"><div class=\"wp-block-group__inner-container is-layout-constrained wp-block-group-is-layout-constrained\">\n<h2 class=\"wp-block-heading\" id=\"h-macedonian-grammar-topics\">Makedonian kieliopin aiheet<\/h2>\n\n\n\n<header id=\"main-header\" data-height-onload=\"80\" data-height-loaded=\"true\" data-fixed-height-onload=\"80\">\n<p><a href=\"https:\/\/talkpal.ai\/learn-macedonian\/\">Makedonia<\/a>, etel\u00e4slaavilainen kieli, on Pohjois-Makedonian virallinen kieli. Sit\u00e4 puhuu yli kaksi miljoonaa ihmist\u00e4 ymp\u00e4ri maailmaa, ja se tarjoaa ainutlaatuisen kielikokemuksen erityisten kielioppis\u00e4\u00e4nt\u00f6jens\u00e4 ja rikkaan sanavarastonsa ansiosta. T\u00e4m\u00e4 opas antaa sinulle yleiskatsauksen olennaisista makedonian kielioppiaiheista, jotka on j\u00e4rjestetty j\u00e4rjestykseen, joka helpottaa oppimisprosessiasi. Aikamuodoista lauserakenteisiin katamme kaikki tarvittavat tiedot, joiden avulla p\u00e4\u00e4set alkuun matkallasi makedonian kielen hallintaan.<\/p>\n<h3>1. Substantiivit:<\/h3>\n<p>Kuten muillakin slaavilaisilla kielill\u00e4, makedonialaisilla substantiiveilla on kolme sukupuolta (maskuliininen, feminiininen ja neutri), ja niit\u00e4 taivutetaan tapauksen ja numeron mukaan. Sukupuolen ja oikeiden taivutusten oppiminen on ratkaisevan t\u00e4rke\u00e4\u00e4 kieliopillisesti oikeiden lauseiden muodostamiseksi.<\/p>\n<h3>2. Artiklat:<\/h3>\n<p>makedonian kielell\u00e4 on vain yksi selv\u00e4 artikkeli, joka vaihtelee sukupuolen ja tapauksen mukaan. Makedonian kieless\u00e4 ei ole ep\u00e4m\u00e4\u00e4r\u00e4isi\u00e4 artikkeleita, mutta numeroa &#8221;yksi&#8221; voidaan k\u00e4ytt\u00e4\u00e4 samalla tavalla.<\/p>\n<h3>3. Adjektiivit:<\/h3>\n<p>Makedonian adjektiivit sopivat yhteen niiden substantiivien kanssa, joita ne muuttavat sukupuolen, lukum\u00e4\u00e4r\u00e4n ja kirjainkoon mukaan. Niill\u00e4 on sek\u00e4 pitki\u00e4 ett\u00e4 lyhyit\u00e4 muotoja, joita k\u00e4ytet\u00e4\u00e4n eri yhteyksiss\u00e4.<\/p>\n<h3>4. Pronominit\/m\u00e4\u00e4ritteet:<\/h3>\n<p>Makedoniassa on erilaisia pronomineja ja m\u00e4\u00e4ritteit\u00e4, jotka ovat v\u00e4ltt\u00e4m\u00e4tt\u00f6mi\u00e4 lauseiden muodostamisessa. Ne korvaavat <a href=\"https:\/\/talkpal.ai\/learn-thai\/\">tai<\/a> muokkaavat substantiiveja ja ovat samaa mielt\u00e4 niiden kanssa sukupuolen, lukum\u00e4\u00e4r\u00e4n ja kirjainkoon suhteen.<\/p>\n<h3>5. Verbit:<\/h3>\n<p>Verbit ovat keskeisi\u00e4 makedonian kieliopissa. Ne konjugoituvat henkil\u00f6lle ja numerolle, ja niill\u00e4 on erilaisia aikamuotoja, aspekteja ja tunnelmia.<\/p>\n<h3>6. Aikamuodot:<\/h3>\n<p>Makedonialla on kolme perusmuotoa &#8211; menneisyys, nykyisyys ja tulevaisuus. Ne muodostetaan k\u00e4ytt\u00e4m\u00e4ll\u00e4 erilaisia verbitaivutuksia ja apuverbej\u00e4. On t\u00e4rke\u00e4\u00e4 ymm\u00e4rt\u00e4\u00e4 kunkin aikamuodon muodostuminen ja k\u00e4ytt\u00f6 toimien ja tapahtumien ilmaisemiseksi tarkasti.<\/p>\n<h3>7. J\u00e4nnittynyt vertailu:<\/h3>\n<p>Toimintojen ja tapahtumien vertailu eri aikamuodoissa on v\u00e4ltt\u00e4m\u00e4t\u00f6nt\u00e4 merkityksen v\u00e4litt\u00e4miseksi. Makedonian kieless\u00e4 t\u00e4m\u00e4 vertailu saavutetaan k\u00e4ytt\u00e4m\u00e4ll\u00e4 erityisi\u00e4 verbimuotoja ja apuverbej\u00e4.<\/p>\n<h3>8. Progressiivinen:<\/h3>\n<p>Makedonian progressiivista puolta k\u00e4ytet\u00e4\u00e4n osoittamaan k\u00e4ynniss\u00e4 olevia toimia. Se muodostetaan k\u00e4ytt\u00e4m\u00e4ll\u00e4 verbin &#8221;olla&#8221; preesensia ja p\u00e4\u00e4verbin aktiivin preesensin partitiivia.<\/p>\n<h3>9. T\u00e4ydellinen progressiivinen:<\/h3>\n<p>T\u00e4m\u00e4 n\u00e4k\u00f6kohta yhdist\u00e4\u00e4 progressiiviset ja t\u00e4ydelliset n\u00e4k\u00f6kohdat kuvaamaan toimia, jotka olivat k\u00e4ynniss\u00e4 menneisyydess\u00e4 ja joilla on yhteys nykyhetkeen. Se muodostetaan k\u00e4ytt\u00e4m\u00e4ll\u00e4 verbin &#8221;olla&#8221; preesensia ja p\u00e4\u00e4verbin aktiivin menneen ajan partitiivia.<\/p>\n<h3>10. Sananlaskut:<\/h3>\n<p>Makedoniankielisi\u00e4 adverbeja k\u00e4ytet\u00e4\u00e4n verbien, adjektiivien tai muiden <a href=\"https:\/\/talkpal.ai\/ar\/grammar_exercises\/adverbien-%d8%aa%d9%85%d8%a7%d8%b1%d9%8a%d9%86-%d9%84%d9%84%d9%82%d9%88%d8%a7%d8%b9%d8%af-%d8%a7%d9%84%d8%a3%d9%84%d9%85%d8%a7%d9%86%d9%8a%d8%a9\/\">adverbien<\/a> muokkaamiseen. Ne eiv\u00e4t yleens\u00e4 muuta muotoaan, ja ne on helppo tunnistaa tyypillisist\u00e4 p\u00e4\u00e4tteist\u00e4\u00e4n.<\/p>\n<h3>11. Ehdolliset lausekkeet:<\/h3>\n<p>Makedonialla on kolmenlaisia konditionaaleja &#8211; todellinen, ep\u00e4todellinen ja potentiaalinen. Niit\u00e4 k\u00e4ytet\u00e4\u00e4n ilmaisemaan hypoteettisia tilanteita ja niiden seurauksia.<\/p>\n<h3>12. Prepositiot:<\/h3>\n<p>Makedonian <a href=\"https:\/\/talkpal.ai\/fi\/grammar\/kohdan-kannadan-kieliopissa-prepositiot\/\">prepositiot<\/a> ovat v\u00e4ltt\u00e4m\u00e4tt\u00f6mi\u00e4 lauseiden ja lauseiden muodostamisessa. Ne ilmaisevat erilaisia sanojen v\u00e4lisi\u00e4 suhteita, kuten sijainti, suunta, aika tai syy.<\/p>\n<h3>13. Lauseet:<\/h3>\n<p>Makedonialaisten lauseiden rakenteen ymm\u00e4rt\u00e4minen on ratkaisevan t\u00e4rke\u00e4\u00e4 tehokkaan viestinn\u00e4n kannalta. Makedonian lauseet noudattavat yleens\u00e4 subjekti-verbi-objekti (SVO) -sanaj\u00e4rjestyst\u00e4, mutta vaihtelua voi esiinty\u00e4 painotuksesta ja kontekstista riippuen.<\/p>\n<\/header>\n\n\n\n<footer> <\/footer>\n<\/div><\/div>\n\r\n<section class=\"learnNavigationSection\">\r\n            \r\n        <a href=\"https:\/\/talkpal.ai\/fi\/opi-makedoniaa\/\">\r\n            <div class=\"learnNavigationWrapper\">\r\n                <div class=\"learnNavigationContent\">\r\n                    <img decoding=\"async\" src=\"https:\/\/talkpal.ai\/wp-content\/uploads\/2024\/08\/Macedonian.jpg\" alt=\"Macedonian Flag\">\r\n                    <div>\r\n                        <h4>Tietoja Makedonian oppimisesta<\/h4>\r\n                        <p>Tutustu makedonialaiseen kielioppiin.<\/p>\r\n                    <\/div>\r\n                <\/div>\r\n            <\/div>\r\n        <\/a>\r\n\r\n        \r\n        <a href=\"https:\/\/talkpal.ai\/fi\/makedonian-kielioppi\/\">\r\n            <div class=\"learnNavigationWrapper\">\r\n                <div class=\"learnNavigationContent\">\r\n                    <img decoding=\"async\" src=\"https:\/\/talkpal.ai\/wp-content\/uploads\/2024\/08\/Macedonian.jpg\" alt=\"Macedonian Flag\">\r\n                    <div>\r\n                        <h4>Makedonian kieliopin oppitunnit<\/h4>\r\n                        <p>Harjoittele makedonian kielioppia.<\/p>\r\n                    <\/div>\r\n                <\/div>\r\n            <\/div>\r\n        <\/a>\r\n\r\n        \r\n        <a href=\"https:\/\/talkpal.ai\/vocabulary_language\/macedonian\/\">\r\n            <div class=\"learnNavigationWrapper\">\r\n                <div class=\"learnNavigationContent\">\r\n                    <img decoding=\"async\" src=\"https:\/\/talkpal.ai\/wp-content\/uploads\/2024\/08\/Macedonian.jpg\" alt=\"Macedonian Flag\">\r\n                    <div>\r\n                        <h4>Makedonian sanasto<\/h4>\r\n                        <p>Laajenna makedonialaista sanavarastoasi.<\/p>\r\n                    <\/div>\r\n                <\/div>\r\n            <\/div>\r\n        <\/a>\r\n\r\n            <\/section>","protected":false},"excerpt":{"rendered":"<p>Makedonian kieliopin aiheet Makedonia, etel\u00e4slaavilainen kieli, on Pohjois-Makedonian virallinen kieli. Sit\u00e4 puhuu yli kaksi miljoonaa ihmist\u00e4 ymp\u00e4ri maailmaa, ja se tarjoaa ainutlaatuisen kielikokemuksen erityisten kielioppis\u00e4\u00e4nt\u00f6jens\u00e4 ja rikkaan sanavarastonsa ansiosta. T\u00e4m\u00e4 opas antaa sinulle yleiskatsauksen olennaisista makedonian kielioppiaiheista, jotka on j\u00e4rjestetty j\u00e4rjestykseen, joka helpottaa oppimisprosessiasi. Aikamuodoista lauserakenteisiin katamme kaikki tarvittavat tiedot, joiden avulla p\u00e4\u00e4set alkuun matkallasi [&hellip;]<\/p>\n","protected":false},"author":6,"featured_media":28587,"parent":0,"menu_order":0,"comment_status":"closed","ping_status":"closed","template":"LearningContentPage.php","meta":{"_acf_changed":false,"footnotes":""},"class_list":["post-159854","page","type-page","status-publish","has-post-thumbnail","hentry"],"acf":[],"yoast_head":"<!-- This site is optimized with the Yoast SEO Premium plugin v27.2 (Yoast SEO v27.2) - https:\/\/yoast.com\/product\/yoast-seo-premium-wordpress\/ -->\n<title>Makedonian kielioppiharjoitukset - Talkpal<\/title>\n<meta name=\"description\" content=\"Opettele makedonialaista kielioppia interaktiivisten makedonialaisen kieliopin harjoitusten avulla. Talkpal, teko\u00e4lyavusteinen kieltenopettajasi.\" \/>\n<meta name=\"robots\" content=\"index, follow, max-snippet:-1, max-image-preview:large, max-video-preview:-1\" \/>\n<link rel=\"canonical\" href=\"https:\/\/talkpal.ai\/fi\/makedonian-kielioppiharjoitukset\/\" \/>\n<meta property=\"og:locale\" content=\"fi_FI\" \/>\n<meta property=\"og:type\" content=\"article\" \/>\n<meta property=\"og:title\" content=\"Makedonian kielioppiharjoitukset\" \/>\n<meta property=\"og:description\" content=\"Makedonian kieliopin aiheet Makedonia, etel\u00e4slaavilainen kieli, on Pohjois-Makedonian virallinen kieli. Sit\u00e4 puhuu yli kaksi miljoonaa ihmist\u00e4 ymp\u00e4ri\" \/>\n<meta property=\"og:url\" content=\"https:\/\/talkpal.ai\/fi\/makedonian-kielioppiharjoitukset\/\" \/>\n<meta property=\"og:site_name\" content=\"Talkpal\" \/>\n<meta property=\"article:publisher\" content=\"https:\/\/www.facebook.com\/profile.php?id=100090733639311\" \/>\n<meta property=\"article:modified_time\" content=\"2025-12-17T15:56:34+00:00\" \/>\n<meta property=\"og:image\" content=\"https:\/\/talkpal.ai\/wp-content\/uploads\/2023\/05\/republic-of-macedonia.png\" \/>\n\t<meta property=\"og:image:width\" content=\"512\" \/>\n\t<meta property=\"og:image:height\" content=\"512\" \/>\n\t<meta property=\"og:image:type\" content=\"image\/png\" \/>\n<meta name=\"twitter:card\" content=\"summary_large_image\" \/>\n<meta name=\"twitter:site\" content=\"@talkpalai\" \/>\n<meta name=\"twitter:label1\" content=\"Arvioitu lukuaika\" \/>\n\t<meta name=\"twitter:data1\" content=\"2 minuuttia\" \/>\n<script type=\"application\/ld+json\" class=\"yoast-schema-graph\">{\"@context\":\"https:\/\/schema.org\",\"@graph\":[{\"@type\":\"WebPage\",\"@id\":\"https:\/\/talkpal.ai\/fi\/makedonian-kielioppiharjoitukset\/\",\"url\":\"https:\/\/talkpal.ai\/fi\/makedonian-kielioppiharjoitukset\/\",\"name\":\"Makedonian kielioppiharjoitukset - Talkpal\",\"isPartOf\":{\"@id\":\"https:\/\/talkpal.ai\/fi\/#website\"},\"primaryImageOfPage\":{\"@id\":\"https:\/\/talkpal.ai\/fi\/makedonian-kielioppiharjoitukset\/#primaryimage\"},\"image\":{\"@id\":\"https:\/\/talkpal.ai\/fi\/makedonian-kielioppiharjoitukset\/#primaryimage\"},\"thumbnailUrl\":\"https:\/\/talkpal.ai\/wp-content\/uploads\/2023\/05\/republic-of-macedonia.png\",\"datePublished\":\"2023-06-22T08:24:14+00:00\",\"dateModified\":\"2025-12-17T15:56:34+00:00\",\"description\":\"Opettele makedonialaista kielioppia interaktiivisten makedonialaisen kieliopin harjoitusten avulla. Talkpal, teko\u00e4lyavusteinen kieltenopettajasi.\",\"breadcrumb\":{\"@id\":\"https:\/\/talkpal.ai\/fi\/makedonian-kielioppiharjoitukset\/#breadcrumb\"},\"inLanguage\":\"fi\",\"potentialAction\":[{\"@type\":\"ReadAction\",\"target\":[\"https:\/\/talkpal.ai\/fi\/makedonian-kielioppiharjoitukset\/\"]}]},{\"@type\":\"ImageObject\",\"inLanguage\":\"fi\",\"@id\":\"https:\/\/talkpal.ai\/fi\/makedonian-kielioppiharjoitukset\/#primaryimage\",\"url\":\"https:\/\/talkpal.ai\/wp-content\/uploads\/2023\/05\/republic-of-macedonia.png\",\"contentUrl\":\"https:\/\/talkpal.ai\/wp-content\/uploads\/2023\/05\/republic-of-macedonia.png\",\"width\":512,\"height\":512},{\"@type\":\"BreadcrumbList\",\"@id\":\"https:\/\/talkpal.ai\/fi\/makedonian-kielioppiharjoitukset\/#breadcrumb\",\"itemListElement\":[{\"@type\":\"ListItem\",\"position\":1,\"name\":\"Homepage\",\"item\":\"https:\/\/talkpal.ai\/fi\/\"},{\"@type\":\"ListItem\",\"position\":2,\"name\":\"Makedonian kielioppiharjoitukset\"}]},{\"@type\":\"WebSite\",\"@id\":\"https:\/\/talkpal.ai\/fi\/#website\",\"url\":\"https:\/\/talkpal.ai\/fi\/\",\"name\":\"Talkpal\",\"description\":\"AI Language Learning\",\"publisher\":{\"@id\":\"https:\/\/talkpal.ai\/fi\/#organization\"},\"alternateName\":\"Talkpal AI\",\"potentialAction\":[{\"@type\":\"SearchAction\",\"target\":{\"@type\":\"EntryPoint\",\"urlTemplate\":\"https:\/\/talkpal.ai\/fi\/?s={search_term_string}\"},\"query-input\":{\"@type\":\"PropertyValueSpecification\",\"valueRequired\":true,\"valueName\":\"search_term_string\"}}],\"inLanguage\":\"fi\"},{\"@type\":\"Organization\",\"@id\":\"https:\/\/talkpal.ai\/fi\/#organization\",\"name\":\"Talkpal, Inc.\",\"alternateName\":\"Talkpal AI\",\"url\":\"https:\/\/talkpal.ai\/fi\/\",\"logo\":{\"@type\":\"ImageObject\",\"inLanguage\":\"fi\",\"@id\":\"https:\/\/talkpal.ai\/fi\/#\/schema\/logo\/image\/\",\"url\":\"https:\/\/talkpal.ai\/wp-content\/uploads\/2024\/03\/Talkpal-Logo-Icon.png\",\"contentUrl\":\"https:\/\/talkpal.ai\/wp-content\/uploads\/2024\/03\/Talkpal-Logo-Icon.png\",\"width\":2880,\"height\":2880,\"caption\":\"Talkpal, Inc.\"},\"image\":{\"@id\":\"https:\/\/talkpal.ai\/fi\/#\/schema\/logo\/image\/\"},\"sameAs\":[\"https:\/\/www.facebook.com\/profile.php?id=100090733639311\",\"https:\/\/x.com\/talkpalai\",\"https:\/\/www.linkedin.com\/company\/talkpal\/\",\"https:\/\/www.youtube.com\/@TalkPal\/\",\"https:\/\/www.tiktok.com\/@talkpal\",\"https:\/\/www.instagram.com\/talkpal_ai\/\",\"https:\/\/www.crunchbase.com\/organization\/talkpal-9cde\",\"https:\/\/www.g2.com\/products\/talkpal-for-business\/\",\"https:\/\/www.trustpilot.com\/review\/talkpal.ai\",\"https:\/\/www.capterra.com\/p\/10006800\/TalkPal\/\"],\"description\":\"Talkpal is a language learning web and mobile education app, powered by the latest AI technologies, that provides engaging experiences to its customers in many different languages to help them improve their language skills. Users can chat about unlimited amount of topics with the app and use other modes to practice their language learning.\",\"email\":\"support@talkpal.ai\",\"legalName\":\"Talkpal, Inc.\",\"foundingDate\":\"2023-04-03\",\"duns\":\"118989042\",\"numberOfEmployees\":{\"@type\":\"QuantitativeValue\",\"minValue\":\"11\",\"maxValue\":\"50\"},\"publishingPrinciples\":\"https:\/\/talkpal.ai\/publishing-principles\/\",\"actionableFeedbackPolicy\":\"https:\/\/talkpal.ai\/actionable-feedback-policy\/\",\"correctionsPolicy\":\"https:\/\/talkpal.ai\/corrections-policy\/\",\"ethicsPolicy\":\"https:\/\/talkpal.ai\/ethics-policy\/\",\"diversityPolicy\":\"https:\/\/talkpal.ai\/diversity-policy\/\",\"diversityStaffingReport\":\"https:\/\/talkpal.ai\/diversity-policy\/\"}]}<\/script>\n<!-- \/ Yoast SEO Premium plugin. -->","yoast_head_json":{"title":"Makedonian kielioppiharjoitukset - Talkpal","description":"Opettele makedonialaista kielioppia interaktiivisten makedonialaisen kieliopin harjoitusten avulla. Talkpal, teko\u00e4lyavusteinen kieltenopettajasi.","robots":{"index":"index","follow":"follow","max-snippet":"max-snippet:-1","max-image-preview":"max-image-preview:large","max-video-preview":"max-video-preview:-1"},"canonical":"https:\/\/talkpal.ai\/fi\/makedonian-kielioppiharjoitukset\/","og_locale":"fi_FI","og_type":"article","og_title":"Makedonian kielioppiharjoitukset","og_description":"Makedonian kieliopin aiheet Makedonia, etel\u00e4slaavilainen kieli, on Pohjois-Makedonian virallinen kieli. Sit\u00e4 puhuu yli kaksi miljoonaa ihmist\u00e4 ymp\u00e4ri","og_url":"https:\/\/talkpal.ai\/fi\/makedonian-kielioppiharjoitukset\/","og_site_name":"Talkpal","article_publisher":"https:\/\/www.facebook.com\/profile.php?id=100090733639311","article_modified_time":"2025-12-17T15:56:34+00:00","og_image":[{"width":512,"height":512,"url":"https:\/\/talkpal.ai\/wp-content\/uploads\/2023\/05\/republic-of-macedonia.png","type":"image\/png"}],"twitter_card":"summary_large_image","twitter_site":"@talkpalai","twitter_misc":{"Arvioitu lukuaika":"2 minuuttia"},"schema":{"@context":"https:\/\/schema.org","@graph":[{"@type":"WebPage","@id":"https:\/\/talkpal.ai\/fi\/makedonian-kielioppiharjoitukset\/","url":"https:\/\/talkpal.ai\/fi\/makedonian-kielioppiharjoitukset\/","name":"Makedonian kielioppiharjoitukset - Talkpal","isPartOf":{"@id":"https:\/\/talkpal.ai\/fi\/#website"},"primaryImageOfPage":{"@id":"https:\/\/talkpal.ai\/fi\/makedonian-kielioppiharjoitukset\/#primaryimage"},"image":{"@id":"https:\/\/talkpal.ai\/fi\/makedonian-kielioppiharjoitukset\/#primaryimage"},"thumbnailUrl":"https:\/\/talkpal.ai\/wp-content\/uploads\/2023\/05\/republic-of-macedonia.png","datePublished":"2023-06-22T08:24:14+00:00","dateModified":"2025-12-17T15:56:34+00:00","description":"Opettele makedonialaista kielioppia interaktiivisten makedonialaisen kieliopin harjoitusten avulla. Talkpal, teko\u00e4lyavusteinen kieltenopettajasi.","breadcrumb":{"@id":"https:\/\/talkpal.ai\/fi\/makedonian-kielioppiharjoitukset\/#breadcrumb"},"inLanguage":"fi","potentialAction":[{"@type":"ReadAction","target":["https:\/\/talkpal.ai\/fi\/makedonian-kielioppiharjoitukset\/"]}]},{"@type":"ImageObject","inLanguage":"fi","@id":"https:\/\/talkpal.ai\/fi\/makedonian-kielioppiharjoitukset\/#primaryimage","url":"https:\/\/talkpal.ai\/wp-content\/uploads\/2023\/05\/republic-of-macedonia.png","contentUrl":"https:\/\/talkpal.ai\/wp-content\/uploads\/2023\/05\/republic-of-macedonia.png","width":512,"height":512},{"@type":"BreadcrumbList","@id":"https:\/\/talkpal.ai\/fi\/makedonian-kielioppiharjoitukset\/#breadcrumb","itemListElement":[{"@type":"ListItem","position":1,"name":"Homepage","item":"https:\/\/talkpal.ai\/fi\/"},{"@type":"ListItem","position":2,"name":"Makedonian kielioppiharjoitukset"}]},{"@type":"WebSite","@id":"https:\/\/talkpal.ai\/fi\/#website","url":"https:\/\/talkpal.ai\/fi\/","name":"Talkpal","description":"AI Language Learning","publisher":{"@id":"https:\/\/talkpal.ai\/fi\/#organization"},"alternateName":"Talkpal AI","potentialAction":[{"@type":"SearchAction","target":{"@type":"EntryPoint","urlTemplate":"https:\/\/talkpal.ai\/fi\/?s={search_term_string}"},"query-input":{"@type":"PropertyValueSpecification","valueRequired":true,"valueName":"search_term_string"}}],"inLanguage":"fi"},{"@type":"Organization","@id":"https:\/\/talkpal.ai\/fi\/#organization","name":"Talkpal, Inc.","alternateName":"Talkpal AI","url":"https:\/\/talkpal.ai\/fi\/","logo":{"@type":"ImageObject","inLanguage":"fi","@id":"https:\/\/talkpal.ai\/fi\/#\/schema\/logo\/image\/","url":"https:\/\/talkpal.ai\/wp-content\/uploads\/2024\/03\/Talkpal-Logo-Icon.png","contentUrl":"https:\/\/talkpal.ai\/wp-content\/uploads\/2024\/03\/Talkpal-Logo-Icon.png","width":2880,"height":2880,"caption":"Talkpal, Inc."},"image":{"@id":"https:\/\/talkpal.ai\/fi\/#\/schema\/logo\/image\/"},"sameAs":["https:\/\/www.facebook.com\/profile.php?id=100090733639311","https:\/\/x.com\/talkpalai","https:\/\/www.linkedin.com\/company\/talkpal\/","https:\/\/www.youtube.com\/@TalkPal\/","https:\/\/www.tiktok.com\/@talkpal","https:\/\/www.instagram.com\/talkpal_ai\/","https:\/\/www.crunchbase.com\/organization\/talkpal-9cde","https:\/\/www.g2.com\/products\/talkpal-for-business\/","https:\/\/www.trustpilot.com\/review\/talkpal.ai","https:\/\/www.capterra.com\/p\/10006800\/TalkPal\/"],"description":"Talkpal is a language learning web and mobile education app, powered by the latest AI technologies, that provides engaging experiences to its customers in many different languages to help them improve their language skills. Users can chat about unlimited amount of topics with the app and use other modes to practice their language learning.","email":"support@talkpal.ai","legalName":"Talkpal, Inc.","foundingDate":"2023-04-03","duns":"118989042","numberOfEmployees":{"@type":"QuantitativeValue","minValue":"11","maxValue":"50"},"publishingPrinciples":"https:\/\/talkpal.ai\/publishing-principles\/","actionableFeedbackPolicy":"https:\/\/talkpal.ai\/actionable-feedback-policy\/","correctionsPolicy":"https:\/\/talkpal.ai\/corrections-policy\/","ethicsPolicy":"https:\/\/talkpal.ai\/ethics-policy\/","diversityPolicy":"https:\/\/talkpal.ai\/diversity-policy\/","diversityStaffingReport":"https:\/\/talkpal.ai\/diversity-policy\/"}]}},"_links":{"self":[{"href":"https:\/\/talkpal.ai\/fi\/wp-json\/wp\/v2\/pages\/159854","targetHints":{"allow":["GET"]}}],"collection":[{"href":"https:\/\/talkpal.ai\/fi\/wp-json\/wp\/v2\/pages"}],"about":[{"href":"https:\/\/talkpal.ai\/fi\/wp-json\/wp\/v2\/types\/page"}],"author":[{"embeddable":true,"href":"https:\/\/talkpal.ai\/fi\/wp-json\/wp\/v2\/users\/6"}],"replies":[{"embeddable":true,"href":"https:\/\/talkpal.ai\/fi\/wp-json\/wp\/v2\/comments?post=159854"}],"version-history":[{"count":0,"href":"https:\/\/talkpal.ai\/fi\/wp-json\/wp\/v2\/pages\/159854\/revisions"}],"wp:featuredmedia":[{"embeddable":true,"href":"https:\/\/talkpal.ai\/fi\/wp-json\/wp\/v2\/media\/28587"}],"wp:attachment":[{"href":"https:\/\/talkpal.ai\/fi\/wp-json\/wp\/v2\/media?parent=159854"}],"curies":[{"name":"wp","href":"https:\/\/api.w.org\/{rel}","templated":true}]}}