{"id":158709,"date":"2023-06-22T08:52:21","date_gmt":"2023-06-22T08:52:21","guid":{"rendered":"http:\/\/talkpal.ai\/nepalin-kielioppiharjoitukset\/"},"modified":"2025-12-17T14:36:38","modified_gmt":"2025-12-17T14:36:38","slug":"nepalin-kielioppiharjoitukset","status":"publish","type":"page","link":"https:\/\/talkpal.ai\/fi\/nepalin-kielioppiharjoitukset\/","title":{"rendered":"Nepalin kielioppiharjoitukset"},"content":{"rendered":"\r\n\r\n\r\n<section class=\"languageChallengeSection\">\r\n    <div class=\"languageInfoWrapper\">\r\n        \r\n        <h1>Nepalin kielioppiharjoitukset<\/h1>\r\n        <p>Haluatko oppia itsevarmemmin nepalia? Kielioppiharjoitukset ovat hyv\u00e4 tapa ymm\u00e4rt\u00e4\u00e4 lauserakennetta, verbimuotoja ja kielen ainutlaatuisia malleja. Aloita nepalin kieliopin opiskelu jo t\u00e4n\u00e4\u00e4n ja katso, kuinka taitosi ja sujuvuutesi kasvavat jokaisen harjoituksen my\u00f6t\u00e4!<\/p>\r\n\r\n                            <a class=\"getStartedHidden\" href=\"https:\/\/app.talkpal.ai\/fi\/signup?lng=\">Aloita<\/a>\r\n        \r\n    <\/div>\r\n\r\n    <figure>\r\n    <img decoding=\"async\" width=\"768\" height=\"768\" src=\"https:\/\/talkpal.ai\/wp-content\/uploads\/2023\/06\/nepali-768x768.png\" class=\"languageImage no-lazy\" alt=\"Default alt text\" fetchpriority=\"high\" sizes=\"(max-width: 768px) 150px, 768px\" srcset=\"https:\/\/talkpal.ai\/wp-content\/uploads\/2023\/06\/nepali-768x768.png 768w, https:\/\/talkpal.ai\/wp-content\/uploads\/2023\/06\/nepali-300x300.png 300w\" \/>\r\n    \r\n\r\n    <\/figure>\r\n\r\n            <a class=\"getStartedVisible\" href=\"https:\/\/app.talkpal.ai\/fi\/signup?lng=\">Aloita<\/a>\r\n    \r\n<\/section>\r\n\r\n\r\n<!-- <section class=\"grammarSection\">\r\n    <div class=\"grammarLinks\">\r\n        <a href=\"https:\/\/talkpal.ai\/fi\/exercise_language\/adjektiivit-nepalin-kielioppi\/\">Adjektiivit <\/a><a href=\"https:\/\/talkpal.ai\/fi\/exercise_language\/adverbit-nepalin-kielioppi\/\">Adverbit <\/a><a href=\"https:\/\/talkpal.ai\/fi\/exercise_language\/aikamuodot-nepalin-kielioppi\/\">Aikamuodot <\/a><a href=\"https:\/\/talkpal.ai\/fi\/exercise_language\/aikamuotojen-vertailu-nepalin-kielioppi\/\">Aikamuotojen vertailu <\/a><a href=\"https:\/\/talkpal.ai\/fi\/exercise_language\/artikkelit-nepalin-kielioppi\/\">Artikkelit <\/a><a href=\"https:\/\/talkpal.ai\/fi\/exercise_language\/konditionaalit-nepalin-kielioppi\/\">Konditionaalit <\/a><a href=\"https:\/\/talkpal.ai\/fi\/exercise_language\/lauseet-nepalin-kielioppi\/\">Lauseet <\/a><a href=\"https:\/\/talkpal.ai\/fi\/exercise_language\/prepositiot-nepalin-kielioppi\/\">Prepositiot <\/a><a href=\"https:\/\/talkpal.ai\/fi\/exercise_language\/progressiivinen-nepalin-kielioppi\/\">Progressiivinen <\/a><a href=\"https:\/\/talkpal.ai\/fi\/exercise_language\/pronominit-determinerit-nepalin-kielioppi\/\">Pronominit\/Determinerit <\/a><a href=\"https:\/\/talkpal.ai\/fi\/exercise_language\/substantiivit-nepalin-kielioppi\/\">Substantiivit <\/a><a href=\"https:\/\/talkpal.ai\/fi\/exercise_language\/taydellinen-progressiivinen-nepalin-kielioppi\/\">T\u00e4ydellinen progressiivinen <\/a><a href=\"https:\/\/talkpal.ai\/fi\/exercise_language\/verbit-nepalin-kielioppi\/\">Verbit <\/a>    <\/div>\r\n<\/section> -->\r\n\r\n\r\n\r\n\r\n        <section class=\"grammarSection\">\r\n            <div class=\"grammarLinks\">\r\n                <a href=\"https:\/\/talkpal.ai\/fi\/exercise_language\/adjektiivit-nepalin-kielioppi\/\">Adjektiivit <\/a><a href=\"https:\/\/talkpal.ai\/fi\/exercise_language\/adverbit-nepalin-kielioppi\/\">Adverbit <\/a><a href=\"https:\/\/talkpal.ai\/fi\/exercise_language\/aikamuodot-nepalin-kielioppi\/\">Aikamuodot <\/a><a href=\"https:\/\/talkpal.ai\/fi\/exercise_language\/aikamuotojen-vertailu-nepalin-kielioppi\/\">Aikamuotojen vertailu <\/a><a href=\"https:\/\/talkpal.ai\/fi\/exercise_language\/artikkelit-nepalin-kielioppi\/\">Artikkelit <\/a><a href=\"https:\/\/talkpal.ai\/fi\/exercise_language\/konditionaalit-nepalin-kielioppi\/\">Konditionaalit <\/a><a href=\"https:\/\/talkpal.ai\/fi\/exercise_language\/lauseet-nepalin-kielioppi\/\">Lauseet <\/a><a href=\"https:\/\/talkpal.ai\/fi\/exercise_language\/prepositiot-nepalin-kielioppi\/\">Prepositiot <\/a><a href=\"https:\/\/talkpal.ai\/fi\/exercise_language\/progressiivinen-nepalin-kielioppi\/\">Progressiivinen <\/a><a href=\"https:\/\/talkpal.ai\/fi\/exercise_language\/pronominit-determinerit-nepalin-kielioppi\/\">Pronominit\/Determinerit <\/a><a href=\"https:\/\/talkpal.ai\/fi\/exercise_language\/substantiivit-nepalin-kielioppi\/\">Substantiivit <\/a><a href=\"https:\/\/talkpal.ai\/fi\/exercise_language\/taydellinen-progressiivinen-nepalin-kielioppi\/\">T\u00e4ydellinen progressiivinen <\/a><a href=\"https:\/\/talkpal.ai\/fi\/exercise_language\/verbit-nepalin-kielioppi\/\">Verbit <\/a>            <\/div>\r\n        <\/section>\r\n<section class=\"promotionalBanner\">\r\n    <p class=\"promotionalText\">Tehokkain tapa oppia kielt\u00e4<\/p>\r\n    <a class=\"promotionalLink\" href=\"https:\/\/app.talkpal.ai\/fi\/signup?lng=\">Kokeile Talkpal ilmaiseksi<\/a>\r\n<\/section>\n<div class=\"wp-block-group pageContainerStyle\"><div class=\"wp-block-group__inner-container is-layout-constrained wp-block-group-is-layout-constrained\">\n<h2 class=\"wp-block-heading\" id=\"h-nepali-grammar-topics\">Nepali Kieliopin aiheet<\/h2>\n\n\n\n<p>Nepalin <a href=\"https:\/\/talkpal.ai\/fi\/paras-tapa-oppia-2\/\">kielen oppiminen<\/a> voi olla kiehtova ja palkitseva kokemus kaikille, jotka ovat kiinnostuneita sukeltamaan Nepalin rikkaaseen kulttuuriin ja historiaan. Kuten mink\u00e4 tahansa kielen kohdalla, nepalin kieliopin hallitseminen on ratkaisevan t\u00e4rke\u00e4\u00e4 tehokkaan viestinn\u00e4n kannalta. T\u00e4m\u00e4 artikkeli opastaa sinut Nepalin kieliopin aiheiden l\u00e4pi ryhmiteltyn\u00e4 j\u00e4rjestykseen, joka helpottaa kieltenoppimismatkaasi. Aikamuodoista lauserakenteisiin t\u00e4m\u00e4 opas antaa sinulle yleiskatsauksen t\u00e4rkeist\u00e4 kielioppik\u00e4sitteist\u00e4, jotka luovat vahvan perustan nepalin kielen taidoillesi.<\/p>\n\n\n\n<h3 class=\"wp-block-heading\" id=\"h-1-tenses\">1. Aikamuodot:<\/h3>\n\n\n\n<p>Aikamuotojen ymm\u00e4rt\u00e4minen on v\u00e4ltt\u00e4m\u00e4t\u00f6nt\u00e4 mink\u00e4 tahansa kielen oppimisessa, koska ne auttavat v\u00e4litt\u00e4m\u00e4\u00e4n toiminnan <a href=\"https:\/\/talkpal.ai\/learn-thai\/\">tai<\/a> tapahtuman ajan. Nepalissa on kolme p\u00e4\u00e4muotoa: menneisyys, nykyisyys ja tulevaisuus. Jokaisella aikamuodolla on omat verbien taivutuss\u00e4\u00e4nn\u00f6t, joihin sinun tulisi tutustua kuvataksesi tarkasti toimia eri aikav\u00e4leiss\u00e4.<\/p>\n\n\n\n<h3 class=\"wp-block-heading\" id=\"h-2-tense-comparison\">2. J\u00e4nnittynyt vertailu:<\/h3>\n\n\n\n<p>Nepalin aikamuotojen vertailu on t\u00e4rke\u00e4 osa kielen hallintaa. T\u00e4h\u00e4n sis\u00e4ltyy ymm\u00e4rrys siit\u00e4, miten eri aikamuodot liittyv\u00e4t toisiinsa ja miten niit\u00e4 voidaan k\u00e4ytt\u00e4\u00e4 yhdess\u00e4 selke\u00e4n viestinn\u00e4n saavuttamiseksi. T\u00e4m\u00e4 auttaa sinua v\u00e4ltt\u00e4m\u00e4\u00e4n sekaannusta, kun keskustelet menneisyyden, nykyisyyden tai tulevaisuuden tapahtumista.<\/p>\n\n\n\n<h3 class=\"wp-block-heading\" id=\"h-3-progressive\">3. Progressiivinen:<\/h3>\n\n\n\n<p>Nepalin kieliopin progressiivinen n\u00e4k\u00f6kohta osoittaa k\u00e4ynniss\u00e4 olevia toimia. Verbien progressiivisen muodon oppiminen on t\u00e4rke\u00e4\u00e4 ilmaisemaan toimia, jotka tapahtuvat tai tapahtuivat tiettyn\u00e4 ajankohtana. T\u00e4m\u00e4 auttaa sinua luomaan dynaamisempia ja kiinnostavampia keskusteluja nepaliksi.<\/p>\n\n\n\n<h3 class=\"wp-block-heading\" id=\"h-4-perfect-progressive\">4. T\u00e4ydellinen progressiivinen:<\/h3>\n\n\n\n<p>T\u00e4m\u00e4 j\u00e4nnitys yhdist\u00e4\u00e4 t\u00e4ydellisten ja progressiivisten aikojen k\u00e4sitteet. T\u00e4ydellist\u00e4 progressiivista aikamuotoa k\u00e4ytet\u00e4\u00e4n kuvaamaan toimintaa, joka alkoi menneisyydess\u00e4 ja jatkui toiseen pisteeseen menneisyydess\u00e4. T\u00e4m\u00e4n j\u00e4nnityksen hallitseminen antaa sinulle mahdollisuuden antaa yksityiskohtaisia tietoja aiemmista toimista ja niiden kestosta.<\/p>\n\n\n\n<h3 class=\"wp-block-heading\" id=\"h-5-verbs\">5. Verbit:<\/h3>\n\n\n\n<p>Verbit ovat mink\u00e4 tahansa kielen selk\u00e4ranka, eik\u00e4 <a href=\"https:\/\/talkpal.ai\/learn-nepali\/\">nepali<\/a> ole poikkeus. Nepalin puhumiseksi ja ymm\u00e4rt\u00e4miseksi tehokkaasti on t\u00e4rke\u00e4\u00e4 oppia verbien eri muodot, niiden taivutukset ja miten ne toimivat lauseissa.<\/p>\n\n\n\n<h3 class=\"wp-block-heading\" id=\"h-6-nouns\">6. Substantiivit:<\/h3>\n\n\n\n<p>Nepalilaisten substantiivien vahva ymm\u00e4rt\u00e4minen on v\u00e4ltt\u00e4m\u00e4t\u00f6nt\u00e4 vankan sanaston rakentamiseksi. Yleisten ja oikeiden substantiivien sek\u00e4 laskettavien ja lukemattomien substantiivien oppiminen auttaa sinua tunnistamaan ja k\u00e4ytt\u00e4m\u00e4\u00e4n n\u00e4it\u00e4 puheen olennaisia osia oikein keskusteluissasi.<\/p>\n\n\n\n<h3 class=\"wp-block-heading\" id=\"h-7-articles\">7. Artikkelit:<\/h3>\n\n\n\n<p>Nepalin kieless\u00e4 artikkelit eiv\u00e4t ole yht\u00e4 n\u00e4kyvi\u00e4 kuin englanniksi, mutta niiden k\u00e4yt\u00f6n oppiminen on silti v\u00e4ltt\u00e4m\u00e4t\u00f6nt\u00e4. Artikkeleiden k\u00e4yt\u00f6n hallitseminen auttaa sinua tunnistamaan ja kuvaamaan tarkasti esineit\u00e4, ihmisi\u00e4 ja k\u00e4sitteit\u00e4 keskusteluissasi.<\/p>\n\n\n\n<h3 class=\"wp-block-heading\" id=\"h-8-pronouns-determiners\">8. Pronominit\/m\u00e4\u00e4ritteet:<\/h3>\n\n\n\n<p>Nepalin pronomineihin ja m\u00e4\u00e4ritteisiin tutustuminen on ratkaisevan t\u00e4rke\u00e4\u00e4 selke\u00e4n ja ytimekk\u00e4\u00e4n viestinn\u00e4n kannalta. N\u00e4m\u00e4 puheen osat auttavat korvaamaan tai m\u00e4\u00e4ritt\u00e4m\u00e4\u00e4n lauseiden substantiiveja, mik\u00e4 tekee keskusteluistasi tehokkaampia ja luonnollisempia.<\/p>\n\n\n\n<h3 class=\"wp-block-heading\" id=\"h-9-adjectives\">9. Adjektiivit:<\/h3>\n\n\n\n<p>Adjektiivit ovat v\u00e4ltt\u00e4m\u00e4tt\u00f6mi\u00e4 syvyyden ja yksityiskohtien lis\u00e4\u00e4miseksi nepalilaisiin keskusteluihisi. Kun opit k\u00e4ytt\u00e4m\u00e4\u00e4n adjektiiveja oikein, voit kuvata tarkasti ihmisi\u00e4, paikkoja ja asioita, mik\u00e4 tekee puheestasi kiinnostavamman ja informatiivisemman.<\/p>\n\n\n\n<h3 class=\"wp-block-heading\" id=\"h-10-adverbs\">10. Adverbit<\/h3>\n\n\n\n<p>: Nepalissa adverbeilla on ratkaiseva rooli verbien, adjektiivien tai muiden <a href=\"https:\/\/talkpal.ai\/ar\/grammar_exercises\/adverbien-%d8%aa%d9%85%d8%a7%d8%b1%d9%8a%d9%86-%d9%84%d9%84%d9%82%d9%88%d8%a7%d8%b9%d8%af-%d8%a7%d9%84%d8%a3%d9%84%d9%85%d8%a7%d9%86%d9%8a%d8%a9\/\">adverbien<\/a> muokkaamisessa. <a href=\"https:\/\/talkpal.ai\/ar\/grammar_exercises\/adverbien-%d8%aa%d9%85%d8%a7%d8%b1%d9%8a%d9%86-%d9%84%d9%84%d9%82%d9%88%d8%a7%d8%b9%d8%af-%d8%a7%d9%84%d8%a3%d9%84%d9%85%d8%a7%d9%86%d9%8a%d8%a9\/\">Adverbien<\/a> k\u00e4yt\u00f6n ymm\u00e4rt\u00e4minen antaa sinulle mahdollisuuden antaa lis\u00e4tietoja keskustelujesi toiminnoista, tiloista tai ominaisuuksista.<\/p>\n\n\n\n<h3 class=\"wp-block-heading\" id=\"h-11-conditionals\">11. Ehdolliset lausekkeet:<\/h3>\n\n\n\n<p>Nepalin ehdollisten hallitseminen antaa sinun ilmaista hypoteettisia tilanteita ja niiden seurauksia. T\u00e4m\u00e4 on t\u00e4rke\u00e4\u00e4 monimutkaisten, vivahteikkaiden keskustelujen luomiseksi kielell\u00e4.<\/p>\n\n\n\n<h3 class=\"wp-block-heading\" id=\"h-12-prepositions\">12. Prepositiot:<\/h3>\n\n\n\n<p><a href=\"https:\/\/talkpal.ai\/fi\/grammar\/kohdan-kannadan-kieliopissa-prepositiot\/\">Prepositiot<\/a> ovat v\u00e4ltt\u00e4m\u00e4tt\u00f6mi\u00e4 lauseen sanojen v\u00e4listen suhteiden osoittamiseksi. Prepositioiden oikean k\u00e4yt\u00f6n oppiminen auttaa sinua luomaan selkeit\u00e4 ja johdonmukaisia lauseita nepaliksi.<\/p>\n\n\n\n<h3 class=\"wp-block-heading\" id=\"h-13-sentences\">13. Lauseet:<\/h3>\n\n\n\n<p>Lopuksi nepalilaisten lauseiden rakenteen ja tyyppien ymm\u00e4rt\u00e4minen on elint\u00e4rke\u00e4\u00e4 tehokkaan viestinn\u00e4n kannalta. Tutustu yksinkertaisiin, yhdistettyihin ja monimutkaisiin lauseisiin ja opi rakentamaan ne oikein v\u00e4litt\u00e4m\u00e4\u00e4n ajatuksesi ja ideasi kielell\u00e4.<\/p>\n<\/div><\/div>\n\r\n<section class=\"learnNavigationSection\">\r\n            \r\n        <a href=\"https:\/\/talkpal.ai\/fi\/opi-nepalia\/\">\r\n            <div class=\"learnNavigationWrapper\">\r\n                <div class=\"learnNavigationContent\">\r\n                    <img decoding=\"async\" src=\"https:\/\/talkpal.ai\/wp-content\/uploads\/2024\/08\/Nepali.jpg\" alt=\"Nepali Flag\">\r\n                    <div>\r\n                        <h4>Nepalin oppimisesta<\/h4>\r\n                        <p>Lue kaikki Nepalin kieliopista.<\/p>\r\n                    <\/div>\r\n                <\/div>\r\n            <\/div>\r\n        <\/a>\r\n\r\n        \r\n        <a href=\"https:\/\/talkpal.ai\/fi\/nepalin-kielioppi\/\">\r\n            <div class=\"learnNavigationWrapper\">\r\n                <div class=\"learnNavigationContent\">\r\n                    <img decoding=\"async\" src=\"https:\/\/talkpal.ai\/wp-content\/uploads\/2024\/08\/Nepali.jpg\" alt=\"Nepali Flag\">\r\n                    <div>\r\n                        <h4>Nepalin kieliopin oppitunnit<\/h4>\r\n                        <p>Harjoittele Nepalin kielioppia.<\/p>\r\n                    <\/div>\r\n                <\/div>\r\n            <\/div>\r\n        <\/a>\r\n\r\n        \r\n        <a href=\"https:\/\/talkpal.ai\/vocabulary_language\/nepali\/\">\r\n            <div class=\"learnNavigationWrapper\">\r\n                <div class=\"learnNavigationContent\">\r\n                    <img decoding=\"async\" src=\"https:\/\/talkpal.ai\/wp-content\/uploads\/2024\/08\/Nepali.jpg\" alt=\"Nepali Flag\">\r\n                    <div>\r\n                        <h4>Nepalin sanasto<\/h4>\r\n                        <p>Laajenna nepalilaista sanavarastoasi.<\/p>\r\n                    <\/div>\r\n                <\/div>\r\n            <\/div>\r\n        <\/a>\r\n\r\n            <\/section>","protected":false},"excerpt":{"rendered":"<p>Nepali Kieliopin aiheet Nepalin kielen oppiminen voi olla kiehtova ja palkitseva kokemus kaikille, jotka ovat kiinnostuneita sukeltamaan Nepalin rikkaaseen kulttuuriin ja historiaan. Kuten mink\u00e4 tahansa kielen kohdalla, nepalin kieliopin hallitseminen on ratkaisevan t\u00e4rke\u00e4\u00e4 tehokkaan viestinn\u00e4n kannalta. T\u00e4m\u00e4 artikkeli opastaa sinut Nepalin kieliopin aiheiden l\u00e4pi ryhmiteltyn\u00e4 j\u00e4rjestykseen, joka helpottaa kieltenoppimismatkaasi. Aikamuodoista lauserakenteisiin t\u00e4m\u00e4 opas antaa sinulle [&hellip;]<\/p>\n","protected":false},"author":6,"featured_media":28523,"parent":0,"menu_order":0,"comment_status":"closed","ping_status":"closed","template":"LearningContentPage.php","meta":{"_acf_changed":false,"footnotes":""},"class_list":["post-158709","page","type-page","status-publish","has-post-thumbnail","hentry"],"acf":[],"yoast_head":"<!-- This site is optimized with the Yoast SEO Premium plugin v27.2 (Yoast SEO v27.2) - https:\/\/yoast.com\/product\/yoast-seo-premium-wordpress\/ -->\n<title>Nepalin kielioppiharjoitukset - Talkpal<\/title>\n<meta name=\"description\" content=\"Master Nepalin kielioppiharjoitukset tehokasta viestint\u00e4\u00e4 varten. Tutustu aikamuotoihin ja lauserakenteisiin kielen sujuvuuden edist\u00e4miseksi.\" \/>\n<meta name=\"robots\" content=\"index, follow, max-snippet:-1, max-image-preview:large, max-video-preview:-1\" \/>\n<link rel=\"canonical\" href=\"https:\/\/talkpal.ai\/fi\/nepalin-kielioppiharjoitukset\/\" \/>\n<meta property=\"og:locale\" content=\"fi_FI\" \/>\n<meta property=\"og:type\" content=\"article\" \/>\n<meta property=\"og:title\" content=\"Nepalin kielioppiharjoitukset\" \/>\n<meta property=\"og:description\" content=\"Nepali Kieliopin aiheet Nepalin kielen oppiminen voi olla kiehtova ja palkitseva kokemus kaikille, jotka ovat kiinnostuneita sukeltamaan Nepalin\" \/>\n<meta property=\"og:url\" content=\"https:\/\/talkpal.ai\/fi\/nepalin-kielioppiharjoitukset\/\" \/>\n<meta property=\"og:site_name\" content=\"Talkpal\" \/>\n<meta property=\"article:publisher\" content=\"https:\/\/www.facebook.com\/profile.php?id=100090733639311\" \/>\n<meta property=\"article:modified_time\" content=\"2025-12-17T14:36:38+00:00\" \/>\n<meta property=\"og:image\" content=\"https:\/\/talkpal.ai\/wp-content\/uploads\/2023\/05\/nepal.png\" \/>\n\t<meta property=\"og:image:width\" content=\"512\" \/>\n\t<meta property=\"og:image:height\" content=\"512\" \/>\n\t<meta property=\"og:image:type\" content=\"image\/png\" \/>\n<meta name=\"twitter:card\" content=\"summary_large_image\" \/>\n<meta name=\"twitter:site\" content=\"@talkpalai\" \/>\n<meta name=\"twitter:label1\" content=\"Arvioitu lukuaika\" \/>\n\t<meta name=\"twitter:data1\" content=\"3 minuuttia\" \/>\n<script type=\"application\/ld+json\" class=\"yoast-schema-graph\">{\"@context\":\"https:\/\/schema.org\",\"@graph\":[{\"@type\":\"WebPage\",\"@id\":\"https:\/\/talkpal.ai\/fi\/nepalin-kielioppiharjoitukset\/\",\"url\":\"https:\/\/talkpal.ai\/fi\/nepalin-kielioppiharjoitukset\/\",\"name\":\"Nepalin kielioppiharjoitukset - Talkpal\",\"isPartOf\":{\"@id\":\"https:\/\/talkpal.ai\/fi\/#website\"},\"primaryImageOfPage\":{\"@id\":\"https:\/\/talkpal.ai\/fi\/nepalin-kielioppiharjoitukset\/#primaryimage\"},\"image\":{\"@id\":\"https:\/\/talkpal.ai\/fi\/nepalin-kielioppiharjoitukset\/#primaryimage\"},\"thumbnailUrl\":\"https:\/\/talkpal.ai\/wp-content\/uploads\/2023\/05\/nepal.png\",\"datePublished\":\"2023-06-22T08:52:21+00:00\",\"dateModified\":\"2025-12-17T14:36:38+00:00\",\"description\":\"Master Nepalin kielioppiharjoitukset tehokasta viestint\u00e4\u00e4 varten. Tutustu aikamuotoihin ja lauserakenteisiin kielen sujuvuuden edist\u00e4miseksi.\",\"breadcrumb\":{\"@id\":\"https:\/\/talkpal.ai\/fi\/nepalin-kielioppiharjoitukset\/#breadcrumb\"},\"inLanguage\":\"fi\",\"potentialAction\":[{\"@type\":\"ReadAction\",\"target\":[\"https:\/\/talkpal.ai\/fi\/nepalin-kielioppiharjoitukset\/\"]}]},{\"@type\":\"ImageObject\",\"inLanguage\":\"fi\",\"@id\":\"https:\/\/talkpal.ai\/fi\/nepalin-kielioppiharjoitukset\/#primaryimage\",\"url\":\"https:\/\/talkpal.ai\/wp-content\/uploads\/2023\/05\/nepal.png\",\"contentUrl\":\"https:\/\/talkpal.ai\/wp-content\/uploads\/2023\/05\/nepal.png\",\"width\":512,\"height\":512},{\"@type\":\"BreadcrumbList\",\"@id\":\"https:\/\/talkpal.ai\/fi\/nepalin-kielioppiharjoitukset\/#breadcrumb\",\"itemListElement\":[{\"@type\":\"ListItem\",\"position\":1,\"name\":\"Homepage\",\"item\":\"https:\/\/talkpal.ai\/fi\/\"},{\"@type\":\"ListItem\",\"position\":2,\"name\":\"Nepalin kielioppiharjoitukset\"}]},{\"@type\":\"WebSite\",\"@id\":\"https:\/\/talkpal.ai\/fi\/#website\",\"url\":\"https:\/\/talkpal.ai\/fi\/\",\"name\":\"Talkpal\",\"description\":\"AI Language Learning\",\"publisher\":{\"@id\":\"https:\/\/talkpal.ai\/fi\/#organization\"},\"alternateName\":\"Talkpal AI\",\"potentialAction\":[{\"@type\":\"SearchAction\",\"target\":{\"@type\":\"EntryPoint\",\"urlTemplate\":\"https:\/\/talkpal.ai\/fi\/?s={search_term_string}\"},\"query-input\":{\"@type\":\"PropertyValueSpecification\",\"valueRequired\":true,\"valueName\":\"search_term_string\"}}],\"inLanguage\":\"fi\"},{\"@type\":\"Organization\",\"@id\":\"https:\/\/talkpal.ai\/fi\/#organization\",\"name\":\"Talkpal, Inc.\",\"alternateName\":\"Talkpal AI\",\"url\":\"https:\/\/talkpal.ai\/fi\/\",\"logo\":{\"@type\":\"ImageObject\",\"inLanguage\":\"fi\",\"@id\":\"https:\/\/talkpal.ai\/fi\/#\/schema\/logo\/image\/\",\"url\":\"https:\/\/talkpal.ai\/wp-content\/uploads\/2024\/03\/Talkpal-Logo-Icon.png\",\"contentUrl\":\"https:\/\/talkpal.ai\/wp-content\/uploads\/2024\/03\/Talkpal-Logo-Icon.png\",\"width\":2880,\"height\":2880,\"caption\":\"Talkpal, Inc.\"},\"image\":{\"@id\":\"https:\/\/talkpal.ai\/fi\/#\/schema\/logo\/image\/\"},\"sameAs\":[\"https:\/\/www.facebook.com\/profile.php?id=100090733639311\",\"https:\/\/x.com\/talkpalai\",\"https:\/\/www.linkedin.com\/company\/talkpal\/\",\"https:\/\/www.youtube.com\/@TalkPal\/\",\"https:\/\/www.tiktok.com\/@talkpal\",\"https:\/\/www.instagram.com\/talkpal_ai\/\",\"https:\/\/www.crunchbase.com\/organization\/talkpal-9cde\",\"https:\/\/www.g2.com\/products\/talkpal-for-business\/\",\"https:\/\/www.trustpilot.com\/review\/talkpal.ai\",\"https:\/\/www.capterra.com\/p\/10006800\/TalkPal\/\"],\"description\":\"Talkpal is a language learning web and mobile education app, powered by the latest AI technologies, that provides engaging experiences to its customers in many different languages to help them improve their language skills. Users can chat about unlimited amount of topics with the app and use other modes to practice their language learning.\",\"email\":\"support@talkpal.ai\",\"legalName\":\"Talkpal, Inc.\",\"foundingDate\":\"2023-04-03\",\"duns\":\"118989042\",\"numberOfEmployees\":{\"@type\":\"QuantitativeValue\",\"minValue\":\"11\",\"maxValue\":\"50\"},\"publishingPrinciples\":\"https:\/\/talkpal.ai\/publishing-principles\/\",\"actionableFeedbackPolicy\":\"https:\/\/talkpal.ai\/actionable-feedback-policy\/\",\"correctionsPolicy\":\"https:\/\/talkpal.ai\/corrections-policy\/\",\"ethicsPolicy\":\"https:\/\/talkpal.ai\/ethics-policy\/\",\"diversityPolicy\":\"https:\/\/talkpal.ai\/diversity-policy\/\",\"diversityStaffingReport\":\"https:\/\/talkpal.ai\/diversity-policy\/\"}]}<\/script>\n<!-- \/ Yoast SEO Premium plugin. -->","yoast_head_json":{"title":"Nepalin kielioppiharjoitukset - Talkpal","description":"Master Nepalin kielioppiharjoitukset tehokasta viestint\u00e4\u00e4 varten. Tutustu aikamuotoihin ja lauserakenteisiin kielen sujuvuuden edist\u00e4miseksi.","robots":{"index":"index","follow":"follow","max-snippet":"max-snippet:-1","max-image-preview":"max-image-preview:large","max-video-preview":"max-video-preview:-1"},"canonical":"https:\/\/talkpal.ai\/fi\/nepalin-kielioppiharjoitukset\/","og_locale":"fi_FI","og_type":"article","og_title":"Nepalin kielioppiharjoitukset","og_description":"Nepali Kieliopin aiheet Nepalin kielen oppiminen voi olla kiehtova ja palkitseva kokemus kaikille, jotka ovat kiinnostuneita sukeltamaan Nepalin","og_url":"https:\/\/talkpal.ai\/fi\/nepalin-kielioppiharjoitukset\/","og_site_name":"Talkpal","article_publisher":"https:\/\/www.facebook.com\/profile.php?id=100090733639311","article_modified_time":"2025-12-17T14:36:38+00:00","og_image":[{"width":512,"height":512,"url":"https:\/\/talkpal.ai\/wp-content\/uploads\/2023\/05\/nepal.png","type":"image\/png"}],"twitter_card":"summary_large_image","twitter_site":"@talkpalai","twitter_misc":{"Arvioitu lukuaika":"3 minuuttia"},"schema":{"@context":"https:\/\/schema.org","@graph":[{"@type":"WebPage","@id":"https:\/\/talkpal.ai\/fi\/nepalin-kielioppiharjoitukset\/","url":"https:\/\/talkpal.ai\/fi\/nepalin-kielioppiharjoitukset\/","name":"Nepalin kielioppiharjoitukset - Talkpal","isPartOf":{"@id":"https:\/\/talkpal.ai\/fi\/#website"},"primaryImageOfPage":{"@id":"https:\/\/talkpal.ai\/fi\/nepalin-kielioppiharjoitukset\/#primaryimage"},"image":{"@id":"https:\/\/talkpal.ai\/fi\/nepalin-kielioppiharjoitukset\/#primaryimage"},"thumbnailUrl":"https:\/\/talkpal.ai\/wp-content\/uploads\/2023\/05\/nepal.png","datePublished":"2023-06-22T08:52:21+00:00","dateModified":"2025-12-17T14:36:38+00:00","description":"Master Nepalin kielioppiharjoitukset tehokasta viestint\u00e4\u00e4 varten. Tutustu aikamuotoihin ja lauserakenteisiin kielen sujuvuuden edist\u00e4miseksi.","breadcrumb":{"@id":"https:\/\/talkpal.ai\/fi\/nepalin-kielioppiharjoitukset\/#breadcrumb"},"inLanguage":"fi","potentialAction":[{"@type":"ReadAction","target":["https:\/\/talkpal.ai\/fi\/nepalin-kielioppiharjoitukset\/"]}]},{"@type":"ImageObject","inLanguage":"fi","@id":"https:\/\/talkpal.ai\/fi\/nepalin-kielioppiharjoitukset\/#primaryimage","url":"https:\/\/talkpal.ai\/wp-content\/uploads\/2023\/05\/nepal.png","contentUrl":"https:\/\/talkpal.ai\/wp-content\/uploads\/2023\/05\/nepal.png","width":512,"height":512},{"@type":"BreadcrumbList","@id":"https:\/\/talkpal.ai\/fi\/nepalin-kielioppiharjoitukset\/#breadcrumb","itemListElement":[{"@type":"ListItem","position":1,"name":"Homepage","item":"https:\/\/talkpal.ai\/fi\/"},{"@type":"ListItem","position":2,"name":"Nepalin kielioppiharjoitukset"}]},{"@type":"WebSite","@id":"https:\/\/talkpal.ai\/fi\/#website","url":"https:\/\/talkpal.ai\/fi\/","name":"Talkpal","description":"AI Language Learning","publisher":{"@id":"https:\/\/talkpal.ai\/fi\/#organization"},"alternateName":"Talkpal AI","potentialAction":[{"@type":"SearchAction","target":{"@type":"EntryPoint","urlTemplate":"https:\/\/talkpal.ai\/fi\/?s={search_term_string}"},"query-input":{"@type":"PropertyValueSpecification","valueRequired":true,"valueName":"search_term_string"}}],"inLanguage":"fi"},{"@type":"Organization","@id":"https:\/\/talkpal.ai\/fi\/#organization","name":"Talkpal, Inc.","alternateName":"Talkpal AI","url":"https:\/\/talkpal.ai\/fi\/","logo":{"@type":"ImageObject","inLanguage":"fi","@id":"https:\/\/talkpal.ai\/fi\/#\/schema\/logo\/image\/","url":"https:\/\/talkpal.ai\/wp-content\/uploads\/2024\/03\/Talkpal-Logo-Icon.png","contentUrl":"https:\/\/talkpal.ai\/wp-content\/uploads\/2024\/03\/Talkpal-Logo-Icon.png","width":2880,"height":2880,"caption":"Talkpal, Inc."},"image":{"@id":"https:\/\/talkpal.ai\/fi\/#\/schema\/logo\/image\/"},"sameAs":["https:\/\/www.facebook.com\/profile.php?id=100090733639311","https:\/\/x.com\/talkpalai","https:\/\/www.linkedin.com\/company\/talkpal\/","https:\/\/www.youtube.com\/@TalkPal\/","https:\/\/www.tiktok.com\/@talkpal","https:\/\/www.instagram.com\/talkpal_ai\/","https:\/\/www.crunchbase.com\/organization\/talkpal-9cde","https:\/\/www.g2.com\/products\/talkpal-for-business\/","https:\/\/www.trustpilot.com\/review\/talkpal.ai","https:\/\/www.capterra.com\/p\/10006800\/TalkPal\/"],"description":"Talkpal is a language learning web and mobile education app, powered by the latest AI technologies, that provides engaging experiences to its customers in many different languages to help them improve their language skills. Users can chat about unlimited amount of topics with the app and use other modes to practice their language learning.","email":"support@talkpal.ai","legalName":"Talkpal, Inc.","foundingDate":"2023-04-03","duns":"118989042","numberOfEmployees":{"@type":"QuantitativeValue","minValue":"11","maxValue":"50"},"publishingPrinciples":"https:\/\/talkpal.ai\/publishing-principles\/","actionableFeedbackPolicy":"https:\/\/talkpal.ai\/actionable-feedback-policy\/","correctionsPolicy":"https:\/\/talkpal.ai\/corrections-policy\/","ethicsPolicy":"https:\/\/talkpal.ai\/ethics-policy\/","diversityPolicy":"https:\/\/talkpal.ai\/diversity-policy\/","diversityStaffingReport":"https:\/\/talkpal.ai\/diversity-policy\/"}]}},"_links":{"self":[{"href":"https:\/\/talkpal.ai\/fi\/wp-json\/wp\/v2\/pages\/158709","targetHints":{"allow":["GET"]}}],"collection":[{"href":"https:\/\/talkpal.ai\/fi\/wp-json\/wp\/v2\/pages"}],"about":[{"href":"https:\/\/talkpal.ai\/fi\/wp-json\/wp\/v2\/types\/page"}],"author":[{"embeddable":true,"href":"https:\/\/talkpal.ai\/fi\/wp-json\/wp\/v2\/users\/6"}],"replies":[{"embeddable":true,"href":"https:\/\/talkpal.ai\/fi\/wp-json\/wp\/v2\/comments?post=158709"}],"version-history":[{"count":0,"href":"https:\/\/talkpal.ai\/fi\/wp-json\/wp\/v2\/pages\/158709\/revisions"}],"wp:featuredmedia":[{"embeddable":true,"href":"https:\/\/talkpal.ai\/fi\/wp-json\/wp\/v2\/media\/28523"}],"wp:attachment":[{"href":"https:\/\/talkpal.ai\/fi\/wp-json\/wp\/v2\/media?parent=158709"}],"curies":[{"name":"wp","href":"https:\/\/api.w.org\/{rel}","templated":true}]}}