{"id":158406,"date":"2023-06-27T08:41:59","date_gmt":"2023-06-27T08:41:59","guid":{"rendered":"http:\/\/talkpal.ai\/norjan-kielioppiharjoitukset\/"},"modified":"2025-12-17T14:38:55","modified_gmt":"2025-12-17T14:38:55","slug":"norjan-kielioppiharjoitukset","status":"publish","type":"page","link":"https:\/\/talkpal.ai\/fi\/norjan-kielioppiharjoitukset\/","title":{"rendered":"Norjan kielioppiharjoitukset"},"content":{"rendered":"\r\n\r\n\r\n<section class=\"languageChallengeSection\">\r\n    <div class=\"languageInfoWrapper\">\r\n        \r\n        <h1>Norjan kielioppiharjoitukset<\/h1>\r\n        <p>Haluatko olla itsevarmempi norjan kieless\u00e4? Kielioppiharjoitukset ovat hyv\u00e4 tapa hallita lauserakennetta, verbimuotoja ja norjan kielen ainutlaatuisia kuvioita. Aloita norjan kieliopin harjoittelu jo t\u00e4n\u00e4\u00e4n ja katso, kuinka taitosi ja sujuvuutesi kasvavat jokaisen harjoituksen my\u00f6t\u00e4!\n\n<\/p>\r\n\r\n                            <a class=\"getStartedHidden\" href=\"https:\/\/app.talkpal.ai\/fi\/signup?lng=\">Aloita<\/a>\r\n        \r\n    <\/div>\r\n\r\n    <figure>\r\n    <img decoding=\"async\" width=\"768\" height=\"768\" src=\"https:\/\/talkpal.ai\/wp-content\/uploads\/2023\/06\/norwegian-768x768.png\" class=\"languageImage no-lazy\" alt=\"Default alt text\" fetchpriority=\"high\" sizes=\"(max-width: 768px) 150px, 768px\" srcset=\"https:\/\/talkpal.ai\/wp-content\/uploads\/2023\/06\/norwegian-768x768.png 768w, https:\/\/talkpal.ai\/wp-content\/uploads\/2023\/06\/norwegian-300x300.png 300w\" \/>\r\n    \r\n\r\n    <\/figure>\r\n\r\n            <a class=\"getStartedVisible\" href=\"https:\/\/app.talkpal.ai\/fi\/signup?lng=\">Aloita<\/a>\r\n    \r\n<\/section>\r\n\r\n\r\n<!-- <section class=\"grammarSection\">\r\n    <div class=\"grammarLinks\">\r\n        <a href=\"https:\/\/talkpal.ai\/fi\/exercise_language\/adjektiivit-norjan-kielioppi\/\">Adjektiivit <\/a><a href=\"https:\/\/talkpal.ai\/fi\/exercise_language\/adverbit-norjan-kielioppi\/\">Adverbit <\/a><a href=\"https:\/\/talkpal.ai\/fi\/exercise_language\/aikamuodot-norjan-kielioppi\/\">Aikamuodot <\/a><a href=\"https:\/\/talkpal.ai\/fi\/exercise_language\/aikamuotojen-vertailu-norjan-kielioppi\/\">Aikamuotojen vertailu <\/a><a href=\"https:\/\/talkpal.ai\/fi\/exercise_language\/artikkelit-norjan-kielioppi\/\">Artikkelit <\/a><a href=\"https:\/\/talkpal.ai\/fi\/exercise_language\/konditionaalit-norjan-kielioppi\/\">Konditionaalit <\/a><a href=\"https:\/\/talkpal.ai\/fi\/exercise_language\/lauseet-norjan-kielioppi\/\">Lauseet <\/a><a href=\"https:\/\/talkpal.ai\/fi\/exercise_language\/prepositiot-norjan-kielioppi\/\">Prepositiot <\/a><a href=\"https:\/\/talkpal.ai\/fi\/exercise_language\/progressiivinen-norjan-kielioppi\/\">Progressiivinen <\/a><a href=\"https:\/\/talkpal.ai\/fi\/exercise_language\/pronominit-maaritteet-norjan-kielioppi\/\">Pronominit\/m\u00e4\u00e4ritteet <\/a><a href=\"https:\/\/talkpal.ai\/fi\/exercise_language\/substantiivit-norjan-kielioppi\/\">Substantiivit <\/a><a href=\"https:\/\/talkpal.ai\/fi\/exercise_language\/taydellinen-progressiivinen-norjan-kielioppi\/\">T\u00e4ydellinen progressiivinen <\/a><a href=\"https:\/\/talkpal.ai\/fi\/exercise_language\/verbit-norjan-kielioppi\/\">Verbit <\/a>    <\/div>\r\n<\/section> -->\r\n\r\n\r\n\r\n\r\n        <section class=\"grammarSection\">\r\n            <div class=\"grammarLinks\">\r\n                <a href=\"https:\/\/talkpal.ai\/fi\/exercise_language\/adjektiivit-norjan-kielioppi\/\">Adjektiivit <\/a><a href=\"https:\/\/talkpal.ai\/fi\/exercise_language\/adverbit-norjan-kielioppi\/\">Adverbit <\/a><a href=\"https:\/\/talkpal.ai\/fi\/exercise_language\/aikamuodot-norjan-kielioppi\/\">Aikamuodot <\/a><a href=\"https:\/\/talkpal.ai\/fi\/exercise_language\/aikamuotojen-vertailu-norjan-kielioppi\/\">Aikamuotojen vertailu <\/a><a href=\"https:\/\/talkpal.ai\/fi\/exercise_language\/artikkelit-norjan-kielioppi\/\">Artikkelit <\/a><a href=\"https:\/\/talkpal.ai\/fi\/exercise_language\/konditionaalit-norjan-kielioppi\/\">Konditionaalit <\/a><a href=\"https:\/\/talkpal.ai\/fi\/exercise_language\/lauseet-norjan-kielioppi\/\">Lauseet <\/a><a href=\"https:\/\/talkpal.ai\/fi\/exercise_language\/prepositiot-norjan-kielioppi\/\">Prepositiot <\/a><a href=\"https:\/\/talkpal.ai\/fi\/exercise_language\/progressiivinen-norjan-kielioppi\/\">Progressiivinen <\/a><a href=\"https:\/\/talkpal.ai\/fi\/exercise_language\/pronominit-maaritteet-norjan-kielioppi\/\">Pronominit\/m\u00e4\u00e4ritteet <\/a><a href=\"https:\/\/talkpal.ai\/fi\/exercise_language\/substantiivit-norjan-kielioppi\/\">Substantiivit <\/a><a href=\"https:\/\/talkpal.ai\/fi\/exercise_language\/taydellinen-progressiivinen-norjan-kielioppi\/\">T\u00e4ydellinen progressiivinen <\/a><a href=\"https:\/\/talkpal.ai\/fi\/exercise_language\/verbit-norjan-kielioppi\/\">Verbit <\/a>            <\/div>\r\n        <\/section>\r\n<section class=\"promotionalBanner\">\r\n    <p class=\"promotionalText\">Tehokkain tapa oppia kielt\u00e4<\/p>\r\n    <a class=\"promotionalLink\" href=\"https:\/\/app.talkpal.ai\/fi\/signup?lng=\">Kokeile Talkpal ilmaiseksi<\/a>\r\n<\/section>\n<div class=\"wp-block-group pageContainerStyle\"><div class=\"wp-block-group__inner-container is-layout-constrained wp-block-group-is-layout-constrained\">\n<h2 class=\"wp-block-heading\" id=\"h-norwegian-grammar-topics\">Norjan kieliopin aiheet<\/h2>\n\n\n\n<p>Norjan oppiminen voi olla j\u00e4nnitt\u00e4v\u00e4 ja palkitseva kokemus, koska se avaa ovet rikkaaseen kulttuurihistoriaan, upeisiin maisemiin ja ainutlaatuiseen el\u00e4m\u00e4ntapaan Norjassa. Pohjoisgermaanisena kielen\u00e4 norjalla on monia yht\u00e4l\u00e4isyyksi\u00e4 naapurikieltens\u00e4 <a href=\"https:\/\/talkpal.ai\/learn-swedish\/\">ruotsin<\/a> ja tanskan kanssa. Sill\u00e4 on kuitenkin oma erillinen kielioppi, \u00e4\u00e4nt\u00e4minen ja sanasto. T\u00e4m\u00e4n kauniin kielen hallitsemiseksi on t\u00e4rke\u00e4\u00e4 ymm\u00e4rt\u00e4\u00e4 <a href=\"https:\/\/talkpal.ai\/fi\/grammar\/nyky-vs-menneisyys-norjan-kieliopissa\/\">norjan kielioppi<\/a> ja sen eri osatekij\u00e4t. T\u00e4ss\u00e4 oppaassa tutustumme norjan kieliopin keskeisiin osa-alueisiin, kuten aikamuotoihin, verbeihin, substantiiveihin, artikkeleihin, pronomineihin, adjektiiveihin, adverbeihin, ehdollisiin, prepositioihin ja lauseisiin, jotta voit rakentaa vahvan perustan kieltenopiskelullesi.<\/p>\n\n\n\n<h3 class=\"wp-block-heading\" id=\"h-1-tenses\">1. Aikamuodot:<\/h3>\n\n\n\n<p>Keskity aluksi norjan aikamuotojen ymm\u00e4rt\u00e4miseen. Norjalla on kolme p\u00e4\u00e4muotoa: nykyisyys, menneisyys ja tulevaisuus, jotka ovat ratkaisevia ilmaisemaan toimia ja tapahtumia eri ajankohtina. Tutustu verbien taivutukseen ja siihen, miten ne muuttuvat eri aikamuodoissa.<\/p>\n\n\n\n<h3 class=\"wp-block-heading\" id=\"h-2-tense-comparison\">2. J\u00e4nnittynyt vertailu:<\/h3>\n\n\n\n<p>Kun olet ymm\u00e4rt\u00e4nyt perusajat, tutki, miten ne vertautuvat toisiinsa ja eroavat toisistaan. T\u00e4m\u00e4 auttaa sinua ymm\u00e4rt\u00e4m\u00e4\u00e4n merkityksen vivahteita ja parantamaan ymm\u00e4rryst\u00e4si ja viestint\u00e4taitojasi.<\/p>\n\n\n\n<h3 class=\"wp-block-heading\" id=\"h-3-verbs\">3. Verbit:<\/h3>\n\n\n\n<p>Norjan verbit ovat elint\u00e4rkeit\u00e4 lauseiden rakentamisessa ja merkityksen v\u00e4litt\u00e4misess\u00e4. Tutustu erityyppisiin verbeihin ja siihen, miten ne ovat vuorovaikutuksessa lauseen aiheiden ja objektien kanssa. Lis\u00e4ksi ymm\u00e4rr\u00e4 modaalisten verbien k\u00e4site ja miten ne ilmaisevat v\u00e4ltt\u00e4m\u00e4tt\u00f6myytt\u00e4, mahdollisuutta ja velvollisuutta.<\/p>\n\n\n\n<h3 class=\"wp-block-heading\" id=\"h-4-nouns\">4. Substantiivit:<\/h3>\n\n\n\n<p>Norjalaiset substantiivit luokitellaan kolmeen sukupuoleen: maskuliininen, feminiininen ja neutri. T\u00e4m\u00e4 vaikuttaa tapaan, jolla artikkeleita, adjektiiveja ja pronomineja k\u00e4ytet\u00e4\u00e4n niiden kanssa. Opi monikon muodostamista koskevat s\u00e4\u00e4nn\u00f6t sek\u00e4 substantiivien selv\u00e4t ja m\u00e4\u00e4rittelem\u00e4tt\u00f6m\u00e4t muodot.<\/p>\n\n\n\n<h3 class=\"wp-block-heading\" id=\"h-5-articles\">5. Artiklat:<\/h3>\n\n\n\n<p>Artikkelit ovat lyhyit\u00e4 sanoja, jotka liittyv\u00e4t substantiiveihin ja osoittavat niiden sukupuolen ja lukum\u00e4\u00e4r\u00e4n. Norjassa on m\u00e4\u00e4r\u00e4isi\u00e4 ja ep\u00e4m\u00e4\u00e4r\u00e4isi\u00e4 artikkeleita, jotka ovat ratkaisevan t\u00e4rkeit\u00e4 lauseiden oikean muodostamisen kannalta.<\/p>\n\n\n\n<h3 class=\"wp-block-heading\" id=\"h-6-pronouns-determiners\">6. Pronominit\/m\u00e4\u00e4ritteet:<\/h3>\n\n\n\n<p>N\u00e4m\u00e4 sanat korvaavat <a href=\"https:\/\/talkpal.ai\/learn-thai\/\">tai<\/a> muuttavat substantiiveja, ja niiden on vastattava sukupuoleltaan ja lukum\u00e4\u00e4r\u00e4lt\u00e4\u00e4n substantiivia, johon ne viittaavat. Tutki erityyppisi\u00e4 pronomineja ja m\u00e4\u00e4ritteit\u00e4, mukaan lukien henkil\u00f6kohtaiset, possessiiviset, demonstratiiviset ja <a href=\"https:\/\/talkpal.ai\/fi\/grammar\/suhteelliset-pronominit-japanin-kielioppissa\/\">suhteelliset pronominit<\/a>.<\/p>\n\n\n\n<h3 class=\"wp-block-heading\" id=\"h-7-adjectives\">7. Adjektiivit:<\/h3>\n\n\n\n<p>Adjektiivit kuvaavat tai muokkaavat substantiiveja ja pronomineja. Opi k\u00e4ytt\u00e4m\u00e4\u00e4n adjektiiveja oikein ymm\u00e4rt\u00e4m\u00e4ll\u00e4 niiden sopimuss\u00e4\u00e4nn\u00f6t sukupuolen ja muokkaamiensa substantiivien lukum\u00e4\u00e4r\u00e4n kanssa.<\/p>\n\n\n\n<h3 class=\"wp-block-heading\" id=\"h-8-adverbs\">8. Adverbit:<\/h3>\n\n\n\n<p><a href=\"https:\/\/talkpal.ai\/fi\/grammar\/paikan-tsekin-kielioppi-adverbit\/\">Adverbit<\/a> muokkaavat verbej\u00e4, adjektiiveja tai muita adverbeja ja antavat lis\u00e4tietoja toiminnoista tai ominaisuuksista. Opi erityyppisi\u00e4 adverbeja ja kuinka k\u00e4ytt\u00e4\u00e4 niit\u00e4 tehokkaasti lauseissasi.<\/p>\n\n\n\n<h3 class=\"wp-block-heading\" id=\"h-9-conditionals\">9. Konditionaalit:<\/h3>\n\n\n\n<p>Konditionaaleja k\u00e4ytet\u00e4\u00e4n ilmaisemaan hypoteettisia tilanteita ja niiden seurauksia. Tutki erityyppisi\u00e4 konditionaaleja ja miten ne muodostetaan k\u00e4ytt\u00e4m\u00e4ll\u00e4 oikeita verbimuotoja ja konjunktioita.<\/p>\n\n\n\n<h3 class=\"wp-block-heading\" id=\"h-10-prepositions\">10. Prepositiot:<\/h3>\n\n\n\n<p><a href=\"https:\/\/talkpal.ai\/fi\/grammar\/kohdan-kannadan-kieliopissa-prepositiot\/\">Prepositiot<\/a> ovat lyhyit\u00e4 sanoja, jotka osoittavat substantiivien, pronominien ja muiden lauseen sanojen v\u00e4lisi\u00e4 suhteita. Prepositioiden k\u00e4yt\u00f6n hallitseminen on ratkaisevan t\u00e4rke\u00e4\u00e4 norjan kielen tarkkojen lauseiden ymm\u00e4rt\u00e4miseksi ja muodostamiseksi.<\/p>\n\n\n\n<h3 class=\"wp-block-heading\" id=\"h-11-sentences\">11. Lauseet:<\/h3>\n\n\n\n<p>Lopuksi harjoittele lauseiden rakentamista norjaksi yhdist\u00e4m\u00e4ll\u00e4 tietosi verbeist\u00e4, substantiiveista, artikkeleista, pronomineista, adjektiiveista, adverbeista, konditionaaleista ja prepositioista. Kokeile erilaisia lauserakenteita ja harjoittele kysymysten, lausuntojen ja komentojen muodostamista tullaksesi kielitaidoksi.<\/p>\n<\/div><\/div>\n\r\n<section class=\"learnNavigationSection\">\r\n            \r\n        <a href=\"https:\/\/talkpal.ai\/fi\/opi-norjaa\/\">\r\n            <div class=\"learnNavigationWrapper\">\r\n                <div class=\"learnNavigationContent\">\r\n                    <img decoding=\"async\" src=\"https:\/\/talkpal.ai\/wp-content\/uploads\/2024\/08\/Norwegian.jpg\" alt=\"Norwegian Flag\">\r\n                    <div>\r\n                        <h4>Tietoja norjalaisesta oppimisesta<\/h4>\r\n                        <p>Tutustu norjan kielioppiin.<\/p>\r\n                    <\/div>\r\n                <\/div>\r\n            <\/div>\r\n        <\/a>\r\n\r\n        \r\n        <a href=\"https:\/\/talkpal.ai\/fi\/norjan-kielioppi\/\">\r\n            <div class=\"learnNavigationWrapper\">\r\n                <div class=\"learnNavigationContent\">\r\n                    <img decoding=\"async\" src=\"https:\/\/talkpal.ai\/wp-content\/uploads\/2024\/08\/Norwegian.jpg\" alt=\"Norwegian Flag\">\r\n                    <div>\r\n                        <h4>Norjan kieliopin oppitunnit<\/h4>\r\n                        <p>Harjoittele norjan kielioppia.<\/p>\r\n                    <\/div>\r\n                <\/div>\r\n            <\/div>\r\n        <\/a>\r\n\r\n        \r\n        <a href=\"https:\/\/talkpal.ai\/vocabulary_language\/norwegian\/\">\r\n            <div class=\"learnNavigationWrapper\">\r\n                <div class=\"learnNavigationContent\">\r\n                    <img decoding=\"async\" src=\"https:\/\/talkpal.ai\/wp-content\/uploads\/2024\/08\/Norwegian.jpg\" alt=\"Norwegian Flag\">\r\n                    <div>\r\n                        <h4>Norjalainen sanasto<\/h4>\r\n                        <p>Laajenna norjan kielen sanavarastoasi.<\/p>\r\n                    <\/div>\r\n                <\/div>\r\n            <\/div>\r\n        <\/a>\r\n\r\n            <\/section>","protected":false},"excerpt":{"rendered":"<p>Norjan kieliopin aiheet Norjan oppiminen voi olla j\u00e4nnitt\u00e4v\u00e4 ja palkitseva kokemus, koska se avaa ovet rikkaaseen kulttuurihistoriaan, upeisiin maisemiin ja ainutlaatuiseen el\u00e4m\u00e4ntapaan Norjassa. Pohjoisgermaanisena kielen\u00e4 norjalla on monia yht\u00e4l\u00e4isyyksi\u00e4 naapurikieltens\u00e4 ruotsin ja tanskan kanssa. Sill\u00e4 on kuitenkin oma erillinen kielioppi, \u00e4\u00e4nt\u00e4minen ja sanasto. T\u00e4m\u00e4n kauniin kielen hallitsemiseksi on t\u00e4rke\u00e4\u00e4 ymm\u00e4rt\u00e4\u00e4 norjan kielioppi ja sen eri [&hellip;]<\/p>\n","protected":false},"author":6,"featured_media":28539,"parent":0,"menu_order":0,"comment_status":"closed","ping_status":"closed","template":"LearningContentPage.php","meta":{"_acf_changed":false,"footnotes":""},"class_list":["post-158406","page","type-page","status-publish","has-post-thumbnail","hentry"],"acf":[],"yoast_head":"<!-- This site is optimized with the Yoast SEO Premium plugin v27.2 (Yoast SEO v27.2) - https:\/\/yoast.com\/product\/yoast-seo-premium-wordpress\/ -->\n<title>Norjan kielioppiharjoitukset - Talkpal<\/title>\n<meta name=\"description\" content=\"Paranna taitojasi mukaansatempaavien norjan kielioppiharjoitusten avulla. T\u00e4ydellinen kaikentasoisille oppijoille tehokkaaseen harjoitteluun.\" \/>\n<meta name=\"robots\" content=\"index, follow, max-snippet:-1, max-image-preview:large, max-video-preview:-1\" \/>\n<link rel=\"canonical\" href=\"https:\/\/talkpal.ai\/fi\/norjan-kielioppiharjoitukset\/\" \/>\n<meta property=\"og:locale\" content=\"fi_FI\" \/>\n<meta property=\"og:type\" content=\"article\" \/>\n<meta property=\"og:title\" content=\"Norjan kielioppiharjoitukset\" \/>\n<meta property=\"og:description\" content=\"Norjan kieliopin aiheet Norjan oppiminen voi olla j\u00e4nnitt\u00e4v\u00e4 ja palkitseva kokemus, koska se avaa ovet rikkaaseen kulttuurihistoriaan, upeisiin maisemiin\" \/>\n<meta property=\"og:url\" content=\"https:\/\/talkpal.ai\/fi\/norjan-kielioppiharjoitukset\/\" \/>\n<meta property=\"og:site_name\" content=\"Talkpal\" \/>\n<meta property=\"article:publisher\" content=\"https:\/\/www.facebook.com\/profile.php?id=100090733639311\" \/>\n<meta property=\"article:modified_time\" content=\"2025-12-17T14:38:55+00:00\" \/>\n<meta property=\"og:image\" content=\"https:\/\/talkpal.ai\/wp-content\/uploads\/2023\/05\/norway.png\" \/>\n\t<meta property=\"og:image:width\" content=\"512\" \/>\n\t<meta property=\"og:image:height\" content=\"512\" \/>\n\t<meta property=\"og:image:type\" content=\"image\/png\" \/>\n<meta name=\"twitter:card\" content=\"summary_large_image\" \/>\n<meta name=\"twitter:site\" content=\"@talkpalai\" \/>\n<meta name=\"twitter:label1\" content=\"Arvioitu lukuaika\" \/>\n\t<meta name=\"twitter:data1\" content=\"2 minuuttia\" \/>\n<script type=\"application\/ld+json\" class=\"yoast-schema-graph\">{\"@context\":\"https:\/\/schema.org\",\"@graph\":[{\"@type\":\"WebPage\",\"@id\":\"https:\/\/talkpal.ai\/fi\/norjan-kielioppiharjoitukset\/\",\"url\":\"https:\/\/talkpal.ai\/fi\/norjan-kielioppiharjoitukset\/\",\"name\":\"Norjan kielioppiharjoitukset - Talkpal\",\"isPartOf\":{\"@id\":\"https:\/\/talkpal.ai\/fi\/#website\"},\"primaryImageOfPage\":{\"@id\":\"https:\/\/talkpal.ai\/fi\/norjan-kielioppiharjoitukset\/#primaryimage\"},\"image\":{\"@id\":\"https:\/\/talkpal.ai\/fi\/norjan-kielioppiharjoitukset\/#primaryimage\"},\"thumbnailUrl\":\"https:\/\/talkpal.ai\/wp-content\/uploads\/2023\/05\/norway.png\",\"datePublished\":\"2023-06-27T08:41:59+00:00\",\"dateModified\":\"2025-12-17T14:38:55+00:00\",\"description\":\"Paranna taitojasi mukaansatempaavien norjan kielioppiharjoitusten avulla. T\u00e4ydellinen kaikentasoisille oppijoille tehokkaaseen harjoitteluun.\",\"breadcrumb\":{\"@id\":\"https:\/\/talkpal.ai\/fi\/norjan-kielioppiharjoitukset\/#breadcrumb\"},\"inLanguage\":\"fi\",\"potentialAction\":[{\"@type\":\"ReadAction\",\"target\":[\"https:\/\/talkpal.ai\/fi\/norjan-kielioppiharjoitukset\/\"]}]},{\"@type\":\"ImageObject\",\"inLanguage\":\"fi\",\"@id\":\"https:\/\/talkpal.ai\/fi\/norjan-kielioppiharjoitukset\/#primaryimage\",\"url\":\"https:\/\/talkpal.ai\/wp-content\/uploads\/2023\/05\/norway.png\",\"contentUrl\":\"https:\/\/talkpal.ai\/wp-content\/uploads\/2023\/05\/norway.png\",\"width\":512,\"height\":512},{\"@type\":\"BreadcrumbList\",\"@id\":\"https:\/\/talkpal.ai\/fi\/norjan-kielioppiharjoitukset\/#breadcrumb\",\"itemListElement\":[{\"@type\":\"ListItem\",\"position\":1,\"name\":\"Homepage\",\"item\":\"https:\/\/talkpal.ai\/fi\/\"},{\"@type\":\"ListItem\",\"position\":2,\"name\":\"Norjan kielioppiharjoitukset\"}]},{\"@type\":\"WebSite\",\"@id\":\"https:\/\/talkpal.ai\/fi\/#website\",\"url\":\"https:\/\/talkpal.ai\/fi\/\",\"name\":\"Talkpal\",\"description\":\"AI Language Learning\",\"publisher\":{\"@id\":\"https:\/\/talkpal.ai\/fi\/#organization\"},\"alternateName\":\"Talkpal AI\",\"potentialAction\":[{\"@type\":\"SearchAction\",\"target\":{\"@type\":\"EntryPoint\",\"urlTemplate\":\"https:\/\/talkpal.ai\/fi\/?s={search_term_string}\"},\"query-input\":{\"@type\":\"PropertyValueSpecification\",\"valueRequired\":true,\"valueName\":\"search_term_string\"}}],\"inLanguage\":\"fi\"},{\"@type\":\"Organization\",\"@id\":\"https:\/\/talkpal.ai\/fi\/#organization\",\"name\":\"Talkpal, Inc.\",\"alternateName\":\"Talkpal AI\",\"url\":\"https:\/\/talkpal.ai\/fi\/\",\"logo\":{\"@type\":\"ImageObject\",\"inLanguage\":\"fi\",\"@id\":\"https:\/\/talkpal.ai\/fi\/#\/schema\/logo\/image\/\",\"url\":\"https:\/\/talkpal.ai\/wp-content\/uploads\/2024\/03\/Talkpal-Logo-Icon.png\",\"contentUrl\":\"https:\/\/talkpal.ai\/wp-content\/uploads\/2024\/03\/Talkpal-Logo-Icon.png\",\"width\":2880,\"height\":2880,\"caption\":\"Talkpal, Inc.\"},\"image\":{\"@id\":\"https:\/\/talkpal.ai\/fi\/#\/schema\/logo\/image\/\"},\"sameAs\":[\"https:\/\/www.facebook.com\/profile.php?id=100090733639311\",\"https:\/\/x.com\/talkpalai\",\"https:\/\/www.linkedin.com\/company\/talkpal\/\",\"https:\/\/www.youtube.com\/@TalkPal\/\",\"https:\/\/www.tiktok.com\/@talkpal\",\"https:\/\/www.instagram.com\/talkpal_ai\/\",\"https:\/\/www.crunchbase.com\/organization\/talkpal-9cde\",\"https:\/\/www.g2.com\/products\/talkpal-for-business\/\",\"https:\/\/www.trustpilot.com\/review\/talkpal.ai\",\"https:\/\/www.capterra.com\/p\/10006800\/TalkPal\/\"],\"description\":\"Talkpal is a language learning web and mobile education app, powered by the latest AI technologies, that provides engaging experiences to its customers in many different languages to help them improve their language skills. Users can chat about unlimited amount of topics with the app and use other modes to practice their language learning.\",\"email\":\"support@talkpal.ai\",\"legalName\":\"Talkpal, Inc.\",\"foundingDate\":\"2023-04-03\",\"duns\":\"118989042\",\"numberOfEmployees\":{\"@type\":\"QuantitativeValue\",\"minValue\":\"11\",\"maxValue\":\"50\"},\"publishingPrinciples\":\"https:\/\/talkpal.ai\/publishing-principles\/\",\"actionableFeedbackPolicy\":\"https:\/\/talkpal.ai\/actionable-feedback-policy\/\",\"correctionsPolicy\":\"https:\/\/talkpal.ai\/corrections-policy\/\",\"ethicsPolicy\":\"https:\/\/talkpal.ai\/ethics-policy\/\",\"diversityPolicy\":\"https:\/\/talkpal.ai\/diversity-policy\/\",\"diversityStaffingReport\":\"https:\/\/talkpal.ai\/diversity-policy\/\"}]}<\/script>\n<!-- \/ Yoast SEO Premium plugin. -->","yoast_head_json":{"title":"Norjan kielioppiharjoitukset - Talkpal","description":"Paranna taitojasi mukaansatempaavien norjan kielioppiharjoitusten avulla. T\u00e4ydellinen kaikentasoisille oppijoille tehokkaaseen harjoitteluun.","robots":{"index":"index","follow":"follow","max-snippet":"max-snippet:-1","max-image-preview":"max-image-preview:large","max-video-preview":"max-video-preview:-1"},"canonical":"https:\/\/talkpal.ai\/fi\/norjan-kielioppiharjoitukset\/","og_locale":"fi_FI","og_type":"article","og_title":"Norjan kielioppiharjoitukset","og_description":"Norjan kieliopin aiheet Norjan oppiminen voi olla j\u00e4nnitt\u00e4v\u00e4 ja palkitseva kokemus, koska se avaa ovet rikkaaseen kulttuurihistoriaan, upeisiin maisemiin","og_url":"https:\/\/talkpal.ai\/fi\/norjan-kielioppiharjoitukset\/","og_site_name":"Talkpal","article_publisher":"https:\/\/www.facebook.com\/profile.php?id=100090733639311","article_modified_time":"2025-12-17T14:38:55+00:00","og_image":[{"width":512,"height":512,"url":"https:\/\/talkpal.ai\/wp-content\/uploads\/2023\/05\/norway.png","type":"image\/png"}],"twitter_card":"summary_large_image","twitter_site":"@talkpalai","twitter_misc":{"Arvioitu lukuaika":"2 minuuttia"},"schema":{"@context":"https:\/\/schema.org","@graph":[{"@type":"WebPage","@id":"https:\/\/talkpal.ai\/fi\/norjan-kielioppiharjoitukset\/","url":"https:\/\/talkpal.ai\/fi\/norjan-kielioppiharjoitukset\/","name":"Norjan kielioppiharjoitukset - Talkpal","isPartOf":{"@id":"https:\/\/talkpal.ai\/fi\/#website"},"primaryImageOfPage":{"@id":"https:\/\/talkpal.ai\/fi\/norjan-kielioppiharjoitukset\/#primaryimage"},"image":{"@id":"https:\/\/talkpal.ai\/fi\/norjan-kielioppiharjoitukset\/#primaryimage"},"thumbnailUrl":"https:\/\/talkpal.ai\/wp-content\/uploads\/2023\/05\/norway.png","datePublished":"2023-06-27T08:41:59+00:00","dateModified":"2025-12-17T14:38:55+00:00","description":"Paranna taitojasi mukaansatempaavien norjan kielioppiharjoitusten avulla. T\u00e4ydellinen kaikentasoisille oppijoille tehokkaaseen harjoitteluun.","breadcrumb":{"@id":"https:\/\/talkpal.ai\/fi\/norjan-kielioppiharjoitukset\/#breadcrumb"},"inLanguage":"fi","potentialAction":[{"@type":"ReadAction","target":["https:\/\/talkpal.ai\/fi\/norjan-kielioppiharjoitukset\/"]}]},{"@type":"ImageObject","inLanguage":"fi","@id":"https:\/\/talkpal.ai\/fi\/norjan-kielioppiharjoitukset\/#primaryimage","url":"https:\/\/talkpal.ai\/wp-content\/uploads\/2023\/05\/norway.png","contentUrl":"https:\/\/talkpal.ai\/wp-content\/uploads\/2023\/05\/norway.png","width":512,"height":512},{"@type":"BreadcrumbList","@id":"https:\/\/talkpal.ai\/fi\/norjan-kielioppiharjoitukset\/#breadcrumb","itemListElement":[{"@type":"ListItem","position":1,"name":"Homepage","item":"https:\/\/talkpal.ai\/fi\/"},{"@type":"ListItem","position":2,"name":"Norjan kielioppiharjoitukset"}]},{"@type":"WebSite","@id":"https:\/\/talkpal.ai\/fi\/#website","url":"https:\/\/talkpal.ai\/fi\/","name":"Talkpal","description":"AI Language Learning","publisher":{"@id":"https:\/\/talkpal.ai\/fi\/#organization"},"alternateName":"Talkpal AI","potentialAction":[{"@type":"SearchAction","target":{"@type":"EntryPoint","urlTemplate":"https:\/\/talkpal.ai\/fi\/?s={search_term_string}"},"query-input":{"@type":"PropertyValueSpecification","valueRequired":true,"valueName":"search_term_string"}}],"inLanguage":"fi"},{"@type":"Organization","@id":"https:\/\/talkpal.ai\/fi\/#organization","name":"Talkpal, Inc.","alternateName":"Talkpal AI","url":"https:\/\/talkpal.ai\/fi\/","logo":{"@type":"ImageObject","inLanguage":"fi","@id":"https:\/\/talkpal.ai\/fi\/#\/schema\/logo\/image\/","url":"https:\/\/talkpal.ai\/wp-content\/uploads\/2024\/03\/Talkpal-Logo-Icon.png","contentUrl":"https:\/\/talkpal.ai\/wp-content\/uploads\/2024\/03\/Talkpal-Logo-Icon.png","width":2880,"height":2880,"caption":"Talkpal, Inc."},"image":{"@id":"https:\/\/talkpal.ai\/fi\/#\/schema\/logo\/image\/"},"sameAs":["https:\/\/www.facebook.com\/profile.php?id=100090733639311","https:\/\/x.com\/talkpalai","https:\/\/www.linkedin.com\/company\/talkpal\/","https:\/\/www.youtube.com\/@TalkPal\/","https:\/\/www.tiktok.com\/@talkpal","https:\/\/www.instagram.com\/talkpal_ai\/","https:\/\/www.crunchbase.com\/organization\/talkpal-9cde","https:\/\/www.g2.com\/products\/talkpal-for-business\/","https:\/\/www.trustpilot.com\/review\/talkpal.ai","https:\/\/www.capterra.com\/p\/10006800\/TalkPal\/"],"description":"Talkpal is a language learning web and mobile education app, powered by the latest AI technologies, that provides engaging experiences to its customers in many different languages to help them improve their language skills. Users can chat about unlimited amount of topics with the app and use other modes to practice their language learning.","email":"support@talkpal.ai","legalName":"Talkpal, Inc.","foundingDate":"2023-04-03","duns":"118989042","numberOfEmployees":{"@type":"QuantitativeValue","minValue":"11","maxValue":"50"},"publishingPrinciples":"https:\/\/talkpal.ai\/publishing-principles\/","actionableFeedbackPolicy":"https:\/\/talkpal.ai\/actionable-feedback-policy\/","correctionsPolicy":"https:\/\/talkpal.ai\/corrections-policy\/","ethicsPolicy":"https:\/\/talkpal.ai\/ethics-policy\/","diversityPolicy":"https:\/\/talkpal.ai\/diversity-policy\/","diversityStaffingReport":"https:\/\/talkpal.ai\/diversity-policy\/"}]}},"_links":{"self":[{"href":"https:\/\/talkpal.ai\/fi\/wp-json\/wp\/v2\/pages\/158406","targetHints":{"allow":["GET"]}}],"collection":[{"href":"https:\/\/talkpal.ai\/fi\/wp-json\/wp\/v2\/pages"}],"about":[{"href":"https:\/\/talkpal.ai\/fi\/wp-json\/wp\/v2\/types\/page"}],"author":[{"embeddable":true,"href":"https:\/\/talkpal.ai\/fi\/wp-json\/wp\/v2\/users\/6"}],"replies":[{"embeddable":true,"href":"https:\/\/talkpal.ai\/fi\/wp-json\/wp\/v2\/comments?post=158406"}],"version-history":[{"count":0,"href":"https:\/\/talkpal.ai\/fi\/wp-json\/wp\/v2\/pages\/158406\/revisions"}],"wp:featuredmedia":[{"embeddable":true,"href":"https:\/\/talkpal.ai\/fi\/wp-json\/wp\/v2\/media\/28539"}],"wp:attachment":[{"href":"https:\/\/talkpal.ai\/fi\/wp-json\/wp\/v2\/media?parent=158406"}],"curies":[{"name":"wp","href":"https:\/\/api.w.org\/{rel}","templated":true}]}}