{"id":158133,"date":"2023-06-27T08:51:37","date_gmt":"2023-06-27T08:51:37","guid":{"rendered":"http:\/\/talkpal.ai\/persian-kielioppiharjoitukset\/"},"modified":"2025-12-17T15:26:24","modified_gmt":"2025-12-17T15:26:24","slug":"persian-kielioppiharjoitukset","status":"publish","type":"page","link":"https:\/\/talkpal.ai\/fi\/persian-kielioppiharjoitukset\/","title":{"rendered":"Persian kielioppiharjoitukset"},"content":{"rendered":"\r\n\r\n\r\n<section class=\"languageChallengeSection\">\r\n    <div class=\"languageInfoWrapper\">\r\n        \r\n        <h1>Persian kielioppiharjoitukset<\/h1>\r\n        <p>Oletko valmis parantamaan <a href=\"https:\/\/talkpal.ai\/learn-persian\/\">persian<\/a> kielen taitojasi? Kielioppiharjoitukset ovat erinomainen tapa hallita lauserakennetta, verbimuotoja ja persian kielen keskeisi\u00e4 kuvioita. Aloita persian kieliopin harjoittelu jo t\u00e4n\u00e4\u00e4n ja katso, kuinka ymm\u00e4rryksesi ja itseluottamuksesi kasvavat jokaisen uuden harjoituksen my\u00f6t\u00e4!<\/p>\r\n\r\n                            <a class=\"getStartedHidden\" href=\"https:\/\/app.talkpal.ai\/fi\/signup?lng=\">Aloita<\/a>\r\n        \r\n    <\/div>\r\n\r\n    <figure>\r\n    <img decoding=\"async\" width=\"768\" height=\"768\" src=\"https:\/\/talkpal.ai\/wp-content\/uploads\/2023\/06\/persian-768x768.png\" class=\"languageImage no-lazy\" alt=\"Default alt text\" fetchpriority=\"high\" sizes=\"(max-width: 768px) 150px, 768px\" srcset=\"https:\/\/talkpal.ai\/wp-content\/uploads\/2023\/06\/persian-768x768.png 768w, https:\/\/talkpal.ai\/wp-content\/uploads\/2023\/06\/persian-300x300.png 300w\" \/>\r\n    \r\n\r\n    <\/figure>\r\n\r\n            <a class=\"getStartedVisible\" href=\"https:\/\/app.talkpal.ai\/fi\/signup?lng=\">Aloita<\/a>\r\n    \r\n<\/section>\r\n\r\n\r\n<!-- <section class=\"grammarSection\">\r\n    <div class=\"grammarLinks\">\r\n        <a href=\"https:\/\/talkpal.ai\/fi\/exercise_language\/adjektiivit-persian-kielioppi\/\">Adjektiivit <\/a><a href=\"https:\/\/talkpal.ai\/fi\/exercise_language\/adverbit-persian-kielioppi\/\">Adverbit <\/a><a href=\"https:\/\/talkpal.ai\/fi\/exercise_language\/aikamuodot-persian-kielioppi\/\">Aikamuodot <\/a><a href=\"https:\/\/talkpal.ai\/fi\/exercise_language\/aikamuotojen-vertailu-persian-kielioppi\/\">Aikamuotojen vertailu <\/a><a href=\"https:\/\/talkpal.ai\/fi\/exercise_language\/artikkelit-persian-kielioppi\/\">Artikkelit <\/a><a href=\"https:\/\/talkpal.ai\/fi\/exercise_language\/konditionaalit-persian-kielioppi\/\">Konditionaalit <\/a><a href=\"https:\/\/talkpal.ai\/fi\/exercise_language\/lauseet-persian-kielioppi\/\">Lauseet <\/a><a href=\"https:\/\/talkpal.ai\/fi\/exercise_language\/prepositiot-persian-kielioppi\/\">Prepositiot <\/a><a href=\"https:\/\/talkpal.ai\/fi\/exercise_language\/progressiivinen-persian-kielioppi\/\">Progressiivinen <\/a><a href=\"https:\/\/talkpal.ai\/fi\/exercise_language\/pronominit-determinerit-persian-kielioppi\/\">Pronominit\/Determinerit <\/a><a href=\"https:\/\/talkpal.ai\/fi\/exercise_language\/substantiivit-persian-kielioppi\/\">Substantiivit <\/a><a href=\"https:\/\/talkpal.ai\/fi\/exercise_language\/taydellinen-progressiivinen-persian-kielioppi\/\">T\u00e4ydellinen progressiivinen <\/a><a href=\"https:\/\/talkpal.ai\/fi\/exercise_language\/verbit-persian-kielioppi\/\">Verbit <\/a>    <\/div>\r\n<\/section> -->\r\n\r\n\r\n\r\n\r\n        <section class=\"grammarSection\">\r\n            <div class=\"grammarLinks\">\r\n                <a href=\"https:\/\/talkpal.ai\/fi\/exercise_language\/adjektiivit-persian-kielioppi\/\">Adjektiivit <\/a><a href=\"https:\/\/talkpal.ai\/fi\/exercise_language\/adverbit-persian-kielioppi\/\">Adverbit <\/a><a href=\"https:\/\/talkpal.ai\/fi\/exercise_language\/aikamuodot-persian-kielioppi\/\">Aikamuodot <\/a><a href=\"https:\/\/talkpal.ai\/fi\/exercise_language\/aikamuotojen-vertailu-persian-kielioppi\/\">Aikamuotojen vertailu <\/a><a href=\"https:\/\/talkpal.ai\/fi\/exercise_language\/artikkelit-persian-kielioppi\/\">Artikkelit <\/a><a href=\"https:\/\/talkpal.ai\/fi\/exercise_language\/konditionaalit-persian-kielioppi\/\">Konditionaalit <\/a><a href=\"https:\/\/talkpal.ai\/fi\/exercise_language\/lauseet-persian-kielioppi\/\">Lauseet <\/a><a href=\"https:\/\/talkpal.ai\/fi\/exercise_language\/prepositiot-persian-kielioppi\/\">Prepositiot <\/a><a href=\"https:\/\/talkpal.ai\/fi\/exercise_language\/progressiivinen-persian-kielioppi\/\">Progressiivinen <\/a><a href=\"https:\/\/talkpal.ai\/fi\/exercise_language\/pronominit-determinerit-persian-kielioppi\/\">Pronominit\/Determinerit <\/a><a href=\"https:\/\/talkpal.ai\/fi\/exercise_language\/substantiivit-persian-kielioppi\/\">Substantiivit <\/a><a href=\"https:\/\/talkpal.ai\/fi\/exercise_language\/taydellinen-progressiivinen-persian-kielioppi\/\">T\u00e4ydellinen progressiivinen <\/a><a href=\"https:\/\/talkpal.ai\/fi\/exercise_language\/verbit-persian-kielioppi\/\">Verbit <\/a>            <\/div>\r\n        <\/section>\r\n<section class=\"promotionalBanner\">\r\n    <p class=\"promotionalText\">Tehokkain tapa oppia kielt\u00e4<\/p>\r\n    <a class=\"promotionalLink\" href=\"https:\/\/app.talkpal.ai\/fi\/signup?lng=\">Kokeile Talkpal ilmaiseksi<\/a>\r\n<\/section>\n<div class=\"wp-block-group pageContainerStyle\"><div class=\"wp-block-group__inner-container is-layout-constrained wp-block-group-is-layout-constrained\">\n<h2 class=\"wp-block-heading\" id=\"h-persian-grammar-topics\">Persian kieliopin aiheet<\/h2>\n\n\n\n<p>Persian, joka tunnetaan my\u00f6s nimell\u00e4 farsi, oppiminen voi olla j\u00e4nnitt\u00e4v\u00e4 ja palkitseva matka, joka avaa uusia mahdollisuuksia ymm\u00e4rt\u00e4\u00e4 Iranin ja muiden persiankielisten alueiden rikasta kulttuuria ja historiaa. Oppijana persian kieliopin eri n\u00e4k\u00f6kohtien hallitseminen on v\u00e4ltt\u00e4m\u00e4t\u00f6nt\u00e4 vahvan perustan rakentamiseksi kielelle. T\u00e4ss\u00e4 oppaassa tutkimme persian kieliopin eri n\u00e4k\u00f6kohtia, mukaan lukien aikamuodot, verbit, substantiivit, artikkelit ja muut olennaiset elementit, jotta voit rakentaa oppimisprosessisi j\u00e4rjestelm\u00e4llisesti ja tehokkaasti.<\/p>\n\n\n\n<h3 class=\"wp-block-heading\" id=\"h-1-nouns\">1. Substantiivit:<\/h3>\n\n\n\n<p>Aloita opettelemalla persian substantiivien perusteet, mukaan lukien niiden sukupuoli (kaikki persian substantiivit ovat sukupuolineutraaleja), yksik\u00f6n ja monikon muodot sek\u00e4 &#8221;ezafe&#8221;-merkin k\u00e4ytt\u00f6 osoittamaan hallussapitoa ja substantiivien v\u00e4lisi\u00e4 suhteita.<\/p>\n\n\n\n<h3 class=\"wp-block-heading\" id=\"h-2-pronouns-determiners\">2. Pronominit\/m\u00e4\u00e4ritteet:<\/h3>\n\n\n\n<p>Kun olet perehtynyt substantiiveihin, siirry pronominien ja m\u00e4\u00e4ritteiden oppimiseen. T\u00e4m\u00e4 auttaa sinua ymm\u00e4rt\u00e4m\u00e4\u00e4n, kuinka viitata ihmisiin ja esineisiin persiaksi ja k\u00e4ytt\u00e4\u00e4 demonstratiivisia, possessiivisia ja kvantifioijia.<\/p>\n\n\n\n<h3 class=\"wp-block-heading\" id=\"h-3-adjectives\">3. Adjektiivit:<\/h3>\n\n\n\n<p>Opi kuvailemaan substantiiveja adjektiivien avulla, mukaan lukien niiden sijoittaminen lauseeseen ja miten ne sopivat muokkaamiinsa substantiiveihin.<\/p>\n\n\n\n<h3 class=\"wp-block-heading\" id=\"h-4-verbs\">4. Verbit:<\/h3>\n\n\n\n<p>Verbit ovat mink\u00e4 tahansa kielen selk\u00e4ranka, eik\u00e4 persia ole poikkeus. Aloita ymm\u00e4rt\u00e4m\u00e4ll\u00e4 persian verbirakenne ja yksinkertainen preesens, ennen kuin siirryt muihin aikamuotoihin ja tunnelmiin.<\/p>\n\n\n\n<h3 class=\"wp-block-heading\" id=\"h-5-tense-comparison\">5. J\u00e4nnittynyt vertailu:<\/h3>\n\n\n\n<p>Kun olet oppinut verbien perusteet ja yksinkertaisen nykyisen j\u00e4nnityksen, vertaa ja vertaa eri aikoja ymm\u00e4rt\u00e4\u00e4ksesi, miten niit\u00e4 k\u00e4ytet\u00e4\u00e4n persiaksi. T\u00e4m\u00e4 sis\u00e4lt\u00e4\u00e4 menneet, tulevat ja ehdolliset aikamuodot.<\/p>\n\n\n\n<h3 class=\"wp-block-heading\" id=\"h-6-progressive-and-perfect-progressive\">6. Progressiivinen ja t\u00e4ydellinen progressiivinen:<\/h3>\n\n\n\n<p>Opi persian verbien progressiiviset ja t\u00e4ydelliset progressiiviset n\u00e4k\u00f6kohdat ilmaisemaan k\u00e4ynniss\u00e4 olevia <a href=\"https:\/\/talkpal.ai\/learn-thai\/\">tai<\/a> suoritettuja toimia.<\/p>\n\n\n\n<h3 class=\"wp-block-heading\" id=\"h-7-adverbs\">7. Adverbit:<\/h3>\n\n\n\n<p><a href=\"https:\/\/talkpal.ai\/fi\/grammar\/paikan-tsekin-kielioppi-adverbit\/\">Adverbit<\/a> ovat v\u00e4ltt\u00e4m\u00e4tt\u00f6mi\u00e4 lis\u00e4\u00e4m\u00e4\u00e4n vivahteita ja kontekstia persialaisiin lauseisiisi. Opi niiden sijoittelu ja miten ne muokkaavat verbej\u00e4, adjektiiveja ja muita adverbeja.<\/p>\n\n\n\n<h3 class=\"wp-block-heading\" id=\"h-8-conditionals\">8. Konditionaalit:<\/h3>\n\n\n\n<p>Ymm\u00e4rr\u00e4, miten ilmaista hypoteettisia tilanteita ja seurauksia oppimalla persialaisia ehdollisia lauseita.<\/p>\n\n\n\n<h3 class=\"wp-block-heading\" id=\"h-9-prepositions\">9. Prepositiot:<\/h3>\n\n\n\n<p><a href=\"https:\/\/talkpal.ai\/fi\/grammar\/kohdan-kannadan-kieliopissa-prepositiot\/\">Prepositiot<\/a> ovat v\u00e4ltt\u00e4m\u00e4tt\u00f6mi\u00e4 sanojen ja lauseiden v\u00e4listen suhteiden osoittamiseksi lauseessa. Opi yleisimm\u00e4t persialaiset prepositiot ja miten niit\u00e4 k\u00e4ytet\u00e4\u00e4n oikein.<\/p>\n\n\n\n<h3 class=\"wp-block-heading\" id=\"h-10-sentences\">10. Lauseet:<\/h3>\n\n\n\n<p>Lopuksi harjoittele kaikkien persian kieliopin elementtien yhdist\u00e4mist\u00e4 muodostamalla kokonaisia lauseita. Keskity erilaisiin lauserakenteisiin, mukaan lukien yksinkertaiset, yhdistetyt ja <a href=\"https:\/\/talkpal.ai\/fi\/grammar\/monimutkaiset-lauseet-japanin-kielioppissa\/\">monimutkaiset lauseet<\/a> sek\u00e4 kysymykset ja pakottavat lauseet.<\/p>\n\n\n\n<p>Seuraamalla t\u00e4t\u00e4 persian kieliopin aiheiden oppimisj\u00e4rjestyst\u00e4 rakennat vahvan perustan kielelle, jonka avulla voit kommunikoida tehokkaasti ja arvostaa persialaisen kirjallisuuden ja kulttuurin kauneutta.<\/p>\n<\/div><\/div>\n\r\n<section class=\"learnNavigationSection\">\r\n            \r\n        <a href=\"https:\/\/talkpal.ai\/fi\/opi-persiaa\/\">\r\n            <div class=\"learnNavigationWrapper\">\r\n                <div class=\"learnNavigationContent\">\r\n                    <img decoding=\"async\" src=\"https:\/\/talkpal.ai\/wp-content\/uploads\/2024\/08\/Persian.jpg\" alt=\"Persian Flag\">\r\n                    <div>\r\n                        <h4>Tietoja persian oppimisesta<\/h4>\r\n                        <p>Tutustu persian kielioppiin.<\/p>\r\n                    <\/div>\r\n                <\/div>\r\n            <\/div>\r\n        <\/a>\r\n\r\n        \r\n        <a href=\"https:\/\/talkpal.ai\/fi\/persian-kielioppi\/\">\r\n            <div class=\"learnNavigationWrapper\">\r\n                <div class=\"learnNavigationContent\">\r\n                    <img decoding=\"async\" src=\"https:\/\/talkpal.ai\/wp-content\/uploads\/2024\/08\/Persian.jpg\" alt=\"Persian Flag\">\r\n                    <div>\r\n                        <h4>Persian kieliopin oppitunnit<\/h4>\r\n                        <p>Harjoittele persian kielioppia.<\/p>\r\n                    <\/div>\r\n                <\/div>\r\n            <\/div>\r\n        <\/a>\r\n\r\n        \r\n        <a href=\"https:\/\/talkpal.ai\/vocabulary_language\/persian\/\">\r\n            <div class=\"learnNavigationWrapper\">\r\n                <div class=\"learnNavigationContent\">\r\n                    <img decoding=\"async\" src=\"https:\/\/talkpal.ai\/wp-content\/uploads\/2024\/08\/Persian.jpg\" alt=\"Persian Flag\">\r\n                    <div>\r\n                        <h4>Persian kielen sanasto<\/h4>\r\n                        <p>Laajenna persian kielen sanavarastoasi.<\/p>\r\n                    <\/div>\r\n                <\/div>\r\n            <\/div>\r\n        <\/a>\r\n\r\n            <\/section>","protected":false},"excerpt":{"rendered":"<p>Persian kieliopin aiheet Persian, joka tunnetaan my\u00f6s nimell\u00e4 farsi, oppiminen voi olla j\u00e4nnitt\u00e4v\u00e4 ja palkitseva matka, joka avaa uusia mahdollisuuksia ymm\u00e4rt\u00e4\u00e4 Iranin ja muiden persiankielisten alueiden rikasta kulttuuria ja historiaa. Oppijana persian kieliopin eri n\u00e4k\u00f6kohtien hallitseminen on v\u00e4ltt\u00e4m\u00e4t\u00f6nt\u00e4 vahvan perustan rakentamiseksi kielelle. T\u00e4ss\u00e4 oppaassa tutkimme persian kieliopin eri n\u00e4k\u00f6kohtia, mukaan lukien aikamuodot, verbit, substantiivit, artikkelit [&hellip;]<\/p>\n","protected":false},"author":6,"featured_media":28555,"parent":0,"menu_order":0,"comment_status":"closed","ping_status":"closed","template":"LearningContentPage.php","meta":{"_acf_changed":false,"footnotes":""},"class_list":["post-158133","page","type-page","status-publish","has-post-thumbnail","hentry"],"acf":[],"yoast_head":"<!-- This site is optimized with the Yoast SEO Premium plugin v27.2 (Yoast SEO v27.2) - https:\/\/yoast.com\/product\/yoast-seo-premium-wordpress\/ -->\n<title>Persian kielioppiharjoitukset - Talkpal<\/title>\n<meta name=\"description\" content=\"Hallitse persian kielioppiharjoituksia kielitaitosi vahvistamiseksi ja tutustu persiankielisten alueiden kulttuuriin.\" \/>\n<meta name=\"robots\" content=\"index, follow, max-snippet:-1, max-image-preview:large, max-video-preview:-1\" \/>\n<link rel=\"canonical\" href=\"https:\/\/talkpal.ai\/fi\/persian-kielioppiharjoitukset\/\" \/>\n<meta property=\"og:locale\" content=\"fi_FI\" \/>\n<meta property=\"og:type\" content=\"article\" \/>\n<meta property=\"og:title\" content=\"Persian kielioppiharjoitukset\" \/>\n<meta property=\"og:description\" content=\"Persian kieliopin aiheet Persian, joka tunnetaan my\u00f6s nimell\u00e4 farsi, oppiminen voi olla j\u00e4nnitt\u00e4v\u00e4 ja palkitseva matka, joka avaa uusia mahdollisuuksia\" \/>\n<meta property=\"og:url\" content=\"https:\/\/talkpal.ai\/fi\/persian-kielioppiharjoitukset\/\" \/>\n<meta property=\"og:site_name\" content=\"Talkpal\" \/>\n<meta property=\"article:publisher\" content=\"https:\/\/www.facebook.com\/profile.php?id=100090733639311\" \/>\n<meta property=\"article:modified_time\" content=\"2025-12-17T15:26:24+00:00\" \/>\n<meta property=\"og:image\" content=\"https:\/\/talkpal.ai\/wp-content\/uploads\/2023\/05\/Persian-iran.png\" \/>\n\t<meta property=\"og:image:width\" content=\"512\" \/>\n\t<meta property=\"og:image:height\" content=\"512\" \/>\n\t<meta property=\"og:image:type\" content=\"image\/png\" \/>\n<meta name=\"twitter:card\" content=\"summary_large_image\" \/>\n<meta name=\"twitter:site\" content=\"@talkpalai\" \/>\n<meta name=\"twitter:label1\" content=\"Arvioitu lukuaika\" \/>\n\t<meta name=\"twitter:data1\" content=\"2 minuuttia\" \/>\n<script type=\"application\/ld+json\" class=\"yoast-schema-graph\">{\"@context\":\"https:\/\/schema.org\",\"@graph\":[{\"@type\":\"WebPage\",\"@id\":\"https:\/\/talkpal.ai\/fi\/persian-kielioppiharjoitukset\/\",\"url\":\"https:\/\/talkpal.ai\/fi\/persian-kielioppiharjoitukset\/\",\"name\":\"Persian kielioppiharjoitukset - Talkpal\",\"isPartOf\":{\"@id\":\"https:\/\/talkpal.ai\/fi\/#website\"},\"primaryImageOfPage\":{\"@id\":\"https:\/\/talkpal.ai\/fi\/persian-kielioppiharjoitukset\/#primaryimage\"},\"image\":{\"@id\":\"https:\/\/talkpal.ai\/fi\/persian-kielioppiharjoitukset\/#primaryimage\"},\"thumbnailUrl\":\"https:\/\/talkpal.ai\/wp-content\/uploads\/2023\/05\/Persian-iran.png\",\"datePublished\":\"2023-06-27T08:51:37+00:00\",\"dateModified\":\"2025-12-17T15:26:24+00:00\",\"description\":\"Hallitse persian kielioppiharjoituksia kielitaitosi vahvistamiseksi ja tutustu persiankielisten alueiden kulttuuriin.\",\"breadcrumb\":{\"@id\":\"https:\/\/talkpal.ai\/fi\/persian-kielioppiharjoitukset\/#breadcrumb\"},\"inLanguage\":\"fi\",\"potentialAction\":[{\"@type\":\"ReadAction\",\"target\":[\"https:\/\/talkpal.ai\/fi\/persian-kielioppiharjoitukset\/\"]}]},{\"@type\":\"ImageObject\",\"inLanguage\":\"fi\",\"@id\":\"https:\/\/talkpal.ai\/fi\/persian-kielioppiharjoitukset\/#primaryimage\",\"url\":\"https:\/\/talkpal.ai\/wp-content\/uploads\/2023\/05\/Persian-iran.png\",\"contentUrl\":\"https:\/\/talkpal.ai\/wp-content\/uploads\/2023\/05\/Persian-iran.png\",\"width\":512,\"height\":512},{\"@type\":\"BreadcrumbList\",\"@id\":\"https:\/\/talkpal.ai\/fi\/persian-kielioppiharjoitukset\/#breadcrumb\",\"itemListElement\":[{\"@type\":\"ListItem\",\"position\":1,\"name\":\"Homepage\",\"item\":\"https:\/\/talkpal.ai\/fi\/\"},{\"@type\":\"ListItem\",\"position\":2,\"name\":\"Persian kielioppiharjoitukset\"}]},{\"@type\":\"WebSite\",\"@id\":\"https:\/\/talkpal.ai\/fi\/#website\",\"url\":\"https:\/\/talkpal.ai\/fi\/\",\"name\":\"Talkpal\",\"description\":\"AI Language Learning\",\"publisher\":{\"@id\":\"https:\/\/talkpal.ai\/fi\/#organization\"},\"alternateName\":\"Talkpal AI\",\"potentialAction\":[{\"@type\":\"SearchAction\",\"target\":{\"@type\":\"EntryPoint\",\"urlTemplate\":\"https:\/\/talkpal.ai\/fi\/?s={search_term_string}\"},\"query-input\":{\"@type\":\"PropertyValueSpecification\",\"valueRequired\":true,\"valueName\":\"search_term_string\"}}],\"inLanguage\":\"fi\"},{\"@type\":\"Organization\",\"@id\":\"https:\/\/talkpal.ai\/fi\/#organization\",\"name\":\"Talkpal, Inc.\",\"alternateName\":\"Talkpal AI\",\"url\":\"https:\/\/talkpal.ai\/fi\/\",\"logo\":{\"@type\":\"ImageObject\",\"inLanguage\":\"fi\",\"@id\":\"https:\/\/talkpal.ai\/fi\/#\/schema\/logo\/image\/\",\"url\":\"https:\/\/talkpal.ai\/wp-content\/uploads\/2024\/03\/Talkpal-Logo-Icon.png\",\"contentUrl\":\"https:\/\/talkpal.ai\/wp-content\/uploads\/2024\/03\/Talkpal-Logo-Icon.png\",\"width\":2880,\"height\":2880,\"caption\":\"Talkpal, Inc.\"},\"image\":{\"@id\":\"https:\/\/talkpal.ai\/fi\/#\/schema\/logo\/image\/\"},\"sameAs\":[\"https:\/\/www.facebook.com\/profile.php?id=100090733639311\",\"https:\/\/x.com\/talkpalai\",\"https:\/\/www.linkedin.com\/company\/talkpal\/\",\"https:\/\/www.youtube.com\/@TalkPal\/\",\"https:\/\/www.tiktok.com\/@talkpal\",\"https:\/\/www.instagram.com\/talkpal_ai\/\",\"https:\/\/www.crunchbase.com\/organization\/talkpal-9cde\",\"https:\/\/www.g2.com\/products\/talkpal-for-business\/\",\"https:\/\/www.trustpilot.com\/review\/talkpal.ai\",\"https:\/\/www.capterra.com\/p\/10006800\/TalkPal\/\"],\"description\":\"Talkpal is a language learning web and mobile education app, powered by the latest AI technologies, that provides engaging experiences to its customers in many different languages to help them improve their language skills. Users can chat about unlimited amount of topics with the app and use other modes to practice their language learning.\",\"email\":\"support@talkpal.ai\",\"legalName\":\"Talkpal, Inc.\",\"foundingDate\":\"2023-04-03\",\"duns\":\"118989042\",\"numberOfEmployees\":{\"@type\":\"QuantitativeValue\",\"minValue\":\"11\",\"maxValue\":\"50\"},\"publishingPrinciples\":\"https:\/\/talkpal.ai\/publishing-principles\/\",\"actionableFeedbackPolicy\":\"https:\/\/talkpal.ai\/actionable-feedback-policy\/\",\"correctionsPolicy\":\"https:\/\/talkpal.ai\/corrections-policy\/\",\"ethicsPolicy\":\"https:\/\/talkpal.ai\/ethics-policy\/\",\"diversityPolicy\":\"https:\/\/talkpal.ai\/diversity-policy\/\",\"diversityStaffingReport\":\"https:\/\/talkpal.ai\/diversity-policy\/\"}]}<\/script>\n<!-- \/ Yoast SEO Premium plugin. -->","yoast_head_json":{"title":"Persian kielioppiharjoitukset - Talkpal","description":"Hallitse persian kielioppiharjoituksia kielitaitosi vahvistamiseksi ja tutustu persiankielisten alueiden kulttuuriin.","robots":{"index":"index","follow":"follow","max-snippet":"max-snippet:-1","max-image-preview":"max-image-preview:large","max-video-preview":"max-video-preview:-1"},"canonical":"https:\/\/talkpal.ai\/fi\/persian-kielioppiharjoitukset\/","og_locale":"fi_FI","og_type":"article","og_title":"Persian kielioppiharjoitukset","og_description":"Persian kieliopin aiheet Persian, joka tunnetaan my\u00f6s nimell\u00e4 farsi, oppiminen voi olla j\u00e4nnitt\u00e4v\u00e4 ja palkitseva matka, joka avaa uusia mahdollisuuksia","og_url":"https:\/\/talkpal.ai\/fi\/persian-kielioppiharjoitukset\/","og_site_name":"Talkpal","article_publisher":"https:\/\/www.facebook.com\/profile.php?id=100090733639311","article_modified_time":"2025-12-17T15:26:24+00:00","og_image":[{"width":512,"height":512,"url":"https:\/\/talkpal.ai\/wp-content\/uploads\/2023\/05\/Persian-iran.png","type":"image\/png"}],"twitter_card":"summary_large_image","twitter_site":"@talkpalai","twitter_misc":{"Arvioitu lukuaika":"2 minuuttia"},"schema":{"@context":"https:\/\/schema.org","@graph":[{"@type":"WebPage","@id":"https:\/\/talkpal.ai\/fi\/persian-kielioppiharjoitukset\/","url":"https:\/\/talkpal.ai\/fi\/persian-kielioppiharjoitukset\/","name":"Persian kielioppiharjoitukset - Talkpal","isPartOf":{"@id":"https:\/\/talkpal.ai\/fi\/#website"},"primaryImageOfPage":{"@id":"https:\/\/talkpal.ai\/fi\/persian-kielioppiharjoitukset\/#primaryimage"},"image":{"@id":"https:\/\/talkpal.ai\/fi\/persian-kielioppiharjoitukset\/#primaryimage"},"thumbnailUrl":"https:\/\/talkpal.ai\/wp-content\/uploads\/2023\/05\/Persian-iran.png","datePublished":"2023-06-27T08:51:37+00:00","dateModified":"2025-12-17T15:26:24+00:00","description":"Hallitse persian kielioppiharjoituksia kielitaitosi vahvistamiseksi ja tutustu persiankielisten alueiden kulttuuriin.","breadcrumb":{"@id":"https:\/\/talkpal.ai\/fi\/persian-kielioppiharjoitukset\/#breadcrumb"},"inLanguage":"fi","potentialAction":[{"@type":"ReadAction","target":["https:\/\/talkpal.ai\/fi\/persian-kielioppiharjoitukset\/"]}]},{"@type":"ImageObject","inLanguage":"fi","@id":"https:\/\/talkpal.ai\/fi\/persian-kielioppiharjoitukset\/#primaryimage","url":"https:\/\/talkpal.ai\/wp-content\/uploads\/2023\/05\/Persian-iran.png","contentUrl":"https:\/\/talkpal.ai\/wp-content\/uploads\/2023\/05\/Persian-iran.png","width":512,"height":512},{"@type":"BreadcrumbList","@id":"https:\/\/talkpal.ai\/fi\/persian-kielioppiharjoitukset\/#breadcrumb","itemListElement":[{"@type":"ListItem","position":1,"name":"Homepage","item":"https:\/\/talkpal.ai\/fi\/"},{"@type":"ListItem","position":2,"name":"Persian kielioppiharjoitukset"}]},{"@type":"WebSite","@id":"https:\/\/talkpal.ai\/fi\/#website","url":"https:\/\/talkpal.ai\/fi\/","name":"Talkpal","description":"AI Language Learning","publisher":{"@id":"https:\/\/talkpal.ai\/fi\/#organization"},"alternateName":"Talkpal AI","potentialAction":[{"@type":"SearchAction","target":{"@type":"EntryPoint","urlTemplate":"https:\/\/talkpal.ai\/fi\/?s={search_term_string}"},"query-input":{"@type":"PropertyValueSpecification","valueRequired":true,"valueName":"search_term_string"}}],"inLanguage":"fi"},{"@type":"Organization","@id":"https:\/\/talkpal.ai\/fi\/#organization","name":"Talkpal, Inc.","alternateName":"Talkpal AI","url":"https:\/\/talkpal.ai\/fi\/","logo":{"@type":"ImageObject","inLanguage":"fi","@id":"https:\/\/talkpal.ai\/fi\/#\/schema\/logo\/image\/","url":"https:\/\/talkpal.ai\/wp-content\/uploads\/2024\/03\/Talkpal-Logo-Icon.png","contentUrl":"https:\/\/talkpal.ai\/wp-content\/uploads\/2024\/03\/Talkpal-Logo-Icon.png","width":2880,"height":2880,"caption":"Talkpal, Inc."},"image":{"@id":"https:\/\/talkpal.ai\/fi\/#\/schema\/logo\/image\/"},"sameAs":["https:\/\/www.facebook.com\/profile.php?id=100090733639311","https:\/\/x.com\/talkpalai","https:\/\/www.linkedin.com\/company\/talkpal\/","https:\/\/www.youtube.com\/@TalkPal\/","https:\/\/www.tiktok.com\/@talkpal","https:\/\/www.instagram.com\/talkpal_ai\/","https:\/\/www.crunchbase.com\/organization\/talkpal-9cde","https:\/\/www.g2.com\/products\/talkpal-for-business\/","https:\/\/www.trustpilot.com\/review\/talkpal.ai","https:\/\/www.capterra.com\/p\/10006800\/TalkPal\/"],"description":"Talkpal is a language learning web and mobile education app, powered by the latest AI technologies, that provides engaging experiences to its customers in many different languages to help them improve their language skills. Users can chat about unlimited amount of topics with the app and use other modes to practice their language learning.","email":"support@talkpal.ai","legalName":"Talkpal, Inc.","foundingDate":"2023-04-03","duns":"118989042","numberOfEmployees":{"@type":"QuantitativeValue","minValue":"11","maxValue":"50"},"publishingPrinciples":"https:\/\/talkpal.ai\/publishing-principles\/","actionableFeedbackPolicy":"https:\/\/talkpal.ai\/actionable-feedback-policy\/","correctionsPolicy":"https:\/\/talkpal.ai\/corrections-policy\/","ethicsPolicy":"https:\/\/talkpal.ai\/ethics-policy\/","diversityPolicy":"https:\/\/talkpal.ai\/diversity-policy\/","diversityStaffingReport":"https:\/\/talkpal.ai\/diversity-policy\/"}]}},"_links":{"self":[{"href":"https:\/\/talkpal.ai\/fi\/wp-json\/wp\/v2\/pages\/158133","targetHints":{"allow":["GET"]}}],"collection":[{"href":"https:\/\/talkpal.ai\/fi\/wp-json\/wp\/v2\/pages"}],"about":[{"href":"https:\/\/talkpal.ai\/fi\/wp-json\/wp\/v2\/types\/page"}],"author":[{"embeddable":true,"href":"https:\/\/talkpal.ai\/fi\/wp-json\/wp\/v2\/users\/6"}],"replies":[{"embeddable":true,"href":"https:\/\/talkpal.ai\/fi\/wp-json\/wp\/v2\/comments?post=158133"}],"version-history":[{"count":0,"href":"https:\/\/talkpal.ai\/fi\/wp-json\/wp\/v2\/pages\/158133\/revisions"}],"wp:featuredmedia":[{"embeddable":true,"href":"https:\/\/talkpal.ai\/fi\/wp-json\/wp\/v2\/media\/28555"}],"wp:attachment":[{"href":"https:\/\/talkpal.ai\/fi\/wp-json\/wp\/v2\/media?parent=158133"}],"curies":[{"name":"wp","href":"https:\/\/api.w.org\/{rel}","templated":true}]}}