{"id":157839,"date":"2023-06-27T09:07:34","date_gmt":"2023-06-27T09:07:34","guid":{"rendered":"http:\/\/talkpal.ai\/puolan-kielioppiharjoitukset\/"},"modified":"2025-12-17T09:54:41","modified_gmt":"2025-12-17T09:54:41","slug":"puolan-kielioppiharjoitukset","status":"publish","type":"page","link":"https:\/\/talkpal.ai\/fi\/puolan-kielioppiharjoitukset\/","title":{"rendered":"Puolan kielioppiharjoitukset"},"content":{"rendered":"\r\n\r\n\r\n<section class=\"languageChallengeSection\">\r\n    <div class=\"languageInfoWrapper\">\r\n        \r\n        <h1>Puolan kielioppiharjoitukset<\/h1>\r\n        <p>Oletko valmis ter\u00e4v\u00f6itt\u00e4m\u00e4\u00e4n puolan kielen taitojasi? Kielioppiharjoitukset ovat hyv\u00e4 tapa hallita lauserakennetta, verbien taivutuksia ja puolan kielen ainutlaatuisia malleja. Aloita puolan kieliopin harjoittelu jo t\u00e4n\u00e4\u00e4n ja n\u00e4e, kuinka itseluottamuksesi ja sujuvuutesi paranevat jokaisen harjoituksen my\u00f6t\u00e4!\n\n<\/p>\r\n\r\n                            <a class=\"getStartedHidden\" href=\"https:\/\/app.talkpal.ai\/fi\/signup?lng=\">Aloita<\/a>\r\n        \r\n    <\/div>\r\n\r\n    <figure>\r\n    <img decoding=\"async\" width=\"768\" height=\"768\" src=\"https:\/\/talkpal.ai\/wp-content\/uploads\/2023\/06\/polish-768x768.png\" class=\"languageImage no-lazy\" alt=\"Default alt text\" fetchpriority=\"high\" sizes=\"(max-width: 768px) 150px, 768px\" srcset=\"https:\/\/talkpal.ai\/wp-content\/uploads\/2023\/06\/polish-768x768.png 768w, https:\/\/talkpal.ai\/wp-content\/uploads\/2023\/06\/polish-300x300.png 300w\" \/>\r\n    \r\n\r\n    <\/figure>\r\n\r\n            <a class=\"getStartedVisible\" href=\"https:\/\/app.talkpal.ai\/fi\/signup?lng=\">Aloita<\/a>\r\n    \r\n<\/section>\r\n\r\n\r\n<!-- <section class=\"grammarSection\">\r\n    <div class=\"grammarLinks\">\r\n        <a href=\"https:\/\/talkpal.ai\/fi\/exercise_language\/adjektiivit-puolan-kielioppi\/\">Adjektiivit <\/a><a href=\"https:\/\/talkpal.ai\/fi\/exercise_language\/adverbit-puolan-kielioppi\/\">Adverbit <\/a><a href=\"https:\/\/talkpal.ai\/fi\/exercise_language\/aikamuodot-puolan-kielioppi\/\">Aikamuodot <\/a><a href=\"https:\/\/talkpal.ai\/fi\/exercise_language\/aikamuotojen-vertailu-puolan-kielioppi\/\">Aikamuotojen vertailu <\/a><a href=\"https:\/\/talkpal.ai\/fi\/exercise_language\/artikkelit-puolan-kielioppi\/\">Artikkelit <\/a><a href=\"https:\/\/talkpal.ai\/fi\/exercise_language\/konditionaalit-puolan-kielioppi\/\">Konditionaalit <\/a><a href=\"https:\/\/talkpal.ai\/fi\/exercise_language\/lauseet-puolan-kielioppi\/\">Lauseet <\/a><a href=\"https:\/\/talkpal.ai\/fi\/exercise_language\/perfect-progressive-puolan-kielioppi\/\">Perfect Progressive <\/a><a href=\"https:\/\/talkpal.ai\/fi\/exercise_language\/prepositiot-fi-5\/\">Prepositiot<\/a><a href=\"https:\/\/talkpal.ai\/fi\/exercise_language\/progressiivinen-puolan-kielioppi\/\">Progressiivinen <\/a><a href=\"https:\/\/talkpal.ai\/fi\/exercise_language\/pronominit-determinerit-puolan-kielioppi\/\">Pronominit\/Determinerit <\/a><a href=\"https:\/\/talkpal.ai\/fi\/exercise_language\/substantiivit-puolan-kielioppi\/\">Substantiivit <\/a><a href=\"https:\/\/talkpal.ai\/fi\/exercise_language\/verbit-puolan-kielioppi\/\">Verbit <\/a>    <\/div>\r\n<\/section> -->\r\n\r\n\r\n\r\n\r\n        <section class=\"grammarSection\">\r\n            <div class=\"grammarLinks\">\r\n                <a href=\"https:\/\/talkpal.ai\/fi\/exercise_language\/adjektiivit-puolan-kielioppi\/\">Adjektiivit <\/a><a href=\"https:\/\/talkpal.ai\/fi\/exercise_language\/adverbit-puolan-kielioppi\/\">Adverbit <\/a><a href=\"https:\/\/talkpal.ai\/fi\/exercise_language\/aikamuodot-puolan-kielioppi\/\">Aikamuodot <\/a><a href=\"https:\/\/talkpal.ai\/fi\/exercise_language\/aikamuotojen-vertailu-puolan-kielioppi\/\">Aikamuotojen vertailu <\/a><a href=\"https:\/\/talkpal.ai\/fi\/exercise_language\/artikkelit-puolan-kielioppi\/\">Artikkelit <\/a><a href=\"https:\/\/talkpal.ai\/fi\/exercise_language\/konditionaalit-puolan-kielioppi\/\">Konditionaalit <\/a><a href=\"https:\/\/talkpal.ai\/fi\/exercise_language\/lauseet-puolan-kielioppi\/\">Lauseet <\/a><a href=\"https:\/\/talkpal.ai\/fi\/exercise_language\/perfect-progressive-puolan-kielioppi\/\">Perfect Progressive <\/a><a href=\"https:\/\/talkpal.ai\/fi\/exercise_language\/prepositiot-fi-5\/\">Prepositiot<\/a><a href=\"https:\/\/talkpal.ai\/fi\/exercise_language\/progressiivinen-puolan-kielioppi\/\">Progressiivinen <\/a><a href=\"https:\/\/talkpal.ai\/fi\/exercise_language\/pronominit-determinerit-puolan-kielioppi\/\">Pronominit\/Determinerit <\/a><a href=\"https:\/\/talkpal.ai\/fi\/exercise_language\/substantiivit-puolan-kielioppi\/\">Substantiivit <\/a><a href=\"https:\/\/talkpal.ai\/fi\/exercise_language\/verbit-puolan-kielioppi\/\">Verbit <\/a>            <\/div>\r\n        <\/section>\r\n<section class=\"promotionalBanner\">\r\n    <p class=\"promotionalText\">Tehokkain tapa oppia kielt\u00e4<\/p>\r\n    <a class=\"promotionalLink\" href=\"https:\/\/app.talkpal.ai\/fi\/signup?lng=\">Kokeile Talkpal ilmaiseksi<\/a>\r\n<\/section>\n<div class=\"wp-block-group pageContainerStyle\"><div class=\"wp-block-group__inner-container is-layout-constrained wp-block-group-is-layout-constrained\">\n<h2 class=\"wp-block-heading\" id=\"h-polish-grammar-topics\">Puolan kieliopin aiheet<\/h2>\n\n\n\n<p>Puola, l\u00e4nsislaavilainen kieli, on Puolan \u00e4idinkieli, jota puhuvat miljoonat ihmiset ymp\u00e4ri maailmaa. Monimutkaisen kielioppij\u00e4rjestelm\u00e4n ja ainutlaatuisen \u00e4\u00e4nt\u00e4misen ansiosta puolan oppiminen voi olla melko haastavaa, mutta my\u00f6s palkitsevaa. Kielen hyv\u00e4n ymm\u00e4rt\u00e4misen ja hallitsemisen kannalta on olennaista oppia sen kielioppis\u00e4\u00e4nn\u00f6t j\u00e4sennellyss\u00e4 ja loogisessa j\u00e4rjestyksess\u00e4. T\u00e4ss\u00e4 oppaassa tutkimme puolan kielen t\u00e4rkeimpi\u00e4 kielioppiaiheita, kuten aikamuotoja, verbej\u00e4, substantiiveja, artikkeleita, pronomineja, adjektiiveja, adverbeja, konditionaaleja, prepositioita ja lauserakenteita. Seuraamalla t\u00e4t\u00e4 j\u00e4rjestyst\u00e4 pystyt asteittain rakentamaan puolan kielen taitojasi ja kommunikoimaan tehokkaasti.<\/p>\n\n\n\n<h3 class=\"wp-block-heading\" id=\"h-1-nouns\">1. Substantiivit:<\/h3>\n\n\n\n<p>Puolassa substantiivit on jaettu kolmeen sukupuoleen: maskuliininen, feminiininen ja neutri. Heill\u00e4 on my\u00f6s seitsem\u00e4n tapausta: nominatiivi, genetiivi, datiivi, akkusatiivi, instrumentaalinen, lokatiivi ja vokatiivi. Sukupuoli- ja tapausj\u00e4rjestelm\u00e4n oppiminen on ratkaisevan t\u00e4rke\u00e4\u00e4 lauserakenteiden ymm\u00e4rt\u00e4miseksi ja muiden kielioppielementtien, kuten adjektiivien ja pronominien, oikeiden muotojen k\u00e4ytt\u00e4miseksi.<\/p>\n\n\n\n<h3 class=\"wp-block-heading\" id=\"h-2-pronouns-determiners\">2. Pronominit\/m\u00e4\u00e4ritteet:<\/h3>\n\n\n\n<p>Puolalaiset pronominit ja m\u00e4\u00e4ritteet ovat samaa mielt\u00e4 substantiivien kanssa sukupuolessa, numerossa ja kirjainkokonaisuudessa. Ne sis\u00e4lt\u00e4v\u00e4t henkil\u00f6kohtaisia, omistushaluisia, demonstratiivisia, kysely- ja relatiivipronomineja. Pronominien ja m\u00e4\u00e4ritteiden k\u00e4yt\u00f6n hallitseminen auttaa rakentamaan monimutkaisempia lauseita ja ilmaisemaan erilaisia suhteita sanojen v\u00e4lill\u00e4.<\/p>\n\n\n\n<h3 class=\"wp-block-heading\" id=\"h-3-adjectives\">3. Adjektiivit:<\/h3>\n\n\n\n<p>Puolankieliset adjektiivit sopivat yhteen sukupuolen, numeron ja kirjainkoon substantiivien kanssa. Niill\u00e4 on erilaisia muotoja n\u00e4iden tekij\u00f6iden perusteella, joten adjektiivien taivutusmallien oppiminen on v\u00e4ltt\u00e4m\u00e4t\u00f6nt\u00e4 kuvaavien lauseiden oikean k\u00e4yt\u00f6n ja ymm\u00e4rt\u00e4misen kannalta.<\/p>\n\n\n\n<h3 class=\"wp-block-heading\" id=\"h-4-verbs\">4. Verbit:<\/h3>\n\n\n\n<p>Puolan verbij\u00e4rjestelm\u00e4 koostuu kolmesta aikamuodosta: menneisyydest\u00e4, nykyisyydest\u00e4 ja tulevaisuudesta. Verbeill\u00e4 on my\u00f6s erilaisia muotoja, jotka perustuvat aspektiin (perfektiivi <a href=\"https:\/\/talkpal.ai\/learn-thai\/\">tai<\/a> imperfektiivi) ja taivutusmalleihin. Verbitaivutuksen ja aspektin perusteiden oppiminen on olennaista toimintojen, tapahtumien ja tilojen ilmaisemiseksi eri aikav\u00e4leill\u00e4.<\/p>\n\n\n\n<h3 class=\"wp-block-heading\" id=\"h-5-tense-comparison\">5. J\u00e4nnittynyt vertailu:<\/h3>\n\n\n\n<p>Puolan kolmen ajan erojen ja yht\u00e4l\u00e4isyyksien ymm\u00e4rt\u00e4minen antaa sinun ilmaista aikasuhteita tarkasti. T\u00e4h\u00e4n sis\u00e4ltyy yksinkertaisten, progressiivisten ja t\u00e4ydellisten progressiivisten muotojen muodostaminen ja k\u00e4ytt\u00f6.<\/p>\n\n\n\n<h3 class=\"wp-block-heading\" id=\"h-6-adverbs\">6. Adverbit:<\/h3>\n\n\n\n<p>Puolankieliset <a href=\"https:\/\/talkpal.ai\/fi\/grammar\/paikan-tsekin-kielioppi-adverbit\/\">adverbit<\/a> tarjoavat lis\u00e4tietoja verbeist\u00e4, adjektiiveista tai muista adverbeista. Ne eiv\u00e4t yleens\u00e4 muuta muotoaan, joten ne on suhteellisen helppo oppia. Tiet\u00e4en, miten adverbeja k\u00e4ytet\u00e4\u00e4n oikein, parannetaan kielen ilmeikkyytt\u00e4.<\/p>\n\n\n\n<h3 class=\"wp-block-heading\" id=\"h-7-prepositions\">7. Prepositiot:<\/h3>\n\n\n\n<p>Puolan <a href=\"https:\/\/talkpal.ai\/fi\/grammar\/kohdan-kannadan-kieliopissa-prepositiot\/\">prepositiot<\/a> s\u00e4\u00e4telev\u00e4t tiettyj\u00e4 tapauksia ja osoittavat lauseen sanojen v\u00e4lisi\u00e4 suhteita. Prepositioiden ja niit\u00e4 vastaavien tapausten oikean k\u00e4yt\u00f6n oppiminen on elint\u00e4rke\u00e4\u00e4 monimutkaisempien lauseiden rakentamiseksi ja erilaisten sanojen v\u00e4listen suhteiden ilmaisemiseksi.<\/p>\n\n\n\n<h3 class=\"wp-block-heading\" id=\"h-8-conditionals\">8. Konditionaalit:<\/h3>\n\n\n\n<p>Puolan ehdolliset tuomiot ilmaisevat hypoteettisia tilanteita ja niiden seurauksia. Ne koostuvat tyypillisesti kahdesta lauseesta: ehdosta (if-lause) ja tuloksesta (p\u00e4\u00e4lause). Konditionaalien muodostumisen ja k\u00e4yt\u00f6n oppiminen antaa sinulle mahdollisuuden ilmaista hypoteettisia tilanteita ja niiden seurauksia tarkasti.<\/p>\n\n\n\n<h3 class=\"wp-block-heading\" id=\"h-9-sentences\">9. Lauseet:<\/h3>\n\n\n\n<p>Jotta voit kommunikoida tehokkaasti puolaksi, on t\u00e4rke\u00e4\u00e4 ymm\u00e4rt\u00e4\u00e4 peruslauseiden rakenteet, kuten toteavat, kysyv\u00e4t, imperatiiviset ja huudahduslauseet. Lauserakenteiden hallitseminen auttaa ilmaisemaan ajatuksia, esitt\u00e4m\u00e4\u00e4n kysymyksi\u00e4, antamaan k\u00e4skyj\u00e4 ja v\u00e4litt\u00e4m\u00e4\u00e4n tunteita puolaksi.<\/p>\n<\/div><\/div>\n\r\n<section class=\"learnNavigationSection\">\r\n            \r\n        <a href=\"https:\/\/talkpal.ai\/fi\/opi-puolaa\/\">\r\n            <div class=\"learnNavigationWrapper\">\r\n                <div class=\"learnNavigationContent\">\r\n                    <img decoding=\"async\" src=\"https:\/\/talkpal.ai\/wp-content\/uploads\/2024\/08\/Polish.jpg\" alt=\"Polish Flag\">\r\n                    <div>\r\n                        <h4>Tietoja Puolan oppimisesta<\/h4>\r\n                        <p>Lue kaikki puolan kieliopista.<\/p>\r\n                    <\/div>\r\n                <\/div>\r\n            <\/div>\r\n        <\/a>\r\n\r\n        \r\n        <a href=\"https:\/\/talkpal.ai\/fi\/puolan-kielioppi\/\">\r\n            <div class=\"learnNavigationWrapper\">\r\n                <div class=\"learnNavigationContent\">\r\n                    <img decoding=\"async\" src=\"https:\/\/talkpal.ai\/wp-content\/uploads\/2024\/08\/Polish.jpg\" alt=\"Polish Flag\">\r\n                    <div>\r\n                        <h4>Puolan kieliopin oppitunnit<\/h4>\r\n                        <p>Harjoittele puolan kielioppia.<\/p>\r\n                    <\/div>\r\n                <\/div>\r\n            <\/div>\r\n        <\/a>\r\n\r\n        \r\n        <a href=\"https:\/\/talkpal.ai\/vocabulary_language\/polish\/\">\r\n            <div class=\"learnNavigationWrapper\">\r\n                <div class=\"learnNavigationContent\">\r\n                    <img decoding=\"async\" src=\"https:\/\/talkpal.ai\/wp-content\/uploads\/2024\/08\/Polish.jpg\" alt=\"Polish Flag\">\r\n                    <div>\r\n                        <h4>Puolan sanasto<\/h4>\r\n                        <p>Laajenna puolan kielen sanavarastoasi.<\/p>\r\n                    <\/div>\r\n                <\/div>\r\n            <\/div>\r\n        <\/a>\r\n\r\n            <\/section>","protected":false},"excerpt":{"rendered":"<p>Puolan kieliopin aiheet Puola, l\u00e4nsislaavilainen kieli, on Puolan \u00e4idinkieli, jota puhuvat miljoonat ihmiset ymp\u00e4ri maailmaa. Monimutkaisen kielioppij\u00e4rjestelm\u00e4n ja ainutlaatuisen \u00e4\u00e4nt\u00e4misen ansiosta puolan oppiminen voi olla melko haastavaa, mutta my\u00f6s palkitsevaa. Kielen hyv\u00e4n ymm\u00e4rt\u00e4misen ja hallitsemisen kannalta on olennaista oppia sen kielioppis\u00e4\u00e4nn\u00f6t j\u00e4sennellyss\u00e4 ja loogisessa j\u00e4rjestyksess\u00e4. T\u00e4ss\u00e4 oppaassa tutkimme puolan kielen t\u00e4rkeimpi\u00e4 kielioppiaiheita, kuten aikamuotoja, verbej\u00e4, [&hellip;]<\/p>\n","protected":false},"author":6,"featured_media":28571,"parent":0,"menu_order":0,"comment_status":"closed","ping_status":"closed","template":"LearningContentPage.php","meta":{"_acf_changed":false,"footnotes":""},"class_list":["post-157839","page","type-page","status-publish","has-post-thumbnail","hentry"],"acf":[],"yoast_head":"<!-- This site is optimized with the Yoast SEO Premium plugin v27.2 (Yoast SEO v27.2) - https:\/\/yoast.com\/product\/yoast-seo-premium-wordpress\/ -->\n<title>Puolan kielioppiharjoitukset - Talkpal<\/title>\n<meta name=\"description\" content=\"Opettele puolan kielioppi interaktiivisten harjoitusten avulla, jotka on suunniteltu kaikille tasoille. Harjoittele ja paranna kielitaitoasi!\" \/>\n<meta name=\"robots\" content=\"index, follow, max-snippet:-1, max-image-preview:large, max-video-preview:-1\" \/>\n<link rel=\"canonical\" href=\"https:\/\/talkpal.ai\/fi\/puolan-kielioppiharjoitukset\/\" \/>\n<meta property=\"og:locale\" content=\"fi_FI\" \/>\n<meta property=\"og:type\" content=\"article\" \/>\n<meta property=\"og:title\" content=\"Puolan kielioppiharjoitukset\" \/>\n<meta property=\"og:description\" content=\"Puolan kieliopin aiheet Puola, l\u00e4nsislaavilainen kieli, on Puolan \u00e4idinkieli, jota puhuvat miljoonat ihmiset ymp\u00e4ri maailmaa. Monimutkaisen\" \/>\n<meta property=\"og:url\" content=\"https:\/\/talkpal.ai\/fi\/puolan-kielioppiharjoitukset\/\" \/>\n<meta property=\"og:site_name\" content=\"Talkpal\" \/>\n<meta property=\"article:publisher\" content=\"https:\/\/www.facebook.com\/profile.php?id=100090733639311\" \/>\n<meta property=\"article:modified_time\" content=\"2025-12-17T09:54:41+00:00\" \/>\n<meta property=\"og:image\" content=\"https:\/\/talkpal.ai\/wp-content\/uploads\/2023\/05\/poland.png\" \/>\n\t<meta property=\"og:image:width\" content=\"512\" \/>\n\t<meta property=\"og:image:height\" content=\"512\" \/>\n\t<meta property=\"og:image:type\" content=\"image\/png\" \/>\n<meta name=\"twitter:card\" content=\"summary_large_image\" \/>\n<meta name=\"twitter:site\" content=\"@talkpalai\" \/>\n<meta name=\"twitter:label1\" content=\"Arvioitu lukuaika\" \/>\n\t<meta name=\"twitter:data1\" content=\"2 minuuttia\" \/>\n<script type=\"application\/ld+json\" class=\"yoast-schema-graph\">{\"@context\":\"https:\/\/schema.org\",\"@graph\":[{\"@type\":\"WebPage\",\"@id\":\"https:\/\/talkpal.ai\/fi\/puolan-kielioppiharjoitukset\/\",\"url\":\"https:\/\/talkpal.ai\/fi\/puolan-kielioppiharjoitukset\/\",\"name\":\"Puolan kielioppiharjoitukset - Talkpal\",\"isPartOf\":{\"@id\":\"https:\/\/talkpal.ai\/fi\/#website\"},\"primaryImageOfPage\":{\"@id\":\"https:\/\/talkpal.ai\/fi\/puolan-kielioppiharjoitukset\/#primaryimage\"},\"image\":{\"@id\":\"https:\/\/talkpal.ai\/fi\/puolan-kielioppiharjoitukset\/#primaryimage\"},\"thumbnailUrl\":\"https:\/\/talkpal.ai\/wp-content\/uploads\/2023\/05\/poland.png\",\"datePublished\":\"2023-06-27T09:07:34+00:00\",\"dateModified\":\"2025-12-17T09:54:41+00:00\",\"description\":\"Opettele puolan kielioppi interaktiivisten harjoitusten avulla, jotka on suunniteltu kaikille tasoille. Harjoittele ja paranna kielitaitoasi!\",\"breadcrumb\":{\"@id\":\"https:\/\/talkpal.ai\/fi\/puolan-kielioppiharjoitukset\/#breadcrumb\"},\"inLanguage\":\"fi\",\"potentialAction\":[{\"@type\":\"ReadAction\",\"target\":[\"https:\/\/talkpal.ai\/fi\/puolan-kielioppiharjoitukset\/\"]}]},{\"@type\":\"ImageObject\",\"inLanguage\":\"fi\",\"@id\":\"https:\/\/talkpal.ai\/fi\/puolan-kielioppiharjoitukset\/#primaryimage\",\"url\":\"https:\/\/talkpal.ai\/wp-content\/uploads\/2023\/05\/poland.png\",\"contentUrl\":\"https:\/\/talkpal.ai\/wp-content\/uploads\/2023\/05\/poland.png\",\"width\":512,\"height\":512},{\"@type\":\"BreadcrumbList\",\"@id\":\"https:\/\/talkpal.ai\/fi\/puolan-kielioppiharjoitukset\/#breadcrumb\",\"itemListElement\":[{\"@type\":\"ListItem\",\"position\":1,\"name\":\"Homepage\",\"item\":\"https:\/\/talkpal.ai\/fi\/\"},{\"@type\":\"ListItem\",\"position\":2,\"name\":\"Puolan kielioppiharjoitukset\"}]},{\"@type\":\"WebSite\",\"@id\":\"https:\/\/talkpal.ai\/fi\/#website\",\"url\":\"https:\/\/talkpal.ai\/fi\/\",\"name\":\"Talkpal\",\"description\":\"AI Language Learning\",\"publisher\":{\"@id\":\"https:\/\/talkpal.ai\/fi\/#organization\"},\"alternateName\":\"Talkpal AI\",\"potentialAction\":[{\"@type\":\"SearchAction\",\"target\":{\"@type\":\"EntryPoint\",\"urlTemplate\":\"https:\/\/talkpal.ai\/fi\/?s={search_term_string}\"},\"query-input\":{\"@type\":\"PropertyValueSpecification\",\"valueRequired\":true,\"valueName\":\"search_term_string\"}}],\"inLanguage\":\"fi\"},{\"@type\":\"Organization\",\"@id\":\"https:\/\/talkpal.ai\/fi\/#organization\",\"name\":\"Talkpal, Inc.\",\"alternateName\":\"Talkpal AI\",\"url\":\"https:\/\/talkpal.ai\/fi\/\",\"logo\":{\"@type\":\"ImageObject\",\"inLanguage\":\"fi\",\"@id\":\"https:\/\/talkpal.ai\/fi\/#\/schema\/logo\/image\/\",\"url\":\"https:\/\/talkpal.ai\/wp-content\/uploads\/2024\/03\/Talkpal-Logo-Icon.png\",\"contentUrl\":\"https:\/\/talkpal.ai\/wp-content\/uploads\/2024\/03\/Talkpal-Logo-Icon.png\",\"width\":2880,\"height\":2880,\"caption\":\"Talkpal, Inc.\"},\"image\":{\"@id\":\"https:\/\/talkpal.ai\/fi\/#\/schema\/logo\/image\/\"},\"sameAs\":[\"https:\/\/www.facebook.com\/profile.php?id=100090733639311\",\"https:\/\/x.com\/talkpalai\",\"https:\/\/www.linkedin.com\/company\/talkpal\/\",\"https:\/\/www.youtube.com\/@TalkPal\/\",\"https:\/\/www.tiktok.com\/@talkpal\",\"https:\/\/www.instagram.com\/talkpal_ai\/\",\"https:\/\/www.crunchbase.com\/organization\/talkpal-9cde\",\"https:\/\/www.g2.com\/products\/talkpal-for-business\/\",\"https:\/\/www.trustpilot.com\/review\/talkpal.ai\",\"https:\/\/www.capterra.com\/p\/10006800\/TalkPal\/\"],\"description\":\"Talkpal is a language learning web and mobile education app, powered by the latest AI technologies, that provides engaging experiences to its customers in many different languages to help them improve their language skills. Users can chat about unlimited amount of topics with the app and use other modes to practice their language learning.\",\"email\":\"support@talkpal.ai\",\"legalName\":\"Talkpal, Inc.\",\"foundingDate\":\"2023-04-03\",\"duns\":\"118989042\",\"numberOfEmployees\":{\"@type\":\"QuantitativeValue\",\"minValue\":\"11\",\"maxValue\":\"50\"},\"publishingPrinciples\":\"https:\/\/talkpal.ai\/publishing-principles\/\",\"actionableFeedbackPolicy\":\"https:\/\/talkpal.ai\/actionable-feedback-policy\/\",\"correctionsPolicy\":\"https:\/\/talkpal.ai\/corrections-policy\/\",\"ethicsPolicy\":\"https:\/\/talkpal.ai\/ethics-policy\/\",\"diversityPolicy\":\"https:\/\/talkpal.ai\/diversity-policy\/\",\"diversityStaffingReport\":\"https:\/\/talkpal.ai\/diversity-policy\/\"}]}<\/script>\n<!-- \/ Yoast SEO Premium plugin. -->","yoast_head_json":{"title":"Puolan kielioppiharjoitukset - Talkpal","description":"Opettele puolan kielioppi interaktiivisten harjoitusten avulla, jotka on suunniteltu kaikille tasoille. Harjoittele ja paranna kielitaitoasi!","robots":{"index":"index","follow":"follow","max-snippet":"max-snippet:-1","max-image-preview":"max-image-preview:large","max-video-preview":"max-video-preview:-1"},"canonical":"https:\/\/talkpal.ai\/fi\/puolan-kielioppiharjoitukset\/","og_locale":"fi_FI","og_type":"article","og_title":"Puolan kielioppiharjoitukset","og_description":"Puolan kieliopin aiheet Puola, l\u00e4nsislaavilainen kieli, on Puolan \u00e4idinkieli, jota puhuvat miljoonat ihmiset ymp\u00e4ri maailmaa. Monimutkaisen","og_url":"https:\/\/talkpal.ai\/fi\/puolan-kielioppiharjoitukset\/","og_site_name":"Talkpal","article_publisher":"https:\/\/www.facebook.com\/profile.php?id=100090733639311","article_modified_time":"2025-12-17T09:54:41+00:00","og_image":[{"width":512,"height":512,"url":"https:\/\/talkpal.ai\/wp-content\/uploads\/2023\/05\/poland.png","type":"image\/png"}],"twitter_card":"summary_large_image","twitter_site":"@talkpalai","twitter_misc":{"Arvioitu lukuaika":"2 minuuttia"},"schema":{"@context":"https:\/\/schema.org","@graph":[{"@type":"WebPage","@id":"https:\/\/talkpal.ai\/fi\/puolan-kielioppiharjoitukset\/","url":"https:\/\/talkpal.ai\/fi\/puolan-kielioppiharjoitukset\/","name":"Puolan kielioppiharjoitukset - Talkpal","isPartOf":{"@id":"https:\/\/talkpal.ai\/fi\/#website"},"primaryImageOfPage":{"@id":"https:\/\/talkpal.ai\/fi\/puolan-kielioppiharjoitukset\/#primaryimage"},"image":{"@id":"https:\/\/talkpal.ai\/fi\/puolan-kielioppiharjoitukset\/#primaryimage"},"thumbnailUrl":"https:\/\/talkpal.ai\/wp-content\/uploads\/2023\/05\/poland.png","datePublished":"2023-06-27T09:07:34+00:00","dateModified":"2025-12-17T09:54:41+00:00","description":"Opettele puolan kielioppi interaktiivisten harjoitusten avulla, jotka on suunniteltu kaikille tasoille. Harjoittele ja paranna kielitaitoasi!","breadcrumb":{"@id":"https:\/\/talkpal.ai\/fi\/puolan-kielioppiharjoitukset\/#breadcrumb"},"inLanguage":"fi","potentialAction":[{"@type":"ReadAction","target":["https:\/\/talkpal.ai\/fi\/puolan-kielioppiharjoitukset\/"]}]},{"@type":"ImageObject","inLanguage":"fi","@id":"https:\/\/talkpal.ai\/fi\/puolan-kielioppiharjoitukset\/#primaryimage","url":"https:\/\/talkpal.ai\/wp-content\/uploads\/2023\/05\/poland.png","contentUrl":"https:\/\/talkpal.ai\/wp-content\/uploads\/2023\/05\/poland.png","width":512,"height":512},{"@type":"BreadcrumbList","@id":"https:\/\/talkpal.ai\/fi\/puolan-kielioppiharjoitukset\/#breadcrumb","itemListElement":[{"@type":"ListItem","position":1,"name":"Homepage","item":"https:\/\/talkpal.ai\/fi\/"},{"@type":"ListItem","position":2,"name":"Puolan kielioppiharjoitukset"}]},{"@type":"WebSite","@id":"https:\/\/talkpal.ai\/fi\/#website","url":"https:\/\/talkpal.ai\/fi\/","name":"Talkpal","description":"AI Language Learning","publisher":{"@id":"https:\/\/talkpal.ai\/fi\/#organization"},"alternateName":"Talkpal AI","potentialAction":[{"@type":"SearchAction","target":{"@type":"EntryPoint","urlTemplate":"https:\/\/talkpal.ai\/fi\/?s={search_term_string}"},"query-input":{"@type":"PropertyValueSpecification","valueRequired":true,"valueName":"search_term_string"}}],"inLanguage":"fi"},{"@type":"Organization","@id":"https:\/\/talkpal.ai\/fi\/#organization","name":"Talkpal, Inc.","alternateName":"Talkpal AI","url":"https:\/\/talkpal.ai\/fi\/","logo":{"@type":"ImageObject","inLanguage":"fi","@id":"https:\/\/talkpal.ai\/fi\/#\/schema\/logo\/image\/","url":"https:\/\/talkpal.ai\/wp-content\/uploads\/2024\/03\/Talkpal-Logo-Icon.png","contentUrl":"https:\/\/talkpal.ai\/wp-content\/uploads\/2024\/03\/Talkpal-Logo-Icon.png","width":2880,"height":2880,"caption":"Talkpal, Inc."},"image":{"@id":"https:\/\/talkpal.ai\/fi\/#\/schema\/logo\/image\/"},"sameAs":["https:\/\/www.facebook.com\/profile.php?id=100090733639311","https:\/\/x.com\/talkpalai","https:\/\/www.linkedin.com\/company\/talkpal\/","https:\/\/www.youtube.com\/@TalkPal\/","https:\/\/www.tiktok.com\/@talkpal","https:\/\/www.instagram.com\/talkpal_ai\/","https:\/\/www.crunchbase.com\/organization\/talkpal-9cde","https:\/\/www.g2.com\/products\/talkpal-for-business\/","https:\/\/www.trustpilot.com\/review\/talkpal.ai","https:\/\/www.capterra.com\/p\/10006800\/TalkPal\/"],"description":"Talkpal is a language learning web and mobile education app, powered by the latest AI technologies, that provides engaging experiences to its customers in many different languages to help them improve their language skills. Users can chat about unlimited amount of topics with the app and use other modes to practice their language learning.","email":"support@talkpal.ai","legalName":"Talkpal, Inc.","foundingDate":"2023-04-03","duns":"118989042","numberOfEmployees":{"@type":"QuantitativeValue","minValue":"11","maxValue":"50"},"publishingPrinciples":"https:\/\/talkpal.ai\/publishing-principles\/","actionableFeedbackPolicy":"https:\/\/talkpal.ai\/actionable-feedback-policy\/","correctionsPolicy":"https:\/\/talkpal.ai\/corrections-policy\/","ethicsPolicy":"https:\/\/talkpal.ai\/ethics-policy\/","diversityPolicy":"https:\/\/talkpal.ai\/diversity-policy\/","diversityStaffingReport":"https:\/\/talkpal.ai\/diversity-policy\/"}]}},"_links":{"self":[{"href":"https:\/\/talkpal.ai\/fi\/wp-json\/wp\/v2\/pages\/157839","targetHints":{"allow":["GET"]}}],"collection":[{"href":"https:\/\/talkpal.ai\/fi\/wp-json\/wp\/v2\/pages"}],"about":[{"href":"https:\/\/talkpal.ai\/fi\/wp-json\/wp\/v2\/types\/page"}],"author":[{"embeddable":true,"href":"https:\/\/talkpal.ai\/fi\/wp-json\/wp\/v2\/users\/6"}],"replies":[{"embeddable":true,"href":"https:\/\/talkpal.ai\/fi\/wp-json\/wp\/v2\/comments?post=157839"}],"version-history":[{"count":0,"href":"https:\/\/talkpal.ai\/fi\/wp-json\/wp\/v2\/pages\/157839\/revisions"}],"wp:featuredmedia":[{"embeddable":true,"href":"https:\/\/talkpal.ai\/fi\/wp-json\/wp\/v2\/media\/28571"}],"wp:attachment":[{"href":"https:\/\/talkpal.ai\/fi\/wp-json\/wp\/v2\/media?parent=157839"}],"curies":[{"name":"wp","href":"https:\/\/api.w.org\/{rel}","templated":true}]}}