{"id":155756,"date":"2023-07-05T10:24:06","date_gmt":"2023-07-05T10:24:06","guid":{"rendered":"http:\/\/talkpal.ai\/thaimaan-kielioppiharjoitukset\/"},"modified":"2025-12-17T15:22:23","modified_gmt":"2025-12-17T15:22:23","slug":"thaimaan-kielioppiharjoitukset","status":"publish","type":"page","link":"https:\/\/talkpal.ai\/fi\/thaimaan-kielioppiharjoitukset\/","title":{"rendered":"Thaimaan kielioppiharjoitukset"},"content":{"rendered":"\r\n\r\n\r\n<section class=\"languageChallengeSection\">\r\n    <div class=\"languageInfoWrapper\">\r\n        \r\n        <h1>Thaimaan kielioppiharjoitukset<\/h1>\r\n        <p>Oletko valmis tekem\u00e4\u00e4n thain oppimisesta hauskaa ja k\u00e4yt\u00e4nn\u00f6llist\u00e4? Vuorovaikutteiset harjoituksemme on suunniteltu auttamaan sinua hallitsemaan thaimaalaisen kieliopin perusteet, rakentamaan itseluottamusta ja aloittamaan oikeiden lauseiden muodostamisen. Hypp\u00e4\u00e4 mukaan, harjoittele niin paljon kuin haluat, ja katso kuinka thaimaalaiset taitosi kasvavat &#8211; aloitetaan oppiminen!<\/p>\r\n\r\n                            <a class=\"getStartedHidden\" href=\"https:\/\/app.talkpal.ai\/fi\/signup?lng=\">Aloita<\/a>\r\n        \r\n    <\/div>\r\n\r\n    <figure>\r\n    <img decoding=\"async\" width=\"768\" height=\"768\" src=\"https:\/\/talkpal.ai\/wp-content\/uploads\/2023\/06\/thai-768x768.png\" class=\"languageImage no-lazy\" alt=\"Default alt text\" fetchpriority=\"high\" sizes=\"(max-width: 768px) 150px, 768px\" srcset=\"https:\/\/talkpal.ai\/wp-content\/uploads\/2023\/06\/thai-768x768.png 768w, https:\/\/talkpal.ai\/wp-content\/uploads\/2023\/06\/thai-300x300.png 300w\" \/>\r\n    \r\n\r\n    <\/figure>\r\n\r\n            <a class=\"getStartedVisible\" href=\"https:\/\/app.talkpal.ai\/fi\/signup?lng=\">Aloita<\/a>\r\n    \r\n<\/section>\r\n\r\n\r\n<!-- <section class=\"grammarSection\">\r\n    <div class=\"grammarLinks\">\r\n        <a href=\"https:\/\/talkpal.ai\/fi\/exercise_language\/adjektiivit-thain-kielioppi\/\">Adjektiivit <\/a><a href=\"https:\/\/talkpal.ai\/fi\/exercise_language\/adverbit-thain-kielioppi\/\">Adverbit <\/a><a href=\"https:\/\/talkpal.ai\/fi\/exercise_language\/aikamuodot-thain-kielioppi\/\">Aikamuodot <\/a><a href=\"https:\/\/talkpal.ai\/fi\/exercise_language\/aikamuotojen-vertailu-thain-kielioppi\/\">Aikamuotojen vertailu <\/a><a href=\"https:\/\/talkpal.ai\/fi\/exercise_language\/artikkelit-thain-kielioppi\/\">Artikkelit <\/a><a href=\"https:\/\/talkpal.ai\/fi\/exercise_language\/konditionaalit-thain-kielioppi\/\">Konditionaalit <\/a><a href=\"https:\/\/talkpal.ai\/fi\/exercise_language\/lauseet-thain-kielioppi\/\">Lauseet <\/a><a href=\"https:\/\/talkpal.ai\/fi\/exercise_language\/prepositiot-thain-kielioppi\/\">Prepositiot <\/a><a href=\"https:\/\/talkpal.ai\/fi\/exercise_language\/progressiivinen-thain-kielioppi\/\">Progressiivinen <\/a><a href=\"https:\/\/talkpal.ai\/fi\/exercise_language\/pronominit-determinerit-thain-kielioppi\/\">Pronominit\/Determinerit <\/a><a href=\"https:\/\/talkpal.ai\/fi\/exercise_language\/substantiivit-thain-kielioppi\/\">Substantiivit <\/a><a href=\"https:\/\/talkpal.ai\/fi\/exercise_language\/taydellinen-progressiivinen-thaimaan-kielioppi\/\">T\u00e4ydellinen progressiivinen <\/a><a href=\"https:\/\/talkpal.ai\/fi\/exercise_language\/verbit-thain-kielioppi\/\">Verbit <\/a>    <\/div>\r\n<\/section> -->\r\n\r\n\r\n\r\n\r\n        <section class=\"grammarSection\">\r\n            <div class=\"grammarLinks\">\r\n                <a href=\"https:\/\/talkpal.ai\/fi\/exercise_language\/adjektiivit-thain-kielioppi\/\">Adjektiivit <\/a><a href=\"https:\/\/talkpal.ai\/fi\/exercise_language\/adverbit-thain-kielioppi\/\">Adverbit <\/a><a href=\"https:\/\/talkpal.ai\/fi\/exercise_language\/aikamuodot-thain-kielioppi\/\">Aikamuodot <\/a><a href=\"https:\/\/talkpal.ai\/fi\/exercise_language\/aikamuotojen-vertailu-thain-kielioppi\/\">Aikamuotojen vertailu <\/a><a href=\"https:\/\/talkpal.ai\/fi\/exercise_language\/artikkelit-thain-kielioppi\/\">Artikkelit <\/a><a href=\"https:\/\/talkpal.ai\/fi\/exercise_language\/konditionaalit-thain-kielioppi\/\">Konditionaalit <\/a><a href=\"https:\/\/talkpal.ai\/fi\/exercise_language\/lauseet-thain-kielioppi\/\">Lauseet <\/a><a href=\"https:\/\/talkpal.ai\/fi\/exercise_language\/prepositiot-thain-kielioppi\/\">Prepositiot <\/a><a href=\"https:\/\/talkpal.ai\/fi\/exercise_language\/progressiivinen-thain-kielioppi\/\">Progressiivinen <\/a><a href=\"https:\/\/talkpal.ai\/fi\/exercise_language\/pronominit-determinerit-thain-kielioppi\/\">Pronominit\/Determinerit <\/a><a href=\"https:\/\/talkpal.ai\/fi\/exercise_language\/substantiivit-thain-kielioppi\/\">Substantiivit <\/a><a href=\"https:\/\/talkpal.ai\/fi\/exercise_language\/taydellinen-progressiivinen-thaimaan-kielioppi\/\">T\u00e4ydellinen progressiivinen <\/a><a href=\"https:\/\/talkpal.ai\/fi\/exercise_language\/verbit-thain-kielioppi\/\">Verbit <\/a>            <\/div>\r\n        <\/section>\r\n<section class=\"promotionalBanner\">\r\n    <p class=\"promotionalText\">Tehokkain tapa oppia kielt\u00e4<\/p>\r\n    <a class=\"promotionalLink\" href=\"https:\/\/app.talkpal.ai\/fi\/signup?lng=\">Kokeile Talkpal ilmaiseksi<\/a>\r\n<\/section>\n<div class=\"wp-block-group pageContainerStyle\"><div class=\"wp-block-group__inner-container is-layout-constrained wp-block-group-is-layout-constrained\">\n<h2 class=\"wp-block-heading\" id=\"h-thai-grammar-topics\">Thaimaan kieliopin aiheet<\/h2>\n\n\n\n<p>Thaimaan <a href=\"https:\/\/talkpal.ai\/fi\/paras-tapa-oppia-2\/\">kielen oppiminen<\/a> voi olla kiehtova matka. On kuitenkin v\u00e4ltt\u00e4m\u00e4t\u00f6nt\u00e4 ymm\u00e4rt\u00e4\u00e4 thai-kielioppia, jotta ymm\u00e4rr\u00e4t kielen t\u00e4ysin ja tulet sujuvaksi. Seuraavassa luettelossa on sarja thai-kieliopin aiheita, jotka on otettava huomioon kielt\u00e4 opiskeltaessa. T\u00e4m\u00e4 luettelo alkaa perusaiheista ja etenee monimutkaisempiin aiheisiin.<\/p>\n\n\n\n<h3 class=\"wp-block-heading\" id=\"h-1-nouns\">1. Substantiivit:<\/h3>\n\n\n\n<p>Aloita thai-substantiivien oppimisesta, koska ne ovat kielen rakennuspalikoita. Tutustu yleisiin substantiiveihin ja niiden muokkaajiin, koska thaimaalaiset substantiivit eiv\u00e4t muuta muotoa osoittamaan numeroa tai sukupuolta.<\/p>\n\n\n\n<h3 class=\"wp-block-heading\" id=\"h-2-pronouns-determiners\">2. Pronominit\/m\u00e4\u00e4ritteet:<\/h3>\n\n\n\n<p>Kun olet oppinut substantiivit, siirr\u00e4 painopiste pronomineihin ja m\u00e4\u00e4ritteisiin. Thaimaalaiset pronominit pudotetaan usein pois keskustelusta, mutta niiden ymm\u00e4rt\u00e4minen on ratkaisevan t\u00e4rke\u00e4\u00e4 muodolliselle thai-kielelle.<\/p>\n\n\n\n<h3 class=\"wp-block-heading\" id=\"h-3-verbs\">3. Verbit:<\/h3>\n\n\n\n<p>Thaimaan verbit ovat taivuttamattomia, mik\u00e4 tarkoittaa, ett\u00e4 ne eiv\u00e4t muutu ilmaisemaan aikamuotoa, numeroa tai henkil\u00f6\u00e4. T\u00e4m\u00e4 tekee niist\u00e4 suhteellisen helppoja hallita substantiivien ja pronominien ymm\u00e4rt\u00e4misen j\u00e4lkeen.<\/p>\n\n\n\n<h3 class=\"wp-block-heading\" id=\"h-4-adjectives\">4. Adjektiivit:<\/h3>\n\n\n\n<p>Thaimaalaiset adjektiivit tulevat muokkaamiensa substantiivien j\u00e4lkeen, toisin kuin <a href=\"https:\/\/talkpal.ai\/learn-english-with-ai\/\">englanti<\/a>. Adjektiivien oppiminen auttaa sinua kuvaamaan esineit\u00e4, ihmisi\u00e4 ja tilanteita tarkemmin.<\/p>\n\n\n\n<h3 class=\"wp-block-heading\" id=\"h-5-prepositions\">5. Prepositiot:<\/h3>\n\n\n\n<p>Thaimaan <a href=\"https:\/\/talkpal.ai\/fi\/grammar\/kohdan-kannadan-kieliopissa-prepositiot\/\">prepositiot<\/a> tulevat usein substantiivin tai pronominin eteen osoittamaan suuntaa, paikkaa, aikaa tai menetelm\u00e4\u00e4.<\/p>\n\n\n\n<h3 class=\"wp-block-heading\" id=\"h-6-adverbs\">6. Adverbit:<\/h3>\n\n\n\n<p>Opi thaimaalaisia adverbeja muokkaamaan verbej\u00e4, adjektiiveja tai muita adverbeja. He voivat antaa lis\u00e4tietoja toimista tai tilanteista.<\/p>\n\n\n\n<h3 class=\"wp-block-heading\" id=\"h-7-sentences\">7. Lauseet:<\/h3>\n\n\n\n<p>Kun hallitset perusteet, voit alkaa rakentaa lauseita thaiksi. Lauserakenteen ymm\u00e4rt\u00e4minen on ratkaisevan t\u00e4rke\u00e4\u00e4 ajatusten v\u00e4litt\u00e4miseksi oikein.<\/p>\n\n\n\n<h3 class=\"wp-block-heading\" id=\"h-8-conditionals\">8. Konditionaalit:<\/h3>\n\n\n\n<p>Thaimaan ehdolliset ilmaisevat hypoteettisia tilanteita ja niiden seurauksia. Ne ovat edistyneempi\u00e4, mutta v\u00e4ltt\u00e4m\u00e4tt\u00f6mi\u00e4 monimutkaisille keskusteluille.<\/p>\n\n\n\n<h3 class=\"wp-block-heading\" id=\"h-9-tenses\">9. Aikamuodot:<\/h3>\n\n\n\n<p>Thaimaan kieless\u00e4 ei k\u00e4ytet\u00e4 aikamuotoja samalla tavalla kuin englannissa. On kuitenkin lauseita ja sanoja, jotka voivat osoittaa menneisyytt\u00e4, nykyisyytt\u00e4 tai tulevaisuutta.<\/p>\n\n\n\n<h3 class=\"wp-block-heading\" id=\"h-10-tense-comparison\">10. J\u00e4nnittynyt vertailu:<\/h3>\n\n\n\n<p>T\u00e4m\u00e4 on edistynyt aihe, jossa vertaat eri aikamuotoja. Se auttaa sinua ymm\u00e4rt\u00e4m\u00e4\u00e4n hienovaraisia eroja aikailmaisuissa.<\/p>\n\n\n\n<h3 class=\"wp-block-heading\" id=\"h-11-progressive\">11. Progressiivinen:<\/h3>\n\n\n\n<p>T\u00e4m\u00e4 aihe sis\u00e4lt\u00e4\u00e4 k\u00e4ynniss\u00e4 olevien toimien ilmaisemisen. Se on edistyneempi, mutta auttaa sinua puhumaan thaia sujuvammin.<\/p>\n\n\n\n<h3 class=\"wp-block-heading\" id=\"h-12-perfect-progressive\">12. T\u00e4ydellinen progressiivinen:<\/h3>\n\n\n\n<p>T\u00e4ydellinen progressiivinen aikamuoto on monimutkainen osa thai-kielioppia. Sit\u00e4 k\u00e4ytet\u00e4\u00e4n kuvaamaan toimia, jotka ovat olleet k\u00e4ynniss\u00e4 tiettyyn pisteeseen <a href=\"https:\/\/talkpal.ai\/locations\/language-courses-in-asti\/\">asti<\/a>.<\/p>\n\n\n\n<h3 class=\"wp-block-heading\" id=\"h-13-articles\">13. Artiklat:<\/h3>\n\n\n\n<p>Thaimaan kielell\u00e4 ei ole tarkkoja tai ep\u00e4m\u00e4\u00e4r\u00e4isi\u00e4 artikkeleita, kuten englanti. On kuitenkin muitakin tapoja m\u00e4\u00e4ritt\u00e4\u00e4 tai yleist\u00e4\u00e4 substantiiveja, jotka voit oppia edistyneemm\u00e4ss\u00e4 vaiheessa.<\/p>\n<\/div><\/div>\n\r\n<section class=\"learnNavigationSection\">\r\n            \r\n        <a href=\"https:\/\/talkpal.ai\/fi\/opi-thai\/\">\r\n            <div class=\"learnNavigationWrapper\">\r\n                <div class=\"learnNavigationContent\">\r\n                    <img decoding=\"async\" src=\"https:\/\/talkpal.ai\/wp-content\/uploads\/2024\/08\/Thai.jpg\" alt=\"Thai Flag\">\r\n                    <div>\r\n                        <h4>Tietoja thaimaalaisesta oppimisesta<\/h4>\r\n                        <p>Tutustu thaimaalaiseen kielioppiin.<\/p>\r\n                    <\/div>\r\n                <\/div>\r\n            <\/div>\r\n        <\/a>\r\n\r\n        \r\n        <a href=\"https:\/\/talkpal.ai\/fi\/thaimaan-kielioppi\/\">\r\n            <div class=\"learnNavigationWrapper\">\r\n                <div class=\"learnNavigationContent\">\r\n                    <img decoding=\"async\" src=\"https:\/\/talkpal.ai\/wp-content\/uploads\/2024\/08\/Thai.jpg\" alt=\"Thai Flag\">\r\n                    <div>\r\n                        <h4>Thaimaan kieliopin oppitunnit<\/h4>\r\n                        <p>Harjoittele thai-kielioppia .<\/p>\r\n                    <\/div>\r\n                <\/div>\r\n            <\/div>\r\n        <\/a>\r\n\r\n        \r\n        <a href=\"https:\/\/talkpal.ai\/vocabulary_language\/thai\/\">\r\n            <div class=\"learnNavigationWrapper\">\r\n                <div class=\"learnNavigationContent\">\r\n                    <img decoding=\"async\" src=\"https:\/\/talkpal.ai\/wp-content\/uploads\/2024\/08\/Thai.jpg\" alt=\"Thai Flag\">\r\n                    <div>\r\n                        <h4>Thai sanastoa<\/h4>\r\n                        <p>Laajenna thaimaalaista sanavarastoasi.<\/p>\r\n                    <\/div>\r\n                <\/div>\r\n            <\/div>\r\n        <\/a>\r\n\r\n            <\/section>","protected":false},"excerpt":{"rendered":"<p>Thaimaan kieliopin aiheet Thaimaan kielen oppiminen voi olla kiehtova matka. On kuitenkin v\u00e4ltt\u00e4m\u00e4t\u00f6nt\u00e4 ymm\u00e4rt\u00e4\u00e4 thai-kielioppia, jotta ymm\u00e4rr\u00e4t kielen t\u00e4ysin ja tulet sujuvaksi. Seuraavassa luettelossa on sarja thai-kieliopin aiheita, jotka on otettava huomioon kielt\u00e4 opiskeltaessa. T\u00e4m\u00e4 luettelo alkaa perusaiheista ja etenee monimutkaisempiin aiheisiin. 1. Substantiivit: Aloita thai-substantiivien oppimisesta, koska ne ovat kielen rakennuspalikoita. Tutustu yleisiin substantiiveihin [&hellip;]<\/p>\n","protected":false},"author":6,"featured_media":28731,"parent":0,"menu_order":0,"comment_status":"closed","ping_status":"closed","template":"LearningContentPage.php","meta":{"_acf_changed":false,"footnotes":""},"class_list":["post-155756","page","type-page","status-publish","has-post-thumbnail","hentry"],"acf":[],"yoast_head":"<!-- This site is optimized with the Yoast SEO Premium plugin v27.2 (Yoast SEO v27.2) - https:\/\/yoast.com\/product\/yoast-seo-premium-wordpress\/ -->\n<title>Thaimaan kielioppiharjoitukset - Talkpal<\/title>\n<meta name=\"description\" content=\"Paranna thain kielen taitojasi thain kielioppiharjoituksillamme ja aloita kielen rakennuspalikoiden hallitseminen.\" \/>\n<meta name=\"robots\" content=\"index, follow, max-snippet:-1, max-image-preview:large, max-video-preview:-1\" \/>\n<link rel=\"canonical\" href=\"https:\/\/talkpal.ai\/fi\/thaimaan-kielioppiharjoitukset\/\" \/>\n<meta property=\"og:locale\" content=\"fi_FI\" \/>\n<meta property=\"og:type\" content=\"article\" \/>\n<meta property=\"og:title\" content=\"Thaimaan kielioppiharjoitukset\" \/>\n<meta property=\"og:description\" content=\"Thaimaan kieliopin aiheet Thaimaan kielen oppiminen voi olla kiehtova matka. On kuitenkin v\u00e4ltt\u00e4m\u00e4t\u00f6nt\u00e4 ymm\u00e4rt\u00e4\u00e4 thai-kielioppia, jotta ymm\u00e4rr\u00e4t kielen\" \/>\n<meta property=\"og:url\" content=\"https:\/\/talkpal.ai\/fi\/thaimaan-kielioppiharjoitukset\/\" \/>\n<meta property=\"og:site_name\" content=\"Talkpal\" \/>\n<meta property=\"article:publisher\" content=\"https:\/\/www.facebook.com\/profile.php?id=100090733639311\" \/>\n<meta property=\"article:modified_time\" content=\"2025-12-17T15:22:23+00:00\" \/>\n<meta property=\"og:image\" content=\"https:\/\/talkpal.ai\/wp-content\/uploads\/2023\/05\/thailand.png\" \/>\n\t<meta property=\"og:image:width\" content=\"512\" \/>\n\t<meta property=\"og:image:height\" content=\"512\" \/>\n\t<meta property=\"og:image:type\" content=\"image\/png\" \/>\n<meta name=\"twitter:card\" content=\"summary_large_image\" \/>\n<meta name=\"twitter:site\" content=\"@talkpalai\" \/>\n<meta name=\"twitter:label1\" content=\"Arvioitu lukuaika\" \/>\n\t<meta name=\"twitter:data1\" content=\"2 minuuttia\" \/>\n<script type=\"application\/ld+json\" class=\"yoast-schema-graph\">{\"@context\":\"https:\/\/schema.org\",\"@graph\":[{\"@type\":\"WebPage\",\"@id\":\"https:\/\/talkpal.ai\/fi\/thaimaan-kielioppiharjoitukset\/\",\"url\":\"https:\/\/talkpal.ai\/fi\/thaimaan-kielioppiharjoitukset\/\",\"name\":\"Thaimaan kielioppiharjoitukset - Talkpal\",\"isPartOf\":{\"@id\":\"https:\/\/talkpal.ai\/fi\/#website\"},\"primaryImageOfPage\":{\"@id\":\"https:\/\/talkpal.ai\/fi\/thaimaan-kielioppiharjoitukset\/#primaryimage\"},\"image\":{\"@id\":\"https:\/\/talkpal.ai\/fi\/thaimaan-kielioppiharjoitukset\/#primaryimage\"},\"thumbnailUrl\":\"https:\/\/talkpal.ai\/wp-content\/uploads\/2023\/05\/thailand.png\",\"datePublished\":\"2023-07-05T10:24:06+00:00\",\"dateModified\":\"2025-12-17T15:22:23+00:00\",\"description\":\"Paranna thain kielen taitojasi thain kielioppiharjoituksillamme ja aloita kielen rakennuspalikoiden hallitseminen.\",\"breadcrumb\":{\"@id\":\"https:\/\/talkpal.ai\/fi\/thaimaan-kielioppiharjoitukset\/#breadcrumb\"},\"inLanguage\":\"fi\",\"potentialAction\":[{\"@type\":\"ReadAction\",\"target\":[\"https:\/\/talkpal.ai\/fi\/thaimaan-kielioppiharjoitukset\/\"]}]},{\"@type\":\"ImageObject\",\"inLanguage\":\"fi\",\"@id\":\"https:\/\/talkpal.ai\/fi\/thaimaan-kielioppiharjoitukset\/#primaryimage\",\"url\":\"https:\/\/talkpal.ai\/wp-content\/uploads\/2023\/05\/thailand.png\",\"contentUrl\":\"https:\/\/talkpal.ai\/wp-content\/uploads\/2023\/05\/thailand.png\",\"width\":512,\"height\":512},{\"@type\":\"BreadcrumbList\",\"@id\":\"https:\/\/talkpal.ai\/fi\/thaimaan-kielioppiharjoitukset\/#breadcrumb\",\"itemListElement\":[{\"@type\":\"ListItem\",\"position\":1,\"name\":\"Homepage\",\"item\":\"https:\/\/talkpal.ai\/fi\/\"},{\"@type\":\"ListItem\",\"position\":2,\"name\":\"Thaimaan kielioppiharjoitukset\"}]},{\"@type\":\"WebSite\",\"@id\":\"https:\/\/talkpal.ai\/fi\/#website\",\"url\":\"https:\/\/talkpal.ai\/fi\/\",\"name\":\"Talkpal\",\"description\":\"AI Language Learning\",\"publisher\":{\"@id\":\"https:\/\/talkpal.ai\/fi\/#organization\"},\"alternateName\":\"Talkpal AI\",\"potentialAction\":[{\"@type\":\"SearchAction\",\"target\":{\"@type\":\"EntryPoint\",\"urlTemplate\":\"https:\/\/talkpal.ai\/fi\/?s={search_term_string}\"},\"query-input\":{\"@type\":\"PropertyValueSpecification\",\"valueRequired\":true,\"valueName\":\"search_term_string\"}}],\"inLanguage\":\"fi\"},{\"@type\":\"Organization\",\"@id\":\"https:\/\/talkpal.ai\/fi\/#organization\",\"name\":\"Talkpal, Inc.\",\"alternateName\":\"Talkpal AI\",\"url\":\"https:\/\/talkpal.ai\/fi\/\",\"logo\":{\"@type\":\"ImageObject\",\"inLanguage\":\"fi\",\"@id\":\"https:\/\/talkpal.ai\/fi\/#\/schema\/logo\/image\/\",\"url\":\"https:\/\/talkpal.ai\/wp-content\/uploads\/2024\/03\/Talkpal-Logo-Icon.png\",\"contentUrl\":\"https:\/\/talkpal.ai\/wp-content\/uploads\/2024\/03\/Talkpal-Logo-Icon.png\",\"width\":2880,\"height\":2880,\"caption\":\"Talkpal, Inc.\"},\"image\":{\"@id\":\"https:\/\/talkpal.ai\/fi\/#\/schema\/logo\/image\/\"},\"sameAs\":[\"https:\/\/www.facebook.com\/profile.php?id=100090733639311\",\"https:\/\/x.com\/talkpalai\",\"https:\/\/www.linkedin.com\/company\/talkpal\/\",\"https:\/\/www.youtube.com\/@TalkPal\/\",\"https:\/\/www.tiktok.com\/@talkpal\",\"https:\/\/www.instagram.com\/talkpal_ai\/\",\"https:\/\/www.crunchbase.com\/organization\/talkpal-9cde\",\"https:\/\/www.g2.com\/products\/talkpal-for-business\/\",\"https:\/\/www.trustpilot.com\/review\/talkpal.ai\",\"https:\/\/www.capterra.com\/p\/10006800\/TalkPal\/\"],\"description\":\"Talkpal is a language learning web and mobile education app, powered by the latest AI technologies, that provides engaging experiences to its customers in many different languages to help them improve their language skills. Users can chat about unlimited amount of topics with the app and use other modes to practice their language learning.\",\"email\":\"support@talkpal.ai\",\"legalName\":\"Talkpal, Inc.\",\"foundingDate\":\"2023-04-03\",\"duns\":\"118989042\",\"numberOfEmployees\":{\"@type\":\"QuantitativeValue\",\"minValue\":\"11\",\"maxValue\":\"50\"},\"publishingPrinciples\":\"https:\/\/talkpal.ai\/publishing-principles\/\",\"actionableFeedbackPolicy\":\"https:\/\/talkpal.ai\/actionable-feedback-policy\/\",\"correctionsPolicy\":\"https:\/\/talkpal.ai\/corrections-policy\/\",\"ethicsPolicy\":\"https:\/\/talkpal.ai\/ethics-policy\/\",\"diversityPolicy\":\"https:\/\/talkpal.ai\/diversity-policy\/\",\"diversityStaffingReport\":\"https:\/\/talkpal.ai\/diversity-policy\/\"}]}<\/script>\n<!-- \/ Yoast SEO Premium plugin. -->","yoast_head_json":{"title":"Thaimaan kielioppiharjoitukset - Talkpal","description":"Paranna thain kielen taitojasi thain kielioppiharjoituksillamme ja aloita kielen rakennuspalikoiden hallitseminen.","robots":{"index":"index","follow":"follow","max-snippet":"max-snippet:-1","max-image-preview":"max-image-preview:large","max-video-preview":"max-video-preview:-1"},"canonical":"https:\/\/talkpal.ai\/fi\/thaimaan-kielioppiharjoitukset\/","og_locale":"fi_FI","og_type":"article","og_title":"Thaimaan kielioppiharjoitukset","og_description":"Thaimaan kieliopin aiheet Thaimaan kielen oppiminen voi olla kiehtova matka. On kuitenkin v\u00e4ltt\u00e4m\u00e4t\u00f6nt\u00e4 ymm\u00e4rt\u00e4\u00e4 thai-kielioppia, jotta ymm\u00e4rr\u00e4t kielen","og_url":"https:\/\/talkpal.ai\/fi\/thaimaan-kielioppiharjoitukset\/","og_site_name":"Talkpal","article_publisher":"https:\/\/www.facebook.com\/profile.php?id=100090733639311","article_modified_time":"2025-12-17T15:22:23+00:00","og_image":[{"width":512,"height":512,"url":"https:\/\/talkpal.ai\/wp-content\/uploads\/2023\/05\/thailand.png","type":"image\/png"}],"twitter_card":"summary_large_image","twitter_site":"@talkpalai","twitter_misc":{"Arvioitu lukuaika":"2 minuuttia"},"schema":{"@context":"https:\/\/schema.org","@graph":[{"@type":"WebPage","@id":"https:\/\/talkpal.ai\/fi\/thaimaan-kielioppiharjoitukset\/","url":"https:\/\/talkpal.ai\/fi\/thaimaan-kielioppiharjoitukset\/","name":"Thaimaan kielioppiharjoitukset - Talkpal","isPartOf":{"@id":"https:\/\/talkpal.ai\/fi\/#website"},"primaryImageOfPage":{"@id":"https:\/\/talkpal.ai\/fi\/thaimaan-kielioppiharjoitukset\/#primaryimage"},"image":{"@id":"https:\/\/talkpal.ai\/fi\/thaimaan-kielioppiharjoitukset\/#primaryimage"},"thumbnailUrl":"https:\/\/talkpal.ai\/wp-content\/uploads\/2023\/05\/thailand.png","datePublished":"2023-07-05T10:24:06+00:00","dateModified":"2025-12-17T15:22:23+00:00","description":"Paranna thain kielen taitojasi thain kielioppiharjoituksillamme ja aloita kielen rakennuspalikoiden hallitseminen.","breadcrumb":{"@id":"https:\/\/talkpal.ai\/fi\/thaimaan-kielioppiharjoitukset\/#breadcrumb"},"inLanguage":"fi","potentialAction":[{"@type":"ReadAction","target":["https:\/\/talkpal.ai\/fi\/thaimaan-kielioppiharjoitukset\/"]}]},{"@type":"ImageObject","inLanguage":"fi","@id":"https:\/\/talkpal.ai\/fi\/thaimaan-kielioppiharjoitukset\/#primaryimage","url":"https:\/\/talkpal.ai\/wp-content\/uploads\/2023\/05\/thailand.png","contentUrl":"https:\/\/talkpal.ai\/wp-content\/uploads\/2023\/05\/thailand.png","width":512,"height":512},{"@type":"BreadcrumbList","@id":"https:\/\/talkpal.ai\/fi\/thaimaan-kielioppiharjoitukset\/#breadcrumb","itemListElement":[{"@type":"ListItem","position":1,"name":"Homepage","item":"https:\/\/talkpal.ai\/fi\/"},{"@type":"ListItem","position":2,"name":"Thaimaan kielioppiharjoitukset"}]},{"@type":"WebSite","@id":"https:\/\/talkpal.ai\/fi\/#website","url":"https:\/\/talkpal.ai\/fi\/","name":"Talkpal","description":"AI Language Learning","publisher":{"@id":"https:\/\/talkpal.ai\/fi\/#organization"},"alternateName":"Talkpal AI","potentialAction":[{"@type":"SearchAction","target":{"@type":"EntryPoint","urlTemplate":"https:\/\/talkpal.ai\/fi\/?s={search_term_string}"},"query-input":{"@type":"PropertyValueSpecification","valueRequired":true,"valueName":"search_term_string"}}],"inLanguage":"fi"},{"@type":"Organization","@id":"https:\/\/talkpal.ai\/fi\/#organization","name":"Talkpal, Inc.","alternateName":"Talkpal AI","url":"https:\/\/talkpal.ai\/fi\/","logo":{"@type":"ImageObject","inLanguage":"fi","@id":"https:\/\/talkpal.ai\/fi\/#\/schema\/logo\/image\/","url":"https:\/\/talkpal.ai\/wp-content\/uploads\/2024\/03\/Talkpal-Logo-Icon.png","contentUrl":"https:\/\/talkpal.ai\/wp-content\/uploads\/2024\/03\/Talkpal-Logo-Icon.png","width":2880,"height":2880,"caption":"Talkpal, Inc."},"image":{"@id":"https:\/\/talkpal.ai\/fi\/#\/schema\/logo\/image\/"},"sameAs":["https:\/\/www.facebook.com\/profile.php?id=100090733639311","https:\/\/x.com\/talkpalai","https:\/\/www.linkedin.com\/company\/talkpal\/","https:\/\/www.youtube.com\/@TalkPal\/","https:\/\/www.tiktok.com\/@talkpal","https:\/\/www.instagram.com\/talkpal_ai\/","https:\/\/www.crunchbase.com\/organization\/talkpal-9cde","https:\/\/www.g2.com\/products\/talkpal-for-business\/","https:\/\/www.trustpilot.com\/review\/talkpal.ai","https:\/\/www.capterra.com\/p\/10006800\/TalkPal\/"],"description":"Talkpal is a language learning web and mobile education app, powered by the latest AI technologies, that provides engaging experiences to its customers in many different languages to help them improve their language skills. Users can chat about unlimited amount of topics with the app and use other modes to practice their language learning.","email":"support@talkpal.ai","legalName":"Talkpal, Inc.","foundingDate":"2023-04-03","duns":"118989042","numberOfEmployees":{"@type":"QuantitativeValue","minValue":"11","maxValue":"50"},"publishingPrinciples":"https:\/\/talkpal.ai\/publishing-principles\/","actionableFeedbackPolicy":"https:\/\/talkpal.ai\/actionable-feedback-policy\/","correctionsPolicy":"https:\/\/talkpal.ai\/corrections-policy\/","ethicsPolicy":"https:\/\/talkpal.ai\/ethics-policy\/","diversityPolicy":"https:\/\/talkpal.ai\/diversity-policy\/","diversityStaffingReport":"https:\/\/talkpal.ai\/diversity-policy\/"}]}},"_links":{"self":[{"href":"https:\/\/talkpal.ai\/fi\/wp-json\/wp\/v2\/pages\/155756","targetHints":{"allow":["GET"]}}],"collection":[{"href":"https:\/\/talkpal.ai\/fi\/wp-json\/wp\/v2\/pages"}],"about":[{"href":"https:\/\/talkpal.ai\/fi\/wp-json\/wp\/v2\/types\/page"}],"author":[{"embeddable":true,"href":"https:\/\/talkpal.ai\/fi\/wp-json\/wp\/v2\/users\/6"}],"replies":[{"embeddable":true,"href":"https:\/\/talkpal.ai\/fi\/wp-json\/wp\/v2\/comments?post=155756"}],"version-history":[{"count":0,"href":"https:\/\/talkpal.ai\/fi\/wp-json\/wp\/v2\/pages\/155756\/revisions"}],"wp:featuredmedia":[{"embeddable":true,"href":"https:\/\/talkpal.ai\/fi\/wp-json\/wp\/v2\/media\/28731"}],"wp:attachment":[{"href":"https:\/\/talkpal.ai\/fi\/wp-json\/wp\/v2\/media?parent=155756"}],"curies":[{"name":"wp","href":"https:\/\/api.w.org\/{rel}","templated":true}]}}