{"id":153765,"date":"2023-05-14T14:25:05","date_gmt":"2023-05-14T14:25:05","guid":{"rendered":"http:\/\/talkpal.ai\/swahilin-kielioppi\/"},"modified":"2025-12-13T15:54:36","modified_gmt":"2025-12-13T15:54:36","slug":"swahilin-kielioppi","status":"publish","type":"page","link":"https:\/\/talkpal.ai\/fi\/swahilin-kielioppi\/","title":{"rendered":"Swahilin kielioppi"},"content":{"rendered":"\r\n\r\n\r\n<section class=\"languageChallengeSection\">\r\n    <div class=\"languageInfoWrapper\">\r\n        \r\n        <h1>Swahilin kielioppi<\/h1>\r\n        <p>Avaa swahilin kieliopin salaisuudet ja paranna kielitaitoasi mukaansatempaavien oppituntien ja tosiel\u00e4m\u00e4n esimerkkien avulla. Tutustu lauserakenteen perusteisiin, verbikuvioihin ja keskeisiin kielioppis\u00e4\u00e4nt\u00f6ihin. Harjoittele oppimaasi interaktiivisten harjoitusten avulla, jotka on suunniteltu vahvistamaan ymm\u00e4rryst\u00e4si. Aloita swahilin kieliopin hallinta jo t\u00e4n\u00e4\u00e4n ja kommunikoi itsevarmemmin!<\/p>\r\n\r\n                            <a class=\"getStartedHidden\" href=\"https:\/\/app.talkpal.ai\/fi\/signup?lng=\">Aloita<\/a>\r\n        \r\n    <\/div>\r\n\r\n    <figure>\r\n    <img decoding=\"async\" width=\"768\" height=\"768\" src=\"https:\/\/talkpal.ai\/wp-content\/uploads\/2023\/06\/Swahili-768x768.png\" class=\"languageImage no-lazy\" alt=\"Default alt text\" fetchpriority=\"high\" sizes=\"(max-width: 768px) 150px, 768px\" srcset=\"https:\/\/talkpal.ai\/wp-content\/uploads\/2023\/06\/Swahili-768x768.png 768w, https:\/\/talkpal.ai\/wp-content\/uploads\/2023\/06\/Swahili-300x300.png 300w\" \/>\r\n    \r\n\r\n    <\/figure>\r\n\r\n            <a class=\"getStartedVisible\" href=\"https:\/\/app.talkpal.ai\/fi\/signup?lng=\">Aloita<\/a>\r\n    \r\n<\/section>\r\n        <section class=\"grammarSection\">\r\n            <div class=\"grammarLinks\">\r\n                <a href=\"https:\/\/talkpal.ai\/fi\/language\/adjektiivit-swahilin-kielioppi\/\">Adjektiivit <\/a><a href=\"https:\/\/talkpal.ai\/fi\/language\/adverbit-swahilin-kielioppi\/\">Adverbit <\/a><a href=\"https:\/\/talkpal.ai\/fi\/language\/aikamuodot-swahilin-kielioppi\/\">Aikamuodot <\/a><a href=\"https:\/\/talkpal.ai\/fi\/language\/aikamuotojen-vertailu-swahilin-kielioppi\/\">Aikamuotojen vertailu <\/a><a href=\"https:\/\/talkpal.ai\/fi\/language\/artikkelit-swahilin-kielioppi\/\">Artikkelit <\/a><a href=\"https:\/\/talkpal.ai\/fi\/language\/konditionaalit-swahilin-kielioppi\/\">Konditionaalit <\/a><a href=\"https:\/\/talkpal.ai\/fi\/language\/lauseet-swahilin-kielioppi\/\">Lauseet <\/a><a href=\"https:\/\/talkpal.ai\/fi\/language\/prepositiot-swahilin-kielioppi\/\">Prepositiot <\/a><a href=\"https:\/\/talkpal.ai\/fi\/language\/progressiivinen-swahilin-kielioppi\/\">Progressiivinen <\/a><a href=\"https:\/\/talkpal.ai\/fi\/language\/pronominit-determinerit-swahilin-kielioppi\/\">Pronominit\/Determinerit <\/a><a href=\"https:\/\/talkpal.ai\/fi\/language\/substantiivit-swahilin-kielioppi\/\">Substantiivit <\/a><a href=\"https:\/\/talkpal.ai\/fi\/language\/taydellinen-progressiivinen-swahilin-kielioppi\/\">T\u00e4ydellinen progressiivinen <\/a><a href=\"https:\/\/talkpal.ai\/fi\/language\/verbit-swahilin-kielioppi\/\">Verbit <\/a>            <\/div>\r\n        <\/section>\r\n    <section class=\"promotionalBanner\">\r\n    <p class=\"promotionalText\">Tehokkain tapa oppia kielt\u00e4<\/p>\r\n    <a class=\"promotionalLink\" href=\"https:\/\/app.talkpal.ai\/fi\/signup?lng=\">Kokeile Talkpal ilmaiseksi<\/a>\r\n<\/section>\n<div class=\"wp-block-group pageContainerStyle\"><div class=\"wp-block-group__inner-container is-layout-constrained wp-block-group-is-layout-constrained\">\n<h2 class=\"wp-block-heading\" id=\"h-swahili-grammar-demystifying-the-linguistic-adventure\">Swahilin kielioppi: kielellisen seikkailun salaper\u00e4isyyden poistaminen<\/h2>\n\n\n\n<p><a href=\"https:\/\/talkpal.ai\/swahili-grammar\/\">Swahilin kielioppi<\/a> &#8211; kutsuva mutta arvoituksellinen, sujuva mutta kiehtova, elinvoimainen mutta kiehtova. Kun aloitat kielellisen matkasi swahilin kieleen, saatat kohdata sekoituksen kiehtovuutta ja ep\u00e4varmuutta. \u00c4lk\u00e4\u00e4 murehtiko, kielifanaatikot! Olemme t\u00e4\u00e4ll\u00e4 auttaaksemme sinua navigoimaan n\u00e4ill\u00e4 j\u00e4nnitt\u00e4vill\u00e4 kielivesill\u00e4!<\/p>\n\n\n\n<p>T\u00e4ss\u00e4 artikkelissa annamme kattavan yleiskatsauksen swahilin kieliopista, tutkimme keskeisi\u00e4 komponentteja, tarjoamme selityksi\u00e4 ja esimerkkej\u00e4 sek\u00e4 yksinkertaistamme monimutkaisuuksia. Vapautetaan siis swahilin kielen taika ja paljastetaan sen kieliopin salaisuudet!<\/p>\n\n\n\n<h3 class=\"wp-block-heading\" id=\"h-1-noun-classes-from-people-to-abstract-ideas\">1. Substantiiviluokat: ihmisist\u00e4 abstrakteihin ideoihin<\/h3>\n\n\n\n<p>Swahilin kielioppi py\u00f6rii erottuvan mutta olennaisen substantiivien luokitteluj\u00e4rjestelm\u00e4n ymp\u00e4rill\u00e4. Substantiivit on j\u00e4rjestetty eri luokkiin niiden merkityksen <a href=\"https:\/\/talkpal.ai\/learn-thai\/\">tai<\/a> ominaisuuksien perusteella, ja jokaisella luokalla on erityinen etuliite. Vaikka t\u00e4m\u00e4 saattaa tuntua pelottavalta, se on ratkaisevan t\u00e4rke\u00e4\u00e4 substantiivien, adjektiivien ja verbien v\u00e4lisen yhteisymm\u00e4rryksen muodostamisessa.<\/p>\n\n\n\n<p>T\u00e4m\u00e4n prosessin yksinkertaistamiseksi aloita keskittym\u00e4ll\u00e4 yleisimpiin substantiiviluokkiin:<\/p>\n\n\n\n<p><strong>&#8211; Luokka 1: Ihmiset (esim. mtu &#8211; person)<\/strong><\/p>\n\n\n\n<p><strong>&#8211; Luokka 2: Luokan 1 substantiivien monikko (esim. watu &#8211; ihmiset).<\/strong><\/p>\n\n\n\n<p><strong>&#8211; Luokka 3: Puut, kasvit ja abstraktit substantiivit (esim. mti &#8211; puu).<\/strong><\/p>\n\n\n\n<p><strong>&#8211; Luokka 4: Elottomat esineet ja abstraktit substantiivit (esim. kiti &#8211; tuoli).<\/strong><\/p>\n\n\n\n<p>Muista, ett\u00e4 harjoitus tekee mestarin, ja substantiiviluokkien ymm\u00e4rt\u00e4minen helpottuu ajan my\u00f6t\u00e4!<\/p>\n\n\n\n<h3 class=\"wp-block-heading\" id=\"h-2-adjectives-from-basic-to-intricate-agreement\">2. Adjektiivit: perussopimuksesta monimutkaiseen sopimukseen<\/h3>\n\n\n\n<p>Swahilin adjektiivit sopivat yhteen muokkaamansa substantiiviluokan ja numeron kanssa. T\u00e4m\u00e4n seurauksena adjektiiveilla on useita etuliitteit\u00e4, jotka vastaavat eri substantiiviluokkia. Hyv\u00e4 uutinen on, ett\u00e4 monilla adjektiiveilla on <a href=\"https:\/\/talkpal.ai\/locations\/language-courses-in-sama\/\">sama<\/a> juurisana, mik\u00e4 tekee niiden oppimisesta hallittavampaa.<\/p>\n\n\n\n<p>Esimerkiksi juuri &#8221;-refu&#8221; tarkoittaa &#8221;pitk\u00e4&#8221;. Substantiiviluokasta riippuen se voi esiinty\u00e4 muodossa &#8221;mrefu&#8221; (luokka 1), &#8221;wazuri&#8221; (luokka 2), &#8221;jurefu&#8221; (luokka 3) ja niin edelleen. K\u00e4yt\u00e4nn\u00f6n avulla adjektiivi-substantiivisopimuksen saaminen on helppoa!<\/p>\n\n\n\n<h3 class=\"wp-block-heading\" id=\"h-3-verbs-tense-subject-and-object\">3. Verbit: aikamuoto, aihe ja objekti<\/h3>\n\n\n\n<p>Swahilin verbit ovat kuin tehokkaita Sveitsin armeijan veitsi\u00e4, jotka v\u00e4litt\u00e4v\u00e4t kompaktisti j\u00e4nnityksen, aiheen ja objektin, kaikki yhdess\u00e4 siistiss\u00e4 paketissa. Aikamuodot muodostetaan liitt\u00e4m\u00e4ll\u00e4 verbin juureen aikamuotoja, kun taas subjekti- ja objektimerkit ilmaisevat, kuka on mukana toiminnassa.<\/p>\n\n\n\n<p>Esimerkiksi juuri &#8221;-soma&#8221; tarkoittaa &#8221;lukea&#8221;. Lis\u00e4\u00e4m\u00e4ll\u00e4 erilaisia etu- ja j\u00e4lkitunnuksia voit luoda lukuisia muunnelmia: &#8221;anasoma&#8221; (h\u00e4n lukee), &#8221;alisoma&#8221; (h\u00e4n lukee) tai &#8221;atasoma&#8221; (h\u00e4n lukee).<\/p>\n\n\n\n<h3 class=\"wp-block-heading\" id=\"h-4-word-order-subject-verb-object-for-clarity\">4. Sanaj\u00e4rjestys: subjekti-verbi-objekti selkeyden vuoksi<\/h3>\n\n\n\n<p><a href=\"https:\/\/talkpal.ai\/learn-swahili\/\">Swahili<\/a> noudattaa yksinkertaista, mutta selke\u00e4\u00e4 subjekti-verbiobjekti (SVO) -sanaj\u00e4rjestyst\u00e4, joka on samanlainen kuin <a href=\"https:\/\/talkpal.ai\/learn-english-with-ai\/\">englanti<\/a>, mik\u00e4 tekee lauseen rakentamisesta v\u00e4hemm\u00e4n pelottavaa. Esimerkiksi &#8221;Mwanafunzi anasoma kitabu&#8221; tarkoittaa suoraan &#8221;Opiskelija (subjekti) lukee (verbi) kirjaa (objekti)&#8221;.<\/p>\n\n\n\n<h3 class=\"wp-block-heading\" id=\"h-5-embrace-the-challenges-practice-is-key\">5. Ota haasteet vastaan: K\u00e4yt\u00e4nt\u00f6 on avain<\/h3>\n\n\n\n<p>Swahilin kielioppiin sukeltaminen voi tuntua aluksi hieman ylivoimaiselta. Pid\u00e4 kuitenkin mieless\u00e4, ett\u00e4 k\u00e4rsiv\u00e4llisyys, harjoittelu ja sinnikkyys ovat menestyksen salaisuuksia. Osallistu kieleen lukemalla, kirjoittamalla, kuuntelemalla ja puhumalla parantaaksesi ymm\u00e4rryst\u00e4si ja luottamustasi.<\/p>\n\n\n\n<p>Joten, oletko valmis tutkimaan swahilin kieliopin ihmeit\u00e4? Omaksu sen monimutkaisuudet, nauti vivahteista ja muista, ett\u00e4 omistautumisella ja innostuksella voit avata swahilin kielen todellisen kauneuden. Bahati njema! (Onnea!)<\/p>\n<\/div><\/div>\n\r\n<section class=\"learnNavigationSection\">\r\n            \r\n        <a href=\"https:\/\/talkpal.ai\/fi\/opi-swahilia\/\">\r\n            <div class=\"learnNavigationWrapper\">\r\n                <div class=\"learnNavigationContent\">\r\n                    <img decoding=\"async\" src=\"https:\/\/talkpal.ai\/wp-content\/uploads\/2024\/08\/Swahili.jpg\" alt=\"Kenya and Tanzania Flags\">\r\n                    <div>\r\n                        <h4>Tietoa swahilin oppimisesta<\/h4>\r\n                        <p>Tutustu swahilin kielioppiin.<\/p>\r\n                    <\/div>\r\n                <\/div>\r\n            <\/div>\r\n        <\/a>\r\n\r\n        \r\n        <a href=\"https:\/\/talkpal.ai\/fi\/swahilin-kielioppiharjoitukset\/\">\r\n            <div class=\"learnNavigationWrapper\">\r\n                <div class=\"learnNavigationContent\">\r\n                    <img decoding=\"async\" src=\"https:\/\/talkpal.ai\/wp-content\/uploads\/2024\/08\/Swahili.jpg\" alt=\"Kenya and Tanzania Flags\">\r\n                    <div>\r\n                        <h4>Swahilin kielioppiharjoitus<\/h4>\r\n                        <p>Harjoittele swahilin kielioppia.<\/p>\r\n                    <\/div>\r\n                <\/div>\r\n            <\/div>\r\n        <\/a>\r\n\r\n        \r\n        <a href=\"https:\/\/talkpal.ai\/vocabulary_language\/swahili\/\">\r\n            <div class=\"learnNavigationWrapper\">\r\n                <div class=\"learnNavigationContent\">\r\n                    <img decoding=\"async\" src=\"https:\/\/talkpal.ai\/wp-content\/uploads\/2024\/08\/Swahili.jpg\" alt=\"Kenya and Tanzania Flags\">\r\n                    <div>\r\n                        <h4>Swahilin sanasto<\/h4>\r\n                        <p>Laajenna swahilin sanavarastoasi.<\/p>\r\n                    <\/div>\r\n                <\/div>\r\n            <\/div>\r\n        <\/a>\r\n\r\n            <\/section>","protected":false},"excerpt":{"rendered":"<p>Swahilin kielioppi: kielellisen seikkailun salaper\u00e4isyyden poistaminen Swahilin kielioppi &#8211; kutsuva mutta arvoituksellinen, sujuva mutta kiehtova, elinvoimainen mutta kiehtova. Kun aloitat kielellisen matkasi swahilin kieleen, saatat kohdata sekoituksen kiehtovuutta ja ep\u00e4varmuutta. \u00c4lk\u00e4\u00e4 murehtiko, kielifanaatikot! Olemme t\u00e4\u00e4ll\u00e4 auttaaksemme sinua navigoimaan n\u00e4ill\u00e4 j\u00e4nnitt\u00e4vill\u00e4 kielivesill\u00e4! T\u00e4ss\u00e4 artikkelissa annamme kattavan yleiskatsauksen swahilin kieliopista, tutkimme keskeisi\u00e4 komponentteja, tarjoamme selityksi\u00e4 ja esimerkkej\u00e4 [&hellip;]<\/p>\n","protected":false},"author":1,"featured_media":28683,"parent":0,"menu_order":0,"comment_status":"closed","ping_status":"closed","template":"LearningContentPage.php","meta":{"_acf_changed":false,"footnotes":""},"class_list":["post-153765","page","type-page","status-publish","has-post-thumbnail","hentry"],"acf":[],"yoast_head":"<!-- This site is optimized with the Yoast SEO Premium plugin v27.2 (Yoast SEO v27.2) - https:\/\/yoast.com\/product\/yoast-seo-premium-wordpress\/ -->\n<title>Swahilin kielioppi - Talkpal<\/title>\n<meta name=\"description\" content=\"Avaa swahilin kieliopin salaisuudet kattavan oppaamme avulla! Tutustu sen ainutlaatuisiin substantiiviluokkiin ja keskeisiin komponentteihin.\" \/>\n<meta name=\"robots\" content=\"index, follow, max-snippet:-1, max-image-preview:large, max-video-preview:-1\" \/>\n<link rel=\"canonical\" href=\"https:\/\/talkpal.ai\/fi\/swahilin-kielioppi\/\" \/>\n<meta property=\"og:locale\" content=\"fi_FI\" \/>\n<meta property=\"og:type\" content=\"article\" \/>\n<meta property=\"og:title\" content=\"Swahilin kielioppi\" \/>\n<meta property=\"og:description\" content=\"Swahilin kielioppi: kielellisen seikkailun salaper\u00e4isyyden poistaminen Swahilin kielioppi - kutsuva mutta arvoituksellinen, sujuva mutta kiehtova,\" \/>\n<meta property=\"og:url\" content=\"https:\/\/talkpal.ai\/fi\/swahilin-kielioppi\/\" \/>\n<meta property=\"og:site_name\" content=\"Talkpal\" \/>\n<meta property=\"article:publisher\" content=\"https:\/\/www.facebook.com\/profile.php?id=100090733639311\" \/>\n<meta property=\"article:modified_time\" content=\"2025-12-13T15:54:36+00:00\" \/>\n<meta property=\"og:image\" content=\"https:\/\/talkpal.ai\/wp-content\/uploads\/2023\/05\/Swahili-tanzania.png\" \/>\n\t<meta property=\"og:image:width\" content=\"512\" \/>\n\t<meta property=\"og:image:height\" content=\"512\" \/>\n\t<meta property=\"og:image:type\" content=\"image\/png\" \/>\n<meta name=\"twitter:card\" content=\"summary_large_image\" \/>\n<meta name=\"twitter:site\" content=\"@talkpalai\" \/>\n<meta name=\"twitter:label1\" content=\"Arvioitu lukuaika\" \/>\n\t<meta name=\"twitter:data1\" content=\"2 minuuttia\" \/>\n<script type=\"application\/ld+json\" class=\"yoast-schema-graph\">{\"@context\":\"https:\/\/schema.org\",\"@graph\":[{\"@type\":\"WebPage\",\"@id\":\"https:\/\/talkpal.ai\/fi\/swahilin-kielioppi\/\",\"url\":\"https:\/\/talkpal.ai\/fi\/swahilin-kielioppi\/\",\"name\":\"Swahilin kielioppi - Talkpal\",\"isPartOf\":{\"@id\":\"https:\/\/talkpal.ai\/fi\/#website\"},\"primaryImageOfPage\":{\"@id\":\"https:\/\/talkpal.ai\/fi\/swahilin-kielioppi\/#primaryimage\"},\"image\":{\"@id\":\"https:\/\/talkpal.ai\/fi\/swahilin-kielioppi\/#primaryimage\"},\"thumbnailUrl\":\"https:\/\/talkpal.ai\/wp-content\/uploads\/2023\/05\/Swahili-tanzania.png\",\"datePublished\":\"2023-05-14T14:25:05+00:00\",\"dateModified\":\"2025-12-13T15:54:36+00:00\",\"description\":\"Avaa swahilin kieliopin salaisuudet kattavan oppaamme avulla! Tutustu sen ainutlaatuisiin substantiiviluokkiin ja keskeisiin komponentteihin.\",\"breadcrumb\":{\"@id\":\"https:\/\/talkpal.ai\/fi\/swahilin-kielioppi\/#breadcrumb\"},\"inLanguage\":\"fi\",\"potentialAction\":[{\"@type\":\"ReadAction\",\"target\":[\"https:\/\/talkpal.ai\/fi\/swahilin-kielioppi\/\"]}]},{\"@type\":\"ImageObject\",\"inLanguage\":\"fi\",\"@id\":\"https:\/\/talkpal.ai\/fi\/swahilin-kielioppi\/#primaryimage\",\"url\":\"https:\/\/talkpal.ai\/wp-content\/uploads\/2023\/05\/Swahili-tanzania.png\",\"contentUrl\":\"https:\/\/talkpal.ai\/wp-content\/uploads\/2023\/05\/Swahili-tanzania.png\",\"width\":512,\"height\":512},{\"@type\":\"BreadcrumbList\",\"@id\":\"https:\/\/talkpal.ai\/fi\/swahilin-kielioppi\/#breadcrumb\",\"itemListElement\":[{\"@type\":\"ListItem\",\"position\":1,\"name\":\"Homepage\",\"item\":\"https:\/\/talkpal.ai\/fi\/\"},{\"@type\":\"ListItem\",\"position\":2,\"name\":\"Swahilin kielioppi\"}]},{\"@type\":\"WebSite\",\"@id\":\"https:\/\/talkpal.ai\/fi\/#website\",\"url\":\"https:\/\/talkpal.ai\/fi\/\",\"name\":\"Talkpal\",\"description\":\"AI Language Learning\",\"publisher\":{\"@id\":\"https:\/\/talkpal.ai\/fi\/#organization\"},\"alternateName\":\"Talkpal AI\",\"potentialAction\":[{\"@type\":\"SearchAction\",\"target\":{\"@type\":\"EntryPoint\",\"urlTemplate\":\"https:\/\/talkpal.ai\/fi\/?s={search_term_string}\"},\"query-input\":{\"@type\":\"PropertyValueSpecification\",\"valueRequired\":true,\"valueName\":\"search_term_string\"}}],\"inLanguage\":\"fi\"},{\"@type\":\"Organization\",\"@id\":\"https:\/\/talkpal.ai\/fi\/#organization\",\"name\":\"Talkpal, Inc.\",\"alternateName\":\"Talkpal AI\",\"url\":\"https:\/\/talkpal.ai\/fi\/\",\"logo\":{\"@type\":\"ImageObject\",\"inLanguage\":\"fi\",\"@id\":\"https:\/\/talkpal.ai\/fi\/#\/schema\/logo\/image\/\",\"url\":\"https:\/\/talkpal.ai\/wp-content\/uploads\/2024\/03\/Talkpal-Logo-Icon.png\",\"contentUrl\":\"https:\/\/talkpal.ai\/wp-content\/uploads\/2024\/03\/Talkpal-Logo-Icon.png\",\"width\":2880,\"height\":2880,\"caption\":\"Talkpal, Inc.\"},\"image\":{\"@id\":\"https:\/\/talkpal.ai\/fi\/#\/schema\/logo\/image\/\"},\"sameAs\":[\"https:\/\/www.facebook.com\/profile.php?id=100090733639311\",\"https:\/\/x.com\/talkpalai\",\"https:\/\/www.linkedin.com\/company\/talkpal\/\",\"https:\/\/www.youtube.com\/@TalkPal\/\",\"https:\/\/www.tiktok.com\/@talkpal\",\"https:\/\/www.instagram.com\/talkpal_ai\/\",\"https:\/\/www.crunchbase.com\/organization\/talkpal-9cde\",\"https:\/\/www.g2.com\/products\/talkpal-for-business\/\",\"https:\/\/www.trustpilot.com\/review\/talkpal.ai\",\"https:\/\/www.capterra.com\/p\/10006800\/TalkPal\/\"],\"description\":\"Talkpal is a language learning web and mobile education app, powered by the latest AI technologies, that provides engaging experiences to its customers in many different languages to help them improve their language skills. Users can chat about unlimited amount of topics with the app and use other modes to practice their language learning.\",\"email\":\"support@talkpal.ai\",\"legalName\":\"Talkpal, Inc.\",\"foundingDate\":\"2023-04-03\",\"duns\":\"118989042\",\"numberOfEmployees\":{\"@type\":\"QuantitativeValue\",\"minValue\":\"11\",\"maxValue\":\"50\"},\"publishingPrinciples\":\"https:\/\/talkpal.ai\/publishing-principles\/\",\"actionableFeedbackPolicy\":\"https:\/\/talkpal.ai\/actionable-feedback-policy\/\",\"correctionsPolicy\":\"https:\/\/talkpal.ai\/corrections-policy\/\",\"ethicsPolicy\":\"https:\/\/talkpal.ai\/ethics-policy\/\",\"diversityPolicy\":\"https:\/\/talkpal.ai\/diversity-policy\/\",\"diversityStaffingReport\":\"https:\/\/talkpal.ai\/diversity-policy\/\"}]}<\/script>\n<!-- \/ Yoast SEO Premium plugin. -->","yoast_head_json":{"title":"Swahilin kielioppi - Talkpal","description":"Avaa swahilin kieliopin salaisuudet kattavan oppaamme avulla! Tutustu sen ainutlaatuisiin substantiiviluokkiin ja keskeisiin komponentteihin.","robots":{"index":"index","follow":"follow","max-snippet":"max-snippet:-1","max-image-preview":"max-image-preview:large","max-video-preview":"max-video-preview:-1"},"canonical":"https:\/\/talkpal.ai\/fi\/swahilin-kielioppi\/","og_locale":"fi_FI","og_type":"article","og_title":"Swahilin kielioppi","og_description":"Swahilin kielioppi: kielellisen seikkailun salaper\u00e4isyyden poistaminen Swahilin kielioppi - kutsuva mutta arvoituksellinen, sujuva mutta kiehtova,","og_url":"https:\/\/talkpal.ai\/fi\/swahilin-kielioppi\/","og_site_name":"Talkpal","article_publisher":"https:\/\/www.facebook.com\/profile.php?id=100090733639311","article_modified_time":"2025-12-13T15:54:36+00:00","og_image":[{"width":512,"height":512,"url":"https:\/\/talkpal.ai\/wp-content\/uploads\/2023\/05\/Swahili-tanzania.png","type":"image\/png"}],"twitter_card":"summary_large_image","twitter_site":"@talkpalai","twitter_misc":{"Arvioitu lukuaika":"2 minuuttia"},"schema":{"@context":"https:\/\/schema.org","@graph":[{"@type":"WebPage","@id":"https:\/\/talkpal.ai\/fi\/swahilin-kielioppi\/","url":"https:\/\/talkpal.ai\/fi\/swahilin-kielioppi\/","name":"Swahilin kielioppi - Talkpal","isPartOf":{"@id":"https:\/\/talkpal.ai\/fi\/#website"},"primaryImageOfPage":{"@id":"https:\/\/talkpal.ai\/fi\/swahilin-kielioppi\/#primaryimage"},"image":{"@id":"https:\/\/talkpal.ai\/fi\/swahilin-kielioppi\/#primaryimage"},"thumbnailUrl":"https:\/\/talkpal.ai\/wp-content\/uploads\/2023\/05\/Swahili-tanzania.png","datePublished":"2023-05-14T14:25:05+00:00","dateModified":"2025-12-13T15:54:36+00:00","description":"Avaa swahilin kieliopin salaisuudet kattavan oppaamme avulla! Tutustu sen ainutlaatuisiin substantiiviluokkiin ja keskeisiin komponentteihin.","breadcrumb":{"@id":"https:\/\/talkpal.ai\/fi\/swahilin-kielioppi\/#breadcrumb"},"inLanguage":"fi","potentialAction":[{"@type":"ReadAction","target":["https:\/\/talkpal.ai\/fi\/swahilin-kielioppi\/"]}]},{"@type":"ImageObject","inLanguage":"fi","@id":"https:\/\/talkpal.ai\/fi\/swahilin-kielioppi\/#primaryimage","url":"https:\/\/talkpal.ai\/wp-content\/uploads\/2023\/05\/Swahili-tanzania.png","contentUrl":"https:\/\/talkpal.ai\/wp-content\/uploads\/2023\/05\/Swahili-tanzania.png","width":512,"height":512},{"@type":"BreadcrumbList","@id":"https:\/\/talkpal.ai\/fi\/swahilin-kielioppi\/#breadcrumb","itemListElement":[{"@type":"ListItem","position":1,"name":"Homepage","item":"https:\/\/talkpal.ai\/fi\/"},{"@type":"ListItem","position":2,"name":"Swahilin kielioppi"}]},{"@type":"WebSite","@id":"https:\/\/talkpal.ai\/fi\/#website","url":"https:\/\/talkpal.ai\/fi\/","name":"Talkpal","description":"AI Language Learning","publisher":{"@id":"https:\/\/talkpal.ai\/fi\/#organization"},"alternateName":"Talkpal AI","potentialAction":[{"@type":"SearchAction","target":{"@type":"EntryPoint","urlTemplate":"https:\/\/talkpal.ai\/fi\/?s={search_term_string}"},"query-input":{"@type":"PropertyValueSpecification","valueRequired":true,"valueName":"search_term_string"}}],"inLanguage":"fi"},{"@type":"Organization","@id":"https:\/\/talkpal.ai\/fi\/#organization","name":"Talkpal, Inc.","alternateName":"Talkpal AI","url":"https:\/\/talkpal.ai\/fi\/","logo":{"@type":"ImageObject","inLanguage":"fi","@id":"https:\/\/talkpal.ai\/fi\/#\/schema\/logo\/image\/","url":"https:\/\/talkpal.ai\/wp-content\/uploads\/2024\/03\/Talkpal-Logo-Icon.png","contentUrl":"https:\/\/talkpal.ai\/wp-content\/uploads\/2024\/03\/Talkpal-Logo-Icon.png","width":2880,"height":2880,"caption":"Talkpal, Inc."},"image":{"@id":"https:\/\/talkpal.ai\/fi\/#\/schema\/logo\/image\/"},"sameAs":["https:\/\/www.facebook.com\/profile.php?id=100090733639311","https:\/\/x.com\/talkpalai","https:\/\/www.linkedin.com\/company\/talkpal\/","https:\/\/www.youtube.com\/@TalkPal\/","https:\/\/www.tiktok.com\/@talkpal","https:\/\/www.instagram.com\/talkpal_ai\/","https:\/\/www.crunchbase.com\/organization\/talkpal-9cde","https:\/\/www.g2.com\/products\/talkpal-for-business\/","https:\/\/www.trustpilot.com\/review\/talkpal.ai","https:\/\/www.capterra.com\/p\/10006800\/TalkPal\/"],"description":"Talkpal is a language learning web and mobile education app, powered by the latest AI technologies, that provides engaging experiences to its customers in many different languages to help them improve their language skills. Users can chat about unlimited amount of topics with the app and use other modes to practice their language learning.","email":"support@talkpal.ai","legalName":"Talkpal, Inc.","foundingDate":"2023-04-03","duns":"118989042","numberOfEmployees":{"@type":"QuantitativeValue","minValue":"11","maxValue":"50"},"publishingPrinciples":"https:\/\/talkpal.ai\/publishing-principles\/","actionableFeedbackPolicy":"https:\/\/talkpal.ai\/actionable-feedback-policy\/","correctionsPolicy":"https:\/\/talkpal.ai\/corrections-policy\/","ethicsPolicy":"https:\/\/talkpal.ai\/ethics-policy\/","diversityPolicy":"https:\/\/talkpal.ai\/diversity-policy\/","diversityStaffingReport":"https:\/\/talkpal.ai\/diversity-policy\/"}]}},"_links":{"self":[{"href":"https:\/\/talkpal.ai\/fi\/wp-json\/wp\/v2\/pages\/153765","targetHints":{"allow":["GET"]}}],"collection":[{"href":"https:\/\/talkpal.ai\/fi\/wp-json\/wp\/v2\/pages"}],"about":[{"href":"https:\/\/talkpal.ai\/fi\/wp-json\/wp\/v2\/types\/page"}],"author":[{"embeddable":true,"href":"https:\/\/talkpal.ai\/fi\/wp-json\/wp\/v2\/users\/1"}],"replies":[{"embeddable":true,"href":"https:\/\/talkpal.ai\/fi\/wp-json\/wp\/v2\/comments?post=153765"}],"version-history":[{"count":0,"href":"https:\/\/talkpal.ai\/fi\/wp-json\/wp\/v2\/pages\/153765\/revisions"}],"wp:featuredmedia":[{"embeddable":true,"href":"https:\/\/talkpal.ai\/fi\/wp-json\/wp\/v2\/media\/28683"}],"wp:attachment":[{"href":"https:\/\/talkpal.ai\/fi\/wp-json\/wp\/v2\/media?parent=153765"}],"curies":[{"name":"wp","href":"https:\/\/api.w.org\/{rel}","templated":true}]}}