{"id":153444,"date":"2023-05-14T14:24:42","date_gmt":"2023-05-14T14:24:42","guid":{"rendered":"http:\/\/talkpal.ai\/thaimaan-kielioppi\/"},"modified":"2025-12-13T15:48:52","modified_gmt":"2025-12-13T15:48:52","slug":"thaimaan-kielioppi","status":"publish","type":"page","link":"https:\/\/talkpal.ai\/fi\/thaimaan-kielioppi\/","title":{"rendered":"Thaimaan kielioppi"},"content":{"rendered":"\r\n\r\n\r\n<section class=\"languageChallengeSection\">\r\n    <div class=\"languageInfoWrapper\">\r\n        \r\n        <h1>Thaimaan kielioppi<\/h1>\r\n        <p>Opettele thain kielioppia ja koe loogisen ja ilmeikk\u00e4\u00e4n kielen kauneus. Aloita matkasi ja avaa ovi kiehtovaan tapaan ajatella ja puhua!<\/p>\r\n\r\n                            <a class=\"getStartedHidden\" href=\"https:\/\/app.talkpal.ai\/fi\/signup?lng=\">Aloita<\/a>\r\n        \r\n    <\/div>\r\n\r\n    <figure>\r\n    <img decoding=\"async\" width=\"768\" height=\"768\" src=\"https:\/\/talkpal.ai\/wp-content\/uploads\/2023\/06\/thai-768x768.png\" class=\"languageImage no-lazy\" alt=\"Default alt text\" fetchpriority=\"high\" sizes=\"(max-width: 768px) 150px, 768px\" srcset=\"https:\/\/talkpal.ai\/wp-content\/uploads\/2023\/06\/thai-768x768.png 768w, https:\/\/talkpal.ai\/wp-content\/uploads\/2023\/06\/thai-300x300.png 300w\" \/>\r\n    \r\n\r\n    <\/figure>\r\n\r\n            <a class=\"getStartedVisible\" href=\"https:\/\/app.talkpal.ai\/fi\/signup?lng=\">Aloita<\/a>\r\n    \r\n<\/section>\r\n        <section class=\"grammarSection\">\r\n            <div class=\"grammarLinks\">\r\n                <a href=\"https:\/\/talkpal.ai\/fi\/language\/adjektiivit-thain-kielioppi\/\">Adjektiivit <\/a><a href=\"https:\/\/talkpal.ai\/fi\/language\/adverbit-thain-kielioppi\/\">Adverbit <\/a><a href=\"https:\/\/talkpal.ai\/fi\/language\/aikamuodot-thain-kielioppi\/\">Aikamuodot <\/a><a href=\"https:\/\/talkpal.ai\/fi\/language\/aikamuotojen-vertailu-thain-kielioppi\/\">Aikamuotojen vertailu <\/a><a href=\"https:\/\/talkpal.ai\/fi\/language\/artikkelit-thain-kielioppi\/\">Artikkelit <\/a><a href=\"https:\/\/talkpal.ai\/fi\/language\/konditionaalit-thain-kielioppi\/\">Konditionaalit <\/a><a href=\"https:\/\/talkpal.ai\/fi\/language\/lauseet-thain-kielioppi\/\">Lauseet <\/a><a href=\"https:\/\/talkpal.ai\/fi\/language\/prepositiot-thain-kielioppi\/\">Prepositiot <\/a><a href=\"https:\/\/talkpal.ai\/fi\/language\/progressiivinen-thain-kielioppi\/\">Progressiivinen <\/a><a href=\"https:\/\/talkpal.ai\/fi\/language\/pronominit-determinerit-thain-kielioppi\/\">Pronominit\/Determinerit <\/a><a href=\"https:\/\/talkpal.ai\/fi\/language\/substantiivit-thain-kielioppi\/\">Substantiivit <\/a><a href=\"https:\/\/talkpal.ai\/fi\/language\/taydellinen-progressiivinen-thaimaan-kielioppi\/\">T\u00e4ydellinen progressiivinen <\/a><a href=\"https:\/\/talkpal.ai\/fi\/language\/verbit-thain-kielioppi\/\">Verbit <\/a>            <\/div>\r\n        <\/section>\r\n    <section class=\"promotionalBanner\">\r\n    <p class=\"promotionalText\">Tehokkain tapa oppia kielt\u00e4<\/p>\r\n    <a class=\"promotionalLink\" href=\"https:\/\/app.talkpal.ai\/fi\/signup?lng=\">Kokeile Talkpal ilmaiseksi<\/a>\r\n<\/section>\n<div class=\"wp-block-group pageContainerStyle\"><div class=\"wp-block-group__inner-container is-layout-constrained wp-block-group-is-layout-constrained\">\n<h2 class=\"wp-block-heading\" id=\"h-thai-grammar-exploring-a-unique-linguistic-world\">Thaimaan kielioppi: ainutlaatuisen kielellisen maailman tutkiminen<\/h2>\n\n\n\n<p><a href=\"https:\/\/talkpal.ai\/thai-grammar\/\">Thaimaalainen kielioppi<\/a> &#8211; n\u00e4enn\u00e4isen arvoituksellinen, eksoottinen ja kiehtova. Kun l\u00e4hdet matkalle opiskelemaan thai-kielt\u00e4, saatat huomata olevasi yll\u00e4tt\u00e4en kiehtonut sen kielioppia. \u00c4lk\u00e4\u00e4 pel\u00e4tk\u00f6, muut kielentutkijat! Olemme t\u00e4\u00e4ll\u00e4 tarjotaksemme opastusta ja tukea t\u00e4ss\u00e4 kiehtovassa seikkailussa!<\/p>\n\n\n\n<p>T\u00e4ss\u00e4 artikkelissa syvennymme thai-kieliopin ydinn\u00e4k\u00f6kohtiin, erittelemme keskeiset k\u00e4sitteet, selit\u00e4mme s\u00e4\u00e4nt\u00f6j\u00e4 ja jopa yksinkertaistamme monimutkaisuutta. Liity meihin, kun nostamme verhon thai-kieliopista ja sytyt\u00e4mme intohimosi t\u00e4t\u00e4 ihanan ainutlaatuista kielt\u00e4 kohtaan!<\/p>\n\n\n\n<h3 class=\"wp-block-heading\" id=\"h-1-nouns-no-plurals-no-genders-no-worries\">1. Substantiivit: ei monikkoja, ei sukupuolia, ei huolia!<\/h3>\n\n\n\n<p>Thaimaan kieliopin kauneus piilee sen yksinkertaisuudessa substantiivien suhteen. Thaimaalaisilla substantiiveilla ei ole sukupuoli- tai monikkomuotoja, joten niit\u00e4 on helppo k\u00e4ytt\u00e4\u00e4 ja ymm\u00e4rt\u00e4\u00e4. Jos haluat ilmaista monikollisuutta, lis\u00e4\u00e4 yksinkertaisesti m\u00e4\u00e4r\u00e4llinen sana, kuten &#8221;monta&#8221; (\u0e21\u0e32\u0e01, m\u00e2ak) tai &#8221;jotkut&#8221; (\u0e1a\u0e49\u0e32\u0e07, b\u00e2ang), tai toista substantiivi monikollisen merkityksen korostamiseksi.<\/p>\n\n\n\n<h3 class=\"wp-block-heading\" id=\"h-2-pronouns-choose-wisely-based-on-politeness\">2. Pronominit: valitse viisaasti kohteliaisuuden perusteella<\/h3>\n\n\n\n<p>Sopivan pronominin valinta on v\u00e4ltt\u00e4m\u00e4t\u00f6nt\u00e4 thai-kieliopissa kunnioituksen ja n\u00f6yryyden osoittamiseksi. Thaimaalaiset pronominit vaihtelevat puhujan ja kuulijan sukupuolen, i\u00e4n ja suhteen mukaan. Esimerkiksi &#8221;\u0e09\u0e31\u0e19&#8221; (ch\u0103n) on yleinen ep\u00e4virallinen ensimm\u00e4isen persoonan pronomini, kun taas &#8221;\u0e1c\u0e21&#8221; (p\u014fm) on usein miesten k\u00e4ytt\u00e4m\u00e4 muodollisemmissa tilanteissa.<\/p>\n\n\n\n<p>Jos haluat olla kohteliaampi, k\u00e4yt\u00e4 &#8221;\u0e04\u0e38\u0e13&#8221; (kun) sanasta &#8221;sin\u00e4&#8221; ja &#8221;\u0e40\u0e02\u0e32&#8221; (k\u0103o) sanasta &#8221;h\u00e4n&#8221;.<\/p>\n\n\n\n<h3 class=\"wp-block-heading\" id=\"h-3-verbs-no-conjugation-or-tenses-only-particles\">3. Verbit: ei taivutusta tai aikamuotoja, vain hiukkasia<\/h3>\n\n\n\n<p>Thaimaan kieliopissa verbit pysyv\u00e4t muuttumattomina aikamuodosta, mielialasta tai aiheesta riippumatta. Sen sijaan <a href=\"https:\/\/talkpal.ai\/learn-thai\/\">thai<\/a> luottaa yksinkertaisiin sanoihin, joita kutsutaan hiukkasiksi, osoittamaan lauseen aikamuotoa tai asennetta. N\u00e4m\u00e4 hiukkaset sijoitetaan lauseen loppuun.<\/p>\n\n\n\n<p>Esimerkiksi partikkeli &#8221;\u0e41\u0e25\u0e49\u0e27&#8221; (l\u00e1ew) ilmaisee mennytt\u00e4 aikaa tai p\u00e4\u00e4ttynytt\u00e4 toimintaa, ja &#8221;\u0e01\u0e33\u0e25\u0e31\u0e07&#8221; (gam-lang) ilmaisee k\u00e4ynniss\u00e4 olevaa toimintaa. Siksi &#8221;\u0e40\u0e02\u0e32\u0e01\u0e34\u0e19&#8221; (k\u0103o gin) tarkoittaa &#8221;h\u00e4n sy\u00f6&#8221;, kun taas &#8221;\u0e40\u0e02\u0e32\u0e01\u0e34\u0e19\u0e41\u0e25\u0e49\u0e27&#8221; (k\u0103o gin l\u00e1ew) tarkoittaa &#8221;h\u00e4n s\u00f6i&#8221;.<\/p>\n\n\n\n<h3 class=\"wp-block-heading\" id=\"h-4-sentence-structure-clear-and-straightforward\">4. Lauserakenne: selke\u00e4 ja suoraviivainen<\/h3>\n\n\n\n<p>Thaimaan kielioppi noudattaa englannin kaltaista SVO (Subject-Verb-Object) -lauserakennetta, mik\u00e4 yksinkertaistaa englannin ymm\u00e4rt\u00e4mist\u00e4. P\u00e4\u00e4s\u00e4\u00e4nt\u00f6 on, ett\u00e4 adjektiivit, <a href=\"https:\/\/talkpal.ai\/fi\/grammar\/paikan-tsekin-kielioppi-adverbit\/\">adverbit<\/a> ja muut kuvaavat sanat seuraavat kuvaamaansa substantiivia tai verbi\u00e4.<\/p>\n\n\n\n<p>Esimerkiksi &#8221;\u0e1c\u0e21\u0e0a\u0e2d\u0e1a\u0e2b\u0e19\u0e31\u0e07\u0e2a\u0e37\u0e2d\u0e19\u0e35\u0e49&#8221; (p\u014fm ch\u00e2wp n\u0103ng s\u011bu n\u00e9e) tarkoittaa &#8221;min\u00e4 (subjekti) pid\u00e4n (verbi) t\u00e4st\u00e4 kirjasta (objekti)&#8221;.<\/p>\n\n\n\n<h3 class=\"wp-block-heading\" id=\"h-5-immerse-yourself-in-thai-practice-makes-perfect\">5. Uppoudu thaimaalaiseen kieleen: harjoitus tekee mestarin<\/h3>\n\n\n\n<p>Thaimaan kieliopin ymm\u00e4rt\u00e4minen ja hallitseminen voi aluksi tuntua haastavalta, mutta t\u00e4rkeint\u00e4 on sinnikkyys ja johdonmukainen harjoittelu. K\u00e4yt\u00e4 kaikkia aistejasi uppoutumalla kieleen, lukemalla, kirjoittamalla, kuuntelemalla ja keskustelemalla \u00e4idinkielen\u00e4\u00e4n puhuvien kanssa. Mit\u00e4 enemm\u00e4n altistut thain kieliopille, sit\u00e4 enemm\u00e4n n\u00e4m\u00e4 eksoottiset k\u00e4sitteet tuntuvat tutuilta ja mukavilta.<\/p>\n\n\n\n<p>Joten, oletko valmis sukeltamaan thai-kieliopin kiehtovaan maailmaan? Ota vastaan haaste ja thai-kieliopin ainutlaatuiset ominaisuudet, ja ajan, omistautumisen ja seikkailun tunteen avulla voit avata thai-kielen kiehtovan kauneuden.<\/p>\n<\/div><\/div>\n\r\n<section class=\"learnNavigationSection\">\r\n            \r\n        <a href=\"https:\/\/talkpal.ai\/fi\/opi-thai\/\">\r\n            <div class=\"learnNavigationWrapper\">\r\n                <div class=\"learnNavigationContent\">\r\n                    <img decoding=\"async\" src=\"https:\/\/talkpal.ai\/wp-content\/uploads\/2024\/08\/Thai.jpg\" alt=\"Thai Flag\">\r\n                    <div>\r\n                        <h4>Tietoja thaimaalaisesta oppimisesta<\/h4>\r\n                        <p>Tutustu thaimaalaiseen kielioppiin.<\/p>\r\n                    <\/div>\r\n                <\/div>\r\n            <\/div>\r\n        <\/a>\r\n\r\n        \r\n        <a href=\"https:\/\/talkpal.ai\/fi\/thaimaan-kielioppiharjoitukset\/\">\r\n            <div class=\"learnNavigationWrapper\">\r\n                <div class=\"learnNavigationContent\">\r\n                    <img decoding=\"async\" src=\"https:\/\/talkpal.ai\/wp-content\/uploads\/2024\/08\/Thai.jpg\" alt=\"Thai Flag\">\r\n                    <div>\r\n                        <h4>Thai kielioppi Harjoitus<\/h4>\r\n                        <p>Harjoittele thai-kielioppia .<\/p>\r\n                    <\/div>\r\n                <\/div>\r\n            <\/div>\r\n        <\/a>\r\n\r\n        \r\n        <a href=\"https:\/\/talkpal.ai\/vocabulary_language\/thai\/\">\r\n            <div class=\"learnNavigationWrapper\">\r\n                <div class=\"learnNavigationContent\">\r\n                    <img decoding=\"async\" src=\"https:\/\/talkpal.ai\/wp-content\/uploads\/2024\/08\/Thai.jpg\" alt=\"Thai Flag\">\r\n                    <div>\r\n                        <h4>Thai sanastoa<\/h4>\r\n                        <p>Laajenna thaimaalaista sanavarastoasi.<\/p>\r\n                    <\/div>\r\n                <\/div>\r\n            <\/div>\r\n        <\/a>\r\n\r\n            <\/section>","protected":false},"excerpt":{"rendered":"<p>Thaimaan kielioppi: ainutlaatuisen kielellisen maailman tutkiminen Thaimaalainen kielioppi &#8211; n\u00e4enn\u00e4isen arvoituksellinen, eksoottinen ja kiehtova. Kun l\u00e4hdet matkalle opiskelemaan thai-kielt\u00e4, saatat huomata olevasi yll\u00e4tt\u00e4en kiehtonut sen kielioppia. \u00c4lk\u00e4\u00e4 pel\u00e4tk\u00f6, muut kielentutkijat! Olemme t\u00e4\u00e4ll\u00e4 tarjotaksemme opastusta ja tukea t\u00e4ss\u00e4 kiehtovassa seikkailussa! T\u00e4ss\u00e4 artikkelissa syvennymme thai-kieliopin ydinn\u00e4k\u00f6kohtiin, erittelemme keskeiset k\u00e4sitteet, selit\u00e4mme s\u00e4\u00e4nt\u00f6j\u00e4 ja jopa yksinkertaistamme monimutkaisuutta. Liity meihin, [&hellip;]<\/p>\n","protected":false},"author":1,"featured_media":28731,"parent":0,"menu_order":0,"comment_status":"closed","ping_status":"closed","template":"LearningContentPage.php","meta":{"_acf_changed":false,"footnotes":""},"class_list":["post-153444","page","type-page","status-publish","has-post-thumbnail","hentry"],"acf":[],"yoast_head":"<!-- This site is optimized with the Yoast SEO Premium plugin v27.2 (Yoast SEO v27.2) - https:\/\/yoast.com\/product\/yoast-seo-premium-wordpress\/ -->\n<title>Thaimaan kielioppi - Talkpal<\/title>\n<meta name=\"description\" content=\"Tutustu thaimaalaisen kieliopin kiehtovaan maailmaan. Tutustu sen yksinkertaisuuteen ja ainutlaatuisiin ominaisuuksiin, jotka tekev\u00e4t oppimisesta nautinnollista.\" \/>\n<meta name=\"robots\" content=\"index, follow, max-snippet:-1, max-image-preview:large, max-video-preview:-1\" \/>\n<link rel=\"canonical\" href=\"https:\/\/talkpal.ai\/fi\/thaimaan-kielioppi\/\" \/>\n<meta property=\"og:locale\" content=\"fi_FI\" \/>\n<meta property=\"og:type\" content=\"article\" \/>\n<meta property=\"og:title\" content=\"Thaimaan kielioppi\" \/>\n<meta property=\"og:description\" content=\"Thaimaan kielioppi: ainutlaatuisen kielellisen maailman tutkiminen Thaimaalainen kielioppi - n\u00e4enn\u00e4isen arvoituksellinen, eksoottinen ja kiehtova. Kun\" \/>\n<meta property=\"og:url\" content=\"https:\/\/talkpal.ai\/fi\/thaimaan-kielioppi\/\" \/>\n<meta property=\"og:site_name\" content=\"Talkpal\" \/>\n<meta property=\"article:publisher\" content=\"https:\/\/www.facebook.com\/profile.php?id=100090733639311\" \/>\n<meta property=\"article:modified_time\" content=\"2025-12-13T15:48:52+00:00\" \/>\n<meta property=\"og:image\" content=\"https:\/\/talkpal.ai\/wp-content\/uploads\/2023\/05\/thailand.png\" \/>\n\t<meta property=\"og:image:width\" content=\"512\" \/>\n\t<meta property=\"og:image:height\" content=\"512\" \/>\n\t<meta property=\"og:image:type\" content=\"image\/png\" \/>\n<meta name=\"twitter:card\" content=\"summary_large_image\" \/>\n<meta name=\"twitter:site\" content=\"@talkpalai\" \/>\n<meta name=\"twitter:label1\" content=\"Arvioitu lukuaika\" \/>\n\t<meta name=\"twitter:data1\" content=\"2 minuuttia\" \/>\n<script type=\"application\/ld+json\" class=\"yoast-schema-graph\">{\"@context\":\"https:\/\/schema.org\",\"@graph\":[{\"@type\":\"WebPage\",\"@id\":\"https:\/\/talkpal.ai\/fi\/thaimaan-kielioppi\/\",\"url\":\"https:\/\/talkpal.ai\/fi\/thaimaan-kielioppi\/\",\"name\":\"Thaimaan kielioppi - Talkpal\",\"isPartOf\":{\"@id\":\"https:\/\/talkpal.ai\/fi\/#website\"},\"primaryImageOfPage\":{\"@id\":\"https:\/\/talkpal.ai\/fi\/thaimaan-kielioppi\/#primaryimage\"},\"image\":{\"@id\":\"https:\/\/talkpal.ai\/fi\/thaimaan-kielioppi\/#primaryimage\"},\"thumbnailUrl\":\"https:\/\/talkpal.ai\/wp-content\/uploads\/2023\/05\/thailand.png\",\"datePublished\":\"2023-05-14T14:24:42+00:00\",\"dateModified\":\"2025-12-13T15:48:52+00:00\",\"description\":\"Tutustu thaimaalaisen kieliopin kiehtovaan maailmaan. Tutustu sen yksinkertaisuuteen ja ainutlaatuisiin ominaisuuksiin, jotka tekev\u00e4t oppimisesta nautinnollista.\",\"breadcrumb\":{\"@id\":\"https:\/\/talkpal.ai\/fi\/thaimaan-kielioppi\/#breadcrumb\"},\"inLanguage\":\"fi\",\"potentialAction\":[{\"@type\":\"ReadAction\",\"target\":[\"https:\/\/talkpal.ai\/fi\/thaimaan-kielioppi\/\"]}]},{\"@type\":\"ImageObject\",\"inLanguage\":\"fi\",\"@id\":\"https:\/\/talkpal.ai\/fi\/thaimaan-kielioppi\/#primaryimage\",\"url\":\"https:\/\/talkpal.ai\/wp-content\/uploads\/2023\/05\/thailand.png\",\"contentUrl\":\"https:\/\/talkpal.ai\/wp-content\/uploads\/2023\/05\/thailand.png\",\"width\":512,\"height\":512},{\"@type\":\"BreadcrumbList\",\"@id\":\"https:\/\/talkpal.ai\/fi\/thaimaan-kielioppi\/#breadcrumb\",\"itemListElement\":[{\"@type\":\"ListItem\",\"position\":1,\"name\":\"Homepage\",\"item\":\"https:\/\/talkpal.ai\/fi\/\"},{\"@type\":\"ListItem\",\"position\":2,\"name\":\"Thaimaan kielioppi\"}]},{\"@type\":\"WebSite\",\"@id\":\"https:\/\/talkpal.ai\/fi\/#website\",\"url\":\"https:\/\/talkpal.ai\/fi\/\",\"name\":\"Talkpal\",\"description\":\"AI Language Learning\",\"publisher\":{\"@id\":\"https:\/\/talkpal.ai\/fi\/#organization\"},\"alternateName\":\"Talkpal AI\",\"potentialAction\":[{\"@type\":\"SearchAction\",\"target\":{\"@type\":\"EntryPoint\",\"urlTemplate\":\"https:\/\/talkpal.ai\/fi\/?s={search_term_string}\"},\"query-input\":{\"@type\":\"PropertyValueSpecification\",\"valueRequired\":true,\"valueName\":\"search_term_string\"}}],\"inLanguage\":\"fi\"},{\"@type\":\"Organization\",\"@id\":\"https:\/\/talkpal.ai\/fi\/#organization\",\"name\":\"Talkpal, Inc.\",\"alternateName\":\"Talkpal AI\",\"url\":\"https:\/\/talkpal.ai\/fi\/\",\"logo\":{\"@type\":\"ImageObject\",\"inLanguage\":\"fi\",\"@id\":\"https:\/\/talkpal.ai\/fi\/#\/schema\/logo\/image\/\",\"url\":\"https:\/\/talkpal.ai\/wp-content\/uploads\/2024\/03\/Talkpal-Logo-Icon.png\",\"contentUrl\":\"https:\/\/talkpal.ai\/wp-content\/uploads\/2024\/03\/Talkpal-Logo-Icon.png\",\"width\":2880,\"height\":2880,\"caption\":\"Talkpal, Inc.\"},\"image\":{\"@id\":\"https:\/\/talkpal.ai\/fi\/#\/schema\/logo\/image\/\"},\"sameAs\":[\"https:\/\/www.facebook.com\/profile.php?id=100090733639311\",\"https:\/\/x.com\/talkpalai\",\"https:\/\/www.linkedin.com\/company\/talkpal\/\",\"https:\/\/www.youtube.com\/@TalkPal\/\",\"https:\/\/www.tiktok.com\/@talkpal\",\"https:\/\/www.instagram.com\/talkpal_ai\/\",\"https:\/\/www.crunchbase.com\/organization\/talkpal-9cde\",\"https:\/\/www.g2.com\/products\/talkpal-for-business\/\",\"https:\/\/www.trustpilot.com\/review\/talkpal.ai\",\"https:\/\/www.capterra.com\/p\/10006800\/TalkPal\/\"],\"description\":\"Talkpal is a language learning web and mobile education app, powered by the latest AI technologies, that provides engaging experiences to its customers in many different languages to help them improve their language skills. Users can chat about unlimited amount of topics with the app and use other modes to practice their language learning.\",\"email\":\"support@talkpal.ai\",\"legalName\":\"Talkpal, Inc.\",\"foundingDate\":\"2023-04-03\",\"duns\":\"118989042\",\"numberOfEmployees\":{\"@type\":\"QuantitativeValue\",\"minValue\":\"11\",\"maxValue\":\"50\"},\"publishingPrinciples\":\"https:\/\/talkpal.ai\/publishing-principles\/\",\"actionableFeedbackPolicy\":\"https:\/\/talkpal.ai\/actionable-feedback-policy\/\",\"correctionsPolicy\":\"https:\/\/talkpal.ai\/corrections-policy\/\",\"ethicsPolicy\":\"https:\/\/talkpal.ai\/ethics-policy\/\",\"diversityPolicy\":\"https:\/\/talkpal.ai\/diversity-policy\/\",\"diversityStaffingReport\":\"https:\/\/talkpal.ai\/diversity-policy\/\"}]}<\/script>\n<!-- \/ Yoast SEO Premium plugin. -->","yoast_head_json":{"title":"Thaimaan kielioppi - Talkpal","description":"Tutustu thaimaalaisen kieliopin kiehtovaan maailmaan. Tutustu sen yksinkertaisuuteen ja ainutlaatuisiin ominaisuuksiin, jotka tekev\u00e4t oppimisesta nautinnollista.","robots":{"index":"index","follow":"follow","max-snippet":"max-snippet:-1","max-image-preview":"max-image-preview:large","max-video-preview":"max-video-preview:-1"},"canonical":"https:\/\/talkpal.ai\/fi\/thaimaan-kielioppi\/","og_locale":"fi_FI","og_type":"article","og_title":"Thaimaan kielioppi","og_description":"Thaimaan kielioppi: ainutlaatuisen kielellisen maailman tutkiminen Thaimaalainen kielioppi - n\u00e4enn\u00e4isen arvoituksellinen, eksoottinen ja kiehtova. Kun","og_url":"https:\/\/talkpal.ai\/fi\/thaimaan-kielioppi\/","og_site_name":"Talkpal","article_publisher":"https:\/\/www.facebook.com\/profile.php?id=100090733639311","article_modified_time":"2025-12-13T15:48:52+00:00","og_image":[{"width":512,"height":512,"url":"https:\/\/talkpal.ai\/wp-content\/uploads\/2023\/05\/thailand.png","type":"image\/png"}],"twitter_card":"summary_large_image","twitter_site":"@talkpalai","twitter_misc":{"Arvioitu lukuaika":"2 minuuttia"},"schema":{"@context":"https:\/\/schema.org","@graph":[{"@type":"WebPage","@id":"https:\/\/talkpal.ai\/fi\/thaimaan-kielioppi\/","url":"https:\/\/talkpal.ai\/fi\/thaimaan-kielioppi\/","name":"Thaimaan kielioppi - Talkpal","isPartOf":{"@id":"https:\/\/talkpal.ai\/fi\/#website"},"primaryImageOfPage":{"@id":"https:\/\/talkpal.ai\/fi\/thaimaan-kielioppi\/#primaryimage"},"image":{"@id":"https:\/\/talkpal.ai\/fi\/thaimaan-kielioppi\/#primaryimage"},"thumbnailUrl":"https:\/\/talkpal.ai\/wp-content\/uploads\/2023\/05\/thailand.png","datePublished":"2023-05-14T14:24:42+00:00","dateModified":"2025-12-13T15:48:52+00:00","description":"Tutustu thaimaalaisen kieliopin kiehtovaan maailmaan. Tutustu sen yksinkertaisuuteen ja ainutlaatuisiin ominaisuuksiin, jotka tekev\u00e4t oppimisesta nautinnollista.","breadcrumb":{"@id":"https:\/\/talkpal.ai\/fi\/thaimaan-kielioppi\/#breadcrumb"},"inLanguage":"fi","potentialAction":[{"@type":"ReadAction","target":["https:\/\/talkpal.ai\/fi\/thaimaan-kielioppi\/"]}]},{"@type":"ImageObject","inLanguage":"fi","@id":"https:\/\/talkpal.ai\/fi\/thaimaan-kielioppi\/#primaryimage","url":"https:\/\/talkpal.ai\/wp-content\/uploads\/2023\/05\/thailand.png","contentUrl":"https:\/\/talkpal.ai\/wp-content\/uploads\/2023\/05\/thailand.png","width":512,"height":512},{"@type":"BreadcrumbList","@id":"https:\/\/talkpal.ai\/fi\/thaimaan-kielioppi\/#breadcrumb","itemListElement":[{"@type":"ListItem","position":1,"name":"Homepage","item":"https:\/\/talkpal.ai\/fi\/"},{"@type":"ListItem","position":2,"name":"Thaimaan kielioppi"}]},{"@type":"WebSite","@id":"https:\/\/talkpal.ai\/fi\/#website","url":"https:\/\/talkpal.ai\/fi\/","name":"Talkpal","description":"AI Language Learning","publisher":{"@id":"https:\/\/talkpal.ai\/fi\/#organization"},"alternateName":"Talkpal AI","potentialAction":[{"@type":"SearchAction","target":{"@type":"EntryPoint","urlTemplate":"https:\/\/talkpal.ai\/fi\/?s={search_term_string}"},"query-input":{"@type":"PropertyValueSpecification","valueRequired":true,"valueName":"search_term_string"}}],"inLanguage":"fi"},{"@type":"Organization","@id":"https:\/\/talkpal.ai\/fi\/#organization","name":"Talkpal, Inc.","alternateName":"Talkpal AI","url":"https:\/\/talkpal.ai\/fi\/","logo":{"@type":"ImageObject","inLanguage":"fi","@id":"https:\/\/talkpal.ai\/fi\/#\/schema\/logo\/image\/","url":"https:\/\/talkpal.ai\/wp-content\/uploads\/2024\/03\/Talkpal-Logo-Icon.png","contentUrl":"https:\/\/talkpal.ai\/wp-content\/uploads\/2024\/03\/Talkpal-Logo-Icon.png","width":2880,"height":2880,"caption":"Talkpal, Inc."},"image":{"@id":"https:\/\/talkpal.ai\/fi\/#\/schema\/logo\/image\/"},"sameAs":["https:\/\/www.facebook.com\/profile.php?id=100090733639311","https:\/\/x.com\/talkpalai","https:\/\/www.linkedin.com\/company\/talkpal\/","https:\/\/www.youtube.com\/@TalkPal\/","https:\/\/www.tiktok.com\/@talkpal","https:\/\/www.instagram.com\/talkpal_ai\/","https:\/\/www.crunchbase.com\/organization\/talkpal-9cde","https:\/\/www.g2.com\/products\/talkpal-for-business\/","https:\/\/www.trustpilot.com\/review\/talkpal.ai","https:\/\/www.capterra.com\/p\/10006800\/TalkPal\/"],"description":"Talkpal is a language learning web and mobile education app, powered by the latest AI technologies, that provides engaging experiences to its customers in many different languages to help them improve their language skills. Users can chat about unlimited amount of topics with the app and use other modes to practice their language learning.","email":"support@talkpal.ai","legalName":"Talkpal, Inc.","foundingDate":"2023-04-03","duns":"118989042","numberOfEmployees":{"@type":"QuantitativeValue","minValue":"11","maxValue":"50"},"publishingPrinciples":"https:\/\/talkpal.ai\/publishing-principles\/","actionableFeedbackPolicy":"https:\/\/talkpal.ai\/actionable-feedback-policy\/","correctionsPolicy":"https:\/\/talkpal.ai\/corrections-policy\/","ethicsPolicy":"https:\/\/talkpal.ai\/ethics-policy\/","diversityPolicy":"https:\/\/talkpal.ai\/diversity-policy\/","diversityStaffingReport":"https:\/\/talkpal.ai\/diversity-policy\/"}]}},"_links":{"self":[{"href":"https:\/\/talkpal.ai\/fi\/wp-json\/wp\/v2\/pages\/153444","targetHints":{"allow":["GET"]}}],"collection":[{"href":"https:\/\/talkpal.ai\/fi\/wp-json\/wp\/v2\/pages"}],"about":[{"href":"https:\/\/talkpal.ai\/fi\/wp-json\/wp\/v2\/types\/page"}],"author":[{"embeddable":true,"href":"https:\/\/talkpal.ai\/fi\/wp-json\/wp\/v2\/users\/1"}],"replies":[{"embeddable":true,"href":"https:\/\/talkpal.ai\/fi\/wp-json\/wp\/v2\/comments?post=153444"}],"version-history":[{"count":0,"href":"https:\/\/talkpal.ai\/fi\/wp-json\/wp\/v2\/pages\/153444\/revisions"}],"wp:featuredmedia":[{"embeddable":true,"href":"https:\/\/talkpal.ai\/fi\/wp-json\/wp\/v2\/media\/28731"}],"wp:attachment":[{"href":"https:\/\/talkpal.ai\/fi\/wp-json\/wp\/v2\/media?parent=153444"}],"curies":[{"name":"wp","href":"https:\/\/api.w.org\/{rel}","templated":true}]}}