{"id":153138,"date":"2023-05-14T14:23:49","date_gmt":"2023-05-14T14:23:49","guid":{"rendered":"http:\/\/talkpal.ai\/turkin-kielioppi\/"},"modified":"2025-12-13T15:57:05","modified_gmt":"2025-12-13T15:57:05","slug":"turkin-kielioppi","status":"publish","type":"page","link":"https:\/\/talkpal.ai\/fi\/turkin-kielioppi\/","title":{"rendered":"Turkin kielioppi"},"content":{"rendered":"\r\n\r\n\r\n<section class=\"languageChallengeSection\">\r\n    <div class=\"languageInfoWrapper\">\r\n        \r\n        <h1>Turkin kielioppi<\/h1>\r\n        <p>Oletko utelias oppimaan turkkia? Tutustu turkkilaiseen kielioppiin ja huomaa, miten sen looginen rakenne, vokaalien harmonia ja helposti seurattavat verbikuviot tekev\u00e4t siit\u00e4 sek\u00e4 kiehtovan ett\u00e4 helposti l\u00e4hestytt\u00e4v\u00e4n. Aloita matkasi jo t\u00e4n\u00e4\u00e4n &#8211; turkkilaisen kieliopin hallitseminen on avaimesi sujuvaan kommunikointiin ja kulttuurin ja yhteyksien elinvoimaisen maailman avaamiseen!<\/p>\r\n\r\n                            <a class=\"getStartedHidden\" href=\"https:\/\/app.talkpal.ai\/fi\/signup?lng=\">Aloita<\/a>\r\n        \r\n    <\/div>\r\n\r\n    <figure>\r\n    <img decoding=\"async\" width=\"768\" height=\"768\" src=\"https:\/\/talkpal.ai\/wp-content\/uploads\/2023\/06\/turkish-768x768.png\" class=\"languageImage no-lazy\" alt=\"Default alt text\" fetchpriority=\"high\" sizes=\"(max-width: 768px) 150px, 768px\" srcset=\"https:\/\/talkpal.ai\/wp-content\/uploads\/2023\/06\/turkish-768x768.png 768w, https:\/\/talkpal.ai\/wp-content\/uploads\/2023\/06\/turkish-300x300.png 300w\" \/>\r\n    \r\n\r\n    <\/figure>\r\n\r\n            <a class=\"getStartedVisible\" href=\"https:\/\/app.talkpal.ai\/fi\/signup?lng=\">Aloita<\/a>\r\n    \r\n<\/section>\r\n        <section class=\"grammarSection\">\r\n            <div class=\"grammarLinks\">\r\n                <a href=\"https:\/\/talkpal.ai\/fi\/language\/adjektiivit-turkin-kielioppi\/\">Adjektiivit <\/a><a href=\"https:\/\/talkpal.ai\/fi\/language\/adverbit-turkin-kielioppi\/\">Adverbit <\/a><a href=\"https:\/\/talkpal.ai\/fi\/language\/aikamuodot-turkin-kielioppi\/\">Aikamuodot <\/a><a href=\"https:\/\/talkpal.ai\/fi\/language\/aikamuotojen-vertailu-turkin-kielioppi\/\">Aikamuotojen vertailu <\/a><a href=\"https:\/\/talkpal.ai\/fi\/language\/artikkelit-turkin-kielioppi\/\">Artikkelit <\/a><a href=\"https:\/\/talkpal.ai\/fi\/language\/konditionaalit-turkin-kielioppi\/\">Konditionaalit <\/a><a href=\"https:\/\/talkpal.ai\/fi\/language\/lauseet-turkin-kielioppi\/\">Lauseet <\/a><a href=\"https:\/\/talkpal.ai\/fi\/language\/prepositiot-turkin-kielioppi\/\">Prepositiot <\/a><a href=\"https:\/\/talkpal.ai\/fi\/language\/progressiivinen-turkin-kielioppi\/\">Progressiivinen <\/a><a href=\"https:\/\/talkpal.ai\/fi\/language\/pronominit-determinerit-turkin-kielioppi\/\">Pronominit\/Determinerit <\/a><a href=\"https:\/\/talkpal.ai\/fi\/language\/substantiivit-turkin-kielioppi\/\">Substantiivit <\/a><a href=\"https:\/\/talkpal.ai\/fi\/language\/taydellinen-progressiivinen-turkin-kielioppi\/\">T\u00e4ydellinen progressiivinen <\/a><a href=\"https:\/\/talkpal.ai\/fi\/language\/verbit-turkin-kielioppi\/\">Verbit <\/a>            <\/div>\r\n        <\/section>\r\n    <section class=\"promotionalBanner\">\r\n    <p class=\"promotionalText\">Tehokkain tapa oppia kielt\u00e4<\/p>\r\n    <a class=\"promotionalLink\" href=\"https:\/\/app.talkpal.ai\/fi\/signup?lng=\">Kokeile Talkpal ilmaiseksi<\/a>\r\n<\/section>\n<div class=\"wp-block-group pageContainerStyle\"><div class=\"wp-block-group__inner-container is-layout-constrained wp-block-group-is-layout-constrained\">\n<h2 class=\"wp-block-heading\" id=\"h-the-ultimate-guide-to-turkish-grammar-navigating-the-intricacies-of-a-unique-language\">Lopullinen opas turkin kielioppiin: navigointi ainutlaatuisen kielen monimutkaisuuksissa<\/h2>\n\n\n\n<p><a href=\"https:\/\/talkpal.ai\/fi\/grammar\/paikan-adverbit-turkin-kielioppissa\/\">Turkin kielioppi<\/a>, kuten itse kieli, esittelee rikkaan ja kiehtovan kielellisten elementtien kudelman. Turkkilaisen kieliperheen j\u00e4senen\u00e4 turkki kiehtoo oppijoita monipuolisilla ominaisuuksillaan ja haastaa taitavimmatkin puhujat. T\u00e4ss\u00e4 oppaassa selvit\u00e4mme turkkilaisen kieliopin keskeiset periaatteet, selvit\u00e4mme sen monimutkaisuutta ja tuemme sinua matkallasi kohti t\u00e4m\u00e4n kiehtovan kielen sujuvuutta. Aloitetaan!<\/p>\n\n\n\n<h3 class=\"wp-block-heading\" id=\"h-the-nuts-and-bolts-turkish-sentence-structure\">Mutterit ja pultit: turkkilainen lauserakenne<\/h3>\n\n\n\n<p>Turkin kielioppi on pohjimmiltaan melko suoraviivaista. Kieli noudattaa yleens\u00e4 subjekti-objekti-verbi (SOV) -lauserakennetta, toisin kuin <a href=\"https:\/\/talkpal.ai\/learn-english-with-ai\/\">englanti<\/a> ja monet muut kielet. Esimerkiksi lause &#8221;Sy\u00f6n omenan&#8221; k\u00e4\u00e4ntyy muotoon &#8221;Ben elma yiyorum&#8221; (Ben = min\u00e4, elma = omena, yiyorum = sy\u00f6d\u00e4). Yksinkertaista, eik\u00f6? Kun kaivamme kuitenkin syvemm\u00e4lle, t\u00f6rm\u00e4\u00e4mme joihinkin turkkilaisen kieliopin kiehtoviin ja omaleimaisiin piirteisiin.<\/p>\n\n\n\n<h3 class=\"wp-block-heading\" id=\"h-meet-the-family-turkish-nouns-and-their-suffixes\">Tapaa perhe: turkkilaiset substantiivit ja niiden j\u00e4lkiliitteet<\/h3>\n\n\n\n<p>Yksi turkkilaisen kieliopin erikoisimmista piirteist\u00e4 on j\u00e4lkiliitteiden k\u00e4ytt\u00f6 erilaisten kieliopillisten suhteiden ilmaisemiseksi. Turkissa ei ole prepositioita; Niiden sijasta substantiiveihin liitet\u00e4\u00e4n j\u00e4lkiliitteit\u00e4 osoittamaan hallussapitoa, suoria esineit\u00e4 ja sijaintia.<\/p>\n\n\n\n<p>Otetaan esimerkiksi sana &#8221;elma&#8221; (elma), joka tarkoittaa &#8221;omenaa&#8221;:<\/p>\n\n\n\n<p><strong>&#8211; Hallussapito: Benim elmam (Omenani)<\/strong><\/p>\n\n\n\n<p><strong>&#8211; Suora objekti: Elmay\u0131 yedim (s\u00f6in omenan).<\/strong><\/p>\n\n\n\n<p><strong>&#8211; Sijainti: Elmada (Omenan luona)<\/strong><\/p>\n\n\n\n<p>On t\u00e4rke\u00e4\u00e4 tutustua n\u00e4ihin suffikseihin, sill\u00e4 ne voivat muuttaa lauseiden merkityst\u00e4 huomattavasti.<\/p>\n\n\n\n<h3 class=\"wp-block-heading\" id=\"h-playing-with-numbers-turkish-plurals-and-genders\">Numeroilla leikkiminen: turkkilaiset monikot ja sukupuolet<\/h3>\n\n\n\n<p>Kun muodostat monikkoa turkiksi, on t\u00e4rke\u00e4\u00e4 lis\u00e4t\u00e4 vain yksi suffiksi: -ler <a href=\"https:\/\/talkpal.ai\/learn-thai\/\">tai<\/a> -lar, riippuen sanan l\u00e4himm\u00e4st\u00e4 vokaalista. Toisin kuin monissa muissa kieliss\u00e4, turkissa ei ole kieliopillista sukupuolta. T\u00e4m\u00e4 tarkoittaa, ett\u00e4 sinun ei tarvitse huolehtia siit\u00e4, ett\u00e4 opettelet eri p\u00e4\u00e4tteit\u00e4 tai muotoja maskuliinisille, feminiinisille tai neutriinisille substantiiveille.<\/p>\n\n\n\n<p>Esimerkiksi &#8221;k\u00f6pek&#8221; (k\u00f6pek, substantiivi, joka tarkoittaa &#8221;koiraa&#8221;) muuttuu &#8221;k\u00f6pekleriksi&#8221; (k\u00f6pekler, koirat), ja &#8221;kedi&#8221; (kedi, substantiivi, joka tarkoittaa &#8221;kissaa&#8221;) muuttuu &#8221;kedileriksi&#8221; (kediler, kissat).<\/p>\n\n\n\n<h3 class=\"wp-block-heading\" id=\"h-the-art-of-conjugation-turkish-verbs\">Konjugaation taito: turkin verbit<\/h3>\n\n\n\n<p>Turkin verbit saattavat aluksi vaikuttaa pelottavilta niiden lukuisten aikamuotojen, tunnelmien ja taivutusten vuoksi. Avain niiden ymm\u00e4rt\u00e4miseen on kuitenkin tunnistaa yleiset mallit ja harjoitella s\u00e4\u00e4nn\u00f6llisesti.<\/p>\n\n\n\n<p>Turkissa verbit k\u00e4ytt\u00e4v\u00e4t erilaisia j\u00e4lkiliitteit\u00e4 osoittamaan j\u00e4nnityst\u00e4, mielialaa ja henkil\u00f6\u00e4. Verbivartalo pysyy muuttumattomana. Otetaan esimerkiksi verbi &#8221;yemek&#8221; (yemek, &#8221;sy\u00f6d\u00e4&#8221;):<\/p>\n\n\n\n<p><strong>Nykyinen jatkuva j\u00e4nnitys: Yiyorum (sy\u00f6n)<\/strong><\/p>\n\n\n\n<p><strong>Mennyt aikamuoto: Yedim (s\u00f6in)<\/strong><\/p>\n\n\n\n<p><strong>Tuleva j\u00e4nnitys: Yiyece\u011fim (sy\u00f6n)<\/strong><\/p>\n\n\n\n<p>Kuten n\u00e4ette, p\u00e4\u00e4tteet muuttuvat j\u00e4nnityksen ja henkil\u00f6n mukaan. Harjoittelemalla ja k\u00e4rsiv\u00e4llisyydell\u00e4 alat tunnistaa kuviot ja voit voittaa t\u00e4m\u00e4n haasteen.<\/p>\n\n\n\n<h3 class=\"wp-block-heading\" id=\"h-the-finishing-touches-turkish-adjectives-adverbs-and-more\">Viimeistely: turkkilaiset adjektiivit, adverbit ja paljon muuta<\/h3>\n\n\n\n<p>Mit\u00e4 tulee turkkilaisiin adjektiiveihin ja adverbeihin, niill\u00e4 on kriittinen rooli puheesi syvyyden ja monimutkaisuuden lis\u00e4\u00e4misess\u00e4. Turkin kielen adjektiivien ei tarvitse olla samaa mielt\u00e4 niiden substantiivien kanssa, joita ne muuttavat, joten niit\u00e4 on helpompi k\u00e4sitell\u00e4 kuin monissa muissa kieliss\u00e4.<\/p>\n\n\n\n<p>Esimerkiksi &#8221;g\u00fczel&#8221; (g\u00fczel) tarkoittaa &#8221;kaunista&#8221;, ja sen voi n\u00e4hd\u00e4 muodossa &#8221;g\u00fczel \u00e7i\u00e7ek&#8221; (g\u00fczel \u00e7i\u00e7ek, &#8221;kaunis kukka&#8221;) tai &#8221;g\u00fczel k\u00f6pek&#8221; (g\u00fczel k\u00f6pek, &#8221;kaunis koira&#8221;), eik\u00e4 monikkoa tai sukupuolta muuteta.<\/p>\n\n\n\n<p><a href=\"https:\/\/talkpal.ai\/fi\/grammar\/paikan-tsekin-kielioppi-adverbit\/\">Adverbit<\/a> noudattavat yleens\u00e4 samanlaisia malleja, jotka ovat usein per\u00e4isin adjektiiveista. Turkin kielell\u00e4 monet <a href=\"https:\/\/talkpal.ai\/fi\/grammar\/paikan-tsekin-kielioppi-adverbit\/\">adverbit<\/a> voidaan muodostaa lis\u00e4\u00e4m\u00e4ll\u00e4 adjektiiveihin p\u00e4\u00e4te -ce tai -ca l\u00e4himm\u00e4st\u00e4 vokaalista riippuen.<\/p>\n\n\n\n<p>Yhteenvetona voidaan todeta, ett\u00e4 vaikka turkin kieliopin monimutkaisuus ja erityispiirteet ovat haastavia, ne antavat kielelle sen kiehtovan kauneuden ja luonteen. Yhdist\u00e4m\u00e4ll\u00e4 sinnikkyytt\u00e4, uteliaisuutta ja k\u00e4yt\u00e4nn\u00f6n sovellutusta voit pian navigoida turkkilaisessa kieliopissa helposti ja itsevarmasti. Hyv\u00e4\u00e4 oppimista!<\/p>\n<\/div><\/div>\n\r\n<section class=\"learnNavigationSection\">\r\n            \r\n        <a href=\"https:\/\/talkpal.ai\/fi\/opi-turkkia\/\">\r\n            <div class=\"learnNavigationWrapper\">\r\n                <div class=\"learnNavigationContent\">\r\n                    <img decoding=\"async\" src=\"https:\/\/talkpal.ai\/wp-content\/uploads\/2024\/08\/Turkish.jpg\" alt=\"Turkish Flag\">\r\n                    <div>\r\n                        <h4>Tietoja turkkilaisesta oppimisesta<\/h4>\r\n                        <p>Tutustu turkkilaiseen kielioppiin.<\/p>\r\n                    <\/div>\r\n                <\/div>\r\n            <\/div>\r\n        <\/a>\r\n\r\n        \r\n        <a href=\"https:\/\/talkpal.ai\/fi\/turkin-kielioppiharjoitukset\/\">\r\n            <div class=\"learnNavigationWrapper\">\r\n                <div class=\"learnNavigationContent\">\r\n                    <img decoding=\"async\" src=\"https:\/\/talkpal.ai\/wp-content\/uploads\/2024\/08\/Turkish.jpg\" alt=\"Turkish Flag\">\r\n                    <div>\r\n                        <h4>Turkin kielioppiharjoitus<\/h4>\r\n                        <p>Harjoittele turkin kielioppia.<\/p>\r\n                    <\/div>\r\n                <\/div>\r\n            <\/div>\r\n        <\/a>\r\n\r\n        \r\n        <a href=\"https:\/\/talkpal.ai\/vocabulary_language\/turkish\/\">\r\n            <div class=\"learnNavigationWrapper\">\r\n                <div class=\"learnNavigationContent\">\r\n                    <img decoding=\"async\" src=\"https:\/\/talkpal.ai\/wp-content\/uploads\/2024\/08\/Turkish.jpg\" alt=\"Turkish Flag\">\r\n                    <div>\r\n                        <h4>Turkin sanastoa<\/h4>\r\n                        <p>Laajenna turkkilaista sanavarastoasi.<\/p>\r\n                    <\/div>\r\n                <\/div>\r\n            <\/div>\r\n        <\/a>\r\n\r\n            <\/section>","protected":false},"excerpt":{"rendered":"<p>Lopullinen opas turkin kielioppiin: navigointi ainutlaatuisen kielen monimutkaisuuksissa Turkin kielioppi, kuten itse kieli, esittelee rikkaan ja kiehtovan kielellisten elementtien kudelman. Turkkilaisen kieliperheen j\u00e4senen\u00e4 turkki kiehtoo oppijoita monipuolisilla ominaisuuksillaan ja haastaa taitavimmatkin puhujat. T\u00e4ss\u00e4 oppaassa selvit\u00e4mme turkkilaisen kieliopin keskeiset periaatteet, selvit\u00e4mme sen monimutkaisuutta ja tuemme sinua matkallasi kohti t\u00e4m\u00e4n kiehtovan kielen sujuvuutta. Aloitetaan! Mutterit ja pultit: [&hellip;]<\/p>\n","protected":false},"author":1,"featured_media":28747,"parent":0,"menu_order":0,"comment_status":"closed","ping_status":"closed","template":"LearningContentPage.php","meta":{"_acf_changed":false,"footnotes":""},"class_list":["post-153138","page","type-page","status-publish","has-post-thumbnail","hentry"],"acf":[],"yoast_head":"<!-- This site is optimized with the Yoast SEO Premium plugin v27.2 (Yoast SEO v27.2) - https:\/\/yoast.com\/product\/yoast-seo-premium-wordpress\/ -->\n<title>Turkin kielioppi - Talkpal<\/title>\n<meta name=\"description\" content=\"Tutustu turkkilaisen kieliopin salaisuuksiin kattavan oppaamme avulla, joka esittelee kieliopin keskeiset periaatteet ja lauserakenteen.\" \/>\n<meta name=\"robots\" content=\"index, follow, max-snippet:-1, max-image-preview:large, max-video-preview:-1\" \/>\n<link rel=\"canonical\" href=\"https:\/\/talkpal.ai\/fi\/turkin-kielioppi\/\" \/>\n<meta property=\"og:locale\" content=\"fi_FI\" \/>\n<meta property=\"og:type\" content=\"article\" \/>\n<meta property=\"og:title\" content=\"Turkin kielioppi\" \/>\n<meta property=\"og:description\" content=\"Lopullinen opas turkin kielioppiin: navigointi ainutlaatuisen kielen monimutkaisuuksissa Turkin kielioppi, kuten itse kieli, esittelee rikkaan ja\" \/>\n<meta property=\"og:url\" content=\"https:\/\/talkpal.ai\/fi\/turkin-kielioppi\/\" \/>\n<meta property=\"og:site_name\" content=\"Talkpal\" \/>\n<meta property=\"article:publisher\" content=\"https:\/\/www.facebook.com\/profile.php?id=100090733639311\" \/>\n<meta property=\"article:modified_time\" content=\"2025-12-13T15:57:05+00:00\" \/>\n<meta property=\"og:image\" content=\"https:\/\/talkpal.ai\/wp-content\/uploads\/2023\/05\/turkish.png\" \/>\n\t<meta property=\"og:image:width\" content=\"512\" \/>\n\t<meta property=\"og:image:height\" content=\"512\" \/>\n\t<meta property=\"og:image:type\" content=\"image\/png\" \/>\n<meta name=\"twitter:card\" content=\"summary_large_image\" \/>\n<meta name=\"twitter:site\" content=\"@talkpalai\" \/>\n<meta name=\"twitter:label1\" content=\"Arvioitu lukuaika\" \/>\n\t<meta name=\"twitter:data1\" content=\"3 minuuttia\" \/>\n<script type=\"application\/ld+json\" class=\"yoast-schema-graph\">{\"@context\":\"https:\/\/schema.org\",\"@graph\":[{\"@type\":\"WebPage\",\"@id\":\"https:\/\/talkpal.ai\/fi\/turkin-kielioppi\/\",\"url\":\"https:\/\/talkpal.ai\/fi\/turkin-kielioppi\/\",\"name\":\"Turkin kielioppi - Talkpal\",\"isPartOf\":{\"@id\":\"https:\/\/talkpal.ai\/fi\/#website\"},\"primaryImageOfPage\":{\"@id\":\"https:\/\/talkpal.ai\/fi\/turkin-kielioppi\/#primaryimage\"},\"image\":{\"@id\":\"https:\/\/talkpal.ai\/fi\/turkin-kielioppi\/#primaryimage\"},\"thumbnailUrl\":\"https:\/\/talkpal.ai\/wp-content\/uploads\/2023\/05\/turkish.png\",\"datePublished\":\"2023-05-14T14:23:49+00:00\",\"dateModified\":\"2025-12-13T15:57:05+00:00\",\"description\":\"Tutustu turkkilaisen kieliopin salaisuuksiin kattavan oppaamme avulla, joka esittelee kieliopin keskeiset periaatteet ja lauserakenteen.\",\"breadcrumb\":{\"@id\":\"https:\/\/talkpal.ai\/fi\/turkin-kielioppi\/#breadcrumb\"},\"inLanguage\":\"fi\",\"potentialAction\":[{\"@type\":\"ReadAction\",\"target\":[\"https:\/\/talkpal.ai\/fi\/turkin-kielioppi\/\"]}]},{\"@type\":\"ImageObject\",\"inLanguage\":\"fi\",\"@id\":\"https:\/\/talkpal.ai\/fi\/turkin-kielioppi\/#primaryimage\",\"url\":\"https:\/\/talkpal.ai\/wp-content\/uploads\/2023\/05\/turkish.png\",\"contentUrl\":\"https:\/\/talkpal.ai\/wp-content\/uploads\/2023\/05\/turkish.png\",\"width\":512,\"height\":512},{\"@type\":\"BreadcrumbList\",\"@id\":\"https:\/\/talkpal.ai\/fi\/turkin-kielioppi\/#breadcrumb\",\"itemListElement\":[{\"@type\":\"ListItem\",\"position\":1,\"name\":\"Homepage\",\"item\":\"https:\/\/talkpal.ai\/fi\/\"},{\"@type\":\"ListItem\",\"position\":2,\"name\":\"Turkin kielioppi\"}]},{\"@type\":\"WebSite\",\"@id\":\"https:\/\/talkpal.ai\/fi\/#website\",\"url\":\"https:\/\/talkpal.ai\/fi\/\",\"name\":\"Talkpal\",\"description\":\"AI Language Learning\",\"publisher\":{\"@id\":\"https:\/\/talkpal.ai\/fi\/#organization\"},\"alternateName\":\"Talkpal AI\",\"potentialAction\":[{\"@type\":\"SearchAction\",\"target\":{\"@type\":\"EntryPoint\",\"urlTemplate\":\"https:\/\/talkpal.ai\/fi\/?s={search_term_string}\"},\"query-input\":{\"@type\":\"PropertyValueSpecification\",\"valueRequired\":true,\"valueName\":\"search_term_string\"}}],\"inLanguage\":\"fi\"},{\"@type\":\"Organization\",\"@id\":\"https:\/\/talkpal.ai\/fi\/#organization\",\"name\":\"Talkpal, Inc.\",\"alternateName\":\"Talkpal AI\",\"url\":\"https:\/\/talkpal.ai\/fi\/\",\"logo\":{\"@type\":\"ImageObject\",\"inLanguage\":\"fi\",\"@id\":\"https:\/\/talkpal.ai\/fi\/#\/schema\/logo\/image\/\",\"url\":\"https:\/\/talkpal.ai\/wp-content\/uploads\/2024\/03\/Talkpal-Logo-Icon.png\",\"contentUrl\":\"https:\/\/talkpal.ai\/wp-content\/uploads\/2024\/03\/Talkpal-Logo-Icon.png\",\"width\":2880,\"height\":2880,\"caption\":\"Talkpal, Inc.\"},\"image\":{\"@id\":\"https:\/\/talkpal.ai\/fi\/#\/schema\/logo\/image\/\"},\"sameAs\":[\"https:\/\/www.facebook.com\/profile.php?id=100090733639311\",\"https:\/\/x.com\/talkpalai\",\"https:\/\/www.linkedin.com\/company\/talkpal\/\",\"https:\/\/www.youtube.com\/@TalkPal\/\",\"https:\/\/www.tiktok.com\/@talkpal\",\"https:\/\/www.instagram.com\/talkpal_ai\/\",\"https:\/\/www.crunchbase.com\/organization\/talkpal-9cde\",\"https:\/\/www.g2.com\/products\/talkpal-for-business\/\",\"https:\/\/www.trustpilot.com\/review\/talkpal.ai\",\"https:\/\/www.capterra.com\/p\/10006800\/TalkPal\/\"],\"description\":\"Talkpal is a language learning web and mobile education app, powered by the latest AI technologies, that provides engaging experiences to its customers in many different languages to help them improve their language skills. Users can chat about unlimited amount of topics with the app and use other modes to practice their language learning.\",\"email\":\"support@talkpal.ai\",\"legalName\":\"Talkpal, Inc.\",\"foundingDate\":\"2023-04-03\",\"duns\":\"118989042\",\"numberOfEmployees\":{\"@type\":\"QuantitativeValue\",\"minValue\":\"11\",\"maxValue\":\"50\"},\"publishingPrinciples\":\"https:\/\/talkpal.ai\/publishing-principles\/\",\"actionableFeedbackPolicy\":\"https:\/\/talkpal.ai\/actionable-feedback-policy\/\",\"correctionsPolicy\":\"https:\/\/talkpal.ai\/corrections-policy\/\",\"ethicsPolicy\":\"https:\/\/talkpal.ai\/ethics-policy\/\",\"diversityPolicy\":\"https:\/\/talkpal.ai\/diversity-policy\/\",\"diversityStaffingReport\":\"https:\/\/talkpal.ai\/diversity-policy\/\"}]}<\/script>\n<!-- \/ Yoast SEO Premium plugin. -->","yoast_head_json":{"title":"Turkin kielioppi - Talkpal","description":"Tutustu turkkilaisen kieliopin salaisuuksiin kattavan oppaamme avulla, joka esittelee kieliopin keskeiset periaatteet ja lauserakenteen.","robots":{"index":"index","follow":"follow","max-snippet":"max-snippet:-1","max-image-preview":"max-image-preview:large","max-video-preview":"max-video-preview:-1"},"canonical":"https:\/\/talkpal.ai\/fi\/turkin-kielioppi\/","og_locale":"fi_FI","og_type":"article","og_title":"Turkin kielioppi","og_description":"Lopullinen opas turkin kielioppiin: navigointi ainutlaatuisen kielen monimutkaisuuksissa Turkin kielioppi, kuten itse kieli, esittelee rikkaan ja","og_url":"https:\/\/talkpal.ai\/fi\/turkin-kielioppi\/","og_site_name":"Talkpal","article_publisher":"https:\/\/www.facebook.com\/profile.php?id=100090733639311","article_modified_time":"2025-12-13T15:57:05+00:00","og_image":[{"width":512,"height":512,"url":"https:\/\/talkpal.ai\/wp-content\/uploads\/2023\/05\/turkish.png","type":"image\/png"}],"twitter_card":"summary_large_image","twitter_site":"@talkpalai","twitter_misc":{"Arvioitu lukuaika":"3 minuuttia"},"schema":{"@context":"https:\/\/schema.org","@graph":[{"@type":"WebPage","@id":"https:\/\/talkpal.ai\/fi\/turkin-kielioppi\/","url":"https:\/\/talkpal.ai\/fi\/turkin-kielioppi\/","name":"Turkin kielioppi - Talkpal","isPartOf":{"@id":"https:\/\/talkpal.ai\/fi\/#website"},"primaryImageOfPage":{"@id":"https:\/\/talkpal.ai\/fi\/turkin-kielioppi\/#primaryimage"},"image":{"@id":"https:\/\/talkpal.ai\/fi\/turkin-kielioppi\/#primaryimage"},"thumbnailUrl":"https:\/\/talkpal.ai\/wp-content\/uploads\/2023\/05\/turkish.png","datePublished":"2023-05-14T14:23:49+00:00","dateModified":"2025-12-13T15:57:05+00:00","description":"Tutustu turkkilaisen kieliopin salaisuuksiin kattavan oppaamme avulla, joka esittelee kieliopin keskeiset periaatteet ja lauserakenteen.","breadcrumb":{"@id":"https:\/\/talkpal.ai\/fi\/turkin-kielioppi\/#breadcrumb"},"inLanguage":"fi","potentialAction":[{"@type":"ReadAction","target":["https:\/\/talkpal.ai\/fi\/turkin-kielioppi\/"]}]},{"@type":"ImageObject","inLanguage":"fi","@id":"https:\/\/talkpal.ai\/fi\/turkin-kielioppi\/#primaryimage","url":"https:\/\/talkpal.ai\/wp-content\/uploads\/2023\/05\/turkish.png","contentUrl":"https:\/\/talkpal.ai\/wp-content\/uploads\/2023\/05\/turkish.png","width":512,"height":512},{"@type":"BreadcrumbList","@id":"https:\/\/talkpal.ai\/fi\/turkin-kielioppi\/#breadcrumb","itemListElement":[{"@type":"ListItem","position":1,"name":"Homepage","item":"https:\/\/talkpal.ai\/fi\/"},{"@type":"ListItem","position":2,"name":"Turkin kielioppi"}]},{"@type":"WebSite","@id":"https:\/\/talkpal.ai\/fi\/#website","url":"https:\/\/talkpal.ai\/fi\/","name":"Talkpal","description":"AI Language Learning","publisher":{"@id":"https:\/\/talkpal.ai\/fi\/#organization"},"alternateName":"Talkpal AI","potentialAction":[{"@type":"SearchAction","target":{"@type":"EntryPoint","urlTemplate":"https:\/\/talkpal.ai\/fi\/?s={search_term_string}"},"query-input":{"@type":"PropertyValueSpecification","valueRequired":true,"valueName":"search_term_string"}}],"inLanguage":"fi"},{"@type":"Organization","@id":"https:\/\/talkpal.ai\/fi\/#organization","name":"Talkpal, Inc.","alternateName":"Talkpal AI","url":"https:\/\/talkpal.ai\/fi\/","logo":{"@type":"ImageObject","inLanguage":"fi","@id":"https:\/\/talkpal.ai\/fi\/#\/schema\/logo\/image\/","url":"https:\/\/talkpal.ai\/wp-content\/uploads\/2024\/03\/Talkpal-Logo-Icon.png","contentUrl":"https:\/\/talkpal.ai\/wp-content\/uploads\/2024\/03\/Talkpal-Logo-Icon.png","width":2880,"height":2880,"caption":"Talkpal, Inc."},"image":{"@id":"https:\/\/talkpal.ai\/fi\/#\/schema\/logo\/image\/"},"sameAs":["https:\/\/www.facebook.com\/profile.php?id=100090733639311","https:\/\/x.com\/talkpalai","https:\/\/www.linkedin.com\/company\/talkpal\/","https:\/\/www.youtube.com\/@TalkPal\/","https:\/\/www.tiktok.com\/@talkpal","https:\/\/www.instagram.com\/talkpal_ai\/","https:\/\/www.crunchbase.com\/organization\/talkpal-9cde","https:\/\/www.g2.com\/products\/talkpal-for-business\/","https:\/\/www.trustpilot.com\/review\/talkpal.ai","https:\/\/www.capterra.com\/p\/10006800\/TalkPal\/"],"description":"Talkpal is a language learning web and mobile education app, powered by the latest AI technologies, that provides engaging experiences to its customers in many different languages to help them improve their language skills. Users can chat about unlimited amount of topics with the app and use other modes to practice their language learning.","email":"support@talkpal.ai","legalName":"Talkpal, Inc.","foundingDate":"2023-04-03","duns":"118989042","numberOfEmployees":{"@type":"QuantitativeValue","minValue":"11","maxValue":"50"},"publishingPrinciples":"https:\/\/talkpal.ai\/publishing-principles\/","actionableFeedbackPolicy":"https:\/\/talkpal.ai\/actionable-feedback-policy\/","correctionsPolicy":"https:\/\/talkpal.ai\/corrections-policy\/","ethicsPolicy":"https:\/\/talkpal.ai\/ethics-policy\/","diversityPolicy":"https:\/\/talkpal.ai\/diversity-policy\/","diversityStaffingReport":"https:\/\/talkpal.ai\/diversity-policy\/"}]}},"_links":{"self":[{"href":"https:\/\/talkpal.ai\/fi\/wp-json\/wp\/v2\/pages\/153138","targetHints":{"allow":["GET"]}}],"collection":[{"href":"https:\/\/talkpal.ai\/fi\/wp-json\/wp\/v2\/pages"}],"about":[{"href":"https:\/\/talkpal.ai\/fi\/wp-json\/wp\/v2\/types\/page"}],"author":[{"embeddable":true,"href":"https:\/\/talkpal.ai\/fi\/wp-json\/wp\/v2\/users\/1"}],"replies":[{"embeddable":true,"href":"https:\/\/talkpal.ai\/fi\/wp-json\/wp\/v2\/comments?post=153138"}],"version-history":[{"count":0,"href":"https:\/\/talkpal.ai\/fi\/wp-json\/wp\/v2\/pages\/153138\/revisions"}],"wp:featuredmedia":[{"embeddable":true,"href":"https:\/\/talkpal.ai\/fi\/wp-json\/wp\/v2\/media\/28747"}],"wp:attachment":[{"href":"https:\/\/talkpal.ai\/fi\/wp-json\/wp\/v2\/media?parent=153138"}],"curies":[{"name":"wp","href":"https:\/\/api.w.org\/{rel}","templated":true}]}}