{"id":152837,"date":"2023-05-14T14:23:21","date_gmt":"2023-05-14T14:23:21","guid":{"rendered":"http:\/\/talkpal.ai\/tagalogin-kielioppi\/"},"modified":"2025-12-17T15:39:40","modified_gmt":"2025-12-17T15:39:40","slug":"tagalogin-kielioppi","status":"publish","type":"page","link":"https:\/\/talkpal.ai\/fi\/tagalogin-kielioppi\/","title":{"rendered":"Tagalogin kielioppi"},"content":{"rendered":"\r\n\r\n\r\n<section class=\"languageChallengeSection\">\r\n    <div class=\"languageInfoWrapper\">\r\n        \r\n        <h1>Tagalogin kielioppi<\/h1>\r\n        <p>Oletko innoissasi tagalogin oppimisesta? Tutustu tagalogin kielioppiin, jossa ainutlaatuiset verbien tarkennusj\u00e4rjestelm\u00e4t, joustava lausej\u00e4rjestys ja hy\u00f6dylliset partikkelit luovat kielen, joka on yht\u00e4 ilmeik\u00e4s kuin mielenkiintoinen. Aloita matkasi nyt &#8211; tagalogin kieliopin hallitseminen antaa sinulle mahdollisuuden kommunikoida luottavaisesti ja uppoutua Filippiinien eloisaan kulttuuriin!<\/p>\r\n\r\n                            <a class=\"getStartedHidden\" href=\"https:\/\/app.talkpal.ai\/fi\/signup?lng=\">Aloita<\/a>\r\n        \r\n    <\/div>\r\n\r\n    <figure>\r\n    <img decoding=\"async\" width=\"768\" height=\"768\" src=\"https:\/\/talkpal.ai\/wp-content\/uploads\/2023\/06\/tagalog-768x768.png\" class=\"languageImage no-lazy\" alt=\"Default alt text\" fetchpriority=\"high\" sizes=\"(max-width: 768px) 150px, 768px\" srcset=\"https:\/\/talkpal.ai\/wp-content\/uploads\/2023\/06\/tagalog-768x768.png 768w, https:\/\/talkpal.ai\/wp-content\/uploads\/2023\/06\/tagalog-300x300.png 300w\" \/>\r\n    \r\n\r\n    <\/figure>\r\n\r\n            <a class=\"getStartedVisible\" href=\"https:\/\/app.talkpal.ai\/fi\/signup?lng=\">Aloita<\/a>\r\n    \r\n<\/section>\r\n        <section class=\"grammarSection\">\r\n            <div class=\"grammarLinks\">\r\n                <a href=\"https:\/\/talkpal.ai\/fi\/language\/adjektiivit-tagalogin-kielioppi\/\">Adjektiivit <\/a><a href=\"https:\/\/talkpal.ai\/fi\/language\/adverbit-tagalogin-kielioppi\/\">Adverbit <\/a><a href=\"https:\/\/talkpal.ai\/fi\/language\/aikamuodot-tagalogin-kielioppi\/\">Aikamuodot <\/a><a href=\"https:\/\/talkpal.ai\/fi\/language\/aikamuotojen-vertailu-tagalogin-kielioppi\/\">Aikamuotojen vertailu <\/a><a href=\"https:\/\/talkpal.ai\/fi\/language\/artikkelit-tagalogin-kielioppi\/\">Artikkelit <\/a><a href=\"https:\/\/talkpal.ai\/fi\/language\/konditionaalit-tagalogin-kielioppi\/\">Konditionaalit <\/a><a href=\"https:\/\/talkpal.ai\/fi\/language\/lauseet-tagalogin-kielioppi\/\">Lauseet <\/a><a href=\"https:\/\/talkpal.ai\/fi\/language\/prepositiot-tagalogin-kielioppi\/\">Prepositiot <\/a><a href=\"https:\/\/talkpal.ai\/fi\/language\/progressiivinen-tagalogin-kielioppi\/\">Progressiivinen <\/a><a href=\"https:\/\/talkpal.ai\/fi\/language\/pronominit-maarittimet-tagalogin-kielioppi\/\">Pronominit\/M\u00e4\u00e4rittimet <\/a><a href=\"https:\/\/talkpal.ai\/fi\/language\/substantiivit-tagalogin-kielioppi\/\">Substantiivit <\/a><a href=\"https:\/\/talkpal.ai\/fi\/language\/taydellinen-progressiivinen-tagalogin-kielioppi\/\">T\u00e4ydellinen progressiivinen <\/a><a href=\"https:\/\/talkpal.ai\/fi\/language\/verbit-tagalogin-kielioppi\/\">Verbit <\/a>            <\/div>\r\n        <\/section>\r\n    <section class=\"promotionalBanner\">\r\n    <p class=\"promotionalText\">Tehokkain tapa oppia kielt\u00e4<\/p>\r\n    <a class=\"promotionalLink\" href=\"https:\/\/app.talkpal.ai\/fi\/signup?lng=\">Kokeile Talkpal ilmaiseksi<\/a>\r\n<\/section>\n<div class=\"wp-block-group pageContainerStyle\"><div class=\"wp-block-group__inner-container is-layout-constrained wp-block-group-is-layout-constrained\">\n<h1 class=\"wp-block-heading\" id=\"h-tagalog-grammar-get-to-know-the-heart-of-filipino-language\">Tagalogin kielioppi: Tutustu filippiinil\u00e4isen kielen syd\u00e4meen<\/h1>\n\n\n\n<p>Tagalogia, Filippiinien kansallisen kielen, filippiinil\u00e4isen, perustaa, puhuvat miljoonat ihmiset ymp\u00e4ri maailmaa. Jos haluat oppia Tagalogia, sinun on ensin ymm\u00e4rrett\u00e4v\u00e4 sen monimutkainen ja kiehtova kielioppi. T\u00e4ss\u00e4 artikkelissa syvennymme Tagalogin kieliopin olennaisiin n\u00e4k\u00f6kohtiin, mik\u00e4 auttaa sinua arvostamaan t\u00e4t\u00e4 kaunista kielt\u00e4 keskustelevalla ja yst\u00e4v\u00e4llisell\u00e4 tavalla.<\/p>\n\n\n\n<h3 class=\"wp-block-heading\" id=\"h-1-nouns-genderless-countable-and-uncountable\">1. Substantiivit &#8211; sukupuoleton, laskettavissa ja lukematon<\/h3>\n\n\n\n<p>Tagalogissa substantiiveja (pangngalan) ei luokitella sukupuolen mukaan, mik\u00e4 helpottaa hallintaa kuin jotkut muut kielet. <a href=\"https:\/\/talkpal.ai\/fi\/grammar\/yleiset-substantiivit-azerbaidzanin-kielioppissa\/\">Yleiset substantiivit<\/a> viittaavat ihmisiin, el\u00e4imiin, paikkoihin, asioihin <a href=\"https:\/\/talkpal.ai\/learn-thai\/\">tai<\/a> ideoihin, ja erisnimet merkitsev\u00e4t tiettyj\u00e4 nimi\u00e4. Tulet kohtaamaan sek\u00e4 laskettavia (tahanan, tarkoittaa &#8221;talo&#8221;) ett\u00e4 laskemattomia substantiiveja (tubig, tarkoittaa &#8221;vesi&#8221;). Substantiivit voidaan my\u00f6s muuttaa monikkomuodoiksi lis\u00e4\u00e4m\u00e4ll\u00e4 erityisi\u00e4 merkkej\u00e4, kuten &#8221;mga&#8221;.<\/p>\n\n\n\n<h3 class=\"wp-block-heading\" id=\"h-2-adjectives-describing-with-flair\">2. Adjektiivit \u2013 kuvaileminen tyylikk\u00e4\u00e4sti<\/h3>\n\n\n\n<p>Adjektiivit (pang-uri) tarjoavat lis\u00e4tietoja substantiiveista, ja useita tapoja k\u00e4ytt\u00e4\u00e4 adjektiiveja tagalogissa. Substantiivien vertailu tapahtuu adjektiivien avulla k\u00e4ytt\u00e4m\u00e4ll\u00e4 merkkej\u00e4 &#8221;mas&#8221; ja &#8221;pinaka&#8221; vertailevan ja superlatiivisen asteen luomiseksi. Esimerkiksi &#8221;maganda&#8221; tarkoittaa &#8221;kaunista&#8221;, &#8221;mas maganda&#8221; tarkoittaa &#8221;kauniimpaa&#8221; ja &#8221;pinakamaganda&#8221; tarkoittaa &#8221;kaunein&#8221;.<\/p>\n\n\n\n<h3 class=\"wp-block-heading\" id=\"h-3-pronouns-keeping-it-personal\">3. Pronominit &#8211; Pid\u00e4 se henkil\u00f6kohtaisena<\/h3>\n\n\n\n<p><a href=\"https:\/\/talkpal.ai\/tagalog-grammar\/\">Tagalogin kielioppi<\/a> koostuu henkil\u00f6kohtaisista, omistusoikeudellisista, demonstratiivisista, kysely- ja suhteellisista pronomineista. Persoonapronomineja on kolmessa tapauksessa: nominatiivi (osoittaa aiheen), genetiivi (osoittaa hallussapitoa) ja akkusatiivi (osoittaa objektin). Demonstratiivipronomineja, kuten &#8221;ito&#8221; (t\u00e4m\u00e4) ja &#8221;iyan&#8221; (tuo), k\u00e4ytet\u00e4\u00e4n osoittamaan tiettyj\u00e4 asioita, kun taas kysymyspronomineja k\u00e4ytet\u00e4\u00e4n kysymysten esitt\u00e4miseen.<\/p>\n\n\n\n<h3 class=\"wp-block-heading\" id=\"h-4-verbs-conjugation-and-focus\">4. Verbit \u2013 taivutus ja fokus<\/h3>\n\n\n\n<p>Tagalog-verbeill\u00e4 (pandiwa) on t\u00e4rke\u00e4 rooli lauseiden rakentamisessa, ja niiden taivutus on erilainen. Aikamuotojen sijaan tagalogin verbitaivutukset sis\u00e4lt\u00e4v\u00e4t aspektimuutoksia. Verbin\u00e4k\u00f6kohtia on kolme: valmis (perfektiivinen), keskener\u00e4inen (imperfektiivinen) ja pohdittu (tulevaisuus).  <\/p>\n\n\n\n<p>Lis\u00e4ksi Tagalogilla on ainutlaatuinen verbeihin liittyv\u00e4 tarkennusj\u00e4rjestelm\u00e4. T\u00e4ss\u00e4 j\u00e4rjestelm\u00e4ss\u00e4 verbimuoto muuttuu sen mukaan, mihin lauseen osaan keskityt\u00e4\u00e4n, kuten toiminnan kohteeseen, subjektiin tai suuntaan. Avainmerkit, kuten &#8221;um-&#8221;, &#8221;mag-&#8221; ja &#8221;-in&#8221;, auttavat v\u00e4litt\u00e4m\u00e4\u00e4n erilaisia vivahteita lauseissa.<\/p>\n\n\n\n<h3 class=\"wp-block-heading\" id=\"h-5-embracing-the-journey\">5. Matkan syleily<\/h3>\n\n\n\n<p>Tagalogin kieliopin oppiminen vaatii aikaa, vaivaa ja ripaus k\u00e4rsiv\u00e4llisyytt\u00e4. Sen ainutlaatuisuus, kun se on hallittu, tarjoaa kuitenkin vertaansa vailla olevan k\u00e4sityksen filippiinil\u00e4isest\u00e4 kulttuurista ja perinn\u00f6st\u00e4. Pid\u00e4 mielesi avoimena, harjoittele johdonmukaisesti ja \u00e4l\u00e4 pelk\u00e4\u00e4 tehd\u00e4 virheit\u00e4 puhuessasi.<\/p>\n\n\n\n<p>Kun sukellat syvemm\u00e4lle tagalogin kieliopin vivahteisiin, ota aikaa nauttia sen tarjoamasta eloisuudesta ja rikkaudesta. Nauti ymm\u00e4rryksest\u00e4si monimutkaisuudesta, joka tekee t\u00e4st\u00e4 kielest\u00e4 todella poikkeuksellisen. Maligayang pag-aaral \u2013 hyv\u00e4\u00e4 oppimista!<\/p>\n<\/div><\/div>\n\r\n<section class=\"learnNavigationSection\">\r\n            \r\n        <a href=\"https:\/\/talkpal.ai\/fi\/opi-tagalogia\/\">\r\n            <div class=\"learnNavigationWrapper\">\r\n                <div class=\"learnNavigationContent\">\r\n                    <img decoding=\"async\" src=\"https:\/\/talkpal.ai\/wp-content\/uploads\/2024\/08\/Tagalog.jpg\" alt=\"Philippines Flag\">\r\n                    <div>\r\n                        <h4>Tagalogin oppimisesta<\/h4>\r\n                        <p>Tutustu tagalogin kielioppiin.<\/p>\r\n                    <\/div>\r\n                <\/div>\r\n            <\/div>\r\n        <\/a>\r\n\r\n        \r\n        <a href=\"https:\/\/talkpal.ai\/fi\/tagalogin-kielioppiharjoitukset\/\">\r\n            <div class=\"learnNavigationWrapper\">\r\n                <div class=\"learnNavigationContent\">\r\n                    <img decoding=\"async\" src=\"https:\/\/talkpal.ai\/wp-content\/uploads\/2024\/08\/Tagalog.jpg\" alt=\"Philippines Flag\">\r\n                    <div>\r\n                        <h4>Tagalog kielioppi Harjoitus<\/h4>\r\n                        <p>Harjoittele tagalogin kielioppia.<\/p>\r\n                    <\/div>\r\n                <\/div>\r\n            <\/div>\r\n        <\/a>\r\n\r\n        \r\n        <a href=\"https:\/\/talkpal.ai\/vocabulary_language\/tagalog\/\">\r\n            <div class=\"learnNavigationWrapper\">\r\n                <div class=\"learnNavigationContent\">\r\n                    <img decoding=\"async\" src=\"https:\/\/talkpal.ai\/wp-content\/uploads\/2024\/08\/Tagalog.jpg\" alt=\"Philippines Flag\">\r\n                    <div>\r\n                        <h4>Tagalog sanastoa<\/h4>\r\n                        <p>Laajenna tagalogin kielen sanavarastoasi.<\/p>\r\n                    <\/div>\r\n                <\/div>\r\n            <\/div>\r\n        <\/a>\r\n\r\n            <\/section>","protected":false},"excerpt":{"rendered":"<p>Tagalogin kielioppi: Tutustu filippiinil\u00e4isen kielen syd\u00e4meen Tagalogia, Filippiinien kansallisen kielen, filippiinil\u00e4isen, perustaa, puhuvat miljoonat ihmiset ymp\u00e4ri maailmaa. Jos haluat oppia Tagalogia, sinun on ensin ymm\u00e4rrett\u00e4v\u00e4 sen monimutkainen ja kiehtova kielioppi. T\u00e4ss\u00e4 artikkelissa syvennymme Tagalogin kieliopin olennaisiin n\u00e4k\u00f6kohtiin, mik\u00e4 auttaa sinua arvostamaan t\u00e4t\u00e4 kaunista kielt\u00e4 keskustelevalla ja yst\u00e4v\u00e4llisell\u00e4 tavalla. 1. Substantiivit &#8211; sukupuoleton, laskettavissa ja lukematon [&hellip;]<\/p>\n","protected":false},"author":1,"featured_media":28699,"parent":0,"menu_order":0,"comment_status":"closed","ping_status":"closed","template":"LearningContentPage.php","meta":{"_acf_changed":false,"footnotes":""},"class_list":["post-152837","page","type-page","status-publish","has-post-thumbnail","hentry"],"acf":[],"yoast_head":"<!-- This site is optimized with the Yoast SEO Premium plugin v27.2 (Yoast SEO v27.2) - https:\/\/yoast.com\/product\/yoast-seo-premium-wordpress\/ -->\n<title>Tagalogin kielioppi - Talkpal<\/title>\n<meta name=\"description\" content=\"Tutustu tagalogin kieliopin perusteisiin ja opi arvostamaan t\u00e4t\u00e4 kaunista kielt\u00e4 yksinkertaisella ja yst\u00e4v\u00e4llisell\u00e4 tavalla.\" \/>\n<meta name=\"robots\" content=\"index, follow, max-snippet:-1, max-image-preview:large, max-video-preview:-1\" \/>\n<link rel=\"canonical\" href=\"https:\/\/talkpal.ai\/fi\/tagalogin-kielioppi\/\" \/>\n<meta property=\"og:locale\" content=\"fi_FI\" \/>\n<meta property=\"og:type\" content=\"article\" \/>\n<meta property=\"og:title\" content=\"Tagalogin kielioppi\" \/>\n<meta property=\"og:description\" content=\"Tagalogin kielioppi: Tutustu filippiinil\u00e4isen kielen syd\u00e4meen Tagalogia, Filippiinien kansallisen kielen, filippiinil\u00e4isen, perustaa, puhuvat miljoonat\" \/>\n<meta property=\"og:url\" content=\"https:\/\/talkpal.ai\/fi\/tagalogin-kielioppi\/\" \/>\n<meta property=\"og:site_name\" content=\"Talkpal\" \/>\n<meta property=\"article:publisher\" content=\"https:\/\/www.facebook.com\/profile.php?id=100090733639311\" \/>\n<meta property=\"article:modified_time\" content=\"2025-12-17T15:39:40+00:00\" \/>\n<meta property=\"og:image\" content=\"https:\/\/talkpal.ai\/wp-content\/uploads\/2023\/05\/Tagalog-philippines.png\" \/>\n\t<meta property=\"og:image:width\" content=\"512\" \/>\n\t<meta property=\"og:image:height\" content=\"512\" \/>\n\t<meta property=\"og:image:type\" content=\"image\/png\" \/>\n<meta name=\"twitter:card\" content=\"summary_large_image\" \/>\n<meta name=\"twitter:site\" content=\"@talkpalai\" \/>\n<meta name=\"twitter:label1\" content=\"Arvioitu lukuaika\" \/>\n\t<meta name=\"twitter:data1\" content=\"2 minuuttia\" \/>\n<script type=\"application\/ld+json\" class=\"yoast-schema-graph\">{\"@context\":\"https:\/\/schema.org\",\"@graph\":[{\"@type\":\"WebPage\",\"@id\":\"https:\/\/talkpal.ai\/fi\/tagalogin-kielioppi\/\",\"url\":\"https:\/\/talkpal.ai\/fi\/tagalogin-kielioppi\/\",\"name\":\"Tagalogin kielioppi - Talkpal\",\"isPartOf\":{\"@id\":\"https:\/\/talkpal.ai\/fi\/#website\"},\"primaryImageOfPage\":{\"@id\":\"https:\/\/talkpal.ai\/fi\/tagalogin-kielioppi\/#primaryimage\"},\"image\":{\"@id\":\"https:\/\/talkpal.ai\/fi\/tagalogin-kielioppi\/#primaryimage\"},\"thumbnailUrl\":\"https:\/\/talkpal.ai\/wp-content\/uploads\/2023\/05\/Tagalog-philippines.png\",\"datePublished\":\"2023-05-14T14:23:21+00:00\",\"dateModified\":\"2025-12-17T15:39:40+00:00\",\"description\":\"Tutustu tagalogin kieliopin perusteisiin ja opi arvostamaan t\u00e4t\u00e4 kaunista kielt\u00e4 yksinkertaisella ja yst\u00e4v\u00e4llisell\u00e4 tavalla.\",\"breadcrumb\":{\"@id\":\"https:\/\/talkpal.ai\/fi\/tagalogin-kielioppi\/#breadcrumb\"},\"inLanguage\":\"fi\",\"potentialAction\":[{\"@type\":\"ReadAction\",\"target\":[\"https:\/\/talkpal.ai\/fi\/tagalogin-kielioppi\/\"]}]},{\"@type\":\"ImageObject\",\"inLanguage\":\"fi\",\"@id\":\"https:\/\/talkpal.ai\/fi\/tagalogin-kielioppi\/#primaryimage\",\"url\":\"https:\/\/talkpal.ai\/wp-content\/uploads\/2023\/05\/Tagalog-philippines.png\",\"contentUrl\":\"https:\/\/talkpal.ai\/wp-content\/uploads\/2023\/05\/Tagalog-philippines.png\",\"width\":512,\"height\":512},{\"@type\":\"BreadcrumbList\",\"@id\":\"https:\/\/talkpal.ai\/fi\/tagalogin-kielioppi\/#breadcrumb\",\"itemListElement\":[{\"@type\":\"ListItem\",\"position\":1,\"name\":\"Homepage\",\"item\":\"https:\/\/talkpal.ai\/fi\/\"},{\"@type\":\"ListItem\",\"position\":2,\"name\":\"Tagalogin kielioppi\"}]},{\"@type\":\"WebSite\",\"@id\":\"https:\/\/talkpal.ai\/fi\/#website\",\"url\":\"https:\/\/talkpal.ai\/fi\/\",\"name\":\"Talkpal\",\"description\":\"AI Language Learning\",\"publisher\":{\"@id\":\"https:\/\/talkpal.ai\/fi\/#organization\"},\"alternateName\":\"Talkpal AI\",\"potentialAction\":[{\"@type\":\"SearchAction\",\"target\":{\"@type\":\"EntryPoint\",\"urlTemplate\":\"https:\/\/talkpal.ai\/fi\/?s={search_term_string}\"},\"query-input\":{\"@type\":\"PropertyValueSpecification\",\"valueRequired\":true,\"valueName\":\"search_term_string\"}}],\"inLanguage\":\"fi\"},{\"@type\":\"Organization\",\"@id\":\"https:\/\/talkpal.ai\/fi\/#organization\",\"name\":\"Talkpal, Inc.\",\"alternateName\":\"Talkpal AI\",\"url\":\"https:\/\/talkpal.ai\/fi\/\",\"logo\":{\"@type\":\"ImageObject\",\"inLanguage\":\"fi\",\"@id\":\"https:\/\/talkpal.ai\/fi\/#\/schema\/logo\/image\/\",\"url\":\"https:\/\/talkpal.ai\/wp-content\/uploads\/2024\/03\/Talkpal-Logo-Icon.png\",\"contentUrl\":\"https:\/\/talkpal.ai\/wp-content\/uploads\/2024\/03\/Talkpal-Logo-Icon.png\",\"width\":2880,\"height\":2880,\"caption\":\"Talkpal, Inc.\"},\"image\":{\"@id\":\"https:\/\/talkpal.ai\/fi\/#\/schema\/logo\/image\/\"},\"sameAs\":[\"https:\/\/www.facebook.com\/profile.php?id=100090733639311\",\"https:\/\/x.com\/talkpalai\",\"https:\/\/www.linkedin.com\/company\/talkpal\/\",\"https:\/\/www.youtube.com\/@TalkPal\/\",\"https:\/\/www.tiktok.com\/@talkpal\",\"https:\/\/www.instagram.com\/talkpal_ai\/\",\"https:\/\/www.crunchbase.com\/organization\/talkpal-9cde\",\"https:\/\/www.g2.com\/products\/talkpal-for-business\/\",\"https:\/\/www.trustpilot.com\/review\/talkpal.ai\",\"https:\/\/www.capterra.com\/p\/10006800\/TalkPal\/\"],\"description\":\"Talkpal is a language learning web and mobile education app, powered by the latest AI technologies, that provides engaging experiences to its customers in many different languages to help them improve their language skills. Users can chat about unlimited amount of topics with the app and use other modes to practice their language learning.\",\"email\":\"support@talkpal.ai\",\"legalName\":\"Talkpal, Inc.\",\"foundingDate\":\"2023-04-03\",\"duns\":\"118989042\",\"numberOfEmployees\":{\"@type\":\"QuantitativeValue\",\"minValue\":\"11\",\"maxValue\":\"50\"},\"publishingPrinciples\":\"https:\/\/talkpal.ai\/publishing-principles\/\",\"actionableFeedbackPolicy\":\"https:\/\/talkpal.ai\/actionable-feedback-policy\/\",\"correctionsPolicy\":\"https:\/\/talkpal.ai\/corrections-policy\/\",\"ethicsPolicy\":\"https:\/\/talkpal.ai\/ethics-policy\/\",\"diversityPolicy\":\"https:\/\/talkpal.ai\/diversity-policy\/\",\"diversityStaffingReport\":\"https:\/\/talkpal.ai\/diversity-policy\/\"}]}<\/script>\n<!-- \/ Yoast SEO Premium plugin. -->","yoast_head_json":{"title":"Tagalogin kielioppi - Talkpal","description":"Tutustu tagalogin kieliopin perusteisiin ja opi arvostamaan t\u00e4t\u00e4 kaunista kielt\u00e4 yksinkertaisella ja yst\u00e4v\u00e4llisell\u00e4 tavalla.","robots":{"index":"index","follow":"follow","max-snippet":"max-snippet:-1","max-image-preview":"max-image-preview:large","max-video-preview":"max-video-preview:-1"},"canonical":"https:\/\/talkpal.ai\/fi\/tagalogin-kielioppi\/","og_locale":"fi_FI","og_type":"article","og_title":"Tagalogin kielioppi","og_description":"Tagalogin kielioppi: Tutustu filippiinil\u00e4isen kielen syd\u00e4meen Tagalogia, Filippiinien kansallisen kielen, filippiinil\u00e4isen, perustaa, puhuvat miljoonat","og_url":"https:\/\/talkpal.ai\/fi\/tagalogin-kielioppi\/","og_site_name":"Talkpal","article_publisher":"https:\/\/www.facebook.com\/profile.php?id=100090733639311","article_modified_time":"2025-12-17T15:39:40+00:00","og_image":[{"width":512,"height":512,"url":"https:\/\/talkpal.ai\/wp-content\/uploads\/2023\/05\/Tagalog-philippines.png","type":"image\/png"}],"twitter_card":"summary_large_image","twitter_site":"@talkpalai","twitter_misc":{"Arvioitu lukuaika":"2 minuuttia"},"schema":{"@context":"https:\/\/schema.org","@graph":[{"@type":"WebPage","@id":"https:\/\/talkpal.ai\/fi\/tagalogin-kielioppi\/","url":"https:\/\/talkpal.ai\/fi\/tagalogin-kielioppi\/","name":"Tagalogin kielioppi - Talkpal","isPartOf":{"@id":"https:\/\/talkpal.ai\/fi\/#website"},"primaryImageOfPage":{"@id":"https:\/\/talkpal.ai\/fi\/tagalogin-kielioppi\/#primaryimage"},"image":{"@id":"https:\/\/talkpal.ai\/fi\/tagalogin-kielioppi\/#primaryimage"},"thumbnailUrl":"https:\/\/talkpal.ai\/wp-content\/uploads\/2023\/05\/Tagalog-philippines.png","datePublished":"2023-05-14T14:23:21+00:00","dateModified":"2025-12-17T15:39:40+00:00","description":"Tutustu tagalogin kieliopin perusteisiin ja opi arvostamaan t\u00e4t\u00e4 kaunista kielt\u00e4 yksinkertaisella ja yst\u00e4v\u00e4llisell\u00e4 tavalla.","breadcrumb":{"@id":"https:\/\/talkpal.ai\/fi\/tagalogin-kielioppi\/#breadcrumb"},"inLanguage":"fi","potentialAction":[{"@type":"ReadAction","target":["https:\/\/talkpal.ai\/fi\/tagalogin-kielioppi\/"]}]},{"@type":"ImageObject","inLanguage":"fi","@id":"https:\/\/talkpal.ai\/fi\/tagalogin-kielioppi\/#primaryimage","url":"https:\/\/talkpal.ai\/wp-content\/uploads\/2023\/05\/Tagalog-philippines.png","contentUrl":"https:\/\/talkpal.ai\/wp-content\/uploads\/2023\/05\/Tagalog-philippines.png","width":512,"height":512},{"@type":"BreadcrumbList","@id":"https:\/\/talkpal.ai\/fi\/tagalogin-kielioppi\/#breadcrumb","itemListElement":[{"@type":"ListItem","position":1,"name":"Homepage","item":"https:\/\/talkpal.ai\/fi\/"},{"@type":"ListItem","position":2,"name":"Tagalogin kielioppi"}]},{"@type":"WebSite","@id":"https:\/\/talkpal.ai\/fi\/#website","url":"https:\/\/talkpal.ai\/fi\/","name":"Talkpal","description":"AI Language Learning","publisher":{"@id":"https:\/\/talkpal.ai\/fi\/#organization"},"alternateName":"Talkpal AI","potentialAction":[{"@type":"SearchAction","target":{"@type":"EntryPoint","urlTemplate":"https:\/\/talkpal.ai\/fi\/?s={search_term_string}"},"query-input":{"@type":"PropertyValueSpecification","valueRequired":true,"valueName":"search_term_string"}}],"inLanguage":"fi"},{"@type":"Organization","@id":"https:\/\/talkpal.ai\/fi\/#organization","name":"Talkpal, Inc.","alternateName":"Talkpal AI","url":"https:\/\/talkpal.ai\/fi\/","logo":{"@type":"ImageObject","inLanguage":"fi","@id":"https:\/\/talkpal.ai\/fi\/#\/schema\/logo\/image\/","url":"https:\/\/talkpal.ai\/wp-content\/uploads\/2024\/03\/Talkpal-Logo-Icon.png","contentUrl":"https:\/\/talkpal.ai\/wp-content\/uploads\/2024\/03\/Talkpal-Logo-Icon.png","width":2880,"height":2880,"caption":"Talkpal, Inc."},"image":{"@id":"https:\/\/talkpal.ai\/fi\/#\/schema\/logo\/image\/"},"sameAs":["https:\/\/www.facebook.com\/profile.php?id=100090733639311","https:\/\/x.com\/talkpalai","https:\/\/www.linkedin.com\/company\/talkpal\/","https:\/\/www.youtube.com\/@TalkPal\/","https:\/\/www.tiktok.com\/@talkpal","https:\/\/www.instagram.com\/talkpal_ai\/","https:\/\/www.crunchbase.com\/organization\/talkpal-9cde","https:\/\/www.g2.com\/products\/talkpal-for-business\/","https:\/\/www.trustpilot.com\/review\/talkpal.ai","https:\/\/www.capterra.com\/p\/10006800\/TalkPal\/"],"description":"Talkpal is a language learning web and mobile education app, powered by the latest AI technologies, that provides engaging experiences to its customers in many different languages to help them improve their language skills. Users can chat about unlimited amount of topics with the app and use other modes to practice their language learning.","email":"support@talkpal.ai","legalName":"Talkpal, Inc.","foundingDate":"2023-04-03","duns":"118989042","numberOfEmployees":{"@type":"QuantitativeValue","minValue":"11","maxValue":"50"},"publishingPrinciples":"https:\/\/talkpal.ai\/publishing-principles\/","actionableFeedbackPolicy":"https:\/\/talkpal.ai\/actionable-feedback-policy\/","correctionsPolicy":"https:\/\/talkpal.ai\/corrections-policy\/","ethicsPolicy":"https:\/\/talkpal.ai\/ethics-policy\/","diversityPolicy":"https:\/\/talkpal.ai\/diversity-policy\/","diversityStaffingReport":"https:\/\/talkpal.ai\/diversity-policy\/"}]}},"_links":{"self":[{"href":"https:\/\/talkpal.ai\/fi\/wp-json\/wp\/v2\/pages\/152837","targetHints":{"allow":["GET"]}}],"collection":[{"href":"https:\/\/talkpal.ai\/fi\/wp-json\/wp\/v2\/pages"}],"about":[{"href":"https:\/\/talkpal.ai\/fi\/wp-json\/wp\/v2\/types\/page"}],"author":[{"embeddable":true,"href":"https:\/\/talkpal.ai\/fi\/wp-json\/wp\/v2\/users\/1"}],"replies":[{"embeddable":true,"href":"https:\/\/talkpal.ai\/fi\/wp-json\/wp\/v2\/comments?post=152837"}],"version-history":[{"count":0,"href":"https:\/\/talkpal.ai\/fi\/wp-json\/wp\/v2\/pages\/152837\/revisions"}],"wp:featuredmedia":[{"embeddable":true,"href":"https:\/\/talkpal.ai\/fi\/wp-json\/wp\/v2\/media\/28699"}],"wp:attachment":[{"href":"https:\/\/talkpal.ai\/fi\/wp-json\/wp\/v2\/media?parent=152837"}],"curies":[{"name":"wp","href":"https:\/\/api.w.org\/{rel}","templated":true}]}}