{"id":152531,"date":"2023-05-14T14:23:00","date_gmt":"2023-05-14T14:23:00","guid":{"rendered":"http:\/\/talkpal.ai\/vietnamin-kielioppi\/"},"modified":"2025-12-12T10:53:44","modified_gmt":"2025-12-12T10:53:44","slug":"vietnamin-kielioppi","status":"publish","type":"page","link":"https:\/\/talkpal.ai\/fi\/vietnamin-kielioppi\/","title":{"rendered":"Vietnamin kielioppi"},"content":{"rendered":"\r\n\r\n\r\n<section class=\"languageChallengeSection\">\r\n    <div class=\"languageInfoWrapper\">\r\n        \r\n        <h1>Vietnamin kielioppi<\/h1>\r\n        <p><a href=\"https:\/\/talkpal.ai\/vietnamese-grammar\/\">Vietnamin kielioppi<\/a> on tunnettu yksinkertaisuudestaan ja loogisesta rakenteestaan, mik\u00e4 tekee siit\u00e4 helposti l\u00e4hestytt\u00e4v\u00e4n uusille oppijoille. Romanisoidut aakkoset, ei verbien konjugaatioita ja monikon k\u00e4ytt\u00f6 on minimaalista, joten opiskelijat voivat keskitty\u00e4 nopeasti sanaston ja keskustelutaitojen kehitt\u00e4miseen. Vietnamin kielen tutkiminen ei ole vain kielen oppimista &#8211; se avaa my\u00f6s ikkunan maan rikkaaseen kulttuuriin ja historiaan.<\/p>\r\n\r\n                            <a class=\"getStartedHidden\" href=\"https:\/\/app.talkpal.ai\/fi\/signup?lng=\">Aloita<\/a>\r\n        \r\n    <\/div>\r\n\r\n    <figure>\r\n    <img decoding=\"async\" width=\"768\" height=\"768\" src=\"https:\/\/talkpal.ai\/wp-content\/uploads\/2023\/06\/vietnamese-768x768.png\" class=\"languageImage no-lazy\" alt=\"Default alt text\" fetchpriority=\"high\" sizes=\"(max-width: 768px) 150px, 768px\" srcset=\"https:\/\/talkpal.ai\/wp-content\/uploads\/2023\/06\/vietnamese-768x768.png 768w, https:\/\/talkpal.ai\/wp-content\/uploads\/2023\/06\/vietnamese-300x300.png 300w\" \/>\r\n    \r\n\r\n    <\/figure>\r\n\r\n            <a class=\"getStartedVisible\" href=\"https:\/\/app.talkpal.ai\/fi\/signup?lng=\">Aloita<\/a>\r\n    \r\n<\/section>\r\n        <section class=\"grammarSection\">\r\n            <div class=\"grammarLinks\">\r\n                <a href=\"https:\/\/talkpal.ai\/fi\/language\/adjektiivit-vietnamin-kielioppi\/\">Adjektiivit <\/a><a href=\"https:\/\/talkpal.ai\/fi\/language\/adverbit-vietnamin-kielioppi\/\">Adverbit <\/a><a href=\"https:\/\/talkpal.ai\/fi\/language\/aikamuodot-vietnamin-kielioppi\/\">Aikamuodot <\/a><a href=\"https:\/\/talkpal.ai\/fi\/language\/aikamuotojen-vertailu-vietnamin-kielioppi\/\">Aikamuotojen vertailu <\/a><a href=\"https:\/\/talkpal.ai\/fi\/language\/artikkelit-vietnamin-kielioppi\/\">Artikkelit <\/a><a href=\"https:\/\/talkpal.ai\/fi\/language\/konditionaalit-vietnamin-kielioppi\/\">Konditionaalit <\/a><a href=\"https:\/\/talkpal.ai\/fi\/language\/lauseet-vietnamin-kielioppi\/\">Lauseet <\/a><a href=\"https:\/\/talkpal.ai\/fi\/language\/prepositiot-vietnamin-kielioppi\/\">Prepositiot <\/a><a href=\"https:\/\/talkpal.ai\/fi\/language\/progressiivinen-vietnamin-kielioppi\/\">Progressiivinen <\/a><a href=\"https:\/\/talkpal.ai\/fi\/language\/pronominit-determinerit-vietnamin-kielioppi\/\">Pronominit\/Determinerit <\/a><a href=\"https:\/\/talkpal.ai\/fi\/language\/substantiivit-vietnamin-kielioppi\/\">Substantiivit <\/a><a href=\"https:\/\/talkpal.ai\/fi\/language\/taydellinen-progressiivinen-vietnamin-kielioppi\/\">T\u00e4ydellinen progressiivinen <\/a><a href=\"https:\/\/talkpal.ai\/fi\/language\/verbit-vietnamin-kielioppi\/\">Verbit <\/a>            <\/div>\r\n        <\/section>\r\n    <section class=\"promotionalBanner\">\r\n    <p class=\"promotionalText\">Tehokkain tapa oppia kielt\u00e4<\/p>\r\n    <a class=\"promotionalLink\" href=\"https:\/\/app.talkpal.ai\/fi\/signup?lng=\">Kokeile Talkpal ilmaiseksi<\/a>\r\n<\/section>\n<div class=\"wp-block-group pageContainerStyle\"><div class=\"wp-block-group__inner-container is-layout-constrained wp-block-group-is-layout-constrained\">\n<h2 class=\"wp-block-heading\" id=\"h-the-intricacies-of-vietnamese-grammar-an-engaging-exploration\">Vietnamin kieliopin monimutkaisuus: kiinnostava tutkimus<\/h2>\n\n\n\n<p>Vietnamin kieli, jolla on syv\u00e4t historialliset juuret ja ainutlaatuinen kulttuurinen tausta, tarjoaa houkuttelevan seikkailun sek\u00e4 kielitieteilij\u00f6ille ett\u00e4 kielenoppijoille. Vaikka vietnamin kielioppi saattaa aluksi nousta haasteeksi, sen yksinkertainen logiikka ja johdonmukaisuus tasoittavat tiet\u00e4 j\u00e4nnitt\u00e4v\u00e4lle oppimiskokemukselle. Valmistaudu siis kiehtovalle kielimatkalle, kun syvennymme vietnamin kieliopin erityispiirteisiin.<\/p>\n\n\n\n<h3 class=\"wp-block-heading\" id=\"h-1-the-alphabet-a-gift-from-the-past\">1. Aakkoset: lahja menneisyydest\u00e4<\/h3>\n\n\n\n<p>Vietnamin aakkoset, jotka koostuvat 29 kirjaimesta, ovat per\u00e4isin p\u00e4\u00e4asiassa latinalaisesta kirjaimesta, jossa on portugalilainen ja ranskalainen alku. Qu\u1ed1c Ng\u1eef -kirjoitusj\u00e4rjestelm\u00e4n ansiosta siirtyminen romanisoituun kirjoitusj\u00e4rjestelm\u00e4\u00e4n on tehnyt aakkoset tutuksi ja helposti muiden latinalaisten kielten puhujille. T\u00e4m\u00e4 antaa aloittelijoille sujuvan l\u00e4ht\u00f6kohdan keskitty\u00e4 kielen ainutlaatuisiin \u00e4\u00e4niin ja \u00e4\u00e4nt\u00e4miseen.<\/p>\n\n\n\n<h3 class=\"wp-block-heading\" id=\"h-2-tones-vietnamese-s-musical-notation\">2. \u00c4\u00e4net: S\u00e4velm\u00e4t: Vietnamin musiikillinen merkint\u00e4tapa<\/h3>\n\n\n\n<p><a href=\"https:\/\/talkpal.ai\/learn-vietnamese\/\">Vietnam<\/a> on tonaalinen kieli, jossa on kuusi erottuvaa s\u00e4vy\u00e4, jotka muuttavat sanan merkityst\u00e4 k\u00e4ytt\u00e4m\u00e4ll\u00e4 erilaisia diakriittisi\u00e4 merkkej\u00e4. N\u00e4iden s\u00e4vyjen hallitseminen voi olla haastavaa, mutta se lis\u00e4\u00e4 kieleen musikaalisuutta ja vivahteita, mik\u00e4 tekee siit\u00e4 viel\u00e4kin kiehtovamman. K\u00e4rsiv\u00e4llisyys ja harjoittelu tekev\u00e4t siit\u00e4 t\u00e4ydellisen, jolloin voit t\u00e4ysin arvostaa vietnamilaisen melodista kauneutta.<\/p>\n\n\n\n<h3 class=\"wp-block-heading\" id=\"h-3-word-order-unraveling-the-vietnamese-sentence-structure\">3. Sanaj\u00e4rjestys: Vietnamin lauserakenteen purkaminen<\/h3>\n\n\n\n<p>Onneksi vietnamilainen sanaj\u00e4rjestys on melko yksinkertainen, noudattaen tuttua Subject-Verb-Object (SVO) -muotoa. T\u00e4m\u00e4 helppok\u00e4ytt\u00f6inen rakenne helpottaa englanninkielisten lauseiden muodostamista vietnamiksi kokematta suurta muutosta kielitieteess\u00e4. Esimerkiksi &#8221;T\u00f4i y\u00eau Vi\u1ec7t Nam!&#8221;. (Rakastan Vietnamia!), jossa molemmilla kielill\u00e4 on rinnakkaisia rakenteita.<\/p>\n\n\n\n<h3 class=\"wp-block-heading\" id=\"h-4-no-more-plural-nouns-or-verb-conjugations\">4. Ei en\u00e4\u00e4 monikkosubstantiiveja tai verbitaivutuksia<\/h3>\n\n\n\n<p>Vietnamissa substantiivit eiv\u00e4t muuta muotoaan osoittamaan monikkoa, ja verbit pysyv\u00e4t johdonmukaisina aikamuodosta <a href=\"https:\/\/talkpal.ai\/learn-thai\/\">tai<\/a> subjektista riippumatta. Vaikka t\u00e4m\u00e4 saattaa aluksi tuntua h\u00e4mment\u00e4v\u00e4lt\u00e4, se yksinkertaistaa merkitt\u00e4v\u00e4sti kielioppis\u00e4\u00e4nt\u00f6jen oppimista. Sen sijaan konteksti ja lis\u00e4sanojen k\u00e4ytt\u00f6 selvent\u00e4v\u00e4t lauseen merkityst\u00e4. Joten hengit\u00e4 helpotuksesta, kun j\u00e4t\u00e4t j\u00e4\u00e4hyv\u00e4iset taivutuksen vaivalle.<\/p>\n\n\n\n<h3 class=\"wp-block-heading\" id=\"h-5-immerse-yourself-in-the-vietnamese-mindset\">5. Uppoudu vietnamilaiseen ajattelutapaan<\/h3>\n\n\n\n<p>Vietnamin kielen oppimisessa ei ole kyse vain sen kieliopin hallitsemisesta, vaan my\u00f6s kielen muovaamien kulttuuristen, historiallisten ja sosiaalisten konteksteiden omaksumisesta. Keskustele \u00e4idinkielisten puhujien kanssa, tutustu vietnamilaiseen kirjallisuuteen ja taiteeseen ja yrit\u00e4 saada yhteys maan arvoihin ja tapoihin. T\u00e4m\u00e4 kokonaisvaltainen l\u00e4hestymistapa ei ainoastaan paranna kielitaitoasi, vaan my\u00f6s syvent\u00e4\u00e4 ymm\u00e4rryst\u00e4si Vietnamin monipuolisesta kauneudesta.<\/p>\n\n\n\n<h3 class=\"wp-block-heading\" id=\"h-in-conclusion-relish-the-charm-of-vietnamese-grammar\">Lopuksi: Nauti vietnamin kieliopin vieh\u00e4tyksest\u00e4<\/h3>\n\n\n\n<p>Vaikka vietnamin kielioppi saattaa vaikuttaa pinnalta h\u00e4mment\u00e4v\u00e4lt\u00e4, sen kiehtova rakenne ja luontainen yksinkertaisuus kutsuvat oppijoita l\u00e4htem\u00e4\u00e4n palkitsevalle kielelliselle matkalle. Kun sukellat vietnamin kielen maailmaan, voit ihmetell\u00e4 sen kieliopin eleganssia ja kauneutta sek\u00e4 sit\u00e4 rikasta kulttuuria, joka on muokannut kielt\u00e4 vuosisatojen ajan. Joten mene eteenp\u00e4in ja tutki vietnamin kieliopin ihmeit\u00e4 navigoidessasi t\u00e4m\u00e4n lumoavan kielen kielimaisemassa.<\/p>\n<\/div><\/div>\n\r\n<section class=\"learnNavigationSection\">\r\n            \r\n        <a href=\"https:\/\/talkpal.ai\/fi\/opi-vietnamiksi\/\">\r\n            <div class=\"learnNavigationWrapper\">\r\n                <div class=\"learnNavigationContent\">\r\n                    <img decoding=\"async\" src=\"https:\/\/talkpal.ai\/wp-content\/uploads\/2024\/08\/Vietnamese.jpg\" alt=\"Vietnamise Flag\">\r\n                    <div>\r\n                        <h4>Tietoja Vietnamin kielen oppimisesta<\/h4>\r\n                        <p>Tutustu vietnaminkieliseen kielioppiin.<\/p>\r\n                    <\/div>\r\n                <\/div>\r\n            <\/div>\r\n        <\/a>\r\n\r\n        \r\n        <a href=\"https:\/\/talkpal.ai\/fi\/vietnamin-kielioppiharjoitukset\/\">\r\n            <div class=\"learnNavigationWrapper\">\r\n                <div class=\"learnNavigationContent\">\r\n                    <img decoding=\"async\" src=\"https:\/\/talkpal.ai\/wp-content\/uploads\/2024\/08\/Vietnamese.jpg\" alt=\"Vietnamise Flag\">\r\n                    <div>\r\n                        <h4>Vietnamin kielioppiharjoitus<\/h4>\r\n                        <p>Harjoittele vietnamin kielioppia.<\/p>\r\n                    <\/div>\r\n                <\/div>\r\n            <\/div>\r\n        <\/a>\r\n\r\n        \r\n        <a href=\"https:\/\/talkpal.ai\/vocabulary_language\/vietnamese\/\">\r\n            <div class=\"learnNavigationWrapper\">\r\n                <div class=\"learnNavigationContent\">\r\n                    <img decoding=\"async\" src=\"https:\/\/talkpal.ai\/wp-content\/uploads\/2024\/08\/Vietnamese.jpg\" alt=\"Vietnamise Flag\">\r\n                    <div>\r\n                        <h4>Vietnamin kielen sanasto<\/h4>\r\n                        <p>Laajenna vietnamilaista sanavarastoasi.<\/p>\r\n                    <\/div>\r\n                <\/div>\r\n            <\/div>\r\n        <\/a>\r\n\r\n            <\/section>","protected":false},"excerpt":{"rendered":"<p>Vietnamin kieliopin monimutkaisuus: kiinnostava tutkimus Vietnamin kieli, jolla on syv\u00e4t historialliset juuret ja ainutlaatuinen kulttuurinen tausta, tarjoaa houkuttelevan seikkailun sek\u00e4 kielitieteilij\u00f6ille ett\u00e4 kielenoppijoille. Vaikka vietnamin kielioppi saattaa aluksi nousta haasteeksi, sen yksinkertainen logiikka ja johdonmukaisuus tasoittavat tiet\u00e4 j\u00e4nnitt\u00e4v\u00e4lle oppimiskokemukselle. Valmistaudu siis kiehtovalle kielimatkalle, kun syvennymme vietnamin kieliopin erityispiirteisiin. 1. Aakkoset: lahja menneisyydest\u00e4 Vietnamin aakkoset, jotka [&hellip;]<\/p>\n","protected":false},"author":1,"featured_media":28779,"parent":0,"menu_order":0,"comment_status":"closed","ping_status":"closed","template":"LearningContentPage.php","meta":{"_acf_changed":false,"footnotes":""},"class_list":["post-152531","page","type-page","status-publish","has-post-thumbnail","hentry"],"acf":[],"yoast_head":"<!-- This site is optimized with the Yoast SEO Premium plugin v27.2 (Yoast SEO v27.2) - https:\/\/yoast.com\/product\/yoast-seo-premium-wordpress\/ -->\n<title>Vietnamin kielioppi - Talkpal<\/title>\n<meta name=\"description\" content=\"Tutustu vietnamin kieliopin kiehtoviin piirteisiin ja l\u00f6yd\u00e4 t\u00e4m\u00e4n ainutlaatuisen kielen oppimisen ilo.\" \/>\n<meta name=\"robots\" content=\"index, follow, max-snippet:-1, max-image-preview:large, max-video-preview:-1\" \/>\n<link rel=\"canonical\" href=\"https:\/\/talkpal.ai\/fi\/vietnamin-kielioppi\/\" \/>\n<meta property=\"og:locale\" content=\"fi_FI\" \/>\n<meta property=\"og:type\" content=\"article\" \/>\n<meta property=\"og:title\" content=\"Vietnamin kielioppi\" \/>\n<meta property=\"og:description\" content=\"Vietnamin kieliopin monimutkaisuus: kiinnostava tutkimus Vietnamin kieli, jolla on syv\u00e4t historialliset juuret ja ainutlaatuinen kulttuurinen tausta,\" \/>\n<meta property=\"og:url\" content=\"https:\/\/talkpal.ai\/fi\/vietnamin-kielioppi\/\" \/>\n<meta property=\"og:site_name\" content=\"Talkpal\" \/>\n<meta property=\"article:publisher\" content=\"https:\/\/www.facebook.com\/profile.php?id=100090733639311\" \/>\n<meta property=\"article:modified_time\" content=\"2025-12-12T10:53:44+00:00\" \/>\n<meta property=\"og:image\" content=\"https:\/\/talkpal.ai\/wp-content\/uploads\/2023\/05\/vietnam.png\" \/>\n\t<meta property=\"og:image:width\" content=\"512\" \/>\n\t<meta property=\"og:image:height\" content=\"512\" \/>\n\t<meta property=\"og:image:type\" content=\"image\/png\" \/>\n<meta name=\"twitter:card\" content=\"summary_large_image\" \/>\n<meta name=\"twitter:site\" content=\"@talkpalai\" \/>\n<meta name=\"twitter:label1\" content=\"Arvioitu lukuaika\" \/>\n\t<meta name=\"twitter:data1\" content=\"2 minuuttia\" \/>\n<script type=\"application\/ld+json\" class=\"yoast-schema-graph\">{\"@context\":\"https:\/\/schema.org\",\"@graph\":[{\"@type\":\"WebPage\",\"@id\":\"https:\/\/talkpal.ai\/fi\/vietnamin-kielioppi\/\",\"url\":\"https:\/\/talkpal.ai\/fi\/vietnamin-kielioppi\/\",\"name\":\"Vietnamin kielioppi - Talkpal\",\"isPartOf\":{\"@id\":\"https:\/\/talkpal.ai\/fi\/#website\"},\"primaryImageOfPage\":{\"@id\":\"https:\/\/talkpal.ai\/fi\/vietnamin-kielioppi\/#primaryimage\"},\"image\":{\"@id\":\"https:\/\/talkpal.ai\/fi\/vietnamin-kielioppi\/#primaryimage\"},\"thumbnailUrl\":\"https:\/\/talkpal.ai\/wp-content\/uploads\/2023\/05\/vietnam.png\",\"datePublished\":\"2023-05-14T14:23:00+00:00\",\"dateModified\":\"2025-12-12T10:53:44+00:00\",\"description\":\"Tutustu vietnamin kieliopin kiehtoviin piirteisiin ja l\u00f6yd\u00e4 t\u00e4m\u00e4n ainutlaatuisen kielen oppimisen ilo.\",\"breadcrumb\":{\"@id\":\"https:\/\/talkpal.ai\/fi\/vietnamin-kielioppi\/#breadcrumb\"},\"inLanguage\":\"fi\",\"potentialAction\":[{\"@type\":\"ReadAction\",\"target\":[\"https:\/\/talkpal.ai\/fi\/vietnamin-kielioppi\/\"]}]},{\"@type\":\"ImageObject\",\"inLanguage\":\"fi\",\"@id\":\"https:\/\/talkpal.ai\/fi\/vietnamin-kielioppi\/#primaryimage\",\"url\":\"https:\/\/talkpal.ai\/wp-content\/uploads\/2023\/05\/vietnam.png\",\"contentUrl\":\"https:\/\/talkpal.ai\/wp-content\/uploads\/2023\/05\/vietnam.png\",\"width\":512,\"height\":512},{\"@type\":\"BreadcrumbList\",\"@id\":\"https:\/\/talkpal.ai\/fi\/vietnamin-kielioppi\/#breadcrumb\",\"itemListElement\":[{\"@type\":\"ListItem\",\"position\":1,\"name\":\"Homepage\",\"item\":\"https:\/\/talkpal.ai\/fi\/\"},{\"@type\":\"ListItem\",\"position\":2,\"name\":\"Vietnamin kielioppi\"}]},{\"@type\":\"WebSite\",\"@id\":\"https:\/\/talkpal.ai\/fi\/#website\",\"url\":\"https:\/\/talkpal.ai\/fi\/\",\"name\":\"Talkpal\",\"description\":\"AI Language Learning\",\"publisher\":{\"@id\":\"https:\/\/talkpal.ai\/fi\/#organization\"},\"alternateName\":\"Talkpal AI\",\"potentialAction\":[{\"@type\":\"SearchAction\",\"target\":{\"@type\":\"EntryPoint\",\"urlTemplate\":\"https:\/\/talkpal.ai\/fi\/?s={search_term_string}\"},\"query-input\":{\"@type\":\"PropertyValueSpecification\",\"valueRequired\":true,\"valueName\":\"search_term_string\"}}],\"inLanguage\":\"fi\"},{\"@type\":\"Organization\",\"@id\":\"https:\/\/talkpal.ai\/fi\/#organization\",\"name\":\"Talkpal, Inc.\",\"alternateName\":\"Talkpal AI\",\"url\":\"https:\/\/talkpal.ai\/fi\/\",\"logo\":{\"@type\":\"ImageObject\",\"inLanguage\":\"fi\",\"@id\":\"https:\/\/talkpal.ai\/fi\/#\/schema\/logo\/image\/\",\"url\":\"https:\/\/talkpal.ai\/wp-content\/uploads\/2024\/03\/Talkpal-Logo-Icon.png\",\"contentUrl\":\"https:\/\/talkpal.ai\/wp-content\/uploads\/2024\/03\/Talkpal-Logo-Icon.png\",\"width\":2880,\"height\":2880,\"caption\":\"Talkpal, Inc.\"},\"image\":{\"@id\":\"https:\/\/talkpal.ai\/fi\/#\/schema\/logo\/image\/\"},\"sameAs\":[\"https:\/\/www.facebook.com\/profile.php?id=100090733639311\",\"https:\/\/x.com\/talkpalai\",\"https:\/\/www.linkedin.com\/company\/talkpal\/\",\"https:\/\/www.youtube.com\/@TalkPal\/\",\"https:\/\/www.tiktok.com\/@talkpal\",\"https:\/\/www.instagram.com\/talkpal_ai\/\",\"https:\/\/www.crunchbase.com\/organization\/talkpal-9cde\",\"https:\/\/www.g2.com\/products\/talkpal-for-business\/\",\"https:\/\/www.trustpilot.com\/review\/talkpal.ai\",\"https:\/\/www.capterra.com\/p\/10006800\/TalkPal\/\"],\"description\":\"Talkpal is a language learning web and mobile education app, powered by the latest AI technologies, that provides engaging experiences to its customers in many different languages to help them improve their language skills. Users can chat about unlimited amount of topics with the app and use other modes to practice their language learning.\",\"email\":\"support@talkpal.ai\",\"legalName\":\"Talkpal, Inc.\",\"foundingDate\":\"2023-04-03\",\"duns\":\"118989042\",\"numberOfEmployees\":{\"@type\":\"QuantitativeValue\",\"minValue\":\"11\",\"maxValue\":\"50\"},\"publishingPrinciples\":\"https:\/\/talkpal.ai\/publishing-principles\/\",\"actionableFeedbackPolicy\":\"https:\/\/talkpal.ai\/actionable-feedback-policy\/\",\"correctionsPolicy\":\"https:\/\/talkpal.ai\/corrections-policy\/\",\"ethicsPolicy\":\"https:\/\/talkpal.ai\/ethics-policy\/\",\"diversityPolicy\":\"https:\/\/talkpal.ai\/diversity-policy\/\",\"diversityStaffingReport\":\"https:\/\/talkpal.ai\/diversity-policy\/\"}]}<\/script>\n<!-- \/ Yoast SEO Premium plugin. -->","yoast_head_json":{"title":"Vietnamin kielioppi - Talkpal","description":"Tutustu vietnamin kieliopin kiehtoviin piirteisiin ja l\u00f6yd\u00e4 t\u00e4m\u00e4n ainutlaatuisen kielen oppimisen ilo.","robots":{"index":"index","follow":"follow","max-snippet":"max-snippet:-1","max-image-preview":"max-image-preview:large","max-video-preview":"max-video-preview:-1"},"canonical":"https:\/\/talkpal.ai\/fi\/vietnamin-kielioppi\/","og_locale":"fi_FI","og_type":"article","og_title":"Vietnamin kielioppi","og_description":"Vietnamin kieliopin monimutkaisuus: kiinnostava tutkimus Vietnamin kieli, jolla on syv\u00e4t historialliset juuret ja ainutlaatuinen kulttuurinen tausta,","og_url":"https:\/\/talkpal.ai\/fi\/vietnamin-kielioppi\/","og_site_name":"Talkpal","article_publisher":"https:\/\/www.facebook.com\/profile.php?id=100090733639311","article_modified_time":"2025-12-12T10:53:44+00:00","og_image":[{"width":512,"height":512,"url":"https:\/\/talkpal.ai\/wp-content\/uploads\/2023\/05\/vietnam.png","type":"image\/png"}],"twitter_card":"summary_large_image","twitter_site":"@talkpalai","twitter_misc":{"Arvioitu lukuaika":"2 minuuttia"},"schema":{"@context":"https:\/\/schema.org","@graph":[{"@type":"WebPage","@id":"https:\/\/talkpal.ai\/fi\/vietnamin-kielioppi\/","url":"https:\/\/talkpal.ai\/fi\/vietnamin-kielioppi\/","name":"Vietnamin kielioppi - Talkpal","isPartOf":{"@id":"https:\/\/talkpal.ai\/fi\/#website"},"primaryImageOfPage":{"@id":"https:\/\/talkpal.ai\/fi\/vietnamin-kielioppi\/#primaryimage"},"image":{"@id":"https:\/\/talkpal.ai\/fi\/vietnamin-kielioppi\/#primaryimage"},"thumbnailUrl":"https:\/\/talkpal.ai\/wp-content\/uploads\/2023\/05\/vietnam.png","datePublished":"2023-05-14T14:23:00+00:00","dateModified":"2025-12-12T10:53:44+00:00","description":"Tutustu vietnamin kieliopin kiehtoviin piirteisiin ja l\u00f6yd\u00e4 t\u00e4m\u00e4n ainutlaatuisen kielen oppimisen ilo.","breadcrumb":{"@id":"https:\/\/talkpal.ai\/fi\/vietnamin-kielioppi\/#breadcrumb"},"inLanguage":"fi","potentialAction":[{"@type":"ReadAction","target":["https:\/\/talkpal.ai\/fi\/vietnamin-kielioppi\/"]}]},{"@type":"ImageObject","inLanguage":"fi","@id":"https:\/\/talkpal.ai\/fi\/vietnamin-kielioppi\/#primaryimage","url":"https:\/\/talkpal.ai\/wp-content\/uploads\/2023\/05\/vietnam.png","contentUrl":"https:\/\/talkpal.ai\/wp-content\/uploads\/2023\/05\/vietnam.png","width":512,"height":512},{"@type":"BreadcrumbList","@id":"https:\/\/talkpal.ai\/fi\/vietnamin-kielioppi\/#breadcrumb","itemListElement":[{"@type":"ListItem","position":1,"name":"Homepage","item":"https:\/\/talkpal.ai\/fi\/"},{"@type":"ListItem","position":2,"name":"Vietnamin kielioppi"}]},{"@type":"WebSite","@id":"https:\/\/talkpal.ai\/fi\/#website","url":"https:\/\/talkpal.ai\/fi\/","name":"Talkpal","description":"AI Language Learning","publisher":{"@id":"https:\/\/talkpal.ai\/fi\/#organization"},"alternateName":"Talkpal AI","potentialAction":[{"@type":"SearchAction","target":{"@type":"EntryPoint","urlTemplate":"https:\/\/talkpal.ai\/fi\/?s={search_term_string}"},"query-input":{"@type":"PropertyValueSpecification","valueRequired":true,"valueName":"search_term_string"}}],"inLanguage":"fi"},{"@type":"Organization","@id":"https:\/\/talkpal.ai\/fi\/#organization","name":"Talkpal, Inc.","alternateName":"Talkpal AI","url":"https:\/\/talkpal.ai\/fi\/","logo":{"@type":"ImageObject","inLanguage":"fi","@id":"https:\/\/talkpal.ai\/fi\/#\/schema\/logo\/image\/","url":"https:\/\/talkpal.ai\/wp-content\/uploads\/2024\/03\/Talkpal-Logo-Icon.png","contentUrl":"https:\/\/talkpal.ai\/wp-content\/uploads\/2024\/03\/Talkpal-Logo-Icon.png","width":2880,"height":2880,"caption":"Talkpal, Inc."},"image":{"@id":"https:\/\/talkpal.ai\/fi\/#\/schema\/logo\/image\/"},"sameAs":["https:\/\/www.facebook.com\/profile.php?id=100090733639311","https:\/\/x.com\/talkpalai","https:\/\/www.linkedin.com\/company\/talkpal\/","https:\/\/www.youtube.com\/@TalkPal\/","https:\/\/www.tiktok.com\/@talkpal","https:\/\/www.instagram.com\/talkpal_ai\/","https:\/\/www.crunchbase.com\/organization\/talkpal-9cde","https:\/\/www.g2.com\/products\/talkpal-for-business\/","https:\/\/www.trustpilot.com\/review\/talkpal.ai","https:\/\/www.capterra.com\/p\/10006800\/TalkPal\/"],"description":"Talkpal is a language learning web and mobile education app, powered by the latest AI technologies, that provides engaging experiences to its customers in many different languages to help them improve their language skills. Users can chat about unlimited amount of topics with the app and use other modes to practice their language learning.","email":"support@talkpal.ai","legalName":"Talkpal, Inc.","foundingDate":"2023-04-03","duns":"118989042","numberOfEmployees":{"@type":"QuantitativeValue","minValue":"11","maxValue":"50"},"publishingPrinciples":"https:\/\/talkpal.ai\/publishing-principles\/","actionableFeedbackPolicy":"https:\/\/talkpal.ai\/actionable-feedback-policy\/","correctionsPolicy":"https:\/\/talkpal.ai\/corrections-policy\/","ethicsPolicy":"https:\/\/talkpal.ai\/ethics-policy\/","diversityPolicy":"https:\/\/talkpal.ai\/diversity-policy\/","diversityStaffingReport":"https:\/\/talkpal.ai\/diversity-policy\/"}]}},"_links":{"self":[{"href":"https:\/\/talkpal.ai\/fi\/wp-json\/wp\/v2\/pages\/152531","targetHints":{"allow":["GET"]}}],"collection":[{"href":"https:\/\/talkpal.ai\/fi\/wp-json\/wp\/v2\/pages"}],"about":[{"href":"https:\/\/talkpal.ai\/fi\/wp-json\/wp\/v2\/types\/page"}],"author":[{"embeddable":true,"href":"https:\/\/talkpal.ai\/fi\/wp-json\/wp\/v2\/users\/1"}],"replies":[{"embeddable":true,"href":"https:\/\/talkpal.ai\/fi\/wp-json\/wp\/v2\/comments?post=152531"}],"version-history":[{"count":0,"href":"https:\/\/talkpal.ai\/fi\/wp-json\/wp\/v2\/pages\/152531\/revisions"}],"wp:featuredmedia":[{"embeddable":true,"href":"https:\/\/talkpal.ai\/fi\/wp-json\/wp\/v2\/media\/28779"}],"wp:attachment":[{"href":"https:\/\/talkpal.ai\/fi\/wp-json\/wp\/v2\/media?parent=152531"}],"curies":[{"name":"wp","href":"https:\/\/api.w.org\/{rel}","templated":true}]}}