{"id":152221,"date":"2023-05-14T14:22:39","date_gmt":"2023-05-14T14:22:39","guid":{"rendered":"http:\/\/talkpal.ai\/urdun-kielioppi\/"},"modified":"2025-12-11T16:27:03","modified_gmt":"2025-12-11T16:27:03","slug":"urdun-kielioppi","status":"publish","type":"page","link":"https:\/\/talkpal.ai\/fi\/urdun-kielioppi\/","title":{"rendered":"Urdun kielioppi"},"content":{"rendered":"\r\n\r\n\r\n<section class=\"languageChallengeSection\">\r\n    <div class=\"languageInfoWrapper\">\r\n        \r\n        <h1>Urdun kielioppi<\/h1>\r\n        <p>Kiinnostaako urdun oppiminen? Tutustu urdun kielioppiin, jossa elegantti kirjoitusasu, sukupuolittuneet substantiivit ja ilmeikk\u00e4\u00e4t verbimuodot luovat kielen, joka on sek\u00e4 runollinen ett\u00e4 k\u00e4yt\u00e4nn\u00f6llinen. Aloita urdu-opintomatkasi jo t\u00e4n\u00e4\u00e4n &#8211; sen kieliopin hallitseminen avaa sinulle uusia viestint\u00e4polkuja ja yhdist\u00e4\u00e4 sinut syv\u00e4llisesti Etel\u00e4-Aasian rikkaisiin kirjallisiin ja kulttuurisiin perinteisiin!<\/p>\r\n\r\n                            <a class=\"getStartedHidden\" href=\"https:\/\/app.talkpal.ai\/fi\/signup?lng=\">Aloita<\/a>\r\n        \r\n    <\/div>\r\n\r\n    <figure>\r\n    <img decoding=\"async\" width=\"768\" height=\"768\" src=\"https:\/\/talkpal.ai\/wp-content\/uploads\/2023\/06\/urdu-768x768.png\" class=\"languageImage no-lazy\" alt=\"Default alt text\" fetchpriority=\"high\" sizes=\"(max-width: 768px) 150px, 768px\" srcset=\"https:\/\/talkpal.ai\/wp-content\/uploads\/2023\/06\/urdu-768x768.png 768w, https:\/\/talkpal.ai\/wp-content\/uploads\/2023\/06\/urdu-300x300.png 300w\" \/>\r\n    \r\n\r\n    <\/figure>\r\n\r\n            <a class=\"getStartedVisible\" href=\"https:\/\/app.talkpal.ai\/fi\/signup?lng=\">Aloita<\/a>\r\n    \r\n<\/section>\r\n        <section class=\"grammarSection\">\r\n            <div class=\"grammarLinks\">\r\n                <a href=\"https:\/\/talkpal.ai\/fi\/language\/adjektiivit-urdun-kielioppi\/\">Adjektiivit <\/a><a href=\"https:\/\/talkpal.ai\/fi\/language\/adverbit-urdun-kielioppi\/\">Adverbit <\/a><a href=\"https:\/\/talkpal.ai\/fi\/language\/aikamuodot-urdun-kielioppi\/\">Aikamuodot <\/a><a href=\"https:\/\/talkpal.ai\/fi\/language\/aikamuotojen-vertailu-urdun-kielioppi\/\">Aikamuotojen vertailu <\/a><a href=\"https:\/\/talkpal.ai\/fi\/language\/artikkelit-urdun-kielioppi\/\">Artikkelit <\/a><a href=\"https:\/\/talkpal.ai\/fi\/language\/konditionaalit-urdun-kielioppi\/\">Konditionaalit <\/a><a href=\"https:\/\/talkpal.ai\/fi\/language\/lauseet-urdun-kielioppi\/\">Lauseet <\/a><a href=\"https:\/\/talkpal.ai\/fi\/language\/prepositiot-urdun-kielioppi\/\">Prepositiot <\/a><a href=\"https:\/\/talkpal.ai\/fi\/language\/progressiivinen-urdun-kielioppi\/\">Progressiivinen <\/a><a href=\"https:\/\/talkpal.ai\/fi\/language\/pronominit-determinerit-urdun-kielioppi\/\">Pronominit\/Determinerit <\/a><a href=\"https:\/\/talkpal.ai\/fi\/language\/substantiivit-urdun-kielioppi\/\">Substantiivit <\/a><a href=\"https:\/\/talkpal.ai\/fi\/language\/taydellinen-progressiivinen-urdun-kielioppi\/\">T\u00e4ydellinen progressiivinen <\/a><a href=\"https:\/\/talkpal.ai\/fi\/language\/verbit-urdun-kielioppi\/\">Verbit <\/a>            <\/div>\r\n        <\/section>\r\n    <section class=\"promotionalBanner\">\r\n    <p class=\"promotionalText\">Tehokkain tapa oppia kielt\u00e4<\/p>\r\n    <a class=\"promotionalLink\" href=\"https:\/\/app.talkpal.ai\/fi\/signup?lng=\">Kokeile Talkpal ilmaiseksi<\/a>\r\n<\/section>\n<div class=\"wp-block-group pageContainerStyle\"><div class=\"wp-block-group__inner-container is-layout-constrained wp-block-group-is-layout-constrained\">\n<h2 class=\"wp-block-heading\" id=\"h-urdu-grammar-exploring-the-beauty-and-intricacies-of-the-indo-aryan-language\">Urdu-kielioppi: indo-arjalaisen kielen kauneuden ja monimutkaisuuden tutkiminen<\/h2>\n\n\n\n<p>Kielten harrastajat ja uteliaat oppijat, oletko valmis sukeltamaan urdun kieliopin kiehtovaan maailmaan? <a href=\"https:\/\/talkpal.ai\/learn-urdu\/\">Urdu<\/a>, indo-arjalainen kieli, on Pakistanin kansallinen kieli ja yksi Intian virallisista kielist\u00e4. Noin 70 miljoonalla puhujalla ymp\u00e4ri maailmaa urdu ei ole vain rikas ja ilmeik\u00e4s kieli, vaan my\u00f6s silta vilkkaaseen kulttuuriin ja historiaan. T\u00e4ss\u00e4 artikkelissa perehdymme urdun kieliopin erityispiirteisiin ja selvit\u00e4mme, mik\u00e4 erottaa sen muista kielist\u00e4.<\/p>\n\n\n\n<h3 class=\"wp-block-heading\" id=\"h-script-and-pronunciation-the-elegant-nastaliq\">K\u00e4sikirjoitus ja \u00e4\u00e4nt\u00e4minen: Tyylik\u00e4s Nastaliq<\/h3>\n\n\n\n<p>Urdu-kirjoitus perustuu persialais-arabialaiseen Nastaliq-tyyliin, joka kirjoitetaan ja luetaan oikealta vasemmalle. Nastaliq-kirjoitus koostuu 38 kirjaimesta, joissa on ylim\u00e4\u00e4r\u00e4isi\u00e4 diakriittisi\u00e4 merkkej\u00e4 vokaaleille ja \u00e4\u00e4nt\u00e4miselle, ja se on sek\u00e4 tyylik\u00e4s ett\u00e4 sujuva. Urdun \u00e4\u00e4nteiden \u00e4\u00e4nt\u00e4misen oppiminen ja hallitseminen on ensimm\u00e4inen askel kohti kielen kieliopin ymm\u00e4rt\u00e4mist\u00e4.<\/p>\n\n\n\n<h3 class=\"wp-block-heading\" id=\"h-nouns-and-pronouns-exploring-gender-number-and-case\">Substantiivit ja pronominit: sukupuolen, numeron ja kirjainkoon tutkiminen<\/h3>\n\n\n\n<p>Urdu-substantiivit luokitellaan sukupuolen (maskuliininen <a href=\"https:\/\/talkpal.ai\/learn-thai\/\">tai<\/a> feminiininen), numeron (yksikk\u00f6 tai monikko) ja tapauksen (suora tai vino) mukaan. Kieless\u00e4 ei ole artikkeleita (kuten &#8217;a&#8217; tai &#8217;the&#8217;), vaan sen sijaan se luottaa asiayhteyteen m\u00e4\u00e4ritelm\u00e4n v\u00e4litt\u00e4misess\u00e4. Urdu-pronominit seuraavat my\u00f6s sukupuolen, lukum\u00e4\u00e4r\u00e4n ja tapauseroja, ja niill\u00e4 on erilaisia kohteliaisuuden ja tuttuuden muotoja.<\/p>\n\n\n\n<h3 class=\"wp-block-heading\" id=\"h-postpositions-and-cases-urdu-s-unique-approach-to-indicating-relationships\">Postpositiot ja tapaukset: Urdun ainutlaatuinen l\u00e4hestymistapa suhteiden ilmaisemiseen.<\/h3>\n\n\n\n<p>Prepositioiden sijaan urdu k\u00e4ytt\u00e4\u00e4 postpositioita &#8211; sanoja, jotka tulevat hallitsemiensa substantiivien j\u00e4lkeen. T\u00e4m\u00e4 erottuva piirre n\u00e4kyy koko kielell\u00e4 ja vaikuttaa merkitt\u00e4v\u00e4sti tapausmerkint\u00f6ihin. Urdun kahta tapaa, suoraa ja vino tapaa, k\u00e4ytet\u00e4\u00e4n yhdess\u00e4 postpositioiden kanssa osoittamaan sanojen v\u00e4lisi\u00e4 suhteita.<\/p>\n\n\n\n<h3 class=\"wp-block-heading\" id=\"h-harnessing-the-power-of-verbs-tense-aspect-and-moods\">Verbien voiman valjastaminen: aikamuoto, aspekti ja tunnelmat<\/h3>\n\n\n\n<p>Urdu-verbit ovat kiehtovia niiden erilaisilla aikamuodoilla (menneisyys, nykyisyys ja tulevaisuus), aspekteilla (perfektiivi, imperfektiivi ja tavanomainen) ja tunnelmilla (ohjeellinen, imperatiivi ja subjunktiivi). Kieli k\u00e4ytt\u00e4\u00e4 my\u00f6s laajasti apuverbej\u00e4 yhdistettyjen aikamuotojen muodostamiseksi, ilmaisemalla vivahteita ajassa ja toimintojen suorittamisessa.<\/p>\n\n\n\n<p>Verbit ovat my\u00f6s samaa mielt\u00e4 aiheidensa kanssa sukupuolen ja lukum\u00e4\u00e4r\u00e4n suhteen, mik\u00e4 lis\u00e4\u00e4 edelleen monimutkaisuutta ja rikkautta urdu-kielioppiin.<\/p>\n\n\n\n<h3 class=\"wp-block-heading\" id=\"h-adjectives-adverbs-and-more-adding-color-to-your-language\">Adjektiivit, adverbit ja paljon muuta: v\u00e4rin lis\u00e4\u00e4minen kieleen<\/h3>\n\n\n\n<p>Urdu-adjektiivit seuraavat yleens\u00e4 muokkaamiaan substantiiveja ja ovat samaa mielt\u00e4 niiden kanssa sukupuolen ja lukum\u00e4\u00e4r\u00e4n suhteen. Adjektiiveja voidaan tehostaa komparatiiveilla ja superlatiiveilla, mik\u00e4 lis\u00e4\u00e4 kuvauksiin syvyytt\u00e4. Urdu-adverbeilla, jotka ovat per\u00e4isin adjektiiveista tai jotka ovat itsen\u00e4isesti olemassa, on my\u00f6s t\u00e4rke\u00e4 rooli kielell\u00e4, sill\u00e4 ne antavat tietoa ajasta, tavasta, paikasta ja asteesta.<\/p>\n\n\n\n<p>Urdun kieliopissa on lukuisia konjunktioita, interjektioita, hiukkasia ja paljon muuta, mik\u00e4 auttaa sinua rakentamaan rikkaita, merkityksellisi\u00e4 ja ilmeikk\u00e4it\u00e4 lauseita.<\/p>\n\n\n\n<h3 class=\"wp-block-heading\" id=\"h-embracing-the-world-of-urdu-grammar\">Urdu-kieliopin maailman omaksuminen<\/h3>\n\n\n\n<p><a href=\"https:\/\/talkpal.ai\/fi\/grammar\/huutolauseet-urdun-kielioppissa\/\">Urdun kielioppi<\/a> saattaa aluksi vaikuttaa monimutkaiselta, mutta kun syvennyt sen kiemuroihin, huomaat, ett\u00e4 kieli on t\u00e4ynn\u00e4 kauneutta ja ilmaisua. Urdun oppiminen ei ainoastaan paranna ymm\u00e4rryst\u00e4si indo-arjalaisesta kieliperheest\u00e4, vaan auttaa my\u00f6s yhdist\u00e4m\u00e4\u00e4n lumoavaan kulttuuriin, kirjallisuuteen ja historiaan.<\/p>\n\n\n\n<p>Joten, miksi et aloittaisi j\u00e4nnitt\u00e4v\u00e4\u00e4 matkaa urdu-kieliopin oppimiseen? Omistautumisella ja uteliaisuudella saatat pian l\u00f6yt\u00e4\u00e4 itsesi keskustelemasta \u00e4idinkielen\u00e4\u00e4n puhuvien kanssa, vaihtamalla ideoita ja tarinoita t\u00e4ll\u00e4 voimakkaalla kielell\u00e4. Hyv\u00e4\u00e4 oppimista!<\/p>\n<\/div><\/div>\n\r\n<section class=\"learnNavigationSection\">\r\n            \r\n        <a href=\"https:\/\/talkpal.ai\/fi\/opi-urdua\/\">\r\n            <div class=\"learnNavigationWrapper\">\r\n                <div class=\"learnNavigationContent\">\r\n                    <img decoding=\"async\" src=\"https:\/\/talkpal.ai\/wp-content\/uploads\/2024\/08\/Urdu.jpg\" alt=\"Pakistani Flag\">\r\n                    <div>\r\n                        <h4>Tietoja Urdu-oppimisesta<\/h4>\r\n                        <p>Tutustu kaikkeen urdun kielioppiin.<\/p>\r\n                    <\/div>\r\n                <\/div>\r\n            <\/div>\r\n        <\/a>\r\n\r\n        \r\n        <a href=\"https:\/\/talkpal.ai\/fi\/urdun-kielioppiharjoitukset\/\">\r\n            <div class=\"learnNavigationWrapper\">\r\n                <div class=\"learnNavigationContent\">\r\n                    <img decoding=\"async\" src=\"https:\/\/talkpal.ai\/wp-content\/uploads\/2024\/08\/Urdu.jpg\" alt=\"Pakistani Flag\">\r\n                    <div>\r\n                        <h4>Urdu kielioppi Harjoitus<\/h4>\r\n                        <p>Harjoittele urdu-kielioppia.<\/p>\r\n                    <\/div>\r\n                <\/div>\r\n            <\/div>\r\n        <\/a>\r\n\r\n        \r\n        <a href=\"https:\/\/talkpal.ai\/vocabulary_language\/urdu\/\">\r\n            <div class=\"learnNavigationWrapper\">\r\n                <div class=\"learnNavigationContent\">\r\n                    <img decoding=\"async\" src=\"https:\/\/talkpal.ai\/wp-content\/uploads\/2024\/08\/Urdu.jpg\" alt=\"Pakistani Flag\">\r\n                    <div>\r\n                        <h4>Urdu sanastoa<\/h4>\r\n                        <p>Laajenna urdu-sanastoa.<\/p>\r\n                    <\/div>\r\n                <\/div>\r\n            <\/div>\r\n        <\/a>\r\n\r\n            <\/section>","protected":false},"excerpt":{"rendered":"<p>Urdu-kielioppi: indo-arjalaisen kielen kauneuden ja monimutkaisuuden tutkiminen Kielten harrastajat ja uteliaat oppijat, oletko valmis sukeltamaan urdun kieliopin kiehtovaan maailmaan? Urdu, indo-arjalainen kieli, on Pakistanin kansallinen kieli ja yksi Intian virallisista kielist\u00e4. Noin 70 miljoonalla puhujalla ymp\u00e4ri maailmaa urdu ei ole vain rikas ja ilmeik\u00e4s kieli, vaan my\u00f6s silta vilkkaaseen kulttuuriin ja historiaan. T\u00e4ss\u00e4 artikkelissa perehdymme [&hellip;]<\/p>\n","protected":false},"author":1,"featured_media":28763,"parent":0,"menu_order":0,"comment_status":"closed","ping_status":"closed","template":"LearningContentPage.php","meta":{"_acf_changed":false,"footnotes":""},"class_list":["post-152221","page","type-page","status-publish","has-post-thumbnail","hentry"],"acf":[],"yoast_head":"<!-- This site is optimized with the Yoast SEO Premium plugin v27.2 (Yoast SEO v27.2) - https:\/\/yoast.com\/product\/yoast-seo-premium-wordpress\/ -->\n<title>Urdun kielioppi - Talkpal<\/title>\n<meta name=\"description\" content=\"Avaa urdun kieliopin kauneus. Tutustu sen ainutlaatuisiin piirteisiin, k\u00e4sikirjoitukseen ja siihen, miten se liittyy kulttuuriin ja historiaan.\" \/>\n<meta name=\"robots\" content=\"index, follow, max-snippet:-1, max-image-preview:large, max-video-preview:-1\" \/>\n<link rel=\"canonical\" href=\"https:\/\/talkpal.ai\/fi\/urdun-kielioppi\/\" \/>\n<meta property=\"og:locale\" content=\"fi_FI\" \/>\n<meta property=\"og:type\" content=\"article\" \/>\n<meta property=\"og:title\" content=\"Urdun kielioppi\" \/>\n<meta property=\"og:description\" content=\"Urdu-kielioppi: indo-arjalaisen kielen kauneuden ja monimutkaisuuden tutkiminen Kielten harrastajat ja uteliaat oppijat, oletko valmis sukeltamaan urdun\" \/>\n<meta property=\"og:url\" content=\"https:\/\/talkpal.ai\/fi\/urdun-kielioppi\/\" \/>\n<meta property=\"og:site_name\" content=\"Talkpal\" \/>\n<meta property=\"article:publisher\" content=\"https:\/\/www.facebook.com\/profile.php?id=100090733639311\" \/>\n<meta property=\"article:modified_time\" content=\"2025-12-11T16:27:03+00:00\" \/>\n<meta property=\"og:image\" content=\"https:\/\/talkpal.ai\/wp-content\/uploads\/2023\/05\/Urdu-pakistan.png\" \/>\n\t<meta property=\"og:image:width\" content=\"512\" \/>\n\t<meta property=\"og:image:height\" content=\"512\" \/>\n\t<meta property=\"og:image:type\" content=\"image\/png\" \/>\n<meta name=\"twitter:card\" content=\"summary_large_image\" \/>\n<meta name=\"twitter:site\" content=\"@talkpalai\" \/>\n<meta name=\"twitter:label1\" content=\"Arvioitu lukuaika\" \/>\n\t<meta name=\"twitter:data1\" content=\"2 minuuttia\" \/>\n<script type=\"application\/ld+json\" class=\"yoast-schema-graph\">{\"@context\":\"https:\/\/schema.org\",\"@graph\":[{\"@type\":\"WebPage\",\"@id\":\"https:\/\/talkpal.ai\/fi\/urdun-kielioppi\/\",\"url\":\"https:\/\/talkpal.ai\/fi\/urdun-kielioppi\/\",\"name\":\"Urdun kielioppi - Talkpal\",\"isPartOf\":{\"@id\":\"https:\/\/talkpal.ai\/fi\/#website\"},\"primaryImageOfPage\":{\"@id\":\"https:\/\/talkpal.ai\/fi\/urdun-kielioppi\/#primaryimage\"},\"image\":{\"@id\":\"https:\/\/talkpal.ai\/fi\/urdun-kielioppi\/#primaryimage\"},\"thumbnailUrl\":\"https:\/\/talkpal.ai\/wp-content\/uploads\/2023\/05\/Urdu-pakistan.png\",\"datePublished\":\"2023-05-14T14:22:39+00:00\",\"dateModified\":\"2025-12-11T16:27:03+00:00\",\"description\":\"Avaa urdun kieliopin kauneus. Tutustu sen ainutlaatuisiin piirteisiin, k\u00e4sikirjoitukseen ja siihen, miten se liittyy kulttuuriin ja historiaan.\",\"breadcrumb\":{\"@id\":\"https:\/\/talkpal.ai\/fi\/urdun-kielioppi\/#breadcrumb\"},\"inLanguage\":\"fi\",\"potentialAction\":[{\"@type\":\"ReadAction\",\"target\":[\"https:\/\/talkpal.ai\/fi\/urdun-kielioppi\/\"]}]},{\"@type\":\"ImageObject\",\"inLanguage\":\"fi\",\"@id\":\"https:\/\/talkpal.ai\/fi\/urdun-kielioppi\/#primaryimage\",\"url\":\"https:\/\/talkpal.ai\/wp-content\/uploads\/2023\/05\/Urdu-pakistan.png\",\"contentUrl\":\"https:\/\/talkpal.ai\/wp-content\/uploads\/2023\/05\/Urdu-pakistan.png\",\"width\":512,\"height\":512},{\"@type\":\"BreadcrumbList\",\"@id\":\"https:\/\/talkpal.ai\/fi\/urdun-kielioppi\/#breadcrumb\",\"itemListElement\":[{\"@type\":\"ListItem\",\"position\":1,\"name\":\"Homepage\",\"item\":\"https:\/\/talkpal.ai\/fi\/\"},{\"@type\":\"ListItem\",\"position\":2,\"name\":\"Urdun kielioppi\"}]},{\"@type\":\"WebSite\",\"@id\":\"https:\/\/talkpal.ai\/fi\/#website\",\"url\":\"https:\/\/talkpal.ai\/fi\/\",\"name\":\"Talkpal\",\"description\":\"AI Language Learning\",\"publisher\":{\"@id\":\"https:\/\/talkpal.ai\/fi\/#organization\"},\"alternateName\":\"Talkpal AI\",\"potentialAction\":[{\"@type\":\"SearchAction\",\"target\":{\"@type\":\"EntryPoint\",\"urlTemplate\":\"https:\/\/talkpal.ai\/fi\/?s={search_term_string}\"},\"query-input\":{\"@type\":\"PropertyValueSpecification\",\"valueRequired\":true,\"valueName\":\"search_term_string\"}}],\"inLanguage\":\"fi\"},{\"@type\":\"Organization\",\"@id\":\"https:\/\/talkpal.ai\/fi\/#organization\",\"name\":\"Talkpal, Inc.\",\"alternateName\":\"Talkpal AI\",\"url\":\"https:\/\/talkpal.ai\/fi\/\",\"logo\":{\"@type\":\"ImageObject\",\"inLanguage\":\"fi\",\"@id\":\"https:\/\/talkpal.ai\/fi\/#\/schema\/logo\/image\/\",\"url\":\"https:\/\/talkpal.ai\/wp-content\/uploads\/2024\/03\/Talkpal-Logo-Icon.png\",\"contentUrl\":\"https:\/\/talkpal.ai\/wp-content\/uploads\/2024\/03\/Talkpal-Logo-Icon.png\",\"width\":2880,\"height\":2880,\"caption\":\"Talkpal, Inc.\"},\"image\":{\"@id\":\"https:\/\/talkpal.ai\/fi\/#\/schema\/logo\/image\/\"},\"sameAs\":[\"https:\/\/www.facebook.com\/profile.php?id=100090733639311\",\"https:\/\/x.com\/talkpalai\",\"https:\/\/www.linkedin.com\/company\/talkpal\/\",\"https:\/\/www.youtube.com\/@TalkPal\/\",\"https:\/\/www.tiktok.com\/@talkpal\",\"https:\/\/www.instagram.com\/talkpal_ai\/\",\"https:\/\/www.crunchbase.com\/organization\/talkpal-9cde\",\"https:\/\/www.g2.com\/products\/talkpal-for-business\/\",\"https:\/\/www.trustpilot.com\/review\/talkpal.ai\",\"https:\/\/www.capterra.com\/p\/10006800\/TalkPal\/\"],\"description\":\"Talkpal is a language learning web and mobile education app, powered by the latest AI technologies, that provides engaging experiences to its customers in many different languages to help them improve their language skills. Users can chat about unlimited amount of topics with the app and use other modes to practice their language learning.\",\"email\":\"support@talkpal.ai\",\"legalName\":\"Talkpal, Inc.\",\"foundingDate\":\"2023-04-03\",\"duns\":\"118989042\",\"numberOfEmployees\":{\"@type\":\"QuantitativeValue\",\"minValue\":\"11\",\"maxValue\":\"50\"},\"publishingPrinciples\":\"https:\/\/talkpal.ai\/publishing-principles\/\",\"actionableFeedbackPolicy\":\"https:\/\/talkpal.ai\/actionable-feedback-policy\/\",\"correctionsPolicy\":\"https:\/\/talkpal.ai\/corrections-policy\/\",\"ethicsPolicy\":\"https:\/\/talkpal.ai\/ethics-policy\/\",\"diversityPolicy\":\"https:\/\/talkpal.ai\/diversity-policy\/\",\"diversityStaffingReport\":\"https:\/\/talkpal.ai\/diversity-policy\/\"}]}<\/script>\n<!-- \/ Yoast SEO Premium plugin. -->","yoast_head_json":{"title":"Urdun kielioppi - Talkpal","description":"Avaa urdun kieliopin kauneus. Tutustu sen ainutlaatuisiin piirteisiin, k\u00e4sikirjoitukseen ja siihen, miten se liittyy kulttuuriin ja historiaan.","robots":{"index":"index","follow":"follow","max-snippet":"max-snippet:-1","max-image-preview":"max-image-preview:large","max-video-preview":"max-video-preview:-1"},"canonical":"https:\/\/talkpal.ai\/fi\/urdun-kielioppi\/","og_locale":"fi_FI","og_type":"article","og_title":"Urdun kielioppi","og_description":"Urdu-kielioppi: indo-arjalaisen kielen kauneuden ja monimutkaisuuden tutkiminen Kielten harrastajat ja uteliaat oppijat, oletko valmis sukeltamaan urdun","og_url":"https:\/\/talkpal.ai\/fi\/urdun-kielioppi\/","og_site_name":"Talkpal","article_publisher":"https:\/\/www.facebook.com\/profile.php?id=100090733639311","article_modified_time":"2025-12-11T16:27:03+00:00","og_image":[{"width":512,"height":512,"url":"https:\/\/talkpal.ai\/wp-content\/uploads\/2023\/05\/Urdu-pakistan.png","type":"image\/png"}],"twitter_card":"summary_large_image","twitter_site":"@talkpalai","twitter_misc":{"Arvioitu lukuaika":"2 minuuttia"},"schema":{"@context":"https:\/\/schema.org","@graph":[{"@type":"WebPage","@id":"https:\/\/talkpal.ai\/fi\/urdun-kielioppi\/","url":"https:\/\/talkpal.ai\/fi\/urdun-kielioppi\/","name":"Urdun kielioppi - Talkpal","isPartOf":{"@id":"https:\/\/talkpal.ai\/fi\/#website"},"primaryImageOfPage":{"@id":"https:\/\/talkpal.ai\/fi\/urdun-kielioppi\/#primaryimage"},"image":{"@id":"https:\/\/talkpal.ai\/fi\/urdun-kielioppi\/#primaryimage"},"thumbnailUrl":"https:\/\/talkpal.ai\/wp-content\/uploads\/2023\/05\/Urdu-pakistan.png","datePublished":"2023-05-14T14:22:39+00:00","dateModified":"2025-12-11T16:27:03+00:00","description":"Avaa urdun kieliopin kauneus. Tutustu sen ainutlaatuisiin piirteisiin, k\u00e4sikirjoitukseen ja siihen, miten se liittyy kulttuuriin ja historiaan.","breadcrumb":{"@id":"https:\/\/talkpal.ai\/fi\/urdun-kielioppi\/#breadcrumb"},"inLanguage":"fi","potentialAction":[{"@type":"ReadAction","target":["https:\/\/talkpal.ai\/fi\/urdun-kielioppi\/"]}]},{"@type":"ImageObject","inLanguage":"fi","@id":"https:\/\/talkpal.ai\/fi\/urdun-kielioppi\/#primaryimage","url":"https:\/\/talkpal.ai\/wp-content\/uploads\/2023\/05\/Urdu-pakistan.png","contentUrl":"https:\/\/talkpal.ai\/wp-content\/uploads\/2023\/05\/Urdu-pakistan.png","width":512,"height":512},{"@type":"BreadcrumbList","@id":"https:\/\/talkpal.ai\/fi\/urdun-kielioppi\/#breadcrumb","itemListElement":[{"@type":"ListItem","position":1,"name":"Homepage","item":"https:\/\/talkpal.ai\/fi\/"},{"@type":"ListItem","position":2,"name":"Urdun kielioppi"}]},{"@type":"WebSite","@id":"https:\/\/talkpal.ai\/fi\/#website","url":"https:\/\/talkpal.ai\/fi\/","name":"Talkpal","description":"AI Language Learning","publisher":{"@id":"https:\/\/talkpal.ai\/fi\/#organization"},"alternateName":"Talkpal AI","potentialAction":[{"@type":"SearchAction","target":{"@type":"EntryPoint","urlTemplate":"https:\/\/talkpal.ai\/fi\/?s={search_term_string}"},"query-input":{"@type":"PropertyValueSpecification","valueRequired":true,"valueName":"search_term_string"}}],"inLanguage":"fi"},{"@type":"Organization","@id":"https:\/\/talkpal.ai\/fi\/#organization","name":"Talkpal, Inc.","alternateName":"Talkpal AI","url":"https:\/\/talkpal.ai\/fi\/","logo":{"@type":"ImageObject","inLanguage":"fi","@id":"https:\/\/talkpal.ai\/fi\/#\/schema\/logo\/image\/","url":"https:\/\/talkpal.ai\/wp-content\/uploads\/2024\/03\/Talkpal-Logo-Icon.png","contentUrl":"https:\/\/talkpal.ai\/wp-content\/uploads\/2024\/03\/Talkpal-Logo-Icon.png","width":2880,"height":2880,"caption":"Talkpal, Inc."},"image":{"@id":"https:\/\/talkpal.ai\/fi\/#\/schema\/logo\/image\/"},"sameAs":["https:\/\/www.facebook.com\/profile.php?id=100090733639311","https:\/\/x.com\/talkpalai","https:\/\/www.linkedin.com\/company\/talkpal\/","https:\/\/www.youtube.com\/@TalkPal\/","https:\/\/www.tiktok.com\/@talkpal","https:\/\/www.instagram.com\/talkpal_ai\/","https:\/\/www.crunchbase.com\/organization\/talkpal-9cde","https:\/\/www.g2.com\/products\/talkpal-for-business\/","https:\/\/www.trustpilot.com\/review\/talkpal.ai","https:\/\/www.capterra.com\/p\/10006800\/TalkPal\/"],"description":"Talkpal is a language learning web and mobile education app, powered by the latest AI technologies, that provides engaging experiences to its customers in many different languages to help them improve their language skills. Users can chat about unlimited amount of topics with the app and use other modes to practice their language learning.","email":"support@talkpal.ai","legalName":"Talkpal, Inc.","foundingDate":"2023-04-03","duns":"118989042","numberOfEmployees":{"@type":"QuantitativeValue","minValue":"11","maxValue":"50"},"publishingPrinciples":"https:\/\/talkpal.ai\/publishing-principles\/","actionableFeedbackPolicy":"https:\/\/talkpal.ai\/actionable-feedback-policy\/","correctionsPolicy":"https:\/\/talkpal.ai\/corrections-policy\/","ethicsPolicy":"https:\/\/talkpal.ai\/ethics-policy\/","diversityPolicy":"https:\/\/talkpal.ai\/diversity-policy\/","diversityStaffingReport":"https:\/\/talkpal.ai\/diversity-policy\/"}]}},"_links":{"self":[{"href":"https:\/\/talkpal.ai\/fi\/wp-json\/wp\/v2\/pages\/152221","targetHints":{"allow":["GET"]}}],"collection":[{"href":"https:\/\/talkpal.ai\/fi\/wp-json\/wp\/v2\/pages"}],"about":[{"href":"https:\/\/talkpal.ai\/fi\/wp-json\/wp\/v2\/types\/page"}],"author":[{"embeddable":true,"href":"https:\/\/talkpal.ai\/fi\/wp-json\/wp\/v2\/users\/1"}],"replies":[{"embeddable":true,"href":"https:\/\/talkpal.ai\/fi\/wp-json\/wp\/v2\/comments?post=152221"}],"version-history":[{"count":0,"href":"https:\/\/talkpal.ai\/fi\/wp-json\/wp\/v2\/pages\/152221\/revisions"}],"wp:featuredmedia":[{"embeddable":true,"href":"https:\/\/talkpal.ai\/fi\/wp-json\/wp\/v2\/media\/28763"}],"wp:attachment":[{"href":"https:\/\/talkpal.ai\/fi\/wp-json\/wp\/v2\/media?parent=152221"}],"curies":[{"name":"wp","href":"https:\/\/api.w.org\/{rel}","templated":true}]}}