{"id":151911,"date":"2023-05-14T14:22:16","date_gmt":"2023-05-14T14:22:16","guid":{"rendered":"http:\/\/talkpal.ai\/tamilin-kielioppi\/"},"modified":"2025-12-12T11:03:26","modified_gmt":"2025-12-12T11:03:26","slug":"tamilin-kielioppi","status":"publish","type":"page","link":"https:\/\/talkpal.ai\/fi\/tamilin-kielioppi\/","title":{"rendered":"Tamilin kielioppi"},"content":{"rendered":"\r\n\r\n\r\n<section class=\"languageChallengeSection\">\r\n    <div class=\"languageInfoWrapper\">\r\n        \r\n        <h1>Tamilin kielioppi<\/h1>\r\n        <p>Vie tamilin kielen taitosi seuraavalle tasolle hallitsemalla kieliopin perusteet ja edistyneet k\u00e4sitteet. Tutustu selkeisiin selityksiin, k\u00e4yt\u00e4nn\u00f6n esimerkkeihin ja vuorovaikutteisiin harjoituksiin, jotka on suunniteltu rakentamaan itseluottamustasi. Aloita lauseenrakenteen, verbien taivutuksen ja keskeisten s\u00e4\u00e4nt\u00f6jen oppiminen jo t\u00e4n\u00e4\u00e4n. Aloita matkasi puhumaan ja kirjoittamaan tamilia tarkasti ja helposti!<\/p>\r\n\r\n                            <a class=\"getStartedHidden\" href=\"https:\/\/app.talkpal.ai\/fi\/signup?lng=\">Aloita<\/a>\r\n        \r\n    <\/div>\r\n\r\n    <figure>\r\n    <img decoding=\"async\" width=\"768\" height=\"768\" src=\"https:\/\/talkpal.ai\/wp-content\/uploads\/2023\/06\/tamil-768x768.png\" class=\"languageImage no-lazy\" alt=\"Default alt text\" fetchpriority=\"high\" sizes=\"(max-width: 768px) 150px, 768px\" srcset=\"https:\/\/talkpal.ai\/wp-content\/uploads\/2023\/06\/tamil-768x768.png 768w, https:\/\/talkpal.ai\/wp-content\/uploads\/2023\/06\/tamil-300x300.png 300w\" \/>\r\n    \r\n\r\n    <\/figure>\r\n\r\n            <a class=\"getStartedVisible\" href=\"https:\/\/app.talkpal.ai\/fi\/signup?lng=\">Aloita<\/a>\r\n    \r\n<\/section>\r\n        <section class=\"grammarSection\">\r\n            <div class=\"grammarLinks\">\r\n                <a href=\"https:\/\/talkpal.ai\/fi\/language\/adjektiivit-tamilikielioppi\/\">Adjektiivit <\/a><a href=\"https:\/\/talkpal.ai\/fi\/language\/adverbit-tamilien-kielioppi\/\">Adverbit <\/a><a href=\"https:\/\/talkpal.ai\/fi\/language\/aikamuodot-tamilien-kielioppi\/\">Aikamuodot <\/a><a href=\"https:\/\/talkpal.ai\/fi\/language\/aikamuotojen-vertailu-tamilien-kielioppi\/\">Aikamuotojen vertailu <\/a><a href=\"https:\/\/talkpal.ai\/fi\/language\/artikkelit-tamilin-kielioppi\/\">Artikkelit <\/a><a href=\"https:\/\/talkpal.ai\/fi\/language\/konditionaalit-tamilin-kielioppi\/\">Konditionaalit <\/a><a href=\"https:\/\/talkpal.ai\/fi\/language\/lauseet-tamilikielioppi\/\">Lauseet <\/a><a href=\"https:\/\/talkpal.ai\/fi\/language\/prepositiot-tamilin-kielioppi\/\">Prepositiot <\/a><a href=\"https:\/\/talkpal.ai\/fi\/language\/progressiivinen-tamilien-kielioppi\/\">Progressiivinen <\/a><a href=\"https:\/\/talkpal.ai\/fi\/language\/pronominit-determinerit-tamilien-kielioppi\/\">Pronominit\/Determinerit <\/a><a href=\"https:\/\/talkpal.ai\/fi\/language\/substantiivit-tamilien-kielioppi\/\">Substantiivit <\/a><a href=\"https:\/\/talkpal.ai\/fi\/language\/taydellinen-progressiivinen-tamilien-kielioppi\/\">T\u00e4ydellinen progressiivinen <\/a><a href=\"https:\/\/talkpal.ai\/fi\/language\/verbit-tamilin-kielioppi\/\">Verbit <\/a>            <\/div>\r\n        <\/section>\r\n    <section class=\"promotionalBanner\">\r\n    <p class=\"promotionalText\">Tehokkain tapa oppia kielt\u00e4<\/p>\r\n    <a class=\"promotionalLink\" href=\"https:\/\/app.talkpal.ai\/fi\/signup?lng=\">Kokeile Talkpal ilmaiseksi<\/a>\r\n<\/section>\n<div class=\"wp-block-group pageContainerStyle\"><div class=\"wp-block-group__inner-container is-layout-constrained wp-block-group-is-layout-constrained\">\n<h2 class=\"wp-block-heading\" id=\"h-tamil-grammar-understanding-the-richness-of-the-tamil-language\">Tamilin kielioppi: tamilin kielen rikkauden ymm\u00e4rt\u00e4minen<\/h2>\n\n\n\n<p>Kun aloitat tamilin &#8211; yhden maailman vanhimmista el\u00e4vist\u00e4 kielist\u00e4 &#8211; oppimisen, on t\u00e4rke\u00e4\u00e4 selvitt\u00e4\u00e4 sen kieliopin monimutkaisuus ja rikkaus. <a href=\"https:\/\/talkpal.ai\/learn-tamil\/\">Tamili<\/a>, jolla on yli 2 000 vuotta vanha kirjallinen perinne, on edelleen 70 miljoonan puhujan ensisijainen kieli maailmanlaajuisesti. Jotta p\u00e4\u00e4set alkuun, t\u00e4ss\u00e4 artikkelissa hahmotellaan joitakin tamilin kieliopin keskeisi\u00e4 n\u00e4k\u00f6kohtia keskustelevalla ja ep\u00e4virallisella l\u00e4hestymistavalla.<\/p>\n\n\n\n<h3 class=\"wp-block-heading\" id=\"h-1-nouns-classifications-and-cases\">1. Substantiivit \u2013 luokitukset ja tapaukset<\/h3>\n\n\n\n<p>Tamilin kieliopin merkitt\u00e4v\u00e4 piirre on sen substantiivit, jotka luokitellaan sukupuolen (maskuliininen, feminiininen ja neutri), lukum\u00e4\u00e4r\u00e4n (yksikk\u00f6 ja monikko) ja tapauksen (nominatiivi, akkusatiivi, datiivi, genetiivi, lokatiivi, instrumentaalinen, komitatiivi, abessiivinen ja vokatiivi) perusteella. Vaikka t\u00e4m\u00e4 saattaa tuntua ylivoimaiselta, se on v\u00e4ltt\u00e4m\u00e4t\u00f6nt\u00e4, jotta voit ymm\u00e4rt\u00e4\u00e4 lauseiden sanojen v\u00e4liset suhteet ja tulkita tamilin luontaista logiikkaa.<\/p>\n\n\n\n<p>Esimerkiksi sana &#8221;kirja&#8221; tamiliksi on &#8221;\u0baa\u0bc1\u0ba4\u0bcd\u0ba4\u0b95\u0bae\u0bcd&#8221; (puththakam). Sanoessasi &#8221;luin kirjan&#8221; k\u00e4ytt\u00e4isit akkusatiivia, joka tarkoittaa, ett\u00e4 kirja on toiminnan kohde: &#8221;\u0ba8\u0bbe\u0ba9\u0bcd \u0baa\u0bc1\u0ba4\u0bcd\u0ba4\u0b95\u0ba4\u0bcd\u0ba4\u0bc8 \u0bb5\u0bbe\u0b9a\u0bbf\u0b95\u0bcd\u0b95\u0bbf\u0ba9\u0bcd\u0bb1\u0bc7\u0ba9\u0bcd&#8221; (Naan puththakaththai vaasikkiren).<\/p>\n\n\n\n<h3 class=\"wp-block-heading\" id=\"h-2-adjectives-and-pronouns-consistent-harmony\">2. Adjektiivit ja pronominit \u2013 johdonmukainen harmonia<\/h3>\n\n\n\n<p>Tamiliksi adjektiivit (\u0baa\u0ba3\u0bcd\u0baa\u0bc1\u0b9f\u0bc8\u0bae\u0bc8) ja pronominit (\u0ba4\u0ba9\u0bbf\u0baa\u0bcd\u0baa\u0bca\u0bb0\u0bc1\u0bb3\u0bcd) noudattavat ratkaisevaa s\u00e4\u00e4nt\u00f6\u00e4: niiden on oltava sukupuoleltaan ja lukum\u00e4\u00e4r\u00e4lt\u00e4\u00e4n samaa mielt\u00e4 muokkaamiensa substantiivien kanssa. T\u00e4m\u00e4 johdonmukaisuus edist\u00e4\u00e4 kielellist\u00e4 harmoniaa ja lis\u00e4\u00e4 ilmaisun selkeytt\u00e4.<\/p>\n\n\n\n<h3 class=\"wp-block-heading\" id=\"h-3-verbs-conjugation-and-tenses\">3. Verbit \u2013 taivutus ja aikamuodot<\/h3>\n\n\n\n<p>Tamilin verbeill\u00e4 on ratkaiseva rooli lauseiden muotoilussa. Verbit taivutetaan henkil\u00f6n, numeron, aikamuodon, \u00e4\u00e4nen ja mielialan perusteella. Tamililla on kolme p\u00e4\u00e4aikamuotoa (menneisyys, nykyisyys ja tulevaisuus) ja kolme tunnelmaa (indikatiivi, imperatiivi ja subjunktiivi). Konjugaatio voi tuntua aluksi pelottavalta, mutta sen hallitseminen auttaa sinua ilmaisemaan monia tunteita, tekoja ja vivahteita.<\/p>\n\n\n\n<h3 class=\"wp-block-heading\" id=\"h-4-sentence-structure-word-order-and-agreement\">4. Lauserakenne \u2013 sanaj\u00e4rjestys ja sopimus<\/h3>\n\n\n\n<p>Tamili noudattaa subjekti-objekti-verbi (SOV) -sanaj\u00e4rjestyst\u00e4, mik\u00e4 tekee siit\u00e4 erilaisen kuin <a href=\"https:\/\/talkpal.ai\/learn-english-with-ai\/\">englanti<\/a>, joka noudattaa subjekti-verbi-objekti (SVO) -rakennetta. Lis\u00e4ksi <a href=\"https:\/\/talkpal.ai\/es\/gramatica-tamil\/\">tamilin kielioppi<\/a> korostaa sanasopimusta, mik\u00e4 varmistaa johdonmukaisuuden substantiivien, adjektiivien ja pronominien v\u00e4lill\u00e4.<\/p>\n\n\n\n<p>Esimerkiksi tamiliksi lause &#8221;H\u00e4n sy\u00f6 omenaa&#8221; kirjoitetaan &#8221;\u0b85\u0bb5\u0bb3\u0bcd \u0b92\u0bb0\u0bc1 \u0b86\u0baa\u0bcd\u0baa\u0bbf\u0bb3\u0bcd \u0b9a\u0bbe\u0baa\u0bcd\u0baa\u0bbf\u0b9f\u0bc1\u0b95\u0bbf\u0bb1\u0bbe\u0bb3\u0bcd&#8221; (Ava\u1e37 oru \u0101ppi\u1e37 s\u0101ppi\u1e6dugi\u1e5f\u0101\u1e37), jossa substantiivi ja verbi ovat samaa sukupuolta ja lukua.<\/p>\n\n\n\n<h3 class=\"wp-block-heading\" id=\"h-5-embrace-the-journey\">5. Ota matka vastaan<\/h3>\n\n\n\n<p>Tamilin kieliopin oppiminen voi olla haastavaa, mutta se tarjoaa portin el\u00e4v\u00e4\u00e4n kirjalliseen perinteeseen ja rikkaaseen kulttuuriperint\u00f6\u00f6n. Muista, ett\u00e4 on t\u00e4rke\u00e4\u00e4 ottaa askel kerrallaan ja arvostaa niit\u00e4 hienouksia, jotka tekev\u00e4t tamilin kielest\u00e4 niin erityisen.<\/p>\n\n\n\n<p>Kun tutustut tamilin kieliopin monimutkaisuuteen, varmista, ett\u00e4 harjoittelet s\u00e4\u00e4nn\u00f6llisesti, keskustelet \u00e4idinkielisten puhujien kanssa ja olet k\u00e4rsiv\u00e4llinen itsesi kanssa. Omistautumalla avaat t\u00e4m\u00e4n ikivanhan kielen kauneuden ja rikkauden. \u0b87\u0ba9\u0bbf\u0baf \u0b95\u0bb1\u0bcd\u0bb1\u0bb2\u0bcd &#8211; Iniy ka\u1e5f\u1e5f\u1e5fal (hyv\u00e4\u00e4 oppimista)!<\/p>\n<\/div><\/div>\n\r\n<section class=\"learnNavigationSection\">\r\n            \r\n        <a href=\"https:\/\/talkpal.ai\/fi\/opi-tamilia\/\">\r\n            <div class=\"learnNavigationWrapper\">\r\n                <div class=\"learnNavigationContent\">\r\n                    <img decoding=\"async\" src=\"https:\/\/talkpal.ai\/wp-content\/uploads\/2024\/08\/Tamil.jpg\" alt=\"Indian Simplified Flag\">\r\n                    <div>\r\n                        <h4>Tamilin oppimisesta<\/h4>\r\n                        <p>Tutustu tamilin kielioppiin.<\/p>\r\n                    <\/div>\r\n                <\/div>\r\n            <\/div>\r\n        <\/a>\r\n\r\n        \r\n        <a href=\"https:\/\/talkpal.ai\/fi\/tamilin-kielioppiharjoitukset\/\">\r\n            <div class=\"learnNavigationWrapper\">\r\n                <div class=\"learnNavigationContent\">\r\n                    <img decoding=\"async\" src=\"https:\/\/talkpal.ai\/wp-content\/uploads\/2024\/08\/Tamil.jpg\" alt=\"Indian Simplified Flag\">\r\n                    <div>\r\n                        <h4>Tamil kielioppi Harjoitus<\/h4>\r\n                        <p>Harjoittele tamilin kielioppia.<\/p>\r\n                    <\/div>\r\n                <\/div>\r\n            <\/div>\r\n        <\/a>\r\n\r\n        \r\n        <a href=\"https:\/\/talkpal.ai\/vocabulary_language\/tamil\/\">\r\n            <div class=\"learnNavigationWrapper\">\r\n                <div class=\"learnNavigationContent\">\r\n                    <img decoding=\"async\" src=\"https:\/\/talkpal.ai\/wp-content\/uploads\/2024\/08\/Tamil.jpg\" alt=\"Indian Simplified Flag\">\r\n                    <div>\r\n                        <h4>Tamilin sanasto<\/h4>\r\n                        <p>Laajenna tamililaista sanavarastoasi.<\/p>\r\n                    <\/div>\r\n                <\/div>\r\n            <\/div>\r\n        <\/a>\r\n\r\n            <\/section>","protected":false},"excerpt":{"rendered":"<p>Tamilin kielioppi: tamilin kielen rikkauden ymm\u00e4rt\u00e4minen Kun aloitat tamilin &#8211; yhden maailman vanhimmista el\u00e4vist\u00e4 kielist\u00e4 &#8211; oppimisen, on t\u00e4rke\u00e4\u00e4 selvitt\u00e4\u00e4 sen kieliopin monimutkaisuus ja rikkaus. Tamili, jolla on yli 2 000 vuotta vanha kirjallinen perinne, on edelleen 70 miljoonan puhujan ensisijainen kieli maailmanlaajuisesti. Jotta p\u00e4\u00e4set alkuun, t\u00e4ss\u00e4 artikkelissa hahmotellaan joitakin tamilin kieliopin keskeisi\u00e4 n\u00e4k\u00f6kohtia keskustelevalla [&hellip;]<\/p>\n","protected":false},"author":1,"featured_media":28715,"parent":0,"menu_order":0,"comment_status":"closed","ping_status":"closed","template":"LearningContentPage.php","meta":{"_acf_changed":false,"footnotes":""},"class_list":["post-151911","page","type-page","status-publish","has-post-thumbnail","hentry"],"acf":[],"yoast_head":"<!-- This site is optimized with the Yoast SEO Premium plugin v27.2 (Yoast SEO v27.2) - https:\/\/yoast.com\/product\/yoast-seo-premium-wordpress\/ -->\n<title>Tamilin kielioppi - Talkpal<\/title>\n<meta name=\"description\" content=\"Tutustu tamilin kieliopin perusteisiin ja syvenn\u00e4 ymm\u00e4rryst\u00e4si t\u00e4st\u00e4 rikkaasta kielest\u00e4.\" \/>\n<meta name=\"robots\" content=\"index, follow, max-snippet:-1, max-image-preview:large, max-video-preview:-1\" \/>\n<link rel=\"canonical\" href=\"https:\/\/talkpal.ai\/fi\/tamilin-kielioppi\/\" \/>\n<meta property=\"og:locale\" content=\"fi_FI\" \/>\n<meta property=\"og:type\" content=\"article\" \/>\n<meta property=\"og:title\" content=\"Tamilin kielioppi\" \/>\n<meta property=\"og:description\" content=\"Tamilin kielioppi: tamilin kielen rikkauden ymm\u00e4rt\u00e4minen Kun aloitat tamilin - yhden maailman vanhimmista el\u00e4vist\u00e4 kielist\u00e4 - oppimisen, on t\u00e4rke\u00e4\u00e4\" \/>\n<meta property=\"og:url\" content=\"https:\/\/talkpal.ai\/fi\/tamilin-kielioppi\/\" \/>\n<meta property=\"og:site_name\" content=\"Talkpal\" \/>\n<meta property=\"article:publisher\" content=\"https:\/\/www.facebook.com\/profile.php?id=100090733639311\" \/>\n<meta property=\"article:modified_time\" content=\"2025-12-12T11:03:26+00:00\" \/>\n<meta property=\"og:image\" content=\"https:\/\/talkpal.ai\/wp-content\/uploads\/2023\/05\/Tamil-india.png\" \/>\n\t<meta property=\"og:image:width\" content=\"512\" \/>\n\t<meta property=\"og:image:height\" content=\"512\" \/>\n\t<meta property=\"og:image:type\" content=\"image\/png\" \/>\n<meta name=\"twitter:card\" content=\"summary_large_image\" \/>\n<meta name=\"twitter:site\" content=\"@talkpalai\" \/>\n<meta name=\"twitter:label1\" content=\"Arvioitu lukuaika\" \/>\n\t<meta name=\"twitter:data1\" content=\"2 minuuttia\" \/>\n<script type=\"application\/ld+json\" class=\"yoast-schema-graph\">{\"@context\":\"https:\/\/schema.org\",\"@graph\":[{\"@type\":\"WebPage\",\"@id\":\"https:\/\/talkpal.ai\/fi\/tamilin-kielioppi\/\",\"url\":\"https:\/\/talkpal.ai\/fi\/tamilin-kielioppi\/\",\"name\":\"Tamilin kielioppi - Talkpal\",\"isPartOf\":{\"@id\":\"https:\/\/talkpal.ai\/fi\/#website\"},\"primaryImageOfPage\":{\"@id\":\"https:\/\/talkpal.ai\/fi\/tamilin-kielioppi\/#primaryimage\"},\"image\":{\"@id\":\"https:\/\/talkpal.ai\/fi\/tamilin-kielioppi\/#primaryimage\"},\"thumbnailUrl\":\"https:\/\/talkpal.ai\/wp-content\/uploads\/2023\/05\/Tamil-india.png\",\"datePublished\":\"2023-05-14T14:22:16+00:00\",\"dateModified\":\"2025-12-12T11:03:26+00:00\",\"description\":\"Tutustu tamilin kieliopin perusteisiin ja syvenn\u00e4 ymm\u00e4rryst\u00e4si t\u00e4st\u00e4 rikkaasta kielest\u00e4.\",\"breadcrumb\":{\"@id\":\"https:\/\/talkpal.ai\/fi\/tamilin-kielioppi\/#breadcrumb\"},\"inLanguage\":\"fi\",\"potentialAction\":[{\"@type\":\"ReadAction\",\"target\":[\"https:\/\/talkpal.ai\/fi\/tamilin-kielioppi\/\"]}]},{\"@type\":\"ImageObject\",\"inLanguage\":\"fi\",\"@id\":\"https:\/\/talkpal.ai\/fi\/tamilin-kielioppi\/#primaryimage\",\"url\":\"https:\/\/talkpal.ai\/wp-content\/uploads\/2023\/05\/Tamil-india.png\",\"contentUrl\":\"https:\/\/talkpal.ai\/wp-content\/uploads\/2023\/05\/Tamil-india.png\",\"width\":512,\"height\":512},{\"@type\":\"BreadcrumbList\",\"@id\":\"https:\/\/talkpal.ai\/fi\/tamilin-kielioppi\/#breadcrumb\",\"itemListElement\":[{\"@type\":\"ListItem\",\"position\":1,\"name\":\"Homepage\",\"item\":\"https:\/\/talkpal.ai\/fi\/\"},{\"@type\":\"ListItem\",\"position\":2,\"name\":\"Tamilin kielioppi\"}]},{\"@type\":\"WebSite\",\"@id\":\"https:\/\/talkpal.ai\/fi\/#website\",\"url\":\"https:\/\/talkpal.ai\/fi\/\",\"name\":\"Talkpal\",\"description\":\"AI Language Learning\",\"publisher\":{\"@id\":\"https:\/\/talkpal.ai\/fi\/#organization\"},\"alternateName\":\"Talkpal AI\",\"potentialAction\":[{\"@type\":\"SearchAction\",\"target\":{\"@type\":\"EntryPoint\",\"urlTemplate\":\"https:\/\/talkpal.ai\/fi\/?s={search_term_string}\"},\"query-input\":{\"@type\":\"PropertyValueSpecification\",\"valueRequired\":true,\"valueName\":\"search_term_string\"}}],\"inLanguage\":\"fi\"},{\"@type\":\"Organization\",\"@id\":\"https:\/\/talkpal.ai\/fi\/#organization\",\"name\":\"Talkpal, Inc.\",\"alternateName\":\"Talkpal AI\",\"url\":\"https:\/\/talkpal.ai\/fi\/\",\"logo\":{\"@type\":\"ImageObject\",\"inLanguage\":\"fi\",\"@id\":\"https:\/\/talkpal.ai\/fi\/#\/schema\/logo\/image\/\",\"url\":\"https:\/\/talkpal.ai\/wp-content\/uploads\/2024\/03\/Talkpal-Logo-Icon.png\",\"contentUrl\":\"https:\/\/talkpal.ai\/wp-content\/uploads\/2024\/03\/Talkpal-Logo-Icon.png\",\"width\":2880,\"height\":2880,\"caption\":\"Talkpal, Inc.\"},\"image\":{\"@id\":\"https:\/\/talkpal.ai\/fi\/#\/schema\/logo\/image\/\"},\"sameAs\":[\"https:\/\/www.facebook.com\/profile.php?id=100090733639311\",\"https:\/\/x.com\/talkpalai\",\"https:\/\/www.linkedin.com\/company\/talkpal\/\",\"https:\/\/www.youtube.com\/@TalkPal\/\",\"https:\/\/www.tiktok.com\/@talkpal\",\"https:\/\/www.instagram.com\/talkpal_ai\/\",\"https:\/\/www.crunchbase.com\/organization\/talkpal-9cde\",\"https:\/\/www.g2.com\/products\/talkpal-for-business\/\",\"https:\/\/www.trustpilot.com\/review\/talkpal.ai\",\"https:\/\/www.capterra.com\/p\/10006800\/TalkPal\/\"],\"description\":\"Talkpal is a language learning web and mobile education app, powered by the latest AI technologies, that provides engaging experiences to its customers in many different languages to help them improve their language skills. Users can chat about unlimited amount of topics with the app and use other modes to practice their language learning.\",\"email\":\"support@talkpal.ai\",\"legalName\":\"Talkpal, Inc.\",\"foundingDate\":\"2023-04-03\",\"duns\":\"118989042\",\"numberOfEmployees\":{\"@type\":\"QuantitativeValue\",\"minValue\":\"11\",\"maxValue\":\"50\"},\"publishingPrinciples\":\"https:\/\/talkpal.ai\/publishing-principles\/\",\"actionableFeedbackPolicy\":\"https:\/\/talkpal.ai\/actionable-feedback-policy\/\",\"correctionsPolicy\":\"https:\/\/talkpal.ai\/corrections-policy\/\",\"ethicsPolicy\":\"https:\/\/talkpal.ai\/ethics-policy\/\",\"diversityPolicy\":\"https:\/\/talkpal.ai\/diversity-policy\/\",\"diversityStaffingReport\":\"https:\/\/talkpal.ai\/diversity-policy\/\"}]}<\/script>\n<!-- \/ Yoast SEO Premium plugin. -->","yoast_head_json":{"title":"Tamilin kielioppi - Talkpal","description":"Tutustu tamilin kieliopin perusteisiin ja syvenn\u00e4 ymm\u00e4rryst\u00e4si t\u00e4st\u00e4 rikkaasta kielest\u00e4.","robots":{"index":"index","follow":"follow","max-snippet":"max-snippet:-1","max-image-preview":"max-image-preview:large","max-video-preview":"max-video-preview:-1"},"canonical":"https:\/\/talkpal.ai\/fi\/tamilin-kielioppi\/","og_locale":"fi_FI","og_type":"article","og_title":"Tamilin kielioppi","og_description":"Tamilin kielioppi: tamilin kielen rikkauden ymm\u00e4rt\u00e4minen Kun aloitat tamilin - yhden maailman vanhimmista el\u00e4vist\u00e4 kielist\u00e4 - oppimisen, on t\u00e4rke\u00e4\u00e4","og_url":"https:\/\/talkpal.ai\/fi\/tamilin-kielioppi\/","og_site_name":"Talkpal","article_publisher":"https:\/\/www.facebook.com\/profile.php?id=100090733639311","article_modified_time":"2025-12-12T11:03:26+00:00","og_image":[{"width":512,"height":512,"url":"https:\/\/talkpal.ai\/wp-content\/uploads\/2023\/05\/Tamil-india.png","type":"image\/png"}],"twitter_card":"summary_large_image","twitter_site":"@talkpalai","twitter_misc":{"Arvioitu lukuaika":"2 minuuttia"},"schema":{"@context":"https:\/\/schema.org","@graph":[{"@type":"WebPage","@id":"https:\/\/talkpal.ai\/fi\/tamilin-kielioppi\/","url":"https:\/\/talkpal.ai\/fi\/tamilin-kielioppi\/","name":"Tamilin kielioppi - Talkpal","isPartOf":{"@id":"https:\/\/talkpal.ai\/fi\/#website"},"primaryImageOfPage":{"@id":"https:\/\/talkpal.ai\/fi\/tamilin-kielioppi\/#primaryimage"},"image":{"@id":"https:\/\/talkpal.ai\/fi\/tamilin-kielioppi\/#primaryimage"},"thumbnailUrl":"https:\/\/talkpal.ai\/wp-content\/uploads\/2023\/05\/Tamil-india.png","datePublished":"2023-05-14T14:22:16+00:00","dateModified":"2025-12-12T11:03:26+00:00","description":"Tutustu tamilin kieliopin perusteisiin ja syvenn\u00e4 ymm\u00e4rryst\u00e4si t\u00e4st\u00e4 rikkaasta kielest\u00e4.","breadcrumb":{"@id":"https:\/\/talkpal.ai\/fi\/tamilin-kielioppi\/#breadcrumb"},"inLanguage":"fi","potentialAction":[{"@type":"ReadAction","target":["https:\/\/talkpal.ai\/fi\/tamilin-kielioppi\/"]}]},{"@type":"ImageObject","inLanguage":"fi","@id":"https:\/\/talkpal.ai\/fi\/tamilin-kielioppi\/#primaryimage","url":"https:\/\/talkpal.ai\/wp-content\/uploads\/2023\/05\/Tamil-india.png","contentUrl":"https:\/\/talkpal.ai\/wp-content\/uploads\/2023\/05\/Tamil-india.png","width":512,"height":512},{"@type":"BreadcrumbList","@id":"https:\/\/talkpal.ai\/fi\/tamilin-kielioppi\/#breadcrumb","itemListElement":[{"@type":"ListItem","position":1,"name":"Homepage","item":"https:\/\/talkpal.ai\/fi\/"},{"@type":"ListItem","position":2,"name":"Tamilin kielioppi"}]},{"@type":"WebSite","@id":"https:\/\/talkpal.ai\/fi\/#website","url":"https:\/\/talkpal.ai\/fi\/","name":"Talkpal","description":"AI Language Learning","publisher":{"@id":"https:\/\/talkpal.ai\/fi\/#organization"},"alternateName":"Talkpal AI","potentialAction":[{"@type":"SearchAction","target":{"@type":"EntryPoint","urlTemplate":"https:\/\/talkpal.ai\/fi\/?s={search_term_string}"},"query-input":{"@type":"PropertyValueSpecification","valueRequired":true,"valueName":"search_term_string"}}],"inLanguage":"fi"},{"@type":"Organization","@id":"https:\/\/talkpal.ai\/fi\/#organization","name":"Talkpal, Inc.","alternateName":"Talkpal AI","url":"https:\/\/talkpal.ai\/fi\/","logo":{"@type":"ImageObject","inLanguage":"fi","@id":"https:\/\/talkpal.ai\/fi\/#\/schema\/logo\/image\/","url":"https:\/\/talkpal.ai\/wp-content\/uploads\/2024\/03\/Talkpal-Logo-Icon.png","contentUrl":"https:\/\/talkpal.ai\/wp-content\/uploads\/2024\/03\/Talkpal-Logo-Icon.png","width":2880,"height":2880,"caption":"Talkpal, Inc."},"image":{"@id":"https:\/\/talkpal.ai\/fi\/#\/schema\/logo\/image\/"},"sameAs":["https:\/\/www.facebook.com\/profile.php?id=100090733639311","https:\/\/x.com\/talkpalai","https:\/\/www.linkedin.com\/company\/talkpal\/","https:\/\/www.youtube.com\/@TalkPal\/","https:\/\/www.tiktok.com\/@talkpal","https:\/\/www.instagram.com\/talkpal_ai\/","https:\/\/www.crunchbase.com\/organization\/talkpal-9cde","https:\/\/www.g2.com\/products\/talkpal-for-business\/","https:\/\/www.trustpilot.com\/review\/talkpal.ai","https:\/\/www.capterra.com\/p\/10006800\/TalkPal\/"],"description":"Talkpal is a language learning web and mobile education app, powered by the latest AI technologies, that provides engaging experiences to its customers in many different languages to help them improve their language skills. Users can chat about unlimited amount of topics with the app and use other modes to practice their language learning.","email":"support@talkpal.ai","legalName":"Talkpal, Inc.","foundingDate":"2023-04-03","duns":"118989042","numberOfEmployees":{"@type":"QuantitativeValue","minValue":"11","maxValue":"50"},"publishingPrinciples":"https:\/\/talkpal.ai\/publishing-principles\/","actionableFeedbackPolicy":"https:\/\/talkpal.ai\/actionable-feedback-policy\/","correctionsPolicy":"https:\/\/talkpal.ai\/corrections-policy\/","ethicsPolicy":"https:\/\/talkpal.ai\/ethics-policy\/","diversityPolicy":"https:\/\/talkpal.ai\/diversity-policy\/","diversityStaffingReport":"https:\/\/talkpal.ai\/diversity-policy\/"}]}},"_links":{"self":[{"href":"https:\/\/talkpal.ai\/fi\/wp-json\/wp\/v2\/pages\/151911","targetHints":{"allow":["GET"]}}],"collection":[{"href":"https:\/\/talkpal.ai\/fi\/wp-json\/wp\/v2\/pages"}],"about":[{"href":"https:\/\/talkpal.ai\/fi\/wp-json\/wp\/v2\/types\/page"}],"author":[{"embeddable":true,"href":"https:\/\/talkpal.ai\/fi\/wp-json\/wp\/v2\/users\/1"}],"replies":[{"embeddable":true,"href":"https:\/\/talkpal.ai\/fi\/wp-json\/wp\/v2\/comments?post=151911"}],"version-history":[{"count":0,"href":"https:\/\/talkpal.ai\/fi\/wp-json\/wp\/v2\/pages\/151911\/revisions"}],"wp:featuredmedia":[{"embeddable":true,"href":"https:\/\/talkpal.ai\/fi\/wp-json\/wp\/v2\/media\/28715"}],"wp:attachment":[{"href":"https:\/\/talkpal.ai\/fi\/wp-json\/wp\/v2\/media?parent=151911"}],"curies":[{"name":"wp","href":"https:\/\/api.w.org\/{rel}","templated":true}]}}