{"id":151434,"date":"2023-05-14T14:20:51","date_gmt":"2023-05-14T14:20:51","guid":{"rendered":"http:\/\/talkpal.ai\/walesin-kielioppi\/"},"modified":"2025-12-12T11:00:17","modified_gmt":"2025-12-12T11:00:17","slug":"walesin-kielioppi","status":"publish","type":"page","link":"https:\/\/talkpal.ai\/fi\/walesin-kielioppi\/","title":{"rendered":"Walesin kielioppi"},"content":{"rendered":"\r\n\r\n\r\n<section class=\"languageChallengeSection\">\r\n    <div class=\"languageInfoWrapper\">\r\n        \r\n        <h1>Walesin kielioppi<\/h1>\r\n        <p><a href=\"https:\/\/talkpal.ai\/learn-welsh\/\">Walesin<\/a> kielioppi voi aluksi tuntua haastavalta, mutta sen ainutlaatuiset piirteet tekev\u00e4t kielen oppimisesta palkitsevan kokemuksen. Tutustumalla sen aakkosiin, mutaatioihin ja kielioppis\u00e4\u00e4nt\u00f6ihin saat k\u00e4sityksen rikkaasta kieliperinteest\u00e4. Aloita matkasi ja l\u00f6yd\u00e4 <a href=\"https:\/\/talkpal.ai\/learn-welsh\/\">Walesin<\/a> kauneus!<\/p>\r\n\r\n                            <a class=\"getStartedHidden\" href=\"https:\/\/app.talkpal.ai\/fi\/signup?lng=\">Aloita<\/a>\r\n        \r\n    <\/div>\r\n\r\n    <figure>\r\n    <img decoding=\"async\" width=\"768\" height=\"768\" src=\"https:\/\/talkpal.ai\/wp-content\/uploads\/2023\/06\/welsh-768x768.png\" class=\"languageImage no-lazy\" alt=\"Default alt text\" fetchpriority=\"high\" sizes=\"(max-width: 768px) 150px, 768px\" srcset=\"https:\/\/talkpal.ai\/wp-content\/uploads\/2023\/06\/welsh-768x768.png 768w, https:\/\/talkpal.ai\/wp-content\/uploads\/2023\/06\/welsh-300x300.png 300w\" \/>\r\n    \r\n\r\n    <\/figure>\r\n\r\n            <a class=\"getStartedVisible\" href=\"https:\/\/app.talkpal.ai\/fi\/signup?lng=\">Aloita<\/a>\r\n    \r\n<\/section>\r\n        <section class=\"grammarSection\">\r\n            <div class=\"grammarLinks\">\r\n                <a href=\"https:\/\/talkpal.ai\/fi\/language\/adjektiivit-walesin-kielioppi\/\">Adjektiivit <\/a><a href=\"https:\/\/talkpal.ai\/fi\/language\/adverbit-walesin-kielioppi\/\">Adverbit <\/a><a href=\"https:\/\/talkpal.ai\/fi\/language\/aikamuodot-walesin-kielioppi\/\">Aikamuodot <\/a><a href=\"https:\/\/talkpal.ai\/fi\/language\/aikamuotojen-vertailu-walesin-kielioppi\/\">Aikamuotojen vertailu <\/a><a href=\"https:\/\/talkpal.ai\/fi\/language\/artikkelit-walesin-kielioppi\/\">Artikkelit <\/a><a href=\"https:\/\/talkpal.ai\/fi\/language\/konditionaalit-walesin-kielioppi\/\">Konditionaalit <\/a><a href=\"https:\/\/talkpal.ai\/fi\/language\/lauseet-walesin-kielioppi\/\">Lauseet <\/a><a href=\"https:\/\/talkpal.ai\/fi\/language\/prepositiot-walesin-kielioppi\/\">Prepositiot <\/a><a href=\"https:\/\/talkpal.ai\/fi\/language\/progressiivinen-walesin-kielioppi\/\">Progressiivinen <\/a><a href=\"https:\/\/talkpal.ai\/fi\/language\/pronominit-determinerit-walesin-kielioppi\/\">Pronominit\/Determinerit <\/a><a href=\"https:\/\/talkpal.ai\/fi\/language\/substantiivit-walesin-kielioppi\/\">Substantiivit <\/a><a href=\"https:\/\/talkpal.ai\/fi\/language\/taydellinen-progressiivinen-walesin-kielioppi\/\">T\u00e4ydellinen progressiivinen <\/a><a href=\"https:\/\/talkpal.ai\/fi\/language\/verbit-walesin-kielioppi\/\">Verbit <\/a>            <\/div>\r\n        <\/section>\r\n    <section class=\"promotionalBanner\">\r\n    <p class=\"promotionalText\">Tehokkain tapa oppia kielt\u00e4<\/p>\r\n    <a class=\"promotionalLink\" href=\"https:\/\/app.talkpal.ai\/fi\/signup?lng=\">Kokeile Talkpal ilmaiseksi<\/a>\r\n<\/section>\n<div class=\"wp-block-group pageContainerStyle\"><div class=\"wp-block-group__inner-container is-layout-constrained wp-block-group-is-layout-constrained\">\n<h2 class=\"wp-block-heading\" id=\"h-navigating-the-intricacies-of-welsh-grammar\">Navigointi Walesin kieliopin monimutkaisuuksissa<\/h2>\n\n\n\n<p><a href=\"https:\/\/talkpal.ai\/fi\/opi-walesia\/\">Walesin kiel<\/a>i, brittil\u00e4inen kelttil\u00e4inen kieli, jolla on rikas historia ja kulttuurinen merkitys, tarjoaa j\u00e4nnitt\u00e4v\u00e4n kielikokemuksen niille, jotka haluavat tutustua sen ainutlaatuiseen kielioppij\u00e4rjestelm\u00e4\u00e4n. Kun p\u00e4\u00e4set tutustumaan walesin kielen maailmaan, rikastutat kielellist\u00e4 repertuaariasi ja p\u00e4\u00e4set my\u00f6s kiehtovalle kulttuurimatkalle. Vaikka <a href=\"https:\/\/talkpal.ai\/fi\/grammar\/lyhyet-vastaukset-walesin-kielioppissa\/\">walesin kielioppi<\/a> saattaa aluksi vaikuttaa monimutkaiselta, sen jakaminen keskeisiin osiin tekee kielen <a href=\"https:\/\/talkpal.ai\/fi\/talkpal-for-education\/\">oppimisesta<\/a> helpommin l\u00e4hestytt\u00e4v\u00e4\u00e4. T\u00e4ss\u00e4 artikkelissa tutustumme walesin kieliopin kiehtovaan maailmaan ja annamme vinkkej\u00e4 sen monimutkaisuuden hallintaan.<\/p>\n\n\n\n<h3 class=\"wp-block-heading\" id=\"h-1-welsh-alphabet-and-phonetics\">1. Walesin aakkoset ja fonetiikka<\/h3>\n\n\n\n<p>Walesin aakkosissa on 29 kirjainta, joista osa on kielelle ominaisia, kuten &#8221;ll&#8221;, &#8221;dd&#8221; ja &#8221;ff&#8221;. <a href=\"https:\/\/talkpal.ai\/fi\/opi-walesia\/\">Walesin kieliopin oppimiseksi<\/a> on t\u00e4rke\u00e4\u00e4 tutustua t\u00e4h\u00e4n omaleimaiseen kirjoitusj\u00e4rjestelm\u00e4\u00e4n harjoittelemalla lukemista ja kirjoittamista walesiksi.<\/p>\n\n\n\n<h3 class=\"wp-block-heading\" id=\"h-2-mutations-a-peculiar-welsh-feature\">2. Mutaatiot: erikoinen walesilainen piirre<\/h3>\n\n\n\n<p>Yksi Walesin kieliopin silmiinpist\u00e4vimmist\u00e4 n\u00e4k\u00f6kohdista on mutaatioiden esiintyvyys, joihin liittyy muutoksia sanan alkuper\u00e4iseen konsonanttiin. Walesin kieless\u00e4 on kolme ensisijaista mutaatiotyyppi\u00e4: pehme\u00e4 mutaatio, nen\u00e4mutaatio ja aspiraattimutaatio. Ymm\u00e4rt\u00e4minen, milloin ja miten n\u00e4m\u00e4 mutaatiot tapahtuvat, on elint\u00e4rke\u00e4\u00e4 tarkan viestinn\u00e4n kannalta walesin kielell\u00e4.<\/p>\n\n\n\n<h3 class=\"wp-block-heading\" id=\"h-3-nouns-and-pronouns-gender-and-cases\">3. Substantiivit ja pronominit: sukupuoli ja tapaukset<\/h3>\n\n\n\n<p>Walesin substantiiveilla on kieliopillinen sukupuoli (maskuliininen <a href=\"https:\/\/talkpal.ai\/learn-thai\/\">tai<\/a> feminiininen), ja ne voivat noudattaa erilaisia monikonmuodostuss\u00e4\u00e4nt\u00f6j\u00e4 sukupuolensa perusteella. Walesin pronomineja ovat henkil\u00f6kohtaiset, omistushaluiset, refleksiiviset, demonstratiiviset ja <a href=\"https:\/\/talkpal.ai\/fi\/grammar\/kyselypronominit-tsekin-kielioppi\/\">kyselypronominit<\/a>. N\u00e4ihin pronomineihin ja niiden muotoihin tutustuminen parantaa merkitt\u00e4v\u00e4sti Walesin kieliopin ymm\u00e4rt\u00e4mist\u00e4.<\/p>\n\n\n\n<h3 class=\"wp-block-heading\" id=\"h-4-verbs-structure-and-conjugation\">4. Verbit: rakenne ja taivutus<\/h3>\n\n\n\n<p>Walesin verbit noudattavat ainutlaatuista rakennetta ja taivutusmallia aikamuodosta, mielialasta ja henkil\u00f6st\u00e4 riippuen. Walesin kielen olennaiset aikamuodot ovat nykyisyys, menneisyys ja tulevaisuus, ja niiss\u00e4 on lis\u00e4elementtej\u00e4, kuten ehdollisia ja pakottavia tunnelmia. Verbitaivutuss\u00e4\u00e4nt\u00f6jen oppiminen parantaa kyky\u00e4si kommunikoida tehokkaasti kymrin kielell\u00e4.<\/p>\n\n\n\n<h3 class=\"wp-block-heading\" id=\"h-5-adjectives-agreement-and-placement\">5. Adjektiivit: sopimus ja sijoitus<\/h3>\n\n\n\n<p>Walesin kieliopissa adjektiivit seuraavat tyypillisesti muokkaamaansa substantiivia, ja niiden tulisi olla lukum\u00e4\u00e4r\u00e4lt\u00e4\u00e4n samaa mielt\u00e4 substantiivin kanssa. Joillakin walesin kielen adjektiiveilla on ep\u00e4s\u00e4\u00e4nn\u00f6llisi\u00e4 vertailevia ja superlatiivisia muotoja, jotka ovat v\u00e4ltt\u00e4m\u00e4tt\u00f6mi\u00e4 luonnollisemman kommunikoinnin oppimiseksi.<\/p>\n\n\n\n<p><strong>Esimerkkej\u00e4:<\/strong><\/p>\n\n\n\n<p><strong>&#8211; cariad mawr (suuri rakkaus)<\/strong><\/p>\n\n\n\n<p><strong>&#8211; plant bach (pienet lapset)<\/strong><\/p>\n\n\n\n<h3 class=\"wp-block-heading\" id=\"h-6-engaging-with-the-language\">6. Sitoutuminen kieleen<\/h3>\n\n\n\n<p>Tehokkain tapa ymm\u00e4rt\u00e4\u00e4 ja sis\u00e4ist\u00e4\u00e4 <a href=\"https:\/\/talkpal.ai\/fi\/grammar\/lyhyet-vastaukset-walesin-kielioppissa\/\">Walesin kielioppi<\/a> on olla jatkuvasti tekemisiss\u00e4 kielen kanssa. Lukemalla walesilaista kirjallisuutta, katsomalla walesilaisia elokuvia tai televisiosarjoja ja kommunikoimalla aktiivisesti \u00e4idinkielen\u00e4\u00e4n puhuvien kanssa vahvistat ymm\u00e4rryst\u00e4si kieliopista ja laajennat sanastoa.<\/p>\n\n\n\n<h3 class=\"wp-block-heading\" id=\"h-conclusion\">P\u00e4\u00e4telm\u00e4<\/h3>\n\n\n\n<p>Vaikka walesin kielioppi saattaa tuntua monimutkaiselta, voit tulla taitavaksi t\u00e4ss\u00e4 kauniissa kieless\u00e4 omistautumisella, harjoittelulla ja innostuksella. Keskittym\u00e4ll\u00e4 peruss\u00e4\u00e4nt\u00f6ihin ja k\u00e4sittelem\u00e4ll\u00e4 kielt\u00e4 eri yhteyksiss\u00e4 parannat nopeasti walesin <a href=\"https:\/\/talkpal.ai\/fi\/kielioppi\/\">kieliopin taitojasi<\/a>. Pob lwc (onnea) walesin kielen matkallasi ja nauti Walesin kieliopin arvoituksellisen mutta kiehtovan maailman purkamisesta!<\/p>\n<\/div><\/div>\n\r\n<section class=\"learnNavigationSection\">\r\n            \r\n        <a href=\"https:\/\/talkpal.ai\/fi\/opi-walesia\/\">\r\n            <div class=\"learnNavigationWrapper\">\r\n                <div class=\"learnNavigationContent\">\r\n                    <img decoding=\"async\" src=\"https:\/\/talkpal.ai\/wp-content\/uploads\/2024\/08\/Welsh.jpg\" alt=\"Welsh Flag\">\r\n                    <div>\r\n                        <h4>Tietoa Welsh Learningista<\/h4>\r\n                        <p>Tutustu walesin kielioppiin.<\/p>\r\n                    <\/div>\r\n                <\/div>\r\n            <\/div>\r\n        <\/a>\r\n\r\n        \r\n        <a href=\"https:\/\/talkpal.ai\/fi\/walesin-kielioppiharjoitukset\/\">\r\n            <div class=\"learnNavigationWrapper\">\r\n                <div class=\"learnNavigationContent\">\r\n                    <img decoding=\"async\" src=\"https:\/\/talkpal.ai\/wp-content\/uploads\/2024\/08\/Welsh.jpg\" alt=\"Welsh Flag\">\r\n                    <div>\r\n                        <h4>Walesin kielioppiharjoitus<\/h4>\r\n                        <p>Harjoittele Walesin kielioppia.<\/p>\r\n                    <\/div>\r\n                <\/div>\r\n            <\/div>\r\n        <\/a>\r\n\r\n        \r\n        <a href=\"https:\/\/talkpal.ai\/vocabulary_language\/welsh\/\">\r\n            <div class=\"learnNavigationWrapper\">\r\n                <div class=\"learnNavigationContent\">\r\n                    <img decoding=\"async\" src=\"https:\/\/talkpal.ai\/wp-content\/uploads\/2024\/08\/Welsh.jpg\" alt=\"Welsh Flag\">\r\n                    <div>\r\n                        <h4>Walesin sanasto<\/h4>\r\n                        <p>Laajenna walesilaista sanavarastoasi.<\/p>\r\n                    <\/div>\r\n                <\/div>\r\n            <\/div>\r\n        <\/a>\r\n\r\n            <\/section>","protected":false},"excerpt":{"rendered":"<p>Navigointi Walesin kieliopin monimutkaisuuksissa Walesin kieli, brittil\u00e4inen kelttil\u00e4inen kieli, jolla on rikas historia ja kulttuurinen merkitys, tarjoaa j\u00e4nnitt\u00e4v\u00e4n kielikokemuksen niille, jotka haluavat tutustua sen ainutlaatuiseen kielioppij\u00e4rjestelm\u00e4\u00e4n. Kun p\u00e4\u00e4set tutustumaan walesin kielen maailmaan, rikastutat kielellist\u00e4 repertuaariasi ja p\u00e4\u00e4set my\u00f6s kiehtovalle kulttuurimatkalle. Vaikka walesin kielioppi saattaa aluksi vaikuttaa monimutkaiselta, sen jakaminen keskeisiin osiin tekee kielen oppimisesta helpommin [&hellip;]<\/p>\n","protected":false},"author":1,"featured_media":28795,"parent":0,"menu_order":0,"comment_status":"closed","ping_status":"closed","template":"LearningContentPage.php","meta":{"_acf_changed":false,"footnotes":""},"class_list":["post-151434","page","type-page","status-publish","has-post-thumbnail","hentry"],"acf":[],"yoast_head":"<!-- This site is optimized with the Yoast SEO Premium plugin v27.2 (Yoast SEO v27.2) - https:\/\/yoast.com\/product\/yoast-seo-premium-wordpress\/ -->\n<title>Walesin kielioppi - Talkpal<\/title>\n<meta name=\"description\" content=\"Tutustu walesin kieliopin kiemuroihin ja avaa t\u00e4m\u00e4n ainutlaatuisen kelttil\u00e4isen kielen salaisuudet. Aloita matkasi t\u00e4n\u00e4\u00e4n.\" \/>\n<meta name=\"robots\" content=\"index, follow, max-snippet:-1, max-image-preview:large, max-video-preview:-1\" \/>\n<link rel=\"canonical\" href=\"https:\/\/talkpal.ai\/fi\/walesin-kielioppi\/\" \/>\n<meta property=\"og:locale\" content=\"fi_FI\" \/>\n<meta property=\"og:type\" content=\"article\" \/>\n<meta property=\"og:title\" content=\"Walesin kielioppi\" \/>\n<meta property=\"og:description\" content=\"Navigointi Walesin kieliopin monimutkaisuuksissa Walesin kieli, brittil\u00e4inen kelttil\u00e4inen kieli, jolla on rikas historia ja kulttuurinen merkitys, tarjoaa\" \/>\n<meta property=\"og:url\" content=\"https:\/\/talkpal.ai\/fi\/walesin-kielioppi\/\" \/>\n<meta property=\"og:site_name\" content=\"Talkpal\" \/>\n<meta property=\"article:publisher\" content=\"https:\/\/www.facebook.com\/profile.php?id=100090733639311\" \/>\n<meta property=\"article:modified_time\" content=\"2025-12-12T11:00:17+00:00\" \/>\n<meta property=\"og:image\" content=\"https:\/\/talkpal.ai\/wp-content\/uploads\/2023\/05\/Wales.png\" \/>\n\t<meta property=\"og:image:width\" content=\"512\" \/>\n\t<meta property=\"og:image:height\" content=\"512\" \/>\n\t<meta property=\"og:image:type\" content=\"image\/png\" \/>\n<meta name=\"twitter:card\" content=\"summary_large_image\" \/>\n<meta name=\"twitter:site\" content=\"@talkpalai\" \/>\n<meta name=\"twitter:label1\" content=\"Arvioitu lukuaika\" \/>\n\t<meta name=\"twitter:data1\" content=\"2 minuuttia\" \/>\n<script type=\"application\/ld+json\" class=\"yoast-schema-graph\">{\"@context\":\"https:\/\/schema.org\",\"@graph\":[{\"@type\":\"WebPage\",\"@id\":\"https:\/\/talkpal.ai\/fi\/walesin-kielioppi\/\",\"url\":\"https:\/\/talkpal.ai\/fi\/walesin-kielioppi\/\",\"name\":\"Walesin kielioppi - Talkpal\",\"isPartOf\":{\"@id\":\"https:\/\/talkpal.ai\/fi\/#website\"},\"primaryImageOfPage\":{\"@id\":\"https:\/\/talkpal.ai\/fi\/walesin-kielioppi\/#primaryimage\"},\"image\":{\"@id\":\"https:\/\/talkpal.ai\/fi\/walesin-kielioppi\/#primaryimage\"},\"thumbnailUrl\":\"https:\/\/talkpal.ai\/wp-content\/uploads\/2023\/05\/Wales.png\",\"datePublished\":\"2023-05-14T14:20:51+00:00\",\"dateModified\":\"2025-12-12T11:00:17+00:00\",\"description\":\"Tutustu walesin kieliopin kiemuroihin ja avaa t\u00e4m\u00e4n ainutlaatuisen kelttil\u00e4isen kielen salaisuudet. Aloita matkasi t\u00e4n\u00e4\u00e4n.\",\"breadcrumb\":{\"@id\":\"https:\/\/talkpal.ai\/fi\/walesin-kielioppi\/#breadcrumb\"},\"inLanguage\":\"fi\",\"potentialAction\":[{\"@type\":\"ReadAction\",\"target\":[\"https:\/\/talkpal.ai\/fi\/walesin-kielioppi\/\"]}]},{\"@type\":\"ImageObject\",\"inLanguage\":\"fi\",\"@id\":\"https:\/\/talkpal.ai\/fi\/walesin-kielioppi\/#primaryimage\",\"url\":\"https:\/\/talkpal.ai\/wp-content\/uploads\/2023\/05\/Wales.png\",\"contentUrl\":\"https:\/\/talkpal.ai\/wp-content\/uploads\/2023\/05\/Wales.png\",\"width\":512,\"height\":512},{\"@type\":\"BreadcrumbList\",\"@id\":\"https:\/\/talkpal.ai\/fi\/walesin-kielioppi\/#breadcrumb\",\"itemListElement\":[{\"@type\":\"ListItem\",\"position\":1,\"name\":\"Homepage\",\"item\":\"https:\/\/talkpal.ai\/fi\/\"},{\"@type\":\"ListItem\",\"position\":2,\"name\":\"Walesin kielioppi\"}]},{\"@type\":\"WebSite\",\"@id\":\"https:\/\/talkpal.ai\/fi\/#website\",\"url\":\"https:\/\/talkpal.ai\/fi\/\",\"name\":\"Talkpal\",\"description\":\"AI Language Learning\",\"publisher\":{\"@id\":\"https:\/\/talkpal.ai\/fi\/#organization\"},\"alternateName\":\"Talkpal AI\",\"potentialAction\":[{\"@type\":\"SearchAction\",\"target\":{\"@type\":\"EntryPoint\",\"urlTemplate\":\"https:\/\/talkpal.ai\/fi\/?s={search_term_string}\"},\"query-input\":{\"@type\":\"PropertyValueSpecification\",\"valueRequired\":true,\"valueName\":\"search_term_string\"}}],\"inLanguage\":\"fi\"},{\"@type\":\"Organization\",\"@id\":\"https:\/\/talkpal.ai\/fi\/#organization\",\"name\":\"Talkpal, Inc.\",\"alternateName\":\"Talkpal AI\",\"url\":\"https:\/\/talkpal.ai\/fi\/\",\"logo\":{\"@type\":\"ImageObject\",\"inLanguage\":\"fi\",\"@id\":\"https:\/\/talkpal.ai\/fi\/#\/schema\/logo\/image\/\",\"url\":\"https:\/\/talkpal.ai\/wp-content\/uploads\/2024\/03\/Talkpal-Logo-Icon.png\",\"contentUrl\":\"https:\/\/talkpal.ai\/wp-content\/uploads\/2024\/03\/Talkpal-Logo-Icon.png\",\"width\":2880,\"height\":2880,\"caption\":\"Talkpal, Inc.\"},\"image\":{\"@id\":\"https:\/\/talkpal.ai\/fi\/#\/schema\/logo\/image\/\"},\"sameAs\":[\"https:\/\/www.facebook.com\/profile.php?id=100090733639311\",\"https:\/\/x.com\/talkpalai\",\"https:\/\/www.linkedin.com\/company\/talkpal\/\",\"https:\/\/www.youtube.com\/@TalkPal\/\",\"https:\/\/www.tiktok.com\/@talkpal\",\"https:\/\/www.instagram.com\/talkpal_ai\/\",\"https:\/\/www.crunchbase.com\/organization\/talkpal-9cde\",\"https:\/\/www.g2.com\/products\/talkpal-for-business\/\",\"https:\/\/www.trustpilot.com\/review\/talkpal.ai\",\"https:\/\/www.capterra.com\/p\/10006800\/TalkPal\/\"],\"description\":\"Talkpal is a language learning web and mobile education app, powered by the latest AI technologies, that provides engaging experiences to its customers in many different languages to help them improve their language skills. Users can chat about unlimited amount of topics with the app and use other modes to practice their language learning.\",\"email\":\"support@talkpal.ai\",\"legalName\":\"Talkpal, Inc.\",\"foundingDate\":\"2023-04-03\",\"duns\":\"118989042\",\"numberOfEmployees\":{\"@type\":\"QuantitativeValue\",\"minValue\":\"11\",\"maxValue\":\"50\"},\"publishingPrinciples\":\"https:\/\/talkpal.ai\/publishing-principles\/\",\"actionableFeedbackPolicy\":\"https:\/\/talkpal.ai\/actionable-feedback-policy\/\",\"correctionsPolicy\":\"https:\/\/talkpal.ai\/corrections-policy\/\",\"ethicsPolicy\":\"https:\/\/talkpal.ai\/ethics-policy\/\",\"diversityPolicy\":\"https:\/\/talkpal.ai\/diversity-policy\/\",\"diversityStaffingReport\":\"https:\/\/talkpal.ai\/diversity-policy\/\"}]}<\/script>\n<!-- \/ Yoast SEO Premium plugin. -->","yoast_head_json":{"title":"Walesin kielioppi - Talkpal","description":"Tutustu walesin kieliopin kiemuroihin ja avaa t\u00e4m\u00e4n ainutlaatuisen kelttil\u00e4isen kielen salaisuudet. Aloita matkasi t\u00e4n\u00e4\u00e4n.","robots":{"index":"index","follow":"follow","max-snippet":"max-snippet:-1","max-image-preview":"max-image-preview:large","max-video-preview":"max-video-preview:-1"},"canonical":"https:\/\/talkpal.ai\/fi\/walesin-kielioppi\/","og_locale":"fi_FI","og_type":"article","og_title":"Walesin kielioppi","og_description":"Navigointi Walesin kieliopin monimutkaisuuksissa Walesin kieli, brittil\u00e4inen kelttil\u00e4inen kieli, jolla on rikas historia ja kulttuurinen merkitys, tarjoaa","og_url":"https:\/\/talkpal.ai\/fi\/walesin-kielioppi\/","og_site_name":"Talkpal","article_publisher":"https:\/\/www.facebook.com\/profile.php?id=100090733639311","article_modified_time":"2025-12-12T11:00:17+00:00","og_image":[{"width":512,"height":512,"url":"https:\/\/talkpal.ai\/wp-content\/uploads\/2023\/05\/Wales.png","type":"image\/png"}],"twitter_card":"summary_large_image","twitter_site":"@talkpalai","twitter_misc":{"Arvioitu lukuaika":"2 minuuttia"},"schema":{"@context":"https:\/\/schema.org","@graph":[{"@type":"WebPage","@id":"https:\/\/talkpal.ai\/fi\/walesin-kielioppi\/","url":"https:\/\/talkpal.ai\/fi\/walesin-kielioppi\/","name":"Walesin kielioppi - Talkpal","isPartOf":{"@id":"https:\/\/talkpal.ai\/fi\/#website"},"primaryImageOfPage":{"@id":"https:\/\/talkpal.ai\/fi\/walesin-kielioppi\/#primaryimage"},"image":{"@id":"https:\/\/talkpal.ai\/fi\/walesin-kielioppi\/#primaryimage"},"thumbnailUrl":"https:\/\/talkpal.ai\/wp-content\/uploads\/2023\/05\/Wales.png","datePublished":"2023-05-14T14:20:51+00:00","dateModified":"2025-12-12T11:00:17+00:00","description":"Tutustu walesin kieliopin kiemuroihin ja avaa t\u00e4m\u00e4n ainutlaatuisen kelttil\u00e4isen kielen salaisuudet. Aloita matkasi t\u00e4n\u00e4\u00e4n.","breadcrumb":{"@id":"https:\/\/talkpal.ai\/fi\/walesin-kielioppi\/#breadcrumb"},"inLanguage":"fi","potentialAction":[{"@type":"ReadAction","target":["https:\/\/talkpal.ai\/fi\/walesin-kielioppi\/"]}]},{"@type":"ImageObject","inLanguage":"fi","@id":"https:\/\/talkpal.ai\/fi\/walesin-kielioppi\/#primaryimage","url":"https:\/\/talkpal.ai\/wp-content\/uploads\/2023\/05\/Wales.png","contentUrl":"https:\/\/talkpal.ai\/wp-content\/uploads\/2023\/05\/Wales.png","width":512,"height":512},{"@type":"BreadcrumbList","@id":"https:\/\/talkpal.ai\/fi\/walesin-kielioppi\/#breadcrumb","itemListElement":[{"@type":"ListItem","position":1,"name":"Homepage","item":"https:\/\/talkpal.ai\/fi\/"},{"@type":"ListItem","position":2,"name":"Walesin kielioppi"}]},{"@type":"WebSite","@id":"https:\/\/talkpal.ai\/fi\/#website","url":"https:\/\/talkpal.ai\/fi\/","name":"Talkpal","description":"AI Language Learning","publisher":{"@id":"https:\/\/talkpal.ai\/fi\/#organization"},"alternateName":"Talkpal AI","potentialAction":[{"@type":"SearchAction","target":{"@type":"EntryPoint","urlTemplate":"https:\/\/talkpal.ai\/fi\/?s={search_term_string}"},"query-input":{"@type":"PropertyValueSpecification","valueRequired":true,"valueName":"search_term_string"}}],"inLanguage":"fi"},{"@type":"Organization","@id":"https:\/\/talkpal.ai\/fi\/#organization","name":"Talkpal, Inc.","alternateName":"Talkpal AI","url":"https:\/\/talkpal.ai\/fi\/","logo":{"@type":"ImageObject","inLanguage":"fi","@id":"https:\/\/talkpal.ai\/fi\/#\/schema\/logo\/image\/","url":"https:\/\/talkpal.ai\/wp-content\/uploads\/2024\/03\/Talkpal-Logo-Icon.png","contentUrl":"https:\/\/talkpal.ai\/wp-content\/uploads\/2024\/03\/Talkpal-Logo-Icon.png","width":2880,"height":2880,"caption":"Talkpal, Inc."},"image":{"@id":"https:\/\/talkpal.ai\/fi\/#\/schema\/logo\/image\/"},"sameAs":["https:\/\/www.facebook.com\/profile.php?id=100090733639311","https:\/\/x.com\/talkpalai","https:\/\/www.linkedin.com\/company\/talkpal\/","https:\/\/www.youtube.com\/@TalkPal\/","https:\/\/www.tiktok.com\/@talkpal","https:\/\/www.instagram.com\/talkpal_ai\/","https:\/\/www.crunchbase.com\/organization\/talkpal-9cde","https:\/\/www.g2.com\/products\/talkpal-for-business\/","https:\/\/www.trustpilot.com\/review\/talkpal.ai","https:\/\/www.capterra.com\/p\/10006800\/TalkPal\/"],"description":"Talkpal is a language learning web and mobile education app, powered by the latest AI technologies, that provides engaging experiences to its customers in many different languages to help them improve their language skills. Users can chat about unlimited amount of topics with the app and use other modes to practice their language learning.","email":"support@talkpal.ai","legalName":"Talkpal, Inc.","foundingDate":"2023-04-03","duns":"118989042","numberOfEmployees":{"@type":"QuantitativeValue","minValue":"11","maxValue":"50"},"publishingPrinciples":"https:\/\/talkpal.ai\/publishing-principles\/","actionableFeedbackPolicy":"https:\/\/talkpal.ai\/actionable-feedback-policy\/","correctionsPolicy":"https:\/\/talkpal.ai\/corrections-policy\/","ethicsPolicy":"https:\/\/talkpal.ai\/ethics-policy\/","diversityPolicy":"https:\/\/talkpal.ai\/diversity-policy\/","diversityStaffingReport":"https:\/\/talkpal.ai\/diversity-policy\/"}]}},"_links":{"self":[{"href":"https:\/\/talkpal.ai\/fi\/wp-json\/wp\/v2\/pages\/151434","targetHints":{"allow":["GET"]}}],"collection":[{"href":"https:\/\/talkpal.ai\/fi\/wp-json\/wp\/v2\/pages"}],"about":[{"href":"https:\/\/talkpal.ai\/fi\/wp-json\/wp\/v2\/types\/page"}],"author":[{"embeddable":true,"href":"https:\/\/talkpal.ai\/fi\/wp-json\/wp\/v2\/users\/1"}],"replies":[{"embeddable":true,"href":"https:\/\/talkpal.ai\/fi\/wp-json\/wp\/v2\/comments?post=151434"}],"version-history":[{"count":0,"href":"https:\/\/talkpal.ai\/fi\/wp-json\/wp\/v2\/pages\/151434\/revisions"}],"wp:featuredmedia":[{"embeddable":true,"href":"https:\/\/talkpal.ai\/fi\/wp-json\/wp\/v2\/media\/28795"}],"wp:attachment":[{"href":"https:\/\/talkpal.ai\/fi\/wp-json\/wp\/v2\/media?parent=151434"}],"curies":[{"name":"wp","href":"https:\/\/api.w.org\/{rel}","templated":true}]}}