{"id":150830,"date":"2023-05-14T14:20:10","date_gmt":"2023-05-14T14:20:10","guid":{"rendered":"http:\/\/talkpal.ai\/slovenian-kielioppi\/"},"modified":"2025-12-12T11:07:49","modified_gmt":"2025-12-12T11:07:49","slug":"slovenian-kielioppi","status":"publish","type":"page","link":"https:\/\/talkpal.ai\/fi\/slovenian-kielioppi\/","title":{"rendered":"Slovenian kielioppi"},"content":{"rendered":"\r\n\r\n\r\n<section class=\"languageChallengeSection\">\r\n    <div class=\"languageInfoWrapper\">\r\n        \r\n        <h1>Slovenian kielioppi<\/h1>\r\n        <p>Avaa sloveenin kielen erityinen vieh\u00e4tysvoima hallitsemalla sen keskeiset kielioppis\u00e4\u00e4nn\u00f6t. Kun hallitset sloveenin kieliopin, voit olla yhteydess\u00e4 \u00e4idinkielisiin puhujiin ja arvostaa paremmin maan rikasta kulttuuriperint\u00f6\u00e4. Aloita sloveenin kieliopin opiskelu jo t\u00e4n\u00e4\u00e4n ja ota ensimm\u00e4inen askel kohti sujuvuutta!<\/p>\r\n\r\n                            <a class=\"getStartedHidden\" href=\"https:\/\/app.talkpal.ai\/fi\/signup?lng=\">Aloita<\/a>\r\n        \r\n    <\/div>\r\n\r\n    <figure>\r\n    <img decoding=\"async\" width=\"768\" height=\"768\" src=\"https:\/\/talkpal.ai\/wp-content\/uploads\/2023\/06\/slovenian-768x768.png\" class=\"languageImage no-lazy\" alt=\"Default alt text\" fetchpriority=\"high\" sizes=\"(max-width: 768px) 150px, 768px\" srcset=\"https:\/\/talkpal.ai\/wp-content\/uploads\/2023\/06\/slovenian-768x768.png 768w, https:\/\/talkpal.ai\/wp-content\/uploads\/2023\/06\/slovenian-300x300.png 300w\" \/>\r\n    \r\n\r\n    <\/figure>\r\n\r\n            <a class=\"getStartedVisible\" href=\"https:\/\/app.talkpal.ai\/fi\/signup?lng=\">Aloita<\/a>\r\n    \r\n<\/section>\r\n        <section class=\"grammarSection\">\r\n            <div class=\"grammarLinks\">\r\n                <a href=\"https:\/\/talkpal.ai\/fi\/language\/adjektiivit-slovenian-kielioppi\/\">Adjektiivit <\/a><a href=\"https:\/\/talkpal.ai\/fi\/language\/adverbit-slovenian-kielioppi\/\">Adverbit <\/a><a href=\"https:\/\/talkpal.ai\/fi\/language\/aikamuodot-slovenian-kielioppi\/\">Aikamuodot <\/a><a href=\"https:\/\/talkpal.ai\/fi\/language\/aikamuotojen-vertailu-slovenian-kielioppi\/\">Aikamuotojen vertailu <\/a><a href=\"https:\/\/talkpal.ai\/fi\/language\/artikkelit-slovenian-kielioppi\/\">Artikkelit <\/a><a href=\"https:\/\/talkpal.ai\/fi\/language\/konditionaalit-slovenian-kielioppi\/\">Konditionaalit <\/a><a href=\"https:\/\/talkpal.ai\/fi\/language\/lakkeet-slovenian-kielioppi\/\">Lakkeet <\/a><a href=\"https:\/\/talkpal.ai\/fi\/language\/prepositiot-slovenian-kielioppi\/\">Prepositiot <\/a><a href=\"https:\/\/talkpal.ai\/fi\/language\/progressiivinen-slovenian-kielioppi\/\">Progressiivinen <\/a><a href=\"https:\/\/talkpal.ai\/fi\/language\/pronominit-maaritteet-slovenian-kielioppi\/\">Pronominit\/m\u00e4\u00e4ritteet <\/a><a href=\"https:\/\/talkpal.ai\/fi\/language\/substantiivit-slovenian-kielioppi\/\">Substantiivit <\/a><a href=\"https:\/\/talkpal.ai\/fi\/language\/taydellinen-progressiivinen-slovenian-kielioppi\/\">T\u00e4ydellinen progressiivinen <\/a><a href=\"https:\/\/talkpal.ai\/fi\/language\/verbit-slovenian-kielioppi\/\">Verbit <\/a>            <\/div>\r\n        <\/section>\r\n    <section class=\"promotionalBanner\">\r\n    <p class=\"promotionalText\">Tehokkain tapa oppia kielt\u00e4<\/p>\r\n    <a class=\"promotionalLink\" href=\"https:\/\/app.talkpal.ai\/fi\/signup?lng=\">Kokeile Talkpal ilmaiseksi<\/a>\r\n<\/section>\n<div class=\"wp-block-group pageContainerStyle\"><div class=\"wp-block-group__inner-container is-layout-constrained wp-block-group-is-layout-constrained\">\n<h1 class=\"wp-block-heading\" id=\"h-slovenian-grammar-a-short-introduction-for-language-lovers\">Slovenian kielioppi: lyhyt johdanto kielen yst\u00e4ville<\/h1>\n\n\n\n<p>Oletko valmis sukeltamaan sloveenin, upean slaavilaisen kielen, lumoavaan maailmaan? Sinulle on luvassa herkkua! T\u00e4m\u00e4 lyhyt opas antaa sinulle vilauksen sloveenin kieliopista, joka on v\u00e4ltt\u00e4m\u00e4t\u00f6nt\u00e4 t\u00e4m\u00e4n kiehtovan kielen ymm\u00e4rt\u00e4miseksi ja hallitsemiseksi. L\u00e4hdet\u00e4\u00e4n siis kieliseikkailuun ja tutustutaan sloveenin kieliopin kiemuroihin askel askeleelta.<\/p>\n\n\n\n<p>Sloveniaa, joka tunnetaan my\u00f6s nimell\u00e4 sloveeni, puhuu p\u00e4\u00e4asiassa Sloveniassa noin 2,5 miljoonaa ihmist\u00e4. Etel\u00e4slaavilaisena kielen\u00e4 sill\u00e4 on useita yhteisi\u00e4 piirteit\u00e4 l\u00e4hisukulaistensa, kuten <a href=\"https:\/\/talkpal.ai\/learn-serbian\/\">serbian<\/a>, kroatian ja <a href=\"https:\/\/talkpal.ai\/learn-bulgarian\/\">bulgarian<\/a>, kanssa. Slovenialainen ylpeilee kuitenkin ainutlaatuisilla k\u00e4\u00e4nteill\u00e4\u00e4n ja tyylill\u00e4\u00e4n.<\/p>\n\n\n\n<p>Pidemmitt\u00e4 puheitta tutustutaan sloveenin kieliopin keskeisiin piirteisiin:<\/p>\n\n\n\n<h3 class=\"wp-block-heading\" id=\"h-1-nouns-and-cases\">1. Substantiivit ja tapaukset:<\/h3>\n\n\n\n<p><a href=\"https:\/\/talkpal.ai\/learn-slovenian\/\">Slovenian<\/a> substantiiveja on kolmea sukupuolta &#8211; maskuliininen, feminiininen ja neutri. Kutakin substantiivia voidaan k\u00e4ytt\u00e4\u00e4 yhdess\u00e4 kuudesta slovenialaisesta tapauksesta: nominatiivi, genetiivi, datiivi, akkusatiivi, lokatiivi ja instrumentaali. N\u00e4m\u00e4 tapaukset ilmaisevat erilaisia kieliopillisia funktioita <a href=\"https:\/\/talkpal.ai\/learn-thai\/\">tai<\/a> sanojen v\u00e4lisi\u00e4 suhteita, joten on t\u00e4rke\u00e4\u00e4 oppia niiden oikea k\u00e4ytt\u00f6 asiayhteydess\u00e4.<\/p>\n\n\n\n<h3 class=\"wp-block-heading\" id=\"h-2-articles\">2. Artiklat:<\/h3>\n\n\n\n<p>T\u00e4ss\u00e4 on hyvi\u00e4 uutisia &#8211; sloveeniksi ei k\u00e4ytet\u00e4 artikkeleita kuten &#8221;the&#8221; tai &#8221;a&#8221;! Sen sijaan merkitys v\u00e4littyy tapausten ja sanaj\u00e4rjestyksen avulla. T\u00e4m\u00e4 saattaa tehd\u00e4 sloveenin oppimiskokemuksestasi hieman helpompaa, varsinkin jos et ole tottunut kieliin, joissa on monimutkainen artikkelij\u00e4rjestelm\u00e4.<\/p>\n\n\n\n<h3 class=\"wp-block-heading\" id=\"h-3-adjectives\">3. Adjektiivit:<\/h3>\n\n\n\n<p>Aivan kuten substantiivit, sloveenin adjektiivit sopivat sukupuolen, numeron ja kirjainkoon mukaan muokkaamaansa substantiiviin. T\u00e4m\u00e4 tekee adjektiivien k\u00e4yt\u00f6st\u00e4 hieman monimutkaisempaa kuin englannissa, mutta ei h\u00e4t\u00e4\u00e4 &#8211; harjoittelemalla hallitset <a href=\"https:\/\/talkpal.ai\/learn-slovenian\/\">slovenian<\/a> adjektiivit hetkess\u00e4!<\/p>\n\n\n\n<h3 class=\"wp-block-heading\" id=\"h-4-verbs\">4. Verbit:<\/h3>\n\n\n\n<p>Slovenian kieless\u00e4 on kolmiportainen verbij\u00e4rjestelm\u00e4: kolme konjugaatioryhm\u00e4\u00e4 riippuen verbin infinitiivimuotoon p\u00e4\u00e4ttyv\u00e4st\u00e4 kantasanasta. Slovenian verbeill\u00e4 on my\u00f6s erilaisia aikamuotoja ja tunnelmia, mukaan lukien ainutlaatuinen kaksoismuoto, jota k\u00e4ytet\u00e4\u00e4n viitattaessa kahteen aiheeseen tai esineeseen. Valmistaudu k\u00e4ytt\u00e4m\u00e4\u00e4n aikaa slovenian verbitaivutusten oppimiseen ja harjoitteluun saadaksesi luottamusta kielitaitoosi.<\/p>\n\n\n\n<h3 class=\"wp-block-heading\" id=\"h-5-word-order\">5. Sanaj\u00e4rjestys:<\/h3>\n\n\n\n<p>Slovenia noudattaa yleens\u00e4 subjekti-verbi-objekti (SVO) -sanaj\u00e4rjestyst\u00e4, jonka pit\u00e4isi olla tuttu englanninkielisille. Kielell\u00e4 on kuitenkin tietty joustavuus, jonka avulla voit korostaa lauseen tiettyj\u00e4 osia vaihtamalla sanaj\u00e4rjestyst\u00e4. On t\u00e4rke\u00e4\u00e4 k\u00e4ytt\u00e4\u00e4 tapauksia oikein, jotta v\u00e4ltet\u00e4\u00e4n sekaannukset ja v\u00e4litet\u00e4\u00e4n tarkoitettu merkitys.<\/p>\n\n\n\n<h3 class=\"wp-block-heading\" id=\"h-6-pronouns-and-prepositions\">6. Pronominit ja prepositiot:<\/h3>\n\n\n\n<p>Slovenian pronominit, kuten muutkin kielen elementit, vaikuttavat sukupuoleen, numeroon ja tapaukseen. Niit\u00e4 on eri muodoissa, kuten henkil\u00f6kohtaisia, omistushaluisia, demonstratiivisia ja refleksiivisi\u00e4. Slovenian prepositioihin tutustuminen auttaa my\u00f6s yhdist\u00e4m\u00e4\u00e4n sanoja ja lauseita monimutkaisempien lauseiden luomiseksi.<\/p>\n\n\n\n<p>Nyt sinulla on siis perusymm\u00e4rrys sloveenin kieliopista! Muista, ett\u00e4 mink\u00e4 tahansa kielen taito vaatii omistautumista ja harjoittelua. Ota haasteet vastaan, \u00e4l\u00e4k\u00e4 ep\u00e4r\u00f6i oppia virheist\u00e4si. Muista, ett\u00e4 uuden <a href=\"https:\/\/talkpal.ai\/fi\/paras-tapa-oppia-2\/\">kielen oppiminen<\/a> on j\u00e4nnitt\u00e4v\u00e4 matka, joka on t\u00e4ynn\u00e4 ikimuistoisia kokemuksia ja palkitsevia l\u00f6yt\u00f6j\u00e4. Sre\u010dno!<\/p>\n<\/div><\/div>\n\r\n<section class=\"learnNavigationSection\">\r\n            \r\n        <a href=\"https:\/\/talkpal.ai\/fi\/opi-sloveenia\/\">\r\n            <div class=\"learnNavigationWrapper\">\r\n                <div class=\"learnNavigationContent\">\r\n                    <img decoding=\"async\" src=\"https:\/\/talkpal.ai\/wp-content\/uploads\/2024\/08\/Slovenian.jpg\" alt=\"Slovenian Flag\">\r\n                    <div>\r\n                        <h4>Tietoja Slovenian oppimisesta<\/h4>\r\n                        <p>Lue kaikki Slovenian kieliopista.<\/p>\r\n                    <\/div>\r\n                <\/div>\r\n            <\/div>\r\n        <\/a>\r\n\r\n        \r\n        <a href=\"https:\/\/talkpal.ai\/fi\/slovenian-kielioppiharjoitukset\/\">\r\n            <div class=\"learnNavigationWrapper\">\r\n                <div class=\"learnNavigationContent\">\r\n                    <img decoding=\"async\" src=\"https:\/\/talkpal.ai\/wp-content\/uploads\/2024\/08\/Slovenian.jpg\" alt=\"Slovenian Flag\">\r\n                    <div>\r\n                        <h4>Slovenian kielioppi Harjoitus<\/h4>\r\n                        <p>Harjoittele sloveenin kielioppia.<\/p>\r\n                    <\/div>\r\n                <\/div>\r\n            <\/div>\r\n        <\/a>\r\n\r\n        \r\n        <a href=\"https:\/\/talkpal.ai\/vocabulary_language\/slovenian\/\">\r\n            <div class=\"learnNavigationWrapper\">\r\n                <div class=\"learnNavigationContent\">\r\n                    <img decoding=\"async\" src=\"https:\/\/talkpal.ai\/wp-content\/uploads\/2024\/08\/Slovenian.jpg\" alt=\"Slovenian Flag\">\r\n                    <div>\r\n                        <h4>Slovenian sanasto<\/h4>\r\n                        <p>Laajenna sloveenin kielen sanavarastoasi.<\/p>\r\n                    <\/div>\r\n                <\/div>\r\n            <\/div>\r\n        <\/a>\r\n\r\n            <\/section>","protected":false},"excerpt":{"rendered":"<p>Slovenian kielioppi: lyhyt johdanto kielen yst\u00e4ville Oletko valmis sukeltamaan sloveenin, upean slaavilaisen kielen, lumoavaan maailmaan? Sinulle on luvassa herkkua! T\u00e4m\u00e4 lyhyt opas antaa sinulle vilauksen sloveenin kieliopista, joka on v\u00e4ltt\u00e4m\u00e4t\u00f6nt\u00e4 t\u00e4m\u00e4n kiehtovan kielen ymm\u00e4rt\u00e4miseksi ja hallitsemiseksi. L\u00e4hdet\u00e4\u00e4n siis kieliseikkailuun ja tutustutaan sloveenin kieliopin kiemuroihin askel askeleelta. Sloveniaa, joka tunnetaan my\u00f6s nimell\u00e4 sloveeni, puhuu p\u00e4\u00e4asiassa Sloveniassa [&hellip;]<\/p>\n","protected":false},"author":1,"featured_media":28651,"parent":0,"menu_order":0,"comment_status":"closed","ping_status":"closed","template":"LearningContentPage.php","meta":{"_acf_changed":false,"footnotes":""},"class_list":["post-150830","page","type-page","status-publish","has-post-thumbnail","hentry"],"acf":[],"yoast_head":"<!-- This site is optimized with the Yoast SEO Premium plugin v27.2 (Yoast SEO v27.2) - https:\/\/yoast.com\/product\/yoast-seo-premium-wordpress\/ -->\n<title>Slovenian kielioppi - Talkpal<\/title>\n<meta name=\"description\" content=\"Tutustu sloveenin kieliopin kiemuroihin kielitaidon ja ymm\u00e4rryksen parantamiseksi. Hallitse kieliopin taito jo t\u00e4n\u00e4\u00e4n.\" \/>\n<meta name=\"robots\" content=\"index, follow, max-snippet:-1, max-image-preview:large, max-video-preview:-1\" \/>\n<link rel=\"canonical\" href=\"https:\/\/talkpal.ai\/fi\/slovenian-kielioppi\/\" \/>\n<meta property=\"og:locale\" content=\"fi_FI\" \/>\n<meta property=\"og:type\" content=\"article\" \/>\n<meta property=\"og:title\" content=\"Slovenian kielioppi\" \/>\n<meta property=\"og:description\" content=\"Slovenian kielioppi: lyhyt johdanto kielen yst\u00e4ville Oletko valmis sukeltamaan sloveenin, upean slaavilaisen kielen, lumoavaan maailmaan? Sinulle on\" \/>\n<meta property=\"og:url\" content=\"https:\/\/talkpal.ai\/fi\/slovenian-kielioppi\/\" \/>\n<meta property=\"og:site_name\" content=\"Talkpal\" \/>\n<meta property=\"article:publisher\" content=\"https:\/\/www.facebook.com\/profile.php?id=100090733639311\" \/>\n<meta property=\"article:modified_time\" content=\"2025-12-12T11:07:49+00:00\" \/>\n<meta property=\"og:image\" content=\"https:\/\/talkpal.ai\/wp-content\/uploads\/2023\/05\/slovenia.png\" \/>\n\t<meta property=\"og:image:width\" content=\"512\" \/>\n\t<meta property=\"og:image:height\" content=\"512\" \/>\n\t<meta property=\"og:image:type\" content=\"image\/png\" \/>\n<meta name=\"twitter:card\" content=\"summary_large_image\" \/>\n<meta name=\"twitter:site\" content=\"@talkpalai\" \/>\n<meta name=\"twitter:label1\" content=\"Arvioitu lukuaika\" \/>\n\t<meta name=\"twitter:data1\" content=\"2 minuuttia\" \/>\n<script type=\"application\/ld+json\" class=\"yoast-schema-graph\">{\"@context\":\"https:\/\/schema.org\",\"@graph\":[{\"@type\":\"WebPage\",\"@id\":\"https:\/\/talkpal.ai\/fi\/slovenian-kielioppi\/\",\"url\":\"https:\/\/talkpal.ai\/fi\/slovenian-kielioppi\/\",\"name\":\"Slovenian kielioppi - Talkpal\",\"isPartOf\":{\"@id\":\"https:\/\/talkpal.ai\/fi\/#website\"},\"primaryImageOfPage\":{\"@id\":\"https:\/\/talkpal.ai\/fi\/slovenian-kielioppi\/#primaryimage\"},\"image\":{\"@id\":\"https:\/\/talkpal.ai\/fi\/slovenian-kielioppi\/#primaryimage\"},\"thumbnailUrl\":\"https:\/\/talkpal.ai\/wp-content\/uploads\/2023\/05\/slovenia.png\",\"datePublished\":\"2023-05-14T14:20:10+00:00\",\"dateModified\":\"2025-12-12T11:07:49+00:00\",\"description\":\"Tutustu sloveenin kieliopin kiemuroihin kielitaidon ja ymm\u00e4rryksen parantamiseksi. Hallitse kieliopin taito jo t\u00e4n\u00e4\u00e4n.\",\"breadcrumb\":{\"@id\":\"https:\/\/talkpal.ai\/fi\/slovenian-kielioppi\/#breadcrumb\"},\"inLanguage\":\"fi\",\"potentialAction\":[{\"@type\":\"ReadAction\",\"target\":[\"https:\/\/talkpal.ai\/fi\/slovenian-kielioppi\/\"]}]},{\"@type\":\"ImageObject\",\"inLanguage\":\"fi\",\"@id\":\"https:\/\/talkpal.ai\/fi\/slovenian-kielioppi\/#primaryimage\",\"url\":\"https:\/\/talkpal.ai\/wp-content\/uploads\/2023\/05\/slovenia.png\",\"contentUrl\":\"https:\/\/talkpal.ai\/wp-content\/uploads\/2023\/05\/slovenia.png\",\"width\":512,\"height\":512},{\"@type\":\"BreadcrumbList\",\"@id\":\"https:\/\/talkpal.ai\/fi\/slovenian-kielioppi\/#breadcrumb\",\"itemListElement\":[{\"@type\":\"ListItem\",\"position\":1,\"name\":\"Homepage\",\"item\":\"https:\/\/talkpal.ai\/fi\/\"},{\"@type\":\"ListItem\",\"position\":2,\"name\":\"Slovenian kielioppi\"}]},{\"@type\":\"WebSite\",\"@id\":\"https:\/\/talkpal.ai\/fi\/#website\",\"url\":\"https:\/\/talkpal.ai\/fi\/\",\"name\":\"Talkpal\",\"description\":\"AI Language Learning\",\"publisher\":{\"@id\":\"https:\/\/talkpal.ai\/fi\/#organization\"},\"alternateName\":\"Talkpal AI\",\"potentialAction\":[{\"@type\":\"SearchAction\",\"target\":{\"@type\":\"EntryPoint\",\"urlTemplate\":\"https:\/\/talkpal.ai\/fi\/?s={search_term_string}\"},\"query-input\":{\"@type\":\"PropertyValueSpecification\",\"valueRequired\":true,\"valueName\":\"search_term_string\"}}],\"inLanguage\":\"fi\"},{\"@type\":\"Organization\",\"@id\":\"https:\/\/talkpal.ai\/fi\/#organization\",\"name\":\"Talkpal, Inc.\",\"alternateName\":\"Talkpal AI\",\"url\":\"https:\/\/talkpal.ai\/fi\/\",\"logo\":{\"@type\":\"ImageObject\",\"inLanguage\":\"fi\",\"@id\":\"https:\/\/talkpal.ai\/fi\/#\/schema\/logo\/image\/\",\"url\":\"https:\/\/talkpal.ai\/wp-content\/uploads\/2024\/03\/Talkpal-Logo-Icon.png\",\"contentUrl\":\"https:\/\/talkpal.ai\/wp-content\/uploads\/2024\/03\/Talkpal-Logo-Icon.png\",\"width\":2880,\"height\":2880,\"caption\":\"Talkpal, Inc.\"},\"image\":{\"@id\":\"https:\/\/talkpal.ai\/fi\/#\/schema\/logo\/image\/\"},\"sameAs\":[\"https:\/\/www.facebook.com\/profile.php?id=100090733639311\",\"https:\/\/x.com\/talkpalai\",\"https:\/\/www.linkedin.com\/company\/talkpal\/\",\"https:\/\/www.youtube.com\/@TalkPal\/\",\"https:\/\/www.tiktok.com\/@talkpal\",\"https:\/\/www.instagram.com\/talkpal_ai\/\",\"https:\/\/www.crunchbase.com\/organization\/talkpal-9cde\",\"https:\/\/www.g2.com\/products\/talkpal-for-business\/\",\"https:\/\/www.trustpilot.com\/review\/talkpal.ai\",\"https:\/\/www.capterra.com\/p\/10006800\/TalkPal\/\"],\"description\":\"Talkpal is a language learning web and mobile education app, powered by the latest AI technologies, that provides engaging experiences to its customers in many different languages to help them improve their language skills. Users can chat about unlimited amount of topics with the app and use other modes to practice their language learning.\",\"email\":\"support@talkpal.ai\",\"legalName\":\"Talkpal, Inc.\",\"foundingDate\":\"2023-04-03\",\"duns\":\"118989042\",\"numberOfEmployees\":{\"@type\":\"QuantitativeValue\",\"minValue\":\"11\",\"maxValue\":\"50\"},\"publishingPrinciples\":\"https:\/\/talkpal.ai\/publishing-principles\/\",\"actionableFeedbackPolicy\":\"https:\/\/talkpal.ai\/actionable-feedback-policy\/\",\"correctionsPolicy\":\"https:\/\/talkpal.ai\/corrections-policy\/\",\"ethicsPolicy\":\"https:\/\/talkpal.ai\/ethics-policy\/\",\"diversityPolicy\":\"https:\/\/talkpal.ai\/diversity-policy\/\",\"diversityStaffingReport\":\"https:\/\/talkpal.ai\/diversity-policy\/\"}]}<\/script>\n<!-- \/ Yoast SEO Premium plugin. -->","yoast_head_json":{"title":"Slovenian kielioppi - Talkpal","description":"Tutustu sloveenin kieliopin kiemuroihin kielitaidon ja ymm\u00e4rryksen parantamiseksi. Hallitse kieliopin taito jo t\u00e4n\u00e4\u00e4n.","robots":{"index":"index","follow":"follow","max-snippet":"max-snippet:-1","max-image-preview":"max-image-preview:large","max-video-preview":"max-video-preview:-1"},"canonical":"https:\/\/talkpal.ai\/fi\/slovenian-kielioppi\/","og_locale":"fi_FI","og_type":"article","og_title":"Slovenian kielioppi","og_description":"Slovenian kielioppi: lyhyt johdanto kielen yst\u00e4ville Oletko valmis sukeltamaan sloveenin, upean slaavilaisen kielen, lumoavaan maailmaan? Sinulle on","og_url":"https:\/\/talkpal.ai\/fi\/slovenian-kielioppi\/","og_site_name":"Talkpal","article_publisher":"https:\/\/www.facebook.com\/profile.php?id=100090733639311","article_modified_time":"2025-12-12T11:07:49+00:00","og_image":[{"width":512,"height":512,"url":"https:\/\/talkpal.ai\/wp-content\/uploads\/2023\/05\/slovenia.png","type":"image\/png"}],"twitter_card":"summary_large_image","twitter_site":"@talkpalai","twitter_misc":{"Arvioitu lukuaika":"2 minuuttia"},"schema":{"@context":"https:\/\/schema.org","@graph":[{"@type":"WebPage","@id":"https:\/\/talkpal.ai\/fi\/slovenian-kielioppi\/","url":"https:\/\/talkpal.ai\/fi\/slovenian-kielioppi\/","name":"Slovenian kielioppi - Talkpal","isPartOf":{"@id":"https:\/\/talkpal.ai\/fi\/#website"},"primaryImageOfPage":{"@id":"https:\/\/talkpal.ai\/fi\/slovenian-kielioppi\/#primaryimage"},"image":{"@id":"https:\/\/talkpal.ai\/fi\/slovenian-kielioppi\/#primaryimage"},"thumbnailUrl":"https:\/\/talkpal.ai\/wp-content\/uploads\/2023\/05\/slovenia.png","datePublished":"2023-05-14T14:20:10+00:00","dateModified":"2025-12-12T11:07:49+00:00","description":"Tutustu sloveenin kieliopin kiemuroihin kielitaidon ja ymm\u00e4rryksen parantamiseksi. Hallitse kieliopin taito jo t\u00e4n\u00e4\u00e4n.","breadcrumb":{"@id":"https:\/\/talkpal.ai\/fi\/slovenian-kielioppi\/#breadcrumb"},"inLanguage":"fi","potentialAction":[{"@type":"ReadAction","target":["https:\/\/talkpal.ai\/fi\/slovenian-kielioppi\/"]}]},{"@type":"ImageObject","inLanguage":"fi","@id":"https:\/\/talkpal.ai\/fi\/slovenian-kielioppi\/#primaryimage","url":"https:\/\/talkpal.ai\/wp-content\/uploads\/2023\/05\/slovenia.png","contentUrl":"https:\/\/talkpal.ai\/wp-content\/uploads\/2023\/05\/slovenia.png","width":512,"height":512},{"@type":"BreadcrumbList","@id":"https:\/\/talkpal.ai\/fi\/slovenian-kielioppi\/#breadcrumb","itemListElement":[{"@type":"ListItem","position":1,"name":"Homepage","item":"https:\/\/talkpal.ai\/fi\/"},{"@type":"ListItem","position":2,"name":"Slovenian kielioppi"}]},{"@type":"WebSite","@id":"https:\/\/talkpal.ai\/fi\/#website","url":"https:\/\/talkpal.ai\/fi\/","name":"Talkpal","description":"AI Language Learning","publisher":{"@id":"https:\/\/talkpal.ai\/fi\/#organization"},"alternateName":"Talkpal AI","potentialAction":[{"@type":"SearchAction","target":{"@type":"EntryPoint","urlTemplate":"https:\/\/talkpal.ai\/fi\/?s={search_term_string}"},"query-input":{"@type":"PropertyValueSpecification","valueRequired":true,"valueName":"search_term_string"}}],"inLanguage":"fi"},{"@type":"Organization","@id":"https:\/\/talkpal.ai\/fi\/#organization","name":"Talkpal, Inc.","alternateName":"Talkpal AI","url":"https:\/\/talkpal.ai\/fi\/","logo":{"@type":"ImageObject","inLanguage":"fi","@id":"https:\/\/talkpal.ai\/fi\/#\/schema\/logo\/image\/","url":"https:\/\/talkpal.ai\/wp-content\/uploads\/2024\/03\/Talkpal-Logo-Icon.png","contentUrl":"https:\/\/talkpal.ai\/wp-content\/uploads\/2024\/03\/Talkpal-Logo-Icon.png","width":2880,"height":2880,"caption":"Talkpal, Inc."},"image":{"@id":"https:\/\/talkpal.ai\/fi\/#\/schema\/logo\/image\/"},"sameAs":["https:\/\/www.facebook.com\/profile.php?id=100090733639311","https:\/\/x.com\/talkpalai","https:\/\/www.linkedin.com\/company\/talkpal\/","https:\/\/www.youtube.com\/@TalkPal\/","https:\/\/www.tiktok.com\/@talkpal","https:\/\/www.instagram.com\/talkpal_ai\/","https:\/\/www.crunchbase.com\/organization\/talkpal-9cde","https:\/\/www.g2.com\/products\/talkpal-for-business\/","https:\/\/www.trustpilot.com\/review\/talkpal.ai","https:\/\/www.capterra.com\/p\/10006800\/TalkPal\/"],"description":"Talkpal is a language learning web and mobile education app, powered by the latest AI technologies, that provides engaging experiences to its customers in many different languages to help them improve their language skills. Users can chat about unlimited amount of topics with the app and use other modes to practice their language learning.","email":"support@talkpal.ai","legalName":"Talkpal, Inc.","foundingDate":"2023-04-03","duns":"118989042","numberOfEmployees":{"@type":"QuantitativeValue","minValue":"11","maxValue":"50"},"publishingPrinciples":"https:\/\/talkpal.ai\/publishing-principles\/","actionableFeedbackPolicy":"https:\/\/talkpal.ai\/actionable-feedback-policy\/","correctionsPolicy":"https:\/\/talkpal.ai\/corrections-policy\/","ethicsPolicy":"https:\/\/talkpal.ai\/ethics-policy\/","diversityPolicy":"https:\/\/talkpal.ai\/diversity-policy\/","diversityStaffingReport":"https:\/\/talkpal.ai\/diversity-policy\/"}]}},"_links":{"self":[{"href":"https:\/\/talkpal.ai\/fi\/wp-json\/wp\/v2\/pages\/150830","targetHints":{"allow":["GET"]}}],"collection":[{"href":"https:\/\/talkpal.ai\/fi\/wp-json\/wp\/v2\/pages"}],"about":[{"href":"https:\/\/talkpal.ai\/fi\/wp-json\/wp\/v2\/types\/page"}],"author":[{"embeddable":true,"href":"https:\/\/talkpal.ai\/fi\/wp-json\/wp\/v2\/users\/1"}],"replies":[{"embeddable":true,"href":"https:\/\/talkpal.ai\/fi\/wp-json\/wp\/v2\/comments?post=150830"}],"version-history":[{"count":0,"href":"https:\/\/talkpal.ai\/fi\/wp-json\/wp\/v2\/pages\/150830\/revisions"}],"wp:featuredmedia":[{"embeddable":true,"href":"https:\/\/talkpal.ai\/fi\/wp-json\/wp\/v2\/media\/28651"}],"wp:attachment":[{"href":"https:\/\/talkpal.ai\/fi\/wp-json\/wp\/v2\/media?parent=150830"}],"curies":[{"name":"wp","href":"https:\/\/api.w.org\/{rel}","templated":true}]}}