{"id":150162,"date":"2023-05-14T14:19:49","date_gmt":"2023-05-14T14:19:49","guid":{"rendered":"http:\/\/talkpal.ai\/slovakian-kielioppi\/"},"modified":"2025-12-12T11:12:46","modified_gmt":"2025-12-12T11:12:46","slug":"slovakian-kielioppi","status":"publish","type":"page","link":"https:\/\/talkpal.ai\/fi\/slovakian-kielioppi\/","title":{"rendered":"Slovakian kielioppi"},"content":{"rendered":"\r\n\r\n\r\n<section class=\"languageChallengeSection\">\r\n    <div class=\"languageInfoWrapper\">\r\n        \r\n        <h1>Slovakian kielioppi<\/h1>\r\n        <p>Tutustu slovakin kielen kauneuteen oppimalla sen keskeiset kielioppis\u00e4\u00e4nn\u00f6t. <a href=\"https:\/\/talkpal.ai\/learn-slovak\/\">Slovakian<\/a> kieliopin ymm\u00e4rt\u00e4minen auttaa sinua kommunikoimaan itsevarmasti ja luomaan syvemm\u00e4n yhteyden Slovakian rikkaisiin perinteisiin. Aloita matkasi t\u00e4n\u00e4\u00e4n ja ota ensimm\u00e4inen askel kohti slovakin kielen hallintaa!\n\n<\/p>\r\n\r\n                            <a class=\"getStartedHidden\" href=\"https:\/\/app.talkpal.ai\/fi\/signup?lng=\">Aloita<\/a>\r\n        \r\n    <\/div>\r\n\r\n    <figure>\r\n    <img decoding=\"async\" width=\"768\" height=\"768\" src=\"https:\/\/talkpal.ai\/wp-content\/uploads\/2023\/06\/slovak-768x768.png\" class=\"languageImage no-lazy\" alt=\"Default alt text\" fetchpriority=\"high\" sizes=\"(max-width: 768px) 150px, 768px\" srcset=\"https:\/\/talkpal.ai\/wp-content\/uploads\/2023\/06\/slovak-768x768.png 768w, https:\/\/talkpal.ai\/wp-content\/uploads\/2023\/06\/slovak-300x300.png 300w\" \/>\r\n    \r\n\r\n    <\/figure>\r\n\r\n            <a class=\"getStartedVisible\" href=\"https:\/\/app.talkpal.ai\/fi\/signup?lng=\">Aloita<\/a>\r\n    \r\n<\/section>\r\n        <section class=\"grammarSection\">\r\n            <div class=\"grammarLinks\">\r\n                <a href=\"https:\/\/talkpal.ai\/fi\/language\/adjektiivit-slovakian-kielioppi\/\">Adjektiivit <\/a><a href=\"https:\/\/talkpal.ai\/fi\/language\/adverbit-slovakian-kielioppi\/\">Adverbit <\/a><a href=\"https:\/\/talkpal.ai\/fi\/language\/aikamuodot-slovakian-kielioppi\/\">Aikamuodot <\/a><a href=\"https:\/\/talkpal.ai\/fi\/language\/aikamuotojen-vertailu-slovakin-kielioppi\/\">Aikamuotojen vertailu <\/a><a href=\"https:\/\/talkpal.ai\/fi\/language\/artikkelit-slovakian-kielioppi\/\">Artikkelit <\/a><a href=\"https:\/\/talkpal.ai\/fi\/language\/konditionaalit-slovakian-kielioppi\/\">Konditionaalit <\/a><a href=\"https:\/\/talkpal.ai\/fi\/language\/lakkeet-slovakin-kielioppi\/\">Lakkeet <\/a><a href=\"https:\/\/talkpal.ai\/fi\/language\/prepositiot-slovakian-kielioppi\/\">Prepositiot <\/a><a href=\"https:\/\/talkpal.ai\/fi\/language\/progressiivinen-slovakian-kielioppi\/\">Progressiivinen <\/a><a href=\"https:\/\/talkpal.ai\/fi\/language\/pronominit-determinerit-slovakian-kielioppi\/\">Pronominit\/Determinerit <\/a><a href=\"https:\/\/talkpal.ai\/fi\/language\/substantiivit-slovakin-kielioppi\/\">Substantiivit <\/a><a href=\"https:\/\/talkpal.ai\/fi\/language\/taydellinen-progressiivinen-slovakin-kielioppi\/\">T\u00e4ydellinen progressiivinen <\/a><a href=\"https:\/\/talkpal.ai\/fi\/language\/verbit-slovakian-kielioppi\/\">Verbit <\/a>            <\/div>\r\n        <\/section>\r\n    <section class=\"promotionalBanner\">\r\n    <p class=\"promotionalText\">Tehokkain tapa oppia kielt\u00e4<\/p>\r\n    <a class=\"promotionalLink\" href=\"https:\/\/app.talkpal.ai\/fi\/signup?lng=\">Kokeile Talkpal ilmaiseksi<\/a>\r\n<\/section>\n<div class=\"wp-block-group pageContainerStyle\"><div class=\"wp-block-group__inner-container is-layout-constrained wp-block-group-is-layout-constrained\">\n<h2 class=\"wp-block-heading\" id=\"h-slovak-grammar-the-key-to-unlocking-a-beautiful-language\">Slovakian kielioppi: avain kauniin kielen avaamiseen<\/h2>\n\n\n\n<p>Aiotko oppia slovakkia <a href=\"https:\/\/talkpal.ai\/learn-thai\/\">tai<\/a> vain utelias sen ainutlaatuisesta kieliopista? Olet oikeassa paikassa! Slovakian kielioppi saattaa vaikuttaa ensi silm\u00e4yksell\u00e4 pelottavalta, mutta \u00e4l\u00e4 huoli &#8211; se on itse asiassa melko looginen ja hallittavissa. T\u00e4ss\u00e4 artikkelissa tutustumme slovakin kieliopin yksityiskohtiin, jotta voit ymm\u00e4rt\u00e4\u00e4 ja arvostaa sen kauneutta paremmin.<\/p>\n\n\n\n<p>Aloitetaan ensin pienell\u00e4 taustatiedolla. Slovakia on l\u00e4nsislaavilainen kieli, jota puhutaan p\u00e4\u00e4asiassa Slovakiassa, mutta puhujia l\u00f6ytyy my\u00f6s ymp\u00e4r\u00f6ivist\u00e4 maista. Slaavilaisena kielen\u00e4 sill\u00e4 on monia yht\u00e4l\u00e4isyyksi\u00e4 alueen muiden kielten, kuten t\u0161ekin ja puolan, kanssa. Sill\u00e4 on kuitenkin omat erilliset kielioppis\u00e4\u00e4nn\u00f6t ja k\u00e4ytt\u00f6mallit, jotka erottavat sen muista.<\/p>\n\n\n\n<p>Seuraavaksi k\u00e4sitell\u00e4\u00e4n joitakin slovakin kieliopin t\u00e4rkeimpi\u00e4 n\u00e4k\u00f6kohtia.<\/p>\n\n\n\n<h3 class=\"wp-block-heading\" id=\"h-1-nouns-and-their-cases\">1. Substantiivit ja niiden tapaukset<\/h3>\n\n\n\n<p>Yksi slovakin kieliopin silmiinpist\u00e4vimmist\u00e4 piirteist\u00e4 on sen monimutkainen tapausj\u00e4rjestelm\u00e4. Jos olet perehtynyt saksan tai ven\u00e4j\u00e4n kieleen, tied\u00e4t, mist\u00e4 puhumme: Slovakian substantiivit muuttavat muotoaan sen mukaan, mik\u00e4 on niiden teht\u00e4v\u00e4 lauseessa. Seitsem\u00e4n tapausta (nominatiivi, genetiivi, datiivi, akkusatiivi, lokaatiivi, instrumentaali ja vokatiivi) voi aluksi tuntua ylivoimaiselta, mutta \u00e4l\u00e4 luovuta! Kun olet oppinut sen, se on uskomattoman loogista ja jopa hauskaa.<\/p>\n\n\n\n<p>Otetaan esimerkiksi substantiivi &#8221;chlapec&#8221; (poika). Se voi muuttua muotoon &#8221;chlapca&#8221;, &#8221;chlapcovi&#8221;, &#8221;chlapcom&#8221; ja niin edelleen riippuen siit\u00e4, onko se toiminnan subjekti, objekti vai vastaanottaja. P\u00e4\u00e4tteet riippuvat my\u00f6s substantiivin sukupuolesta (maskuliini, feminiini tai neutri), mik\u00e4 tuo kieleen viel\u00e4 lis\u00e4\u00e4 vaihtelua.<\/p>\n\n\n\n<h3 class=\"wp-block-heading\" id=\"h-2-verb-conjugation-and-tenses\">2. Verbien taivutus ja aikamuodot<\/h3>\n\n\n\n<p>Slovakian verbit muuttavat p\u00e4\u00e4tteit\u00e4\u00e4n subjektin persoonan ja numeron (yksikk\u00f6 tai monikko) mukaan. Esimerkiksi verbist\u00e4 &#8221;vidie\u0165&#8221; (n\u00e4hd\u00e4) voi tulla &#8221;vid\u00edm&#8221; (n\u00e4en), &#8221;vid\u00ed\u0161&#8221; (n\u00e4et), &#8221;vidia&#8221; (he n\u00e4kev\u00e4t) ja muita.<\/p>\n\n\n\n<p>Slovakiassa on kolme p\u00e4\u00e4aikamuotoa: menneisyys, nykyisyys ja tulevaisuus. Mielenkiintoista on, ett\u00e4 toisin kuin englannissa, slovakissa ei yleens\u00e4 k\u00e4ytet\u00e4 apuverbej\u00e4 n\u00e4iden aikamuotojen muodostamiseen. Sen sijaan ne muodostetaan muuttamalla verbien p\u00e4\u00e4tteit\u00e4. Esimerkiksi &#8221;n\u00e4en&#8221; on &#8221;vid\u00edm&#8221;, &#8221;n\u00e4in&#8221; on &#8221;videl som&#8221; ja &#8221;n\u00e4en&#8221; on &#8221;uvid\u00edm&#8221;.<\/p>\n\n\n\n<h3 class=\"wp-block-heading\" id=\"h-3-sentence-structure-and-word-order\">3. Lauserakenne ja sanaj\u00e4rjestys<\/h3>\n\n\n\n<p>Slovakian sanaj\u00e4rjestys on suhteellisen joustava substantiivi- ja verbitaivutusj\u00e4rjestelm\u00e4n ansiosta. T\u00e4m\u00e4 tarkoittaa, ett\u00e4 toisin kuin englannissa, sanoja voi sijoittaa eri paikkoihin lauseessa ilman, ett\u00e4 lauseen merkitys muuttuu &#8211; esimerkiksi &#8221;chlapec vid\u00ed psa&#8221; (poika n\u00e4kee koiran) voi olla my\u00f6s &#8221;psa vid\u00ed chlapec&#8221;, ja sen merkitys pysyy samana.<\/p>\n\n\n\n<p>Slovakian yleisin sanaj\u00e4rjestys on kuitenkin subjekti-verbi-objekti tai SVO. T\u00e4m\u00e4 on samanlainen kuin englannin kieli, ja se on hyv\u00e4 l\u00e4ht\u00f6kohta oppijoille. Kun olet tottunut kieleen, voit <a href=\"https:\/\/talkpal.ai\/ko\/ai-%ec%96%b8%ec%96%b4-%ea%b5%90%ec%82%ac\/\">kokeilla<\/a> erilaisia sanaj\u00e4rjestyksi\u00e4 lis\u00e4t\u00e4ksesi painotusta tai vivahteita lauseisiisi.<\/p>\n\n\n\n<h3 class=\"wp-block-heading\" id=\"h-4-adjectives-and-adverbs\">4. Adjektiivit ja adverbit<\/h3>\n\n\n\n<p>Kuten monissa muissakin kieliss\u00e4, slovakin adjektiiveja ja adverbeja k\u00e4ytet\u00e4\u00e4n kuvaamaan substantiiveja ja verbej\u00e4. Heill\u00e4 on kuitenkin my\u00f6s omat tapaus- ja sukupuolisopimuss\u00e4\u00e4nt\u00f6ns\u00e4, mik\u00e4 voi tehd\u00e4 asioista hieman monimutkaisempia. Onneksi, kun hallitset substantiivit ja verbitaivutukset, n\u00e4m\u00e4 s\u00e4\u00e4nn\u00f6t tulevat luonnollisemmin.<\/p>\n\n\n\n<p>Joten, oletko valmis k\u00e4sittelem\u00e4\u00e4n slovakin kielioppia? Oikealla ajattelutavalla ja resursseilla slovakin oppiminen on palkitseva kokemus, joka voi avata ovia rikkaaseen kulttuuriin ja kauniiseen maahan. Ota askel askeleelta, harjoittele s\u00e4\u00e4nn\u00f6llisesti, \u00e4l\u00e4k\u00e4 pelk\u00e4\u00e4 tehd\u00e4 virheit\u00e4 &#8211; niinh\u00e4n me kaikki opimme. Ve\u013ea \u0161\u0165astia! (Onnea!)<\/p>\n<\/div><\/div>\n\r\n<section class=\"learnNavigationSection\">\r\n            \r\n        <a href=\"https:\/\/talkpal.ai\/fi\/opi-slovakiaa\/\">\r\n            <div class=\"learnNavigationWrapper\">\r\n                <div class=\"learnNavigationContent\">\r\n                    <img decoding=\"async\" src=\"https:\/\/talkpal.ai\/wp-content\/uploads\/2024\/08\/Slovak.jpg\" alt=\"Slovak Flag\">\r\n                    <div>\r\n                        <h4>Slovakian oppimisesta<\/h4>\r\n                        <p>Lue kaikki Slovakian kieliopista.<\/p>\r\n                    <\/div>\r\n                <\/div>\r\n            <\/div>\r\n        <\/a>\r\n\r\n        \r\n        <a href=\"https:\/\/talkpal.ai\/fi\/slovakian-kielioppiharjoitukset\/\">\r\n            <div class=\"learnNavigationWrapper\">\r\n                <div class=\"learnNavigationContent\">\r\n                    <img decoding=\"async\" src=\"https:\/\/talkpal.ai\/wp-content\/uploads\/2024\/08\/Slovak.jpg\" alt=\"Slovak Flag\">\r\n                    <div>\r\n                        <h4>Slovakian kielioppiharjoitus<\/h4>\r\n                        <p>Harjoittele slovakin kielioppia.<\/p>\r\n                    <\/div>\r\n                <\/div>\r\n            <\/div>\r\n        <\/a>\r\n\r\n        \r\n        <a href=\"https:\/\/talkpal.ai\/vocabulary_language\/slovak\/\">\r\n            <div class=\"learnNavigationWrapper\">\r\n                <div class=\"learnNavigationContent\">\r\n                    <img decoding=\"async\" src=\"https:\/\/talkpal.ai\/wp-content\/uploads\/2024\/08\/Slovak.jpg\" alt=\"Slovak Flag\">\r\n                    <div>\r\n                        <h4>Slovakian sanasto<\/h4>\r\n                        <p>Laajenna slovakin kielen sanavarastoasi.<\/p>\r\n                    <\/div>\r\n                <\/div>\r\n            <\/div>\r\n        <\/a>\r\n\r\n            <\/section>","protected":false},"excerpt":{"rendered":"<p>Slovakian kielioppi: avain kauniin kielen avaamiseen Aiotko oppia slovakkia tai vain utelias sen ainutlaatuisesta kieliopista? Olet oikeassa paikassa! Slovakian kielioppi saattaa vaikuttaa ensi silm\u00e4yksell\u00e4 pelottavalta, mutta \u00e4l\u00e4 huoli &#8211; se on itse asiassa melko looginen ja hallittavissa. T\u00e4ss\u00e4 artikkelissa tutustumme slovakin kieliopin yksityiskohtiin, jotta voit ymm\u00e4rt\u00e4\u00e4 ja arvostaa sen kauneutta paremmin. Aloitetaan ensin pienell\u00e4 taustatiedolla. [&hellip;]<\/p>\n","protected":false},"author":1,"featured_media":28635,"parent":0,"menu_order":0,"comment_status":"closed","ping_status":"closed","template":"LearningContentPage.php","meta":{"_acf_changed":false,"footnotes":""},"class_list":["post-150162","page","type-page","status-publish","has-post-thumbnail","hentry"],"acf":[],"yoast_head":"<!-- This site is optimized with the Yoast SEO Premium plugin v27.2 (Yoast SEO v27.2) - https:\/\/yoast.com\/product\/yoast-seo-premium-wordpress\/ -->\n<title>Slovakian kielioppi - Talkpal<\/title>\n<meta name=\"description\" content=\"Hallitse slovakin kielioppi selkeiden selitysten, k\u00e4yt\u00e4nn\u00f6n esimerkkien ja interaktiivisten harjoitusten avulla. Paranna taitojasi!\" \/>\n<meta name=\"robots\" content=\"index, follow, max-snippet:-1, max-image-preview:large, max-video-preview:-1\" \/>\n<link rel=\"canonical\" href=\"https:\/\/talkpal.ai\/fi\/slovakian-kielioppi\/\" \/>\n<meta property=\"og:locale\" content=\"fi_FI\" \/>\n<meta property=\"og:type\" content=\"article\" \/>\n<meta property=\"og:title\" content=\"Slovakian kielioppi\" \/>\n<meta property=\"og:description\" content=\"Slovakian kielioppi: avain kauniin kielen avaamiseen Aiotko oppia slovakkia tai vain utelias sen ainutlaatuisesta kieliopista? Olet oikeassa paikassa!\" \/>\n<meta property=\"og:url\" content=\"https:\/\/talkpal.ai\/fi\/slovakian-kielioppi\/\" \/>\n<meta property=\"og:site_name\" content=\"Talkpal\" \/>\n<meta property=\"article:publisher\" content=\"https:\/\/www.facebook.com\/profile.php?id=100090733639311\" \/>\n<meta property=\"article:modified_time\" content=\"2025-12-12T11:12:46+00:00\" \/>\n<meta property=\"og:image\" content=\"https:\/\/talkpal.ai\/wp-content\/uploads\/2023\/05\/slovakia.png\" \/>\n\t<meta property=\"og:image:width\" content=\"512\" \/>\n\t<meta property=\"og:image:height\" content=\"512\" \/>\n\t<meta property=\"og:image:type\" content=\"image\/png\" \/>\n<meta name=\"twitter:card\" content=\"summary_large_image\" \/>\n<meta name=\"twitter:site\" content=\"@talkpalai\" \/>\n<meta name=\"twitter:label1\" content=\"Arvioitu lukuaika\" \/>\n\t<meta name=\"twitter:data1\" content=\"3 minuuttia\" \/>\n<script type=\"application\/ld+json\" class=\"yoast-schema-graph\">{\"@context\":\"https:\/\/schema.org\",\"@graph\":[{\"@type\":\"WebPage\",\"@id\":\"https:\/\/talkpal.ai\/fi\/slovakian-kielioppi\/\",\"url\":\"https:\/\/talkpal.ai\/fi\/slovakian-kielioppi\/\",\"name\":\"Slovakian kielioppi - Talkpal\",\"isPartOf\":{\"@id\":\"https:\/\/talkpal.ai\/fi\/#website\"},\"primaryImageOfPage\":{\"@id\":\"https:\/\/talkpal.ai\/fi\/slovakian-kielioppi\/#primaryimage\"},\"image\":{\"@id\":\"https:\/\/talkpal.ai\/fi\/slovakian-kielioppi\/#primaryimage\"},\"thumbnailUrl\":\"https:\/\/talkpal.ai\/wp-content\/uploads\/2023\/05\/slovakia.png\",\"datePublished\":\"2023-05-14T14:19:49+00:00\",\"dateModified\":\"2025-12-12T11:12:46+00:00\",\"description\":\"Hallitse slovakin kielioppi selkeiden selitysten, k\u00e4yt\u00e4nn\u00f6n esimerkkien ja interaktiivisten harjoitusten avulla. Paranna taitojasi!\",\"breadcrumb\":{\"@id\":\"https:\/\/talkpal.ai\/fi\/slovakian-kielioppi\/#breadcrumb\"},\"inLanguage\":\"fi\",\"potentialAction\":[{\"@type\":\"ReadAction\",\"target\":[\"https:\/\/talkpal.ai\/fi\/slovakian-kielioppi\/\"]}]},{\"@type\":\"ImageObject\",\"inLanguage\":\"fi\",\"@id\":\"https:\/\/talkpal.ai\/fi\/slovakian-kielioppi\/#primaryimage\",\"url\":\"https:\/\/talkpal.ai\/wp-content\/uploads\/2023\/05\/slovakia.png\",\"contentUrl\":\"https:\/\/talkpal.ai\/wp-content\/uploads\/2023\/05\/slovakia.png\",\"width\":512,\"height\":512},{\"@type\":\"BreadcrumbList\",\"@id\":\"https:\/\/talkpal.ai\/fi\/slovakian-kielioppi\/#breadcrumb\",\"itemListElement\":[{\"@type\":\"ListItem\",\"position\":1,\"name\":\"Homepage\",\"item\":\"https:\/\/talkpal.ai\/fi\/\"},{\"@type\":\"ListItem\",\"position\":2,\"name\":\"Slovakian kielioppi\"}]},{\"@type\":\"WebSite\",\"@id\":\"https:\/\/talkpal.ai\/fi\/#website\",\"url\":\"https:\/\/talkpal.ai\/fi\/\",\"name\":\"Talkpal\",\"description\":\"AI Language Learning\",\"publisher\":{\"@id\":\"https:\/\/talkpal.ai\/fi\/#organization\"},\"alternateName\":\"Talkpal AI\",\"potentialAction\":[{\"@type\":\"SearchAction\",\"target\":{\"@type\":\"EntryPoint\",\"urlTemplate\":\"https:\/\/talkpal.ai\/fi\/?s={search_term_string}\"},\"query-input\":{\"@type\":\"PropertyValueSpecification\",\"valueRequired\":true,\"valueName\":\"search_term_string\"}}],\"inLanguage\":\"fi\"},{\"@type\":\"Organization\",\"@id\":\"https:\/\/talkpal.ai\/fi\/#organization\",\"name\":\"Talkpal, Inc.\",\"alternateName\":\"Talkpal AI\",\"url\":\"https:\/\/talkpal.ai\/fi\/\",\"logo\":{\"@type\":\"ImageObject\",\"inLanguage\":\"fi\",\"@id\":\"https:\/\/talkpal.ai\/fi\/#\/schema\/logo\/image\/\",\"url\":\"https:\/\/talkpal.ai\/wp-content\/uploads\/2024\/03\/Talkpal-Logo-Icon.png\",\"contentUrl\":\"https:\/\/talkpal.ai\/wp-content\/uploads\/2024\/03\/Talkpal-Logo-Icon.png\",\"width\":2880,\"height\":2880,\"caption\":\"Talkpal, Inc.\"},\"image\":{\"@id\":\"https:\/\/talkpal.ai\/fi\/#\/schema\/logo\/image\/\"},\"sameAs\":[\"https:\/\/www.facebook.com\/profile.php?id=100090733639311\",\"https:\/\/x.com\/talkpalai\",\"https:\/\/www.linkedin.com\/company\/talkpal\/\",\"https:\/\/www.youtube.com\/@TalkPal\/\",\"https:\/\/www.tiktok.com\/@talkpal\",\"https:\/\/www.instagram.com\/talkpal_ai\/\",\"https:\/\/www.crunchbase.com\/organization\/talkpal-9cde\",\"https:\/\/www.g2.com\/products\/talkpal-for-business\/\",\"https:\/\/www.trustpilot.com\/review\/talkpal.ai\",\"https:\/\/www.capterra.com\/p\/10006800\/TalkPal\/\"],\"description\":\"Talkpal is a language learning web and mobile education app, powered by the latest AI technologies, that provides engaging experiences to its customers in many different languages to help them improve their language skills. Users can chat about unlimited amount of topics with the app and use other modes to practice their language learning.\",\"email\":\"support@talkpal.ai\",\"legalName\":\"Talkpal, Inc.\",\"foundingDate\":\"2023-04-03\",\"duns\":\"118989042\",\"numberOfEmployees\":{\"@type\":\"QuantitativeValue\",\"minValue\":\"11\",\"maxValue\":\"50\"},\"publishingPrinciples\":\"https:\/\/talkpal.ai\/publishing-principles\/\",\"actionableFeedbackPolicy\":\"https:\/\/talkpal.ai\/actionable-feedback-policy\/\",\"correctionsPolicy\":\"https:\/\/talkpal.ai\/corrections-policy\/\",\"ethicsPolicy\":\"https:\/\/talkpal.ai\/ethics-policy\/\",\"diversityPolicy\":\"https:\/\/talkpal.ai\/diversity-policy\/\",\"diversityStaffingReport\":\"https:\/\/talkpal.ai\/diversity-policy\/\"}]}<\/script>\n<!-- \/ Yoast SEO Premium plugin. -->","yoast_head_json":{"title":"Slovakian kielioppi - Talkpal","description":"Hallitse slovakin kielioppi selkeiden selitysten, k\u00e4yt\u00e4nn\u00f6n esimerkkien ja interaktiivisten harjoitusten avulla. Paranna taitojasi!","robots":{"index":"index","follow":"follow","max-snippet":"max-snippet:-1","max-image-preview":"max-image-preview:large","max-video-preview":"max-video-preview:-1"},"canonical":"https:\/\/talkpal.ai\/fi\/slovakian-kielioppi\/","og_locale":"fi_FI","og_type":"article","og_title":"Slovakian kielioppi","og_description":"Slovakian kielioppi: avain kauniin kielen avaamiseen Aiotko oppia slovakkia tai vain utelias sen ainutlaatuisesta kieliopista? Olet oikeassa paikassa!","og_url":"https:\/\/talkpal.ai\/fi\/slovakian-kielioppi\/","og_site_name":"Talkpal","article_publisher":"https:\/\/www.facebook.com\/profile.php?id=100090733639311","article_modified_time":"2025-12-12T11:12:46+00:00","og_image":[{"width":512,"height":512,"url":"https:\/\/talkpal.ai\/wp-content\/uploads\/2023\/05\/slovakia.png","type":"image\/png"}],"twitter_card":"summary_large_image","twitter_site":"@talkpalai","twitter_misc":{"Arvioitu lukuaika":"3 minuuttia"},"schema":{"@context":"https:\/\/schema.org","@graph":[{"@type":"WebPage","@id":"https:\/\/talkpal.ai\/fi\/slovakian-kielioppi\/","url":"https:\/\/talkpal.ai\/fi\/slovakian-kielioppi\/","name":"Slovakian kielioppi - Talkpal","isPartOf":{"@id":"https:\/\/talkpal.ai\/fi\/#website"},"primaryImageOfPage":{"@id":"https:\/\/talkpal.ai\/fi\/slovakian-kielioppi\/#primaryimage"},"image":{"@id":"https:\/\/talkpal.ai\/fi\/slovakian-kielioppi\/#primaryimage"},"thumbnailUrl":"https:\/\/talkpal.ai\/wp-content\/uploads\/2023\/05\/slovakia.png","datePublished":"2023-05-14T14:19:49+00:00","dateModified":"2025-12-12T11:12:46+00:00","description":"Hallitse slovakin kielioppi selkeiden selitysten, k\u00e4yt\u00e4nn\u00f6n esimerkkien ja interaktiivisten harjoitusten avulla. Paranna taitojasi!","breadcrumb":{"@id":"https:\/\/talkpal.ai\/fi\/slovakian-kielioppi\/#breadcrumb"},"inLanguage":"fi","potentialAction":[{"@type":"ReadAction","target":["https:\/\/talkpal.ai\/fi\/slovakian-kielioppi\/"]}]},{"@type":"ImageObject","inLanguage":"fi","@id":"https:\/\/talkpal.ai\/fi\/slovakian-kielioppi\/#primaryimage","url":"https:\/\/talkpal.ai\/wp-content\/uploads\/2023\/05\/slovakia.png","contentUrl":"https:\/\/talkpal.ai\/wp-content\/uploads\/2023\/05\/slovakia.png","width":512,"height":512},{"@type":"BreadcrumbList","@id":"https:\/\/talkpal.ai\/fi\/slovakian-kielioppi\/#breadcrumb","itemListElement":[{"@type":"ListItem","position":1,"name":"Homepage","item":"https:\/\/talkpal.ai\/fi\/"},{"@type":"ListItem","position":2,"name":"Slovakian kielioppi"}]},{"@type":"WebSite","@id":"https:\/\/talkpal.ai\/fi\/#website","url":"https:\/\/talkpal.ai\/fi\/","name":"Talkpal","description":"AI Language Learning","publisher":{"@id":"https:\/\/talkpal.ai\/fi\/#organization"},"alternateName":"Talkpal AI","potentialAction":[{"@type":"SearchAction","target":{"@type":"EntryPoint","urlTemplate":"https:\/\/talkpal.ai\/fi\/?s={search_term_string}"},"query-input":{"@type":"PropertyValueSpecification","valueRequired":true,"valueName":"search_term_string"}}],"inLanguage":"fi"},{"@type":"Organization","@id":"https:\/\/talkpal.ai\/fi\/#organization","name":"Talkpal, Inc.","alternateName":"Talkpal AI","url":"https:\/\/talkpal.ai\/fi\/","logo":{"@type":"ImageObject","inLanguage":"fi","@id":"https:\/\/talkpal.ai\/fi\/#\/schema\/logo\/image\/","url":"https:\/\/talkpal.ai\/wp-content\/uploads\/2024\/03\/Talkpal-Logo-Icon.png","contentUrl":"https:\/\/talkpal.ai\/wp-content\/uploads\/2024\/03\/Talkpal-Logo-Icon.png","width":2880,"height":2880,"caption":"Talkpal, Inc."},"image":{"@id":"https:\/\/talkpal.ai\/fi\/#\/schema\/logo\/image\/"},"sameAs":["https:\/\/www.facebook.com\/profile.php?id=100090733639311","https:\/\/x.com\/talkpalai","https:\/\/www.linkedin.com\/company\/talkpal\/","https:\/\/www.youtube.com\/@TalkPal\/","https:\/\/www.tiktok.com\/@talkpal","https:\/\/www.instagram.com\/talkpal_ai\/","https:\/\/www.crunchbase.com\/organization\/talkpal-9cde","https:\/\/www.g2.com\/products\/talkpal-for-business\/","https:\/\/www.trustpilot.com\/review\/talkpal.ai","https:\/\/www.capterra.com\/p\/10006800\/TalkPal\/"],"description":"Talkpal is a language learning web and mobile education app, powered by the latest AI technologies, that provides engaging experiences to its customers in many different languages to help them improve their language skills. Users can chat about unlimited amount of topics with the app and use other modes to practice their language learning.","email":"support@talkpal.ai","legalName":"Talkpal, Inc.","foundingDate":"2023-04-03","duns":"118989042","numberOfEmployees":{"@type":"QuantitativeValue","minValue":"11","maxValue":"50"},"publishingPrinciples":"https:\/\/talkpal.ai\/publishing-principles\/","actionableFeedbackPolicy":"https:\/\/talkpal.ai\/actionable-feedback-policy\/","correctionsPolicy":"https:\/\/talkpal.ai\/corrections-policy\/","ethicsPolicy":"https:\/\/talkpal.ai\/ethics-policy\/","diversityPolicy":"https:\/\/talkpal.ai\/diversity-policy\/","diversityStaffingReport":"https:\/\/talkpal.ai\/diversity-policy\/"}]}},"_links":{"self":[{"href":"https:\/\/talkpal.ai\/fi\/wp-json\/wp\/v2\/pages\/150162","targetHints":{"allow":["GET"]}}],"collection":[{"href":"https:\/\/talkpal.ai\/fi\/wp-json\/wp\/v2\/pages"}],"about":[{"href":"https:\/\/talkpal.ai\/fi\/wp-json\/wp\/v2\/types\/page"}],"author":[{"embeddable":true,"href":"https:\/\/talkpal.ai\/fi\/wp-json\/wp\/v2\/users\/1"}],"replies":[{"embeddable":true,"href":"https:\/\/talkpal.ai\/fi\/wp-json\/wp\/v2\/comments?post=150162"}],"version-history":[{"count":0,"href":"https:\/\/talkpal.ai\/fi\/wp-json\/wp\/v2\/pages\/150162\/revisions"}],"wp:featuredmedia":[{"embeddable":true,"href":"https:\/\/talkpal.ai\/fi\/wp-json\/wp\/v2\/media\/28635"}],"wp:attachment":[{"href":"https:\/\/talkpal.ai\/fi\/wp-json\/wp\/v2\/media?parent=150162"}],"curies":[{"name":"wp","href":"https:\/\/api.w.org\/{rel}","templated":true}]}}