{"id":149827,"date":"2023-05-14T14:19:26","date_gmt":"2023-05-14T14:19:26","guid":{"rendered":"http:\/\/talkpal.ai\/serbian-kielioppi\/"},"modified":"2025-12-17T15:37:38","modified_gmt":"2025-12-17T15:37:38","slug":"serbian-kielioppi","status":"publish","type":"page","link":"https:\/\/talkpal.ai\/fi\/serbian-kielioppi\/","title":{"rendered":"Serbian kielioppi"},"content":{"rendered":"\r\n\r\n\r\n<section class=\"languageChallengeSection\">\r\n    <div class=\"languageInfoWrapper\">\r\n        \r\n        <h1>Serbian kielioppi<\/h1>\r\n        <p>Aloita seikkailusi ven\u00e4j\u00e4n kielen parissa ja avaa ovet rikkaaseen kulttuuriin ja historiaan. Ven\u00e4j\u00e4n kieliopin ja sanaston hallitseminen parantaa matka-, ura- ja viestint\u00e4mahdollisuuksiasi. Aloita ven\u00e4j\u00e4n kielen opiskelu jo t\u00e4n\u00e4\u00e4n ja ota ensimm\u00e4inen askel kohti sujuvuutta!\n\n<\/p>\r\n\r\n                            <a class=\"getStartedHidden\" href=\"https:\/\/app.talkpal.ai\/fi\/signup?lng=\">Aloita<\/a>\r\n        \r\n    <\/div>\r\n\r\n    <figure>\r\n    <img decoding=\"async\" width=\"768\" height=\"768\" src=\"https:\/\/talkpal.ai\/wp-content\/uploads\/2023\/06\/serbian-768x768.png\" class=\"languageImage no-lazy\" alt=\"Default alt text\" fetchpriority=\"high\" sizes=\"(max-width: 768px) 150px, 768px\" srcset=\"https:\/\/talkpal.ai\/wp-content\/uploads\/2023\/06\/serbian-768x768.png 768w, https:\/\/talkpal.ai\/wp-content\/uploads\/2023\/06\/serbian-300x300.png 300w\" \/>\r\n    \r\n\r\n    <\/figure>\r\n\r\n            <a class=\"getStartedVisible\" href=\"https:\/\/app.talkpal.ai\/fi\/signup?lng=\">Aloita<\/a>\r\n    \r\n<\/section>\r\n        <section class=\"grammarSection\">\r\n            <div class=\"grammarLinks\">\r\n                <a href=\"https:\/\/talkpal.ai\/fi\/language\/adjektiivit-serbian-kielioppi\/\">Adjektiivit <\/a><a href=\"https:\/\/talkpal.ai\/fi\/language\/adverbit-serbian-kielioppi\/\">Adverbit <\/a><a href=\"https:\/\/talkpal.ai\/fi\/language\/aikamuodot-serbian-kielioppi\/\">Aikamuodot <\/a><a href=\"https:\/\/talkpal.ai\/fi\/language\/aikamuotojen-vertailu-serbian-kielioppi\/\">Aikamuotojen vertailu <\/a><a href=\"https:\/\/talkpal.ai\/fi\/language\/artikkelit-serbian-kielioppi\/\">Artikkelit <\/a><a href=\"https:\/\/talkpal.ai\/fi\/language\/konditionaalit-serbian-kielioppi\/\">Konditionaalit <\/a><a href=\"https:\/\/talkpal.ai\/fi\/language\/lauseet-serbian-kielioppi\/\">Lauseet <\/a><a href=\"https:\/\/talkpal.ai\/fi\/language\/prepositiot-serbian-kielioppi\/\">Prepositiot <\/a><a href=\"https:\/\/talkpal.ai\/fi\/language\/progressiivinen-serbian-kielioppi\/\">Progressiivinen <\/a><a href=\"https:\/\/talkpal.ai\/fi\/language\/pronominit-determinerit-serbian-kielioppi\/\">Pronominit\/Determinerit <\/a><a href=\"https:\/\/talkpal.ai\/fi\/language\/substantiivit-serbian-kielioppi\/\">Substantiivit <\/a><a href=\"https:\/\/talkpal.ai\/fi\/language\/taydellinen-progressiivinen-serbian-kielioppi\/\">T\u00e4ydellinen progressiivinen <\/a><a href=\"https:\/\/talkpal.ai\/fi\/language\/verbit-serbian-kielioppi\/\">Verbit <\/a>            <\/div>\r\n        <\/section>\r\n    <section class=\"promotionalBanner\">\r\n    <p class=\"promotionalText\">Tehokkain tapa oppia kielt\u00e4<\/p>\r\n    <a class=\"promotionalLink\" href=\"https:\/\/app.talkpal.ai\/fi\/signup?lng=\">Kokeile Talkpal ilmaiseksi<\/a>\r\n<\/section>\n<div class=\"wp-block-group pageContainerStyle\"><div class=\"wp-block-group__inner-container is-layout-constrained wp-block-group-is-layout-constrained\">\n<h1 class=\"wp-block-heading\" id=\"h-serbian-grammar-unraveling-the-intricacies-of-the-south-slavic-language\">Serbian kielioppi: Etel\u00e4slaavilaisen kielen monimutkaisuuden purkaminen<\/h1>\n\n\n\n<p>Kutsumme kaikki kielten harrastajat ja Balkanin harrastajat! Oletko koskaan harkinnut sukeltamista <a href=\"https:\/\/talkpal.ai\/learn-serbian\/\">serbian<\/a> kieliopin maailmaan? <a href=\"https:\/\/talkpal.ai\/learn-serbian\/\">Serbia<\/a>, etel\u00e4slaavilainen kieli, on Serbian virallinen kieli ja yksi <a href=\"https:\/\/talkpal.ai\/learn-bosnian\/\">Bosnia<\/a> ja Hertsegovinan virallisista kielist\u00e4. T\u00e4ll\u00e4 kiehtovalla kielell\u00e4, jolla on noin 9 miljoonaa \u00e4idinkielen\u00e4\u00e4n puhuvaa, on yht\u00e4l\u00e4isyyksi\u00e4 kroatian, <a href=\"https:\/\/talkpal.ai\/learn-bosnian\/\">bosnian<\/a> ja montenegron kanssa, mutta sill\u00e4 on erityispiirteit\u00e4, jotka erottavat sen muista. T\u00e4ss\u00e4 artikkelissa tutustumme serbian kieliopin kiehtoviin puoliin.<\/p>\n\n\n\n<h3 class=\"wp-block-heading\" id=\"h-the-dual-alphabet-cyrillic-and-latin\">Kaksi aakkosta: kyrillinen ja latinalainen<\/h3>\n\n\n\n<p>Yksi ensimm\u00e4isist\u00e4 asioista, jotka huomaat serbiassa, on sen kahden aakkoston k\u00e4ytt\u00f6: Kyrilliset ja latinalaiset kirjaimet. Serbian kyrilliset aakkoset, joissa on 30 kirjainta, standardoi kielitieteilij\u00e4 Vuk Karad\u017ei\u0107 vuonna 1818, ja se on maan virallinen aakkoset. Latinalaisia aakkosia, jotka koostuvat my\u00f6s 30 kirjaimesta, k\u00e4ytet\u00e4\u00e4n kuitenkin laajalti erityisesti digitaalisessa viestinn\u00e4ss\u00e4 ja ep\u00e4virallisissa yhteyksiss\u00e4. Kahden aakkosen k\u00e4ytt\u00f6 antaa serbialle ainutlaatuisen ja monipuolisen luonteen.<\/p>\n\n\n\n<h3 class=\"wp-block-heading\" id=\"h-the-building-blocks-nouns-pronouns-and-cases\">Rakenneosat: substantiivit, pronominit ja kirjainkoot<\/h3>\n\n\n\n<p>Kuten muutkin slaavilaiset kielet, <a href=\"https:\/\/talkpal.ai\/serbian-grammar\/\">serbian kielioppi<\/a> py\u00f6rii taivutuksen ymp\u00e4rill\u00e4, jossa sanat muuttavat p\u00e4\u00e4tteit\u00e4\u00e4n kieliopillisen teht\u00e4v\u00e4ns\u00e4 mukaan. T\u00e4m\u00e4 n\u00e4kyy selvimmin substantiiveissa, pronomineissa ja adjektiiveissa. Serbiassa on seitsem\u00e4n tapausta:<\/p>\n\n\n\n<p><strong>1. Nominatiivi &#8211; ilmaisee lauseen subjektin.<\/strong><\/p>\n\n\n\n<p><strong>2. Genetiivi &#8211; osoittaa hallussapidon, kielt\u00e4misen kohteen tai partitiivin merkityksen.<\/strong><\/p>\n\n\n\n<p><strong>3. Datiivi &#8211; merkitsee ep\u00e4suoraa objektia<\/strong><\/p>\n\n\n\n<p><strong>4. Akkusatiivi &#8211; tarkoittaa suoraa objektia<\/strong><\/p>\n\n\n\n<p><strong>5. Vocative &#8211; k\u00e4ytet\u00e4\u00e4n puhutteluun tai kutsumiseen.<\/strong><\/p>\n\n\n\n<p><strong>6. Instrumentaalinen &#8211; ilmaisee toiminnan v\u00e4lineen tai menetelm\u00e4n.<\/strong><\/p>\n\n\n\n<p><strong>7. Locative &#8211; m\u00e4\u00e4ritt\u00e4\u00e4 tiettyjen prepositioiden sijainnin tai kohteen.<\/strong><\/p>\n\n\n\n<p>Serbian substantiiveilla on kolme sukupuolta (maskuliininen, feminiininen ja neutri) ja kaksi numeroa (yksikk\u00f6 ja monikko). Kunkin sukupuolen ja lukum\u00e4\u00e4r\u00e4n omat p\u00e4\u00e4tteet vaihtelevat tapauksen mukaan, joten on t\u00e4rke\u00e4\u00e4 muistaa n\u00e4m\u00e4 p\u00e4\u00e4tteet ulkoa, jotta voit rakentaa kieliopillisesti t\u00e4sm\u00e4llisi\u00e4 lauseita.<\/p>\n\n\n\n<h3 class=\"wp-block-heading\" id=\"h-get-moving-with-verbs-tenses-aspects-and-moods\">Liiku verbien avulla: aikamuodot, aspektit ja tunnelmat<\/h3>\n\n\n\n<p>Serbian verbeill\u00e4 on kiehtovia monimutkaisuuksia aikamuotoineen (menneisyys, nykyisyys ja tulevaisuus), aspekteineen (perfektiivi ja imperfektiivi) ja tunnelmineen (indikatiivi, imperatiivi ja konditionaali). Aspektilla on merkitt\u00e4v\u00e4 rooli serbian verbeiss\u00e4, koska se v\u00e4litt\u00e4\u00e4, n\u00e4hd\u00e4\u00e4nk\u00f6 toiminta suoritettuna (perfektiivi) vai jatkuvana (imperfektiivinen). Monet verbit tulevat pareittain, jotka osoittavat eri n\u00e4k\u00f6kohdat, usein k\u00e4ytt\u00e4m\u00e4ll\u00e4 erityisi\u00e4 etuliitteit\u00e4 <a href=\"https:\/\/talkpal.ai\/learn-thai\/\">tai<\/a> j\u00e4lkiliitteit\u00e4.<\/p>\n\n\n\n<h3 class=\"wp-block-heading\" id=\"h-adjectives-adverbs-and-all-that-jazz\">Adjektiivit, adverbit ja kaikki jazz<\/h3>\n\n\n\n<p>Serbian adjektiivit sopivat yhteen niiden substantiivien kanssa, joita ne muokkaavat sukupuolen, lukum\u00e4\u00e4r\u00e4n ja tapauksen suhteen. Niill\u00e4 on my\u00f6s vertailevia ja superlatiivisia muotoja, jotka ilmaisevat erilaisia ominaisuuksia. Lis\u00e4ksi <a href=\"https:\/\/talkpal.ai\/fi\/grammar\/paikan-tsekin-kielioppi-adverbit\/\">adverbit<\/a> johdetaan usein adjektiiveista ja v\u00e4litt\u00e4v\u00e4t erilaisia merkityksi\u00e4, kuten aika, tapa, paikka ja aste.<\/p>\n\n\n\n<p>Serbian kielell\u00e4 on my\u00f6s joukko konjunktioita, prepositioita, numeroita ja hiukkasia, jotka edist\u00e4v\u00e4t kielen kauneutta ja auttavat luomaan monimutkaisia, merkityksellisi\u00e4 lauseita.<\/p>\n\n\n\n<h3 class=\"wp-block-heading\" id=\"h-embracing-the-world-of-serbian-grammar\">Serbian kieliopin maailman omaksuminen<\/h3>\n\n\n\n<p><a href=\"https:\/\/talkpal.ai\/serbian-grammar\/\">Serbian kielioppi<\/a> saattaa tuntua ylivoimaiselta ensi silm\u00e4yksell\u00e4. Kun kuitenkin syvennyt syvemm\u00e4lle sen tapausten, n\u00e4k\u00f6kohtien ja kielellisten omituisuuksien rikkaaseen maisemaan, voit l\u00f6yt\u00e4\u00e4 elinvoimaisen ja ilmaisuvoimaisen kielen. Serbian oppiminen ei vain ter\u00e4v\u00f6it\u00e4 ymm\u00e4rryst\u00e4si slaavilaisesta kieliperheest\u00e4, vaan auttaa my\u00f6s yhdist\u00e4m\u00e4\u00e4n kiehtovaan historiaan ja kulttuuriin.<\/p>\n\n\n\n<p>Joten miksi et ottaisi haastetta tutkia serbian kielioppia tarkemmin? Sinnikkyydell\u00e4 ja intohimolla saatat jonain p\u00e4iv\u00e4n\u00e4 l\u00f6yt\u00e4\u00e4 itsesi k\u00e4velem\u00e4st\u00e4 Belgradin kaduilla ja keskustelemasta vilkkaasti paikallisten kanssa heid\u00e4n \u00e4idinkielell\u00e4\u00e4n. Hyv\u00e4\u00e4 oppimista!<\/p>\n<\/div><\/div>\n\r\n<section class=\"learnNavigationSection\">\r\n            \r\n        <a href=\"https:\/\/talkpal.ai\/fi\/opi-serbiaa\/\">\r\n            <div class=\"learnNavigationWrapper\">\r\n                <div class=\"learnNavigationContent\">\r\n                    <img decoding=\"async\" src=\"https:\/\/talkpal.ai\/wp-content\/uploads\/2024\/08\/Serbian.jpg\" alt=\"Serbian Flag\">\r\n                    <div>\r\n                        <h4>Tietoa Serbia Learningista<\/h4>\r\n                        <p>Selvit\u00e4 kaikki Serbian kieliopista.<\/p>\r\n                    <\/div>\r\n                <\/div>\r\n            <\/div>\r\n        <\/a>\r\n\r\n        \r\n        <a href=\"https:\/\/talkpal.ai\/fi\/serbian-kielioppiharjoitukset\/\">\r\n            <div class=\"learnNavigationWrapper\">\r\n                <div class=\"learnNavigationContent\">\r\n                    <img decoding=\"async\" src=\"https:\/\/talkpal.ai\/wp-content\/uploads\/2024\/08\/Serbian.jpg\" alt=\"Serbian Flag\">\r\n                    <div>\r\n                        <h4>Serbian kielioppi Harjoitus<\/h4>\r\n                        <p>Harjoittele serbian kielioppia.<\/p>\r\n                    <\/div>\r\n                <\/div>\r\n            <\/div>\r\n        <\/a>\r\n\r\n        \r\n        <a href=\"https:\/\/talkpal.ai\/vocabulary_language\/serbian\/\">\r\n            <div class=\"learnNavigationWrapper\">\r\n                <div class=\"learnNavigationContent\">\r\n                    <img decoding=\"async\" src=\"https:\/\/talkpal.ai\/wp-content\/uploads\/2024\/08\/Serbian.jpg\" alt=\"Serbian Flag\">\r\n                    <div>\r\n                        <h4>Serbian sanastoa<\/h4>\r\n                        <p>Laajenna serbian sanavarastoasi.<\/p>\r\n                    <\/div>\r\n                <\/div>\r\n            <\/div>\r\n        <\/a>\r\n\r\n            <\/section>","protected":false},"excerpt":{"rendered":"<p>Serbian kielioppi: Etel\u00e4slaavilaisen kielen monimutkaisuuden purkaminen Kutsumme kaikki kielten harrastajat ja Balkanin harrastajat! Oletko koskaan harkinnut sukeltamista serbian kieliopin maailmaan? Serbia, etel\u00e4slaavilainen kieli, on Serbian virallinen kieli ja yksi Bosnia ja Hertsegovinan virallisista kielist\u00e4. T\u00e4ll\u00e4 kiehtovalla kielell\u00e4, jolla on noin 9 miljoonaa \u00e4idinkielen\u00e4\u00e4n puhuvaa, on yht\u00e4l\u00e4isyyksi\u00e4 kroatian, bosnian ja montenegron kanssa, mutta sill\u00e4 on erityispiirteit\u00e4, [&hellip;]<\/p>\n","protected":false},"author":1,"featured_media":28619,"parent":0,"menu_order":0,"comment_status":"closed","ping_status":"closed","template":"LearningContentPage.php","meta":{"_acf_changed":false,"footnotes":""},"class_list":["post-149827","page","type-page","status-publish","has-post-thumbnail","hentry"],"acf":[],"yoast_head":"<!-- This site is optimized with the Yoast SEO Premium plugin v27.2 (Yoast SEO v27.2) - https:\/\/yoast.com\/product\/yoast-seo-premium-wordpress\/ -->\n<title>Serbian kielioppi - Talkpal<\/title>\n<meta name=\"description\" content=\"Tutustu serbian kieliopin kiemuroihin ja l\u00f6yd\u00e4 ainutlaatuiset piirteet, jotka erottavat sen muista Balkanin kielist\u00e4.\" \/>\n<meta name=\"robots\" content=\"index, follow, max-snippet:-1, max-image-preview:large, max-video-preview:-1\" \/>\n<link rel=\"canonical\" href=\"https:\/\/talkpal.ai\/fi\/serbian-kielioppi\/\" \/>\n<meta property=\"og:locale\" content=\"fi_FI\" \/>\n<meta property=\"og:type\" content=\"article\" \/>\n<meta property=\"og:title\" content=\"Serbian kielioppi\" \/>\n<meta property=\"og:description\" content=\"Serbian kielioppi: Etel\u00e4slaavilaisen kielen monimutkaisuuden purkaminen Kutsumme kaikki kielten harrastajat ja Balkanin harrastajat! Oletko koskaan\" \/>\n<meta property=\"og:url\" content=\"https:\/\/talkpal.ai\/fi\/serbian-kielioppi\/\" \/>\n<meta property=\"og:site_name\" content=\"Talkpal\" \/>\n<meta property=\"article:publisher\" content=\"https:\/\/www.facebook.com\/profile.php?id=100090733639311\" \/>\n<meta property=\"article:modified_time\" content=\"2025-12-17T15:37:38+00:00\" \/>\n<meta property=\"og:image\" content=\"https:\/\/talkpal.ai\/wp-content\/uploads\/2023\/05\/serbia.png\" \/>\n\t<meta property=\"og:image:width\" content=\"512\" \/>\n\t<meta property=\"og:image:height\" content=\"512\" \/>\n\t<meta property=\"og:image:type\" content=\"image\/png\" \/>\n<meta name=\"twitter:card\" content=\"summary_large_image\" \/>\n<meta name=\"twitter:site\" content=\"@talkpalai\" \/>\n<meta name=\"twitter:label1\" content=\"Arvioitu lukuaika\" \/>\n\t<meta name=\"twitter:data1\" content=\"3 minuuttia\" \/>\n<script type=\"application\/ld+json\" class=\"yoast-schema-graph\">{\"@context\":\"https:\/\/schema.org\",\"@graph\":[{\"@type\":\"WebPage\",\"@id\":\"https:\/\/talkpal.ai\/fi\/serbian-kielioppi\/\",\"url\":\"https:\/\/talkpal.ai\/fi\/serbian-kielioppi\/\",\"name\":\"Serbian kielioppi - Talkpal\",\"isPartOf\":{\"@id\":\"https:\/\/talkpal.ai\/fi\/#website\"},\"primaryImageOfPage\":{\"@id\":\"https:\/\/talkpal.ai\/fi\/serbian-kielioppi\/#primaryimage\"},\"image\":{\"@id\":\"https:\/\/talkpal.ai\/fi\/serbian-kielioppi\/#primaryimage\"},\"thumbnailUrl\":\"https:\/\/talkpal.ai\/wp-content\/uploads\/2023\/05\/serbia.png\",\"datePublished\":\"2023-05-14T14:19:26+00:00\",\"dateModified\":\"2025-12-17T15:37:38+00:00\",\"description\":\"Tutustu serbian kieliopin kiemuroihin ja l\u00f6yd\u00e4 ainutlaatuiset piirteet, jotka erottavat sen muista Balkanin kielist\u00e4.\",\"breadcrumb\":{\"@id\":\"https:\/\/talkpal.ai\/fi\/serbian-kielioppi\/#breadcrumb\"},\"inLanguage\":\"fi\",\"potentialAction\":[{\"@type\":\"ReadAction\",\"target\":[\"https:\/\/talkpal.ai\/fi\/serbian-kielioppi\/\"]}]},{\"@type\":\"ImageObject\",\"inLanguage\":\"fi\",\"@id\":\"https:\/\/talkpal.ai\/fi\/serbian-kielioppi\/#primaryimage\",\"url\":\"https:\/\/talkpal.ai\/wp-content\/uploads\/2023\/05\/serbia.png\",\"contentUrl\":\"https:\/\/talkpal.ai\/wp-content\/uploads\/2023\/05\/serbia.png\",\"width\":512,\"height\":512},{\"@type\":\"BreadcrumbList\",\"@id\":\"https:\/\/talkpal.ai\/fi\/serbian-kielioppi\/#breadcrumb\",\"itemListElement\":[{\"@type\":\"ListItem\",\"position\":1,\"name\":\"Homepage\",\"item\":\"https:\/\/talkpal.ai\/fi\/\"},{\"@type\":\"ListItem\",\"position\":2,\"name\":\"Serbian kielioppi\"}]},{\"@type\":\"WebSite\",\"@id\":\"https:\/\/talkpal.ai\/fi\/#website\",\"url\":\"https:\/\/talkpal.ai\/fi\/\",\"name\":\"Talkpal\",\"description\":\"AI Language Learning\",\"publisher\":{\"@id\":\"https:\/\/talkpal.ai\/fi\/#organization\"},\"alternateName\":\"Talkpal AI\",\"potentialAction\":[{\"@type\":\"SearchAction\",\"target\":{\"@type\":\"EntryPoint\",\"urlTemplate\":\"https:\/\/talkpal.ai\/fi\/?s={search_term_string}\"},\"query-input\":{\"@type\":\"PropertyValueSpecification\",\"valueRequired\":true,\"valueName\":\"search_term_string\"}}],\"inLanguage\":\"fi\"},{\"@type\":\"Organization\",\"@id\":\"https:\/\/talkpal.ai\/fi\/#organization\",\"name\":\"Talkpal, Inc.\",\"alternateName\":\"Talkpal AI\",\"url\":\"https:\/\/talkpal.ai\/fi\/\",\"logo\":{\"@type\":\"ImageObject\",\"inLanguage\":\"fi\",\"@id\":\"https:\/\/talkpal.ai\/fi\/#\/schema\/logo\/image\/\",\"url\":\"https:\/\/talkpal.ai\/wp-content\/uploads\/2024\/03\/Talkpal-Logo-Icon.png\",\"contentUrl\":\"https:\/\/talkpal.ai\/wp-content\/uploads\/2024\/03\/Talkpal-Logo-Icon.png\",\"width\":2880,\"height\":2880,\"caption\":\"Talkpal, Inc.\"},\"image\":{\"@id\":\"https:\/\/talkpal.ai\/fi\/#\/schema\/logo\/image\/\"},\"sameAs\":[\"https:\/\/www.facebook.com\/profile.php?id=100090733639311\",\"https:\/\/x.com\/talkpalai\",\"https:\/\/www.linkedin.com\/company\/talkpal\/\",\"https:\/\/www.youtube.com\/@TalkPal\/\",\"https:\/\/www.tiktok.com\/@talkpal\",\"https:\/\/www.instagram.com\/talkpal_ai\/\",\"https:\/\/www.crunchbase.com\/organization\/talkpal-9cde\",\"https:\/\/www.g2.com\/products\/talkpal-for-business\/\",\"https:\/\/www.trustpilot.com\/review\/talkpal.ai\",\"https:\/\/www.capterra.com\/p\/10006800\/TalkPal\/\"],\"description\":\"Talkpal is a language learning web and mobile education app, powered by the latest AI technologies, that provides engaging experiences to its customers in many different languages to help them improve their language skills. Users can chat about unlimited amount of topics with the app and use other modes to practice their language learning.\",\"email\":\"support@talkpal.ai\",\"legalName\":\"Talkpal, Inc.\",\"foundingDate\":\"2023-04-03\",\"duns\":\"118989042\",\"numberOfEmployees\":{\"@type\":\"QuantitativeValue\",\"minValue\":\"11\",\"maxValue\":\"50\"},\"publishingPrinciples\":\"https:\/\/talkpal.ai\/publishing-principles\/\",\"actionableFeedbackPolicy\":\"https:\/\/talkpal.ai\/actionable-feedback-policy\/\",\"correctionsPolicy\":\"https:\/\/talkpal.ai\/corrections-policy\/\",\"ethicsPolicy\":\"https:\/\/talkpal.ai\/ethics-policy\/\",\"diversityPolicy\":\"https:\/\/talkpal.ai\/diversity-policy\/\",\"diversityStaffingReport\":\"https:\/\/talkpal.ai\/diversity-policy\/\"}]}<\/script>\n<!-- \/ Yoast SEO Premium plugin. -->","yoast_head_json":{"title":"Serbian kielioppi - Talkpal","description":"Tutustu serbian kieliopin kiemuroihin ja l\u00f6yd\u00e4 ainutlaatuiset piirteet, jotka erottavat sen muista Balkanin kielist\u00e4.","robots":{"index":"index","follow":"follow","max-snippet":"max-snippet:-1","max-image-preview":"max-image-preview:large","max-video-preview":"max-video-preview:-1"},"canonical":"https:\/\/talkpal.ai\/fi\/serbian-kielioppi\/","og_locale":"fi_FI","og_type":"article","og_title":"Serbian kielioppi","og_description":"Serbian kielioppi: Etel\u00e4slaavilaisen kielen monimutkaisuuden purkaminen Kutsumme kaikki kielten harrastajat ja Balkanin harrastajat! Oletko koskaan","og_url":"https:\/\/talkpal.ai\/fi\/serbian-kielioppi\/","og_site_name":"Talkpal","article_publisher":"https:\/\/www.facebook.com\/profile.php?id=100090733639311","article_modified_time":"2025-12-17T15:37:38+00:00","og_image":[{"width":512,"height":512,"url":"https:\/\/talkpal.ai\/wp-content\/uploads\/2023\/05\/serbia.png","type":"image\/png"}],"twitter_card":"summary_large_image","twitter_site":"@talkpalai","twitter_misc":{"Arvioitu lukuaika":"3 minuuttia"},"schema":{"@context":"https:\/\/schema.org","@graph":[{"@type":"WebPage","@id":"https:\/\/talkpal.ai\/fi\/serbian-kielioppi\/","url":"https:\/\/talkpal.ai\/fi\/serbian-kielioppi\/","name":"Serbian kielioppi - Talkpal","isPartOf":{"@id":"https:\/\/talkpal.ai\/fi\/#website"},"primaryImageOfPage":{"@id":"https:\/\/talkpal.ai\/fi\/serbian-kielioppi\/#primaryimage"},"image":{"@id":"https:\/\/talkpal.ai\/fi\/serbian-kielioppi\/#primaryimage"},"thumbnailUrl":"https:\/\/talkpal.ai\/wp-content\/uploads\/2023\/05\/serbia.png","datePublished":"2023-05-14T14:19:26+00:00","dateModified":"2025-12-17T15:37:38+00:00","description":"Tutustu serbian kieliopin kiemuroihin ja l\u00f6yd\u00e4 ainutlaatuiset piirteet, jotka erottavat sen muista Balkanin kielist\u00e4.","breadcrumb":{"@id":"https:\/\/talkpal.ai\/fi\/serbian-kielioppi\/#breadcrumb"},"inLanguage":"fi","potentialAction":[{"@type":"ReadAction","target":["https:\/\/talkpal.ai\/fi\/serbian-kielioppi\/"]}]},{"@type":"ImageObject","inLanguage":"fi","@id":"https:\/\/talkpal.ai\/fi\/serbian-kielioppi\/#primaryimage","url":"https:\/\/talkpal.ai\/wp-content\/uploads\/2023\/05\/serbia.png","contentUrl":"https:\/\/talkpal.ai\/wp-content\/uploads\/2023\/05\/serbia.png","width":512,"height":512},{"@type":"BreadcrumbList","@id":"https:\/\/talkpal.ai\/fi\/serbian-kielioppi\/#breadcrumb","itemListElement":[{"@type":"ListItem","position":1,"name":"Homepage","item":"https:\/\/talkpal.ai\/fi\/"},{"@type":"ListItem","position":2,"name":"Serbian kielioppi"}]},{"@type":"WebSite","@id":"https:\/\/talkpal.ai\/fi\/#website","url":"https:\/\/talkpal.ai\/fi\/","name":"Talkpal","description":"AI Language Learning","publisher":{"@id":"https:\/\/talkpal.ai\/fi\/#organization"},"alternateName":"Talkpal AI","potentialAction":[{"@type":"SearchAction","target":{"@type":"EntryPoint","urlTemplate":"https:\/\/talkpal.ai\/fi\/?s={search_term_string}"},"query-input":{"@type":"PropertyValueSpecification","valueRequired":true,"valueName":"search_term_string"}}],"inLanguage":"fi"},{"@type":"Organization","@id":"https:\/\/talkpal.ai\/fi\/#organization","name":"Talkpal, Inc.","alternateName":"Talkpal AI","url":"https:\/\/talkpal.ai\/fi\/","logo":{"@type":"ImageObject","inLanguage":"fi","@id":"https:\/\/talkpal.ai\/fi\/#\/schema\/logo\/image\/","url":"https:\/\/talkpal.ai\/wp-content\/uploads\/2024\/03\/Talkpal-Logo-Icon.png","contentUrl":"https:\/\/talkpal.ai\/wp-content\/uploads\/2024\/03\/Talkpal-Logo-Icon.png","width":2880,"height":2880,"caption":"Talkpal, Inc."},"image":{"@id":"https:\/\/talkpal.ai\/fi\/#\/schema\/logo\/image\/"},"sameAs":["https:\/\/www.facebook.com\/profile.php?id=100090733639311","https:\/\/x.com\/talkpalai","https:\/\/www.linkedin.com\/company\/talkpal\/","https:\/\/www.youtube.com\/@TalkPal\/","https:\/\/www.tiktok.com\/@talkpal","https:\/\/www.instagram.com\/talkpal_ai\/","https:\/\/www.crunchbase.com\/organization\/talkpal-9cde","https:\/\/www.g2.com\/products\/talkpal-for-business\/","https:\/\/www.trustpilot.com\/review\/talkpal.ai","https:\/\/www.capterra.com\/p\/10006800\/TalkPal\/"],"description":"Talkpal is a language learning web and mobile education app, powered by the latest AI technologies, that provides engaging experiences to its customers in many different languages to help them improve their language skills. Users can chat about unlimited amount of topics with the app and use other modes to practice their language learning.","email":"support@talkpal.ai","legalName":"Talkpal, Inc.","foundingDate":"2023-04-03","duns":"118989042","numberOfEmployees":{"@type":"QuantitativeValue","minValue":"11","maxValue":"50"},"publishingPrinciples":"https:\/\/talkpal.ai\/publishing-principles\/","actionableFeedbackPolicy":"https:\/\/talkpal.ai\/actionable-feedback-policy\/","correctionsPolicy":"https:\/\/talkpal.ai\/corrections-policy\/","ethicsPolicy":"https:\/\/talkpal.ai\/ethics-policy\/","diversityPolicy":"https:\/\/talkpal.ai\/diversity-policy\/","diversityStaffingReport":"https:\/\/talkpal.ai\/diversity-policy\/"}]}},"_links":{"self":[{"href":"https:\/\/talkpal.ai\/fi\/wp-json\/wp\/v2\/pages\/149827","targetHints":{"allow":["GET"]}}],"collection":[{"href":"https:\/\/talkpal.ai\/fi\/wp-json\/wp\/v2\/pages"}],"about":[{"href":"https:\/\/talkpal.ai\/fi\/wp-json\/wp\/v2\/types\/page"}],"author":[{"embeddable":true,"href":"https:\/\/talkpal.ai\/fi\/wp-json\/wp\/v2\/users\/1"}],"replies":[{"embeddable":true,"href":"https:\/\/talkpal.ai\/fi\/wp-json\/wp\/v2\/comments?post=149827"}],"version-history":[{"count":0,"href":"https:\/\/talkpal.ai\/fi\/wp-json\/wp\/v2\/pages\/149827\/revisions"}],"wp:featuredmedia":[{"embeddable":true,"href":"https:\/\/talkpal.ai\/fi\/wp-json\/wp\/v2\/media\/28619"}],"wp:attachment":[{"href":"https:\/\/talkpal.ai\/fi\/wp-json\/wp\/v2\/media?parent=149827"}],"curies":[{"name":"wp","href":"https:\/\/api.w.org\/{rel}","templated":true}]}}