{"id":149018,"date":"2023-05-14T14:18:46","date_gmt":"2023-05-14T14:18:46","guid":{"rendered":"http:\/\/talkpal.ai\/puolan-kielioppi\/"},"modified":"2025-12-17T17:16:44","modified_gmt":"2025-12-17T17:16:44","slug":"puolan-kielioppi","status":"publish","type":"page","link":"https:\/\/talkpal.ai\/fi\/puolan-kielioppi\/","title":{"rendered":"Puolan kielioppi"},"content":{"rendered":"\r\n\r\n\r\n<section class=\"languageChallengeSection\">\r\n    <div class=\"languageInfoWrapper\">\r\n        \r\n        <h1>Puolan kielioppi<\/h1>\r\n        <p>Sukella puolan kieliopin kiehtovaan maailmaan ja tutustu yhden Keski-Euroopan puhutuimman kielen perusteisiin. Kun hallitset n\u00e4m\u00e4 keskeiset s\u00e4\u00e4nn\u00f6t, voit kommunikoida tehokkaammin ja ymm\u00e4rt\u00e4\u00e4 puolalaista kulttuuria syv\u00e4llisemmin. Aloita puolan kieliopin opiskelu jo t\u00e4n\u00e4\u00e4n ja ota ensimm\u00e4inen askel kohti sujuvuutta!<\/p>\r\n\r\n                            <a class=\"getStartedHidden\" href=\"https:\/\/app.talkpal.ai\/fi\/signup?lng=\">Aloita<\/a>\r\n        \r\n    <\/div>\r\n\r\n    <figure>\r\n    <img decoding=\"async\" width=\"768\" height=\"768\" src=\"https:\/\/talkpal.ai\/wp-content\/uploads\/2023\/06\/polish-768x768.png\" class=\"languageImage no-lazy\" alt=\"Default alt text\" fetchpriority=\"high\" sizes=\"(max-width: 768px) 150px, 768px\" srcset=\"https:\/\/talkpal.ai\/wp-content\/uploads\/2023\/06\/polish-768x768.png 768w, https:\/\/talkpal.ai\/wp-content\/uploads\/2023\/06\/polish-300x300.png 300w\" \/>\r\n    \r\n\r\n    <\/figure>\r\n\r\n            <a class=\"getStartedVisible\" href=\"https:\/\/app.talkpal.ai\/fi\/signup?lng=\">Aloita<\/a>\r\n    \r\n<\/section>\r\n        <section class=\"grammarSection\">\r\n            <div class=\"grammarLinks\">\r\n                <a href=\"https:\/\/talkpal.ai\/fi\/language\/adjektiivit-puolan-kielioppi\/\">Adjektiivit <\/a><a href=\"https:\/\/talkpal.ai\/fi\/language\/adverbit-puolan-kielioppi\/\">Adverbit <\/a><a href=\"https:\/\/talkpal.ai\/fi\/language\/aikamuodot-puolan-kielioppi\/\">Aikamuodot <\/a><a href=\"https:\/\/talkpal.ai\/fi\/language\/aikamuotojen-vertailu-puolan-kielioppi\/\">Aikamuotojen vertailu <\/a><a href=\"https:\/\/talkpal.ai\/fi\/language\/artikkelit-puolan-kielioppi\/\">Artikkelit <\/a><a href=\"https:\/\/talkpal.ai\/fi\/language\/konditionaalit-puolan-kielioppi\/\">Konditionaalit <\/a><a href=\"https:\/\/talkpal.ai\/fi\/language\/lauseet-puolan-kielioppi\/\">Lauseet <\/a><a href=\"https:\/\/talkpal.ai\/fi\/language\/perfect-progressive-puolan-kielioppi\/\">Perfect Progressive <\/a><a href=\"https:\/\/talkpal.ai\/fi\/language\/prepositiot-puolan-kielioppi\/\">Prepositiot <\/a><a href=\"https:\/\/talkpal.ai\/fi\/language\/progressiivinen-puolan-kielioppi\/\">Progressiivinen <\/a><a href=\"https:\/\/talkpal.ai\/fi\/language\/pronominit-determinerit-puolan-kielioppi\/\">Pronominit\/Determinerit <\/a><a href=\"https:\/\/talkpal.ai\/fi\/language\/substantiivit-puolan-kielioppi\/\">Substantiivit <\/a><a href=\"https:\/\/talkpal.ai\/fi\/language\/verbit-puolan-kielioppi\/\">Verbit <\/a>            <\/div>\r\n        <\/section>\r\n    <section class=\"promotionalBanner\">\r\n    <p class=\"promotionalText\">Tehokkain tapa oppia kielt\u00e4<\/p>\r\n    <a class=\"promotionalLink\" href=\"https:\/\/app.talkpal.ai\/fi\/signup?lng=\">Kokeile Talkpal ilmaiseksi<\/a>\r\n<\/section>\n<div class=\"wp-block-group pageContainerStyle\"><div class=\"wp-block-group__inner-container is-layout-constrained wp-block-group-is-layout-constrained\">\n<h2 class=\"wp-block-heading\" id=\"h-breaking-down-the-puzzle-of-polish-grammar\">Puolan kieliopin palapelin hajottaminen<\/h2>\n\n\n\n<p>Puola, slaavilainen kieli, on sek\u00e4 haastava ett\u00e4 palkitseva kielenoppijoille, jotka etsiv\u00e4t ainutlaatuista kielellist\u00e4 seikkailua. Kun sukellat puolaan, l\u00f6yd\u00e4t kiehtovan historian ja kulttuurin, joka t\u00e4ydent\u00e4\u00e4 itse kielen rikkautta. Vaikka <a href=\"https:\/\/talkpal.ai\/fi\/grammar\/pakollinen-puolan-kielioppissa\/\">puolan kielioppi<\/a> saattaa tuntua monimutkaiselta, sen purkaminen hallittaviin elementteihin tekee oppimisprosessista helpommin l\u00e4hestytt\u00e4v\u00e4n. T\u00e4m\u00e4n artikkelin tarkoituksena on esitell\u00e4 sinulle puolan kieliopin kiehtova maailma ja antaa ohjeita sen monimutkaisuuden ratkaisemiseksi.<\/p>\n\n\n\n<h3 class=\"wp-block-heading\" id=\"h-1-noun-gender-and-cases\">1. Substantiivin sukupuoli ja tapaukset<\/h3>\n\n\n\n<p>Puolan substantiiveilla on kieliopillinen sukupuoli &#8211; maskuliini, feminiini ja neutri &#8211; joka vaikuttaa niihin liittyvien adjektiivien, pronominien ja verbien muotoihin. Lis\u00e4ksi puolassa on seitsem\u00e4n kieliopillista tapausta: nominatiivi, genetiivi, datiivi, akkusatiivi, instrumentaali, lokatiivi ja vokatiivi. Sukupuoli- ja tapausj\u00e4rjestelm\u00e4\u00e4n tutustuminen on ratkaisevan t\u00e4rke\u00e4\u00e4 puolalaisten lauseiden ymm\u00e4rt\u00e4miseksi ja rakentamiseksi.<\/p>\n\n\n\n<h3 class=\"wp-block-heading\" id=\"h-2-verb-conjugation-person-tense-and-aspect\">2. Verbitaivutus: persoona, aikamuoto ja aspekti<\/h3>\n\n\n\n<p>Puolan verbit on taivutettava aikamuodon, aspektin ja henkil\u00f6n (ensimm\u00e4inen, toinen <a href=\"https:\/\/talkpal.ai\/learn-thai\/\">tai<\/a> kolmas) mukaan. P\u00e4\u00e4muotoja on kolme: nykyisyys, menneisyys ja tulevaisuus. Lis\u00e4ksi puolalaisilla verbeill\u00e4 on kaksi n\u00e4k\u00f6kohtaa: t\u00e4ydellinen (suoritetuille toimille) ja imperfektiiviset (k\u00e4ynniss\u00e4 oleville tai tavanomaisesti suoritetuille toimille). N\u00e4iden taivutuss\u00e4\u00e4nt\u00f6jen hallitseminen parantaa merkitt\u00e4v\u00e4sti suullisia viestint\u00e4taitojasi puolaksi.<\/p>\n\n\n\n<h3 class=\"wp-block-heading\" id=\"h-3-adjectives-agreement-and-placement\">3. Adjektiivit: sopimus ja sijoitus<\/h3>\n\n\n\n<p>Puolalaisten adjektiivien on oltava yhdenmukaisia niiden muokkaaman substantiivin kanssa, joka koskee sukupuolta, numeroa ja kirjainkokoa. Adjektiivit edelt\u00e4v\u00e4t tyypillisesti substantiivia, mik\u00e4 tarjoaa lauseelle olennaisen kuvailevan kontekstin.<\/p>\n\n\n\n<p>Esimerkkej\u00e4:<\/p>\n\n\n\n<p>&#8211; czerwona sukienka (punainen mekko)<\/p>\n\n\n\n<p>&#8211; pi\u0119kny ogr\u00f3d (kaunis puutarha)<\/p>\n\n\n\n<h3 class=\"wp-block-heading\" id=\"h-4-pronouns-types-and-uses\">4. Pronominit: tyypit ja k\u00e4ytt\u00f6tarkoitukset<\/h3>\n\n\n\n<p>Puolalaisia pronomineja on eri muodoissa, mukaan lukien henkil\u00f6kohtaiset, omistushaluiset, refleksiiviset, demonstratiiviset ja <a href=\"https:\/\/talkpal.ai\/fi\/grammar\/kyselypronominit-tsekin-kielioppi\/\">kyselypronominit<\/a>. Ymm\u00e4rt\u00e4minen, miten ja milloin n\u00e4it\u00e4 pronomineja k\u00e4ytet\u00e4\u00e4n, tekee puolan kieliopistasi tarkemman ja parantaa yleist\u00e4 kielitaitoasi.<\/p>\n\n\n\n<h3 class=\"wp-block-heading\" id=\"h-5-negation-conveying-the-opposite\">5. Negaatio: p\u00e4invastaisen v\u00e4litt\u00e4minen<\/h3>\n\n\n\n<p>Puolan kieliopissa kielt\u00e4minen tapahtuu lis\u00e4\u00e4m\u00e4ll\u00e4 sana &#8221;nie&#8221; verbien, adjektiivien, <a href=\"https:\/\/talkpal.ai\/ar\/grammar_exercises\/adverbien-%d8%aa%d9%85%d8%a7%d8%b1%d9%8a%d9%86-%d9%84%d9%84%d9%82%d9%88%d8%a7%d8%b9%d8%af-%d8%a7%d9%84%d8%a3%d9%84%d9%85%d8%a7%d9%86%d9%8a%d8%a9\/\">adverbien<\/a> tai pronominien eteen. Substantiiveilla varustettujen lauseiden kielt\u00e4miseen sovelletaan kuitenkin erityisi\u00e4 s\u00e4\u00e4nt\u00f6j\u00e4, jotka saattavat edellytt\u00e4\u00e4 ylim\u00e4\u00e4r\u00e4ist\u00e4 prepositiota tai erilaista substantiivimuotoa. N\u00e4iden kieltomallien tunnistaminen auttaa sinua v\u00e4litt\u00e4m\u00e4\u00e4n aiotun merkityksen selke\u00e4sti puolaksi.<\/p>\n\n\n\n<h3 class=\"wp-block-heading\" id=\"h-6-engage-with-the-language\">6. Osallistu kieleen<\/h3>\n\n\n\n<p>Tehokkain tapa ymm\u00e4rt\u00e4\u00e4 ja sis\u00e4ist\u00e4\u00e4 puolan kielioppi on olla s\u00e4\u00e4nn\u00f6llisesti tekemisiss\u00e4 kielen kanssa. Puolan kirjallisuuden lukemisesta, puolalaisten elokuvien katselusta tai aktiivisesta keskustelusta \u00e4idinkielen\u00e4\u00e4n puhuvien kanssa uppoutuminen eri konteksteihin vahvistaa ymm\u00e4rryst\u00e4si kieliopista ja laajentaa sanastoa.<\/p>\n\n\n\n<h3 class=\"wp-block-heading\" id=\"h-conclusion\">P\u00e4\u00e4telm\u00e4<\/h3>\n\n\n\n<p>Vaikka puolan kielioppi saattaa vaikuttaa monimutkaiselta, sen johdonmukainen harjoittaminen ja k\u00e4sitteleminen askel askeleelta auttaa sinua hallitsemaan t\u00e4t\u00e4 ainutlaatuista kielt\u00e4. Ota haaste vastaan, kun aloitat puolan kielen matkasi, ja pian huomaat purkavasi luottavaisesti sen kieliopin monimutkaisuutta. Onnea opintoihisi ja nauti puolan kieliopin kerrosten tutkimisesta!<\/p>\n<\/div><\/div>\n\r\n<section class=\"learnNavigationSection\">\r\n            \r\n        <a href=\"https:\/\/talkpal.ai\/fi\/opi-puolaa\/\">\r\n            <div class=\"learnNavigationWrapper\">\r\n                <div class=\"learnNavigationContent\">\r\n                    <img decoding=\"async\" src=\"https:\/\/talkpal.ai\/wp-content\/uploads\/2024\/08\/Polish.jpg\" alt=\"Polish Flag\">\r\n                    <div>\r\n                        <h4>Tietoja Puolan oppimisesta<\/h4>\r\n                        <p>Lue kaikki puolan kieliopista.<\/p>\r\n                    <\/div>\r\n                <\/div>\r\n            <\/div>\r\n        <\/a>\r\n\r\n        \r\n        <a href=\"https:\/\/talkpal.ai\/fi\/puolan-kielioppiharjoitukset\/\">\r\n            <div class=\"learnNavigationWrapper\">\r\n                <div class=\"learnNavigationContent\">\r\n                    <img decoding=\"async\" src=\"https:\/\/talkpal.ai\/wp-content\/uploads\/2024\/08\/Polish.jpg\" alt=\"Polish Flag\">\r\n                    <div>\r\n                        <h4>Puolan kielioppiharjoitus<\/h4>\r\n                        <p>Harjoittele puolan kielioppia.<\/p>\r\n                    <\/div>\r\n                <\/div>\r\n            <\/div>\r\n        <\/a>\r\n\r\n        \r\n        <a href=\"https:\/\/talkpal.ai\/vocabulary_language\/polish\/\">\r\n            <div class=\"learnNavigationWrapper\">\r\n                <div class=\"learnNavigationContent\">\r\n                    <img decoding=\"async\" src=\"https:\/\/talkpal.ai\/wp-content\/uploads\/2024\/08\/Polish.jpg\" alt=\"Polish Flag\">\r\n                    <div>\r\n                        <h4>Puolan sanasto<\/h4>\r\n                        <p>Laajenna puolan kielen sanavarastoasi.<\/p>\r\n                    <\/div>\r\n                <\/div>\r\n            <\/div>\r\n        <\/a>\r\n\r\n            <\/section>","protected":false},"excerpt":{"rendered":"<p>Puolan kieliopin palapelin hajottaminen Puola, slaavilainen kieli, on sek\u00e4 haastava ett\u00e4 palkitseva kielenoppijoille, jotka etsiv\u00e4t ainutlaatuista kielellist\u00e4 seikkailua. Kun sukellat puolaan, l\u00f6yd\u00e4t kiehtovan historian ja kulttuurin, joka t\u00e4ydent\u00e4\u00e4 itse kielen rikkautta. Vaikka puolan kielioppi saattaa tuntua monimutkaiselta, sen purkaminen hallittaviin elementteihin tekee oppimisprosessista helpommin l\u00e4hestytt\u00e4v\u00e4n. T\u00e4m\u00e4n artikkelin tarkoituksena on esitell\u00e4 sinulle puolan kieliopin kiehtova maailma [&hellip;]<\/p>\n","protected":false},"author":1,"featured_media":28571,"parent":0,"menu_order":0,"comment_status":"closed","ping_status":"closed","template":"LearningContentPage.php","meta":{"_acf_changed":false,"footnotes":""},"class_list":["post-149018","page","type-page","status-publish","has-post-thumbnail","hentry"],"acf":[],"yoast_head":"<!-- This site is optimized with the Yoast SEO Premium plugin v27.2 (Yoast SEO v27.2) - https:\/\/yoast.com\/product\/yoast-seo-premium-wordpress\/ -->\n<title>Puolan kielioppi - Talkpal<\/title>\n<meta name=\"description\" content=\"Opettele puolan kielioppi interaktiivisten harjoitusten avulla, jotka on suunniteltu kaikille oppimistasoille. Paranna puolan kielen taitojasi!\" \/>\n<meta name=\"robots\" content=\"index, follow, max-snippet:-1, max-image-preview:large, max-video-preview:-1\" \/>\n<link rel=\"canonical\" href=\"https:\/\/talkpal.ai\/fi\/puolan-kielioppi\/\" \/>\n<meta property=\"og:locale\" content=\"fi_FI\" \/>\n<meta property=\"og:type\" content=\"article\" \/>\n<meta property=\"og:title\" content=\"Puolan kielioppi\" \/>\n<meta property=\"og:description\" content=\"Puolan kieliopin palapelin hajottaminen Puola, slaavilainen kieli, on sek\u00e4 haastava ett\u00e4 palkitseva kielenoppijoille, jotka etsiv\u00e4t ainutlaatuista\" \/>\n<meta property=\"og:url\" content=\"https:\/\/talkpal.ai\/fi\/puolan-kielioppi\/\" \/>\n<meta property=\"og:site_name\" content=\"Talkpal\" \/>\n<meta property=\"article:publisher\" content=\"https:\/\/www.facebook.com\/profile.php?id=100090733639311\" \/>\n<meta property=\"article:modified_time\" content=\"2025-12-17T17:16:44+00:00\" \/>\n<meta property=\"og:image\" content=\"https:\/\/talkpal.ai\/wp-content\/uploads\/2023\/05\/poland.png\" \/>\n\t<meta property=\"og:image:width\" content=\"512\" \/>\n\t<meta property=\"og:image:height\" content=\"512\" \/>\n\t<meta property=\"og:image:type\" content=\"image\/png\" \/>\n<meta name=\"twitter:card\" content=\"summary_large_image\" \/>\n<meta name=\"twitter:site\" content=\"@talkpalai\" \/>\n<meta name=\"twitter:label1\" content=\"Arvioitu lukuaika\" \/>\n\t<meta name=\"twitter:data1\" content=\"2 minuuttia\" \/>\n<script type=\"application\/ld+json\" class=\"yoast-schema-graph\">{\"@context\":\"https:\/\/schema.org\",\"@graph\":[{\"@type\":\"WebPage\",\"@id\":\"https:\/\/talkpal.ai\/fi\/puolan-kielioppi\/\",\"url\":\"https:\/\/talkpal.ai\/fi\/puolan-kielioppi\/\",\"name\":\"Puolan kielioppi - Talkpal\",\"isPartOf\":{\"@id\":\"https:\/\/talkpal.ai\/fi\/#website\"},\"primaryImageOfPage\":{\"@id\":\"https:\/\/talkpal.ai\/fi\/puolan-kielioppi\/#primaryimage\"},\"image\":{\"@id\":\"https:\/\/talkpal.ai\/fi\/puolan-kielioppi\/#primaryimage\"},\"thumbnailUrl\":\"https:\/\/talkpal.ai\/wp-content\/uploads\/2023\/05\/poland.png\",\"datePublished\":\"2023-05-14T14:18:46+00:00\",\"dateModified\":\"2025-12-17T17:16:44+00:00\",\"description\":\"Opettele puolan kielioppi interaktiivisten harjoitusten avulla, jotka on suunniteltu kaikille oppimistasoille. Paranna puolan kielen taitojasi!\",\"breadcrumb\":{\"@id\":\"https:\/\/talkpal.ai\/fi\/puolan-kielioppi\/#breadcrumb\"},\"inLanguage\":\"fi\",\"potentialAction\":[{\"@type\":\"ReadAction\",\"target\":[\"https:\/\/talkpal.ai\/fi\/puolan-kielioppi\/\"]}]},{\"@type\":\"ImageObject\",\"inLanguage\":\"fi\",\"@id\":\"https:\/\/talkpal.ai\/fi\/puolan-kielioppi\/#primaryimage\",\"url\":\"https:\/\/talkpal.ai\/wp-content\/uploads\/2023\/05\/poland.png\",\"contentUrl\":\"https:\/\/talkpal.ai\/wp-content\/uploads\/2023\/05\/poland.png\",\"width\":512,\"height\":512},{\"@type\":\"BreadcrumbList\",\"@id\":\"https:\/\/talkpal.ai\/fi\/puolan-kielioppi\/#breadcrumb\",\"itemListElement\":[{\"@type\":\"ListItem\",\"position\":1,\"name\":\"Homepage\",\"item\":\"https:\/\/talkpal.ai\/fi\/\"},{\"@type\":\"ListItem\",\"position\":2,\"name\":\"Puolan kielioppi\"}]},{\"@type\":\"WebSite\",\"@id\":\"https:\/\/talkpal.ai\/fi\/#website\",\"url\":\"https:\/\/talkpal.ai\/fi\/\",\"name\":\"Talkpal\",\"description\":\"AI Language Learning\",\"publisher\":{\"@id\":\"https:\/\/talkpal.ai\/fi\/#organization\"},\"alternateName\":\"Talkpal AI\",\"potentialAction\":[{\"@type\":\"SearchAction\",\"target\":{\"@type\":\"EntryPoint\",\"urlTemplate\":\"https:\/\/talkpal.ai\/fi\/?s={search_term_string}\"},\"query-input\":{\"@type\":\"PropertyValueSpecification\",\"valueRequired\":true,\"valueName\":\"search_term_string\"}}],\"inLanguage\":\"fi\"},{\"@type\":\"Organization\",\"@id\":\"https:\/\/talkpal.ai\/fi\/#organization\",\"name\":\"Talkpal, Inc.\",\"alternateName\":\"Talkpal AI\",\"url\":\"https:\/\/talkpal.ai\/fi\/\",\"logo\":{\"@type\":\"ImageObject\",\"inLanguage\":\"fi\",\"@id\":\"https:\/\/talkpal.ai\/fi\/#\/schema\/logo\/image\/\",\"url\":\"https:\/\/talkpal.ai\/wp-content\/uploads\/2024\/03\/Talkpal-Logo-Icon.png\",\"contentUrl\":\"https:\/\/talkpal.ai\/wp-content\/uploads\/2024\/03\/Talkpal-Logo-Icon.png\",\"width\":2880,\"height\":2880,\"caption\":\"Talkpal, Inc.\"},\"image\":{\"@id\":\"https:\/\/talkpal.ai\/fi\/#\/schema\/logo\/image\/\"},\"sameAs\":[\"https:\/\/www.facebook.com\/profile.php?id=100090733639311\",\"https:\/\/x.com\/talkpalai\",\"https:\/\/www.linkedin.com\/company\/talkpal\/\",\"https:\/\/www.youtube.com\/@TalkPal\/\",\"https:\/\/www.tiktok.com\/@talkpal\",\"https:\/\/www.instagram.com\/talkpal_ai\/\",\"https:\/\/www.crunchbase.com\/organization\/talkpal-9cde\",\"https:\/\/www.g2.com\/products\/talkpal-for-business\/\",\"https:\/\/www.trustpilot.com\/review\/talkpal.ai\",\"https:\/\/www.capterra.com\/p\/10006800\/TalkPal\/\"],\"description\":\"Talkpal is a language learning web and mobile education app, powered by the latest AI technologies, that provides engaging experiences to its customers in many different languages to help them improve their language skills. Users can chat about unlimited amount of topics with the app and use other modes to practice their language learning.\",\"email\":\"support@talkpal.ai\",\"legalName\":\"Talkpal, Inc.\",\"foundingDate\":\"2023-04-03\",\"duns\":\"118989042\",\"numberOfEmployees\":{\"@type\":\"QuantitativeValue\",\"minValue\":\"11\",\"maxValue\":\"50\"},\"publishingPrinciples\":\"https:\/\/talkpal.ai\/publishing-principles\/\",\"actionableFeedbackPolicy\":\"https:\/\/talkpal.ai\/actionable-feedback-policy\/\",\"correctionsPolicy\":\"https:\/\/talkpal.ai\/corrections-policy\/\",\"ethicsPolicy\":\"https:\/\/talkpal.ai\/ethics-policy\/\",\"diversityPolicy\":\"https:\/\/talkpal.ai\/diversity-policy\/\",\"diversityStaffingReport\":\"https:\/\/talkpal.ai\/diversity-policy\/\"}]}<\/script>\n<!-- \/ Yoast SEO Premium plugin. -->","yoast_head_json":{"title":"Puolan kielioppi - Talkpal","description":"Opettele puolan kielioppi interaktiivisten harjoitusten avulla, jotka on suunniteltu kaikille oppimistasoille. Paranna puolan kielen taitojasi!","robots":{"index":"index","follow":"follow","max-snippet":"max-snippet:-1","max-image-preview":"max-image-preview:large","max-video-preview":"max-video-preview:-1"},"canonical":"https:\/\/talkpal.ai\/fi\/puolan-kielioppi\/","og_locale":"fi_FI","og_type":"article","og_title":"Puolan kielioppi","og_description":"Puolan kieliopin palapelin hajottaminen Puola, slaavilainen kieli, on sek\u00e4 haastava ett\u00e4 palkitseva kielenoppijoille, jotka etsiv\u00e4t ainutlaatuista","og_url":"https:\/\/talkpal.ai\/fi\/puolan-kielioppi\/","og_site_name":"Talkpal","article_publisher":"https:\/\/www.facebook.com\/profile.php?id=100090733639311","article_modified_time":"2025-12-17T17:16:44+00:00","og_image":[{"width":512,"height":512,"url":"https:\/\/talkpal.ai\/wp-content\/uploads\/2023\/05\/poland.png","type":"image\/png"}],"twitter_card":"summary_large_image","twitter_site":"@talkpalai","twitter_misc":{"Arvioitu lukuaika":"2 minuuttia"},"schema":{"@context":"https:\/\/schema.org","@graph":[{"@type":"WebPage","@id":"https:\/\/talkpal.ai\/fi\/puolan-kielioppi\/","url":"https:\/\/talkpal.ai\/fi\/puolan-kielioppi\/","name":"Puolan kielioppi - Talkpal","isPartOf":{"@id":"https:\/\/talkpal.ai\/fi\/#website"},"primaryImageOfPage":{"@id":"https:\/\/talkpal.ai\/fi\/puolan-kielioppi\/#primaryimage"},"image":{"@id":"https:\/\/talkpal.ai\/fi\/puolan-kielioppi\/#primaryimage"},"thumbnailUrl":"https:\/\/talkpal.ai\/wp-content\/uploads\/2023\/05\/poland.png","datePublished":"2023-05-14T14:18:46+00:00","dateModified":"2025-12-17T17:16:44+00:00","description":"Opettele puolan kielioppi interaktiivisten harjoitusten avulla, jotka on suunniteltu kaikille oppimistasoille. Paranna puolan kielen taitojasi!","breadcrumb":{"@id":"https:\/\/talkpal.ai\/fi\/puolan-kielioppi\/#breadcrumb"},"inLanguage":"fi","potentialAction":[{"@type":"ReadAction","target":["https:\/\/talkpal.ai\/fi\/puolan-kielioppi\/"]}]},{"@type":"ImageObject","inLanguage":"fi","@id":"https:\/\/talkpal.ai\/fi\/puolan-kielioppi\/#primaryimage","url":"https:\/\/talkpal.ai\/wp-content\/uploads\/2023\/05\/poland.png","contentUrl":"https:\/\/talkpal.ai\/wp-content\/uploads\/2023\/05\/poland.png","width":512,"height":512},{"@type":"BreadcrumbList","@id":"https:\/\/talkpal.ai\/fi\/puolan-kielioppi\/#breadcrumb","itemListElement":[{"@type":"ListItem","position":1,"name":"Homepage","item":"https:\/\/talkpal.ai\/fi\/"},{"@type":"ListItem","position":2,"name":"Puolan kielioppi"}]},{"@type":"WebSite","@id":"https:\/\/talkpal.ai\/fi\/#website","url":"https:\/\/talkpal.ai\/fi\/","name":"Talkpal","description":"AI Language Learning","publisher":{"@id":"https:\/\/talkpal.ai\/fi\/#organization"},"alternateName":"Talkpal AI","potentialAction":[{"@type":"SearchAction","target":{"@type":"EntryPoint","urlTemplate":"https:\/\/talkpal.ai\/fi\/?s={search_term_string}"},"query-input":{"@type":"PropertyValueSpecification","valueRequired":true,"valueName":"search_term_string"}}],"inLanguage":"fi"},{"@type":"Organization","@id":"https:\/\/talkpal.ai\/fi\/#organization","name":"Talkpal, Inc.","alternateName":"Talkpal AI","url":"https:\/\/talkpal.ai\/fi\/","logo":{"@type":"ImageObject","inLanguage":"fi","@id":"https:\/\/talkpal.ai\/fi\/#\/schema\/logo\/image\/","url":"https:\/\/talkpal.ai\/wp-content\/uploads\/2024\/03\/Talkpal-Logo-Icon.png","contentUrl":"https:\/\/talkpal.ai\/wp-content\/uploads\/2024\/03\/Talkpal-Logo-Icon.png","width":2880,"height":2880,"caption":"Talkpal, Inc."},"image":{"@id":"https:\/\/talkpal.ai\/fi\/#\/schema\/logo\/image\/"},"sameAs":["https:\/\/www.facebook.com\/profile.php?id=100090733639311","https:\/\/x.com\/talkpalai","https:\/\/www.linkedin.com\/company\/talkpal\/","https:\/\/www.youtube.com\/@TalkPal\/","https:\/\/www.tiktok.com\/@talkpal","https:\/\/www.instagram.com\/talkpal_ai\/","https:\/\/www.crunchbase.com\/organization\/talkpal-9cde","https:\/\/www.g2.com\/products\/talkpal-for-business\/","https:\/\/www.trustpilot.com\/review\/talkpal.ai","https:\/\/www.capterra.com\/p\/10006800\/TalkPal\/"],"description":"Talkpal is a language learning web and mobile education app, powered by the latest AI technologies, that provides engaging experiences to its customers in many different languages to help them improve their language skills. Users can chat about unlimited amount of topics with the app and use other modes to practice their language learning.","email":"support@talkpal.ai","legalName":"Talkpal, Inc.","foundingDate":"2023-04-03","duns":"118989042","numberOfEmployees":{"@type":"QuantitativeValue","minValue":"11","maxValue":"50"},"publishingPrinciples":"https:\/\/talkpal.ai\/publishing-principles\/","actionableFeedbackPolicy":"https:\/\/talkpal.ai\/actionable-feedback-policy\/","correctionsPolicy":"https:\/\/talkpal.ai\/corrections-policy\/","ethicsPolicy":"https:\/\/talkpal.ai\/ethics-policy\/","diversityPolicy":"https:\/\/talkpal.ai\/diversity-policy\/","diversityStaffingReport":"https:\/\/talkpal.ai\/diversity-policy\/"}]}},"_links":{"self":[{"href":"https:\/\/talkpal.ai\/fi\/wp-json\/wp\/v2\/pages\/149018","targetHints":{"allow":["GET"]}}],"collection":[{"href":"https:\/\/talkpal.ai\/fi\/wp-json\/wp\/v2\/pages"}],"about":[{"href":"https:\/\/talkpal.ai\/fi\/wp-json\/wp\/v2\/types\/page"}],"author":[{"embeddable":true,"href":"https:\/\/talkpal.ai\/fi\/wp-json\/wp\/v2\/users\/1"}],"replies":[{"embeddable":true,"href":"https:\/\/talkpal.ai\/fi\/wp-json\/wp\/v2\/comments?post=149018"}],"version-history":[{"count":0,"href":"https:\/\/talkpal.ai\/fi\/wp-json\/wp\/v2\/pages\/149018\/revisions"}],"wp:featuredmedia":[{"embeddable":true,"href":"https:\/\/talkpal.ai\/fi\/wp-json\/wp\/v2\/media\/28571"}],"wp:attachment":[{"href":"https:\/\/talkpal.ai\/fi\/wp-json\/wp\/v2\/media?parent=149018"}],"curies":[{"name":"wp","href":"https:\/\/api.w.org\/{rel}","templated":true}]}}