{"id":148700,"date":"2023-05-14T14:18:22","date_gmt":"2023-05-14T14:18:22","guid":{"rendered":"http:\/\/talkpal.ai\/persian-kielioppi\/"},"modified":"2025-12-12T10:39:59","modified_gmt":"2025-12-12T10:39:59","slug":"persian-kielioppi","status":"publish","type":"page","link":"https:\/\/talkpal.ai\/fi\/persian-kielioppi\/","title":{"rendered":"Persian kielioppi"},"content":{"rendered":"\r\n\r\n\r\n<section class=\"languageChallengeSection\">\r\n    <div class=\"languageInfoWrapper\">\r\n        \r\n        <h1>Persian kielioppi<\/h1>\r\n        <p>Oletko utelias persiankielest\u00e4? Tutustu <a href=\"https:\/\/talkpal.ai\/learn-persian\/\">persian<\/a> kielioppiin, joka on tunnettu yksinkertaisuudestaan &#8211; siin\u00e4 ei ole substantiivien sukuja, verbien taivutukset ovat yksinkertaisia ja lauseiden rakenne on joustava, joten se on virkist\u00e4v\u00e4n helppok\u00e4ytt\u00f6inen. Aloita <a href=\"https:\/\/talkpal.ai\/learn-persian\/\">persian<\/a> kielen seikkailu jo t\u00e4n\u00e4\u00e4n &#8211; sen kieliopin hallitseminen avaa sinulle uusia mahdollisuuksia kommunikaatioon ja upottaa sinut Iranin ja muiden maiden rikkaaseen runouteen ja kulttuuriin!<\/p>\r\n\r\n                            <a class=\"getStartedHidden\" href=\"https:\/\/app.talkpal.ai\/fi\/signup?lng=\">Aloita<\/a>\r\n        \r\n    <\/div>\r\n\r\n    <figure>\r\n    <img decoding=\"async\" width=\"768\" height=\"768\" src=\"https:\/\/talkpal.ai\/wp-content\/uploads\/2023\/06\/persian-768x768.png\" class=\"languageImage no-lazy\" alt=\"Default alt text\" fetchpriority=\"high\" sizes=\"(max-width: 768px) 150px, 768px\" srcset=\"https:\/\/talkpal.ai\/wp-content\/uploads\/2023\/06\/persian-768x768.png 768w, https:\/\/talkpal.ai\/wp-content\/uploads\/2023\/06\/persian-300x300.png 300w\" \/>\r\n    \r\n\r\n    <\/figure>\r\n\r\n            <a class=\"getStartedVisible\" href=\"https:\/\/app.talkpal.ai\/fi\/signup?lng=\">Aloita<\/a>\r\n    \r\n<\/section>\r\n        <section class=\"grammarSection\">\r\n            <div class=\"grammarLinks\">\r\n                <a href=\"https:\/\/talkpal.ai\/fi\/language\/adjektiivit-persian-kielioppi\/\">Adjektiivit <\/a><a href=\"https:\/\/talkpal.ai\/fi\/language\/adverbit-persian-kielioppi\/\">Adverbit <\/a><a href=\"https:\/\/talkpal.ai\/fi\/language\/aikamuodot-persian-kielioppi\/\">Aikamuodot <\/a><a href=\"https:\/\/talkpal.ai\/fi\/language\/aikamuotojen-vertailu-persian-kielioppi\/\">Aikamuotojen vertailu <\/a><a href=\"https:\/\/talkpal.ai\/fi\/language\/artikkelit-persian-kielioppi\/\">Artikkelit <\/a><a href=\"https:\/\/talkpal.ai\/fi\/language\/konditionaalit-persian-kielioppi\/\">Konditionaalit <\/a><a href=\"https:\/\/talkpal.ai\/fi\/language\/lauseet-persian-kielioppi\/\">Lauseet <\/a><a href=\"https:\/\/talkpal.ai\/fi\/language\/prepositiot-persian-kielioppi\/\">Prepositiot <\/a><a href=\"https:\/\/talkpal.ai\/fi\/language\/progressiivinen-persian-kielioppi\/\">Progressiivinen <\/a><a href=\"https:\/\/talkpal.ai\/fi\/language\/pronominit-determinerit-persian-kielioppi\/\">Pronominit\/Determinerit <\/a><a href=\"https:\/\/talkpal.ai\/fi\/language\/substantiivit-persian-kielioppi\/\">Substantiivit <\/a><a href=\"https:\/\/talkpal.ai\/fi\/language\/taydellinen-progressiivinen-persian-kielioppi\/\">T\u00e4ydellinen progressiivinen <\/a><a href=\"https:\/\/talkpal.ai\/fi\/language\/verbit-persian-kielioppi\/\">Verbit <\/a>            <\/div>\r\n        <\/section>\r\n    <section class=\"promotionalBanner\">\r\n    <p class=\"promotionalText\">Tehokkain tapa oppia kielt\u00e4<\/p>\r\n    <a class=\"promotionalLink\" href=\"https:\/\/app.talkpal.ai\/fi\/signup?lng=\">Kokeile Talkpal ilmaiseksi<\/a>\r\n<\/section>\n<div class=\"wp-block-group pageContainerStyle\"><div class=\"wp-block-group__inner-container is-layout-constrained wp-block-group-is-layout-constrained\">\n<h2 class=\"wp-block-heading\" id=\"h-mastering-persian-grammar-your-ultimate-guide\">Persian kieliopin hallitseminen: lopullinen opas<\/h2>\n\n\n\n<p>Salam, kielten harrastajat! Oletko valmis l\u00e4htem\u00e4\u00e4n matkalle persian kieliopin maailmaan? Olet tullut oikeaan paikkaan. T\u00e4m\u00e4 artikkeli on t\u00e4ynn\u00e4 helposti ymm\u00e4rrett\u00e4v\u00e4\u00e4 tietoa ja keskustelus\u00e4vy\u00e4, ja se opastaa sinut persian kieliopin kiehtovan valtakunnan l\u00e4pi. Pian pystyt rakentamaan lauseita ja k\u00e4ym\u00e4\u00e4n mielekk\u00e4it\u00e4 keskusteluja \u00e4idinkielisten puhujien kanssa. Aloitetaan siis persian kieliopin salaisuuksien avaaminen!<\/p>\n\n\n\n<p><strong>Mutta ensin, miksi persian kielioppi?<\/strong><\/p>\n\n\n\n<p>Jos opettelet persiaa, vahva kieliopin perusta on v\u00e4ltt\u00e4m\u00e4t\u00f6n, jotta voit puhua, lukea ja kirjoittaa sujuvasti. Vaikka <a href=\"https:\/\/talkpal.ai\/persian-grammar\/\">persian kielioppi<\/a> saattaa aluksi vaikuttaa monimutkaiselta, siit\u00e4 tulee helpommin l\u00e4hestytt\u00e4v\u00e4\u00e4, kun jaat sen pienempiin, hallittavampiin segmentteihin. Aloitetaan siis matka persian kieliopin hallintaan!<\/p>\n\n\n\n<h3 class=\"wp-block-heading\" id=\"h-1-nouns-gender-and-number\">1. Substantiivit, sukupuoli ja lukum\u00e4\u00e4r\u00e4<\/h3>\n\n\n\n<p>Persian kieless\u00e4 substantiiveilla ei ole sukupuolta, mik\u00e4 tekee siit\u00e4 yksinkertaisempaa kuin monista muista kielist\u00e4. Substantiivien yksik\u00f6n muoto pysyy samana, kun taas monikon muoto p\u00e4\u00e4ttyy yleens\u00e4 &#8221;-\u0647\u0627&#8221; <a href=\"https:\/\/talkpal.ai\/learn-thai\/\">tai<\/a> &#8221;-\u0627\u0646&#8221;. Esimerkiksi:<\/p>\n\n\n\n<p>&#8211; \u06a9\u062a\u0627\u0628 (ket\u0101b &#8211; kirja)<\/p>\n\n\n\n<p>&#8211; \u06a9\u062a\u0627\u0628\u0647\u0627 (ket\u0101b-h\u0101 &#8211; kirjat)<\/p>\n\n\n\n<h3 class=\"wp-block-heading\" id=\"h-2-adjectives-agreement-and-definite-articles\">2. Adjektiivit, yksimielisyys ja m\u00e4\u00e4r\u00e4iset artikkelit<\/h3>\n\n\n\n<p>Persian kielen adjektiivit seuraavat yleens\u00e4 substantiivia, jota ne muokkaavat, eik\u00e4 niiden tarvitse olla samaa sukupuolta tai lukum\u00e4\u00e4r\u00e4\u00e4. Esimerkiksi:<\/p>\n\n\n\n<p><strong>&#8211; \u062e\u0627\u0646\u0647 \u0628\u0632\u0631\u06af (kh\u0101ne bozorg &#8211; iso talo)<\/strong><\/p>\n\n\n\n<p><strong>&#8211; \u0645\u0646\u0632\u0644 \u06a9\u0648\u0686\u06a9 (manzel kuchak &#8211; pieni talo)<\/strong><\/p>\n\n\n\n<p>Persian kieless\u00e4 ei ole m\u00e4\u00e4r\u00e4muotoista artikkelia, mutta yksikk\u00f6sanoihin lis\u00e4t\u00e4\u00e4n <a href=\"https:\/\/talkpal.ai\/fi\/grammar\/epamaarainen-artikkeli-bosnian-kielioppissa\/\">ep\u00e4m\u00e4\u00e4r\u00e4inen artikkeli<\/a> p\u00e4\u00e4tteell\u00e4 &#8221;-\u06cc&#8221; (i).<\/p>\n\n\n\n<h3 class=\"wp-block-heading\" id=\"h-3-verbs-tense-and-conjugation\">3. Verbit, aikamuoto ja taivutus<\/h3>\n\n\n\n<p>Persian verbeill\u00e4 on kriittinen rooli kieliopissa ja ne ovat v\u00e4ltt\u00e4m\u00e4tt\u00f6mi\u00e4 lauseiden rakentamisessa. Jokaisella verbill\u00e4 on juuri, joka yhdistyy erilaisiin etuliitteisiin ja j\u00e4lkiliitteisiin osoittamaan j\u00e4nnityst\u00e4 ja sopimusta aiheen kanssa.<\/p>\n\n\n\n<p>Lyhyen yleiskatsauksen antamiseksi keskustelemme s\u00e4\u00e4nn\u00f6llisist\u00e4 verbeist\u00e4 preesensiss\u00e4:<\/p>\n\n\n\n<p><strong>&#8211; \u0645\u0646 \u0645\u06cc\u062e\u0648\u0627\u0646\u0645 (man mikh\u0101nam &#8211; luen)<\/strong><\/p>\n\n\n\n<p><strong>&#8211; \u062a\u0648 \u0645\u06cc\u062e\u0648\u0627\u0646\u06cc (to mikh\u0101ni &#8211; luet, ep\u00e4virallinen)<\/strong><\/p>\n\n\n\n<p><strong>&#8211; \u0627\u0648 \u0645\u06cc\u062e\u0648\u0627\u0646\u062f (u mikh\u0101nad &#8211; h\u00e4n lukee)<\/strong><\/p>\n\n\n\n<p>Muista, ett\u00e4 t\u00e4m\u00e4 on vasta alkua! Kohtaat useita muita aikamuotoja, ep\u00e4s\u00e4\u00e4nn\u00f6llisi\u00e4 verbej\u00e4 ja monimutkaisuuksia, kun syvennyt\u00e4t persian kielioppiin.<\/p>\n\n\n\n<h3 class=\"wp-block-heading\" id=\"h-4-pronouns-prepositions-and-more\">4. Pronominit, prepositiot ja paljon muuta!<\/h3>\n\n\n\n<p>Persian kielioppi sis\u00e4lt\u00e4\u00e4 my\u00f6s muita osia, kuten pronomineja (\u0645\u0646, \u062a\u0648, \u0627\u0648 jne.), prepositioita (\u0628\u0647, \u0627\u0632, \u062f\u0631 jne.) ja idiomaattisia ilmauksia. Kunkin elementin hallitseminen askel kerrallaan on avainasemassa, kun haluat saavuttaa persian kielen sujuvan hallinnan.<\/p>\n\n\n\n<p>Yhteenvetona voidaan todeta, ett\u00e4 persian kieliopin hallintaan ei ole oikotiet\u00e4. Se vaatii sinnikkyytt\u00e4, harjoittelua ja k\u00e4rsiv\u00e4llisyytt\u00e4. Kun kuitenkin ymm\u00e4rr\u00e4t sen hienoudet, sinulla on hyv\u00e4t valmiudet arvostaa persiankielisen keskustelun vivahteita, tutustua persiankielisten alueiden rikkaaseen kulttuuriin ja historiaan ja syvent\u00e4\u00e4 rakkauttasi kielt\u00e4 kohtaan. \u0645\u0648\u0641\u0642 \u0628\u0627\u0634\u06cc\u062f (movaffagh b\u0101shid &#8211; onnea)!<\/p>\n<\/div><\/div>\n\r\n<section class=\"learnNavigationSection\">\r\n            \r\n        <a href=\"https:\/\/talkpal.ai\/fi\/opi-persiaa\/\">\r\n            <div class=\"learnNavigationWrapper\">\r\n                <div class=\"learnNavigationContent\">\r\n                    <img decoding=\"async\" src=\"https:\/\/talkpal.ai\/wp-content\/uploads\/2024\/08\/Persian.jpg\" alt=\"Persian Flag\">\r\n                    <div>\r\n                        <h4>Tietoja persian oppimisesta<\/h4>\r\n                        <p>Tutustu persian kielioppiin.<\/p>\r\n                    <\/div>\r\n                <\/div>\r\n            <\/div>\r\n        <\/a>\r\n\r\n        \r\n        <a href=\"https:\/\/talkpal.ai\/fi\/persian-kielioppiharjoitukset\/\">\r\n            <div class=\"learnNavigationWrapper\">\r\n                <div class=\"learnNavigationContent\">\r\n                    <img decoding=\"async\" src=\"https:\/\/talkpal.ai\/wp-content\/uploads\/2024\/08\/Persian.jpg\" alt=\"Persian Flag\">\r\n                    <div>\r\n                        <h4>Persian kielioppi Harjoitus<\/h4>\r\n                        <p>Harjoittele persian kielioppia.<\/p>\r\n                    <\/div>\r\n                <\/div>\r\n            <\/div>\r\n        <\/a>\r\n\r\n        \r\n        <a href=\"https:\/\/talkpal.ai\/vocabulary_language\/persian\/\">\r\n            <div class=\"learnNavigationWrapper\">\r\n                <div class=\"learnNavigationContent\">\r\n                    <img decoding=\"async\" src=\"https:\/\/talkpal.ai\/wp-content\/uploads\/2024\/08\/Persian.jpg\" alt=\"Persian Flag\">\r\n                    <div>\r\n                        <h4>Persian kielen sanasto<\/h4>\r\n                        <p>Laajenna persian kielen sanavarastoasi.<\/p>\r\n                    <\/div>\r\n                <\/div>\r\n            <\/div>\r\n        <\/a>\r\n\r\n            <\/section>","protected":false},"excerpt":{"rendered":"<p>Persian kieliopin hallitseminen: lopullinen opas Salam, kielten harrastajat! Oletko valmis l\u00e4htem\u00e4\u00e4n matkalle persian kieliopin maailmaan? Olet tullut oikeaan paikkaan. T\u00e4m\u00e4 artikkeli on t\u00e4ynn\u00e4 helposti ymm\u00e4rrett\u00e4v\u00e4\u00e4 tietoa ja keskustelus\u00e4vy\u00e4, ja se opastaa sinut persian kieliopin kiehtovan valtakunnan l\u00e4pi. Pian pystyt rakentamaan lauseita ja k\u00e4ym\u00e4\u00e4n mielekk\u00e4it\u00e4 keskusteluja \u00e4idinkielisten puhujien kanssa. Aloitetaan siis persian kieliopin salaisuuksien avaaminen! Mutta [&hellip;]<\/p>\n","protected":false},"author":1,"featured_media":28555,"parent":0,"menu_order":0,"comment_status":"closed","ping_status":"closed","template":"LearningContentPage.php","meta":{"_acf_changed":false,"footnotes":""},"class_list":["post-148700","page","type-page","status-publish","has-post-thumbnail","hentry"],"acf":[],"yoast_head":"<!-- This site is optimized with the Yoast SEO Premium plugin v27.2 (Yoast SEO v27.2) - https:\/\/yoast.com\/product\/yoast-seo-premium-wordpress\/ -->\n<title>Persian kielioppi - Talkpal<\/title>\n<meta name=\"description\" content=\"Tutustu persian kielen kieliopin kiemuroihin, jotta ymm\u00e4rr\u00e4t persian kielt\u00e4 paremmin ja osaat sujuvasti.\" \/>\n<meta name=\"robots\" content=\"index, follow, max-snippet:-1, max-image-preview:large, max-video-preview:-1\" \/>\n<link rel=\"canonical\" href=\"https:\/\/talkpal.ai\/fi\/persian-kielioppi\/\" \/>\n<meta property=\"og:locale\" content=\"fi_FI\" \/>\n<meta property=\"og:type\" content=\"article\" \/>\n<meta property=\"og:title\" content=\"Persian kielioppi\" \/>\n<meta property=\"og:description\" content=\"Persian kieliopin hallitseminen: lopullinen opas Salam, kielten harrastajat! Oletko valmis l\u00e4htem\u00e4\u00e4n matkalle persian kieliopin maailmaan? Olet tullut\" \/>\n<meta property=\"og:url\" content=\"https:\/\/talkpal.ai\/fi\/persian-kielioppi\/\" \/>\n<meta property=\"og:site_name\" content=\"Talkpal\" \/>\n<meta property=\"article:publisher\" content=\"https:\/\/www.facebook.com\/profile.php?id=100090733639311\" \/>\n<meta property=\"article:modified_time\" content=\"2025-12-12T10:39:59+00:00\" \/>\n<meta property=\"og:image\" content=\"https:\/\/talkpal.ai\/wp-content\/uploads\/2023\/05\/Persian-iran.png\" \/>\n\t<meta property=\"og:image:width\" content=\"512\" \/>\n\t<meta property=\"og:image:height\" content=\"512\" \/>\n\t<meta property=\"og:image:type\" content=\"image\/png\" \/>\n<meta name=\"twitter:card\" content=\"summary_large_image\" \/>\n<meta name=\"twitter:site\" content=\"@talkpalai\" \/>\n<meta name=\"twitter:label1\" content=\"Arvioitu lukuaika\" \/>\n\t<meta name=\"twitter:data1\" content=\"2 minuuttia\" \/>\n<script type=\"application\/ld+json\" class=\"yoast-schema-graph\">{\"@context\":\"https:\/\/schema.org\",\"@graph\":[{\"@type\":\"WebPage\",\"@id\":\"https:\/\/talkpal.ai\/fi\/persian-kielioppi\/\",\"url\":\"https:\/\/talkpal.ai\/fi\/persian-kielioppi\/\",\"name\":\"Persian kielioppi - Talkpal\",\"isPartOf\":{\"@id\":\"https:\/\/talkpal.ai\/fi\/#website\"},\"primaryImageOfPage\":{\"@id\":\"https:\/\/talkpal.ai\/fi\/persian-kielioppi\/#primaryimage\"},\"image\":{\"@id\":\"https:\/\/talkpal.ai\/fi\/persian-kielioppi\/#primaryimage\"},\"thumbnailUrl\":\"https:\/\/talkpal.ai\/wp-content\/uploads\/2023\/05\/Persian-iran.png\",\"datePublished\":\"2023-05-14T14:18:22+00:00\",\"dateModified\":\"2025-12-12T10:39:59+00:00\",\"description\":\"Tutustu persian kielen kieliopin kiemuroihin, jotta ymm\u00e4rr\u00e4t persian kielt\u00e4 paremmin ja osaat sujuvasti.\",\"breadcrumb\":{\"@id\":\"https:\/\/talkpal.ai\/fi\/persian-kielioppi\/#breadcrumb\"},\"inLanguage\":\"fi\",\"potentialAction\":[{\"@type\":\"ReadAction\",\"target\":[\"https:\/\/talkpal.ai\/fi\/persian-kielioppi\/\"]}]},{\"@type\":\"ImageObject\",\"inLanguage\":\"fi\",\"@id\":\"https:\/\/talkpal.ai\/fi\/persian-kielioppi\/#primaryimage\",\"url\":\"https:\/\/talkpal.ai\/wp-content\/uploads\/2023\/05\/Persian-iran.png\",\"contentUrl\":\"https:\/\/talkpal.ai\/wp-content\/uploads\/2023\/05\/Persian-iran.png\",\"width\":512,\"height\":512},{\"@type\":\"BreadcrumbList\",\"@id\":\"https:\/\/talkpal.ai\/fi\/persian-kielioppi\/#breadcrumb\",\"itemListElement\":[{\"@type\":\"ListItem\",\"position\":1,\"name\":\"Homepage\",\"item\":\"https:\/\/talkpal.ai\/fi\/\"},{\"@type\":\"ListItem\",\"position\":2,\"name\":\"Persian kielioppi\"}]},{\"@type\":\"WebSite\",\"@id\":\"https:\/\/talkpal.ai\/fi\/#website\",\"url\":\"https:\/\/talkpal.ai\/fi\/\",\"name\":\"Talkpal\",\"description\":\"AI Language Learning\",\"publisher\":{\"@id\":\"https:\/\/talkpal.ai\/fi\/#organization\"},\"alternateName\":\"Talkpal AI\",\"potentialAction\":[{\"@type\":\"SearchAction\",\"target\":{\"@type\":\"EntryPoint\",\"urlTemplate\":\"https:\/\/talkpal.ai\/fi\/?s={search_term_string}\"},\"query-input\":{\"@type\":\"PropertyValueSpecification\",\"valueRequired\":true,\"valueName\":\"search_term_string\"}}],\"inLanguage\":\"fi\"},{\"@type\":\"Organization\",\"@id\":\"https:\/\/talkpal.ai\/fi\/#organization\",\"name\":\"Talkpal, Inc.\",\"alternateName\":\"Talkpal AI\",\"url\":\"https:\/\/talkpal.ai\/fi\/\",\"logo\":{\"@type\":\"ImageObject\",\"inLanguage\":\"fi\",\"@id\":\"https:\/\/talkpal.ai\/fi\/#\/schema\/logo\/image\/\",\"url\":\"https:\/\/talkpal.ai\/wp-content\/uploads\/2024\/03\/Talkpal-Logo-Icon.png\",\"contentUrl\":\"https:\/\/talkpal.ai\/wp-content\/uploads\/2024\/03\/Talkpal-Logo-Icon.png\",\"width\":2880,\"height\":2880,\"caption\":\"Talkpal, Inc.\"},\"image\":{\"@id\":\"https:\/\/talkpal.ai\/fi\/#\/schema\/logo\/image\/\"},\"sameAs\":[\"https:\/\/www.facebook.com\/profile.php?id=100090733639311\",\"https:\/\/x.com\/talkpalai\",\"https:\/\/www.linkedin.com\/company\/talkpal\/\",\"https:\/\/www.youtube.com\/@TalkPal\/\",\"https:\/\/www.tiktok.com\/@talkpal\",\"https:\/\/www.instagram.com\/talkpal_ai\/\",\"https:\/\/www.crunchbase.com\/organization\/talkpal-9cde\",\"https:\/\/www.g2.com\/products\/talkpal-for-business\/\",\"https:\/\/www.trustpilot.com\/review\/talkpal.ai\",\"https:\/\/www.capterra.com\/p\/10006800\/TalkPal\/\"],\"description\":\"Talkpal is a language learning web and mobile education app, powered by the latest AI technologies, that provides engaging experiences to its customers in many different languages to help them improve their language skills. Users can chat about unlimited amount of topics with the app and use other modes to practice their language learning.\",\"email\":\"support@talkpal.ai\",\"legalName\":\"Talkpal, Inc.\",\"foundingDate\":\"2023-04-03\",\"duns\":\"118989042\",\"numberOfEmployees\":{\"@type\":\"QuantitativeValue\",\"minValue\":\"11\",\"maxValue\":\"50\"},\"publishingPrinciples\":\"https:\/\/talkpal.ai\/publishing-principles\/\",\"actionableFeedbackPolicy\":\"https:\/\/talkpal.ai\/actionable-feedback-policy\/\",\"correctionsPolicy\":\"https:\/\/talkpal.ai\/corrections-policy\/\",\"ethicsPolicy\":\"https:\/\/talkpal.ai\/ethics-policy\/\",\"diversityPolicy\":\"https:\/\/talkpal.ai\/diversity-policy\/\",\"diversityStaffingReport\":\"https:\/\/talkpal.ai\/diversity-policy\/\"}]}<\/script>\n<!-- \/ Yoast SEO Premium plugin. -->","yoast_head_json":{"title":"Persian kielioppi - Talkpal","description":"Tutustu persian kielen kieliopin kiemuroihin, jotta ymm\u00e4rr\u00e4t persian kielt\u00e4 paremmin ja osaat sujuvasti.","robots":{"index":"index","follow":"follow","max-snippet":"max-snippet:-1","max-image-preview":"max-image-preview:large","max-video-preview":"max-video-preview:-1"},"canonical":"https:\/\/talkpal.ai\/fi\/persian-kielioppi\/","og_locale":"fi_FI","og_type":"article","og_title":"Persian kielioppi","og_description":"Persian kieliopin hallitseminen: lopullinen opas Salam, kielten harrastajat! Oletko valmis l\u00e4htem\u00e4\u00e4n matkalle persian kieliopin maailmaan? Olet tullut","og_url":"https:\/\/talkpal.ai\/fi\/persian-kielioppi\/","og_site_name":"Talkpal","article_publisher":"https:\/\/www.facebook.com\/profile.php?id=100090733639311","article_modified_time":"2025-12-12T10:39:59+00:00","og_image":[{"width":512,"height":512,"url":"https:\/\/talkpal.ai\/wp-content\/uploads\/2023\/05\/Persian-iran.png","type":"image\/png"}],"twitter_card":"summary_large_image","twitter_site":"@talkpalai","twitter_misc":{"Arvioitu lukuaika":"2 minuuttia"},"schema":{"@context":"https:\/\/schema.org","@graph":[{"@type":"WebPage","@id":"https:\/\/talkpal.ai\/fi\/persian-kielioppi\/","url":"https:\/\/talkpal.ai\/fi\/persian-kielioppi\/","name":"Persian kielioppi - Talkpal","isPartOf":{"@id":"https:\/\/talkpal.ai\/fi\/#website"},"primaryImageOfPage":{"@id":"https:\/\/talkpal.ai\/fi\/persian-kielioppi\/#primaryimage"},"image":{"@id":"https:\/\/talkpal.ai\/fi\/persian-kielioppi\/#primaryimage"},"thumbnailUrl":"https:\/\/talkpal.ai\/wp-content\/uploads\/2023\/05\/Persian-iran.png","datePublished":"2023-05-14T14:18:22+00:00","dateModified":"2025-12-12T10:39:59+00:00","description":"Tutustu persian kielen kieliopin kiemuroihin, jotta ymm\u00e4rr\u00e4t persian kielt\u00e4 paremmin ja osaat sujuvasti.","breadcrumb":{"@id":"https:\/\/talkpal.ai\/fi\/persian-kielioppi\/#breadcrumb"},"inLanguage":"fi","potentialAction":[{"@type":"ReadAction","target":["https:\/\/talkpal.ai\/fi\/persian-kielioppi\/"]}]},{"@type":"ImageObject","inLanguage":"fi","@id":"https:\/\/talkpal.ai\/fi\/persian-kielioppi\/#primaryimage","url":"https:\/\/talkpal.ai\/wp-content\/uploads\/2023\/05\/Persian-iran.png","contentUrl":"https:\/\/talkpal.ai\/wp-content\/uploads\/2023\/05\/Persian-iran.png","width":512,"height":512},{"@type":"BreadcrumbList","@id":"https:\/\/talkpal.ai\/fi\/persian-kielioppi\/#breadcrumb","itemListElement":[{"@type":"ListItem","position":1,"name":"Homepage","item":"https:\/\/talkpal.ai\/fi\/"},{"@type":"ListItem","position":2,"name":"Persian kielioppi"}]},{"@type":"WebSite","@id":"https:\/\/talkpal.ai\/fi\/#website","url":"https:\/\/talkpal.ai\/fi\/","name":"Talkpal","description":"AI Language Learning","publisher":{"@id":"https:\/\/talkpal.ai\/fi\/#organization"},"alternateName":"Talkpal AI","potentialAction":[{"@type":"SearchAction","target":{"@type":"EntryPoint","urlTemplate":"https:\/\/talkpal.ai\/fi\/?s={search_term_string}"},"query-input":{"@type":"PropertyValueSpecification","valueRequired":true,"valueName":"search_term_string"}}],"inLanguage":"fi"},{"@type":"Organization","@id":"https:\/\/talkpal.ai\/fi\/#organization","name":"Talkpal, Inc.","alternateName":"Talkpal AI","url":"https:\/\/talkpal.ai\/fi\/","logo":{"@type":"ImageObject","inLanguage":"fi","@id":"https:\/\/talkpal.ai\/fi\/#\/schema\/logo\/image\/","url":"https:\/\/talkpal.ai\/wp-content\/uploads\/2024\/03\/Talkpal-Logo-Icon.png","contentUrl":"https:\/\/talkpal.ai\/wp-content\/uploads\/2024\/03\/Talkpal-Logo-Icon.png","width":2880,"height":2880,"caption":"Talkpal, Inc."},"image":{"@id":"https:\/\/talkpal.ai\/fi\/#\/schema\/logo\/image\/"},"sameAs":["https:\/\/www.facebook.com\/profile.php?id=100090733639311","https:\/\/x.com\/talkpalai","https:\/\/www.linkedin.com\/company\/talkpal\/","https:\/\/www.youtube.com\/@TalkPal\/","https:\/\/www.tiktok.com\/@talkpal","https:\/\/www.instagram.com\/talkpal_ai\/","https:\/\/www.crunchbase.com\/organization\/talkpal-9cde","https:\/\/www.g2.com\/products\/talkpal-for-business\/","https:\/\/www.trustpilot.com\/review\/talkpal.ai","https:\/\/www.capterra.com\/p\/10006800\/TalkPal\/"],"description":"Talkpal is a language learning web and mobile education app, powered by the latest AI technologies, that provides engaging experiences to its customers in many different languages to help them improve their language skills. Users can chat about unlimited amount of topics with the app and use other modes to practice their language learning.","email":"support@talkpal.ai","legalName":"Talkpal, Inc.","foundingDate":"2023-04-03","duns":"118989042","numberOfEmployees":{"@type":"QuantitativeValue","minValue":"11","maxValue":"50"},"publishingPrinciples":"https:\/\/talkpal.ai\/publishing-principles\/","actionableFeedbackPolicy":"https:\/\/talkpal.ai\/actionable-feedback-policy\/","correctionsPolicy":"https:\/\/talkpal.ai\/corrections-policy\/","ethicsPolicy":"https:\/\/talkpal.ai\/ethics-policy\/","diversityPolicy":"https:\/\/talkpal.ai\/diversity-policy\/","diversityStaffingReport":"https:\/\/talkpal.ai\/diversity-policy\/"}]}},"_links":{"self":[{"href":"https:\/\/talkpal.ai\/fi\/wp-json\/wp\/v2\/pages\/148700","targetHints":{"allow":["GET"]}}],"collection":[{"href":"https:\/\/talkpal.ai\/fi\/wp-json\/wp\/v2\/pages"}],"about":[{"href":"https:\/\/talkpal.ai\/fi\/wp-json\/wp\/v2\/types\/page"}],"author":[{"embeddable":true,"href":"https:\/\/talkpal.ai\/fi\/wp-json\/wp\/v2\/users\/1"}],"replies":[{"embeddable":true,"href":"https:\/\/talkpal.ai\/fi\/wp-json\/wp\/v2\/comments?post=148700"}],"version-history":[{"count":0,"href":"https:\/\/talkpal.ai\/fi\/wp-json\/wp\/v2\/pages\/148700\/revisions"}],"wp:featuredmedia":[{"embeddable":true,"href":"https:\/\/talkpal.ai\/fi\/wp-json\/wp\/v2\/media\/28555"}],"wp:attachment":[{"href":"https:\/\/talkpal.ai\/fi\/wp-json\/wp\/v2\/media?parent=148700"}],"curies":[{"name":"wp","href":"https:\/\/api.w.org\/{rel}","templated":true}]}}