{"id":148414,"date":"2023-05-14T14:13:06","date_gmt":"2023-05-14T14:13:06","guid":{"rendered":"http:\/\/talkpal.ai\/norjan-kielioppi\/"},"modified":"2025-12-17T17:36:41","modified_gmt":"2025-12-17T17:36:41","slug":"norjan-kielioppi","status":"publish","type":"page","link":"https:\/\/talkpal.ai\/fi\/norjan-kielioppi\/","title":{"rendered":"Norjan kielioppi"},"content":{"rendered":"\r\n\r\n\r\n<section class=\"languageChallengeSection\">\r\n    <div class=\"languageInfoWrapper\">\r\n        \r\n        <h1>Norjan kielioppi<\/h1>\r\n        <p>Tutustu norjan kieliopin perusteisiin ja opi kommunikoimaan itsevarmasti yhdell\u00e4 Skandinavian kauneimmista kielist\u00e4. Norjan kieliopin ymm\u00e4rt\u00e4minen avaa ovia uusiin kulttuurikokemuksiin ja merkityksellisiin keskusteluihin. Aloita norjan kieliopin opiskelu jo t\u00e4n\u00e4\u00e4n ja ota ensimm\u00e4inen askel kohti sujuvuutta!<\/p>\r\n\r\n                            <a class=\"getStartedHidden\" href=\"https:\/\/app.talkpal.ai\/fi\/signup?lng=\">Aloita<\/a>\r\n        \r\n    <\/div>\r\n\r\n    <figure>\r\n    <img decoding=\"async\" width=\"768\" height=\"768\" src=\"https:\/\/talkpal.ai\/wp-content\/uploads\/2023\/06\/norwegian-768x768.png\" class=\"languageImage no-lazy\" alt=\"Default alt text\" fetchpriority=\"high\" sizes=\"(max-width: 768px) 150px, 768px\" srcset=\"https:\/\/talkpal.ai\/wp-content\/uploads\/2023\/06\/norwegian-768x768.png 768w, https:\/\/talkpal.ai\/wp-content\/uploads\/2023\/06\/norwegian-300x300.png 300w\" \/>\r\n    \r\n\r\n    <\/figure>\r\n\r\n            <a class=\"getStartedVisible\" href=\"https:\/\/app.talkpal.ai\/fi\/signup?lng=\">Aloita<\/a>\r\n    \r\n<\/section>\r\n        <section class=\"grammarSection\">\r\n            <div class=\"grammarLinks\">\r\n                <a href=\"https:\/\/talkpal.ai\/fi\/language\/adjektiivit-norjan-kielioppi\/\">Adjektiivit <\/a><a href=\"https:\/\/talkpal.ai\/fi\/language\/adverbit-norjan-kielioppi\/\">Adverbit <\/a><a href=\"https:\/\/talkpal.ai\/fi\/language\/aikamuodot-norjan-kielioppi\/\">Aikamuodot <\/a><a href=\"https:\/\/talkpal.ai\/fi\/language\/aikamuotojen-vertailu-norjan-kielioppi\/\">Aikamuotojen vertailu <\/a><a href=\"https:\/\/talkpal.ai\/fi\/language\/artikkelit-norjan-kielioppi\/\">Artikkelit <\/a><a href=\"https:\/\/talkpal.ai\/fi\/language\/konditionaalit-norjan-kielioppi\/\">Konditionaalit <\/a><a href=\"https:\/\/talkpal.ai\/fi\/language\/lauseet-norjan-kielioppi\/\">Lauseet <\/a><a href=\"https:\/\/talkpal.ai\/fi\/language\/prepositiot-norjan-kielioppi\/\">Prepositiot <\/a><a href=\"https:\/\/talkpal.ai\/fi\/language\/progressiivinen-norjan-kielioppi\/\">Progressiivinen <\/a><a href=\"https:\/\/talkpal.ai\/fi\/language\/pronominit-maaritteet-norjan-kielioppi\/\">Pronominit\/m\u00e4\u00e4ritteet <\/a><a href=\"https:\/\/talkpal.ai\/fi\/language\/substantiivit-norjan-kielioppi\/\">Substantiivit <\/a><a href=\"https:\/\/talkpal.ai\/fi\/language\/taydellinen-progressiivinen-norjan-kielioppi\/\">T\u00e4ydellinen progressiivinen <\/a><a href=\"https:\/\/talkpal.ai\/fi\/language\/verbit-norjan-kielioppi\/\">Verbit <\/a>            <\/div>\r\n        <\/section>\r\n    <section class=\"promotionalBanner\">\r\n    <p class=\"promotionalText\">Tehokkain tapa oppia kielt\u00e4<\/p>\r\n    <a class=\"promotionalLink\" href=\"https:\/\/app.talkpal.ai\/fi\/signup?lng=\">Kokeile Talkpal ilmaiseksi<\/a>\r\n<\/section>\n<div class=\"wp-block-group pageContainerStyle\"><div class=\"wp-block-group__inner-container is-layout-constrained wp-block-group-is-layout-constrained\">\n<h2 class=\"wp-block-heading\" id=\"h-dive-into-norwegian-grammar-a-comprehensive-guide\">Sukella norjan kielioppiin: kattava opas<\/h2>\n\n\n\n<p><a href=\"https:\/\/talkpal.ai\/learn-norwegian\/\">Norja<\/a>, kiehtova ja ilmeik\u00e4s kieli, tarjoaa kieltenoppijoille ainutlaatuisen mahdollisuuden tutustua Norjan rikkaaseen kulttuuriseen ja historialliseen perint\u00f6\u00f6n. Hyv\u00e4 uutinen on, ett\u00e4 norjan kieliopilla on joitain yht\u00e4l\u00e4isyyksi\u00e4 englannin kanssa, mik\u00e4 tekee siit\u00e4 helposti opittavan kielen. T\u00e4m\u00e4 artikkeli opastaa sinut norjan kieliopin olennaisten n\u00e4k\u00f6kohtien l\u00e4pi varmistaen, ett\u00e4 rakennat vahvan perustan ja ymm\u00e4rr\u00e4t kielt\u00e4 luottavaisin mielin.<\/p>\n\n\n\n<h3 class=\"wp-block-heading\" id=\"h-1-embracing-norwegian-nouns-and-articles\">1. Norjalaisten substantiivien ja artikkeleiden omaksuminen<\/h3>\n\n\n\n<p>Norjalaiset substantiivit, kuten niiden englanninkieliset vastineet, edustavat ihmisi\u00e4, paikkoja, asioita <a href=\"https:\/\/talkpal.ai\/learn-thai\/\">tai<\/a> ideoita. Ne luokitellaan kolmeen sukupuoleen: maskuliininen, feminiininen ja neutri. Sukupuolella on ratkaiseva merkitys m\u00e4\u00e4ritelt\u00e4ess\u00e4 substantiivin p\u00e4\u00e4tteit\u00e4 ja artikkeleita, joiden kanssa sen tulisi olla parina.<\/p>\n\n\n\n<p>Norjaksi on kahdenlaisia artikkeleita: m\u00e4\u00e4r\u00e4isi\u00e4 ja ep\u00e4m\u00e4\u00e4r\u00e4isi\u00e4. M\u00e4\u00e4r\u00e4iset artikkelit n\u00e4kyv\u00e4t j\u00e4lkiliittein\u00e4 substantiivien lopussa, kun taas <a href=\"https:\/\/talkpal.ai\/fi\/grammar\/epamaaraiset-artikkelit-ruotsin-kielioppissa\/\">ep\u00e4m\u00e4\u00e4r\u00e4iset artikkelit<\/a> ovat erillisi\u00e4 sanoja, jotka edelt\u00e4v\u00e4t substantiiveja. Artikkeleiden on oltava sukupuolen ja lukum\u00e4\u00e4r\u00e4n substantiivien mukaisia.<\/p>\n\n\n\n<p><strong>&#8211; M\u00e4\u00e4r\u00e4iset artikkelit: -en (maskuliininen), -a (feminiininen), -et (neutri)<\/strong><\/p>\n\n\n\n<p><strong>&#8211; Ep\u00e4m\u00e4\u00e4r\u00e4iset artikkelit: en (maskuliini), ei (feminiini), et (neutri).<\/strong><\/p>\n\n\n\n<h3 class=\"wp-block-heading\" id=\"h-2-mastering-norwegian-verbs-conjugation-and-tenses\">2. Norjan verbien hallinta: taivutus ja aikamuodot<\/h3>\n\n\n\n<p>Norjan verbit on suhteellisen helppo oppia, koska niill\u00e4 on v\u00e4hemm\u00e4n taivutuksia kuin monilla muilla kielill\u00e4. Verbit taivutetaan j\u00e4nnityksen ja mielialan mukaan. Norjan verbit jaetaan p\u00e4\u00e4asiassa nelj\u00e4\u00e4n ryhm\u00e4\u00e4n, joista jokaisella on taivutusmallinsa. Hyv\u00e4 uutinen on kuitenkin se, ett\u00e4 toisin kuin monet muut kielet, norjan verbit eiv\u00e4t muuta muotoaan aiheen tai numeron perusteella.<\/p>\n\n\n\n<p>Norjassa on v\u00e4hemm\u00e4n aikamuotoja kuin englannissa, vain kolme aikamuotoa: preesens, mennyt aikamuoto ja mennyt perfekti. Nykyist\u00e4 j\u00e4nnityst\u00e4 k\u00e4ytet\u00e4\u00e4n ilmaisemaan nykyisi\u00e4 ja tulevia tapahtumia, kun taas menneisyys tarkoittaa valmiita toimia, ja mennyt t\u00e4ydellinen j\u00e4nnitys osoittaa kokemusta tai tiloja, jotka tapahtuivat ennen tietty\u00e4 pistett\u00e4 menneisyydess\u00e4.<\/p>\n\n\n\n<h3 class=\"wp-block-heading\" id=\"h-3-expressing-yourself-with-norwegian-adjectives-and-adverbs\">3. Ilmaise itse\u00e4si norjan adjektiiveilla ja adverbeilla<\/h3>\n\n\n\n<p>Adjektiivien k\u00e4ytt\u00f6 parantaa tehokkaasti kyky\u00e4si ilmaista itse\u00e4si norjaksi. Adjektiivit kuvaavat substantiivien ominaisuuksia tai ominaisuuksia, ja niiden on oltava samaa mielt\u00e4 sukupuolen ja lukum\u00e4\u00e4r\u00e4n substantiivien kanssa. Norjassa adjektiivit tulevat yleens\u00e4 ennen kuvaamaansa substantiivia.<\/p>\n\n\n\n<p>Norjankieliset <a href=\"https:\/\/talkpal.ai\/fi\/grammar\/paikan-tsekin-kielioppi-adverbit\/\">adverbit<\/a> muuttavat verbej\u00e4, adjektiiveja tai muita adverbeja. Ne v\u00e4litt\u00e4v\u00e4t tietoa siit\u00e4, miten, milloin, miss\u00e4 ja miss\u00e4 m\u00e4\u00e4rin toiminta tapahtuu. Toisin kuin adjektiivit, adverbit pysyv\u00e4t samoina riippumatta kuvattavien substantiivien sukupuolesta tai lukum\u00e4\u00e4r\u00e4st\u00e4.<\/p>\n\n\n\n<h3 class=\"wp-block-heading\" id=\"h-4-constructing-sentences-with-norwegian-pronouns-and-word-order\">4. Lauseiden rakentaminen norjalaisilla pronomineilla ja sanaj\u00e4rjestyksell\u00e4<\/h3>\n\n\n\n<p>Norjalaiset pronominit korvaavat substantiivit ja ovat yleens\u00e4 samaa mielt\u00e4 edustamansa substantiivin kanssa sukupuolessa, numerossa ja kirjainkokonaisuudessa. Norjassa on erilaisia pronomineja, mukaan lukien henkil\u00f6kohtaiset, omistushaluiset, demonstratiiviset, refleksiiviset, suhteelliset ja <a href=\"https:\/\/talkpal.ai\/fi\/grammar\/kyselypronominit-tsekin-kielioppi\/\">kyselypronominit<\/a>.<\/p>\n\n\n\n<p>Norjan lauserakenne noudattaa subjekti-verbi-objekti (SVO) -j\u00e4rjestyst\u00e4 englannin tapaan. Se k\u00e4ytt\u00e4\u00e4 kuitenkin my\u00f6s verbisekunnin (V2) s\u00e4\u00e4nt\u00f6\u00e4, jossa verbi on tyypillisesti toisella sijalla p\u00e4\u00e4lauseissa. Norjan sanaj\u00e4rjestyksen ymm\u00e4rt\u00e4minen ja harjoittaminen on v\u00e4ltt\u00e4m\u00e4t\u00f6nt\u00e4 kielen sujuvuuden saavuttamiseksi.<\/p>\n\n\n\n<h3 class=\"wp-block-heading\" id=\"h-conclusion\">P\u00e4\u00e4telm\u00e4<\/h3>\n\n\n\n<p>Norjan kieliopin sujuvuuden saavuttaminen vaatii omistautumista, harjoittelua ja avointa mielt\u00e4 kielen ainutlaatuisten ominaisuuksien tutkimiselle. Olitpa sitten kiinnostunut uppoutumaan Norjan kulttuuriin tai oppimaan uutta kielt\u00e4, norjan kieliopin hallitseminen luo perustan onnistuneelle viestinn\u00e4lle. Kun syvennyt\u00e4t norjan substantiiveihin, verbeihin, adjektiiveihin ja sanaj\u00e4rjestykseen, muista nauttia prosessista ja vaalia sinua odottavia rikkaita kielellisi\u00e4 kokemuksia. <a href=\"https:\/\/talkpal.ai\/culture\/how-do-you-say-good-luck-with-that-in-norwegian\/\">Lykke til<\/a>!<\/p>\n<\/div><\/div>\n\r\n<section class=\"learnNavigationSection\">\r\n            \r\n        <a href=\"https:\/\/talkpal.ai\/fi\/opi-norjaa\/\">\r\n            <div class=\"learnNavigationWrapper\">\r\n                <div class=\"learnNavigationContent\">\r\n                    <img decoding=\"async\" src=\"https:\/\/talkpal.ai\/wp-content\/uploads\/2024\/08\/Norwegian.jpg\" alt=\"Norwegian Flag\">\r\n                    <div>\r\n                        <h4>Tietoja norjalaisesta oppimisesta<\/h4>\r\n                        <p>Tutustu norjan kielioppiin.<\/p>\r\n                    <\/div>\r\n                <\/div>\r\n            <\/div>\r\n        <\/a>\r\n\r\n        \r\n        <a href=\"https:\/\/talkpal.ai\/fi\/norjan-kielioppiharjoitukset\/\">\r\n            <div class=\"learnNavigationWrapper\">\r\n                <div class=\"learnNavigationContent\">\r\n                    <img decoding=\"async\" src=\"https:\/\/talkpal.ai\/wp-content\/uploads\/2024\/08\/Norwegian.jpg\" alt=\"Norwegian Flag\">\r\n                    <div>\r\n                        <h4>Norjan kielioppiharjoitus<\/h4>\r\n                        <p>Harjoittele norjan kielioppia.<\/p>\r\n                    <\/div>\r\n                <\/div>\r\n            <\/div>\r\n        <\/a>\r\n\r\n        \r\n        <a href=\"https:\/\/talkpal.ai\/vocabulary_language\/norwegian\/\">\r\n            <div class=\"learnNavigationWrapper\">\r\n                <div class=\"learnNavigationContent\">\r\n                    <img decoding=\"async\" src=\"https:\/\/talkpal.ai\/wp-content\/uploads\/2024\/08\/Norwegian.jpg\" alt=\"Norwegian Flag\">\r\n                    <div>\r\n                        <h4>Norjalainen sanasto<\/h4>\r\n                        <p>Laajenna norjan kielen sanavarastoasi.<\/p>\r\n                    <\/div>\r\n                <\/div>\r\n            <\/div>\r\n        <\/a>\r\n\r\n            <\/section>","protected":false},"excerpt":{"rendered":"<p>Sukella norjan kielioppiin: kattava opas Norja, kiehtova ja ilmeik\u00e4s kieli, tarjoaa kieltenoppijoille ainutlaatuisen mahdollisuuden tutustua Norjan rikkaaseen kulttuuriseen ja historialliseen perint\u00f6\u00f6n. Hyv\u00e4 uutinen on, ett\u00e4 norjan kieliopilla on joitain yht\u00e4l\u00e4isyyksi\u00e4 englannin kanssa, mik\u00e4 tekee siit\u00e4 helposti opittavan kielen. T\u00e4m\u00e4 artikkeli opastaa sinut norjan kieliopin olennaisten n\u00e4k\u00f6kohtien l\u00e4pi varmistaen, ett\u00e4 rakennat vahvan perustan ja ymm\u00e4rr\u00e4t kielt\u00e4 [&hellip;]<\/p>\n","protected":false},"author":1,"featured_media":28539,"parent":0,"menu_order":0,"comment_status":"closed","ping_status":"closed","template":"LearningContentPage.php","meta":{"_acf_changed":false,"footnotes":""},"class_list":["post-148414","page","type-page","status-publish","has-post-thumbnail","hentry"],"acf":[],"yoast_head":"<!-- This site is optimized with the Yoast SEO Premium plugin v27.2 (Yoast SEO v27.2) - https:\/\/yoast.com\/product\/yoast-seo-premium-wordpress\/ -->\n<title>Norjan kielioppi - Talkpal<\/title>\n<meta name=\"description\" content=\"Tutustu norjan kieliopin kiemuroihin ja nosta kielitaitosi seuraavalle tasolle.\" \/>\n<meta name=\"robots\" content=\"index, follow, max-snippet:-1, max-image-preview:large, max-video-preview:-1\" \/>\n<link rel=\"canonical\" href=\"https:\/\/talkpal.ai\/fi\/norjan-kielioppi\/\" \/>\n<meta property=\"og:locale\" content=\"fi_FI\" \/>\n<meta property=\"og:type\" content=\"article\" \/>\n<meta property=\"og:title\" content=\"Norjan kielioppi\" \/>\n<meta property=\"og:description\" content=\"Sukella norjan kielioppiin: kattava opas Norja, kiehtova ja ilmeik\u00e4s kieli, tarjoaa kieltenoppijoille ainutlaatuisen mahdollisuuden tutustua Norjan\" \/>\n<meta property=\"og:url\" content=\"https:\/\/talkpal.ai\/fi\/norjan-kielioppi\/\" \/>\n<meta property=\"og:site_name\" content=\"Talkpal\" \/>\n<meta property=\"article:publisher\" content=\"https:\/\/www.facebook.com\/profile.php?id=100090733639311\" \/>\n<meta property=\"article:modified_time\" content=\"2025-12-17T17:36:41+00:00\" \/>\n<meta property=\"og:image\" content=\"https:\/\/talkpal.ai\/wp-content\/uploads\/2023\/05\/norway.png\" \/>\n\t<meta property=\"og:image:width\" content=\"512\" \/>\n\t<meta property=\"og:image:height\" content=\"512\" \/>\n\t<meta property=\"og:image:type\" content=\"image\/png\" \/>\n<meta name=\"twitter:card\" content=\"summary_large_image\" \/>\n<meta name=\"twitter:site\" content=\"@talkpalai\" \/>\n<meta name=\"twitter:label1\" content=\"Arvioitu lukuaika\" \/>\n\t<meta name=\"twitter:data1\" content=\"3 minuuttia\" \/>\n<script type=\"application\/ld+json\" class=\"yoast-schema-graph\">{\"@context\":\"https:\/\/schema.org\",\"@graph\":[{\"@type\":\"WebPage\",\"@id\":\"https:\/\/talkpal.ai\/fi\/norjan-kielioppi\/\",\"url\":\"https:\/\/talkpal.ai\/fi\/norjan-kielioppi\/\",\"name\":\"Norjan kielioppi - Talkpal\",\"isPartOf\":{\"@id\":\"https:\/\/talkpal.ai\/fi\/#website\"},\"primaryImageOfPage\":{\"@id\":\"https:\/\/talkpal.ai\/fi\/norjan-kielioppi\/#primaryimage\"},\"image\":{\"@id\":\"https:\/\/talkpal.ai\/fi\/norjan-kielioppi\/#primaryimage\"},\"thumbnailUrl\":\"https:\/\/talkpal.ai\/wp-content\/uploads\/2023\/05\/norway.png\",\"datePublished\":\"2023-05-14T14:13:06+00:00\",\"dateModified\":\"2025-12-17T17:36:41+00:00\",\"description\":\"Tutustu norjan kieliopin kiemuroihin ja nosta kielitaitosi seuraavalle tasolle.\",\"breadcrumb\":{\"@id\":\"https:\/\/talkpal.ai\/fi\/norjan-kielioppi\/#breadcrumb\"},\"inLanguage\":\"fi\",\"potentialAction\":[{\"@type\":\"ReadAction\",\"target\":[\"https:\/\/talkpal.ai\/fi\/norjan-kielioppi\/\"]}]},{\"@type\":\"ImageObject\",\"inLanguage\":\"fi\",\"@id\":\"https:\/\/talkpal.ai\/fi\/norjan-kielioppi\/#primaryimage\",\"url\":\"https:\/\/talkpal.ai\/wp-content\/uploads\/2023\/05\/norway.png\",\"contentUrl\":\"https:\/\/talkpal.ai\/wp-content\/uploads\/2023\/05\/norway.png\",\"width\":512,\"height\":512},{\"@type\":\"BreadcrumbList\",\"@id\":\"https:\/\/talkpal.ai\/fi\/norjan-kielioppi\/#breadcrumb\",\"itemListElement\":[{\"@type\":\"ListItem\",\"position\":1,\"name\":\"Homepage\",\"item\":\"https:\/\/talkpal.ai\/fi\/\"},{\"@type\":\"ListItem\",\"position\":2,\"name\":\"Norjan kielioppi\"}]},{\"@type\":\"WebSite\",\"@id\":\"https:\/\/talkpal.ai\/fi\/#website\",\"url\":\"https:\/\/talkpal.ai\/fi\/\",\"name\":\"Talkpal\",\"description\":\"AI Language Learning\",\"publisher\":{\"@id\":\"https:\/\/talkpal.ai\/fi\/#organization\"},\"alternateName\":\"Talkpal AI\",\"potentialAction\":[{\"@type\":\"SearchAction\",\"target\":{\"@type\":\"EntryPoint\",\"urlTemplate\":\"https:\/\/talkpal.ai\/fi\/?s={search_term_string}\"},\"query-input\":{\"@type\":\"PropertyValueSpecification\",\"valueRequired\":true,\"valueName\":\"search_term_string\"}}],\"inLanguage\":\"fi\"},{\"@type\":\"Organization\",\"@id\":\"https:\/\/talkpal.ai\/fi\/#organization\",\"name\":\"Talkpal, Inc.\",\"alternateName\":\"Talkpal AI\",\"url\":\"https:\/\/talkpal.ai\/fi\/\",\"logo\":{\"@type\":\"ImageObject\",\"inLanguage\":\"fi\",\"@id\":\"https:\/\/talkpal.ai\/fi\/#\/schema\/logo\/image\/\",\"url\":\"https:\/\/talkpal.ai\/wp-content\/uploads\/2024\/03\/Talkpal-Logo-Icon.png\",\"contentUrl\":\"https:\/\/talkpal.ai\/wp-content\/uploads\/2024\/03\/Talkpal-Logo-Icon.png\",\"width\":2880,\"height\":2880,\"caption\":\"Talkpal, Inc.\"},\"image\":{\"@id\":\"https:\/\/talkpal.ai\/fi\/#\/schema\/logo\/image\/\"},\"sameAs\":[\"https:\/\/www.facebook.com\/profile.php?id=100090733639311\",\"https:\/\/x.com\/talkpalai\",\"https:\/\/www.linkedin.com\/company\/talkpal\/\",\"https:\/\/www.youtube.com\/@TalkPal\/\",\"https:\/\/www.tiktok.com\/@talkpal\",\"https:\/\/www.instagram.com\/talkpal_ai\/\",\"https:\/\/www.crunchbase.com\/organization\/talkpal-9cde\",\"https:\/\/www.g2.com\/products\/talkpal-for-business\/\",\"https:\/\/www.trustpilot.com\/review\/talkpal.ai\",\"https:\/\/www.capterra.com\/p\/10006800\/TalkPal\/\"],\"description\":\"Talkpal is a language learning web and mobile education app, powered by the latest AI technologies, that provides engaging experiences to its customers in many different languages to help them improve their language skills. Users can chat about unlimited amount of topics with the app and use other modes to practice their language learning.\",\"email\":\"support@talkpal.ai\",\"legalName\":\"Talkpal, Inc.\",\"foundingDate\":\"2023-04-03\",\"duns\":\"118989042\",\"numberOfEmployees\":{\"@type\":\"QuantitativeValue\",\"minValue\":\"11\",\"maxValue\":\"50\"},\"publishingPrinciples\":\"https:\/\/talkpal.ai\/publishing-principles\/\",\"actionableFeedbackPolicy\":\"https:\/\/talkpal.ai\/actionable-feedback-policy\/\",\"correctionsPolicy\":\"https:\/\/talkpal.ai\/corrections-policy\/\",\"ethicsPolicy\":\"https:\/\/talkpal.ai\/ethics-policy\/\",\"diversityPolicy\":\"https:\/\/talkpal.ai\/diversity-policy\/\",\"diversityStaffingReport\":\"https:\/\/talkpal.ai\/diversity-policy\/\"}]}<\/script>\n<!-- \/ Yoast SEO Premium plugin. -->","yoast_head_json":{"title":"Norjan kielioppi - Talkpal","description":"Tutustu norjan kieliopin kiemuroihin ja nosta kielitaitosi seuraavalle tasolle.","robots":{"index":"index","follow":"follow","max-snippet":"max-snippet:-1","max-image-preview":"max-image-preview:large","max-video-preview":"max-video-preview:-1"},"canonical":"https:\/\/talkpal.ai\/fi\/norjan-kielioppi\/","og_locale":"fi_FI","og_type":"article","og_title":"Norjan kielioppi","og_description":"Sukella norjan kielioppiin: kattava opas Norja, kiehtova ja ilmeik\u00e4s kieli, tarjoaa kieltenoppijoille ainutlaatuisen mahdollisuuden tutustua Norjan","og_url":"https:\/\/talkpal.ai\/fi\/norjan-kielioppi\/","og_site_name":"Talkpal","article_publisher":"https:\/\/www.facebook.com\/profile.php?id=100090733639311","article_modified_time":"2025-12-17T17:36:41+00:00","og_image":[{"width":512,"height":512,"url":"https:\/\/talkpal.ai\/wp-content\/uploads\/2023\/05\/norway.png","type":"image\/png"}],"twitter_card":"summary_large_image","twitter_site":"@talkpalai","twitter_misc":{"Arvioitu lukuaika":"3 minuuttia"},"schema":{"@context":"https:\/\/schema.org","@graph":[{"@type":"WebPage","@id":"https:\/\/talkpal.ai\/fi\/norjan-kielioppi\/","url":"https:\/\/talkpal.ai\/fi\/norjan-kielioppi\/","name":"Norjan kielioppi - Talkpal","isPartOf":{"@id":"https:\/\/talkpal.ai\/fi\/#website"},"primaryImageOfPage":{"@id":"https:\/\/talkpal.ai\/fi\/norjan-kielioppi\/#primaryimage"},"image":{"@id":"https:\/\/talkpal.ai\/fi\/norjan-kielioppi\/#primaryimage"},"thumbnailUrl":"https:\/\/talkpal.ai\/wp-content\/uploads\/2023\/05\/norway.png","datePublished":"2023-05-14T14:13:06+00:00","dateModified":"2025-12-17T17:36:41+00:00","description":"Tutustu norjan kieliopin kiemuroihin ja nosta kielitaitosi seuraavalle tasolle.","breadcrumb":{"@id":"https:\/\/talkpal.ai\/fi\/norjan-kielioppi\/#breadcrumb"},"inLanguage":"fi","potentialAction":[{"@type":"ReadAction","target":["https:\/\/talkpal.ai\/fi\/norjan-kielioppi\/"]}]},{"@type":"ImageObject","inLanguage":"fi","@id":"https:\/\/talkpal.ai\/fi\/norjan-kielioppi\/#primaryimage","url":"https:\/\/talkpal.ai\/wp-content\/uploads\/2023\/05\/norway.png","contentUrl":"https:\/\/talkpal.ai\/wp-content\/uploads\/2023\/05\/norway.png","width":512,"height":512},{"@type":"BreadcrumbList","@id":"https:\/\/talkpal.ai\/fi\/norjan-kielioppi\/#breadcrumb","itemListElement":[{"@type":"ListItem","position":1,"name":"Homepage","item":"https:\/\/talkpal.ai\/fi\/"},{"@type":"ListItem","position":2,"name":"Norjan kielioppi"}]},{"@type":"WebSite","@id":"https:\/\/talkpal.ai\/fi\/#website","url":"https:\/\/talkpal.ai\/fi\/","name":"Talkpal","description":"AI Language Learning","publisher":{"@id":"https:\/\/talkpal.ai\/fi\/#organization"},"alternateName":"Talkpal AI","potentialAction":[{"@type":"SearchAction","target":{"@type":"EntryPoint","urlTemplate":"https:\/\/talkpal.ai\/fi\/?s={search_term_string}"},"query-input":{"@type":"PropertyValueSpecification","valueRequired":true,"valueName":"search_term_string"}}],"inLanguage":"fi"},{"@type":"Organization","@id":"https:\/\/talkpal.ai\/fi\/#organization","name":"Talkpal, Inc.","alternateName":"Talkpal AI","url":"https:\/\/talkpal.ai\/fi\/","logo":{"@type":"ImageObject","inLanguage":"fi","@id":"https:\/\/talkpal.ai\/fi\/#\/schema\/logo\/image\/","url":"https:\/\/talkpal.ai\/wp-content\/uploads\/2024\/03\/Talkpal-Logo-Icon.png","contentUrl":"https:\/\/talkpal.ai\/wp-content\/uploads\/2024\/03\/Talkpal-Logo-Icon.png","width":2880,"height":2880,"caption":"Talkpal, Inc."},"image":{"@id":"https:\/\/talkpal.ai\/fi\/#\/schema\/logo\/image\/"},"sameAs":["https:\/\/www.facebook.com\/profile.php?id=100090733639311","https:\/\/x.com\/talkpalai","https:\/\/www.linkedin.com\/company\/talkpal\/","https:\/\/www.youtube.com\/@TalkPal\/","https:\/\/www.tiktok.com\/@talkpal","https:\/\/www.instagram.com\/talkpal_ai\/","https:\/\/www.crunchbase.com\/organization\/talkpal-9cde","https:\/\/www.g2.com\/products\/talkpal-for-business\/","https:\/\/www.trustpilot.com\/review\/talkpal.ai","https:\/\/www.capterra.com\/p\/10006800\/TalkPal\/"],"description":"Talkpal is a language learning web and mobile education app, powered by the latest AI technologies, that provides engaging experiences to its customers in many different languages to help them improve their language skills. Users can chat about unlimited amount of topics with the app and use other modes to practice their language learning.","email":"support@talkpal.ai","legalName":"Talkpal, Inc.","foundingDate":"2023-04-03","duns":"118989042","numberOfEmployees":{"@type":"QuantitativeValue","minValue":"11","maxValue":"50"},"publishingPrinciples":"https:\/\/talkpal.ai\/publishing-principles\/","actionableFeedbackPolicy":"https:\/\/talkpal.ai\/actionable-feedback-policy\/","correctionsPolicy":"https:\/\/talkpal.ai\/corrections-policy\/","ethicsPolicy":"https:\/\/talkpal.ai\/ethics-policy\/","diversityPolicy":"https:\/\/talkpal.ai\/diversity-policy\/","diversityStaffingReport":"https:\/\/talkpal.ai\/diversity-policy\/"}]}},"_links":{"self":[{"href":"https:\/\/talkpal.ai\/fi\/wp-json\/wp\/v2\/pages\/148414","targetHints":{"allow":["GET"]}}],"collection":[{"href":"https:\/\/talkpal.ai\/fi\/wp-json\/wp\/v2\/pages"}],"about":[{"href":"https:\/\/talkpal.ai\/fi\/wp-json\/wp\/v2\/types\/page"}],"author":[{"embeddable":true,"href":"https:\/\/talkpal.ai\/fi\/wp-json\/wp\/v2\/users\/1"}],"replies":[{"embeddable":true,"href":"https:\/\/talkpal.ai\/fi\/wp-json\/wp\/v2\/comments?post=148414"}],"version-history":[{"count":0,"href":"https:\/\/talkpal.ai\/fi\/wp-json\/wp\/v2\/pages\/148414\/revisions"}],"wp:featuredmedia":[{"embeddable":true,"href":"https:\/\/talkpal.ai\/fi\/wp-json\/wp\/v2\/media\/28539"}],"wp:attachment":[{"href":"https:\/\/talkpal.ai\/fi\/wp-json\/wp\/v2\/media?parent=148414"}],"curies":[{"name":"wp","href":"https:\/\/api.w.org\/{rel}","templated":true}]}}