{"id":148063,"date":"2023-05-14T14:12:45","date_gmt":"2023-05-14T14:12:45","guid":{"rendered":"http:\/\/talkpal.ai\/nepalin-kielioppi\/"},"modified":"2025-12-17T17:00:45","modified_gmt":"2025-12-17T17:00:45","slug":"nepalin-kielioppi","status":"publish","type":"page","link":"https:\/\/talkpal.ai\/fi\/nepalin-kielioppi\/","title":{"rendered":"Nepalin kielioppi"},"content":{"rendered":"\r\n\r\n\r\n<section class=\"languageChallengeSection\">\r\n    <div class=\"languageInfoWrapper\">\r\n        \r\n        <h1>Nepalin kielioppi<\/h1>\r\n        <p>Oletko utelias Nepalin kielest\u00e4? Tutustu nepalin kielioppiin, jossa on sukupuolittuneita substantiiveja, postpositioita ja joustava lauserakenne, joka tekee kielest\u00e4 sek\u00e4 ilmaisuvoimaisen ett\u00e4 mukaansatempaavan. Aloita oppiminen jo t\u00e4n\u00e4\u00e4n &#8211; nepalin kieliopin hallitseminen avaa mielekk\u00e4it\u00e4 keskusteluja ja yhdist\u00e4\u00e4 sinut Nepalin moninaisiin kulttuureihin ja perinteisiin!<\/p>\r\n\r\n                            <a class=\"getStartedHidden\" href=\"https:\/\/app.talkpal.ai\/fi\/signup?lng=\">Aloita<\/a>\r\n        \r\n    <\/div>\r\n\r\n    <figure>\r\n    <img decoding=\"async\" width=\"768\" height=\"768\" src=\"https:\/\/talkpal.ai\/wp-content\/uploads\/2023\/06\/nepali-768x768.png\" class=\"languageImage no-lazy\" alt=\"Default alt text\" fetchpriority=\"high\" sizes=\"(max-width: 768px) 150px, 768px\" srcset=\"https:\/\/talkpal.ai\/wp-content\/uploads\/2023\/06\/nepali-768x768.png 768w, https:\/\/talkpal.ai\/wp-content\/uploads\/2023\/06\/nepali-300x300.png 300w\" \/>\r\n    \r\n\r\n    <\/figure>\r\n\r\n            <a class=\"getStartedVisible\" href=\"https:\/\/app.talkpal.ai\/fi\/signup?lng=\">Aloita<\/a>\r\n    \r\n<\/section>\r\n        <section class=\"grammarSection\">\r\n            <div class=\"grammarLinks\">\r\n                <a href=\"https:\/\/talkpal.ai\/fi\/language\/adjektiivit-nepalin-kielioppi\/\">Adjektiivit <\/a><a href=\"https:\/\/talkpal.ai\/fi\/language\/adverbit-nepalin-kielioppi\/\">Adverbit <\/a><a href=\"https:\/\/talkpal.ai\/fi\/language\/aikamuodot-nepalin-kielioppi\/\">Aikamuodot <\/a><a href=\"https:\/\/talkpal.ai\/fi\/language\/aikamuotojen-vertailu-nepalin-kielioppi\/\">Aikamuotojen vertailu <\/a><a href=\"https:\/\/talkpal.ai\/fi\/language\/artikkelit-nepalin-kielioppi\/\">Artikkelit <\/a><a href=\"https:\/\/talkpal.ai\/fi\/language\/konditionaalit-nepalin-kielioppi\/\">Konditionaalit <\/a><a href=\"https:\/\/talkpal.ai\/fi\/language\/lauseet-nepalin-kielioppi\/\">Lauseet <\/a><a href=\"https:\/\/talkpal.ai\/fi\/language\/prepositiot-nepalin-kielioppi\/\">Prepositiot <\/a><a href=\"https:\/\/talkpal.ai\/fi\/language\/progressiivinen-nepalin-kielioppi\/\">Progressiivinen <\/a><a href=\"https:\/\/talkpal.ai\/fi\/language\/pronominit-determinerit-nepalin-kielioppi\/\">Pronominit\/Determinerit <\/a><a href=\"https:\/\/talkpal.ai\/fi\/language\/substantiivit-nepalin-kielioppi\/\">Substantiivit <\/a><a href=\"https:\/\/talkpal.ai\/fi\/language\/taydellinen-progressiivinen-nepalin-kielioppi\/\">T\u00e4ydellinen progressiivinen <\/a><a href=\"https:\/\/talkpal.ai\/fi\/language\/verbit-nepalin-kielioppi\/\">Verbit <\/a>            <\/div>\r\n        <\/section>\r\n    <section class=\"promotionalBanner\">\r\n    <p class=\"promotionalText\">Tehokkain tapa oppia kielt\u00e4<\/p>\r\n    <a class=\"promotionalLink\" href=\"https:\/\/app.talkpal.ai\/fi\/signup?lng=\">Kokeile Talkpal ilmaiseksi<\/a>\r\n<\/section>\n<div class=\"wp-block-group pageContainerStyle\"><div class=\"wp-block-group__inner-container is-layout-constrained wp-block-group-is-layout-constrained\">\n<h2 class=\"wp-block-heading\" id=\"h-delving-into-the-richness-of-nepali-grammar-an-insightful-guide\">Nepalin kieliopin rikkauteen syventyminen: oivaltava opas<\/h2>\n\n\n\n<p><a href=\"https:\/\/talkpal.ai\/learn-nepali\/\">Nepali<\/a>, indoarjalainen kieli, jota puhuu yli 25 miljoonaa ihmist\u00e4 Nepalissa ja sen l\u00e4hialueilla, on ihastuttava kieli, joka esittelee Etel\u00e4-Aasian kulttuurista rikkautta ja kielellist\u00e4 monimuotoisuutta. Jotta voit kommunikoida tehokkaasti nepaliksi ja todella arvostaa sen kauneutta, on ymm\u00e4rrett\u00e4v\u00e4 sen kielioppi. T\u00e4ss\u00e4 artikkelissa annamme yleiskatsauksen Nepalin kieliopin olennaisista n\u00e4k\u00f6kohdista ja tarjoamme k\u00e4yt\u00e4nn\u00f6n vinkkej\u00e4, joiden avulla voit hallita t\u00e4t\u00e4 kiehtovaa kielt\u00e4.<\/p>\n\n\n\n<h3 class=\"wp-block-heading\" id=\"h-key-aspects-of-nepali-grammar\">Nepalin kieliopin keskeiset n\u00e4k\u00f6kohdat:<\/h3>\n\n\n\n<p><a href=\"https:\/\/talkpal.ai\/nepali-grammar\/\">Nepalin kielioppi<\/a> voi aluksi tuntua haastavalta, mutta ajan ja harjoittelun avulla voit saada sen kiinni. T\u00e4ss\u00e4 on joitain Nepalin kieliopin peruskomponentteja, joihin voit tutustua:<\/p>\n\n\n\n<p>1. Substantiivit: Nepalin substantiiveilla ei ole kieliopillista sukupuolta, mik\u00e4 helpottaa oppijoita, koska kunkin <strong>substantiivin<\/strong> sukupuolta ei tarvitse muistaa. Substantiiveja taivutetaan kuitenkin numerolle (yksikk\u00f6 ja monikko) ja sijalle (nominatiivi, genetiivi, datiivi jne.).<\/p>\n\n\n\n<p><strong>2. Pronominit<\/strong> : Nepalin persoonapronomineilla on kolme muotoa: subjektiivinen, objektiivinen ja omistushaluinen. He ovat samaa mielt\u00e4 substantiivin kanssa, johon he viittaavat lukum\u00e4\u00e4r\u00e4n, mutta eiv\u00e4t sukupuolen suhteen. On my\u00f6s erilaisia pronomineja ja verbien taivutusmuotoja, jotka perustuvat muodollisuuden tasoon (kohtelias, tuttu <a href=\"https:\/\/talkpal.ai\/learn-thai\/\">tai<\/a> intiimi).<\/p>\n\n\n\n<p><strong>3. Verbit:<\/strong> Nepalin verbej\u00e4 taivutetaan aikamuodossa (nykyinen, mennyt ja tulevaisuus), mielialassa (indikatiivi, imperatiivi tai subjunktiivi) ja aspektissa (jatkuva, t\u00e4ydellinen tai yksinkertainen). My\u00f6s verbien taivutusmallit eroavat toisistaan riippuen subjektin muodollisuuden tasosta.<\/p>\n\n\n\n<p>4. Adjektiivit ja <strong>adverbit: Nepalin adjektiivit<\/strong> seuraavat yleens\u00e4 substantiivia, jota ne muokkaavat ja sopivat numerosta ja tapauksesta. Adverbeja voidaan k\u00e4ytt\u00e4\u00e4 lis\u00e4tietojen antamiseen, eiv\u00e4tk\u00e4 ne yleens\u00e4 muuta niiden muotoa.<\/p>\n\n\n\n<p><strong>5. Lauserakenne:<\/strong> Tyypillinen <a href=\"https:\/\/talkpal.ai\/learn-nepali\/\">nepalilainen<\/a> lauserakenne noudattaa subjekti-objekti-verbi (SOV) -j\u00e4rjestyst\u00e4. Sanaj\u00e4rjestys voi kuitenkin olla joustava painotuksesta ja kontekstista riippuen.<\/p>\n\n\n\n<h3 class=\"wp-block-heading\" id=\"h-tips-for-learning-nepali-grammar\">Vinkkej\u00e4 nepalin kieliopin oppimiseen:<\/h3>\n\n\n\n<p>T\u00e4ss\u00e4 on joitain tehokkaita strategioita, jotka tekev\u00e4t nepalin kieliopin oppimismatkastasi sujuvamman:<\/p>\n\n\n\n<p><strong>1. Aloita perusteista:<\/strong> Keskity nepalilaisen kieliopin perusteiden, kuten substantiivien, pronominien ja verbitaivutusten, oppimiseen. Kun ymm\u00e4rryksesi kasvaa, sis\u00e4llyt\u00e4 v\u00e4hitellen monimutkaisempia rakenteita ja s\u00e4\u00e4nt\u00f6j\u00e4.<\/p>\n\n\n\n<p><strong>2. Harjoittele s\u00e4\u00e4nn\u00f6llisesti:<\/strong> Johdonmukaisuus on kriittist\u00e4 uuden kielen oppimisessa. Varaa joka p\u00e4iv\u00e4 tai viikko tietyt ajat kielioppiharjoitusten, lukemisen ja kirjoittamisen harjoittamiseen nepaliksi.<\/p>\n\n\n\n<p><strong>3. K\u00e4yt\u00e4 alkuper\u00e4isi\u00e4 resursseja:<\/strong> Uppoudu aitoihin nepalilaisiin materiaaleihin, kuten kirjallisuuteen, uutisartikkeleihin ja podcasteihin. T\u00e4m\u00e4 ei ainoastaan auta sinua ymm\u00e4rt\u00e4m\u00e4\u00e4n nepalin kielioppia kontekstissa, vaan my\u00f6s parantamaan yleist\u00e4 kielitaitoasi.<\/p>\n\n\n\n<p><strong>4. Ota yhteytt\u00e4 \u00e4idinkielen\u00e4\u00e4n puhuviin: Keskustelemalla Nepalia \u00e4idinkielen\u00e4\u00e4n<\/strong> puhuvien kanssa voit harjoitella kielioppia tosiel\u00e4m\u00e4n tilanteissa ja saada arvokasta palautetta. Harkitse liittymist\u00e4 kielenvaihtoryhmiin tai online-foorumeihin yhteydenpitoon nepalinkielisten henkil\u00f6iden kanssa.<\/p>\n\n\n\n<p><strong>5. Ole k\u00e4rsiv\u00e4llinen ja sinnik\u00e4s:<\/strong> Muista, ett\u00e4 uuden <a href=\"https:\/\/talkpal.ai\/fi\/paras-tapa-oppia-2\/\">kielen oppiminen<\/a> vaatii aikaa, sitkeytt\u00e4 ja k\u00e4rsiv\u00e4llisyytt\u00e4. Ota haasteet vastaan ja juhlista edistymist\u00e4si matkan varrella.<\/p>\n\n\n\n<h3 class=\"wp-block-heading\" id=\"h-conclusion\">Johtop\u00e4\u00e4t\u00f6kset:<\/h3>\n\n\n\n<p>Nepalin kielioppi ainutlaatuisine piirteineen ja yhteyksineen indoarjalaiseen kielikuntaan tarjoaa kiehtovan kielellisen matkan. Ymm\u00e4rt\u00e4m\u00e4ll\u00e4 sen keskeiset piirteet ja noudattamalla k\u00e4yt\u00e4nn\u00f6n vinkkej\u00e4mme tasoitat tiet\u00e4 kohti kielitaitoa ja opit arvostamaan nepalin kielt\u00e4 syv\u00e4llisemmin. Joten uskaltaudu innostuneena ja uteliaana ja ota vastaan Nepalin kielelliset aarteet!<\/p>\n<\/div><\/div>\n\r\n<section class=\"learnNavigationSection\">\r\n            \r\n        <a href=\"https:\/\/talkpal.ai\/fi\/opi-nepalia\/\">\r\n            <div class=\"learnNavigationWrapper\">\r\n                <div class=\"learnNavigationContent\">\r\n                    <img decoding=\"async\" src=\"https:\/\/talkpal.ai\/wp-content\/uploads\/2024\/08\/Nepali.jpg\" alt=\"Nepali Flag\">\r\n                    <div>\r\n                        <h4>Nepalin oppimisesta<\/h4>\r\n                        <p>Lue kaikki Nepalin kieliopista.<\/p>\r\n                    <\/div>\r\n                <\/div>\r\n            <\/div>\r\n        <\/a>\r\n\r\n        \r\n        <a href=\"https:\/\/talkpal.ai\/fi\/nepalin-kielioppiharjoitukset\/\">\r\n            <div class=\"learnNavigationWrapper\">\r\n                <div class=\"learnNavigationContent\">\r\n                    <img decoding=\"async\" src=\"https:\/\/talkpal.ai\/wp-content\/uploads\/2024\/08\/Nepali.jpg\" alt=\"Nepali Flag\">\r\n                    <div>\r\n                        <h4>Nepalin kielioppiharjoitus<\/h4>\r\n                        <p>Harjoittele nepalin kielioppia.<\/p>\r\n                    <\/div>\r\n                <\/div>\r\n            <\/div>\r\n        <\/a>\r\n\r\n        \r\n        <a href=\"https:\/\/talkpal.ai\/vocabulary_language\/nepali\/\">\r\n            <div class=\"learnNavigationWrapper\">\r\n                <div class=\"learnNavigationContent\">\r\n                    <img decoding=\"async\" src=\"https:\/\/talkpal.ai\/wp-content\/uploads\/2024\/08\/Nepali.jpg\" alt=\"Nepali Flag\">\r\n                    <div>\r\n                        <h4>Nepalin sanasto<\/h4>\r\n                        <p>Laajenna nepalilaista sanavarastoasi.<\/p>\r\n                    <\/div>\r\n                <\/div>\r\n            <\/div>\r\n        <\/a>\r\n\r\n            <\/section>","protected":false},"excerpt":{"rendered":"<p>Nepalin kieliopin rikkauteen syventyminen: oivaltava opas Nepali, indoarjalainen kieli, jota puhuu yli 25 miljoonaa ihmist\u00e4 Nepalissa ja sen l\u00e4hialueilla, on ihastuttava kieli, joka esittelee Etel\u00e4-Aasian kulttuurista rikkautta ja kielellist\u00e4 monimuotoisuutta. Jotta voit kommunikoida tehokkaasti nepaliksi ja todella arvostaa sen kauneutta, on ymm\u00e4rrett\u00e4v\u00e4 sen kielioppi. T\u00e4ss\u00e4 artikkelissa annamme yleiskatsauksen Nepalin kieliopin olennaisista n\u00e4k\u00f6kohdista ja tarjoamme k\u00e4yt\u00e4nn\u00f6n [&hellip;]<\/p>\n","protected":false},"author":1,"featured_media":28523,"parent":0,"menu_order":0,"comment_status":"closed","ping_status":"closed","template":"LearningContentPage.php","meta":{"_acf_changed":false,"footnotes":""},"class_list":["post-148063","page","type-page","status-publish","has-post-thumbnail","hentry"],"acf":[],"yoast_head":"<!-- This site is optimized with the Yoast SEO Premium plugin v27.2 (Yoast SEO v27.2) - https:\/\/yoast.com\/product\/yoast-seo-premium-wordpress\/ -->\n<title>Nepalin kielioppi - Talkpal<\/title>\n<meta name=\"description\" content=\"Tutustu nepalin kielioppiin ja syvenn\u00e4 kielitaitoasi selkeiden ja ytimekk\u00e4iden selitysten avulla.\" \/>\n<meta name=\"robots\" content=\"index, follow, max-snippet:-1, max-image-preview:large, max-video-preview:-1\" \/>\n<link rel=\"canonical\" href=\"https:\/\/talkpal.ai\/fi\/nepalin-kielioppi\/\" \/>\n<meta property=\"og:locale\" content=\"fi_FI\" \/>\n<meta property=\"og:type\" content=\"article\" \/>\n<meta property=\"og:title\" content=\"Nepalin kielioppi\" \/>\n<meta property=\"og:description\" content=\"Nepalin kieliopin rikkauteen syventyminen: oivaltava opas Nepali, indoarjalainen kieli, jota puhuu yli 25 miljoonaa ihmist\u00e4 Nepalissa ja sen l\u00e4hialueilla,\" \/>\n<meta property=\"og:url\" content=\"https:\/\/talkpal.ai\/fi\/nepalin-kielioppi\/\" \/>\n<meta property=\"og:site_name\" content=\"Talkpal\" \/>\n<meta property=\"article:publisher\" content=\"https:\/\/www.facebook.com\/profile.php?id=100090733639311\" \/>\n<meta property=\"article:modified_time\" content=\"2025-12-17T17:00:45+00:00\" \/>\n<meta property=\"og:image\" content=\"https:\/\/talkpal.ai\/wp-content\/uploads\/2023\/05\/nepal.png\" \/>\n\t<meta property=\"og:image:width\" content=\"512\" \/>\n\t<meta property=\"og:image:height\" content=\"512\" \/>\n\t<meta property=\"og:image:type\" content=\"image\/png\" \/>\n<meta name=\"twitter:card\" content=\"summary_large_image\" \/>\n<meta name=\"twitter:site\" content=\"@talkpalai\" \/>\n<meta name=\"twitter:label1\" content=\"Arvioitu lukuaika\" \/>\n\t<meta name=\"twitter:data1\" content=\"2 minuuttia\" \/>\n<script type=\"application\/ld+json\" class=\"yoast-schema-graph\">{\"@context\":\"https:\/\/schema.org\",\"@graph\":[{\"@type\":\"WebPage\",\"@id\":\"https:\/\/talkpal.ai\/fi\/nepalin-kielioppi\/\",\"url\":\"https:\/\/talkpal.ai\/fi\/nepalin-kielioppi\/\",\"name\":\"Nepalin kielioppi - Talkpal\",\"isPartOf\":{\"@id\":\"https:\/\/talkpal.ai\/fi\/#website\"},\"primaryImageOfPage\":{\"@id\":\"https:\/\/talkpal.ai\/fi\/nepalin-kielioppi\/#primaryimage\"},\"image\":{\"@id\":\"https:\/\/talkpal.ai\/fi\/nepalin-kielioppi\/#primaryimage\"},\"thumbnailUrl\":\"https:\/\/talkpal.ai\/wp-content\/uploads\/2023\/05\/nepal.png\",\"datePublished\":\"2023-05-14T14:12:45+00:00\",\"dateModified\":\"2025-12-17T17:00:45+00:00\",\"description\":\"Tutustu nepalin kielioppiin ja syvenn\u00e4 kielitaitoasi selkeiden ja ytimekk\u00e4iden selitysten avulla.\",\"breadcrumb\":{\"@id\":\"https:\/\/talkpal.ai\/fi\/nepalin-kielioppi\/#breadcrumb\"},\"inLanguage\":\"fi\",\"potentialAction\":[{\"@type\":\"ReadAction\",\"target\":[\"https:\/\/talkpal.ai\/fi\/nepalin-kielioppi\/\"]}]},{\"@type\":\"ImageObject\",\"inLanguage\":\"fi\",\"@id\":\"https:\/\/talkpal.ai\/fi\/nepalin-kielioppi\/#primaryimage\",\"url\":\"https:\/\/talkpal.ai\/wp-content\/uploads\/2023\/05\/nepal.png\",\"contentUrl\":\"https:\/\/talkpal.ai\/wp-content\/uploads\/2023\/05\/nepal.png\",\"width\":512,\"height\":512},{\"@type\":\"BreadcrumbList\",\"@id\":\"https:\/\/talkpal.ai\/fi\/nepalin-kielioppi\/#breadcrumb\",\"itemListElement\":[{\"@type\":\"ListItem\",\"position\":1,\"name\":\"Homepage\",\"item\":\"https:\/\/talkpal.ai\/fi\/\"},{\"@type\":\"ListItem\",\"position\":2,\"name\":\"Nepalin kielioppi\"}]},{\"@type\":\"WebSite\",\"@id\":\"https:\/\/talkpal.ai\/fi\/#website\",\"url\":\"https:\/\/talkpal.ai\/fi\/\",\"name\":\"Talkpal\",\"description\":\"AI Language Learning\",\"publisher\":{\"@id\":\"https:\/\/talkpal.ai\/fi\/#organization\"},\"alternateName\":\"Talkpal AI\",\"potentialAction\":[{\"@type\":\"SearchAction\",\"target\":{\"@type\":\"EntryPoint\",\"urlTemplate\":\"https:\/\/talkpal.ai\/fi\/?s={search_term_string}\"},\"query-input\":{\"@type\":\"PropertyValueSpecification\",\"valueRequired\":true,\"valueName\":\"search_term_string\"}}],\"inLanguage\":\"fi\"},{\"@type\":\"Organization\",\"@id\":\"https:\/\/talkpal.ai\/fi\/#organization\",\"name\":\"Talkpal, Inc.\",\"alternateName\":\"Talkpal AI\",\"url\":\"https:\/\/talkpal.ai\/fi\/\",\"logo\":{\"@type\":\"ImageObject\",\"inLanguage\":\"fi\",\"@id\":\"https:\/\/talkpal.ai\/fi\/#\/schema\/logo\/image\/\",\"url\":\"https:\/\/talkpal.ai\/wp-content\/uploads\/2024\/03\/Talkpal-Logo-Icon.png\",\"contentUrl\":\"https:\/\/talkpal.ai\/wp-content\/uploads\/2024\/03\/Talkpal-Logo-Icon.png\",\"width\":2880,\"height\":2880,\"caption\":\"Talkpal, Inc.\"},\"image\":{\"@id\":\"https:\/\/talkpal.ai\/fi\/#\/schema\/logo\/image\/\"},\"sameAs\":[\"https:\/\/www.facebook.com\/profile.php?id=100090733639311\",\"https:\/\/x.com\/talkpalai\",\"https:\/\/www.linkedin.com\/company\/talkpal\/\",\"https:\/\/www.youtube.com\/@TalkPal\/\",\"https:\/\/www.tiktok.com\/@talkpal\",\"https:\/\/www.instagram.com\/talkpal_ai\/\",\"https:\/\/www.crunchbase.com\/organization\/talkpal-9cde\",\"https:\/\/www.g2.com\/products\/talkpal-for-business\/\",\"https:\/\/www.trustpilot.com\/review\/talkpal.ai\",\"https:\/\/www.capterra.com\/p\/10006800\/TalkPal\/\"],\"description\":\"Talkpal is a language learning web and mobile education app, powered by the latest AI technologies, that provides engaging experiences to its customers in many different languages to help them improve their language skills. Users can chat about unlimited amount of topics with the app and use other modes to practice their language learning.\",\"email\":\"support@talkpal.ai\",\"legalName\":\"Talkpal, Inc.\",\"foundingDate\":\"2023-04-03\",\"duns\":\"118989042\",\"numberOfEmployees\":{\"@type\":\"QuantitativeValue\",\"minValue\":\"11\",\"maxValue\":\"50\"},\"publishingPrinciples\":\"https:\/\/talkpal.ai\/publishing-principles\/\",\"actionableFeedbackPolicy\":\"https:\/\/talkpal.ai\/actionable-feedback-policy\/\",\"correctionsPolicy\":\"https:\/\/talkpal.ai\/corrections-policy\/\",\"ethicsPolicy\":\"https:\/\/talkpal.ai\/ethics-policy\/\",\"diversityPolicy\":\"https:\/\/talkpal.ai\/diversity-policy\/\",\"diversityStaffingReport\":\"https:\/\/talkpal.ai\/diversity-policy\/\"}]}<\/script>\n<!-- \/ Yoast SEO Premium plugin. -->","yoast_head_json":{"title":"Nepalin kielioppi - Talkpal","description":"Tutustu nepalin kielioppiin ja syvenn\u00e4 kielitaitoasi selkeiden ja ytimekk\u00e4iden selitysten avulla.","robots":{"index":"index","follow":"follow","max-snippet":"max-snippet:-1","max-image-preview":"max-image-preview:large","max-video-preview":"max-video-preview:-1"},"canonical":"https:\/\/talkpal.ai\/fi\/nepalin-kielioppi\/","og_locale":"fi_FI","og_type":"article","og_title":"Nepalin kielioppi","og_description":"Nepalin kieliopin rikkauteen syventyminen: oivaltava opas Nepali, indoarjalainen kieli, jota puhuu yli 25 miljoonaa ihmist\u00e4 Nepalissa ja sen l\u00e4hialueilla,","og_url":"https:\/\/talkpal.ai\/fi\/nepalin-kielioppi\/","og_site_name":"Talkpal","article_publisher":"https:\/\/www.facebook.com\/profile.php?id=100090733639311","article_modified_time":"2025-12-17T17:00:45+00:00","og_image":[{"width":512,"height":512,"url":"https:\/\/talkpal.ai\/wp-content\/uploads\/2023\/05\/nepal.png","type":"image\/png"}],"twitter_card":"summary_large_image","twitter_site":"@talkpalai","twitter_misc":{"Arvioitu lukuaika":"2 minuuttia"},"schema":{"@context":"https:\/\/schema.org","@graph":[{"@type":"WebPage","@id":"https:\/\/talkpal.ai\/fi\/nepalin-kielioppi\/","url":"https:\/\/talkpal.ai\/fi\/nepalin-kielioppi\/","name":"Nepalin kielioppi - Talkpal","isPartOf":{"@id":"https:\/\/talkpal.ai\/fi\/#website"},"primaryImageOfPage":{"@id":"https:\/\/talkpal.ai\/fi\/nepalin-kielioppi\/#primaryimage"},"image":{"@id":"https:\/\/talkpal.ai\/fi\/nepalin-kielioppi\/#primaryimage"},"thumbnailUrl":"https:\/\/talkpal.ai\/wp-content\/uploads\/2023\/05\/nepal.png","datePublished":"2023-05-14T14:12:45+00:00","dateModified":"2025-12-17T17:00:45+00:00","description":"Tutustu nepalin kielioppiin ja syvenn\u00e4 kielitaitoasi selkeiden ja ytimekk\u00e4iden selitysten avulla.","breadcrumb":{"@id":"https:\/\/talkpal.ai\/fi\/nepalin-kielioppi\/#breadcrumb"},"inLanguage":"fi","potentialAction":[{"@type":"ReadAction","target":["https:\/\/talkpal.ai\/fi\/nepalin-kielioppi\/"]}]},{"@type":"ImageObject","inLanguage":"fi","@id":"https:\/\/talkpal.ai\/fi\/nepalin-kielioppi\/#primaryimage","url":"https:\/\/talkpal.ai\/wp-content\/uploads\/2023\/05\/nepal.png","contentUrl":"https:\/\/talkpal.ai\/wp-content\/uploads\/2023\/05\/nepal.png","width":512,"height":512},{"@type":"BreadcrumbList","@id":"https:\/\/talkpal.ai\/fi\/nepalin-kielioppi\/#breadcrumb","itemListElement":[{"@type":"ListItem","position":1,"name":"Homepage","item":"https:\/\/talkpal.ai\/fi\/"},{"@type":"ListItem","position":2,"name":"Nepalin kielioppi"}]},{"@type":"WebSite","@id":"https:\/\/talkpal.ai\/fi\/#website","url":"https:\/\/talkpal.ai\/fi\/","name":"Talkpal","description":"AI Language Learning","publisher":{"@id":"https:\/\/talkpal.ai\/fi\/#organization"},"alternateName":"Talkpal AI","potentialAction":[{"@type":"SearchAction","target":{"@type":"EntryPoint","urlTemplate":"https:\/\/talkpal.ai\/fi\/?s={search_term_string}"},"query-input":{"@type":"PropertyValueSpecification","valueRequired":true,"valueName":"search_term_string"}}],"inLanguage":"fi"},{"@type":"Organization","@id":"https:\/\/talkpal.ai\/fi\/#organization","name":"Talkpal, Inc.","alternateName":"Talkpal AI","url":"https:\/\/talkpal.ai\/fi\/","logo":{"@type":"ImageObject","inLanguage":"fi","@id":"https:\/\/talkpal.ai\/fi\/#\/schema\/logo\/image\/","url":"https:\/\/talkpal.ai\/wp-content\/uploads\/2024\/03\/Talkpal-Logo-Icon.png","contentUrl":"https:\/\/talkpal.ai\/wp-content\/uploads\/2024\/03\/Talkpal-Logo-Icon.png","width":2880,"height":2880,"caption":"Talkpal, Inc."},"image":{"@id":"https:\/\/talkpal.ai\/fi\/#\/schema\/logo\/image\/"},"sameAs":["https:\/\/www.facebook.com\/profile.php?id=100090733639311","https:\/\/x.com\/talkpalai","https:\/\/www.linkedin.com\/company\/talkpal\/","https:\/\/www.youtube.com\/@TalkPal\/","https:\/\/www.tiktok.com\/@talkpal","https:\/\/www.instagram.com\/talkpal_ai\/","https:\/\/www.crunchbase.com\/organization\/talkpal-9cde","https:\/\/www.g2.com\/products\/talkpal-for-business\/","https:\/\/www.trustpilot.com\/review\/talkpal.ai","https:\/\/www.capterra.com\/p\/10006800\/TalkPal\/"],"description":"Talkpal is a language learning web and mobile education app, powered by the latest AI technologies, that provides engaging experiences to its customers in many different languages to help them improve their language skills. Users can chat about unlimited amount of topics with the app and use other modes to practice their language learning.","email":"support@talkpal.ai","legalName":"Talkpal, Inc.","foundingDate":"2023-04-03","duns":"118989042","numberOfEmployees":{"@type":"QuantitativeValue","minValue":"11","maxValue":"50"},"publishingPrinciples":"https:\/\/talkpal.ai\/publishing-principles\/","actionableFeedbackPolicy":"https:\/\/talkpal.ai\/actionable-feedback-policy\/","correctionsPolicy":"https:\/\/talkpal.ai\/corrections-policy\/","ethicsPolicy":"https:\/\/talkpal.ai\/ethics-policy\/","diversityPolicy":"https:\/\/talkpal.ai\/diversity-policy\/","diversityStaffingReport":"https:\/\/talkpal.ai\/diversity-policy\/"}]}},"_links":{"self":[{"href":"https:\/\/talkpal.ai\/fi\/wp-json\/wp\/v2\/pages\/148063","targetHints":{"allow":["GET"]}}],"collection":[{"href":"https:\/\/talkpal.ai\/fi\/wp-json\/wp\/v2\/pages"}],"about":[{"href":"https:\/\/talkpal.ai\/fi\/wp-json\/wp\/v2\/types\/page"}],"author":[{"embeddable":true,"href":"https:\/\/talkpal.ai\/fi\/wp-json\/wp\/v2\/users\/1"}],"replies":[{"embeddable":true,"href":"https:\/\/talkpal.ai\/fi\/wp-json\/wp\/v2\/comments?post=148063"}],"version-history":[{"count":0,"href":"https:\/\/talkpal.ai\/fi\/wp-json\/wp\/v2\/pages\/148063\/revisions"}],"wp:featuredmedia":[{"embeddable":true,"href":"https:\/\/talkpal.ai\/fi\/wp-json\/wp\/v2\/media\/28523"}],"wp:attachment":[{"href":"https:\/\/talkpal.ai\/fi\/wp-json\/wp\/v2\/media?parent=148063"}],"curies":[{"name":"wp","href":"https:\/\/api.w.org\/{rel}","templated":true}]}}