{"id":147757,"date":"2023-05-14T14:12:25","date_gmt":"2023-05-14T14:12:25","guid":{"rendered":"http:\/\/talkpal.ai\/maorien-kielioppi\/"},"modified":"2025-12-17T16:44:50","modified_gmt":"2025-12-17T16:44:50","slug":"maorien-kielioppi","status":"publish","type":"page","link":"https:\/\/talkpal.ai\/fi\/maorien-kielioppi\/","title":{"rendered":"Maorien kielioppi"},"content":{"rendered":"\r\n\r\n\r\n<section class=\"languageChallengeSection\">\r\n    <div class=\"languageInfoWrapper\">\r\n        \r\n        <h1>Maorien kielioppi<\/h1>\r\n        <p>Haluatko oppia m\u0101oria? Tutustu m\u0101ori-kielioppiin, joka on tunnettu yksinkertaisuudestaan, artikkelien k\u00e4yt\u00f6st\u00e4 ja partikkelien t\u00e4rke\u00e4st\u00e4 merkityksest\u00e4. Aloita jo t\u00e4n\u00e4\u00e4n &#8211; m\u0101ori-kieliopin hallitseminen auttaa sinua liittym\u00e4\u00e4n syvemmin kielen rikkaaseen perint\u00f6\u00f6n ja Uuden-Seelannin elinvoimaiseen kulttuuriin!<\/p>\r\n\r\n                            <a class=\"getStartedHidden\" href=\"https:\/\/app.talkpal.ai\/fi\/signup?lng=\">Aloita<\/a>\r\n        \r\n    <\/div>\r\n\r\n    <figure>\r\n    <img decoding=\"async\" width=\"768\" height=\"768\" src=\"https:\/\/talkpal.ai\/wp-content\/uploads\/2023\/06\/maori-768x768.png\" class=\"languageImage no-lazy\" alt=\"Default alt text\" fetchpriority=\"high\" sizes=\"(max-width: 768px) 150px, 768px\" srcset=\"https:\/\/talkpal.ai\/wp-content\/uploads\/2023\/06\/maori-768x768.png 768w, https:\/\/talkpal.ai\/wp-content\/uploads\/2023\/06\/maori-300x300.png 300w\" \/>\r\n    \r\n\r\n    <\/figure>\r\n\r\n            <a class=\"getStartedVisible\" href=\"https:\/\/app.talkpal.ai\/fi\/signup?lng=\">Aloita<\/a>\r\n    \r\n<\/section>\r\n        <section class=\"grammarSection\">\r\n            <div class=\"grammarLinks\">\r\n                <a href=\"https:\/\/talkpal.ai\/fi\/language\/adjektiivit-maorien-kielioppi\/\">Adjektiivit <\/a><a href=\"https:\/\/talkpal.ai\/fi\/language\/adverbit-maorien-kielioppi\/\">Adverbit <\/a><a href=\"https:\/\/talkpal.ai\/fi\/language\/aikamuodot-maorien-kielioppi\/\">Aikamuodot <\/a><a href=\"https:\/\/talkpal.ai\/fi\/language\/aikamuotojen-vertailu-maorien-kielioppi\/\">Aikamuotojen vertailu <\/a><a href=\"https:\/\/talkpal.ai\/fi\/language\/artikkelit-maorien-kielioppi\/\">Artikkelit <\/a><a href=\"https:\/\/talkpal.ai\/fi\/language\/konditionaalit-maorien-kielioppi\/\">Konditionaalit <\/a><a href=\"https:\/\/talkpal.ai\/fi\/language\/lauseet-maorien-kielioppi\/\">Lauseet <\/a><a href=\"https:\/\/talkpal.ai\/fi\/language\/prepositiot-maorien-kielioppi\/\">Prepositiot <\/a><a href=\"https:\/\/talkpal.ai\/fi\/language\/progressiivinen-maorien-kielioppi\/\">Progressiivinen <\/a><a href=\"https:\/\/talkpal.ai\/fi\/language\/pronominit-determinerit-maorien-kielioppi\/\">Pronominit\/Determinerit <\/a><a href=\"https:\/\/talkpal.ai\/fi\/language\/substantiivit-maorien-kielioppi\/\">Substantiivit <\/a><a href=\"https:\/\/talkpal.ai\/fi\/language\/taydellinen-progressiivinen-maorien-kielioppi\/\">T\u00e4ydellinen progressiivinen <\/a><a href=\"https:\/\/talkpal.ai\/fi\/language\/verbit-maorien-kielioppi\/\">Verbit <\/a>            <\/div>\r\n        <\/section>\r\n    <section class=\"promotionalBanner\">\r\n    <p class=\"promotionalText\">Tehokkain tapa oppia kielt\u00e4<\/p>\r\n    <a class=\"promotionalLink\" href=\"https:\/\/app.talkpal.ai\/fi\/signup?lng=\">Kokeile Talkpal ilmaiseksi<\/a>\r\n<\/section>\n<div class=\"wp-block-group pageContainerStyle\"><div class=\"wp-block-group__inner-container is-layout-constrained wp-block-group-is-layout-constrained\">\n<h2 class=\"wp-block-heading\" id=\"h-maori-grammar-your-ticket-to-a-vibrant-bicultural-world\">Maorien kielioppi: lippusi vilkkaaseen kaksikulttuuriseen maailmaan<\/h2>\n\n\n\n<p><a href=\"https:\/\/talkpal.ai\/culture\/how-do-you-say-lets-go-in-maori\/\">Kia ora<\/a>! Tervetuloa maorien kielen ihmeelliseen maailmaan. Uuden-Seelannin alkuper\u00e4iskielen\u00e4 <a href=\"https:\/\/talkpal.ai\/learn-maori\/\">maori<\/a> eli te reo maori tarjoaa sinulle ainutlaatuisen mahdollisuuden tutustua muinaiseen kulttuuriin ja sen elinvoimaiseen puhujayhteis\u00f6\u00f6n. Kuten mik\u00e4 tahansa kieli, maorin kielioppi voi tuntua haastavalta, mutta ei h\u00e4t\u00e4\u00e4! T\u00e4m\u00e4 aloittelijayst\u00e4v\u00e4llinen opas yksinkertaistaa maorien kieliopin ydinkomponentteja visuaalisesti mukaansatempaavalla ja informatiivisella matkalla.<\/p>\n\n\n\n<h3 class=\"wp-block-heading\" id=\"h-1-starting-with-the-basics-maori-alphabet-and-pronunciation\">1. Aloitetaan perusteista: maorien aakkoset ja \u00e4\u00e4nt\u00e4minen<\/h3>\n\n\n\n<p>Maori k\u00e4ytt\u00e4\u00e4 muokattua latinalaista kirjoitusta, joka koostuu vain 15 kirjaimesta: viisi vokaalia (a, e, i, o ja u) ja kymmenen konsonanttia (h, k, m, n, p, r, t, w, ng ja wh). Tutustu n\u00e4ihin kirjaimiin ja niiden erillisiin \u00e4\u00e4nt\u00e4myksiin, koska ne luovat perustan kaikelle my\u00f6hemm\u00e4lle maorien kieliopin oppimiselle.<\/p>\n\n\n\n<h3 class=\"wp-block-heading\" id=\"h-2-exploring-maori-sentence-structure\">2. Maorien lauserakenteen tutkiminen<\/h3>\n\n\n\n<p><a href=\"https:\/\/talkpal.ai\/maori-grammar\/\">Maorien kielioppi<\/a> noudattaa pohjimmiltaan yksinkertaista subjekti-verbi (-objekti) -rakennetta, jossa verbi tyypillisesti edelt\u00e4\u00e4 subjektia. Selkein tapa ymm\u00e4rt\u00e4\u00e4 t\u00e4m\u00e4 rakenne on n\u00e4hd\u00e4 se toiminnassa:<\/p>\n\n\n\n<p><strong>Englanti: Lapsi leikkii.<\/strong><\/p>\n\n\n\n<p><strong>Maori: Kei te t\u0101karo te tamaiti.<\/strong><\/p>\n\n\n\n<p>Maorissa verbin aikamuoto ilmoitetaan partikkelien yhdistelm\u00e4ll\u00e4 <a href=\"https:\/\/talkpal.ai\/learn-thai\/\">tai<\/a> lis\u00e4\u00e4m\u00e4ll\u00e4 lauseeseen aikamerkint\u00e4.<\/p>\n\n\n\n<h3 class=\"wp-block-heading\" id=\"h-3-demystifying-particles-building-blocks-of-maori-grammar\">3. Hiukkasten salaper\u00e4isyyden poistaminen: maorien kieliopin rakennuspalikat<\/h3>\n\n\n\n<p>Partikkeleilla on ratkaiseva rooli maorien kieliopissa, sill\u00e4 ne yhdist\u00e4v\u00e4t sanoja ja lauseita toisiinsa luodakseen johdonmukaisia ja ilmeikk\u00e4it\u00e4 lauseita. Aloittelijana keskity ymm\u00e4rt\u00e4m\u00e4\u00e4n muutamia olennaisia hiukkasia:<\/p>\n\n\n\n<p><strong>&#8211; Kia: k\u00e4ytet\u00e4\u00e4n k\u00e4skyihin, toiveisiin ja ilmaisemaan toiminnan tarkoitus.<\/strong><\/p>\n\n\n\n<p><strong>&#8211; Kei: k\u00e4ytet\u00e4\u00e4n jatkuvan ajanjakson muodostamiseen.<\/strong><\/p>\n\n\n\n<p><strong>&#8211; Ko: k\u00e4ytet\u00e4\u00e4n merkitsem\u00e4\u00e4n lauseen subjektia.<\/strong><\/p>\n\n\n\n<h3 class=\"wp-block-heading\" id=\"h-4-getting-to-know-maori-pronouns\">4. Maori-pronominien tunteminen<\/h3>\n\n\n\n<p>Maorien pronominit korvaavat substantiivit ja auttavat pit\u00e4m\u00e4\u00e4n keskustelusi luonnollisina ja sujuvina. Aloittelijana keskity ymm\u00e4rt\u00e4m\u00e4\u00e4n persoona- ja omistuspronomineja:<\/p>\n\n\n\n<p>Persoonapronominit: ahau (I), koe (sin\u00e4, yksikk\u00f6), ia (h\u00e4n), t\u0101ua (me, mukaan lukien puhuttu henkil\u00f6), m\u0101ua (me, pois lukien puhuttu henkil\u00f6), koutou (sin\u00e4, monikko), r\u0101tau (he)<\/p>\n\n\n\n<p>Possessiivipronominit: taku\/t\u014dku (minun), t\u014du (sinun, yksikk\u00f6), t\u014dna (h\u00e4nen), t\u014d t\u0101ua (meid\u00e4n, mukaan lukien puhuja ja kuuntelija), t\u014d m\u0101ua (meid\u00e4n, puhuja ja joku muu), t\u014d koutou (sinun, monikko), t\u014d r\u0101tau (heid\u00e4n)<\/p>\n\n\n\n<h3 class=\"wp-block-heading\" id=\"h-5-navigating-maori-nouns-and-adjectives\">5. Maorien substantiivien ja adjektiivien navigointi<\/h3>\n\n\n\n<p>Maorien substantiivit ja adjektiivit noudattavat yksinkertaisia kielioppis\u00e4\u00e4nt\u00f6j\u00e4, joten aloittelijoiden on helppo ymm\u00e4rt\u00e4\u00e4. Adjektiivit seuraavat yleens\u00e4 kuvaamaansa substantiivia, ja substantiivien monikossa substantiivin eteen lis\u00e4t\u00e4\u00e4n yksinkertaisesti partikkeli &#8221;ng\u0101&#8221;. Esimerkiksi:<\/p>\n\n\n\n<p><strong>Te whare nui &#8211; &#8221;iso talo&#8221;<\/strong><\/p>\n\n\n\n<p><strong>Ng\u0101 tamariki &#8211; &#8221;lapset&#8221;<\/strong><\/p>\n\n\n\n<p>Siin\u00e4 se on! Olet ottanut ensimm\u00e4iset askeleet kohti maorin kieliopin hallintaa ja rikastuttanut matkaasi maorin kielell\u00e4 ja kulttuurilla. Muista, ett\u00e4 harjoittelu, sinnikkyys ja uppoutuminen ovat v\u00e4ltt\u00e4m\u00e4tt\u00f6mi\u00e4 menestykselle, joten <a href=\"https:\/\/talkpal.ai\/contact\/\">ota yhteytt\u00e4<\/a> \u00e4idinkielen\u00e4\u00e4n puhuviin, tutki maoritekstej\u00e4 ja vahvista kielipohjaasi. <a href=\"https:\/\/talkpal.ai\/culture\/how-do-you-say-be-strong-in-maori\/\">Kia kaha<\/a>! (Mene vahvasti!)<\/p>\n<\/div><\/div>\n\r\n<section class=\"learnNavigationSection\">\r\n            \r\n        <a href=\"https:\/\/talkpal.ai\/fi\/opi-maoria\/\">\r\n            <div class=\"learnNavigationWrapper\">\r\n                <div class=\"learnNavigationContent\">\r\n                    <img decoding=\"async\" src=\"https:\/\/talkpal.ai\/wp-content\/uploads\/2024\/08\/Maori.jpg\" alt=\"New Zealand Flag\">\r\n                    <div>\r\n                        <h4>Maorin kieliopin oppitunnit<\/h4>\r\n                        <p>Tutustu maorien kielioppiin.<\/p>\r\n                    <\/div>\r\n                <\/div>\r\n            <\/div>\r\n        <\/a>\r\n\r\n        \r\n        <a href=\"https:\/\/talkpal.ai\/fi\/maorien-kielioppiharjoitukset\/\">\r\n            <div class=\"learnNavigationWrapper\">\r\n                <div class=\"learnNavigationContent\">\r\n                    <img decoding=\"async\" src=\"https:\/\/talkpal.ai\/wp-content\/uploads\/2024\/08\/Maori.jpg\" alt=\"New Zealand Flag\">\r\n                    <div>\r\n                        <h4>Maorin kielioppiharjoitus<\/h4>\r\n                        <p>Harjoittele maorin kielioppia.<\/p>\r\n                    <\/div>\r\n                <\/div>\r\n            <\/div>\r\n        <\/a>\r\n\r\n        \r\n        <a href=\"https:\/\/talkpal.ai\/vocabulary_language\/maori\/\">\r\n            <div class=\"learnNavigationWrapper\">\r\n                <div class=\"learnNavigationContent\">\r\n                    <img decoding=\"async\" src=\"https:\/\/talkpal.ai\/wp-content\/uploads\/2024\/08\/Maori.jpg\" alt=\"New Zealand Flag\">\r\n                    <div>\r\n                        <h4>Maori-sanastoa<\/h4>\r\n                        <p>Laajenna maori-sanastoa.<\/p>\r\n                    <\/div>\r\n                <\/div>\r\n            <\/div>\r\n        <\/a>\r\n\r\n            <\/section>","protected":false},"excerpt":{"rendered":"<p>Maorien kielioppi: lippusi vilkkaaseen kaksikulttuuriseen maailmaan Kia ora! Tervetuloa maorien kielen ihmeelliseen maailmaan. Uuden-Seelannin alkuper\u00e4iskielen\u00e4 maori eli te reo maori tarjoaa sinulle ainutlaatuisen mahdollisuuden tutustua muinaiseen kulttuuriin ja sen elinvoimaiseen puhujayhteis\u00f6\u00f6n. Kuten mik\u00e4 tahansa kieli, maorin kielioppi voi tuntua haastavalta, mutta ei h\u00e4t\u00e4\u00e4! T\u00e4m\u00e4 aloittelijayst\u00e4v\u00e4llinen opas yksinkertaistaa maorien kieliopin ydinkomponentteja visuaalisesti mukaansatempaavalla ja informatiivisella matkalla. [&hellip;]<\/p>\n","protected":false},"author":1,"featured_media":28491,"parent":0,"menu_order":0,"comment_status":"closed","ping_status":"closed","template":"LearningContentPage.php","meta":{"_acf_changed":false,"footnotes":""},"class_list":["post-147757","page","type-page","status-publish","has-post-thumbnail","hentry"],"acf":[],"yoast_head":"<!-- This site is optimized with the Yoast SEO Premium plugin v27.2 (Yoast SEO v27.2) - https:\/\/yoast.com\/product\/yoast-seo-premium-wordpress\/ -->\n<title>Maorien kielioppi - Talkpal<\/title>\n<meta name=\"description\" content=\"Tutustu maorin kieliopin perusteisiin aloittelijoille suunnatun oppaamme avulla. Tutustu 15 kirjaimeen ja keskeisiin te reo maori -s\u00e4\u00e4nt\u00f6ihin.\" \/>\n<meta name=\"robots\" content=\"index, follow, max-snippet:-1, max-image-preview:large, max-video-preview:-1\" \/>\n<link rel=\"canonical\" href=\"https:\/\/talkpal.ai\/fi\/maorien-kielioppi\/\" \/>\n<meta property=\"og:locale\" content=\"fi_FI\" \/>\n<meta property=\"og:type\" content=\"article\" \/>\n<meta property=\"og:title\" content=\"Maorien kielioppi\" \/>\n<meta property=\"og:description\" content=\"Maorien kielioppi: lippusi vilkkaaseen kaksikulttuuriseen maailmaan Kia ora! Tervetuloa maorien kielen ihmeelliseen maailmaan. Uuden-Seelannin\" \/>\n<meta property=\"og:url\" content=\"https:\/\/talkpal.ai\/fi\/maorien-kielioppi\/\" \/>\n<meta property=\"og:site_name\" content=\"Talkpal\" \/>\n<meta property=\"article:publisher\" content=\"https:\/\/www.facebook.com\/profile.php?id=100090733639311\" \/>\n<meta property=\"article:modified_time\" content=\"2025-12-17T16:44:50+00:00\" \/>\n<meta property=\"og:image\" content=\"https:\/\/talkpal.ai\/wp-content\/uploads\/2023\/05\/Maori-new-zealand.png\" \/>\n\t<meta property=\"og:image:width\" content=\"512\" \/>\n\t<meta property=\"og:image:height\" content=\"512\" \/>\n\t<meta property=\"og:image:type\" content=\"image\/png\" \/>\n<meta name=\"twitter:card\" content=\"summary_large_image\" \/>\n<meta name=\"twitter:site\" content=\"@talkpalai\" \/>\n<meta name=\"twitter:label1\" content=\"Arvioitu lukuaika\" \/>\n\t<meta name=\"twitter:data1\" content=\"2 minuuttia\" \/>\n<script type=\"application\/ld+json\" class=\"yoast-schema-graph\">{\"@context\":\"https:\/\/schema.org\",\"@graph\":[{\"@type\":\"WebPage\",\"@id\":\"https:\/\/talkpal.ai\/fi\/maorien-kielioppi\/\",\"url\":\"https:\/\/talkpal.ai\/fi\/maorien-kielioppi\/\",\"name\":\"Maorien kielioppi - Talkpal\",\"isPartOf\":{\"@id\":\"https:\/\/talkpal.ai\/fi\/#website\"},\"primaryImageOfPage\":{\"@id\":\"https:\/\/talkpal.ai\/fi\/maorien-kielioppi\/#primaryimage\"},\"image\":{\"@id\":\"https:\/\/talkpal.ai\/fi\/maorien-kielioppi\/#primaryimage\"},\"thumbnailUrl\":\"https:\/\/talkpal.ai\/wp-content\/uploads\/2023\/05\/Maori-new-zealand.png\",\"datePublished\":\"2023-05-14T14:12:25+00:00\",\"dateModified\":\"2025-12-17T16:44:50+00:00\",\"description\":\"Tutustu maorin kieliopin perusteisiin aloittelijoille suunnatun oppaamme avulla. Tutustu 15 kirjaimeen ja keskeisiin te reo maori -s\u00e4\u00e4nt\u00f6ihin.\",\"breadcrumb\":{\"@id\":\"https:\/\/talkpal.ai\/fi\/maorien-kielioppi\/#breadcrumb\"},\"inLanguage\":\"fi\",\"potentialAction\":[{\"@type\":\"ReadAction\",\"target\":[\"https:\/\/talkpal.ai\/fi\/maorien-kielioppi\/\"]}]},{\"@type\":\"ImageObject\",\"inLanguage\":\"fi\",\"@id\":\"https:\/\/talkpal.ai\/fi\/maorien-kielioppi\/#primaryimage\",\"url\":\"https:\/\/talkpal.ai\/wp-content\/uploads\/2023\/05\/Maori-new-zealand.png\",\"contentUrl\":\"https:\/\/talkpal.ai\/wp-content\/uploads\/2023\/05\/Maori-new-zealand.png\",\"width\":512,\"height\":512},{\"@type\":\"BreadcrumbList\",\"@id\":\"https:\/\/talkpal.ai\/fi\/maorien-kielioppi\/#breadcrumb\",\"itemListElement\":[{\"@type\":\"ListItem\",\"position\":1,\"name\":\"Homepage\",\"item\":\"https:\/\/talkpal.ai\/fi\/\"},{\"@type\":\"ListItem\",\"position\":2,\"name\":\"Maorien kielioppi\"}]},{\"@type\":\"WebSite\",\"@id\":\"https:\/\/talkpal.ai\/fi\/#website\",\"url\":\"https:\/\/talkpal.ai\/fi\/\",\"name\":\"Talkpal\",\"description\":\"AI Language Learning\",\"publisher\":{\"@id\":\"https:\/\/talkpal.ai\/fi\/#organization\"},\"alternateName\":\"Talkpal AI\",\"potentialAction\":[{\"@type\":\"SearchAction\",\"target\":{\"@type\":\"EntryPoint\",\"urlTemplate\":\"https:\/\/talkpal.ai\/fi\/?s={search_term_string}\"},\"query-input\":{\"@type\":\"PropertyValueSpecification\",\"valueRequired\":true,\"valueName\":\"search_term_string\"}}],\"inLanguage\":\"fi\"},{\"@type\":\"Organization\",\"@id\":\"https:\/\/talkpal.ai\/fi\/#organization\",\"name\":\"Talkpal, Inc.\",\"alternateName\":\"Talkpal AI\",\"url\":\"https:\/\/talkpal.ai\/fi\/\",\"logo\":{\"@type\":\"ImageObject\",\"inLanguage\":\"fi\",\"@id\":\"https:\/\/talkpal.ai\/fi\/#\/schema\/logo\/image\/\",\"url\":\"https:\/\/talkpal.ai\/wp-content\/uploads\/2024\/03\/Talkpal-Logo-Icon.png\",\"contentUrl\":\"https:\/\/talkpal.ai\/wp-content\/uploads\/2024\/03\/Talkpal-Logo-Icon.png\",\"width\":2880,\"height\":2880,\"caption\":\"Talkpal, Inc.\"},\"image\":{\"@id\":\"https:\/\/talkpal.ai\/fi\/#\/schema\/logo\/image\/\"},\"sameAs\":[\"https:\/\/www.facebook.com\/profile.php?id=100090733639311\",\"https:\/\/x.com\/talkpalai\",\"https:\/\/www.linkedin.com\/company\/talkpal\/\",\"https:\/\/www.youtube.com\/@TalkPal\/\",\"https:\/\/www.tiktok.com\/@talkpal\",\"https:\/\/www.instagram.com\/talkpal_ai\/\",\"https:\/\/www.crunchbase.com\/organization\/talkpal-9cde\",\"https:\/\/www.g2.com\/products\/talkpal-for-business\/\",\"https:\/\/www.trustpilot.com\/review\/talkpal.ai\",\"https:\/\/www.capterra.com\/p\/10006800\/TalkPal\/\"],\"description\":\"Talkpal is a language learning web and mobile education app, powered by the latest AI technologies, that provides engaging experiences to its customers in many different languages to help them improve their language skills. Users can chat about unlimited amount of topics with the app and use other modes to practice their language learning.\",\"email\":\"support@talkpal.ai\",\"legalName\":\"Talkpal, Inc.\",\"foundingDate\":\"2023-04-03\",\"duns\":\"118989042\",\"numberOfEmployees\":{\"@type\":\"QuantitativeValue\",\"minValue\":\"11\",\"maxValue\":\"50\"},\"publishingPrinciples\":\"https:\/\/talkpal.ai\/publishing-principles\/\",\"actionableFeedbackPolicy\":\"https:\/\/talkpal.ai\/actionable-feedback-policy\/\",\"correctionsPolicy\":\"https:\/\/talkpal.ai\/corrections-policy\/\",\"ethicsPolicy\":\"https:\/\/talkpal.ai\/ethics-policy\/\",\"diversityPolicy\":\"https:\/\/talkpal.ai\/diversity-policy\/\",\"diversityStaffingReport\":\"https:\/\/talkpal.ai\/diversity-policy\/\"}]}<\/script>\n<!-- \/ Yoast SEO Premium plugin. -->","yoast_head_json":{"title":"Maorien kielioppi - Talkpal","description":"Tutustu maorin kieliopin perusteisiin aloittelijoille suunnatun oppaamme avulla. Tutustu 15 kirjaimeen ja keskeisiin te reo maori -s\u00e4\u00e4nt\u00f6ihin.","robots":{"index":"index","follow":"follow","max-snippet":"max-snippet:-1","max-image-preview":"max-image-preview:large","max-video-preview":"max-video-preview:-1"},"canonical":"https:\/\/talkpal.ai\/fi\/maorien-kielioppi\/","og_locale":"fi_FI","og_type":"article","og_title":"Maorien kielioppi","og_description":"Maorien kielioppi: lippusi vilkkaaseen kaksikulttuuriseen maailmaan Kia ora! Tervetuloa maorien kielen ihmeelliseen maailmaan. Uuden-Seelannin","og_url":"https:\/\/talkpal.ai\/fi\/maorien-kielioppi\/","og_site_name":"Talkpal","article_publisher":"https:\/\/www.facebook.com\/profile.php?id=100090733639311","article_modified_time":"2025-12-17T16:44:50+00:00","og_image":[{"width":512,"height":512,"url":"https:\/\/talkpal.ai\/wp-content\/uploads\/2023\/05\/Maori-new-zealand.png","type":"image\/png"}],"twitter_card":"summary_large_image","twitter_site":"@talkpalai","twitter_misc":{"Arvioitu lukuaika":"2 minuuttia"},"schema":{"@context":"https:\/\/schema.org","@graph":[{"@type":"WebPage","@id":"https:\/\/talkpal.ai\/fi\/maorien-kielioppi\/","url":"https:\/\/talkpal.ai\/fi\/maorien-kielioppi\/","name":"Maorien kielioppi - Talkpal","isPartOf":{"@id":"https:\/\/talkpal.ai\/fi\/#website"},"primaryImageOfPage":{"@id":"https:\/\/talkpal.ai\/fi\/maorien-kielioppi\/#primaryimage"},"image":{"@id":"https:\/\/talkpal.ai\/fi\/maorien-kielioppi\/#primaryimage"},"thumbnailUrl":"https:\/\/talkpal.ai\/wp-content\/uploads\/2023\/05\/Maori-new-zealand.png","datePublished":"2023-05-14T14:12:25+00:00","dateModified":"2025-12-17T16:44:50+00:00","description":"Tutustu maorin kieliopin perusteisiin aloittelijoille suunnatun oppaamme avulla. Tutustu 15 kirjaimeen ja keskeisiin te reo maori -s\u00e4\u00e4nt\u00f6ihin.","breadcrumb":{"@id":"https:\/\/talkpal.ai\/fi\/maorien-kielioppi\/#breadcrumb"},"inLanguage":"fi","potentialAction":[{"@type":"ReadAction","target":["https:\/\/talkpal.ai\/fi\/maorien-kielioppi\/"]}]},{"@type":"ImageObject","inLanguage":"fi","@id":"https:\/\/talkpal.ai\/fi\/maorien-kielioppi\/#primaryimage","url":"https:\/\/talkpal.ai\/wp-content\/uploads\/2023\/05\/Maori-new-zealand.png","contentUrl":"https:\/\/talkpal.ai\/wp-content\/uploads\/2023\/05\/Maori-new-zealand.png","width":512,"height":512},{"@type":"BreadcrumbList","@id":"https:\/\/talkpal.ai\/fi\/maorien-kielioppi\/#breadcrumb","itemListElement":[{"@type":"ListItem","position":1,"name":"Homepage","item":"https:\/\/talkpal.ai\/fi\/"},{"@type":"ListItem","position":2,"name":"Maorien kielioppi"}]},{"@type":"WebSite","@id":"https:\/\/talkpal.ai\/fi\/#website","url":"https:\/\/talkpal.ai\/fi\/","name":"Talkpal","description":"AI Language Learning","publisher":{"@id":"https:\/\/talkpal.ai\/fi\/#organization"},"alternateName":"Talkpal AI","potentialAction":[{"@type":"SearchAction","target":{"@type":"EntryPoint","urlTemplate":"https:\/\/talkpal.ai\/fi\/?s={search_term_string}"},"query-input":{"@type":"PropertyValueSpecification","valueRequired":true,"valueName":"search_term_string"}}],"inLanguage":"fi"},{"@type":"Organization","@id":"https:\/\/talkpal.ai\/fi\/#organization","name":"Talkpal, Inc.","alternateName":"Talkpal AI","url":"https:\/\/talkpal.ai\/fi\/","logo":{"@type":"ImageObject","inLanguage":"fi","@id":"https:\/\/talkpal.ai\/fi\/#\/schema\/logo\/image\/","url":"https:\/\/talkpal.ai\/wp-content\/uploads\/2024\/03\/Talkpal-Logo-Icon.png","contentUrl":"https:\/\/talkpal.ai\/wp-content\/uploads\/2024\/03\/Talkpal-Logo-Icon.png","width":2880,"height":2880,"caption":"Talkpal, Inc."},"image":{"@id":"https:\/\/talkpal.ai\/fi\/#\/schema\/logo\/image\/"},"sameAs":["https:\/\/www.facebook.com\/profile.php?id=100090733639311","https:\/\/x.com\/talkpalai","https:\/\/www.linkedin.com\/company\/talkpal\/","https:\/\/www.youtube.com\/@TalkPal\/","https:\/\/www.tiktok.com\/@talkpal","https:\/\/www.instagram.com\/talkpal_ai\/","https:\/\/www.crunchbase.com\/organization\/talkpal-9cde","https:\/\/www.g2.com\/products\/talkpal-for-business\/","https:\/\/www.trustpilot.com\/review\/talkpal.ai","https:\/\/www.capterra.com\/p\/10006800\/TalkPal\/"],"description":"Talkpal is a language learning web and mobile education app, powered by the latest AI technologies, that provides engaging experiences to its customers in many different languages to help them improve their language skills. Users can chat about unlimited amount of topics with the app and use other modes to practice their language learning.","email":"support@talkpal.ai","legalName":"Talkpal, Inc.","foundingDate":"2023-04-03","duns":"118989042","numberOfEmployees":{"@type":"QuantitativeValue","minValue":"11","maxValue":"50"},"publishingPrinciples":"https:\/\/talkpal.ai\/publishing-principles\/","actionableFeedbackPolicy":"https:\/\/talkpal.ai\/actionable-feedback-policy\/","correctionsPolicy":"https:\/\/talkpal.ai\/corrections-policy\/","ethicsPolicy":"https:\/\/talkpal.ai\/ethics-policy\/","diversityPolicy":"https:\/\/talkpal.ai\/diversity-policy\/","diversityStaffingReport":"https:\/\/talkpal.ai\/diversity-policy\/"}]}},"_links":{"self":[{"href":"https:\/\/talkpal.ai\/fi\/wp-json\/wp\/v2\/pages\/147757","targetHints":{"allow":["GET"]}}],"collection":[{"href":"https:\/\/talkpal.ai\/fi\/wp-json\/wp\/v2\/pages"}],"about":[{"href":"https:\/\/talkpal.ai\/fi\/wp-json\/wp\/v2\/types\/page"}],"author":[{"embeddable":true,"href":"https:\/\/talkpal.ai\/fi\/wp-json\/wp\/v2\/users\/1"}],"replies":[{"embeddable":true,"href":"https:\/\/talkpal.ai\/fi\/wp-json\/wp\/v2\/comments?post=147757"}],"version-history":[{"count":0,"href":"https:\/\/talkpal.ai\/fi\/wp-json\/wp\/v2\/pages\/147757\/revisions"}],"wp:featuredmedia":[{"embeddable":true,"href":"https:\/\/talkpal.ai\/fi\/wp-json\/wp\/v2\/media\/28491"}],"wp:attachment":[{"href":"https:\/\/talkpal.ai\/fi\/wp-json\/wp\/v2\/media?parent=147757"}],"curies":[{"name":"wp","href":"https:\/\/api.w.org\/{rel}","templated":true}]}}