{"id":147467,"date":"2023-05-14T14:12:07","date_gmt":"2023-05-14T14:12:07","guid":{"rendered":"http:\/\/talkpal.ai\/marathin-kielioppi\/"},"modified":"2025-12-12T10:38:03","modified_gmt":"2025-12-12T10:38:03","slug":"marathin-kielioppi","status":"publish","type":"page","link":"https:\/\/talkpal.ai\/fi\/marathin-kielioppi\/","title":{"rendered":"Marathin kielioppi"},"content":{"rendered":"\r\n\r\n\r\n<section class=\"languageChallengeSection\">\r\n    <div class=\"languageInfoWrapper\">\r\n        \r\n        <h1>Marathin kielioppi<\/h1>\r\n        <p>Oletko utelias marathista? Tutustu marathin kielioppiin, jossa sukupuolittuneet substantiivit, joustava lauserakenne ja ilmeikk\u00e4\u00e4t verbien taivutukset luovat elinvoimaisen ja dynaamisen kielen. Aloita oppimismatkasi jo t\u00e4n\u00e4\u00e4n &#8211; marathin kieliopin hallitseminen auttaa sinua kommunikoimaan itsevarmasti ja luomaan yhteyden Maharashtran rikkaisiin perinteisiin ja kulttuuriin!<\/p>\r\n\r\n                            <a class=\"getStartedHidden\" href=\"https:\/\/app.talkpal.ai\/fi\/signup?lng=\">Aloita<\/a>\r\n        \r\n    <\/div>\r\n\r\n    <figure>\r\n    <img decoding=\"async\" width=\"768\" height=\"768\" src=\"https:\/\/talkpal.ai\/wp-content\/uploads\/2023\/06\/marathi-768x768.png\" class=\"languageImage no-lazy\" alt=\"Default alt text\" fetchpriority=\"high\" sizes=\"(max-width: 768px) 150px, 768px\" srcset=\"https:\/\/talkpal.ai\/wp-content\/uploads\/2023\/06\/marathi-768x768.png 768w, https:\/\/talkpal.ai\/wp-content\/uploads\/2023\/06\/marathi-300x300.png 300w\" \/>\r\n    \r\n\r\n    <\/figure>\r\n\r\n            <a class=\"getStartedVisible\" href=\"https:\/\/app.talkpal.ai\/fi\/signup?lng=\">Aloita<\/a>\r\n    \r\n<\/section>\r\n        <section class=\"grammarSection\">\r\n            <div class=\"grammarLinks\">\r\n                <a href=\"https:\/\/talkpal.ai\/fi\/language\/adjektiivit-marathin-kielioppi\/\">Adjektiivit <\/a><a href=\"https:\/\/talkpal.ai\/fi\/language\/adverbit-marathin-kielioppi\/\">Adverbit <\/a><a href=\"https:\/\/talkpal.ai\/fi\/language\/aikamuodot-marathin-kielioppi\/\">Aikamuodot <\/a><a href=\"https:\/\/talkpal.ai\/fi\/language\/aikamuotojen-vertailu-marathin-kielioppi\/\">Aikamuotojen vertailu <\/a><a href=\"https:\/\/talkpal.ai\/fi\/language\/artikkelit-marathin-kielioppi\/\">Artikkelit <\/a><a href=\"https:\/\/talkpal.ai\/fi\/language\/konditionaalit-marathin-kielioppi\/\">Konditionaalit <\/a><a href=\"https:\/\/talkpal.ai\/fi\/language\/lauseet-marathin-kielioppi\/\">Lauseet <\/a><a href=\"https:\/\/talkpal.ai\/fi\/language\/prepositiot-marathin-kielioppi\/\">Prepositiot <\/a><a href=\"https:\/\/talkpal.ai\/fi\/language\/progressiivinen-marathin-kielioppi\/\">Progressiivinen <\/a><a href=\"https:\/\/talkpal.ai\/fi\/language\/pronominit-maaritteet\/\">Pronominit\/m\u00e4\u00e4ritteet<\/a><a href=\"https:\/\/talkpal.ai\/fi\/language\/substantiivit-marathin-kielioppi\/\">Substantiivit <\/a><a href=\"https:\/\/talkpal.ai\/fi\/language\/taydellinen-progressiivinen-marathin-kielioppi\/\">T\u00e4ydellinen progressiivinen <\/a><a href=\"https:\/\/talkpal.ai\/fi\/language\/verbit-marathin-kielioppi\/\">Verbit <\/a>            <\/div>\r\n        <\/section>\r\n    <section class=\"promotionalBanner\">\r\n    <p class=\"promotionalText\">Tehokkain tapa oppia kielt\u00e4<\/p>\r\n    <a class=\"promotionalLink\" href=\"https:\/\/app.talkpal.ai\/fi\/signup?lng=\">Kokeile Talkpal ilmaiseksi<\/a>\r\n<\/section>\n<div class=\"wp-block-group pageContainerStyle\"><div class=\"wp-block-group__inner-container is-layout-constrained wp-block-group-is-layout-constrained\">\n<h2 class=\"wp-block-heading\" id=\"h-the-allure-of-marathi-grammar-unfolding-its-mysteries-and-intricacies\">Marathin kieliopin vieh\u00e4tys: sen mysteerien ja monimutkaisuuksien avaaminen<\/h2>\n\n\n\n<p>Muistatko h\u00e4mment\u00e4v\u00e4n matkan englannin kieliopin oppimiseen, t\u00e4ynn\u00e4 monimutkaisia s\u00e4\u00e4nt\u00f6j\u00e4, poikkeuksia ja monimutkaista terminologiaa? Jos harkitset nyt marathin kielen opiskelua, valmistaudu yht\u00e4 mukaansatempaavaan tutustumiseen marathin kielioppiin.<\/p>\n\n\n\n<p><a href=\"https:\/\/talkpal.ai\/learn-marathi\/\">Marathi<\/a>, indoarjalainen kieli, jota puhutaan p\u00e4\u00e4asiassa Intian Maharashtran osavaltiossa, ylpeilee rikkaalla perinteell\u00e4 ja ainutlaatuisilla kielellisill\u00e4 piirteill\u00e4. Kun sukellat marathin kieliopin mystiikkaan, paljastat sen aakkosten, monimutkaisten s\u00e4\u00e4nt\u00f6jen ja lumoavan fonetiikan kiehtovan vuorovaikutuksen. Puretaan siis marathin kieliopin vieh\u00e4tys yhdess\u00e4, yksi pieni s\u00e4\u00e4nt\u00f6 kerrallaan.<\/p>\n\n\n\n<p>Yksi <strong>marathin kieliopin<\/strong> silmiinpist\u00e4vimmist\u00e4 piirteist\u00e4 on substantiivien taivutusten laaja k\u00e4ytt\u00f6. N\u00e4m\u00e4 taivutukset auttavat usein v\u00e4litt\u00e4m\u00e4\u00e4n t\u00e4rkeit\u00e4 kieliopillisia elementtej\u00e4, kuten numeron, sukupuolen ja kirjainkoon. Marathilla on kolme sukupuolta &#8211; maskuliininen, feminiininen ja neutri &#8211; ja jokaisella sukupuolella on omat taivutusmallinsa. Lis\u00e4ksi kieless\u00e4 on kaksi numeroa &#8211; yksikk\u00f6 ja monikko &#8211; jotka auttavat ilmaisemaan substantiivin m\u00e4\u00e4r\u00e4\u00e4.<\/p>\n\n\n\n<p>Toinen <strong>marathin kieliopin ainutlaatuinen piirre<\/strong> on tapa, jolla verbit taivuttavat aikamuodosta riippuen. Kun taivutat verbej\u00e4 marathiksi, sinun on otettava huomioon verbin aikamuodon lis\u00e4ksi my\u00f6s subjektin sukupuoli ja numero. Marathin verbimuotoja ovat preesens, mennyt ja futuurimuoto imperatiivien ja subjunktiivien rinnalla. N\u00e4m\u00e4 laajat taivutukset lis\u00e4\u00e4v\u00e4t marathiin syvyytt\u00e4 ja dynaamisuutta, mik\u00e4 tekee siit\u00e4 todella kiehtovan kielen tutkia.<\/p>\n\n\n\n<p>Marathin kieli on my\u00f6s tunnettu <strong>erilaisista pronomineistaan<\/strong>. Marathilla on lukuisia henkil\u00f6kohtaisia, demonstratiivisia, kysyvi\u00e4 ja refleksiivisi\u00e4 pronomineja, joista jokaisella on omat taivutusmallinsa. T\u00e4m\u00e4 saattaa tuntua aluksi pelottavalta, mutta kun syvennytte kieleen, arvostatte marathin kieliopin tarjoamaa vertaansa vailla olevaa tarkkuutta.<\/p>\n\n\n\n<p>Viel\u00e4 yksi marathin kieliopin kiehtova puoli on sen <strong>sanojen j\u00e4rjestely lauseessa<\/strong>. Marathin sanaj\u00e4rjestys noudattaa yleens\u00e4 subjekti-objekti-verbi (SOV) -rakennetta, joka on samanlainen kuin muut indoarjalaiset kielet. T\u00e4m\u00e4 rakenne sijoittaa verbin tyypillisesti lauseen loppuun, mik\u00e4 voi aluksi osoittautua haastavaksi englanninkielisille.<\/p>\n\n\n\n<p>Sukeltamalla <strong>marathin fonetiikkaan<\/strong> t\u00f6rm\u00e4\u00e4t lumoavaan \u00e4\u00e4nivalikoimaan, joka lausutaan 16 vokaalin (swar) ja 36 konsonantin (vyanjan) kautta. Devanagari-kirjoitus, jota <a href=\"https:\/\/talkpal.ai\/learn-marathi\/\">marathi<\/a> k\u00e4ytt\u00e4\u00e4, tuo t\u00e4h\u00e4n jo ennest\u00e4\u00e4n kiehtovaan kieleen lis\u00e4\u00e4 vieh\u00e4tyst\u00e4.  <\/p>\n\n\n\n<p>Marathin kieliopin oppiminen lukemattomine s\u00e4\u00e4nt\u00f6ineen ja monimutkaisuuksineen voi ep\u00e4ilem\u00e4tt\u00e4 olla aluksi pelottava teht\u00e4v\u00e4. T\u00e4m\u00e4 haaste on kuitenkin my\u00f6s se, mik\u00e4 tekee siit\u00e4 poikkeuksellisen stimuloivan ja ilahduttavan. Kun uppoudut marathin kieliopin lumoavaan maailmaan, paljastat paitsi kielen toiminnan my\u00f6s syvemm\u00e4n ymm\u00e4rryksen kulttuurista, historiasta ja viisaudesta, jota se ilment\u00e4\u00e4.<\/p>\n\n\n\n<p>Joten miksi et l\u00e4htisi t\u00e4lle kielelliselle seikkailulle tutkimaan marathin kieliopin houkuttelevia syvyyksi\u00e4 ja paljastamaan sen lukemattomia mysteerej\u00e4 ja vivahteita, jotka odottavat hallintaa? Oppimisen <a href=\"https:\/\/talkpal.ai\/locations\/language-courses-in-ilo\/\">ilo<\/a> ja marathin kieliopin hienouksien ymm\u00e4rt\u00e4misen ilo ovat vain muutaman hetken p\u00e4\u00e4ss\u00e4!<\/p>\n<\/div><\/div>\n\r\n<section class=\"learnNavigationSection\">\r\n            \r\n        <a href=\"https:\/\/talkpal.ai\/fi\/opi-marathi\/\">\r\n            <div class=\"learnNavigationWrapper\">\r\n                <div class=\"learnNavigationContent\">\r\n                    <img decoding=\"async\" src=\"https:\/\/talkpal.ai\/wp-content\/uploads\/2023\/05\/Marathi-india.png\" alt=\"TalkPal Marathi Flag\">\r\n                    <div>\r\n                        <h4>Tietoja Marathi-oppimisesta<\/h4>\r\n                        <p>Tutustu marathin kielioppiin.<\/p>\r\n                    <\/div>\r\n                <\/div>\r\n            <\/div>\r\n        <\/a>\r\n\r\n        \r\n        <a href=\"https:\/\/talkpal.ai\/fi\/marathin-kielioppiharjoitukset\/\">\r\n            <div class=\"learnNavigationWrapper\">\r\n                <div class=\"learnNavigationContent\">\r\n                    <img decoding=\"async\" src=\"https:\/\/talkpal.ai\/wp-content\/uploads\/2023\/05\/Marathi-india.png\" alt=\"TalkPal Marathi Flag\">\r\n                    <div>\r\n                        <h4>Marathi kielioppi Harjoitus<\/h4>\r\n                        <p>Harjoittele marathin kielioppia.<\/p>\r\n                    <\/div>\r\n                <\/div>\r\n            <\/div>\r\n        <\/a>\r\n\r\n        \r\n        <a href=\"https:\/\/talkpal.ai\/vocabulary_language\/marathi\/\">\r\n            <div class=\"learnNavigationWrapper\">\r\n                <div class=\"learnNavigationContent\">\r\n                    <img decoding=\"async\" src=\"https:\/\/talkpal.ai\/wp-content\/uploads\/2023\/05\/Marathi-india.png\" alt=\"TalkPal Marathi Flag\">\r\n                    <div>\r\n                        <h4>Marathi sanasto<\/h4>\r\n                        <p>Laajenna marathi-sanastoa.<\/p>\r\n                    <\/div>\r\n                <\/div>\r\n            <\/div>\r\n        <\/a>\r\n\r\n            <\/section>","protected":false},"excerpt":{"rendered":"<p>Marathin kieliopin vieh\u00e4tys: sen mysteerien ja monimutkaisuuksien avaaminen Muistatko h\u00e4mment\u00e4v\u00e4n matkan englannin kieliopin oppimiseen, t\u00e4ynn\u00e4 monimutkaisia s\u00e4\u00e4nt\u00f6j\u00e4, poikkeuksia ja monimutkaista terminologiaa? Jos harkitset nyt marathin kielen opiskelua, valmistaudu yht\u00e4 mukaansatempaavaan tutustumiseen marathin kielioppiin. Marathi, indoarjalainen kieli, jota puhutaan p\u00e4\u00e4asiassa Intian Maharashtran osavaltiossa, ylpeilee rikkaalla perinteell\u00e4 ja ainutlaatuisilla kielellisill\u00e4 piirteill\u00e4. Kun sukellat marathin kieliopin mystiikkaan, paljastat [&hellip;]<\/p>\n","protected":false},"author":1,"featured_media":28507,"parent":0,"menu_order":0,"comment_status":"closed","ping_status":"closed","template":"LearningContentPage.php","meta":{"_acf_changed":false,"footnotes":""},"class_list":["post-147467","page","type-page","status-publish","has-post-thumbnail","hentry"],"acf":[],"yoast_head":"<!-- This site is optimized with the Yoast SEO Premium plugin v27.2 (Yoast SEO v27.2) - https:\/\/yoast.com\/product\/yoast-seo-premium-wordpress\/ -->\n<title>Marathin kielioppi - Talkpal<\/title>\n<meta name=\"description\" content=\"Tutustu marathin kieliopin kiehtovaan maailmaan ja tutustu sen ainutlaatuisiin s\u00e4\u00e4nt\u00f6ihin, fonetiikkaan ja taivutuksiin kielen oppimisessa.\" \/>\n<meta name=\"robots\" content=\"index, follow, max-snippet:-1, max-image-preview:large, max-video-preview:-1\" \/>\n<link rel=\"canonical\" href=\"https:\/\/talkpal.ai\/fi\/marathin-kielioppi\/\" \/>\n<meta property=\"og:locale\" content=\"fi_FI\" \/>\n<meta property=\"og:type\" content=\"article\" \/>\n<meta property=\"og:title\" content=\"Marathin kielioppi\" \/>\n<meta property=\"og:description\" content=\"Marathin kieliopin vieh\u00e4tys: sen mysteerien ja monimutkaisuuksien avaaminen Muistatko h\u00e4mment\u00e4v\u00e4n matkan englannin kieliopin oppimiseen, t\u00e4ynn\u00e4\" \/>\n<meta property=\"og:url\" content=\"https:\/\/talkpal.ai\/fi\/marathin-kielioppi\/\" \/>\n<meta property=\"og:site_name\" content=\"Talkpal\" \/>\n<meta property=\"article:publisher\" content=\"https:\/\/www.facebook.com\/profile.php?id=100090733639311\" \/>\n<meta property=\"article:modified_time\" content=\"2025-12-12T10:38:03+00:00\" \/>\n<meta property=\"og:image\" content=\"https:\/\/talkpal.ai\/wp-content\/uploads\/2023\/05\/Marathi-india.png\" \/>\n\t<meta property=\"og:image:width\" content=\"512\" \/>\n\t<meta property=\"og:image:height\" content=\"512\" \/>\n\t<meta property=\"og:image:type\" content=\"image\/png\" \/>\n<meta name=\"twitter:card\" content=\"summary_large_image\" \/>\n<meta name=\"twitter:site\" content=\"@talkpalai\" \/>\n<meta name=\"twitter:label1\" content=\"Arvioitu lukuaika\" \/>\n\t<meta name=\"twitter:data1\" content=\"2 minuuttia\" \/>\n<script type=\"application\/ld+json\" class=\"yoast-schema-graph\">{\"@context\":\"https:\/\/schema.org\",\"@graph\":[{\"@type\":\"WebPage\",\"@id\":\"https:\/\/talkpal.ai\/fi\/marathin-kielioppi\/\",\"url\":\"https:\/\/talkpal.ai\/fi\/marathin-kielioppi\/\",\"name\":\"Marathin kielioppi - Talkpal\",\"isPartOf\":{\"@id\":\"https:\/\/talkpal.ai\/fi\/#website\"},\"primaryImageOfPage\":{\"@id\":\"https:\/\/talkpal.ai\/fi\/marathin-kielioppi\/#primaryimage\"},\"image\":{\"@id\":\"https:\/\/talkpal.ai\/fi\/marathin-kielioppi\/#primaryimage\"},\"thumbnailUrl\":\"https:\/\/talkpal.ai\/wp-content\/uploads\/2023\/05\/Marathi-india.png\",\"datePublished\":\"2023-05-14T14:12:07+00:00\",\"dateModified\":\"2025-12-12T10:38:03+00:00\",\"description\":\"Tutustu marathin kieliopin kiehtovaan maailmaan ja tutustu sen ainutlaatuisiin s\u00e4\u00e4nt\u00f6ihin, fonetiikkaan ja taivutuksiin kielen oppimisessa.\",\"breadcrumb\":{\"@id\":\"https:\/\/talkpal.ai\/fi\/marathin-kielioppi\/#breadcrumb\"},\"inLanguage\":\"fi\",\"potentialAction\":[{\"@type\":\"ReadAction\",\"target\":[\"https:\/\/talkpal.ai\/fi\/marathin-kielioppi\/\"]}]},{\"@type\":\"ImageObject\",\"inLanguage\":\"fi\",\"@id\":\"https:\/\/talkpal.ai\/fi\/marathin-kielioppi\/#primaryimage\",\"url\":\"https:\/\/talkpal.ai\/wp-content\/uploads\/2023\/05\/Marathi-india.png\",\"contentUrl\":\"https:\/\/talkpal.ai\/wp-content\/uploads\/2023\/05\/Marathi-india.png\",\"width\":512,\"height\":512},{\"@type\":\"BreadcrumbList\",\"@id\":\"https:\/\/talkpal.ai\/fi\/marathin-kielioppi\/#breadcrumb\",\"itemListElement\":[{\"@type\":\"ListItem\",\"position\":1,\"name\":\"Homepage\",\"item\":\"https:\/\/talkpal.ai\/fi\/\"},{\"@type\":\"ListItem\",\"position\":2,\"name\":\"Marathin kielioppi\"}]},{\"@type\":\"WebSite\",\"@id\":\"https:\/\/talkpal.ai\/fi\/#website\",\"url\":\"https:\/\/talkpal.ai\/fi\/\",\"name\":\"Talkpal\",\"description\":\"AI Language Learning\",\"publisher\":{\"@id\":\"https:\/\/talkpal.ai\/fi\/#organization\"},\"alternateName\":\"Talkpal AI\",\"potentialAction\":[{\"@type\":\"SearchAction\",\"target\":{\"@type\":\"EntryPoint\",\"urlTemplate\":\"https:\/\/talkpal.ai\/fi\/?s={search_term_string}\"},\"query-input\":{\"@type\":\"PropertyValueSpecification\",\"valueRequired\":true,\"valueName\":\"search_term_string\"}}],\"inLanguage\":\"fi\"},{\"@type\":\"Organization\",\"@id\":\"https:\/\/talkpal.ai\/fi\/#organization\",\"name\":\"Talkpal, Inc.\",\"alternateName\":\"Talkpal AI\",\"url\":\"https:\/\/talkpal.ai\/fi\/\",\"logo\":{\"@type\":\"ImageObject\",\"inLanguage\":\"fi\",\"@id\":\"https:\/\/talkpal.ai\/fi\/#\/schema\/logo\/image\/\",\"url\":\"https:\/\/talkpal.ai\/wp-content\/uploads\/2024\/03\/Talkpal-Logo-Icon.png\",\"contentUrl\":\"https:\/\/talkpal.ai\/wp-content\/uploads\/2024\/03\/Talkpal-Logo-Icon.png\",\"width\":2880,\"height\":2880,\"caption\":\"Talkpal, Inc.\"},\"image\":{\"@id\":\"https:\/\/talkpal.ai\/fi\/#\/schema\/logo\/image\/\"},\"sameAs\":[\"https:\/\/www.facebook.com\/profile.php?id=100090733639311\",\"https:\/\/x.com\/talkpalai\",\"https:\/\/www.linkedin.com\/company\/talkpal\/\",\"https:\/\/www.youtube.com\/@TalkPal\/\",\"https:\/\/www.tiktok.com\/@talkpal\",\"https:\/\/www.instagram.com\/talkpal_ai\/\",\"https:\/\/www.crunchbase.com\/organization\/talkpal-9cde\",\"https:\/\/www.g2.com\/products\/talkpal-for-business\/\",\"https:\/\/www.trustpilot.com\/review\/talkpal.ai\",\"https:\/\/www.capterra.com\/p\/10006800\/TalkPal\/\"],\"description\":\"Talkpal is a language learning web and mobile education app, powered by the latest AI technologies, that provides engaging experiences to its customers in many different languages to help them improve their language skills. Users can chat about unlimited amount of topics with the app and use other modes to practice their language learning.\",\"email\":\"support@talkpal.ai\",\"legalName\":\"Talkpal, Inc.\",\"foundingDate\":\"2023-04-03\",\"duns\":\"118989042\",\"numberOfEmployees\":{\"@type\":\"QuantitativeValue\",\"minValue\":\"11\",\"maxValue\":\"50\"},\"publishingPrinciples\":\"https:\/\/talkpal.ai\/publishing-principles\/\",\"actionableFeedbackPolicy\":\"https:\/\/talkpal.ai\/actionable-feedback-policy\/\",\"correctionsPolicy\":\"https:\/\/talkpal.ai\/corrections-policy\/\",\"ethicsPolicy\":\"https:\/\/talkpal.ai\/ethics-policy\/\",\"diversityPolicy\":\"https:\/\/talkpal.ai\/diversity-policy\/\",\"diversityStaffingReport\":\"https:\/\/talkpal.ai\/diversity-policy\/\"}]}<\/script>\n<!-- \/ Yoast SEO Premium plugin. -->","yoast_head_json":{"title":"Marathin kielioppi - Talkpal","description":"Tutustu marathin kieliopin kiehtovaan maailmaan ja tutustu sen ainutlaatuisiin s\u00e4\u00e4nt\u00f6ihin, fonetiikkaan ja taivutuksiin kielen oppimisessa.","robots":{"index":"index","follow":"follow","max-snippet":"max-snippet:-1","max-image-preview":"max-image-preview:large","max-video-preview":"max-video-preview:-1"},"canonical":"https:\/\/talkpal.ai\/fi\/marathin-kielioppi\/","og_locale":"fi_FI","og_type":"article","og_title":"Marathin kielioppi","og_description":"Marathin kieliopin vieh\u00e4tys: sen mysteerien ja monimutkaisuuksien avaaminen Muistatko h\u00e4mment\u00e4v\u00e4n matkan englannin kieliopin oppimiseen, t\u00e4ynn\u00e4","og_url":"https:\/\/talkpal.ai\/fi\/marathin-kielioppi\/","og_site_name":"Talkpal","article_publisher":"https:\/\/www.facebook.com\/profile.php?id=100090733639311","article_modified_time":"2025-12-12T10:38:03+00:00","og_image":[{"width":512,"height":512,"url":"https:\/\/talkpal.ai\/wp-content\/uploads\/2023\/05\/Marathi-india.png","type":"image\/png"}],"twitter_card":"summary_large_image","twitter_site":"@talkpalai","twitter_misc":{"Arvioitu lukuaika":"2 minuuttia"},"schema":{"@context":"https:\/\/schema.org","@graph":[{"@type":"WebPage","@id":"https:\/\/talkpal.ai\/fi\/marathin-kielioppi\/","url":"https:\/\/talkpal.ai\/fi\/marathin-kielioppi\/","name":"Marathin kielioppi - Talkpal","isPartOf":{"@id":"https:\/\/talkpal.ai\/fi\/#website"},"primaryImageOfPage":{"@id":"https:\/\/talkpal.ai\/fi\/marathin-kielioppi\/#primaryimage"},"image":{"@id":"https:\/\/talkpal.ai\/fi\/marathin-kielioppi\/#primaryimage"},"thumbnailUrl":"https:\/\/talkpal.ai\/wp-content\/uploads\/2023\/05\/Marathi-india.png","datePublished":"2023-05-14T14:12:07+00:00","dateModified":"2025-12-12T10:38:03+00:00","description":"Tutustu marathin kieliopin kiehtovaan maailmaan ja tutustu sen ainutlaatuisiin s\u00e4\u00e4nt\u00f6ihin, fonetiikkaan ja taivutuksiin kielen oppimisessa.","breadcrumb":{"@id":"https:\/\/talkpal.ai\/fi\/marathin-kielioppi\/#breadcrumb"},"inLanguage":"fi","potentialAction":[{"@type":"ReadAction","target":["https:\/\/talkpal.ai\/fi\/marathin-kielioppi\/"]}]},{"@type":"ImageObject","inLanguage":"fi","@id":"https:\/\/talkpal.ai\/fi\/marathin-kielioppi\/#primaryimage","url":"https:\/\/talkpal.ai\/wp-content\/uploads\/2023\/05\/Marathi-india.png","contentUrl":"https:\/\/talkpal.ai\/wp-content\/uploads\/2023\/05\/Marathi-india.png","width":512,"height":512},{"@type":"BreadcrumbList","@id":"https:\/\/talkpal.ai\/fi\/marathin-kielioppi\/#breadcrumb","itemListElement":[{"@type":"ListItem","position":1,"name":"Homepage","item":"https:\/\/talkpal.ai\/fi\/"},{"@type":"ListItem","position":2,"name":"Marathin kielioppi"}]},{"@type":"WebSite","@id":"https:\/\/talkpal.ai\/fi\/#website","url":"https:\/\/talkpal.ai\/fi\/","name":"Talkpal","description":"AI Language Learning","publisher":{"@id":"https:\/\/talkpal.ai\/fi\/#organization"},"alternateName":"Talkpal AI","potentialAction":[{"@type":"SearchAction","target":{"@type":"EntryPoint","urlTemplate":"https:\/\/talkpal.ai\/fi\/?s={search_term_string}"},"query-input":{"@type":"PropertyValueSpecification","valueRequired":true,"valueName":"search_term_string"}}],"inLanguage":"fi"},{"@type":"Organization","@id":"https:\/\/talkpal.ai\/fi\/#organization","name":"Talkpal, Inc.","alternateName":"Talkpal AI","url":"https:\/\/talkpal.ai\/fi\/","logo":{"@type":"ImageObject","inLanguage":"fi","@id":"https:\/\/talkpal.ai\/fi\/#\/schema\/logo\/image\/","url":"https:\/\/talkpal.ai\/wp-content\/uploads\/2024\/03\/Talkpal-Logo-Icon.png","contentUrl":"https:\/\/talkpal.ai\/wp-content\/uploads\/2024\/03\/Talkpal-Logo-Icon.png","width":2880,"height":2880,"caption":"Talkpal, Inc."},"image":{"@id":"https:\/\/talkpal.ai\/fi\/#\/schema\/logo\/image\/"},"sameAs":["https:\/\/www.facebook.com\/profile.php?id=100090733639311","https:\/\/x.com\/talkpalai","https:\/\/www.linkedin.com\/company\/talkpal\/","https:\/\/www.youtube.com\/@TalkPal\/","https:\/\/www.tiktok.com\/@talkpal","https:\/\/www.instagram.com\/talkpal_ai\/","https:\/\/www.crunchbase.com\/organization\/talkpal-9cde","https:\/\/www.g2.com\/products\/talkpal-for-business\/","https:\/\/www.trustpilot.com\/review\/talkpal.ai","https:\/\/www.capterra.com\/p\/10006800\/TalkPal\/"],"description":"Talkpal is a language learning web and mobile education app, powered by the latest AI technologies, that provides engaging experiences to its customers in many different languages to help them improve their language skills. Users can chat about unlimited amount of topics with the app and use other modes to practice their language learning.","email":"support@talkpal.ai","legalName":"Talkpal, Inc.","foundingDate":"2023-04-03","duns":"118989042","numberOfEmployees":{"@type":"QuantitativeValue","minValue":"11","maxValue":"50"},"publishingPrinciples":"https:\/\/talkpal.ai\/publishing-principles\/","actionableFeedbackPolicy":"https:\/\/talkpal.ai\/actionable-feedback-policy\/","correctionsPolicy":"https:\/\/talkpal.ai\/corrections-policy\/","ethicsPolicy":"https:\/\/talkpal.ai\/ethics-policy\/","diversityPolicy":"https:\/\/talkpal.ai\/diversity-policy\/","diversityStaffingReport":"https:\/\/talkpal.ai\/diversity-policy\/"}]}},"_links":{"self":[{"href":"https:\/\/talkpal.ai\/fi\/wp-json\/wp\/v2\/pages\/147467","targetHints":{"allow":["GET"]}}],"collection":[{"href":"https:\/\/talkpal.ai\/fi\/wp-json\/wp\/v2\/pages"}],"about":[{"href":"https:\/\/talkpal.ai\/fi\/wp-json\/wp\/v2\/types\/page"}],"author":[{"embeddable":true,"href":"https:\/\/talkpal.ai\/fi\/wp-json\/wp\/v2\/users\/1"}],"replies":[{"embeddable":true,"href":"https:\/\/talkpal.ai\/fi\/wp-json\/wp\/v2\/comments?post=147467"}],"version-history":[{"count":0,"href":"https:\/\/talkpal.ai\/fi\/wp-json\/wp\/v2\/pages\/147467\/revisions"}],"wp:featuredmedia":[{"embeddable":true,"href":"https:\/\/talkpal.ai\/fi\/wp-json\/wp\/v2\/media\/28507"}],"wp:attachment":[{"href":"https:\/\/talkpal.ai\/fi\/wp-json\/wp\/v2\/media?parent=147467"}],"curies":[{"name":"wp","href":"https:\/\/api.w.org\/{rel}","templated":true}]}}