{"id":147138,"date":"2023-05-14T14:11:47","date_gmt":"2023-05-14T14:11:47","guid":{"rendered":"http:\/\/talkpal.ai\/malaijin-kielioppi\/"},"modified":"2025-12-17T16:41:35","modified_gmt":"2025-12-17T16:41:35","slug":"malaijin-kielioppi","status":"publish","type":"page","link":"https:\/\/talkpal.ai\/fi\/malaijin-kielioppi\/","title":{"rendered":"Malaijin kielioppi"},"content":{"rendered":"\r\n\r\n\r\n<section class=\"languageChallengeSection\">\r\n    <div class=\"languageInfoWrapper\">\r\n        \r\n        <h1>Malaijin kielioppi<\/h1>\r\n        <p>Oletko utelias oppimaan malaijin kielt\u00e4? Tutustu malaijin kielioppiin, joka on tunnettu suoraviivaisista s\u00e4\u00e4nn\u00f6ist\u00e4, verbien konjugoinnin puutteesta ja affiksien k\u00e4yt\u00f6st\u00e4 merkityksen luomisessa. Aloita jo t\u00e4n\u00e4\u00e4n &#8211; malaijin kieliopin hallitseminen antaa sinulle itsevarmuutta kommunikoida helposti ja avaa ovet Kaakkois-Aasian monimuotoisiin ja dynaamisiin kulttuureihin!<\/p>\r\n\r\n                            <a class=\"getStartedHidden\" href=\"https:\/\/app.talkpal.ai\/fi\/signup?lng=\">Aloita<\/a>\r\n        \r\n    <\/div>\r\n\r\n    <figure>\r\n    <img decoding=\"async\" width=\"768\" height=\"768\" src=\"https:\/\/talkpal.ai\/wp-content\/uploads\/2023\/06\/malay-768x768.png\" class=\"languageImage no-lazy\" alt=\"Default alt text\" fetchpriority=\"high\" sizes=\"(max-width: 768px) 150px, 768px\" srcset=\"https:\/\/talkpal.ai\/wp-content\/uploads\/2023\/06\/malay-768x768.png 768w, https:\/\/talkpal.ai\/wp-content\/uploads\/2023\/06\/malay-300x300.png 300w\" \/>\r\n    \r\n\r\n    <\/figure>\r\n\r\n            <a class=\"getStartedVisible\" href=\"https:\/\/app.talkpal.ai\/fi\/signup?lng=\">Aloita<\/a>\r\n    \r\n<\/section>\r\n        <section class=\"grammarSection\">\r\n            <div class=\"grammarLinks\">\r\n                <a href=\"https:\/\/talkpal.ai\/fi\/language\/adjektiivit-malaiijin-kielioppi\/\">Adjektiivit <\/a><a href=\"https:\/\/talkpal.ai\/fi\/language\/adverbit-malaijin-kielioppi\/\">Adverbit <\/a><a href=\"https:\/\/talkpal.ai\/fi\/language\/aikamuodot-malaijin-kielioppi\/\">Aikamuodot <\/a><a href=\"https:\/\/talkpal.ai\/fi\/language\/aikamuotojen-vertailu-malaijilainen-kielioppi\/\">Aikamuotojen vertailu <\/a><a href=\"https:\/\/talkpal.ai\/fi\/language\/artikkelit-malaiijin-kielioppi\/\">Artikkelit <\/a><a href=\"https:\/\/talkpal.ai\/fi\/language\/konditionaalit-malaijilainen-kielioppi\/\">Konditionaalit <\/a><a href=\"https:\/\/talkpal.ai\/fi\/language\/lauseet-malaijilainen-kielioppi\/\">Lauseet <\/a><a href=\"https:\/\/talkpal.ai\/fi\/language\/prepositiot-malaijilainen-kielioppi\/\">Prepositiot <\/a><a href=\"https:\/\/talkpal.ai\/fi\/language\/progressiivinen-malaijin-kielioppi\/\">Progressiivinen <\/a><a href=\"https:\/\/talkpal.ai\/fi\/language\/pronominit-determinerit-malaijilainen-kielioppi\/\">Pronominit\/Determinerit <\/a><a href=\"https:\/\/talkpal.ai\/fi\/language\/substantiivit-malaijin-kielioppi\/\">Substantiivit <\/a><a href=\"https:\/\/talkpal.ai\/fi\/language\/taydellinen-progressiivinen-malaijin-kielioppi\/\">T\u00e4ydellinen progressiivinen <\/a><a href=\"https:\/\/talkpal.ai\/fi\/language\/verbit-malaijin-kielioppi\/\">Verbit <\/a>            <\/div>\r\n        <\/section>\r\n    <section class=\"promotionalBanner\">\r\n    <p class=\"promotionalText\">Tehokkain tapa oppia kielt\u00e4<\/p>\r\n    <a class=\"promotionalLink\" href=\"https:\/\/app.talkpal.ai\/fi\/signup?lng=\">Kokeile Talkpal ilmaiseksi<\/a>\r\n<\/section>\n<div class=\"wp-block-group pageContainerStyle\"><div class=\"wp-block-group__inner-container is-layout-constrained wp-block-group-is-layout-constrained\">\n<h2 class=\"wp-block-heading\" id=\"h-malay-grammar-exploring-the-richness-of-bahasa-melayu\">Malaijin kielioppi: Bahasa Melayun rikkauden tutkiminen<\/h2>\n\n\n\n<p>Malaijin kieli eli <a href=\"https:\/\/talkpal.ai\/ms\/belajar-bahasa-melayu\/\">Bahasa Melayu<\/a> on yksi maailman puhutuimmista kielist\u00e4, ja se yhdist\u00e4\u00e4 Malesian, <a href=\"https:\/\/talkpal.ai\/learn-indonesian\/\">Indonesian<\/a>, Brunein ja Singaporen erilaisia kansoja. Kun syvennyt malaijin opiskeluun, huomaat nopeasti sen kieliopin kauneuden ja kasvavan kielimaiseman. T\u00e4m\u00e4n artikkelin tarkoituksena on esitell\u00e4 sinulle malaijin kieliopin perusperiaatteet ja opastaa sinua ymm\u00e4rt\u00e4m\u00e4\u00e4n ja arvostamaan t\u00e4t\u00e4 monipuolista kielt\u00e4 paremmin.<\/p>\n\n\n\n<h3 class=\"wp-block-heading\" id=\"h-1-nouns-simplicity-rules\">1. Substantiivit &#8211; yksinkertaisuuden s\u00e4\u00e4nn\u00f6t<\/h3>\n\n\n\n<p>Toisin kuin muissa kieliss\u00e4, <a href=\"https:\/\/talkpal.ai\/fi\/grammar\/ehdotetut-artikkelit-malaijin-kielioppissa\/\">malaijin kielioppi<\/a> ei sis\u00e4ll\u00e4 deklinaatioita <a href=\"https:\/\/talkpal.ai\/learn-thai\/\">tai<\/a> sukupuoliluokituksia substantiivien osalta. Sen sijaan substantiivien k\u00e4ytt\u00f6 korostaa voimakkaasti yksinkertaisuutta. Substantiivien monikkomuodot luodaan vain monistamalla niit\u00e4. Kuulostaa helpolta, eik\u00f6? Esimerkiksi &#8221;omena&#8221; on &#8221;buah epal&#8221;, joten &#8221;omenasta&#8221; tulee &#8221;buah-buah epal&#8221;. Voit poistaa p\u00e4\u00e4llekk\u00e4isyyden ep\u00e4virallisessa puheessa.<\/p>\n\n\n\n<h3 class=\"wp-block-heading\" id=\"h-2-adjectives-straightforward-descriptions\">2. Adjektiivit &#8211; suoraviivaiset kuvaukset<\/h3>\n\n\n\n<p>Malaijin adjektiivit pysyv\u00e4t muuttumattomina riippumatta siit\u00e4, mit\u00e4 substantiivia ne kuvaavat, joten niit\u00e4 on uskomattoman helppo k\u00e4ytt\u00e4\u00e4 &#8211; j\u00e4lleen yksi osoitus kielen yksinkertaisuudesta. Adjektiivin sijoitus tulee substantiivin j\u00e4lkeen, mik\u00e4 luo miellytt\u00e4v\u00e4n virtauksen lauseissa. Esimerkiksi &#8221;iso talo&#8221; on &#8221;rumah besar&#8221;, jossa &#8221;rumah&#8221; tarkoittaa &#8221;taloa&#8221; ja &#8221;besar&#8221; &#8221;suurta&#8221;.<\/p>\n\n\n\n<h3 class=\"wp-block-heading\" id=\"h-3-verbs-the-magic-of-prefixes-and-suffixes\">3. Verbit &#8211; etuliitteiden ja j\u00e4lkiliitteiden taika<\/h3>\n\n\n\n<p>Malaijin verbien monipuolisuus on sek\u00e4 j\u00e4nnitt\u00e4v\u00e4\u00e4 ett\u00e4 suoraviivaista. Bahasa Melayussa aikamuotoja ei ilmaista nimenomaisesti verbimuotojen avulla, vaan ne ilmaistaan asiayhteyden tai aikamerkkien avulla. Lis\u00e4ksi <a href=\"https:\/\/talkpal.ai\/learn-malay\/\">malaiji<\/a> k\u00e4ytt\u00e4\u00e4 laajasti etuliitteit\u00e4 ja j\u00e4lkiliitteit\u00e4 ilmaisemaan erilaisia verbiaspekteja.<\/p>\n\n\n\n<p>Ensisijaisia etuliitteit\u00e4 on kolme: &#8221;meN-&#8221;, &#8221;ber-&#8221; ja &#8221;ter-&#8221;. Etuliitteell\u00e4 &#8221;meN-&#8221; on monenlaisia k\u00e4ytt\u00f6tarkoituksia, kuten aktiiviverbien muodostaminen ja kausatiivisten toimien merkitseminen. Samalla &#8221;ber-&#8221; tarkoittaa intransitiivista toimintaa, ja &#8221;ter-&#8221; tarkoittaa satunnaisia tapahtumia tai passiivista toimintaa. On t\u00e4rke\u00e4\u00e4 huomata, ett\u00e4 jokainen etuliite voi aiheuttaa pieni\u00e4 muutoksia perusverbin oikeinkirjoitukseen.<\/p>\n\n\n\n<p>Suffiksit, kuten &#8221;-kan&#8221; ja &#8221;-i&#8221;, auttavat antamaan lis\u00e4\u00e4 spesifisyytt\u00e4, kun taas infiksi &#8221;-el-&#8221; lis\u00e4\u00e4 intensiteetti\u00e4 perusverbiin.<\/p>\n\n\n\n<h3 class=\"wp-block-heading\" id=\"h-4-prepositions-amp-particles-adding-flavor-to-sentences\">4. Prepositiot ja hiukkaset &#8211; maun lis\u00e4\u00e4minen lauseisiin<\/h3>\n\n\n\n<p>Prepositioilla ja partikkeleilla on t\u00e4rke\u00e4 rooli malaijin kieliopissa, sill\u00e4 ne toimivat kielellisen\u00e4 liimana ja tarjoavat olennaisen kontekstin. <a href=\"https:\/\/talkpal.ai\/fi\/grammar\/kohdan-kannadan-kieliopissa-prepositiot\/\">Prepositiot<\/a>, kuten &#8221;di&#8221; (at), &#8221;ke&#8221; (to) ja &#8221;dari&#8221; (from), auttavat luomaan suhteita sanojen v\u00e4lille. Toisaalta partikkeleita, kuten &#8221;lah&#8221;, &#8221;kah&#8221; ja &#8221;pun&#8221;, k\u00e4ytet\u00e4\u00e4n lis\u00e4\u00e4m\u00e4\u00e4n lauseisiin painotuksia, tunteita ja kysymysmerkkej\u00e4.<\/p>\n\n\n\n<p>Esimerkiksi lauseesta &#8221;Kamu pergi sana&#8221;, joka tarkoittaa &#8221;Sin\u00e4 menet sinne&#8221;, tulee painokkaampi, jos lis\u00e4\u00e4t loppuun &#8221;lah&#8221;: &#8221;Kamu pergi sana lah.&#8221; Se tarkoittaa nyt &#8221;Mene sinne (juuri nyt)&#8221;.<\/p>\n\n\n\n<h3 class=\"wp-block-heading\" id=\"h-5-embracing-the-journey\">5. Matkan syleily<\/h3>\n\n\n\n<p>Vaikka <a href=\"https:\/\/talkpal.ai\/fi\/grammar\/ehdotetut-artikkelit-malaijin-kielioppissa\/\">malaijin kielioppi<\/a> saattaa tuntua suoraviivaiselta verrattuna muihin kieliin, sen kauneus piilee yksinkertaisten s\u00e4\u00e4nt\u00f6jen avulla saavutettujen ilmaisujen rikkaudessa ja moninaisuudessa. Malaijin kieliopin oppimisen helppous antaa sinulle mahdollisuuden osallistua monipuoliseen malaijinkieliseen maailmaan tehokkaammin ja uppoutua sen ainutlaatuiseen kulttuuriin.<\/p>\n\n\n\n<p>Ennen kuin sukellat p\u00e4\u00e4 edell\u00e4 Bahasa Melayun maailmaan, muista, ett\u00e4 matka ei v\u00e4ltt\u00e4m\u00e4tt\u00e4 aina suju ongelmitta. Pid\u00e4 mieli avoimena, ole tekemisiss\u00e4 \u00e4idinkielen\u00e4\u00e4n puhuvien kanssa ja mik\u00e4 t\u00e4rkeint\u00e4, nauti kokemuksesta l\u00f6yt\u00e4\u00e4 t\u00e4m\u00e4n kauniin kielen vivahteet. Selamat belajar \u2013 hyv\u00e4\u00e4 oppimista!<\/p>\n<\/div><\/div>\n\r\n<section class=\"learnNavigationSection\">\r\n            \r\n        <a href=\"https:\/\/talkpal.ai\/fi\/opi-malaijiksi\/\">\r\n            <div class=\"learnNavigationWrapper\">\r\n                <div class=\"learnNavigationContent\">\r\n                    <img decoding=\"async\" src=\"https:\/\/talkpal.ai\/wp-content\/uploads\/2024\/08\/Malay.jpg\" alt=\"Malaysian Flag\">\r\n                    <div>\r\n                        <h4>Tietoa malaijin oppimisesta<\/h4>\r\n                        <p>Tutustu malaijin kielioppiin.<\/p>\r\n                    <\/div>\r\n                <\/div>\r\n            <\/div>\r\n        <\/a>\r\n\r\n        \r\n        <a href=\"https:\/\/talkpal.ai\/fi\/malaijin-kielioppiharjoitukset\/\">\r\n            <div class=\"learnNavigationWrapper\">\r\n                <div class=\"learnNavigationContent\">\r\n                    <img decoding=\"async\" src=\"https:\/\/talkpal.ai\/wp-content\/uploads\/2024\/08\/Malay.jpg\" alt=\"Malaysian Flag\">\r\n                    <div>\r\n                        <h4>Malaijin kielioppiharjoitus<\/h4>\r\n                        <p>Harjoittele malaijin kielioppia<\/p>\r\n                    <\/div>\r\n                <\/div>\r\n            <\/div>\r\n        <\/a>\r\n\r\n        \r\n        <a href=\"https:\/\/talkpal.ai\/vocabulary_language\/malay\/\">\r\n            <div class=\"learnNavigationWrapper\">\r\n                <div class=\"learnNavigationContent\">\r\n                    <img decoding=\"async\" src=\"https:\/\/talkpal.ai\/wp-content\/uploads\/2024\/08\/Malay.jpg\" alt=\"Malaysian Flag\">\r\n                    <div>\r\n                        <h4>Malaijin sanasto<\/h4>\r\n                        <p>Laajenna malaijin sanavarastoasi.<\/p>\r\n                    <\/div>\r\n                <\/div>\r\n            <\/div>\r\n        <\/a>\r\n\r\n            <\/section>","protected":false},"excerpt":{"rendered":"<p>Malaijin kielioppi: Bahasa Melayun rikkauden tutkiminen Malaijin kieli eli Bahasa Melayu on yksi maailman puhutuimmista kielist\u00e4, ja se yhdist\u00e4\u00e4 Malesian, Indonesian, Brunein ja Singaporen erilaisia kansoja. Kun syvennyt malaijin opiskeluun, huomaat nopeasti sen kieliopin kauneuden ja kasvavan kielimaiseman. T\u00e4m\u00e4n artikkelin tarkoituksena on esitell\u00e4 sinulle malaijin kieliopin perusperiaatteet ja opastaa sinua ymm\u00e4rt\u00e4m\u00e4\u00e4n ja arvostamaan t\u00e4t\u00e4 monipuolista [&hellip;]<\/p>\n","protected":false},"author":1,"featured_media":28475,"parent":0,"menu_order":0,"comment_status":"closed","ping_status":"closed","template":"LearningContentPage.php","meta":{"_acf_changed":false,"footnotes":""},"class_list":["post-147138","page","type-page","status-publish","has-post-thumbnail","hentry"],"acf":[],"yoast_head":"<!-- This site is optimized with the Yoast SEO Premium plugin v27.2 (Yoast SEO v27.2) - https:\/\/yoast.com\/product\/yoast-seo-premium-wordpress\/ -->\n<title>Malaijin kielioppi - Talkpal<\/title>\n<meta name=\"description\" content=\"Tutustu malaijin kielioppiin ja opi, miten sen yksinkertaisuus voi parantaa malaijin kielen ymm\u00e4rt\u00e4mist\u00e4.\" \/>\n<meta name=\"robots\" content=\"index, follow, max-snippet:-1, max-image-preview:large, max-video-preview:-1\" \/>\n<link rel=\"canonical\" href=\"https:\/\/talkpal.ai\/fi\/malaijin-kielioppi\/\" \/>\n<meta property=\"og:locale\" content=\"fi_FI\" \/>\n<meta property=\"og:type\" content=\"article\" \/>\n<meta property=\"og:title\" content=\"Malaijin kielioppi\" \/>\n<meta property=\"og:description\" content=\"Malaijin kielioppi: Bahasa Melayun rikkauden tutkiminen Malaijin kieli eli Bahasa Melayu on yksi maailman puhutuimmista kielist\u00e4, ja se yhdist\u00e4\u00e4 Malesian,\" \/>\n<meta property=\"og:url\" content=\"https:\/\/talkpal.ai\/fi\/malaijin-kielioppi\/\" \/>\n<meta property=\"og:site_name\" content=\"Talkpal\" \/>\n<meta property=\"article:publisher\" content=\"https:\/\/www.facebook.com\/profile.php?id=100090733639311\" \/>\n<meta property=\"article:modified_time\" content=\"2025-12-17T16:41:35+00:00\" \/>\n<meta property=\"og:image\" content=\"https:\/\/talkpal.ai\/wp-content\/uploads\/2023\/05\/malaysia.png\" \/>\n\t<meta property=\"og:image:width\" content=\"512\" \/>\n\t<meta property=\"og:image:height\" content=\"512\" \/>\n\t<meta property=\"og:image:type\" content=\"image\/png\" \/>\n<meta name=\"twitter:card\" content=\"summary_large_image\" \/>\n<meta name=\"twitter:site\" content=\"@talkpalai\" \/>\n<meta name=\"twitter:label1\" content=\"Arvioitu lukuaika\" \/>\n\t<meta name=\"twitter:data1\" content=\"2 minuuttia\" \/>\n<script type=\"application\/ld+json\" class=\"yoast-schema-graph\">{\"@context\":\"https:\/\/schema.org\",\"@graph\":[{\"@type\":\"WebPage\",\"@id\":\"https:\/\/talkpal.ai\/fi\/malaijin-kielioppi\/\",\"url\":\"https:\/\/talkpal.ai\/fi\/malaijin-kielioppi\/\",\"name\":\"Malaijin kielioppi - Talkpal\",\"isPartOf\":{\"@id\":\"https:\/\/talkpal.ai\/fi\/#website\"},\"primaryImageOfPage\":{\"@id\":\"https:\/\/talkpal.ai\/fi\/malaijin-kielioppi\/#primaryimage\"},\"image\":{\"@id\":\"https:\/\/talkpal.ai\/fi\/malaijin-kielioppi\/#primaryimage\"},\"thumbnailUrl\":\"https:\/\/talkpal.ai\/wp-content\/uploads\/2023\/05\/malaysia.png\",\"datePublished\":\"2023-05-14T14:11:47+00:00\",\"dateModified\":\"2025-12-17T16:41:35+00:00\",\"description\":\"Tutustu malaijin kielioppiin ja opi, miten sen yksinkertaisuus voi parantaa malaijin kielen ymm\u00e4rt\u00e4mist\u00e4.\",\"breadcrumb\":{\"@id\":\"https:\/\/talkpal.ai\/fi\/malaijin-kielioppi\/#breadcrumb\"},\"inLanguage\":\"fi\",\"potentialAction\":[{\"@type\":\"ReadAction\",\"target\":[\"https:\/\/talkpal.ai\/fi\/malaijin-kielioppi\/\"]}]},{\"@type\":\"ImageObject\",\"inLanguage\":\"fi\",\"@id\":\"https:\/\/talkpal.ai\/fi\/malaijin-kielioppi\/#primaryimage\",\"url\":\"https:\/\/talkpal.ai\/wp-content\/uploads\/2023\/05\/malaysia.png\",\"contentUrl\":\"https:\/\/talkpal.ai\/wp-content\/uploads\/2023\/05\/malaysia.png\",\"width\":512,\"height\":512},{\"@type\":\"BreadcrumbList\",\"@id\":\"https:\/\/talkpal.ai\/fi\/malaijin-kielioppi\/#breadcrumb\",\"itemListElement\":[{\"@type\":\"ListItem\",\"position\":1,\"name\":\"Homepage\",\"item\":\"https:\/\/talkpal.ai\/fi\/\"},{\"@type\":\"ListItem\",\"position\":2,\"name\":\"Malaijin kielioppi\"}]},{\"@type\":\"WebSite\",\"@id\":\"https:\/\/talkpal.ai\/fi\/#website\",\"url\":\"https:\/\/talkpal.ai\/fi\/\",\"name\":\"Talkpal\",\"description\":\"AI Language Learning\",\"publisher\":{\"@id\":\"https:\/\/talkpal.ai\/fi\/#organization\"},\"alternateName\":\"Talkpal AI\",\"potentialAction\":[{\"@type\":\"SearchAction\",\"target\":{\"@type\":\"EntryPoint\",\"urlTemplate\":\"https:\/\/talkpal.ai\/fi\/?s={search_term_string}\"},\"query-input\":{\"@type\":\"PropertyValueSpecification\",\"valueRequired\":true,\"valueName\":\"search_term_string\"}}],\"inLanguage\":\"fi\"},{\"@type\":\"Organization\",\"@id\":\"https:\/\/talkpal.ai\/fi\/#organization\",\"name\":\"Talkpal, Inc.\",\"alternateName\":\"Talkpal AI\",\"url\":\"https:\/\/talkpal.ai\/fi\/\",\"logo\":{\"@type\":\"ImageObject\",\"inLanguage\":\"fi\",\"@id\":\"https:\/\/talkpal.ai\/fi\/#\/schema\/logo\/image\/\",\"url\":\"https:\/\/talkpal.ai\/wp-content\/uploads\/2024\/03\/Talkpal-Logo-Icon.png\",\"contentUrl\":\"https:\/\/talkpal.ai\/wp-content\/uploads\/2024\/03\/Talkpal-Logo-Icon.png\",\"width\":2880,\"height\":2880,\"caption\":\"Talkpal, Inc.\"},\"image\":{\"@id\":\"https:\/\/talkpal.ai\/fi\/#\/schema\/logo\/image\/\"},\"sameAs\":[\"https:\/\/www.facebook.com\/profile.php?id=100090733639311\",\"https:\/\/x.com\/talkpalai\",\"https:\/\/www.linkedin.com\/company\/talkpal\/\",\"https:\/\/www.youtube.com\/@TalkPal\/\",\"https:\/\/www.tiktok.com\/@talkpal\",\"https:\/\/www.instagram.com\/talkpal_ai\/\",\"https:\/\/www.crunchbase.com\/organization\/talkpal-9cde\",\"https:\/\/www.g2.com\/products\/talkpal-for-business\/\",\"https:\/\/www.trustpilot.com\/review\/talkpal.ai\",\"https:\/\/www.capterra.com\/p\/10006800\/TalkPal\/\"],\"description\":\"Talkpal is a language learning web and mobile education app, powered by the latest AI technologies, that provides engaging experiences to its customers in many different languages to help them improve their language skills. Users can chat about unlimited amount of topics with the app and use other modes to practice their language learning.\",\"email\":\"support@talkpal.ai\",\"legalName\":\"Talkpal, Inc.\",\"foundingDate\":\"2023-04-03\",\"duns\":\"118989042\",\"numberOfEmployees\":{\"@type\":\"QuantitativeValue\",\"minValue\":\"11\",\"maxValue\":\"50\"},\"publishingPrinciples\":\"https:\/\/talkpal.ai\/publishing-principles\/\",\"actionableFeedbackPolicy\":\"https:\/\/talkpal.ai\/actionable-feedback-policy\/\",\"correctionsPolicy\":\"https:\/\/talkpal.ai\/corrections-policy\/\",\"ethicsPolicy\":\"https:\/\/talkpal.ai\/ethics-policy\/\",\"diversityPolicy\":\"https:\/\/talkpal.ai\/diversity-policy\/\",\"diversityStaffingReport\":\"https:\/\/talkpal.ai\/diversity-policy\/\"}]}<\/script>\n<!-- \/ Yoast SEO Premium plugin. -->","yoast_head_json":{"title":"Malaijin kielioppi - Talkpal","description":"Tutustu malaijin kielioppiin ja opi, miten sen yksinkertaisuus voi parantaa malaijin kielen ymm\u00e4rt\u00e4mist\u00e4.","robots":{"index":"index","follow":"follow","max-snippet":"max-snippet:-1","max-image-preview":"max-image-preview:large","max-video-preview":"max-video-preview:-1"},"canonical":"https:\/\/talkpal.ai\/fi\/malaijin-kielioppi\/","og_locale":"fi_FI","og_type":"article","og_title":"Malaijin kielioppi","og_description":"Malaijin kielioppi: Bahasa Melayun rikkauden tutkiminen Malaijin kieli eli Bahasa Melayu on yksi maailman puhutuimmista kielist\u00e4, ja se yhdist\u00e4\u00e4 Malesian,","og_url":"https:\/\/talkpal.ai\/fi\/malaijin-kielioppi\/","og_site_name":"Talkpal","article_publisher":"https:\/\/www.facebook.com\/profile.php?id=100090733639311","article_modified_time":"2025-12-17T16:41:35+00:00","og_image":[{"width":512,"height":512,"url":"https:\/\/talkpal.ai\/wp-content\/uploads\/2023\/05\/malaysia.png","type":"image\/png"}],"twitter_card":"summary_large_image","twitter_site":"@talkpalai","twitter_misc":{"Arvioitu lukuaika":"2 minuuttia"},"schema":{"@context":"https:\/\/schema.org","@graph":[{"@type":"WebPage","@id":"https:\/\/talkpal.ai\/fi\/malaijin-kielioppi\/","url":"https:\/\/talkpal.ai\/fi\/malaijin-kielioppi\/","name":"Malaijin kielioppi - Talkpal","isPartOf":{"@id":"https:\/\/talkpal.ai\/fi\/#website"},"primaryImageOfPage":{"@id":"https:\/\/talkpal.ai\/fi\/malaijin-kielioppi\/#primaryimage"},"image":{"@id":"https:\/\/talkpal.ai\/fi\/malaijin-kielioppi\/#primaryimage"},"thumbnailUrl":"https:\/\/talkpal.ai\/wp-content\/uploads\/2023\/05\/malaysia.png","datePublished":"2023-05-14T14:11:47+00:00","dateModified":"2025-12-17T16:41:35+00:00","description":"Tutustu malaijin kielioppiin ja opi, miten sen yksinkertaisuus voi parantaa malaijin kielen ymm\u00e4rt\u00e4mist\u00e4.","breadcrumb":{"@id":"https:\/\/talkpal.ai\/fi\/malaijin-kielioppi\/#breadcrumb"},"inLanguage":"fi","potentialAction":[{"@type":"ReadAction","target":["https:\/\/talkpal.ai\/fi\/malaijin-kielioppi\/"]}]},{"@type":"ImageObject","inLanguage":"fi","@id":"https:\/\/talkpal.ai\/fi\/malaijin-kielioppi\/#primaryimage","url":"https:\/\/talkpal.ai\/wp-content\/uploads\/2023\/05\/malaysia.png","contentUrl":"https:\/\/talkpal.ai\/wp-content\/uploads\/2023\/05\/malaysia.png","width":512,"height":512},{"@type":"BreadcrumbList","@id":"https:\/\/talkpal.ai\/fi\/malaijin-kielioppi\/#breadcrumb","itemListElement":[{"@type":"ListItem","position":1,"name":"Homepage","item":"https:\/\/talkpal.ai\/fi\/"},{"@type":"ListItem","position":2,"name":"Malaijin kielioppi"}]},{"@type":"WebSite","@id":"https:\/\/talkpal.ai\/fi\/#website","url":"https:\/\/talkpal.ai\/fi\/","name":"Talkpal","description":"AI Language Learning","publisher":{"@id":"https:\/\/talkpal.ai\/fi\/#organization"},"alternateName":"Talkpal AI","potentialAction":[{"@type":"SearchAction","target":{"@type":"EntryPoint","urlTemplate":"https:\/\/talkpal.ai\/fi\/?s={search_term_string}"},"query-input":{"@type":"PropertyValueSpecification","valueRequired":true,"valueName":"search_term_string"}}],"inLanguage":"fi"},{"@type":"Organization","@id":"https:\/\/talkpal.ai\/fi\/#organization","name":"Talkpal, Inc.","alternateName":"Talkpal AI","url":"https:\/\/talkpal.ai\/fi\/","logo":{"@type":"ImageObject","inLanguage":"fi","@id":"https:\/\/talkpal.ai\/fi\/#\/schema\/logo\/image\/","url":"https:\/\/talkpal.ai\/wp-content\/uploads\/2024\/03\/Talkpal-Logo-Icon.png","contentUrl":"https:\/\/talkpal.ai\/wp-content\/uploads\/2024\/03\/Talkpal-Logo-Icon.png","width":2880,"height":2880,"caption":"Talkpal, Inc."},"image":{"@id":"https:\/\/talkpal.ai\/fi\/#\/schema\/logo\/image\/"},"sameAs":["https:\/\/www.facebook.com\/profile.php?id=100090733639311","https:\/\/x.com\/talkpalai","https:\/\/www.linkedin.com\/company\/talkpal\/","https:\/\/www.youtube.com\/@TalkPal\/","https:\/\/www.tiktok.com\/@talkpal","https:\/\/www.instagram.com\/talkpal_ai\/","https:\/\/www.crunchbase.com\/organization\/talkpal-9cde","https:\/\/www.g2.com\/products\/talkpal-for-business\/","https:\/\/www.trustpilot.com\/review\/talkpal.ai","https:\/\/www.capterra.com\/p\/10006800\/TalkPal\/"],"description":"Talkpal is a language learning web and mobile education app, powered by the latest AI technologies, that provides engaging experiences to its customers in many different languages to help them improve their language skills. Users can chat about unlimited amount of topics with the app and use other modes to practice their language learning.","email":"support@talkpal.ai","legalName":"Talkpal, Inc.","foundingDate":"2023-04-03","duns":"118989042","numberOfEmployees":{"@type":"QuantitativeValue","minValue":"11","maxValue":"50"},"publishingPrinciples":"https:\/\/talkpal.ai\/publishing-principles\/","actionableFeedbackPolicy":"https:\/\/talkpal.ai\/actionable-feedback-policy\/","correctionsPolicy":"https:\/\/talkpal.ai\/corrections-policy\/","ethicsPolicy":"https:\/\/talkpal.ai\/ethics-policy\/","diversityPolicy":"https:\/\/talkpal.ai\/diversity-policy\/","diversityStaffingReport":"https:\/\/talkpal.ai\/diversity-policy\/"}]}},"_links":{"self":[{"href":"https:\/\/talkpal.ai\/fi\/wp-json\/wp\/v2\/pages\/147138","targetHints":{"allow":["GET"]}}],"collection":[{"href":"https:\/\/talkpal.ai\/fi\/wp-json\/wp\/v2\/pages"}],"about":[{"href":"https:\/\/talkpal.ai\/fi\/wp-json\/wp\/v2\/types\/page"}],"author":[{"embeddable":true,"href":"https:\/\/talkpal.ai\/fi\/wp-json\/wp\/v2\/users\/1"}],"replies":[{"embeddable":true,"href":"https:\/\/talkpal.ai\/fi\/wp-json\/wp\/v2\/comments?post=147138"}],"version-history":[{"count":0,"href":"https:\/\/talkpal.ai\/fi\/wp-json\/wp\/v2\/pages\/147138\/revisions"}],"wp:featuredmedia":[{"embeddable":true,"href":"https:\/\/talkpal.ai\/fi\/wp-json\/wp\/v2\/media\/28475"}],"wp:attachment":[{"href":"https:\/\/talkpal.ai\/fi\/wp-json\/wp\/v2\/media?parent=147138"}],"curies":[{"name":"wp","href":"https:\/\/api.w.org\/{rel}","templated":true}]}}