{"id":146820,"date":"2023-05-14T14:11:28","date_gmt":"2023-05-14T14:11:28","guid":{"rendered":"http:\/\/talkpal.ai\/makedonian-kielioppi\/"},"modified":"2025-12-17T16:39:26","modified_gmt":"2025-12-17T16:39:26","slug":"makedonian-kielioppi","status":"publish","type":"page","link":"https:\/\/talkpal.ai\/fi\/makedonian-kielioppi\/","title":{"rendered":"Makedonian kielioppi"},"content":{"rendered":"\r\n\r\n\r\n<section class=\"languageChallengeSection\">\r\n    <div class=\"languageInfoWrapper\">\r\n        \r\n        <h1>Makedonian kielioppi<\/h1>\r\n        <p>Sukella makedonian kieliopin kiehtovaan maailmaan ja paljasta t\u00e4m\u00e4n ainutlaatuisen etel\u00e4slaavilaisen kielen rakenne. Makedonian kieliopin perusteiden oppiminen antaa sinulle mahdollisuuden kommunikoida varmemmin ja tutustua Pohjois-Makedonian rikkaaseen kulttuuriin. Aloita jo t\u00e4n\u00e4\u00e4n ja ota ensimm\u00e4inen askel kohti makedonian kielen hallintaa!<\/p>\r\n\r\n                            <a class=\"getStartedHidden\" href=\"https:\/\/app.talkpal.ai\/fi\/signup?lng=\">Aloita<\/a>\r\n        \r\n    <\/div>\r\n\r\n    <figure>\r\n    <img decoding=\"async\" width=\"768\" height=\"768\" src=\"https:\/\/talkpal.ai\/wp-content\/uploads\/2023\/06\/macedonian-768x768.png\" class=\"languageImage no-lazy\" alt=\"Default alt text\" fetchpriority=\"high\" sizes=\"(max-width: 768px) 150px, 768px\" srcset=\"https:\/\/talkpal.ai\/wp-content\/uploads\/2023\/06\/macedonian-768x768.png 768w, https:\/\/talkpal.ai\/wp-content\/uploads\/2023\/06\/macedonian-300x300.png 300w\" \/>\r\n    \r\n\r\n    <\/figure>\r\n\r\n            <a class=\"getStartedVisible\" href=\"https:\/\/app.talkpal.ai\/fi\/signup?lng=\">Aloita<\/a>\r\n    \r\n<\/section>\r\n        <section class=\"grammarSection\">\r\n            <div class=\"grammarLinks\">\r\n                <a href=\"https:\/\/talkpal.ai\/fi\/language\/adjektiivit-makedonian-kielioppi\/\">Adjektiivit <\/a><a href=\"https:\/\/talkpal.ai\/fi\/language\/adverbit-makedonian-kielioppi\/\">Adverbit <\/a><a href=\"https:\/\/talkpal.ai\/fi\/language\/aikamuodot-makedonian-kielioppi\/\">Aikamuodot <\/a><a href=\"https:\/\/talkpal.ai\/fi\/language\/aikamuotojen-vertailu-makedonian-kielioppi\/\">Aikamuotojen vertailu <\/a><a href=\"https:\/\/talkpal.ai\/fi\/language\/artikkelit-makedonian-kielioppi\/\">Artikkelit <\/a><a href=\"https:\/\/talkpal.ai\/fi\/language\/konditionaalit-makedonian-kielioppi\/\">Konditionaalit <\/a><a href=\"https:\/\/talkpal.ai\/fi\/language\/lauseet-makedonian-kielioppi\/\">Lauseet <\/a><a href=\"https:\/\/talkpal.ai\/fi\/language\/prepositiot-makedonian-kielioppi\/\">Prepositiot <\/a><a href=\"https:\/\/talkpal.ai\/fi\/language\/progressiivinen-makedonian-kielioppi\/\">Progressiivinen <\/a><a href=\"https:\/\/talkpal.ai\/fi\/language\/pronominit-determinerit-makedonian-kielioppi\/\">Pronominit\/Determinerit <\/a><a href=\"https:\/\/talkpal.ai\/fi\/language\/substantiivit-makedonian-kielioppi\/\">Substantiivit <\/a><a href=\"https:\/\/talkpal.ai\/fi\/language\/taydellinen-progressiivinen-makedonian-kielioppi\/\">T\u00e4ydellinen progressiivinen <\/a><a href=\"https:\/\/talkpal.ai\/fi\/language\/verbit-makedonian-kielioppi\/\">Verbit <\/a>            <\/div>\r\n        <\/section>\r\n    <section class=\"promotionalBanner\">\r\n    <p class=\"promotionalText\">Tehokkain tapa oppia kielt\u00e4<\/p>\r\n    <a class=\"promotionalLink\" href=\"https:\/\/app.talkpal.ai\/fi\/signup?lng=\">Kokeile Talkpal ilmaiseksi<\/a>\r\n<\/section>\n<div class=\"wp-block-group pageContainerStyle\"><div class=\"wp-block-group__inner-container is-layout-constrained wp-block-group-is-layout-constrained\">\n<h2 class=\"wp-block-heading\" id=\"h-unraveling-the-mysteries-of-macedonian-grammar\">Makedonian kieliopin mysteerien selvitt\u00e4minen<\/h2>\n\n\n\n<p><a href=\"https:\/\/talkpal.ai\/fi\/grammar\/mennyt-aika-makedonian-kielioppissa\/\">Makedonian kielioppi<\/a> &#8211; monimutkainen mutta helposti l\u00e4hestytt\u00e4v\u00e4, kiehtova mutta siro, monimutkainen mutta kiehtova. Kun aloitat matkasi makedonian kielen maailmaan, saatat tuntea j\u00e4nnityksen ja pelottelun sekoituksen, kun on kyse sen kieliopillisten arvoitusten tulkinnasta. \u00c4l\u00e4 pelk\u00e4\u00e4, kiihke\u00e4 kielten harrastaja! Olemme t\u00e4\u00e4ll\u00e4 tukemassa sinua t\u00e4ss\u00e4 kieliseikkailussa!<\/p>\n\n\n\n<p>T\u00e4ss\u00e4 mielenkiintoisessa artikkelissa valotamme makedonian kieliopin keskeisi\u00e4 n\u00e4k\u00f6kohtia ja tarjoamme n\u00e4kemyksi\u00e4, selityksi\u00e4 ja k\u00e4yt\u00e4nn\u00f6n esimerkkej\u00e4. Me paljastamme, ett\u00e4 t\u00e4m\u00e4 kiehtova Balkanin kieli on helpommin l\u00e4hestytt\u00e4v\u00e4 kuin luuletkaan! Joten kiinnit\u00e4 turvavy\u00f6si ja anna meid\u00e4n yksinkertaistaa ja demystifioida <a href=\"https:\/\/talkpal.ai\/fi\/grammar\/mennyt-aika-makedonian-kielioppissa\/\">makedonian kielioppi<\/a> sinulle.<\/p>\n\n\n\n<h3 class=\"wp-block-heading\" id=\"h-1-delightful-declensions-noun-cases-made-easy\">1. Ihastuttavat julistukset: substantiivitapaukset on tehty helpoksi<\/h3>\n\n\n\n<p>Kuten muissakin slaavilaisissa kieliss\u00e4, makedoniassa on monimutkainen substantiivikirjainj\u00e4rjestelm\u00e4, joka koostuu kolmesta tapauksesta: nominatiivi, akkusatiivi ja datiivi. Vaikka n\u00e4iden vivahteiden hallitseminen on v\u00e4hemm\u00e4n pelottavaa kuin kielet, joissa on enemm\u00e4n tapauksia, n\u00e4iden vivahteiden hallitseminen on v\u00e4ltt\u00e4m\u00e4t\u00f6nt\u00e4 sujuvuuden saavuttamiseksi. N\u00e4m\u00e4 tapaukset antavat eri rooleja lauseen substantiiveille, pronomineille ja adjektiiveille. T\u00e4ss\u00e4 on lyhyt katsaus:<\/p>\n\n\n\n<p><strong>&#8211; Nominatiivi: Nominatiivi: lauseen subjekti<\/strong><\/p>\n\n\n\n<p><strong>&#8211; Akkusatiivi: Toiminnan suora kohde tai p\u00e4\u00e4m\u00e4\u00e4r\u00e4<\/strong><\/p>\n\n\n\n<p><strong>&#8211; Datiivi: Dative: Ep\u00e4suora objekti, joka osoittaa toiminnan suunnan.<\/strong><\/p>\n\n\n\n<p>N\u00e4iden tapausten ripustamiseksi harjoittelu on avain. Ajan ja kielelle altistumisen my\u00f6t\u00e4 n\u00e4ist\u00e4 eroista tulee toinen luonto.<\/p>\n\n\n\n<h3 class=\"wp-block-heading\" id=\"h-2-amiable-adjectives-agreement-is-everything\">2. Yst\u00e4v\u00e4lliset adjektiivit: sopimus on kaikki<\/h3>\n\n\n\n<p>Makedonian kieliopin adjektiivit ovat miellytt\u00e4vi\u00e4 konformisteja. He ovat samaa mielt\u00e4 kuvaamiensa substantiivien sukupuolesta, lukum\u00e4\u00e4r\u00e4st\u00e4 ja tapauksesta. T\u00e4m\u00e4 tarkoittaa, ett\u00e4 sinun on mukautettava jokaisen adjektiivin muoto vastaamaan substantiivin ominaisuuksia.<\/p>\n\n\n\n<p>Jotta t\u00e4m\u00e4 prosessi olisi sujuvampi, keskity adjektiivien ydinmuotojen oppimiseen &#8211; maskuliininen, feminiininen ja neutri. S\u00e4\u00e4nn\u00f6llisell\u00e4 k\u00e4yt\u00e4nn\u00f6ll\u00e4 adjektiivisopimuksen prosessista tulee pian intuitiivinen.<\/p>\n\n\n\n<h3 class=\"wp-block-heading\" id=\"h-3-vigorous-verbs-conjugation-and-aspect-mastery\">3. Voimakkaat verbit: taivutus ja aspektien hallinta<\/h3>\n\n\n\n<p>Kuten muidenkin slaavilaisten kielten kohdalla, makedonian verbit kokevat huomattavia eroja. Konjugaatio riippuu j\u00e4nnityksest\u00e4, mielialasta, henkil\u00f6st\u00e4, numerosta ja mik\u00e4 t\u00e4rkeint\u00e4, n\u00e4k\u00f6kulmasta.<\/p>\n\n\n\n<p>Makedonian verbeill\u00e4 on kaksi n\u00e4k\u00f6kohtaa: t\u00e4ydellinen ja imperfektiivinen. Perfektiiviverbit ilmaisevat t\u00e4ydellist\u00e4 toimintaa, kun taas imperfektiiviset verbit ilmaisevat jatkuvaa <a href=\"https:\/\/talkpal.ai\/learn-thai\/\">tai<\/a> toistuvaa toimintaa. T\u00e4m\u00e4n k\u00e4sitteen ymm\u00e4rt\u00e4minen on ratkaisevan t\u00e4rke\u00e4\u00e4 kieliopillisen asiantuntemuksesi tarkentamisessa.<\/p>\n\n\n\n<h3 class=\"wp-block-heading\" id=\"h-4-pitch-perfect-particles-mastering-stress-and-intonation\">4. T\u00e4ydelliset hiukkaset: stressin ja intonaation hallitseminen<\/h3>\n\n\n\n<p>Ainutlaatuinen <a href=\"https:\/\/talkpal.ai\/learn-macedonian\/\">makedonialainen<\/a> haaste kieltenoppijoille on hallita erottuva s\u00e4velkorkeusj\u00e4rjestelm\u00e4, joka antaa tavuille stressin ja intonaation. T\u00e4m\u00e4 j\u00e4rjestelm\u00e4 voi vaikuttaa suoraan merkitykseen ja ymm\u00e4rrykseen.<\/p>\n\n\n\n<p>\u00c4\u00e4nt\u00e4mistarkkuuden ja selke\u00e4n viestinn\u00e4n saavuttamiseksi kiinnit\u00e4 huomiota makedonialaisten \u00e4idinkielisten puhujien puheen intonaatiomalleihin. Aloittelijana saatat kamppailla, mutta muista, ett\u00e4 harjoitus kasvattaa itseluottamusta ja mestaruutta.<\/p>\n\n\n\n<h3 class=\"wp-block-heading\" id=\"h-5-embrace-the-intricacies-persevere-and-prosper\">5. Hyv\u00e4ksy monimutkaisuudet: pysy sitke\u00e4n\u00e4 ja menesty<\/h3>\n\n\n\n<p>Makedonian kielioppi saattaa ensi silm\u00e4yksell\u00e4 tuntua monimutkaiselta, mutta pid\u00e4 mieless\u00e4, ett\u00e4 k\u00e4rsiv\u00e4llisyys, k\u00e4yt\u00e4nt\u00f6 ja sitkeys ovat menestyksen salaisuuksia. Osallistu kieleen lukemalla, kirjoittamalla, kuuntelemalla ja puhumalla. Ota haasteet vastaan ja palkitse itsesi edistyksen tyydytyksell\u00e4.<\/p>\n\n\n\n<p>Joten, oletko valmis sukeltamaan makedonian kieliopin lumoavaan valtakuntaan? Omaksu sen omituisuudet ja monimutkaisuudet, nauti hienovaraisuuksista ja muista, ett\u00e4 omistautumisella ja innostuksella voit avata makedonian kielen todellisen kauneuden. \u0421\u043e \u0441\u0440\u0435\u045c\u0430! (Onnea!)<\/p>\n<\/div><\/div>\n\r\n<section class=\"learnNavigationSection\">\r\n            \r\n        <a href=\"https:\/\/talkpal.ai\/fi\/opi-makedoniaa\/\">\r\n            <div class=\"learnNavigationWrapper\">\r\n                <div class=\"learnNavigationContent\">\r\n                    <img decoding=\"async\" src=\"https:\/\/talkpal.ai\/wp-content\/uploads\/2024\/08\/Macedonian.jpg\" alt=\"Macedonian Flag\">\r\n                    <div>\r\n                        <h4>Tietoja Makedonian oppimisesta<\/h4>\r\n                        <p>Tutustu makedonialaiseen kielioppiin.<\/p>\r\n                    <\/div>\r\n                <\/div>\r\n            <\/div>\r\n        <\/a>\r\n\r\n        \r\n        <a href=\"https:\/\/talkpal.ai\/fi\/makedonian-kielioppiharjoitukset\/\">\r\n            <div class=\"learnNavigationWrapper\">\r\n                <div class=\"learnNavigationContent\">\r\n                    <img decoding=\"async\" src=\"https:\/\/talkpal.ai\/wp-content\/uploads\/2024\/08\/Macedonian.jpg\" alt=\"Macedonian Flag\">\r\n                    <div>\r\n                        <h4>Makedonian kielioppiharjoitus<\/h4>\r\n                        <p>Harjoittele makedonian kielioppia.<\/p>\r\n                    <\/div>\r\n                <\/div>\r\n            <\/div>\r\n        <\/a>\r\n\r\n        \r\n        <a href=\"https:\/\/talkpal.ai\/vocabulary_language\/macedonian\/\">\r\n            <div class=\"learnNavigationWrapper\">\r\n                <div class=\"learnNavigationContent\">\r\n                    <img decoding=\"async\" src=\"https:\/\/talkpal.ai\/wp-content\/uploads\/2024\/08\/Macedonian.jpg\" alt=\"Macedonian Flag\">\r\n                    <div>\r\n                        <h4>Makedonian sanasto<\/h4>\r\n                        <p>Laajenna makedonialaista sanavarastoasi.<\/p>\r\n                    <\/div>\r\n                <\/div>\r\n            <\/div>\r\n        <\/a>\r\n\r\n            <\/section>","protected":false},"excerpt":{"rendered":"<p>Makedonian kieliopin mysteerien selvitt\u00e4minen Makedonian kielioppi &#8211; monimutkainen mutta helposti l\u00e4hestytt\u00e4v\u00e4, kiehtova mutta siro, monimutkainen mutta kiehtova. Kun aloitat matkasi makedonian kielen maailmaan, saatat tuntea j\u00e4nnityksen ja pelottelun sekoituksen, kun on kyse sen kieliopillisten arvoitusten tulkinnasta. \u00c4l\u00e4 pelk\u00e4\u00e4, kiihke\u00e4 kielten harrastaja! Olemme t\u00e4\u00e4ll\u00e4 tukemassa sinua t\u00e4ss\u00e4 kieliseikkailussa! T\u00e4ss\u00e4 mielenkiintoisessa artikkelissa valotamme makedonian kieliopin keskeisi\u00e4 n\u00e4k\u00f6kohtia [&hellip;]<\/p>\n","protected":false},"author":1,"featured_media":28587,"parent":0,"menu_order":0,"comment_status":"closed","ping_status":"closed","template":"LearningContentPage.php","meta":{"_acf_changed":false,"footnotes":""},"class_list":["post-146820","page","type-page","status-publish","has-post-thumbnail","hentry"],"acf":[],"yoast_head":"<!-- This site is optimized with the Yoast SEO Premium plugin v27.2 (Yoast SEO v27.2) - https:\/\/yoast.com\/product\/yoast-seo-premium-wordpress\/ -->\n<title>Makedonian kielioppi - Talkpal<\/title>\n<meta name=\"description\" content=\"Opettele makedonian kielioppi vaivattomasti Talkpal, teko\u00e4lyavusteinen kieltenopettajasi. Paranna makedonialaisia kielioppitaitojasi!\" \/>\n<meta name=\"robots\" content=\"index, follow, max-snippet:-1, max-image-preview:large, max-video-preview:-1\" \/>\n<link rel=\"canonical\" href=\"https:\/\/talkpal.ai\/fi\/makedonian-kielioppi\/\" \/>\n<meta property=\"og:locale\" content=\"fi_FI\" \/>\n<meta property=\"og:type\" content=\"article\" \/>\n<meta property=\"og:title\" content=\"Makedonian kielioppi\" \/>\n<meta property=\"og:description\" content=\"Makedonian kieliopin mysteerien selvitt\u00e4minen Makedonian kielioppi - monimutkainen mutta helposti l\u00e4hestytt\u00e4v\u00e4, kiehtova mutta siro, monimutkainen mutta\" \/>\n<meta property=\"og:url\" content=\"https:\/\/talkpal.ai\/fi\/makedonian-kielioppi\/\" \/>\n<meta property=\"og:site_name\" content=\"Talkpal\" \/>\n<meta property=\"article:publisher\" content=\"https:\/\/www.facebook.com\/profile.php?id=100090733639311\" \/>\n<meta property=\"article:modified_time\" content=\"2025-12-17T16:39:26+00:00\" \/>\n<meta property=\"og:image\" content=\"https:\/\/talkpal.ai\/wp-content\/uploads\/2023\/05\/republic-of-macedonia.png\" \/>\n\t<meta property=\"og:image:width\" content=\"512\" \/>\n\t<meta property=\"og:image:height\" content=\"512\" \/>\n\t<meta property=\"og:image:type\" content=\"image\/png\" \/>\n<meta name=\"twitter:card\" content=\"summary_large_image\" \/>\n<meta name=\"twitter:site\" content=\"@talkpalai\" \/>\n<meta name=\"twitter:label1\" content=\"Arvioitu lukuaika\" \/>\n\t<meta name=\"twitter:data1\" content=\"2 minuuttia\" \/>\n<script type=\"application\/ld+json\" class=\"yoast-schema-graph\">{\"@context\":\"https:\/\/schema.org\",\"@graph\":[{\"@type\":\"WebPage\",\"@id\":\"https:\/\/talkpal.ai\/fi\/makedonian-kielioppi\/\",\"url\":\"https:\/\/talkpal.ai\/fi\/makedonian-kielioppi\/\",\"name\":\"Makedonian kielioppi - Talkpal\",\"isPartOf\":{\"@id\":\"https:\/\/talkpal.ai\/fi\/#website\"},\"primaryImageOfPage\":{\"@id\":\"https:\/\/talkpal.ai\/fi\/makedonian-kielioppi\/#primaryimage\"},\"image\":{\"@id\":\"https:\/\/talkpal.ai\/fi\/makedonian-kielioppi\/#primaryimage\"},\"thumbnailUrl\":\"https:\/\/talkpal.ai\/wp-content\/uploads\/2023\/05\/republic-of-macedonia.png\",\"datePublished\":\"2023-05-14T14:11:28+00:00\",\"dateModified\":\"2025-12-17T16:39:26+00:00\",\"description\":\"Opettele makedonian kielioppi vaivattomasti Talkpal, teko\u00e4lyavusteinen kieltenopettajasi. Paranna makedonialaisia kielioppitaitojasi!\",\"breadcrumb\":{\"@id\":\"https:\/\/talkpal.ai\/fi\/makedonian-kielioppi\/#breadcrumb\"},\"inLanguage\":\"fi\",\"potentialAction\":[{\"@type\":\"ReadAction\",\"target\":[\"https:\/\/talkpal.ai\/fi\/makedonian-kielioppi\/\"]}]},{\"@type\":\"ImageObject\",\"inLanguage\":\"fi\",\"@id\":\"https:\/\/talkpal.ai\/fi\/makedonian-kielioppi\/#primaryimage\",\"url\":\"https:\/\/talkpal.ai\/wp-content\/uploads\/2023\/05\/republic-of-macedonia.png\",\"contentUrl\":\"https:\/\/talkpal.ai\/wp-content\/uploads\/2023\/05\/republic-of-macedonia.png\",\"width\":512,\"height\":512},{\"@type\":\"BreadcrumbList\",\"@id\":\"https:\/\/talkpal.ai\/fi\/makedonian-kielioppi\/#breadcrumb\",\"itemListElement\":[{\"@type\":\"ListItem\",\"position\":1,\"name\":\"Homepage\",\"item\":\"https:\/\/talkpal.ai\/fi\/\"},{\"@type\":\"ListItem\",\"position\":2,\"name\":\"Makedonian kielioppi\"}]},{\"@type\":\"WebSite\",\"@id\":\"https:\/\/talkpal.ai\/fi\/#website\",\"url\":\"https:\/\/talkpal.ai\/fi\/\",\"name\":\"Talkpal\",\"description\":\"AI Language Learning\",\"publisher\":{\"@id\":\"https:\/\/talkpal.ai\/fi\/#organization\"},\"alternateName\":\"Talkpal AI\",\"potentialAction\":[{\"@type\":\"SearchAction\",\"target\":{\"@type\":\"EntryPoint\",\"urlTemplate\":\"https:\/\/talkpal.ai\/fi\/?s={search_term_string}\"},\"query-input\":{\"@type\":\"PropertyValueSpecification\",\"valueRequired\":true,\"valueName\":\"search_term_string\"}}],\"inLanguage\":\"fi\"},{\"@type\":\"Organization\",\"@id\":\"https:\/\/talkpal.ai\/fi\/#organization\",\"name\":\"Talkpal, Inc.\",\"alternateName\":\"Talkpal AI\",\"url\":\"https:\/\/talkpal.ai\/fi\/\",\"logo\":{\"@type\":\"ImageObject\",\"inLanguage\":\"fi\",\"@id\":\"https:\/\/talkpal.ai\/fi\/#\/schema\/logo\/image\/\",\"url\":\"https:\/\/talkpal.ai\/wp-content\/uploads\/2024\/03\/Talkpal-Logo-Icon.png\",\"contentUrl\":\"https:\/\/talkpal.ai\/wp-content\/uploads\/2024\/03\/Talkpal-Logo-Icon.png\",\"width\":2880,\"height\":2880,\"caption\":\"Talkpal, Inc.\"},\"image\":{\"@id\":\"https:\/\/talkpal.ai\/fi\/#\/schema\/logo\/image\/\"},\"sameAs\":[\"https:\/\/www.facebook.com\/profile.php?id=100090733639311\",\"https:\/\/x.com\/talkpalai\",\"https:\/\/www.linkedin.com\/company\/talkpal\/\",\"https:\/\/www.youtube.com\/@TalkPal\/\",\"https:\/\/www.tiktok.com\/@talkpal\",\"https:\/\/www.instagram.com\/talkpal_ai\/\",\"https:\/\/www.crunchbase.com\/organization\/talkpal-9cde\",\"https:\/\/www.g2.com\/products\/talkpal-for-business\/\",\"https:\/\/www.trustpilot.com\/review\/talkpal.ai\",\"https:\/\/www.capterra.com\/p\/10006800\/TalkPal\/\"],\"description\":\"Talkpal is a language learning web and mobile education app, powered by the latest AI technologies, that provides engaging experiences to its customers in many different languages to help them improve their language skills. Users can chat about unlimited amount of topics with the app and use other modes to practice their language learning.\",\"email\":\"support@talkpal.ai\",\"legalName\":\"Talkpal, Inc.\",\"foundingDate\":\"2023-04-03\",\"duns\":\"118989042\",\"numberOfEmployees\":{\"@type\":\"QuantitativeValue\",\"minValue\":\"11\",\"maxValue\":\"50\"},\"publishingPrinciples\":\"https:\/\/talkpal.ai\/publishing-principles\/\",\"actionableFeedbackPolicy\":\"https:\/\/talkpal.ai\/actionable-feedback-policy\/\",\"correctionsPolicy\":\"https:\/\/talkpal.ai\/corrections-policy\/\",\"ethicsPolicy\":\"https:\/\/talkpal.ai\/ethics-policy\/\",\"diversityPolicy\":\"https:\/\/talkpal.ai\/diversity-policy\/\",\"diversityStaffingReport\":\"https:\/\/talkpal.ai\/diversity-policy\/\"}]}<\/script>\n<!-- \/ Yoast SEO Premium plugin. -->","yoast_head_json":{"title":"Makedonian kielioppi - Talkpal","description":"Opettele makedonian kielioppi vaivattomasti Talkpal, teko\u00e4lyavusteinen kieltenopettajasi. Paranna makedonialaisia kielioppitaitojasi!","robots":{"index":"index","follow":"follow","max-snippet":"max-snippet:-1","max-image-preview":"max-image-preview:large","max-video-preview":"max-video-preview:-1"},"canonical":"https:\/\/talkpal.ai\/fi\/makedonian-kielioppi\/","og_locale":"fi_FI","og_type":"article","og_title":"Makedonian kielioppi","og_description":"Makedonian kieliopin mysteerien selvitt\u00e4minen Makedonian kielioppi - monimutkainen mutta helposti l\u00e4hestytt\u00e4v\u00e4, kiehtova mutta siro, monimutkainen mutta","og_url":"https:\/\/talkpal.ai\/fi\/makedonian-kielioppi\/","og_site_name":"Talkpal","article_publisher":"https:\/\/www.facebook.com\/profile.php?id=100090733639311","article_modified_time":"2025-12-17T16:39:26+00:00","og_image":[{"width":512,"height":512,"url":"https:\/\/talkpal.ai\/wp-content\/uploads\/2023\/05\/republic-of-macedonia.png","type":"image\/png"}],"twitter_card":"summary_large_image","twitter_site":"@talkpalai","twitter_misc":{"Arvioitu lukuaika":"2 minuuttia"},"schema":{"@context":"https:\/\/schema.org","@graph":[{"@type":"WebPage","@id":"https:\/\/talkpal.ai\/fi\/makedonian-kielioppi\/","url":"https:\/\/talkpal.ai\/fi\/makedonian-kielioppi\/","name":"Makedonian kielioppi - Talkpal","isPartOf":{"@id":"https:\/\/talkpal.ai\/fi\/#website"},"primaryImageOfPage":{"@id":"https:\/\/talkpal.ai\/fi\/makedonian-kielioppi\/#primaryimage"},"image":{"@id":"https:\/\/talkpal.ai\/fi\/makedonian-kielioppi\/#primaryimage"},"thumbnailUrl":"https:\/\/talkpal.ai\/wp-content\/uploads\/2023\/05\/republic-of-macedonia.png","datePublished":"2023-05-14T14:11:28+00:00","dateModified":"2025-12-17T16:39:26+00:00","description":"Opettele makedonian kielioppi vaivattomasti Talkpal, teko\u00e4lyavusteinen kieltenopettajasi. Paranna makedonialaisia kielioppitaitojasi!","breadcrumb":{"@id":"https:\/\/talkpal.ai\/fi\/makedonian-kielioppi\/#breadcrumb"},"inLanguage":"fi","potentialAction":[{"@type":"ReadAction","target":["https:\/\/talkpal.ai\/fi\/makedonian-kielioppi\/"]}]},{"@type":"ImageObject","inLanguage":"fi","@id":"https:\/\/talkpal.ai\/fi\/makedonian-kielioppi\/#primaryimage","url":"https:\/\/talkpal.ai\/wp-content\/uploads\/2023\/05\/republic-of-macedonia.png","contentUrl":"https:\/\/talkpal.ai\/wp-content\/uploads\/2023\/05\/republic-of-macedonia.png","width":512,"height":512},{"@type":"BreadcrumbList","@id":"https:\/\/talkpal.ai\/fi\/makedonian-kielioppi\/#breadcrumb","itemListElement":[{"@type":"ListItem","position":1,"name":"Homepage","item":"https:\/\/talkpal.ai\/fi\/"},{"@type":"ListItem","position":2,"name":"Makedonian kielioppi"}]},{"@type":"WebSite","@id":"https:\/\/talkpal.ai\/fi\/#website","url":"https:\/\/talkpal.ai\/fi\/","name":"Talkpal","description":"AI Language Learning","publisher":{"@id":"https:\/\/talkpal.ai\/fi\/#organization"},"alternateName":"Talkpal AI","potentialAction":[{"@type":"SearchAction","target":{"@type":"EntryPoint","urlTemplate":"https:\/\/talkpal.ai\/fi\/?s={search_term_string}"},"query-input":{"@type":"PropertyValueSpecification","valueRequired":true,"valueName":"search_term_string"}}],"inLanguage":"fi"},{"@type":"Organization","@id":"https:\/\/talkpal.ai\/fi\/#organization","name":"Talkpal, Inc.","alternateName":"Talkpal AI","url":"https:\/\/talkpal.ai\/fi\/","logo":{"@type":"ImageObject","inLanguage":"fi","@id":"https:\/\/talkpal.ai\/fi\/#\/schema\/logo\/image\/","url":"https:\/\/talkpal.ai\/wp-content\/uploads\/2024\/03\/Talkpal-Logo-Icon.png","contentUrl":"https:\/\/talkpal.ai\/wp-content\/uploads\/2024\/03\/Talkpal-Logo-Icon.png","width":2880,"height":2880,"caption":"Talkpal, Inc."},"image":{"@id":"https:\/\/talkpal.ai\/fi\/#\/schema\/logo\/image\/"},"sameAs":["https:\/\/www.facebook.com\/profile.php?id=100090733639311","https:\/\/x.com\/talkpalai","https:\/\/www.linkedin.com\/company\/talkpal\/","https:\/\/www.youtube.com\/@TalkPal\/","https:\/\/www.tiktok.com\/@talkpal","https:\/\/www.instagram.com\/talkpal_ai\/","https:\/\/www.crunchbase.com\/organization\/talkpal-9cde","https:\/\/www.g2.com\/products\/talkpal-for-business\/","https:\/\/www.trustpilot.com\/review\/talkpal.ai","https:\/\/www.capterra.com\/p\/10006800\/TalkPal\/"],"description":"Talkpal is a language learning web and mobile education app, powered by the latest AI technologies, that provides engaging experiences to its customers in many different languages to help them improve their language skills. Users can chat about unlimited amount of topics with the app and use other modes to practice their language learning.","email":"support@talkpal.ai","legalName":"Talkpal, Inc.","foundingDate":"2023-04-03","duns":"118989042","numberOfEmployees":{"@type":"QuantitativeValue","minValue":"11","maxValue":"50"},"publishingPrinciples":"https:\/\/talkpal.ai\/publishing-principles\/","actionableFeedbackPolicy":"https:\/\/talkpal.ai\/actionable-feedback-policy\/","correctionsPolicy":"https:\/\/talkpal.ai\/corrections-policy\/","ethicsPolicy":"https:\/\/talkpal.ai\/ethics-policy\/","diversityPolicy":"https:\/\/talkpal.ai\/diversity-policy\/","diversityStaffingReport":"https:\/\/talkpal.ai\/diversity-policy\/"}]}},"_links":{"self":[{"href":"https:\/\/talkpal.ai\/fi\/wp-json\/wp\/v2\/pages\/146820","targetHints":{"allow":["GET"]}}],"collection":[{"href":"https:\/\/talkpal.ai\/fi\/wp-json\/wp\/v2\/pages"}],"about":[{"href":"https:\/\/talkpal.ai\/fi\/wp-json\/wp\/v2\/types\/page"}],"author":[{"embeddable":true,"href":"https:\/\/talkpal.ai\/fi\/wp-json\/wp\/v2\/users\/1"}],"replies":[{"embeddable":true,"href":"https:\/\/talkpal.ai\/fi\/wp-json\/wp\/v2\/comments?post=146820"}],"version-history":[{"count":0,"href":"https:\/\/talkpal.ai\/fi\/wp-json\/wp\/v2\/pages\/146820\/revisions"}],"wp:featuredmedia":[{"embeddable":true,"href":"https:\/\/talkpal.ai\/fi\/wp-json\/wp\/v2\/media\/28587"}],"wp:attachment":[{"href":"https:\/\/talkpal.ai\/fi\/wp-json\/wp\/v2\/media?parent=146820"}],"curies":[{"name":"wp","href":"https:\/\/api.w.org\/{rel}","templated":true}]}}