{"id":1467055,"date":"2025-11-11T16:21:06","date_gmt":"2025-11-11T16:21:06","guid":{"rendered":"https:\/\/talkpal.ai\/burman-kielioppiharjoitukset\/"},"modified":"2026-05-09T11:55:18","modified_gmt":"2026-05-09T11:55:18","slug":"burman-kielioppiharjoitukset","status":"publish","type":"page","link":"https:\/\/talkpal.ai\/fi\/burman-kielioppiharjoitukset\/","title":{"rendered":"Burman kielioppiharjoitukset"},"content":{"rendered":"\r\n\r\n\r\n<section class=\"languageChallengeSection\">\r\n    <div class=\"languageInfoWrapper\">\r\n        \r\n        <h1>Burman kielioppiharjoitukset<\/h1>\r\n        <p>Oletko valmis sukeltamaan burman kielioppiin? Muutamien perusasioiden harjoittelu auttaa sinua oppimaan t\u00e4m\u00e4n ainutlaatuisen ja kauniin kielen. Kokeile n\u00e4it\u00e4 harjoituksia itseluottamuksen lis\u00e4\u00e4miseksi ja pid\u00e4 hauskaa matkan varrella!<\/p>\r\n\r\n                            <a class=\"getStartedHidden\" href=\"https:\/\/app.talkpal.ai\/fi\/signup?lng=\">Aloita<\/a>\r\n        \r\n    <\/div>\r\n\r\n    <figure>\r\n    <img decoding=\"async\" width=\"768\" height=\"768\" src=\"https:\/\/talkpal.ai\/wp-content\/uploads\/2026\/05\/learn-burmese-1-768x768.webp\" class=\"languageImage no-lazy\" alt=\"Historic brick Buddhist temples and pagodas rising through a mystical morning mist at sunrise in Bagan, Myanmar.\" fetchpriority=\"high\" sizes=\"(max-width: 768px) 150px, 768px\" srcset=\"https:\/\/talkpal.ai\/wp-content\/uploads\/2026\/05\/learn-burmese-1-768x768.webp 768w, https:\/\/talkpal.ai\/wp-content\/uploads\/2026\/05\/learn-burmese-1-300x300.webp 300w\" \/>\r\n    \r\n\r\n    <\/figure>\r\n\r\n            <a class=\"getStartedVisible\" href=\"https:\/\/app.talkpal.ai\/fi\/signup?lng=\">Aloita<\/a>\r\n    \r\n<\/section><section class=\"promotionalBanner\">\r\n    <p class=\"promotionalText\">Tehokkain tapa oppia kielt\u00e4<\/p>\r\n    <a class=\"promotionalLink\" href=\"https:\/\/app.talkpal.ai\/fi\/signup?lng=\">Kokeile Talkpal ilmaiseksi<\/a>\r\n<\/section>\n<div class=\"wp-block-group pageContainerStyle\"><div class=\"wp-block-group__inner-container is-layout-constrained wp-block-group-is-layout-constrained\">\n<h2 class=\"wp-block-heading\" id=\"h-burmese-grammar-topics\">Burman kieliopin aiheet<\/h2>\n\n\n\n<p><a href=\"https:\/\/talkpal.ai\/fi\/suurimmat-virheet-joita-kannattaa-valttaa-uuden-kielen-oppimisessa\/\">Uuden kielen oppiminen<\/a> voi olla haastavaa mutta palkitsevaa yrityst\u00e4. <a href=\"https:\/\/talkpal.ai\/learn-burmese\/\">Burma<\/a>, kiinalais-tiibetil\u00e4inen kieli, jota puhutaan p\u00e4\u00e4asiassa Myanmarissa, ei ole poikkeus. Ainutlaatuisten ominaisuuksiensa ja rakenteidensa ansiosta burman <a href=\"https:\/\/talkpal.ai\/fi\/talkpal-for-education\/\">kielen oppiminen<\/a> vaatii systemaattista l\u00e4hestymistapaa sen kieliopin ymm\u00e4rt\u00e4miseen. T\u00e4ss\u00e4 oppaassa hahmotellaan <a href=\"https:\/\/talkpal.ai\/fi\/burman-kielioppi\/\">burman kieliopin<\/a> avainalueet <a href=\"https:\/\/talkpal.ai\/fi\/tekoaly-chatbot-kielten-oppimiseen\/\">kielenoppimisen<\/a> loogisessa j\u00e4rjestyksess\u00e4 alkaen perusasioista, kuten substantiiveista ja artikkeleista, ja etenem\u00e4ll\u00e4 monimutkaisempiin alueisiin, kuten aikamuotoihin ja lauseenrakenteeseen.<\/p>\n\n\n\n<h3 class=\"wp-block-heading\" id=\"h-1-nouns\">1. Substantiivit:<\/h3>\n\n\n\n<p>Aloita burman kielen matkasi opettelemalla substantiiveja. T\u00e4h\u00e4n sis\u00e4ltyy yleisten ja erisnimien ymm\u00e4rt\u00e4minen, kuinka monikko ilmaistaan merkeill\u00e4 pakollisen taivutuksen sijaan ja kuinka luokittelijat muodostavat pariliitoksen numeroiden kanssa.<\/p>\n\n\n\n<h3 class=\"wp-block-heading\" id=\"h-2-articles\">2. Artiklat:<\/h3>\n\n\n\n<p>Burmankielisi\u00e4 artikkeleita k\u00e4ytet\u00e4\u00e4n eri tavalla kuin <a href=\"https:\/\/talkpal.ai\/ai-english-speaking-practice\/\">englanniksi<\/a>. Burman kieless\u00e4 ei ole m\u00e4\u00e4r\u00e4isi\u00e4 ja ep\u00e4m\u00e4\u00e4r\u00e4isi\u00e4 artikkeleita, joten m\u00e4\u00e4r\u00e4isyys osoitetaan kontekstilla <a href=\"https:\/\/talkpal.ai\/learn-thai\/\">tai<\/a> demonstratiiveilla, ja ep\u00e4m\u00e4\u00e4r\u00e4inen merkitys v\u00e4littyy usein numeropartikkeleilla.<\/p>\n\n\n\n<h3 class=\"wp-block-heading\" id=\"h-3-adjectives\">3. Adjektiivit:<\/h3>\n\n\n\n<p>Burman adjektiivit ovat vuorovaikutuksessa substantiivien kanssa eri tavalla kuin englannissa. Ne toimivat usein statiiviverbein\u00e4 ja esiintyv\u00e4t yleens\u00e4 substantiivin j\u00e4lkeen puhekieless\u00e4 tai substantiivin edess\u00e4 attribuuttimerkill\u00e4 muodollisemmissa tyyleiss\u00e4, ja opit my\u00f6s muodostamaan komparatiivit astesanojen ja merkin kuin kanssa sek\u00e4 superlatiiveja erillisill\u00e4 muodoilla.<\/p>\n\n\n\n<h3 class=\"wp-block-heading\" id=\"h-4-pronouns-determiners\">4. Pronominit\/m\u00e4\u00e4ritteet:<\/h3>\n\n\n\n<p>ronominit ja determinaattorit ovat v\u00e4ltt\u00e4m\u00e4tt\u00f6mi\u00e4 burmassa; Ne heijastavat kohteliaisuuden ja muodollisuuden tasoja ja voivat korvata substantiivit tai m\u00e4\u00e4ritell\u00e4 ne demonstratiiveilla, kuten se ja t\u00e4m\u00e4, m\u00e4\u00e4r\u00e4 numeroilla ja luokittelijoilla ja hallussapito omistuspartikkeleilla.<\/p>\n\n\n\n<h3 class=\"wp-block-heading\" id=\"h-5-verbs\">5. Verbit:<\/h3>\n\n\n\n<p>Burman verbit eiv\u00e4t taivuta henkil\u00f6\u00e4 tai numeroa. Sen sijaan aikamuoto, aspekti, mieliala, polariteetti ja kohteliaisuus ilmaistaan merkeill\u00e4 ja lauseen loppupartikkeleilla, joten aloita perusverbivartaloista ja jokap\u00e4iv\u00e4isess\u00e4 puheessa k\u00e4ytetyist\u00e4 ydinpartikkeleista.<\/p>\n\n\n\n<h3 class=\"wp-block-heading\" id=\"h-6-tenses\">6. Aikamuodot:<\/h3>\n\n\n\n<p>Kun olet oppinut verbikuviot, syvenny siihen, miten <a href=\"https:\/\/talkpal.ai\/learn-burmese\/\">burma<\/a> k\u00e4sittelee aikamuotoa ja aspektia. Burman kieli luottaa aspektimerkkeihin ja lauseen loppupartikkeleihin erottaakseen nykyisyyden, menneisyyden, tulevaisuuden, valmistumisen ja aikomuksen, usein yhdess\u00e4 aikailmaisujen kanssa.<\/p>\n\n\n\n<h3 class=\"wp-block-heading\" id=\"h-7-tense-comparison\">7. J\u00e4nnittynyt vertailu:<\/h3>\n\n\n\n<p>Aikamuodon ja aspektin vertaaminen burman kielell\u00e4 auttaa ymm\u00e4rt\u00e4m\u00e4\u00e4n tapahtumien j\u00e4rjestyst\u00e4 ja luonnetta. Vertaa samaa verbi\u00e4 eri partikkeleihin ja aikalauseisiin n\u00e4hd\u00e4ksesi, kuinka k\u00e4ynniss\u00e4 olevat, suoritetut, tavanomaiset ja suunnitellut teot ilmaistaan.<\/p>\n\n\n\n<h3 class=\"wp-block-heading\" id=\"h-8-progressive\">8. Progressiivinen:<\/h3>\n\n\n\n<p>Burman kieless\u00e4 progressiivista k\u00e4ytet\u00e4\u00e4n ilmaisemaan meneill\u00e4\u00e4n olevia toimia. Se muodostetaan verbiin kiinnitetyll\u00e4 progressiivisella merkill\u00e4 ja t\u00e4ydennet\u00e4\u00e4n sopivalla lauseen loppupartikkelilla.<\/p>\n\n\n\n<h3 class=\"wp-block-heading\" id=\"h-9-perfect-progressive\">9. T\u00e4ydellinen progressiivinen:<\/h3>\n\n\n\n<p>T\u00e4t\u00e4 merkityst\u00e4 k\u00e4ytet\u00e4\u00e4n ilmaisemaan toimia, jotka ovat olleet k\u00e4ynniss\u00e4 tiettyyn pisteeseen <a href=\"https:\/\/talkpal.ai\/locations\/language-courses-in-asti\/\">asti<\/a>. Burman kieless\u00e4 se v\u00e4litet\u00e4\u00e4n yhdist\u00e4m\u00e4ll\u00e4 progressiivisia merkkej\u00e4 jatkuviin tai t\u00e4ydent\u00e4viin merkkeihin ja kestolauseisiin sen sijaan, ett\u00e4 se olisi yksi omistettu muoto.<\/p>\n\n\n\n<h3 class=\"wp-block-heading\" id=\"h-10-conditionals\">10. Konditionaalit:<\/h3>\n\n\n\n<p>Konditionaalit ilmaisevat hypoteettisia tilanteita ja niiden mahdollisia tuloksia. Burman kieless\u00e4 ne muodostetaan ehdollisella merkill\u00e4 protasissa ja sopivilla lauseen loppupartikkeleilla tuloslauseessa, ja ne ovat t\u00e4rke\u00e4 osa kielioppia, joka lis\u00e4\u00e4 vivahteita kielitaitoosi.<\/p>\n\n\n\n<h3 class=\"wp-block-heading\" id=\"h-11-adverbs\">11. Adverbit:<\/h3>\n\n\n\n<p>Burman <a href=\"https:\/\/talkpal.ai\/fi\/grammar\/paikan-tsekin-kielioppi-adverbit\/\">adverbit<\/a> muokkaavat verbej\u00e4, adjektiiveja tai muita adverbej\u00e4. Ne esiintyv\u00e4t tyypillisesti verbilauseen edess\u00e4 ja antavat tietoa tavasta, paikasta, ajasta, asteesta ja muusta, usein k\u00e4ytt\u00e4m\u00e4ll\u00e4 omistettuja partikkeleita tai kiinteit\u00e4 adverbiaaleja.<\/p>\n\n\n\n<h3 class=\"wp-block-heading\" id=\"h-12-prepositions\">12. Prepositiot:<\/h3>\n\n\n\n<p><a href=\"https:\/\/talkpal.ai\/fi\/grammar\/kohdan-kannadan-kieliopissa-prepositiot\/\">Prepositiot<\/a> yhdist\u00e4v\u00e4t sanat ja lauseet toisiinsa. Burma k\u00e4ytt\u00e4\u00e4 postpositioita prepositioiden sijaan, ja ne seuraavat substantiivia ilmaisemaan ajan, paikan, suunnan, s\u00e4estyksen ja muiden suhteita.<\/p>\n\n\n\n<h3 class=\"wp-block-heading\" id=\"h-13-sentences\">13. Lauseet:<\/h3>\n\n\n\n<p>Lopuksi harjoittele lauseiden rakentamista. Burma on yleens\u00e4 subjektiobjektiverbi ja perustuu lauseen loppupartikkeleihin ja aihe-kommenttirakenteeseen, joten t\u00e4ss\u00e4 vaiheessa k\u00e4ytet\u00e4\u00e4n kaikkia aiemmin opittuja kielioppikohtia kontekstissa tarkan ja luonnollisen burman kielen rakentamiseksi.<\/p>\n<\/div><\/div>\n\r\n<section class=\"learnNavigationSection\">\r\n            \r\n        <a href=\"https:\/\/talkpal.ai\/fi\/opi-burmaa\/\">\r\n            <div class=\"learnNavigationWrapper\">\r\n                <div class=\"learnNavigationContent\">\r\n                    <img decoding=\"async\" src=\"https:\/\/talkpal.ai\/wp-content\/uploads\/2025\/11\/Myanmar.png\" alt=\"Myanmar Flag\">\r\n                    <div>\r\n                        <h4>Tietoja burman kielen oppimisesta<\/h4>\r\n                        <p>Ota selv\u00e4\u00e4 Burman kieliopista.<\/p>\r\n                    <\/div>\r\n                <\/div>\r\n            <\/div>\r\n        <\/a>\r\n\r\n        \r\n        <a href=\"https:\/\/talkpal.ai\/fi\/burman-kielioppi\/\">\r\n            <div class=\"learnNavigationWrapper\">\r\n                <div class=\"learnNavigationContent\">\r\n                    <img decoding=\"async\" src=\"https:\/\/talkpal.ai\/wp-content\/uploads\/2025\/11\/Myanmar.png\" alt=\"Myanmar Flag\">\r\n                    <div>\r\n                        <h4>Burman kieliopin oppitunnit<\/h4>\r\n                        <p>Harjoittele burman kielioppia.<\/p>\r\n                    <\/div>\r\n                <\/div>\r\n            <\/div>\r\n        <\/a>\r\n\r\n            <\/section>","protected":false},"excerpt":{"rendered":"<p>Burman kieliopin aiheet Uuden kielen oppiminen voi olla haastavaa mutta palkitsevaa yrityst\u00e4. Burma, kiinalais-tiibetil\u00e4inen kieli, jota puhutaan p\u00e4\u00e4asiassa Myanmarissa, ei ole poikkeus. Ainutlaatuisten ominaisuuksiensa ja rakenteidensa ansiosta burman kielen oppiminen vaatii systemaattista l\u00e4hestymistapaa sen kieliopin ymm\u00e4rt\u00e4miseen. T\u00e4ss\u00e4 oppaassa hahmotellaan burman kieliopin avainalueet kielenoppimisen loogisessa j\u00e4rjestyksess\u00e4 alkaen perusasioista, kuten substantiiveista ja artikkeleista, ja etenem\u00e4ll\u00e4 monimutkaisempiin alueisiin, [&hellip;]<\/p>\n","protected":false},"author":20,"featured_media":1462694,"parent":0,"menu_order":0,"comment_status":"closed","ping_status":"closed","template":"LearningContentPage.php","meta":{"_acf_changed":false,"footnotes":""},"class_list":["post-1467055","page","type-page","status-publish","has-post-thumbnail","hentry"],"acf":[],"yoast_head":"<!-- This site is optimized with the Yoast SEO Premium plugin v27.2 (Yoast SEO v27.2) - https:\/\/yoast.com\/product\/yoast-seo-premium-wordpress\/ -->\n<title>Burman kielioppiharjoitukset - Talkpal<\/title>\n<meta name=\"description\" content=\"Opettele burmankielt\u00e4 kattavien kielioppiharjoitusten avulla, jotka kattavat substantiivit, verbit ja aikamuodot, jotta voit parantaa kielitaitoasi.\" \/>\n<meta name=\"robots\" content=\"index, follow, max-snippet:-1, max-image-preview:large, max-video-preview:-1\" \/>\n<link rel=\"canonical\" href=\"https:\/\/talkpal.ai\/fi\/burman-kielioppiharjoitukset\/\" \/>\n<meta property=\"og:locale\" content=\"fi_FI\" \/>\n<meta property=\"og:type\" content=\"article\" \/>\n<meta property=\"og:title\" content=\"Burman kielioppiharjoitukset\" \/>\n<meta property=\"og:description\" content=\"Burman kieliopin aiheet Uuden kielen oppiminen voi olla haastavaa mutta palkitsevaa yrityst\u00e4. Burma, kiinalais-tiibetil\u00e4inen kieli, jota puhutaan\" \/>\n<meta property=\"og:url\" content=\"https:\/\/talkpal.ai\/fi\/burman-kielioppiharjoitukset\/\" \/>\n<meta property=\"og:site_name\" content=\"Talkpal\" \/>\n<meta property=\"article:publisher\" content=\"https:\/\/www.facebook.com\/profile.php?id=100090733639311\" \/>\n<meta property=\"article:modified_time\" content=\"2026-05-09T11:55:18+00:00\" \/>\n<meta property=\"og:image\" content=\"https:\/\/talkpal.ai\/wp-content\/uploads\/2025\/11\/Myanmar.png\" \/>\n\t<meta property=\"og:image:width\" content=\"517\" \/>\n\t<meta property=\"og:image:height\" content=\"517\" \/>\n\t<meta property=\"og:image:type\" content=\"image\/png\" \/>\n<meta name=\"twitter:card\" content=\"summary_large_image\" \/>\n<meta name=\"twitter:site\" content=\"@talkpalai\" \/>\n<meta name=\"twitter:label1\" content=\"Arvioitu lukuaika\" \/>\n\t<meta name=\"twitter:data1\" content=\"3 minuuttia\" \/>\n<script type=\"application\/ld+json\" class=\"yoast-schema-graph\">{\"@context\":\"https:\/\/schema.org\",\"@graph\":[{\"@type\":\"WebPage\",\"@id\":\"https:\/\/talkpal.ai\/fi\/burman-kielioppiharjoitukset\/\",\"url\":\"https:\/\/talkpal.ai\/fi\/burman-kielioppiharjoitukset\/\",\"name\":\"Burman kielioppiharjoitukset - Talkpal\",\"isPartOf\":{\"@id\":\"https:\/\/talkpal.ai\/fi\/#website\"},\"primaryImageOfPage\":{\"@id\":\"https:\/\/talkpal.ai\/fi\/burman-kielioppiharjoitukset\/#primaryimage\"},\"image\":{\"@id\":\"https:\/\/talkpal.ai\/fi\/burman-kielioppiharjoitukset\/#primaryimage\"},\"thumbnailUrl\":\"https:\/\/talkpal.ai\/wp-content\/uploads\/2025\/11\/Myanmar.png\",\"datePublished\":\"2025-11-11T16:21:06+00:00\",\"dateModified\":\"2026-05-09T11:55:18+00:00\",\"description\":\"Opettele burmankielt\u00e4 kattavien kielioppiharjoitusten avulla, jotka kattavat substantiivit, verbit ja aikamuodot, jotta voit parantaa kielitaitoasi.\",\"breadcrumb\":{\"@id\":\"https:\/\/talkpal.ai\/fi\/burman-kielioppiharjoitukset\/#breadcrumb\"},\"inLanguage\":\"fi\",\"potentialAction\":[{\"@type\":\"ReadAction\",\"target\":[\"https:\/\/talkpal.ai\/fi\/burman-kielioppiharjoitukset\/\"]}]},{\"@type\":\"ImageObject\",\"inLanguage\":\"fi\",\"@id\":\"https:\/\/talkpal.ai\/fi\/burman-kielioppiharjoitukset\/#primaryimage\",\"url\":\"https:\/\/talkpal.ai\/wp-content\/uploads\/2025\/11\/Myanmar.png\",\"contentUrl\":\"https:\/\/talkpal.ai\/wp-content\/uploads\/2025\/11\/Myanmar.png\",\"width\":517,\"height\":517,\"caption\":\"Myanmarin lippu\"},{\"@type\":\"BreadcrumbList\",\"@id\":\"https:\/\/talkpal.ai\/fi\/burman-kielioppiharjoitukset\/#breadcrumb\",\"itemListElement\":[{\"@type\":\"ListItem\",\"position\":1,\"name\":\"Homepage\",\"item\":\"https:\/\/talkpal.ai\/fi\/\"},{\"@type\":\"ListItem\",\"position\":2,\"name\":\"Burman kielioppiharjoitukset\"}]},{\"@type\":\"WebSite\",\"@id\":\"https:\/\/talkpal.ai\/fi\/#website\",\"url\":\"https:\/\/talkpal.ai\/fi\/\",\"name\":\"Talkpal\",\"description\":\"AI Language Learning\",\"publisher\":{\"@id\":\"https:\/\/talkpal.ai\/fi\/#organization\"},\"alternateName\":\"Talkpal AI\",\"potentialAction\":[{\"@type\":\"SearchAction\",\"target\":{\"@type\":\"EntryPoint\",\"urlTemplate\":\"https:\/\/talkpal.ai\/fi\/?s={search_term_string}\"},\"query-input\":{\"@type\":\"PropertyValueSpecification\",\"valueRequired\":true,\"valueName\":\"search_term_string\"}}],\"inLanguage\":\"fi\"},{\"@type\":\"Organization\",\"@id\":\"https:\/\/talkpal.ai\/fi\/#organization\",\"name\":\"Talkpal, Inc.\",\"alternateName\":\"Talkpal AI\",\"url\":\"https:\/\/talkpal.ai\/fi\/\",\"logo\":{\"@type\":\"ImageObject\",\"inLanguage\":\"fi\",\"@id\":\"https:\/\/talkpal.ai\/fi\/#\/schema\/logo\/image\/\",\"url\":\"https:\/\/talkpal.ai\/wp-content\/uploads\/2024\/03\/Talkpal-Logo-Icon.png\",\"contentUrl\":\"https:\/\/talkpal.ai\/wp-content\/uploads\/2024\/03\/Talkpal-Logo-Icon.png\",\"width\":2880,\"height\":2880,\"caption\":\"Talkpal, Inc.\"},\"image\":{\"@id\":\"https:\/\/talkpal.ai\/fi\/#\/schema\/logo\/image\/\"},\"sameAs\":[\"https:\/\/www.facebook.com\/profile.php?id=100090733639311\",\"https:\/\/x.com\/talkpalai\",\"https:\/\/www.linkedin.com\/company\/talkpal\/\",\"https:\/\/www.youtube.com\/@TalkPal\/\",\"https:\/\/www.tiktok.com\/@talkpal\",\"https:\/\/www.instagram.com\/talkpal_ai\/\",\"https:\/\/www.crunchbase.com\/organization\/talkpal-9cde\",\"https:\/\/www.g2.com\/products\/talkpal-for-business\/\",\"https:\/\/www.trustpilot.com\/review\/talkpal.ai\",\"https:\/\/www.capterra.com\/p\/10006800\/TalkPal\/\"],\"description\":\"Talkpal is a language learning web and mobile education app, powered by the latest AI technologies, that provides engaging experiences to its customers in many different languages to help them improve their language skills. Users can chat about unlimited amount of topics with the app and use other modes to practice their language learning.\",\"email\":\"support@talkpal.ai\",\"legalName\":\"Talkpal, Inc.\",\"foundingDate\":\"2023-04-03\",\"duns\":\"118989042\",\"numberOfEmployees\":{\"@type\":\"QuantitativeValue\",\"minValue\":\"11\",\"maxValue\":\"50\"},\"publishingPrinciples\":\"https:\/\/talkpal.ai\/publishing-principles\/\",\"actionableFeedbackPolicy\":\"https:\/\/talkpal.ai\/actionable-feedback-policy\/\",\"correctionsPolicy\":\"https:\/\/talkpal.ai\/corrections-policy\/\",\"ethicsPolicy\":\"https:\/\/talkpal.ai\/ethics-policy\/\",\"diversityPolicy\":\"https:\/\/talkpal.ai\/diversity-policy\/\",\"diversityStaffingReport\":\"https:\/\/talkpal.ai\/diversity-policy\/\"}]}<\/script>\n<!-- \/ Yoast SEO Premium plugin. -->","yoast_head_json":{"title":"Burman kielioppiharjoitukset - Talkpal","description":"Opettele burmankielt\u00e4 kattavien kielioppiharjoitusten avulla, jotka kattavat substantiivit, verbit ja aikamuodot, jotta voit parantaa kielitaitoasi.","robots":{"index":"index","follow":"follow","max-snippet":"max-snippet:-1","max-image-preview":"max-image-preview:large","max-video-preview":"max-video-preview:-1"},"canonical":"https:\/\/talkpal.ai\/fi\/burman-kielioppiharjoitukset\/","og_locale":"fi_FI","og_type":"article","og_title":"Burman kielioppiharjoitukset","og_description":"Burman kieliopin aiheet Uuden kielen oppiminen voi olla haastavaa mutta palkitsevaa yrityst\u00e4. Burma, kiinalais-tiibetil\u00e4inen kieli, jota puhutaan","og_url":"https:\/\/talkpal.ai\/fi\/burman-kielioppiharjoitukset\/","og_site_name":"Talkpal","article_publisher":"https:\/\/www.facebook.com\/profile.php?id=100090733639311","article_modified_time":"2026-05-09T11:55:18+00:00","og_image":[{"width":517,"height":517,"url":"https:\/\/talkpal.ai\/wp-content\/uploads\/2025\/11\/Myanmar.png","type":"image\/png"}],"twitter_card":"summary_large_image","twitter_site":"@talkpalai","twitter_misc":{"Arvioitu lukuaika":"3 minuuttia"},"schema":{"@context":"https:\/\/schema.org","@graph":[{"@type":"WebPage","@id":"https:\/\/talkpal.ai\/fi\/burman-kielioppiharjoitukset\/","url":"https:\/\/talkpal.ai\/fi\/burman-kielioppiharjoitukset\/","name":"Burman kielioppiharjoitukset - Talkpal","isPartOf":{"@id":"https:\/\/talkpal.ai\/fi\/#website"},"primaryImageOfPage":{"@id":"https:\/\/talkpal.ai\/fi\/burman-kielioppiharjoitukset\/#primaryimage"},"image":{"@id":"https:\/\/talkpal.ai\/fi\/burman-kielioppiharjoitukset\/#primaryimage"},"thumbnailUrl":"https:\/\/talkpal.ai\/wp-content\/uploads\/2025\/11\/Myanmar.png","datePublished":"2025-11-11T16:21:06+00:00","dateModified":"2026-05-09T11:55:18+00:00","description":"Opettele burmankielt\u00e4 kattavien kielioppiharjoitusten avulla, jotka kattavat substantiivit, verbit ja aikamuodot, jotta voit parantaa kielitaitoasi.","breadcrumb":{"@id":"https:\/\/talkpal.ai\/fi\/burman-kielioppiharjoitukset\/#breadcrumb"},"inLanguage":"fi","potentialAction":[{"@type":"ReadAction","target":["https:\/\/talkpal.ai\/fi\/burman-kielioppiharjoitukset\/"]}]},{"@type":"ImageObject","inLanguage":"fi","@id":"https:\/\/talkpal.ai\/fi\/burman-kielioppiharjoitukset\/#primaryimage","url":"https:\/\/talkpal.ai\/wp-content\/uploads\/2025\/11\/Myanmar.png","contentUrl":"https:\/\/talkpal.ai\/wp-content\/uploads\/2025\/11\/Myanmar.png","width":517,"height":517,"caption":"Myanmarin lippu"},{"@type":"BreadcrumbList","@id":"https:\/\/talkpal.ai\/fi\/burman-kielioppiharjoitukset\/#breadcrumb","itemListElement":[{"@type":"ListItem","position":1,"name":"Homepage","item":"https:\/\/talkpal.ai\/fi\/"},{"@type":"ListItem","position":2,"name":"Burman kielioppiharjoitukset"}]},{"@type":"WebSite","@id":"https:\/\/talkpal.ai\/fi\/#website","url":"https:\/\/talkpal.ai\/fi\/","name":"Talkpal","description":"AI Language Learning","publisher":{"@id":"https:\/\/talkpal.ai\/fi\/#organization"},"alternateName":"Talkpal AI","potentialAction":[{"@type":"SearchAction","target":{"@type":"EntryPoint","urlTemplate":"https:\/\/talkpal.ai\/fi\/?s={search_term_string}"},"query-input":{"@type":"PropertyValueSpecification","valueRequired":true,"valueName":"search_term_string"}}],"inLanguage":"fi"},{"@type":"Organization","@id":"https:\/\/talkpal.ai\/fi\/#organization","name":"Talkpal, Inc.","alternateName":"Talkpal AI","url":"https:\/\/talkpal.ai\/fi\/","logo":{"@type":"ImageObject","inLanguage":"fi","@id":"https:\/\/talkpal.ai\/fi\/#\/schema\/logo\/image\/","url":"https:\/\/talkpal.ai\/wp-content\/uploads\/2024\/03\/Talkpal-Logo-Icon.png","contentUrl":"https:\/\/talkpal.ai\/wp-content\/uploads\/2024\/03\/Talkpal-Logo-Icon.png","width":2880,"height":2880,"caption":"Talkpal, Inc."},"image":{"@id":"https:\/\/talkpal.ai\/fi\/#\/schema\/logo\/image\/"},"sameAs":["https:\/\/www.facebook.com\/profile.php?id=100090733639311","https:\/\/x.com\/talkpalai","https:\/\/www.linkedin.com\/company\/talkpal\/","https:\/\/www.youtube.com\/@TalkPal\/","https:\/\/www.tiktok.com\/@talkpal","https:\/\/www.instagram.com\/talkpal_ai\/","https:\/\/www.crunchbase.com\/organization\/talkpal-9cde","https:\/\/www.g2.com\/products\/talkpal-for-business\/","https:\/\/www.trustpilot.com\/review\/talkpal.ai","https:\/\/www.capterra.com\/p\/10006800\/TalkPal\/"],"description":"Talkpal is a language learning web and mobile education app, powered by the latest AI technologies, that provides engaging experiences to its customers in many different languages to help them improve their language skills. Users can chat about unlimited amount of topics with the app and use other modes to practice their language learning.","email":"support@talkpal.ai","legalName":"Talkpal, Inc.","foundingDate":"2023-04-03","duns":"118989042","numberOfEmployees":{"@type":"QuantitativeValue","minValue":"11","maxValue":"50"},"publishingPrinciples":"https:\/\/talkpal.ai\/publishing-principles\/","actionableFeedbackPolicy":"https:\/\/talkpal.ai\/actionable-feedback-policy\/","correctionsPolicy":"https:\/\/talkpal.ai\/corrections-policy\/","ethicsPolicy":"https:\/\/talkpal.ai\/ethics-policy\/","diversityPolicy":"https:\/\/talkpal.ai\/diversity-policy\/","diversityStaffingReport":"https:\/\/talkpal.ai\/diversity-policy\/"}]}},"_links":{"self":[{"href":"https:\/\/talkpal.ai\/fi\/wp-json\/wp\/v2\/pages\/1467055","targetHints":{"allow":["GET"]}}],"collection":[{"href":"https:\/\/talkpal.ai\/fi\/wp-json\/wp\/v2\/pages"}],"about":[{"href":"https:\/\/talkpal.ai\/fi\/wp-json\/wp\/v2\/types\/page"}],"author":[{"embeddable":true,"href":"https:\/\/talkpal.ai\/fi\/wp-json\/wp\/v2\/users\/20"}],"replies":[{"embeddable":true,"href":"https:\/\/talkpal.ai\/fi\/wp-json\/wp\/v2\/comments?post=1467055"}],"version-history":[{"count":0,"href":"https:\/\/talkpal.ai\/fi\/wp-json\/wp\/v2\/pages\/1467055\/revisions"}],"wp:featuredmedia":[{"embeddable":true,"href":"https:\/\/talkpal.ai\/fi\/wp-json\/wp\/v2\/media\/1462694"}],"wp:attachment":[{"href":"https:\/\/talkpal.ai\/fi\/wp-json\/wp\/v2\/media?parent=1467055"}],"curies":[{"name":"wp","href":"https:\/\/api.w.org\/{rel}","templated":true}]}}