{"id":1467031,"date":"2025-11-11T16:16:27","date_gmt":"2025-11-11T16:16:27","guid":{"rendered":"https:\/\/talkpal.ai\/burman-kielioppi\/"},"modified":"2025-12-30T15:19:20","modified_gmt":"2025-12-30T15:19:20","slug":"burman-kielioppi","status":"publish","type":"page","link":"https:\/\/talkpal.ai\/fi\/burman-kielioppi\/","title":{"rendered":"Burman kielioppi"},"content":{"rendered":"\r\n\r\n\r\n<section class=\"languageChallengeSection\">\r\n    <div class=\"languageInfoWrapper\">\r\n        \r\n        <h1>Burman kielioppi<\/h1>\r\n        <p>Burman kielioppi saattaa aluksi tuntua haastavalta, mutta sen ainutlaatuiset ominaisuudet tekev\u00e4t kielen oppimisesta palkitsevan kokemuksen. Tutustumalla sen aakkosiin, mutaatioihin ja kielioppis\u00e4\u00e4nt\u00f6ihin saat k\u00e4sityksen rikkaasta kieliperinteest\u00e4. Aloita matkasi ja tutustu Burman kauneuteen!<\/p>\r\n\r\n                            <a class=\"getStartedHidden\" href=\"https:\/\/app.talkpal.ai\/fi\/signup?lng=\">Aloita<\/a>\r\n        \r\n    <\/div>\r\n\r\n    <figure>\r\n    <img decoding=\"async\" width=\"768\" height=\"768\" src=\"https:\/\/talkpal.ai\/wp-content\/uploads\/2023\/06\/welsh-768x768.png\" class=\"languageImage no-lazy\" alt=\"Default alt text\" fetchpriority=\"high\" sizes=\"(max-width: 768px) 150px, 768px\" srcset=\"https:\/\/talkpal.ai\/wp-content\/uploads\/2023\/06\/welsh-768x768.png 768w, https:\/\/talkpal.ai\/wp-content\/uploads\/2023\/06\/welsh-300x300.png 300w\" \/>\r\n    \r\n\r\n    <\/figure>\r\n\r\n            <a class=\"getStartedVisible\" href=\"https:\/\/app.talkpal.ai\/fi\/signup?lng=\">Aloita<\/a>\r\n    \r\n<\/section><section class=\"promotionalBanner\">\r\n    <p class=\"promotionalText\">Tehokkain tapa oppia kielt\u00e4<\/p>\r\n    <a class=\"promotionalLink\" href=\"https:\/\/app.talkpal.ai\/fi\/signup?lng=\">Kokeile Talkpal ilmaiseksi<\/a>\r\n<\/section>\n<div class=\"wp-block-group pageContainerStyle\"><div class=\"wp-block-group__inner-container is-layout-constrained wp-block-group-is-layout-constrained\">\n<h2 class=\"wp-block-heading\" id=\"h-navigating-the-intricacies-of-burmese-grammar\">Burman kieliopin koukeroiden navigointi<\/h2>\n\n\n\n<p><a href=\"https:\/\/talkpal.ai\/fi\/opi-burmaa\/\">Burma<\/a>, tiibetil\u00e4is-burmalainen kieli, jolla on rikas historia ja kulttuurinen merkitys, tarjoaa j\u00e4nnitt\u00e4v\u00e4n kielellisen kokemuksen niille, jotka haluavat tutustua sen ainutlaatuiseen kielioppij\u00e4rjestelm\u00e4\u00e4n. Kun uskaltaudut burman kielen valtakuntaan, et vain rikasta kielellist\u00e4 repertuaariasi, vaan my\u00f6s omaksut kiehtovan kulttuurimatkan. Vaikka burman kielioppi saattaa aluksi tuntua vieraalta, sen jakaminen ydinosiin tekee kielen oppimisesta helpommin l\u00e4hestytt\u00e4v\u00e4\u00e4. T\u00e4ss\u00e4 artikkelissa tutkimme burman kieliopin kiehtovaa maailmaa ja annamme vinkkej\u00e4 sen monimutkaisuuden hallitsemiseen.<\/p>\n\n\n\n<h3 class=\"wp-block-heading\" id=\"h-1-welsh-alphabet-and-phonetics\">1. Walesin aakkoset ja fonetiikka<\/h3>\n\n\n\n<p>Burman kirjoitusj\u00e4rjestelm\u00e4 on abugida, joka k\u00e4ytt\u00e4\u00e4 33 konsonanttikirjainta ja vokaalidiakriittist\u00e4 merkki\u00e4 sek\u00e4 erottuvia mediaaleja, kuten \u103b, \u103c, \u103d, \u103e. S\u00e4vy ja tavutyyppi on merkitty merkeill\u00e4, kuten \u1037, \u1038 ja \u103a. Burman kieliopin oppimiseksi on t\u00e4rke\u00e4\u00e4 tutustua t\u00e4h\u00e4n k\u00e4sikirjoitukseen harjoittelemalla burman kielen lukemista ja kirjoittamista ja kiinnitt\u00e4m\u00e4ll\u00e4 erityist\u00e4 huomiota s\u00e4vyyn ja rytmiin.<\/p>\n\n\n\n<h3 class=\"wp-block-heading\" id=\"h-2-particles-a-distinctive-burmese-feature\">2. Hiukkaset: Burman erottuva piirre<\/h3>\n\n\n\n<p>Yksi burman kieliopin silmiinpist\u00e4vimmist\u00e4 piirteist\u00e4 on aikamuotoa, aspektia, mielialaa, kohteliaisuutta ja tapaussuhteita merkitsevien partikkelien laaja k\u00e4ytt\u00f6. Yleisi\u00e4 lauseen loppupartikkeleita ovat \u1010\u101a\u103a, \u1015\u102b, \u1019\u101a\u103a ja \u101b\u1032\u1037, kun taas kieliopilliset partikkelit, kuten \u1000\u102d\u102f, \u1000, \u1019\u103e\u102c, \u1006\u102e, \u1014\u1032\u1037, osoittavat rooleja, kuten objekti, agentti, sijainti, tavoite ja instrumentti. Tarkan burman viestinn\u00e4n ymm\u00e4rt\u00e4minen, milloin ja miten n\u00e4it\u00e4 hiukkasia k\u00e4ytet\u00e4\u00e4n, on elint\u00e4rke\u00e4\u00e4.<\/p>\n\n\n\n<h3 class=\"wp-block-heading\" id=\"h-3-nouns-and-pronouns-gender-and-cases\">3. Substantiivit ja pronominit: sukupuoli ja tapaukset<\/h3>\n\n\n\n<p>Burman substantiiveilla ei ole kieliopillista sukupuolta, ja monikko merkit\u00e4\u00e4n usein tarvittaessa \u1010\u103d\u1031:lla. Sijasuhteita ilmaistaan postpositionaalisilla partikkeleilla taivutuksen sijaan, esimerkiksi \u1000\u102d\u102f suorille objekteille, \u1000 <a href=\"https:\/\/talkpal.ai\/learn-thai\/\">tai<\/a> \u1019\u103e agenteille tai l\u00e4hteille, \u1019\u103e\u102c tai \u1010\u103d\u1004\u103a paikoille ja \u1006\u102e vastaanottajille. Burman pronominit vaihtelevat persoonan, lukum\u00e4\u00e4r\u00e4n ja kohteliaisuuden tason mukaan, mukaan lukien muodot kuten \u1000\u103b\u103d\u1014\u103a\u1010\u1031\u102c\u103a tai \u1000\u103b\u103d\u1014\u103a\u1019 min\u00e4, \u101e\u1004\u103a tai \u101b\u103e\u1004\u103a sinulle ja \u101e\u1030 h\u00e4nelle. N\u00e4ihin pronomineihin, niiden kohteliaisiin muunnelmiin ja hiukkasyhdistelmiin tutustuminen parantaa merkitt\u00e4v\u00e4sti k\u00e4sityst\u00e4si burman kieliopista.<\/p>\n\n\n\n<h3 class=\"wp-block-heading\" id=\"h-4-verbs-structure-and-conjugation\">4. Verbit: rakenne ja taivutus<\/h3>\n\n\n\n<p>Burman verbit eiv\u00e4t taivuta henkil\u00f6\u00e4 tai numeroa. Sen sijaan aikamuoto, aspekti ja tunnelma ilmaistaan hiukkasilla ja apuelementeill\u00e4. Ydinmalleja ovat ei-menneisyyden v\u00e4itteet \u1010\u101a\u103a:lla, perfektiiviset tai tilanmuutokset \u1015\u103c\u102e:ll\u00e4, tulevaisuus tai aikomus \u1019\u101a\u103a:lla tai \u101c\u102d\u1019\u1037\u103a\u1019\u101a\u103a ja kokemuksellinen aspekti \u1016\u1030\u1038:ll\u00e4. Negaatiossa k\u00e4ytet\u00e4\u00e4n tyypillisesti \u1019 + verbi + \u1018\u1030\u1038 tai \u1019 + verbi + \u101e\u1031\u1038, ja imperatiiviset tai pyynt\u00f6muodot k\u00e4ytt\u00e4v\u00e4t usein partikkeleita, kuten \u1015\u102b tai \u1014\u1031\u102c\u103a. N\u00e4iden hiukkasl\u00e4ht\u00f6isten mallien oppiminen parantaa kyky\u00e4si kommunikoida tehokkaasti burman kielell\u00e4.<\/p>\n\n\n\n<h3 class=\"wp-block-heading\" id=\"h-5-adjectives-agreement-and-placement\">5. Adjektiivit: sopimus ja sijoitus<\/h3>\n\n\n\n<p>Sopimus ja sijoitus Burman kieliopissa adjektiivit seuraavat yleens\u00e4 substantiivia yksinkertaisissa substantiivi-adjektiiviyhdisteiss\u00e4, eik\u00e4 lukum\u00e4\u00e4r\u00e4st\u00e4 tai sukupuolesta ole yksimielisyytt\u00e4. Adjektiivilauseet edelt\u00e4v\u00e4t usein substantiivia k\u00e4ytt\u00e4m\u00e4ll\u00e4 merkkej\u00e4, kuten \u1010\u1032\u1037 puhekieless\u00e4 burmassa tai \u1021&#8230; \u101e\u1031\u102c muodolliseen tyyliin. Vertailevat ja superlatiivit muodostetaan yleisesti \u1015\u102d\u102fn ja \u1011\u1000\u103a:n kanssa vertailua varten ja \u1021&#8230; \u1006\u102f\u1036\u1038 superlatiiveille.<\/p>\n\n\n\n<p><strong>Esimerkkej\u00e4:<\/strong><\/p>\n\n\n\n<p><strong>\u2013 \u1021\u1001\u103b\u1005\u103a\u1000\u103c\u102e\u1038 (iso rakkaus)<\/strong><\/p>\n\n\n\n<p><strong>\u2013 \u1000\u101c\u1031\u1038\u1004\u101a\u103a\u1010\u103d\u1031 (pienet lapset)<\/strong><\/p>\n\n\n\n<h3 class=\"wp-block-heading\" id=\"h-6-engaging-with-the-language\">6. Sitoutuminen kieleen<\/h3>\n\n\n\n<p>Tehokkain tapa ymm\u00e4rt\u00e4\u00e4 ja sis\u00e4ist\u00e4\u00e4 burman kielioppi on olla johdonmukaisesti tekemisiss\u00e4 kielen kanssa. Lukemalla burmalaista kirjallisuutta, katsomalla burmalaisia elokuvia tai televisiosarjoja ja kommunikoimalla aktiivisesti \u00e4idinkielen\u00e4\u00e4n puhuvien kanssa vahvistat ymm\u00e4rryst\u00e4si kieliopista ja laajennat sanavarastoasi.<\/p>\n\n\n\n<h3 class=\"wp-block-heading\" id=\"h-conclusion\">P\u00e4\u00e4telm\u00e4<\/h3>\n\n\n\n<p>Vaikka burman kielioppi saattaa tuntua monimutkaiselta, voit oppia t\u00e4m\u00e4n kauniin kielen omistautumalla, harjoittelemalla ja innolla. Keskittym\u00e4ll\u00e4 peruss\u00e4\u00e4nt\u00f6ihin ja osallistumalla kieleen eri yhteyksiss\u00e4 parannat nopeasti burman <a href=\"https:\/\/talkpal.ai\/fi\/kielioppi\/\">kielioppitaitojasi<\/a>. \u1000\u1036\u1000\u1031\u102c\u1004\u103a\u1038\u1015\u102b\u1005\u1031 (onnea) burman kielen matkallesi ja nauti burman kieliopin arvoituksellisen mutta kiehtovan maailman selvitt\u00e4misest\u00e4!<\/p>\n<\/div><\/div>\n\r\n<section class=\"learnNavigationSection\">\r\n            \r\n        <a href=\"https:\/\/talkpal.ai\/fi\/opi-burmaa\/\">\r\n            <div class=\"learnNavigationWrapper\">\r\n                <div class=\"learnNavigationContent\">\r\n                    <img decoding=\"async\" src=\"https:\/\/talkpal.ai\/wp-content\/uploads\/2025\/11\/Myanmar.png\" alt=\"Myanmar Flag\">\r\n                    <div>\r\n                        <h4>Tietoja burman kielen oppimisesta<\/h4>\r\n                        <p>Ota selv\u00e4\u00e4 Burman kieliopista.<\/p>\r\n                    <\/div>\r\n                <\/div>\r\n            <\/div>\r\n        <\/a>\r\n\r\n        \r\n        <a href=\"https:\/\/talkpal.ai\/fi\/burman-kielioppiharjoitukset\/\">\r\n            <div class=\"learnNavigationWrapper\">\r\n                <div class=\"learnNavigationContent\">\r\n                    <img decoding=\"async\" src=\"https:\/\/talkpal.ai\/wp-content\/uploads\/2025\/11\/Myanmar.png\" alt=\"Myanmar Flag\">\r\n                    <div>\r\n                        <h4>Burman kielioppiharjoitus<\/h4>\r\n                        <p>Harjoittele burman kielioppia.<\/p>\r\n                    <\/div>\r\n                <\/div>\r\n            <\/div>\r\n        <\/a>\r\n\r\n            <\/section>","protected":false},"excerpt":{"rendered":"<p>Burman kieliopin koukeroiden navigointi Burma, tiibetil\u00e4is-burmalainen kieli, jolla on rikas historia ja kulttuurinen merkitys, tarjoaa j\u00e4nnitt\u00e4v\u00e4n kielellisen kokemuksen niille, jotka haluavat tutustua sen ainutlaatuiseen kielioppij\u00e4rjestelm\u00e4\u00e4n. Kun uskaltaudut burman kielen valtakuntaan, et vain rikasta kielellist\u00e4 repertuaariasi, vaan my\u00f6s omaksut kiehtovan kulttuurimatkan. Vaikka burman kielioppi saattaa aluksi tuntua vieraalta, sen jakaminen ydinosiin tekee kielen oppimisesta helpommin l\u00e4hestytt\u00e4v\u00e4\u00e4. [&hellip;]<\/p>\n","protected":false},"author":20,"featured_media":0,"parent":0,"menu_order":0,"comment_status":"closed","ping_status":"closed","template":"LearningContentPage.php","meta":{"_acf_changed":false,"footnotes":""},"class_list":["post-1467031","page","type-page","status-publish","hentry"],"acf":[],"yoast_head":"<!-- This site is optimized with the Yoast SEO Premium plugin v27.2 (Yoast SEO v27.2) - https:\/\/yoast.com\/product\/yoast-seo-premium-wordpress\/ -->\n<title>Burman kielioppi - Talkpal<\/title>\n<meta name=\"description\" content=\"Opettele burman kielioppis\u00e4\u00e4nt\u00f6j\u00e4 ja lauserakenteita sujuvuuden parantamiseksi kattavan kielenoppaamme avulla.\" \/>\n<meta name=\"robots\" content=\"index, follow, max-snippet:-1, max-image-preview:large, max-video-preview:-1\" \/>\n<link rel=\"canonical\" href=\"https:\/\/talkpal.ai\/fi\/burman-kielioppi\/\" \/>\n<meta property=\"og:locale\" content=\"fi_FI\" \/>\n<meta property=\"og:type\" content=\"article\" \/>\n<meta property=\"og:title\" content=\"Burman kielioppi\" \/>\n<meta property=\"og:description\" content=\"Burman kieliopin koukeroiden navigointi Burma, tiibetil\u00e4is-burmalainen kieli, jolla on rikas historia ja kulttuurinen merkitys, tarjoaa j\u00e4nnitt\u00e4v\u00e4n\" \/>\n<meta property=\"og:url\" content=\"https:\/\/talkpal.ai\/fi\/burman-kielioppi\/\" \/>\n<meta property=\"og:site_name\" content=\"Talkpal\" \/>\n<meta property=\"article:publisher\" content=\"https:\/\/www.facebook.com\/profile.php?id=100090733639311\" \/>\n<meta property=\"article:modified_time\" content=\"2025-12-30T15:19:20+00:00\" \/>\n<meta property=\"og:image\" content=\"https:\/\/talkpal.ai\/wp-content\/uploads\/2025\/02\/Progress-tab-16_9.png\" \/>\n\t<meta property=\"og:image:width\" content=\"2880\" \/>\n\t<meta property=\"og:image:height\" content=\"1620\" \/>\n\t<meta property=\"og:image:type\" content=\"image\/png\" \/>\n<meta name=\"twitter:card\" content=\"summary_large_image\" \/>\n<meta name=\"twitter:site\" content=\"@talkpalai\" \/>\n<meta name=\"twitter:label1\" content=\"Arvioitu lukuaika\" \/>\n\t<meta name=\"twitter:data1\" content=\"2 minuuttia\" \/>\n<script type=\"application\/ld+json\" class=\"yoast-schema-graph\">{\"@context\":\"https:\/\/schema.org\",\"@graph\":[{\"@type\":\"WebPage\",\"@id\":\"https:\/\/talkpal.ai\/fi\/burman-kielioppi\/\",\"url\":\"https:\/\/talkpal.ai\/fi\/burman-kielioppi\/\",\"name\":\"Burman kielioppi - Talkpal\",\"isPartOf\":{\"@id\":\"https:\/\/talkpal.ai\/fi\/#website\"},\"datePublished\":\"2025-11-11T16:16:27+00:00\",\"dateModified\":\"2025-12-30T15:19:20+00:00\",\"description\":\"Opettele burman kielioppis\u00e4\u00e4nt\u00f6j\u00e4 ja lauserakenteita sujuvuuden parantamiseksi kattavan kielenoppaamme avulla.\",\"breadcrumb\":{\"@id\":\"https:\/\/talkpal.ai\/fi\/burman-kielioppi\/#breadcrumb\"},\"inLanguage\":\"fi\",\"potentialAction\":[{\"@type\":\"ReadAction\",\"target\":[\"https:\/\/talkpal.ai\/fi\/burman-kielioppi\/\"]}]},{\"@type\":\"BreadcrumbList\",\"@id\":\"https:\/\/talkpal.ai\/fi\/burman-kielioppi\/#breadcrumb\",\"itemListElement\":[{\"@type\":\"ListItem\",\"position\":1,\"name\":\"Homepage\",\"item\":\"https:\/\/talkpal.ai\/fi\/\"},{\"@type\":\"ListItem\",\"position\":2,\"name\":\"Burman kielioppi\"}]},{\"@type\":\"WebSite\",\"@id\":\"https:\/\/talkpal.ai\/fi\/#website\",\"url\":\"https:\/\/talkpal.ai\/fi\/\",\"name\":\"Talkpal\",\"description\":\"AI Language Learning\",\"publisher\":{\"@id\":\"https:\/\/talkpal.ai\/fi\/#organization\"},\"alternateName\":\"Talkpal AI\",\"potentialAction\":[{\"@type\":\"SearchAction\",\"target\":{\"@type\":\"EntryPoint\",\"urlTemplate\":\"https:\/\/talkpal.ai\/fi\/?s={search_term_string}\"},\"query-input\":{\"@type\":\"PropertyValueSpecification\",\"valueRequired\":true,\"valueName\":\"search_term_string\"}}],\"inLanguage\":\"fi\"},{\"@type\":\"Organization\",\"@id\":\"https:\/\/talkpal.ai\/fi\/#organization\",\"name\":\"Talkpal, Inc.\",\"alternateName\":\"Talkpal AI\",\"url\":\"https:\/\/talkpal.ai\/fi\/\",\"logo\":{\"@type\":\"ImageObject\",\"inLanguage\":\"fi\",\"@id\":\"https:\/\/talkpal.ai\/fi\/#\/schema\/logo\/image\/\",\"url\":\"https:\/\/talkpal.ai\/wp-content\/uploads\/2024\/03\/Talkpal-Logo-Icon.png\",\"contentUrl\":\"https:\/\/talkpal.ai\/wp-content\/uploads\/2024\/03\/Talkpal-Logo-Icon.png\",\"width\":2880,\"height\":2880,\"caption\":\"Talkpal, Inc.\"},\"image\":{\"@id\":\"https:\/\/talkpal.ai\/fi\/#\/schema\/logo\/image\/\"},\"sameAs\":[\"https:\/\/www.facebook.com\/profile.php?id=100090733639311\",\"https:\/\/x.com\/talkpalai\",\"https:\/\/www.linkedin.com\/company\/talkpal\/\",\"https:\/\/www.youtube.com\/@TalkPal\/\",\"https:\/\/www.tiktok.com\/@talkpal\",\"https:\/\/www.instagram.com\/talkpal_ai\/\",\"https:\/\/www.crunchbase.com\/organization\/talkpal-9cde\",\"https:\/\/www.g2.com\/products\/talkpal-for-business\/\",\"https:\/\/www.trustpilot.com\/review\/talkpal.ai\",\"https:\/\/www.capterra.com\/p\/10006800\/TalkPal\/\"],\"description\":\"Talkpal is a language learning web and mobile education app, powered by the latest AI technologies, that provides engaging experiences to its customers in many different languages to help them improve their language skills. Users can chat about unlimited amount of topics with the app and use other modes to practice their language learning.\",\"email\":\"support@talkpal.ai\",\"legalName\":\"Talkpal, Inc.\",\"foundingDate\":\"2023-04-03\",\"duns\":\"118989042\",\"numberOfEmployees\":{\"@type\":\"QuantitativeValue\",\"minValue\":\"11\",\"maxValue\":\"50\"},\"publishingPrinciples\":\"https:\/\/talkpal.ai\/publishing-principles\/\",\"actionableFeedbackPolicy\":\"https:\/\/talkpal.ai\/actionable-feedback-policy\/\",\"correctionsPolicy\":\"https:\/\/talkpal.ai\/corrections-policy\/\",\"ethicsPolicy\":\"https:\/\/talkpal.ai\/ethics-policy\/\",\"diversityPolicy\":\"https:\/\/talkpal.ai\/diversity-policy\/\",\"diversityStaffingReport\":\"https:\/\/talkpal.ai\/diversity-policy\/\"}]}<\/script>\n<!-- \/ Yoast SEO Premium plugin. -->","yoast_head_json":{"title":"Burman kielioppi - Talkpal","description":"Opettele burman kielioppis\u00e4\u00e4nt\u00f6j\u00e4 ja lauserakenteita sujuvuuden parantamiseksi kattavan kielenoppaamme avulla.","robots":{"index":"index","follow":"follow","max-snippet":"max-snippet:-1","max-image-preview":"max-image-preview:large","max-video-preview":"max-video-preview:-1"},"canonical":"https:\/\/talkpal.ai\/fi\/burman-kielioppi\/","og_locale":"fi_FI","og_type":"article","og_title":"Burman kielioppi","og_description":"Burman kieliopin koukeroiden navigointi Burma, tiibetil\u00e4is-burmalainen kieli, jolla on rikas historia ja kulttuurinen merkitys, tarjoaa j\u00e4nnitt\u00e4v\u00e4n","og_url":"https:\/\/talkpal.ai\/fi\/burman-kielioppi\/","og_site_name":"Talkpal","article_publisher":"https:\/\/www.facebook.com\/profile.php?id=100090733639311","article_modified_time":"2025-12-30T15:19:20+00:00","og_image":[{"width":2880,"height":1620,"url":"https:\/\/talkpal.ai\/wp-content\/uploads\/2025\/02\/Progress-tab-16_9.png","type":"image\/png"}],"twitter_card":"summary_large_image","twitter_site":"@talkpalai","twitter_misc":{"Arvioitu lukuaika":"2 minuuttia"},"schema":{"@context":"https:\/\/schema.org","@graph":[{"@type":"WebPage","@id":"https:\/\/talkpal.ai\/fi\/burman-kielioppi\/","url":"https:\/\/talkpal.ai\/fi\/burman-kielioppi\/","name":"Burman kielioppi - Talkpal","isPartOf":{"@id":"https:\/\/talkpal.ai\/fi\/#website"},"datePublished":"2025-11-11T16:16:27+00:00","dateModified":"2025-12-30T15:19:20+00:00","description":"Opettele burman kielioppis\u00e4\u00e4nt\u00f6j\u00e4 ja lauserakenteita sujuvuuden parantamiseksi kattavan kielenoppaamme avulla.","breadcrumb":{"@id":"https:\/\/talkpal.ai\/fi\/burman-kielioppi\/#breadcrumb"},"inLanguage":"fi","potentialAction":[{"@type":"ReadAction","target":["https:\/\/talkpal.ai\/fi\/burman-kielioppi\/"]}]},{"@type":"BreadcrumbList","@id":"https:\/\/talkpal.ai\/fi\/burman-kielioppi\/#breadcrumb","itemListElement":[{"@type":"ListItem","position":1,"name":"Homepage","item":"https:\/\/talkpal.ai\/fi\/"},{"@type":"ListItem","position":2,"name":"Burman kielioppi"}]},{"@type":"WebSite","@id":"https:\/\/talkpal.ai\/fi\/#website","url":"https:\/\/talkpal.ai\/fi\/","name":"Talkpal","description":"AI Language Learning","publisher":{"@id":"https:\/\/talkpal.ai\/fi\/#organization"},"alternateName":"Talkpal AI","potentialAction":[{"@type":"SearchAction","target":{"@type":"EntryPoint","urlTemplate":"https:\/\/talkpal.ai\/fi\/?s={search_term_string}"},"query-input":{"@type":"PropertyValueSpecification","valueRequired":true,"valueName":"search_term_string"}}],"inLanguage":"fi"},{"@type":"Organization","@id":"https:\/\/talkpal.ai\/fi\/#organization","name":"Talkpal, Inc.","alternateName":"Talkpal AI","url":"https:\/\/talkpal.ai\/fi\/","logo":{"@type":"ImageObject","inLanguage":"fi","@id":"https:\/\/talkpal.ai\/fi\/#\/schema\/logo\/image\/","url":"https:\/\/talkpal.ai\/wp-content\/uploads\/2024\/03\/Talkpal-Logo-Icon.png","contentUrl":"https:\/\/talkpal.ai\/wp-content\/uploads\/2024\/03\/Talkpal-Logo-Icon.png","width":2880,"height":2880,"caption":"Talkpal, Inc."},"image":{"@id":"https:\/\/talkpal.ai\/fi\/#\/schema\/logo\/image\/"},"sameAs":["https:\/\/www.facebook.com\/profile.php?id=100090733639311","https:\/\/x.com\/talkpalai","https:\/\/www.linkedin.com\/company\/talkpal\/","https:\/\/www.youtube.com\/@TalkPal\/","https:\/\/www.tiktok.com\/@talkpal","https:\/\/www.instagram.com\/talkpal_ai\/","https:\/\/www.crunchbase.com\/organization\/talkpal-9cde","https:\/\/www.g2.com\/products\/talkpal-for-business\/","https:\/\/www.trustpilot.com\/review\/talkpal.ai","https:\/\/www.capterra.com\/p\/10006800\/TalkPal\/"],"description":"Talkpal is a language learning web and mobile education app, powered by the latest AI technologies, that provides engaging experiences to its customers in many different languages to help them improve their language skills. Users can chat about unlimited amount of topics with the app and use other modes to practice their language learning.","email":"support@talkpal.ai","legalName":"Talkpal, Inc.","foundingDate":"2023-04-03","duns":"118989042","numberOfEmployees":{"@type":"QuantitativeValue","minValue":"11","maxValue":"50"},"publishingPrinciples":"https:\/\/talkpal.ai\/publishing-principles\/","actionableFeedbackPolicy":"https:\/\/talkpal.ai\/actionable-feedback-policy\/","correctionsPolicy":"https:\/\/talkpal.ai\/corrections-policy\/","ethicsPolicy":"https:\/\/talkpal.ai\/ethics-policy\/","diversityPolicy":"https:\/\/talkpal.ai\/diversity-policy\/","diversityStaffingReport":"https:\/\/talkpal.ai\/diversity-policy\/"}]}},"_links":{"self":[{"href":"https:\/\/talkpal.ai\/fi\/wp-json\/wp\/v2\/pages\/1467031","targetHints":{"allow":["GET"]}}],"collection":[{"href":"https:\/\/talkpal.ai\/fi\/wp-json\/wp\/v2\/pages"}],"about":[{"href":"https:\/\/talkpal.ai\/fi\/wp-json\/wp\/v2\/types\/page"}],"author":[{"embeddable":true,"href":"https:\/\/talkpal.ai\/fi\/wp-json\/wp\/v2\/users\/20"}],"replies":[{"embeddable":true,"href":"https:\/\/talkpal.ai\/fi\/wp-json\/wp\/v2\/comments?post=1467031"}],"version-history":[{"count":0,"href":"https:\/\/talkpal.ai\/fi\/wp-json\/wp\/v2\/pages\/1467031\/revisions"}],"wp:attachment":[{"href":"https:\/\/talkpal.ai\/fi\/wp-json\/wp\/v2\/media?parent=1467031"}],"curies":[{"name":"wp","href":"https:\/\/api.w.org\/{rel}","templated":true}]}}