{"id":1466979,"date":"2025-11-11T15:33:20","date_gmt":"2025-11-11T15:33:20","guid":{"rendered":"https:\/\/talkpal.ai\/baskien-kielioppiharjoitukset\/"},"modified":"2025-12-30T15:06:41","modified_gmt":"2025-12-30T15:06:41","slug":"baskien-kielioppiharjoitukset","status":"publish","type":"page","link":"https:\/\/talkpal.ai\/fi\/baskien-kielioppiharjoitukset\/","title":{"rendered":"Baskien kielioppiharjoitukset"},"content":{"rendered":"\r\n\r\n\r\n<section class=\"languageChallengeSection\">\r\n    <div class=\"languageInfoWrapper\">\r\n        \r\n        <h1>Baskien kielioppiharjoitukset<\/h1>\r\n        <p>Oletko valmis sukeltamaan baskien kielioppiin? Muutamien perusasioiden harjoittelu auttaa sinua oppimaan t\u00e4m\u00e4n ainutlaatuisen ja kauniin kielen. Kokeile n\u00e4it\u00e4 harjoituksia itseluottamuksen lis\u00e4\u00e4miseksi ja pid\u00e4 hauskaa matkan varrella!<\/p>\r\n\r\n                            <a class=\"getStartedHidden\" href=\"https:\/\/app.talkpal.ai\/fi\/signup?lng=\">Aloita<\/a>\r\n        \r\n    <\/div>\r\n\r\n    <figure>\r\n    <img decoding=\"async\" width=\"768\" height=\"768\" src=\"https:\/\/talkpal.ai\/wp-content\/uploads\/2023\/06\/welsh-768x768.png\" class=\"languageImage no-lazy\" alt=\"Default alt text\" fetchpriority=\"high\" sizes=\"(max-width: 768px) 150px, 768px\" srcset=\"https:\/\/talkpal.ai\/wp-content\/uploads\/2023\/06\/welsh-768x768.png 768w, https:\/\/talkpal.ai\/wp-content\/uploads\/2023\/06\/welsh-300x300.png 300w\" \/>\r\n    \r\n\r\n    <\/figure>\r\n\r\n            <a class=\"getStartedVisible\" href=\"https:\/\/app.talkpal.ai\/fi\/signup?lng=\">Aloita<\/a>\r\n    \r\n<\/section><section class=\"promotionalBanner\">\r\n    <p class=\"promotionalText\">Tehokkain tapa oppia kielt\u00e4<\/p>\r\n    <a class=\"promotionalLink\" href=\"https:\/\/app.talkpal.ai\/fi\/signup?lng=\">Kokeile Talkpal ilmaiseksi<\/a>\r\n<\/section>\n<div class=\"wp-block-group pageContainerStyle\"><div class=\"wp-block-group__inner-container is-layout-constrained wp-block-group-is-layout-constrained\">\n<h2 class=\"wp-block-heading\" id=\"h-basque-grammar-topics\">Baskien kieliopin aiheet<\/h2>\n\n\n\n<p><a href=\"https:\/\/talkpal.ai\/fi\/suurimmat-virheet-joita-kannattaa-valttaa-uuden-kielen-oppimisessa\/\">Uuden kielen oppiminen<\/a> Uuden <a href=\"https:\/\/talkpal.ai\/fi\/paras-tapa-oppia-2\/\">kielen oppiminen<\/a> voi olla haastavaa mutta palkitsevaa yrityst\u00e4. <a href=\"https:\/\/talkpal.ai\/learn-basque\/\">Baski<\/a>, Baskimaassa puhuttu kieli, ei ole poikkeus. Ainutlaatuisten ominaisuuksiensa ja rakenteidensa ansiosta, mukaan lukien ergatiivisuus ja laaja tapausj\u00e4rjestelm\u00e4, baskikielen <a href=\"https:\/\/talkpal.ai\/fi\/talkpal-for-education\/\">oppiminen<\/a> vaatii systemaattista l\u00e4hestymistapaa sen kieliopin ymm\u00e4rt\u00e4miseen. T\u00e4ss\u00e4 oppaassa hahmotellaan<a href=\"https:\/\/talkpal.ai\/fi\/baskien-kielioppi\/\"> baskikieliopin <\/a>keskeiset osa-alueet <a href=\"https:\/\/talkpal.ai\/fi\/tekoaly-chatbot-kielten-oppimiseen\/\">kielenoppimisen<\/a> loogisessa j\u00e4rjestyksess\u00e4 alkaen perusasioista, kuten substantiiveista ja artikkeleista, ja etenem\u00e4ll\u00e4 monimutkaisempiin alueisiin, kuten aikamuotoihin ja lauseenrakenteeseen.<\/p>\n\n\n\n<h3 class=\"wp-block-heading\" id=\"h-1-nouns\">1. Substantiivit:<\/h3>\n\n\n\n<p>Aloita baskin kielen matkasi opettelemalla substantiiveja. T\u00e4h\u00e4n sis\u00e4ltyy yleisten ja erisnimien ymm\u00e4rt\u00e4minen, kuinka luku ja m\u00e4\u00e4r\u00e4isyys merkit\u00e4\u00e4n j\u00e4lkiliitteill\u00e4 ja miten sijap\u00e4\u00e4tteet toimivat sellaisissa rooleissa kuin absolutiivinen, ergatiivinen ja datiivi.<\/p>\n\n\n\n<h3 class=\"wp-block-heading\" id=\"h-2-articles\">2. Artiklat:<\/h3>\n\n\n\n<p>Baskinkieliset artikkelit toimivat eri tavalla kuin <a href=\"https:\/\/talkpal.ai\/ai-english-speaking-practice\/\">englanninkieliset<\/a>. M\u00e4\u00e4r\u00e4inen artikkeli on substantiiviin liitetty j\u00e4lkiliite, eik\u00e4 todellista ep\u00e4m\u00e4\u00e4r\u00e4ist\u00e4 artikkelia ole olemassa. M\u00e4\u00e4r\u00e4isyyden ja numeron merkitsemisen hallitseminen on ratkaisevan t\u00e4rke\u00e4\u00e4 lauseen rakentamisessa.<\/p>\n\n\n\n<h3 class=\"wp-block-heading\" id=\"h-3-adjectives\">3. Adjektiivit:<\/h3>\n\n\n\n<p>Baskiksi adjektiivit seuraavat tyypillisesti substantiivejaan. Opi, miten artikkeli kiinnittyy koko substantiivilausekkeen loppuun, ja miten muodostaa komparatiivit ja superlatiivit, esimerkiksi -ago vertailevalle ja -en superlatiivin artikkelille.<\/p>\n\n\n\n<h3 class=\"wp-block-heading\" id=\"h-4-pronouns-determiners\">4. Pronominit\/m\u00e4\u00e4ritteet:<\/h3>\n\n\n\n<p>Pronominit ja determinaattorit ovat olennaisia baskiksi; Ne korvaavat substantiivit ja antavat tietoa m\u00e4\u00e4r\u00e4st\u00e4, hallussapidosta ja muusta. Kiinnit\u00e4 huomiota possessiivisiin m\u00e4\u00e4ritteisiin ja siihen, miten henkil\u00f6 ja luku heijastuvat apuverbiss\u00e4.<\/p>\n\n\n\n<h3 class=\"wp-block-heading\" id=\"h-5-verbs\">5. Verbit:<\/h3>\n\n\n\n<p>Baskiverbit ovat suurelta osin perifrastisia, ja niiss\u00e4 k\u00e4ytet\u00e4\u00e4n apusanoja, jotka ovat sopusoinnussa subjektin ja objektien kanssa. Aloita yleisten apusanojen ja p\u00e4\u00e4verbien partisiippien preesensist\u00e4 ja tutki sitten v\u00e4hitellen menneisyytt\u00e4 ja tulevaisuutta sek\u00e4 imperatiivisia muotoja.<\/p>\n\n\n\n<h3 class=\"wp-block-heading\" id=\"h-6-tenses\">6. Aikamuodot:<\/h3>\n\n\n\n<p>Kun olet oppinut verbimuodot, syvenny baskikielen aikamuotoon ja aspektiin. Ymm\u00e4rr\u00e4, miten nykyisyytt\u00e4, menneisyytt\u00e4 ja tulevaisuutta ilmaistaan apu- ja partisiipeilla ja miten aspektierot vaikuttavat k\u00e4ytt\u00f6\u00f6n eri yhteyksiss\u00e4.<\/p>\n\n\n\n<h3 class=\"wp-block-heading\" id=\"h-7-tense-comparison\">7. J\u00e4nnittynyt vertailu:<\/h3>\n\n\n\n<p>Baskikielen aikamuotojen vertailu auttaa ymm\u00e4rt\u00e4m\u00e4\u00e4n tapahtumien kulkua. Saman verbilauseen vertaaminen nykyisen, menneisyyden ja tulevaisuuden apusanojen v\u00e4lill\u00e4 antaa paremman k\u00e4sityksen siit\u00e4, kuinka <a href=\"https:\/\/talkpal.ai\/learn-basque\/\">baski<\/a> k\u00e4sittelee aikaa ja n\u00e4k\u00f6kulmaa.<\/p>\n\n\n\n<h3 class=\"wp-block-heading\" id=\"h-8-progressive\">8. Progressiivinen:<\/h3>\n\n\n\n<p>Baskiksi progressiivista k\u00e4ytet\u00e4\u00e4n ilmaisemaan meneill\u00e4\u00e4n olevia toimia. Se muodostetaan verbin -tzen-muodossa yhdess\u00e4 ari izanin kanssa apusanana.<\/p>\n\n\n\n<h3 class=\"wp-block-heading\" id=\"h-9-perfect-progressive\">9. T\u00e4ydellinen progressiivinen:<\/h3>\n\n\n\n<p>T\u00e4t\u00e4 k\u00e4ytet\u00e4\u00e4n ilmaisemaan toimia, jotka ovat olleet k\u00e4ynniss\u00e4 tiettyyn pisteeseen <a href=\"https:\/\/talkpal.ai\/locations\/language-courses-in-asti\/\">asti<\/a>. Baskiksi se muodostetaan izanin perfektist\u00e4 yhdess\u00e4 arin ja p\u00e4\u00e4verbin -tzen-muodon kanssa.<\/p>\n\n\n\n<h3 class=\"wp-block-heading\" id=\"h-10-conditionals\">10. Konditionaalit:<\/h3>\n\n\n\n<p>Konditionaalit ilmaisevat hypoteettisia tilanteita ja niiden mahdollisia tuloksia. Baskiksi ne muodostetaan ehdollisista apusanoista ja ba-lauseista, ja ne lis\u00e4\u00e4v\u00e4t vivahteita ja tarkkuutta kielitaitoosi.<\/p>\n\n\n\n<h3 class=\"wp-block-heading\" id=\"h-11-adverbs\">11. Adverbit:<\/h3>\n\n\n\n<p>Baskikielen <a href=\"https:\/\/talkpal.ai\/fi\/grammar\/paikan-tsekin-kielioppi-adverbit\/\">adverbit<\/a> muokkaavat verbej\u00e4, adjektiiveja <a href=\"https:\/\/talkpal.ai\/learn-thai\/\">tai<\/a> muita adverbej\u00e4. Ne tarjoavat tietoa tavasta, paikasta, ajasta, asteesta ja muusta, ja ne voidaan muodostaa yleisill\u00e4 adverbiaalisilla sanoilla tai p\u00e4\u00e4teill\u00e4, kuten -ki tai -z kontekstista riippuen.<\/p>\n\n\n\n<h3 class=\"wp-block-heading\" id=\"h-12-prepositions\">12. Prepositiot:<\/h3>\n\n\n\n<p>Baski k\u00e4ytt\u00e4\u00e4 ensisijaisesti postpositioita ja sijap\u00e4\u00e4tteit\u00e4 prepositioiden sijaan. Ne ilmaisevat ajan, paikan, suunnan ja muiden suhteita, ja ne ovat v\u00e4ltt\u00e4m\u00e4tt\u00f6mi\u00e4 sanojen ja lauseiden yhdist\u00e4misess\u00e4.<\/p>\n\n\n\n<h3 class=\"wp-block-heading\" id=\"h-13-sentences\">13. Lauseet:<\/h3>\n\n\n\n<p>Lopuksi harjoittele lauseiden rakentamista. T\u00e4m\u00e4 edellytt\u00e4\u00e4 kaikkien aiemmin opittujen kielioppikohtien k\u00e4ytt\u00e4mist\u00e4 kontekstissa, huomion kiinnitt\u00e4mist\u00e4 baskien tyypilliseen SOV-sanaj\u00e4rjestykseen, fokuksen sijoitteluun ja negaatioon, mik\u00e4 varmistaa baskikielen kattavan ymm\u00e4rt\u00e4misen.<\/p>\n<\/div><\/div>\n\r\n<section class=\"learnNavigationSection\">\r\n            \r\n        <a href=\"https:\/\/talkpal.ai\/fi\/opi-baskia\/\">\r\n            <div class=\"learnNavigationWrapper\">\r\n                <div class=\"learnNavigationContent\">\r\n                    <img decoding=\"async\" src=\"https:\/\/talkpal.ai\/wp-content\/uploads\/2025\/11\/Basque.png\" alt=\"Basque Flag\">\r\n                    <div>\r\n                        <h4>Tietoja Basque Learningista<\/h4>\r\n                        <p>Ota selv\u00e4\u00e4 baskikieliopista.<\/p>\r\n                    <\/div>\r\n                <\/div>\r\n            <\/div>\r\n        <\/a>\r\n\r\n        \r\n        <a href=\"https:\/\/talkpal.ai\/fi\/baskien-kielioppi\/\">\r\n            <div class=\"learnNavigationWrapper\">\r\n                <div class=\"learnNavigationContent\">\r\n                    <img decoding=\"async\" src=\"https:\/\/talkpal.ai\/wp-content\/uploads\/2025\/11\/Basque.png\" alt=\"Basque Flag\">\r\n                    <div>\r\n                        <h4>Baskien kieliopin oppitunnit<\/h4>\r\n                        <p>Harjoittele baskien kielioppia.<\/p>\r\n                    <\/div>\r\n                <\/div>\r\n            <\/div>\r\n        <\/a>\r\n\r\n            <\/section>","protected":false},"excerpt":{"rendered":"<p>Baskien kieliopin aiheet Uuden kielen oppiminen Uuden kielen oppiminen voi olla haastavaa mutta palkitsevaa yrityst\u00e4. Baski, Baskimaassa puhuttu kieli, ei ole poikkeus. Ainutlaatuisten ominaisuuksiensa ja rakenteidensa ansiosta, mukaan lukien ergatiivisuus ja laaja tapausj\u00e4rjestelm\u00e4, baskikielen oppiminen vaatii systemaattista l\u00e4hestymistapaa sen kieliopin ymm\u00e4rt\u00e4miseen. T\u00e4ss\u00e4 oppaassa hahmotellaan baskikieliopin keskeiset osa-alueet kielenoppimisen loogisessa j\u00e4rjestyksess\u00e4 alkaen perusasioista, kuten substantiiveista ja [&hellip;]<\/p>\n","protected":false},"author":20,"featured_media":0,"parent":0,"menu_order":0,"comment_status":"closed","ping_status":"closed","template":"LearningContentPage.php","meta":{"_acf_changed":false,"footnotes":""},"class_list":["post-1466979","page","type-page","status-publish","hentry"],"acf":[],"yoast_head":"<!-- This site is optimized with the Yoast SEO Premium plugin v27.2 (Yoast SEO v27.2) - https:\/\/yoast.com\/product\/yoast-seo-premium-wordpress\/ -->\n<title>Baskien kielioppiharjoitukset - Talkpal<\/title>\n<meta name=\"description\" content=\"Opettele baskin kielioppi ja tee harjoituksia, jotka kattavat substantiivit, verbit ja aikamuodot, jotta voit parantaa kielitaitoasi.\" \/>\n<meta name=\"robots\" content=\"index, follow, max-snippet:-1, max-image-preview:large, max-video-preview:-1\" \/>\n<link rel=\"canonical\" href=\"https:\/\/talkpal.ai\/fi\/baskien-kielioppiharjoitukset\/\" \/>\n<meta property=\"og:locale\" content=\"fi_FI\" \/>\n<meta property=\"og:type\" content=\"article\" \/>\n<meta property=\"og:title\" content=\"Baskien kielioppiharjoitukset\" \/>\n<meta property=\"og:description\" content=\"Baskien kieliopin aiheet Uuden kielen oppiminen Uuden kielen oppiminen voi olla haastavaa mutta palkitsevaa yrityst\u00e4. Baski, Baskimaassa puhuttu kieli, ei\" \/>\n<meta property=\"og:url\" content=\"https:\/\/talkpal.ai\/fi\/baskien-kielioppiharjoitukset\/\" \/>\n<meta property=\"og:site_name\" content=\"Talkpal\" \/>\n<meta property=\"article:publisher\" content=\"https:\/\/www.facebook.com\/profile.php?id=100090733639311\" \/>\n<meta property=\"article:modified_time\" content=\"2025-12-30T15:06:41+00:00\" \/>\n<meta property=\"og:image\" content=\"https:\/\/talkpal.ai\/wp-content\/uploads\/2025\/02\/Progress-tab-16_9.png\" \/>\n\t<meta property=\"og:image:width\" content=\"2880\" \/>\n\t<meta property=\"og:image:height\" content=\"1620\" \/>\n\t<meta property=\"og:image:type\" content=\"image\/png\" \/>\n<meta name=\"twitter:card\" content=\"summary_large_image\" \/>\n<meta name=\"twitter:site\" content=\"@talkpalai\" \/>\n<meta name=\"twitter:label1\" content=\"Arvioitu lukuaika\" \/>\n\t<meta name=\"twitter:data1\" content=\"2 minuuttia\" \/>\n<script type=\"application\/ld+json\" class=\"yoast-schema-graph\">{\"@context\":\"https:\/\/schema.org\",\"@graph\":[{\"@type\":\"WebPage\",\"@id\":\"https:\/\/talkpal.ai\/fi\/baskien-kielioppiharjoitukset\/\",\"url\":\"https:\/\/talkpal.ai\/fi\/baskien-kielioppiharjoitukset\/\",\"name\":\"Baskien kielioppiharjoitukset - Talkpal\",\"isPartOf\":{\"@id\":\"https:\/\/talkpal.ai\/fi\/#website\"},\"datePublished\":\"2025-11-11T15:33:20+00:00\",\"dateModified\":\"2025-12-30T15:06:41+00:00\",\"description\":\"Opettele baskin kielioppi ja tee harjoituksia, jotka kattavat substantiivit, verbit ja aikamuodot, jotta voit parantaa kielitaitoasi.\",\"breadcrumb\":{\"@id\":\"https:\/\/talkpal.ai\/fi\/baskien-kielioppiharjoitukset\/#breadcrumb\"},\"inLanguage\":\"fi\",\"potentialAction\":[{\"@type\":\"ReadAction\",\"target\":[\"https:\/\/talkpal.ai\/fi\/baskien-kielioppiharjoitukset\/\"]}]},{\"@type\":\"BreadcrumbList\",\"@id\":\"https:\/\/talkpal.ai\/fi\/baskien-kielioppiharjoitukset\/#breadcrumb\",\"itemListElement\":[{\"@type\":\"ListItem\",\"position\":1,\"name\":\"Homepage\",\"item\":\"https:\/\/talkpal.ai\/fi\/\"},{\"@type\":\"ListItem\",\"position\":2,\"name\":\"Baskien kielioppiharjoitukset\"}]},{\"@type\":\"WebSite\",\"@id\":\"https:\/\/talkpal.ai\/fi\/#website\",\"url\":\"https:\/\/talkpal.ai\/fi\/\",\"name\":\"Talkpal\",\"description\":\"AI Language Learning\",\"publisher\":{\"@id\":\"https:\/\/talkpal.ai\/fi\/#organization\"},\"alternateName\":\"Talkpal AI\",\"potentialAction\":[{\"@type\":\"SearchAction\",\"target\":{\"@type\":\"EntryPoint\",\"urlTemplate\":\"https:\/\/talkpal.ai\/fi\/?s={search_term_string}\"},\"query-input\":{\"@type\":\"PropertyValueSpecification\",\"valueRequired\":true,\"valueName\":\"search_term_string\"}}],\"inLanguage\":\"fi\"},{\"@type\":\"Organization\",\"@id\":\"https:\/\/talkpal.ai\/fi\/#organization\",\"name\":\"Talkpal, Inc.\",\"alternateName\":\"Talkpal AI\",\"url\":\"https:\/\/talkpal.ai\/fi\/\",\"logo\":{\"@type\":\"ImageObject\",\"inLanguage\":\"fi\",\"@id\":\"https:\/\/talkpal.ai\/fi\/#\/schema\/logo\/image\/\",\"url\":\"https:\/\/talkpal.ai\/wp-content\/uploads\/2024\/03\/Talkpal-Logo-Icon.png\",\"contentUrl\":\"https:\/\/talkpal.ai\/wp-content\/uploads\/2024\/03\/Talkpal-Logo-Icon.png\",\"width\":2880,\"height\":2880,\"caption\":\"Talkpal, Inc.\"},\"image\":{\"@id\":\"https:\/\/talkpal.ai\/fi\/#\/schema\/logo\/image\/\"},\"sameAs\":[\"https:\/\/www.facebook.com\/profile.php?id=100090733639311\",\"https:\/\/x.com\/talkpalai\",\"https:\/\/www.linkedin.com\/company\/talkpal\/\",\"https:\/\/www.youtube.com\/@TalkPal\/\",\"https:\/\/www.tiktok.com\/@talkpal\",\"https:\/\/www.instagram.com\/talkpal_ai\/\",\"https:\/\/www.crunchbase.com\/organization\/talkpal-9cde\",\"https:\/\/www.g2.com\/products\/talkpal-for-business\/\",\"https:\/\/www.trustpilot.com\/review\/talkpal.ai\",\"https:\/\/www.capterra.com\/p\/10006800\/TalkPal\/\"],\"description\":\"Talkpal is a language learning web and mobile education app, powered by the latest AI technologies, that provides engaging experiences to its customers in many different languages to help them improve their language skills. Users can chat about unlimited amount of topics with the app and use other modes to practice their language learning.\",\"email\":\"support@talkpal.ai\",\"legalName\":\"Talkpal, Inc.\",\"foundingDate\":\"2023-04-03\",\"duns\":\"118989042\",\"numberOfEmployees\":{\"@type\":\"QuantitativeValue\",\"minValue\":\"11\",\"maxValue\":\"50\"},\"publishingPrinciples\":\"https:\/\/talkpal.ai\/publishing-principles\/\",\"actionableFeedbackPolicy\":\"https:\/\/talkpal.ai\/actionable-feedback-policy\/\",\"correctionsPolicy\":\"https:\/\/talkpal.ai\/corrections-policy\/\",\"ethicsPolicy\":\"https:\/\/talkpal.ai\/ethics-policy\/\",\"diversityPolicy\":\"https:\/\/talkpal.ai\/diversity-policy\/\",\"diversityStaffingReport\":\"https:\/\/talkpal.ai\/diversity-policy\/\"}]}<\/script>\n<!-- \/ Yoast SEO Premium plugin. -->","yoast_head_json":{"title":"Baskien kielioppiharjoitukset - Talkpal","description":"Opettele baskin kielioppi ja tee harjoituksia, jotka kattavat substantiivit, verbit ja aikamuodot, jotta voit parantaa kielitaitoasi.","robots":{"index":"index","follow":"follow","max-snippet":"max-snippet:-1","max-image-preview":"max-image-preview:large","max-video-preview":"max-video-preview:-1"},"canonical":"https:\/\/talkpal.ai\/fi\/baskien-kielioppiharjoitukset\/","og_locale":"fi_FI","og_type":"article","og_title":"Baskien kielioppiharjoitukset","og_description":"Baskien kieliopin aiheet Uuden kielen oppiminen Uuden kielen oppiminen voi olla haastavaa mutta palkitsevaa yrityst\u00e4. Baski, Baskimaassa puhuttu kieli, ei","og_url":"https:\/\/talkpal.ai\/fi\/baskien-kielioppiharjoitukset\/","og_site_name":"Talkpal","article_publisher":"https:\/\/www.facebook.com\/profile.php?id=100090733639311","article_modified_time":"2025-12-30T15:06:41+00:00","og_image":[{"width":2880,"height":1620,"url":"https:\/\/talkpal.ai\/wp-content\/uploads\/2025\/02\/Progress-tab-16_9.png","type":"image\/png"}],"twitter_card":"summary_large_image","twitter_site":"@talkpalai","twitter_misc":{"Arvioitu lukuaika":"2 minuuttia"},"schema":{"@context":"https:\/\/schema.org","@graph":[{"@type":"WebPage","@id":"https:\/\/talkpal.ai\/fi\/baskien-kielioppiharjoitukset\/","url":"https:\/\/talkpal.ai\/fi\/baskien-kielioppiharjoitukset\/","name":"Baskien kielioppiharjoitukset - Talkpal","isPartOf":{"@id":"https:\/\/talkpal.ai\/fi\/#website"},"datePublished":"2025-11-11T15:33:20+00:00","dateModified":"2025-12-30T15:06:41+00:00","description":"Opettele baskin kielioppi ja tee harjoituksia, jotka kattavat substantiivit, verbit ja aikamuodot, jotta voit parantaa kielitaitoasi.","breadcrumb":{"@id":"https:\/\/talkpal.ai\/fi\/baskien-kielioppiharjoitukset\/#breadcrumb"},"inLanguage":"fi","potentialAction":[{"@type":"ReadAction","target":["https:\/\/talkpal.ai\/fi\/baskien-kielioppiharjoitukset\/"]}]},{"@type":"BreadcrumbList","@id":"https:\/\/talkpal.ai\/fi\/baskien-kielioppiharjoitukset\/#breadcrumb","itemListElement":[{"@type":"ListItem","position":1,"name":"Homepage","item":"https:\/\/talkpal.ai\/fi\/"},{"@type":"ListItem","position":2,"name":"Baskien kielioppiharjoitukset"}]},{"@type":"WebSite","@id":"https:\/\/talkpal.ai\/fi\/#website","url":"https:\/\/talkpal.ai\/fi\/","name":"Talkpal","description":"AI Language Learning","publisher":{"@id":"https:\/\/talkpal.ai\/fi\/#organization"},"alternateName":"Talkpal AI","potentialAction":[{"@type":"SearchAction","target":{"@type":"EntryPoint","urlTemplate":"https:\/\/talkpal.ai\/fi\/?s={search_term_string}"},"query-input":{"@type":"PropertyValueSpecification","valueRequired":true,"valueName":"search_term_string"}}],"inLanguage":"fi"},{"@type":"Organization","@id":"https:\/\/talkpal.ai\/fi\/#organization","name":"Talkpal, Inc.","alternateName":"Talkpal AI","url":"https:\/\/talkpal.ai\/fi\/","logo":{"@type":"ImageObject","inLanguage":"fi","@id":"https:\/\/talkpal.ai\/fi\/#\/schema\/logo\/image\/","url":"https:\/\/talkpal.ai\/wp-content\/uploads\/2024\/03\/Talkpal-Logo-Icon.png","contentUrl":"https:\/\/talkpal.ai\/wp-content\/uploads\/2024\/03\/Talkpal-Logo-Icon.png","width":2880,"height":2880,"caption":"Talkpal, Inc."},"image":{"@id":"https:\/\/talkpal.ai\/fi\/#\/schema\/logo\/image\/"},"sameAs":["https:\/\/www.facebook.com\/profile.php?id=100090733639311","https:\/\/x.com\/talkpalai","https:\/\/www.linkedin.com\/company\/talkpal\/","https:\/\/www.youtube.com\/@TalkPal\/","https:\/\/www.tiktok.com\/@talkpal","https:\/\/www.instagram.com\/talkpal_ai\/","https:\/\/www.crunchbase.com\/organization\/talkpal-9cde","https:\/\/www.g2.com\/products\/talkpal-for-business\/","https:\/\/www.trustpilot.com\/review\/talkpal.ai","https:\/\/www.capterra.com\/p\/10006800\/TalkPal\/"],"description":"Talkpal is a language learning web and mobile education app, powered by the latest AI technologies, that provides engaging experiences to its customers in many different languages to help them improve their language skills. Users can chat about unlimited amount of topics with the app and use other modes to practice their language learning.","email":"support@talkpal.ai","legalName":"Talkpal, Inc.","foundingDate":"2023-04-03","duns":"118989042","numberOfEmployees":{"@type":"QuantitativeValue","minValue":"11","maxValue":"50"},"publishingPrinciples":"https:\/\/talkpal.ai\/publishing-principles\/","actionableFeedbackPolicy":"https:\/\/talkpal.ai\/actionable-feedback-policy\/","correctionsPolicy":"https:\/\/talkpal.ai\/corrections-policy\/","ethicsPolicy":"https:\/\/talkpal.ai\/ethics-policy\/","diversityPolicy":"https:\/\/talkpal.ai\/diversity-policy\/","diversityStaffingReport":"https:\/\/talkpal.ai\/diversity-policy\/"}]}},"_links":{"self":[{"href":"https:\/\/talkpal.ai\/fi\/wp-json\/wp\/v2\/pages\/1466979","targetHints":{"allow":["GET"]}}],"collection":[{"href":"https:\/\/talkpal.ai\/fi\/wp-json\/wp\/v2\/pages"}],"about":[{"href":"https:\/\/talkpal.ai\/fi\/wp-json\/wp\/v2\/types\/page"}],"author":[{"embeddable":true,"href":"https:\/\/talkpal.ai\/fi\/wp-json\/wp\/v2\/users\/20"}],"replies":[{"embeddable":true,"href":"https:\/\/talkpal.ai\/fi\/wp-json\/wp\/v2\/comments?post=1466979"}],"version-history":[{"count":0,"href":"https:\/\/talkpal.ai\/fi\/wp-json\/wp\/v2\/pages\/1466979\/revisions"}],"wp:attachment":[{"href":"https:\/\/talkpal.ai\/fi\/wp-json\/wp\/v2\/media?parent=1466979"}],"curies":[{"name":"wp","href":"https:\/\/api.w.org\/{rel}","templated":true}]}}